{"id":2622,"date":"2025-01-03T03:07:12","date_gmt":"2025-01-03T03:07:12","guid":{"rendered":"https:\/\/fmp-components.com\/?page_id=8"},"modified":"2025-01-03T03:24:45","modified_gmt":"2025-01-03T03:24:45","slug":"square-baler-gearbox-fmp-fk157-for-straw-chopper","status":"publish","type":"product","link":"https:\/\/fmp-components.com\/vi\/product\/square-baler-gearbox-fmp-fk157-for-straw-chopper\/","title":{"rendered":"H\u1ed9p s\u1ed1 m\u00e1y \u0111\u00f3ng ki\u1ec7n vu\u00f4ng FMP-FK157 cho m\u00e1y b\u0103m r\u01a1m"},"content":{"rendered":"<h2>K\u00edch th\u01b0\u1edbc h\u1ed9p s\u1ed1 m\u00e1y \u0111\u00f3ng ki\u1ec7n vu\u00f4ng FMP-FK157<\/h2>\n<p><img loading=\"lazy\" decoding=\"async\" class=\"alignnone size-full wp-image-2623\" src=\"https:\/\/fmp-components.com\/wp-content\/uploads\/2025\/01\/Square-Baler-Gearbox-FMP-FK157-Dimensions.webp\" alt=\"H\u1ed9p s\u1ed1 Square Baler-FMP-FK157-K\u00edch th\u01b0\u1edbc\" width=\"1186\" height=\"816\" title=\"\" srcset=\"https:\/\/fmp-components.com\/wp-content\/uploads\/2025\/01\/Square-Baler-Gearbox-FMP-FK157-Dimensions.webp 1186w, https:\/\/fmp-components.com\/wp-content\/uploads\/2025\/01\/Square-Baler-Gearbox-FMP-FK157-Dimensions-980x674.webp 980w, https:\/\/fmp-components.com\/wp-content\/uploads\/2025\/01\/Square-Baler-Gearbox-FMP-FK157-Dimensions-480x330.webp 480w\" sizes=\"(min-width: 0px) and (max-width: 480px) 480px, (min-width: 481px) and (max-width: 980px) 980px, (min-width: 981px) 1186px, 100vw\" \/><\/p>\n<h2>K\u00edch th\u01b0\u1edbc tr\u1ee5c h\u1ed9p s\u1ed1 m\u00e1y \u0111\u00f3ng ki\u1ec7n vu\u00f4ng FMP-FK157<\/h2>\n<p><img loading=\"lazy\" decoding=\"async\" class=\"alignnone size-full wp-image-2624\" src=\"https:\/\/fmp-components.com\/wp-content\/uploads\/2025\/01\/Square-Baler-Gearbox-FMP-FK157-Shaft-Dimensions.webp\" alt=\"K\u00edch th\u01b0\u1edbc h\u1ed9p s\u1ed1 Square Baler FMP FK157\" width=\"1371\" height=\"414\" title=\"\" srcset=\"https:\/\/fmp-components.com\/wp-content\/uploads\/2025\/01\/Square-Baler-Gearbox-FMP-FK157-Shaft-Dimensions.webp 1371w, https:\/\/fmp-components.com\/wp-content\/uploads\/2025\/01\/Square-Baler-Gearbox-FMP-FK157-Shaft-Dimensions-1280x387.webp 1280w, https:\/\/fmp-components.com\/wp-content\/uploads\/2025\/01\/Square-Baler-Gearbox-FMP-FK157-Shaft-Dimensions-980x296.webp 980w, https:\/\/fmp-components.com\/wp-content\/uploads\/2025\/01\/Square-Baler-Gearbox-FMP-FK157-Shaft-Dimensions-480x145.webp 480w\" sizes=\"(min-width: 0px) and (max-width: 480px) 480px, (min-width: 481px) and (max-width: 980px) 980px, (min-width: 981px) and (max-width: 1280px) 1280px, (min-width: 1281px) 1371px, 100vw\" \/><\/p>\n<h2>D\u1eef li\u1ec7u k\u1ef9 thu\u1eadt c\u1ee7a h\u1ed9p s\u1ed1 m\u00e1y \u0111\u00f3ng ki\u1ec7n vu\u00f4ng FMP-FK157<\/h2>\n<table style=\"width: 100.77%; height: 141px;\" border=\"1\" cellspacing=\"0\" cellpadding=\"0\">\n<tbody>\n<tr>\n<td colspan=\"2\" rowspan=\"2\">T\u00f4i<\/td>\n<td rowspan=\"2\">Th\u00edch h\u1ee3p<\/td>\n<td>\u0110\u1ea7u v\u00e0o v\u00f2ng\/ph\u00fat<\/td>\n<td>\u0110\u1ea7u ra v\u00f2ng\/ph\u00fat<\/td>\n<td>KW(T\u00ean)<\/td>\n<td>KW(T\u1ed1i \u0111a)<\/td>\n<td rowspan=\"2\">m\u1ecdc r\u0103ng<\/td>\n<\/tr>\n<tr>\n<td>v\u00f2ng\/ph\u00fat<\/td>\n<td>v\u00f2ng\/ph\u00fat<\/td>\n<td>m\u00e3 l\u1ef1c<\/td>\n<td>m\u00e3 l\u1ef1c<\/td>\n<\/tr>\n<tr>\n<td>T\u0103ng t\u1ed1c \u0111\u1ed9<\/td>\n<td>1:2.46<\/td>\n<td rowspan=\"2\">M\u00e1y b\u0103m r\u01a1m, v.v.<\/td>\n<td>540<\/td>\n<td>1328.4<\/td>\n<td>180<\/td>\n<td>700<\/td>\n<td rowspan=\"2\">Gleason Helical<br \/>\nR\u0103ng<\/td>\n<\/tr>\n<tr>\n<td>T\u0103ng t\u1ed1c \u0111\u1ed9<\/td>\n<td>1:2.07<\/td>\n<td>720<\/td>\n<td>1190.4<\/td>\n<td>180<\/td>\n<td>700<\/td>\n<\/tr>\n<tr>\n<td colspan=\"8\">L\u01b0u \u00fd: N\u1ebfu b\u1ea1n c\u00f3 b\u1ea5t k\u1ef3 y\u00eau c\u1ea7u \u0111\u1eb7c bi\u1ec7t n\u00e0o, vui l\u00f2ng cho t\u00f4i bi\u1ebft, ch\u00fang t\u00f4i c\u0169ng ch\u1ea5p nh\u1eadn t\u00f9y ch\u1ec9nh.<\/td>\n<\/tr>\n<\/tbody>\n<\/table>\n<h3>Linh ki\u1ec7n h\u1ed9p s\u1ed1 m\u00e1y \u0111\u00f3ng ki\u1ec7n vu\u00f4ng FMP-FK157 cho m\u00e1y b\u0103m r\u01a1m<\/h3>\n<p>H\u1ed9p s\u1ed1 m\u00e1y \u0111\u00f3ng ki\u1ec7n vu\u00f4ng FMP-FK157 \u0111\u01b0\u1ee3c thi\u1ebft k\u1ebf cho c\u00e1c \u1ee9ng d\u1ee5ng nh\u01b0 c\u1eaft v\u00e0 \u0111\u00f3ng ki\u1ec7n r\u01a1m, \u0111\u00f2i h\u1ecfi \u0111\u1ed9 b\u1ec1n, hi\u1ec7u su\u1ea5t v\u00e0 \u0111\u1ed9 ch\u00ednh x\u00e1c cao. D\u01b0\u1edbi \u0111\u00e2y l\u00e0 c\u00e1c th\u00e0nh ph\u1ea7n ch\u00ednh th\u01b0\u1eddng th\u1ea5y trong h\u1ed9p s\u1ed1 m\u00e1y \u0111\u00f3ng ki\u1ec7n vu\u00f4ng FMP-FK157, \u0111\u01b0\u1ee3c thi\u1ebft k\u1ebf \u0111\u1eb7c bi\u1ec7t \u0111\u1ec3 ho\u1ea1t \u0111\u1ed9ng v\u1edbi m\u00e1y c\u1eaft r\u01a1m:<\/p>\n<ol>\n<li>Tr\u1ee5c \u0111\u1ea7u v\u00e0o\n<ul>\n<li>Ch\u1ee9c n\u0103ng: Tr\u1ee5c \u0111\u1ea7u v\u00e0o k\u1ebft n\u1ed1i h\u1ed9p s\u1ed1 v\u1edbi m\u00e1y k\u00e9o ho\u1eb7c h\u1ec7 th\u1ed1ng tr\u00edch c\u00f4ng su\u1ea5t (PTO). N\u00f3 truy\u1ec1n c\u00f4ng su\u1ea5t quay t\u1eeb \u0111\u1ed9ng c\u01a1 m\u00e1y k\u00e9o \u0111\u1ebfn h\u1ed9p s\u1ed1, cho ph\u00e9p m\u00e1y b\u0103m r\u01a1m ho\u1ea1t \u0111\u1ed9ng.<\/li>\n<li>V\u1eadt li\u1ec7u: Th\u01b0\u1eddng \u0111\u01b0\u1ee3c l\u00e0m b\u1eb1ng th\u00e9p c\u01b0\u1eddng \u0111\u1ed9 cao \u0111\u1ec3 c\u00f3 \u0111\u1ed9 b\u1ec1n v\u00e0 ch\u1ecbu \u0111\u01b0\u1ee3c \u00e1p l\u1ef1c khi s\u1eed d\u1ee5ng li\u00ean t\u1ee5c trong c\u00e1c \u1ee9ng d\u1ee5ng n\u00f4ng nghi\u1ec7p.<\/li>\n<\/ul>\n<\/li>\n<li>Tr\u1ee5c \u0111\u1ea7u ra\n<ul>\n<li>Ch\u1ee9c n\u0103ng: Tr\u1ee5c \u0111\u1ea7u ra truy\u1ec1n l\u1ef1c c\u01a1 h\u1ecdc t\u1eeb h\u1ed9p s\u1ed1 \u0111\u1ebfn c\u00e1c b\u1ed9 ph\u1eadn m\u00e1y b\u0103m r\u01a1m \u0111\u01b0\u1ee3c k\u1ebft n\u1ed1i, ch\u1eb3ng h\u1ea1n nh\u01b0 l\u01b0\u1ee1i c\u1eaft ho\u1eb7c c\u00e1nh \u0111\u1eadp.<\/li>\n<li>V\u1eadt li\u1ec7u: S\u1eed d\u1ee5ng v\u1eadt li\u1ec7u th\u00e9p ho\u1eb7c h\u1ee3p kim \u0111\u1ec3 ch\u1ed1ng m\u00e0i m\u00f2n v\u00e0 ch\u1ecbu \u0111\u01b0\u1ee3c \u00e1p l\u1ef1c t\u1eeb ho\u1ea1t \u0111\u1ed9ng ch\u1eb7t r\u01a1m n\u1eb7ng nh\u1ecdc.<\/li>\n<\/ul>\n<\/li>\n<li>B\u1ed9 b\u00e1nh r\u0103ng (B\u00e1nh r\u0103ng xo\u1eafn ho\u1eb7c b\u00e1nh r\u0103ng th\u1eb3ng)\n<ul>\n<li>Ch\u1ee9c n\u0103ng: B\u1ed9 b\u00e1nh r\u0103ng l\u00e0 b\u1ed9 ph\u1eadn quan tr\u1ecdng gi\u00fap \u0111i\u1ec1u ch\u1ec9nh t\u1ed1c \u0111\u1ed9 quay v\u00e0 m\u00f4-men xo\u1eafn gi\u1eefa tr\u1ee5c \u0111\u1ea7u v\u00e0o v\u00e0 tr\u1ee5c \u0111\u1ea7u ra. N\u00f3 \u0111\u1ea3m b\u1ea3o truy\u1ec1n l\u1ef1c hi\u1ec7u qu\u1ea3 \u0111\u1ebfn c\u01a1 c\u1ea5u b\u0103m.<\/li>\n<li>Lo\u1ea1i: T\u00f9y thu\u1ed9c v\u00e0o thi\u1ebft k\u1ebf, h\u1ed9p s\u1ed1 c\u00f3 th\u1ec3 s\u1eed d\u1ee5ng b\u00e1nh r\u0103ng xo\u1eafn ho\u1eb7c b\u00e1nh r\u0103ng th\u1eb3ng \u0111\u1ec3 t\u1ed1i \u01b0u h\u00f3a m\u00f4-men xo\u1eafn v\u00e0 gi\u1ea3m ti\u1ebfng \u1ed3n v\u00e0 \u0111\u1ed9 rung trong qu\u00e1 tr\u00ecnh v\u1eadn h\u00e0nh.<\/li>\n<li>V\u1eadt li\u1ec7u: Th\u00e9p c\u1ee9ng \u0111\u1ec3 t\u0103ng \u0111\u1ed9 b\u1ec1n v\u00e0 ch\u1eafc ch\u1eafn.<\/li>\n<\/ul>\n<\/li>\n<li>V\u00f2ng bi\n<ul>\n<li>Ch\u1ee9c n\u0103ng: V\u00f2ng bi h\u1ed7 tr\u1ee3 tr\u1ee5c, gi\u1ea3m ma s\u00e1t v\u00e0 \u0111\u1ea3m b\u1ea3o chuy\u1ec3n \u0111\u1ed9ng quay tr\u01a1n tru. Ch\u00fang r\u1ea5t c\u1ea7n thi\u1ebft \u0111\u1ec3 duy tr\u00ec hi\u1ec7u su\u1ea5t v\u00e0 \u0111\u1ed9 \u1ed5n \u0111\u1ecbnh l\u00e2u d\u00e0i c\u1ee7a h\u1ed9p s\u1ed1.<\/li>\n<li>Lo\u1ea1i: V\u00f2ng bi ho\u1eb7c \u1ed5 bi l\u0103n, t\u00f9y thu\u1ed9c v\u00e0o thi\u1ebft k\u1ebf v\u00e0 \u1ee9ng d\u1ee5ng.<\/li>\n<\/ul>\n<\/li>\n<li>H\u1ea3i c\u1ea9u\n<ul>\n<li>Ch\u1ee9c n\u0103ng: Ph\u1edbt ng\u0103n ch\u1eb7n r\u00f2 r\u1ec9 d\u1ea7u ho\u1eb7c ch\u1ea5t b\u00f4i tr\u01a1n v\u00e0 b\u1ea3o v\u1ec7 c\u00e1c b\u1ed9 ph\u1eadn b\u00ean trong h\u1ed9p s\u1ed1 kh\u1ecfi b\u1ee5i b\u1ea9n, \u0111\u1ed9 \u1ea9m v\u00e0 c\u00e1c ch\u1ea5t g\u00e2y \u00f4 nhi\u1ec5m kh\u00e1c.<\/li>\n<li>Ch\u1ea5t li\u1ec7u: Cao su, nitrile ho\u1eb7c c\u00e1c v\u1eadt li\u1ec7u t\u1ed5ng h\u1ee3p kh\u00e1c \u0111\u01b0\u1ee3c s\u1eed d\u1ee5ng \u0111\u1ec3 b\u1ea3o v\u1ec7 l\u00e2u d\u00e0i kh\u1ecfi c\u00e1c y\u1ebfu t\u1ed1 m\u00f4i tr\u01b0\u1eddng.<\/li>\n<\/ul>\n<\/li>\n<\/ol>\n<p>H\u1ed9p s\u1ed1 m\u00e1y \u0111\u00f3ng ki\u1ec7n vu\u00f4ng FMP-FK157 \u0111\u01b0\u1ee3c thi\u1ebft k\u1ebf cho c\u00e1c \u1ee9ng d\u1ee5ng n\u00f4ng nghi\u1ec7p h\u1ea1ng n\u1eb7ng, bao g\u1ed3m c\u1ea3 vi\u1ec7c b\u0103m r\u01a1m. S\u1ef1 k\u1ebft h\u1ee3p gi\u1eefa v\u1eadt li\u1ec7u b\u1ec1n b\u1ec9, b\u1ed9 truy\u1ec1n \u0111\u1ed9ng ch\u00ednh x\u00e1c, h\u1ec7 th\u1ed1ng b\u00f4i tr\u01a1n hi\u1ec7u qu\u1ea3 v\u00e0 c\u00e1c linh ki\u1ec7n b\u1ea3o v\u1ec7 \u0111\u1ea3m b\u1ea3o hi\u1ec7u su\u1ea5t v\u00e0 tu\u1ed5i th\u1ecd t\u1ed1i \u01b0u trong \u0111i\u1ec1u ki\u1ec7n v\u1eadn h\u00e0nh n\u00f4ng nghi\u1ec7p kh\u1eafc nghi\u1ec7t. M\u1ed7i linh ki\u1ec7n \u0111\u1ec1u \u0111\u00f3ng vai tr\u00f2 quan tr\u1ecdng trong vi\u1ec7c gi\u00fap h\u1ed9p s\u1ed1 ho\u1ea1t \u0111\u1ed9ng \u0111\u00e1ng tin c\u1eady v\u00e0 hi\u1ec7u qu\u1ea3, t\u1ea1o \u0111i\u1ec1u ki\u1ec7n cho vi\u1ec7c b\u0103m v\u00e0 \u0111\u00f3ng ki\u1ec7n r\u01a1m di\u1ec5n ra tr\u01a1n tru v\u00e0 hi\u1ec7u qu\u1ea3.<\/p>\n<p><img loading=\"lazy\" decoding=\"async\" class=\"alignnone size-full wp-image-2625\" src=\"https:\/\/fmp-components.com\/wp-content\/uploads\/2025\/01\/Square-Baler-Gearbox-391.jpg\" alt=\"H\u1ed9p s\u1ed1 m\u00e1y \u0111\u00f3ng ki\u1ec7n vu\u00f4ng 39(1)\" width=\"2152\" height=\"1061\" title=\"\" srcset=\"https:\/\/fmp-components.com\/wp-content\/uploads\/2025\/01\/Square-Baler-Gearbox-391.jpg 2152w, https:\/\/fmp-components.com\/wp-content\/uploads\/2025\/01\/Square-Baler-Gearbox-391-1280x631.jpg 1280w, https:\/\/fmp-components.com\/wp-content\/uploads\/2025\/01\/Square-Baler-Gearbox-391-980x483.jpg 980w, https:\/\/fmp-components.com\/wp-content\/uploads\/2025\/01\/Square-Baler-Gearbox-391-480x237.jpg 480w\" sizes=\"(min-width: 0px) and (max-width: 480px) 480px, (min-width: 481px) and (max-width: 980px) 980px, (min-width: 981px) and (max-width: 1280px) 1280px, (min-width: 1281px) 2152px, 100vw\" \/><\/p>\n<h3>H\u01b0\u1edbng d\u1eabn t\u1eebng b\u01b0\u1edbc v\u1eadn h\u00e0nh h\u1ed9p s\u1ed1 m\u00e1y \u0111\u00f3ng ki\u1ec7n vu\u00f4ng cho m\u00e1y b\u0103m r\u01a1m<\/h3>\n<p>H\u1ed9p s\u1ed1 m\u00e1y b\u0103m r\u01a1m Square Baler l\u00e0 m\u1ed9t b\u1ed9 ph\u1eadn c\u01a1 kh\u00ed quan tr\u1ecdng, gi\u00fap truy\u1ec1n l\u1ef1c hi\u1ec7u qu\u1ea3 t\u1eeb h\u1ec7 th\u1ed1ng tr\u00edch c\u00f4ng su\u1ea5t (PTO) c\u1ee7a m\u00e1y k\u00e9o \u0111\u1ebfn m\u00e1y b\u0103m r\u01a1m, cho ph\u00e9p m\u00e1y th\u1ef1c hi\u1ec7n nhi\u1ec7m v\u1ee5 m\u1ed9t c\u00e1ch hi\u1ec7u qu\u1ea3. Sau \u0111\u00e2y l\u00e0 c\u00e1ch h\u1ed9p s\u1ed1 ho\u1ea1t \u0111\u1ed9ng trong m\u00e1y b\u0103m r\u01a1m:<\/p>\n<ol>\n<li>Truy\u1ec1n l\u1ef1c t\u1eeb PTO \u0111\u1ebfn tr\u1ee5c \u0111\u1ea7u v\u00e0o\n<ul>\n<li>H\u1ed9p s\u1ed1 \u0111\u01b0\u1ee3c k\u1ebft n\u1ed1i v\u1edbi tr\u1ee5c PTO c\u1ee7a m\u00e1y k\u00e9o, cung c\u1ea5p l\u1ef1c quay t\u1eeb \u0111\u1ed9ng c\u01a1 m\u00e1y k\u00e9o.<\/li>\n<li>Khi m\u00e1y k\u00e9o \u0111\u01b0\u1ee3c k\u00edch ho\u1ea1t, n\u00f3 s\u1ebd l\u00e0m quay PTO, sau \u0111\u00f3 truy\u1ec1n l\u1ef1c quay n\u00e0y qua tr\u1ee5c \u0111\u1ea7u v\u00e0o c\u1ee7a h\u1ed9p s\u1ed1.<\/li>\n<\/ul>\n<\/li>\n<li>Gi\u1ea3m ho\u1eb7c \u0111i\u1ec1u ch\u1ec9nh t\u1ed1c \u0111\u1ed9 th\u00f4ng qua b\u1ed9 b\u00e1nh r\u0103ng\n<ul>\n<li>B\u00ean trong h\u1ed9p s\u1ed1, m\u1ed9t b\u1ed9 b\u00e1nh r\u0103ng (b\u00e1nh r\u0103ng xo\u1eafn ho\u1eb7c b\u00e1nh r\u0103ng th\u1eb3ng) \u0111i\u1ec1u ch\u1ec9nh t\u1ed1c \u0111\u1ed9 quay v\u00e0 m\u00f4-men xo\u1eafn. \u200b\u200bC\u00e1c b\u00e1nh r\u0103ng n\u00e0y gi\u1ea3m t\u1ed1c \u0111\u1ed9 quay cao t\u1eeb PTO, chuy\u1ec3n \u0111\u1ed5i th\u00e0nh t\u1ed1c \u0111\u1ed9 th\u1ea5p h\u01a1n, m\u00f4-men xo\u1eafn cao h\u01a1n, ph\u00f9 h\u1ee3p v\u1edbi ho\u1ea1t \u0111\u1ed9ng c\u1ee7a m\u00e1y b\u0103m r\u01a1m.<\/li>\n<li>B\u1ed9 truy\u1ec1n \u0111\u1ed9ng gi\u1ea3m t\u1ed1c n\u00e0y \u0111\u1ea3m b\u1ea3o m\u00e1y b\u0103m r\u01a1m ho\u1ea1t \u0111\u1ed9ng \u1edf t\u1ed1c \u0111\u1ed9 ph\u00f9 h\u1ee3p \u0111\u1ec3 b\u0103m r\u01a1m hi\u1ec7u qu\u1ea3 v\u00e0 \u0111\u01b0a v\u00e0o bu\u1ed3ng \u0111\u00f3ng ki\u1ec7n.<\/li>\n<\/ul>\n<\/li>\n<li>Truy\u1ec1n l\u1ef1c \u0111\u1ebfn tr\u1ee5c \u0111\u1ea7u ra\n<ul>\n<li>Sau khi c\u00e1c b\u00e1nh r\u0103ng \u0111i\u1ec1u ch\u1ec9nh t\u1ed1c \u0111\u1ed9 v\u00e0 m\u00f4-men xo\u1eafn, tr\u1ee5c \u0111\u1ea7u ra s\u1ebd truy\u1ec1n c\u00f4ng su\u1ea5t \u0111\u00e3 \u0111i\u1ec1u ch\u1ec9nh \u0111\u1ebfn m\u00e1y b\u0103m r\u01a1m.<\/li>\n<li>Tr\u1ee5c ra k\u1ebft n\u1ed1i tr\u1ef1c ti\u1ebfp v\u1edbi c\u01a1 c\u1ea5u c\u1eaft c\u1ee7a m\u00e1y b\u0103m r\u01a1m, bao g\u1ed3m c\u00e1c l\u01b0\u1ee1i dao quay ho\u1eb7c c\u00e1nh \u0111\u1eadp \u0111\u1ec3 c\u1eaft ho\u1eb7c x\u00e9 r\u01a1m th\u00e0nh nh\u1eefng m\u1ea3nh nh\u1ecf h\u01a1n.<\/li>\n<\/ul>\n<\/li>\n<li>Chuy\u1ec3n \u0111\u1ed9ng c\u1ee7a c\u01a1 ch\u1ebf Chopper\n<ul>\n<li>Khi tr\u1ee5c \u0111\u1ea7u ra quay, n\u00f3 s\u1ebd truy\u1ec1n \u0111\u1ed9ng cho l\u01b0\u1ee1i dao ho\u1eb7c c\u00e1nh qu\u1ea1t c\u1ee7a m\u00e1y c\u1eaft r\u01a1m, c\u00f3 ch\u1ee9c n\u0103ng c\u1eaft r\u01a1m th\u00e0nh nh\u1eefng m\u1ea3nh nh\u1ecf, \u0111\u1ed3ng \u0111\u1ec1u.<\/li>\n<li>Sau \u0111\u00f3, r\u01a1m c\u1eaft nh\u1ecf \u0111\u01b0\u1ee3c \u0111\u01b0a v\u00e0o bu\u1ed3ng \u0111\u00f3ng ki\u1ec7n ho\u1eb7c tr\u1ea3i ra t\u00f9y theo m\u1ee5c \u0111\u00edch s\u1eed d\u1ee5ng (v\u00ed d\u1ee5: \u0111\u1ec3 ph\u1ee7 \u0111\u1ea5t ho\u1eb7c \u1ee7 ph\u00e2n).<\/li>\n<\/ul>\n<\/li>\n<li>B\u00f4i tr\u01a1n v\u00e0 l\u00e0m m\u00e1t\n<ul>\n<li>H\u1ed9p s\u1ed1 d\u1ef1a v\u00e0o h\u1ec7 th\u1ed1ng b\u00f4i tr\u01a1n (d\u1ea7u ho\u1eb7c m\u1ee1) l\u01b0u th\u00f4ng kh\u1eafp c\u00e1c b\u1ed9 ph\u1eadn b\u00ean trong (b\u00e1nh r\u0103ng v\u00e0 \u1ed5 tr\u1ee5c) \u0111\u1ec3 gi\u1ea3m thi\u1ec3u ma s\u00e1t, gi\u1ea3m m\u00e0i m\u00f2n v\u00e0 gi\u00fap h\u1ec7 th\u1ed1ng ho\u1ea1t \u0111\u1ed9ng tr\u01a1n tru.<\/li>\n<li>Trong m\u1ed9t s\u1ed1 thi\u1ebft k\u1ebf, c\u00e1nh t\u1ea3n nhi\u1ec7t ho\u1eb7c c\u00e1c c\u01a1 ch\u1ebf l\u00e0m m\u00e1t kh\u00e1c c\u00f3 th\u1ec3 \u0111\u01b0\u1ee3c s\u1eed d\u1ee5ng \u0111\u1ec3 t\u1ea3n nhi\u1ec7t sinh ra do chuy\u1ec3n \u0111\u1ed9ng li\u00ean t\u1ee5c c\u1ee7a h\u1ed9p s\u1ed1 v\u00e0 c\u01a1 c\u1ea5u b\u0103m.<\/li>\n<\/ul>\n<\/li>\n<\/ol>\n<p>H\u1ed9p s\u1ed1 m\u00e1y b\u0103m r\u01a1m vu\u00f4ng \u0111\u00f3ng vai tr\u00f2 thi\u1ebft y\u1ebfu trong vi\u1ec7c chuy\u1ec3n \u0111\u1ed5i c\u00f4ng su\u1ea5t PTO c\u1ee7a m\u00e1y k\u00e9o th\u00e0nh t\u1ed1c \u0111\u1ed9 v\u00e0 m\u00f4-men xo\u1eafn ph\u00f9 h\u1ee3p c\u1ea7n thi\u1ebft cho vi\u1ec7c b\u0103m v\u00e0 \u0111\u00f3ng ki\u1ec7n r\u01a1m hi\u1ec7u qu\u1ea3. H\u1ed9p s\u1ed1 ho\u1ea1t \u0111\u1ed9ng b\u1eb1ng c\u00e1ch k\u1ebft h\u1ee3p tr\u1ee5c \u0111\u1ea7u v\u00e0o v\u00e0 \u0111\u1ea7u ra, b\u1ed9 b\u00e1nh r\u0103ng v\u00e0 c\u00e1c b\u1ed9 ph\u1eadn b\u1ea3o v\u1ec7, \u0111\u1ed3ng th\u1eddi \u0111\u1ea3m b\u1ea3o b\u00f4i tr\u01a1n v\u00e0 b\u1ea3o v\u1ec7 ch\u1ed1ng l\u1ea1i t\u1ea3i tr\u1ecdng qu\u00e1 m\u1ee9c. Qu\u00e1 tr\u00ecnh c\u01a1 h\u1ecdc n\u00e0y \u0111\u1ea3m b\u1ea3o m\u00e1y b\u0103m r\u01a1m ho\u1ea1t \u0111\u1ed9ng \u0111\u00e1ng tin c\u1eady, gi\u1ea3m th\u1eddi gian ch\u1ebft v\u00e0 n\u00e2ng cao n\u0103ng su\u1ea5t t\u1ed5ng th\u1ec3 trong c\u00e1c ho\u1ea1t \u0111\u1ed9ng n\u00f4ng nghi\u1ec7p.<\/p>\n<p><img loading=\"lazy\" decoding=\"async\" class=\"alignnone size-full wp-image-2615\" src=\"https:\/\/fmp-components.com\/wp-content\/uploads\/2025\/01\/Square-Baler-Gearbox-EP-FK150-Application-Area-1-1024x6861-1.webp\" alt=\"H\u1ed9p s\u1ed1 Square-Baler-EP-FK150-Khu v\u1ef1c \u1ee9ng d\u1ee5ng-1-1024x686(1)\" width=\"1024\" height=\"686\" title=\"\" srcset=\"https:\/\/fmp-components.com\/wp-content\/uploads\/2025\/01\/Square-Baler-Gearbox-EP-FK150-Application-Area-1-1024x6861-1.webp 1024w, https:\/\/fmp-components.com\/wp-content\/uploads\/2025\/01\/Square-Baler-Gearbox-EP-FK150-Application-Area-1-1024x6861-1-980x657.webp 980w, https:\/\/fmp-components.com\/wp-content\/uploads\/2025\/01\/Square-Baler-Gearbox-EP-FK150-Application-Area-1-1024x6861-1-480x322.webp 480w\" sizes=\"(min-width: 0px) and (max-width: 480px) 480px, (min-width: 481px) and (max-width: 980px) 980px, (min-width: 981px) 1024px, 100vw\" \/><\/p>\n<h3>Gi\u1edbi thi\u1ec7u v\u1ec1 FMP<\/h3>\n<p>C\u00f3 tr\u1ee5 s\u1edf ch\u00ednh t\u1ea1i \u00dd, FMP l\u00e0 nh\u00e0 s\u1ea3n xu\u1ea5t h\u00e0ng \u0111\u1ea7u, n\u1ed5i ti\u1ebfng v\u1edbi chuy\u00ean m\u00f4n trong thi\u1ebft k\u1ebf, ph\u00e1t tri\u1ec3n v\u00e0 s\u1ea3n xu\u1ea5t h\u1ed9p s\u1ed1 hi\u1ec7u su\u1ea5t cao, \u0111\u1eb7c bi\u1ec7t t\u1eadp trung v\u00e0o l\u0129nh v\u1ef1c m\u00e1y m\u00f3c n\u00f4ng nghi\u1ec7p. V\u1edbi uy t\u00edn v\u1ec1 k\u1ef9 thu\u1eadt ch\u00ednh x\u00e1c, gi\u1ea3i ph\u00e1p s\u00e1ng t\u1ea1o v\u00e0 \u0111\u1ed9 tin c\u1eady tuy\u1ec7t \u0111\u1ed1i, FMP \u0111\u00e3 tr\u1edf th\u00e0nh \u0111\u1ed1i t\u00e1c \u0111\u00e1ng tin c\u1eady trong vi\u1ec7c \u0111\u00e1p \u1ee9ng nhu c\u1ea7u ng\u00e0y c\u00e0ng cao c\u1ee7a c\u1ea3 l\u0129nh v\u1ef1c n\u00f4ng nghi\u1ec7p v\u00e0 c\u00f4ng nghi\u1ec7p. Danh m\u1ee5c s\u1ea3n ph\u1ea9m \u0111a d\u1ea1ng c\u1ee7a ch\u00fang t\u00f4i bao g\u1ed3m h\u1ed9p s\u1ed1 chuy\u00ean d\u1ee5ng cho m\u00e1y c\u1eaft c\u1ecf, tr\u1ee5c PTO v\u00e0 c\u00e1c linh ki\u1ec7n thi\u1ebft y\u1ebfu kh\u00e1c, t\u1ea5t c\u1ea3 \u0111\u1ec1u \u0111\u01b0\u1ee3c thi\u1ebft k\u1ebf t\u1ec9 m\u1ec9 \u0111\u1ec3 cung c\u1ea5p c\u00e1c gi\u1ea3i ph\u00e1p t\u00f9y ch\u1ec9nh cho nhi\u1ec1u \u1ee9ng d\u1ee5ng kh\u00e1c nhau.<\/p>\n<p>T\u1ea1i FMP, ch\u00fang t\u00f4i hi\u1ec3u r\u1eb1ng m\u1ed7i kh\u00e1ch h\u00e0ng \u0111\u1ec1u c\u00f3 nh\u1eefng y\u00eau c\u1ea7u v\u00e0 th\u00e1ch th\u1ee9c ri\u00eang. \u0110\u00f3 l\u00e0 l\u00fd do t\u1ea1i sao ch\u00fang t\u00f4i chuy\u00ean cung c\u1ea5p c\u00e1c gi\u1ea3i ph\u00e1p \u0111\u01b0\u1ee3c thi\u1ebft k\u1ebf ri\u00eang, d\u00f9 l\u00e0 cho t\u1eebng th\u00e0nh ph\u1ea7n ri\u00eang l\u1ebb hay h\u1ec7 th\u1ed1ng t\u00edch h\u1ee3p ho\u00e0n ch\u1ec9nh. Ch\u00fang t\u00f4i h\u1ee3p t\u00e1c ch\u1eb7t ch\u1ebd v\u1edbi kh\u00e1ch h\u00e0ng \u0111\u1ec3 \u0111\u1ea3m b\u1ea3o m\u1ecdi gi\u1ea3i ph\u00e1p kh\u00f4ng ch\u1ec9 hi\u1ec7u qu\u1ea3 m\u00e0 c\u00f2n t\u1ed1i \u01b0u h\u00f3a c\u1ea3 hi\u1ec7u su\u1ea5t v\u00e0 gi\u00e1 tr\u1ecb. Cam k\u1ebft cung c\u1ea5p ph\u1ea3n h\u1ed3i nhanh ch\u00f3ng, chuy\u00ean nghi\u1ec7p, c\u00f9ng v\u1edbi s\u1ef1 h\u01b0\u1edbng d\u1eabn chuy\u00ean m\u00f4n, \u0111\u1ea3m b\u1ea3o m\u1ecdi th\u1eafc m\u1eafc \u0111\u1ec1u \u0111\u01b0\u1ee3c x\u1eed l\u00fd v\u1edbi s\u1ef1 t\u1eadn t\u00e2m v\u00e0 ch\u00ednh x\u00e1c t\u1ed1i \u0111a, mang l\u1ea1i k\u1ebft qu\u1ea3 t\u1ed1t nh\u1ea5t c\u00f3 th\u1ec3.<\/p>\n<p>Ch\u00fang t\u00f4i \u01b0u ti\u00ean giao ti\u1ebfp c\u1edfi m\u1edf v\u00e0 li\u00ean t\u1ee5c trong su\u1ed1t qu\u00e1 tr\u00ecnh ph\u00e1t tri\u1ec3n s\u1ea3n ph\u1ea9m. \u0110\u1ed9i ng\u0169 t\u1eadn t\u00e2m c\u1ee7a ch\u00fang t\u00f4i l\u00e0m vi\u1ec7c tr\u1ef1c ti\u1ebfp v\u1edbi kh\u00e1ch h\u00e0ng \u0111\u1ec3 hi\u1ec3u r\u00f5 nhu c\u1ea7u c\u1ee5 th\u1ec3 c\u1ee7a h\u1ecd, cung c\u1ea5p nh\u1eefng hi\u1ec3u bi\u1ebft s\u00e2u s\u1eafc v\u00e0 \u0111\u1ec1 xu\u1ea5t gi\u00e1 tr\u1ecb nh\u1eb1m \u0111\u1ea3m b\u1ea3o c\u00e1c gi\u1ea3i ph\u00e1p t\u1ed1i \u01b0u. D\u00f9 l\u00e0 thi\u1ebft k\u1ebf s\u1ea3n ph\u1ea9m s\u00e1ng t\u1ea1o hay ho\u00e0n th\u00e0nh c\u00e1c \u0111\u01a1n h\u00e0ng \u0111ang tri\u1ec3n khai, FMP lu\u00f4n cam k\u1ebft cung c\u1ea5p c\u00e1c gi\u1ea3i ph\u00e1p ch\u1ea5t l\u01b0\u1ee3ng cao, \u0111\u01b0\u1ee3c thi\u1ebft k\u1ebf ch\u00ednh x\u00e1c, \u0111\u00fang th\u1eddi h\u1ea1n. M\u1ee5c ti\u00eau c\u1ee7a ch\u00fang t\u00f4i l\u00e0 mang \u0111\u1ebfn cho kh\u00e1ch h\u00e0ng d\u1ecbch v\u1ee5 v\u00e0 k\u1ebft qu\u1ea3 t\u1ed1t nh\u1ea5t, v\u01b0\u1ee3t tr\u00ean c\u1ea3 mong \u0111\u1ee3i trong m\u1ecdi d\u1ef1 \u00e1n.<\/p>\n<p>Ch\u1ea5t l\u01b0\u1ee3ng l\u00e0 n\u1ec1n t\u1ea3ng cho m\u1ecdi ho\u1ea1t \u0111\u1ed9ng c\u1ee7a FMP. Ch\u00fang t\u00f4i tu\u00e2n th\u1ee7 c\u00e1c ti\u00eau chu\u1ea9n s\u1ea3n xu\u1ea5t cao nh\u1ea5t, th\u1ef1c hi\u1ec7n c\u00e1c bi\u1ec7n ph\u00e1p ki\u1ec3m so\u00e1t ch\u1ea5t l\u01b0\u1ee3ng nghi\u00eam ng\u1eb7t \u0111\u1ec3 \u0111\u1ea3m b\u1ea3o m\u1ed7i s\u1ea3n ph\u1ea9m kh\u00f4ng ch\u1ec9 \u0111\u00e1p \u1ee9ng m\u00e0 c\u00f2n v\u01b0\u1ee3t xa c\u00e1c ti\u00eau chu\u1ea9n c\u1ee7a ng\u00e0nh. Cam k\u1ebft v\u1eefng ch\u1eafc v\u1ec1 ch\u1ea5t l\u01b0\u1ee3ng n\u00e0y, k\u1ebft h\u1ee3p v\u1edbi c\u00e1c gi\u00e1 tr\u1ecb c\u1ed1t l\u00f5i c\u1ee7a ch\u00fang t\u00f4i l\u00e0 ch\u00ednh tr\u1ef1c, tinh th\u1ea7n \u0111\u1ed3ng \u0111\u1ed9i v\u00e0 s\u1ef1 ki\u00ean tr\u00ec, \u0111\u00e3 gi\u00fap ch\u00fang t\u00f4i x\u00e2y d\u1ef1ng m\u1ed1i quan h\u1ec7 l\u00e2u d\u00e0i, tin c\u1eady v\u1edbi kh\u00e1ch h\u00e0ng t\u1ea1i g\u1ea7n 30 qu\u1ed1c gia tr\u00ean to\u00e0n th\u1ebf gi\u1edbi.<\/p>\n<p>FMP lu\u00f4n s\u1eb5n s\u00e0ng th\u00fac \u0111\u1ea9y quan h\u1ec7 \u0111\u1ed1i t\u00e1c to\u00e0n c\u1ea7u v\u00e0 lu\u00f4n t\u1eadn t\u00e2m cung c\u1ea5p t\u01b0 v\u1ea5n chuy\u00ean m\u00f4n v\u00e0 c\u00e1c gi\u1ea3i ph\u00e1p t\u00f9y ch\u1ec9nh \u0111\u00e1p \u1ee9ng nhu c\u1ea7u \u0111a d\u1ea1ng c\u1ee7a kh\u00e1ch h\u00e0ng. Ch\u00fang t\u00f4i kh\u00f4ng ch\u1ec9 cung c\u1ea5p s\u1ea3n ph\u1ea9m; ch\u00fang t\u00f4i h\u01b0\u1edbng \u0111\u1ebfn vi\u1ec7c x\u00e2y d\u1ef1ng c\u00e1c m\u1ed1i quan h\u1ec7 b\u1ec1n v\u1eefng, g\u00f3p ph\u1ea7n v\u00e0o th\u00e0nh c\u00f4ng c\u1ee7a m\u1ecdi d\u1ef1 \u00e1n. Cho d\u00f9 b\u1ea1n c\u1ea7n c\u00e1c gi\u1ea3i ph\u00e1p s\u00e1ng t\u1ea1o cho m\u1ed9t s\u00e1ng ki\u1ebfn m\u1edbi hay h\u1ed7 tr\u1ee3 li\u00ean t\u1ee5c cho m\u1ed9t h\u1ec7 th\u1ed1ng hi\u1ec7n c\u00f3, FMP lu\u00f4n s\u1eb5n s\u00e0ng gi\u1ea3i quy\u1ebft c\u00e1c th\u00e1ch th\u1ee9c k\u1ef9 thu\u1eadt v\u00e0 \u0111\u1ea3m b\u1ea3o s\u1ef1 th\u00e0nh c\u00f4ng li\u00ean t\u1ee5c c\u1ee7a b\u1ea1n.<\/p>\n<p><img loading=\"lazy\" decoding=\"async\" class=\"alignnone size-full wp-image-1861\" src=\"https:\/\/fmp-components.com\/wp-content\/uploads\/2024\/12\/Other-Agricultural-Gearboxes.webp\" sizes=\"(min-width: 0px) and (max-width: 480px) 480px, (min-width: 481px) and (max-width: 980px) 980px, (min-width: 981px) 1200px, 100vw\" srcset=\"https:\/\/fmp-components.com\/wp-content\/uploads\/2024\/12\/Other-Agricultural-Gearboxes.webp 1200w, https:\/\/fmp-components.com\/wp-content\/uploads\/2024\/12\/Other-Agricultural-Gearboxes-980x1143.webp 980w, https:\/\/fmp-components.com\/wp-content\/uploads\/2024\/12\/Other-Agricultural-Gearboxes-480x560.webp 480w\" alt=\"Altri-cambi-agricoli\" width=\"1200\" height=\"1400\" title=\"\"><\/p>\n<p>T\u00e1c gi\u1ea3: CX<\/p>","protected":false},"excerpt":{"rendered":"<p>Square Baler Gearbox FMP-FK157 Dimensions Square Baler Gearbox FMP-FK157 Shaft Dimensions Square Baler Gearbox FMP-FK157 Technical Data i Suitable Rpm input Rpm output KW(Nom) KW(Max) Toothing r\/min r\/min hp hp Speed increase 1:2.46 Straw chopper, etc 540 1328.4 180 700 Gleason Helical Teeth Speed increase 1:2.07 720 1190.4 180 700 Remark: If you have any [&hellip;]<\/p>","protected":false},"featured_media":2626,"comment_status":"open","ping_status":"closed","template":"","meta":{"_et_pb_use_builder":"","_et_pb_old_content":"","_et_gb_content_width":""},"product_brand":[],"product_cat":[62],"product_tag":[],"class_list":{"0":"post-2622","1":"product","2":"type-product","3":"status-publish","4":"has-post-thumbnail","6":"product_cat-square-baler-gearbox","8":"first","9":"instock","10":"shipping-taxable","11":"product-type-simple"},"_links":{"self":[{"href":"https:\/\/fmp-components.com\/vi\/wp-json\/wp\/v2\/product\/2622","targetHints":{"allow":["GET"]}}],"collection":[{"href":"https:\/\/fmp-components.com\/vi\/wp-json\/wp\/v2\/product"}],"about":[{"href":"https:\/\/fmp-components.com\/vi\/wp-json\/wp\/v2\/types\/product"}],"replies":[{"embeddable":true,"href":"https:\/\/fmp-components.com\/vi\/wp-json\/wp\/v2\/comments?post=2622"}],"wp:featuredmedia":[{"embeddable":true,"href":"https:\/\/fmp-components.com\/vi\/wp-json\/wp\/v2\/media\/2626"}],"wp:attachment":[{"href":"https:\/\/fmp-components.com\/vi\/wp-json\/wp\/v2\/media?parent=2622"}],"wp:term":[{"taxonomy":"product_brand","embeddable":true,"href":"https:\/\/fmp-components.com\/vi\/wp-json\/wp\/v2\/product_brand?post=2622"},{"taxonomy":"product_cat","embeddable":true,"href":"https:\/\/fmp-components.com\/vi\/wp-json\/wp\/v2\/product_cat?post=2622"},{"taxonomy":"product_tag","embeddable":true,"href":"https:\/\/fmp-components.com\/vi\/wp-json\/wp\/v2\/product_tag?post=2622"}],"curies":[{"name":"wp","href":"https:\/\/api.w.org\/{rel}","templated":true}]}}