{"id":2616,"date":"2025-01-03T02:57:42","date_gmt":"2025-01-03T02:57:42","guid":{"rendered":"https:\/\/fmp-components.com\/?page_id=8"},"modified":"2025-01-03T02:57:42","modified_gmt":"2025-01-03T02:57:42","slug":"square-baler-gearbox-fmp-fk155-for-automatic-feed-baler","status":"publish","type":"product","link":"https:\/\/fmp-components.com\/vi\/product\/square-baler-gearbox-fmp-fk155-for-automatic-feed-baler\/","title":{"rendered":"H\u1ed9p s\u1ed1 m\u00e1y \u0111\u00f3ng ki\u1ec7n vu\u00f4ng FMP-FK155 cho m\u00e1y \u0111\u00f3ng ki\u1ec7n t\u1ef1 \u0111\u1ed9ng"},"content":{"rendered":"<p><img loading=\"lazy\" decoding=\"async\" class=\"size-full wp-image-2619 aligncenter\" src=\"https:\/\/fmp-components.com\/wp-content\/uploads\/2025\/01\/Square-Baler-Gearbox-FMP-FK1551.webp\" alt=\"H\u1ed9p s\u1ed1 Square-Baler-FMP-FK155(1)\" width=\"600\" height=\"600\" title=\"\" srcset=\"https:\/\/fmp-components.com\/wp-content\/uploads\/2025\/01\/Square-Baler-Gearbox-FMP-FK1551.webp 600w, https:\/\/fmp-components.com\/wp-content\/uploads\/2025\/01\/Square-Baler-Gearbox-FMP-FK1551-480x480.webp 480w\" sizes=\"(min-width: 0px) and (max-width: 480px) 480px, (min-width: 481px) 600px, 100vw\" \/><\/p>\n<h2>K\u00edch th\u01b0\u1edbc h\u1ed9p s\u1ed1 m\u00e1y \u0111\u00f3ng ki\u1ec7n vu\u00f4ng FMP-FK155<\/h2>\n<p><img loading=\"lazy\" decoding=\"async\" class=\"alignnone size-full wp-image-2617\" src=\"https:\/\/fmp-components.com\/wp-content\/uploads\/2025\/01\/Square-Baler-Gearbox-FMP-FK155-Dimensions-1.webp\" alt=\"H\u1ed9p s\u1ed1 Square Baler-FMP-FK155-K\u00edch th\u01b0\u1edbc-1\" width=\"1268\" height=\"840\" title=\"\" srcset=\"https:\/\/fmp-components.com\/wp-content\/uploads\/2025\/01\/Square-Baler-Gearbox-FMP-FK155-Dimensions-1.webp 1268w, https:\/\/fmp-components.com\/wp-content\/uploads\/2025\/01\/Square-Baler-Gearbox-FMP-FK155-Dimensions-1-980x649.webp 980w, https:\/\/fmp-components.com\/wp-content\/uploads\/2025\/01\/Square-Baler-Gearbox-FMP-FK155-Dimensions-1-480x318.webp 480w\" sizes=\"(min-width: 0px) and (max-width: 480px) 480px, (min-width: 481px) and (max-width: 980px) 980px, (min-width: 981px) 1268px, 100vw\" \/> <img loading=\"lazy\" decoding=\"async\" class=\"alignnone size-full wp-image-2618\" src=\"https:\/\/fmp-components.com\/wp-content\/uploads\/2025\/01\/Square-Baler-Gearbox-EP-FK155-Dimensions-2.webp\" alt=\"H\u1ed9p s\u1ed1 Square-Baler-EP-FK155-K\u00edch th\u01b0\u1edbc-2\" width=\"1198\" height=\"362\" title=\"\" srcset=\"https:\/\/fmp-components.com\/wp-content\/uploads\/2025\/01\/Square-Baler-Gearbox-EP-FK155-Dimensions-2.webp 1198w, https:\/\/fmp-components.com\/wp-content\/uploads\/2025\/01\/Square-Baler-Gearbox-EP-FK155-Dimensions-2-980x296.webp 980w, https:\/\/fmp-components.com\/wp-content\/uploads\/2025\/01\/Square-Baler-Gearbox-EP-FK155-Dimensions-2-480x145.webp 480w\" sizes=\"(min-width: 0px) and (max-width: 480px) 480px, (min-width: 481px) and (max-width: 980px) 980px, (min-width: 981px) 1198px, 100vw\" \/><\/p>\n<h2>D\u1eef li\u1ec7u k\u1ef9 thu\u1eadt c\u1ee7a h\u1ed9p s\u1ed1 m\u00e1y \u0111\u00f3ng ki\u1ec7n vu\u00f4ng FMP-FK155<\/h2>\n<table style=\"width: 99.2395%; height: 129px;\" border=\"1\" cellspacing=\"0\" cellpadding=\"0\">\n<tbody>\n<tr>\n<td colspan=\"2\" rowspan=\"2\">T\u00f4i<\/td>\n<td rowspan=\"2\">Th\u00edch h\u1ee3p<\/td>\n<td>\u0110\u1ea7u v\u00e0o v\u00f2ng\/ph\u00fat<\/td>\n<td>\u0110\u1ea7u ra v\u00f2ng\/ph\u00fat<\/td>\n<td>KW(T\u00ean)<\/td>\n<td>KW(T\u1ed1i \u0111a)<\/td>\n<td rowspan=\"2\">m\u1ecdc r\u0103ng<\/td>\n<\/tr>\n<tr>\n<td>v\u00f2ng\/ph\u00fat<\/td>\n<td>v\u00f2ng\/ph\u00fat<\/td>\n<td>m\u00e3 l\u1ef1c<\/td>\n<td>m\u00e3 l\u1ef1c<\/td>\n<\/tr>\n<tr>\n<td>\u0110\u1ea7u ra b\u00ean tr\u00e1i v\u00e0 \u00e1nh s\u00e1ng<\/td>\n<td>1:2.46<\/td>\n<td rowspan=\"2\">M\u00e1y \u0111\u00f3ng ki\u1ec7n t\u1ef1 \u0111\u1ed9ng, v.v.<\/td>\n<td>540<\/td>\n<td>1328<\/td>\n<td>180<\/td>\n<td>1080<\/td>\n<td rowspan=\"2\">Gleason Helical<br \/>\nR\u0103ng<\/td>\n<\/tr>\n<tr>\n<td>\u0110\u1ea7u ra theo d\u00f5i<\/td>\n<td>1.24:1<\/td>\n<td>1328<\/td>\n<td>1070<\/td>\n<td>130<\/td>\n<td>1100<\/td>\n<\/tr>\n<tr>\n<td colspan=\"8\">L\u01b0u \u00fd: N\u1ebfu b\u1ea1n c\u00f3 b\u1ea5t k\u1ef3 y\u00eau c\u1ea7u \u0111\u1eb7c bi\u1ec7t n\u00e0o, vui l\u00f2ng cho t\u00f4i bi\u1ebft, ch\u00fang t\u00f4i c\u0169ng ch\u1ea5p nh\u1eadn t\u00f9y ch\u1ec9nh.<\/td>\n<\/tr>\n<\/tbody>\n<\/table>\n<h3>\u01afu \u0111i\u1ec3m c\u1ee7a h\u1ed9p s\u1ed1 m\u00e1y \u0111\u00f3ng ki\u1ec7n vu\u00f4ng FMP-FK155<\/h3>\n<p>H\u1ed9p s\u1ed1 m\u00e1y \u0111\u00f3ng ki\u1ec7n vu\u00f4ng FMP-FK155 l\u00e0 h\u1ed9p s\u1ed1 hi\u1ec7u su\u1ea5t cao \u0111\u01b0\u1ee3c thi\u1ebft k\u1ebf chuy\u00ean d\u1ee5ng cho m\u00e1y \u0111\u00f3ng ki\u1ec7n vu\u00f4ng. H\u1ed9p s\u1ed1 n\u00e0y s\u1edf h\u1eefu nhi\u1ec1u \u01b0u \u0111i\u1ec3m khi\u1ebfn n\u00f3 tr\u1edf th\u00e0nh l\u1ef1a ch\u1ecdn l\u00fd t\u01b0\u1edfng cho c\u00e1c \u1ee9ng d\u1ee5ng n\u00f4ng nghi\u1ec7p, \u0111\u1eb7c bi\u1ec7t l\u00e0 nh\u1eefng \u1ee9ng d\u1ee5ng \u0111\u00f2i h\u1ecfi hi\u1ec7u su\u1ea5t \u0111\u00f3ng ki\u1ec7n hi\u1ec7u qu\u1ea3 v\u00e0 \u0111\u00e1ng tin c\u1eady. D\u01b0\u1edbi \u0111\u00e2y l\u00e0 nh\u1eefng \u01b0u \u0111i\u1ec3m ch\u00ednh c\u1ee7a h\u1ed9p s\u1ed1 m\u00e1y \u0111\u00f3ng ki\u1ec7n vu\u00f4ng FMP-FK155:<\/p>\n<p><strong>Kh\u1ea3 n\u0103ng m\u00f4-men xo\u1eafn cao<\/strong><\/p>\n<ul>\n<li>\u01afu \u0111i\u1ec3m: H\u1ed9p s\u1ed1 FMP-FK155 \u0111\u01b0\u1ee3c thi\u1ebft k\u1ebf \u0111\u1ec3 x\u1eed l\u00fd t\u1ea3i m\u00f4-men xo\u1eafn cao, ph\u00f9 h\u1ee3p v\u1edbi c\u00e1c \u1ee9ng d\u1ee5ng \u0111\u00f2i h\u1ecfi kh\u1eaft khe nh\u01b0 \u0111\u00f3ng ki\u1ec7n c\u00e1c v\u1eadt li\u1ec7u \u0111\u1eb7c nh\u01b0 c\u1ecf kh\u00f4, r\u01a1m v\u00e0 th\u1ee9c \u0103n \u1ee7 chua.<\/li>\n<li>L\u1ee3i \u00edch: Kh\u1ea3 n\u0103ng m\u00f4-men xo\u1eafn cao n\u00e0y \u0111\u1ea3m b\u1ea3o hi\u1ec7u su\u1ea5t \u0111\u00e1ng tin c\u1eady trong \u0111i\u1ec1u ki\u1ec7n l\u00e0m vi\u1ec7c n\u1eb7ng nh\u1ecdc, cho ph\u00e9p m\u00e1y \u0111\u00f3ng ki\u1ec7n t\u1ea1o th\u00e0nh c\u00e1c ki\u1ec7n \u0111\u1ed3ng \u0111\u1ec1u, nh\u1ecf g\u1ecdn m\u00e0 kh\u00f4ng l\u00e0m c\u0103ng h\u1ed9p s\u1ed1.<\/li>\n<\/ul>\n<p><strong>\u0110\u1ed9 b\u1ec1n v\u00e0 tu\u1ed5i th\u1ecd<\/strong><\/p>\n<ul>\n<li>\u01afu \u0111i\u1ec3m: \u0110\u01b0\u1ee3c ch\u1ebf t\u1ea1o b\u1eb1ng v\u1eadt li\u1ec7u ch\u1ea5t l\u01b0\u1ee3ng cao v\u00e0 c\u00e1c linh ki\u1ec7n \u0111\u01b0\u1ee3c thi\u1ebft k\u1ebf ch\u00ednh x\u00e1c, h\u1ed9p s\u1ed1 FMP-FK155 \u0111\u01b0\u1ee3c ch\u1ebf t\u1ea1o \u0111\u1ec3 ho\u1ea1t \u0111\u1ed9ng b\u1ec1n b\u1ec9 trong \u0111i\u1ec1u ki\u1ec7n kh\u1eafc nghi\u1ec7t c\u1ee7a m\u00f4i tr\u01b0\u1eddng n\u00f4ng nghi\u1ec7p.<\/li>\n<li>L\u1ee3i \u00edch: \u0110\u1ed9 b\u1ec1n c\u1ee7a n\u00f3 l\u00e0m gi\u1ea3m nhu c\u1ea7u b\u1ea3o tr\u00ec ho\u1eb7c thay th\u1ebf th\u01b0\u1eddng xuy\u00ean, \u0111\u1ea3m b\u1ea3o hi\u1ec7u qu\u1ea3 ho\u1ea1t \u0111\u1ed9ng l\u00e2u d\u00e0i v\u00e0 gi\u1ea3m t\u1ed5ng chi ph\u00ed b\u1ea3o tr\u00ec cho ng\u01b0\u1eddi v\u1eadn h\u00e0nh.<\/li>\n<\/ul>\n<p><strong>Thi\u1ebft k\u1ebf nh\u1ecf g\u1ecdn v\u00e0 ti\u1ebft ki\u1ec7m kh\u00f4ng gian<\/strong><\/p>\n<ul>\n<li>\u01afu \u0111i\u1ec3m: M\u1eb7c d\u00f9 c\u00f3 hi\u1ec7u su\u1ea5t m\u1ea1nh m\u1ebd, h\u1ed9p s\u1ed1 FMP-FK155 c\u00f3 thi\u1ebft k\u1ebf nh\u1ecf g\u1ecdn, t\u1ed1i \u01b0u h\u00f3a kh\u00f4ng gian trong m\u00e1y \u0111\u00f3ng ki\u1ec7n.<\/li>\n<li>L\u1ee3i \u00edch: Thi\u1ebft k\u1ebf ti\u1ebft ki\u1ec7m kh\u00f4ng gian n\u00e0y cho ph\u00e9p d\u1ec5 d\u00e0ng t\u00edch h\u1ee3p v\u00e0o nhi\u1ec1u m\u1eabu m\u00e1y \u0111\u00f3ng ki\u1ec7n kh\u00e1c nhau m\u00e0 kh\u00f4ng \u1ea3nh h\u01b0\u1edfng \u0111\u1ebfn hi\u1ec7u su\u1ea5t, khi\u1ebfn n\u00f3 tr\u1edf th\u00e0nh l\u1ef1a ch\u1ecdn linh ho\u1ea1t cho nhi\u1ec1u thi\u1ebft l\u1eadp n\u00f4ng nghi\u1ec7p kh\u00e1c nhau.<\/li>\n<\/ul>\n<p><strong>K\u1ef9 thu\u1eadt ch\u00ednh x\u00e1c<\/strong><\/p>\n<ul>\n<li>\u01afu \u0111i\u1ec3m: C\u00e1c b\u00e1nh r\u0103ng v\u00e0 linh ki\u1ec7n b\u00ean trong c\u1ee7a FMP-FK155 \u0111\u01b0\u1ee3c thi\u1ebft k\u1ebf ch\u00ednh x\u00e1c, \u0111\u1ea3m b\u1ea3o truy\u1ec1n l\u1ef1c m\u01b0\u1ee3t m\u00e0 v\u00e0 gi\u1ea3m thi\u1ec3u hao m\u00f2n b\u00e1nh r\u0103ng.<\/li>\n<li>L\u1ee3i \u00edch: \u0110i\u1ec1u n\u00e0y gi\u00fap cho ho\u1ea1t \u0111\u1ed9ng \u0111\u00f3ng ki\u1ec7n hi\u1ec7u qu\u1ea3 h\u01a1n v\u1edbi \u00edt t\u1ed5n th\u1ea5t n\u0103ng l\u01b0\u1ee3ng h\u01a1n, c\u1ea3i thi\u1ec7n n\u0103ng su\u1ea5t t\u1ed5ng th\u1ec3 v\u00e0 \u0111\u1ea3m b\u1ea3o h\u1ed9p s\u1ed1 ho\u1ea1t \u0111\u1ed9ng \u00eam \u00e1i v\u00e0 \u00edt rung \u0111\u1ed9ng.<\/li>\n<\/ul>\n<p>H\u1ed9p s\u1ed1 m\u00e1y \u0111\u00f3ng ki\u1ec7n vu\u00f4ng FMP-FK155 s\u1edf h\u1eefu nhi\u1ec1u \u01b0u \u0111i\u1ec3m n\u1ed5i b\u1eadt, tr\u1edf th\u00e0nh l\u1ef1a ch\u1ecdn tuy\u1ec7t v\u1eddi cho c\u00e1c \u1ee9ng d\u1ee5ng n\u00f4ng nghi\u1ec7p. M\u00f4-men xo\u1eafn cao, \u0111\u1ed9 b\u1ec1n v\u00e0 hi\u1ec7u su\u1ea5t l\u00e0 nh\u1eefng l\u1ee3i \u00edch ch\u00ednh cho nh\u1eefng ai \u0111ang t\u00ecm ki\u1ebfm h\u1ed9p s\u1ed1 \u0111\u00e1ng tin c\u1eady, \u00edt b\u1ea3o tr\u00ec, c\u00f3 th\u1ec3 x\u1eed l\u00fd c\u00e1c ho\u1ea1t \u0111\u1ed9ng \u0111\u00f3ng ki\u1ec7n kh\u1eafc nghi\u1ec7t. Thi\u1ebft k\u1ebf nh\u1ecf g\u1ecdn, ch\u1ed1ng \u0103n m\u00f2n v\u00e0 linh ho\u1ea1t \u0111\u1ea3m b\u1ea3o h\u1ed9p s\u1ed1 th\u00edch \u1ee9ng v\u1edbi nhi\u1ec1u h\u1ec7 th\u1ed1ng v\u00e0 \u1ee9ng d\u1ee5ng \u0111\u00f3ng ki\u1ec7n kh\u00e1c nhau, \u0111\u1ed3ng th\u1eddi v\u1eadn h\u00e0nh \u00eam \u00e1i v\u00e0 nhu c\u1ea7u b\u1ea3o tr\u00ec th\u1ea5p gi\u00fap n\u00f3 tr\u1edf th\u00e0nh gi\u1ea3i ph\u00e1p ti\u1ebft ki\u1ec7m chi ph\u00ed v\u00e0 th\u00e2n thi\u1ec7n v\u1edbi ng\u01b0\u1eddi d\u00f9ng cho c\u00e1c ho\u1ea1t \u0111\u1ed9ng n\u00f4ng nghi\u1ec7p hi\u1ec7n \u0111\u1ea1i.<\/p>\n<p><img loading=\"lazy\" decoding=\"async\" class=\"alignnone size-full wp-image-2620\" src=\"https:\/\/fmp-components.com\/wp-content\/uploads\/2025\/01\/Square-Baler-Gearbox-EP-FK155-Advantages1.webp\" alt=\"H\u1ed9p s\u1ed1 Square-Baler-EP-FK155-\u01afu \u0111i\u1ec3m(1)\" width=\"883\" height=\"360\" title=\"\" srcset=\"https:\/\/fmp-components.com\/wp-content\/uploads\/2025\/01\/Square-Baler-Gearbox-EP-FK155-Advantages1.webp 883w, https:\/\/fmp-components.com\/wp-content\/uploads\/2025\/01\/Square-Baler-Gearbox-EP-FK155-Advantages1-480x196.webp 480w\" sizes=\"(min-width: 0px) and (max-width: 480px) 480px, (min-width: 481px) 883px, 100vw\" \/><\/p>\n<h2>\u1ee8ng d\u1ee5ng c\u1ee7a H\u1ed9p s\u1ed1 m\u00e1y \u0111\u00f3ng ki\u1ec7n vu\u00f4ng FMP-FK155 trong n\u00f4ng nghi\u1ec7p<\/h2>\n<div class=\"flex max-w-full flex-col flex-grow\">\n<div class=\"min-h-8 text-message flex w-full flex-col items-end gap-2 whitespace-normal break-words text-start [.text-message+&amp;]:mt-5\" dir=\"auto\" data-message-author-role=\"assistant\" data-message-id=\"fec87163-3921-4a88-9fd0-dcaf569f414b\" data-message-model-slug=\"gpt-4o\">\n<div class=\"flex w-full flex-col gap-1 empty:hidden first:pt-[3px]\">\n<div class=\"markdown prose w-full break-words dark:prose-invert light\">\n<p>H\u1ed9p s\u1ed1 m\u00e1y \u0111\u00f3ng ki\u1ec7n vu\u00f4ng FMP-FK155 l\u00e0 m\u1ed9t th\u00e0nh ph\u1ea7n thi\u1ebft y\u1ebfu trong m\u00e1y m\u00f3c n\u00f4ng nghi\u1ec7p hi\u1ec7n \u0111\u1ea1i, \u0111\u01b0\u1ee3c thi\u1ebft k\u1ebf \u0111\u1eb7c bi\u1ec7t \u0111\u1ec3 n\u00e2ng cao hi\u1ec7u qu\u1ea3 v\u00e0 \u0111\u1ed9 tin c\u1eady c\u1ee7a ho\u1ea1t \u0111\u1ed9ng \u0111\u00f3ng ki\u1ec7n. K\u1ebft c\u1ea5u ch\u1eafc ch\u1eafn v\u00e0 thi\u1ebft k\u1ebf hi\u1ec7u su\u1ea5t cao gi\u00fap m\u00e1y r\u1ea5t ph\u00f9 h\u1ee3p cho nhi\u1ec1u \u1ee9ng d\u1ee5ng n\u00f4ng nghi\u1ec7p. D\u01b0\u1edbi \u0111\u00e2y l\u00e0 nh\u1eefng \u1ee9ng d\u1ee5ng ch\u00ednh c\u1ee7a h\u1ed9p s\u1ed1 m\u00e1y \u0111\u00f3ng ki\u1ec7n vu\u00f4ng FMP-FK155 trong n\u00f4ng nghi\u1ec7p:<\/p>\n<p><strong>\u0110\u00f3ng ki\u1ec7n c\u1ecf kh\u00f4<\/strong><\/p>\n<ul>\n<li>\u1ee8ng d\u1ee5ng: H\u1ed9p s\u1ed1 FMP-FK155 \u0111\u01b0\u1ee3c s\u1eed d\u1ee5ng r\u1ed9ng r\u00e3i trong m\u00e1y \u0111\u00f3ng ki\u1ec7n c\u1ecf kh\u00f4 \u0111\u1ec3 t\u1ea1o th\u00e0nh c\u00e1c ki\u1ec7n c\u1ecf kh\u00f4 vu\u00f4ng \u0111\u01b0\u1ee3c \u0111\u00f3ng ch\u1eb7t.<\/li>\n<li>L\u1ee3i \u00edch: Kh\u1ea3 n\u0103ng m\u00f4-men xo\u1eafn cao \u0111\u1ea3m b\u1ea3o ho\u1ea1t \u0111\u1ed9ng tr\u01a1n tru ngay c\u1ea3 v\u1edbi kh\u1ed1i l\u01b0\u1ee3ng c\u1ecf kh\u00f4 l\u1edbn, t\u1ea1o ra c\u00e1c ki\u1ec7n c\u1ecf kh\u00f4 \u0111\u1ed3ng \u0111\u1ec1u, m\u1eadt \u0111\u1ed9 cao, d\u1ec5 d\u00e0ng l\u01b0u tr\u1eef v\u00e0 v\u1eadn chuy\u1ec3n \u0111\u1ec3 l\u00e0m th\u1ee9c \u0103n cho \u0111\u1ed9ng v\u1eadt ho\u1eb7c s\u1eed d\u1ee5ng cho c\u00e1c m\u1ee5c \u0111\u00edch kh\u00e1c.<\/li>\n<\/ul>\n<p><strong>\u0110\u00f3ng ki\u1ec7n r\u01a1m<\/strong><\/p>\n<ul>\n<li>\u1ee8ng d\u1ee5ng: Sau khi thu ho\u1ea1ch c\u00e1c lo\u1ea1i c\u00e2y ng\u0169 c\u1ed1c nh\u01b0 l\u00faa m\u00ec ho\u1eb7c l\u00faa m\u1ea1ch, r\u01a1m c\u00f2n l\u1ea1i th\u01b0\u1eddng \u0111\u01b0\u1ee3c \u0111\u00f3ng ki\u1ec7n \u0111\u1ec3 s\u1eed d\u1ee5ng l\u00e0m v\u1eadt li\u1ec7u l\u00f3t chu\u1ed3ng cho gia s\u00fac, l\u00e0m l\u1edbp ph\u1ee7 ho\u1eb7c s\u1ea3n xu\u1ea5t n\u0103ng l\u01b0\u1ee3ng sinh h\u1ecdc.<\/li>\n<li>L\u1ee3i \u00edch: H\u1ed9p s\u1ed1 cung c\u1ea5p l\u1ee3i th\u1ebf c\u01a1 h\u1ecdc c\u1ea7n thi\u1ebft \u0111\u1ec3 x\u1eed l\u00fd r\u01a1m c\u1ee9ng, x\u01a1, \u0111\u1ea3m b\u1ea3o m\u00e1y \u0111\u00f3ng ki\u1ec7n t\u1ea1o ra c\u00e1c ki\u1ec7n vu\u00f4ng \u0111\u1ed3ng \u0111\u1ec1u, ch\u1eafc v\u00e0 ch\u1eb7t.<\/li>\n<\/ul>\n<p><strong>\u0110\u00f3ng ki\u1ec7n \u1ee7 chua<\/strong><\/p>\n<ul>\n<li>\u1ee8ng d\u1ee5ng: Trong s\u1ea3n xu\u1ea5t th\u1ee9c \u0103n \u1ee7 chua, h\u1ed9p s\u1ed1 FMP-FK155 \u0111\u01b0\u1ee3c s\u1eed d\u1ee5ng trong m\u00e1y \u00e9p ki\u1ec7n \u0111\u1ec3 n\u00e9n ch\u1eb7t c\u00e1c v\u1eadt li\u1ec7u th\u1ee9c \u0103n \u01b0\u1edbt nh\u01b0 c\u1ecf, ng\u00f4 ho\u1eb7c c\u1ecf linh l\u0103ng th\u00e0nh c\u00e1c ki\u1ec7n vu\u00f4ng d\u00e0y \u0111\u1eb7c, \u0111\u01b0\u1ee3c ni\u00eam phong.<\/li>\n<li>L\u1ee3i \u00edch: Kh\u1ea3 n\u0103ng x\u1eed l\u00fd v\u1eadt li\u1ec7u \u1ea9m, n\u1eb7ng \u0111\u1ea3m b\u1ea3o t\u1ea1o ra ki\u1ec7n \u1ee7 chua ch\u1ea5t l\u01b0\u1ee3ng cao, l\u00fd t\u01b0\u1edfng \u0111\u1ec3 l\u01b0u tr\u1eef v\u00e0 cho \u0103n sau n\u00e0y, \u0111\u1ed3ng th\u1eddi v\u1eabn gi\u1eef \u0111\u01b0\u1ee3c gi\u00e1 tr\u1ecb dinh d\u01b0\u1ee1ng.<\/li>\n<\/ul>\n<p><strong>\u0110\u00f3ng ki\u1ec7n th\u1ee9c \u0103n ch\u0103n nu\u00f4i<\/strong><\/p>\n<ul>\n<li>\u1ee8ng d\u1ee5ng: C\u00e1c lo\u1ea1i c\u00e2y tr\u1ed3ng l\u00e0m th\u1ee9c \u0103n ch\u0103n nu\u00f4i nh\u01b0 c\u1ecf linh l\u0103ng ho\u1eb7c c\u1ecf ba l\u00e1 \u0111\u01b0\u1ee3c \u0111\u00f3ng ki\u1ec7n b\u1eb1ng h\u1ed9p s\u1ed1 FMP-FK155 \u0111\u1ec3 s\u1eed d\u1ee5ng l\u00e0m th\u1ee9c \u0103n ch\u0103n nu\u00f4i ch\u1ea5t l\u01b0\u1ee3ng cao.<\/li>\n<li>L\u1ee3i \u00edch: K\u1ef9 thu\u1eadt ch\u1ebf t\u1ea1o ch\u00ednh x\u00e1c c\u1ee7a h\u1ed9p s\u1ed1 \u0111\u1ea3m b\u1ea3o t\u1ea1o ra c\u00e1c ki\u1ec7n vu\u00f4ng \u0111\u01b0\u1ee3c \u0111\u00f3ng g\u00f3i ch\u1eb7t ch\u1ebd, \u0111\u1ecbnh h\u00ecnh t\u1ed1t gi\u00fap b\u1ea3o qu\u1ea3n ch\u1ea5t l\u01b0\u1ee3ng th\u1ee9c \u0103n ch\u0103n nu\u00f4i trong qu\u00e1 tr\u00ecnh l\u01b0u tr\u1eef v\u00e0 v\u1eadn chuy\u1ec3n.<\/li>\n<\/ul>\n<p>H\u1ed9p s\u1ed1 m\u00e1y \u0111\u00f3ng ki\u1ec7n vu\u00f4ng FMP-FK155 l\u00e0 m\u1ed9t c\u00f4ng c\u1ee5 kh\u00f4ng th\u1ec3 thi\u1ebfu trong n\u00f4ng nghi\u1ec7p hi\u1ec7n \u0111\u1ea1i, mang l\u1ea1i \u0111\u1ed9 tin c\u1eady, \u0111\u1ed9 b\u1ec1n v\u00e0 t\u00ednh linh ho\u1ea1t trong nhi\u1ec1u \u1ee9ng d\u1ee5ng \u0111\u00f3ng ki\u1ec7n. T\u1eeb \u0111\u00f3ng ki\u1ec7n c\u1ecf kh\u00f4 v\u00e0 r\u01a1m r\u1ea1 \u0111\u1ebfn s\u1ea3n xu\u1ea5t th\u1ee9c \u0103n \u1ee7 chua v\u00e0 qu\u1ea3n l\u00fd ch\u1ea5t th\u1ea3i n\u00f4ng nghi\u1ec7p, h\u1ed9p s\u1ed1 n\u00e0y \u0111\u1ea3m b\u1ea3o hi\u1ec7u su\u1ea5t v\u00e0 hi\u1ec7u qu\u1ea3 t\u1ed1i \u01b0u. C\u00f4ng su\u1ea5t m\u00f4-men xo\u1eafn cao, thi\u1ebft k\u1ebf ch\u00ednh x\u00e1c v\u00e0 t\u00ednh n\u0103ng b\u1ea3o tr\u00ec th\u1ea5p khi\u1ebfn n\u00f3 tr\u1edf n\u00ean l\u00fd t\u01b0\u1edfng cho c\u1ea3 trang tr\u1ea1i quy m\u00f4 nh\u1ecf v\u00e0 ho\u1ea1t \u0111\u1ed9ng th\u01b0\u01a1ng m\u1ea1i quy m\u00f4 l\u1edbn, g\u00f3p ph\u1ea7n \u0111\u00e1ng k\u1ec3 v\u00e0o s\u1ef1 th\u00e0nh c\u00f4ng v\u00e0 hi\u1ec7u qu\u1ea3 c\u1ee7a m\u00e1y m\u00f3c n\u00f4ng nghi\u1ec7p \u0111\u01b0\u1ee3c s\u1eed d\u1ee5ng trong \u0111\u00f3ng ki\u1ec7n.<\/p>\n<p><img loading=\"lazy\" decoding=\"async\" class=\"alignnone size-full wp-image-2608\" src=\"https:\/\/fmp-components.com\/wp-content\/uploads\/2025\/01\/Square-Baler-Gearbox-EP-FK136-Common-Applications1.webp\" alt=\"H\u1ed9p s\u1ed1 Square Baler-FMP-FK136-\u1ee8ng d\u1ee5ng ph\u1ed5 bi\u1ebfn(1)\" width=\"1024\" height=\"564\" title=\"\" srcset=\"https:\/\/fmp-components.com\/wp-content\/uploads\/2025\/01\/Square-Baler-Gearbox-EP-FK136-Common-Applications1.webp 1024w, https:\/\/fmp-components.com\/wp-content\/uploads\/2025\/01\/Square-Baler-Gearbox-EP-FK136-Common-Applications1-980x540.webp 980w, https:\/\/fmp-components.com\/wp-content\/uploads\/2025\/01\/Square-Baler-Gearbox-EP-FK136-Common-Applications1-480x264.webp 480w\" sizes=\"(min-width: 0px) and (max-width: 480px) 480px, (min-width: 481px) and (max-width: 980px) 980px, (min-width: 981px) 1024px, 100vw\" \/><\/p>\n<h3>Gi\u1edbi thi\u1ec7u v\u1ec1 FMP<\/h3>\n<p>C\u00f3 tr\u1ee5 s\u1edf ch\u00ednh t\u1ea1i \u00dd, FMP l\u00e0 nh\u00e0 s\u1ea3n xu\u1ea5t h\u00e0ng \u0111\u1ea7u, n\u1ed5i ti\u1ebfng v\u1edbi chuy\u00ean m\u00f4n trong thi\u1ebft k\u1ebf, ph\u00e1t tri\u1ec3n v\u00e0 s\u1ea3n xu\u1ea5t h\u1ed9p s\u1ed1 hi\u1ec7u su\u1ea5t cao, t\u1eadp trung m\u1ea1nh m\u1ebd v\u00e0o l\u0129nh v\u1ef1c m\u00e1y m\u00f3c n\u00f4ng nghi\u1ec7p. V\u1edbi uy t\u00edn v\u1ec1 k\u1ef9 thu\u1eadt ch\u00ednh x\u00e1c, gi\u1ea3i ph\u00e1p ti\u00ean ti\u1ebfn v\u00e0 \u0111\u1ed9 tin c\u1eady tuy\u1ec7t \u0111\u1ed1i, FMP \u0111\u00e3 kh\u1eb3ng \u0111\u1ecbnh v\u1ecb th\u1ebf l\u00e0 \u0111\u1ed1i t\u00e1c \u0111\u00e1ng tin c\u1eady cho c\u1ea3 l\u0129nh v\u1ef1c n\u00f4ng nghi\u1ec7p v\u00e0 c\u00f4ng nghi\u1ec7p. Danh m\u1ee5c s\u1ea3n ph\u1ea9m phong ph\u00fa c\u1ee7a ch\u00fang t\u00f4i bao g\u1ed3m h\u1ed9p s\u1ed1 chuy\u00ean d\u1ee5ng cho m\u00e1y c\u1eaft c\u1ecf, tr\u1ee5c PTO v\u00e0 c\u00e1c linh ki\u1ec7n thi\u1ebft y\u1ebfu kh\u00e1c, t\u1ea5t c\u1ea3 \u0111\u1ec1u \u0111\u01b0\u1ee3c thi\u1ebft k\u1ebf chuy\u00ean nghi\u1ec7p \u0111\u1ec3 cung c\u1ea5p c\u00e1c gi\u1ea3i ph\u00e1p t\u00f9y ch\u1ec9nh cho nhi\u1ec1u \u1ee9ng d\u1ee5ng kh\u00e1c nhau.<\/p>\n<p>T\u1ea1i FMP, ch\u00fang t\u00f4i hi\u1ec3u r\u1eb1ng m\u1ed7i kh\u00e1ch h\u00e0ng \u0111\u1ec1u c\u00f3 nh\u1eefng y\u00eau c\u1ea7u v\u00e0 th\u00e1ch th\u1ee9c ri\u00eang. \u0110\u00f3 l\u00e0 l\u00fd do t\u1ea1i sao ch\u00fang t\u00f4i chuy\u00ean cung c\u1ea5p c\u00e1c gi\u1ea3i ph\u00e1p \u0111\u01b0\u1ee3c thi\u1ebft k\u1ebf ri\u00eang, d\u00f9 l\u00e0 cho t\u1eebng th\u00e0nh ph\u1ea7n ri\u00eang l\u1ebb hay h\u1ec7 th\u1ed1ng t\u00edch h\u1ee3p ho\u00e0n ch\u1ec9nh. B\u1eb1ng c\u00e1ch h\u1ee3p t\u00e1c ch\u1eb7t ch\u1ebd v\u1edbi kh\u00e1ch h\u00e0ng, ch\u00fang t\u00f4i \u0111\u1ea3m b\u1ea3o m\u1ecdi gi\u1ea3i ph\u00e1p \u0111\u1ec1u hi\u1ec7u qu\u1ea3 v\u00e0 t\u1ed1i \u01b0u h\u00f3a hi\u1ec7u su\u1ea5t v\u00e0 gi\u00e1 tr\u1ecb. Cam k\u1ebft cung c\u1ea5p ph\u1ea3n h\u1ed3i nhanh ch\u00f3ng, chuy\u00ean nghi\u1ec7p - \u0111\u01b0\u1ee3c h\u1ed7 tr\u1ee3 b\u1edfi h\u01b0\u1edbng d\u1eabn chuy\u00ean m\u00f4n - \u0111\u1ea3m b\u1ea3o r\u1eb1ng m\u1ed7i y\u00eau c\u1ea7u \u0111\u1ec1u \u0111\u01b0\u1ee3c x\u1eed l\u00fd v\u1edbi s\u1ef1 c\u1ea9n tr\u1ecdng v\u00e0 ch\u00ednh x\u00e1c t\u1ed1i \u0111a, mang l\u1ea1i k\u1ebft qu\u1ea3 t\u1ed1t nh\u1ea5t c\u00f3 th\u1ec3.<\/p>\n<p>Ch\u00fang t\u00f4i \u01b0u ti\u00ean giao ti\u1ebfp c\u1edfi m\u1edf v\u00e0 li\u00ean t\u1ee5c trong su\u1ed1t qu\u00e1 tr\u00ecnh ph\u00e1t tri\u1ec3n s\u1ea3n ph\u1ea9m. \u0110\u1ed9i ng\u0169 t\u1eadn t\u00e2m c\u1ee7a ch\u00fang t\u00f4i l\u00e0m vi\u1ec7c tr\u1ef1c ti\u1ebfp v\u1edbi kh\u00e1ch h\u00e0ng \u0111\u1ec3 hi\u1ec3u r\u00f5 nhu c\u1ea7u c\u1ee5 th\u1ec3 c\u1ee7a h\u1ecd, cung c\u1ea5p nh\u1eefng hi\u1ec3u bi\u1ebft s\u00e2u s\u1eafc v\u00e0 khuy\u1ebfn ngh\u1ecb gi\u00e1 tr\u1ecb nh\u1eb1m \u0111\u1ea3m b\u1ea3o c\u00e1c gi\u1ea3i ph\u00e1p t\u1ed1i \u01b0u. D\u00f9 l\u00e0 thi\u1ebft k\u1ebf s\u1ea3n ph\u1ea9m s\u00e1ng t\u1ea1o hay ho\u00e0n th\u00e0nh c\u00e1c \u0111\u01a1n h\u00e0ng \u0111ang tri\u1ec3n khai, FMP lu\u00f4n cam k\u1ebft cung c\u1ea5p c\u00e1c gi\u1ea3i ph\u00e1p ch\u1ea5t l\u01b0\u1ee3ng cao, \u0111\u01b0\u1ee3c thi\u1ebft k\u1ebf ch\u00ednh x\u00e1c, \u0111\u00fang h\u1ea1n. M\u1ee5c ti\u00eau c\u1ee7a ch\u00fang t\u00f4i l\u00e0 v\u01b0\u1ee3t tr\u00ean c\u1ea3 mong \u0111\u1ee3i, mang \u0111\u1ebfn d\u1ecbch v\u1ee5 v\u00e0 k\u1ebft qu\u1ea3 t\u1ed1t nh\u1ea5t cho t\u1eebng d\u1ef1 \u00e1n.<\/p>\n<p>Ch\u1ea5t l\u01b0\u1ee3ng l\u00e0 n\u1ec1n t\u1ea3ng cho m\u1ecdi ho\u1ea1t \u0111\u1ed9ng c\u1ee7a FMP. Ch\u00fang t\u00f4i tu\u00e2n th\u1ee7 c\u00e1c ti\u00eau chu\u1ea9n s\u1ea3n xu\u1ea5t cao nh\u1ea5t v\u00e0 th\u1ef1c hi\u1ec7n c\u00e1c bi\u1ec7n ph\u00e1p ki\u1ec3m so\u00e1t ch\u1ea5t l\u01b0\u1ee3ng nghi\u00eam ng\u1eb7t \u0111\u1ec3 \u0111\u1ea3m b\u1ea3o m\u1ed7i s\u1ea3n ph\u1ea9m kh\u00f4ng ch\u1ec9 \u0111\u00e1p \u1ee9ng m\u00e0 c\u00f2n v\u01b0\u1ee3t xa k\u1ef3 v\u1ecdng c\u1ee7a ng\u00e0nh. Cam k\u1ebft kh\u00f4ng ng\u1eebng ngh\u1ec9 v\u1ec1 ch\u1ea5t l\u01b0\u1ee3ng, c\u00f9ng v\u1edbi c\u00e1c gi\u00e1 tr\u1ecb c\u1ed1t l\u00f5i c\u1ee7a ch\u00fang t\u00f4i l\u00e0 ch\u00ednh tr\u1ef1c, tinh th\u1ea7n \u0111\u1ed3ng \u0111\u1ed9i v\u00e0 s\u1ef1 ki\u00ean tr\u00ec, \u0111\u00e3 gi\u00fap ch\u00fang t\u00f4i x\u00e2y d\u1ef1ng m\u1ed1i quan h\u1ec7 l\u00e2u d\u00e0i, tin c\u1eady v\u1edbi kh\u00e1ch h\u00e0ng t\u1ea1i g\u1ea7n 30 qu\u1ed1c gia tr\u00ean to\u00e0n th\u1ebf gi\u1edbi.<\/p>\n<p>FMP cam k\u1ebft th\u00fac \u0111\u1ea9y quan h\u1ec7 \u0111\u1ed1i t\u00e1c to\u00e0n c\u1ea7u v\u00e0 cung c\u1ea5p t\u01b0 v\u1ea5n chuy\u00ean m\u00f4n c\u00f9ng c\u00e1c gi\u1ea3i ph\u00e1p ph\u00f9 h\u1ee3p, \u0111\u00e1p \u1ee9ng nhu c\u1ea7u \u0111a d\u1ea1ng c\u1ee7a kh\u00e1ch h\u00e0ng. Ch\u00fang t\u00f4i kh\u00f4ng ch\u1ec9 \u0111\u01a1n thu\u1ea7n cung c\u1ea5p s\u1ea3n ph\u1ea9m; ch\u00fang t\u00f4i t\u1eadp trung x\u00e2y d\u1ef1ng m\u1ed1i quan h\u1ec7 b\u1ec1n v\u1eefng, g\u00f3p ph\u1ea7n v\u00e0o th\u00e0nh c\u00f4ng c\u1ee7a m\u1ecdi d\u1ef1 \u00e1n. Cho d\u00f9 b\u1ea1n c\u1ea7n c\u00e1c gi\u1ea3i ph\u00e1p s\u00e1ng t\u1ea1o cho m\u1ed9t s\u00e1ng ki\u1ebfn \u200b\u200bm\u1edbi hay h\u1ed7 tr\u1ee3 li\u00ean t\u1ee5c cho m\u1ed9t h\u1ec7 th\u1ed1ng hi\u1ec7n c\u00f3, FMP lu\u00f4n s\u1eb5n s\u00e0ng gi\u1ea3i quy\u1ebft c\u00e1c th\u00e1ch th\u1ee9c k\u1ef9 thu\u1eadt v\u00e0 \u0111\u1ea3m b\u1ea3o s\u1ef1 th\u00e0nh c\u00f4ng li\u00ean t\u1ee5c c\u1ee7a b\u1ea1n.<\/p>\n<p><img loading=\"lazy\" decoding=\"async\" class=\"alignnone size-full wp-image-1861\" src=\"https:\/\/fmp-components.com\/wp-content\/uploads\/2024\/12\/Other-Agricultural-Gearboxes.webp\" sizes=\"(min-width: 0px) and (max-width: 480px) 480px, (min-width: 481px) and (max-width: 980px) 980px, (min-width: 981px) 1200px, 100vw\" srcset=\"https:\/\/fmp-components.com\/wp-content\/uploads\/2024\/12\/Other-Agricultural-Gearboxes.webp 1200w, https:\/\/fmp-components.com\/wp-content\/uploads\/2024\/12\/Other-Agricultural-Gearboxes-980x1143.webp 980w, https:\/\/fmp-components.com\/wp-content\/uploads\/2024\/12\/Other-Agricultural-Gearboxes-480x560.webp 480w\" alt=\"Altri-cambi-agricoli\" width=\"1200\" height=\"1400\" title=\"\"><\/p>\n<p>T\u00e1c gi\u1ea3: CX<\/p>\n<\/div>\n<\/div>\n<\/div>\n<\/div>","protected":false},"excerpt":{"rendered":"<p>Square Baler Gearbox FMP-FK155 Dimensions Square Baler Gearbox FMP-FK155 Technical Data i Suitable Rpm input Rpm output KW(Nom) KW(Max) Toothing r\/min r\/min hp hp Left and Light output 1:2.46 Automatic feed baler, etc 540 1328 180 1080 Gleason Helical Teeth Follow-up output 1.24:1 1328 1070 130 1100 Remark: If you have any special require feel [&hellip;]<\/p>","protected":false},"featured_media":2619,"comment_status":"open","ping_status":"closed","template":"","meta":{"_et_pb_use_builder":"","_et_pb_old_content":"","_et_gb_content_width":""},"product_brand":[],"product_cat":[62],"product_tag":[],"class_list":{"0":"post-2616","1":"product","2":"type-product","3":"status-publish","4":"has-post-thumbnail","6":"product_cat-square-baler-gearbox","8":"first","9":"instock","10":"shipping-taxable","11":"product-type-simple"},"_links":{"self":[{"href":"https:\/\/fmp-components.com\/vi\/wp-json\/wp\/v2\/product\/2616","targetHints":{"allow":["GET"]}}],"collection":[{"href":"https:\/\/fmp-components.com\/vi\/wp-json\/wp\/v2\/product"}],"about":[{"href":"https:\/\/fmp-components.com\/vi\/wp-json\/wp\/v2\/types\/product"}],"replies":[{"embeddable":true,"href":"https:\/\/fmp-components.com\/vi\/wp-json\/wp\/v2\/comments?post=2616"}],"wp:featuredmedia":[{"embeddable":true,"href":"https:\/\/fmp-components.com\/vi\/wp-json\/wp\/v2\/media\/2619"}],"wp:attachment":[{"href":"https:\/\/fmp-components.com\/vi\/wp-json\/wp\/v2\/media?parent=2616"}],"wp:term":[{"taxonomy":"product_brand","embeddable":true,"href":"https:\/\/fmp-components.com\/vi\/wp-json\/wp\/v2\/product_brand?post=2616"},{"taxonomy":"product_cat","embeddable":true,"href":"https:\/\/fmp-components.com\/vi\/wp-json\/wp\/v2\/product_cat?post=2616"},{"taxonomy":"product_tag","embeddable":true,"href":"https:\/\/fmp-components.com\/vi\/wp-json\/wp\/v2\/product_tag?post=2616"}],"curies":[{"name":"wp","href":"https:\/\/api.w.org\/{rel}","templated":true}]}}