{"id":2573,"date":"2025-01-03T01:07:52","date_gmt":"2025-01-03T01:07:52","guid":{"rendered":"https:\/\/fmp-components.com\/?page_id=8"},"modified":"2025-01-03T01:14:05","modified_gmt":"2025-01-03T01:14:05","slug":"square-baler-gearbox-fmp-fk215","status":"publish","type":"product","link":"https:\/\/fmp-components.com\/vi\/product\/square-baler-gearbox-fmp-fk215\/","title":{"rendered":"H\u1ed9p s\u1ed1 m\u00e1y \u0111\u00f3ng ki\u1ec7n vu\u00f4ng FMP-FK215"},"content":{"rendered":"<p><img loading=\"lazy\" decoding=\"async\" class=\"size-full wp-image-2587 aligncenter\" src=\"https:\/\/fmp-components.com\/wp-content\/uploads\/2025\/01\/FMP-FK215-Square-Baler-Gearbox-Components1.webp\" alt=\"Linh ki\u1ec7n h\u1ed9p s\u1ed1 m\u00e1y \u0111\u00f3ng ki\u1ec7n vu\u00f4ng FMP-FK215(1)\" width=\"684\" height=\"425\" title=\"\" srcset=\"https:\/\/fmp-components.com\/wp-content\/uploads\/2025\/01\/FMP-FK215-Square-Baler-Gearbox-Components1.webp 684w, https:\/\/fmp-components.com\/wp-content\/uploads\/2025\/01\/FMP-FK215-Square-Baler-Gearbox-Components1-480x298.webp 480w\" sizes=\"(min-width: 0px) and (max-width: 480px) 480px, (min-width: 481px) 684px, 100vw\" \/><\/p>\n<h2>K\u00edch th\u01b0\u1edbc h\u1ed9p s\u1ed1 m\u00e1y \u0111\u00f3ng ki\u1ec7n vu\u00f4ng FMP-FK215<\/h2>\n<p><img loading=\"lazy\" decoding=\"async\" class=\"alignnone size-full wp-image-2583\" src=\"https:\/\/fmp-components.com\/wp-content\/uploads\/2025\/01\/FMP-FK215-Square-Baler-Gearbox-Dimensions.webp\" alt=\"K\u00edch th\u01b0\u1edbc h\u1ed9p s\u1ed1 m\u00e1y \u0111\u00f3ng ki\u1ec7n vu\u00f4ng FMP-FK215\" width=\"1207\" height=\"743\" title=\"\" srcset=\"https:\/\/fmp-components.com\/wp-content\/uploads\/2025\/01\/FMP-FK215-Square-Baler-Gearbox-Dimensions.webp 1207w, https:\/\/fmp-components.com\/wp-content\/uploads\/2025\/01\/FMP-FK215-Square-Baler-Gearbox-Dimensions-980x603.webp 980w, https:\/\/fmp-components.com\/wp-content\/uploads\/2025\/01\/FMP-FK215-Square-Baler-Gearbox-Dimensions-480x295.webp 480w\" sizes=\"(min-width: 0px) and (max-width: 480px) 480px, (min-width: 481px) and (max-width: 980px) 980px, (min-width: 981px) 1207px, 100vw\" \/><\/p>\n<h2>K\u00edch th\u01b0\u1edbc tr\u1ee5c h\u1ed9p s\u1ed1 m\u00e1y \u0111\u00f3ng ki\u1ec7n vu\u00f4ng FMP-FK215<\/h2>\n<p><img loading=\"lazy\" decoding=\"async\" class=\"alignnone size-full wp-image-2584\" src=\"https:\/\/fmp-components.com\/wp-content\/uploads\/2025\/01\/FMP-FK215-Square-Baler-Gearbox-Shaft-Dimensions.webp\" alt=\"K\u00edch th\u01b0\u1edbc h\u1ed9p s\u1ed1 tr\u1ee5c m\u00e1y \u0111\u00f3ng ki\u1ec7n vu\u00f4ng FMP-FK215\" width=\"1537\" height=\"456\" title=\"\" srcset=\"https:\/\/fmp-components.com\/wp-content\/uploads\/2025\/01\/FMP-FK215-Square-Baler-Gearbox-Shaft-Dimensions.webp 1537w, https:\/\/fmp-components.com\/wp-content\/uploads\/2025\/01\/FMP-FK215-Square-Baler-Gearbox-Shaft-Dimensions-1280x380.webp 1280w, https:\/\/fmp-components.com\/wp-content\/uploads\/2025\/01\/FMP-FK215-Square-Baler-Gearbox-Shaft-Dimensions-980x291.webp 980w, https:\/\/fmp-components.com\/wp-content\/uploads\/2025\/01\/FMP-FK215-Square-Baler-Gearbox-Shaft-Dimensions-480x142.webp 480w\" sizes=\"(min-width: 0px) and (max-width: 480px) 480px, (min-width: 481px) and (max-width: 980px) 980px, (min-width: 981px) and (max-width: 1280px) 1280px, (min-width: 1281px) 1537px, 100vw\" \/><\/p>\n<h2>D\u1eef li\u1ec7u k\u1ef9 thu\u1eadt h\u1ed9p s\u1ed1 m\u00e1y \u0111\u00f3ng ki\u1ec7n vu\u00f4ng FMP-FK215<\/h2>\n<table style=\"width: 99.5102%; height: 122px;\" border=\"1\" cellspacing=\"0\" cellpadding=\"0\">\n<tbody>\n<tr style=\"height: 23px;\">\n<td style=\"height: 46px;\" colspan=\"2\" rowspan=\"2\">T\u00f4i<\/td>\n<td style=\"height: 46px;\" rowspan=\"2\">Th\u00edch h\u1ee3p<\/td>\n<td style=\"height: 23px;\">\u0110\u1ea7u v\u00e0o v\u00f2ng\/ph\u00fat<\/td>\n<td style=\"height: 23px;\">\u0110\u1ea7u ra v\u00f2ng\/ph\u00fat<\/td>\n<td style=\"height: 23px;\">KW(T\u00ean)<\/td>\n<td style=\"height: 23px;\">KW(T\u1ed1i \u0111a)<\/td>\n<td style=\"height: 46px;\" rowspan=\"2\">m\u1ecdc r\u0103ng<\/td>\n<\/tr>\n<tr style=\"height: 23px;\">\n<td style=\"height: 23px;\">v\u00f2ng\/ph\u00fat<\/td>\n<td style=\"height: 23px;\">v\u00f2ng\/ph\u00fat<\/td>\n<td style=\"height: 23px;\">m\u00e3 l\u1ef1c<\/td>\n<td style=\"height: 23px;\">m\u00e3 l\u1ef1c<\/td>\n<\/tr>\n<tr style=\"height: 47px;\">\n<td style=\"height: 47px;\">T\u0103ng t\u1ed1c \u0111\u1ed9<\/td>\n<td style=\"height: 47px;\">1:1.33<\/td>\n<td style=\"height: 47px;\">M\u00e1y \u0111\u00f3ng ki\u1ec7n vu\u00f4ng, v.v.<\/td>\n<td style=\"height: 47px;\">540<\/td>\n<td style=\"height: 47px;\">718.2<\/td>\n<td style=\"height: 47px;\">80<\/td>\n<td style=\"height: 47px;\">120<\/td>\n<td style=\"height: 47px;\">Gleason th\u1eb3ng<br \/>\nR\u0103ng<\/td>\n<\/tr>\n<tr style=\"height: 23px;\">\n<td style=\"height: 23px;\" colspan=\"8\">L\u01b0u \u00fd: N\u1ebfu b\u1ea1n c\u00f3 b\u1ea5t k\u1ef3 y\u00eau c\u1ea7u \u0111\u1eb7c bi\u1ec7t n\u00e0o, vui l\u00f2ng cho t\u00f4i bi\u1ebft, ch\u00fang t\u00f4i c\u0169ng ch\u1ea5p nh\u1eadn t\u00f9y ch\u1ec9nh.<\/td>\n<\/tr>\n<\/tbody>\n<\/table>\n<h2>C\u00e1c th\u00e0nh ph\u1ea7n c\u1ee7a h\u1ed9p s\u1ed1 m\u00e1y \u0111\u00f3ng ki\u1ec7n vu\u00f4ng FMP-FK215<\/h2>\n<p>H\u1ed9p s\u1ed1 m\u00e1y \u0111\u00f3ng ki\u1ec7n vu\u00f4ng FMP-FK215 \u0111\u01b0\u1ee3c thi\u1ebft k\u1ebf \u0111\u1ec3 \u0111\u00e1p \u1ee9ng c\u00e1c y\u00eau c\u1ea7u c\u1ee5 th\u1ec3 c\u1ee7a m\u00e1y \u0111\u00f3ng ki\u1ec7n vu\u00f4ng, \u0111\u1ea3m b\u1ea3o truy\u1ec1n \u0111\u1ed9ng hi\u1ec7u qu\u1ea3, hi\u1ec7u su\u1ea5t \u0111\u00e1ng tin c\u1eady v\u00e0 \u0111\u1ed9 b\u1ec1n l\u00e2u d\u00e0i. H\u1ed9p s\u1ed1 bao g\u1ed3m m\u1ed9t s\u1ed1 b\u1ed9 ph\u1eadn ch\u00ednh ho\u1ea1t \u0111\u1ed9ng c\u00f9ng nhau \u0111\u1ec3 t\u1ed1i \u01b0u h\u00f3a ch\u1ee9c n\u0103ng v\u00e0 tu\u1ed5i th\u1ecd c\u1ee7a m\u00e1y \u0111\u00f3ng ki\u1ec7n. D\u01b0\u1edbi \u0111\u00e2y l\u00e0 c\u00e1c b\u1ed9 ph\u1eadn ch\u00ednh c\u1ee7a h\u1ed9p s\u1ed1 m\u00e1y \u0111\u00f3ng ki\u1ec7n vu\u00f4ng FMP-FK215:<\/p>\n<p><strong>Nh\u00e0 \u1edf<\/strong><\/p>\n<ul>\n<li><strong>V\u1eadt li\u1ec7u<\/strong>:Th\u00f4ng th\u01b0\u1eddng \u0111\u01b0\u1ee3c l\u00e0m b\u1eb1ng gang ho\u1eb7c th\u00e9p c\u00f3 \u0111\u1ed9 b\u1ec1n cao, v\u1ecf m\u00e1y b\u1ea3o v\u1ec7 c\u00e1c b\u1ed9 ph\u1eadn b\u00ean trong v\u00e0 \u0111\u1ea3m b\u1ea3o t\u00ednh to\u00e0n v\u1eb9n v\u1ec1 m\u1eb7t c\u1ea5u tr\u00fac.<\/li>\n<li><strong>Thi\u1ebft k\u1ebf<\/strong>: \u0110\u01b0\u1ee3c thi\u1ebft k\u1ebf ch\u00ednh x\u00e1c \u0111\u1ec3 ch\u1ecbu \u0111\u01b0\u1ee3c \u00e1p l\u1ef1c c\u1ee7a ho\u1ea1t \u0111\u1ed9ng \u0111\u00f3ng ki\u1ec7n trong khi v\u1eabn t\u1ea3n nhi\u1ec7t hi\u1ec7u qu\u1ea3.<\/li>\n<\/ul>\n<p><strong>Tr\u1ee5c \u0111\u1ea7u v\u00e0o<\/strong><\/p>\n<ul>\n<li><strong>Ch\u1ee9c n\u0103ng<\/strong>: K\u1ebft n\u1ed1i v\u1edbi ngu\u1ed3n \u0111i\u1ec7n (th\u01b0\u1eddng l\u00e0 tr\u1ee5c PTO t\u1eeb m\u00e1y k\u00e9o), truy\u1ec1n m\u00f4-men xo\u1eafn v\u00e0o h\u1ed9p s\u1ed1.<\/li>\n<li><strong>Thi\u1ebft k\u1ebf<\/strong>: \u0110\u01b0\u1ee3c l\u00e0m b\u1eb1ng th\u00e9p b\u1ec1n, \u0111\u01b0\u1ee3c thi\u1ebft k\u1ebf \u0111\u1ec3 ch\u1ecbu \u0111\u01b0\u1ee3c t\u1ea3i m\u00f4-men xo\u1eafn cao.<\/li>\n<\/ul>\n<p><strong>B\u00e1nh r\u0103ng c\u00f4n<\/strong><\/p>\n<ul>\n<li><strong>Ch\u1ee9c n\u0103ng<\/strong>: Th\u01b0\u1eddng \u0111\u01b0\u1ee3c s\u1eed d\u1ee5ng \u0111\u1ec3 truy\u1ec1n l\u1ef1c theo g\u00f3c vu\u00f4ng, b\u00e1nh r\u0103ng c\u00f4n trong FMP-FK215 gi\u00fap thay \u0111\u1ed5i h\u01b0\u1edbng truy\u1ec1n l\u1ef1c, cho ph\u00e9p h\u1ed9p s\u1ed1 truy\u1ec1n \u0111\u1ed9ng nhi\u1ec1u b\u1ed9 ph\u1eadn c\u1ee7a m\u00e1y \u0111\u00f3ng ki\u1ec7n.<\/li>\n<li><strong>V\u1eadt li\u1ec7u<\/strong>: Th\u00e9p ch\u1ea5t l\u01b0\u1ee3ng cao, \u0111\u01b0\u1ee3c x\u1eed l\u00fd nhi\u1ec7t \u0111\u1ec3 t\u0103ng \u0111\u1ed9 b\u1ec1n.<\/li>\n<\/ul>\n<p><strong>B\u00e1nh r\u0103ng th\u1eb3ng<\/strong><\/p>\n<ul>\n<li><strong>Ch\u1ee9c n\u0103ng<\/strong>:B\u00e1nh r\u0103ng th\u1eb3ng \u0111\u01b0\u1ee3c s\u1eed d\u1ee5ng trong h\u1ed9p s\u1ed1 \u0111\u1ec3 truy\u1ec1n l\u1ef1c quay t\u1eeb tr\u1ee5c n\u00e0y sang tr\u1ee5c kh\u00e1c, duy tr\u00ec m\u00f4-men xo\u1eafn v\u00e0 t\u1ed1c \u0111\u1ed9.<\/li>\n<li><strong>Thi\u1ebft k\u1ebf<\/strong>: C\u1eaft ch\u00ednh x\u00e1c \u0111\u1ec3 \u0111\u1ea3m b\u1ea3o ho\u1ea1t \u0111\u1ed9ng tr\u01a1n tru v\u00e0 hi\u1ec7u qu\u1ea3 cao.<\/li>\n<\/ul>\n<p><strong>Tr\u1ee5c \u0111\u1ea7u ra<\/strong><\/p>\n<ul>\n<li><strong>Ch\u1ee9c n\u0103ng<\/strong>: Truy\u1ec1n l\u1ef1c t\u1eeb h\u1ed9p s\u1ed1 \u0111\u1ebfn c\u00e1c b\u1ed9 ph\u1eadn v\u1eadn h\u00e0nh c\u1ee7a m\u00e1y \u0111\u00f3ng ki\u1ec7n, ch\u1eb3ng h\u1ea1n nh\u01b0 c\u01a1 c\u1ea5u nh\u1eb7t ho\u1eb7c h\u1ec7 th\u1ed1ng th\u1eaft n\u00fat.<\/li>\n<li><strong>V\u1eadt li\u1ec7u<\/strong>: H\u1ee3p kim th\u00e9p, \u0111\u01b0\u1ee3c t\u00f4i c\u1ee9ng \u0111\u1ec3 t\u0103ng \u0111\u1ed9 b\u1ec1n v\u00e0 kh\u1ea3 n\u0103ng ch\u1ed1ng m\u00e0i m\u00f2n.<\/li>\n<\/ul>\n<p>C\u00e1c b\u1ed9 ph\u1eadn n\u00e0y ho\u1ea1t \u0111\u1ed9ng li\u1ec1n m\u1ea1ch v\u1edbi nhau \u0111\u1ec3 mang l\u1ea1i hi\u1ec7u su\u1ea5t hi\u1ec7u qu\u1ea3 v\u00e0 \u0111\u00e1ng tin c\u1eady, bi\u1ebfn H\u1ed9p s\u1ed1 M\u00e1y \u0111\u00f3ng ki\u1ec7n vu\u00f4ng FMP-FK215 tr\u1edf th\u00e0nh m\u1ed9t ph\u1ea7n thi\u1ebft y\u1ebfu c\u1ee7a quy tr\u00ecnh \u0111\u00f3ng ki\u1ec7n vu\u00f4ng. H\u1ed9p s\u1ed1 \u0111\u01b0\u1ee3c thi\u1ebft k\u1ebf \u0111\u1ec3 \u0111\u1ea3m b\u1ea3o \u0111\u1ed9 b\u1ec1n, \u0111\u1ed9 ch\u00ednh x\u00e1c v\u00e0 kh\u1ea3 n\u0103ng ch\u1ecbu t\u1ea3i cao, \u0111\u1ea3m b\u1ea3o \u0111\u00e1p \u1ee9ng c\u00e1c y\u00eau c\u1ea7u kh\u1eaft khe c\u1ee7a m\u00e1y m\u00f3c n\u00f4ng nghi\u1ec7p trong nhi\u1ec1u \u0111i\u1ec1u ki\u1ec7n kh\u00e1c nhau.<\/p>\n<p><img loading=\"lazy\" decoding=\"async\" class=\"alignnone size-full wp-image-2588\" src=\"https:\/\/fmp-components.com\/wp-content\/uploads\/2025\/01\/FMP-FK215-Square-Baler-Gearbox-Applications-980x4831-1.webp\" alt=\"FMP-FK215-M\u00e1y \u0111\u00f3ng ki\u1ec7n vu\u00f4ng-H\u1ed9p s\u1ed1-\u1ee8ng d\u1ee5ng-980x483(1)\" width=\"980\" height=\"483\" title=\"\" srcset=\"https:\/\/fmp-components.com\/wp-content\/uploads\/2025\/01\/FMP-FK215-Square-Baler-Gearbox-Applications-980x4831-1.webp 980w, https:\/\/fmp-components.com\/wp-content\/uploads\/2025\/01\/FMP-FK215-Square-Baler-Gearbox-Applications-980x4831-1-480x237.webp 480w\" sizes=\"(min-width: 0px) and (max-width: 480px) 480px, (min-width: 481px) 980px, 100vw\" \/><\/p>\n<h2>\u1ee8ng d\u1ee5ng c\u1ee7a H\u1ed9p s\u1ed1 m\u00e1y \u0111\u00f3ng ki\u1ec7n vu\u00f4ng FMP-FK215<\/h2>\n<div class=\"flex max-w-full flex-col flex-grow\">\n<div class=\"min-h-8 text-message flex w-full flex-col items-end gap-2 whitespace-normal break-words text-start [.text-message+&amp;]:mt-5\" dir=\"auto\" data-message-author-role=\"assistant\" data-message-id=\"3c7df252-c509-4480-9f6e-9203a002b444\" data-message-model-slug=\"gpt-4o\">\n<div class=\"flex w-full flex-col gap-1 empty:hidden first:pt-[3px]\">\n<div class=\"markdown prose w-full break-words dark:prose-invert light\">\n<p>H\u1ed9p s\u1ed1 m\u00e1y \u0111\u00f3ng ki\u1ec7n vu\u00f4ng FMP-FK215 \u0111\u01b0\u1ee3c thi\u1ebft k\u1ebf \u0111\u1eb7c bi\u1ec7t \u0111\u1ec3 cung c\u1ea5p kh\u1ea3 n\u0103ng truy\u1ec1n \u0111\u1ed9ng \u0111\u00e1ng tin c\u1eady v\u00e0 v\u1eadn h\u00e0nh hi\u1ec7u qu\u1ea3 cho m\u00e1y \u0111\u00f3ng ki\u1ec7n vu\u00f4ng trong c\u00e1c \u1ee9ng d\u1ee5ng n\u00f4ng nghi\u1ec7p. K\u1ebft c\u1ea5u ch\u1eafc ch\u1eafn v\u00e0 k\u1ef9 thu\u1eadt ch\u00ednh x\u00e1c gi\u00fap m\u00e1y ph\u00f9 h\u1ee3p v\u1edbi nhi\u1ec1u \u1ee9ng d\u1ee5ng kh\u00e1c nhau trong l\u0129nh v\u1ef1c n\u00f4ng nghi\u1ec7p. D\u01b0\u1edbi \u0111\u00e2y l\u00e0 c\u00e1c \u1ee9ng d\u1ee5ng ch\u00ednh c\u1ee7a h\u1ed9p s\u1ed1 m\u00e1y \u0111\u00f3ng ki\u1ec7n vu\u00f4ng FMP-FK215:<\/p>\n<p><strong>\u0110\u00f3ng ki\u1ec7n c\u1ecf kh\u00f4 v\u00e0 r\u01a1m<\/strong><\/p>\n<ul>\n<li><strong>\u1ee8ng d\u1ee5ng<\/strong>: H\u1ed9p s\u1ed1 m\u00e1y \u0111\u00f3ng ki\u1ec7n vu\u00f4ng FMP-FK215 th\u01b0\u1eddng \u0111\u01b0\u1ee3c s\u1eed d\u1ee5ng trong m\u00e1y \u0111\u00f3ng ki\u1ec7n c\u1ecf kh\u00f4 v\u00e0 r\u01a1m. N\u00f3 gi\u00fap truy\u1ec1n \u0111\u1ed9ng cho c\u01a1 c\u1ea5u \u0111\u00f3ng ki\u1ec7n, \u0111\u1ea3m b\u1ea3o thu gom v\u00e0 n\u00e9n ch\u1eb7t c\u1ecf kh\u00f4, r\u01a1m r\u1ea1 ho\u1eb7c c\u00e1c lo\u1ea1i c\u00e2y tr\u1ed3ng l\u00e0m th\u1ee9c \u0103n ch\u0103n nu\u00f4i kh\u00e1c th\u00e0nh c\u00e1c ki\u1ec7n h\u00ecnh ch\u1eef nh\u1eadt \u0111\u01b0\u1ee3c bu\u1ed9c ch\u1eb7t m\u1ed9t c\u00e1ch hi\u1ec7u qu\u1ea3.<\/li>\n<li><strong>Nh\u1eefng l\u1ee3i \u00edch<\/strong>: \u0110\u1ea3m b\u1ea3o ho\u1ea1t \u0111\u1ed9ng tr\u01a1n tru v\u00e0 nh\u1ea5t qu\u00e1n, c\u1ea3i thi\u1ec7n n\u0103ng su\u1ea5t v\u00e0 gi\u1ea3m th\u1eddi gian ch\u1ebft trong qu\u00e1 tr\u00ecnh thu ho\u1ea1ch c\u1ecf kh\u00f4 v\u00e0 r\u01a1m.<\/li>\n<\/ul>\n<p><strong>\u0110\u00f3ng ki\u1ec7n \u1ee7 chua<\/strong><\/p>\n<ul>\n<li><strong>\u1ee8ng d\u1ee5ng<\/strong>: H\u1ed9p s\u1ed1 n\u00e0y c\u0169ng \u0111\u01b0\u1ee3c s\u1eed d\u1ee5ng trong m\u00e1y \u0111\u00f3ng ki\u1ec7n \u1ee7 chua \u0111\u1ec3 thu gom v\u00e0 n\u00e9n ch\u1eb7t th\u1ee9c \u0103n \u1ee7 chua, d\u00f9ng l\u00e0m th\u1ee9c \u0103n ch\u0103n nu\u00f4i. FMP-FK215 h\u1ed7 tr\u1ee3 x\u1eed l\u00fd v\u1eadt li\u1ec7u \u01b0\u1edbt v\u00e0 \u0111\u1eb7c, \u0111\u1ea3m b\u1ea3o m\u00e1y \u0111\u00f3ng ki\u1ec7n ho\u1ea1t \u0111\u1ed9ng hi\u1ec7u qu\u1ea3 ngay c\u1ea3 v\u1edbi v\u1eadt li\u1ec7u n\u1eb7ng h\u01a1n, ch\u1ee9a nhi\u1ec1u \u0111\u1ed9 \u1ea9m h\u01a1n.<\/li>\n<li><strong>Nh\u1eefng l\u1ee3i \u00edch<\/strong>: Cung c\u1ea5p m\u00f4-men xo\u1eafn \u1ed5n \u0111\u1ecbnh, ngay c\u1ea3 trong \u0111i\u1ec1u ki\u1ec7n t\u1ea3i n\u1eb7ng, \u0111\u1ea3m b\u1ea3o k\u00edch th\u01b0\u1edbc ki\u1ec7n \u0111\u1ed3ng \u0111\u1ec1u v\u00e0 gi\u1ea3m \u1ee9ng su\u1ea5t l\u00ean c\u00e1c b\u1ed9 ph\u1eadn kh\u00e1c c\u1ee7a m\u00e1y \u00e9p ki\u1ec7n.<\/li>\n<\/ul>\n<p><strong>\u0110\u00f3ng ki\u1ec7n c\u1ecf linh l\u0103ng<\/strong><\/p>\n<ul>\n<li><strong>\u1ee8ng d\u1ee5ng<\/strong>: C\u1ecf linh l\u0103ng, l\u00e0 m\u1ed9t lo\u1ea1i c\u00e2y th\u1ee9c \u0103n gi\u00e0u protein, th\u01b0\u1eddng \u0111\u01b0\u1ee3c thu ho\u1ea1ch v\u00e0 \u0111\u00f3ng ki\u1ec7n \u0111\u1ec3 s\u1eed d\u1ee5ng l\u00e0m th\u1ee9c \u0103n ch\u0103n nu\u00f4i. H\u1ed9p s\u1ed1 FMP-FK215 \u0111\u00f3ng vai tr\u00f2 quan tr\u1ecdng trong qu\u00e1 tr\u00ecnh \u0111\u00f3ng ki\u1ec7n, \u0111\u1ea3m b\u1ea3o m\u00e1y c\u00f3 th\u1ec3 x\u1eed l\u00fd \u0111\u01b0\u1ee3c kh\u1ed1i l\u01b0\u1ee3ng l\u1edbn v\u00e0 \u0111\u1eb7c t\u00ednh c\u1ee7a c\u1ecf linh l\u0103ng.<\/li>\n<li><strong>Nh\u1eefng l\u1ee3i \u00edch<\/strong>: H\u1ed9p s\u1ed1 \u0111\u1ea3m b\u1ea3o truy\u1ec1n l\u1ef1c m\u01b0\u1ee3t m\u00e0 v\u00e0 ho\u1ea1t \u0111\u1ed9ng hi\u1ec7u qu\u1ea3, ngay c\u1ea3 v\u1edbi \u0111\u1eb7c t\u00ednh ph\u00e1t tri\u1ec3n nhanh v\u00e0 m\u1eadt \u0111\u1ed9 cao c\u1ee7a c\u00e2y c\u1ecf linh l\u0103ng.<\/li>\n<\/ul>\n<p><strong>\u0110\u00f3ng ki\u1ec7n ph\u1ebf li\u1ec7u c\u00e2y tr\u1ed3ng<\/strong><\/p>\n<ul>\n<li><strong>\u1ee8ng d\u1ee5ng<\/strong>: Sau khi thu ho\u1ea1ch v\u1ee5 ch\u00ednh, c\u00e1c ph\u1ebf ph\u1ea9m n\u00f4ng nghi\u1ec7p (nh\u01b0 l\u00faa m\u00ec, l\u00faa m\u1ea1ch ho\u1eb7c th\u00e2n c\u00e2y ng\u00f4) \u0111\u01b0\u1ee3c thu gom v\u00e0 \u0111\u00f3ng ki\u1ec7n \u0111\u1ec3 s\u1eed d\u1ee5ng l\u00e0m ch\u1ea5t \u0111\u1ed9n chu\u1ed3ng cho gia s\u00fac, l\u00e0m l\u1edbp ph\u1ee7 th\u1ef1c v\u1eadt ho\u1eb7c cho m\u1ee5c \u0111\u00edch n\u0103ng l\u01b0\u1ee3ng sinh h\u1ecdc. H\u1ed9p s\u1ed1 FMP-FK215 ph\u00f9 h\u1ee3p cho c\u00e1c \u1ee9ng d\u1ee5ng n\u00e0y v\u00ec n\u00f3 \u0111\u00e1p \u1ee9ng \u0111\u01b0\u1ee3c y\u00eau c\u1ea7u ch\u1ecbu t\u1ea3i n\u1eb7ng c\u1ee7a vi\u1ec7c \u0111\u00f3ng ki\u1ec7n c\u00e1c v\u1eadt li\u1ec7u n\u00e0y.<\/li>\n<li><strong>Nh\u1eefng l\u1ee3i \u00edch<\/strong>: \u0110\u1ea3m b\u1ea3o m\u00e1y \u00e9p c\u00f3 th\u1ec3 x\u1eed l\u00fd \u0111\u01b0\u1ee3c t\u00ednh ch\u1ea5t dai v\u00e0 x\u01a1 c\u1ee7a t\u00e0n d\u01b0 c\u00e2y tr\u1ed3ng, t\u0103ng hi\u1ec7u qu\u1ea3 qu\u1ea3n l\u00fd t\u00e0n d\u01b0 trong ho\u1ea1t \u0111\u1ed9ng n\u00f4ng nghi\u1ec7p.<\/li>\n<\/ul>\n<h3>L\u1ee3i \u00edch ch\u00ednh khi s\u1eed d\u1ee5ng h\u1ed9p s\u1ed1 m\u00e1y \u0111\u00f3ng ki\u1ec7n vu\u00f4ng FMP-FK215 trong c\u00e1c \u1ee9ng d\u1ee5ng sau:<\/h3>\n<ul>\n<li><strong>\u0110\u1ed9 tin c\u1eady<\/strong>: \u0110\u01b0\u1ee3c thi\u1ebft k\u1ebf \u0111\u1ec3 ch\u1ecbu \u0111\u01b0\u1ee3c c\u00e1c \u1ee9ng d\u1ee5ng n\u1eb7ng v\u1edbi m\u1ee9c b\u1ea3o tr\u00ec t\u1ed1i thi\u1ec3u.<\/li>\n<li><strong>Hi\u1ec7u qu\u1ea3<\/strong>: \u0110\u1ea3m b\u1ea3o hi\u1ec7u su\u1ea5t \u1ed5n \u0111\u1ecbnh, t\u1ed1i \u01b0u h\u00f3a t\u1ed1c \u0111\u1ed9 v\u00e0 \u0111\u1ed9 ch\u00ednh x\u00e1c c\u1ee7a qu\u00e1 tr\u00ecnh \u0111\u00f3ng ki\u1ec7n.<\/li>\n<li><strong>\u0110\u1ed9 b\u1ec1n<\/strong>: \u0110\u01b0\u1ee3c ch\u1ebf t\u1ea1o b\u1eb1ng v\u1eadt li\u1ec7u ch\u1ea5t l\u01b0\u1ee3ng cao v\u00e0 c\u00e1c th\u00e0nh ph\u1ea7n \u0111\u01b0\u1ee3c thi\u1ebft k\u1ebf ch\u00ednh x\u00e1c \u0111\u1ec3 x\u1eed l\u00fd c\u00e1c nhi\u1ec7m v\u1ee5 n\u00f4ng nghi\u1ec7p \u0111\u00f2i h\u1ecfi kh\u1eaft khe.<\/li>\n<li><strong>T\u00f9y ch\u1ec9nh<\/strong>: Ph\u00f9 h\u1ee3p v\u1edbi nhi\u1ec1u lo\u1ea1i c\u00e2y tr\u1ed3ng v\u00e0 \u0111i\u1ec1u ki\u1ec7n \u0111\u00f3ng ki\u1ec7n, mang l\u1ea1i s\u1ef1 linh ho\u1ea1t cho c\u00e1c ho\u1ea1t \u0111\u1ed9ng canh t\u00e1c kh\u00e1c nhau.<\/li>\n<\/ul>\n<p>H\u1ed9p s\u1ed1 m\u00e1y \u0111\u00f3ng ki\u1ec7n vu\u00f4ng FMP-FK215 l\u00e0 m\u1ed9t b\u1ed9 ph\u1eadn linh ho\u1ea1t v\u00e0 \u0111\u00e1ng tin c\u1eady, \u0111\u00f3ng vai tr\u00f2 quan tr\u1ecdng trong vi\u1ec7c v\u1eadn h\u00e0nh hi\u1ec7u qu\u1ea3 m\u00e1y \u0111\u00f3ng ki\u1ec7n vu\u00f4ng trong nhi\u1ec1u \u1ee9ng d\u1ee5ng n\u00f4ng nghi\u1ec7p kh\u00e1c nhau. Hi\u1ec7u su\u1ea5t m\u1ea1nh m\u1ebd c\u1ee7a h\u1ed9p s\u1ed1 \u0111\u1ea3m b\u1ea3o n\u00f4ng d\u00e2n v\u00e0 c\u00e1c ho\u1ea1t \u0111\u1ed9ng n\u00f4ng nghi\u1ec7p duy tr\u00ec n\u0103ng su\u1ea5t cao v\u00e0 hi\u1ec7u qu\u1ea3 v\u1eadn h\u00e0nh trong nhi\u1ec1u nhi\u1ec7m v\u1ee5 \u0111\u00f3ng ki\u1ec7n kh\u00e1c nhau.<\/p>\n<p><img loading=\"lazy\" decoding=\"async\" class=\"alignnone size-full wp-image-2585\" src=\"https:\/\/fmp-components.com\/wp-content\/uploads\/2025\/01\/Square-Baler-Gearbox-FMP-FK215-Maintenance1.webp\" alt=\"H\u1ed9p s\u1ed1 Square-Baler-FMP-FK215-B\u1ea3o tr\u00ec(1)\" width=\"1090\" height=\"864\" title=\"\" srcset=\"https:\/\/fmp-components.com\/wp-content\/uploads\/2025\/01\/Square-Baler-Gearbox-FMP-FK215-Maintenance1.webp 1090w, https:\/\/fmp-components.com\/wp-content\/uploads\/2025\/01\/Square-Baler-Gearbox-FMP-FK215-Maintenance1-980x777.webp 980w, https:\/\/fmp-components.com\/wp-content\/uploads\/2025\/01\/Square-Baler-Gearbox-FMP-FK215-Maintenance1-480x380.webp 480w\" sizes=\"(min-width: 0px) and (max-width: 480px) 480px, (min-width: 481px) and (max-width: 980px) 980px, (min-width: 981px) 1090px, 100vw\" \/><\/p>\n<h2>Gi\u1edbi thi\u1ec7u v\u1ec1 FMP<\/h2>\n<p>C\u00f3 tr\u1ee5 s\u1edf ch\u00ednh t\u1ea1i \u00dd, FMP l\u00e0 nh\u00e0 s\u1ea3n xu\u1ea5t h\u00e0ng \u0111\u1ea7u chuy\u00ean thi\u1ebft k\u1ebf, ph\u00e1t tri\u1ec3n v\u00e0 s\u1ea3n xu\u1ea5t h\u1ed9p s\u1ed1 hi\u1ec7u su\u1ea5t cao, t\u1eadp trung m\u1ea1nh m\u1ebd v\u00e0o l\u0129nh v\u1ef1c m\u00e1y m\u00f3c n\u00f4ng nghi\u1ec7p. N\u1ed5i ti\u1ebfng v\u1edbi k\u1ef9 thu\u1eadt ch\u00ednh x\u00e1c, gi\u1ea3i ph\u00e1p ti\u00ean ti\u1ebfn v\u00e0 \u0111\u1ed9 tin c\u1eady tuy\u1ec7t \u0111\u1ed1i, FMP \u0111\u00e3 gi\u00e0nh \u0111\u01b0\u1ee3c s\u1ef1 tin t\u01b0\u1edfng c\u1ee7a kh\u00e1ch h\u00e0ng trong c\u1ea3 th\u1ecb tr\u01b0\u1eddng n\u00f4ng nghi\u1ec7p v\u00e0 c\u00f4ng nghi\u1ec7p. Danh m\u1ee5c s\u1ea3n ph\u1ea9m phong ph\u00fa c\u1ee7a ch\u00fang t\u00f4i bao g\u1ed3m h\u1ed9p s\u1ed1 chuy\u00ean d\u1ee5ng cho m\u00e1y c\u1eaft c\u1ecf, tr\u1ee5c PTO v\u00e0 c\u00e1c b\u1ed9 ph\u1eadn quan tr\u1ecdng kh\u00e1c, t\u1ea5t c\u1ea3 \u0111\u1ec1u \u0111\u01b0\u1ee3c ch\u1ebf t\u1ea1o t\u1ec9 m\u1ec9 \u0111\u1ec3 mang \u0111\u1ebfn c\u00e1c gi\u1ea3i ph\u00e1p ph\u00f9 h\u1ee3p cho nhi\u1ec1u \u1ee9ng d\u1ee5ng \u0111a d\u1ea1ng.<\/p>\n<p>T\u1ea1i FMP, ch\u00fang t\u00f4i hi\u1ec3u r\u1eb1ng nhu c\u1ea7u v\u00e0 th\u00e1ch th\u1ee9c c\u1ee7a m\u1ed7i kh\u00e1ch h\u00e0ng l\u00e0 kh\u00e1c nhau. \u0110\u00f3 l\u00e0 l\u00fd do t\u1ea1i sao ch\u00fang t\u00f4i chuy\u00ean cung c\u1ea5p c\u00e1c gi\u1ea3i ph\u00e1p t\u00f9y ch\u1ec9nh, d\u00f9 l\u00e0 cho t\u1eebng th\u00e0nh ph\u1ea7n ri\u00eang l\u1ebb hay h\u1ec7 th\u1ed1ng t\u00edch h\u1ee3p ho\u00e0n ch\u1ec9nh. Ch\u00fang t\u00f4i h\u1ee3p t\u00e1c ch\u1eb7t ch\u1ebd v\u1edbi kh\u00e1ch h\u00e0ng \u0111\u1ec3 \u0111\u1ea3m b\u1ea3o r\u1eb1ng m\u1ecdi gi\u1ea3i ph\u00e1p kh\u00f4ng ch\u1ec9 \u0111\u00e1p \u1ee9ng y\u00eau c\u1ea7u c\u1ee7a h\u1ecd m\u00e0 c\u00f2n t\u1ed1i \u01b0u h\u00f3a c\u1ea3 hi\u1ec7u su\u1ea5t v\u00e0 gi\u00e1 tr\u1ecb. Cam k\u1ebft ph\u1ea3n h\u1ed3i nhanh ch\u00f3ng, chuy\u00ean nghi\u1ec7p, c\u00f9ng v\u1edbi s\u1ef1 h\u01b0\u1edbng d\u1eabn chuy\u00ean m\u00f4n, \u0111\u1ea3m b\u1ea3o r\u1eb1ng m\u1ed7i y\u00eau c\u1ea7u \u0111\u1ec1u \u0111\u01b0\u1ee3c x\u1eed l\u00fd m\u1ed9t c\u00e1ch c\u1ea9n th\u1eadn nh\u1ea5t, mang l\u1ea1i k\u1ebft qu\u1ea3 t\u1ed1i \u01b0u.<\/p>\n<p>Ch\u00fang t\u00f4i \u0111\u1eb7c bi\u1ec7t coi tr\u1ecdng vi\u1ec7c giao ti\u1ebfp c\u1edfi m\u1edf v\u00e0 li\u00ean t\u1ee5c trong su\u1ed1t v\u00f2ng \u0111\u1eddi ph\u00e1t tri\u1ec3n s\u1ea3n ph\u1ea9m. \u0110\u1ed9i ng\u0169 t\u1eadn t\u00e2m c\u1ee7a ch\u00fang t\u00f4i l\u00e0m vi\u1ec7c tr\u1ef1c ti\u1ebfp v\u1edbi kh\u00e1ch h\u00e0ng \u0111\u1ec3 hi\u1ec3u r\u00f5 nhu c\u1ea7u c\u1ee5 th\u1ec3 c\u1ee7a h\u1ecd, cung c\u1ea5p nh\u1eefng hi\u1ec3u bi\u1ebft s\u00e2u s\u1eafc v\u00e0 khuy\u1ebfn ngh\u1ecb gi\u00e1 tr\u1ecb nh\u1eb1m \u0111\u1ea3m b\u1ea3o c\u00e1c gi\u1ea3i ph\u00e1p hi\u1ec7u qu\u1ea3 nh\u1ea5t. D\u00f9 l\u00e0 thi\u1ebft k\u1ebf s\u1ea3n ph\u1ea9m s\u00e1ng t\u1ea1o hay ho\u00e0n th\u00e0nh c\u00e1c \u0111\u01a1n h\u00e0ng \u0111ang tri\u1ec3n khai, FMP lu\u00f4n cam k\u1ebft cung c\u1ea5p c\u00e1c gi\u1ea3i ph\u00e1p ch\u1ea5t l\u01b0\u1ee3ng cao, \u0111\u01b0\u1ee3c thi\u1ebft k\u1ebf ch\u00ednh x\u00e1c, \u0111\u00fang h\u1ea1n. M\u1ee5c ti\u00eau c\u1ee7a ch\u00fang t\u00f4i l\u00e0 v\u01b0\u1ee3t qu\u00e1 mong \u0111\u1ee3i c\u1ee7a kh\u00e1ch h\u00e0ng v\u00e0 \u0111\u1ea3m b\u1ea3o d\u1ecbch v\u1ee5 v\u00e0 k\u1ebft qu\u1ea3 v\u01b0\u1ee3t tr\u1ed9i cho t\u1eebng d\u1ef1 \u00e1n.<\/p>\n<p>Ch\u1ea5t l\u01b0\u1ee3ng l\u00e0 n\u1ec1n t\u1ea3ng cho m\u1ecdi ho\u1ea1t \u0111\u1ed9ng c\u1ee7a FMP. Ch\u00fang t\u00f4i tu\u00e2n th\u1ee7 c\u00e1c ti\u00eau chu\u1ea9n s\u1ea3n xu\u1ea5t cao nh\u1ea5t, th\u1ef1c hi\u1ec7n c\u00e1c quy tr\u00ecnh ki\u1ec3m so\u00e1t ch\u1ea5t l\u01b0\u1ee3ng nghi\u00eam ng\u1eb7t \u0111\u1ec3 \u0111\u1ea3m b\u1ea3o m\u1ecdi s\u1ea3n ph\u1ea9m kh\u00f4ng ch\u1ec9 \u0111\u00e1p \u1ee9ng m\u00e0 c\u00f2n v\u01b0\u1ee3t qua c\u00e1c ti\u00eau chu\u1ea9n c\u1ee7a ng\u00e0nh. Cam k\u1ebft v\u1eefng ch\u1eafc v\u1ec1 s\u1ef1 xu\u1ea5t s\u1eafc, c\u00f9ng v\u1edbi c\u00e1c gi\u00e1 tr\u1ecb c\u1ed1t l\u00f5i c\u1ee7a ch\u00fang t\u00f4i l\u00e0 ch\u00ednh tr\u1ef1c, tinh th\u1ea7n \u0111\u1ed3ng \u0111\u1ed9i v\u00e0 s\u1ef1 ki\u00ean tr\u00ec, \u0111\u00e3 cho ph\u00e9p ch\u00fang t\u00f4i x\u00e2y d\u1ef1ng m\u1ed1i quan h\u1ec7 l\u00e2u d\u00e0i, d\u1ef1a tr\u00ean s\u1ef1 tin c\u1eady v\u1edbi kh\u00e1ch h\u00e0ng t\u1ea1i g\u1ea7n 30 qu\u1ed1c gia tr\u00ean to\u00e0n th\u1ebf gi\u1edbi.<\/p>\n<p>FMP lu\u00f4n s\u1eb5n s\u00e0ng x\u00e2y d\u1ef1ng quan h\u1ec7 \u0111\u1ed1i t\u00e1c to\u00e0n c\u1ea7u v\u00e0 cam k\u1ebft cung c\u1ea5p t\u01b0 v\u1ea5n chuy\u00ean m\u00f4n c\u00f9ng c\u00e1c gi\u1ea3i ph\u00e1p ri\u00eang bi\u1ec7t, \u0111\u00e1p \u1ee9ng nhu c\u1ea7u \u0111a d\u1ea1ng c\u1ee7a kh\u00e1ch h\u00e0ng. Ch\u00fang t\u00f4i kh\u00f4ng ch\u1ec9 cung c\u1ea5p s\u1ea3n ph\u1ea9m; ch\u00fang t\u00f4i c\u00f2n x\u00e2y d\u1ef1ng m\u1ed1i quan h\u1ec7 b\u1ec1n v\u1eefng, g\u00f3p ph\u1ea7n v\u00e0o th\u00e0nh c\u00f4ng c\u1ee7a m\u1ecdi d\u1ef1 \u00e1n. Cho d\u00f9 b\u1ea1n \u0111ang t\u00ecm ki\u1ebfm c\u00e1c gi\u1ea3i ph\u00e1p s\u00e1ng t\u1ea1o cho m\u1ed9t d\u1ef1 \u00e1n m\u1edbi hay h\u1ed7 tr\u1ee3 li\u00ean t\u1ee5c cho m\u1ed9t h\u1ec7 th\u1ed1ng hi\u1ec7n c\u00f3, FMP lu\u00f4n t\u1eadn t\u00e2m v\u01b0\u1ee3t qua nh\u1eefng th\u00e1ch th\u1ee9c k\u1ef9 thu\u1eadt v\u00e0 \u0111\u1ea3m b\u1ea3o th\u00e0nh c\u00f4ng b\u1ec1n v\u1eefng c\u1ee7a b\u1ea1n.<\/p>\n<p><img loading=\"lazy\" decoding=\"async\" class=\"alignnone size-full wp-image-1861\" src=\"https:\/\/fmp-components.com\/wp-content\/uploads\/2024\/12\/Other-Agricultural-Gearboxes.webp\" sizes=\"(min-width: 0px) and (max-width: 480px) 480px, (min-width: 481px) and (max-width: 980px) 980px, (min-width: 981px) 1200px, 100vw\" srcset=\"https:\/\/fmp-components.com\/wp-content\/uploads\/2024\/12\/Other-Agricultural-Gearboxes.webp 1200w, https:\/\/fmp-components.com\/wp-content\/uploads\/2024\/12\/Other-Agricultural-Gearboxes-980x1143.webp 980w, https:\/\/fmp-components.com\/wp-content\/uploads\/2024\/12\/Other-Agricultural-Gearboxes-480x560.webp 480w\" alt=\"Altri-cambi-agricoli\" width=\"1200\" height=\"1400\" title=\"\"><\/p>\n<p>T\u00e1c gi\u1ea3: CX<\/p>\n<\/div>\n<\/div>\n<\/div>\n<\/div>","protected":false},"excerpt":{"rendered":"<p>Dimensions of Square Baler Gearbox FMP-FK215 FMP-FK215 Square Baler Gearbox Shaft\u00a0Dimensions FMP-FK215 Square Baler Gearbox Technical Data i Suitable Rpm input Rpm output KW(Nom) KW(Max) Toothing r\/min r\/min hp hp Speed increase 1:1.33 Square Baler, etc 540 718.2 80 120 Gleason Straight Teeth Remark: If you have any special require feel free let me know, [&hellip;]<\/p>","protected":false},"featured_media":2586,"comment_status":"open","ping_status":"closed","template":"","meta":{"_et_pb_use_builder":"","_et_pb_old_content":"","_et_gb_content_width":""},"product_brand":[],"product_cat":[62],"product_tag":[],"class_list":{"0":"post-2573","1":"product","2":"type-product","3":"status-publish","4":"has-post-thumbnail","6":"product_cat-square-baler-gearbox","8":"first","9":"instock","10":"shipping-taxable","11":"product-type-simple"},"_links":{"self":[{"href":"https:\/\/fmp-components.com\/vi\/wp-json\/wp\/v2\/product\/2573","targetHints":{"allow":["GET"]}}],"collection":[{"href":"https:\/\/fmp-components.com\/vi\/wp-json\/wp\/v2\/product"}],"about":[{"href":"https:\/\/fmp-components.com\/vi\/wp-json\/wp\/v2\/types\/product"}],"replies":[{"embeddable":true,"href":"https:\/\/fmp-components.com\/vi\/wp-json\/wp\/v2\/comments?post=2573"}],"wp:featuredmedia":[{"embeddable":true,"href":"https:\/\/fmp-components.com\/vi\/wp-json\/wp\/v2\/media\/2586"}],"wp:attachment":[{"href":"https:\/\/fmp-components.com\/vi\/wp-json\/wp\/v2\/media?parent=2573"}],"wp:term":[{"taxonomy":"product_brand","embeddable":true,"href":"https:\/\/fmp-components.com\/vi\/wp-json\/wp\/v2\/product_brand?post=2573"},{"taxonomy":"product_cat","embeddable":true,"href":"https:\/\/fmp-components.com\/vi\/wp-json\/wp\/v2\/product_cat?post=2573"},{"taxonomy":"product_tag","embeddable":true,"href":"https:\/\/fmp-components.com\/vi\/wp-json\/wp\/v2\/product_tag?post=2573"}],"curies":[{"name":"wp","href":"https:\/\/api.w.org\/{rel}","templated":true}]}}