{"id":2536,"date":"2025-01-02T06:00:51","date_gmt":"2025-01-02T06:00:51","guid":{"rendered":"https:\/\/fmp-components.com\/?page_id=8"},"modified":"2025-01-02T06:00:51","modified_gmt":"2025-01-02T06:00:51","slug":"pga1202vm-mixing-wagon-gearboxes-replacement-of-comer-code-pga-1202","status":"publish","type":"product","link":"https:\/\/fmp-components.com\/vi\/product\/pga1202vm-mixing-wagon-gearboxes-replacement-of-comer-code-pga-1202\/","title":{"rendered":"H\u1ed9p s\u1ed1 xe tr\u1ed9n PGA1202VM \u2013 Thay th\u1ebf m\u00e3 Cornerer PGA-1202"},"content":{"rendered":"<h2>Th\u00f4ng s\u1ed1 k\u1ef9 thu\u1eadt h\u1ed9p s\u1ed1 xe tr\u1ed9n PGA1202VM<\/h2>\n<table style=\"width: 100%;\" border=\"1\" width=\"100%\" cellspacing=\"0\" cellpadding=\"0\">\n<tbody>\n<tr>\n<th>S\u1ef1 mi\u00eau t\u1ea3<\/th>\n<td>H\u1ed9p s\u1ed1 xe tr\u1ed9n PGA1202VM \u2013 Thay th\u1ebf m\u00e3 Cornerer PGA-1202<\/td>\n<\/tr>\n<tr>\n<th>Th\u00f4ng s\u1ed1 k\u1ef9 thu\u1eadt<\/th>\n<td>C\u00f3 \u1ed5 tr\u1ee5c \u0111\u1eb7c bi\u1ec7t ho\u00e0n ch\u1ec9nh n\u01a1i tr\u1ee5c v\u00edt c\u00f3 th\u1ec3 \u0111\u01b0\u1ee3c k\u1ebft n\u1ed1i tr\u1ef1c ti\u1ebfp.<\/td>\n<\/tr>\n<tr>\n<th>Nh\u1eefng l\u1ee3i \u00edch<\/th>\n<td>Kh\u00f4ng c\u1ea7n \u1ed5 tr\u1ee5c ri\u00eang bi\u1ec7t cho t\u1eddi.<\/td>\n<\/tr>\n<tr>\n<th>\u1ee8ng d\u1ee5ng<\/th>\n<td>Xe tr\u1ed9n<\/td>\n<\/tr>\n<tr>\n<th>Ph\u00f9 h\u1ee3p cho<\/th>\n<td>M\u00e1y tr\u1ed9n \u0111\u01a1n 10\u201314 m\u00e9t kh\u1ed1i, M\u00e1y tr\u1ed9n \u0111\u00f4i 16\u201324 m\u00e9t kh\u1ed1i<\/td>\n<\/tr>\n<tr>\n<th>Bao g\u1ed3m<\/th>\n<td>H\u1ed9p s\u1ed1<\/td>\n<\/tr>\n<tr>\n<th>\u0110\u1eb7t h\u00e0ng d\u1ea7u<\/th>\n<td>\u0110\u1eb7t d\u1ea7u ri\u00eang<\/td>\n<\/tr>\n<tr>\n<th>Ch\u1ee9a d\u1ea7u<\/th>\n<td>KH\u00d4NG<\/td>\n<\/tr>\n<\/tbody>\n<\/table>\n<h2>\u0110\u1eb7c \u0111i\u1ec3m c\u1ee7a M\u00e1y tr\u1ed9n th\u1ee9c \u0103n H\u1ed9p s\u1ed1<\/h2>\n<p>H\u1ed9p s\u1ed1 m\u00e1y tr\u1ed9n th\u1ee9c \u0103n ch\u0103n nu\u00f4i l\u00e0 b\u1ed9 ph\u1eadn thi\u1ebft y\u1ebfu \u0111\u1ea3m b\u1ea3o vi\u1ec7c tr\u1ed9n \u0111\u1ec1u c\u00e1c nguy\u00ean li\u1ec7u th\u1ee9c \u0103n ch\u0103n nu\u00f4i trong ho\u1ea1t \u0111\u1ed9ng n\u00f4ng nghi\u1ec7p. H\u1ed9p s\u1ed1 n\u00e0y \u0111\u01b0\u1ee3c thi\u1ebft k\u1ebf \u0111\u1ec3 x\u1eed l\u00fd c\u00e1c \u0111i\u1ec1u ki\u1ec7n kh\u1eafc nghi\u1ec7t v\u00e0 truy\u1ec1n t\u1ea3i n\u0103ng l\u01b0\u1ee3ng hi\u1ec7u qu\u1ea3, gi\u00fap t\u1ed1i \u01b0u h\u00f3a vi\u1ec7c chu\u1ea9n b\u1ecb th\u1ee9c \u0103n. D\u01b0\u1edbi \u0111\u00e2y l\u00e0 c\u00e1c t\u00ednh n\u0103ng ch\u00ednh c\u1ee7a h\u1ed9p s\u1ed1 m\u00e1y tr\u1ed9n th\u1ee9c \u0103n ch\u0103n nu\u00f4i:<\/p>\n<p><strong>Hi\u1ec7u su\u1ea5t truy\u1ec1n t\u1ea3i \u0111i\u1ec7n n\u0103ng cao<\/strong><\/p>\n<ul>\n<li><strong>Truy\u1ec1n t\u1ea3i n\u0103ng l\u01b0\u1ee3ng m\u1ea1nh m\u1ebd v\u00e0 hi\u1ec7u qu\u1ea3:<\/strong> H\u1ed9p s\u1ed1 m\u00e1y tr\u1ed9n th\u1ee9c \u0103n \u0111\u01b0\u1ee3c thi\u1ebft k\u1ebf \u0111\u1ec3 truy\u1ec1n l\u1ef1c t\u1eeb PTO ho\u1eb7c \u0111\u1ed9ng c\u01a1 c\u1ee7a m\u00e1y k\u00e9o \u0111\u1ebfn c\u00e1c b\u1ed9 ph\u1eadn tr\u1ed9n (nh\u01b0 tr\u1ee5c v\u00edt ho\u1eb7c c\u00e1nh tr\u1ed9n) v\u1edbi m\u1ee9c t\u1ed5n th\u1ea5t n\u0103ng l\u01b0\u1ee3ng t\u1ed1i thi\u1ec3u. \u0110i\u1ec1u n\u00e0y \u0111\u1ea3m b\u1ea3o m\u00e1y tr\u1ed9n ho\u1ea1t \u0111\u1ed9ng t\u1ed1i \u01b0u, cung c\u1ea5p t\u1ed1c \u0111\u1ed9 quay v\u00e0 m\u00f4-men xo\u1eafn c\u1ea7n thi\u1ebft.<\/li>\n<li><strong>T\u1ea7m quan tr\u1ecdng:<\/strong> T\u1ed1i \u0111a h\u00f3a hi\u1ec7u qu\u1ea3 n\u0103ng l\u01b0\u1ee3ng \u0111\u1ea3m b\u1ea3o ho\u1ea1t \u0111\u1ed9ng tr\u01a1n tru v\u00e0 \u1ed5n \u0111\u1ecbnh, gi\u1ea3m m\u1ee9c ti\u00eau th\u1ee5 nhi\u00ean li\u1ec7u v\u00e0 chi ph\u00ed v\u1eadn h\u00e0nh.<\/li>\n<\/ul>\n<p><strong>Ki\u1ec3m so\u00e1t t\u1ed1c \u0111\u1ed9 v\u00e0 m\u00f4-men xo\u1eafn c\u00f3 th\u1ec3 \u0111i\u1ec1u ch\u1ec9nh<\/strong><\/p>\n<ul>\n<li><strong>C\u00e0i \u0111\u1eb7t t\u1ed1c \u0111\u1ed9 v\u00e0 m\u00f4-men xo\u1eafn thay \u0111\u1ed5i:<\/strong> Nhi\u1ec1u h\u1ed9p s\u1ed1 m\u00e1y tr\u1ed9n th\u1ee9c \u0103n c\u00f3 kh\u1ea3 n\u0103ng \u0111i\u1ec1u ch\u1ec9nh t\u1ed1c \u0111\u1ed9 v\u00e0 m\u00f4-men xo\u1eafn. \u200b\u200bT\u00ednh linh ho\u1ea1t n\u00e0y cho ph\u00e9p ng\u01b0\u1eddi v\u1eadn h\u00e0nh \u0111i\u1ec1u ch\u1ec9nh t\u1ed1c \u0111\u1ed9 tr\u1ed9n cho ph\u00f9 h\u1ee3p v\u1edbi c\u00e1c lo\u1ea1i th\u1ee9c \u0103n kh\u00e1c nhau, t\u1eeb v\u1eadt li\u1ec7u kh\u00f4 th\u00f4 \u0111\u1ebfn nguy\u00ean li\u1ec7u \u01b0\u1edbt, d\u1ea1ng s\u1ee3i.<\/li>\n<li><strong>T\u1ea7m quan tr\u1ecdng:<\/strong> Ki\u1ec3m so\u00e1t ch\u00ednh x\u00e1c t\u1ed1c \u0111\u1ed9 v\u00e0 m\u00f4-men xo\u1eafn \u0111\u1ea3m b\u1ea3o tr\u1ed9n \u0111\u1ec1u, t\u1ea1o ra h\u1ed7n h\u1ee3p th\u1ee9c \u0103n \u0111\u1ed3ng nh\u1ea5t h\u01a1n, \u0111i\u1ec1u n\u00e0y r\u1ea5t c\u1ea7n thi\u1ebft cho ch\u1ebf \u0111\u1ed9 dinh d\u01b0\u1ee1ng c\u00e2n b\u1eb1ng c\u1ee7a v\u1eadt nu\u00f4i.<\/li>\n<\/ul>\n<p><strong>\u0110\u1ed9 b\u1ec1n v\u00e0 thi\u1ebft k\u1ebf ch\u1eafc ch\u1eafn<\/strong><\/p>\n<ul>\n<li><strong>K\u1ebft c\u1ea5u ch\u1ecbu l\u1ef1c n\u1eb7ng:<\/strong> H\u1ed9p s\u1ed1 m\u00e1y tr\u1ed9n th\u1ee9c \u0103n \u0111\u01b0\u1ee3c ch\u1ebf t\u1ea1o \u0111\u1ec3 ch\u1ecbu \u0111\u01b0\u1ee3c t\u1ea3i tr\u1ecdng n\u1eb7ng v\u00e0 \u0111i\u1ec1u ki\u1ec7n v\u1eadn h\u00e0nh kh\u1eafc nghi\u1ec7t th\u01b0\u1eddng th\u1ea5y trong n\u00f4ng nghi\u1ec7p. Ch\u00fang \u0111\u01b0\u1ee3c ch\u1ebf t\u1ea1o b\u1eb1ng v\u1eadt li\u1ec7u b\u1ec1n b\u1ec9, bao g\u1ed3m th\u00e9p ch\u1ea5t l\u01b0\u1ee3ng cao v\u00e0 b\u00e1nh r\u0103ng gia c\u1ed1, \u0111\u1ec3 \u0111\u1ea3m b\u1ea3o hi\u1ec7u su\u1ea5t l\u00e2u d\u00e0i.<\/li>\n<li><strong>T\u1ea7m quan tr\u1ecdng:<\/strong> \u0110\u1ed9 b\u1ec1n \u0111\u1ea3m b\u1ea3o h\u1ed9p s\u1ed1 c\u00f3 th\u1ec3 ho\u1ea1t \u0111\u1ed9ng li\u00ean t\u1ee5c v\u00e0 ch\u1ecbu \u0111\u01b0\u1ee3c s\u1ef1 hao m\u00f2n c\u1ee7a m\u00f4i tr\u01b0\u1eddng n\u00f4ng nghi\u1ec7p, gi\u1ea3m t\u1ea7n su\u1ea5t b\u1ea3o tr\u00ec v\u00e0 s\u1eeda ch\u1eefa.<\/li>\n<\/ul>\n<p><strong>Thi\u1ebft k\u1ebf nh\u1ecf g\u1ecdn v\u00e0 ti\u1ebft ki\u1ec7m kh\u00f4ng gian<\/strong><\/p>\n<ul>\n<li><strong>C\u1ea5u tr\u00fac nh\u1ecf g\u1ecdn:<\/strong> H\u1ed9p s\u1ed1 m\u00e1y tr\u1ed9n th\u1ee9c \u0103n \u0111\u01b0\u1ee3c thi\u1ebft k\u1ebf \u0111\u1ec3 ti\u1ebft ki\u1ec7m kh\u00f4ng gian, \u0111\u1ea3m b\u1ea3o ch\u00fang v\u1eeba v\u1eb7n ho\u00e0n h\u1ea3o trong kh\u00f4ng gian h\u1ea1n ch\u1ebf c\u1ee7a xe tr\u1ed9n. M\u1eb7c d\u00f9 c\u00f3 k\u00edch th\u01b0\u1edbc nh\u1ecf g\u1ecdn, c\u00e1c h\u1ed9p s\u1ed1 n\u00e0y cung c\u1ea5p c\u00f4ng su\u1ea5t v\u00e0 m\u00f4-men xo\u1eafn \u0111\u00e1ng k\u1ec3 \u0111\u1ec3 tr\u1ed9n hi\u1ec7u qu\u1ea3.<\/li>\n<li><strong>T\u1ea7m quan tr\u1ecdng:<\/strong> Thi\u1ebft k\u1ebf nh\u1ecf g\u1ecdn gi\u00fap d\u1ec5 d\u00e0ng l\u1eafp \u0111\u1eb7t v\u00e0 b\u1ea3o tr\u00ec, \u0111\u1eb7c bi\u1ec7t l\u00e0 \u0111\u1ed1i v\u1edbi nh\u1eefng m\u00e1y c\u00f3 kh\u00f4ng gian h\u1ea1n ch\u1ebf.<\/li>\n<\/ul>\n<p><strong>Ho\u1ea1t \u0111\u1ed9ng \u00eam \u00e1i v\u00e0 y\u00ean t\u0129nh<\/strong><\/p>\n<ul>\n<li><strong>Ho\u1ea1t \u0111\u1ed9ng \u00edt ti\u1ebfng \u1ed3n:<\/strong> H\u1ed9p s\u1ed1 m\u00e1y tr\u1ed9n th\u1ee9c \u0103n hi\u1ec7n \u0111\u1ea1i \u0111\u01b0\u1ee3c thi\u1ebft k\u1ebf \u0111\u1ec3 v\u1eadn h\u00e0nh \u00eam \u00e1i v\u00e0 y\u00ean t\u0129nh. Ti\u1ebfng \u1ed3n \u0111\u01b0\u1ee3c gi\u1ea3m thi\u1ec3u nh\u1edd k\u1ef9 thu\u1eadt ch\u00ednh x\u00e1c, b\u00f4i tr\u01a1n t\u1ed1t h\u01a1n v\u00e0 thi\u1ebft k\u1ebf b\u00e1nh r\u0103ng \u0111\u01b0\u1ee3c t\u1ed1i \u01b0u h\u00f3a.<\/li>\n<li><strong>T\u1ea7m quan tr\u1ecdng:<\/strong> Gi\u1ea3m ti\u1ebfng \u1ed3n kh\u00f4ng ch\u1ec9 c\u1ea3i thi\u1ec7n s\u1ef1 tho\u1ea3i m\u00e1i cho ng\u01b0\u1eddi v\u1eadn h\u00e0nh m\u00e0 c\u00f2n gi\u1ea3m m\u00e0i m\u00f2n h\u1ed9p s\u1ed1, t\u0103ng tu\u1ed5i th\u1ecd v\u00e0 gi\u1ea3m nhu c\u1ea7u b\u1ea3o tr\u00ec.<\/li>\n<\/ul>\n<p>H\u1ed9p s\u1ed1 m\u00e1y tr\u1ed9n th\u1ee9c \u0103n ch\u0103n nu\u00f4i \u0111\u01b0\u1ee3c thi\u1ebft k\u1ebf v\u1edbi nhi\u1ec1u t\u00ednh n\u0103ng ti\u00ean ti\u1ebfn, \u0111\u1ea3m b\u1ea3o ho\u1ea1t \u0111\u1ed9ng hi\u1ec7u qu\u1ea3 v\u00e0 \u0111\u00e1ng tin c\u1eady trong \u0111i\u1ec1u ki\u1ec7n kh\u1eafc nghi\u1ec7t c\u1ee7a ho\u1ea1t \u0111\u1ed9ng n\u00f4ng nghi\u1ec7p. T\u1eeb hi\u1ec7u su\u1ea5t truy\u1ec1n t\u1ea3i \u0111i\u1ec7n n\u0103ng cao v\u00e0 kh\u1ea3 n\u0103ng \u0111i\u1ec1u ch\u1ec9nh t\u1ed1c \u0111\u1ed9, \u0111\u1ebfn \u0111\u1ed9 b\u1ec1n, c\u01a1 ch\u1ebf an to\u00e0n v\u00e0 d\u1ec5 b\u1ea3o tr\u00ec, nh\u1eefng t\u00ednh n\u0103ng n\u00e0y khi\u1ebfn h\u1ed9p s\u1ed1 m\u00e1y tr\u1ed9n th\u1ee9c \u0103n ch\u0103n nu\u00f4i tr\u1edf th\u00e0nh thi\u1ebft b\u1ecb kh\u00f4ng th\u1ec3 thi\u1ebfu cho vi\u1ec7c s\u1ea3n xu\u1ea5t th\u1ee9c \u0103n ch\u0103n nu\u00f4i hi\u1ec7u qu\u1ea3. Kh\u1ea3 n\u0103ng tr\u1ed9n \u0111\u1ec1u, m\u1ecbn m\u00e0ng, \u0111\u1ed3ng th\u1eddi \u0111\u1ea3m b\u1ea3o an to\u00e0n v\u00e0 \u0111\u1ed9 tin c\u1eady l\u00e0 ch\u00eca kh\u00f3a \u0111\u1ec3 duy tr\u00ec dinh d\u01b0\u1ee1ng t\u1ed1i \u01b0u cho v\u1eadt nu\u00f4i v\u00e0 c\u1ea3i thi\u1ec7n n\u0103ng su\u1ea5t trang tr\u1ea1i.<\/p>\n<p><img loading=\"lazy\" decoding=\"async\" class=\"alignnone size-full wp-image-2539\" src=\"https:\/\/fmp-components.com\/wp-content\/uploads\/2025\/01\/Feed-Mixer-Gearboxes-in-Mixing-Wagon-21.webp\" alt=\"H\u1ed9p s\u1ed1 m\u00e1y tr\u1ed9n th\u1ee9c \u0103n trong xe tr\u1ed9n\" width=\"1024\" height=\"683\" title=\"\" srcset=\"https:\/\/fmp-components.com\/wp-content\/uploads\/2025\/01\/Feed-Mixer-Gearboxes-in-Mixing-Wagon-21.webp 1024w, https:\/\/fmp-components.com\/wp-content\/uploads\/2025\/01\/Feed-Mixer-Gearboxes-in-Mixing-Wagon-21-980x654.webp 980w, https:\/\/fmp-components.com\/wp-content\/uploads\/2025\/01\/Feed-Mixer-Gearboxes-in-Mixing-Wagon-21-480x320.webp 480w\" sizes=\"(min-width: 0px) and (max-width: 480px) 480px, (min-width: 481px) and (max-width: 980px) 980px, (min-width: 981px) 1024px, 100vw\" \/><\/p>\n<h2>Tr\u1ee5c PTO n\u00f4ng nghi\u1ec7p cho m\u00e1y tr\u1ed9n th\u1ee9c \u0103n ch\u0103n nu\u00f4i, h\u1ed9p s\u1ed1<\/h2>\n<p>Tr\u1ee5c PTO (Tr\u1ee5c d\u1eabn \u0111\u1ed9ng) l\u00e0 m\u1ed9t b\u1ed9 ph\u1eadn quan tr\u1ecdng k\u1ebft n\u1ed1i m\u00e1y k\u00e9o ho\u1eb7c c\u00e1c ngu\u1ed3n \u0111i\u1ec7n kh\u00e1c v\u1edbi m\u00e1y m\u00f3c n\u00f4ng nghi\u1ec7p, bao g\u1ed3m c\u1ea3 m\u00e1y tr\u1ed9n th\u1ee9c \u0103n ch\u0103n nu\u00f4i. Tr\u1ee5c PTO truy\u1ec1n l\u1ef1c c\u01a1 h\u1ecdc \u0111\u1ebfn h\u1ed9p s\u1ed1 m\u00e1y tr\u1ed9n th\u1ee9c \u0103n ch\u0103n nu\u00f4i, cho ph\u00e9p qu\u00e1 tr\u00ecnh tr\u1ed9n th\u1ee9c \u0103n \u0111\u01b0\u1ee3c t\u1ed1i \u01b0u h\u00f3a. D\u01b0\u1edbi \u0111\u00e2y l\u00e0 th\u00f4ng tin chi ti\u1ebft v\u1ec1 tr\u1ee5c PTO n\u00f4ng nghi\u1ec7p v\u00e0 vai tr\u00f2 c\u1ee7a n\u00f3 trong m\u00e1y tr\u1ed9n th\u1ee9c \u0103n ch\u0103n nu\u00f4i:<\/p>\n<p><strong>Truy\u1ec1n t\u1ea3i \u0111i\u1ec7n hi\u1ec7u qu\u1ea3<\/strong><\/p>\n<ul>\n<li><strong>Ch\u1ee9c n\u0103ng:<\/strong> Vai tr\u00f2 ch\u00ednh c\u1ee7a tr\u1ee5c PTO l\u00e0 truy\u1ec1n l\u1ef1c t\u1eeb m\u00e1y k\u00e9o ho\u1eb7c \u0111\u1ed9ng c\u01a1 ch\u00ednh kh\u00e1c \u0111\u1ebfn h\u1ed9p s\u1ed1 c\u1ee7a m\u00e1y tr\u1ed9n th\u1ee9c \u0103n. \u0110i\u1ec1u n\u00e0y \u0111\u1ea3m b\u1ea3o h\u1ed9p s\u1ed1 nh\u1eadn \u0111\u01b0\u1ee3c n\u0103ng l\u01b0\u1ee3ng quay c\u1ea7n thi\u1ebft \u0111\u1ec3 d\u1eabn \u0111\u1ed9ng c\u00e1c tr\u1ee5c v\u00edt ho\u1eb7c c\u00e1nh tr\u1ed9n b\u00ean trong m\u00e1y tr\u1ed9n.<\/li>\n<li><strong>T\u1ea7m quan tr\u1ecdng:<\/strong> Truy\u1ec1n \u0111\u1ed9ng hi\u1ec7u qu\u1ea3 \u0111\u1ea3m b\u1ea3o m\u00e1y tr\u1ed9n ho\u1ea1t \u0111\u1ed9ng \u1edf t\u1ed1c \u0111\u1ed9 v\u00e0 m\u00f4-men xo\u1eafn ch\u00ednh x\u00e1c \u0111\u1ec3 \u0111\u1ea1t hi\u1ec7u su\u1ea5t tr\u1ed9n t\u1ed1i \u01b0u. \u0110i\u1ec1u n\u00e0y gi\u00fap ng\u0103n ng\u1eeba th\u1ea5t tho\u00e1t n\u0103ng l\u01b0\u1ee3ng, c\u1ea3i thi\u1ec7n hi\u1ec7u su\u1ea5t nhi\u00ean li\u1ec7u v\u00e0 hi\u1ec7u su\u1ea5t t\u1ed5ng th\u1ec3 c\u1ee7a h\u1ec7 th\u1ed1ng tr\u1ed9n.<\/li>\n<\/ul>\n<p><strong>X\u00e2y d\u1ef1ng h\u1ea1ng n\u1eb7ng<\/strong><\/p>\n<ul>\n<li><strong>\u0110\u1ed9 b\u1ec1n:<\/strong> Tr\u1ee5c PTO n\u00f4ng nghi\u1ec7p \u0111\u01b0\u1ee3c ch\u1ebf t\u1ea1o \u0111\u1ec3 ch\u1ecbu \u0111\u01b0\u1ee3c t\u1ea3i tr\u1ecdng n\u1eb7ng, rung \u0111\u1ed9ng v\u00e0 \u0111i\u1ec1u ki\u1ec7n m\u00f4i tr\u01b0\u1eddng kh\u1eafc nghi\u1ec7t th\u01b0\u1eddng g\u1eb7p trong ho\u1ea1t \u0111\u1ed9ng n\u00f4ng nghi\u1ec7p. Ch\u00fang \u0111\u01b0\u1ee3c l\u00e0m b\u1eb1ng th\u00e9p c\u01b0\u1eddng \u0111\u1ed9 cao v\u00e0 \u0111\u01b0\u1ee3c thi\u1ebft k\u1ebf \u0111\u1ec3 ch\u1ecbu \u0111\u01b0\u1ee3c vi\u1ec7c s\u1eed d\u1ee5ng li\u00ean t\u1ee5c trong m\u00f4i tr\u01b0\u1eddng n\u00f4ng nghi\u1ec7p kh\u1eafc nghi\u1ec7t.<\/li>\n<li><strong>T\u1ea7m quan tr\u1ecdng:<\/strong> K\u1ebft c\u1ea5u ch\u1ecbu l\u1ef1c \u0111\u1ea3m b\u1ea3o tr\u1ee5c PTO c\u00f3 th\u1ec3 ch\u1ecbu \u0111\u01b0\u1ee3c \u1ee9ng su\u1ea5t khi \u0111\u01b0a v\u1eadt li\u1ec7u v\u00e0o m\u00e1y tr\u1ed9n trong khi v\u1eabn duy tr\u00ec kh\u1ea3 n\u0103ng truy\u1ec1n l\u1ef1c \u0111\u00e1ng tin c\u1eady, do \u0111\u00f3 gi\u1ea3m nguy c\u01a1 h\u1ecfng h\u00f3c v\u00e0 t\u0103ng tu\u1ed5i th\u1ecd.<\/li>\n<\/ul>\n<p><strong>K\u1ebft n\u1ed1i v\u00e0 ng\u1eaft k\u1ebft n\u1ed1i d\u1ec5 d\u00e0ng<\/strong><\/p>\n<ul>\n<li><strong>S\u1ef1 ti\u1ec7n l\u1ee3i:<\/strong> Tr\u1ee5c PTO \u0111\u01b0\u1ee3c thi\u1ebft k\u1ebf \u0111\u1ec3 k\u1ebft n\u1ed1i nhanh ch\u00f3ng v\u00e0 d\u1ec5 d\u00e0ng v\u1edbi c\u1ea3 m\u00e1y k\u00e9o v\u00e0 h\u1ed9p s\u1ed1 m\u00e1y tr\u1ed9n th\u1ee9c \u0103n. Nhi\u1ec1u m\u1eabu m\u00e1y \u0111\u01b0\u1ee3c trang b\u1ecb c\u01a1 c\u1ea5u kh\u00f3a nhanh, \u0111\u1ea3m b\u1ea3o k\u1ebft n\u1ed1i an to\u00e0n v\u00e0 \u0111\u01a1n gi\u1ea3n h\u00f3a qu\u00e1 tr\u00ecnh k\u1ebft n\u1ed1i v\u00e0 th\u00e1o r\u1eddi tr\u1ee5c.<\/li>\n<li><strong>T\u1ea7m quan tr\u1ecdng:<\/strong> T\u00ednh d\u1ec5 s\u1eed d\u1ee5ng n\u00e0y gi\u00fap gi\u1ea3m th\u1eddi gian ch\u1ebft, gi\u00fap ng\u01b0\u1eddi v\u1eadn h\u00e0nh d\u1ec5 d\u00e0ng l\u1eafp \u0111\u1eb7t v\u00e0 th\u00e1o tr\u1ee5c PTO khi c\u1ea7n thi\u1ebft, qua \u0111\u00f3 c\u1ea3i thi\u1ec7n hi\u1ec7u qu\u1ea3 v\u1eadn h\u00e0nh t\u1ed5ng th\u1ec3.<\/li>\n<\/ul>\n<p><strong>Chi\u1ec1u d\u00e0i c\u00f3 th\u1ec3 \u0111i\u1ec1u ch\u1ec9nh \u0111\u1ec3 linh ho\u1ea1t<\/strong><\/p>\n<ul>\n<li><strong>T\u00f9y ch\u1ec9nh:<\/strong> Tr\u1ee5c PTO c\u00f3 nhi\u1ec1u chi\u1ec1u d\u00e0i kh\u00e1c nhau \u0111\u1ec3 ph\u00f9 h\u1ee3p v\u1edbi nhi\u1ec1u lo\u1ea1i m\u00e1y m\u00f3c n\u00f4ng nghi\u1ec7p. Chi\u1ec1u d\u00e0i c\u00f3 th\u1ec3 \u0111i\u1ec1u ch\u1ec9nh gi\u00fap tr\u1ee5c t\u01b0\u01a1ng th\u00edch v\u1edbi nhi\u1ec1u m\u1eabu m\u00e1y tr\u1ed9n th\u1ee9c \u0103n v\u00e0 k\u00edch th\u01b0\u1edbc m\u00e1y k\u00e9o kh\u00e1c nhau.<\/li>\n<li><strong>T\u1ea7m quan tr\u1ecdng:<\/strong> T\u00ednh linh ho\u1ea1t n\u00e0y cho ph\u00e9p tr\u1ee5c PTO \u0111\u01b0\u1ee3c s\u1eed d\u1ee5ng v\u1edbi nhi\u1ec1u lo\u1ea1i m\u00e1y tr\u1ed9n th\u1ee9c \u0103n v\u00e0 m\u00e1y k\u00e9o, khi\u1ebfn n\u00f3 tr\u1edf th\u00e0nh m\u1ed9t b\u1ed9 ph\u1eadn \u0111a n\u0103ng v\u00e0 th\u00edch \u1ee9ng trong nhi\u1ec1u ho\u1ea1t \u0111\u1ed9ng n\u00f4ng nghi\u1ec7p kh\u00e1c nhau.<\/li>\n<\/ul>\n<p><strong>Ho\u1ea1t \u0111\u1ed9ng tr\u01a1n tru<\/strong><\/p>\n<ul>\n<li><strong>C\u00e2n b\u1eb1ng v\u00e0 gi\u1ea3m rung \u0111\u1ed9ng:<\/strong> Tr\u1ee5c PTO \u0111\u01b0\u1ee3c thi\u1ebft k\u1ebf ch\u00ednh x\u00e1c \u0111\u1ec3 \u0111\u1ea3m b\u1ea3o v\u1eadn h\u00e0nh tr\u01a1n tru b\u1eb1ng c\u00e1ch gi\u1ea3m thi\u1ec3u rung \u0111\u1ed9ng v\u00e0 duy tr\u00ec s\u1ef1 c\u00e2n b\u1eb1ng trong qu\u00e1 tr\u00ecnh v\u1eadn h\u00e0nh. M\u1ed9t s\u1ed1 tr\u1ee5c \u0111\u01b0\u1ee3c trang b\u1ecb kh\u1edbp v\u1ea1n n\u0103ng h\u1ea5p th\u1ee5 t\u1ea3i tr\u1ecdng va \u0111\u1eadp, cung c\u1ea5p m\u00f4-men xo\u1eafn \u1ed5n \u0111\u1ecbnh cho h\u1ed9p s\u1ed1 m\u00e1y tr\u1ed9n c\u1ea5p li\u1ec7u.<\/li>\n<li><strong>T\u1ea7m quan tr\u1ecdng:<\/strong> Ho\u1ea1t \u0111\u1ed9ng tr\u01a1n tru gi\u00fap gi\u1ea3m hao m\u00f2n m\u00e1y m\u00f3c, t\u0103ng s\u1ef1 tho\u1ea3i m\u00e1i cho ng\u01b0\u1eddi v\u1eadn h\u00e0nh v\u00e0 k\u00e9o d\u00e0i tu\u1ed5i th\u1ecd c\u1ee7a c\u1ea3 tr\u1ee5c PTO v\u00e0 h\u1ed9p s\u1ed1 m\u00e1y tr\u1ed9n c\u1ea5p li\u1ec7u.<\/li>\n<\/ul>\n<p>Tr\u1ee5c PTO N\u00f4ng nghi\u1ec7p cho H\u1ed9p s\u1ed1 M\u00e1y tr\u1ed9n Th\u1ee9c \u0103n Ch\u0103n nu\u00f4i l\u00e0 m\u1ed9t b\u1ed9 ph\u1eadn thi\u1ebft y\u1ebfu \u0111\u1ec3 truy\u1ec1n l\u1ef1c t\u1eeb m\u00e1y k\u00e9o \u0111\u1ebfn b\u1ed9 ph\u1eadn tr\u1ed9n. N\u00f3 \u0111\u1ea3m b\u1ea3o m\u00e1y tr\u1ed9n th\u1ee9c \u0103n ch\u0103n nu\u00f4i ho\u1ea1t \u0111\u1ed9ng hi\u1ec7u qu\u1ea3, tr\u1ed9n \u0111\u1ec1u v\u00e0 k\u1ef9 l\u01b0\u1ee1ng c\u00e1c nguy\u00ean li\u1ec7u th\u1ee9c \u0103n. V\u1edbi k\u1ebft c\u1ea5u ch\u1ecbu l\u1ef1c cao, d\u1ec5 s\u1eed d\u1ee5ng, linh ho\u1ea1t v\u00e0 c\u00e1c t\u00ednh n\u0103ng an to\u00e0n, tr\u1ee5c PTO \u0111\u00f3ng vai tr\u00f2 quan tr\u1ecdng trong vi\u1ec7c \u0111\u1ea3m b\u1ea3o \u0111\u1ed9 b\u1ec1n, hi\u1ec7u su\u1ea5t v\u00e0 \u0111\u1ed9 tin c\u1eady c\u1ee7a h\u1ec7 th\u1ed1ng tr\u1ed9n th\u1ee9c \u0103n ch\u0103n nu\u00f4i. B\u1eb1ng c\u00e1ch l\u1ef1a ch\u1ecdn tr\u1ee5c PTO ph\u00f9 h\u1ee3p, n\u00f4ng d\u00e2n c\u00f3 th\u1ec3 n\u00e2ng cao n\u0103ng su\u1ea5t, gi\u1ea3m chi ph\u00ed b\u1ea3o tr\u00ec v\u00e0 \u0111\u1ea3m b\u1ea3o v\u1eadn h\u00e0nh tr\u01a1n tru trong qu\u00e1 tr\u00ecnh chu\u1ea9n b\u1ecb th\u1ee9c \u0103n.<\/p>\n<p><img loading=\"lazy\" decoding=\"async\" class=\"alignnone size-full wp-image-2540\" src=\"https:\/\/fmp-components.com\/wp-content\/uploads\/2025\/01\/Feed-Mixer-Gearbox-for-Mixing-Wagon-Working-Principle.webp\" alt=\"Nguy\u00ean l\u00fd ho\u1ea1t \u0111\u1ed9ng c\u1ee7a h\u1ed9p s\u1ed1 m\u00e1y tr\u1ed9n th\u1ee9c \u0103n cho xe tr\u1ed9n\" width=\"1024\" height=\"592\" title=\"\" srcset=\"https:\/\/fmp-components.com\/wp-content\/uploads\/2025\/01\/Feed-Mixer-Gearbox-for-Mixing-Wagon-Working-Principle.webp 1024w, https:\/\/fmp-components.com\/wp-content\/uploads\/2025\/01\/Feed-Mixer-Gearbox-for-Mixing-Wagon-Working-Principle-980x567.webp 980w, https:\/\/fmp-components.com\/wp-content\/uploads\/2025\/01\/Feed-Mixer-Gearbox-for-Mixing-Wagon-Working-Principle-480x278.webp 480w\" sizes=\"(min-width: 0px) and (max-width: 480px) 480px, (min-width: 481px) and (max-width: 980px) 980px, (min-width: 981px) 1024px, 100vw\" \/><\/p>\n<h3>Gi\u1edbi thi\u1ec7u v\u1ec1 FMP<\/h3>\n<p>C\u00f3 tr\u1ee5 s\u1edf ch\u00ednh t\u1ea1i \u00dd, FMP l\u00e0 nh\u00e0 s\u1ea3n xu\u1ea5t h\u00e0ng \u0111\u1ea7u, n\u1ed5i ti\u1ebfng v\u1edbi chuy\u00ean m\u00f4n trong thi\u1ebft k\u1ebf, ph\u00e1t tri\u1ec3n v\u00e0 s\u1ea3n xu\u1ea5t h\u1ed9p s\u1ed1 hi\u1ec7u su\u1ea5t cao, \u0111\u1eb7c bi\u1ec7t t\u1eadp trung v\u00e0o l\u0129nh v\u1ef1c m\u00e1y m\u00f3c n\u00f4ng nghi\u1ec7p. V\u1edbi uy t\u00edn v\u1ec1 k\u1ef9 thu\u1eadt ch\u00ednh x\u00e1c, gi\u1ea3i ph\u00e1p s\u00e1ng t\u1ea1o v\u00e0 \u0111\u1ed9 tin c\u1eady tuy\u1ec7t \u0111\u1ed1i, FMP \u0111\u00e3 tr\u1edf th\u00e0nh \u0111\u1ed1i t\u00e1c \u0111\u00e1ng tin c\u1eady trong vi\u1ec7c \u0111\u00e1p \u1ee9ng nhu c\u1ea7u ng\u00e0y c\u00e0ng cao c\u1ee7a c\u1ea3 l\u0129nh v\u1ef1c n\u00f4ng nghi\u1ec7p v\u00e0 c\u00f4ng nghi\u1ec7p. Danh m\u1ee5c s\u1ea3n ph\u1ea9m \u0111a d\u1ea1ng c\u1ee7a ch\u00fang t\u00f4i bao g\u1ed3m h\u1ed9p s\u1ed1 chuy\u00ean d\u1ee5ng cho m\u00e1y c\u1eaft c\u1ecf, tr\u1ee5c PTO v\u00e0 c\u00e1c linh ki\u1ec7n thi\u1ebft y\u1ebfu kh\u00e1c, t\u1ea5t c\u1ea3 \u0111\u1ec1u \u0111\u01b0\u1ee3c thi\u1ebft k\u1ebf t\u1ec9 m\u1ec9 \u0111\u1ec3 cung c\u1ea5p c\u00e1c gi\u1ea3i ph\u00e1p t\u00f9y ch\u1ec9nh cho nhi\u1ec1u \u1ee9ng d\u1ee5ng kh\u00e1c nhau.<\/p>\n<p>T\u1ea1i FMP, ch\u00fang t\u00f4i hi\u1ec3u r\u1eb1ng m\u1ed7i kh\u00e1ch h\u00e0ng \u0111\u1ec1u c\u00f3 nh\u1eefng y\u00eau c\u1ea7u v\u00e0 th\u00e1ch th\u1ee9c ri\u00eang. \u0110\u00f3 l\u00e0 l\u00fd do t\u1ea1i sao ch\u00fang t\u00f4i chuy\u00ean cung c\u1ea5p c\u00e1c gi\u1ea3i ph\u00e1p \u0111\u01b0\u1ee3c thi\u1ebft k\u1ebf ri\u00eang, d\u00f9 l\u00e0 cho t\u1eebng th\u00e0nh ph\u1ea7n ri\u00eang l\u1ebb hay h\u1ec7 th\u1ed1ng t\u00edch h\u1ee3p ho\u00e0n ch\u1ec9nh. Ch\u00fang t\u00f4i h\u1ee3p t\u00e1c ch\u1eb7t ch\u1ebd v\u1edbi kh\u00e1ch h\u00e0ng \u0111\u1ec3 \u0111\u1ea3m b\u1ea3o m\u1ecdi gi\u1ea3i ph\u00e1p kh\u00f4ng ch\u1ec9 hi\u1ec7u qu\u1ea3 m\u00e0 c\u00f2n t\u1ed1i \u01b0u h\u00f3a c\u1ea3 hi\u1ec7u su\u1ea5t v\u00e0 gi\u00e1 tr\u1ecb. Cam k\u1ebft cung c\u1ea5p ph\u1ea3n h\u1ed3i nhanh ch\u00f3ng, chuy\u00ean nghi\u1ec7p, c\u00f9ng v\u1edbi s\u1ef1 h\u01b0\u1edbng d\u1eabn chuy\u00ean m\u00f4n, \u0111\u1ea3m b\u1ea3o m\u1ecdi th\u1eafc m\u1eafc \u0111\u1ec1u \u0111\u01b0\u1ee3c x\u1eed l\u00fd v\u1edbi s\u1ef1 t\u1eadn t\u00e2m v\u00e0 ch\u00ednh x\u00e1c t\u1ed1i \u0111a, mang l\u1ea1i k\u1ebft qu\u1ea3 t\u1ed1t nh\u1ea5t c\u00f3 th\u1ec3.<\/p>\n<p>Ch\u00fang t\u00f4i \u01b0u ti\u00ean giao ti\u1ebfp c\u1edfi m\u1edf v\u00e0 li\u00ean t\u1ee5c trong su\u1ed1t qu\u00e1 tr\u00ecnh ph\u00e1t tri\u1ec3n s\u1ea3n ph\u1ea9m. \u0110\u1ed9i ng\u0169 t\u1eadn t\u00e2m c\u1ee7a ch\u00fang t\u00f4i l\u00e0m vi\u1ec7c tr\u1ef1c ti\u1ebfp v\u1edbi kh\u00e1ch h\u00e0ng \u0111\u1ec3 hi\u1ec3u r\u00f5 nhu c\u1ea7u c\u1ee5 th\u1ec3 c\u1ee7a h\u1ecd, cung c\u1ea5p nh\u1eefng hi\u1ec3u bi\u1ebft s\u00e2u s\u1eafc v\u00e0 \u0111\u1ec1 xu\u1ea5t gi\u00e1 tr\u1ecb nh\u1eb1m \u0111\u1ea3m b\u1ea3o c\u00e1c gi\u1ea3i ph\u00e1p t\u1ed1i \u01b0u. D\u00f9 l\u00e0 thi\u1ebft k\u1ebf s\u1ea3n ph\u1ea9m s\u00e1ng t\u1ea1o hay ho\u00e0n th\u00e0nh c\u00e1c \u0111\u01a1n h\u00e0ng \u0111ang tri\u1ec3n khai, FMP lu\u00f4n cam k\u1ebft cung c\u1ea5p c\u00e1c gi\u1ea3i ph\u00e1p ch\u1ea5t l\u01b0\u1ee3ng cao, \u0111\u01b0\u1ee3c thi\u1ebft k\u1ebf ch\u00ednh x\u00e1c, \u0111\u00fang th\u1eddi h\u1ea1n. M\u1ee5c ti\u00eau c\u1ee7a ch\u00fang t\u00f4i l\u00e0 mang \u0111\u1ebfn cho kh\u00e1ch h\u00e0ng d\u1ecbch v\u1ee5 v\u00e0 k\u1ebft qu\u1ea3 t\u1ed1t nh\u1ea5t, v\u01b0\u1ee3t tr\u00ean c\u1ea3 mong \u0111\u1ee3i trong m\u1ecdi d\u1ef1 \u00e1n.<\/p>\n<p>Ch\u1ea5t l\u01b0\u1ee3ng l\u00e0 n\u1ec1n t\u1ea3ng cho m\u1ecdi ho\u1ea1t \u0111\u1ed9ng c\u1ee7a FMP. Ch\u00fang t\u00f4i tu\u00e2n th\u1ee7 c\u00e1c ti\u00eau chu\u1ea9n s\u1ea3n xu\u1ea5t cao nh\u1ea5t, th\u1ef1c hi\u1ec7n c\u00e1c bi\u1ec7n ph\u00e1p ki\u1ec3m so\u00e1t ch\u1ea5t l\u01b0\u1ee3ng nghi\u00eam ng\u1eb7t \u0111\u1ec3 \u0111\u1ea3m b\u1ea3o m\u1ed7i s\u1ea3n ph\u1ea9m kh\u00f4ng ch\u1ec9 \u0111\u00e1p \u1ee9ng m\u00e0 c\u00f2n v\u01b0\u1ee3t xa c\u00e1c ti\u00eau chu\u1ea9n c\u1ee7a ng\u00e0nh. Cam k\u1ebft v\u1eefng ch\u1eafc v\u1ec1 ch\u1ea5t l\u01b0\u1ee3ng n\u00e0y, k\u1ebft h\u1ee3p v\u1edbi c\u00e1c gi\u00e1 tr\u1ecb c\u1ed1t l\u00f5i c\u1ee7a ch\u00fang t\u00f4i l\u00e0 ch\u00ednh tr\u1ef1c, tinh th\u1ea7n \u0111\u1ed3ng \u0111\u1ed9i v\u00e0 s\u1ef1 ki\u00ean tr\u00ec, \u0111\u00e3 gi\u00fap ch\u00fang t\u00f4i x\u00e2y d\u1ef1ng m\u1ed1i quan h\u1ec7 l\u00e2u d\u00e0i, tin c\u1eady v\u1edbi kh\u00e1ch h\u00e0ng t\u1ea1i g\u1ea7n 30 qu\u1ed1c gia tr\u00ean to\u00e0n th\u1ebf gi\u1edbi.<\/p>\n<p>FMP lu\u00f4n s\u1eb5n s\u00e0ng th\u00fac \u0111\u1ea9y quan h\u1ec7 \u0111\u1ed1i t\u00e1c to\u00e0n c\u1ea7u v\u00e0 lu\u00f4n t\u1eadn t\u00e2m cung c\u1ea5p t\u01b0 v\u1ea5n chuy\u00ean m\u00f4n v\u00e0 c\u00e1c gi\u1ea3i ph\u00e1p t\u00f9y ch\u1ec9nh \u0111\u00e1p \u1ee9ng nhu c\u1ea7u \u0111a d\u1ea1ng c\u1ee7a kh\u00e1ch h\u00e0ng. Ch\u00fang t\u00f4i kh\u00f4ng ch\u1ec9 cung c\u1ea5p s\u1ea3n ph\u1ea9m; ch\u00fang t\u00f4i h\u01b0\u1edbng \u0111\u1ebfn vi\u1ec7c x\u00e2y d\u1ef1ng c\u00e1c m\u1ed1i quan h\u1ec7 b\u1ec1n v\u1eefng, g\u00f3p ph\u1ea7n v\u00e0o th\u00e0nh c\u00f4ng c\u1ee7a m\u1ecdi d\u1ef1 \u00e1n. Cho d\u00f9 b\u1ea1n c\u1ea7n c\u00e1c gi\u1ea3i ph\u00e1p s\u00e1ng t\u1ea1o cho m\u1ed9t s\u00e1ng ki\u1ebfn m\u1edbi hay h\u1ed7 tr\u1ee3 li\u00ean t\u1ee5c cho m\u1ed9t h\u1ec7 th\u1ed1ng hi\u1ec7n c\u00f3, FMP lu\u00f4n s\u1eb5n s\u00e0ng gi\u1ea3i quy\u1ebft c\u00e1c th\u00e1ch th\u1ee9c k\u1ef9 thu\u1eadt v\u00e0 \u0111\u1ea3m b\u1ea3o s\u1ef1 th\u00e0nh c\u00f4ng li\u00ean t\u1ee5c c\u1ee7a b\u1ea1n.<\/p>\n<p><img loading=\"lazy\" decoding=\"async\" class=\"alignnone size-full wp-image-1861\" src=\"https:\/\/fmp-components.com\/wp-content\/uploads\/2024\/12\/Other-Agricultural-Gearboxes.webp\" sizes=\"(min-width: 0px) and (max-width: 480px) 480px, (min-width: 481px) and (max-width: 980px) 980px, (min-width: 981px) 1200px, 100vw\" srcset=\"https:\/\/fmp-components.com\/wp-content\/uploads\/2024\/12\/Other-Agricultural-Gearboxes.webp 1200w, https:\/\/fmp-components.com\/wp-content\/uploads\/2024\/12\/Other-Agricultural-Gearboxes-980x1143.webp 980w, https:\/\/fmp-components.com\/wp-content\/uploads\/2024\/12\/Other-Agricultural-Gearboxes-480x560.webp 480w\" alt=\"Altri-cambi-agricoli\" width=\"1200\" height=\"1400\" title=\"\"><\/p>\n<p>T\u00e1c gi\u1ea3: CX<\/p>","protected":false},"excerpt":{"rendered":"<p>PGA1202VM Mixing wagon Gearboxes Specification Description PGA1202VM Mixing Wagon Gearboxes &#8211; Replacement of Comer Code PGA-1202 Specifications Has a special bearing complete where the screw spindle can be directly connected. Benefits No separate bearing complete required for the winch. Application Mixing wagon Suitable For Single mixer 10\u201314 cubic metres, Double mixer 16\u201324 cubic metres Consists [&hellip;]<\/p>","protected":false},"featured_media":2544,"comment_status":"open","ping_status":"closed","template":"","meta":{"_et_pb_use_builder":"","_et_pb_old_content":"","_et_gb_content_width":""},"product_brand":[],"product_cat":[60],"product_tag":[],"class_list":{"0":"post-2536","1":"product","2":"type-product","3":"status-publish","4":"has-post-thumbnail","6":"product_cat-feed-mixer-gearbox","8":"first","9":"instock","10":"shipping-taxable","11":"product-type-simple"},"_links":{"self":[{"href":"https:\/\/fmp-components.com\/vi\/wp-json\/wp\/v2\/product\/2536","targetHints":{"allow":["GET"]}}],"collection":[{"href":"https:\/\/fmp-components.com\/vi\/wp-json\/wp\/v2\/product"}],"about":[{"href":"https:\/\/fmp-components.com\/vi\/wp-json\/wp\/v2\/types\/product"}],"replies":[{"embeddable":true,"href":"https:\/\/fmp-components.com\/vi\/wp-json\/wp\/v2\/comments?post=2536"}],"wp:featuredmedia":[{"embeddable":true,"href":"https:\/\/fmp-components.com\/vi\/wp-json\/wp\/v2\/media\/2544"}],"wp:attachment":[{"href":"https:\/\/fmp-components.com\/vi\/wp-json\/wp\/v2\/media?parent=2536"}],"wp:term":[{"taxonomy":"product_brand","embeddable":true,"href":"https:\/\/fmp-components.com\/vi\/wp-json\/wp\/v2\/product_brand?post=2536"},{"taxonomy":"product_cat","embeddable":true,"href":"https:\/\/fmp-components.com\/vi\/wp-json\/wp\/v2\/product_cat?post=2536"},{"taxonomy":"product_tag","embeddable":true,"href":"https:\/\/fmp-components.com\/vi\/wp-json\/wp\/v2\/product_tag?post=2536"}],"curies":[{"name":"wp","href":"https:\/\/api.w.org\/{rel}","templated":true}]}}