{"id":2501,"date":"2025-01-02T02:44:16","date_gmt":"2025-01-02T02:44:16","guid":{"rendered":"https:\/\/fmp-components.com\/?page_id=8"},"modified":"2025-01-02T02:46:27","modified_gmt":"2025-01-02T02:46:27","slug":"round-baler-gearbox-fmp9-0-hl01-for-round-baler-and-harvester","status":"publish","type":"product","link":"https:\/\/fmp-components.com\/vi\/product\/round-baler-gearbox-fmp9-0-hl01-for-round-baler-and-harvester\/","title":{"rendered":"H\u1ed9p s\u1ed1 m\u00e1y \u00e9p tr\u00f2n FMP9.0-HL01 cho m\u00e1y \u00e9p tr\u00f2n v\u00e0 m\u00e1y g\u1eb7t"},"content":{"rendered":"<p><img loading=\"lazy\" decoding=\"async\" class=\"alignnone size-full wp-image-2506\" src=\"https:\/\/fmp-components.com\/wp-content\/uploads\/2025\/01\/Round-Baler-Gearbox-FMP9.0-HL01-Features1.webp\" alt=\"H\u1ed9p s\u1ed1 m\u00e1y \u00e9p tr\u00f2n FMP9.0-HL01-T\u00ednh n\u0103ng(1)\" width=\"1340\" height=\"773\" title=\"\" srcset=\"https:\/\/fmp-components.com\/wp-content\/uploads\/2025\/01\/Round-Baler-Gearbox-FMP9.0-HL01-Features1.webp 1340w, https:\/\/fmp-components.com\/wp-content\/uploads\/2025\/01\/Round-Baler-Gearbox-FMP9.0-HL01-Features1-1280x738.webp 1280w, https:\/\/fmp-components.com\/wp-content\/uploads\/2025\/01\/Round-Baler-Gearbox-FMP9.0-HL01-Features1-980x565.webp 980w, https:\/\/fmp-components.com\/wp-content\/uploads\/2025\/01\/Round-Baler-Gearbox-FMP9.0-HL01-Features1-480x277.webp 480w\" sizes=\"(min-width: 0px) and (max-width: 480px) 480px, (min-width: 481px) and (max-width: 980px) 980px, (min-width: 981px) and (max-width: 1280px) 1280px, (min-width: 1281px) 1340px, 100vw\" \/><\/p>\n<h2>K\u00edch th\u01b0\u1edbc h\u1ed9p s\u1ed1 m\u00e1y \u0111\u00f3ng ki\u1ec7n tr\u00f2n FMP9.0-HL01<\/h2>\n<p><img loading=\"lazy\" decoding=\"async\" class=\"alignnone size-full wp-image-2508\" src=\"https:\/\/fmp-components.com\/wp-content\/uploads\/2025\/01\/Round-Baler-Gearbox-EP9.0-HL01-Dimensions-2.webp\" alt=\"H\u1ed9p s\u1ed1 m\u00e1y \u0111\u00f3ng ki\u1ec7n tr\u00f2n FMP9.0-HL01-K\u00edch th\u01b0\u1edbc-2\" width=\"1380\" height=\"893\" title=\"\" srcset=\"https:\/\/fmp-components.com\/wp-content\/uploads\/2025\/01\/Round-Baler-Gearbox-EP9.0-HL01-Dimensions-2.webp 1380w, https:\/\/fmp-components.com\/wp-content\/uploads\/2025\/01\/Round-Baler-Gearbox-EP9.0-HL01-Dimensions-2-1280x828.webp 1280w, https:\/\/fmp-components.com\/wp-content\/uploads\/2025\/01\/Round-Baler-Gearbox-EP9.0-HL01-Dimensions-2-980x634.webp 980w, https:\/\/fmp-components.com\/wp-content\/uploads\/2025\/01\/Round-Baler-Gearbox-EP9.0-HL01-Dimensions-2-480x311.webp 480w\" sizes=\"(min-width: 0px) and (max-width: 480px) 480px, (min-width: 481px) and (max-width: 980px) 980px, (min-width: 981px) and (max-width: 1280px) 1280px, (min-width: 1281px) 1380px, 100vw\" \/> <img loading=\"lazy\" decoding=\"async\" class=\"alignnone size-full wp-image-2509\" src=\"https:\/\/fmp-components.com\/wp-content\/uploads\/2025\/01\/Round-Baler-Gearbox-EP9.0-HL01-Dimensions-1.webp\" alt=\"H\u1ed9p s\u1ed1 m\u00e1y \u0111\u00f3ng ki\u1ec7n tr\u00f2n FMP9.0-HL01-K\u00edch th\u01b0\u1edbc-1\" width=\"1386\" height=\"437\" title=\"\" srcset=\"https:\/\/fmp-components.com\/wp-content\/uploads\/2025\/01\/Round-Baler-Gearbox-EP9.0-HL01-Dimensions-1.webp 1386w, https:\/\/fmp-components.com\/wp-content\/uploads\/2025\/01\/Round-Baler-Gearbox-EP9.0-HL01-Dimensions-1-1280x404.webp 1280w, https:\/\/fmp-components.com\/wp-content\/uploads\/2025\/01\/Round-Baler-Gearbox-EP9.0-HL01-Dimensions-1-980x309.webp 980w, https:\/\/fmp-components.com\/wp-content\/uploads\/2025\/01\/Round-Baler-Gearbox-EP9.0-HL01-Dimensions-1-480x151.webp 480w\" sizes=\"(min-width: 0px) and (max-width: 480px) 480px, (min-width: 481px) and (max-width: 980px) 980px, (min-width: 981px) and (max-width: 1280px) 1280px, (min-width: 1281px) 1386px, 100vw\" \/><\/p>\n<h2>H\u1ed9p s\u1ed1 m\u00e1y \u0111\u00f3ng ki\u1ec7n tr\u00f2n FMP9.0-HL01 D\u1eef li\u1ec7u k\u1ef9 thu\u1eadt<\/h2>\n<table style=\"width: 99.6064%; height: 141px;\" border=\"1\" cellspacing=\"0\" cellpadding=\"0\">\n<tbody>\n<tr>\n<td colspan=\"2\" rowspan=\"2\">T\u00f4i<\/td>\n<td rowspan=\"2\">Th\u00edch h\u1ee3p<\/td>\n<td>\u0110\u1ea7u v\u00e0o v\u00f2ng\/ph\u00fat<\/td>\n<td>\u0110\u1ea7u ra v\u00f2ng\/ph\u00fat<\/td>\n<td>KW(T\u00ean)<\/td>\n<td>KW(T\u1ed1i \u0111a)<\/td>\n<td rowspan=\"2\">m\u1ecdc r\u0103ng<\/td>\n<\/tr>\n<tr>\n<td>v\u00f2ng\/ph\u00fat<\/td>\n<td>v\u00f2ng\/ph\u00fat<\/td>\n<td>m\u00e3 l\u1ef1c<\/td>\n<td>m\u00e3 l\u1ef1c<\/td>\n<\/tr>\n<tr>\n<td>Gi\u1ea3m t\u1ed1c<\/td>\n<td>1.92:1<\/td>\n<td>M\u00e1y \u0111\u00f3ng ki\u1ec7n tr\u00f2n,<br \/>\nm\u00e1y g\u1eb7t, v.v.<\/td>\n<td>540<\/td>\n<td>282<\/td>\n<td>120<\/td>\n<td>3000<\/td>\n<td>Gleason Helical<br \/>\nR\u0103ng<\/td>\n<\/tr>\n<tr>\n<td colspan=\"8\">L\u01b0u \u00fd: N\u1ebfu b\u1ea1n c\u00f3 b\u1ea5t k\u1ef3 y\u00eau c\u1ea7u \u0111\u1eb7c bi\u1ec7t n\u00e0o, vui l\u00f2ng cho t\u00f4i bi\u1ebft, ch\u00fang t\u00f4i c\u0169ng ch\u1ea5p nh\u1eadn t\u00f9y ch\u1ec9nh.<\/td>\n<\/tr>\n<\/tbody>\n<\/table>\n<h2>T\u00ednh n\u0103ng c\u1ee7a h\u1ed9p s\u1ed1 m\u00e1y \u0111\u00f3ng ki\u1ec7n tr\u00f2n FMP9.0-HL01<\/h2>\n<p>H\u1ed9p s\u1ed1 m\u00e1y \u0111\u00f3ng ki\u1ec7n tr\u00f2n FMP9.0-HL01 l\u00e0 h\u1ed9p s\u1ed1 hi\u1ec7u su\u1ea5t cao \u0111\u01b0\u1ee3c thi\u1ebft k\u1ebf chuy\u00ean d\u1ee5ng cho m\u00e1y \u0111\u00f3ng ki\u1ec7n tr\u00f2n n\u00f4ng nghi\u1ec7p. \u0110\u01b0\u1ee3c thi\u1ebft k\u1ebf ch\u00fa tr\u1ecdng \u0111\u1ebfn \u0111\u1ed9 b\u1ec1n, hi\u1ec7u qu\u1ea3 v\u00e0 t\u00ednh linh ho\u1ea1t, h\u1ed9p s\u1ed1 n\u00e0y ph\u00f9 h\u1ee3p v\u1edbi nhi\u1ec1u \u1ee9ng d\u1ee5ng \u0111\u00f3ng ki\u1ec7n kh\u00e1c nhau, t\u1eeb c\u1ecf kh\u00f4 v\u00e0 r\u01a1m r\u1ea1 \u0111\u1ebfn th\u1ee9c \u0103n \u1ee7 chua v\u00e0 ch\u1ea5t th\u1ea3i n\u00f4ng nghi\u1ec7p. D\u01b0\u1edbi \u0111\u00e2y l\u00e0 c\u00e1c t\u00ednh n\u0103ng ch\u00ednh c\u1ee7a h\u1ed9p s\u1ed1 FMP9.0-HL01:<\/p>\n<p><strong>Truy\u1ec1n \u0111\u1ed9ng m\u00f4-men xo\u1eafn cao<\/strong><\/p>\n<ul>\n<li>T\u00ednh n\u0103ng: H\u1ed9p s\u1ed1 FMP9.0-HL01 \u0111\u01b0\u1ee3c thi\u1ebft k\u1ebf \u0111\u1ec3 x\u1eed l\u00fd m\u00f4-men xo\u1eafn cao, \u0111\u1ea3m b\u1ea3o truy\u1ec1n l\u1ef1c hi\u1ec7u qu\u1ea3 t\u1eeb m\u00e1y k\u00e9o \u0111\u1ebfn c\u01a1 c\u1ea5u \u0111\u00f3ng ki\u1ec7n.<\/li>\n<li>L\u1ee3i \u00edch: Kh\u1ea3 n\u0103ng n\u00e0y cho ph\u00e9p h\u1ed9p s\u1ed1 x\u1eed l\u00fd c\u00e1c ho\u1ea1t \u0111\u1ed9ng \u0111\u00f3ng ki\u1ec7n \u0111\u00f2i h\u1ecfi kh\u1eaft khe, \u0111\u1ea3m b\u1ea3o n\u00e9n ch\u1eb7t v\u00e0 \u0111\u00e1ng tin c\u1eady c\u00e1c v\u1eadt li\u1ec7u nh\u01b0 c\u1ecf kh\u00f4, r\u01a1m v\u00e0 th\u1ee9c \u0103n \u1ee7 chua, ngay c\u1ea3 trong \u0111i\u1ec1u ki\u1ec7n kh\u1eafc nghi\u1ec7t.<\/li>\n<\/ul>\n<p><strong>K\u1ef9 thu\u1eadt ch\u00ednh x\u00e1c cho tu\u1ed5i th\u1ecd cao<\/strong><\/p>\n<ul>\n<li>T\u00ednh n\u0103ng: \u0110\u01b0\u1ee3c l\u00e0m b\u1eb1ng v\u1eadt li\u1ec7u ch\u1ea5t l\u01b0\u1ee3ng cao v\u00e0 k\u1ef9 thu\u1eadt ch\u00ednh x\u00e1c, FMP9.0-HL01 \u0111\u01b0\u1ee3c thi\u1ebft k\u1ebf \u0111\u1ec3 c\u00f3 hi\u1ec7u su\u1ea5t l\u00e2u d\u00e0i khi s\u1eed d\u1ee5ng \u1edf c\u01b0\u1eddng \u0111\u1ed9 cao.<\/li>\n<li>L\u1ee3i \u00edch: K\u1ebft c\u1ea5u ch\u1eafc ch\u1eafn gi\u00fap gi\u1ea3m hao m\u00f2n, t\u0103ng tu\u1ed5i th\u1ecd c\u1ee7a h\u1ed9p s\u1ed1 v\u00e0 \u0111\u1ea3m b\u1ea3o ho\u1ea1t \u0111\u1ed9ng \u0111\u00e1ng tin c\u1eady theo th\u1eddi gian, gi\u1ea3m thi\u1ec3u nhu c\u1ea7u s\u1eeda ch\u1eefa ho\u1eb7c thay th\u1ebf th\u01b0\u1eddng xuy\u00ean.<\/li>\n<\/ul>\n<p><strong>Thi\u1ebft k\u1ebf nh\u1ecf g\u1ecdn v\u00e0 ti\u1ebft ki\u1ec7m kh\u00f4ng gian<\/strong><\/p>\n<ul>\n<li>T\u00ednh n\u0103ng: H\u1ed9p s\u1ed1 FMP9.0-HL01 c\u00f3 thi\u1ebft k\u1ebf nh\u1ecf g\u1ecdn, ti\u1ebft ki\u1ec7m kh\u00f4ng gian, gi\u00fap d\u1ec5 d\u00e0ng t\u00edch h\u1ee3p v\u00e0o nhi\u1ec1u m\u1eabu m\u00e1y \u0111\u00f3ng ki\u1ec7n tr\u00f2n kh\u00e1c nhau m\u00e0 kh\u00f4ng chi\u1ebfm nhi\u1ec1u kh\u00f4ng gian kh\u00f4ng c\u1ea7n thi\u1ebft.<\/li>\n<li>L\u1ee3i \u00edch: K\u00edch th\u01b0\u1edbc nh\u1ecf gi\u00fap t\u1ed1i \u01b0u h\u00f3a thi\u1ebft k\u1ebf t\u1ed5ng th\u1ec3 c\u1ee7a m\u00e1y \u00e9p ki\u1ec7n, gi\u1ea3m tr\u1ecdng l\u01b0\u1ee3ng v\u00e0 cho ph\u00e9p kh\u1ea3 n\u0103ng c\u01a1 \u0111\u1ed9ng t\u1ed1t h\u01a1n tr\u00ean th\u1ef1c \u0111\u1ecba trong khi v\u1eabn duy tr\u00ec hi\u1ec7u su\u1ea5t cao.<\/li>\n<\/ul>\n<p><img loading=\"lazy\" decoding=\"async\" class=\"alignnone size-full wp-image-2507\" src=\"https:\/\/fmp-components.com\/wp-content\/uploads\/2025\/01\/Round-Baler-Gearbox-EP9.0-HL01-for-Agricultural-21.webp\" alt=\"H\u1ed9p s\u1ed1 m\u00e1y \u00e9p ki\u1ec7n tr\u00f2n FMP9.0-HL01 cho n\u00f4ng nghi\u1ec7p 2(1)\" width=\"980\" height=\"653\" title=\"\" srcset=\"https:\/\/fmp-components.com\/wp-content\/uploads\/2025\/01\/Round-Baler-Gearbox-EP9.0-HL01-for-Agricultural-21.webp 980w, https:\/\/fmp-components.com\/wp-content\/uploads\/2025\/01\/Round-Baler-Gearbox-EP9.0-HL01-for-Agricultural-21-480x320.webp 480w\" sizes=\"(min-width: 0px) and (max-width: 480px) 480px, (min-width: 481px) 980px, 100vw\" \/><\/p>\n<p><strong>Ho\u1ea1t \u0111\u1ed9ng \u00eam \u00e1i v\u1edbi \u0111\u1ed9 \u1ed3n th\u1ea5p<\/strong><\/p>\n<ul>\n<li>T\u00ednh n\u0103ng: H\u1ed9p s\u1ed1 \u0111\u01b0\u1ee3c thi\u1ebft k\u1ebf \u0111\u1ec3 ho\u1ea1t \u0111\u1ed9ng tr\u01a1n tru, v\u1edbi c\u00e1c linh ki\u1ec7n b\u00ean trong ti\u00ean ti\u1ebfn gi\u00fap gi\u1ea3m thi\u1ec3u ma s\u00e1t v\u00e0 ti\u1ebfng \u1ed3n trong qu\u00e1 tr\u00ecnh v\u1eadn h\u00e0nh.<\/li>\n<li>L\u1ee3i \u00edch: \u0110i\u1ec1u n\u00e0y \u0111\u1ea3m b\u1ea3o ho\u1ea1t \u0111\u1ed9ng \u00eam h\u01a1n, t\u0103ng s\u1ef1 tho\u1ea3i m\u00e1i cho ng\u01b0\u1eddi v\u1eadn h\u00e0nh v\u00e0 gi\u1ea3m \u00f4 nhi\u1ec5m ti\u1ebfng \u1ed3n \u1edf c\u00e1c trang tr\u1ea1i v\u00e0 trong m\u00f4i tr\u01b0\u1eddng n\u00f4ng nghi\u1ec7p.<\/li>\n<\/ul>\n<p><strong>Hi\u1ec7u su\u1ea5t cao trong truy\u1ec1n t\u1ea3i \u0111i\u1ec7n<\/strong><\/p>\n<ul>\n<li>T\u00ednh n\u0103ng: H\u1ed9p s\u1ed1 FMP9.0-HL01 truy\u1ec1n l\u1ef1c hi\u1ec7u qu\u1ea3 t\u1eeb m\u00e1y k\u00e9o \u0111\u1ebfn h\u1ec7 th\u1ed1ng \u0111\u00f3ng ki\u1ec7n, gi\u1ea3m th\u1ea5t tho\u00e1t n\u0103ng l\u01b0\u1ee3ng v\u00e0 \u0111\u1ea3m b\u1ea3o \u0111\u00f3ng ki\u1ec7n hi\u1ec7u qu\u1ea3 h\u01a1n.<\/li>\n<li>L\u1ee3i \u00edch: Hi\u1ec7u su\u1ea5t cao h\u01a1n c\u00f3 ngh\u0129a l\u00e0 \u00edt n\u0103ng l\u01b0\u1ee3ng b\u1ecb l\u00e3ng ph\u00ed h\u01a1n trong qu\u00e1 tr\u00ecnh \u0111\u00f3ng ki\u1ec7n, d\u1eabn \u0111\u1ebfn vi\u1ec7c s\u1eed d\u1ee5ng nhi\u00ean li\u1ec7u hi\u1ec7u qu\u1ea3 h\u01a1n, n\u0103ng su\u1ea5t t\u1ed1t h\u01a1n v\u00e0 chi ph\u00ed v\u1eadn h\u00e0nh th\u1ea5p h\u01a1n.<\/li>\n<\/ul>\n<p>H\u1ed9p s\u1ed1 m\u00e1y \u0111\u00f3ng ki\u1ec7n tr\u00f2n FMP9.0-HL01 k\u1ebft h\u1ee3p \u0111\u1ed9 b\u1ec1n, hi\u1ec7u qu\u1ea3 v\u00e0 t\u00ednh linh ho\u1ea1t \u0111\u1ec3 mang l\u1ea1i hi\u1ec7u su\u1ea5t t\u1ed1i \u01b0u trong c\u00e1c \u1ee9ng d\u1ee5ng n\u00f4ng nghi\u1ec7p kh\u1eaft khe. V\u1edbi c\u00e1c t\u00ednh n\u0103ng nh\u01b0 truy\u1ec1n \u0111\u1ed9ng m\u00f4-men xo\u1eafn cao, thi\u1ebft k\u1ebf nh\u1ecf g\u1ecdn, d\u1ec5 b\u1ea3o tr\u00ec v\u00e0 v\u1eadn h\u00e0nh \u00edt ti\u1ebfng \u1ed3n, \u0111\u00e2y l\u00e0 l\u1ef1a ch\u1ecdn l\u00fd t\u01b0\u1edfng cho nh\u1eefng ng\u01b0\u1eddi n\u00f4ng d\u00e2n mu\u1ed1n c\u1ea3i thi\u1ec7n hi\u1ec7u qu\u1ea3 v\u00e0 \u0111\u1ed9 tin c\u1eady c\u1ee7a ho\u1ea1t \u0111\u1ed9ng \u0111\u00f3ng ki\u1ec7n. D\u00f9 \u0111\u01b0\u1ee3c s\u1eed d\u1ee5ng cho c\u1ecf kh\u00f4, r\u01a1m r\u1ea1, th\u1ee9c \u0103n \u1ee7 chua hay ch\u1ea5t th\u1ea3i n\u00f4ng nghi\u1ec7p, FMP9.0-HL01 \u0111\u01b0\u1ee3c thi\u1ebft k\u1ebf \u0111\u1ec3 \u0111\u00e1p \u1ee9ng nhu c\u1ea7u c\u1ee7a n\u1ec1n n\u00f4ng nghi\u1ec7p hi\u1ec7n \u0111\u1ea1i, mang l\u1ea1i gi\u00e1 tr\u1ecb v\u00e0 hi\u1ec7u su\u1ea5t l\u00e2u d\u00e0i.<\/p>\n<p><img loading=\"lazy\" decoding=\"async\" class=\"alignnone size-full wp-image-2505\" src=\"https:\/\/fmp-components.com\/wp-content\/uploads\/2025\/01\/Round-Baler-Gearbox-191-scaled.webp\" alt=\"\" width=\"2560\" height=\"1920\" title=\"\" srcset=\"https:\/\/fmp-components.com\/wp-content\/uploads\/2025\/01\/Round-Baler-Gearbox-191-scaled.webp 2560w, https:\/\/fmp-components.com\/wp-content\/uploads\/2025\/01\/Round-Baler-Gearbox-191-1280x960.webp 1280w, https:\/\/fmp-components.com\/wp-content\/uploads\/2025\/01\/Round-Baler-Gearbox-191-980x735.webp 980w, https:\/\/fmp-components.com\/wp-content\/uploads\/2025\/01\/Round-Baler-Gearbox-191-480x360.webp 480w\" sizes=\"(min-width: 0px) and (max-width: 480px) 480px, (min-width: 481px) and (max-width: 980px) 980px, (min-width: 981px) and (max-width: 1280px) 1280px, (min-width: 1281px) 2560px, 100vw\" \/><\/p>\n<h2>H\u1ed9p s\u1ed1 m\u00e1y \u0111\u00f3ng ki\u1ec7n tr\u00f2n FMP9.0-HL01 cho c\u00e1c \u1ee9ng d\u1ee5ng n\u00f4ng nghi\u1ec7p<\/h2>\n<p>H\u1ed9p s\u1ed1 m\u00e1y \u0111\u00f3ng ki\u1ec7n tr\u00f2n FMP9.0-HL01 l\u00e0 h\u1ed9p s\u1ed1 m\u1ea1nh m\u1ebd v\u00e0 hi\u1ec7u su\u1ea5t cao \u0111\u01b0\u1ee3c thi\u1ebft k\u1ebf ri\u00eang cho m\u00e1y \u0111\u00f3ng ki\u1ec7n tr\u00f2n n\u00f4ng nghi\u1ec7p. \u0110\u01b0\u1ee3c thi\u1ebft k\u1ebf \u0111\u1ec3 \u0111\u1ea1t hi\u1ec7u su\u1ea5t, \u0111\u1ed9 b\u1ec1n v\u00e0 t\u00ednh linh ho\u1ea1t t\u1ed1i \u0111a, h\u1ed9p s\u1ed1 n\u00e0y l\u00fd t\u01b0\u1edfng cho nhi\u1ec1u \u1ee9ng d\u1ee5ng \u0111\u00f3ng ki\u1ec7n kh\u00e1c nhau, bao g\u1ed3m c\u1ecf kh\u00f4, r\u01a1m r\u1ea1, th\u1ee9c \u0103n \u1ee7 chua v\u00e0 c\u00e1c v\u1eadt li\u1ec7u n\u00f4ng nghi\u1ec7p kh\u00e1c. D\u01b0\u1edbi \u0111\u00e2y l\u00e0 c\u00e1c t\u00ednh n\u0103ng v\u00e0 l\u1ee3i \u00edch ch\u00ednh c\u1ee7a h\u1ed9p s\u1ed1 FMP9.0-HL01:<\/p>\n<h3>Kh\u1ea3 n\u0103ng m\u00f4-men xo\u1eafn cao cho c\u00e1c \u1ee9ng d\u1ee5ng h\u1ea1ng n\u1eb7ng<\/h3>\n<ul>\n<li>T\u00ednh n\u0103ng: FMP9.0-HL01 \u0111\u01b0\u1ee3c thi\u1ebft k\u1ebf \u0111\u1ec3 x\u1eed l\u00fd t\u1ea3i m\u00f4-men xo\u1eafn cao, \u0111\u1ea3m b\u1ea3o truy\u1ec1n l\u1ef1c hi\u1ec7u qu\u1ea3 \u0111\u1ebfn c\u01a1 c\u1ea5u \u0111\u00f3ng ki\u1ec7n.<\/li>\n<li>L\u1ee3i \u00edch: \u0110i\u1ec1u n\u00e0y cho ph\u00e9p h\u1ed9p s\u1ed1 ho\u1ea1t \u0111\u1ed9ng trong \u0111i\u1ec1u ki\u1ec7n ch\u1ecbu t\u1ea3i n\u1eb7ng, x\u1eed l\u00fd c\u00e1c v\u1eadt li\u1ec7u c\u1ee9ng nh\u01b0 th\u1ee9c \u0103n \u1ee7 chua, c\u1ecf kh\u00f4 v\u00e0 r\u01a1m m\u1ed9t c\u00e1ch d\u1ec5 d\u00e0ng, \u0111\u1ea3m b\u1ea3o qu\u00e1 tr\u00ecnh \u0111\u00f3ng ki\u1ec7n di\u1ec5n ra su\u00f4n s\u1ebb ngay c\u1ea3 trong m\u00f4i tr\u01b0\u1eddng kh\u1eafc nghi\u1ec7t.<\/li>\n<\/ul>\n<p><strong>Thi\u1ebft k\u1ebf nh\u1ecf g\u1ecdn v\u00e0 hi\u1ec7u qu\u1ea3<\/strong><\/p>\n<ul>\n<li>T\u00ednh n\u0103ng: H\u1ed9p s\u1ed1 c\u00f3 thi\u1ebft k\u1ebf nh\u1ecf g\u1ecdn, l\u00fd t\u01b0\u1edfng \u0111\u1ec3 s\u1eed d\u1ee5ng \u1edf nh\u1eefng kh\u00f4ng gian ch\u1eadt h\u1eb9p nh\u01b0ng v\u1eabn mang l\u1ea1i hi\u1ec7u su\u1ea5t m\u1ea1nh m\u1ebd.<\/li>\n<li>\u01afu \u0111i\u1ec3m: C\u1ea5u tr\u00fac ti\u1ebft ki\u1ec7m kh\u00f4ng gian gi\u00fap gi\u1ea3m t\u1ed5ng tr\u1ecdng l\u01b0\u1ee3ng c\u1ee7a m\u00e1y \u00e9p ki\u1ec7n, c\u1ea3i thi\u1ec7n kh\u1ea3 n\u0103ng c\u01a1 \u0111\u1ed9ng m\u00e0 kh\u00f4ng \u1ea3nh h\u01b0\u1edfng \u0111\u1ebfn hi\u1ec7u su\u1ea5t. N\u00f3 c\u0169ng h\u1ed7 tr\u1ee3 t\u1ed1i \u01b0u h\u00f3a thi\u1ebft k\u1ebf c\u1ee7a h\u1ec7 th\u1ed1ng \u00e9p ki\u1ec7n, gi\u00fap h\u1ec7 th\u1ed1ng ho\u1ea1t \u0111\u1ed9ng hi\u1ec7u qu\u1ea3 h\u01a1n.<\/li>\n<\/ul>\n<p><strong>\u0110\u1ed9 b\u1ec1n v\u00e0 tu\u1ed5i th\u1ecd v\u01b0\u1ee3t tr\u1ed9i<\/strong><\/p>\n<ul>\n<li>T\u00ednh n\u0103ng: \u0110\u01b0\u1ee3c ch\u1ebf t\u1ea1o b\u1eb1ng v\u1eadt li\u1ec7u ch\u1ea5t l\u01b0\u1ee3ng cao v\u00e0 k\u1ef9 thu\u1eadt ch\u00ednh x\u00e1c, h\u1ed9p s\u1ed1 FMP9.0-HL01 \u0111\u01b0\u1ee3c thi\u1ebft k\u1ebf \u0111\u1ec3 c\u00f3 hi\u1ec7u su\u1ea5t v\u00e0 \u0111\u1ed9 tin c\u1eady l\u00e2u d\u00e0i.<\/li>\n<li>L\u1ee3i \u00edch: C\u1ea5u tr\u00fac ch\u1eafc ch\u1eafn c\u1ee7a h\u1ed9p s\u1ed1 \u0111\u1ea3m b\u1ea3o k\u00e9o d\u00e0i tu\u1ed5i th\u1ecd ho\u1ea1t \u0111\u1ed9ng, gi\u1ea3m thi\u1ec3u nhu c\u1ea7u b\u1ea3o tr\u00ec ho\u1eb7c thay th\u1ebf th\u01b0\u1eddng xuy\u00ean v\u00e0 cung c\u1ea5p d\u1ecbch v\u1ee5 \u0111\u00e1ng tin c\u1eady trong nhi\u1ec1u m\u00f9a s\u1eed d\u1ee5ng nhi\u1ec1u.<\/li>\n<\/ul>\n<p><strong>Ti\u1ebfng \u1ed3n v\u00e0 \u0111\u1ed9 rung th\u1ea5p gi\u00fap c\u1ea3i thi\u1ec7n s\u1ef1 tho\u1ea3i m\u00e1i<\/strong><\/p>\n<ul>\n<li>T\u00ednh n\u0103ng: H\u1ed9p s\u1ed1 FMP9.0-HL01 \u0111\u01b0\u1ee3c thi\u1ebft k\u1ebf \u0111\u1ec3 ho\u1ea1t \u0111\u1ed9ng v\u1edbi \u0111\u1ed9 \u1ed3n th\u1ea5p v\u00e0 \u0111\u1ed9 rung t\u1ed1i thi\u1ec3u, gi\u1ea3m thi\u1ec3u s\u1ef1 nhi\u1ec5u lo\u1ea1n trong qu\u00e1 tr\u00ecnh v\u1eadn h\u00e0nh.<\/li>\n<li>L\u1ee3i \u00edch: \u0110i\u1ec1u n\u00e0y mang l\u1ea1i m\u00f4i tr\u01b0\u1eddng l\u00e0m vi\u1ec7c y\u00ean t\u0129nh h\u01a1n cho ng\u01b0\u1eddi v\u1eadn h\u00e0nh, t\u0103ng c\u01b0\u1eddng s\u1ef1 tho\u1ea3i m\u00e1i v\u00e0 gi\u1ea3m m\u1ec7t m\u1ecfi trong nhi\u1ec1u gi\u1edd \u0111\u00f3ng ki\u1ec7n, \u0111\u1ed3ng th\u1eddi gi\u1ea3m thi\u1ec3u \u00f4 nhi\u1ec5m ti\u1ebfng \u1ed3n trong trang tr\u1ea1i.<\/li>\n<\/ul>\n<p><strong>Truy\u1ec1n t\u1ea3i \u0111i\u1ec7n n\u0103ng hi\u1ec7u su\u1ea5t cao<\/strong><\/p>\n<ul>\n<li>T\u00ednh n\u0103ng: H\u1ed9p s\u1ed1 \u0111\u01b0\u1ee3c thi\u1ebft k\u1ebf \u0111\u1ec3 truy\u1ec1n l\u1ef1c hi\u1ec7u qu\u1ea3 t\u1eeb m\u00e1y k\u00e9o sang m\u00e1y \u0111\u00f3ng ki\u1ec7n, \u0111\u1ea3m b\u1ea3o gi\u1ea3m thi\u1ec3u t\u1ed5n th\u1ea5t n\u0103ng l\u01b0\u1ee3ng.<\/li>\n<li>L\u1ee3i \u00edch: Hi\u1ec7u su\u1ea5t truy\u1ec1n l\u1ef1c cao cho ph\u00e9p m\u00e1y \u0111\u00f3ng ki\u1ec7n ho\u1ea1t \u0111\u1ed9ng t\u1ed1i \u01b0u, ti\u1ebft ki\u1ec7m nhi\u00ean li\u1ec7u ti\u00eau th\u1ee5 v\u00e0 \u0111\u1ea3m b\u1ea3o ho\u1ea1t \u0111\u1ed9ng hi\u1ec7u qu\u1ea3 h\u01a1n v\u1ec1 m\u1eb7t chi ph\u00ed.<\/li>\n<\/ul>\n<p>H\u1ed9p s\u1ed1 m\u00e1y \u0111\u00f3ng ki\u1ec7n tr\u00f2n FMP9.0-HL01 l\u00e0 h\u1ed9p s\u1ed1 hi\u1ec7u su\u1ea5t cao v\u00e0 \u0111\u00e1ng tin c\u1eady \u0111\u01b0\u1ee3c thi\u1ebft k\u1ebf cho c\u00e1c \u1ee9ng d\u1ee5ng n\u00f4ng nghi\u1ec7p. V\u1edbi c\u00f4ng su\u1ea5t m\u00f4-men xo\u1eafn cao, hi\u1ec7u su\u1ea5t, \u0111\u1ed9 b\u1ec1n v\u00e0 nhu c\u1ea7u b\u1ea3o tr\u00ec th\u1ea5p, \u0111\u00e2y l\u00e0 l\u1ef1a ch\u1ecdn tuy\u1ec7t v\u1eddi cho nh\u1eefng ng\u01b0\u1eddi n\u00f4ng d\u00e2n mu\u1ed1n t\u1ed1i \u01b0u h\u00f3a ho\u1ea1t \u0111\u1ed9ng \u0111\u00f3ng ki\u1ec7n tr\u00f2n. Thi\u1ebft k\u1ebf nh\u1ecf g\u1ecdn, v\u1eadn h\u00e0nh \u00eam \u00e1i v\u00e0 c\u00e1c t\u00ednh n\u0103ng ti\u00ean ti\u1ebfn gi\u00fap h\u1ed9p s\u1ed1 n\u00e0y tr\u1edf th\u00e0nh l\u1ef1a ch\u1ecdn h\u00e0ng \u0111\u1ea7u, \u0111\u1ea3m b\u1ea3o hi\u1ec7u su\u1ea5t v\u01b0\u1ee3t tr\u1ed9i, tu\u1ed5i th\u1ecd cao v\u00e0 ti\u1ebft ki\u1ec7m chi ph\u00ed, g\u00f3p ph\u1ea7n v\u00e0o th\u00e0nh c\u00f4ng chung c\u1ee7a c\u00e1c c\u00f4ng vi\u1ec7c \u0111\u00f3ng ki\u1ec7n n\u00f4ng nghi\u1ec7p.<\/p>\n<p><img loading=\"lazy\" decoding=\"async\" class=\"alignnone size-full wp-image-2503\" src=\"https:\/\/fmp-components.com\/wp-content\/uploads\/2025\/01\/Round-Baler-Gearbox-EP9.0-HL01-for-Agricultural-11.webp\" alt=\"H\u1ed9p s\u1ed1 m\u00e1y \u00e9p ki\u1ec7n tr\u00f2n FMP9.0-HL01 cho n\u00f4ng nghi\u1ec7p 1(1)\" width=\"980\" height=\"653\" title=\"\" srcset=\"https:\/\/fmp-components.com\/wp-content\/uploads\/2025\/01\/Round-Baler-Gearbox-EP9.0-HL01-for-Agricultural-11.webp 980w, https:\/\/fmp-components.com\/wp-content\/uploads\/2025\/01\/Round-Baler-Gearbox-EP9.0-HL01-for-Agricultural-11-480x320.webp 480w\" sizes=\"(min-width: 0px) and (max-width: 480px) 480px, (min-width: 481px) 980px, 100vw\" \/><\/p>","protected":false},"excerpt":{"rendered":"<p>Round Baler Gearbox FMP9.0-HL01 Dimensions Round Baler Gearbox FMP9.0-HL01 Technical Data i Suitable Rpm input Rpm output KW(Nom) KW(Max) Toothing r\/min r\/min hp hp Decelerate 1.92:1 Round baler, harvester, etc 540 282 120 3000 Gleason Helical Teeth Remark: If you have any special require feel free let me know, we also accept custom. Round Baler [&hellip;]<\/p>","protected":false},"featured_media":2504,"comment_status":"open","ping_status":"closed","template":"","meta":{"_et_pb_use_builder":"","_et_pb_old_content":"","_et_gb_content_width":""},"product_brand":[],"product_cat":[59],"product_tag":[],"class_list":{"0":"post-2501","1":"product","2":"type-product","3":"status-publish","4":"has-post-thumbnail","6":"product_cat-round-baler-gearbox","8":"first","9":"instock","10":"shipping-taxable","11":"product-type-simple"},"_links":{"self":[{"href":"https:\/\/fmp-components.com\/vi\/wp-json\/wp\/v2\/product\/2501","targetHints":{"allow":["GET"]}}],"collection":[{"href":"https:\/\/fmp-components.com\/vi\/wp-json\/wp\/v2\/product"}],"about":[{"href":"https:\/\/fmp-components.com\/vi\/wp-json\/wp\/v2\/types\/product"}],"replies":[{"embeddable":true,"href":"https:\/\/fmp-components.com\/vi\/wp-json\/wp\/v2\/comments?post=2501"}],"wp:featuredmedia":[{"embeddable":true,"href":"https:\/\/fmp-components.com\/vi\/wp-json\/wp\/v2\/media\/2504"}],"wp:attachment":[{"href":"https:\/\/fmp-components.com\/vi\/wp-json\/wp\/v2\/media?parent=2501"}],"wp:term":[{"taxonomy":"product_brand","embeddable":true,"href":"https:\/\/fmp-components.com\/vi\/wp-json\/wp\/v2\/product_brand?post=2501"},{"taxonomy":"product_cat","embeddable":true,"href":"https:\/\/fmp-components.com\/vi\/wp-json\/wp\/v2\/product_cat?post=2501"},{"taxonomy":"product_tag","embeddable":true,"href":"https:\/\/fmp-components.com\/vi\/wp-json\/wp\/v2\/product_tag?post=2501"}],"curies":[{"name":"wp","href":"https:\/\/api.w.org\/{rel}","templated":true}]}}