{"id":2476,"date":"2025-01-01T08:57:07","date_gmt":"2025-01-01T08:57:07","guid":{"rendered":"https:\/\/fmp-components.com\/?page_id=8"},"modified":"2025-01-02T01:23:56","modified_gmt":"2025-01-02T01:23:56","slug":"round-baler-gearbox-replacement-of-comer-code-t-292e","status":"publish","type":"product","link":"https:\/\/fmp-components.com\/vi\/product\/round-baler-gearbox-replacement-of-comer-code-t-292e\/","title":{"rendered":"H\u1ed9p s\u1ed1 m\u00e1y \u00e9p tr\u00f2n \u2013 Thay th\u1ebf m\u00e3 g\u00f3c T-292E"},"content":{"rendered":"<p><img loading=\"lazy\" decoding=\"async\" class=\"size-full wp-image-2477 aligncenter\" src=\"https:\/\/fmp-components.com\/wp-content\/uploads\/2025\/01\/round-baler-gearbox-t292e-11.webp\" alt=\"h\u1ed9p s\u1ed1 m\u00e1y \u0111\u00f3ng ki\u1ec7n tr\u00f2n t292e-1(1)\" width=\"372\" height=\"300\" title=\"\" srcset=\"https:\/\/fmp-components.com\/wp-content\/uploads\/2025\/01\/round-baler-gearbox-t292e-11.webp 372w, https:\/\/fmp-components.com\/wp-content\/uploads\/2025\/01\/round-baler-gearbox-t292e-11-300x242.webp 300w, https:\/\/fmp-components.com\/wp-content\/uploads\/2025\/01\/round-baler-gearbox-t292e-11-15x12.webp 15w\" sizes=\"(max-width: 372px) 100vw, 372px\" \/><\/p>\n<h2>Th\u00f4ng s\u1ed1 k\u1ef9 thu\u1eadt h\u1ed9p s\u1ed1 m\u00e1y \u00e9p tr\u00f2n T292E<\/h2>\n<p><img loading=\"lazy\" decoding=\"async\" class=\"alignnone wp-image-2478\" src=\"https:\/\/fmp-components.com\/wp-content\/uploads\/2025\/01\/china-round-baler-gearbox-details-T292E.webp\" alt=\"chi ti\u1ebft h\u1ed9p s\u1ed1 m\u00e1y \u0111\u00f3ng ki\u1ec7n tr\u00f2n Trung Qu\u1ed1c T292E\" width=\"911\" height=\"811\" title=\"\" srcset=\"https:\/\/fmp-components.com\/wp-content\/uploads\/2025\/01\/china-round-baler-gearbox-details-T292E.webp 911w, https:\/\/fmp-components.com\/wp-content\/uploads\/2025\/01\/china-round-baler-gearbox-details-T292E-480x427.webp 480w\" sizes=\"(min-width: 0px) and (max-width: 480px) 480px, (min-width: 481px) 911px, 100vw\" \/><\/p>\n<table style=\"width: 98.5091%; height: 503px;\" border=\"1\">\n<tbody>\n<tr>\n<td><strong>T\u00f4i<\/strong><\/td>\n<td>1.86<\/td>\n<\/tr>\n<tr>\n<td><strong>N<sub>1<\/sub>[v\u00f2ng\/ph\u00fat]<\/strong><\/td>\n<td>540<\/td>\n<\/tr>\n<tr>\n<td><strong>P<sub>1<\/sub>[kW]<\/strong><\/td>\n<td>47.7<\/td>\n<\/tr>\n<tr>\n<td><strong>M<sub>2<\/sub>[Nm]<\/strong><\/td>\n<td>&#8211;<\/td>\n<\/tr>\n<tr>\n<td><strong>Tr\u1ee5c X<br \/>\n<img loading=\"lazy\" decoding=\"async\" class=\"size-full wp-image-2473 aligncenter\" src=\"https:\/\/fmp-components.com\/wp-content\/uploads\/2025\/01\/shaft-x.webp\" alt=\"tr\u1ee5c-x\" width=\"81\" height=\"78\" title=\"\" srcset=\"https:\/\/fmp-components.com\/wp-content\/uploads\/2025\/01\/shaft-x.webp 81w, https:\/\/fmp-components.com\/wp-content\/uploads\/2025\/01\/shaft-x-12x12.webp 12w\" sizes=\"(max-width: 81px) 100vw, 81px\" \/><br \/>\n<\/strong><\/td>\n<td>\u00a01\u201d 3\/8 Z6<\/td>\n<\/tr>\n<tr>\n<td><strong>Tr\u1ee5c Y<img loading=\"lazy\" decoding=\"async\" class=\"size-full wp-image-2473 aligncenter\" src=\"https:\/\/fmp-components.com\/wp-content\/uploads\/2025\/01\/shaft-x.webp\" alt=\"tr\u1ee5c-x\" width=\"81\" height=\"78\" title=\"\" srcset=\"https:\/\/fmp-components.com\/wp-content\/uploads\/2025\/01\/shaft-x.webp 81w, https:\/\/fmp-components.com\/wp-content\/uploads\/2025\/01\/shaft-x-12x12.webp 12w\" sizes=\"(max-width: 81px) 100vw, 81px\" \/><\/strong><\/td>\n<td>1\u201d 3\/8 Z6<\/td>\n<\/tr>\n<tr>\n<td><strong>Tr\u1ee5c Z<img loading=\"lazy\" decoding=\"async\" class=\"size-full wp-image-2480 aligncenter\" src=\"https:\/\/fmp-components.com\/wp-content\/uploads\/2025\/01\/shaft1.webp\" alt=\"tr\u1ee5c\" width=\"83\" height=\"83\" title=\"\" srcset=\"https:\/\/fmp-components.com\/wp-content\/uploads\/2025\/01\/shaft1.webp 83w, https:\/\/fmp-components.com\/wp-content\/uploads\/2025\/01\/shaft1-12x12.webp 12w\" sizes=\"(max-width: 83px) 100vw, 83px\" \/><\/strong><\/td>\n<td>L200 \u03a655<\/td>\n<\/tr>\n<tr>\n<td><strong>\u0110\u1ea7u v\u00e0o<\/strong><\/td>\n<td>X<\/td>\n<\/tr>\n<\/tbody>\n<\/table>\n<h2>T\u00ednh n\u0103ng h\u1ed9p s\u1ed1 m\u00e1y \u0111\u00f3ng ki\u1ec7n tr\u00f2n<\/h2>\n<p>H\u1ed9p s\u1ed1 m\u00e1y \u0111\u00f3ng ki\u1ec7n tr\u00f2n l\u00e0 m\u1ed9t b\u1ed9 ph\u1eadn quan tr\u1ecdng trong m\u00e1y \u0111\u00f3ng ki\u1ec7n n\u00f4ng nghi\u1ec7p, \u0111\u1ea3m b\u1ea3o ho\u1ea1t \u0111\u1ed9ng hi\u1ec7u qu\u1ea3 c\u1ee7a m\u00e1y \u0111\u00f3ng ki\u1ec7n tr\u00f2n. D\u01b0\u1edbi \u0111\u00e2y l\u00e0 c\u00e1c t\u00ednh n\u0103ng ch\u00ednh c\u1ee7a h\u1ed9p s\u1ed1 m\u00e1y \u0111\u00f3ng ki\u1ec7n tr\u00f2n th\u00f4ng th\u01b0\u1eddng, \u0111\u01b0\u1ee3c thi\u1ebft k\u1ebf \u0111\u1ec3 n\u00e2ng cao hi\u1ec7u su\u1ea5t, \u0111\u1ed9 b\u1ec1n v\u00e0 \u0111\u1ed9 tin c\u1eady:<\/p>\n<p><strong>Kh\u1ea3 n\u0103ng m\u00f4-men xo\u1eafn cao<\/strong><\/p>\n<p>H\u1ed9p s\u1ed1 m\u00e1y \u0111\u00f3ng ki\u1ec7n tr\u00f2n \u0111\u01b0\u1ee3c thi\u1ebft k\u1ebf \u0111\u1ec3 cung c\u1ea5p m\u00f4-men xo\u1eafn cao, cho ph\u00e9p m\u00e1y \u0111\u00f3ng ki\u1ec7n x\u1eed l\u00fd hi\u1ec7u qu\u1ea3 kh\u1ed1i l\u01b0\u1ee3ng l\u1edbn v\u1eadt li\u1ec7u tr\u1ed3ng tr\u1ecdt, bao g\u1ed3m c\u1ecf kh\u00f4, r\u01a1m r\u1ea1 v\u00e0 th\u1ee9c \u0103n \u1ee7 chua. M\u00f4-men xo\u1eafn cao \u0111\u1ea3m b\u1ea3o m\u00e1y \u0111\u00f3ng ki\u1ec7n ho\u1ea1t \u0111\u1ed9ng tr\u01a1n tru, ngay c\u1ea3 trong \u0111i\u1ec1u ki\u1ec7n t\u1ea3i tr\u1ecdng n\u1eb7ng.<\/p>\n<ul>\n<li>L\u1ee3i \u00edch: Cung c\u1ea5p ngu\u1ed3n \u0111i\u1ec7n \u1ed5n \u0111\u1ecbnh v\u00e0 \u0111\u00e1ng tin c\u1eady cho c\u00e1c lo\u1ea1i c\u00e2y tr\u1ed3ng d\u00e0y \u0111\u1eb7c v\u00e0 c\u00f3 \u0111\u1ed9 \u1ea9m cao, gi\u1ea3m nguy c\u01a1 qu\u00e1 t\u1ea3i.<\/li>\n<\/ul>\n<p><strong>K\u1ebft c\u1ea5u ch\u1eafc ch\u1eafn<\/strong><\/p>\n<p>H\u1ed9p s\u1ed1 m\u00e1y \u0111\u00f3ng ki\u1ec7n tr\u00f2n \u0111\u01b0\u1ee3c ch\u1ebf t\u1ea1o t\u1eeb v\u1eadt li\u1ec7u c\u00f3 \u0111\u1ed9 b\u1ec1n cao, c\u00f3 th\u1ec3 ch\u1ecbu \u0111\u01b0\u1ee3c \u0111i\u1ec1u ki\u1ec7n kh\u1eafc nghi\u1ec7t c\u1ee7a ho\u1ea1t \u0111\u1ed9ng n\u00f4ng nghi\u1ec7p. V\u1ecf v\u00e0 b\u00e1nh r\u0103ng b\u1ec1n b\u1ec9 \u0111\u1ea3m b\u1ea3o hi\u1ec7u su\u1ea5t l\u00e2u d\u00e0i, ngay c\u1ea3 trong nh\u1eefng m\u00f4i tr\u01b0\u1eddng kh\u1eafc nghi\u1ec7t nh\u01b0 th\u1eddi ti\u1ebft kh\u1eafc nghi\u1ec7t, \u0111\u1ed9 \u1ea9m cao v\u00e0 \u00e1p su\u1ea5t cao.<\/p>\n<ul>\n<li>L\u1ee3i \u00edch: T\u1ed1i \u0111a h\u00f3a \u0111\u1ed9 b\u1ec1n v\u00e0 gi\u1ea3m thi\u1ec3u nguy c\u01a1 h\u1ecfng h\u00f3c, gi\u1ea3m th\u1eddi gian ch\u1ebft m\u00e1y v\u00e0 chi ph\u00ed b\u1ea3o tr\u00ec.<\/li>\n<\/ul>\n<p><strong>T\u1ef7 s\u1ed1 truy\u1ec1n ch\u00ednh x\u00e1c (v\u00ed d\u1ee5: 1:3 ho\u1eb7c 1:4)<\/strong><\/p>\n<p>T\u1ef7 s\u1ed1 truy\u1ec1n c\u1ee7a h\u1ed9p s\u1ed1 m\u00e1y \u0111\u00f3ng ki\u1ec7n tr\u00f2n \u0111\u01b0\u1ee3c t\u1ed1i \u01b0u h\u00f3a \u0111\u1ec3 c\u00e2n b\u1eb1ng m\u00f4-men xo\u1eafn v\u00e0 t\u1ed1c \u0111\u1ed9. C\u00e1c t\u1ef7 s\u1ed1 truy\u1ec1n ph\u1ed5 bi\u1ebfn nh\u01b0 1:3 ho\u1eb7c 1:4 cung c\u1ea5p l\u01b0\u1ee3ng c\u00f4ng su\u1ea5t ph\u00f9 h\u1ee3p \u0111\u1ec3 t\u1ea1o ra c\u00e1c ki\u1ec7n n\u00e9n ch\u1eb7t, \u0111\u1ed3ng \u0111\u1ec1u m\u00e0 kh\u00f4ng g\u00e2y qu\u00e1 t\u1ea3i cho h\u1ec7 th\u1ed1ng. T\u1ef7 s\u1ed1 truy\u1ec1n ph\u00f9 h\u1ee3p gi\u00fap m\u00e1y \u0111\u00f3ng ki\u1ec7n ho\u1ea1t \u0111\u1ed9ng hi\u1ec7u qu\u1ea3 tr\u00ean nhi\u1ec1u lo\u1ea1i c\u00e2y tr\u1ed3ng kh\u00e1c nhau.<\/p>\n<ul>\n<li>L\u1ee3i \u00edch: \u0110\u1ea3m b\u1ea3o ho\u1ea1t \u0111\u1ed9ng tr\u01a1n tru v\u00e0 t\u1ea1o ki\u1ec7n ki\u1ec7n h\u00e0ng \u0111\u1ed3ng \u0111\u1ec1u tr\u00ean nhi\u1ec1u lo\u1ea1i v\u1eadt li\u1ec7u v\u00e0 \u0111i\u1ec1u ki\u1ec7n \u0111\u1ed3ng ru\u1ed9ng kh\u00e1c nhau.<\/li>\n<\/ul>\n<p><strong>Ho\u1ea1t \u0111\u1ed9ng \u00eam \u00e1i v\u1edbi \u0111\u1ed9 rung th\u1ea5p<\/strong><\/p>\n<p>H\u1ed9p s\u1ed1 m\u00e1y \u0111\u00f3ng ki\u1ec7n tr\u00f2n \u0111\u01b0\u1ee3c thi\u1ebft k\u1ebf \u0111\u1ec3 v\u1eadn h\u00e0nh \u00eam \u00e1i, v\u1edbi thi\u1ebft k\u1ebf ti\u00ean ti\u1ebfn gi\u00fap gi\u1ea3m thi\u1ec3u rung \u0111\u1ed9ng v\u00e0 \u1ee9ng su\u1ea5t c\u01a1 h\u1ecdc. \u0110i\u1ec1u n\u00e0y gi\u00fap v\u1eadn h\u00e0nh \u00eam \u00e1i h\u01a1n v\u00e0 gi\u1ea3m hao m\u00f2n cho c\u1ea3 h\u1ed9p s\u1ed1 v\u00e0 c\u00e1c b\u1ed9 ph\u1eadn k\u1ebft n\u1ed1i kh\u00e1c.<\/p>\n<ul>\n<li>L\u1ee3i \u00edch: C\u1ea3i thi\u1ec7n tu\u1ed5i th\u1ecd c\u1ee7a h\u1ed9p s\u1ed1 v\u00e0 c\u00e1c b\u1ed9 ph\u1eadn \u0111\u01b0\u1ee3c k\u1ebft n\u1ed1i, \u0111\u1ed3ng th\u1eddi mang l\u1ea1i qu\u00e1 tr\u00ecnh \u0111\u00f3ng ki\u1ec7n \u00eam h\u01a1n, hi\u1ec7u qu\u1ea3 h\u01a1n.<\/li>\n<\/ul>\n<p><strong>Thi\u1ebft k\u1ebf b\u1ea3o tr\u00ec d\u1ec5 d\u00e0ng<\/strong><\/p>\n<p>H\u1ed9p s\u1ed1 \u0111\u01b0\u1ee3c thi\u1ebft k\u1ebf \u0111\u1ec3 d\u1ec5 d\u00e0ng b\u1ea3o tr\u00ec, v\u1edbi c\u00e1c \u0111i\u1ec3m ti\u1ebfp c\u1eadn \u0111\u1ec3 b\u00f4i tr\u01a1n, ki\u1ec3m tra v\u00e0 b\u1ea3o d\u01b0\u1ee1ng. C\u00e1c c\u00f4ng vi\u1ec7c b\u1ea3o tr\u00ec th\u01b0\u1eddng xuy\u00ean \u0111\u01b0\u1ee3c \u0111\u01a1n gi\u1ea3n h\u00f3a, \u0111\u1ea3m b\u1ea3o ng\u01b0\u1eddi v\u1eadn h\u00e0nh c\u00f3 th\u1ec3 duy tr\u00ec h\u1ed9p s\u1ed1 ho\u1ea1t \u0111\u1ed9ng hi\u1ec7u qu\u1ea3 m\u00e0 kh\u00f4ng ph\u1ea3i ng\u1eebng ho\u1ea1t \u0111\u1ed9ng qu\u00e1 nhi\u1ec1u.<\/p>\n<ul>\n<li>L\u1ee3i \u00edch: Gi\u1ea3m \u0111\u1ed9 ph\u1ee9c t\u1ea1p v\u00e0 th\u1eddi gian c\u1ea7n thi\u1ebft cho vi\u1ec7c b\u1ea3o tr\u00ec, t\u0103ng th\u1eddi gian ho\u1ea1t \u0111\u1ed9ng.<\/li>\n<\/ul>\n<p>H\u1ed9p s\u1ed1 m\u00e1y \u0111\u00f3ng ki\u1ec7n tr\u00f2n l\u00e0 m\u1ed9t b\u1ed9 ph\u1eadn thi\u1ebft y\u1ebfu cho ho\u1ea1t \u0111\u1ed9ng hi\u1ec7u qu\u1ea3 c\u1ee7a m\u00e1y \u0111\u00f3ng ki\u1ec7n. M\u00f4-men xo\u1eafn cao, k\u1ebft c\u1ea5u ch\u1eafc ch\u1eafn, t\u1ef7 s\u1ed1 truy\u1ec1n ch\u00ednh x\u00e1c v\u00e0 thi\u1ebft k\u1ebf d\u1ec5 b\u1ea3o tr\u00ec \u0111\u1ea3m b\u1ea3o hi\u1ec7u su\u1ea5t, \u0111\u1ed9 tin c\u1eady v\u00e0 tu\u1ed5i th\u1ecd t\u1ed1i \u01b0u trong ho\u1ea1t \u0111\u1ed9ng n\u00f4ng nghi\u1ec7p. D\u00f9 \u0111\u00f3ng ki\u1ec7n c\u1ecf kh\u00f4, r\u01a1m r\u1ea1 hay th\u1ee9c \u0103n \u1ee7 chua, h\u1ed9p s\u1ed1 m\u00e1y \u0111\u00f3ng ki\u1ec7n tr\u00f2n \u0111\u1ec1u h\u1ed7 tr\u1ee3 v\u1eadn h\u00e0nh tr\u01a1n tru, hi\u1ec7u qu\u1ea3 v\u00e0 ti\u1ebft ki\u1ec7m chi ph\u00ed, bi\u1ebfn n\u00f3 th\u00e0nh m\u1ed9t kho\u1ea3n \u0111\u1ea7u t\u01b0 \u0111\u00e1ng gi\u00e1 cho n\u00f4ng d\u00e2n v\u00e0 nh\u00e0 th\u1ea7u.<\/p>\n<p><img loading=\"lazy\" decoding=\"async\" class=\"size-full wp-image-2479 aligncenter\" src=\"https:\/\/fmp-components.com\/wp-content\/uploads\/2025\/01\/round-baler-gearbox-T292E-e1.webp\" alt=\"h\u1ed9p s\u1ed1 m\u00e1y \u0111\u00f3ng ki\u1ec7n tr\u00f2n T292E-e(1)\" width=\"500\" height=\"500\" title=\"\" srcset=\"https:\/\/fmp-components.com\/wp-content\/uploads\/2025\/01\/round-baler-gearbox-T292E-e1.webp 500w, https:\/\/fmp-components.com\/wp-content\/uploads\/2025\/01\/round-baler-gearbox-T292E-e1-480x480.webp 480w\" sizes=\"(min-width: 0px) and (max-width: 480px) 480px, (min-width: 481px) 500px, 100vw\" \/><\/p>\n<h3>Gi\u1edbi thi\u1ec7u v\u1ec1 FMP<\/h3>\n<p>C\u00f3 tr\u1ee5 s\u1edf ch\u00ednh t\u1ea1i \u00dd, FMP l\u00e0 \u0111\u01a1n v\u1ecb d\u1eabn \u0111\u1ea7u \u0111\u01b0\u1ee3c c\u00f4ng nh\u1eadn trong l\u0129nh v\u1ef1c thi\u1ebft k\u1ebf, ph\u00e1t tri\u1ec3n v\u00e0 s\u1ea3n xu\u1ea5t h\u1ed9p s\u1ed1 hi\u1ec7u su\u1ea5t cao, \u0111\u1eb7c bi\u1ec7t ch\u00fa tr\u1ecdng v\u00e0o m\u00e1y m\u00f3c n\u00f4ng nghi\u1ec7p. N\u1ed5i ti\u1ebfng v\u1edbi k\u1ef9 thu\u1eadt ch\u00ednh x\u00e1c, gi\u1ea3i ph\u00e1p ti\u00ean ti\u1ebfn v\u00e0 \u0111\u1ed9 tin c\u1eady tuy\u1ec7t \u0111\u1ed1i, FMP \u0111\u00e3 gi\u00e0nh \u0111\u01b0\u1ee3c s\u1ef1 tin t\u01b0\u1edfng c\u1ee7a c\u1ea3 l\u0129nh v\u1ef1c n\u00f4ng nghi\u1ec7p v\u00e0 c\u00f4ng nghi\u1ec7p. Danh m\u1ee5c s\u1ea3n ph\u1ea9m to\u00e0n di\u1ec7n c\u1ee7a ch\u00fang t\u00f4i bao g\u1ed3m h\u1ed9p s\u1ed1 chuy\u00ean d\u1ee5ng cho m\u00e1y c\u1eaft c\u1ecf, tr\u1ee5c PTO v\u00e0 c\u00e1c linh ki\u1ec7n thi\u1ebft y\u1ebfu kh\u00e1c, t\u1ea5t c\u1ea3 \u0111\u1ec1u \u0111\u01b0\u1ee3c thi\u1ebft k\u1ebf \u0111\u1ec3 cung c\u1ea5p c\u00e1c gi\u1ea3i ph\u00e1p t\u00f9y ch\u1ec9nh cho nhi\u1ec1u \u1ee9ng d\u1ee5ng kh\u00e1c nhau.<\/p>\n<p>T\u1ea1i FMP, ch\u00fang t\u00f4i hi\u1ec3u r\u1eb1ng m\u1ed7i kh\u00e1ch h\u00e0ng \u0111\u1ec1u c\u00f3 nh\u1eefng th\u00e1ch th\u1ee9c v\u00e0 y\u00eau c\u1ea7u ri\u00eang. \u0110\u00f3 l\u00e0 l\u00fd do t\u1ea1i sao ch\u00fang t\u00f4i chuy\u00ean cung c\u1ea5p c\u00e1c gi\u1ea3i ph\u00e1p \u0111\u01b0\u1ee3c thi\u1ebft k\u1ebf ri\u00eang, d\u00f9 l\u00e0 cho t\u1eebng th\u00e0nh ph\u1ea7n ri\u00eang l\u1ebb hay to\u00e0n b\u1ed9 h\u1ec7 th\u1ed1ng t\u00edch h\u1ee3p. Ch\u00fang t\u00f4i h\u1ee3p t\u00e1c ch\u1eb7t ch\u1ebd v\u1edbi kh\u00e1ch h\u00e0ng \u0111\u1ec3 \u0111\u1ea3m b\u1ea3o m\u1ecdi gi\u1ea3i ph\u00e1p kh\u00f4ng ch\u1ec9 hi\u1ec7u qu\u1ea3 m\u00e0 c\u00f2n t\u1ed1i \u01b0u h\u00f3a hi\u1ec7u su\u1ea5t v\u00e0 gi\u00e1 tr\u1ecb. Cam k\u1ebft ph\u1ea3n h\u1ed3i nhanh ch\u00f3ng, chuy\u00ean nghi\u1ec7p v\u00e0 t\u01b0 v\u1ea5n chuy\u00ean m\u00f4n c\u1ee7a ch\u00fang t\u00f4i \u0111\u1ea3m b\u1ea3o r\u1eb1ng m\u1ed7i y\u00eau c\u1ea7u \u0111\u1ec1u \u0111\u01b0\u1ee3c x\u1eed l\u00fd ch\u00ednh x\u00e1c, mang l\u1ea1i k\u1ebft qu\u1ea3 t\u1ed1t nh\u1ea5t c\u00f3 th\u1ec3.<\/p>\n<p>Ch\u00fang t\u00f4i \u0111\u1eb7c bi\u1ec7t ch\u00fa tr\u1ecdng v\u00e0o vi\u1ec7c giao ti\u1ebfp c\u1edfi m\u1edf v\u00e0 li\u00ean t\u1ee5c trong su\u1ed1t qu\u00e1 tr\u00ecnh ph\u00e1t tri\u1ec3n s\u1ea3n ph\u1ea9m. \u0110\u1ed9i ng\u0169 t\u1eadn t\u00e2m c\u1ee7a ch\u00fang t\u00f4i l\u00e0m vi\u1ec7c tr\u1ef1c ti\u1ebfp v\u1edbi kh\u00e1ch h\u00e0ng \u0111\u1ec3 th\u1ea5u hi\u1ec3u nhu c\u1ea7u c\u1ee5 th\u1ec3 c\u1ee7a h\u1ecd, \u0111\u01b0a ra nh\u1eefng khuy\u1ebfn ngh\u1ecb s\u00e2u s\u1eafc v\u00e0 gi\u1ea3i ph\u00e1p thi\u1ebft th\u1ef1c. D\u00f9 ph\u00e1t tri\u1ec3n s\u1ea3n ph\u1ea9m m\u1edbi, s\u00e1ng t\u1ea1o hay ho\u00e0n th\u00e0nh c\u00e1c \u0111\u01a1n h\u00e0ng \u0111ang tri\u1ec3n khai, FMP lu\u00f4n ki\u00ean \u0111\u1ecbnh trong vi\u1ec7c cung c\u1ea5p c\u00e1c gi\u1ea3i ph\u00e1p ch\u1ea5t l\u01b0\u1ee3ng cao, \u0111\u01b0\u1ee3c thi\u1ebft k\u1ebf ch\u00ednh x\u00e1c m\u1ed9t c\u00e1ch nh\u1ea5t qu\u00e1n v\u00e0 \u0111\u00fang ti\u1ebfn \u0111\u1ed9. M\u1ee5c ti\u00eau c\u1ee7a ch\u00fang t\u00f4i l\u00e0 v\u01b0\u1ee3t qua s\u1ef1 mong \u0111\u1ee3i c\u1ee7a kh\u00e1ch h\u00e0ng, cung c\u1ea5p d\u1ecbch v\u1ee5 v\u01b0\u1ee3t tr\u1ed9i v\u00e0 k\u1ebft qu\u1ea3 v\u01b0\u1ee3t tr\u1ed9i cho m\u1ecdi d\u1ef1 \u00e1n.<\/p>\n<p>C\u1ed1t l\u00f5i trong ho\u1ea1t \u0111\u1ed9ng c\u1ee7a FMP l\u00e0 cam k\u1ebft v\u1eefng ch\u1eafc v\u1ec1 ch\u1ea5t l\u01b0\u1ee3ng. Ch\u00fang t\u00f4i duy tr\u00ec c\u00e1c ti\u00eau chu\u1ea9n s\u1ea3n xu\u1ea5t cao nh\u1ea5t v\u00e0 th\u1ef1c thi c\u00e1c quy tr\u00ecnh ki\u1ec3m so\u00e1t ch\u1ea5t l\u01b0\u1ee3ng nghi\u00eam ng\u1eb7t \u0111\u1ec3 \u0111\u1ea3m b\u1ea3o m\u1ed7i s\u1ea3n ph\u1ea9m kh\u00f4ng ch\u1ec9 \u0111\u00e1p \u1ee9ng m\u00e0 c\u00f2n v\u01b0\u1ee3t xa k\u1ef3 v\u1ecdng c\u1ee7a ng\u00e0nh. S\u1ef1 t\u1eadn t\u00e2m v\u1edbi ch\u1ea5t l\u01b0\u1ee3ng n\u00e0y, k\u1ebft h\u1ee3p v\u1edbi c\u00e1c gi\u00e1 tr\u1ecb c\u1ed1t l\u00f5i c\u1ee7a ch\u00fang t\u00f4i v\u1ec1 t\u00ednh ch\u00ednh tr\u1ef1c, h\u1ee3p t\u00e1c v\u00e0 kh\u1ea3 n\u0103ng ph\u1ee5c h\u1ed3i, \u0111\u00e3 cho ph\u00e9p ch\u00fang t\u00f4i thi\u1ebft l\u1eadp m\u1ed1i quan h\u1ec7 b\u1ec1n v\u1eefng v\u1edbi kh\u00e1ch h\u00e0ng t\u1ea1i h\u01a1n 30 qu\u1ed1c gia tr\u00ean to\u00e0n th\u1ebf gi\u1edbi.<\/p>\n<p>FMP cam k\u1ebft x\u00e2y d\u1ef1ng quan h\u1ec7 \u0111\u1ed1i t\u00e1c to\u00e0n c\u1ea7u v\u00e0 lu\u00f4n t\u1eadn t\u00e2m cung c\u1ea5p t\u01b0 v\u1ea5n chuy\u00ean m\u00f4n v\u00e0 c\u00e1c gi\u1ea3i ph\u00e1p t\u00f9y ch\u1ec9nh, \u0111\u00e1p \u1ee9ng nhu c\u1ea7u \u0111a d\u1ea1ng c\u1ee7a kh\u00e1ch h\u00e0ng. Ch\u00fang t\u00f4i kh\u00f4ng ch\u1ec9 cung c\u1ea5p s\u1ea3n ph\u1ea9m, m\u00e0 c\u00f2n vun \u0111\u1eafp m\u1ed1i quan h\u1ec7 l\u00e2u d\u00e0i, g\u00f3p ph\u1ea7n v\u00e0o th\u00e0nh c\u00f4ng b\u1ec1n v\u1eefng c\u1ee7a m\u1ecdi d\u1ef1 \u00e1n. Cho d\u00f9 b\u1ea1n \u0111ang t\u00ecm ki\u1ebfm c\u00e1c gi\u1ea3i ph\u00e1p s\u00e1ng t\u1ea1o cho m\u1ed9t d\u1ef1 \u00e1n m\u1edbi hay h\u1ed7 tr\u1ee3 li\u00ean t\u1ee5c cho m\u1ed9t h\u1ec7 th\u1ed1ng \u0111\u00e3 \u0111\u01b0\u1ee3c thi\u1ebft l\u1eadp, FMP lu\u00f4n s\u1eb5n s\u00e0ng \u0111\u00e1p \u1ee9ng nh\u1eefng th\u00e1ch th\u1ee9c k\u1ef9 thu\u1eadt c\u1ee7a b\u1ea1n v\u00e0 \u0111\u1ea3m b\u1ea3o s\u1ef1 ph\u00e1t tri\u1ec3n li\u00ean t\u1ee5c.<\/p>\n<p><img loading=\"lazy\" decoding=\"async\" class=\"alignnone size-full wp-image-1861\" src=\"https:\/\/fmp-components.com\/wp-content\/uploads\/2024\/12\/Other-Agricultural-Gearboxes.webp\" sizes=\"(min-width: 0px) and (max-width: 480px) 480px, (min-width: 481px) and (max-width: 980px) 980px, (min-width: 981px) 1200px, 100vw\" srcset=\"https:\/\/fmp-components.com\/wp-content\/uploads\/2024\/12\/Other-Agricultural-Gearboxes.webp 1200w, https:\/\/fmp-components.com\/wp-content\/uploads\/2024\/12\/Other-Agricultural-Gearboxes-980x1143.webp 980w, https:\/\/fmp-components.com\/wp-content\/uploads\/2024\/12\/Other-Agricultural-Gearboxes-480x560.webp 480w\" alt=\"Altri-cambi-agricoli\" width=\"1200\" height=\"1400\" title=\"\"><\/p>\n<p>T\u00e1c gi\u1ea3: CX<\/p>","protected":false},"excerpt":{"rendered":"<p>Round Baler Gearbox T292E\u00a0Specification i 1.86 N1[rpm] 540 P1[kW] 47.7 M2[Nm] &#8211; Shaft X \u00a01&#8221; 3\/8 Z6 Shaft Y 1&#8221; 3\/8 Z6 Shaft Z L200 \u03a655 Input X Round Baler Gearbox Features The Round Baler Gearbox is a critical component in agricultural baling machinery, ensuring the effective operation of round balers. Below are the key [&hellip;]<\/p>","protected":false},"featured_media":2479,"comment_status":"open","ping_status":"closed","template":"","meta":{"_et_pb_use_builder":"","_et_pb_old_content":"","_et_gb_content_width":""},"product_brand":[],"product_cat":[59],"product_tag":[],"class_list":{"0":"post-2476","1":"product","2":"type-product","3":"status-publish","4":"has-post-thumbnail","6":"product_cat-round-baler-gearbox","8":"first","9":"instock","10":"shipping-taxable","11":"product-type-simple"},"_links":{"self":[{"href":"https:\/\/fmp-components.com\/vi\/wp-json\/wp\/v2\/product\/2476","targetHints":{"allow":["GET"]}}],"collection":[{"href":"https:\/\/fmp-components.com\/vi\/wp-json\/wp\/v2\/product"}],"about":[{"href":"https:\/\/fmp-components.com\/vi\/wp-json\/wp\/v2\/types\/product"}],"replies":[{"embeddable":true,"href":"https:\/\/fmp-components.com\/vi\/wp-json\/wp\/v2\/comments?post=2476"}],"wp:featuredmedia":[{"embeddable":true,"href":"https:\/\/fmp-components.com\/vi\/wp-json\/wp\/v2\/media\/2479"}],"wp:attachment":[{"href":"https:\/\/fmp-components.com\/vi\/wp-json\/wp\/v2\/media?parent=2476"}],"wp:term":[{"taxonomy":"product_brand","embeddable":true,"href":"https:\/\/fmp-components.com\/vi\/wp-json\/wp\/v2\/product_brand?post=2476"},{"taxonomy":"product_cat","embeddable":true,"href":"https:\/\/fmp-components.com\/vi\/wp-json\/wp\/v2\/product_cat?post=2476"},{"taxonomy":"product_tag","embeddable":true,"href":"https:\/\/fmp-components.com\/vi\/wp-json\/wp\/v2\/product_tag?post=2476"}],"curies":[{"name":"wp","href":"https:\/\/api.w.org\/{rel}","templated":true}]}}