{"id":2297,"date":"2024-12-31T06:50:02","date_gmt":"2024-12-31T06:50:02","guid":{"rendered":"https:\/\/fmp-components.com\/?page_id=8"},"modified":"2024-12-31T07:35:56","modified_gmt":"2024-12-31T07:35:56","slug":"irrigation-reels-gearboxes-replacement-of-comer-code-a-4a","status":"publish","type":"product","link":"https:\/\/fmp-components.com\/vi\/product\/irrigation-reels-gearboxes-replacement-of-comer-code-a-4a\/","title":{"rendered":"H\u1ed9p s\u1ed1 cu\u1ed9n t\u01b0\u1edbi \u2013 Thay th\u1ebf m\u00e3 g\u00f3c A-4A"},"content":{"rendered":"<h2 style=\"text-align: center;\">H\u1ed9p s\u1ed1 cu\u1ed9n t\u01b0\u1edbi \u2013 Thay th\u1ebf m\u00e3 g\u00f3c A-4A<\/h2>\n<p>H\u1ed9p s\u1ed1 cu\u1ed9n t\u01b0\u1edbi \u2013 Thay th\u1ebf cho h\u1ed9p s\u1ed1 Comer Code A-4A l\u00e0 h\u1ed9p s\u1ed1 hi\u1ec7u su\u1ea5t cao, b\u1ec1n b\u1ec9, \u0111\u01b0\u1ee3c thi\u1ebft k\u1ebf \u0111\u1ec3 thay th\u1ebf h\u1ed9p s\u1ed1 Comer Code A-4A trong h\u1ec7 th\u1ed1ng cu\u1ed9n t\u01b0\u1edbi. H\u1ed9p s\u1ed1 thay th\u1ebf n\u00e0y cung c\u1ea5p kh\u1ea3 n\u0103ng truy\u1ec1n t\u1ea3i \u0111i\u1ec7n n\u0103ng \u0111\u00e1ng tin c\u1eady v\u00e0 hi\u1ec7u su\u1ea5t \u0111\u01b0\u1ee3c c\u1ea3i thi\u1ec7n cho nhi\u1ec1u \u1ee9ng d\u1ee5ng t\u01b0\u1edbi ti\u00eau n\u00f4ng nghi\u1ec7p kh\u00e1c nhau, \u0111\u1ea3m b\u1ea3o ho\u1ea1t \u0111\u1ed9ng \u1ed5n \u0111\u1ecbnh c\u1ee7a cu\u1ed9n t\u01b0\u1edbi. D\u00f9 \u0111\u01b0\u1ee3c s\u1eed d\u1ee5ng cho c\u00e1c c\u00e1nh \u0111\u1ed3ng n\u00f4ng nghi\u1ec7p quy m\u00f4 l\u1edbn hay c\u00e1c d\u1ef1 \u00e1n c\u1ea3nh quan, h\u1ed9p s\u1ed1 n\u00e0y \u0111\u1ea3m b\u1ea3o ph\u00e2n ph\u1ed1i n\u01b0\u1edbc t\u1ed1i \u01b0u v\u00e0 gi\u1ea3m thi\u1ec3u th\u1eddi gian ng\u1eebng ho\u1ea1t \u0111\u1ed9ng, g\u00f3p ph\u1ea7n qu\u1ea3n l\u00fd t\u01b0\u1edbi ti\u00eau t\u1ed1t h\u01a1n.<\/p>\n<p><img loading=\"lazy\" decoding=\"async\" class=\"size-full wp-image-2300 aligncenter\" src=\"https:\/\/fmp-components.com\/wp-content\/uploads\/2024\/12\/irrigation-gearbox-1.webp\" alt=\"h\u1ed9p s\u1ed1 t\u01b0\u1edbi ti\u00eau\" width=\"500\" height=\"500\" title=\"\" srcset=\"https:\/\/fmp-components.com\/wp-content\/uploads\/2024\/12\/irrigation-gearbox-1.webp 500w, https:\/\/fmp-components.com\/wp-content\/uploads\/2024\/12\/irrigation-gearbox-1-480x480.webp 480w\" sizes=\"(min-width: 0px) and (max-width: 480px) 480px, (min-width: 481px) 500px, 100vw\" \/><\/p>\n<h3>C\u00e1c t\u00ednh n\u0103ng ch\u00ednh:<\/h3>\n<ol>\n<li>Kh\u1ea3 n\u0103ng x\u1eed l\u00fd c\u00f4ng su\u1ea5t cao<br \/>\nH\u1ed9p s\u1ed1 thay th\u1ebf cho Comer Code A-4A \u0111\u01b0\u1ee3c thi\u1ebft k\u1ebf \u0111\u1ec3 x\u1eed l\u00fd c\u00f4ng su\u1ea5t \u0111\u1ea7u ra cao, \u0111\u1ea3m b\u1ea3o h\u1ec7 th\u1ed1ng cu\u1ed9n t\u01b0\u1edbi ho\u1ea1t \u0111\u1ed9ng hi\u1ec7u qu\u1ea3. V\u1edbi kh\u1ea3 n\u0103ng ch\u1ecbu \u0111\u01b0\u1ee3c m\u00f4-men xo\u1eafn v\u00e0 m\u00e3 l\u1ef1c \u0111\u00e1ng k\u1ec3, h\u1ed9p s\u1ed1 n\u00e0y r\u1ea5t ph\u00f9 h\u1ee3p v\u1edbi nhu c\u1ea7u kh\u1eaft khe c\u1ee7a h\u1ec7 th\u1ed1ng t\u01b0\u1edbi ti\u00eau, l\u00fd t\u01b0\u1edfng cho c\u00e1c ho\u1ea1t \u0111\u1ed9ng n\u00f4ng nghi\u1ec7p \u0111\u00f2i h\u1ecfi hi\u1ec7u su\u1ea5t m\u1ea1nh m\u1ebd.<\/li>\n<li>K\u1ebft c\u1ea5u b\u1ec1n b\u1ec9<br \/>\n\u0110\u01b0\u1ee3c ch\u1ebf t\u1ea1o b\u1eb1ng v\u1eadt li\u1ec7u ch\u1ea5t l\u01b0\u1ee3ng cao, h\u1ed9p s\u1ed1 thay th\u1ebf \u0111\u01b0\u1ee3c thi\u1ebft k\u1ebf \u0111\u1ec3 c\u00f3 \u0111\u1ed9 b\u1ec1n l\u00e2u d\u00e0i v\u00e0 kh\u1ea3 n\u0103ng ch\u1ed1ng m\u00e0i m\u00f2n. K\u1ebft c\u1ea5u ch\u1ecbu l\u1ef1c cao \u0111\u1ea3m b\u1ea3o hi\u1ec7u su\u1ea5t \u0111\u00e1ng tin c\u1eady ngay c\u1ea3 trong \u0111i\u1ec1u ki\u1ec7n th\u1eddi ti\u1ebft kh\u1eafc nghi\u1ec7t v\u00e0 m\u00f4i tr\u01b0\u1eddng kh\u1eafc nghi\u1ec7t, \u0111\u1ea3m b\u1ea3o h\u1ed9p s\u1ed1 c\u00f3 th\u1ec3 ch\u1ecbu \u0111\u01b0\u1ee3c \u00e1p l\u1ef1c v\u1eadn h\u00e0nh li\u00ean t\u1ee5c trong h\u1ec7 th\u1ed1ng t\u01b0\u1edbi ti\u00eau.<\/li>\n<li>Truy\u1ec1n t\u1ea3i \u0111i\u1ec7n hi\u1ec7u qu\u1ea3<br \/>\nH\u1ed9p s\u1ed1 \u0111\u01b0\u1ee3c thi\u1ebft k\u1ebf \u0111\u1ec3 truy\u1ec1n l\u1ef1c m\u01b0\u1ee3t m\u00e0 v\u00e0 hi\u1ec7u qu\u1ea3 t\u1eeb \u0111\u1ed9ng c\u01a1 d\u1eabn \u0111\u1ed9ng \u0111\u1ebfn tr\u1ee5c t\u01b0\u1edbi. N\u00f3 \u0111\u1ea3m b\u1ea3o gi\u1ea3m t\u1ed1c \u0111\u1ed9 v\u00e0 t\u0103ng m\u00f4-men xo\u1eafn t\u1ed1i \u01b0u, cho ph\u00e9p tr\u1ee5c t\u01b0\u1edbi di chuy\u1ec3n v\u1edbi t\u1ed1c \u0111\u1ed9 v\u00e0 kh\u1ea3 n\u0103ng ki\u1ec3m so\u00e1t \u0111\u1ed3ng \u0111\u1ec1u. Vi\u1ec7c truy\u1ec1n l\u1ef1c ch\u00ednh x\u00e1c n\u00e0y gi\u00fap gi\u1ea3m thi\u1ec3u t\u1ed5n th\u1ea5t n\u0103ng l\u01b0\u1ee3ng v\u00e0 c\u1ea3i thi\u1ec7n hi\u1ec7u su\u1ea5t t\u1ed5ng th\u1ec3, t\u1eeb \u0111\u00f3 gi\u1ea3m chi ph\u00ed v\u1eadn h\u00e0nh.<\/li>\n<\/ol>\n<p>H\u1ed9p s\u1ed1 cu\u1ed9n t\u01b0\u1edbi \u2013 Thay th\u1ebf cho m\u00e3 g\u00f3c A-4A l\u00e0 gi\u1ea3i ph\u00e1p m\u1ea1nh m\u1ebd, hi\u1ec7u qu\u1ea3 v\u00e0 \u0111\u00e1ng tin c\u1eady cho h\u1ec7 th\u1ed1ng cu\u1ed9n t\u01b0\u1edbi. V\u1edbi c\u00f4ng su\u1ea5t cao, k\u1ebft c\u1ea5u b\u1ec1n b\u1ec9 v\u00e0 y\u00eau c\u1ea7u b\u1ea3o tr\u00ec th\u1ea5p, h\u1ed9p s\u1ed1 n\u00e0y \u0111\u1ea3m b\u1ea3o hi\u1ec7u su\u1ea5t t\u1ed1i \u01b0u cho c\u00e1c \u1ee9ng d\u1ee5ng n\u00f4ng nghi\u1ec7p, c\u1ea3nh quan v\u00e0 l\u00e0m v\u01b0\u1eddn. Vi\u1ec7c l\u1eafp \u0111\u1eb7t d\u1ec5 d\u00e0ng v\u00e0 t\u01b0\u01a1ng th\u00edch v\u1edbi c\u00e1c h\u1ec7 th\u1ed1ng hi\u1ec7n c\u00f3 khi\u1ebfn n\u00f3 tr\u1edf th\u00e0nh m\u1ed9t l\u1ef1a ch\u1ecdn thay th\u1ebf l\u00fd t\u01b0\u1edfng, gi\u1ea3m th\u1eddi gian ch\u1ebft v\u00e0 c\u1ea3i thi\u1ec7n hi\u1ec7u qu\u1ea3 t\u01b0\u1edbi ti\u00eau.<\/p>\n<h2 class=\"et_pb_module_header\">H\u1ed9p s\u1ed1 cu\u1ed9n t\u01b0\u1edbi \u2013 Thay th\u1ebf m\u00e3 g\u00f3c A-4A<\/h2>\n<table style=\"width: 100%;\" border=\"1\" width=\"100%\" cellspacing=\"0\" cellpadding=\"0\">\n<tbody>\n<tr>\n<th>S\u1ef1 mi\u00eau t\u1ea3<\/th>\n<td>H\u1ed9p s\u1ed1 cu\u1ed9n t\u01b0\u1edbi \u2013 Thay th\u1ebf m\u00e3 g\u00f3c A-4A<\/td>\n<\/tr>\n<tr>\n<th>\u1ee8ng d\u1ee5ng<\/th>\n<td>Nhi\u1ec1u \u1ee9ng d\u1ee5ng (n\u00f4ng nghi\u1ec7p) kh\u00e1c nhau<\/td>\n<\/tr>\n<tr>\n<th>Bao g\u1ed3m<\/th>\n<td>H\u1ed9p s\u1ed1<\/td>\n<\/tr>\n<tr>\n<th>Kh\u00f4ng c\u00f3 d\u1ea7u<\/th>\n<td>Th\u00f4ng tin k\u1ef9 thu\u1eadt<\/td>\n<\/tr>\n<tr>\n<th><\/th>\n<td>N\u1ebfu b\u1ea1n c\u00f3 b\u1ea5t k\u1ef3 c\u00e2u h\u1ecfi n\u00e0o v\u1ec1 hi\u1ec7u su\u1ea5t \u1edf c\u00e1c t\u1ed1c \u0111\u1ed9 kh\u00e1c nhau, vui l\u00f2ng li\u00ean h\u1ec7 v\u1edbi ch\u00fang t\u00f4i.<\/td>\n<\/tr>\n<tr>\n<th><\/th>\n<td>Khi s\u1eed d\u1ee5ng l\u1ea7n \u0111\u1ea7u, h\u00e3y thay d\u1ea7u sau 50 gi\u1edd ho\u1ea1t \u0111\u1ed9ng.<\/td>\n<\/tr>\n<tr>\n<th>Ch\u1ee9a d\u1ea7u<\/th>\n<td>KH\u00d4NG<\/td>\n<\/tr>\n<tr>\n<th>C\u00f4ng su\u1ea5t d\u1ea7u t\u1ed1i \u0111a<\/th>\n<td>1 l\u00edt<\/td>\n<\/tr>\n<tr>\n<th>Kho\u1ea3ng th\u1eddi gian thay d\u1ea7u t\u1ed1i \u0111a<\/th>\n<td>500 gi\u1edd<\/td>\n<\/tr>\n<tr>\n<th>C\u1ea5p \u0111\u1ed9 nh\u1edbt SAE c\u1ee7a d\u1ea7u<\/th>\n<td>80W-90<\/td>\n<\/tr>\n<tr>\n<th>V\u1eadt li\u1ec7u nh\u00e0 \u1edf<\/th>\n<td>Gang GG25<\/td>\n<\/tr>\n<tr>\n<th>C\u00e2n n\u1eb7ng<\/th>\n<td>41 kg<\/td>\n<\/tr>\n<tr>\n<th>S\u1eafp x\u1ebfp b\u00e1nh r\u0103ng t\u0103ng d\u1ea7n<\/th>\n<td>46 &#8211; 47<\/td>\n<\/tr>\n<tr>\n<th>S\u1eafp x\u1ebfp b\u00e1nh r\u0103ng gi\u1ea3m<\/th>\n<td>57 &#8211; 58<\/td>\n<\/tr>\n<tr>\n<th>C\u00f4ng su\u1ea5t \u0111\u1ea7u v\u00e0o kW \/ HP t\u0103ng<\/th>\n<td>56,7 \/ 77 kW\/M\u00e3 l\u1ef1c<\/td>\n<\/tr>\n<tr>\n<th>Tr\u1ee5c \u0111\u1ea7u v\u00e0o t\u0103ng<\/th>\n<td>X<\/td>\n<\/tr>\n<tr>\n<th>Gi\u1ea3m tr\u1ee5c \u0111\u1ea7u v\u00e0o<\/th>\n<td>C\u00f3<\/td>\n<\/tr>\n<tr>\n<th>C\u00f4ng su\u1ea5t \u0111\u1ea7u v\u00e0o kW \/ HP Gi\u1ea3m<\/th>\n<td>15,8 \/ 21,5 kW\/M\u00e3 l\u1ef1c<\/td>\n<\/tr>\n<tr>\n<th>M\u00f4-men xo\u1eafn \u0111\u1ea7u ra DaNm t\u0103ng<\/th>\n<td>24,2 daNm<\/td>\n<\/tr>\n<tr>\n<th>T\u1ef7 l\u1ec7 t\u0103ng<\/th>\n<td>1 : 4<\/td>\n<\/tr>\n<tr>\n<th>Gi\u1ea3m t\u1ef7 l\u1ec7<\/th>\n<td>4 : 1<\/td>\n<\/tr>\n<tr>\n<th>Tr\u1ee5c X<\/th>\n<td>1 3\/8\u2033 (6) (A)<\/td>\n<\/tr>\n<tr>\n<th>Tr\u1ee5c Y<\/th>\n<td>35 (C)<\/td>\n<\/tr>\n<\/tbody>\n<\/table>\n<h2 class=\"et_pb_module_header\">H\u1ed9p s\u1ed1 cu\u1ed9n t\u01b0\u1edbi \u2013 Thay th\u1ebf m\u00e3 g\u00f3c A-4A 1:1<\/h2>\n<table style=\"width: 100%;\" border=\"1\" width=\"100%\" cellspacing=\"0\" cellpadding=\"0\">\n<tbody>\n<tr>\n<th>S\u1ef1 mi\u00eau t\u1ea3<\/th>\n<td>H\u1ed9p s\u1ed1 cu\u1ed9n t\u01b0\u1edbi \u2013 Thay th\u1ebf m\u00e3 g\u00f3c A-4A 1:1<\/td>\n<\/tr>\n<tr>\n<th>\u1ee8ng d\u1ee5ng<\/th>\n<td>Nhi\u1ec1u \u1ee9ng d\u1ee5ng (n\u00f4ng nghi\u1ec7p) kh\u00e1c nhau<\/td>\n<\/tr>\n<tr>\n<th>Bao g\u1ed3m<\/th>\n<td>H\u1ed9p s\u1ed1<\/td>\n<\/tr>\n<tr>\n<th>Kh\u00f4ng c\u00f3 d\u1ea7u<\/th>\n<td>H\u1ed9p s\u1ed1 cu\u1ed9n t\u01b0\u1edbi<\/td>\n<\/tr>\n<tr>\n<th>Th\u00f4ng tin k\u1ef9 thu\u1eadt<\/th>\n<td>N\u1ebfu b\u1ea1n c\u00f3 b\u1ea5t k\u1ef3 c\u00e2u h\u1ecfi n\u00e0o v\u1ec1 hi\u1ec7u su\u1ea5t \u1edf c\u00e1c t\u1ed1c \u0111\u1ed9 kh\u00e1c nhau, vui l\u00f2ng li\u00ean h\u1ec7 v\u1edbi ch\u00fang t\u00f4i.<\/td>\n<\/tr>\n<tr>\n<th><\/th>\n<td>Khi s\u1eed d\u1ee5ng l\u1ea7n \u0111\u1ea7u, h\u00e3y thay d\u1ea7u sau 50 gi\u1edd ho\u1ea1t \u0111\u1ed9ng.<\/td>\n<\/tr>\n<tr>\n<th>C\u00f4ng su\u1ea5t \u0111\u1ea7u v\u00e0o t\u1ed1i \u0111a<\/th>\n<td>62,6 kW<\/td>\n<\/tr>\n<tr>\n<th>M\u00f4-men xo\u1eafn \u0111\u1ea7u ra t\u1ed1i \u0111a<\/th>\n<td>1071 Nm<\/td>\n<\/tr>\n<tr>\n<th>Ch\u1ee9a d\u1ea7u<\/th>\n<td>KH\u00d4NG<\/td>\n<\/tr>\n<tr>\n<th>C\u00f4ng su\u1ea5t d\u1ea7u t\u1ed1i \u0111a<\/th>\n<td>1 l\u00edt<\/td>\n<\/tr>\n<tr>\n<th>Kho\u1ea3ng th\u1eddi gian thay d\u1ea7u t\u1ed1i \u0111a<\/th>\n<td>500 gi\u1edd<\/td>\n<\/tr>\n<tr>\n<th>C\u1ea5p \u0111\u1ed9 nh\u1edbt SAE c\u1ee7a d\u1ea7u<\/th>\n<td>80W-90<\/td>\n<\/tr>\n<tr>\n<th>V\u1eadt li\u1ec7u nh\u00e0 \u1edf<\/th>\n<td>Gang GG25<\/td>\n<\/tr>\n<tr>\n<th>C\u00e2n n\u1eb7ng<\/th>\n<td>41 kg<\/td>\n<\/tr>\n<tr>\n<th>S\u1eafp x\u1ebfp b\u00e1nh r\u0103ng<\/th>\n<td>51 &#8211; 52<\/td>\n<\/tr>\n<tr>\n<th>T\u1ef7 l\u1ec7<\/th>\n<td>1 : 1<\/td>\n<\/tr>\n<tr>\n<th>Tr\u1ee5c \u0111\u1ea7u v\u00e0o<\/th>\n<td>C\u00f3<\/td>\n<\/tr>\n<tr>\n<th>Tr\u1ee5c X<\/th>\n<td>1 3\/8\u2033 (6) (A)<\/td>\n<\/tr>\n<tr>\n<th>Tr\u1ee5c Y<\/th>\n<td>1 3\/8\u2033 (6) (B)<\/td>\n<\/tr>\n<\/tbody>\n<\/table>\n<h2>C\u00e1c t\u00ednh n\u0103ng c\u1ee7a h\u1ed9p s\u1ed1 cu\u1ed9n t\u01b0\u1edbi<\/h2>\n<p>H\u1ed9p s\u1ed1 cu\u1ed9n t\u01b0\u1edbi l\u00e0 th\u00e0nh ph\u1ea7n thi\u1ebft y\u1ebfu trong h\u1ec7 th\u1ed1ng t\u01b0\u1edbi hi\u1ec7n \u0111\u1ea1i, \u0111\u01b0\u1ee3c thi\u1ebft k\u1ebf \u0111\u1ec3 chuy\u1ec3n \u0111\u1ed5i n\u0103ng l\u01b0\u1ee3ng t\u1eeb b\u1ed9 truy\u1ec1n \u0111\u1ed9ng PTO (Power Take-Off) c\u1ee7a m\u00e1y k\u00e9o th\u00e0nh chuy\u1ec3n \u0111\u1ed9ng quay c\u1ea7n thi\u1ebft \u0111\u1ec3 cu\u1ed9n ho\u1eb7c th\u00e1o \u1ed1ng t\u01b0\u1edbi. C\u00e1c h\u1ed9p s\u1ed1 n\u00e0y \u0111\u1ea3m b\u1ea3o ho\u1ea1t \u0111\u1ed9ng hi\u1ec7u qu\u1ea3, \u0111\u1ed9 b\u1ec1n v\u00e0 truy\u1ec1n l\u1ef1c tr\u01a1n tru, cho ph\u00e9p t\u01b0\u1edbi ti\u00eau \u0111\u00e1ng tin c\u1eady trong c\u00e1c \u1ee9ng d\u1ee5ng n\u00f4ng nghi\u1ec7p v\u00e0 c\u1ea3nh quan. D\u01b0\u1edbi \u0111\u00e2y l\u00e0 m\u1ed9t s\u1ed1 t\u00ednh n\u0103ng ch\u00ednh c\u1ee7a h\u1ed9p s\u1ed1 cu\u1ed9n t\u01b0\u1edbi:<\/p>\n<p><strong>Kh\u1ea3 n\u0103ng m\u00f4-men xo\u1eafn cao<\/strong><\/p>\n<p>H\u1ed9p s\u1ed1 tr\u1ee5c cu\u1ed1n t\u01b0\u1edbi \u0111\u01b0\u1ee3c thi\u1ebft k\u1ebf \u0111\u1ec3 ch\u1ecbu \u0111\u01b0\u1ee3c m\u00f4-men xo\u1eafn cao, \u0111\u1ea3m b\u1ea3o ho\u1ea1t \u0111\u1ed9ng hi\u1ec7u qu\u1ea3 ngay c\u1ea3 khi ch\u1ecbu t\u1ea3i n\u1eb7ng. Ch\u00fang \u0111\u01b0\u1ee3c thi\u1ebft k\u1ebf \u0111\u1ec3 truy\u1ec1n l\u1ef1c quay c\u1ea7n thi\u1ebft t\u1eeb h\u1ec7 th\u1ed1ng PTO \u0111\u1ebfn tr\u1ee5c cu\u1ed1n t\u01b0\u1edbi, cho ph\u00e9p cu\u1ed9n v\u00e0 th\u00e1o \u1ed1ng t\u01b0\u1edbi tr\u01a1n tru m\u00e0 kh\u00f4ng b\u1ecb c\u0103ng. Kh\u1ea3 n\u0103ng m\u00f4-men xo\u1eafn cao gi\u00fap ch\u00fang ph\u00f9 h\u1ee3p cho c\u00e1c ho\u1ea1t \u0111\u1ed9ng t\u01b0\u1edbi ti\u00eau quy m\u00f4 l\u1edbn, c\u00f3 kh\u1ea3 n\u0103ng x\u1eed l\u00fd kh\u1ed1i l\u01b0\u1ee3ng c\u00f4ng vi\u1ec7c l\u1edbn m\u00e0 kh\u00f4ng b\u1ecb h\u1ecfng h\u00f3c.<\/p>\n<p><strong>K\u1ebft c\u1ea5u b\u1ec1n b\u1ec9<\/strong><\/p>\n<p>\u0110\u01b0\u1ee3c thi\u1ebft k\u1ebf \u0111\u1ec3 ch\u1ecbu \u0111\u01b0\u1ee3c \u0111i\u1ec1u ki\u1ec7n kh\u1eafc nghi\u1ec7t c\u1ee7a m\u00f4i tr\u01b0\u1eddng ngo\u00e0i tr\u1eddi, h\u1ed9p s\u1ed1 cu\u1ed9n t\u01b0\u1edbi \u0111\u01b0\u1ee3c l\u00e0m t\u1eeb v\u1eadt li\u1ec7u ch\u1ed1ng \u0103n m\u00f2n ch\u1ea5t l\u01b0\u1ee3ng cao nh\u01b0 th\u00e9p t\u00f4i v\u00e0 h\u1ee3p kim \u0111\u00e3 qua x\u1eed l\u00fd. Nh\u1eefng v\u1eadt li\u1ec7u n\u00e0y \u0111\u1ea3m b\u1ea3o h\u1ed9p s\u1ed1 lu\u00f4n b\u1ec1n b\u1ec9 theo th\u1eddi gian, ch\u1ed1ng m\u00e0i m\u00f2n, g\u1ec9 s\u00e9t v\u00e0 h\u01b0 h\u1ecfng do ti\u1ebfp x\u00fac v\u1edbi \u0111\u1ed9 \u1ea9m, b\u1ee5i b\u1ea9n v\u00e0 h\u00f3a ch\u1ea5t n\u00f4ng nghi\u1ec7p. \u0110\u1ed9 b\u1ec1n n\u00e0y gi\u00fap k\u00e9o d\u00e0i tu\u1ed5i th\u1ecd c\u1ee7a h\u1ed9p s\u1ed1, gi\u1ea3m chi ph\u00ed b\u1ea3o tr\u00ec v\u00e0 thay th\u1ebf.<\/p>\n<p><strong>Truy\u1ec1n t\u1ea3i \u0111i\u1ec7n hi\u1ec7u qu\u1ea3<\/strong><\/p>\n<p>H\u1ed9p s\u1ed1 \u0111\u01b0\u1ee3c thi\u1ebft k\u1ebf \u0111\u1ec3 truy\u1ec1n l\u1ef1c hi\u1ec7u qu\u1ea3 t\u1eeb PTO c\u1ee7a m\u00e1y k\u00e9o \u0111\u1ebfn tr\u1ee5c cu\u1ed1n t\u01b0\u1edbi. B\u1eb1ng c\u00e1ch gi\u1ea3m t\u1ed1c \u0111\u1ed9 v\u00e0 t\u0103ng m\u00f4-men xo\u1eafn ch\u00ednh x\u00e1c, h\u1ed9p s\u1ed1 \u0111\u1ea3m b\u1ea3o tr\u1ee5c cu\u1ed1n ho\u1ea1t \u0111\u1ed9ng \u1edf t\u1ed1c \u0111\u1ed9 ph\u00f9 h\u1ee3p \u0111\u1ec3 \u0111\u1ea1t hi\u1ec7u su\u1ea5t t\u01b0\u1edbi t\u1ed1i \u01b0u. Vi\u1ec7c truy\u1ec1n l\u1ef1c ch\u00ednh x\u00e1c n\u00e0y gi\u00fap gi\u1ea3m thi\u1ec3u t\u1ed5n th\u1ea5t n\u0103ng l\u01b0\u1ee3ng, c\u1ea3i thi\u1ec7n hi\u1ec7u su\u1ea5t v\u00e0 cho ph\u00e9p h\u1ec7 th\u1ed1ng ho\u1ea1t \u0111\u1ed9ng \u1edf t\u1ed1c \u0111\u1ed9 \u1ed5n \u0111\u1ecbnh, \u0111\u1ea3m b\u1ea3o ph\u00e2n ph\u1ed1i n\u01b0\u1edbc \u0111\u1ec1u v\u00e0 hi\u1ec7u qu\u1ea3.<\/p>\n<p><strong>Y\u00eau c\u1ea7u b\u1ea3o tr\u00ec th\u1ea5p<\/strong><\/p>\n<p>H\u1ed9p s\u1ed1 c\u1ee7a m\u00e1y t\u01b0\u1edbi \u0111\u01b0\u1ee3c thi\u1ebft k\u1ebf v\u1edbi m\u1ee5c ti\u00eau b\u1ea3o tr\u00ec t\u1ed1i thi\u1ec3u. Ch\u00fang th\u01b0\u1eddng \u0111\u01b0\u1ee3c trang b\u1ecb v\u00f2ng bi, ph\u1edbt v\u00e0 ch\u1ea5t b\u00f4i tr\u01a1n ch\u1ea5t l\u01b0\u1ee3ng cao gi\u00fap gi\u1ea3m ma s\u00e1t v\u00e0 m\u00e0i m\u00f2n, gi\u00fap duy tr\u00ec ho\u1ea1t \u0111\u1ed9ng tr\u01a1n tru theo th\u1eddi gian. Vi\u1ec7c ki\u1ec3m tra th\u01b0\u1eddng xuy\u00ean v\u00e0 b\u00f4i tr\u01a1n \u0111\u1ecbnh k\u1ef3 th\u01b0\u1eddng l\u00e0 t\u1ea5t c\u1ea3 nh\u1eefng g\u00ec c\u1ea7n thi\u1ebft \u0111\u1ec3 \u0111\u1ea3m b\u1ea3o h\u1ed9p s\u1ed1 lu\u00f4n ho\u1ea1t \u0111\u1ed9ng t\u1ed1t. Thi\u1ebft k\u1ebf b\u1ea3o tr\u00ec th\u1ea5p n\u00e0y gi\u00fap gi\u1ea3m th\u1eddi gian ng\u1eebng ho\u1ea1t \u0111\u1ed9ng v\u00e0 gi\u1ea3m t\u1ed5ng chi ph\u00ed s\u1edf h\u1eefu.<\/p>\n<p><strong>D\u1ec5 d\u00e0ng c\u00e0i \u0111\u1eb7t v\u00e0 t\u01b0\u01a1ng th\u00edch<\/strong><\/p>\n<p>H\u1ed9p s\u1ed1 cu\u1ed9n t\u01b0\u1edbi \u0111\u01b0\u1ee3c thi\u1ebft k\u1ebf \u0111\u1ec3 d\u1ec5 d\u00e0ng l\u1eafp \u0111\u1eb7t v\u00e0 thay th\u1ebf, v\u1edbi nhi\u1ec1u m\u1eabu m\u00e3 c\u00f3 \u0111i\u1ec3m l\u1eafp \u0111a n\u0103ng, t\u01b0\u01a1ng th\u00edch v\u1edbi nhi\u1ec1u h\u1ec7 th\u1ed1ng cu\u1ed9n t\u01b0\u1edbi. D\u00f9 l\u00e0 h\u1ec7 th\u1ed1ng cu\u1ed9n t\u01b0\u1edbi ti\u00eau chu\u1ea9n hay t\u00f9y ch\u1ec9nh, h\u1ed9p s\u1ed1 th\u01b0\u1eddng d\u1ec5 d\u00e0ng k\u1ebft n\u1ed1i v\u1edbi tr\u1ee5c PTO v\u00e0 cu\u1ed9n t\u01b0\u1edbi. H\u01b0\u1edbng d\u1eabn l\u1eafp \u0111\u1eb7t r\u00f5 r\u00e0ng v\u00e0 thi\u1ebft k\u1ebf \u0111\u01a1n gi\u1ea3n gi\u00fap vi\u1ec7c l\u1eafp \u0111\u1eb7t nhanh ch\u00f3ng v\u00e0 \u0111\u01a1n gi\u1ea3n, gi\u1ea3m th\u1eddi gian ch\u1ebft trong qu\u00e1 tr\u00ecnh b\u1ea3o tr\u00ec ho\u1eb7c n\u00e2ng c\u1ea5p h\u1ec7 th\u1ed1ng.<\/p>\n<p>H\u1ed9p s\u1ed1 cu\u1ed9n t\u01b0\u1edbi \u0111\u01b0\u1ee3c thi\u1ebft k\u1ebf \u0111\u1ec3 \u0111\u1ea1t hi\u1ec7u su\u1ea5t t\u1ed1i \u0111a, \u0111\u1ed9 b\u1ec1n cao v\u00e0 d\u1ec5 b\u1ea3o tr\u00ec. V\u1edbi m\u00f4-men xo\u1eafn cao, k\u1ebft c\u1ea5u b\u1ec1n b\u1ec9 v\u00e0 kh\u1ea3 n\u0103ng truy\u1ec1n t\u1ea3i \u0111i\u1ec7n n\u0103ng hi\u1ec7u qu\u1ea3, h\u1ed9p s\u1ed1 n\u00e0y \u0111\u00f3ng vai tr\u00f2 quan tr\u1ecdng trong vi\u1ec7c \u0111\u1ea3m b\u1ea3o h\u1ec7 th\u1ed1ng t\u01b0\u1edbi ti\u00eau v\u1eadn h\u00e0nh tr\u01a1n tru v\u00e0 \u0111\u00e1ng tin c\u1eady. D\u00f9 l\u00e0 \u1ee9ng d\u1ee5ng cho n\u00f4ng nghi\u1ec7p, c\u1ea3nh quan hay l\u00e0m v\u01b0\u1eddn, c\u00e1c t\u00ednh n\u0103ng ti\u00ean ti\u1ebfn c\u1ee7a h\u1ed9p s\u1ed1 cu\u1ed9n t\u01b0\u1edbi gi\u00fap t\u1ed1i \u01b0u h\u00f3a quy tr\u00ecnh t\u01b0\u1edbi ti\u00eau, gi\u1ea3m th\u1eddi gian ch\u1ebft v\u00e0 c\u1ea3i thi\u1ec7n hi\u1ec7u su\u1ea5t t\u1ed5ng th\u1ec3 c\u1ee7a h\u1ec7 th\u1ed1ng.<\/p>\n<h3>Gi\u1edbi thi\u1ec7u v\u1ec1 FMP<\/h3>\n<p>C\u00f3 tr\u1ee5 s\u1edf ch\u00ednh t\u1ea1i \u00dd, FMP l\u00e0 nh\u00e0 s\u1ea3n xu\u1ea5t h\u00e0ng \u0111\u1ea7u, n\u1ed5i ti\u1ebfng v\u1edbi chuy\u00ean m\u00f4n trong thi\u1ebft k\u1ebf, ph\u00e1t tri\u1ec3n v\u00e0 s\u1ea3n xu\u1ea5t h\u1ed9p s\u1ed1 hi\u1ec7u su\u1ea5t cao, \u0111\u1eb7c bi\u1ec7t t\u1eadp trung v\u00e0o l\u0129nh v\u1ef1c m\u00e1y m\u00f3c n\u00f4ng nghi\u1ec7p. V\u1edbi uy t\u00edn v\u1ec1 k\u1ef9 thu\u1eadt ch\u00ednh x\u00e1c, gi\u1ea3i ph\u00e1p s\u00e1ng t\u1ea1o v\u00e0 \u0111\u1ed9 tin c\u1eady tuy\u1ec7t \u0111\u1ed1i, FMP \u0111\u00e3 tr\u1edf th\u00e0nh \u0111\u1ed1i t\u00e1c \u0111\u00e1ng tin c\u1eady trong vi\u1ec7c \u0111\u00e1p \u1ee9ng nhu c\u1ea7u ng\u00e0y c\u00e0ng cao c\u1ee7a c\u1ea3 l\u0129nh v\u1ef1c n\u00f4ng nghi\u1ec7p v\u00e0 c\u00f4ng nghi\u1ec7p. Danh m\u1ee5c s\u1ea3n ph\u1ea9m \u0111a d\u1ea1ng c\u1ee7a ch\u00fang t\u00f4i bao g\u1ed3m h\u1ed9p s\u1ed1 chuy\u00ean d\u1ee5ng cho m\u00e1y c\u1eaft c\u1ecf, tr\u1ee5c PTO v\u00e0 c\u00e1c linh ki\u1ec7n thi\u1ebft y\u1ebfu kh\u00e1c, t\u1ea5t c\u1ea3 \u0111\u1ec1u \u0111\u01b0\u1ee3c thi\u1ebft k\u1ebf t\u1ec9 m\u1ec9 \u0111\u1ec3 cung c\u1ea5p c\u00e1c gi\u1ea3i ph\u00e1p t\u00f9y ch\u1ec9nh cho nhi\u1ec1u \u1ee9ng d\u1ee5ng kh\u00e1c nhau.<\/p>\n<p>T\u1ea1i FMP, ch\u00fang t\u00f4i hi\u1ec3u r\u1eb1ng m\u1ed7i kh\u00e1ch h\u00e0ng \u0111\u1ec1u c\u00f3 nh\u1eefng y\u00eau c\u1ea7u v\u00e0 th\u00e1ch th\u1ee9c ri\u00eang. \u0110\u00f3 l\u00e0 l\u00fd do t\u1ea1i sao ch\u00fang t\u00f4i chuy\u00ean cung c\u1ea5p c\u00e1c gi\u1ea3i ph\u00e1p \u0111\u01b0\u1ee3c thi\u1ebft k\u1ebf ri\u00eang, d\u00f9 l\u00e0 cho t\u1eebng th\u00e0nh ph\u1ea7n ri\u00eang l\u1ebb hay h\u1ec7 th\u1ed1ng t\u00edch h\u1ee3p ho\u00e0n ch\u1ec9nh. Ch\u00fang t\u00f4i h\u1ee3p t\u00e1c ch\u1eb7t ch\u1ebd v\u1edbi kh\u00e1ch h\u00e0ng \u0111\u1ec3 \u0111\u1ea3m b\u1ea3o m\u1ecdi gi\u1ea3i ph\u00e1p kh\u00f4ng ch\u1ec9 hi\u1ec7u qu\u1ea3 m\u00e0 c\u00f2n t\u1ed1i \u01b0u h\u00f3a c\u1ea3 hi\u1ec7u su\u1ea5t v\u00e0 gi\u00e1 tr\u1ecb. Cam k\u1ebft cung c\u1ea5p ph\u1ea3n h\u1ed3i nhanh ch\u00f3ng, chuy\u00ean nghi\u1ec7p, c\u00f9ng v\u1edbi s\u1ef1 h\u01b0\u1edbng d\u1eabn chuy\u00ean m\u00f4n, \u0111\u1ea3m b\u1ea3o m\u1ecdi th\u1eafc m\u1eafc \u0111\u1ec1u \u0111\u01b0\u1ee3c x\u1eed l\u00fd v\u1edbi s\u1ef1 t\u1eadn t\u00e2m v\u00e0 ch\u00ednh x\u00e1c t\u1ed1i \u0111a, mang l\u1ea1i k\u1ebft qu\u1ea3 t\u1ed1t nh\u1ea5t c\u00f3 th\u1ec3.<\/p>\n<p>Ch\u00fang t\u00f4i \u01b0u ti\u00ean giao ti\u1ebfp c\u1edfi m\u1edf v\u00e0 li\u00ean t\u1ee5c trong su\u1ed1t qu\u00e1 tr\u00ecnh ph\u00e1t tri\u1ec3n s\u1ea3n ph\u1ea9m. \u0110\u1ed9i ng\u0169 t\u1eadn t\u00e2m c\u1ee7a ch\u00fang t\u00f4i l\u00e0m vi\u1ec7c tr\u1ef1c ti\u1ebfp v\u1edbi kh\u00e1ch h\u00e0ng \u0111\u1ec3 hi\u1ec3u r\u00f5 nhu c\u1ea7u c\u1ee5 th\u1ec3 c\u1ee7a h\u1ecd, cung c\u1ea5p nh\u1eefng hi\u1ec3u bi\u1ebft s\u00e2u s\u1eafc v\u00e0 \u0111\u1ec1 xu\u1ea5t gi\u00e1 tr\u1ecb nh\u1eb1m \u0111\u1ea3m b\u1ea3o c\u00e1c gi\u1ea3i ph\u00e1p t\u1ed1i \u01b0u. D\u00f9 l\u00e0 thi\u1ebft k\u1ebf s\u1ea3n ph\u1ea9m s\u00e1ng t\u1ea1o hay ho\u00e0n th\u00e0nh c\u00e1c \u0111\u01a1n h\u00e0ng \u0111ang tri\u1ec3n khai, FMP lu\u00f4n cam k\u1ebft cung c\u1ea5p c\u00e1c gi\u1ea3i ph\u00e1p ch\u1ea5t l\u01b0\u1ee3ng cao, \u0111\u01b0\u1ee3c thi\u1ebft k\u1ebf ch\u00ednh x\u00e1c, \u0111\u00fang th\u1eddi h\u1ea1n. M\u1ee5c ti\u00eau c\u1ee7a ch\u00fang t\u00f4i l\u00e0 mang \u0111\u1ebfn cho kh\u00e1ch h\u00e0ng d\u1ecbch v\u1ee5 v\u00e0 k\u1ebft qu\u1ea3 t\u1ed1t nh\u1ea5t, v\u01b0\u1ee3t tr\u00ean c\u1ea3 mong \u0111\u1ee3i trong m\u1ecdi d\u1ef1 \u00e1n.<\/p>\n<p>Ch\u1ea5t l\u01b0\u1ee3ng l\u00e0 n\u1ec1n t\u1ea3ng cho m\u1ecdi ho\u1ea1t \u0111\u1ed9ng c\u1ee7a FMP. Ch\u00fang t\u00f4i tu\u00e2n th\u1ee7 c\u00e1c ti\u00eau chu\u1ea9n s\u1ea3n xu\u1ea5t cao nh\u1ea5t, th\u1ef1c hi\u1ec7n c\u00e1c bi\u1ec7n ph\u00e1p ki\u1ec3m so\u00e1t ch\u1ea5t l\u01b0\u1ee3ng nghi\u00eam ng\u1eb7t \u0111\u1ec3 \u0111\u1ea3m b\u1ea3o m\u1ed7i s\u1ea3n ph\u1ea9m kh\u00f4ng ch\u1ec9 \u0111\u00e1p \u1ee9ng m\u00e0 c\u00f2n v\u01b0\u1ee3t xa c\u00e1c ti\u00eau chu\u1ea9n c\u1ee7a ng\u00e0nh. Cam k\u1ebft v\u1eefng ch\u1eafc v\u1ec1 ch\u1ea5t l\u01b0\u1ee3ng n\u00e0y, k\u1ebft h\u1ee3p v\u1edbi c\u00e1c gi\u00e1 tr\u1ecb c\u1ed1t l\u00f5i c\u1ee7a ch\u00fang t\u00f4i l\u00e0 ch\u00ednh tr\u1ef1c, tinh th\u1ea7n \u0111\u1ed3ng \u0111\u1ed9i v\u00e0 s\u1ef1 ki\u00ean tr\u00ec, \u0111\u00e3 gi\u00fap ch\u00fang t\u00f4i x\u00e2y d\u1ef1ng m\u1ed1i quan h\u1ec7 l\u00e2u d\u00e0i, tin c\u1eady v\u1edbi kh\u00e1ch h\u00e0ng t\u1ea1i g\u1ea7n 30 qu\u1ed1c gia tr\u00ean to\u00e0n th\u1ebf gi\u1edbi.<\/p>\n<p>FMP lu\u00f4n s\u1eb5n s\u00e0ng th\u00fac \u0111\u1ea9y quan h\u1ec7 \u0111\u1ed1i t\u00e1c to\u00e0n c\u1ea7u v\u00e0 lu\u00f4n t\u1eadn t\u00e2m cung c\u1ea5p t\u01b0 v\u1ea5n chuy\u00ean m\u00f4n v\u00e0 c\u00e1c gi\u1ea3i ph\u00e1p t\u00f9y ch\u1ec9nh \u0111\u00e1p \u1ee9ng nhu c\u1ea7u \u0111a d\u1ea1ng c\u1ee7a kh\u00e1ch h\u00e0ng. Ch\u00fang t\u00f4i kh\u00f4ng ch\u1ec9 cung c\u1ea5p s\u1ea3n ph\u1ea9m; ch\u00fang t\u00f4i h\u01b0\u1edbng \u0111\u1ebfn vi\u1ec7c x\u00e2y d\u1ef1ng c\u00e1c m\u1ed1i quan h\u1ec7 b\u1ec1n v\u1eefng, g\u00f3p ph\u1ea7n v\u00e0o th\u00e0nh c\u00f4ng c\u1ee7a m\u1ecdi d\u1ef1 \u00e1n. Cho d\u00f9 b\u1ea1n c\u1ea7n c\u00e1c gi\u1ea3i ph\u00e1p s\u00e1ng t\u1ea1o cho m\u1ed9t s\u00e1ng ki\u1ebfn m\u1edbi hay h\u1ed7 tr\u1ee3 li\u00ean t\u1ee5c cho m\u1ed9t h\u1ec7 th\u1ed1ng hi\u1ec7n c\u00f3, FMP lu\u00f4n s\u1eb5n s\u00e0ng gi\u1ea3i quy\u1ebft c\u00e1c th\u00e1ch th\u1ee9c k\u1ef9 thu\u1eadt v\u00e0 \u0111\u1ea3m b\u1ea3o s\u1ef1 th\u00e0nh c\u00f4ng li\u00ean t\u1ee5c c\u1ee7a b\u1ea1n.<\/p>\n<p><img loading=\"lazy\" decoding=\"async\" class=\"alignnone size-full wp-image-1861\" src=\"https:\/\/fmp-components.com\/wp-content\/uploads\/2024\/12\/Other-Agricultural-Gearboxes.webp\" sizes=\"(min-width: 0px) and (max-width: 480px) 480px, (min-width: 481px) and (max-width: 980px) 980px, (min-width: 981px) 1200px, 100vw\" srcset=\"https:\/\/fmp-components.com\/wp-content\/uploads\/2024\/12\/Other-Agricultural-Gearboxes.webp 1200w, https:\/\/fmp-components.com\/wp-content\/uploads\/2024\/12\/Other-Agricultural-Gearboxes-980x1143.webp 980w, https:\/\/fmp-components.com\/wp-content\/uploads\/2024\/12\/Other-Agricultural-Gearboxes-480x560.webp 480w\" alt=\"Altri-cambi-agricoli\" width=\"1200\" height=\"1400\" title=\"\"><\/p>\n<p>T\u00e1c gi\u1ea3: CX<\/p>","protected":false},"excerpt":{"rendered":"<p>H\u1ed9p s\u1ed1 tr\u1ee5c cu\u1ed1n t\u01b0\u1edbi \u2013 Thay th\u1ebf cho h\u1ed9p s\u1ed1 Comer Code A-4A H\u1ed9p s\u1ed1 tr\u1ee5c cu\u1ed1n t\u01b0\u1edbi \u2013 Thay th\u1ebf cho h\u1ed9p s\u1ed1 Comer Code A-4A l\u00e0 h\u1ed9p s\u1ed1 hi\u1ec7u su\u1ea5t cao, b\u1ec1n b\u1ec9 \u0111\u01b0\u1ee3c thi\u1ebft k\u1ebf \u0111\u1ec3 thay th\u1ebf h\u1ed9p s\u1ed1 Comer Code A-4A trong h\u1ec7 th\u1ed1ng tr\u1ee5c cu\u1ed1n t\u01b0\u1edbi. H\u1ed9p s\u1ed1 thay th\u1ebf n\u00e0y cung c\u1ea5p kh\u1ea3 n\u0103ng truy\u1ec1n t\u1ea3i \u0111i\u1ec7n n\u0103ng \u0111\u00e1ng tin c\u1eady v\u00e0 hi\u1ec7u qu\u1ea3 \u0111\u01b0\u1ee3c n\u00e2ng cao cho nhi\u1ec1u \u1ee9ng d\u1ee5ng t\u01b0\u1edbi ti\u00eau n\u00f4ng nghi\u1ec7p kh\u00e1c nhau, \u0111\u1ea3m b\u1ea3o ho\u1ea1t \u0111\u1ed9ng \u1ed5n \u0111\u1ecbnh c\u1ee7a [\u2026]<\/p>","protected":false},"featured_media":2300,"comment_status":"open","ping_status":"closed","template":"","meta":{"_et_pb_use_builder":"","_et_pb_old_content":"","_et_gb_content_width":""},"product_brand":[],"product_cat":[57],"product_tag":[],"class_list":{"0":"post-2297","1":"product","2":"type-product","3":"status-publish","4":"has-post-thumbnail","6":"product_cat-irrigation-gearbox","8":"first","9":"instock","10":"shipping-taxable","11":"product-type-simple"},"_links":{"self":[{"href":"https:\/\/fmp-components.com\/vi\/wp-json\/wp\/v2\/product\/2297","targetHints":{"allow":["GET"]}}],"collection":[{"href":"https:\/\/fmp-components.com\/vi\/wp-json\/wp\/v2\/product"}],"about":[{"href":"https:\/\/fmp-components.com\/vi\/wp-json\/wp\/v2\/types\/product"}],"replies":[{"embeddable":true,"href":"https:\/\/fmp-components.com\/vi\/wp-json\/wp\/v2\/comments?post=2297"}],"wp:featuredmedia":[{"embeddable":true,"href":"https:\/\/fmp-components.com\/vi\/wp-json\/wp\/v2\/media\/2300"}],"wp:attachment":[{"href":"https:\/\/fmp-components.com\/vi\/wp-json\/wp\/v2\/media?parent=2297"}],"wp:term":[{"taxonomy":"product_brand","embeddable":true,"href":"https:\/\/fmp-components.com\/vi\/wp-json\/wp\/v2\/product_brand?post=2297"},{"taxonomy":"product_cat","embeddable":true,"href":"https:\/\/fmp-components.com\/vi\/wp-json\/wp\/v2\/product_cat?post=2297"},{"taxonomy":"product_tag","embeddable":true,"href":"https:\/\/fmp-components.com\/vi\/wp-json\/wp\/v2\/product_tag?post=2297"}],"curies":[{"name":"wp","href":"https:\/\/api.w.org\/{rel}","templated":true}]}}