{"id":2233,"date":"2024-12-31T02:30:52","date_gmt":"2024-12-31T02:30:52","guid":{"rendered":"https:\/\/fmp-components.com\/?page_id=8"},"modified":"2024-12-31T02:48:33","modified_gmt":"2024-12-31T02:48:33","slug":"rotary-cutter-gearboxes-replacement-of-omni-code-rc-51-gearbox","status":"publish","type":"product","link":"https:\/\/fmp-components.com\/vi\/product\/rotary-cutter-gearboxes-replacement-of-omni-code-rc-51-gearbox\/","title":{"rendered":"H\u1ed9p s\u1ed1 m\u00e1y c\u1eaft quay \u2013 Thay th\u1ebf h\u1ed9p s\u1ed1 Omni Code RC-51"},"content":{"rendered":"<h2>Th\u00f4ng s\u1ed1 k\u1ef9 thu\u1eadt h\u1ed9p s\u1ed1 m\u00e1y c\u1eaft quay RC51<\/h2>\n<p><img loading=\"lazy\" decoding=\"async\" class=\"alignnone size-full wp-image-2235\" src=\"https:\/\/fmp-components.com\/wp-content\/uploads\/2024\/12\/RC51-Rotary-Cutter-Gearbox-Specifications.webp\" alt=\"Th\u00f4ng s\u1ed1 k\u1ef9 thu\u1eadt h\u1ed9p s\u1ed1 m\u00e1y c\u1eaft quay RC51\" width=\"1135\" height=\"717\" title=\"\" srcset=\"https:\/\/fmp-components.com\/wp-content\/uploads\/2024\/12\/RC51-Rotary-Cutter-Gearbox-Specifications.webp 1135w, https:\/\/fmp-components.com\/wp-content\/uploads\/2024\/12\/RC51-Rotary-Cutter-Gearbox-Specifications-980x619.webp 980w, https:\/\/fmp-components.com\/wp-content\/uploads\/2024\/12\/RC51-Rotary-Cutter-Gearbox-Specifications-480x303.webp 480w\" sizes=\"(min-width: 0px) and (max-width: 480px) 480px, (min-width: 481px) and (max-width: 980px) 980px, (min-width: 981px) 1135px, 100vw\" \/><\/p>\n<table style=\"width: 98.1133%; height: 333px;\" border=\"1\" cellspacing=\"0\" cellpadding=\"0\">\n<tbody>\n<tr>\n<td style=\"width: 34.0308%;\">Ng\u01b0\u1eddi m\u1eabu<\/td>\n<td style=\"width: 65.7489%;\">H\u1ed9p s\u1ed1 m\u00e1y c\u1eaft quay FMP-RC51<\/td>\n<\/tr>\n<tr>\n<td style=\"width: 34.0308%;\">M\u00f4-men xo\u1eafn<\/td>\n<td style=\"width: 65.7489%;\">2.800 \u2013 4.667 lb.-in.<br \/>\n(316 \u2013 527 Nm.)<\/td>\n<\/tr>\n<tr>\n<td style=\"width: 34.0308%;\">T\u1ef7 l\u1ec7<\/td>\n<td style=\"width: 65.7489%;\">1:1.47, 1:1.71, 1:1.93<\/td>\n<\/tr>\n<tr>\n<td style=\"width: 34.0308%;\">Lo\u1ea1i b\u00e1nh r\u0103ng<\/td>\n<td style=\"width: 65.7489%;\">V\u00e1t<\/td>\n<\/tr>\n<tr>\n<td style=\"width: 34.0308%;\">Lo\u1ea1i ni\u00eam phong<\/td>\n<td style=\"width: 65.7489%;\">L\u00f2 xo ba m\u00f4i<\/td>\n<\/tr>\n<tr>\n<td style=\"width: 34.0308%;\">Lo\u1ea1i v\u00f2ng bi<\/td>\n<td style=\"width: 65.7489%;\">Con l\u0103n c\u00f4n,<br \/>\nB\u00f3ng r\u00e3nh s\u00e2u<\/td>\n<\/tr>\n<tr>\n<td style=\"width: 34.0308%;\">C\u00f4ng su\u1ea5t d\u1ea7u<\/td>\n<td style=\"width: 65.7489%;\">27 ounce<br \/>\n(0,80 L)<\/td>\n<\/tr>\n<tr>\n<td style=\"width: 34.0308%;\">C\u00e2n n\u1eb7ng<\/td>\n<td style=\"width: 65.7489%;\">56 pound<br \/>\n(25,4 kg)<\/td>\n<\/tr>\n<\/tbody>\n<\/table>\n<h2>H\u1ed9p s\u1ed1 RC51 d\u00e0nh cho m\u00e1y c\u1eaft quay.<\/h2>\n<p>H\u1ed9p s\u1ed1 m\u00e1y c\u1eaft quay RC51 l\u00e0 h\u1ed9p s\u1ed1 hi\u1ec7u su\u1ea5t cao \u0111\u01b0\u1ee3c thi\u1ebft k\u1ebf \u0111\u1eb7c bi\u1ec7t cho m\u00e1y c\u1eaft quay, cung c\u1ea5p kh\u1ea3 n\u0103ng truy\u1ec1n t\u1ea3i \u0111i\u1ec7n n\u0103ng v\u01b0\u1ee3t tr\u1ed9i v\u00e0 \u0111\u1ed9 b\u1ec1n cao cho c\u00e1c \u1ee9ng d\u1ee5ng n\u00f4ng nghi\u1ec7p v\u00e0 b\u1ea3o d\u01b0\u1ee1ng \u0111\u1ea5t \u0111ai \u0111\u00f2i h\u1ecfi kh\u1eaft khe. \u0110\u01b0\u1ee3c thi\u1ebft k\u1ebf \u0111\u1ec3 v\u1eadn h\u00e0nh hi\u1ec7u qu\u1ea3 v\u00e0 \u0111\u1ed9 tin c\u1eady l\u00e2u d\u00e0i, h\u1ed9p s\u1ed1 RC51 l\u00e0 gi\u1ea3i ph\u00e1p l\u00fd t\u01b0\u1edfng cho nh\u1eefng ng\u01b0\u1eddi v\u1eadn h\u00e0nh \u0111ang t\u00ecm ki\u1ebfm hi\u1ec7u su\u1ea5t t\u1ed1i \u01b0u cho thi\u1ebft b\u1ecb c\u1eaft quay c\u1ee7a h\u1ecd.<\/p>\n<ol>\n<li>C\u00f4ng su\u1ea5t cao (50 HP)<br \/>\nH\u1ed9p s\u1ed1 RC51 \u0111\u01b0\u1ee3c thi\u1ebft k\u1ebf \u0111\u1ec3 ch\u1ecbu \u0111\u01b0\u1ee3c c\u00f4ng su\u1ea5t l\u00ean \u0111\u1ebfn 50 m\u00e3 l\u1ef1c, ph\u00f9 h\u1ee3p v\u1edbi c\u00e1c m\u00e1y c\u1eaft c\u1ecf quay l\u1edbn h\u01a1n v\u00e0 m\u1ea1nh m\u1ebd h\u01a1n. N\u00f3 cung c\u1ea5p s\u1ee9c m\u1ea1nh c\u1ea7n thi\u1ebft cho vi\u1ec7c c\u1eaft c\u1ecf, d\u1ecdn d\u1eb9p \u0111\u1ea5t v\u00e0 c\u00e1c c\u00f4ng vi\u1ec7c n\u00f4ng nghi\u1ec7p kh\u00e1c, \u0111\u1ea3m b\u1ea3o hi\u1ec7u su\u1ea5t c\u1eaft t\u1ed1i \u01b0u ngay c\u1ea3 trong \u0111i\u1ec1u ki\u1ec7n kh\u1eafc nghi\u1ec7t nh\u1ea5t.<\/li>\n<li>K\u1ebft c\u1ea5u b\u1ec1n b\u1ec9 v\u00e0 ch\u1eafc ch\u1eafn<br \/>\nH\u1ed9p s\u1ed1 \u0111\u01b0\u1ee3c ch\u1ebf t\u1ea1o t\u1eeb c\u00e1c v\u1eadt li\u1ec7u ch\u1ea5t l\u01b0\u1ee3ng cao, ch\u1ecbu l\u1ef1c t\u1ed1t, \u0111\u1ea3m b\u1ea3o \u0111\u1ed9 b\u1ec1n v\u00e0 kh\u1ea3 n\u0103ng ch\u1ed1ng m\u00e0i m\u00f2n, ngay c\u1ea3 trong \u0111i\u1ec1u ki\u1ec7n ho\u1ea1t \u0111\u1ed9ng kh\u1eafc nghi\u1ec7t. C\u1ea5u tr\u00fac ch\u1eafc ch\u1eafn n\u00e0y gi\u00fap gi\u1ea3m thi\u1ec3u nhu c\u1ea7u s\u1eeda ch\u1eefa v\u00e0 thay th\u1ebf th\u01b0\u1eddng xuy\u00ean, mang l\u1ea1i gi\u1ea3i ph\u00e1p ti\u1ebft ki\u1ec7m chi ph\u00ed cho vi\u1ec7c s\u1eed d\u1ee5ng l\u00e2u d\u00e0i.<\/li>\n<li>Truy\u1ec1n t\u1ea3i \u0111i\u1ec7n hi\u1ec7u qu\u1ea3<br \/>\nH\u1ed9p s\u1ed1 RC51 \u0111\u01b0\u1ee3c thi\u1ebft k\u1ebf \u0111\u1ec3 truy\u1ec1n c\u00f4ng su\u1ea5t t\u1eeb \u200b\u200btr\u1ee5c PTO \u0111\u1ebfn c\u00e1c l\u01b0\u1ee1i c\u1eaft quay v\u1edbi hi\u1ec7u su\u1ea5t t\u1ed1i \u0111a. \u0110i\u1ec1u n\u00e0y gi\u00fap gi\u1ea3m thi\u1ec3u t\u1ed5n th\u1ea5t n\u0103ng l\u01b0\u1ee3ng, d\u1eabn \u0111\u1ebfn hi\u1ec7u su\u1ea5t \u0111\u01b0\u1ee3c n\u00e2ng cao v\u00e0 ti\u1ebft ki\u1ec7m nhi\u00ean li\u1ec7u h\u01a1n, \u0111i\u1ec1u r\u1ea5t quan tr\u1ecdng \u0111\u1ec3 gi\u1ea3m chi ph\u00ed v\u1eadn h\u00e0nh trong c\u00e1c ho\u1ea1t \u0111\u1ed9ng n\u00f4ng nghi\u1ec7p quy m\u00f4 l\u1edbn.<\/li>\n<li>T\u1ea3n nhi\u1ec7t v\u01b0\u1ee3t tr\u1ed9i<br \/>\n\u0110\u01b0\u1ee3c thi\u1ebft k\u1ebf v\u1edbi c\u00e1c t\u00ednh n\u0103ng qu\u1ea3n l\u00fd nhi\u1ec7t hi\u1ec7u qu\u1ea3, h\u1ed9p s\u1ed1 RC51 \u0111\u1ea3m b\u1ea3o ho\u1ea1t \u0111\u1ed9ng \u1edf nhi\u1ec7t \u0111\u1ed9 t\u1ed1i \u01b0u, ngay c\u1ea3 khi s\u1eed d\u1ee5ng trong th\u1eddi gian d\u00e0i. H\u1ec7 th\u1ed1ng t\u1ea3n nhi\u1ec7t ti\u00ean ti\u1ebfn n\u00e0y ng\u0103n ng\u1eeba hi\u1ec7n t\u01b0\u1ee3ng qu\u00e1 nhi\u1ec7t, gi\u1ea3m hao m\u00f2n c\u00e1c b\u1ed9 ph\u1eadn b\u00ean trong v\u00e0 k\u00e9o d\u00e0i tu\u1ed5i th\u1ecd c\u1ee7a h\u1ed9p s\u1ed1.<\/li>\n<li>D\u1ec5 b\u1ea3o tr\u00ec<br \/>\nH\u1ed9p s\u1ed1 RC51 \u0111\u01b0\u1ee3c thi\u1ebft k\u1ebf \u0111\u1ec3 d\u1ec5 b\u1ea3o tr\u00ec v\u1edbi c\u00e1c t\u00ednh n\u0103ng nh\u01b0 v\u00f2ng bi k\u00edn v\u00e0 c\u00e1c b\u1ed9 ph\u1eadn b\u00ean trong d\u1ec5 ti\u1ebfp c\u1eadn. \u0110i\u1ec1u n\u00e0y gi\u00fap \u0111\u01a1n gi\u1ea3n h\u00f3a c\u00e1c c\u00f4ng vi\u1ec7c b\u1ea3o tr\u00ec \u0111\u1ecbnh k\u1ef3 nh\u01b0 b\u00f4i tr\u01a1n v\u00e0 ki\u1ec3m tra, gi\u1ea3m th\u1eddi gian ng\u1eebng ho\u1ea1t \u0111\u1ed9ng v\u00e0 gi\u00fap thi\u1ebft b\u1ecb c\u1ee7a b\u1ea1n v\u1eadn h\u00e0nh hi\u1ec7u qu\u1ea3 v\u1edbi n\u1ed7 l\u1ef1c t\u1ed1i thi\u1ec3u.<\/li>\n<\/ol>\n<p>H\u1ed9p s\u1ed1 m\u00e1y c\u1eaft quay RC51 l\u00e0 gi\u1ea3i ph\u00e1p m\u1ea1nh m\u1ebd v\u00e0 hi\u1ec7u qu\u1ea3 d\u00e0nh cho m\u00e1y c\u1eaft quay, \u0111\u01b0\u1ee3c thi\u1ebft k\u1ebf \u0111\u1ec3 x\u1eed l\u00fd c\u00e1c c\u00f4ng vi\u1ec7c n\u1eb7ng nh\u1ecdc trong n\u00f4ng nghi\u1ec7p v\u00e0 c\u00f4ng nghi\u1ec7p. Kh\u1ea3 n\u0103ng c\u00f4ng su\u1ea5t cao, \u0111\u1ed9 b\u1ec1n, truy\u1ec1n t\u1ea3i \u0111i\u1ec7n n\u0103ng hi\u1ec7u qu\u1ea3 v\u00e0 c\u00e1c t\u00ednh n\u0103ng b\u1ea3o tr\u00ec d\u1ec5 d\u00e0ng khi\u1ebfn n\u00f3 tr\u1edf th\u00e0nh l\u1ef1a ch\u1ecdn tuy\u1ec7t v\u1eddi cho nh\u1eefng ng\u01b0\u1eddi v\u1eadn h\u00e0nh t\u00ecm ki\u1ebfm \u0111\u1ed9 tin c\u1eady, hi\u1ec7u su\u1ea5t v\u00e0 ti\u1ebft ki\u1ec7m chi ph\u00ed l\u00e2u d\u00e0i. Cho d\u00f9 l\u00e0 \u0111\u1ec3 d\u1ecdn \u0111\u1ea5t, c\u1eaft c\u1ecf hay c\u00e1c c\u00f4ng vi\u1ec7c c\u1eaft quay kh\u00e1c, h\u1ed9p s\u1ed1 RC51 \u0111\u1ec1u cung c\u1ea5p s\u1ee9c m\u1ea1nh v\u00e0 \u0111\u1ed9 tin c\u1eady c\u1ea7n thi\u1ebft \u0111\u1ec3 ho\u00e0n th\u00e0nh c\u00f4ng vi\u1ec7c m\u1ed9t c\u00e1ch hi\u1ec7u qu\u1ea3 v\u00e0 n\u0103ng su\u1ea5t.<\/p>\n<table style=\"border-collapse: collapse; width: 102.047%; height: 108px;\" border=\"0\" width=\"128\" cellspacing=\"0\" cellpadding=\"0\">\n<tbody>\n<tr style=\"height: 13.8pt;\">\n<td style=\"height: 13.8pt; width: 48pt;\" align=\"right\" width=\"64\" height=\"18\"><img loading=\"lazy\" decoding=\"async\" class=\"alignnone size-full wp-image-2240\" src=\"https:\/\/fmp-components.com\/wp-content\/uploads\/2024\/12\/Agricultural-PTO-Shaft-for-Rotary-Cutter-Gearbox-21.webp\" alt=\"\" width=\"800\" height=\"552\" title=\"\" srcset=\"https:\/\/fmp-components.com\/wp-content\/uploads\/2024\/12\/Agricultural-PTO-Shaft-for-Rotary-Cutter-Gearbox-21.webp 800w, https:\/\/fmp-components.com\/wp-content\/uploads\/2024\/12\/Agricultural-PTO-Shaft-for-Rotary-Cutter-Gearbox-21-480x331.webp 480w\" sizes=\"(min-width: 0px) and (max-width: 480px) 480px, (min-width: 481px) 800px, 100vw\" \/><\/td>\n<td style=\"width: 48pt;\" align=\"right\" width=\"64\"><img loading=\"lazy\" decoding=\"async\" class=\"alignnone size-full wp-image-2241\" src=\"https:\/\/fmp-components.com\/wp-content\/uploads\/2024\/12\/Agricultural-PTO-Shaft-for-Rotary-Cutter-Gearbox-11.webp\" alt=\"\" width=\"800\" height=\"552\" title=\"\" srcset=\"https:\/\/fmp-components.com\/wp-content\/uploads\/2024\/12\/Agricultural-PTO-Shaft-for-Rotary-Cutter-Gearbox-11.webp 800w, https:\/\/fmp-components.com\/wp-content\/uploads\/2024\/12\/Agricultural-PTO-Shaft-for-Rotary-Cutter-Gearbox-11-480x331.webp 480w\" sizes=\"(min-width: 0px) and (max-width: 480px) 480px, (min-width: 481px) 800px, 100vw\" \/><\/td>\n<\/tr>\n<\/tbody>\n<\/table>\n<h2>Tr\u1ee5c PTO n\u00f4ng nghi\u1ec7p cho h\u1ed9p s\u1ed1 m\u00e1y c\u1eaft quay<\/h2>\n<p>Tr\u1ee5c truy\u1ec1n \u0111\u1ed9ng PTO n\u00f4ng nghi\u1ec7p cho h\u1ed9p s\u1ed1 m\u00e1y c\u1eaft c\u1ecf l\u00e0 m\u1ed9t b\u1ed9 ph\u1eadn quan tr\u1ecdng \u0111\u01b0\u1ee3c thi\u1ebft k\u1ebf \u0111\u1ec3 truy\u1ec1n t\u1ea3i c\u00f4ng su\u1ea5t hi\u1ec7u qu\u1ea3 t\u1eeb h\u1ec7 th\u1ed1ng truy\u1ec1n \u0111\u1ed9ng PTO (Power Take-Off) c\u1ee7a m\u00e1y k\u00e9o \u0111\u1ebfn h\u1ed9p s\u1ed1 m\u00e1y c\u1eaft c\u1ecf. Tr\u1ee5c n\u00e0y \u0111\u01b0\u1ee3c ch\u1ebf t\u1ea1o \u0111\u1ec3 ch\u1ecbu \u0111\u01b0\u1ee3c t\u1ea3i tr\u1ecdng m\u00f4-men xo\u1eafn cao v\u00e0 \u0111\u1ea3m b\u1ea3o ho\u1ea1t \u0111\u1ed9ng tr\u01a1n tru, \u0111\u00e1ng tin c\u1eady c\u1ee7a m\u00e1y c\u1eaft c\u1ecf trong nhi\u1ec1u \u1ee9ng d\u1ee5ng n\u00f4ng nghi\u1ec7p kh\u00e1c nhau, ch\u1eb3ng h\u1ea1n nh\u01b0 c\u1eaft c\u1ecf, x\u00e9n c\u1ecf v\u00e0 d\u1ecdn \u0111\u1ea5t.<\/p>\n<p>\u0110\u01b0\u1ee3c ch\u1ebf t\u1ea1o t\u1eeb v\u1eadt li\u1ec7u c\u00f3 \u0111\u1ed9 b\u1ec1n cao, tr\u1ee5c PTO \u0111\u01b0\u1ee3c thi\u1ebft k\u1ebf \u0111\u1ec3 c\u00f3 \u0111\u1ed9 b\u1ec1n v\u01b0\u1ee3t tr\u1ed9i, c\u00f3 kh\u1ea3 n\u0103ng ch\u1ecbu \u0111\u01b0\u1ee3c c\u00e1c \u0111i\u1ec1u ki\u1ec7n kh\u1eafc nghi\u1ec7t th\u01b0\u1eddng g\u1eb7p trong m\u00f4i tr\u01b0\u1eddng n\u00f4ng nghi\u1ec7p. Thi\u1ebft k\u1ebf ch\u1eafc ch\u1eafn c\u1ee7a n\u00f3 \u0111\u1ea3m b\u1ea3o hi\u1ec7u su\u1ea5t l\u00e2u d\u00e0i, gi\u1ea3m nguy c\u01a1 hao m\u00f2n v\u00e0 gi\u1ea3m thi\u1ec3u nhu c\u1ea7u thay th\u1ebf ho\u1eb7c s\u1eeda ch\u1eefa th\u01b0\u1eddng xuy\u00ean.<\/p>\n<p>Tr\u1ee5c \u0111\u01b0\u1ee3c thi\u1ebft k\u1ebf \u0111\u1ec3 d\u1ec5 d\u00e0ng l\u1eafp \u0111\u1eb7t v\u00e0 t\u01b0\u01a1ng th\u00edch v\u1edbi nhi\u1ec1u lo\u1ea1i h\u1ed9p s\u1ed1 m\u00e1y c\u1eaft quay, bao g\u1ed3m c\u1ea3 nh\u1eefng lo\u1ea1i c\u00f3 c\u1ea5u h\u00ecnh l\u1eafp \u0111\u1eb7t kh\u00e1c nhau. T\u00ednh linh ho\u1ea1t n\u00e0y cho ph\u00e9p n\u00f4ng d\u00e2n v\u00e0 ng\u01b0\u1eddi v\u1eadn h\u00e0nh nhanh ch\u00f3ng t\u00edch h\u1ee3p tr\u1ee5c PTO v\u00e0o thi\u1ebft b\u1ecb hi\u1ec7n c\u00f3, c\u1ea3i thi\u1ec7n hi\u1ec7u qu\u1ea3 v\u00e0 gi\u1ea3m th\u1eddi gian ng\u1eebng ho\u1ea1t \u0111\u1ed9ng trong qu\u00e1 tr\u00ecnh thi\u1ebft l\u1eadp.<\/p>\n<p>\u0110\u01b0\u1ee3c trang b\u1ecb c\u00e1c kh\u1edbp n\u1ed1i v\u1ea1n n\u0103ng ch\u1ea5t l\u01b0\u1ee3ng cao, tr\u1ee5c PTO \u0111\u1ea3m b\u1ea3o truy\u1ec1n t\u1ea3i c\u00f4ng su\u1ea5t m\u01b0\u1ee3t m\u00e0 \u0111\u1ed3ng th\u1eddi \u0111\u00e1p \u1ee9ng chuy\u1ec3n \u0111\u1ed9ng quay c\u1ee7a m\u00e1y k\u00e9o v\u00e0 m\u00e1y c\u1eaft quay. C\u00e1c kh\u1edbp n\u1ed1i v\u1ea1n n\u0103ng c\u0169ng gi\u00fap gi\u1ea3m thi\u1ec3u rung \u0111\u1ed9ng, t\u1eeb \u0111\u00f3 n\u00e2ng cao hi\u1ec7u qu\u1ea3 ho\u1ea1t \u0111\u1ed9ng v\u00e0 k\u00e9o d\u00e0i tu\u1ed5i th\u1ecd c\u1ee7a c\u1ea3 tr\u1ee5c PTO v\u00e0 h\u1ed9p s\u1ed1.<\/p>\n<p>Nh\u00ecn chung, tr\u1ee5c PTO n\u00f4ng nghi\u1ec7p d\u00e0nh cho h\u1ed9p s\u1ed1 m\u00e1y c\u1eaft quay mang l\u1ea1i \u0111\u1ed9 tin c\u1eady, hi\u1ec7u su\u1ea5t v\u00e0 s\u1ef1 d\u1ec5 s\u1eed d\u1ee5ng v\u01b0\u1ee3t tr\u1ed9i, tr\u1edf th\u00e0nh m\u1ed9t b\u1ed9 ph\u1eadn thi\u1ebft y\u1ebfu \u0111\u1ec3 \u0111\u1ea3m b\u1ea3o ho\u1ea1t \u0111\u1ed9ng hi\u1ec7u qu\u1ea3 c\u1ee7a m\u00e1y c\u1eaft quay trong nhi\u1ec1u c\u00f4ng vi\u1ec7c n\u00f4ng nghi\u1ec7p kh\u00e1c nhau. N\u00f3 h\u1ed7 tr\u1ee3 ho\u1ea1t \u0111\u1ed9ng tr\u01a1n tru c\u1ee7a to\u00e0n b\u1ed9 h\u1ec7 th\u1ed1ng, g\u00f3p ph\u1ea7n t\u0103ng n\u0103ng su\u1ea5t v\u00e0 gi\u1ea3m chi ph\u00ed b\u1ea3o tr\u00ec.<\/p>\n<table style=\"border-collapse: collapse; width: 101.5%; height: 29px;\" border=\"0\" width=\"128\" cellspacing=\"0\" cellpadding=\"0\">\n<tbody>\n<tr style=\"height: 13.8pt;\">\n<td style=\"height: 13.8pt; width: 48pt;\" align=\"right\" width=\"64\" height=\"18\"><img loading=\"lazy\" decoding=\"async\" class=\"alignnone size-full wp-image-2239\" src=\"https:\/\/fmp-components.com\/wp-content\/uploads\/2024\/12\/RC51-Rotary-Cutter-Gearbox-for-Rotary-Cutters-11.webp\" alt=\"\" width=\"1069\" height=\"676\" title=\"\" srcset=\"https:\/\/fmp-components.com\/wp-content\/uploads\/2024\/12\/RC51-Rotary-Cutter-Gearbox-for-Rotary-Cutters-11.webp 1069w, https:\/\/fmp-components.com\/wp-content\/uploads\/2024\/12\/RC51-Rotary-Cutter-Gearbox-for-Rotary-Cutters-11-980x620.webp 980w, https:\/\/fmp-components.com\/wp-content\/uploads\/2024\/12\/RC51-Rotary-Cutter-Gearbox-for-Rotary-Cutters-11-480x304.webp 480w\" sizes=\"(min-width: 0px) and (max-width: 480px) 480px, (min-width: 481px) and (max-width: 980px) 980px, (min-width: 981px) 1069px, 100vw\" \/><\/td>\n<td style=\"width: 48pt;\" align=\"right\" width=\"64\"><img loading=\"lazy\" decoding=\"async\" class=\"alignnone size-full wp-image-2238\" src=\"https:\/\/fmp-components.com\/wp-content\/uploads\/2024\/12\/RC51-Rotary-Cutter-Gearbox-for-Rotary-Cutters-21.webp\" alt=\"\" width=\"1069\" height=\"676\" title=\"\" srcset=\"https:\/\/fmp-components.com\/wp-content\/uploads\/2024\/12\/RC51-Rotary-Cutter-Gearbox-for-Rotary-Cutters-21.webp 1069w, https:\/\/fmp-components.com\/wp-content\/uploads\/2024\/12\/RC51-Rotary-Cutter-Gearbox-for-Rotary-Cutters-21-980x620.webp 980w, https:\/\/fmp-components.com\/wp-content\/uploads\/2024\/12\/RC51-Rotary-Cutter-Gearbox-for-Rotary-Cutters-21-480x304.webp 480w\" sizes=\"(min-width: 0px) and (max-width: 480px) 480px, (min-width: 481px) and (max-width: 980px) 980px, (min-width: 981px) 1069px, 100vw\" \/><\/td>\n<\/tr>\n<\/tbody>\n<\/table>\n<p>&nbsp;<\/p>\n<h3>Gi\u1edbi thi\u1ec7u v\u1ec1 FMP<\/h3>\n<p>C\u00f3 tr\u1ee5 s\u1edf ch\u00ednh t\u1ea1i \u00dd, FMP l\u00e0 nh\u00e0 s\u1ea3n xu\u1ea5t h\u00e0ng \u0111\u1ea7u, n\u1ed5i ti\u1ebfng v\u1edbi chuy\u00ean m\u00f4n trong thi\u1ebft k\u1ebf, ph\u00e1t tri\u1ec3n v\u00e0 s\u1ea3n xu\u1ea5t h\u1ed9p s\u1ed1 hi\u1ec7u su\u1ea5t cao, \u0111\u1eb7c bi\u1ec7t t\u1eadp trung v\u00e0o l\u0129nh v\u1ef1c m\u00e1y m\u00f3c n\u00f4ng nghi\u1ec7p. V\u1edbi uy t\u00edn v\u1ec1 k\u1ef9 thu\u1eadt ch\u00ednh x\u00e1c, gi\u1ea3i ph\u00e1p s\u00e1ng t\u1ea1o v\u00e0 \u0111\u1ed9 tin c\u1eady tuy\u1ec7t \u0111\u1ed1i, FMP \u0111\u00e3 tr\u1edf th\u00e0nh \u0111\u1ed1i t\u00e1c \u0111\u00e1ng tin c\u1eady trong vi\u1ec7c \u0111\u00e1p \u1ee9ng nhu c\u1ea7u ng\u00e0y c\u00e0ng cao c\u1ee7a c\u1ea3 l\u0129nh v\u1ef1c n\u00f4ng nghi\u1ec7p v\u00e0 c\u00f4ng nghi\u1ec7p. Danh m\u1ee5c s\u1ea3n ph\u1ea9m \u0111a d\u1ea1ng c\u1ee7a ch\u00fang t\u00f4i bao g\u1ed3m h\u1ed9p s\u1ed1 chuy\u00ean d\u1ee5ng cho m\u00e1y c\u1eaft c\u1ecf, tr\u1ee5c PTO v\u00e0 c\u00e1c linh ki\u1ec7n thi\u1ebft y\u1ebfu kh\u00e1c, t\u1ea5t c\u1ea3 \u0111\u1ec1u \u0111\u01b0\u1ee3c thi\u1ebft k\u1ebf t\u1ec9 m\u1ec9 \u0111\u1ec3 cung c\u1ea5p c\u00e1c gi\u1ea3i ph\u00e1p t\u00f9y ch\u1ec9nh cho nhi\u1ec1u \u1ee9ng d\u1ee5ng kh\u00e1c nhau.<\/p>\n<p>T\u1ea1i FMP, ch\u00fang t\u00f4i hi\u1ec3u r\u1eb1ng m\u1ed7i kh\u00e1ch h\u00e0ng \u0111\u1ec1u c\u00f3 nh\u1eefng y\u00eau c\u1ea7u v\u00e0 th\u00e1ch th\u1ee9c ri\u00eang. \u0110\u00f3 l\u00e0 l\u00fd do t\u1ea1i sao ch\u00fang t\u00f4i chuy\u00ean cung c\u1ea5p c\u00e1c gi\u1ea3i ph\u00e1p \u0111\u01b0\u1ee3c thi\u1ebft k\u1ebf ri\u00eang, d\u00f9 l\u00e0 cho t\u1eebng th\u00e0nh ph\u1ea7n ri\u00eang l\u1ebb hay h\u1ec7 th\u1ed1ng t\u00edch h\u1ee3p ho\u00e0n ch\u1ec9nh. Ch\u00fang t\u00f4i h\u1ee3p t\u00e1c ch\u1eb7t ch\u1ebd v\u1edbi kh\u00e1ch h\u00e0ng \u0111\u1ec3 \u0111\u1ea3m b\u1ea3o m\u1ecdi gi\u1ea3i ph\u00e1p kh\u00f4ng ch\u1ec9 hi\u1ec7u qu\u1ea3 m\u00e0 c\u00f2n t\u1ed1i \u01b0u h\u00f3a c\u1ea3 hi\u1ec7u su\u1ea5t v\u00e0 gi\u00e1 tr\u1ecb. Cam k\u1ebft cung c\u1ea5p ph\u1ea3n h\u1ed3i nhanh ch\u00f3ng, chuy\u00ean nghi\u1ec7p, c\u00f9ng v\u1edbi s\u1ef1 h\u01b0\u1edbng d\u1eabn chuy\u00ean m\u00f4n, \u0111\u1ea3m b\u1ea3o m\u1ecdi th\u1eafc m\u1eafc \u0111\u1ec1u \u0111\u01b0\u1ee3c x\u1eed l\u00fd v\u1edbi s\u1ef1 t\u1eadn t\u00e2m v\u00e0 ch\u00ednh x\u00e1c t\u1ed1i \u0111a, mang l\u1ea1i k\u1ebft qu\u1ea3 t\u1ed1t nh\u1ea5t c\u00f3 th\u1ec3.<\/p>\n<p>Ch\u00fang t\u00f4i \u01b0u ti\u00ean giao ti\u1ebfp c\u1edfi m\u1edf v\u00e0 li\u00ean t\u1ee5c trong su\u1ed1t qu\u00e1 tr\u00ecnh ph\u00e1t tri\u1ec3n s\u1ea3n ph\u1ea9m. \u0110\u1ed9i ng\u0169 t\u1eadn t\u00e2m c\u1ee7a ch\u00fang t\u00f4i l\u00e0m vi\u1ec7c tr\u1ef1c ti\u1ebfp v\u1edbi kh\u00e1ch h\u00e0ng \u0111\u1ec3 hi\u1ec3u r\u00f5 nhu c\u1ea7u c\u1ee5 th\u1ec3 c\u1ee7a h\u1ecd, cung c\u1ea5p nh\u1eefng hi\u1ec3u bi\u1ebft s\u00e2u s\u1eafc v\u00e0 \u0111\u1ec1 xu\u1ea5t gi\u00e1 tr\u1ecb nh\u1eb1m \u0111\u1ea3m b\u1ea3o c\u00e1c gi\u1ea3i ph\u00e1p t\u1ed1i \u01b0u. D\u00f9 l\u00e0 thi\u1ebft k\u1ebf s\u1ea3n ph\u1ea9m s\u00e1ng t\u1ea1o hay ho\u00e0n th\u00e0nh c\u00e1c \u0111\u01a1n h\u00e0ng \u0111ang tri\u1ec3n khai, FMP lu\u00f4n cam k\u1ebft cung c\u1ea5p c\u00e1c gi\u1ea3i ph\u00e1p ch\u1ea5t l\u01b0\u1ee3ng cao, \u0111\u01b0\u1ee3c thi\u1ebft k\u1ebf ch\u00ednh x\u00e1c, \u0111\u00fang th\u1eddi h\u1ea1n. M\u1ee5c ti\u00eau c\u1ee7a ch\u00fang t\u00f4i l\u00e0 mang \u0111\u1ebfn cho kh\u00e1ch h\u00e0ng d\u1ecbch v\u1ee5 v\u00e0 k\u1ebft qu\u1ea3 t\u1ed1t nh\u1ea5t, v\u01b0\u1ee3t tr\u00ean c\u1ea3 mong \u0111\u1ee3i trong m\u1ecdi d\u1ef1 \u00e1n.<\/p>\n<p>Ch\u1ea5t l\u01b0\u1ee3ng l\u00e0 n\u1ec1n t\u1ea3ng cho m\u1ecdi ho\u1ea1t \u0111\u1ed9ng c\u1ee7a FMP. Ch\u00fang t\u00f4i tu\u00e2n th\u1ee7 c\u00e1c ti\u00eau chu\u1ea9n s\u1ea3n xu\u1ea5t cao nh\u1ea5t, th\u1ef1c hi\u1ec7n c\u00e1c bi\u1ec7n ph\u00e1p ki\u1ec3m so\u00e1t ch\u1ea5t l\u01b0\u1ee3ng nghi\u00eam ng\u1eb7t \u0111\u1ec3 \u0111\u1ea3m b\u1ea3o m\u1ed7i s\u1ea3n ph\u1ea9m kh\u00f4ng ch\u1ec9 \u0111\u00e1p \u1ee9ng m\u00e0 c\u00f2n v\u01b0\u1ee3t xa c\u00e1c ti\u00eau chu\u1ea9n c\u1ee7a ng\u00e0nh. Cam k\u1ebft v\u1eefng ch\u1eafc v\u1ec1 ch\u1ea5t l\u01b0\u1ee3ng n\u00e0y, k\u1ebft h\u1ee3p v\u1edbi c\u00e1c gi\u00e1 tr\u1ecb c\u1ed1t l\u00f5i c\u1ee7a ch\u00fang t\u00f4i l\u00e0 ch\u00ednh tr\u1ef1c, tinh th\u1ea7n \u0111\u1ed3ng \u0111\u1ed9i v\u00e0 s\u1ef1 ki\u00ean tr\u00ec, \u0111\u00e3 gi\u00fap ch\u00fang t\u00f4i x\u00e2y d\u1ef1ng m\u1ed1i quan h\u1ec7 l\u00e2u d\u00e0i, tin c\u1eady v\u1edbi kh\u00e1ch h\u00e0ng t\u1ea1i g\u1ea7n 30 qu\u1ed1c gia tr\u00ean to\u00e0n th\u1ebf gi\u1edbi.<\/p>\n<p>FMP lu\u00f4n s\u1eb5n s\u00e0ng th\u00fac \u0111\u1ea9y quan h\u1ec7 \u0111\u1ed1i t\u00e1c to\u00e0n c\u1ea7u v\u00e0 lu\u00f4n t\u1eadn t\u00e2m cung c\u1ea5p t\u01b0 v\u1ea5n chuy\u00ean m\u00f4n v\u00e0 c\u00e1c gi\u1ea3i ph\u00e1p t\u00f9y ch\u1ec9nh \u0111\u00e1p \u1ee9ng nhu c\u1ea7u \u0111a d\u1ea1ng c\u1ee7a kh\u00e1ch h\u00e0ng. Ch\u00fang t\u00f4i kh\u00f4ng ch\u1ec9 cung c\u1ea5p s\u1ea3n ph\u1ea9m; ch\u00fang t\u00f4i h\u01b0\u1edbng \u0111\u1ebfn vi\u1ec7c x\u00e2y d\u1ef1ng c\u00e1c m\u1ed1i quan h\u1ec7 b\u1ec1n v\u1eefng, g\u00f3p ph\u1ea7n v\u00e0o th\u00e0nh c\u00f4ng c\u1ee7a m\u1ecdi d\u1ef1 \u00e1n. Cho d\u00f9 b\u1ea1n c\u1ea7n c\u00e1c gi\u1ea3i ph\u00e1p s\u00e1ng t\u1ea1o cho m\u1ed9t s\u00e1ng ki\u1ebfn m\u1edbi hay h\u1ed7 tr\u1ee3 li\u00ean t\u1ee5c cho m\u1ed9t h\u1ec7 th\u1ed1ng hi\u1ec7n c\u00f3, FMP lu\u00f4n s\u1eb5n s\u00e0ng gi\u1ea3i quy\u1ebft c\u00e1c th\u00e1ch th\u1ee9c k\u1ef9 thu\u1eadt v\u00e0 \u0111\u1ea3m b\u1ea3o s\u1ef1 th\u00e0nh c\u00f4ng li\u00ean t\u1ee5c c\u1ee7a b\u1ea1n.<\/p>\n<p><img loading=\"lazy\" decoding=\"async\" class=\"alignnone size-full wp-image-1861\" src=\"https:\/\/fmp-components.com\/wp-content\/uploads\/2024\/12\/Other-Agricultural-Gearboxes.webp\" sizes=\"(min-width: 0px) and (max-width: 480px) 480px, (min-width: 481px) and (max-width: 980px) 980px, (min-width: 981px) 1200px, 100vw\" srcset=\"https:\/\/fmp-components.com\/wp-content\/uploads\/2024\/12\/Other-Agricultural-Gearboxes.webp 1200w, https:\/\/fmp-components.com\/wp-content\/uploads\/2024\/12\/Other-Agricultural-Gearboxes-980x1143.webp 980w, https:\/\/fmp-components.com\/wp-content\/uploads\/2024\/12\/Other-Agricultural-Gearboxes-480x560.webp 480w\" alt=\"Altri-cambi-agricoli\" width=\"1200\" height=\"1400\" title=\"\"><\/p>\n<p>T\u00e1c gi\u1ea3: CX<\/p>","protected":false},"excerpt":{"rendered":"<p>RC51 Rotary Cutter Gearbox Specifications Model FMP-RC51 Rotary Cutter Gearbox Torque 2,800 &#8211; 4,667 lb.-in. (316 &#8211; 527 Nm.) Ratios 1:1.47, 1:1.71, 1:1.93 Gear Type Bevel Seal Type Triple Lip Spring Loaded Bearing Type Tapered Roller, Deep Groove Ball Oil Capacity 27 oz. (0.80 L) Weight 56 lbs. (25.4 kg.) RC51 Rotary Cutter Gearbox for [&hellip;]<\/p>","protected":false},"featured_media":2236,"comment_status":"open","ping_status":"closed","template":"","meta":{"_et_pb_use_builder":"","_et_pb_old_content":"","_et_gb_content_width":""},"product_brand":[],"product_cat":[56],"product_tag":[],"class_list":{"0":"post-2233","1":"product","2":"type-product","3":"status-publish","4":"has-post-thumbnail","6":"product_cat-rotary-cutter-gearbox","8":"first","9":"instock","10":"shipping-taxable","11":"product-type-simple"},"_links":{"self":[{"href":"https:\/\/fmp-components.com\/vi\/wp-json\/wp\/v2\/product\/2233","targetHints":{"allow":["GET"]}}],"collection":[{"href":"https:\/\/fmp-components.com\/vi\/wp-json\/wp\/v2\/product"}],"about":[{"href":"https:\/\/fmp-components.com\/vi\/wp-json\/wp\/v2\/types\/product"}],"replies":[{"embeddable":true,"href":"https:\/\/fmp-components.com\/vi\/wp-json\/wp\/v2\/comments?post=2233"}],"wp:featuredmedia":[{"embeddable":true,"href":"https:\/\/fmp-components.com\/vi\/wp-json\/wp\/v2\/media\/2236"}],"wp:attachment":[{"href":"https:\/\/fmp-components.com\/vi\/wp-json\/wp\/v2\/media?parent=2233"}],"wp:term":[{"taxonomy":"product_brand","embeddable":true,"href":"https:\/\/fmp-components.com\/vi\/wp-json\/wp\/v2\/product_brand?post=2233"},{"taxonomy":"product_cat","embeddable":true,"href":"https:\/\/fmp-components.com\/vi\/wp-json\/wp\/v2\/product_cat?post=2233"},{"taxonomy":"product_tag","embeddable":true,"href":"https:\/\/fmp-components.com\/vi\/wp-json\/wp\/v2\/product_tag?post=2233"}],"curies":[{"name":"wp","href":"https:\/\/api.w.org\/{rel}","templated":true}]}}