{"id":2203,"date":"2024-12-30T08:55:17","date_gmt":"2024-12-30T08:55:17","guid":{"rendered":"https:\/\/fmp-components.com\/?page_id=8"},"modified":"2025-03-20T00:46:26","modified_gmt":"2025-03-20T00:46:26","slug":"agricultural-sprayer-gearbox-replacement-of-comer-code-d21b-d21f","status":"publish","type":"product","link":"https:\/\/fmp-components.com\/vi\/product\/agricultural-sprayer-gearbox-replacement-of-comer-code-d21b-d21f\/","title":{"rendered":"H\u1ed9p s\u1ed1 m\u00e1y phun thu\u1ed1c n\u00f4ng nghi\u1ec7p \u2013 Thay th\u1ebf m\u00e3 g\u00f3c D21B D21F"},"content":{"rendered":"<h2>Th\u00f4ng s\u1ed1 k\u1ef9 thu\u1eadt c\u1ee7a H\u1ed9p s\u1ed1 m\u00e1y phun thu\u1ed1c tr\u1eeb s\u00e2u n\u00f4ng nghi\u1ec7p D21B\/D21F<\/h2>\n<p><img loading=\"lazy\" decoding=\"async\" class=\"alignnone size-full wp-image-2205\" src=\"https:\/\/fmp-components.com\/wp-content\/uploads\/2024\/12\/agricultural-sprayer-gearbox-specification-D21B-D21F.webp\" alt=\"th\u00f4ng s\u1ed1 k\u1ef9 thu\u1eadt h\u1ed9p s\u1ed1 m\u00e1y phun n\u00f4ng nghi\u1ec7p D21B-D21F\" width=\"851\" height=\"439\" title=\"\" srcset=\"https:\/\/fmp-components.com\/wp-content\/uploads\/2024\/12\/agricultural-sprayer-gearbox-specification-D21B-D21F.webp 851w, https:\/\/fmp-components.com\/wp-content\/uploads\/2024\/12\/agricultural-sprayer-gearbox-specification-D21B-D21F-480x248.webp 480w\" sizes=\"(min-width: 0px) and (max-width: 480px) 480px, (min-width: 481px) 851px, 100vw\" \/><\/p>\n<table style=\"width: 90.6811%; height: 309px;\" border=\"1\" cellspacing=\"0\" cellpadding=\"0\">\n<tbody>\n<tr>\n<td rowspan=\"2\"><strong>T\u00f4i<\/strong><\/td>\n<td rowspan=\"2\"><strong>N<sub>1<\/sub>[v\u00f2ng\/ph\u00fat]<\/strong><\/td>\n<td rowspan=\"2\"><strong>P<sub>1<\/sub>[kW]<\/strong><\/td>\n<td rowspan=\"2\"><strong>M<sub>2<\/sub>[Nm]<\/strong><\/td>\n<td colspan=\"2\"><strong>Lo\u1ea1i tr\u1ee5c<\/strong><strong><br \/>\n<\/strong><\/td>\n<td rowspan=\"2\"><strong>\u0110\u1ea7u v\u00e0o<\/strong><\/td>\n<\/tr>\n<tr>\n<td><strong>X<br \/>\n<\/strong>\u00a0<img loading=\"lazy\" decoding=\"async\" class=\"alignnone size-full wp-image-2180\" src=\"https:\/\/fmp-components.com\/wp-content\/uploads\/2024\/12\/shaft-x-3.webp\" alt=\"tr\u1ee5c-x\" width=\"81\" height=\"78\" title=\"\" srcset=\"https:\/\/fmp-components.com\/wp-content\/uploads\/2024\/12\/shaft-x-3.webp 81w, https:\/\/fmp-components.com\/wp-content\/uploads\/2024\/12\/shaft-x-3-12x12.webp 12w\" sizes=\"(max-width: 81px) 100vw, 81px\" \/><\/td>\n<td><strong>Z<img loading=\"lazy\" decoding=\"async\" class=\"size-full wp-image-2181 aligncenter\" src=\"https:\/\/fmp-components.com\/wp-content\/uploads\/2024\/12\/shaft-z.webp\" alt=\"tr\u1ee5c-z\" width=\"81\" height=\"84\" title=\"\" srcset=\"https:\/\/fmp-components.com\/wp-content\/uploads\/2024\/12\/shaft-z.webp 81w, https:\/\/fmp-components.com\/wp-content\/uploads\/2024\/12\/shaft-z-12x12.webp 12w\" sizes=\"(max-width: 81px) 100vw, 81px\" \/><\/strong><\/td>\n<\/tr>\n<tr>\n<td>3.90<br \/>\n4.90<\/td>\n<td>540<\/td>\n<td>38.9<\/td>\n<td>&#8211;<\/td>\n<td>1\u201d 3\/8 Z6<\/td>\n<td>L270 35<\/td>\n<td>X<\/td>\n<\/tr>\n<tr>\n<td>3.60<br \/>\n4.50<\/td>\n<td>540<\/td>\n<td>40.5<\/td>\n<td>&#8211;<\/td>\n<td>1\u201d 3\/8 Z6<\/td>\n<td>L165 40<\/td>\n<td>X<\/td>\n<\/tr>\n<tr>\n<td>3.60<br \/>\n4.50<\/td>\n<td>540<\/td>\n<td>47.8<\/td>\n<td>&#8211;<\/td>\n<td>1\u201d 3\/8 Z6<\/td>\n<td>L286 40<\/td>\n<td>X<\/td>\n<\/tr>\n<tr>\n<td>2.90<br \/>\n3.90<\/td>\n<td>540<\/td>\n<td>41.2<\/td>\n<td>&#8211;<\/td>\n<td>1\u201d 3\/8 Z6<\/td>\n<td>L221 35<\/td>\n<td>X<\/td>\n<\/tr>\n<\/tbody>\n<\/table>\n<h3>C\u00e1c th\u00e0nh ph\u1ea7n ch\u00ednh c\u1ee7a h\u1ed9p s\u1ed1 m\u00e1y phun n\u00f4ng nghi\u1ec7p<\/h3>\n<p>C\u00e1c th\u00e0nh ph\u1ea7n ch\u00ednh c\u1ee7a h\u1ed9p s\u1ed1 m\u00e1y phun thu\u1ed1c n\u00f4ng nghi\u1ec7p \u0111\u00f3ng vai tr\u00f2 quan tr\u1ecdng trong ch\u1ee9c n\u0103ng, \u0111\u1ed9 b\u1ec1n v\u00e0 hi\u1ec7u qu\u1ea3 phun thu\u1ed1c. C\u00e1c th\u00e0nh ph\u1ea7n n\u00e0y \u0111\u1ea3m b\u1ea3o truy\u1ec1n l\u1ef1c m\u01b0\u1ee3t m\u00e0 v\u00e0 t\u1ea1o \u0111i\u1ec1u ki\u1ec7n t\u1ed1i \u01b0u cho c\u00e1c nhi\u1ec7m v\u1ee5 n\u00f4ng nghi\u1ec7p. C\u00e1c th\u00e0nh ph\u1ea7n ch\u00ednh th\u01b0\u1eddng bao g\u1ed3m:<\/p>\n<ol>\n<li><strong>Tr\u1ee5c \u0111\u1ea7u v\u00e0o<\/strong>: Tr\u1ee5c \u0111\u1ea7u v\u00e0o k\u1ebft n\u1ed1i h\u1ed9p s\u1ed1 v\u1edbi ngu\u1ed3n \u0111i\u1ec7n, th\u01b0\u1eddng l\u00e0 b\u1ed9 tr\u00edch c\u00f4ng su\u1ea5t (PTO) c\u1ee7a m\u00e1y k\u00e9o. N\u00f3 truy\u1ec1n c\u00f4ng su\u1ea5t quay t\u1eeb m\u00e1y k\u00e9o \u0111\u1ebfn h\u1ed9p s\u1ed1, gi\u00fap h\u1ed9p s\u1ed1 ho\u1ea1t \u0111\u1ed9ng.<\/li>\n<li><strong>B\u1ed9 b\u00e1nh r\u0103ng (B\u00e1nh r\u0103ng xo\u1eafn ho\u1eb7c b\u00e1nh r\u0103ng th\u1eb3ng)<\/strong>: B\u1ed9 b\u00e1nh r\u0103ng \u0111\u00f3ng vai tr\u00f2 thi\u1ebft y\u1ebfu trong vi\u1ec7c truy\u1ec1n l\u1ef1c quay t\u1eeb tr\u1ee5c \u0111\u1ea7u v\u00e0o \u0111\u1ebfn tr\u1ee5c \u0111\u1ea7u ra. C\u00e1c b\u00e1nh r\u0103ng \u0111\u01b0\u1ee3c thi\u1ebft k\u1ebf \u0111\u1ec3 cung c\u1ea5p kh\u1ea3 n\u0103ng \u0111i\u1ec1u ch\u1ec9nh t\u1ed1c \u0111\u1ed9 v\u00e0 m\u00f4-men xo\u1eafn c\u1ea7n thi\u1ebft cho b\u01a1m phun ho\u1eb7c c\u00e1c c\u01a1 c\u1ea5u li\u00ean quan kh\u00e1c.<\/li>\n<li><strong>Tr\u1ee5c \u0111\u1ea7u ra<\/strong>: Tr\u1ee5c ra truy\u1ec1n l\u1ef1c \u0111\u1ebfn c\u00e1c b\u1ed9 ph\u1eadn c\u1ee7a m\u00e1y phun, ch\u1eb3ng h\u1ea1n nh\u01b0 b\u01a1m ho\u1eb7c tay phun. Tr\u1ee5c n\u00e0y \u0111\u01b0\u1ee3c k\u1ebft n\u1ed1i v\u1edbi c\u00e1c b\u1ed9 ph\u1eadn \u0111i\u1ec1u khi\u1ec3n vi\u1ec7c phun, v\u1eadn h\u00e0nh ch\u00fang m\u1ed9t c\u00e1ch \u0111\u1ed3ng b\u1ed9.<\/li>\n<li><strong>V\u00f2ng bi v\u00e0 ph\u1edbt<\/strong>: V\u00f2ng bi \u0111\u01b0\u1ee3c s\u1eed d\u1ee5ng \u0111\u1ec3 gi\u1ea3m ma s\u00e1t gi\u1eefa c\u00e1c b\u1ed9 ph\u1eadn chuy\u1ec3n \u0111\u1ed9ng, \u0111\u1ea3m b\u1ea3o chuy\u1ec3n \u0111\u1ed9ng quay tr\u01a1n tru v\u00e0 ch\u1ed1ng m\u00e0i m\u00f2n. Ph\u1edbt r\u1ea5t quan tr\u1ecdng \u0111\u1ec3 ng\u0103n ng\u1eeba r\u00f2 r\u1ec9 d\u1ea7u, nhi\u1ec5m b\u1ea9n v\u00e0 h\u01a1i \u1ea9m x\u00e2m nh\u1eadp, nh\u1edd \u0111\u00f3 k\u00e9o d\u00e0i tu\u1ed5i th\u1ecd c\u1ee7a h\u1ed9p s\u1ed1.<\/li>\n<li><strong>Nh\u00e0 \u1edf<\/strong>: V\u1ecf h\u1ed9p s\u1ed1 bao b\u1ecdc t\u1ea5t c\u1ea3 c\u00e1c b\u1ed9 ph\u1eadn b\u00ean trong v\u00e0 \u0111\u1ea3m b\u1ea3o t\u00ednh to\u00e0n v\u1eb9n v\u1ec1 m\u1eb7t c\u1ea5u tr\u00fac. N\u00f3 \u0111\u01b0\u1ee3c thi\u1ebft k\u1ebf \u0111\u1ec3 ch\u1ecbu \u0111\u01b0\u1ee3c \u00e1p su\u1ea5t cao, \u0111i\u1ec1u ki\u1ec7n m\u00f4i tr\u01b0\u1eddng v\u00e0 \u1ee9ng su\u1ea5t c\u01a1 h\u1ecdc ph\u00e1t sinh trong qu\u00e1 tr\u00ecnh v\u1eadn h\u00e0nh.<\/li>\n<li><strong>H\u1ec7 th\u1ed1ng b\u00f4i tr\u01a1n<\/strong>: H\u1ec7 th\u1ed1ng b\u00f4i tr\u01a1n \u0111\u1ea3m b\u1ea3o c\u00e1c b\u1ed9 ph\u1eadn chuy\u1ec3n \u0111\u1ed9ng b\u00ean trong h\u1ed9p s\u1ed1 ho\u1ea1t \u0111\u1ed9ng tr\u01a1n tru, gi\u1ea3m ma s\u00e1t v\u00e0 ng\u0103n ng\u1eeba qu\u00e1 nhi\u1ec7t. Vi\u1ec7c b\u00f4i tr\u01a1n \u0111\u00fang c\u00e1ch l\u00e0 \u0111i\u1ec1u c\u1ea7n thi\u1ebft \u0111\u1ec3 k\u00e9o d\u00e0i tu\u1ed5i th\u1ecd v\u00e0 hi\u1ec7u su\u1ea5t c\u1ee7a h\u1ed9p s\u1ed1.<\/li>\n<li><strong>B\u1ea3o v\u1ec7 qu\u00e1 t\u1ea3i<\/strong>:M\u1ed9t s\u1ed1 h\u1ed9p s\u1ed1 m\u00e1y phun thu\u1ed1c n\u00f4ng nghi\u1ec7p \u0111\u01b0\u1ee3c trang b\u1ecb t\u00ednh n\u0103ng b\u1ea3o v\u1ec7 qu\u00e1 t\u1ea3i, ch\u1eb3ng h\u1ea1n nh\u01b0 ch\u1ed1t c\u1eaft ho\u1eb7c c\u01a1 c\u1ea5u ly h\u1ee3p, \u0111\u1ec3 ng\u0103n ng\u1eeba h\u01b0 h\u1ecfng h\u1ed9p s\u1ed1 trong tr\u01b0\u1eddng h\u1ee3p c\u00f3 l\u1ef1c c\u1ea3n b\u1ea5t ng\u1edd ho\u1eb7c \u00e1p l\u1ef1c v\u1eadn h\u00e0nh.<\/li>\n<\/ol>\n<p>C\u00e1c b\u1ed9 ph\u1eadn ch\u00ednh n\u00e0y ph\u1ed1i h\u1ee3p ho\u1ea1t \u0111\u1ed9ng v\u1edbi nhau \u0111\u1ec3 \u0111\u1ea3m b\u1ea3o h\u1ed9p s\u1ed1 truy\u1ec1n l\u1ef1c hi\u1ec7u qu\u1ea3, qu\u1ea3n l\u00fd t\u1ed1c \u0111\u1ed9 v\u00e0 m\u00f4-men xo\u1eafn, \u0111\u1ed3ng th\u1eddi h\u1ed7 tr\u1ee3 ch\u1ee9c n\u0103ng c\u1ee7a m\u00e1y phun. Vi\u1ec7c b\u1ea3o tr\u00ec v\u00e0 ki\u1ec3m tra th\u01b0\u1eddng xuy\u00ean c\u00e1c b\u1ed9 ph\u1eadn n\u00e0y l\u00e0 r\u1ea5t quan tr\u1ecdng \u0111\u1ec3 \u0111\u1ea1t hi\u1ec7u su\u1ea5t v\u00e0 \u0111\u1ed9 b\u1ec1n t\u1ed1i \u01b0u.<\/p>\n<p><img loading=\"lazy\" decoding=\"async\" class=\"alignnone size-full wp-image-2193\" src=\"https:\/\/fmp-components.com\/wp-content\/uploads\/2024\/12\/Agricultural-Sprayer-Gearbox-19.webp\" alt=\"H\u1ed9p s\u1ed1 m\u00e1y phun n\u00f4ng nghi\u1ec7p\" width=\"2016\" height=\"1512\" title=\"\" srcset=\"https:\/\/fmp-components.com\/wp-content\/uploads\/2024\/12\/Agricultural-Sprayer-Gearbox-19.webp 2016w, https:\/\/fmp-components.com\/wp-content\/uploads\/2024\/12\/Agricultural-Sprayer-Gearbox-19-1280x960.webp 1280w, https:\/\/fmp-components.com\/wp-content\/uploads\/2024\/12\/Agricultural-Sprayer-Gearbox-19-980x735.webp 980w, https:\/\/fmp-components.com\/wp-content\/uploads\/2024\/12\/Agricultural-Sprayer-Gearbox-19-480x360.webp 480w\" sizes=\"(min-width: 0px) and (max-width: 480px) 480px, (min-width: 481px) and (max-width: 980px) 980px, (min-width: 981px) and (max-width: 1280px) 1280px, (min-width: 1281px) 2016px, 100vw\" \/><\/p>\n<h2>\u1ee8ng d\u1ee5ng n\u00f4ng nghi\u1ec7p c\u1ee7a h\u1ed9p s\u1ed1 m\u00e1y phun thu\u1ed1c<\/h2>\n<p>H\u1ed9p s\u1ed1 m\u00e1y phun n\u00f4ng nghi\u1ec7p \u0111\u00f3ng vai tr\u00f2 quan tr\u1ecdng trong nhi\u1ec1u \u1ee9ng d\u1ee5ng n\u00f4ng nghi\u1ec7p, \u0111\u1ea3m b\u1ea3o vi\u1ec7c phun ph\u00e2n b\u00f3n, thu\u1ed1c tr\u1eeb s\u00e2u, thu\u1ed1c di\u1ec7t c\u1ecf v\u00e0 c\u00e1c lo\u1ea1i h\u00f3a ch\u1ea5t kh\u00e1c hi\u1ec7u qu\u1ea3 v\u00e0 ch\u00ednh x\u00e1c. D\u01b0\u1edbi \u0111\u00e2y l\u00e0 m\u1ed9t s\u1ed1 \u1ee9ng d\u1ee5ng n\u00f4ng nghi\u1ec7p ch\u00ednh m\u00e0 h\u1ed9p s\u1ed1 m\u00e1y phun \u0111\u01b0\u1ee3c s\u1eed d\u1ee5ng r\u1ed9ng r\u00e3i:<\/p>\n<ol>\n<li><strong>B\u1ea3o v\u1ec7 m\u00f9a m\u00e0ng<\/strong>: H\u1ed9p s\u1ed1 phun l\u00e0 m\u1ed9t ph\u1ea7n kh\u00f4ng th\u1ec3 thi\u1ebfu trong ho\u1ea1t \u0111\u1ed9ng c\u1ee7a m\u00e1y phun thu\u1ed1c b\u1ea3o v\u1ec7 th\u1ef1c v\u1eadt. Ch\u00fang cho ph\u00e9p phun thu\u1ed1c tr\u1eeb s\u00e2u, thu\u1ed1c di\u1ec7t c\u1ecf, thu\u1ed1c di\u1ec7t n\u1ea5m v\u00e0 thu\u1ed1c di\u1ec7t c\u00f4n tr\u00f9ng hi\u1ec7u qu\u1ea3. C\u00e1c h\u1ed9p s\u1ed1 n\u00e0y gi\u00fap duy tr\u00ec \u00e1p su\u1ea5t v\u00e0 l\u01b0u l\u01b0\u1ee3ng \u1ed5n \u0111\u1ecbnh, \u0111\u1ea3m b\u1ea3o h\u00f3a ch\u1ea5t \u0111\u01b0\u1ee3c ph\u00e2n ph\u1ed1i \u0111\u1ec1u tr\u00ean c\u00e1c c\u00e1nh \u0111\u1ed3ng r\u1ed9ng l\u1edbn, b\u1ea3o v\u1ec7 c\u00e2y tr\u1ed3ng kh\u1ecfi s\u00e2u b\u1ec7nh.<\/li>\n<li><strong>B\u00f3n ph\u00e2n<\/strong>: H\u1ed9p s\u1ed1 trong m\u00e1y phun ph\u00e2n b\u00f3n gi\u00fap ki\u1ec3m so\u00e1t l\u01b0u l\u01b0\u1ee3ng v\u00e0 ph\u00e2n ph\u1ed1i ph\u00e2n b\u00f3n d\u1ea1ng l\u1ecfng tr\u00ean \u0111\u1ea5t n\u00f4ng nghi\u1ec7p. Ch\u00fang \u0111\u1ea3m b\u1ea3o ph\u00e2n b\u00f3n \u0111\u01b0\u1ee3c b\u00f3n \u0111\u1ec1u, \u0111i\u1ec1u n\u00e0y r\u1ea5t quan tr\u1ecdng \u0111\u1ec3 th\u00fac \u0111\u1ea9y c\u00e2y tr\u1ed3ng ph\u00e1t tri\u1ec3n kh\u1ecfe m\u1ea1nh v\u00e0 t\u1ed1i \u01b0u h\u00f3a n\u0103ng su\u1ea5t. C\u00e1c h\u1ec7 th\u1ed1ng n\u00e0y \u0111\u01b0\u1ee3c thi\u1ebft k\u1ebf \u0111\u1ec3 x\u1eed l\u00fd nhi\u1ec1u lo\u1ea1i ph\u00e2n b\u00f3n d\u1ea1ng l\u1ecfng kh\u00e1c nhau, mang l\u1ea1i kh\u1ea3 n\u0103ng b\u00f3n ph\u00e2n ch\u00ednh x\u00e1c tr\u00ean c\u00e1c \u0111i\u1ec1u ki\u1ec7n \u0111\u1ea5t kh\u00e1c nhau.<\/li>\n<li><strong>Ki\u1ec3m so\u00e1t c\u1ecf d\u1ea1i<\/strong>: H\u1ed9p s\u1ed1 phun thu\u1ed1c n\u00f4ng nghi\u1ec7p \u0111\u01b0\u1ee3c s\u1eed d\u1ee5ng trong c\u00e1c m\u00e1y phun \u0111\u01b0\u1ee3c thi\u1ebft k\u1ebf \u0111\u1ec3 qu\u1ea3n l\u00fd c\u1ecf d\u1ea1i. B\u1eb1ng c\u00e1ch ph\u00e2n ph\u1ed1i thu\u1ed1c di\u1ec7t c\u1ecf hi\u1ec7u qu\u1ea3, h\u1ed9p s\u1ed1 n\u00e0y cho ph\u00e9p ki\u1ec3m so\u00e1t c\u1ecf d\u1ea1i m\u1ed9t c\u00e1ch c\u00f3 m\u1ee5c ti\u00eau, gi\u1ea3m s\u1ef1 c\u1ea1nh tranh dinh d\u01b0\u1ee1ng v\u00e0 n\u01b0\u1edbc cho c\u00e2y tr\u1ed3ng. \u1ee8ng d\u1ee5ng n\u00e0y r\u1ea5t c\u1ea7n thi\u1ebft \u0111\u1ec3 c\u1ea3i thi\u1ec7n n\u0103ng su\u1ea5t c\u00e2y tr\u1ed3ng v\u00e0 gi\u1ea3m nhu c\u1ea7u lao \u0111\u1ed9ng th\u1ee7 c\u00f4ng.<\/li>\n<li><strong>\u1ee8ng d\u1ee5ng sau thu ho\u1ea1ch<\/strong>: H\u1ed9p s\u1ed1 phun c\u0169ng \u0111\u01b0\u1ee3c s\u1eed d\u1ee5ng trong x\u1eed l\u00fd sau thu ho\u1ea1ch cho c\u00e2y tr\u1ed3ng. Sau khi thu ho\u1ea1ch, m\u00e1y phun c\u00f3 th\u1ec3 \u0111\u01b0\u1ee3c s\u1eed d\u1ee5ng \u0111\u1ec3 ph\u1ee7 l\u1edbp b\u1ea3o v\u1ec7 ho\u1eb7c ch\u1ea5t b\u1ea3o qu\u1ea3n l\u00ean tr\u00e1i c\u00e2y, rau c\u1ee7 v\u00e0 ng\u0169 c\u1ed1c, gi\u00fap k\u00e9o d\u00e0i th\u1eddi h\u1ea1n s\u1eed d\u1ee5ng v\u00e0 ng\u0103n ng\u1eeba h\u01b0 h\u1ecfng trong qu\u00e1 tr\u00ecnh v\u1eadn chuy\u1ec3n v\u00e0 b\u1ea3o qu\u1ea3n.<\/li>\n<li><strong>T\u01b0\u1edbi ti\u00eau \u0111\u1ed3ng ru\u1ed9ng v\u00e0 pha tr\u1ed9n h\u00f3a ch\u1ea5t<\/strong>: M\u1ed9t s\u1ed1 h\u1ed9p s\u1ed1 phun l\u00e0 m\u1ed9t ph\u1ea7n c\u1ee7a h\u1ec7 th\u1ed1ng t\u01b0\u1edbi ti\u00eau, gi\u00fap tr\u1ed9n v\u00e0 ph\u00e2n ph\u1ed1i c\u00e1c h\u00f3a ch\u1ea5t nh\u01b0 ch\u1ea5t \u0111i\u1ec1u h\u00f2a sinh tr\u01b0\u1edfng ho\u1eb7c thu\u1ed1c di\u1ec7t n\u1ea5m c\u00f9ng v\u1edbi n\u01b0\u1edbc. C\u00e1c h\u1ed9p s\u1ed1 n\u00e0y \u0111\u1ea3m b\u1ea3o ph\u00e2n ph\u1ed1i dung d\u1ecbch \u0111\u1ed3ng \u0111\u1ec1u v\u00e0 c\u00f3 ki\u1ec3m so\u00e1t tr\u00ean c\u00e2y tr\u1ed3ng, \u0111\u1ea3m b\u1ea3o \u0111i\u1ec1u ki\u1ec7n sinh tr\u01b0\u1edfng t\u1ed1i \u01b0u.<\/li>\n<li><strong>Phun thu\u1ed1c cho v\u01b0\u1eddn c\u00e2y \u0103n qu\u1ea3 v\u00e0 v\u01b0\u1eddn nho<\/strong>: Trong c\u00e1c \u1ee9ng d\u1ee5ng chuy\u00ean bi\u1ec7t nh\u01b0 v\u01b0\u1eddn c\u00e2y \u0103n qu\u1ea3 v\u00e0 v\u01b0\u1eddn nho, h\u1ed9p s\u1ed1 m\u00e1y phun thu\u1ed1c r\u1ea5t c\u1ea7n thi\u1ebft \u0111\u1ec3 phun thu\u1ed1c b\u1ea3o v\u1ec7 c\u00e2y tr\u1ed3ng kh\u1ecfi s\u00e2u b\u1ec7nh v\u00e0 c\u00e1c t\u00e1c \u0111\u1ed9ng ti\u00eau c\u1ef1c t\u1eeb m\u00f4i tr\u01b0\u1eddng. H\u1ed9p s\u1ed1 cung c\u1ea5p n\u0103ng l\u01b0\u1ee3ng \u1ed5n \u0111\u1ecbnh cho m\u00e1y phun, \u0111\u1ea3m b\u1ea3o \u0111\u1ed9 ph\u1ee7 ch\u00ednh x\u00e1c cho c\u00e2y tr\u1ed3ng theo h\u00e0ng v\u00e0 tr\u00ean nhi\u1ec1u \u0111\u1ecba h\u00ecnh kh\u00e1c nhau.<\/li>\n<li><strong>X\u1eed l\u00fd \u0111\u1ea5t<\/strong>: Trong m\u1ed9t s\u1ed1 h\u1ec7 th\u1ed1ng n\u00f4ng nghi\u1ec7p, h\u1ed9p s\u1ed1 phun \u0111\u01b0\u1ee3c s\u1eed d\u1ee5ng cho m\u1ee5c \u0111\u00edch x\u1eed l\u00fd \u0111\u1ea5t, ch\u1eb3ng h\u1ea1n nh\u01b0 b\u00f3n ph\u00e2n c\u1ea3i t\u1ea1o \u0111\u1ea5t ho\u1eb7c h\u00f3a ch\u1ea5t tr\u01b0\u1edbc khi tr\u1ed3ng. C\u00e1c h\u1ed9p s\u1ed1 n\u00e0y \u0111\u1ea3m b\u1ea3o ph\u00e2n ph\u1ed1i ch\u00ednh x\u00e1c v\u00e0 \u0111\u1ed3ng \u0111\u1ec1u c\u00e1c ch\u1ea5t x\u1eed l\u00fd \u0111\u1ea5t, c\u1ea3i thi\u1ec7n s\u1ee9c kh\u1ecfe \u0111\u1ea5t v\u00e0 h\u1ed7 tr\u1ee3 n\u0103ng su\u1ea5t c\u00e2y tr\u1ed3ng t\u1ed1t h\u01a1n.<\/li>\n<\/ol>\n<p>Nh\u1eefng \u1ee9ng d\u1ee5ng n\u00f4ng nghi\u1ec7p \u0111a d\u1ea1ng n\u00e0y ch\u1ee9ng minh vai tr\u00f2 quan tr\u1ecdng c\u1ee7a h\u1ed9p s\u1ed1 m\u00e1y phun trong vi\u1ec7c \u0111\u1ea3m b\u1ea3o quy tr\u00ecnh phun hi\u1ec7u qu\u1ea3 v\u00e0 n\u0103ng su\u1ea5t cao. B\u1eb1ng c\u00e1ch cung c\u1ea5p c\u00f4ng su\u1ea5t \u1ed5n \u0111\u1ecbnh, kh\u1ea3 n\u0103ng \u0111i\u1ec1u khi\u1ec3n ch\u00ednh x\u00e1c v\u00e0 hi\u1ec7u su\u1ea5t \u0111\u00e1ng tin c\u1eady, h\u1ed9p s\u1ed1 m\u00e1y phun g\u00f3p ph\u1ea7n n\u00e2ng cao n\u0103ng su\u1ea5t c\u00e2y tr\u1ed3ng, c\u1ea3i thi\u1ec7n kh\u1ea3 n\u0103ng qu\u1ea3n l\u00fd s\u00e2u b\u1ec7nh v\u00e0 n\u00e2ng cao n\u0103ng su\u1ea5t t\u1ed5ng th\u1ec3 c\u1ee7a trang tr\u1ea1i.<\/p>\n<p><img loading=\"lazy\" decoding=\"async\" class=\"alignnone size-full wp-image-2185\" src=\"https:\/\/fmp-components.com\/wp-content\/uploads\/2024\/12\/Agricultural-Sprayer-Gearbox-Applications.webp\" alt=\"\u1ee8ng d\u1ee5ng h\u1ed9p s\u1ed1 m\u00e1y phun n\u00f4ng nghi\u1ec7p\" width=\"1200\" height=\"770\" title=\"\" srcset=\"https:\/\/fmp-components.com\/wp-content\/uploads\/2024\/12\/Agricultural-Sprayer-Gearbox-Applications.webp 1200w, https:\/\/fmp-components.com\/wp-content\/uploads\/2024\/12\/Agricultural-Sprayer-Gearbox-Applications-980x629.webp 980w, https:\/\/fmp-components.com\/wp-content\/uploads\/2024\/12\/Agricultural-Sprayer-Gearbox-Applications-480x308.webp 480w\" sizes=\"(min-width: 0px) and (max-width: 480px) 480px, (min-width: 481px) and (max-width: 980px) 980px, (min-width: 981px) 1200px, 100vw\" \/><\/p>\n<h3>Gi\u1edbi thi\u1ec7u v\u1ec1 FMP<\/h3>\n<p>C\u00f3 tr\u1ee5 s\u1edf ch\u00ednh t\u1ea1i \u00dd, FMP l\u00e0 nh\u00e0 s\u1ea3n xu\u1ea5t h\u00e0ng \u0111\u1ea7u \u0111\u01b0\u1ee3c c\u00f4ng nh\u1eadn v\u1ec1 chuy\u00ean m\u00f4n trong thi\u1ebft k\u1ebf, ph\u00e1t tri\u1ec3n v\u00e0 s\u1ea3n xu\u1ea5t h\u1ed9p s\u1ed1 hi\u1ec7u su\u1ea5t cao, ch\u1ee7 y\u1ebfu d\u00e0nh cho ng\u00e0nh m\u00e1y m\u00f3c n\u00f4ng nghi\u1ec7p. N\u1ed5i ti\u1ebfng v\u1edbi k\u1ef9 thu\u1eadt ch\u00ednh x\u00e1c, \u0111\u1ed5i m\u1edbi v\u00e0 \u0111\u1ed9 tin c\u1eady tuy\u1ec7t \u0111\u1ed1i, FMP \u0111\u00e3 kh\u1eb3ng \u0111\u1ecbnh v\u1ecb th\u1ebf l\u00e0 \u0111\u1ed1i t\u00e1c \u0111\u00e1ng tin c\u1eady trong vi\u1ec7c \u0111\u00e1p \u1ee9ng nhu c\u1ea7u ng\u00e0y c\u00e0ng cao c\u1ee7a c\u1ea3 th\u1ecb tr\u01b0\u1eddng n\u00f4ng nghi\u1ec7p v\u00e0 c\u00f4ng nghi\u1ec7p. Danh m\u1ee5c s\u1ea3n ph\u1ea9m to\u00e0n di\u1ec7n c\u1ee7a ch\u00fang t\u00f4i bao g\u1ed3m h\u1ed9p s\u1ed1 chuy\u00ean d\u1ee5ng cho m\u00e1y c\u1eaft c\u1ecf, tr\u1ee5c PTO v\u00e0 c\u00e1c linh ki\u1ec7n quan tr\u1ecdng kh\u00e1c, t\u1ea5t c\u1ea3 \u0111\u1ec1u \u0111\u01b0\u1ee3c thi\u1ebft k\u1ebf \u0111\u1ec3 cung c\u1ea5p c\u00e1c gi\u1ea3i ph\u00e1p hi\u1ec7u qu\u1ea3, t\u00f9y ch\u1ec9nh cho nhi\u1ec1u \u1ee9ng d\u1ee5ng kh\u00e1c nhau.<\/p>\n<p>T\u1ea1i FMP, ch\u00fang t\u00f4i hi\u1ec3u r\u1eb1ng m\u1ed7i kh\u00e1ch h\u00e0ng \u0111\u1ec1u c\u00f3 nh\u1eefng nhu c\u1ea7u v\u00e0 th\u00e1ch th\u1ee9c ri\u00eang. \u0110\u00f3 l\u00e0 l\u00fd do t\u1ea1i sao ch\u00fang t\u00f4i chuy\u00ean cung c\u1ea5p c\u00e1c gi\u1ea3i ph\u00e1p \u0111\u01b0\u1ee3c thi\u1ebft k\u1ebf ri\u00eang, d\u00f9 l\u00e0 th\u00f4ng qua c\u00e1c th\u00e0nh ph\u1ea7n ri\u00eang l\u1ebb hay h\u1ec7 th\u1ed1ng t\u00edch h\u1ee3p ho\u00e0n ch\u1ec9nh. Ch\u00fang t\u00f4i \u00e1p d\u1ee5ng ph\u01b0\u01a1ng ph\u00e1p ti\u1ebfp c\u1eadn h\u1ee3p t\u00e1c, l\u00e0m vi\u1ec7c ch\u1eb7t ch\u1ebd v\u1edbi kh\u00e1ch h\u00e0ng \u0111\u1ec3 \u0111\u1ea3m b\u1ea3o m\u1ed7i gi\u1ea3i ph\u00e1p kh\u00f4ng ch\u1ec9 hi\u1ec7u qu\u1ea3 m\u00e0 c\u00f2n t\u1ed1i \u01b0u. Cam k\u1ebft ph\u1ea3n h\u1ed3i nhanh ch\u00f3ng, chuy\u00ean nghi\u1ec7p v\u00e0 t\u01b0 v\u1ea5n chuy\u00ean m\u00f4n c\u1ee7a ch\u00fang t\u00f4i \u0111\u1ea3m b\u1ea3o r\u1eb1ng m\u1ecdi y\u00eau c\u1ea7u \u0111\u1ec1u \u0111\u01b0\u1ee3c x\u1eed l\u00fd v\u1edbi s\u1ef1 t\u1eadn t\u00e2m v\u00e0 ch\u00ednh x\u00e1c t\u1ed1i \u0111a, mang l\u1ea1i k\u1ebft qu\u1ea3 t\u1ed1t nh\u1ea5t cho kh\u00e1ch h\u00e0ng.<\/p>\n<p>Ch\u00fang t\u00f4i \u0111\u1eb7c bi\u1ec7t ch\u00fa tr\u1ecdng v\u00e0o giao ti\u1ebfp c\u1edfi m\u1edf v\u00e0 li\u00ean t\u1ee5c, \u0111\u1eb7c bi\u1ec7t l\u00e0 trong qu\u00e1 tr\u00ecnh ph\u00e1t tri\u1ec3n s\u1ea3n ph\u1ea9m m\u1edbi. \u0110\u1ed9i ng\u0169 t\u1eadn t\u00e2m c\u1ee7a ch\u00fang t\u00f4i l\u00e0m vi\u1ec7c tr\u1ef1c ti\u1ebfp v\u1edbi kh\u00e1ch h\u00e0ng \u0111\u1ec3 hi\u1ec3u r\u00f5 y\u00eau c\u1ea7u c\u1ee7a h\u1ecd, cung c\u1ea5p nh\u1eefng hi\u1ec3u bi\u1ebft s\u00e2u s\u1eafc v\u00e0 \u0111\u1ec1 xu\u1ea5t gi\u00e1 tr\u1ecb, t\u1eeb \u0111\u00f3 \u0111\u01b0a ra c\u00e1c gi\u1ea3i ph\u00e1p t\u1ed1i \u01b0u. D\u00f9 \u0111ang thi\u1ebft k\u1ebf s\u1ea3n ph\u1ea9m s\u00e1ng t\u1ea1o hay ho\u00e0n th\u00e0nh c\u00e1c \u0111\u01a1n h\u00e0ng hi\u1ec7n c\u00f3, FMP lu\u00f4n cam k\u1ebft cung c\u1ea5p c\u00e1c gi\u1ea3i ph\u00e1p ch\u1ea5t l\u01b0\u1ee3ng cao, \u0111\u01b0\u1ee3c thi\u1ebft k\u1ebf ch\u00ednh x\u00e1c, \u0111\u00fang th\u1eddi h\u1ea1n, \u0111\u1ea3m b\u1ea3o kh\u00e1ch h\u00e0ng nh\u1eadn \u0111\u01b0\u1ee3c d\u1ecbch v\u1ee5 v\u00e0 k\u1ebft qu\u1ea3 t\u1ed1t nh\u1ea5t.<\/p>\n<p>C\u1ed1t l\u00f5i trong ho\u1ea1t \u0111\u1ed9ng c\u1ee7a FMP l\u00e0 s\u1ef1 t\u1eadp trung kh\u00f4ng ng\u1eebng v\u00e0o ch\u1ea5t l\u01b0\u1ee3ng. Ch\u00fang t\u00f4i tu\u00e2n th\u1ee7 c\u00e1c ti\u00eau chu\u1ea9n s\u1ea3n xu\u1ea5t cao nh\u1ea5t, \u00e1p d\u1ee5ng c\u00e1c bi\u1ec7n ph\u00e1p ki\u1ec3m so\u00e1t ch\u1ea5t l\u01b0\u1ee3ng nghi\u00eam ng\u1eb7t \u0111\u1ec3 \u0111\u1ea3m b\u1ea3o m\u1ed7i s\u1ea3n ph\u1ea9m kh\u00f4ng ch\u1ec9 \u0111\u00e1p \u1ee9ng m\u00e0 c\u00f2n v\u01b0\u1ee3t xa k\u1ef3 v\u1ecdng c\u1ee7a ng\u00e0nh. Cam k\u1ebft v\u1ec1 ch\u1ea5t l\u01b0\u1ee3ng n\u00e0y, c\u00f9ng v\u1edbi c\u00e1c gi\u00e1 tr\u1ecb c\u1ed1t l\u00f5i c\u1ee7a ch\u00fang t\u00f4i l\u00e0 ch\u00ednh tr\u1ef1c, tinh th\u1ea7n \u0111\u1ed3ng \u0111\u1ed9i v\u00e0 s\u1ef1 ki\u00ean tr\u00ec, \u0111\u00e3 cho ph\u00e9p ch\u00fang t\u00f4i x\u00e2y d\u1ef1ng m\u1ed1i quan h\u1ec7 b\u1ec1n v\u1eefng v\u00e0 tin c\u1eady v\u1edbi kh\u00e1ch h\u00e0ng t\u1ea1i g\u1ea7n 30 qu\u1ed1c gia tr\u00ean to\u00e0n th\u1ebf gi\u1edbi.<\/p>\n<p>FMP lu\u00f4n mong mu\u1ed1n x\u00e2y d\u1ef1ng quan h\u1ec7 \u0111\u1ed1i t\u00e1c to\u00e0n c\u1ea7u v\u00e0 lu\u00f4n t\u1eadn t\u00e2m cung c\u1ea5p h\u01b0\u1edbng d\u1eabn chuy\u00ean m\u00f4n v\u00e0 c\u00e1c gi\u1ea3i ph\u00e1p t\u00f9y ch\u1ec9nh \u0111\u1ec3 \u0111\u00e1p \u1ee9ng nhu c\u1ea7u \u0111a d\u1ea1ng c\u1ee7a kh\u00e1ch h\u00e0ng. Ph\u01b0\u01a1ng ch\u00e2m c\u1ee7a ch\u00fang t\u00f4i kh\u00f4ng ch\u1ec9 d\u1eebng l\u1ea1i \u1edf vi\u1ec7c cung c\u1ea5p s\u1ea3n ph\u1ea9m; ch\u00fang t\u00f4i h\u01b0\u1edbng \u0111\u1ebfn vi\u1ec7c vun \u0111\u1eafp c\u00e1c m\u1ed1i quan h\u1ec7 l\u00e2u d\u00e0i, g\u00f3p ph\u1ea7n v\u00e0o th\u00e0nh c\u00f4ng c\u1ee7a m\u1ecdi d\u1ef1 \u00e1n. Cho d\u00f9 b\u1ea1n c\u1ea7n c\u00e1c gi\u1ea3i ph\u00e1p s\u00e1ng t\u1ea1o cho m\u1ed9t d\u1ef1 \u00e1n m\u1edbi hay h\u1ed7 tr\u1ee3 li\u00ean t\u1ee5c cho m\u1ed9t h\u1ec7 th\u1ed1ng hi\u1ec7n c\u00f3, FMP lu\u00f4n s\u1eb5n s\u00e0ng gi\u1ea3i quy\u1ebft c\u00e1c th\u00e1ch th\u1ee9c k\u1ef9 thu\u1eadt c\u1ee7a b\u1ea1n v\u00e0 gi\u00fap \u0111\u1ea3m b\u1ea3o th\u00e0nh c\u00f4ng b\u1ec1n v\u1eefng.<\/p>\n<p><img loading=\"lazy\" decoding=\"async\" class=\"alignnone size-full wp-image-1861\" src=\"https:\/\/fmp-components.com\/wp-content\/uploads\/2024\/12\/Other-Agricultural-Gearboxes.webp\" sizes=\"(min-width: 0px) and (max-width: 480px) 480px, (min-width: 481px) and (max-width: 980px) 980px, (min-width: 981px) 1200px, 100vw\" srcset=\"https:\/\/fmp-components.com\/wp-content\/uploads\/2024\/12\/Other-Agricultural-Gearboxes.webp 1200w, https:\/\/fmp-components.com\/wp-content\/uploads\/2024\/12\/Other-Agricultural-Gearboxes-980x1143.webp 980w, https:\/\/fmp-components.com\/wp-content\/uploads\/2024\/12\/Other-Agricultural-Gearboxes-480x560.webp 480w\" alt=\"Altri-cambi-agricoli\" width=\"1200\" height=\"1400\" title=\"\"><\/p>\n<p>T\u00e1c gi\u1ea3: CX<\/p>","protected":false},"excerpt":{"rendered":"<p>Specifications of Agricultural Sprayer Gearbox D21B\/D21F i N1[rpm] P1[kW] M2[Nm] Shaft Type Input X \u00a0 Z 3.90 4.90 540 38.9 &#8211; 1&#8221; 3\/8 Z6 L270 35 X 3.60 4.50 540 40.5 &#8211; 1&#8221; 3\/8 Z6 L165 40 X 3.60 4.50 540 47.8 &#8211; 1&#8221; 3\/8 Z6 L286 40 X 2.90 3.90 540 41.2 &#8211; 1&#8221; [&hellip;]<\/p>","protected":false},"featured_media":2182,"comment_status":"open","ping_status":"closed","template":"","meta":{"_et_pb_use_builder":"","_et_pb_old_content":"","_et_gb_content_width":""},"product_brand":[],"product_cat":[55],"product_tag":[],"class_list":{"0":"post-2203","1":"product","2":"type-product","3":"status-publish","4":"has-post-thumbnail","6":"product_cat-agricultural-sprayer-gearbox","8":"first","9":"instock","10":"shipping-taxable","11":"product-type-simple"},"_links":{"self":[{"href":"https:\/\/fmp-components.com\/vi\/wp-json\/wp\/v2\/product\/2203","targetHints":{"allow":["GET"]}}],"collection":[{"href":"https:\/\/fmp-components.com\/vi\/wp-json\/wp\/v2\/product"}],"about":[{"href":"https:\/\/fmp-components.com\/vi\/wp-json\/wp\/v2\/types\/product"}],"replies":[{"embeddable":true,"href":"https:\/\/fmp-components.com\/vi\/wp-json\/wp\/v2\/comments?post=2203"}],"wp:featuredmedia":[{"embeddable":true,"href":"https:\/\/fmp-components.com\/vi\/wp-json\/wp\/v2\/media\/2182"}],"wp:attachment":[{"href":"https:\/\/fmp-components.com\/vi\/wp-json\/wp\/v2\/media?parent=2203"}],"wp:term":[{"taxonomy":"product_brand","embeddable":true,"href":"https:\/\/fmp-components.com\/vi\/wp-json\/wp\/v2\/product_brand?post=2203"},{"taxonomy":"product_cat","embeddable":true,"href":"https:\/\/fmp-components.com\/vi\/wp-json\/wp\/v2\/product_cat?post=2203"},{"taxonomy":"product_tag","embeddable":true,"href":"https:\/\/fmp-components.com\/vi\/wp-json\/wp\/v2\/product_tag?post=2203"}],"curies":[{"name":"wp","href":"https:\/\/api.w.org\/{rel}","templated":true}]}}