{"id":2148,"date":"2024-12-30T06:48:50","date_gmt":"2024-12-30T06:48:50","guid":{"rendered":"https:\/\/fmp-components.com\/?page_id=8"},"modified":"2024-12-30T08:06:20","modified_gmt":"2024-12-30T08:06:20","slug":"fertilizer-spreader-gearbox-replacement-of-comer-code-l-150c","status":"publish","type":"product","link":"https:\/\/fmp-components.com\/vi\/product\/fertilizer-spreader-gearbox-replacement-of-comer-code-l-150c\/","title":{"rendered":"H\u1ed9p s\u1ed1 m\u00e1y r\u1ea3i ph\u00e2n b\u00f3n \u2013 Thay th\u1ebf m\u00e3 g\u00f3c L-150C"},"content":{"rendered":"<p><img loading=\"lazy\" decoding=\"async\" class=\"wp-image-2150 aligncenter\" src=\"https:\/\/fmp-components.com\/wp-content\/uploads\/2024\/12\/fertilizer-spreader-gearbox-l150c1.webp\" alt=\"h\u1ed9p s\u1ed1 m\u00e1y r\u1ea3i ph\u00e2n b\u00f3n l150c\" width=\"453\" height=\"453\" title=\"\" srcset=\"https:\/\/fmp-components.com\/wp-content\/uploads\/2024\/12\/fertilizer-spreader-gearbox-l150c1.webp 300w, https:\/\/fmp-components.com\/wp-content\/uploads\/2024\/12\/fertilizer-spreader-gearbox-l150c1-150x150.webp 150w, https:\/\/fmp-components.com\/wp-content\/uploads\/2024\/12\/fertilizer-spreader-gearbox-l150c1-12x12.webp 12w, https:\/\/fmp-components.com\/wp-content\/uploads\/2024\/12\/fertilizer-spreader-gearbox-l150c1-100x100.webp 100w\" sizes=\"(max-width: 453px) 100vw, 453px\" \/><\/p>\n<h2>Th\u00f4ng s\u1ed1 k\u1ef9 thu\u1eadt c\u1ee7a H\u1ed9p s\u1ed1 m\u00e1y r\u1ea3i ph\u00e2n L-150C<\/h2>\n<p><img loading=\"lazy\" decoding=\"async\" class=\"alignnone size-full wp-image-2149\" src=\"https:\/\/fmp-components.com\/wp-content\/uploads\/2024\/12\/fertilizer-spreader-gearbox-specifications-l150c.webp\" alt=\"th\u00f4ng s\u1ed1 k\u1ef9 thu\u1eadt h\u1ed9p s\u1ed1 m\u00e1y r\u1ea3i ph\u00e2n b\u00f3n l150c\" width=\"1000\" height=\"744\" title=\"\" srcset=\"https:\/\/fmp-components.com\/wp-content\/uploads\/2024\/12\/fertilizer-spreader-gearbox-specifications-l150c.webp 1000w, https:\/\/fmp-components.com\/wp-content\/uploads\/2024\/12\/fertilizer-spreader-gearbox-specifications-l150c-980x729.webp 980w, https:\/\/fmp-components.com\/wp-content\/uploads\/2024\/12\/fertilizer-spreader-gearbox-specifications-l150c-480x357.webp 480w\" sizes=\"(min-width: 0px) and (max-width: 480px) 480px, (min-width: 481px) and (max-width: 980px) 980px, (min-width: 981px) 1000px, 100vw\" \/><\/p>\n<table style=\"width: 100%;\" border=\"1\" width=\"100%\" cellspacing=\"0\" cellpadding=\"0\">\n<tbody>\n<tr>\n<th style=\"width: 53.9957%;\">T\u1ef7 l\u1ec7 \u0111\u1ea7u v\u00e0o (i)<\/th>\n<td style=\"width: 45.7883%;\">1.35<\/td>\n<\/tr>\n<tr>\n<th style=\"width: 53.9957%;\">T\u1ed1c \u0111\u1ed9 \u0111\u1ea7u v\u00e0o (N1 [v\u00f2ng\/ph\u00fat])<\/th>\n<td style=\"width: 45.7883%;\">540<\/td>\n<\/tr>\n<tr>\n<th style=\"width: 53.9957%;\">C\u00f4ng su\u1ea5t \u0111\u1ea7u v\u00e0o (P1 [kW])<\/th>\n<td style=\"width: 45.7883%;\">9.9<\/td>\n<\/tr>\n<tr>\n<th style=\"width: 53.9957%;\">M\u00f4-men xo\u1eafn \u0111\u1ea7u ra (M2 [Nm])<\/th>\n<td style=\"width: 45.7883%;\">126<\/td>\n<\/tr>\n<\/tbody>\n<\/table>\n<h3>\u0110\u1eb7c \u0111i\u1ec3m c\u1ee7a h\u1ed9p s\u1ed1 m\u00e1y r\u1ea3i ph\u00e2n b\u00f3n<\/h3>\n<ol>\n<li><strong>\u0110\u1ed9 ch\u00ednh x\u00e1c v\u00e0 hi\u1ec7u qu\u1ea3 cao<\/strong><br \/>\nH\u1ed9p s\u1ed1 m\u00e1y r\u1ea3i ph\u00e2n b\u00f3n \u0111\u01b0\u1ee3c thi\u1ebft k\u1ebf \u0111\u1ec3 cung c\u1ea5p kh\u1ea3 n\u0103ng truy\u1ec1n \u0111\u1ed9ng ch\u00ednh x\u00e1c v\u00e0 hi\u1ec7u qu\u1ea3 cho m\u00e1y r\u1ea3i ph\u00e2n n\u00f4ng nghi\u1ec7p. N\u00f3 \u0111\u1ea3m b\u1ea3o t\u1ef7 s\u1ed1 truy\u1ec1n \u0111\u01b0\u1ee3c t\u1ed1i \u01b0u h\u00f3a \u0111\u1ec3 r\u1ea3i ph\u00e2n b\u00f3n \u0111\u1ec1u v\u00e0 \u0111\u1ed3ng \u0111\u1ec1u, y\u1ebfu t\u1ed1 then ch\u1ed1t \u0111\u1ec3 t\u1ed1i \u0111a h\u00f3a n\u0103ng su\u1ea5t c\u00e2y tr\u1ed3ng v\u00e0 gi\u1ea3m thi\u1ec3u l\u00e3ng ph\u00ed. V\u1edbi hi\u1ec7u su\u1ea5t \u0111\u00e1ng tin c\u1eady, h\u1ed9p s\u1ed1 gi\u00fap duy tr\u00ec t\u1ed1c \u0111\u1ed9 v\u00e0 m\u00f4-men xo\u1eafn ph\u00f9 h\u1ee3p c\u1ea7n thi\u1ebft \u0111\u1ec3 ph\u00e2n ph\u1ed1i ph\u00e2n b\u00f3n ch\u00ednh x\u00e1c.<\/li>\n<li><strong>\u0110\u1ed9 b\u1ec1n v\u00e0 s\u1ee9c m\u1ea1nh<\/strong><br \/>\n\u0110\u01b0\u1ee3c thi\u1ebft k\u1ebf \u0111\u1ec3 ch\u1ecbu \u0111\u01b0\u1ee3c c\u00e1c \u0111i\u1ec1u ki\u1ec7n kh\u1eafc nghi\u1ec7t c\u1ee7a c\u00f4ng vi\u1ec7c n\u00f4ng nghi\u1ec7p, h\u1ed9p s\u1ed1 m\u00e1y r\u1ea3i ph\u00e2n b\u00f3n \u0111\u01b0\u1ee3c ch\u1ebf t\u1ea1o b\u1eb1ng v\u1eadt li\u1ec7u b\u1ec1n b\u1ec9, mang l\u1ea1i hi\u1ec7u su\u1ea5t l\u00e2u d\u00e0i. K\u1ebft c\u1ea5u ch\u1ecbu l\u1ef1c cao \u0111\u1ea3m b\u1ea3o m\u00e1y c\u00f3 th\u1ec3 ch\u1ecbu \u0111\u01b0\u1ee3c t\u1ea3i tr\u1ecdng cao v\u00e0 ho\u1ea1t \u0111\u1ed9ng li\u00ean t\u1ee5c trong c\u00e1c m\u00f4i tr\u01b0\u1eddng kh\u1eafc nghi\u1ec7t, ch\u1eb3ng h\u1ea1n nh\u01b0 \u0111\u1ecba h\u00ecnh kh\u00f4ng b\u1eb1ng ph\u1eb3ng ho\u1eb7c \u0111i\u1ec1u ki\u1ec7n th\u1eddi ti\u1ebft kh\u1eafc nghi\u1ec7t.<\/li>\n<li><strong>Thi\u1ebft k\u1ebf nh\u1ecf g\u1ecdn v\u00e0 ti\u1ebft ki\u1ec7m kh\u00f4ng gian<\/strong><br \/>\nH\u1ed9p s\u1ed1 \u0111\u01b0\u1ee3c thi\u1ebft k\u1ebf nh\u1ecf g\u1ecdn nh\u01b0ng m\u1ea1nh m\u1ebd, \u0111\u1ea3m b\u1ea3o v\u1eeba kh\u00edt v\u1edbi m\u00e1y r\u1ea3i m\u00e0 kh\u00f4ng chi\u1ebfm nhi\u1ec1u di\u1ec7n t\u00edch. Thi\u1ebft k\u1ebf ti\u1ebft ki\u1ec7m kh\u00f4ng gian n\u00e0y gi\u00fap gi\u1ea3m t\u1ed5ng tr\u1ecdng l\u01b0\u1ee3ng c\u1ee7a m\u00e1y m\u00e0 v\u1eabn duy tr\u00ec hi\u1ec7u su\u1ea5t t\u1ed1i \u01b0u. T\u00ednh ch\u1ea5t nh\u1ecf g\u1ecdn c\u0169ng gi\u00fap vi\u1ec7c l\u1eafp \u0111\u1eb7t v\u00e0 b\u1ea3o tr\u00ec d\u1ec5 d\u00e0ng h\u01a1n, ti\u1ebft ki\u1ec7m th\u1eddi gian v\u00e0 c\u00f4ng s\u1ee9c.<\/li>\n<li><strong>B\u1ea3o tr\u00ec th\u1ea5p v\u00e0 v\u1eadn h\u00e0nh d\u1ec5 d\u00e0ng<\/strong><br \/>\nH\u1ed9p s\u1ed1 m\u00e1y r\u1ea3i ph\u00e2n b\u00f3n \u0111\u01b0\u1ee3c thi\u1ebft k\u1ebf d\u1ec5 s\u1eed d\u1ee5ng v\u00e0 b\u1ea3o tr\u00ec t\u1ed1i thi\u1ec3u. V\u1edbi ph\u1edbt v\u00e0 h\u1ec7 th\u1ed1ng b\u00f4i tr\u01a1n ch\u1ea5t l\u01b0\u1ee3ng cao, h\u1ed9p s\u1ed1 ho\u1ea1t \u0111\u1ed9ng tr\u01a1n tru, \u00edt c\u1ea7n b\u1ea3o d\u01b0\u1ee1ng th\u01b0\u1eddng xuy\u00ean. Vi\u1ec7c ki\u1ec3m tra th\u01b0\u1eddng xuy\u00ean v\u00e0 b\u1ea3o tr\u00ec c\u01a1 b\u1ea3n th\u01b0\u1eddng \u0111\u1ee7 \u0111\u1ec3 duy tr\u00ec hi\u1ec7u su\u1ea5t t\u1ed1i \u0111a c\u1ee7a h\u1ed9p s\u1ed1, khi\u1ebfn n\u00f3 tr\u1edf th\u00e0nh gi\u1ea3i ph\u00e1p l\u00fd t\u01b0\u1edfng cho c\u00e1c ho\u1ea1t \u0111\u1ed9ng n\u00f4ng nghi\u1ec7p b\u1eadn r\u1ed9n.<\/li>\n<li><strong>T\u00ednh linh ho\u1ea1t v\u00e0 kh\u1ea3 n\u0103ng t\u00f9y ch\u1ec9nh<\/strong><br \/>\nC\u00e1c h\u1ed9p s\u1ed1 n\u00e0y r\u1ea5t linh ho\u1ea1t v\u00e0 c\u00f3 th\u1ec3 \u0111\u01b0\u1ee3c t\u00f9y ch\u1ec9nh \u0111\u1ec3 ph\u00f9 h\u1ee3p v\u1edbi nhi\u1ec1u lo\u1ea1i m\u00e1y r\u1ea3i ph\u00e2n b\u00f3n, d\u00f9 l\u00e0 quy m\u00f4 nh\u1ecf hay quy m\u00f4 l\u1edbn. V\u1edbi t\u1ef7 s\u1ed1 truy\u1ec1n v\u00e0 c\u1ea5u h\u00ecnh c\u00f3 th\u1ec3 \u0111i\u1ec1u ch\u1ec9nh, h\u1ed9p s\u1ed1 c\u00f3 th\u1ec3 \u0111\u01b0\u1ee3c \u0111i\u1ec1u ch\u1ec9nh \u0111\u1ec3 \u0111\u00e1p \u1ee9ng c\u00e1c y\u00eau c\u1ea7u v\u1eadn h\u00e0nh c\u1ee5 th\u1ec3, \u0111\u1ea3m b\u1ea3o t\u01b0\u01a1ng th\u00edch v\u1edbi nhi\u1ec1u lo\u1ea1i ph\u00e2n b\u00f3n v\u00e0 m\u1eabu m\u00e1y r\u1ea3i ph\u00e2n kh\u00e1c nhau. T\u00ednh linh ho\u1ea1t n\u00e0y cho ph\u00e9p ng\u01b0\u1eddi d\u00f9ng t\u1ed1i \u01b0u h\u00f3a thi\u1ebft b\u1ecb c\u1ee7a m\u00ecnh \u0111\u1ec3 \u0111\u1ea1t hi\u1ec7u qu\u1ea3 v\u00e0 n\u0103ng su\u1ea5t t\u1ed1i \u0111a.<\/li>\n<\/ol>\n<p><img loading=\"lazy\" decoding=\"async\" class=\"wp-image-2152 aligncenter\" src=\"https:\/\/fmp-components.com\/wp-content\/uploads\/2024\/12\/pto-shaft-for-fertilizer-spreader.webp\" alt=\"pto-shaft-for-fertilizer-spreader\" width=\"881\" height=\"663\" title=\"\" srcset=\"https:\/\/fmp-components.com\/wp-content\/uploads\/2024\/12\/pto-shaft-for-fertilizer-spreader.webp 881w, https:\/\/fmp-components.com\/wp-content\/uploads\/2024\/12\/pto-shaft-for-fertilizer-spreader-480x361.webp 480w\" sizes=\"(min-width: 0px) and (max-width: 480px) 480px, (min-width: 481px) 881px, 100vw\" \/><\/p>\n<h3>Tr\u1ee5c PTO cho m\u00e1y r\u1ea3i ph\u00e2n b\u00f3n<\/h3>\n<ol>\n<li><strong>Truy\u1ec1n t\u1ea3i \u0111i\u1ec7n hi\u1ec7u qu\u1ea3<\/strong><br \/>\nTr\u1ee5c PTO c\u1ee7a m\u00e1y r\u1ea3i ph\u00e2n b\u00f3n \u0111\u01b0\u1ee3c thi\u1ebft k\u1ebf \u0111\u1ec3 truy\u1ec1n t\u1ea3i hi\u1ec7u qu\u1ea3 c\u00f4ng su\u1ea5t c\u01a1 h\u1ecdc t\u1eeb b\u1ed9 tr\u00edch c\u00f4ng su\u1ea5t (PTO) c\u1ee7a m\u00e1y k\u00e9o \u0111\u1ebfn h\u1ed9p s\u1ed1 c\u1ee7a m\u00e1y r\u1ea3i ph\u00e2n. Vi\u1ec7c truy\u1ec1n c\u00f4ng su\u1ea5t tr\u1ef1c ti\u1ebfp n\u00e0y \u0111\u1ea3m b\u1ea3o m\u00e1y r\u1ea3i ph\u00e2n b\u00f3n ho\u1ea1t \u0111\u1ed9ng tr\u01a1n tru v\u00e0 \u1ed5n \u0111\u1ecbnh, t\u1ed1i \u01b0u h\u00f3a hi\u1ec7u su\u1ea5t c\u1ee7a thi\u1ebft b\u1ecb trong qu\u00e1 tr\u00ecnh r\u1ea3i ph\u00e2n. Tr\u1ee5c PTO cung c\u1ea5p m\u00f4-men xo\u1eafn c\u1ea7n thi\u1ebft \u0111\u1ec3 d\u1eabn \u0111\u1ed9ng c\u00e1c b\u1ed9 ph\u1eadn c\u1ee7a m\u00e1y r\u1ea3i ph\u00e2n, \u0111\u1ea3m b\u1ea3o ph\u00e2n ph\u1ed1i ph\u00e2n b\u00f3n \u0111\u1ec1u v\u00e0 ch\u00ednh x\u00e1c.<\/li>\n<li><strong>\u0110\u1ed9 b\u1ec1n v\u00e0 \u0111\u1ed9 ch\u1eafc ch\u1eafn<\/strong><br \/>\n\u0110\u01b0\u1ee3c thi\u1ebft k\u1ebf \u0111\u1ec3 ch\u1ecbu \u0111\u01b0\u1ee3c s\u1ef1 kh\u1eafc nghi\u1ec7t c\u1ee7a m\u00f4i tr\u01b0\u1eddng n\u00f4ng nghi\u1ec7p, tr\u1ee5c PTO cho m\u00e1y r\u1ea3i ph\u00e2n b\u00f3n \u0111\u01b0\u1ee3c ch\u1ebf t\u1ea1o t\u1eeb v\u1eadt li\u1ec7u ch\u1ea5t l\u01b0\u1ee3ng cao, mang l\u1ea1i \u0111\u1ed9 b\u1ec1n v\u00e0 ch\u1eafc ch\u1eafn. N\u00f3 c\u00f3 th\u1ec3 x\u1eed l\u00fd kh\u1ed1i l\u01b0\u1ee3ng c\u00f4ng vi\u1ec7c l\u1edbn li\u00ean quan \u0111\u1ebfn vi\u1ec7c r\u1ea3i ph\u00e2n b\u00f3n tr\u00ean c\u00e1c c\u00e1nh \u0111\u1ed3ng r\u1ed9ng l\u1edbn, ngay c\u1ea3 trong \u0111i\u1ec1u ki\u1ec7n th\u1eddi ti\u1ebft kh\u1eafc nghi\u1ec7t v\u00e0 \u0111\u1ecba h\u00ecnh g\u1ed3 gh\u1ec1. Thi\u1ebft k\u1ebf ch\u1eafc ch\u1eafn \u0111\u1ea3m b\u1ea3o tu\u1ed5i th\u1ecd cao, gi\u1ea3m thi\u1ec3u nhu c\u1ea7u thay th\u1ebf ho\u1eb7c s\u1eeda ch\u1eefa th\u01b0\u1eddng xuy\u00ean.<\/li>\n<li><strong>T\u00ednh n\u0103ng an to\u00e0n<\/strong><br \/>\nAn to\u00e0n l\u00e0 y\u1ebfu t\u1ed1 then ch\u1ed1t trong thi\u1ebft k\u1ebf tr\u1ee5c PTO cho m\u00e1y r\u1ea3i ph\u00e2n. \u0110\u01b0\u1ee3c trang b\u1ecb t\u1ea5m ch\u1eafn an to\u00e0n v\u00e0 c\u00e1c t\u00ednh n\u0103ng b\u1ea3o v\u1ec7 kh\u00e1c, tr\u1ee5c gi\u00fap ng\u0103n ng\u1eeba tai n\u1ea1n b\u1eb1ng c\u00e1ch gi\u1ea3m thi\u1ec3u nguy c\u01a1 v\u01b0\u1edbng v\u00edu ho\u1eb7c th\u01b0\u01a1ng t\u00edch trong qu\u00e1 tr\u00ecnh v\u1eadn h\u00e0nh. C\u00e1c t\u00ednh n\u0103ng an to\u00e0n n\u00e0y r\u1ea5t quan tr\u1ecdng \u0111\u1ec3 \u0111\u1ea3m b\u1ea3o v\u1eadn h\u00e0nh an to\u00e0n v\u00e0 \u0111\u00e1ng tin c\u1eady, gi\u1ea3m thi\u1ec3u nguy c\u01a1 g\u00e2y h\u1ea1i cho ng\u01b0\u1eddi v\u1eadn h\u00e0nh v\u00e0 v\u1eadt nu\u00f4i xung quanh.<\/li>\n<li><strong>D\u1ec5 d\u00e0ng c\u00e0i \u0111\u1eb7t v\u00e0 b\u1ea3o tr\u00ec<\/strong><br \/>\nTr\u1ee5c PTO c\u1ee7a m\u00e1y r\u1ea3i ph\u00e2n \u0111\u01b0\u1ee3c thi\u1ebft k\u1ebf \u0111\u1ec3 d\u1ec5 d\u00e0ng l\u1eafp \u0111\u1eb7t v\u00e0 th\u00e1o r\u1eddi kh\u1ecfi m\u00e1y k\u00e9o v\u00e0 m\u00e1y r\u1ea3i ph\u00e2n. T\u00ednh n\u0103ng th\u00e2n thi\u1ec7n v\u1edbi ng\u01b0\u1eddi d\u00f9ng n\u00e0y gi\u00fap ti\u1ebft ki\u1ec7m th\u1eddi gian v\u00e0 c\u00f4ng s\u1ee9c trong qu\u00e1 tr\u00ecnh l\u1eafp \u0111\u1eb7t v\u00e0 b\u1ea3o tr\u00ec. Ngo\u00e0i ra, vi\u1ec7c b\u00f4i tr\u01a1n v\u00e0 b\u1ea3o tr\u00ec tr\u1ee5c PTO th\u01b0\u1eddng xuy\u00ean c\u0169ng r\u1ea5t \u0111\u01a1n gi\u1ea3n, gi\u00fap \u0111\u1ea3m b\u1ea3o v\u1eadn h\u00e0nh tr\u01a1n tru v\u00e0 k\u00e9o d\u00e0i tu\u1ed5i th\u1ecd c\u1ee7a c\u1ea3 tr\u1ee5c PTO v\u00e0 m\u00e1y r\u1ea3i ph\u00e2n.<\/li>\n<li><strong>Kh\u1ea3 n\u0103ng t\u01b0\u01a1ng th\u00edch \u0111a n\u0103ng<\/strong><br \/>\nC\u00f3 s\u1eb5n v\u1edbi nhi\u1ec1u k\u00edch c\u1ee1 v\u00e0 c\u1ea5u h\u00ecnh kh\u00e1c nhau, tr\u1ee5c PTO cho m\u00e1y r\u1ea3i ph\u00e2n b\u00f3n r\u1ea5t linh ho\u1ea1t v\u00e0 c\u00f3 th\u1ec3 \u0111\u01b0\u1ee3c \u0111i\u1ec1u ch\u1ec9nh ph\u00f9 h\u1ee3p v\u1edbi nhi\u1ec1u lo\u1ea1i m\u00e1y r\u1ea3i ph\u00e2n v\u00e0 m\u00e1y k\u00e9o. D\u00f9 l\u00e0 trang tr\u1ea1i quy m\u00f4 nh\u1ecf hay quy m\u00f4 s\u1ea3n xu\u1ea5t n\u00f4ng nghi\u1ec7p l\u1edbn, tr\u1ee5c PTO \u0111\u1ec1u c\u00f3 th\u1ec3 \u0111\u01b0\u1ee3c t\u00f9y ch\u1ec9nh \u0111\u1ec3 \u0111\u00e1p \u1ee9ng c\u00e1c y\u00eau c\u1ea7u c\u00f4ng su\u1ea5t c\u1ee5 th\u1ec3 c\u1ee7a m\u00e1y r\u1ea3i ph\u00e2n, \u0111\u1ea3m b\u1ea3o kh\u1ea3 n\u0103ng t\u01b0\u01a1ng th\u00edch v\u00e0 hi\u1ec7u su\u1ea5t t\u1ed1i \u01b0u cho c\u00e1c \u1ee9ng d\u1ee5ng kh\u00e1c nhau. T\u00ednh linh ho\u1ea1t n\u00e0y cho ph\u00e9p ng\u01b0\u1eddi d\u00f9ng s\u1eed d\u1ee5ng thi\u1ebft b\u1ecb hi\u1ec7u qu\u1ea3, b\u1ea5t k\u1ec3 quy m\u00f4 ho\u1ea1t \u0111\u1ed9ng.<\/li>\n<\/ol>\n<p><img loading=\"lazy\" decoding=\"async\" class=\"alignnone size-full wp-image-2088\" src=\"https:\/\/fmp-components.com\/wp-content\/uploads\/2024\/12\/Agricultural-Gearbox-and-PTO-Drive-Shaft1.webp\" alt=\"H\u1ed9p s\u1ed1 n\u00f4ng nghi\u1ec7p v\u00e0 tr\u1ee5c truy\u1ec1n \u0111\u1ed9ng PTO\" width=\"1200\" height=\"540\" title=\"\" srcset=\"https:\/\/fmp-components.com\/wp-content\/uploads\/2024\/12\/Agricultural-Gearbox-and-PTO-Drive-Shaft1.webp 1200w, https:\/\/fmp-components.com\/wp-content\/uploads\/2024\/12\/Agricultural-Gearbox-and-PTO-Drive-Shaft1-980x441.webp 980w, https:\/\/fmp-components.com\/wp-content\/uploads\/2024\/12\/Agricultural-Gearbox-and-PTO-Drive-Shaft1-480x216.webp 480w\" sizes=\"(min-width: 0px) and (max-width: 480px) 480px, (min-width: 481px) and (max-width: 980px) 980px, (min-width: 981px) 1200px, 100vw\" \/><\/p>\n<h3>Gi\u1edbi thi\u1ec7u v\u1ec1 FMP<\/h3>\n<p>C\u00f3 tr\u1ee5 s\u1edf ch\u00ednh t\u1ea1i \u00dd, FMP l\u00e0 nh\u00e0 s\u1ea3n xu\u1ea5t h\u00e0ng \u0111\u1ea7u, n\u1ed5i ti\u1ebfng v\u1edbi chuy\u00ean m\u00f4n trong thi\u1ebft k\u1ebf, ph\u00e1t tri\u1ec3n v\u00e0 s\u1ea3n xu\u1ea5t h\u1ed9p s\u1ed1 hi\u1ec7u su\u1ea5t cao, \u0111\u1eb7c bi\u1ec7t t\u1eadp trung v\u00e0o l\u0129nh v\u1ef1c m\u00e1y m\u00f3c n\u00f4ng nghi\u1ec7p. V\u1edbi uy t\u00edn v\u1ec1 k\u1ef9 thu\u1eadt ch\u00ednh x\u00e1c, gi\u1ea3i ph\u00e1p s\u00e1ng t\u1ea1o v\u00e0 \u0111\u1ed9 tin c\u1eady tuy\u1ec7t \u0111\u1ed1i, FMP \u0111\u00e3 tr\u1edf th\u00e0nh \u0111\u1ed1i t\u00e1c \u0111\u00e1ng tin c\u1eady trong vi\u1ec7c \u0111\u00e1p \u1ee9ng nhu c\u1ea7u ng\u00e0y c\u00e0ng cao c\u1ee7a c\u1ea3 l\u0129nh v\u1ef1c n\u00f4ng nghi\u1ec7p v\u00e0 c\u00f4ng nghi\u1ec7p. Danh m\u1ee5c s\u1ea3n ph\u1ea9m \u0111a d\u1ea1ng c\u1ee7a ch\u00fang t\u00f4i bao g\u1ed3m h\u1ed9p s\u1ed1 chuy\u00ean d\u1ee5ng cho m\u00e1y c\u1eaft c\u1ecf, tr\u1ee5c PTO v\u00e0 c\u00e1c linh ki\u1ec7n thi\u1ebft y\u1ebfu kh\u00e1c, t\u1ea5t c\u1ea3 \u0111\u1ec1u \u0111\u01b0\u1ee3c thi\u1ebft k\u1ebf t\u1ec9 m\u1ec9 \u0111\u1ec3 cung c\u1ea5p c\u00e1c gi\u1ea3i ph\u00e1p t\u00f9y ch\u1ec9nh cho nhi\u1ec1u \u1ee9ng d\u1ee5ng kh\u00e1c nhau.<\/p>\n<p>T\u1ea1i FMP, ch\u00fang t\u00f4i hi\u1ec3u r\u1eb1ng m\u1ed7i kh\u00e1ch h\u00e0ng \u0111\u1ec1u c\u00f3 nh\u1eefng y\u00eau c\u1ea7u v\u00e0 th\u00e1ch th\u1ee9c ri\u00eang. \u0110\u00f3 l\u00e0 l\u00fd do t\u1ea1i sao ch\u00fang t\u00f4i chuy\u00ean cung c\u1ea5p c\u00e1c gi\u1ea3i ph\u00e1p \u0111\u01b0\u1ee3c thi\u1ebft k\u1ebf ri\u00eang, d\u00f9 l\u00e0 cho t\u1eebng th\u00e0nh ph\u1ea7n ri\u00eang l\u1ebb hay h\u1ec7 th\u1ed1ng t\u00edch h\u1ee3p ho\u00e0n ch\u1ec9nh. Ch\u00fang t\u00f4i h\u1ee3p t\u00e1c ch\u1eb7t ch\u1ebd v\u1edbi kh\u00e1ch h\u00e0ng \u0111\u1ec3 \u0111\u1ea3m b\u1ea3o m\u1ecdi gi\u1ea3i ph\u00e1p kh\u00f4ng ch\u1ec9 hi\u1ec7u qu\u1ea3 m\u00e0 c\u00f2n t\u1ed1i \u01b0u h\u00f3a c\u1ea3 hi\u1ec7u su\u1ea5t v\u00e0 gi\u00e1 tr\u1ecb. Cam k\u1ebft cung c\u1ea5p ph\u1ea3n h\u1ed3i nhanh ch\u00f3ng, chuy\u00ean nghi\u1ec7p, c\u00f9ng v\u1edbi s\u1ef1 h\u01b0\u1edbng d\u1eabn chuy\u00ean m\u00f4n, \u0111\u1ea3m b\u1ea3o m\u1ecdi th\u1eafc m\u1eafc \u0111\u1ec1u \u0111\u01b0\u1ee3c x\u1eed l\u00fd v\u1edbi s\u1ef1 t\u1eadn t\u00e2m v\u00e0 ch\u00ednh x\u00e1c t\u1ed1i \u0111a, mang l\u1ea1i k\u1ebft qu\u1ea3 t\u1ed1t nh\u1ea5t c\u00f3 th\u1ec3.<\/p>\n<p>Ch\u00fang t\u00f4i \u01b0u ti\u00ean giao ti\u1ebfp c\u1edfi m\u1edf v\u00e0 li\u00ean t\u1ee5c trong su\u1ed1t qu\u00e1 tr\u00ecnh ph\u00e1t tri\u1ec3n s\u1ea3n ph\u1ea9m. \u0110\u1ed9i ng\u0169 t\u1eadn t\u00e2m c\u1ee7a ch\u00fang t\u00f4i l\u00e0m vi\u1ec7c tr\u1ef1c ti\u1ebfp v\u1edbi kh\u00e1ch h\u00e0ng \u0111\u1ec3 hi\u1ec3u r\u00f5 nhu c\u1ea7u c\u1ee5 th\u1ec3 c\u1ee7a h\u1ecd, cung c\u1ea5p nh\u1eefng hi\u1ec3u bi\u1ebft s\u00e2u s\u1eafc v\u00e0 \u0111\u1ec1 xu\u1ea5t gi\u00e1 tr\u1ecb nh\u1eb1m \u0111\u1ea3m b\u1ea3o c\u00e1c gi\u1ea3i ph\u00e1p t\u1ed1i \u01b0u. D\u00f9 l\u00e0 thi\u1ebft k\u1ebf s\u1ea3n ph\u1ea9m s\u00e1ng t\u1ea1o hay ho\u00e0n th\u00e0nh c\u00e1c \u0111\u01a1n h\u00e0ng \u0111ang tri\u1ec3n khai, FMP lu\u00f4n cam k\u1ebft cung c\u1ea5p c\u00e1c gi\u1ea3i ph\u00e1p ch\u1ea5t l\u01b0\u1ee3ng cao, \u0111\u01b0\u1ee3c thi\u1ebft k\u1ebf ch\u00ednh x\u00e1c, \u0111\u00fang th\u1eddi h\u1ea1n. M\u1ee5c ti\u00eau c\u1ee7a ch\u00fang t\u00f4i l\u00e0 mang \u0111\u1ebfn cho kh\u00e1ch h\u00e0ng d\u1ecbch v\u1ee5 v\u00e0 k\u1ebft qu\u1ea3 t\u1ed1t nh\u1ea5t, v\u01b0\u1ee3t tr\u00ean c\u1ea3 mong \u0111\u1ee3i trong m\u1ecdi d\u1ef1 \u00e1n.<\/p>\n<p>Ch\u1ea5t l\u01b0\u1ee3ng l\u00e0 n\u1ec1n t\u1ea3ng cho m\u1ecdi ho\u1ea1t \u0111\u1ed9ng c\u1ee7a FMP. Ch\u00fang t\u00f4i tu\u00e2n th\u1ee7 c\u00e1c ti\u00eau chu\u1ea9n s\u1ea3n xu\u1ea5t cao nh\u1ea5t, th\u1ef1c hi\u1ec7n c\u00e1c bi\u1ec7n ph\u00e1p ki\u1ec3m so\u00e1t ch\u1ea5t l\u01b0\u1ee3ng nghi\u00eam ng\u1eb7t \u0111\u1ec3 \u0111\u1ea3m b\u1ea3o m\u1ed7i s\u1ea3n ph\u1ea9m kh\u00f4ng ch\u1ec9 \u0111\u00e1p \u1ee9ng m\u00e0 c\u00f2n v\u01b0\u1ee3t xa c\u00e1c ti\u00eau chu\u1ea9n c\u1ee7a ng\u00e0nh. Cam k\u1ebft v\u1eefng ch\u1eafc v\u1ec1 ch\u1ea5t l\u01b0\u1ee3ng n\u00e0y, k\u1ebft h\u1ee3p v\u1edbi c\u00e1c gi\u00e1 tr\u1ecb c\u1ed1t l\u00f5i c\u1ee7a ch\u00fang t\u00f4i l\u00e0 ch\u00ednh tr\u1ef1c, tinh th\u1ea7n \u0111\u1ed3ng \u0111\u1ed9i v\u00e0 s\u1ef1 ki\u00ean tr\u00ec, \u0111\u00e3 gi\u00fap ch\u00fang t\u00f4i x\u00e2y d\u1ef1ng m\u1ed1i quan h\u1ec7 l\u00e2u d\u00e0i, tin c\u1eady v\u1edbi kh\u00e1ch h\u00e0ng t\u1ea1i g\u1ea7n 30 qu\u1ed1c gia tr\u00ean to\u00e0n th\u1ebf gi\u1edbi.<\/p>\n<p>FMP lu\u00f4n s\u1eb5n s\u00e0ng th\u00fac \u0111\u1ea9y quan h\u1ec7 \u0111\u1ed1i t\u00e1c to\u00e0n c\u1ea7u v\u00e0 lu\u00f4n t\u1eadn t\u00e2m cung c\u1ea5p t\u01b0 v\u1ea5n chuy\u00ean m\u00f4n v\u00e0 c\u00e1c gi\u1ea3i ph\u00e1p t\u00f9y ch\u1ec9nh \u0111\u00e1p \u1ee9ng nhu c\u1ea7u \u0111a d\u1ea1ng c\u1ee7a kh\u00e1ch h\u00e0ng. Ch\u00fang t\u00f4i kh\u00f4ng ch\u1ec9 cung c\u1ea5p s\u1ea3n ph\u1ea9m; ch\u00fang t\u00f4i h\u01b0\u1edbng \u0111\u1ebfn vi\u1ec7c x\u00e2y d\u1ef1ng c\u00e1c m\u1ed1i quan h\u1ec7 b\u1ec1n v\u1eefng, g\u00f3p ph\u1ea7n v\u00e0o th\u00e0nh c\u00f4ng c\u1ee7a m\u1ecdi d\u1ef1 \u00e1n. Cho d\u00f9 b\u1ea1n c\u1ea7n c\u00e1c gi\u1ea3i ph\u00e1p s\u00e1ng t\u1ea1o cho m\u1ed9t s\u00e1ng ki\u1ebfn m\u1edbi hay h\u1ed7 tr\u1ee3 li\u00ean t\u1ee5c cho m\u1ed9t h\u1ec7 th\u1ed1ng hi\u1ec7n c\u00f3, FMP lu\u00f4n s\u1eb5n s\u00e0ng gi\u1ea3i quy\u1ebft c\u00e1c th\u00e1ch th\u1ee9c k\u1ef9 thu\u1eadt v\u00e0 \u0111\u1ea3m b\u1ea3o s\u1ef1 th\u00e0nh c\u00f4ng li\u00ean t\u1ee5c c\u1ee7a b\u1ea1n.<\/p>\n<p><img loading=\"lazy\" decoding=\"async\" class=\"alignnone size-full wp-image-1861\" src=\"https:\/\/fmp-components.com\/wp-content\/uploads\/2024\/12\/Other-Agricultural-Gearboxes.webp\" sizes=\"(min-width: 0px) and (max-width: 480px) 480px, (min-width: 481px) and (max-width: 980px) 980px, (min-width: 981px) 1200px, 100vw\" srcset=\"https:\/\/fmp-components.com\/wp-content\/uploads\/2024\/12\/Other-Agricultural-Gearboxes.webp 1200w, https:\/\/fmp-components.com\/wp-content\/uploads\/2024\/12\/Other-Agricultural-Gearboxes-980x1143.webp 980w, https:\/\/fmp-components.com\/wp-content\/uploads\/2024\/12\/Other-Agricultural-Gearboxes-480x560.webp 480w\" alt=\"Altri-cambi-agricoli\" width=\"1200\" height=\"1400\" title=\"\"><\/p>\n<p>T\u00e1c gi\u1ea3: CX<\/p>\n<p>&nbsp;<\/p>","protected":false},"excerpt":{"rendered":"<p>Specifications of\u00a0Fertilizer Spreader Gearbox L-150C Input Ratio (i) 1.35 Input Speed (N1 [rpm]) 540 Input Power (P1 [kW]) 9.9 Output Torque (M2 [Nm]) 126 Features of Fertilizer Spreader Gearbox High Precision and Efficiency The fertilizer spreader gearbox is engineered to provide precise and efficient power transmission for agricultural spreaders. It ensures that the gear ratio [&hellip;]<\/p>","protected":false},"featured_media":2150,"comment_status":"open","ping_status":"closed","template":"","meta":{"_et_pb_use_builder":"","_et_pb_old_content":"","_et_gb_content_width":""},"product_brand":[],"product_cat":[54],"product_tag":[],"class_list":{"0":"post-2148","1":"product","2":"type-product","3":"status-publish","4":"has-post-thumbnail","6":"product_cat-fertilizer-spreader-gearbox","8":"first","9":"instock","10":"shipping-taxable","11":"product-type-simple"},"_links":{"self":[{"href":"https:\/\/fmp-components.com\/vi\/wp-json\/wp\/v2\/product\/2148","targetHints":{"allow":["GET"]}}],"collection":[{"href":"https:\/\/fmp-components.com\/vi\/wp-json\/wp\/v2\/product"}],"about":[{"href":"https:\/\/fmp-components.com\/vi\/wp-json\/wp\/v2\/types\/product"}],"replies":[{"embeddable":true,"href":"https:\/\/fmp-components.com\/vi\/wp-json\/wp\/v2\/comments?post=2148"}],"wp:featuredmedia":[{"embeddable":true,"href":"https:\/\/fmp-components.com\/vi\/wp-json\/wp\/v2\/media\/2150"}],"wp:attachment":[{"href":"https:\/\/fmp-components.com\/vi\/wp-json\/wp\/v2\/media?parent=2148"}],"wp:term":[{"taxonomy":"product_brand","embeddable":true,"href":"https:\/\/fmp-components.com\/vi\/wp-json\/wp\/v2\/product_brand?post=2148"},{"taxonomy":"product_cat","embeddable":true,"href":"https:\/\/fmp-components.com\/vi\/wp-json\/wp\/v2\/product_cat?post=2148"},{"taxonomy":"product_tag","embeddable":true,"href":"https:\/\/fmp-components.com\/vi\/wp-json\/wp\/v2\/product_tag?post=2148"}],"curies":[{"name":"wp","href":"https:\/\/api.w.org\/{rel}","templated":true}]}}