{"id":2117,"date":"2024-12-30T05:53:09","date_gmt":"2024-12-30T05:53:09","guid":{"rendered":"https:\/\/fmp-components.com\/?page_id=8"},"modified":"2024-12-30T06:19:10","modified_gmt":"2024-12-30T06:19:10","slug":"rotary-tiller-gearboxes-replacement-of-comer-code-tlz21j","status":"publish","type":"product","link":"https:\/\/fmp-components.com\/vi\/product\/rotary-tiller-gearboxes-replacement-of-comer-code-tlz21j\/","title":{"rendered":"H\u1ed9p s\u1ed1 m\u00e1y x\u1edbi \u0111\u1ea5t quay \u2013 Thay th\u1ebf m\u00e3 g\u00f3c TLZ21J"},"content":{"rendered":"<p><img loading=\"lazy\" decoding=\"async\" class=\"size-full wp-image-2132 aligncenter\" src=\"https:\/\/fmp-components.com\/wp-content\/uploads\/2024\/12\/rotary-tiller-gearbox-TLZ-21J1.webp\" alt=\"h\u1ed9p s\u1ed1 m\u00e1y x\u1edbi \u0111\u1ea5t TLZ-21J\" width=\"674\" height=\"314\" title=\"\" srcset=\"https:\/\/fmp-components.com\/wp-content\/uploads\/2024\/12\/rotary-tiller-gearbox-TLZ-21J1.webp 674w, https:\/\/fmp-components.com\/wp-content\/uploads\/2024\/12\/rotary-tiller-gearbox-TLZ-21J1-480x224.webp 480w\" sizes=\"(min-width: 0px) and (max-width: 480px) 480px, (min-width: 481px) 674px, 100vw\" \/><\/p>\n<h2>Th\u00f4ng s\u1ed1 k\u1ef9 thu\u1eadt h\u1ed9p s\u1ed1 m\u00e1y x\u1edbi \u0111\u1ea5t TLZ-21J<\/h2>\n<p><img loading=\"lazy\" decoding=\"async\" class=\"alignnone size-full wp-image-2127\" src=\"https:\/\/fmp-components.com\/wp-content\/uploads\/2024\/12\/rotary-tiller-gearbox-TLZ-21J-detail.webp\" alt=\"h\u1ed9p s\u1ed1 m\u00e1y x\u1edbi \u0111\u1ea5t TLZ-21J-chi ti\u1ebft\" width=\"936\" height=\"565\" title=\"\" srcset=\"https:\/\/fmp-components.com\/wp-content\/uploads\/2024\/12\/rotary-tiller-gearbox-TLZ-21J-detail.webp 936w, https:\/\/fmp-components.com\/wp-content\/uploads\/2024\/12\/rotary-tiller-gearbox-TLZ-21J-detail-480x290.webp 480w\" sizes=\"(min-width: 0px) and (max-width: 480px) 480px, (min-width: 481px) 936px, 100vw\" \/><\/p>\n<table style=\"width: 101.556%; height: 310px;\" border=\"1\" cellspacing=\"0\" cellpadding=\"0\">\n<tbody>\n<tr>\n<td style=\"width: 58.0851%;\"><strong>T\u00f4i<\/strong><\/td>\n<td style=\"width: 41.7021%;\">1.46<\/td>\n<\/tr>\n<tr>\n<td style=\"width: 58.0851%;\"><strong>N<sub>1<\/sub>[v\u00f2ng\/ph\u00fat]<\/strong><\/td>\n<td style=\"width: 41.7021%;\">540<\/td>\n<\/tr>\n<tr>\n<td style=\"width: 58.0851%;\"><strong>P<sub>1<\/sub>[kW]<\/strong><\/td>\n<td style=\"width: 41.7021%;\">29.4<\/td>\n<\/tr>\n<tr>\n<td style=\"width: 58.0851%;\"><strong>M<sub>2<\/sub>[Nm]<\/strong><\/td>\n<td style=\"width: 41.7021%;\">736<\/td>\n<\/tr>\n<tr>\n<td style=\"width: 58.0851%;\"><strong>Tr\u1ee5c X\u00a0 \u00a0 \u00a0 \u00a0 \u00a0 \u00a0 \u00a0 \u00a0 \u00a0 \u00a0 \u00a0 \u00a0 \u00a0 \u00a0 \u00a0 \u00a0 \u00a0 \u00a0 \u00a0 \u00a0 \u00a0 \u00a0 \u00a0 \u00a0 \u00a0 \u00a0 \u00a0 \u00a0 \u00a0 \u00a0 \u00a0 \u00a0 \u00a0 \u00a0 \u00a0 \u00a0 \u00a0 \u00a0 \u00a0 \u00a0 <img loading=\"lazy\" decoding=\"async\" class=\"alignnone size-full wp-image-2126\" src=\"https:\/\/fmp-components.com\/wp-content\/uploads\/2024\/12\/shaft-x-1.webp\" alt=\"tr\u1ee5c-x \" width=\"81\" height=\"78\" title=\"\" srcset=\"https:\/\/fmp-components.com\/wp-content\/uploads\/2024\/12\/shaft-x-1.webp 81w, https:\/\/fmp-components.com\/wp-content\/uploads\/2024\/12\/shaft-x-1-12x12.webp 12w\" sizes=\"(max-width: 81px) 100vw, 81px\" \/><\/strong><\/td>\n<td style=\"width: 41.7021%;\">1\u201d 3\/8 Z6<\/td>\n<\/tr>\n<tr>\n<td style=\"width: 58.0851%;\"><strong>Tr\u1ee5c Z\u00a0 \u00a0 \u00a0 \u00a0 \u00a0 \u00a0 \u00a0 \u00a0 \u00a0 \u00a0 \u00a0 \u00a0 \u00a0 \u00a0 \u00a0 \u00a0 \u00a0 \u00a0 \u00a0 \u00a0 \u00a0 \u00a0 \u00a0 \u00a0 \u00a0 \u00a0 \u00a0 \u00a0 \u00a0 \u00a0 \u00a0 \u00a0 \u00a0 \u00a0 \u00a0 \u00a0 \u00a0 \u00a0 \u00a0 \u00a0 \u00a0 \u00a0<img loading=\"lazy\" decoding=\"async\" class=\"alignnone size-full wp-image-2125\" src=\"https:\/\/fmp-components.com\/wp-content\/uploads\/2024\/12\/shaft-1.webp\" alt=\"tr\u1ee5c\" width=\"64\" height=\"57\" title=\"\" srcset=\"https:\/\/fmp-components.com\/wp-content\/uploads\/2024\/12\/shaft-1.webp 64w, https:\/\/fmp-components.com\/wp-content\/uploads\/2024\/12\/shaft-1-13x12.webp 13w\" sizes=\"(max-width: 64px) 100vw, 64px\" \/><\/strong><\/td>\n<td style=\"width: 41.7021%;\">36*40<\/td>\n<\/tr>\n<tr>\n<td style=\"width: 58.0851%;\"><strong>\u0110\u1ea7u v\u00e0o<\/strong><\/td>\n<td style=\"width: 41.7021%;\">X<\/td>\n<\/tr>\n<\/tbody>\n<\/table>\n<h2>H\u1ed9p s\u1ed1 m\u00e1y c\u00e0y quay d\u1eabn \u0111\u1ed9ng b\u1eb1ng PTO c\u1ee7a m\u00e1y k\u00e9o ho\u1ea1t \u0111\u1ed9ng nh\u01b0 th\u1ebf n\u00e0o?<\/h2>\n<p>H\u1ed9p s\u1ed1 m\u00e1y c\u00e0y quay \u0111\u01b0\u1ee3c d\u1eabn \u0111\u1ed9ng b\u1eb1ng PTO c\u1ee7a m\u00e1y k\u00e9o ho\u1ea1t \u0111\u1ed9ng b\u1eb1ng c\u00e1ch truy\u1ec1n l\u1ef1c c\u01a1 h\u1ecdc t\u1eeb tr\u1ee5c tr\u00edch c\u00f4ng su\u1ea5t (PTO) c\u1ee7a m\u00e1y k\u00e9o \u0111\u1ebfn c\u00e1c l\u01b0\u1ee1i c\u00e0y quay, cho ph\u00e9p c\u00e0y \u0111\u1ea5t hi\u1ec7u qu\u1ea3. Khi m\u00e1y k\u00e9o chuy\u1ec3n \u0111\u1ed9ng, tr\u1ee5c PTO quay, truy\u1ec1n n\u0103ng l\u01b0\u1ee3ng quay \u0111\u1ebfn h\u1ed9p s\u1ed1, sau \u0111\u00f3 ph\u00e2n ph\u1ed1i n\u0103ng l\u01b0\u1ee3ng n\u00e0y \u0111\u1ebfn c\u00e1c l\u01b0\u1ee1i c\u00e0y. C\u00e1c l\u01b0\u1ee1i c\u00e0y n\u00e0y, th\u01b0\u1eddng \u0111\u01b0\u1ee3c thi\u1ebft k\u1ebf d\u01b0\u1edbi d\u1ea1ng m\u1ed9t b\u1ed9 \u0111\u0129a ho\u1eb7c r\u0103ng quay, \u0111\u00e0o s\u00e2u v\u00e0o \u0111\u1ea5t, nghi\u1ec1n n\u00e1t \u0111\u1ea5t th\u00e0nh c\u00e1c h\u1ea1t nh\u1ecf h\u01a1n \u0111\u1ec3 s\u1ee5c kh\u00ed t\u1ed1t h\u01a1n v\u00e0 chu\u1ea9n b\u1ecb lu\u1ed1ng gieo h\u1ea1t.<\/p>\n<p>H\u1ed9p s\u1ed1 \u0111\u00f3ng vai tr\u00f2 quan tr\u1ecdng trong vi\u1ec7c \u0111\u1ea3m b\u1ea3o t\u1ed1c \u0111\u1ed9 quay v\u00e0 m\u00f4-men xo\u1eafn do tr\u1ee5c PTO cung c\u1ea5p \u0111\u01b0\u1ee3c chuy\u1ec3n \u0111\u1ed5i v\u00e0 ph\u00e2n ph\u1ed1i ph\u00f9 h\u1ee3p \u0111\u1ebfn c\u00e1c l\u01b0\u1ee1i x\u1edbi. H\u1ed9p s\u1ed1 th\u01b0\u1eddng bao g\u1ed3m m\u1ed9t lo\u1ea1t c\u00e1c b\u00e1nh r\u0103ng v\u00e0 tr\u1ee5c \u0111\u01b0\u1ee3c thi\u1ebft k\u1ebf \u0111\u1ec3 \u0111i\u1ec1u ch\u1ec9nh t\u1ed1c \u0111\u1ed9 v\u00e0 l\u1ef1c, mang l\u1ea1i \u0111i\u1ec1u ki\u1ec7n t\u1ed1i \u01b0u cho c\u00e1c lo\u1ea1i \u0111\u1ea5t v\u00e0 \u0111\u1ed9 s\u00e2u canh t\u00e1c kh\u00e1c nhau. \u0110i\u1ec1u n\u00e0y cho ph\u00e9p m\u00e1y x\u1edbi \u0111\u1ea5t ho\u1ea1t \u0111\u1ed9ng hi\u1ec7u qu\u1ea3 trong nhi\u1ec1u \u0111i\u1ec1u ki\u1ec7n n\u00f4ng nghi\u1ec7p kh\u00e1c nhau.<\/p>\n<p>H\u1ed9p s\u1ed1 c\u0169ng gi\u00fap duy tr\u00ec t\u1ed1c \u0111\u1ed9 quay \u1ed5n \u0111\u1ecbnh, \u0111\u1ea3m b\u1ea3o v\u1eadn h\u00e0nh tr\u01a1n tru v\u00e0 ng\u0103n ng\u1eeba t\u00ecnh tr\u1ea1ng qu\u00e1 t\u1ea3i cho l\u01b0\u1ee1i c\u00e0y. M\u00f4-men xo\u1eafn do PTO cung c\u1ea5p \u0111\u01b0\u1ee3c truy\u1ec1n qua h\u1ed9p s\u1ed1, gi\u00fap gi\u1ea3m nguy c\u01a1 h\u01b0 h\u1ecfng cho c\u1ea3 tr\u1ee5c PTO v\u00e0 ch\u00ednh l\u01b0\u1ee1i c\u00e0y. Nh\u1edd \u0111\u00f3, h\u1ed9p s\u1ed1 gi\u00fap k\u00e9o d\u00e0i tu\u1ed5i th\u1ecd c\u1ee7a c\u1ea3 m\u00e1y k\u00e9o v\u00e0 l\u01b0\u1ee1i c\u00e0y.<\/p>\n<p>Ngo\u00e0i kh\u1ea3 n\u0103ng truy\u1ec1n \u0111\u1ed9ng, h\u1ed9p s\u1ed1 c\u00f2n \u0111\u01b0\u1ee3c thi\u1ebft k\u1ebf \u0111\u1ec3 x\u1eed l\u00fd c\u00e1c \u0111i\u1ec1u ki\u1ec7n kh\u1eafc nghi\u1ec7t m\u00e0 m\u00e1y x\u1edbi \u0111\u1ea5t ph\u1ea3i \u0111\u1ed1i m\u1eb7t trong qu\u00e1 tr\u00ecnh s\u1eed d\u1ee5ng, ch\u1eb3ng h\u1ea1n nh\u01b0 l\u1ef1c c\u1ea3n c\u1ee7a \u0111\u1ea5t ho\u1eb7c \u0111\u00e1 c\u1ee9ng. V\u1eadt li\u1ec7u ch\u1ea5t l\u01b0\u1ee3ng cao, thi\u1ebft k\u1ebf ch\u1eafc ch\u1eafn v\u00e0 b\u00f4i tr\u01a1n ph\u00f9 h\u1ee3p \u0111\u1ea3m b\u1ea3o h\u1ed9p s\u1ed1 c\u00f3 th\u1ec3 ch\u1ecbu \u0111\u01b0\u1ee3c \u00e1p l\u1ef1c v\u1eadn h\u00e0nh m\u00e0 kh\u00f4ng b\u1ecb h\u1ecfng h\u00f3c. Vi\u1ec7c b\u1ea3o d\u01b0\u1ee1ng \u0111\u1ecbnh k\u1ef3, ch\u1eb3ng h\u1ea1n nh\u01b0 thay d\u1ea7u v\u00e0 ki\u1ec3m tra, l\u00e0 \u0111i\u1ec1u c\u1ea7n thi\u1ebft \u0111\u1ec3 duy tr\u00ec h\u1ed9p s\u1ed1 \u1edf tr\u1ea1ng th\u00e1i ho\u1ea1t \u0111\u1ed9ng t\u1ed1i \u01b0u.<\/p>\n<p>Nh\u00ecn chung, h\u1ed9p s\u1ed1 m\u00e1y x\u1edbi \u0111\u1ea5t quay d\u1eabn \u0111\u1ed9ng b\u1eb1ng PTO \u0111\u00f3ng vai tr\u00f2 thi\u1ebft y\u1ebfu trong vi\u1ec7c chuy\u1ec3n \u0111\u1ed5i c\u00f4ng su\u1ea5t \u0111\u1ed9ng c\u01a1 t\u1eeb m\u00e1y k\u00e9o th\u00e0nh l\u1ef1c c\u1ea7n thi\u1ebft \u0111\u1ec3 d\u1eabn \u0111\u1ed9ng c\u00e1c l\u01b0\u1ee1i x\u1edbi. B\u1eb1ng c\u00e1ch \u0111i\u1ec1u ch\u1ec9nh t\u1ed1c \u0111\u1ed9, m\u00f4-men xo\u1eafn v\u00e0 hi\u1ec7u su\u1ea5t, h\u1ed9p s\u1ed1 \u0111\u1ea3m b\u1ea3o m\u00e1y x\u1edbi \u0111\u1ea5t quay ho\u1ea1t \u0111\u1ed9ng hi\u1ec7u qu\u1ea3 v\u1edbi \u0111\u1ed9 m\u00e0i m\u00f2n t\u1ed1i thi\u1ec3u, t\u1ed1i \u0111a h\u00f3a n\u0103ng su\u1ea5t tr\u00ean \u0111\u1ed3ng ru\u1ed9ng.<\/p>\n<p><img loading=\"lazy\" decoding=\"async\" class=\"alignnone size-full wp-image-2128\" src=\"https:\/\/fmp-components.com\/wp-content\/uploads\/2024\/12\/Rotary-Tiller-Gearbox-47.webp\" alt=\"H\u1ed9p s\u1ed1 m\u00e1y x\u1edbi \u0111\u1ea5t quay\" width=\"1024\" height=\"600\" title=\"\" srcset=\"https:\/\/fmp-components.com\/wp-content\/uploads\/2024\/12\/Rotary-Tiller-Gearbox-47.webp 1024w, https:\/\/fmp-components.com\/wp-content\/uploads\/2024\/12\/Rotary-Tiller-Gearbox-47-980x574.webp 980w, https:\/\/fmp-components.com\/wp-content\/uploads\/2024\/12\/Rotary-Tiller-Gearbox-47-480x281.webp 480w\" sizes=\"(min-width: 0px) and (max-width: 480px) 480px, (min-width: 481px) and (max-width: 980px) 980px, (min-width: 981px) 1024px, 100vw\" \/><\/p>\n<h2>\u1ee8ng d\u1ee5ng c\u1ee7a h\u1ed9p s\u1ed1 m\u00e1y k\u00e9o quay d\u1eabn \u0111\u1ed9ng PTO<\/h2>\n<p>H\u1ed9p s\u1ed1 m\u00e1y x\u1edbi \u0111\u1ea5t quay d\u1eabn \u0111\u1ed9ng b\u1eb1ng PTO c\u1ee7a m\u00e1y k\u00e9o l\u00e0 m\u1ed9t b\u1ed9 ph\u1eadn quan tr\u1ecdng trong n\u00f4ng nghi\u1ec7p hi\u1ec7n \u0111\u1ea1i, cho ph\u00e9p chu\u1ea9n b\u1ecb \u0111\u1ea5t v\u00e0 canh t\u00e1c hi\u1ec7u qu\u1ea3. \u1ee8ng d\u1ee5ng ch\u00ednh c\u1ee7a h\u1ed9p s\u1ed1 n\u00e0y l\u00e0 trong c\u00e1c m\u00e1y x\u1edbi \u0111\u1ea5t quay d\u00f9ng \u0111\u1ec3 x\u1edbi v\u00e0 l\u00e0m t\u01a1i \u0111\u1ea5t, l\u00fd t\u01b0\u1edfng cho nhi\u1ec1u c\u00f4ng vi\u1ec7c canh t\u00e1c kh\u00e1c nhau, t\u1eeb chu\u1ea9n b\u1ecb lu\u1ed1ng gieo h\u1ea1t \u0111\u1ebfn b\u00f3n ph\u00e2n h\u1eefu c\u01a1 v\u00e0o \u0111\u1ea5t. D\u01b0\u1edbi \u0111\u00e2y l\u00e0 nh\u1eefng l\u0129nh v\u1ef1c ch\u00ednh m\u00e0 h\u1ed9p s\u1ed1 m\u00e1y x\u1edbi \u0111\u1ea5t quay d\u1eabn \u0111\u1ed9ng b\u1eb1ng PTO c\u1ee7a m\u00e1y k\u00e9o \u0111\u01b0\u1ee3c \u1ee9ng d\u1ee5ng:<\/p>\n<ol>\n<li><strong>L\u00e0m \u0111\u1ea5t v\u00e0 chu\u1ea9n b\u1ecb lu\u1ed1ng gieo h\u1ea1t<\/strong><br \/>\nM\u1ed9t trong nh\u1eefng \u1ee9ng d\u1ee5ng ch\u00ednh c\u1ee7a h\u1ed9p s\u1ed1 m\u00e1y x\u1edbi \u0111\u1ea5t quay d\u1eabn \u0111\u1ed9ng b\u1eb1ng PTO c\u1ee7a m\u00e1y k\u00e9o l\u00e0 x\u1edbi \u0111\u1ea5t. B\u1eb1ng c\u00e1ch truy\u1ec1n l\u1ef1c t\u1eeb PTO c\u1ee7a m\u00e1y k\u00e9o \u0111\u1ebfn l\u01b0\u1ee1i x\u1edbi \u0111\u1ea5t quay, h\u1ed9p s\u1ed1 cho ph\u00e9p l\u01b0\u1ee1i x\u1edbi c\u1eaft v\u00e0 l\u00e0m t\u01a1i \u0111\u1ea5t b\u1ecb n\u00e9n ch\u1eb7t. Qu\u00e1 tr\u00ecnh n\u00e0y gi\u00fap chu\u1ea9n b\u1ecb \u0111\u1ea5t tr\u1ed3ng b\u1eb1ng c\u00e1ch \u0111\u1ea3m b\u1ea3o s\u1ee5c kh\u00ed th\u00edch h\u1ee3p v\u00e0 l\u00e0m t\u01a1i \u0111\u1ea5t c\u1ee5c, gi\u00fap h\u1ea1t gi\u1ed1ng d\u1ec5 n\u1ea3y m\u1ea7m v\u00e0 b\u00e9n r\u1ec5 h\u01a1n.<\/li>\n<li><strong>Ki\u1ec3m so\u00e1t c\u1ecf d\u1ea1i<\/strong><br \/>\nM\u00e1y x\u1edbi \u0111\u1ea5t quay \u0111\u01b0\u1ee3c trang b\u1ecb h\u1ed9p s\u1ed1 d\u1eabn \u0111\u1ed9ng b\u1eb1ng PTO c\u0169ng \u0111\u01b0\u1ee3c s\u1eed d\u1ee5ng r\u1ed9ng r\u00e3i \u0111\u1ec3 di\u1ec7t c\u1ecf d\u1ea1i. B\u1eb1ng c\u00e1ch l\u1eadt \u0111\u1ea5t v\u00e0 l\u00e0m x\u00e1o tr\u1ed9n h\u1ec7 th\u1ed1ng r\u1ec5 c\u1ecf d\u1ea1i, m\u00e1y x\u1edbi \u0111\u1ea5t n\u00e0y gi\u00fap lo\u1ea1i b\u1ecf th\u1ea3m th\u1ef1c v\u1eadt kh\u00f4ng mong mu\u1ed1n v\u00e0 ng\u0103n ch\u1eb7n ch\u00fang m\u1ecdc l\u1ea1i. H\u1ed9p s\u1ed1 \u0111\u1ea3m b\u1ea3o l\u01b0\u1ee1i x\u1edbi ho\u1ea1t \u0111\u1ed9ng v\u1edbi t\u1ed1c \u0111\u1ed9 v\u00e0 m\u00f4-men xo\u1eafn ph\u00f9 h\u1ee3p \u0111\u1ec3 nh\u1ed5 c\u1ecf d\u1ea1i hi\u1ec7u qu\u1ea3 m\u00e0 kh\u00f4ng l\u00e0m h\u1ecfng c\u1ea5u tr\u00fac \u0111\u1ea5t xung quanh.<\/li>\n<li><strong>K\u1ebft h\u1ee3p ch\u1ea5t h\u1eefu c\u01a1 v\u00e0 ph\u00e2n b\u00f3n<\/strong><br \/>\nM\u1ed9t \u1ee9ng d\u1ee5ng quan tr\u1ecdng kh\u00e1c c\u1ee7a h\u1ed9p s\u1ed1 m\u00e1y x\u1edbi \u0111\u1ea5t quay PTO l\u00e0 \u0111\u01b0a ch\u1ea5t h\u1eefu c\u01a1 (nh\u01b0 t\u00e0n d\u01b0 c\u00e2y tr\u1ed3ng, ph\u00e2n tr\u1ed9n ho\u1eb7c ph\u00e2n chu\u1ed3ng) v\u00e0o \u0111\u1ea5t. L\u01b0\u1ee1i m\u00e1y x\u1edbi \u0111\u1ea5t quay tr\u1ed9n ch\u1ea5t h\u1eefu c\u01a1 v\u00e0o l\u1edbp \u0111\u1ea5t m\u1eb7t, t\u0103ng \u0111\u1ed9 ph\u00ec nhi\u00eau v\u00e0 c\u1ea3i thi\u1ec7n c\u1ea5u tr\u00fac \u0111\u1ea5t. Qu\u00e1 tr\u00ecnh n\u00e0y c\u0169ng gi\u00fap \u0111\u1ea9y nhanh qu\u00e1 tr\u00ecnh ph\u00e2n h\u1ee7y, l\u00e0m gi\u00e0u \u0111\u1ea5t v\u1edbi c\u00e1c ch\u1ea5t dinh d\u01b0\u1ee1ng thi\u1ebft y\u1ebfu cho c\u00e2y tr\u1ed3ng trong t\u01b0\u01a1ng lai.<\/li>\n<li><strong>Ph\u00e1 v\u1ee1 \u0111\u1ea5t c\u1ee9ng<\/strong><br \/>\n\u1ede nh\u1eefng khu v\u1ef1c \u0111\u1ea5t b\u1ecb n\u00e9n ch\u1eb7t, h\u1ed9p s\u1ed1 m\u00e1y x\u1edbi \u0111\u1ea5t quay \u0111\u01b0\u1ee3c \u0111i\u1ec1u khi\u1ec3n b\u1eb1ng PTO c\u00f3 th\u1ec3 r\u1ea5t h\u1eefu \u00edch trong vi\u1ec7c ph\u00e1 v\u1ee1 c\u00e1c l\u1edbp \u0111\u1ea5t c\u1ee9ng. \u0110\u1ea5t c\u1ee9ng l\u00e0 l\u1edbp \u0111\u1ea5t d\u00e0y \u0111\u1eb7c, kh\u00f4ng th\u1ec3 xuy\u00ean th\u1ee7ng b\u00ean d\u01b0\u1edbi b\u1ec1 m\u1eb7t \u0111\u1ea5t, h\u1ea1n ch\u1ebf s\u1ef1 ph\u00e1t tri\u1ec3n c\u1ee7a r\u1ec5 c\u00e2y v\u00e0 kh\u1ea3 n\u0103ng th\u1ea5m n\u01b0\u1edbc. H\u1ed9p s\u1ed1 \u0111\u1ea3m b\u1ea3o l\u01b0\u1ee1i x\u1edbi \u0111\u1ea5t c\u00f3 \u0111\u1ee7 l\u1ef1c c\u1ea7n thi\u1ebft \u0111\u1ec3 ph\u00e1 v\u1ee1 c\u00e1c l\u1edbp \u0111\u1ea5t c\u1ee9ng n\u00e0y, t\u1ea1o \u0111i\u1ec1u ki\u1ec7n cho r\u1ec5 c\u00e2y th\u00e2m nh\u1eadp t\u1ed1t h\u01a1n v\u00e0 c\u1ea3i thi\u1ec7n kh\u1ea3 n\u0103ng gi\u1eef n\u01b0\u1edbc t\u1ed5ng th\u1ec3 c\u1ee7a \u0111\u1ea5t.<\/li>\n<li><strong>Khai hoang v\u00e0 chu\u1ea9n b\u1ecb m\u1eb7t b\u1eb1ng<\/strong><br \/>\nNgo\u00e0i ch\u1ee9c n\u0103ng x\u1edbi \u0111\u1ea5t truy\u1ec1n th\u1ed1ng, h\u1ed9p s\u1ed1 m\u00e1y x\u1edbi \u0111\u1ea5t quay d\u1eabn \u0111\u1ed9ng b\u1eb1ng PTO c\u00f2n \u0111\u01b0\u1ee3c \u1ee9ng d\u1ee5ng trong vi\u1ec7c d\u1ecdn \u0111\u1ea5t v\u00e0 chu\u1ea9n b\u1ecb m\u1eb7t b\u1eb1ng cho m\u1ee5c \u0111\u00edch n\u00f4ng nghi\u1ec7p ho\u1eb7c x\u00e2y d\u1ef1ng. M\u00e1y x\u1edbi \u0111\u1ea5t c\u00f3 th\u1ec3 d\u1ecdn s\u1ea1ch th\u1ea3m th\u1ef1c v\u1eadt, ph\u00e1 v\u1ee1 \u0111\u1ecba h\u00ecnh \u0111\u00e1 ho\u1eb7c kh\u00f4ng b\u1eb1ng ph\u1eb3ng, v\u00e0 chu\u1ea9n b\u1ecb di\u1ec7n t\u00edch l\u1edbn cho vi\u1ec7c tr\u1ed3ng tr\u1ecdt ho\u1eb7c x\u00e2y d\u1ef1ng. H\u1ed9p s\u1ed1 cung c\u1ea5p c\u00f4ng su\u1ea5t c\u1ea7n thi\u1ebft \u0111\u1ec3 v\u1eadn h\u00e0nh l\u01b0\u1ee1i x\u1edbi \u0111\u1ea5t \u1edf t\u1ed1c \u0111\u1ed9 cao, cho ph\u00e9p d\u1ecdn \u0111\u1ea5t hi\u1ec7u qu\u1ea3 ngay c\u1ea3 trong \u0111i\u1ec1u ki\u1ec7n kh\u00f3 kh\u0103n.<\/li>\n<\/ol>\n<p>H\u1ed9p s\u1ed1 m\u00e1y c\u00e0y quay d\u1eabn \u0111\u1ed9ng b\u1eb1ng PTO l\u00e0 m\u1ed9t c\u00f4ng c\u1ee5 thi\u1ebft y\u1ebfu cho nhi\u1ec1u \u1ee9ng d\u1ee5ng n\u00f4ng nghi\u1ec7p. N\u00f3 gi\u00fap c\u1ea3i thi\u1ec7n ch\u1ea5t l\u01b0\u1ee3ng \u0111\u1ea5t, n\u00e2ng cao n\u0103ng su\u1ea5t c\u00e2y tr\u1ed3ng v\u00e0 t\u0103ng hi\u1ec7u qu\u1ea3 v\u1eadn h\u00e0nh b\u1eb1ng c\u00e1ch \u0111\u1ea3m b\u1ea3o truy\u1ec1n l\u1ef1c t\u1ed1i \u01b0u cho nhi\u1ec1u nhi\u1ec7m v\u1ee5 kh\u00e1c nhau nh\u01b0 l\u00e0m \u0111\u1ea5t, di\u1ec7t c\u1ecf d\u1ea1i v\u00e0 l\u00e0m \u0111\u1ea5t.<\/p>\n<p><img loading=\"lazy\" decoding=\"async\" class=\"alignnone size-full wp-image-2129\" src=\"https:\/\/fmp-components.com\/wp-content\/uploads\/2024\/12\/Rotary-Tiller-Gearbox-Applications.webp\" alt=\"\u1ee8ng d\u1ee5ng h\u1ed9p s\u1ed1 m\u00e1y x\u1edbi \u0111\u1ea5t quay\" width=\"1000\" height=\"720\" title=\"\" srcset=\"https:\/\/fmp-components.com\/wp-content\/uploads\/2024\/12\/Rotary-Tiller-Gearbox-Applications.webp 1000w, https:\/\/fmp-components.com\/wp-content\/uploads\/2024\/12\/Rotary-Tiller-Gearbox-Applications-980x706.webp 980w, https:\/\/fmp-components.com\/wp-content\/uploads\/2024\/12\/Rotary-Tiller-Gearbox-Applications-480x346.webp 480w\" sizes=\"(min-width: 0px) and (max-width: 480px) 480px, (min-width: 481px) and (max-width: 980px) 980px, (min-width: 981px) 1000px, 100vw\" \/><\/p>\n<h3>Gi\u1edbi thi\u1ec7u v\u1ec1 FMP<\/h3>\n<p>C\u00f3 tr\u1ee5 s\u1edf ch\u00ednh t\u1ea1i \u00dd, FMP l\u00e0 nh\u00e0 s\u1ea3n xu\u1ea5t h\u00e0ng \u0111\u1ea7u, n\u1ed5i ti\u1ebfng v\u1edbi chuy\u00ean m\u00f4n trong thi\u1ebft k\u1ebf, ph\u00e1t tri\u1ec3n v\u00e0 s\u1ea3n xu\u1ea5t h\u1ed9p s\u1ed1 hi\u1ec7u su\u1ea5t cao, t\u1eadp trung ch\u1ee7 y\u1ebfu v\u00e0o l\u0129nh v\u1ef1c m\u00e1y m\u00f3c n\u00f4ng nghi\u1ec7p. \u0110\u01b0\u1ee3c bi\u1ebft \u0111\u1ebfn v\u1edbi cam k\u1ebft v\u1ec1 k\u1ef9 thu\u1eadt ch\u00ednh x\u00e1c, \u0111\u1ed5i m\u1edbi v\u00e0 \u0111\u1ed9 tin c\u1eady v\u01b0\u1ee3t tr\u1ed9i, FMP \u0111\u00e3 t\u1ea1o d\u1ef1ng \u0111\u01b0\u1ee3c danh ti\u1ebfng v\u1eefng ch\u1eafc trong vi\u1ec7c cung c\u1ea5p c\u00e1c s\u1ea3n ph\u1ea9m cao c\u1ea5p \u0111\u00e1p \u1ee9ng nhu c\u1ea7u n\u0103ng \u0111\u1ed9ng c\u1ee7a c\u1ea3 th\u1ecb tr\u01b0\u1eddng n\u00f4ng nghi\u1ec7p v\u00e0 c\u00f4ng nghi\u1ec7p. Danh m\u1ee5c s\u1ea3n ph\u1ea9m phong ph\u00fa c\u1ee7a ch\u00fang t\u00f4i bao g\u1ed3m h\u1ed9p s\u1ed1 chuy\u00ean d\u1ee5ng cho m\u00e1y c\u1eaft c\u1ecf, tr\u1ee5c PTO v\u00e0 c\u00e1c linh ki\u1ec7n thi\u1ebft y\u1ebfu kh\u00e1c, t\u1ea5t c\u1ea3 \u0111\u1ec1u \u0111\u01b0\u1ee3c thi\u1ebft k\u1ebf ri\u00eang \u0111\u1ec3 cung c\u1ea5p c\u00e1c gi\u1ea3i ph\u00e1p ph\u00f9 h\u1ee3p cho nhi\u1ec1u \u1ee9ng d\u1ee5ng kh\u00e1c nhau.<\/p>\n<p>T\u1ea1i FMP, ch\u00fang t\u00f4i hi\u1ec3u r\u1eb1ng m\u1ed7i kh\u00e1ch h\u00e0ng \u0111\u1ec1u ph\u1ea3i \u0111\u1ed1i m\u1eb7t v\u1edbi nh\u1eefng th\u00e1ch th\u1ee9c v\u00e0 y\u00eau c\u1ea7u ri\u00eang bi\u1ec7t. \u0110\u00f3 l\u00e0 l\u00fd do t\u1ea1i sao ch\u00fang t\u00f4i chuy\u00ean cung c\u1ea5p c\u00e1c gi\u1ea3i ph\u00e1p t\u00f9y ch\u1ec9nh, d\u00f9 l\u00e0 c\u00e1c th\u00e0nh ph\u1ea7n ri\u00eang l\u1ebb hay h\u1ec7 th\u1ed1ng t\u00edch h\u1ee3p ho\u00e0n ch\u1ec9nh. Ch\u00fang t\u00f4i h\u1ee3p t\u00e1c ch\u1eb7t ch\u1ebd v\u1edbi kh\u00e1ch h\u00e0ng, \u0111\u1ea3m b\u1ea3o m\u1ecdi gi\u1ea3i ph\u00e1p kh\u00f4ng ch\u1ec9 hi\u1ec7u qu\u1ea3 m\u00e0 c\u00f2n t\u1ed1i \u01b0u h\u00f3a hi\u1ec7u su\u1ea5t v\u00e0 gi\u00e1 tr\u1ecb. Cam k\u1ebft ph\u1ea3n h\u1ed3i nhanh ch\u00f3ng, chuy\u00ean nghi\u1ec7p, k\u1ebft h\u1ee3p v\u1edbi s\u1ef1 h\u01b0\u1edbng d\u1eabn chuy\u00ean m\u00f4n, \u0111\u1ea3m b\u1ea3o m\u1ed7i y\u00eau c\u1ea7u \u0111\u1ec1u \u0111\u01b0\u1ee3c x\u1eed l\u00fd ch\u00ednh x\u00e1c v\u00e0 chu \u0111\u00e1o.<\/p>\n<p>Ch\u00fang t\u00f4i \u01b0u ti\u00ean giao ti\u1ebfp r\u00f5 r\u00e0ng v\u00e0 li\u00ean t\u1ee5c, \u0111\u1eb7c bi\u1ec7t l\u00e0 khi ph\u00e1t tri\u1ec3n s\u1ea3n ph\u1ea9m m\u1edbi. \u0110\u1ed9i ng\u0169 t\u1eadn t\u00e2m c\u1ee7a ch\u00fang t\u00f4i l\u00e0m vi\u1ec7c tr\u1ef1c ti\u1ebfp v\u1edbi kh\u00e1ch h\u00e0ng \u0111\u1ec3 hi\u1ec3u r\u00f5 nhu c\u1ea7u c\u1ee5 th\u1ec3 c\u1ee7a h\u1ecd, cung c\u1ea5p nh\u1eefng hi\u1ec3u bi\u1ebft th\u1ef1c t\u1ebf d\u1eabn \u0111\u1ebfn c\u00e1c gi\u1ea3i ph\u00e1p t\u1ed1i \u01b0u nh\u1ea5t. D\u00f9 \u0111ang thi\u1ebft k\u1ebf c\u00e1c s\u1ea3n ph\u1ea9m ti\u00ean ti\u1ebfn hay th\u1ef1c hi\u1ec7n c\u00e1c \u0111\u01a1n h\u00e0ng \u0111ang di\u1ec5n ra, ch\u00fang t\u00f4i v\u1eabn ki\u00ean \u0111\u1ecbnh v\u1edbi cam k\u1ebft cung c\u1ea5p c\u00e1c gi\u1ea3i ph\u00e1p ch\u1ea5t l\u01b0\u1ee3ng cao, \u0111\u01b0\u1ee3c thi\u1ebft k\u1ebf ch\u00ednh x\u00e1c v\u1edbi t\u1ed1c \u0111\u1ed9 v\u00e0 \u0111\u1ed9 tin c\u1eady cao.<\/p>\n<p>Tr\u1ecdng t\u00e2m ho\u1ea1t \u0111\u1ed9ng c\u1ee7a FMP l\u00e0 t\u1eadp trung kh\u00f4ng ng\u1eebng v\u00e0o ch\u1ea5t l\u01b0\u1ee3ng. Ch\u00fang t\u00f4i tu\u00e2n th\u1ee7 c\u00e1c ti\u00eau chu\u1ea9n s\u1ea3n xu\u1ea5t cao nh\u1ea5t, k\u1ebft h\u1ee3p c\u00e1c quy tr\u00ecnh ki\u1ec3m so\u00e1t ch\u1ea5t l\u01b0\u1ee3ng nghi\u00eam ng\u1eb7t \u0111\u1ec3 \u0111\u1ea3m b\u1ea3o m\u1ed7i s\u1ea3n ph\u1ea9m kh\u00f4ng ch\u1ec9 \u0111\u00e1p \u1ee9ng m\u00e0 c\u00f2n v\u01b0\u1ee3t xa k\u1ef3 v\u1ecdng c\u1ee7a ng\u00e0nh. S\u1ef1 t\u1eadn t\u00e2m v\u1edbi ch\u1ea5t l\u01b0\u1ee3ng, c\u00f9ng v\u1edbi c\u00e1c gi\u00e1 tr\u1ecb c\u1ed1t l\u00f5i v\u1ec1 t\u00ednh ch\u00ednh tr\u1ef1c, h\u1ee3p t\u00e1c v\u00e0 b\u1ec1n b\u1ec9, \u0111\u00e3 gi\u00fap ch\u00fang t\u00f4i x\u00e2y d\u1ef1ng m\u1ed1i quan h\u1ec7 b\u1ec1n ch\u1eb7t, l\u00e2u d\u00e0i v\u1edbi kh\u00e1ch h\u00e0ng t\u1ea1i h\u01a1n 30 qu\u1ed1c gia tr\u00ean to\u00e0n th\u1ebf gi\u1edbi.<\/p>\n<p>FMP lu\u00f4n s\u1eb5n s\u00e0ng th\u00fac \u0111\u1ea9y quan h\u1ec7 \u0111\u1ed1i t\u00e1c to\u00e0n c\u1ea7u v\u00e0 lu\u00f4n t\u1eadn t\u00e2m cung c\u1ea5p t\u01b0 v\u1ea5n chuy\u00ean m\u00f4n v\u00e0 c\u00e1c gi\u1ea3i ph\u00e1p ph\u00f9 h\u1ee3p \u0111\u1ec3 \u0111\u00e1p \u1ee9ng nhu c\u1ea7u \u0111a d\u1ea1ng c\u1ee7a kh\u00e1ch h\u00e0ng. Ch\u00fang t\u00f4i kh\u00f4ng ch\u1ec9 cung c\u1ea5p s\u1ea3n ph\u1ea9m \u0111\u01a1n thu\u1ea7n m\u00e0 c\u00f2n n\u1ed7 l\u1ef1c x\u00e2y d\u1ef1ng nh\u1eefng m\u1ed1i quan h\u1ec7 b\u1ec1n v\u1eefng, \u00fd ngh\u0129a, g\u00f3p ph\u1ea7n v\u00e0o th\u00e0nh c\u00f4ng c\u1ee7a m\u1ecdi d\u1ef1 \u00e1n. Cho d\u00f9 b\u1ea1n \u0111ang t\u00ecm ki\u1ebfm c\u00e1c gi\u1ea3i ph\u00e1p s\u00e1ng t\u1ea1o cho m\u1ed9t s\u00e1ng ki\u1ebfn m\u1edbi hay h\u1ed7 tr\u1ee3 li\u00ean t\u1ee5c cho m\u1ed9t h\u1ec7 th\u1ed1ng hi\u1ec7n c\u00f3, FMP lu\u00f4n s\u1eb5n s\u00e0ng gi\u1ea3i quy\u1ebft nh\u1eefng th\u00e1ch th\u1ee9c k\u1ef9 thu\u1eadt c\u1ee7a b\u1ea1n v\u00e0 \u0111\u1ea3m b\u1ea3o s\u1ef1 th\u00e0nh c\u00f4ng li\u00ean t\u1ee5c.<\/p>\n<p><img loading=\"lazy\" decoding=\"async\" class=\"alignnone size-full wp-image-1861\" src=\"https:\/\/fmp-components.com\/wp-content\/uploads\/2024\/12\/Other-Agricultural-Gearboxes.webp\" sizes=\"(min-width: 0px) and (max-width: 480px) 480px, (min-width: 481px) and (max-width: 980px) 980px, (min-width: 981px) 1200px, 100vw\" srcset=\"https:\/\/fmp-components.com\/wp-content\/uploads\/2024\/12\/Other-Agricultural-Gearboxes.webp 1200w, https:\/\/fmp-components.com\/wp-content\/uploads\/2024\/12\/Other-Agricultural-Gearboxes-980x1143.webp 980w, https:\/\/fmp-components.com\/wp-content\/uploads\/2024\/12\/Other-Agricultural-Gearboxes-480x560.webp 480w\" alt=\"Altri-cambi-agricoli\" width=\"1200\" height=\"1400\" title=\"\"><\/p>\n<p>T\u00e1c gi\u1ea3: CX<\/p>","protected":false},"excerpt":{"rendered":"<p>Rotary Tiller Gearbox TLZ-21J Specifications i 1.46 N1[rpm] 540 P1[kW] 29.4 M2[Nm] 736 Shaft X\u00a0 \u00a0 \u00a0 \u00a0 \u00a0 \u00a0 \u00a0 \u00a0 \u00a0 \u00a0 \u00a0 \u00a0 \u00a0 \u00a0 \u00a0 \u00a0 \u00a0 \u00a0 \u00a0 \u00a0 \u00a0 \u00a0 \u00a0 \u00a0 \u00a0 \u00a0 \u00a0 \u00a0 \u00a0 \u00a0 \u00a0 \u00a0 \u00a0 \u00a0 \u00a0 \u00a0 \u00a0 \u00a0 \u00a0 \u00a0 1&#8221; [&hellip;]<\/p>","protected":false},"featured_media":2131,"comment_status":"open","ping_status":"closed","template":"","meta":{"_et_pb_use_builder":"","_et_pb_old_content":"","_et_gb_content_width":""},"product_brand":[],"product_cat":[53],"product_tag":[],"class_list":{"0":"post-2117","1":"product","2":"type-product","3":"status-publish","4":"has-post-thumbnail","6":"product_cat-rotary-tiller-gearbox","8":"first","9":"instock","10":"shipping-taxable","11":"product-type-simple"},"_links":{"self":[{"href":"https:\/\/fmp-components.com\/vi\/wp-json\/wp\/v2\/product\/2117","targetHints":{"allow":["GET"]}}],"collection":[{"href":"https:\/\/fmp-components.com\/vi\/wp-json\/wp\/v2\/product"}],"about":[{"href":"https:\/\/fmp-components.com\/vi\/wp-json\/wp\/v2\/types\/product"}],"replies":[{"embeddable":true,"href":"https:\/\/fmp-components.com\/vi\/wp-json\/wp\/v2\/comments?post=2117"}],"wp:featuredmedia":[{"embeddable":true,"href":"https:\/\/fmp-components.com\/vi\/wp-json\/wp\/v2\/media\/2131"}],"wp:attachment":[{"href":"https:\/\/fmp-components.com\/vi\/wp-json\/wp\/v2\/media?parent=2117"}],"wp:term":[{"taxonomy":"product_brand","embeddable":true,"href":"https:\/\/fmp-components.com\/vi\/wp-json\/wp\/v2\/product_brand?post=2117"},{"taxonomy":"product_cat","embeddable":true,"href":"https:\/\/fmp-components.com\/vi\/wp-json\/wp\/v2\/product_cat?post=2117"},{"taxonomy":"product_tag","embeddable":true,"href":"https:\/\/fmp-components.com\/vi\/wp-json\/wp\/v2\/product_tag?post=2117"}],"curies":[{"name":"wp","href":"https:\/\/api.w.org\/{rel}","templated":true}]}}