{"id":2111,"date":"2024-12-30T05:16:14","date_gmt":"2024-12-30T05:16:14","guid":{"rendered":"https:\/\/fmp-components.com\/?page_id=8"},"modified":"2024-12-30T05:23:39","modified_gmt":"2024-12-30T05:23:39","slug":"rotary-tillers-gearboxes-replacement-of-comer-code-tb-278c-11","status":"publish","type":"product","link":"https:\/\/fmp-components.com\/vi\/product\/rotary-tillers-gearboxes-replacement-of-comer-code-tb-278c-11\/","title":{"rendered":"H\u1ed9p s\u1ed1 m\u00e1y x\u1edbi \u0111\u1ea5t quay \u2013 Thay th\u1ebf m\u00e3 g\u00f3c TB-278C 1:1"},"content":{"rendered":"<p style=\"text-align: center;\"><span style=\"font-size: 18pt;\">H\u1ed9p s\u1ed1 m\u00e1y x\u1edbi \u0111\u1ea5t quay \u2013 Thay th\u1ebf m\u00e3 g\u00f3c TB-278C 1:1<\/span><\/p>\n<p>H\u1ed9p s\u1ed1 m\u00e1y x\u1edbi \u0111\u1ea5t quay - Thay th\u1ebf cho m\u00e3 g\u00f3c TB-278C 1:1 l\u00e0 h\u1ed9p s\u1ed1 hi\u1ec7u su\u1ea5t cao, b\u1ec1n b\u1ec9 \u0111\u01b0\u1ee3c thi\u1ebft k\u1ebf chuy\u00ean d\u1ee5ng cho m\u00e1y x\u1edbi \u0111\u1ea5t quay, mang \u0111\u1ebfn gi\u1ea3i ph\u00e1p hi\u1ec7u qu\u1ea3 cho vi\u1ec7c chu\u1ea9n b\u1ecb \u0111\u1ea5t v\u00e0 canh t\u00e1c \u0111\u1ea5t. H\u1ed9p s\u1ed1 thay th\u1ebf n\u00e0y \u0111\u01b0\u1ee3c thi\u1ebft k\u1ebf \u0111\u1ec3 truy\u1ec1n l\u1ef1c \u0111\u00e1ng tin c\u1eady t\u1eeb PTO c\u1ee7a m\u00e1y k\u00e9o \u0111\u1ebfn l\u01b0\u1ee1i x\u1edbi, \u0111\u1ea3m b\u1ea3o v\u1eadn h\u00e0nh tr\u01a1n tru ngay c\u1ea3 trong m\u00f4i tr\u01b0\u1eddng n\u00f4ng nghi\u1ec7p kh\u1eafc nghi\u1ec7t.<\/p>\n<p>C\u00e1c t\u00ednh n\u0103ng ch\u00ednh c\u1ee7a h\u1ed9p s\u1ed1 TB-278C bao g\u1ed3m t\u1ef7 s\u1ed1 truy\u1ec1n 1:1, mang l\u1ea1i kh\u1ea3 n\u0103ng truy\u1ec1n l\u1ef1c t\u1ed1i \u01b0u cho ho\u1ea1t \u0111\u1ed9ng c\u00e0y x\u1edbi, mang l\u1ea1i hi\u1ec7u qu\u1ea3 cao cho nhi\u1ec1u lo\u1ea1i \u0111\u1ea5t kh\u00e1c nhau, t\u1eeb \u1ee9ng d\u1ee5ng canh t\u00e1c nh\u1eb9 \u0111\u1ebfn n\u1eb7ng. K\u1ebft c\u1ea5u ch\u1eafc ch\u1eafn \u0111\u1ea3m b\u1ea3o kh\u1ea3 n\u0103ng ch\u1ed1ng m\u00e0i m\u00f2n, k\u00e9o d\u00e0i tu\u1ed5i th\u1ecd h\u1ed9p s\u1ed1 v\u00e0 gi\u1ea3m chi ph\u00ed b\u1ea3o tr\u00ec. Ngo\u00e0i ra, h\u1ed9p s\u1ed1 \u0111\u01b0\u1ee3c thi\u1ebft k\u1ebf \u0111\u1ec3 l\u1eafp \u0111\u1eb7t d\u1ec5 d\u00e0ng, thay th\u1ebf tr\u1ef1c ti\u1ebfp cho h\u1ed9p s\u1ed1 Comer TB-278C, gi\u1ea3m thi\u1ec3u th\u1eddi gian ch\u1ebft v\u00e0 \u0111\u1ea3m b\u1ea3o n\u0103ng su\u1ea5t li\u00ean t\u1ee5c tr\u00ean \u0111\u1ed3ng ru\u1ed9ng.<\/p>\n<p>H\u1ed9p s\u1ed1 TB-278C \u0111\u01b0\u1ee3c ch\u1ebf t\u1ea1o v\u1edbi k\u1ef9 thu\u1eadt ch\u00ednh x\u00e1c v\u00e0 v\u1eadt li\u1ec7u ch\u1ea5t l\u01b0\u1ee3ng cao, l\u00e0 l\u1ef1a ch\u1ecdn \u0111\u00e1ng tin c\u1eady cho c\u1ea3 trang tr\u1ea1i quy m\u00f4 nh\u1ecf v\u00e0 quy m\u00f4 l\u1edbn. Thi\u1ebft k\u1ebf c\u1ee7a h\u1ed9p s\u1ed1 cho ph\u00e9p truy\u1ec1n n\u0103ng l\u01b0\u1ee3ng hi\u1ec7u qu\u1ea3, t\u1ed1i \u0111a h\u00f3a hi\u1ec7u su\u1ea5t c\u1ee7a m\u00e1y x\u1edbi v\u00e0 n\u00e2ng cao hi\u1ec7u su\u1ea5t nhi\u00ean li\u1ec7u.<\/p>\n<p>H\u1ed9p s\u1ed1 thay th\u1ebf n\u00e0y l\u00fd t\u01b0\u1edfng cho nh\u1eefng ng\u01b0\u1eddi n\u00f4ng d\u00e2n \u0111ang t\u00ecm ki\u1ebfm m\u1ed9t gi\u1ea3i ph\u00e1p ch\u1ea5t l\u01b0\u1ee3ng cao, ti\u1ebft ki\u1ec7m chi ph\u00ed \u0111\u1ec3 duy tr\u00ec hi\u1ec7u su\u1ea5t c\u1ee7a m\u00e1y x\u1edbi \u0111\u1ea5t. D\u00f9 l\u00e0 thay th\u1ebf h\u1ed9p s\u1ed1 c\u0169 hay n\u00e2ng c\u1ea5p m\u1eabu c\u0169, TB-278C \u0111\u1ec1u \u0111\u1ea3m b\u1ea3o hi\u1ec7u su\u1ea5t x\u1edbi \u0111\u1ea5t t\u1ed1i \u01b0u v\u00e0 t\u0103ng n\u0103ng su\u1ea5t. H\u1ed9p s\u1ed1 c\u0169ng \u0111\u01b0\u1ee3c h\u01b0\u1edfng l\u1ee3i t\u1eeb c\u00e1c ti\u00eau chu\u1ea9n ki\u1ec3m so\u00e1t ch\u1ea5t l\u01b0\u1ee3ng nghi\u00eam ng\u1eb7t \u0111\u1ec3 \u0111\u00e1p \u1ee9ng nhu c\u1ea7u cao c\u1ee7a n\u1ec1n n\u00f4ng nghi\u1ec7p hi\u1ec7n \u0111\u1ea1i.<\/p>\n<p>H\u1ed9p s\u1ed1 m\u00e1y x\u1edbi \u0111\u1ea5t quay - Thay th\u1ebf m\u00e3 g\u00f3c TB-278C 1:1 mang \u0111\u1ebfn gi\u1ea3i ph\u00e1p b\u1ec1n b\u1ec9, hi\u1ec7u qu\u1ea3 v\u00e0 ti\u1ebft ki\u1ec7m chi ph\u00ed cho m\u00e1y x\u1edbi \u0111\u1ea5t quay. T\u1eadp trung v\u00e0o \u0111\u1ed9 tin c\u1eady, \u0111\u1ed9 ch\u00ednh x\u00e1c v\u00e0 hi\u1ec7u su\u1ea5t, h\u1ed9p s\u1ed1 n\u00e0y gi\u00fap c\u1ea3i thi\u1ec7n hi\u1ec7u qu\u1ea3 v\u1eadn h\u00e0nh v\u00e0 k\u00e9o d\u00e0i tu\u1ed5i th\u1ecd thi\u1ebft b\u1ecb n\u00f4ng nghi\u1ec7p c\u1ee7a b\u1ea1n.<\/p>\n<table style=\"width: 100%;\" border=\"1\" width=\"100%\" cellspacing=\"0\" cellpadding=\"0\">\n<tbody>\n<tr>\n<th>S\u1ef1 mi\u00eau t\u1ea3<\/th>\n<td>H\u1ed9p s\u1ed1 m\u00e1y b\u1eeba quay, H\u1ed9p s\u1ed1 m\u00e1y x\u1edbi \u0111\u1ea5t quay \u2013 Thay th\u1ebf m\u00e3 g\u00f3c TB-278C 1:1<\/td>\n<\/tr>\n<tr>\n<th>\u1ee8ng d\u1ee5ng<\/th>\n<td>Nhi\u1ec1u \u1ee9ng d\u1ee5ng (n\u00f4ng nghi\u1ec7p),<br \/>\nM\u00e1y c\u1eaft c\u1ecf,<br \/>\nM\u00e1y nghi\u1ec1n lo\u1ea1t<\/td>\n<\/tr>\n<tr>\n<th>Bao g\u1ed3m<\/th>\n<td>H\u1ed9p s\u1ed1<\/td>\n<\/tr>\n<tr>\n<th>\u0110\u1eb7t h\u00e0ng d\u1ea7u ri\u00eang<\/th>\n<td>Th\u00f4ng tin k\u1ef9 thu\u1eadt<\/td>\n<\/tr>\n<tr>\n<th><\/th>\n<td>T\u1ea5t c\u1ea3 d\u1eef li\u1ec7u k\u1ef9 thu\u1eadt \u0111\u1ec1u t\u01b0\u01a1ng \u1ee9ng v\u1edbi ISO 6335 v\u00e0 ISO 281.<\/td>\n<\/tr>\n<tr>\n<th>C\u00f4ng su\u1ea5t \u0111\u1ea7u v\u00e0o t\u1ed1i \u0111a<\/th>\n<td>40,5 kW<\/td>\n<\/tr>\n<tr>\n<th>M\u00f4-men xo\u1eafn \u0111\u1ea7u ra t\u1ed1i \u0111a<\/th>\n<td>695 Nm<\/td>\n<\/tr>\n<tr>\n<th>Ch\u1ee9a d\u1ea7u<\/th>\n<td>KH\u00d4NG<\/td>\n<\/tr>\n<tr>\n<th>C\u00f4ng su\u1ea5t d\u1ea7u t\u1ed1i \u0111a<\/th>\n<td>1,6 l\u00edt<\/td>\n<\/tr>\n<tr>\n<th>C\u1ea5p \u0111\u1ed9 nh\u1edbt SAE c\u1ee7a d\u1ea7u<\/th>\n<td>80W-90<\/td>\n<\/tr>\n<tr>\n<th>C\u00e2n n\u1eb7ng<\/th>\n<td>24 kg<\/td>\n<\/tr>\n<tr>\n<th>S\u1eafp x\u1ebfp b\u00e1nh r\u0103ng<\/th>\n<td>5 &#8211; 6<\/td>\n<\/tr>\n<tr>\n<th>T\u1ef7 l\u1ec7<\/th>\n<td>1 : 1<\/td>\n<\/tr>\n<tr>\n<th>Tr\u1ee5c \u0111\u1ea7u v\u00e0o<\/th>\n<td>Z<\/td>\n<\/tr>\n<tr>\n<th>Tr\u1ee5c X<\/th>\n<td>C<\/td>\n<\/tr>\n<tr>\n<th>Tr\u1ee5c Z<\/th>\n<td>1 3\/8\u2033 (6) (A)<\/td>\n<\/tr>\n<\/tbody>\n<\/table>\n<h3>H\u1ed9p s\u1ed1 m\u00e1y x\u1edbi \u0111\u1ea5t quay \u2013 Thay th\u1ebf m\u00e3 g\u00f3c TB-278C 1:1<\/h3>\n<p>H\u1ed9p s\u1ed1 m\u00e1y x\u1edbi \u0111\u1ea5t quay - Thay th\u1ebf cho m\u00e3 g\u00f3c TB-278C 1:1 l\u00e0 h\u1ed9p s\u1ed1 hi\u1ec7u su\u1ea5t cao, b\u1ec1n b\u1ec9 \u0111\u01b0\u1ee3c thi\u1ebft k\u1ebf chuy\u00ean d\u1ee5ng cho m\u00e1y x\u1edbi \u0111\u1ea5t quay, mang \u0111\u1ebfn gi\u1ea3i ph\u00e1p hi\u1ec7u qu\u1ea3 cho vi\u1ec7c chu\u1ea9n b\u1ecb \u0111\u1ea5t v\u00e0 canh t\u00e1c \u0111\u1ea5t. H\u1ed9p s\u1ed1 thay th\u1ebf n\u00e0y \u0111\u01b0\u1ee3c thi\u1ebft k\u1ebf \u0111\u1ec3 truy\u1ec1n l\u1ef1c \u0111\u00e1ng tin c\u1eady t\u1eeb PTO c\u1ee7a m\u00e1y k\u00e9o \u0111\u1ebfn l\u01b0\u1ee1i x\u1edbi, \u0111\u1ea3m b\u1ea3o v\u1eadn h\u00e0nh tr\u01a1n tru ngay c\u1ea3 trong m\u00f4i tr\u01b0\u1eddng n\u00f4ng nghi\u1ec7p kh\u1eafc nghi\u1ec7t.<\/p>\n<p>C\u00e1c t\u00ednh n\u0103ng ch\u00ednh c\u1ee7a h\u1ed9p s\u1ed1 TB-278C bao g\u1ed3m t\u1ef7 s\u1ed1 truy\u1ec1n 1:1, mang l\u1ea1i kh\u1ea3 n\u0103ng truy\u1ec1n l\u1ef1c t\u1ed1i \u01b0u cho ho\u1ea1t \u0111\u1ed9ng c\u00e0y x\u1edbi, mang l\u1ea1i hi\u1ec7u qu\u1ea3 cao cho nhi\u1ec1u lo\u1ea1i \u0111\u1ea5t kh\u00e1c nhau, t\u1eeb \u1ee9ng d\u1ee5ng canh t\u00e1c nh\u1eb9 \u0111\u1ebfn n\u1eb7ng. K\u1ebft c\u1ea5u ch\u1eafc ch\u1eafn \u0111\u1ea3m b\u1ea3o kh\u1ea3 n\u0103ng ch\u1ed1ng m\u00e0i m\u00f2n, k\u00e9o d\u00e0i tu\u1ed5i th\u1ecd h\u1ed9p s\u1ed1 v\u00e0 gi\u1ea3m chi ph\u00ed b\u1ea3o tr\u00ec. Ngo\u00e0i ra, h\u1ed9p s\u1ed1 \u0111\u01b0\u1ee3c thi\u1ebft k\u1ebf \u0111\u1ec3 l\u1eafp \u0111\u1eb7t d\u1ec5 d\u00e0ng, thay th\u1ebf tr\u1ef1c ti\u1ebfp cho h\u1ed9p s\u1ed1 Comer TB-278C, gi\u1ea3m thi\u1ec3u th\u1eddi gian ch\u1ebft v\u00e0 \u0111\u1ea3m b\u1ea3o n\u0103ng su\u1ea5t li\u00ean t\u1ee5c tr\u00ean \u0111\u1ed3ng ru\u1ed9ng.<\/p>\n<p>H\u1ed9p s\u1ed1 TB-278C \u0111\u01b0\u1ee3c ch\u1ebf t\u1ea1o v\u1edbi k\u1ef9 thu\u1eadt ch\u00ednh x\u00e1c v\u00e0 v\u1eadt li\u1ec7u ch\u1ea5t l\u01b0\u1ee3ng cao, l\u00e0 l\u1ef1a ch\u1ecdn \u0111\u00e1ng tin c\u1eady cho c\u1ea3 trang tr\u1ea1i quy m\u00f4 nh\u1ecf v\u00e0 quy m\u00f4 l\u1edbn. Thi\u1ebft k\u1ebf c\u1ee7a h\u1ed9p s\u1ed1 cho ph\u00e9p truy\u1ec1n n\u0103ng l\u01b0\u1ee3ng hi\u1ec7u qu\u1ea3, t\u1ed1i \u0111a h\u00f3a hi\u1ec7u su\u1ea5t c\u1ee7a m\u00e1y x\u1edbi v\u00e0 n\u00e2ng cao hi\u1ec7u su\u1ea5t nhi\u00ean li\u1ec7u.<\/p>\n<p>H\u1ed9p s\u1ed1 thay th\u1ebf n\u00e0y l\u00fd t\u01b0\u1edfng cho nh\u1eefng ng\u01b0\u1eddi n\u00f4ng d\u00e2n \u0111ang t\u00ecm ki\u1ebfm m\u1ed9t gi\u1ea3i ph\u00e1p ch\u1ea5t l\u01b0\u1ee3ng cao, ti\u1ebft ki\u1ec7m chi ph\u00ed \u0111\u1ec3 duy tr\u00ec hi\u1ec7u su\u1ea5t c\u1ee7a m\u00e1y x\u1edbi \u0111\u1ea5t. D\u00f9 l\u00e0 thay th\u1ebf h\u1ed9p s\u1ed1 c\u0169 hay n\u00e2ng c\u1ea5p m\u1eabu c\u0169, TB-278C \u0111\u1ec1u \u0111\u1ea3m b\u1ea3o hi\u1ec7u su\u1ea5t x\u1edbi \u0111\u1ea5t t\u1ed1i \u01b0u v\u00e0 t\u0103ng n\u0103ng su\u1ea5t. H\u1ed9p s\u1ed1 c\u0169ng \u0111\u01b0\u1ee3c h\u01b0\u1edfng l\u1ee3i t\u1eeb c\u00e1c ti\u00eau chu\u1ea9n ki\u1ec3m so\u00e1t ch\u1ea5t l\u01b0\u1ee3ng nghi\u00eam ng\u1eb7t \u0111\u1ec3 \u0111\u00e1p \u1ee9ng nhu c\u1ea7u cao c\u1ee7a n\u1ec1n n\u00f4ng nghi\u1ec7p hi\u1ec7n \u0111\u1ea1i.<\/p>\n<p>T\u00f3m l\u1ea1i, H\u1ed9p s\u1ed1 m\u00e1y x\u1edbi \u0111\u1ea5t quay \u2013 Thay th\u1ebf m\u00e3 g\u00f3c TB-278C 1:1 mang \u0111\u1ebfn gi\u1ea3i ph\u00e1p b\u1ec1n b\u1ec9, hi\u1ec7u qu\u1ea3 v\u00e0 ti\u1ebft ki\u1ec7m chi ph\u00ed cho m\u00e1y x\u1edbi \u0111\u1ea5t quay. T\u1eadp trung v\u00e0o \u0111\u1ed9 tin c\u1eady, \u0111\u1ed9 ch\u00ednh x\u00e1c v\u00e0 hi\u1ec7u su\u1ea5t, h\u1ed9p s\u1ed1 n\u00e0y gi\u00fap c\u1ea3i thi\u1ec7n hi\u1ec7u qu\u1ea3 v\u1eadn h\u00e0nh v\u00e0 k\u00e9o d\u00e0i tu\u1ed5i th\u1ecd thi\u1ebft b\u1ecb n\u00f4ng nghi\u1ec7p c\u1ee7a b\u1ea1n.<\/p>\n<p><img loading=\"lazy\" decoding=\"async\" class=\"alignnone size-full wp-image-2102\" src=\"https:\/\/fmp-components.com\/wp-content\/uploads\/2024\/12\/PTO-Shaft-for-Rotary-Tiller-Gearbox.webp\" alt=\"Tr\u1ee5c PTO cho h\u1ed9p s\u1ed1 m\u00e1y x\u1edbi \u0111\u1ea5t quay\" width=\"1000\" height=\"600\" title=\"\" srcset=\"https:\/\/fmp-components.com\/wp-content\/uploads\/2024\/12\/PTO-Shaft-for-Rotary-Tiller-Gearbox.webp 1000w, https:\/\/fmp-components.com\/wp-content\/uploads\/2024\/12\/PTO-Shaft-for-Rotary-Tiller-Gearbox-980x588.webp 980w, https:\/\/fmp-components.com\/wp-content\/uploads\/2024\/12\/PTO-Shaft-for-Rotary-Tiller-Gearbox-480x288.webp 480w\" sizes=\"(min-width: 0px) and (max-width: 480px) 480px, (min-width: 481px) and (max-width: 980px) 980px, (min-width: 981px) 1000px, 100vw\" \/><\/p>\n<h2>Tr\u1ee5c PTO cho h\u1ed9p s\u1ed1 m\u00e1y x\u1edbi \u0111\u1ea5t quay<\/h2>\n<p>Tr\u1ee5c PTO cho h\u1ed9p s\u1ed1 m\u00e1y x\u1edbi \u0111\u1ea5t l\u00e0 b\u1ed9 ph\u1eadn thi\u1ebft y\u1ebfu trong n\u00f4ng nghi\u1ec7p hi\u1ec7n \u0111\u1ea1i, t\u1ea1o n\u00ean m\u1ed1i li\u00ean k\u1ebft thi\u1ebft y\u1ebfu gi\u1eefa h\u1ec7 th\u1ed1ng tr\u1ee5c truy\u1ec1n \u0111\u1ed9ng (PTO) c\u1ee7a m\u00e1y k\u00e9o v\u00e0 h\u1ed9p s\u1ed1 m\u00e1y x\u1edbi \u0111\u1ea5t. C\u00e1c tr\u1ee5c n\u00e0y \u0111\u01b0\u1ee3c thi\u1ebft k\u1ebf \u0111\u1ec3 truy\u1ec1n l\u1ef1c c\u01a1 h\u1ecdc t\u1eeb \u0111\u1ed9ng c\u01a1 m\u00e1y k\u00e9o \u0111\u1ebfn c\u01a1 c\u1ea5u x\u1edbi \u0111\u1ea5t, cho ph\u00e9p l\u01b0\u1ee1i x\u1edbi \u0111\u1ea5t quay v\u00e0 th\u1ef1c hi\u1ec7n x\u1edbi \u0111\u1ea5t hi\u1ec7u qu\u1ea3. B\u1eb1ng c\u00e1ch h\u1ed7 tr\u1ee3 truy\u1ec1n l\u1ef1c, tr\u1ee5c PTO \u0111\u1ea3m b\u1ea3o hi\u1ec7u su\u1ea5t x\u1edbi \u0111\u1ea5t t\u1ed1i \u01b0u trong nhi\u1ec1u \u1ee9ng d\u1ee5ng n\u00f4ng nghi\u1ec7p kh\u00e1c nhau, t\u1eeb l\u00e0m \u0111\u1ea5t \u0111\u1ebfn b\u1ea3o d\u01b0\u1ee1ng \u0111\u1ea5t.<\/p>\n<p>\u0110\u1ed9 b\u1ec1n v\u00e0 \u0111\u1ed9 tin c\u1eady l\u00e0 nh\u1eefng \u0111\u1eb7c t\u00ednh c\u1ed1t l\u00f5i c\u1ee7a tr\u1ee5c PTO cho h\u1ed9p s\u1ed1 m\u00e1y x\u1edbi \u0111\u1ea5t. \u0110\u01b0\u1ee3c l\u00e0m t\u1eeb th\u00e9p c\u01b0\u1eddng \u0111\u1ed9 cao ho\u1eb7c c\u00e1c v\u1eadt li\u1ec7u b\u1ec1n b\u1ec9 kh\u00e1c, nh\u1eefng tr\u1ee5c n\u00e0y \u0111\u01b0\u1ee3c ch\u1ebf t\u1ea1o \u0111\u1ec3 ch\u1ecbu \u0111\u01b0\u1ee3c \u00e1p l\u1ef1c c\u1ee7a c\u00f4ng vi\u1ec7c n\u00f4ng nghi\u1ec7p n\u1eb7ng nh\u1ecdc. D\u00f9 \u1edf \u0111\u1ecba h\u00ecnh hi\u1ec3m tr\u1edf hay \u0111i\u1ec1u ki\u1ec7n m\u00f4i tr\u01b0\u1eddng kh\u1eafc nghi\u1ec7t, tr\u1ee5c PTO \u0111\u1ec1u \u0111\u01b0\u1ee3c thi\u1ebft k\u1ebf \u0111\u1ec3 mang l\u1ea1i hi\u1ec7u su\u1ea5t \u1ed5n \u0111\u1ecbnh, l\u00e2u d\u00e0i, gi\u1ea3m nhu c\u1ea7u b\u1ea3o tr\u00ec th\u01b0\u1eddng xuy\u00ean v\u00e0 gi\u1ea3m thi\u1ec3u th\u1eddi gian ng\u1eebng ho\u1ea1t \u0111\u1ed9ng trong c\u00e1c m\u00f9a v\u1ee5 canh t\u00e1c quan tr\u1ecdng.<\/p>\n<p>M\u1ed9t t\u00ednh n\u0103ng quan tr\u1ecdng kh\u00e1c c\u1ee7a tr\u1ee5c PTO l\u00e0 kh\u1ea3 n\u0103ng l\u1eafp \u0111\u1eb7t v\u00e0 th\u00e1o r\u1eddi d\u1ec5 d\u00e0ng. C\u00e1c tr\u1ee5c n\u00e0y \u0111\u01b0\u1ee3c thi\u1ebft k\u1ebf \u0111\u1ec3 k\u1ebft n\u1ed1i nhanh v\u1edbi c\u1ea3 h\u1ed9p s\u1ed1 m\u00e1y k\u00e9o v\u00e0 m\u00e1y c\u00e0y, \u0111\u1ea3m b\u1ea3o t\u00edch h\u1ee3p li\u1ec1n m\u1ea1ch v\u1edbi nhi\u1ec1u m\u1eabu thi\u1ebft b\u1ecb kh\u00e1c nhau. C\u01a1 ch\u1ebf k\u1ebft n\u1ed1i nhanh cho ph\u00e9p n\u00f4ng d\u00e2n d\u1ec5 d\u00e0ng chuy\u1ec3n \u0111\u1ed5i gi\u1eefa c\u00e1c d\u1ee5ng c\u1ee5 kh\u00e1c nhau, c\u1ea3i thi\u1ec7n hi\u1ec7u qu\u1ea3 v\u1eadn h\u00e0nh v\u00e0 gi\u1ea3m th\u1eddi gian thi\u1ebft l\u1eadp khi thay \u0111\u1ed5i nhi\u1ec7m v\u1ee5 ho\u1eb7c thi\u1ebft b\u1ecb.<\/p>\n<p>An to\u00e0n c\u0169ng l\u00e0 \u01b0u ti\u00ean h\u00e0ng \u0111\u1ea7u c\u1ee7a tr\u1ee5c PTO cho h\u1ed9p s\u1ed1 m\u00e1y x\u1edbi \u0111\u1ea5t. C\u00e1c tr\u1ee5c n\u00e0y \u0111\u01b0\u1ee3c trang b\u1ecb b\u1ed9 ph\u1eadn b\u1ea3o v\u1ec7, ly h\u1ee3p tr\u01b0\u1ee3t v\u00e0 c\u00e1c t\u00ednh n\u0103ng an to\u00e0n kh\u00e1c \u0111\u01b0\u1ee3c thi\u1ebft k\u1ebf \u0111\u1ec3 ng\u0103n ng\u1eeba tai n\u1ea1n v\u00e0 gi\u1ea3m thi\u1ec3u thi\u1ec7t h\u1ea1i trong qu\u00e1 tr\u00ecnh v\u1eadn h\u00e0nh. Tr\u1ee5c PTO gi\u00fap \u0111\u1ea3m b\u1ea3o k\u1ebft n\u1ed1i an to\u00e0n v\u00e0 ch\u1eafc ch\u1eafn gi\u1eefa m\u00e1y k\u00e9o v\u00e0 m\u00e1y x\u1edbi \u0111\u1ea5t, gi\u1ea3m thi\u1ec3u nguy c\u01a1 h\u1ecfng h\u00f3c thi\u1ebft b\u1ecb ho\u1eb7c th\u01b0\u01a1ng t\u00edch trong qu\u00e1 tr\u00ecnh v\u1eadn h\u00e0nh, \u0111\u1eb7c bi\u1ec7t l\u00e0 trong \u0111i\u1ec1u ki\u1ec7n m\u00f4-men xo\u1eafn cao.<\/p>\n<p>Cu\u1ed1i c\u00f9ng, tr\u1ee5c PTO cho h\u1ed9p s\u1ed1 m\u00e1y x\u1edbi \u0111\u1ea5t c\u00f3 kh\u1ea3 n\u0103ng t\u00f9y ch\u1ec9nh cao, cung c\u1ea5p nhi\u1ec1u chi\u1ec1u d\u00e0i, c\u1ea5u h\u00ecnh v\u00e0 thi\u1ebft k\u1ebf kh\u00e1c nhau \u0111\u1ec3 ph\u00f9 h\u1ee3p v\u1edbi nhi\u1ec1u m\u1eabu m\u00e1y x\u1edbi \u0111\u1ea5t v\u00e0 lo\u1ea1i m\u00e1y k\u00e9o. Vi\u1ec7c t\u00f9y ch\u1ec9nh \u0111\u1ea3m b\u1ea3o tr\u1ee5c PTO \u0111\u01b0\u1ee3c k\u1ebft h\u1ee3p ho\u00e0n h\u1ea3o v\u1edbi nhu c\u1ea7u c\u1ee5 th\u1ec3 c\u1ee7a t\u1eebng trang tr\u1ea1i, t\u1ed1i \u0111a h\u00f3a hi\u1ec7u qu\u1ea3 v\u00e0 hi\u1ec7u su\u1ea5t c\u1ee7a m\u00e1y x\u1edbi \u0111\u1ea5t. V\u1edbi tr\u1ee5c PTO ph\u00f9 h\u1ee3p, n\u00f4ng d\u00e2n c\u00f3 th\u1ec3 n\u00e2ng cao n\u0103ng su\u1ea5t, \u0111\u1ea3m b\u1ea3o vi\u1ec7c chu\u1ea9n b\u1ecb \u0111\u1ea5t \u0111\u01b0\u1ee3c th\u1ef1c hi\u1ec7n tr\u01a1n tru v\u00e0 hi\u1ec7u qu\u1ea3 cho s\u1ef1 ph\u00e1t tri\u1ec3n t\u1ed1i \u01b0u c\u1ee7a c\u00e2y tr\u1ed3ng.<\/p>\n<p><img loading=\"lazy\" decoding=\"async\" class=\"alignnone size-full wp-image-2088\" src=\"https:\/\/fmp-components.com\/wp-content\/uploads\/2024\/12\/Agricultural-Gearbox-and-PTO-Drive-Shaft1.webp\" alt=\"H\u1ed9p s\u1ed1 n\u00f4ng nghi\u1ec7p v\u00e0 tr\u1ee5c truy\u1ec1n \u0111\u1ed9ng PTO\" width=\"1200\" height=\"540\" title=\"\" srcset=\"https:\/\/fmp-components.com\/wp-content\/uploads\/2024\/12\/Agricultural-Gearbox-and-PTO-Drive-Shaft1.webp 1200w, https:\/\/fmp-components.com\/wp-content\/uploads\/2024\/12\/Agricultural-Gearbox-and-PTO-Drive-Shaft1-980x441.webp 980w, https:\/\/fmp-components.com\/wp-content\/uploads\/2024\/12\/Agricultural-Gearbox-and-PTO-Drive-Shaft1-480x216.webp 480w\" sizes=\"(min-width: 0px) and (max-width: 480px) 480px, (min-width: 481px) and (max-width: 980px) 980px, (min-width: 981px) 1200px, 100vw\" \/><\/p>\n<h3>Gi\u1edbi thi\u1ec7u v\u1ec1 FMP<\/h3>\n<p>C\u00f3 tr\u1ee5 s\u1edf t\u1ea1i \u00dd, FMP l\u00e0 nh\u00e0 s\u1ea3n xu\u1ea5t h\u00e0ng \u0111\u1ea7u, n\u1ed5i ti\u1ebfng v\u1edbi chuy\u00ean m\u00f4n trong thi\u1ebft k\u1ebf, ph\u00e1t tri\u1ec3n v\u00e0 s\u1ea3n xu\u1ea5t h\u1ed9p s\u1ed1 hi\u1ec7u su\u1ea5t cao, ch\u1ee7 y\u1ebfu d\u00e0nh cho ng\u00e0nh m\u00e1y m\u00f3c n\u00f4ng nghi\u1ec7p. V\u1edbi uy t\u00edn \u0111\u01b0\u1ee3c x\u00e2y d\u1ef1ng d\u1ef1a tr\u00ean k\u1ef9 thu\u1eadt ch\u00ednh x\u00e1c, \u0111\u1ed5i m\u1edbi v\u00e0 \u0111\u1ed9 tin c\u1eady v\u01b0\u1ee3t tr\u1ed9i, FMP lu\u00f4n cung c\u1ea5p c\u00e1c s\u1ea3n ph\u1ea9m v\u01b0\u1ee3t tr\u1ed9i, \u0111\u00e1p \u1ee9ng nhu c\u1ea7u n\u0103ng \u0111\u1ed9ng c\u1ee7a th\u1ecb tr\u01b0\u1eddng n\u00f4ng nghi\u1ec7p v\u00e0 c\u00f4ng nghi\u1ec7p. Danh m\u1ee5c s\u1ea3n ph\u1ea9m phong ph\u00fa c\u1ee7a ch\u00fang t\u00f4i bao g\u1ed3m h\u1ed9p s\u1ed1 chuy\u00ean d\u1ee5ng cho m\u00e1y c\u1eaft c\u1ecf, tr\u1ee5c PTO v\u00e0 c\u00e1c linh ki\u1ec7n quan tr\u1ecdng kh\u00e1c, t\u1ea5t c\u1ea3 \u0111\u1ec1u \u0111\u01b0\u1ee3c thi\u1ebft k\u1ebf ri\u00eang \u0111\u1ec3 cung c\u1ea5p c\u00e1c gi\u1ea3i ph\u00e1p t\u00f9y ch\u1ec9nh cho nhi\u1ec1u \u1ee9ng d\u1ee5ng kh\u00e1c nhau.<\/p>\n<p>T\u1ea1i FMP, ch\u00fang t\u00f4i th\u1ea5u hi\u1ec3u r\u1eb1ng m\u1ed7i kh\u00e1ch h\u00e0ng \u0111\u1ec1u c\u00f3 nh\u1eefng y\u00eau c\u1ea7u ri\u00eang bi\u1ec7t. \u0110\u00f3 l\u00e0 l\u00fd do t\u1ea1i sao ch\u00fang t\u00f4i chuy\u00ean cung c\u1ea5p c\u00e1c gi\u1ea3i ph\u00e1p ri\u00eang bi\u1ec7t, d\u00f9 l\u00e0 c\u00e1c th\u00e0nh ph\u1ea7n ri\u00eang l\u1ebb hay h\u1ec7 th\u1ed1ng t\u00edch h\u1ee3p ho\u00e0n ch\u1ec9nh. Ch\u00fang t\u00f4i h\u1ee3p t\u00e1c ch\u1eb7t ch\u1ebd v\u1edbi kh\u00e1ch h\u00e0ng \u0111\u1ec3 \u0111\u1ea3m b\u1ea3o m\u1ed7i gi\u1ea3i ph\u00e1p kh\u00f4ng ch\u1ec9 hi\u1ec7u qu\u1ea3 m\u00e0 c\u00f2n t\u1ed1i \u01b0u h\u00f3a gi\u00e1 tr\u1ecb. Cam k\u1ebft ph\u1ea3n h\u1ed3i nhanh ch\u00f3ng, chuy\u00ean nghi\u1ec7p c\u00f9ng v\u1edbi s\u1ef1 h\u01b0\u1edbng d\u1eabn t\u1eadn t\u00ecnh c\u1ee7a chuy\u00ean gia \u0111\u1ea3m b\u1ea3o m\u1ecdi y\u00eau c\u1ea7u \u0111\u1ec1u \u0111\u01b0\u1ee3c x\u1eed l\u00fd ch\u00ednh x\u00e1c v\u00e0 t\u1ec9 m\u1ec9 \u0111\u1ebfn t\u1eebng chi ti\u1ebft.<\/p>\n<p>Ch\u00fang t\u00f4i \u01b0u ti\u00ean giao ti\u1ebfp c\u1edfi m\u1edf v\u00e0 h\u1ee3p t\u00e1c trong su\u1ed1t qu\u00e1 tr\u00ecnh ph\u00e1t tri\u1ec3n s\u1ea3n ph\u1ea9m. \u0110\u1ed9i ng\u0169 c\u1ee7a ch\u00fang t\u00f4i l\u00e0m vi\u1ec7c s\u00e1t c\u00e1nh c\u00f9ng kh\u00e1ch h\u00e0ng \u0111\u1ec3 th\u1ea5u hi\u1ec3u nhu c\u1ea7u c\u1ee5 th\u1ec3 c\u1ee7a h\u1ecd, \u0111\u01b0a ra nh\u1eefng khuy\u1ebfn ngh\u1ecb s\u00e2u s\u1eafc, d\u1eabn \u0111\u1ebfn c\u00e1c gi\u1ea3i ph\u00e1p t\u1ed1i \u01b0u nh\u1ea5t. D\u00f9 \u0111ang ph\u00e1t tri\u1ec3n s\u1ea3n ph\u1ea9m m\u1edbi hay th\u1ef1c hi\u1ec7n c\u00e1c \u0111\u01a1n h\u00e0ng \u0111ang tri\u1ec3n khai, ch\u00fang t\u00f4i cam k\u1ebft cung c\u1ea5p c\u00e1c gi\u1ea3i ph\u00e1p ch\u1ea5t l\u01b0\u1ee3ng cao, \u0111\u01b0\u1ee3c thi\u1ebft k\u1ebf ch\u00ednh x\u00e1c, nhanh ch\u00f3ng v\u00e0 \u0111\u00e1ng tin c\u1eady.<\/p>\n<p>Ch\u1ea5t l\u01b0\u1ee3ng l\u00e0 tr\u1ecdng t\u00e2m trong m\u1ecdi ho\u1ea1t \u0111\u1ed9ng c\u1ee7a ch\u00fang t\u00f4i. Ch\u00fang t\u00f4i tu\u00e2n th\u1ee7 c\u00e1c ti\u00eau chu\u1ea9n s\u1ea3n xu\u1ea5t cao nh\u1ea5t v\u00e0 th\u1ef1c hi\u1ec7n c\u00e1c quy tr\u00ecnh ki\u1ec3m so\u00e1t ch\u1ea5t l\u01b0\u1ee3ng nghi\u00eam ng\u1eb7t \u0111\u1ec3 \u0111\u1ea3m b\u1ea3o m\u1ecdi s\u1ea3n ph\u1ea9m kh\u00f4ng ch\u1ec9 \u0111\u00e1p \u1ee9ng m\u00e0 c\u00f2n v\u01b0\u1ee3t xa mong \u0111\u1ee3i c\u1ee7a ng\u00e0nh. Cam k\u1ebft v\u1eefng ch\u1eafc v\u1ec1 ch\u1ea5t l\u01b0\u1ee3ng n\u00e0y, k\u1ebft h\u1ee3p v\u1edbi c\u00e1c gi\u00e1 tr\u1ecb ch\u00ednh tr\u1ef1c, tinh th\u1ea7n \u0111\u1ed3ng \u0111\u1ed9i v\u00e0 s\u1ef1 ki\u00ean tr\u00ec, \u0111\u00e3 gi\u00fap ch\u00fang t\u00f4i x\u00e2y d\u1ef1ng m\u1ed1i quan h\u1ec7 b\u1ec1n ch\u1eb7t v\u1edbi kh\u00e1ch h\u00e0ng t\u1ea1i h\u01a1n 30 qu\u1ed1c gia tr\u00ean to\u00e0n th\u1ebf gi\u1edbi.<\/p>\n<p>FMP lu\u00f4n s\u1eb5n s\u00e0ng x\u00e2y d\u1ef1ng quan h\u1ec7 \u0111\u1ed1i t\u00e1c to\u00e0n c\u1ea7u, cung c\u1ea5p t\u01b0 v\u1ea5n chuy\u00ean m\u00f4n v\u00e0 c\u00e1c gi\u1ea3i ph\u00e1p ph\u00f9 h\u1ee3p \u0111\u1ec3 \u0111\u00e1p \u1ee9ng nhu c\u1ea7u \u0111a d\u1ea1ng c\u1ee7a kh\u00e1ch h\u00e0ng. Ch\u00fang t\u00f4i kh\u00f4ng ch\u1ec9 \u0111\u01a1n thu\u1ea7n cung c\u1ea5p s\u1ea3n ph\u1ea9m, m\u00e0 c\u00f2n h\u01b0\u1edbng \u0111\u1ebfn vi\u1ec7c x\u00e2y d\u1ef1ng m\u1ed1i quan h\u1ec7 l\u00e2u d\u00e0i, th\u00fac \u0111\u1ea9y th\u00e0nh c\u00f4ng c\u1ee7a m\u1ed7i d\u1ef1 \u00e1n. Cho d\u00f9 b\u1ea1n \u0111ang t\u00ecm ki\u1ebfm c\u00e1c gi\u1ea3i ph\u00e1p s\u00e1ng t\u1ea1o cho m\u1ed9t s\u00e1ng ki\u1ebfn \u200b\u200bm\u1edbi hay c\u1ea7n h\u1ed7 tr\u1ee3 li\u00ean t\u1ee5c cho c\u00e1c h\u1ec7 th\u1ed1ng hi\u1ec7n c\u00f3, FMP lu\u00f4n t\u1eadn t\u00e2m gi\u1ea3i quy\u1ebft c\u00e1c th\u00e1ch th\u1ee9c k\u1ef9 thu\u1eadt c\u1ee7a b\u1ea1n v\u00e0 gi\u00fap \u0111\u1ea3m b\u1ea3o th\u00e0nh c\u00f4ng li\u00ean t\u1ee5c c\u1ee7a b\u1ea1n.<\/p>\n<p><img loading=\"lazy\" decoding=\"async\" class=\"alignnone size-full wp-image-1861\" src=\"https:\/\/fmp-components.com\/wp-content\/uploads\/2024\/12\/Other-Agricultural-Gearboxes.webp\" sizes=\"(min-width: 0px) and (max-width: 480px) 480px, (min-width: 481px) and (max-width: 980px) 980px, (min-width: 981px) 1200px, 100vw\" srcset=\"https:\/\/fmp-components.com\/wp-content\/uploads\/2024\/12\/Other-Agricultural-Gearboxes.webp 1200w, https:\/\/fmp-components.com\/wp-content\/uploads\/2024\/12\/Other-Agricultural-Gearboxes-980x1143.webp 980w, https:\/\/fmp-components.com\/wp-content\/uploads\/2024\/12\/Other-Agricultural-Gearboxes-480x560.webp 480w\" alt=\"Altri-cambi-agricoli\" width=\"1200\" height=\"1400\" title=\"\"><\/p>\n<p>T\u00e1c gi\u1ea3: CX<\/p>","protected":false},"excerpt":{"rendered":"<p>Rotary Tillers Gearboxes \u2013 Replacement of Comer Code TB-278C 1:1 The Rotary Tillers Gearbox \u2013 Replacement of Comer Code TB-278C 1:1 is a high-performance, durable gearbox designed specifically for use in rotary tillers, offering an efficient solution for soil preparation and land cultivation. This replacement gearbox is engineered to deliver reliable power transmission from the [&hellip;]<\/p>","protected":false},"featured_media":2112,"comment_status":"open","ping_status":"closed","template":"","meta":{"_et_pb_use_builder":"","_et_pb_old_content":"","_et_gb_content_width":""},"product_brand":[],"product_cat":[53],"product_tag":[],"class_list":{"0":"post-2111","1":"product","2":"type-product","3":"status-publish","4":"has-post-thumbnail","6":"product_cat-rotary-tiller-gearbox","8":"first","9":"instock","10":"shipping-taxable","11":"product-type-simple"},"_links":{"self":[{"href":"https:\/\/fmp-components.com\/vi\/wp-json\/wp\/v2\/product\/2111","targetHints":{"allow":["GET"]}}],"collection":[{"href":"https:\/\/fmp-components.com\/vi\/wp-json\/wp\/v2\/product"}],"about":[{"href":"https:\/\/fmp-components.com\/vi\/wp-json\/wp\/v2\/types\/product"}],"replies":[{"embeddable":true,"href":"https:\/\/fmp-components.com\/vi\/wp-json\/wp\/v2\/comments?post=2111"}],"wp:featuredmedia":[{"embeddable":true,"href":"https:\/\/fmp-components.com\/vi\/wp-json\/wp\/v2\/media\/2112"}],"wp:attachment":[{"href":"https:\/\/fmp-components.com\/vi\/wp-json\/wp\/v2\/media?parent=2111"}],"wp:term":[{"taxonomy":"product_brand","embeddable":true,"href":"https:\/\/fmp-components.com\/vi\/wp-json\/wp\/v2\/product_brand?post=2111"},{"taxonomy":"product_cat","embeddable":true,"href":"https:\/\/fmp-components.com\/vi\/wp-json\/wp\/v2\/product_cat?post=2111"},{"taxonomy":"product_tag","embeddable":true,"href":"https:\/\/fmp-components.com\/vi\/wp-json\/wp\/v2\/product_tag?post=2111"}],"curies":[{"name":"wp","href":"https:\/\/api.w.org\/{rel}","templated":true}]}}