{"id":2084,"date":"2024-12-30T03:14:12","date_gmt":"2024-12-30T03:14:12","guid":{"rendered":"https:\/\/fmp-components.com\/?page_id=8"},"modified":"2024-12-30T03:19:44","modified_gmt":"2024-12-30T03:19:44","slug":"rotary-tiller-gearboxes-replacement-of-comer-code-tb-19j","status":"publish","type":"product","link":"https:\/\/fmp-components.com\/vi\/product\/rotary-tiller-gearboxes-replacement-of-comer-code-tb-19j\/","title":{"rendered":"H\u1ed9p s\u1ed1 m\u00e1y x\u1edbi \u0111\u1ea5t quay \u2013 Thay th\u1ebf m\u00e3 g\u00f3c TB-19J"},"content":{"rendered":"<p><img loading=\"lazy\" decoding=\"async\" class=\"alignnone size-full wp-image-2089\" src=\"https:\/\/fmp-components.com\/wp-content\/uploads\/2024\/12\/Rotary-Tiller-Gearbox-2.webp\" alt=\"H\u1ed9p s\u1ed1 m\u00e1y x\u1edbi \u0111\u1ea5t quay\" width=\"1280\" height=\"1280\" title=\"\" srcset=\"https:\/\/fmp-components.com\/wp-content\/uploads\/2024\/12\/Rotary-Tiller-Gearbox-2.webp 1280w, https:\/\/fmp-components.com\/wp-content\/uploads\/2024\/12\/Rotary-Tiller-Gearbox-2-980x980.webp 980w, https:\/\/fmp-components.com\/wp-content\/uploads\/2024\/12\/Rotary-Tiller-Gearbox-2-480x480.webp 480w\" sizes=\"(min-width: 0px) and (max-width: 480px) 480px, (min-width: 481px) and (max-width: 980px) 980px, (min-width: 981px) 1280px, 100vw\" \/><\/p>\n<h2>Th\u00f4ng tin chi ti\u1ebft v\u1ec1 h\u1ed9p s\u1ed1 m\u00e1y x\u1edbi \u0111\u1ea5t TB-19J<\/h2>\n<p><img loading=\"lazy\" decoding=\"async\" class=\"alignnone size-full wp-image-2085\" src=\"https:\/\/fmp-components.com\/wp-content\/uploads\/2024\/12\/rotary-tiller-gearbox-TB-19J.webp\" alt=\"h\u1ed9p s\u1ed1 m\u00e1y x\u1edbi quay TB-19J\" width=\"948\" height=\"678\" title=\"\" srcset=\"https:\/\/fmp-components.com\/wp-content\/uploads\/2024\/12\/rotary-tiller-gearbox-TB-19J.webp 948w, https:\/\/fmp-components.com\/wp-content\/uploads\/2024\/12\/rotary-tiller-gearbox-TB-19J-480x343.webp 480w\" sizes=\"(min-width: 0px) and (max-width: 480px) 480px, (min-width: 481px) 948px, 100vw\" \/><\/p>\n<table style=\"width: 91.0199%; height: 347px;\" border=\"1\">\n<tbody>\n<tr>\n<td style=\"width: 52.8504%;\"><strong>T\u00f4i<\/strong><\/td>\n<td style=\"width: 46.4371%;\">1.46<\/td>\n<\/tr>\n<tr>\n<td style=\"width: 52.8504%;\"><strong>N<sub>1<\/sub>[v\u00f2ng\/ph\u00fat]<\/strong><\/td>\n<td style=\"width: 46.4371%;\">540<\/td>\n<\/tr>\n<tr>\n<td style=\"width: 52.8504%;\"><strong>P<sub>1<\/sub>[kW]<\/strong><\/td>\n<td style=\"width: 46.4371%;\">16.9<\/td>\n<\/tr>\n<tr>\n<td style=\"width: 52.8504%;\"><strong>M<sub>2<\/sub>[Nm]<\/strong><\/td>\n<td style=\"width: 46.4371%;\">423<\/td>\n<\/tr>\n<tr>\n<td style=\"width: 52.8504%;\"><strong>Tr\u1ee5c X\u00a0 \u00a0 \u00a0 \u00a0 \u00a0 \u00a0 \u00a0 \u00a0 \u00a0 \u00a0 \u00a0 \u00a0 \u00a0 \u00a0 \u00a0 \u00a0 \u00a0 \u00a0 <img loading=\"lazy\" decoding=\"async\" class=\"alignnone size-full wp-image-2086\" src=\"https:\/\/fmp-components.com\/wp-content\/uploads\/2024\/12\/shaft.webp\" alt=\"tr\u1ee5c\" width=\"67\" height=\"65\" title=\"\" srcset=\"https:\/\/fmp-components.com\/wp-content\/uploads\/2024\/12\/shaft.webp 67w, https:\/\/fmp-components.com\/wp-content\/uploads\/2024\/12\/shaft-12x12.webp 12w\" sizes=\"(max-width: 67px) 100vw, 67px\" \/><\/strong><\/td>\n<td style=\"width: 46.4371%;\">30<\/td>\n<\/tr>\n<tr>\n<td style=\"width: 52.8504%;\"><strong>Tr\u1ee5c Z\u00a0 \u00a0 \u00a0 \u00a0 \u00a0 \u00a0 \u00a0 \u00a0 \u00a0 \u00a0 \u00a0 \u00a0 \u00a0 \u00a0 \u00a0 \u00a0 \u00a0 \u00a0<img loading=\"lazy\" decoding=\"async\" class=\"alignnone size-full wp-image-2087\" src=\"https:\/\/fmp-components.com\/wp-content\/uploads\/2024\/12\/shaft-x.webp\" alt=\"tr\u1ee5c-x\" width=\"81\" height=\"78\" title=\"\" srcset=\"https:\/\/fmp-components.com\/wp-content\/uploads\/2024\/12\/shaft-x.webp 81w, https:\/\/fmp-components.com\/wp-content\/uploads\/2024\/12\/shaft-x-12x12.webp 12w\" sizes=\"(max-width: 81px) 100vw, 81px\" \/><\/strong><\/td>\n<td style=\"width: 46.4371%;\">1\u201d 3\/8 Z6<\/td>\n<\/tr>\n<tr>\n<td style=\"width: 52.8504%;\"><strong>\u0110\u1ea7u v\u00e0o<\/strong><\/td>\n<td style=\"width: 46.4371%;\">Z<\/td>\n<\/tr>\n<\/tbody>\n<\/table>\n<h2>Tr\u1ee5c PTO cho h\u1ed9p s\u1ed1 m\u00e1y x\u1edbi \u0111\u1ea5t quay<\/h2>\n<p>Tr\u1ee5c truy\u1ec1n \u0111\u1ed9ng PTO (Power Take-Off) l\u00e0 m\u1ed9t b\u1ed9 ph\u1eadn quan tr\u1ecdng \u0111\u01b0\u1ee3c s\u1eed d\u1ee5ng \u0111\u1ec3 truy\u1ec1n c\u00f4ng su\u1ea5t c\u01a1 h\u1ecdc t\u1eeb \u0111\u1ed9ng c\u01a1 m\u00e1y k\u00e9o \u0111\u1ebfn h\u1ed9p s\u1ed1 m\u00e1y x\u1edbi quay, gi\u00fap m\u00e1y x\u1edbi ho\u1ea1t \u0111\u1ed9ng hi\u1ec7u qu\u1ea3. Tr\u1ee5c PTO \u0111\u00f3ng vai tr\u00f2 nh\u01b0 m\u1ed9t \u0111\u01b0\u1eddng d\u1eabn k\u1ebft n\u1ed1i PTO c\u1ee7a m\u00e1y k\u00e9o v\u1edbi h\u1ed9p s\u1ed1, t\u1ea1o \u0111i\u1ec1u ki\u1ec7n thu\u1eadn l\u1ee3i cho vi\u1ec7c truy\u1ec1n n\u0103ng l\u01b0\u1ee3ng quay c\u1ea7n thi\u1ebft \u0111\u1ec3 v\u1eadn h\u00e0nh c\u00e1c l\u01b0\u1ee1i x\u1edbi c\u1ee7a m\u00e1y. C\u00e1c l\u01b0\u1ee1i x\u1edbi n\u00e0y ch\u1ecbu tr\u00e1ch nhi\u1ec7m ph\u00e1 v\u1ee1 \u0111\u1ea5t, khi\u1ebfn tr\u1ee5c PTO tr\u1edf th\u00e0nh m\u1ed9t ph\u1ea7n kh\u00f4ng th\u1ec3 thi\u1ebfu trong c\u00f4ng t\u00e1c chu\u1ea9n b\u1ecb v\u00e0 canh t\u00e1c \u0111\u1ea5t.<\/p>\n<h3>C\u00e1c b\u1ed9 ph\u1eadn c\u1ee7a tr\u1ee5c PTO<\/h3>\n<p>Tr\u1ee5c truy\u1ec1n \u0111\u1ed9ng PTO \u0111i\u1ec3n h\u00ecnh bao g\u1ed3m m\u1ed9t s\u1ed1 b\u1ed9 ph\u1eadn ch\u00ednh:<\/p>\n<ul>\n<li>Kh\u1edbp n\u1ed1i \u0111\u1ea7u v\u00e0o: Kh\u1edbp n\u1ed1i n\u00e0y k\u1ebft n\u1ed1i v\u1edbi tr\u1ee5c \u0111\u1ea7u ra PTO c\u1ee7a m\u00e1y k\u00e9o v\u00e0 truy\u1ec1n c\u00f4ng su\u1ea5t t\u1eeb \u200b\u200b\u0111\u1ed9ng c\u01a1 m\u00e1y k\u00e9o \u0111\u1ebfn tr\u1ee5c PTO.<\/li>\n<li>Tr\u1ee5c truy\u1ec1n \u0111\u1ed9ng: L\u00e0 b\u1ed9 ph\u1eadn trung t\u00e2m c\u1ee7a tr\u1ee5c PTO, tr\u1ee5c truy\u1ec1n \u0111\u1ed9ng truy\u1ec1n c\u00f4ng su\u1ea5t quay t\u1eeb kh\u1edbp n\u1ed1i \u0111\u1ea7u v\u00e0o \u0111\u1ebfn kh\u1edbp n\u1ed1i \u0111\u1ea7u ra.<\/li>\n<li>Kh\u1edbp n\u1ed1i \u0111\u1ea7u ra: Kh\u1edbp n\u1ed1i \u0111\u1ea7u ra k\u1ebft n\u1ed1i tr\u1ee5c PTO v\u1edbi h\u1ed9p s\u1ed1 m\u00e1y x\u1edbi quay, truy\u1ec1n c\u00f4ng su\u1ea5t c\u01a1 h\u1ecdc \u0111\u1ebfn h\u1ed9p s\u1ed1, t\u1eeb \u0111\u00f3 truy\u1ec1n \u0111\u1ed9ng cho c\u00e1c l\u01b0\u1ee1i x\u1edbi \u0111\u1ec3 x\u1edbi \u0111\u1ea5t.<\/li>\n<\/ul>\n<h3>Ch\u1ee9c n\u0103ng v\u00e0 t\u1ea7m quan tr\u1ecdng<\/h3>\n<p>Tr\u1ee5c PTO cho ph\u00e9p \u0111i\u1ec1u khi\u1ec3n hi\u1ec7u qu\u1ea3 v\u00e0 ch\u00ednh x\u00e1c ho\u1ea1t \u0111\u1ed9ng c\u1ee7a m\u00e1y x\u1edbi quay, \u0111\u1eb7c bi\u1ec7t l\u00e0 t\u1ed1c \u0111\u1ed9 v\u00e0 h\u01b0\u1edbng c\u1ee7a l\u01b0\u1ee1i x\u1edbi. \u0110i\u1ec1u n\u00e0y cho ph\u00e9p ng\u01b0\u1eddi v\u1eadn h\u00e0nh \u0111i\u1ec1u ch\u1ec9nh ho\u1ea1t \u0111\u1ed9ng c\u1ee7a m\u00e1y x\u1edbi d\u1ef1a tr\u00ean \u0111i\u1ec1u ki\u1ec7n \u0111\u1ea5t v\u00e0 \u0111\u1ed9 s\u00e2u x\u1edbi c\u1ea7n thi\u1ebft. Tr\u1ee5c PTO c\u0169ng gi\u00fap t\u1ed1i \u0111a h\u00f3a hi\u1ec7u qu\u1ea3 s\u1eed d\u1ee5ng nhi\u00ean li\u1ec7u b\u1eb1ng c\u00e1ch \u0111\u1ea3m b\u1ea3o truy\u1ec1n t\u1ea3i n\u0103ng l\u01b0\u1ee3ng hi\u1ec7u qu\u1ea3 t\u1eeb \u0111\u1ed9ng c\u01a1 m\u00e1y k\u00e9o \u0111\u1ebfn h\u1ed9p s\u1ed1 m\u00e1y x\u1edbi, gi\u1ea3m thi\u1ec3u t\u1ed5n th\u1ea5t n\u0103ng l\u01b0\u1ee3ng.<\/p>\n<h3>K\u1ebft n\u1ed1i v\u00e0 ng\u1eaft k\u1ebft n\u1ed1i d\u1ec5 d\u00e0ng<\/h3>\n<p>M\u1ed9t trong nh\u1eefng \u01b0u \u0111i\u1ec3m ch\u00ednh c\u1ee7a tr\u1ee5c PTO l\u00e0 d\u1ec5 d\u00e0ng l\u1eafp \u0111\u1eb7t v\u00e0 th\u00e1o r\u1eddi. N\u00f3 \u0111\u01b0\u1ee3c thi\u1ebft k\u1ebf \u0111\u1ec3 k\u1ebft n\u1ed1i v\u00e0 ng\u1eaft k\u1ebft n\u1ed1i nhanh ch\u00f3ng gi\u1eefa m\u00e1y k\u00e9o v\u00e0 h\u1ed9p s\u1ed1 m\u00e1y x\u1edbi quay, gi\u00fap ng\u01b0\u1eddi v\u1eadn h\u00e0nh d\u1ec5 d\u00e0ng chuy\u1ec3n \u0111\u1ed5i gi\u1eefa c\u00e1c thi\u1ebft b\u1ecb kh\u00e1c nhau ho\u1eb7c th\u1ef1c hi\u1ec7n c\u00e1c c\u00f4ng vi\u1ec7c b\u1ea3o tr\u00ec.<\/p>\n<h3>B\u1ea3o tr\u00ec v\u00e0 An to\u00e0n<\/h3>\n<p>Vi\u1ec7c b\u1ea3o tr\u00ec v\u00e0 \u0111i\u1ec1u ch\u1ec9nh \u0111\u00fang c\u00e1ch r\u1ea5t quan tr\u1ecdng \u0111\u1ec3 \u0111\u1ea3m b\u1ea3o tr\u1ee5c PTO ho\u1ea1t \u0111\u1ed9ng t\u1ed1i \u01b0u v\u00e0 an to\u00e0n. C\u1ea7n ti\u1ebfn h\u00e0nh ki\u1ec3m tra th\u01b0\u1eddng xuy\u00ean \u0111\u1ec3 ph\u00e1t hi\u1ec7n s\u1ef1 hao m\u00f2n, \u0111\u1eb7c bi\u1ec7t l\u00e0 \u1edf c\u00e1c kh\u1edbp n\u1ed1i v\u00e0 tr\u1ee5c truy\u1ec1n \u0111\u1ed9ng. B\u00f4i tr\u01a1n v\u00e0 c\u0103n ch\u1ec9nh \u0111\u00fang c\u00e1ch l\u00e0 \u0111i\u1ec1u c\u1ea7n thi\u1ebft \u0111\u1ec3 tr\u00e1nh ma s\u00e1t kh\u00f4ng c\u1ea7n thi\u1ebft, qu\u00e1 nhi\u1ec7t v\u00e0 c\u00e1c s\u1ef1 c\u1ed1 ti\u1ec1m \u1ea9n. \u0110i\u1ec1u quan tr\u1ecdng l\u00e0 ph\u1ea3i \u0111\u1ea3m b\u1ea3o tr\u1ee5c PTO \u0111\u01b0\u1ee3c g\u1eafn ch\u1eafc ch\u1eafn v\u00e0o c\u1ea3 m\u00e1y k\u00e9o v\u00e0 h\u1ed9p s\u1ed1 \u0111\u1ec3 ng\u0103n ng\u1eeba tai n\u1ea1n, v\u00ec vi\u1ec7c l\u1eafp \u0111\u1eb7t kh\u00f4ng \u0111\u00fang c\u00e1ch c\u00f3 th\u1ec3 d\u1eabn \u0111\u1ebfn h\u01b0 h\u1ecfng ho\u1eb7c th\u1eadm ch\u00ed g\u00e2y th\u01b0\u01a1ng t\u00edch.<\/p>\n<p><img loading=\"lazy\" decoding=\"async\" class=\"alignnone size-full wp-image-2088\" src=\"https:\/\/fmp-components.com\/wp-content\/uploads\/2024\/12\/Agricultural-Gearbox-and-PTO-Drive-Shaft1.webp\" alt=\"H\u1ed9p s\u1ed1 n\u00f4ng nghi\u1ec7p v\u00e0 tr\u1ee5c truy\u1ec1n \u0111\u1ed9ng PTO\" width=\"1200\" height=\"540\" title=\"\" srcset=\"https:\/\/fmp-components.com\/wp-content\/uploads\/2024\/12\/Agricultural-Gearbox-and-PTO-Drive-Shaft1.webp 1200w, https:\/\/fmp-components.com\/wp-content\/uploads\/2024\/12\/Agricultural-Gearbox-and-PTO-Drive-Shaft1-980x441.webp 980w, https:\/\/fmp-components.com\/wp-content\/uploads\/2024\/12\/Agricultural-Gearbox-and-PTO-Drive-Shaft1-480x216.webp 480w\" sizes=\"(min-width: 0px) and (max-width: 480px) 480px, (min-width: 481px) and (max-width: 980px) 980px, (min-width: 981px) 1200px, 100vw\" \/><\/p>\n<h3>Tr\u1ee5c PTO FMP<\/h3>\n<p>T\u1ea1i FMP, ch\u00fang t\u00f4i cung c\u1ea5p nhi\u1ec1u lo\u1ea1i tr\u1ee5c PTO \u0111\u01b0\u1ee3c thi\u1ebft k\u1ebf \u0111\u1eb7c bi\u1ec7t cho h\u1ed9p s\u1ed1 m\u00e1y x\u1edbi quay. Tr\u1ee5c PTO c\u1ee7a ch\u00fang t\u00f4i \u0111\u01b0\u1ee3c ch\u1ebf t\u1ea1o \u0111\u1ec3 \u0111\u1ea3m b\u1ea3o \u0111\u1ed9 b\u1ec1n, d\u1ec5 s\u1eed d\u1ee5ng v\u00e0 truy\u1ec1n t\u1ea3i c\u00f4ng su\u1ea5t t\u1ed1i \u01b0u. Cho d\u00f9 b\u1ea1n \u0111ang t\u00ecm ki\u1ebfm tr\u1ee5c PTO ti\u00eau chu\u1ea9n hay gi\u1ea3i ph\u00e1p t\u00f9y ch\u1ec9nh ph\u00f9 h\u1ee3p v\u1edbi thi\u1ebft b\u1ecb c\u1ee5 th\u1ec3 c\u1ee7a m\u00ecnh, FMP \u0111\u1ec1u cung c\u1ea5p c\u00e1c tr\u1ee5c PTO ch\u1ea5t l\u01b0\u1ee3ng cao \u0111\u00e1p \u1ee9ng nhu c\u1ea7u c\u1ee7a m\u00e1y m\u00f3c n\u00f4ng nghi\u1ec7p. S\u1ea3n ph\u1ea9m c\u1ee7a ch\u00fang t\u00f4i \u0111\u01b0\u1ee3c thi\u1ebft k\u1ebf \u0111\u1ec3 ch\u1ecbu \u0111\u01b0\u1ee3c c\u00e1c \u0111i\u1ec1u ki\u1ec7n kh\u1eafc nghi\u1ec7t c\u1ee7a ho\u1ea1t \u0111\u1ed9ng canh t\u00e1c, mang l\u1ea1i hi\u1ec7u su\u1ea5t \u0111\u00e1ng tin c\u1eady v\u00e0 l\u00e2u d\u00e0i.<\/p>\n<p>Tr\u1ee5c PTO c\u1ee7a FMP t\u01b0\u01a1ng th\u00edch v\u1edbi nhi\u1ec1u lo\u1ea1i h\u1ed9p s\u1ed1 m\u00e1y x\u1edbi quay v\u00e0 c\u00e1c thi\u1ebft b\u1ecb n\u00f4ng nghi\u1ec7p kh\u00e1c, mang l\u1ea1i s\u1ef1 linh ho\u1ea1t cho nhi\u1ec1u \u1ee9ng d\u1ee5ng. Ch\u00fang t\u00f4i cam k\u1ebft cung c\u1ea5p c\u00e1c s\u1ea3n ph\u1ea9m kh\u00f4ng ch\u1ec9 \u0111\u00e1p \u1ee9ng m\u00e0 c\u00f2n v\u01b0\u1ee3t tr\u1ed9i so v\u1edbi c\u00e1c ti\u00eau chu\u1ea9n ng\u00e0nh, \u0111\u1ea3m b\u1ea3o thi\u1ebft b\u1ecb c\u1ee7a b\u1ea1n ho\u1ea1t \u0111\u1ed9ng t\u1ed1t nh\u1ea5t trong nhi\u1ec1u n\u0103m t\u1edbi.<\/p>\n<p>Tr\u1ee5c PTO l\u00e0 m\u1ed9t b\u1ed9 ph\u1eadn thi\u1ebft y\u1ebfu \u0111\u1ec3 truy\u1ec1n t\u1ea3i c\u00f4ng su\u1ea5t hi\u1ec7u qu\u1ea3 gi\u1eefa m\u00e1y k\u00e9o v\u00e0 h\u1ed9p s\u1ed1 m\u00e1y x\u1edbi quay. B\u1eb1ng c\u00e1ch \u0111\u1ea3m b\u1ea3o l\u1ef1a ch\u1ecdn, b\u1ea3o d\u01b0\u1ee1ng v\u00e0 v\u1eadn h\u00e0nh tr\u1ee5c PTO \u0111\u00fang c\u00e1ch, b\u1ea1n c\u00f3 th\u1ec3 t\u1ed1i \u0111a h\u00f3a hi\u1ec7u su\u1ea5t v\u00e0 tu\u1ed5i th\u1ecd c\u1ee7a thi\u1ebft b\u1ecb. FMP cung c\u1ea5p \u0111\u1ea7y \u0111\u1ee7 c\u00e1c lo\u1ea1i tr\u1ee5c PTO ch\u1ea5t l\u01b0\u1ee3ng cao \u0111\u1ec3 \u0111\u00e1p \u1ee9ng nhu c\u1ea7u c\u1ee7a n\u1ec1n n\u00f4ng nghi\u1ec7p hi\u1ec7n \u0111\u1ea1i, gi\u00fap b\u1ea1n \u0111\u1ea1t \u0111\u01b0\u1ee3c hi\u1ec7u qu\u1ea3 x\u1edbi \u0111\u1ea5t \u0111\u00e1ng tin c\u1eady v\u00e0 ch\u00ednh x\u00e1c trong m\u1ed7i l\u1ea7n s\u1eed d\u1ee5ng.<\/p>\n<h3>Gi\u1edbi thi\u1ec7u v\u1ec1 FMP<\/h3>\n<p>C\u00f3 tr\u1ee5 s\u1edf ch\u00ednh t\u1ea1i \u00dd, FMP l\u00e0 nh\u00e0 s\u1ea3n xu\u1ea5t h\u00e0ng \u0111\u1ea7u n\u1ed5i ti\u1ebfng v\u1edbi chuy\u00ean m\u00f4n trong thi\u1ebft k\u1ebf, ph\u00e1t tri\u1ec3n v\u00e0 s\u1ea3n xu\u1ea5t h\u1ed9p s\u1ed1 hi\u1ec7u su\u1ea5t cao, ch\u1ee7 y\u1ebfu d\u00e0nh cho ng\u00e0nh m\u00e1y m\u00f3c n\u00f4ng nghi\u1ec7p. V\u1edbi danh ti\u1ebfng v\u1eefng ch\u1eafc v\u1ec1 k\u1ef9 thu\u1eadt ch\u00ednh x\u00e1c, s\u1ef1 \u0111\u1ed5i m\u1edbi v\u00e0 \u0111\u1ed9 tin c\u1eady \u1ed5n \u0111\u1ecbnh, FMP \u0111\u00e3 tr\u1edf th\u00e0nh \u0111\u1ed1i t\u00e1c \u0111\u00e1ng tin c\u1eady trong vi\u1ec7c \u0111\u00e1p \u1ee9ng nhu c\u1ea7u ng\u00e0y c\u00e0ng t\u0103ng c\u1ee7a c\u1ea3 th\u1ecb tr\u01b0\u1eddng n\u00f4ng nghi\u1ec7p v\u00e0 c\u00f4ng nghi\u1ec7p. Danh m\u1ee5c s\u1ea3n ph\u1ea9m to\u00e0n di\u1ec7n c\u1ee7a ch\u00fang t\u00f4i bao g\u1ed3m c\u00e1c h\u1ed9p s\u1ed1 chuy\u00ean d\u1ee5ng cho m\u00e1y c\u1eaft c\u1ecf, tr\u1ee5c PTO v\u00e0 c\u00e1c b\u1ed9 ph\u1eadn thi\u1ebft y\u1ebfu kh\u00e1c, t\u1ea5t c\u1ea3 \u0111\u1ec1u \u0111\u01b0\u1ee3c thi\u1ebft k\u1ebf \u0111\u1ec3 cung c\u1ea5p c\u00e1c gi\u1ea3i ph\u00e1p hi\u1ec7u qu\u1ea3 tr\u00ean nhi\u1ec1u \u1ee9ng d\u1ee5ng kh\u00e1c nhau.<\/p>\n<p>T\u1ea1i FMP, ch\u00fang t\u00f4i hi\u1ec3u r\u1eb1ng m\u1ed7i kh\u00e1ch h\u00e0ng \u0111\u1ec1u c\u00f3 nh\u1eefng nhu c\u1ea7u v\u00e0 th\u00e1ch th\u1ee9c ri\u00eang bi\u1ec7t. \u0110\u00f3 l\u00e0 l\u00fd do t\u1ea1i sao ch\u00fang t\u00f4i chuy\u00ean cung c\u1ea5p c\u00e1c gi\u1ea3i ph\u00e1p t\u00f9y ch\u1ec9nh, cho d\u00f9 b\u1ea1n c\u1ea7n c\u00e1c th\u00e0nh ph\u1ea7n ri\u00eang l\u1ebb hay c\u00e1c h\u1ec7 th\u1ed1ng t\u00edch h\u1ee3p ho\u00e0n ch\u1ec9nh. Ch\u00fang t\u00f4i \u00e1p d\u1ee5ng ph\u01b0\u01a1ng ph\u00e1p h\u1ee3p t\u00e1c, l\u00e0m vi\u1ec7c ch\u1eb7t ch\u1ebd v\u1edbi kh\u00e1ch h\u00e0ng \u0111\u1ec3 \u0111\u1ea3m b\u1ea3o m\u1ecdi gi\u1ea3i ph\u00e1p \u0111\u1ec1u hi\u1ec7u qu\u1ea3 v\u00e0 ti\u1ebft ki\u1ec7m chi ph\u00ed. Cam k\u1ebft c\u1ee7a ch\u00fang t\u00f4i v\u1ec1 ph\u1ea3n h\u1ed3i nhanh ch\u00f3ng, chuy\u00ean nghi\u1ec7p v\u00e0 t\u01b0 v\u1ea5n chuy\u00ean gia \u0111\u1ea3m b\u1ea3o r\u1eb1ng m\u1ed7i y\u00eau c\u1ea7u \u0111\u1ec1u \u0111\u01b0\u1ee3c gi\u1ea3i quy\u1ebft v\u1edbi s\u1ef1 c\u1ea9n tr\u1ecdng v\u00e0 ch\u00ednh x\u00e1c t\u1ed1i \u0111a.<\/p>\n<p>Ch\u00fang t\u00f4i \u01b0u ti\u00ean s\u1ef1 giao ti\u1ebfp c\u1edfi m\u1edf v\u00e0 li\u00ean t\u1ee5c, \u0111\u1eb7c bi\u1ec7t l\u00e0 trong qu\u00e1 tr\u00ecnh ph\u00e1t tri\u1ec3n s\u1ea3n ph\u1ea9m m\u1edbi. \u0110\u1ed9i ng\u0169 t\u1eadn t\u00e2m c\u1ee7a ch\u00fang t\u00f4i h\u1ee3p t\u00e1c ch\u1eb7t ch\u1ebd v\u1edbi kh\u00e1ch h\u00e0ng \u0111\u1ec3 hi\u1ec3u \u0111\u1ea7y \u0111\u1ee7 nhu c\u1ea7u c\u1ee7a h\u1ecd v\u00e0 cung c\u1ea5p nh\u1eefng th\u00f4ng tin chi ti\u1ebft h\u1eefu \u00edch d\u1eabn \u0111\u1ebfn c\u00e1c gi\u1ea3i ph\u00e1p hi\u1ec7u qu\u1ea3 nh\u1ea5t. Cho d\u00f9 l\u00e0 thi\u1ebft k\u1ebf s\u1ea3n ph\u1ea9m \u0111\u1ed9t ph\u00e1 hay th\u1ef1c hi\u1ec7n c\u00e1c \u0111\u01a1n \u0111\u1eb7t h\u00e0ng th\u01b0\u1eddng xuy\u00ean, FMP cam k\u1ebft cung c\u1ea5p c\u00e1c gi\u1ea3i ph\u00e1p ch\u1ea5t l\u01b0\u1ee3ng cao, \u0111\u01b0\u1ee3c thi\u1ebft k\u1ebf ch\u00ednh x\u00e1c v\u00e0 \u0111\u00fang th\u1eddi h\u1ea1n, m\u1ecdi l\u00fac m\u1ecdi n\u01a1i.<\/p>\n<p>Ch\u1ea5t l\u01b0\u1ee3ng l\u00e0 c\u1ed1t l\u00f5i trong ho\u1ea1t \u0111\u1ed9ng c\u1ee7a FMP. Ch\u00fang t\u00f4i tu\u00e2n th\u1ee7 c\u00e1c ti\u00eau chu\u1ea9n s\u1ea3n xu\u1ea5t cao nh\u1ea5t v\u00e0 th\u1ef1c hi\u1ec7n c\u00e1c bi\u1ec7n ph\u00e1p ki\u1ec3m so\u00e1t ch\u1ea5t l\u01b0\u1ee3ng nghi\u00eam ng\u1eb7t \u0111\u1ec3 \u0111\u1ea3m b\u1ea3o m\u1ecdi s\u1ea3n ph\u1ea9m \u0111\u1ec1u \u0111\u00e1p \u1ee9ng ho\u1eb7c v\u01b0\u1ee3t qu\u00e1 k\u1ef3 v\u1ecdng c\u1ee7a ng\u00e0nh. Cam k\u1ebft kh\u00f4ng ng\u1eebng ngh\u1ec9 c\u1ee7a ch\u00fang t\u00f4i \u0111\u1ed1i v\u1edbi ch\u1ea5t l\u01b0\u1ee3ng, k\u1ebft h\u1ee3p v\u1edbi c\u00e1c gi\u00e1 tr\u1ecb c\u1ed1t l\u00f5i v\u1ec1 t\u00ednh ch\u00ednh tr\u1ef1c, tinh th\u1ea7n \u0111\u1ed3ng \u0111\u1ed9i v\u00e0 s\u1ef1 ki\u00ean tr\u00ec, \u0111\u00e3 gi\u00fap ch\u00fang t\u00f4i thi\u1ebft l\u1eadp m\u1ed1i quan h\u1ec7 l\u00e2u d\u00e0i v\u1edbi kh\u00e1ch h\u00e0ng t\u1ea1i g\u1ea7n 30 qu\u1ed1c gia.<\/p>\n<p>FMP lu\u00f4n mong mu\u1ed1n x\u00e2y d\u1ef1ng quan h\u1ec7 \u0111\u1ed1i t\u00e1c to\u00e0n c\u1ea7u v\u00e0 cam k\u1ebft cung c\u1ea5p h\u01b0\u1edbng d\u1eabn chuy\u00ean m\u00f4n c\u00f9ng c\u00e1c gi\u1ea3i ph\u00e1p ph\u00f9 h\u1ee3p \u0111\u1ec3 \u0111\u00e1p \u1ee9ng nhu c\u1ea7u \u0111a d\u1ea1ng c\u1ee7a kh\u00e1ch h\u00e0ng. C\u00e1ch ti\u1ebfp c\u1eadn c\u1ee7a ch\u00fang t\u00f4i kh\u00f4ng ch\u1ec9 \u0111\u01a1n thu\u1ea7n l\u00e0 cung c\u1ea5p s\u1ea3n ph\u1ea9m; ch\u00fang t\u00f4i t\u1eadp trung v\u00e0o vi\u1ec7c x\u00e2y d\u1ef1ng c\u00e1c m\u1ed1i quan h\u1ec7 l\u00e2u d\u00e0i g\u00f3p ph\u1ea7n v\u00e0o s\u1ef1 th\u00e0nh c\u00f4ng c\u1ee7a m\u1ecdi d\u1ef1 \u00e1n. Cho d\u00f9 b\u1ea1n c\u1ea7n c\u00e1c gi\u1ea3i ph\u00e1p \u0111\u1ed9t ph\u00e1 cho m\u1ed9t d\u1ef1 \u00e1n m\u1edbi hay h\u1ed7 tr\u1ee3 li\u00ean t\u1ee5c cho m\u1ed9t h\u1ec7 th\u1ed1ng hi\u1ec7n c\u00f3, FMP lu\u00f4n s\u1eb5n s\u00e0ng gi\u1ea3i quy\u1ebft c\u00e1c th\u00e1ch th\u1ee9c k\u1ef9 thu\u1eadt v\u00e0 gi\u00fap \u0111\u1ea3m b\u1ea3o s\u1ef1 th\u00e0nh c\u00f4ng b\u1ec1n v\u1eefng c\u1ee7a b\u1ea1n.<\/p>\n<p><img loading=\"lazy\" decoding=\"async\" class=\"alignnone size-full wp-image-1861\" src=\"https:\/\/fmp-components.com\/wp-content\/uploads\/2024\/12\/Other-Agricultural-Gearboxes.webp\" sizes=\"(min-width: 0px) and (max-width: 480px) 480px, (min-width: 481px) and (max-width: 980px) 980px, (min-width: 981px) 1200px, 100vw\" srcset=\"https:\/\/fmp-components.com\/wp-content\/uploads\/2024\/12\/Other-Agricultural-Gearboxes.webp 1200w, https:\/\/fmp-components.com\/wp-content\/uploads\/2024\/12\/Other-Agricultural-Gearboxes-980x1143.webp 980w, https:\/\/fmp-components.com\/wp-content\/uploads\/2024\/12\/Other-Agricultural-Gearboxes-480x560.webp 480w\" alt=\"Altri-cambi-agricoli\" width=\"1200\" height=\"1400\" title=\"\"><\/p>\n<p>T\u00e1c gi\u1ea3: CX<\/p>","protected":false},"excerpt":{"rendered":"<p>Th\u00f4ng s\u1ed1 k\u1ef9 thu\u1eadt h\u1ed9p s\u1ed1 m\u00e1y x\u1edbi quay TB-19J: i 1.46 N1[v\u00f2ng\/ph\u00fat] 540 P1[kW] 16.9 M2[Nm] 423 Tr\u1ee5c X 30 Tr\u1ee5c Z 1\u201d 3\/8 Z6 [\u2026]<\/p>","protected":false},"featured_media":2089,"comment_status":"open","ping_status":"closed","template":"","meta":{"_et_pb_use_builder":"","_et_pb_old_content":"","_et_gb_content_width":""},"product_brand":[],"product_cat":[53],"product_tag":[],"class_list":{"0":"post-2084","1":"product","2":"type-product","3":"status-publish","4":"has-post-thumbnail","6":"product_cat-rotary-tiller-gearbox","8":"first","9":"instock","10":"shipping-taxable","11":"product-type-simple"},"_links":{"self":[{"href":"https:\/\/fmp-components.com\/vi\/wp-json\/wp\/v2\/product\/2084","targetHints":{"allow":["GET"]}}],"collection":[{"href":"https:\/\/fmp-components.com\/vi\/wp-json\/wp\/v2\/product"}],"about":[{"href":"https:\/\/fmp-components.com\/vi\/wp-json\/wp\/v2\/types\/product"}],"replies":[{"embeddable":true,"href":"https:\/\/fmp-components.com\/vi\/wp-json\/wp\/v2\/comments?post=2084"}],"wp:featuredmedia":[{"embeddable":true,"href":"https:\/\/fmp-components.com\/vi\/wp-json\/wp\/v2\/media\/2089"}],"wp:attachment":[{"href":"https:\/\/fmp-components.com\/vi\/wp-json\/wp\/v2\/media?parent=2084"}],"wp:term":[{"taxonomy":"product_brand","embeddable":true,"href":"https:\/\/fmp-components.com\/vi\/wp-json\/wp\/v2\/product_brand?post=2084"},{"taxonomy":"product_cat","embeddable":true,"href":"https:\/\/fmp-components.com\/vi\/wp-json\/wp\/v2\/product_cat?post=2084"},{"taxonomy":"product_tag","embeddable":true,"href":"https:\/\/fmp-components.com\/vi\/wp-json\/wp\/v2\/product_tag?post=2084"}],"curies":[{"name":"wp","href":"https:\/\/api.w.org\/{rel}","templated":true}]}}