{"id":2054,"date":"2024-12-30T01:51:43","date_gmt":"2024-12-30T01:51:43","guid":{"rendered":"https:\/\/fmp-components.com\/?page_id=8"},"modified":"2024-12-30T02:12:06","modified_gmt":"2024-12-30T02:12:06","slug":"pull-behind-mower-gearbox-trailing-mower-gearbox-fmp-gc325-for-lawn-mower","status":"publish","type":"product","link":"https:\/\/fmp-components.com\/vi\/product\/pull-behind-mower-gearbox-trailing-mower-gearbox-fmp-gc325-for-lawn-mower\/","title":{"rendered":"H\u1ed9p s\u1ed1 m\u00e1y c\u1eaft c\u1ecf k\u00e9o sau (H\u1ed9p s\u1ed1 m\u00e1y c\u1eaft c\u1ecf k\u00e9o) FMP-GC325 cho m\u00e1y c\u1eaft c\u1ecf"},"content":{"rendered":"<p><img loading=\"lazy\" decoding=\"async\" class=\"size-full wp-image-2060 aligncenter\" src=\"https:\/\/fmp-components.com\/wp-content\/uploads\/2024\/12\/Lawn-Mower-Gearbox-12.webp\" alt=\"H\u1ed9p s\u1ed1 m\u00e1y c\u1eaft c\u1ecf\" width=\"500\" height=\"500\" title=\"\" srcset=\"https:\/\/fmp-components.com\/wp-content\/uploads\/2024\/12\/Lawn-Mower-Gearbox-12.webp 500w, https:\/\/fmp-components.com\/wp-content\/uploads\/2024\/12\/Lawn-Mower-Gearbox-12-480x480.webp 480w\" sizes=\"(min-width: 0px) and (max-width: 480px) 480px, (min-width: 481px) 500px, 100vw\" \/><\/p>\n<h2>K\u00edch th\u01b0\u1edbc h\u1ed9p s\u1ed1 m\u00e1y c\u1eaft c\u1ecf k\u00e9o FMP-GC325\u00a0<img loading=\"lazy\" decoding=\"async\" class=\"alignnone size-full wp-image-2058\" src=\"https:\/\/fmp-components.com\/wp-content\/uploads\/2024\/12\/Trailing-Mower-Gearbox-FMP-GC325-Dimensions.webp\" alt=\"H\u1ed9p s\u1ed1 m\u00e1y c\u1eaft c\u1ecf k\u00e9o FMP GC325 - K\u00edch th\u01b0\u1edbc\" width=\"1291\" height=\"812\" title=\"\" srcset=\"https:\/\/fmp-components.com\/wp-content\/uploads\/2024\/12\/Trailing-Mower-Gearbox-FMP-GC325-Dimensions.webp 1291w, https:\/\/fmp-components.com\/wp-content\/uploads\/2024\/12\/Trailing-Mower-Gearbox-FMP-GC325-Dimensions-1280x805.webp 1280w, https:\/\/fmp-components.com\/wp-content\/uploads\/2024\/12\/Trailing-Mower-Gearbox-FMP-GC325-Dimensions-980x616.webp 980w, https:\/\/fmp-components.com\/wp-content\/uploads\/2024\/12\/Trailing-Mower-Gearbox-FMP-GC325-Dimensions-480x302.webp 480w\" sizes=\"(min-width: 0px) and (max-width: 480px) 480px, (min-width: 481px) and (max-width: 980px) 980px, (min-width: 981px) and (max-width: 1280px) 1280px, (min-width: 1281px) 1291px, 100vw\" \/><\/h2>\n<h2>K\u00edch th\u01b0\u1edbc tr\u1ee5c h\u1ed9p s\u1ed1 m\u00e1y c\u1eaft c\u1ecf k\u00e9o FMP-GC325<\/h2>\n<p><img loading=\"lazy\" decoding=\"async\" class=\"alignnone size-full wp-image-2057\" src=\"https:\/\/fmp-components.com\/wp-content\/uploads\/2024\/12\/Trailing-Mower-Gearbox-FMP-GC325-Shaft-Dimensions.webp\" alt=\"K\u00edch th\u01b0\u1edbc h\u1ed9p s\u1ed1 m\u00e1y c\u1eaft c\u1ecf k\u00e9o FMP-GC325\" width=\"1074\" height=\"348\" title=\"\" srcset=\"https:\/\/fmp-components.com\/wp-content\/uploads\/2024\/12\/Trailing-Mower-Gearbox-FMP-GC325-Shaft-Dimensions.webp 1074w, https:\/\/fmp-components.com\/wp-content\/uploads\/2024\/12\/Trailing-Mower-Gearbox-FMP-GC325-Shaft-Dimensions-980x318.webp 980w, https:\/\/fmp-components.com\/wp-content\/uploads\/2024\/12\/Trailing-Mower-Gearbox-FMP-GC325-Shaft-Dimensions-480x156.webp 480w\" sizes=\"(min-width: 0px) and (max-width: 480px) 480px, (min-width: 481px) and (max-width: 980px) 980px, (min-width: 981px) 1074px, 100vw\" \/><\/p>\n<h2>H\u1ed9p s\u1ed1 m\u00e1y c\u1eaft c\u1ecf k\u00e9o FMP-GC325 D\u1eef li\u1ec7u k\u1ef9 thu\u1eadt<\/h2>\n<table style=\"width: 97.8567%; height: 138px;\" border=\"1\" cellspacing=\"0\" cellpadding=\"0\">\n<tbody>\n<tr>\n<td colspan=\"3\" rowspan=\"2\">T\u00f4i<\/td>\n<td rowspan=\"2\">Th\u00edch h\u1ee3p<\/td>\n<td>\u0110\u1ea7u v\u00e0o v\u00f2ng\/ph\u00fat<\/td>\n<td>\u0110\u1ea7u ra v\u00f2ng\/ph\u00fat<\/td>\n<td>KW(T\u00ean)<\/td>\n<td>M\u00f4-men xo\u1eafn \u0111\u1ea7u ra<\/td>\n<td rowspan=\"2\">m\u1ecdc r\u0103ng<\/td>\n<\/tr>\n<tr>\n<td>v\u00f2ng\/ph\u00fat<\/td>\n<td>v\u00f2ng\/ph\u00fat<\/td>\n<td>m\u00e3 l\u1ef1c<\/td>\n<td>Nm<\/td>\n<\/tr>\n<tr>\n<td colspan=\"2\">T\u0103ng t\u1ed1c \u0111\u1ed9<\/td>\n<td>1: 1<\/td>\n<td>M\u00e1y c\u1eaft c\u1ecf, v.v.<\/td>\n<td>540<\/td>\n<td>540<\/td>\n<td>160<\/td>\n<td>1400<\/td>\n<td>Gleason Helical<br \/>\nR\u0103ng<\/td>\n<\/tr>\n<tr>\n<td colspan=\"9\">L\u01b0u \u00fd: N\u1ebfu b\u1ea1n c\u00f3 b\u1ea5t k\u1ef3 y\u00eau c\u1ea7u \u0111\u1eb7c bi\u1ec7t n\u00e0o, vui l\u00f2ng cho t\u00f4i bi\u1ebft, ch\u00fang t\u00f4i c\u0169ng ch\u1ea5p nh\u1eadn t\u00f9y ch\u1ec9nh.<\/td>\n<\/tr>\n<\/tbody>\n<\/table>\n<h2>Thanh c\u1eaft k\u00e9o ph\u00eda sau (Thanh c\u1eaft k\u00e9o m\u00e1y c\u1eaft c\u1ecf) K\u00edch th\u01b0\u1edbc FMP-GCYB<\/h2>\n<p><img loading=\"lazy\" decoding=\"async\" class=\"alignnone size-full wp-image-2053\" src=\"https:\/\/fmp-components.com\/wp-content\/uploads\/2024\/12\/Pull-behind-Mower-Cutter-Bar-Trailing-Mower-Cutter-Bar.webp\" alt=\"Thanh k\u00e9o m\u00e1y c\u1eaft c\u1ecf ph\u00eda sau - Thanh k\u00e9o m\u00e1y c\u1eaft c\u1ecf\" width=\"805\" height=\"1024\" title=\"\" srcset=\"https:\/\/fmp-components.com\/wp-content\/uploads\/2024\/12\/Pull-behind-Mower-Cutter-Bar-Trailing-Mower-Cutter-Bar.webp 805w, https:\/\/fmp-components.com\/wp-content\/uploads\/2024\/12\/Pull-behind-Mower-Cutter-Bar-Trailing-Mower-Cutter-Bar-480x611.webp 480w\" sizes=\"(min-width: 0px) and (max-width: 480px) 480px, (min-width: 481px) 805px, 100vw\" \/><\/p>\n<h2>Thanh c\u1eaft k\u00e9o ph\u00eda sau (Thanh c\u1eaft k\u00e9o m\u00e1y c\u1eaft c\u1ecf) D\u1eef li\u1ec7u k\u1ef9 thu\u1eadt FMP-GCYB<\/h2>\n<table style=\"width: 101.49%; height: 211px;\" border=\"1\" cellspacing=\"0\" cellpadding=\"0\">\n<tbody>\n<tr>\n<td style=\"width: 45.2514%;\">S\u1ed1 hi\u1ec7u m\u1eabu<\/td>\n<td style=\"width: 27.1881%;\">FMP-GCYB06<\/td>\n<td style=\"width: 27.1881%;\">FMP-GCYB07<\/td>\n<\/tr>\n<tr>\n<td style=\"width: 45.2514%;\">MOP (kw\/hp)<\/td>\n<td style=\"width: 27.1881%;\">52\/70<\/td>\n<td style=\"width: 27.1881%;\">66\/90<\/td>\n<\/tr>\n<tr>\n<td style=\"width: 45.2514%;\">Chi\u1ec1u r\u1ed9ng l\u00e0m vi\u1ec7c (m)<\/td>\n<td style=\"width: 27.1881%;\">2.5<\/td>\n<td style=\"width: 27.1881%;\">3.0<\/td>\n<\/tr>\n<tr>\n<td style=\"width: 45.2514%;\">s\u1ed1 m\u00e1y c\u1eaft (n)<\/td>\n<td style=\"width: 27.1881%;\">6<\/td>\n<td style=\"width: 27.1881%;\">7<\/td>\n<\/tr>\n<tr>\n<td style=\"width: 45.2514%;\">S\u1ed1 l\u01b0\u1ee3ng c\u00e1nh qu\u1ea1t (n)<\/td>\n<td style=\"width: 27.1881%;\">12<\/td>\n<td style=\"width: 27.1881%;\">14<\/td>\n<\/tr>\n<tr>\n<td style=\"width: 45.2514%;\">\u0110\u1ea7u v\u00e0o v\u00f2ng\/ph\u00fat (v\u00f2ng\/ph\u00fat)<\/td>\n<td style=\"width: 54.3762%;\" colspan=\"2\">3000<\/td>\n<\/tr>\n<tr>\n<td style=\"width: 45.2514%;\">\u0110\u1ea7u ra v\u00f2ng\/ph\u00fat (v\u00f2ng\/ph\u00fat)<\/td>\n<td style=\"width: 54.3762%;\" colspan=\"2\">3000<\/td>\n<\/tr>\n<tr>\n<td style=\"width: 99.6276%;\" colspan=\"3\">L\u01b0u \u00fd: N\u1ebfu b\u1ea1n c\u00f3 b\u1ea5t k\u1ef3 y\u00eau c\u1ea7u \u0111\u1eb7c bi\u1ec7t n\u00e0o, vui l\u00f2ng cho t\u00f4i bi\u1ebft, ch\u00fang t\u00f4i c\u0169ng ch\u1ea5p nh\u1eadn t\u00f9y ch\u1ec9nh.<\/td>\n<\/tr>\n<\/tbody>\n<\/table>\n<h2>\u0110\u1eb7c \u0111i\u1ec3m c\u1ee7a h\u1ed9p s\u1ed1 m\u00e1y c\u1eaft c\u1ecf k\u00e9o sau (h\u1ed9p s\u1ed1 m\u00e1y c\u1eaft c\u1ecf k\u00e9o)<\/h2>\n<p>H\u1ed9p s\u1ed1 m\u00e1y c\u1eaft c\u1ecf k\u00e9o ph\u00eda sau, c\u00f2n \u0111\u01b0\u1ee3c g\u1ecdi l\u00e0 h\u1ed9p s\u1ed1 m\u00e1y c\u1eaft c\u1ecf k\u00e9o, l\u00e0 m\u1ed9t b\u1ed9 ph\u1eadn thi\u1ebft y\u1ebfu trong m\u00e1y m\u00f3c n\u00f4ng nghi\u1ec7p v\u00e0 c\u1ea3nh quan. N\u00f3 \u0111\u01b0\u1ee3c thi\u1ebft k\u1ebf \u0111\u1ec3 truy\u1ec1n l\u1ef1c hi\u1ec7u qu\u1ea3 t\u1eeb b\u1ed9 truy\u1ec1n \u0111\u1ed9ng PTO (Power Take-Off) c\u1ee7a m\u00e1y k\u00e9o \u0111\u1ebfn c\u01a1 c\u1ea5u c\u1eaft c\u1ee7a m\u00e1y c\u1eaft, \u0111\u1ea3m b\u1ea3o hi\u1ec7u su\u1ea5t t\u1ed1i \u01b0u trong nhi\u1ec1u \u1ee9ng d\u1ee5ng c\u1eaft c\u1ecf v\u00e0 b\u1ea3o d\u01b0\u1ee1ng \u0111\u1ed3ng ru\u1ed9ng. D\u01b0\u1edbi \u0111\u00e2y l\u00e0 c\u00e1c t\u00ednh n\u0103ng ch\u00ednh c\u1ee7a h\u1ed9p s\u1ed1 m\u00e1y c\u1eaft c\u1ecf k\u00e9o ph\u00eda sau:<\/p>\n<ol>\n<li>K\u1ebft c\u1ea5u b\u1ec1n b\u1ec9:\n<ul>\n<li>H\u1ed9p s\u1ed1 m\u00e1y c\u1eaft c\u1ecf k\u00e9o \u0111\u01b0\u1ee3c ch\u1ebf t\u1ea1o t\u1eeb v\u1eadt li\u1ec7u b\u1ec1n b\u1ec9, ch\u1ea5t l\u01b0\u1ee3ng cao \u0111\u1ec3 ch\u1ecbu \u0111\u01b0\u1ee3c \u0111i\u1ec1u ki\u1ec7n s\u1eed d\u1ee5ng ngo\u00e0i tr\u1eddi kh\u1eafc nghi\u1ec7t. Thi\u1ebft k\u1ebf ch\u1ecbu l\u1ef1c cao \u0111\u1ea3m b\u1ea3o \u0111\u1ed9 b\u1ec1n l\u00e2u d\u00e0i, ngay c\u1ea3 khi ho\u1ea1t \u0111\u1ed9ng tr\u00ean \u0111\u1ecba h\u00ecnh g\u1ed3 gh\u1ec1 v\u00e0 m\u00f4i tr\u01b0\u1eddng kh\u1eafc nghi\u1ec7t.<\/li>\n<\/ul>\n<\/li>\n<li>Truy\u1ec1n t\u1ea3i \u0111i\u1ec7n n\u0103ng hi\u1ec7u qu\u1ea3:\n<ul>\n<li>C\u00e1c h\u1ed9p s\u1ed1 n\u00e0y \u0111\u01b0\u1ee3c thi\u1ebft k\u1ebf \u0111\u1ec3 truy\u1ec1n l\u1ef1c t\u1eeb PTO c\u1ee7a m\u00e1y k\u00e9o \u0111\u1ebfn l\u01b0\u1ee1i c\u1eaft ho\u1eb7c c\u01a1 c\u1ea5u c\u1eaft m\u1ed9t c\u00e1ch hi\u1ec7u qu\u1ea3. \u0110i\u1ec1u n\u00e0y \u0111\u1ea3m b\u1ea3o m\u00e1y c\u1eaft ho\u1ea1t \u0111\u1ed9ng tr\u01a1n tru, gi\u1ea3m thi\u1ec3u t\u1ed5n th\u1ea5t c\u00f4ng su\u1ea5t, cho hi\u1ec7u su\u1ea5t c\u1eaft \u1ed5n \u0111\u1ecbnh.<\/li>\n<\/ul>\n<\/li>\n<li>Ho\u1ea1t \u0111\u1ed9ng tr\u01a1n tru:\n<ul>\n<li>\u0110\u01b0\u1ee3c thi\u1ebft k\u1ebf \u0111\u1ec3 gi\u1ea3m thi\u1ec3u \u0111\u1ed9 rung v\u00e0 v\u1eadn h\u00e0nh tr\u01a1n tru, h\u1ed9p s\u1ed1 m\u00e1y c\u1eaft c\u1ecf k\u00e9o ph\u00eda sau gi\u00fap gi\u1ea3m thi\u1ec3u hao m\u00f2n cho c\u1ea3 h\u1ed9p s\u1ed1 v\u00e0 m\u00e1y c\u1eaft. \u0110i\u1ec1u n\u00e0y gi\u00fap c\u1ea3i thi\u1ec7n hi\u1ec7u su\u1ea5t c\u1eaft, gi\u1ea3m nhu c\u1ea7u b\u1ea3o tr\u00ec v\u00e0 mang l\u1ea1i tr\u1ea3i nghi\u1ec7m tho\u1ea3i m\u00e1i h\u01a1n cho ng\u01b0\u1eddi d\u00f9ng.<\/li>\n<\/ul>\n<\/li>\n<li>T\u00ednh linh ho\u1ea1t:\n<ul>\n<li>H\u1ed9p s\u1ed1 m\u00e1y c\u1eaft c\u1ecf k\u00e9o ph\u00eda sau t\u01b0\u01a1ng th\u00edch v\u1edbi nhi\u1ec1u lo\u1ea1i thi\u1ebft b\u1ecb c\u1eaft c\u1ecf, ch\u1eb3ng h\u1ea1n nh\u01b0 m\u00e1y c\u1eaft c\u1ecf quay, m\u00e1y c\u1eaft c\u1ecf b\u1ee5i r\u1eadm v\u00e0 m\u00e1y c\u1eaft c\u1ecf. T\u00ednh linh ho\u1ea1t c\u1ee7a ch\u00fang cho ph\u00e9p ng\u01b0\u1eddi d\u00f9ng \u0111i\u1ec1u ch\u1ec9nh h\u1ed9p s\u1ed1 cho ph\u00f9 h\u1ee3p v\u1edbi c\u00e1c \u1ee9ng d\u1ee5ng kh\u00e1c nhau, t\u1eeb c\u1eaft c\u1ecf tr\u00ean \u0111\u1ed3ng c\u1ecf \u0111\u1ebfn d\u1ecdn d\u1eb9p b\u1ee5i r\u1eadm v\u00e0 ch\u0103m s\u00f3c c\u00e1c khu \u0111\u1ea5t r\u1ed9ng l\u1edbn.<\/li>\n<\/ul>\n<\/li>\n<li>B\u1ea3o tr\u00ec d\u1ec5 d\u00e0ng:\n<ul>\n<li>Nhi\u1ec1u h\u1ed9p s\u1ed1 m\u00e1y c\u1eaft c\u1ecf k\u00e9o \u0111\u01b0\u1ee3c trang b\u1ecb c\u00e1c t\u00ednh n\u0103ng b\u1ea3o tr\u00ec ti\u1ec7n l\u1ee3i, ch\u1eb3ng h\u1ea1n nh\u01b0 n\u00fat ch\u00e2m d\u1ea7u v\u00e0 x\u1ea3 d\u1ea7u, gi\u00fap vi\u1ec7c thay d\u1ea7u v\u00e0 b\u00f4i tr\u01a1n d\u1ec5 d\u00e0ng h\u01a1n. Vi\u1ec7c b\u1ea3o tr\u00ec \u0111\u1ecbnh k\u1ef3 \u0111\u01b0\u1ee3c \u0111\u01a1n gi\u1ea3n h\u00f3a, \u0111\u1ea3m b\u1ea3o h\u1ed9p s\u1ed1 lu\u00f4n \u1edf t\u00ecnh tr\u1ea1ng t\u1ed1i \u01b0u \u0111\u1ec3 k\u00e9o d\u00e0i tu\u1ed5i th\u1ecd ho\u1ea1t \u0111\u1ed9ng.<\/li>\n<\/ul>\n<\/li>\n<\/ol>\n<p>T\u00f3m l\u1ea1i, h\u1ed9p s\u1ed1 m\u00e1y c\u1eaft c\u1ecf k\u00e9o ph\u00eda sau \u0111\u01b0\u1ee3c thi\u1ebft k\u1ebf h\u01b0\u1edbng \u0111\u1ebfn \u0111\u1ed9 b\u1ec1n, hi\u1ec7u qu\u1ea3 v\u00e0 d\u1ec5 s\u1eed d\u1ee5ng, khi\u1ebfn n\u00f3 tr\u1edf th\u00e0nh m\u1ed9t b\u1ed9 ph\u1eadn thi\u1ebft y\u1ebfu cho nhi\u1ec1u lo\u1ea1i c\u00f4ng vi\u1ec7c c\u1eaft c\u1ecf v\u00e0 b\u1ea3o d\u01b0\u1ee1ng \u0111\u1ea5t. D\u00f9 l\u00e0 trong n\u00f4ng nghi\u1ec7p, c\u1ea3nh quan hay c\u1eaft c\u1ecf ven \u0111\u01b0\u1eddng, hi\u1ec7u su\u1ea5t \u0111\u00e1ng tin c\u1eady v\u00e0 c\u00e1c t\u00ednh n\u0103ng th\u00e2n thi\u1ec7n v\u1edbi ng\u01b0\u1eddi d\u00f9ng khi\u1ebfn n\u00f3 tr\u1edf th\u00e0nh m\u1ed9t c\u00f4ng c\u1ee5 h\u1eefu \u00edch \u0111\u1ec3 \u0111\u1ea1t \u0111\u01b0\u1ee3c k\u1ebft qu\u1ea3 hi\u1ec7u qu\u1ea3 v\u00e0 ch\u1ea5t l\u01b0\u1ee3ng cao.<\/p>\n<p><img loading=\"lazy\" decoding=\"async\" class=\"alignnone size-full wp-image-2062\" src=\"https:\/\/fmp-components.com\/wp-content\/uploads\/2024\/12\/Lawn-Mower-Gearbox-11.webp\" alt=\"H\u1ed9p s\u1ed1 m\u00e1y c\u1eaft c\u1ecf\" width=\"1256\" height=\"758\" title=\"\" srcset=\"https:\/\/fmp-components.com\/wp-content\/uploads\/2024\/12\/Lawn-Mower-Gearbox-11.webp 1256w, https:\/\/fmp-components.com\/wp-content\/uploads\/2024\/12\/Lawn-Mower-Gearbox-11-980x591.webp 980w, https:\/\/fmp-components.com\/wp-content\/uploads\/2024\/12\/Lawn-Mower-Gearbox-11-480x290.webp 480w\" sizes=\"(min-width: 0px) and (max-width: 480px) 480px, (min-width: 481px) and (max-width: 980px) 980px, (min-width: 981px) 1256px, 100vw\" \/><\/p>\n<h2>\u1ee8ng d\u1ee5ng ph\u1ed5 bi\u1ebfn c\u1ee7a h\u1ed9p s\u1ed1 m\u00e1y c\u1eaft c\u1ecf k\u00e9o FMP-GC325<\/h2>\n<p>H\u1ed9p s\u1ed1 m\u00e1y c\u1eaft c\u1ecf k\u00e9o FMP-GC325 \u0111\u01b0\u1ee3c thi\u1ebft k\u1ebf cho nhi\u1ec1u \u1ee9ng d\u1ee5ng n\u00f4ng nghi\u1ec7p v\u00e0 c\u1ea3nh quan, mang l\u1ea1i kh\u1ea3 n\u0103ng truy\u1ec1n l\u1ef1c hi\u1ec7u qu\u1ea3 v\u00e0 hi\u1ec7u su\u1ea5t \u0111\u00e1ng tin c\u1eady. D\u01b0\u1edbi \u0111\u00e2y l\u00e0 m\u1ed9t s\u1ed1 \u1ee9ng d\u1ee5ng ph\u1ed5 bi\u1ebfn nh\u1ea5t c\u1ee7a h\u1ed9p s\u1ed1 FMP-GC325:<\/p>\n<ol>\n<li>C\u1eaft c\u1ecf:\n<ul>\n<li>H\u1ed9p s\u1ed1 FMP-GC325 th\u01b0\u1eddng \u0111\u01b0\u1ee3c s\u1eed d\u1ee5ng trong vi\u1ec7c c\u1eaft c\u1ecf tr\u00ean \u0111\u1ed3ng c\u1ecf, gi\u00fap qu\u1ea3n l\u00fd nh\u1eefng b\u00e3i c\u1ecf r\u1ed9ng l\u1edbn. N\u00f3 cung c\u1ea5p n\u0103ng l\u01b0\u1ee3ng hi\u1ec7u qu\u1ea3 cho m\u00e1y c\u1eaft c\u1ecf ho\u1eb7c m\u00e1y c\u1eaft c\u1ecf quay \u0111\u1ec3 x\u1eed l\u00fd th\u1ea3m th\u1ef1c v\u1eadt r\u1eadm r\u1ea1p v\u00e0 duy tr\u00ec \u0111\u1ed3ng c\u1ecf xanh t\u01b0\u01a1i.<\/li>\n<\/ul>\n<\/li>\n<li>B\u1ea3o tr\u00ec hi\u1ec7n tr\u01b0\u1eddng:\n<ul>\n<li>H\u1ed9p s\u1ed1 n\u00e0y l\u00fd t\u01b0\u1edfng cho vi\u1ec7c duy tr\u00ec c\u00e1c c\u00e1nh \u0111\u1ed3ng n\u00f4ng nghi\u1ec7p, bao g\u1ed3m c\u1eaft c\u1ecf d\u1ea1i, c\u1ecf v\u00e0 c\u00e2y b\u1ee5i tr\u00ean c\u00e1c c\u00e1nh \u0111\u1ed3ng tr\u1ed3ng tr\u1ecdt, v\u01b0\u1eddn c\u00e2y \u0103n qu\u1ea3 v\u00e0 v\u01b0\u1eddn nho. T\u00ednh linh ho\u1ea1t c\u1ee7a n\u00f3 cho ph\u00e9p k\u1ebft h\u1ee3p v\u1edbi c\u00e1c ph\u1ee5 ki\u1ec7n c\u1eaft kh\u00e1c nhau, \u0111\u00e1p \u1ee9ng nhu c\u1ea7u c\u1ee5 th\u1ec3 c\u1ee7a nhi\u1ec1u lo\u1ea1i c\u00e1nh \u0111\u1ed3ng kh\u00e1c nhau.<\/li>\n<\/ul>\n<\/li>\n<li>C\u1eaft c\u1ecf ven \u0111\u01b0\u1eddng:\n<ul>\n<li>Trong c\u00f4ng t\u00e1c b\u1ea3o tr\u00ec \u0111\u01b0\u1eddng b\u1ed9 v\u00e0 n\u00f4ng th\u00f4n, h\u1ed9p s\u1ed1 FMP-GC325 cung c\u1ea5p n\u0103ng l\u01b0\u1ee3ng cho m\u00e1y c\u1eaft c\u1ecf k\u00e9o ph\u00eda sau, \u0111\u01b0\u1ee3c s\u1eed d\u1ee5ng \u0111\u1ec3 d\u1ecdn d\u1eb9p th\u1ea3m th\u1ef1c v\u1eadt ven \u0111\u01b0\u1eddng, \u0111\u1ea3m b\u1ea3o t\u1ea7m nh\u00ecn th\u00f4ng tho\u00e1ng v\u00e0 \u0111i\u1ec1u ki\u1ec7n l\u00e1i xe an to\u00e0n. M\u00e1y c\u1eaft c\u1ecf n\u00e0y c\u00f3 th\u1ec3 c\u1eaft c\u1ecf, c\u00e2y b\u1ee5i v\u00e0 c\u00e2y nh\u1ecf d\u1ecdc theo l\u1ec1 \u0111\u01b0\u1eddng, m\u01b0\u01a1ng r\u00e3nh v\u00e0 b\u1edd k\u00e8.<\/li>\n<\/ul>\n<\/li>\n<li>Khai hoang v\u00e0 c\u1eaft t\u1ec9a c\u00e2y b\u1ee5i:\n<ul>\n<li>M\u00e1y FMP-GC325 c\u1ef1c k\u1ef3 hi\u1ec7u qu\u1ea3 trong vi\u1ec7c d\u1ecdn d\u1eb9p \u0111\u1ea5t \u0111ai, \u0111\u1eb7c bi\u1ec7t khi s\u1eed d\u1ee5ng v\u1edbi m\u00e1y c\u1eaft c\u1ecf quay c\u00f4ng su\u1ea5t l\u1edbn ho\u1eb7c m\u00e1y c\u1eaft c\u1ecf b\u1ee5i r\u1eadm. M\u00e1y l\u00fd t\u01b0\u1edfng \u0111\u1ec3 d\u1ecdn d\u1eb9p th\u1ea3m th\u1ef1c v\u1eadt r\u1eadm r\u1ea1p, b\u1ee5i r\u1eadm v\u00e0 c\u00e1c khu v\u1ef1c c\u00e2y c\u1ed1i m\u1ecdc um t\u00f9m, chu\u1ea9n b\u1ecb \u0111\u1ea5t cho m\u1ee5c \u0111\u00edch n\u00f4ng nghi\u1ec7p ho\u1eb7c x\u00e2y d\u1ef1ng sau n\u00e0y.<\/li>\n<\/ul>\n<\/li>\n<li>B\u1ea3o tr\u00ec khu \u0111\u1ea5t r\u1ed9ng v\u00e0 khu v\u1ef1c gi\u1ea3i tr\u00ed:\n<ul>\n<li>H\u1ed9p s\u1ed1 FMP-GC325 c\u0169ng \u0111\u01b0\u1ee3c s\u1eed d\u1ee5ng \u0111\u1ec3 b\u1ea3o tr\u00ec c\u00e1c kh\u00f4ng gian m\u1edf r\u1ed9ng l\u1edbn nh\u01b0 c\u00f4ng vi\u00ean, s\u00e2n golf v\u00e0 s\u00e2n th\u1ec3 thao. N\u00f3 c\u00f3 th\u1ec3 cung c\u1ea5p n\u0103ng l\u01b0\u1ee3ng cho c\u00e1c s\u00e0n c\u1eaft r\u1ed9ng, \u0111\u1ea3m b\u1ea3o c\u1eaft c\u1ecf hi\u1ec7u qu\u1ea3 v\u00e0 \u0111\u1ed3ng \u0111\u1ec1u tr\u00ean c\u00e1c khu v\u1ef1c r\u1ed9ng l\u1edbn.<\/li>\n<\/ul>\n<\/li>\n<\/ol>\n<p>V\u1edbi hi\u1ec7u su\u1ea5t \u0111\u00e1ng tin c\u1eady v\u00e0 linh ho\u1ea1t, h\u1ed9p s\u1ed1 m\u00e1y c\u1eaft c\u1ecf k\u00e9o FMP-GC325 h\u1ed7 tr\u1ee3 nhi\u1ec1u \u1ee9ng d\u1ee5ng kh\u00e1c nhau, t\u1eeb c\u1eaft c\u1ecf tr\u00ean \u0111\u1ed3ng c\u1ecf v\u00e0 d\u1ecdn \u0111\u1ea5t \u0111\u1ebfn b\u1ea3o d\u01b0\u1ee1ng c\u00e1c b\u00e3i c\u1ecf r\u1ed9ng l\u1edbn, khi\u1ebfn n\u00f3 tr\u1edf th\u00e0nh m\u1ed9t th\u00e0nh ph\u1ea7n thi\u1ebft y\u1ebfu cho thi\u1ebft b\u1ecb n\u00f4ng nghi\u1ec7p v\u00e0 c\u1ea3nh quan.<\/p>\n<p><img loading=\"lazy\" decoding=\"async\" class=\"alignnone size-full wp-image-2061\" src=\"https:\/\/fmp-components.com\/wp-content\/uploads\/2024\/12\/Trailing-Mower-Gearbox-EP-GC325-Common-Applications.webp\" alt=\"H\u1ed9p s\u1ed1 m\u00e1y c\u1eaft c\u1ecf k\u00e9o FMP GC325 - \u1ee8ng d\u1ee5ng ph\u1ed5 bi\u1ebfn\" width=\"980\" height=\"551\" title=\"\" srcset=\"https:\/\/fmp-components.com\/wp-content\/uploads\/2024\/12\/Trailing-Mower-Gearbox-EP-GC325-Common-Applications.webp 980w, https:\/\/fmp-components.com\/wp-content\/uploads\/2024\/12\/Trailing-Mower-Gearbox-EP-GC325-Common-Applications-480x270.webp 480w\" sizes=\"(min-width: 0px) and (max-width: 480px) 480px, (min-width: 481px) 980px, 100vw\" \/><\/p>\n<div class=\"flex max-w-full flex-col flex-grow\">\n<div class=\"min-h-8 text-message flex w-full flex-col items-end gap-2 whitespace-normal break-words text-start [.text-message+&amp;]:mt-5\" dir=\"auto\" data-message-author-role=\"assistant\" data-message-id=\"f0e5c835-c083-47c5-957f-0b86b6a1a5cd\" data-message-model-slug=\"gpt-4o\">\n<div class=\"flex w-full flex-col gap-1 empty:hidden first:pt-[3px]\">\n<div class=\"markdown prose w-full break-words dark:prose-invert light\">\n<h3>Gi\u1edbi thi\u1ec7u v\u1ec1 FMP<\/h3>\n<p>C\u00f3 tr\u1ee5 s\u1edf ch\u00ednh t\u1ea1i \u00dd, FMP l\u00e0 nh\u00e0 s\u1ea3n xu\u1ea5t h\u00e0ng \u0111\u1ea7u \u0111\u01b0\u1ee3c c\u00f4ng nh\u1eadn v\u1ec1 chuy\u00ean m\u00f4n trong thi\u1ebft k\u1ebf, ph\u00e1t tri\u1ec3n v\u00e0 s\u1ea3n xu\u1ea5t h\u1ed9p s\u1ed1 hi\u1ec7u su\u1ea5t cao, ch\u1ee7 y\u1ebfu ph\u1ee5c v\u1ee5 ng\u00e0nh m\u00e1y m\u00f3c n\u00f4ng nghi\u1ec7p. N\u1ed5i ti\u1ebfng v\u1edbi k\u1ef9 thu\u1eadt ch\u00ednh x\u00e1c, \u0111\u1ed5i m\u1edbi v\u00e0 \u0111\u1ed9 tin c\u1eady tuy\u1ec7t \u0111\u1ed1i, FMP \u0111\u00e3 t\u1ea1o d\u1ef1ng \u0111\u01b0\u1ee3c danh ti\u1ebfng v\u1eefng ch\u1eafc trong vi\u1ec7c cung c\u1ea5p c\u00e1c s\u1ea3n ph\u1ea9m v\u01b0\u1ee3t tr\u1ed9i, \u0111\u00e1p \u1ee9ng nhu c\u1ea7u ng\u00e0y c\u00e0ng cao c\u1ee7a ng\u00e0nh n\u00f4ng nghi\u1ec7p v\u00e0 c\u00f4ng nghi\u1ec7p. Danh m\u1ee5c s\u1ea3n ph\u1ea9m \u0111a d\u1ea1ng c\u1ee7a ch\u00fang t\u00f4i bao g\u1ed3m h\u1ed9p s\u1ed1 chuy\u00ean d\u1ee5ng cho m\u00e1y c\u1eaft c\u1ecf, tr\u1ee5c PTO v\u00e0 c\u00e1c linh ki\u1ec7n quan tr\u1ecdng kh\u00e1c, t\u1ea5t c\u1ea3 \u0111\u1ec1u \u0111\u01b0\u1ee3c thi\u1ebft k\u1ebf \u0111\u1ec3 cung c\u1ea5p c\u00e1c gi\u1ea3i ph\u00e1p t\u00f9y ch\u1ec9nh cho nhi\u1ec1u \u1ee9ng d\u1ee5ng kh\u00e1c nhau.<\/p>\n<p>T\u1ea1i FMP, ch\u00fang t\u00f4i hi\u1ec3u r\u1eb1ng m\u1ed7i kh\u00e1ch h\u00e0ng \u0111\u1ec1u c\u00f3 nh\u1eefng nhu c\u1ea7u v\u00e0 th\u00e1ch th\u1ee9c ri\u00eang. \u0110\u00f3 l\u00e0 l\u00fd do t\u1ea1i sao ch\u00fang t\u00f4i chuy\u00ean cung c\u1ea5p c\u00e1c gi\u1ea3i ph\u00e1p \u0111\u01b0\u1ee3c thi\u1ebft k\u1ebf ri\u00eang, d\u00f9 l\u00e0 c\u00e1c th\u00e0nh ph\u1ea7n ri\u00eang l\u1ebb hay h\u1ec7 th\u1ed1ng t\u00edch h\u1ee3p ho\u00e0n ch\u1ec9nh. Ch\u00fang t\u00f4i \u00e1p d\u1ee5ng ph\u01b0\u01a1ng ph\u00e1p ti\u1ebfp c\u1eadn h\u1ee3p t\u00e1c, l\u00e0m vi\u1ec7c ch\u1eb7t ch\u1ebd v\u1edbi kh\u00e1ch h\u00e0ng \u0111\u1ec3 \u0111\u1ea3m b\u1ea3o m\u1ed7i gi\u1ea3i ph\u00e1p \u0111\u1ec1u \u0111\u1ea1t hi\u1ec7u qu\u1ea3 cao. Cam k\u1ebft ph\u1ea3n h\u1ed3i nhanh ch\u00f3ng, chuy\u00ean nghi\u1ec7p v\u00e0 h\u01b0\u1edbng d\u1eabn chuy\u00ean m\u00f4n c\u1ee7a ch\u00fang t\u00f4i \u0111\u1ea3m b\u1ea3o m\u1ecdi th\u1eafc m\u1eafc \u0111\u1ec1u \u0111\u01b0\u1ee3c gi\u1ea3i quy\u1ebft v\u1edbi s\u1ef1 t\u1eadn t\u00e2m v\u00e0 ch\u00ednh x\u00e1c t\u1ed1i \u0111a.<\/p>\n<p>Ch\u00fang t\u00f4i \u0111\u1eb7c bi\u1ec7t ch\u00fa tr\u1ecdng v\u00e0o giao ti\u1ebfp c\u1edfi m\u1edf v\u00e0 li\u00ean t\u1ee5c, \u0111\u1eb7c bi\u1ec7t l\u00e0 trong qu\u00e1 tr\u00ecnh ph\u00e1t tri\u1ec3n s\u1ea3n ph\u1ea9m m\u1edbi. \u0110\u1ed9i ng\u0169 t\u1eadn t\u00e2m c\u1ee7a ch\u00fang t\u00f4i l\u00e0m vi\u1ec7c tr\u1ef1c ti\u1ebfp v\u1edbi kh\u00e1ch h\u00e0ng \u0111\u1ec3 hi\u1ec3u r\u00f5 y\u00eau c\u1ea7u c\u1ee7a h\u1ecd v\u00e0 \u0111\u01b0a ra nh\u1eefng hi\u1ec3u bi\u1ebft thi\u1ebft th\u1ef1c, d\u1eabn \u0111\u1ebfn c\u00e1c gi\u1ea3i ph\u00e1p t\u1ed1i \u01b0u. D\u00f9 l\u00e0 thi\u1ebft k\u1ebf s\u1ea3n ph\u1ea9m s\u00e1ng t\u1ea1o hay ho\u00e0n th\u00e0nh c\u00e1c \u0111\u01a1n h\u00e0ng hi\u1ec7n c\u00f3, ch\u00fang t\u00f4i cam k\u1ebft cung c\u1ea5p c\u00e1c gi\u1ea3i ph\u00e1p ch\u1ea5t l\u01b0\u1ee3ng cao, \u0111\u01b0\u1ee3c thi\u1ebft k\u1ebf ch\u00ednh x\u00e1c v\u1edbi t\u1ed1c \u0111\u1ed9 v\u00e0 \u0111\u1ed9 tin c\u1eady cao.<\/p>\n<p>C\u1ed1t l\u00f5i trong ho\u1ea1t \u0111\u1ed9ng c\u1ee7a FMP l\u00e0 s\u1ef1 t\u1eadp trung kh\u00f4ng ng\u1eebng v\u00e0o ch\u1ea5t l\u01b0\u1ee3ng. Ch\u00fang t\u00f4i tu\u00e2n th\u1ee7 c\u00e1c ti\u00eau chu\u1ea9n s\u1ea3n xu\u1ea5t cao nh\u1ea5t, th\u1ef1c hi\u1ec7n c\u00e1c bi\u1ec7n ph\u00e1p ki\u1ec3m so\u00e1t ch\u1ea5t l\u01b0\u1ee3ng nghi\u00eam ng\u1eb7t \u0111\u1ec3 \u0111\u1ea3m b\u1ea3o m\u1ecdi s\u1ea3n ph\u1ea9m \u0111\u1ec1u \u0111\u00e1p \u1ee9ng ho\u1eb7c v\u01b0\u1ee3t qu\u00e1 mong \u0111\u1ee3i c\u1ee7a ng\u00e0nh. S\u1ef1 t\u1eadn t\u00e2m v\u1edbi ch\u1ea5t l\u01b0\u1ee3ng, k\u1ebft h\u1ee3p v\u1edbi c\u00e1c gi\u00e1 tr\u1ecb c\u1ed1t l\u00f5i v\u1ec1 t\u00ednh ch\u00ednh tr\u1ef1c, tinh th\u1ea7n \u0111\u1ed3ng \u0111\u1ed9i v\u00e0 s\u1ef1 ki\u00ean tr\u00ec, \u0111\u00e3 gi\u00fap ch\u00fang t\u00f4i x\u00e2y d\u1ef1ng m\u1ed1i quan h\u1ec7 b\u1ec1n v\u1eefng v\u00e0 tin c\u1eady v\u1edbi kh\u00e1ch h\u00e0ng t\u1ea1i g\u1ea7n 30 qu\u1ed1c gia tr\u00ean to\u00e0n th\u1ebf gi\u1edbi.<\/p>\n<p>FMP lu\u00f4n s\u1eb5n s\u00e0ng th\u00fac \u0111\u1ea9y quan h\u1ec7 \u0111\u1ed1i t\u00e1c to\u00e0n c\u1ea7u v\u00e0 lu\u00f4n t\u1eadn t\u00e2m cung c\u1ea5p t\u01b0 v\u1ea5n chuy\u00ean m\u00f4n v\u00e0 c\u00e1c gi\u1ea3i ph\u00e1p t\u00f9y ch\u1ec9nh \u0111\u1ec3 \u0111\u00e1p \u1ee9ng nhu c\u1ea7u \u0111a d\u1ea1ng c\u1ee7a kh\u00e1ch h\u00e0ng. Ch\u00fang t\u00f4i kh\u00f4ng ch\u1ec9 \u0111\u01a1n thu\u1ea7n cung c\u1ea5p s\u1ea3n ph\u1ea9m, m\u00e0 c\u00f2n h\u01b0\u1edbng \u0111\u1ebfn vi\u1ec7c x\u00e2y d\u1ef1ng m\u1ed1i quan h\u1ec7 l\u00e2u d\u00e0i, g\u00f3p ph\u1ea7n v\u00e0o th\u00e0nh c\u00f4ng c\u1ee7a m\u1ecdi d\u1ef1 \u00e1n. Cho d\u00f9 b\u1ea1n c\u1ea7n c\u00e1c gi\u1ea3i ph\u00e1p s\u00e1ng t\u1ea1o cho m\u1ed9t s\u00e1ng ki\u1ebfn \u200b\u200bm\u1edbi hay h\u1ed7 tr\u1ee3 li\u00ean t\u1ee5c cho m\u1ed9t h\u1ec7 th\u1ed1ng hi\u1ec7n c\u00f3, FMP lu\u00f4n s\u1eb5n s\u00e0ng gi\u1ea3i quy\u1ebft c\u00e1c th\u00e1ch th\u1ee9c k\u1ef9 thu\u1eadt c\u1ee7a b\u1ea1n v\u00e0 gi\u00fap \u0111\u1ea3m b\u1ea3o th\u00e0nh c\u00f4ng li\u00ean t\u1ee5c.<\/p>\n<p><img loading=\"lazy\" decoding=\"async\" class=\"alignnone size-full wp-image-1861\" src=\"https:\/\/fmp-components.com\/wp-content\/uploads\/2024\/12\/Other-Agricultural-Gearboxes.webp\" sizes=\"(min-width: 0px) and (max-width: 480px) 480px, (min-width: 481px) and (max-width: 980px) 980px, (min-width: 981px) 1200px, 100vw\" srcset=\"https:\/\/fmp-components.com\/wp-content\/uploads\/2024\/12\/Other-Agricultural-Gearboxes.webp 1200w, https:\/\/fmp-components.com\/wp-content\/uploads\/2024\/12\/Other-Agricultural-Gearboxes-980x1143.webp 980w, https:\/\/fmp-components.com\/wp-content\/uploads\/2024\/12\/Other-Agricultural-Gearboxes-480x560.webp 480w\" alt=\"Altri-cambi-agricoli\" width=\"1200\" height=\"1400\" title=\"\"><\/p>\n<p>T\u00e1c gi\u1ea3: CX<\/p>\n<\/div>\n<\/div>\n<\/div>\n<\/div>","protected":false},"excerpt":{"rendered":"<p>Dimensions of Trailing Mower Gearbox FMP-GC325\u00a0 Trailing Mower Gearbox FMP-GC325 Shaft Dimensions Trailing Mower Gearbox FMP-GC325 Technical Data i Suitable Rpm input Rpm output KW(Nom) Output torque Toothing r\/min r\/min hp N.m Speed increase 1: 1 Lawn Mower, etc 540 540 160 1400 Gleason Helical Teeth Remark: If you have any special require feel free [&hellip;]<\/p>","protected":false},"featured_media":2060,"comment_status":"open","ping_status":"closed","template":"","meta":{"_et_pb_use_builder":"","_et_pb_old_content":"","_et_gb_content_width":""},"product_brand":[],"product_cat":[52],"product_tag":[],"class_list":{"0":"post-2054","1":"product","2":"type-product","3":"status-publish","4":"has-post-thumbnail","6":"product_cat-lawn-mower-gearbox","8":"first","9":"instock","10":"shipping-taxable","11":"product-type-simple"},"_links":{"self":[{"href":"https:\/\/fmp-components.com\/vi\/wp-json\/wp\/v2\/product\/2054","targetHints":{"allow":["GET"]}}],"collection":[{"href":"https:\/\/fmp-components.com\/vi\/wp-json\/wp\/v2\/product"}],"about":[{"href":"https:\/\/fmp-components.com\/vi\/wp-json\/wp\/v2\/types\/product"}],"replies":[{"embeddable":true,"href":"https:\/\/fmp-components.com\/vi\/wp-json\/wp\/v2\/comments?post=2054"}],"wp:featuredmedia":[{"embeddable":true,"href":"https:\/\/fmp-components.com\/vi\/wp-json\/wp\/v2\/media\/2060"}],"wp:attachment":[{"href":"https:\/\/fmp-components.com\/vi\/wp-json\/wp\/v2\/media?parent=2054"}],"wp:term":[{"taxonomy":"product_brand","embeddable":true,"href":"https:\/\/fmp-components.com\/vi\/wp-json\/wp\/v2\/product_brand?post=2054"},{"taxonomy":"product_cat","embeddable":true,"href":"https:\/\/fmp-components.com\/vi\/wp-json\/wp\/v2\/product_cat?post=2054"},{"taxonomy":"product_tag","embeddable":true,"href":"https:\/\/fmp-components.com\/vi\/wp-json\/wp\/v2\/product_tag?post=2054"}],"curies":[{"name":"wp","href":"https:\/\/api.w.org\/{rel}","templated":true}]}}