{"id":2039,"date":"2024-12-30T01:00:18","date_gmt":"2024-12-30T01:00:18","guid":{"rendered":"https:\/\/fmp-components.com\/?page_id=8"},"modified":"2024-12-30T01:08:49","modified_gmt":"2024-12-30T01:08:49","slug":"agricultural-lawn-mower-gearbox-fmp-140","status":"publish","type":"product","link":"https:\/\/fmp-components.com\/vi\/product\/agricultural-lawn-mower-gearbox-fmp-140\/","title":{"rendered":"H\u1ed9p s\u1ed1 m\u00e1y c\u1eaft c\u1ecf n\u00f4ng nghi\u1ec7p FMP-140"},"content":{"rendered":"<h2>H\u1ed9p s\u1ed1 m\u00e1y c\u1eaft c\u1ecf n\u00f4ng nghi\u1ec7p FMP-140 \u2013 Gi\u1edbi thi\u1ec7u s\u1ea3n ph\u1ea9m<\/h2>\n<p>H\u1ed9p s\u1ed1 m\u00e1y c\u1eaft c\u1ecf n\u00f4ng nghi\u1ec7p FMP-140 l\u00e0 h\u1ed9p s\u1ed1 hi\u1ec7u su\u1ea5t cao, b\u1ec1n b\u1ec9, \u0111\u01b0\u1ee3c thi\u1ebft k\u1ebf chuy\u00ean d\u1ee5ng cho m\u00e1y c\u1eaft c\u1ecf v\u00e0 c\u00e1c lo\u1ea1i m\u00e1y m\u00f3c n\u00f4ng nghi\u1ec7p kh\u00e1c. \u0110\u01b0\u1ee3c ch\u1ebf t\u1ea1o b\u1edfi FMP, nh\u00e0 s\u1ea3n xu\u1ea5t h\u1ed9p s\u1ed1 ch\u00ednh x\u00e1c h\u00e0ng \u0111\u1ea7u, FMP-140 k\u1ebft h\u1ee3p \u0111\u1ed9 tin c\u1eady, hi\u1ec7u qu\u1ea3 v\u00e0 hi\u1ec7u su\u1ea5t l\u00e2u d\u00e0i \u0111\u1ec3 \u0111\u00e1p \u1ee9ng nhu c\u1ea7u c\u1eaft c\u1ecf cho c\u1ea3 m\u1ee5c \u0111\u00edch th\u01b0\u01a1ng m\u1ea1i v\u00e0 d\u00e2n d\u1ee5ng.<\/p>\n<p><strong>C\u00e1c t\u00ednh n\u0103ng ch\u00ednh:<\/strong><\/p>\n<ol>\n<li><strong>K\u1ebft c\u1ea5u ch\u1eafc ch\u1eafn:<\/strong> FMP-140 \u0111\u01b0\u1ee3c ch\u1ebf t\u1ea1o t\u1eeb v\u1eadt li\u1ec7u ch\u1ea5t l\u01b0\u1ee3ng cao, ch\u1ecbu \u0111\u01b0\u1ee3c \u0111i\u1ec1u ki\u1ec7n kh\u1eafc nghi\u1ec7t c\u1ee7a c\u00f4ng vi\u1ec7c n\u00f4ng nghi\u1ec7p. Thi\u1ebft k\u1ebf b\u1ec1n b\u1ec9 \u0111\u1ea3m b\u1ea3o m\u00e1y c\u00f3 th\u1ec3 ch\u1ecbu \u0111\u01b0\u1ee3c c\u01b0\u1eddng \u0111\u1ed9 s\u1eed d\u1ee5ng cao, mang l\u1ea1i tu\u1ed5i th\u1ecd l\u00e2u d\u00e0i ngay c\u1ea3 trong m\u00f4i tr\u01b0\u1eddng kh\u1eafc nghi\u1ec7t.<\/li>\n<li><strong>Hi\u1ec7u qu\u1ea3 cao:<\/strong> H\u1ed9p s\u1ed1 n\u00e0y \u0111\u01b0\u1ee3c thi\u1ebft k\u1ebf \u0111\u1ec3 t\u1ed1i \u0111a h\u00f3a hi\u1ec7u su\u1ea5t v\u1eadn h\u00e0nh, \u0111\u1ea3m b\u1ea3o truy\u1ec1n \u0111\u1ed9ng m\u01b0\u1ee3t m\u00e0 v\u1edbi t\u1ed5n th\u1ea5t n\u0103ng l\u01b0\u1ee3ng t\u1ed1i thi\u1ec3u. N\u00f3 cho ph\u00e9p m\u00e1y c\u1eaft c\u1ecf ho\u1ea1t \u0111\u1ed9ng t\u1ed1i \u01b0u, cung c\u1ea5p l\u1ef1c c\u1eaft \u1ed5n \u0111\u1ecbnh cho l\u01b0\u1ee1i c\u1eaft, mang l\u1ea1i \u0111\u01b0\u1eddng c\u1eaft s\u1ea1ch s\u1ebd v\u00e0 ch\u00ednh x\u00e1c.<\/li>\n<li><strong>Nh\u1ecf g\u1ecdn v\u00e0 nh\u1eb9:<\/strong> H\u1ed9p s\u1ed1 FMP-140 c\u00f3 thi\u1ebft k\u1ebf nh\u1ecf g\u1ecdn v\u00e0 nh\u1eb9, gi\u00fap d\u1ec5 d\u00e0ng l\u1eafp \u0111\u1eb7t v\u00e0 t\u00edch h\u1ee3p v\u00e0o nhi\u1ec1u h\u1ec7 th\u1ed1ng m\u00e1y c\u1eaft c\u1ecf kh\u00e1c nhau. M\u1eb7c d\u00f9 c\u00f3 k\u00edch th\u01b0\u1edbc nh\u1ecf, nh\u01b0ng n\u00f3 kh\u00f4ng h\u1ec1 \u1ea3nh h\u01b0\u1edfng \u0111\u1ebfn c\u00f4ng su\u1ea5t hay hi\u1ec7u su\u1ea5t.<\/li>\n<li><strong>T\u00ednh linh ho\u1ea1t:<\/strong> FMP-140 c\u00f3 kh\u1ea3 n\u0103ng th\u00edch \u1ee9ng cao v\u00e0 c\u00f3 th\u1ec3 \u0111\u01b0\u1ee3c s\u1eed d\u1ee5ng trong nhi\u1ec1u lo\u1ea1i m\u00e1y m\u00f3c n\u00f4ng nghi\u1ec7p, bao g\u1ed3m m\u00e1y c\u1eaft c\u1ecf quay, m\u00e1y c\u1eaft c\u1ecf v\u00e0 c\u00e1c thi\u1ebft b\u1ecb t\u01b0\u01a1ng t\u1ef1 kh\u00e1c. T\u00ednh linh ho\u1ea1t c\u1ee7a n\u00f3 khi\u1ebfn n\u00f3 tr\u1edf th\u00e0nh l\u1ef1a ch\u1ecdn \u0111\u00e1ng tin c\u1eady cho nhi\u1ec1u \u1ee9ng d\u1ee5ng kh\u00e1c nhau.<\/li>\n<li><strong>B\u1ea3o tr\u00ec d\u1ec5 d\u00e0ng:<\/strong> H\u1ed9p s\u1ed1 FMP-140 \u0111\u01b0\u1ee3c thi\u1ebft k\u1ebf v\u1edbi m\u1ee5c ti\u00eau d\u1ec5 b\u1ea3o tr\u00ec. Thi\u1ebft k\u1ebf \u0111\u01a1n gi\u1ea3n nh\u01b0ng m\u1ea1nh m\u1ebd c\u1ee7a n\u00f3 \u0111\u1ea3m b\u1ea3o vi\u1ec7c b\u1ea3o tr\u00ec \u0111\u1ecbnh k\u1ef3 \u0111\u01b0\u1ee3c th\u1ef1c hi\u1ec7n d\u1ec5 d\u00e0ng, gi\u1ea3m thi\u1ec3u th\u1eddi gian ng\u1eebng ho\u1ea1t \u0111\u1ed9ng v\u00e0 duy tr\u00ec ho\u1ea1t \u0111\u1ed9ng tr\u01a1n tru.<\/li>\n<li><strong>T\u00f9y ch\u1ecdn c\u00f3 th\u1ec3 t\u00f9y ch\u1ec9nh:<\/strong> FMP cung c\u1ea5p c\u00e1c t\u00f9y ch\u1ecdn t\u00f9y ch\u1ec9nh cho h\u1ed9p s\u1ed1 FMP-140, cho ph\u00e9p \u0111i\u1ec1u ch\u1ec9nh \u0111\u1ec3 \u0111\u00e1p \u1ee9ng nhu c\u1ea7u c\u1ee5 th\u1ec3 c\u1ee7a kh\u00e1ch h\u00e0ng, bao g\u1ed3m s\u1eeda \u0111\u1ed5i tr\u1ee5c \u0111\u1ea7u v\u00e0o\/\u0111\u1ea7u ra, \u0111\u01b0\u1eddng k\u00ednh \u1ed5 tr\u1ee5c v\u00e0 c\u1ea5u h\u00ecnh l\u1eafp \u0111\u1eb7t.<\/li>\n<\/ol>\n<p><strong>\u1ee8ng d\u1ee5ng:<\/strong><\/p>\n<ul>\n<li>M\u00e1y c\u1eaft c\u1ecf n\u00f4ng nghi\u1ec7p<\/li>\n<li>M\u00e1y c\u1eaft c\u1ecf quay<\/li>\n<li>M\u00e1y c\u1eaft c\u1ecf<\/li>\n<li>M\u00e1y m\u00f3c ch\u0103m s\u00f3c c\u1ecf<\/li>\n<li>C\u00e1c lo\u1ea1i m\u00e1y m\u00f3c n\u00f4ng nghi\u1ec7p kh\u00e1c c\u1ea7n truy\u1ec1n t\u1ea3i \u0111i\u1ec7n hi\u1ec7u qu\u1ea3<\/li>\n<\/ul>\n<table style=\"width: 96.2203%; height: 596px;\" border=\"1\" width=\"100%\" cellspacing=\"0\" cellpadding=\"0\">\n<tbody>\n<tr>\n<td width=\"110\"><img loading=\"lazy\" decoding=\"async\" class=\"alignnone size-full wp-image-2040\" src=\"https:\/\/fmp-components.com\/wp-content\/uploads\/2024\/12\/FMP_agricultural-gearbox-HC-140-2.webp\" alt=\"FMP_agricultural-gearbox-HC-140-2\" width=\"413\" height=\"553\" title=\"\" srcset=\"https:\/\/fmp-components.com\/wp-content\/uploads\/2024\/12\/FMP_agricultural-gearbox-HC-140-2.webp 413w, https:\/\/fmp-components.com\/wp-content\/uploads\/2024\/12\/FMP_agricultural-gearbox-HC-140-2-224x300.webp 224w, https:\/\/fmp-components.com\/wp-content\/uploads\/2024\/12\/FMP_agricultural-gearbox-HC-140-2-9x12.webp 9w\" sizes=\"(max-width: 413px) 100vw, 413px\" \/><\/td>\n<td width=\"98\"><img loading=\"lazy\" decoding=\"async\" class=\"alignnone size-full wp-image-2041\" src=\"https:\/\/fmp-components.com\/wp-content\/uploads\/2024\/12\/Lawn-Mower-Gearbox-9.webp\" alt=\"H\u1ed9p s\u1ed1 m\u00e1y c\u1eaft c\u1ecf\" width=\"500\" height=\"500\" title=\"\" srcset=\"https:\/\/fmp-components.com\/wp-content\/uploads\/2024\/12\/Lawn-Mower-Gearbox-9.webp 500w, https:\/\/fmp-components.com\/wp-content\/uploads\/2024\/12\/Lawn-Mower-Gearbox-9-480x480.webp 480w\" sizes=\"(min-width: 0px) and (max-width: 480px) 480px, (min-width: 481px) 500px, 100vw\" \/><\/td>\n<\/tr>\n<\/tbody>\n<\/table>\n<table style=\"width: 97.407%; height: 214px;\" border=\"1\">\n<tbody>\n<tr>\n<td style=\"width: 31.0059%;\"><strong>M\u1ee4C<\/strong><\/td>\n<td style=\"width: 68.284%;\">FMP-140<\/td>\n<\/tr>\n<tr>\n<td style=\"width: 31.0059%;\"><strong>T\u1ef7 l\u1ec7<\/strong><\/td>\n<td style=\"width: 68.284%;\">1:1.5\/1:1.93<\/td>\n<\/tr>\n<tr>\n<td style=\"width: 31.0059%;\"><strong>R\u0103ng<\/strong><\/td>\n<td style=\"width: 68.284%;\">21\/14 27\/14<\/td>\n<\/tr>\n<tr>\n<td style=\"width: 31.0059%;\"><strong>M\u00f4-\u0111un<\/strong><\/td>\n<td style=\"width: 68.284%;\">\u00a05.7 \/5.64<\/td>\n<\/tr>\n<tr>\n<td style=\"width: 31.0059%;\"><strong>C\u00f4ng su\u1ea5t (HP)<\/strong><\/td>\n<td style=\"width: 68.284%;\">60<\/td>\n<\/tr>\n<tr>\n<td style=\"width: 31.0059%;\"><strong>\u0110\u1ea7u v\u00e0o \u0111\u1ecbnh m\u1ee9c<\/strong><\/td>\n<td style=\"width: 68.284%;\">540 v\u00f2ng\/ph\u00fat<\/td>\n<\/tr>\n<tr>\n<td style=\"width: 31.0059%;\"><strong>M\u00f4 t\u1ea3 \u0111\u1ea7u v\u00e0o\/\u0111\u1ea7u ra<\/strong><\/td>\n<td style=\"width: 68.284%;\">R\u00e3nh c\u00f4n Z6 1-3\/8<\/td>\n<\/tr>\n<tr>\n<td style=\"width: 31.0059%;\"><strong>Tr\u1ecdng l\u01b0\u1ee3ng (T\u00e2y B\u1eafc)<\/strong><\/td>\n<td style=\"width: 68.284%;\">30KG<\/td>\n<\/tr>\n<\/tbody>\n<\/table>\n<article class=\"w-full scroll-mb-[var(--thread-trailing-height,150px)] text-token-text-primary focus-visible:outline-2 focus-visible:outline-offset-[-4px]\" dir=\"auto\" data-testid=\"conversation-turn-11\" data-scroll-anchor=\"true\">\n<div class=\"m-auto text-base py-[18px] px-3 md:px-4 w-full md:px-5 lg:px-4 xl:px-5\">\n<div class=\"mx-auto flex flex-1 gap-4 text-base md:gap-5 lg:gap-6 md:max-w-3xl lg:max-w-[40rem] xl:max-w-[48rem]\">\n<div class=\"group\/conversation-turn relative flex w-full min-w-0 flex-col agent-turn\">\n<div class=\"flex-col gap-1 md:gap-3\">\n<div class=\"flex max-w-full flex-col flex-grow\">\n<div class=\"min-h-8 text-message flex w-full flex-col items-end gap-2 whitespace-normal break-words text-start [.text-message+&amp;]:mt-5\" dir=\"auto\" data-message-author-role=\"assistant\" data-message-id=\"34732349-e34e-4f41-bcf6-f51e6a4c4ca7\" data-message-model-slug=\"gpt-4o\">\n<div class=\"flex w-full flex-col gap-1 empty:hidden first:pt-[3px]\">\n<div class=\"markdown prose w-full break-words dark:prose-invert light\">\n<h2>\u01afu \u0111i\u1ec3m c\u1ee7a h\u1ed9p s\u1ed1 m\u00e1y c\u1eaft c\u1ecf n\u00f4ng nghi\u1ec7p FMP-140<\/h2>\n<p>H\u1ed9p s\u1ed1 m\u00e1y c\u1eaft c\u1ecf n\u00f4ng nghi\u1ec7p FMP-140 \u0111\u01b0\u1ee3c thi\u1ebft k\u1ebf \u0111\u1eb7c bi\u1ec7t \u0111\u1ec3 n\u00e2ng cao hi\u1ec7u su\u1ea5t, hi\u1ec7u qu\u1ea3 v\u00e0 \u0111\u1ed9 b\u1ec1n c\u1ee7a m\u00e1y c\u1eaft c\u1ecf v\u00e0 c\u00e1c lo\u1ea1i m\u00e1y m\u00f3c n\u00f4ng nghi\u1ec7p kh\u00e1c. D\u01b0\u1edbi \u0111\u00e2y l\u00e0 nh\u1eefng \u01b0u \u0111i\u1ec3m ch\u00ednh khi l\u1ef1a ch\u1ecdn h\u1ed9p s\u1ed1 FMP-140:<\/p>\n<ol>\n<li>\u0110\u1ed9 b\u1ec1n v\u00e0 tu\u1ed5i th\u1ecd v\u01b0\u1ee3t tr\u1ed9i:\n<ul>\n<li>FMP-140 \u0111\u01b0\u1ee3c ch\u1ebf t\u1ea1o b\u1eb1ng v\u1eadt li\u1ec7u ch\u1ea5t l\u01b0\u1ee3ng cao v\u00e0 s\u1ea3n xu\u1ea5t ch\u00ednh x\u00e1c, \u0111\u1ea3m b\u1ea3o h\u1ed9p s\u1ed1 m\u1ea1nh m\u1ebd v\u00e0 b\u1ec1n b\u1ec9, c\u00f3 th\u1ec3 x\u1eed l\u00fd \u0111\u01b0\u1ee3c nh\u1eefng c\u00f4ng vi\u1ec7c n\u1eb7ng nh\u1ecdc.<\/li>\n<li>K\u1ebft c\u1ea5u b\u1ec1n b\u1ec9 c\u1ee7a n\u00f3 c\u00f3 th\u1ec3 ch\u1ecbu \u0111\u01b0\u1ee3c s\u1ef1 kh\u1eafc nghi\u1ec7t c\u1ee7a m\u00f4i tr\u01b0\u1eddng n\u00f4ng nghi\u1ec7p, gi\u1ea3m nhu c\u1ea7u s\u1eeda ch\u1eefa ho\u1eb7c thay th\u1ebf th\u01b0\u1eddng xuy\u00ean.<\/li>\n<\/ul>\n<\/li>\n<li>N\u00e2ng cao hi\u1ec7u qu\u1ea3 ho\u1ea1t \u0111\u1ed9ng:\n<ul>\n<li>H\u1ed9p s\u1ed1 \u0111\u01b0\u1ee3c thi\u1ebft k\u1ebf \u0111\u1ec3 \u0111\u1ea1t hi\u1ec7u su\u1ea5t truy\u1ec1n l\u1ef1c t\u1ed1i \u0111a, gi\u1ea3m thi\u1ec3u t\u1ed5n th\u1ea5t n\u0103ng l\u01b0\u1ee3ng gi\u1eefa \u0111\u1ed9ng c\u01a1 v\u00e0 l\u01b0\u1ee1i c\u1eaft.<\/li>\n<li>Hi\u1ec7u qu\u1ea3 n\u00e0y gi\u00fap ti\u1ebft ki\u1ec7m nhi\u00ean li\u1ec7u h\u01a1n, gi\u1ea3m chi ph\u00ed v\u1eadn h\u00e0nh v\u00e0 c\u1ea3i thi\u1ec7n hi\u1ec7u su\u1ea5t t\u1ed5ng th\u1ec3, khi\u1ebfn \u0111\u00e2y tr\u1edf th\u00e0nh l\u1ef1a ch\u1ecdn ti\u1ebft ki\u1ec7m chi ph\u00ed cho c\u1ea3 \u1ee9ng d\u1ee5ng th\u01b0\u01a1ng m\u1ea1i v\u00e0 d\u00e2n d\u1ee5ng.<\/li>\n<\/ul>\n<\/li>\n<li>T\u00ednh linh ho\u1ea1t trong nhi\u1ec1u \u1ee9ng d\u1ee5ng kh\u00e1c nhau:\n<ul>\n<li>H\u1ed9p s\u1ed1 FMP-140 t\u01b0\u01a1ng th\u00edch v\u1edbi nhi\u1ec1u lo\u1ea1i m\u00e1y m\u00f3c n\u00f4ng nghi\u1ec7p v\u00e0 ch\u0103m s\u00f3c b\u00e3i c\u1ecf, bao g\u1ed3m m\u00e1y c\u1eaft c\u1ecf quay, m\u00e1y c\u1eaft c\u1ecf v\u00e0 thi\u1ebft b\u1ecb qu\u1ea3n l\u00fd c\u1ecf.<\/li>\n<li>Thi\u1ebft k\u1ebf \u0111a n\u0103ng cho ph\u00e9p s\u1eed d\u1ee5ng trong nhi\u1ec1u lo\u1ea1i m\u00e1y c\u1eaft c\u1ecf v\u00e0 m\u00e1y l\u00e0m c\u1ea3nh quan kh\u00e1c nhau, mang \u0111\u1ebfn gi\u1ea3i ph\u00e1p linh ho\u1ea1t cho nhi\u1ec1u nhu c\u1ea7u v\u1eadn h\u00e0nh kh\u00e1c nhau.<\/li>\n<\/ul>\n<\/li>\n<li>Nh\u1ecf g\u1ecdn v\u00e0 nh\u1eb9:\n<ul>\n<li>M\u1eb7c d\u00f9 c\u00f3 hi\u1ec7u su\u1ea5t m\u1ea1nh m\u1ebd, FMP-140 \u0111\u01b0\u1ee3c thi\u1ebft k\u1ebf nh\u1ecf g\u1ecdn v\u00e0 nh\u1eb9, gi\u00fap d\u1ec5 d\u00e0ng l\u1eafp \u0111\u1eb7t v\u00e0 t\u00edch h\u1ee3p v\u00e0o nhi\u1ec1u h\u1ec7 th\u1ed1ng kh\u00e1c nhau.<\/li>\n<li>\u0110i\u1ec1u n\u00e0y l\u00e0m gi\u1ea3m t\u1ed5ng tr\u1ecdng l\u01b0\u1ee3ng c\u1ee7a m\u00e1y m\u00f3c, c\u1ea3i thi\u1ec7n kh\u1ea3 n\u0103ng c\u01a1 \u0111\u1ed9ng v\u00e0 d\u1ec5 d\u00e0ng x\u1eed l\u00fd trong qu\u00e1 tr\u00ecnh v\u1eadn h\u00e0nh.<\/li>\n<\/ul>\n<\/li>\n<li>B\u1ea3o tr\u00ec th\u1ea5p v\u00e0 d\u1ec5 b\u1ea3o d\u01b0\u1ee1ng:\n<ul>\n<li>H\u1ed9p s\u1ed1 FMP-140 \u0111\u01b0\u1ee3c thi\u1ebft k\u1ebf th\u00e2n thi\u1ec7n v\u1edbi ng\u01b0\u1eddi d\u00f9ng, c\u00f3 c\u00e1c b\u1ed9 ph\u1eadn d\u1ec5 ti\u1ebfp c\u1eadn \u0111\u1ec3 b\u1ea3o d\u01b0\u1ee1ng v\u00e0 s\u1eeda ch\u1eefa th\u01b0\u1eddng xuy\u00ean.<\/li>\n<li>Thi\u1ebft k\u1ebf \u0111\u01a1n gi\u1ea3n gi\u00fap gi\u1ea3m thi\u1ec3u nhu c\u1ea7u s\u1eed d\u1ee5ng c\u00e1c c\u00f4ng c\u1ee5 chuy\u00ean d\u1ee5ng ho\u1eb7c chuy\u00ean m\u00f4n k\u1ef9 thu\u1eadt, gi\u00fap gi\u1ea3m chi ph\u00ed b\u1ea3o tr\u00ec v\u00e0 th\u1eddi gian ng\u1eebng ho\u1ea1t \u0111\u1ed9ng.<\/li>\n<\/ul>\n<\/li>\n<\/ol>\n<p>H\u1ed9p s\u1ed1 m\u00e1y c\u1eaft c\u1ecf n\u00f4ng nghi\u1ec7p FMP-140 mang l\u1ea1i nhi\u1ec1u \u01b0u \u0111i\u1ec3m, l\u00e0 l\u1ef1a ch\u1ecdn l\u00fd t\u01b0\u1edfng cho b\u1ea5t k\u1ef3 ai \u0111ang t\u00ecm ki\u1ebfm gi\u1ea3i ph\u00e1p h\u1ed9p s\u1ed1 \u0111\u00e1ng tin c\u1eady, hi\u1ec7u qu\u1ea3 v\u00e0 b\u1ec1n b\u1ec9 cho m\u00e1y c\u1eaft c\u1ecf v\u00e0 m\u00e1y m\u00f3c n\u00f4ng nghi\u1ec7p. V\u1edbi t\u00ednh linh ho\u1ea1t, d\u1ec5 b\u1ea3o tr\u00ec v\u00e0 hi\u1ec7u su\u1ea5t v\u01b0\u1ee3t tr\u1ed9i trong \u0111i\u1ec1u ki\u1ec7n kh\u1eafc nghi\u1ec7t, FMP-140 \u0111\u01b0\u1ee3c thi\u1ebft k\u1ebf \u0111\u1ec3 mang l\u1ea1i gi\u00e1 tr\u1ecb tuy\u1ec7t v\u1eddi v\u00e0 \u0111\u1ed9 tin c\u1eady l\u00e2u d\u00e0i tr\u00ean \u0111\u1ed3ng ru\u1ed9ng.<\/p>\n<p><img loading=\"lazy\" decoding=\"async\" class=\"alignnone  wp-image-1961\" src=\"https:\/\/fmp-components.com\/wp-content\/uploads\/2024\/12\/Lawn-Mower-Gearbox-1.webp\" alt=\"H\u1ed9p s\u1ed1 m\u00e1y c\u1eaft c\u1ecf\" width=\"928\" height=\"620\" title=\"\" srcset=\"https:\/\/fmp-components.com\/wp-content\/uploads\/2024\/12\/Lawn-Mower-Gearbox-1.webp 928w, https:\/\/fmp-components.com\/wp-content\/uploads\/2024\/12\/Lawn-Mower-Gearbox-1-480x321.webp 480w\" sizes=\"(min-width: 0px) and (max-width: 480px) 480px, (min-width: 481px) 928px, 100vw\" \/><\/p>\n<\/div>\n<\/div>\n<\/div>\n<\/div>\n<\/div>\n<\/div>\n<\/div>\n<\/div>\n<\/article>\n<h3>T\u1ea1i sao n\u00ean ch\u1ecdn h\u1ed9p s\u1ed1 FMP-140?<\/h3>\n<p>FMP-140 \u0111\u01b0\u1ee3c thi\u1ebft k\u1ebf \u0111\u1ec3 mang l\u1ea1i hi\u1ec7u su\u1ea5t cao, \u0111\u1ed9 tin c\u1eady v\u00e0 d\u1ec5 s\u1eed d\u1ee5ng. V\u1edbi cam k\u1ebft v\u1ec1 k\u1ef9 thu\u1eadt ch\u00ednh x\u00e1c v\u00e0 ch\u1ea5t l\u01b0\u1ee3ng c\u1ee7a FMP, h\u1ed9p s\u1ed1 FMP-140 \u0111\u1ea3m b\u1ea3o m\u00e1y c\u1eaft c\u1ecf c\u1ee7a b\u1ea1n ho\u1ea1t \u0111\u1ed9ng hi\u1ec7u qu\u1ea3 ngay c\u1ea3 trong \u0111i\u1ec1u ki\u1ec7n kh\u1eafc nghi\u1ec7t. Cho d\u00f9 b\u1ea1n \u0111ang b\u1ea3o d\u01b0\u1ee1ng c\u00e1c khu \u0111\u1ea5t r\u1ed9ng l\u1edbn, b\u1ea5t \u0111\u1ed9ng s\u1ea3n th\u01b0\u01a1ng m\u1ea1i hay c\u00e1nh \u0111\u1ed3ng n\u00f4ng nghi\u1ec7p, h\u1ed9p s\u1ed1 n\u00e0y \u0111\u1ec1u cung c\u1ea5p \u0111\u1ed9 tin c\u1eady v\u00e0 c\u00f4ng su\u1ea5t c\u1ea7n thi\u1ebft \u0111\u1ec3 \u0111\u1ea1t \u0111\u01b0\u1ee3c k\u1ebft qu\u1ea3 c\u1eaft c\u1ecf v\u01b0\u1ee3t tr\u1ed9i.<\/p>\n<p>\u0110\u1ec3 bi\u1ebft th\u00eam th\u00f4ng tin ho\u1eb7c t\u00ecm hi\u1ec3u v\u1ec1 c\u00e1c t\u00f9y ch\u1ecdn t\u00f9y ch\u1ec9nh, vui l\u00f2ng li\u00ean h\u1ec7 v\u1edbi FMP ngay h\u00f4m nay. Ch\u00fang t\u00f4i cam k\u1ebft cung c\u1ea5p c\u00e1c gi\u1ea3i ph\u00e1p t\u1ed1t nh\u1ea5t ph\u00f9 h\u1ee3p v\u1edbi y\u00eau c\u1ea7u c\u1ee5 th\u1ec3 c\u1ee7a b\u1ea1n.<\/p>\n<h3>Gi\u1edbi thi\u1ec7u v\u1ec1 FMP<\/h3>\n<p>C\u00f3 tr\u1ee5 s\u1edf t\u1ea1i \u00dd, FMP l\u00e0 c\u00f4ng ty h\u00e0ng \u0111\u1ea7u n\u1ed5i ti\u1ebfng trong l\u0129nh v\u1ef1c thi\u1ebft k\u1ebf, ph\u00e1t tri\u1ec3n v\u00e0 s\u1ea3n xu\u1ea5t h\u1ed9p s\u1ed1 hi\u1ec7u su\u1ea5t cao, t\u1eadp trung ch\u1ee7 y\u1ebfu v\u00e0o l\u0129nh v\u1ef1c m\u00e1y m\u00f3c n\u00f4ng nghi\u1ec7p. V\u1edbi chuy\u00ean m\u00f4n v\u1ec1 k\u1ef9 thu\u1eadt ch\u00ednh x\u00e1c, \u0111\u1ed5i m\u1edbi v\u00e0 \u0111\u1ed9 tin c\u1eady, FMP \u0111\u00e3 t\u1ea1o d\u1ef1ng \u0111\u01b0\u1ee3c danh ti\u1ebfng nh\u1edd cung c\u1ea5p c\u00e1c s\u1ea3n ph\u1ea9m ch\u1ea5t l\u01b0\u1ee3ng cao, \u0111\u00e1p \u1ee9ng nhu c\u1ea7u ng\u00e0y c\u00e0ng cao c\u1ee7a ng\u00e0nh n\u00f4ng nghi\u1ec7p v\u00e0 c\u00f4ng nghi\u1ec7p. Danh m\u1ee5c s\u1ea3n ph\u1ea9m \u0111a d\u1ea1ng c\u1ee7a ch\u00fang t\u00f4i bao g\u1ed3m h\u1ed9p s\u1ed1 chuy\u00ean d\u1ee5ng cho m\u00e1y c\u1eaft c\u1ecf, tr\u1ee5c PTO v\u00e0 nhi\u1ec1u linh ki\u1ec7n thi\u1ebft y\u1ebfu kh\u00e1c, t\u1ea5t c\u1ea3 \u0111\u1ec1u \u0111\u01b0\u1ee3c thi\u1ebft k\u1ebf \u0111\u1ec3 cung c\u1ea5p c\u00e1c gi\u1ea3i ph\u00e1p ph\u00f9 h\u1ee3p cho nhi\u1ec1u \u1ee9ng d\u1ee5ng kh\u00e1c nhau.<\/p>\n<p>T\u1ea1i FMP, ch\u00fang t\u00f4i hi\u1ec3u r\u1eb1ng m\u1ed7i kh\u00e1ch h\u00e0ng \u0111\u1ec1u c\u00f3 nh\u1eefng nhu c\u1ea7u ri\u00eang bi\u1ec7t. \u0110\u00f3 l\u00e0 l\u00fd do t\u1ea1i sao ch\u00fang t\u00f4i chuy\u00ean cung c\u1ea5p c\u00e1c gi\u1ea3i ph\u00e1p t\u00f9y ch\u1ec9nh\u2014d\u00f9 l\u00e0 c\u00e1c th\u00e0nh ph\u1ea7n ri\u00eang l\u1ebb hay c\u00e1c h\u1ec7 th\u1ed1ng t\u00edch h\u1ee3p ho\u00e0n ch\u1ec9nh. Ch\u00fang t\u00f4i \u00e1p d\u1ee5ng ph\u01b0\u01a1ng ph\u00e1p ti\u1ebfp c\u1eadn h\u1ee3p t\u00e1c, l\u00e0m vi\u1ec7c ch\u1eb7t ch\u1ebd v\u1edbi kh\u00e1ch h\u00e0ng \u0111\u1ec3 \u0111\u1ea3m b\u1ea3o m\u1ecdi gi\u1ea3i ph\u00e1p \u0111\u1ec1u hi\u1ec7u qu\u1ea3 v\u00e0 t\u1ed1i \u01b0u. Cam k\u1ebft ph\u1ea3n h\u1ed3i nhanh ch\u00f3ng, chuy\u00ean nghi\u1ec7p v\u00e0 h\u01b0\u1edbng d\u1eabn chuy\u00ean m\u00f4n c\u1ee7a ch\u00fang t\u00f4i \u0111\u1ea3m b\u1ea3o m\u1ecdi y\u00eau c\u1ea7u \u0111\u1ec1u \u0111\u01b0\u1ee3c \u0111\u00e1p \u1ee9ng m\u1ed9t c\u00e1ch ch\u00ednh x\u00e1c v\u00e0 chu \u0111\u00e1o.<\/p>\n<p>Ch\u00fang t\u00f4i r\u1ea5t coi tr\u1ecdng vi\u1ec7c giao ti\u1ebfp c\u1edfi m\u1edf v\u00e0 li\u00ean t\u1ee5c, \u0111\u1eb7c bi\u1ec7t l\u00e0 trong qu\u00e1 tr\u00ecnh ph\u00e1t tri\u1ec3n s\u1ea3n ph\u1ea9m. \u0110\u1ed9i ng\u0169 c\u1ee7a ch\u00fang t\u00f4i l\u00e0m vi\u1ec7c tr\u1ef1c ti\u1ebfp v\u1edbi kh\u00e1ch h\u00e0ng \u0111\u1ec3 th\u1ea5u hi\u1ec3u nh\u1eefng th\u00e1ch th\u1ee9c c\u1ee5 th\u1ec3 c\u1ee7a h\u1ecd, cung c\u1ea5p nh\u1eefng hi\u1ec3u bi\u1ebft thi\u1ebft th\u1ef1c, d\u1eabn \u0111\u1ebfn c\u00e1c gi\u1ea3i ph\u00e1p t\u1ed1i \u01b0u. D\u00f9 \u0111ang ph\u00e1t tri\u1ec3n s\u1ea3n ph\u1ea9m m\u1edbi hay ho\u00e0n th\u00e0nh c\u00e1c \u0111\u01a1n h\u00e0ng hi\u1ec7n c\u00f3, ch\u00fang t\u00f4i lu\u00f4n cam k\u1ebft mang \u0111\u1ebfn nh\u1eefng gi\u1ea3i ph\u00e1p ch\u1ea5t l\u01b0\u1ee3ng cao, \u0111\u01b0\u1ee3c thi\u1ebft k\u1ebf ch\u00ednh x\u00e1c.<\/p>\n<p>Ch\u1ea5t l\u01b0\u1ee3ng l\u00e0 n\u1ec1n t\u1ea3ng cho m\u1ecdi ho\u1ea1t \u0111\u1ed9ng c\u1ee7a ch\u00fang t\u00f4i t\u1ea1i FMP. Ch\u00fang t\u00f4i tu\u00e2n th\u1ee7 c\u00e1c ti\u00eau chu\u1ea9n s\u1ea3n xu\u1ea5t cao nh\u1ea5t v\u00e0 th\u1ef1c hi\u1ec7n c\u00e1c quy tr\u00ecnh ki\u1ec3m so\u00e1t ch\u1ea5t l\u01b0\u1ee3ng nghi\u00eam ng\u1eb7t \u0111\u1ec3 \u0111\u1ea3m b\u1ea3o m\u1ed7i s\u1ea3n ph\u1ea9m \u0111\u1ec1u \u0111\u00e1p \u1ee9ng ho\u1eb7c v\u01b0\u1ee3t qu\u00e1 mong \u0111\u1ee3i c\u1ee7a ng\u00e0nh. Cam k\u1ebft kh\u00f4ng ng\u1eebng ngh\u1ec9 v\u1ec1 ch\u1ea5t l\u01b0\u1ee3ng, k\u1ebft h\u1ee3p v\u1edbi c\u00e1c gi\u00e1 tr\u1ecb c\u1ed1t l\u00f5i v\u1ec1 t\u00ednh ch\u00ednh tr\u1ef1c, tinh th\u1ea7n \u0111\u1ed3ng \u0111\u1ed9i v\u00e0 s\u1ef1 ki\u00ean tr\u00ec, \u0111\u00e3 gi\u00fap ch\u00fang t\u00f4i x\u00e2y d\u1ef1ng m\u1ed1i quan h\u1ec7 l\u00e2u d\u00e0i v\u1edbi kh\u00e1ch h\u00e0ng t\u1ea1i g\u1ea7n 30 qu\u1ed1c gia tr\u00ean to\u00e0n th\u1ebf gi\u1edbi.<\/p>\n<p>FMP lu\u00f4n s\u1eb5n s\u00e0ng h\u1ee3p t\u00e1c to\u00e0n c\u1ea7u v\u00e0 t\u1eadn t\u00e2m cung c\u1ea5p t\u01b0 v\u1ea5n chuy\u00ean m\u00f4n c\u00f9ng c\u00e1c gi\u1ea3i ph\u00e1p t\u00f9y ch\u1ec9nh \u0111\u1ec3 \u0111\u00e1p \u1ee9ng nhu c\u1ea7u \u0111a d\u1ea1ng c\u1ee7a kh\u00e1ch h\u00e0ng. Ch\u00fang t\u00f4i kh\u00f4ng ch\u1ec9 cung c\u1ea5p s\u1ea3n ph\u1ea9m \u0111\u01a1n thu\u1ea7n m\u00e0 c\u00f2n t\u1eadp trung x\u00e2y d\u1ef1ng m\u1ed1i quan h\u1ec7 b\u1ec1n v\u1eefng, \u0111\u1ea3m b\u1ea3o th\u00e0nh c\u00f4ng cho m\u1ecdi d\u1ef1 \u00e1n. Cho d\u00f9 b\u1ea1n \u0111ang t\u00ecm ki\u1ebfm c\u00e1c gi\u1ea3i ph\u00e1p s\u00e1ng t\u1ea1o cho m\u1ed9t s\u00e1ng ki\u1ebfn \u200b\u200bm\u1edbi hay c\u1ea7n h\u1ed7 tr\u1ee3 cho m\u1ed9t h\u1ec7 th\u1ed1ng hi\u1ec7n c\u00f3, FMP cam k\u1ebft gi\u1ea3i quy\u1ebft c\u00e1c th\u00e1ch th\u1ee9c k\u1ef9 thu\u1eadt v\u00e0 gi\u00fap b\u1ea1n \u0111\u1ea1t \u0111\u01b0\u1ee3c th\u00e0nh c\u00f4ng b\u1ec1n v\u1eefng.<\/p>\n<p><img loading=\"lazy\" decoding=\"async\" class=\"alignnone size-full wp-image-1861\" src=\"https:\/\/fmp-components.com\/wp-content\/uploads\/2024\/12\/Other-Agricultural-Gearboxes.webp\" sizes=\"(min-width: 0px) and (max-width: 480px) 480px, (min-width: 481px) and (max-width: 980px) 980px, (min-width: 981px) 1200px, 100vw\" srcset=\"https:\/\/fmp-components.com\/wp-content\/uploads\/2024\/12\/Other-Agricultural-Gearboxes.webp 1200w, https:\/\/fmp-components.com\/wp-content\/uploads\/2024\/12\/Other-Agricultural-Gearboxes-980x1143.webp 980w, https:\/\/fmp-components.com\/wp-content\/uploads\/2024\/12\/Other-Agricultural-Gearboxes-480x560.webp 480w\" alt=\"Altri-cambi-agricoli\" width=\"1200\" height=\"1400\" title=\"\"><\/p>\n<p>T\u00e1c gi\u1ea3: CX<\/p>\n<p>&nbsp;<\/p>","protected":false},"excerpt":{"rendered":"<p>Agricultural Lawn Mower Gearbox FMP-140 \u2013 Product Introduction The FMP-140 Agricultural Lawn Mower Gearbox is a high-performance, durable gearbox designed specifically for lawn mowers and other agricultural machinery. Engineered by FMP, a leading manufacturer of precision gearboxes, the FMP-140 combines reliability, efficiency, and long-lasting performance to meet the demands of both commercial and residential mowing [&hellip;]<\/p>","protected":false},"featured_media":2041,"comment_status":"open","ping_status":"closed","template":"","meta":{"_et_pb_use_builder":"","_et_pb_old_content":"","_et_gb_content_width":""},"product_brand":[],"product_cat":[52],"product_tag":[],"class_list":{"0":"post-2039","1":"product","2":"type-product","3":"status-publish","4":"has-post-thumbnail","6":"product_cat-lawn-mower-gearbox","8":"first","9":"instock","10":"shipping-taxable","11":"product-type-simple"},"_links":{"self":[{"href":"https:\/\/fmp-components.com\/vi\/wp-json\/wp\/v2\/product\/2039","targetHints":{"allow":["GET"]}}],"collection":[{"href":"https:\/\/fmp-components.com\/vi\/wp-json\/wp\/v2\/product"}],"about":[{"href":"https:\/\/fmp-components.com\/vi\/wp-json\/wp\/v2\/types\/product"}],"replies":[{"embeddable":true,"href":"https:\/\/fmp-components.com\/vi\/wp-json\/wp\/v2\/comments?post=2039"}],"wp:featuredmedia":[{"embeddable":true,"href":"https:\/\/fmp-components.com\/vi\/wp-json\/wp\/v2\/media\/2041"}],"wp:attachment":[{"href":"https:\/\/fmp-components.com\/vi\/wp-json\/wp\/v2\/media?parent=2039"}],"wp:term":[{"taxonomy":"product_brand","embeddable":true,"href":"https:\/\/fmp-components.com\/vi\/wp-json\/wp\/v2\/product_brand?post=2039"},{"taxonomy":"product_cat","embeddable":true,"href":"https:\/\/fmp-components.com\/vi\/wp-json\/wp\/v2\/product_cat?post=2039"},{"taxonomy":"product_tag","embeddable":true,"href":"https:\/\/fmp-components.com\/vi\/wp-json\/wp\/v2\/product_tag?post=2039"}],"curies":[{"name":"wp","href":"https:\/\/api.w.org\/{rel}","templated":true}]}}