{"id":2028,"date":"2024-12-27T01:47:24","date_gmt":"2024-12-27T01:47:24","guid":{"rendered":"https:\/\/fmp-components.com\/?page_id=8"},"modified":"2024-12-27T01:47:24","modified_gmt":"2024-12-27T01:47:24","slug":"agricultural-lawn-mower-gearbox-fmp-rc61","status":"publish","type":"product","link":"https:\/\/fmp-components.com\/vi\/product\/agricultural-lawn-mower-gearbox-fmp-rc61\/","title":{"rendered":"H\u1ed9p s\u1ed1 m\u00e1y c\u1eaft c\u1ecf n\u00f4ng nghi\u1ec7p FMP-RC61"},"content":{"rendered":"<h2>Th\u00f4ng s\u1ed1 k\u1ef9 thu\u1eadt h\u1ed9p s\u1ed1 m\u00e1y c\u1eaft c\u1ecf n\u00f4ng nghi\u1ec7p FMP-RC61<\/h2>\n<table style=\"width: 96.2203%; height: 596px;\" border=\"1\" width=\"100%\" cellspacing=\"0\" cellpadding=\"0\">\n<tbody>\n<tr>\n<td width=\"110\"><img loading=\"lazy\" decoding=\"async\" class=\"alignnone size-full wp-image-2029\" src=\"https:\/\/fmp-components.com\/wp-content\/uploads\/2024\/12\/fmp_agricultural-gearbox-HC-RC61-2.webp\" alt=\"fmp_agricultural-gearbox-HC-RC61-2\" width=\"470\" height=\"564\" title=\"\" srcset=\"https:\/\/fmp-components.com\/wp-content\/uploads\/2024\/12\/fmp_agricultural-gearbox-HC-RC61-2.webp 470w, https:\/\/fmp-components.com\/wp-content\/uploads\/2024\/12\/fmp_agricultural-gearbox-HC-RC61-2-250x300.webp 250w, https:\/\/fmp-components.com\/wp-content\/uploads\/2024\/12\/fmp_agricultural-gearbox-HC-RC61-2-10x12.webp 10w\" sizes=\"(max-width: 470px) 100vw, 470px\" \/><\/td>\n<td width=\"98\"><img loading=\"lazy\" decoding=\"async\" class=\"alignnone size-full wp-image-2030\" src=\"https:\/\/fmp-components.com\/wp-content\/uploads\/2024\/12\/fmp_agricultural-gearbox-HC-RC61.webp\" alt=\"fmp_agricultural-gearbox-HC-RC61-2\" width=\"400\" height=\"400\" title=\"\" srcset=\"https:\/\/fmp-components.com\/wp-content\/uploads\/2024\/12\/fmp_agricultural-gearbox-HC-RC61.webp 400w, https:\/\/fmp-components.com\/wp-content\/uploads\/2024\/12\/fmp_agricultural-gearbox-HC-RC61-300x300.webp 300w, https:\/\/fmp-components.com\/wp-content\/uploads\/2024\/12\/fmp_agricultural-gearbox-HC-RC61-150x150.webp 150w, https:\/\/fmp-components.com\/wp-content\/uploads\/2024\/12\/fmp_agricultural-gearbox-HC-RC61-12x12.webp 12w, https:\/\/fmp-components.com\/wp-content\/uploads\/2024\/12\/fmp_agricultural-gearbox-HC-RC61-100x100.webp 100w\" sizes=\"(max-width: 400px) 100vw, 400px\" \/><\/td>\n<\/tr>\n<\/tbody>\n<\/table>\n<table style=\"width: 96.4817%; height: 184px;\" border=\"1\">\n<tbody>\n<tr style=\"height: 23px;\">\n<td style=\"width: 39.6789%; height: 23px;\"><strong>M\u1ee4C<\/strong><\/td>\n<td style=\"width: 62.0413%; height: 23px;\">FMP-RC61<\/td>\n<\/tr>\n<tr style=\"height: 23px;\">\n<td style=\"width: 39.6789%; height: 23px;\"><strong>T\u1ef7 l\u1ec7<\/strong><\/td>\n<td style=\"width: 62.0413%; height: 23px;\">1:1.46\/1:1.93<\/td>\n<\/tr>\n<tr style=\"height: 23px;\">\n<td style=\"width: 39.6789%; height: 23px;\"><strong>R\u0103ng<\/strong><\/td>\n<td style=\"width: 62.0413%; height: 23px;\">19\/13 27\/14<\/td>\n<\/tr>\n<tr style=\"height: 23px;\">\n<td style=\"width: 39.6789%; height: 23px;\"><strong>M\u00f4-\u0111un<\/strong><\/td>\n<td style=\"width: 62.0413%; height: 23px;\">\u00a07.0\u00a0\/5.5<\/td>\n<\/tr>\n<tr style=\"height: 23px;\">\n<td style=\"width: 39.6789%; height: 23px;\"><strong>C\u00f4ng su\u1ea5t (HP)<\/strong><\/td>\n<td style=\"width: 62.0413%; height: 23px;\">60<\/td>\n<\/tr>\n<tr style=\"height: 23px;\">\n<td style=\"width: 39.6789%; height: 23px;\"><strong>\u0110\u1ea7u v\u00e0o \u0111\u1ecbnh m\u1ee9c<\/strong><\/td>\n<td style=\"width: 62.0413%; height: 23px;\">540 v\u00f2ng\/ph\u00fat<\/td>\n<\/tr>\n<tr style=\"height: 23px;\">\n<td style=\"width: 39.6789%; height: 23px;\"><strong>M\u00f4 t\u1ea3 \u0111\u1ea7u v\u00e0o\/\u0111\u1ea7u ra<\/strong><\/td>\n<td style=\"width: 62.0413%; height: 23px;\">R\u00e3nh c\u00f4n Z6 1-3\/8<\/td>\n<\/tr>\n<tr style=\"height: 23px;\">\n<td style=\"width: 39.6789%; height: 23px;\"><strong>Tr\u1ecdng l\u01b0\u1ee3ng (T\u00e2y B\u1eafc)<\/strong><\/td>\n<td style=\"width: 62.0413%; height: 23px;\">36,5kg<\/td>\n<\/tr>\n<\/tbody>\n<\/table>\n<h2>\u0110\u1eb7c \u0111i\u1ec3m c\u1ee7a H\u1ed9p s\u1ed1 m\u00e1y c\u1eaft c\u1ecf n\u00f4ng nghi\u1ec7p FMP-RC61<\/h2>\n<p>H\u1ed9p s\u1ed1 m\u00e1y c\u1eaft c\u1ecf n\u00f4ng nghi\u1ec7p FMP-RC61 \u0111\u01b0\u1ee3c thi\u1ebft k\u1ebf \u0111\u1ec3 mang l\u1ea1i hi\u1ec7u su\u1ea5t, \u0111\u1ed9 b\u1ec1n v\u00e0 \u0111\u1ed9 tin c\u1eady v\u01b0\u1ee3t tr\u1ed9i trong m\u00f4i tr\u01b0\u1eddng n\u00f4ng nghi\u1ec7p kh\u1eafc nghi\u1ec7t. \u0110\u01b0\u1ee3c thi\u1ebft k\u1ebf cho c\u00e1c \u1ee9ng d\u1ee5ng n\u1eb7ng, h\u1ed9p s\u1ed1 n\u00e0y mang l\u1ea1i hi\u1ec7u qu\u1ea3 v\u01b0\u1ee3t tr\u1ed9i v\u00e0 tu\u1ed5i th\u1ecd d\u00e0i l\u00e2u. C\u00e1c t\u00ednh n\u0103ng ch\u00ednh c\u1ee7a FMP-RC61 bao g\u1ed3m:<\/p>\n<ol>\n<li><strong>X\u00e2y d\u1ef1ng h\u1ea1ng n\u1eb7ng<\/strong><br \/>\nM\u00e1y c\u1eaft c\u1ecf FMP-RC61 \u0111\u01b0\u1ee3c ch\u1ebf t\u1ea1o t\u1eeb v\u1eadt li\u1ec7u c\u00f3 \u0111\u1ed9 b\u1ec1n cao, \u0111\u00e1p \u1ee9ng nhu c\u1ea7u c\u1eaft c\u1ecf n\u00f4ng nghi\u1ec7p kh\u1eaft khe. Thi\u1ebft k\u1ebf ch\u1eafc ch\u1eafn \u0111\u1ea3m b\u1ea3o \u0111\u1ed9 tin c\u1eady ngay c\u1ea3 trong \u0111i\u1ec1u ki\u1ec7n l\u00e0m vi\u1ec7c kh\u1eafc nghi\u1ec7t.<\/li>\n<li><strong>M\u00f4-men xo\u1eafn v\u00e0 kh\u1ea3 n\u0103ng ch\u1ecbu t\u1ea3i cao<\/strong><br \/>\nC\u00f3 kh\u1ea3 n\u0103ng x\u1eed l\u00fd t\u1ea3i m\u00f4-men xo\u1eafn cao h\u01a1n, h\u1ed9p s\u1ed1 FMP-RC61 ho\u1ea1t \u0111\u1ed9ng hi\u1ec7u qu\u1ea3 trong c\u00e1c \u1ee9ng d\u1ee5ng n\u1eb7ng, \u0111\u1ea3m b\u1ea3o truy\u1ec1n l\u1ef1c hi\u1ec7u qu\u1ea3 \u0111\u1ebfn l\u01b0\u1ee1i c\u1eaft c\u1ee7a m\u00e1y c\u1eaft, ngay c\u1ea3 tr\u00ean c\u1ecf d\u00e0y v\u00e0 \u0111\u1ecba h\u00ecnh g\u1ed3 gh\u1ec1.<\/li>\n<li><strong>Thi\u1ebft k\u1ebf b\u00e1nh r\u0103ng ch\u00ednh x\u00e1c<\/strong><br \/>\nV\u1edbi c\u00e1c b\u00e1nh r\u0103ng \u0111\u01b0\u1ee3c thi\u1ebft k\u1ebf tinh x\u1ea3o, FMP-RC61 \u0111\u1ea3m b\u1ea3o truy\u1ec1n \u0111\u1ed9ng m\u01b0\u1ee3t m\u00e0 v\u00e0 \u1ed5n \u0111\u1ecbnh. \u0110\u1ed9 ch\u00ednh x\u00e1c n\u00e0y gi\u00fap gi\u1ea3m m\u00e0i m\u00f2n, gi\u1ea3m thi\u1ec3u rung \u0111\u1ed9ng v\u00e0 k\u00e9o d\u00e0i tu\u1ed5i th\u1ecd ho\u1ea1t \u0111\u1ed9ng c\u1ee7a h\u1ed9p s\u1ed1.<\/li>\n<li><strong>Hi\u1ec7u qu\u1ea3 n\u0103ng l\u01b0\u1ee3ng \u0111\u01b0\u1ee3c n\u00e2ng cao<\/strong><br \/>\n\u0110\u01b0\u1ee3c thi\u1ebft k\u1ebf \u0111\u1ec3 \u0111\u1ea1t hi\u1ec7u su\u1ea5t t\u1ed1i \u0111a, FMP-RC61 gi\u1ea3m thi\u1ec3u t\u1ed5n th\u1ea5t n\u0103ng l\u01b0\u1ee3ng trong qu\u00e1 tr\u00ecnh truy\u1ec1n \u0111\u1ed9ng. Thi\u1ebft k\u1ebf hi\u1ec7u qu\u1ea3 gi\u00fap ti\u1ebft ki\u1ec7m nhi\u00ean li\u1ec7u, gi\u1ea3m t\u1ea3i \u0111\u1ed9ng c\u01a1 v\u00e0 \u0111\u1ea3m b\u1ea3o hi\u1ec7u su\u1ea5t c\u1eaft c\u1ecf t\u1ed1i \u01b0u.<\/li>\n<li><strong>Nh\u1ecf g\u1ecdn v\u00e0 ti\u1ebft ki\u1ec7m kh\u00f4ng gian<\/strong><br \/>\nM\u1eb7c d\u00f9 c\u00f3 kh\u1ea3 n\u0103ng l\u00e0m vi\u1ec7c n\u1eb7ng, FMP-RC61 \u0111\u01b0\u1ee3c thi\u1ebft k\u1ebf v\u1edbi c\u1ea5u tr\u00fac nh\u1ecf g\u1ecdn, ti\u1ebft ki\u1ec7m kh\u00f4ng gian, cho ph\u00e9p d\u1ec5 d\u00e0ng t\u00edch h\u1ee3p v\u00e0o nhi\u1ec1u h\u1ec7 th\u1ed1ng m\u00e1y c\u1eaft c\u1ecf kh\u00e1c nhau m\u00e0 kh\u00f4ng \u1ea3nh h\u01b0\u1edfng \u0111\u1ebfn hi\u1ec7u su\u1ea5t.<\/li>\n<li><strong>Y\u00eau c\u1ea7u b\u1ea3o tr\u00ec th\u1ea5p<\/strong><br \/>\nFMP-RC61 \u0111\u01b0\u1ee3c thi\u1ebft k\u1ebf \u0111\u1ec3 b\u1ea3o tr\u00ec t\u1ed1i thi\u1ec3u, c\u00f3 c\u00e1c th\u00e0nh ph\u1ea7n t\u1ef1 b\u00f4i tr\u01a1n v\u00e0 ph\u1edbt b\u1ec1n gi\u00fap gi\u1ea3m nhu c\u1ea7u b\u1ea3o d\u01b0\u1ee1ng th\u01b0\u1eddng xuy\u00ean v\u00e0 \u0111\u1ea3m b\u1ea3o ho\u1ea1t \u0111\u1ed9ng li\u00ean t\u1ee5c v\u1edbi th\u1eddi gian ng\u1eebng ho\u1ea1t \u0111\u1ed9ng t\u1ed1i thi\u1ec3u.<\/li>\n<li><strong>Kh\u1ea3 n\u0103ng t\u01b0\u01a1ng th\u00edch \u0111a n\u0103ng<\/strong><br \/>\nFMP-RC61 t\u01b0\u01a1ng th\u00edch v\u1edbi nhi\u1ec1u lo\u1ea1i m\u00e1y c\u1eaft c\u1ecf n\u00f4ng nghi\u1ec7p, mang l\u1ea1i s\u1ef1 linh ho\u1ea1t cho nhi\u1ec1u \u1ee9ng d\u1ee5ng kh\u00e1c nhau. M\u00e1y c\u00f3 th\u1ec3 \u0111\u01b0\u1ee3c t\u00f9y ch\u1ec9nh \u0111\u1ec3 ph\u00f9 h\u1ee3p v\u1edbi c\u1ea5u h\u00ecnh m\u00e1y m\u00f3c c\u1ee5 th\u1ec3 v\u00e0 nhu c\u1ea7u c\u1ee7a kh\u00e1ch h\u00e0ng.<\/li>\n<\/ol>\n<p>H\u1ed9p s\u1ed1 m\u00e1y c\u1eaft c\u1ecf n\u00f4ng nghi\u1ec7p FMP-RC61 l\u00e0 gi\u1ea3i ph\u00e1p hi\u1ec7u su\u1ea5t cao, \u0111\u00e1ng tin c\u1eady v\u00e0 b\u1ec1n b\u1ec9, \u0111\u01b0\u1ee3c thi\u1ebft k\u1ebf \u0111\u1ec3 mang l\u1ea1i k\u1ebft qu\u1ea3 v\u01b0\u1ee3t tr\u1ed9i trong c\u00e1c \u1ee9ng d\u1ee5ng c\u1eaft c\u1ecf n\u00f4ng nghi\u1ec7p v\u00e0 c\u00f4ng nghi\u1ec7p \u0111\u00f2i h\u1ecfi kh\u1eaft khe. C\u00e1c t\u00ednh n\u0103ng c\u1ea3i ti\u1ebfn c\u1ee7a h\u1ed9p s\u1ed1 \u0111\u1ea3m b\u1ea3o hi\u1ec7u su\u1ea5t t\u1ed1i \u01b0u, tu\u1ed5i th\u1ecd cao v\u00e0 chi ph\u00ed v\u1eadn h\u00e0nh th\u1ea5p.<\/p>\n<p><img loading=\"lazy\" decoding=\"async\" class=\"alignnone size-full wp-image-1994\" src=\"https:\/\/fmp-components.com\/wp-content\/uploads\/2024\/12\/Lawn-Mower-Gearbox-7.webp\" alt=\"H\u1ed9p s\u1ed1 m\u00e1y c\u1eaft c\u1ecf\" width=\"1502\" height=\"805\" title=\"\" srcset=\"https:\/\/fmp-components.com\/wp-content\/uploads\/2024\/12\/Lawn-Mower-Gearbox-7.webp 1502w, https:\/\/fmp-components.com\/wp-content\/uploads\/2024\/12\/Lawn-Mower-Gearbox-7-1280x686.webp 1280w, https:\/\/fmp-components.com\/wp-content\/uploads\/2024\/12\/Lawn-Mower-Gearbox-7-980x525.webp 980w, https:\/\/fmp-components.com\/wp-content\/uploads\/2024\/12\/Lawn-Mower-Gearbox-7-480x257.webp 480w\" sizes=\"(min-width: 0px) and (max-width: 480px) 480px, (min-width: 481px) and (max-width: 980px) 980px, (min-width: 981px) and (max-width: 1280px) 1280px, (min-width: 1281px) 1502px, 100vw\" \/><\/p>\n<h3>Gi\u1edbi thi\u1ec7u v\u1ec1 FMP<\/h3>\n<p>FMP, c\u00f3 tr\u1ee5 s\u1edf t\u1ea1i \u00dd, l\u00e0 nh\u00e0 s\u1ea3n xu\u1ea5t h\u00e0ng \u0111\u1ea7u v\u1edbi c\u00e1c h\u1ed9p s\u1ed1 hi\u1ec7u su\u1ea5t cao \u0111\u01b0\u1ee3c thi\u1ebft k\u1ebf ri\u00eang cho m\u00e1y m\u00f3c n\u00f4ng nghi\u1ec7p. V\u1edbi uy t\u00edn v\u1eefng ch\u1eafc v\u1ec1 k\u1ef9 thu\u1eadt ch\u00ednh x\u00e1c, \u0111\u1ed5i m\u1edbi v\u00e0 \u0111\u1ed9 tin c\u1eady, ch\u00fang t\u00f4i cung c\u1ea5p \u0111a d\u1ea1ng c\u00e1c lo\u1ea1i h\u1ed9p s\u1ed1, bao g\u1ed3m h\u1ed9p s\u1ed1 m\u00e1y c\u1eaft c\u1ecf chuy\u00ean d\u1ee5ng v\u00e0 c\u00e1c linh ki\u1ec7n quan tr\u1ecdng nh\u01b0 tr\u1ee5c PTO. M\u1ee5c ti\u00eau c\u1ee7a ch\u00fang t\u00f4i l\u00e0 cung c\u1ea5p c\u00e1c gi\u1ea3i ph\u00e1p t\u00f9y ch\u1ec9nh ho\u00e0n to\u00e0n ph\u00f9 h\u1ee3p v\u1edbi nhu c\u1ea7u ri\u00eang bi\u1ec7t c\u1ee7a ng\u00e0nh n\u00f4ng nghi\u1ec7p v\u00e0 c\u00f4ng nghi\u1ec7p, d\u00f9 l\u00e0 s\u1ea3n ph\u1ea9m \u0111\u1ed9c l\u1eadp hay h\u1ec7 th\u1ed1ng t\u00edch h\u1ee3p.<\/p>\n<p>Hi\u1ec3u r\u1eb1ng nhu c\u1ea7u c\u1ee7a m\u1ed7i kh\u00e1ch h\u00e0ng l\u00e0 kh\u00e1c nhau, ch\u00fang t\u00f4i chuy\u00ean thi\u1ebft k\u1ebf s\u1ea3n ph\u1ea9m \u0111\u1ec3 \u0111\u00e1p \u1ee9ng nh\u1eefng y\u00eau c\u1ea7u c\u1ee5 th\u1ec3 \u0111\u00f3. Cho d\u00f9 b\u1ea1n \u0111ang t\u00ecm ki\u1ebfm h\u1ed9p s\u1ed1 \u0111\u1eb7t l\u00e0m ri\u00eang hay m\u1ed9t h\u1ec7 th\u1ed1ng ho\u00e0n ch\u1ec9nh, ch\u00fang t\u00f4i \u0111\u1ec1u h\u1ee3p t\u00e1c ch\u1eb7t ch\u1ebd v\u1edbi b\u1ea1n \u0111\u1ec3 ph\u00e1t tri\u1ec3n c\u00e1c gi\u1ea3i ph\u00e1p hi\u1ec7u qu\u1ea3. Ph\u1ea3n h\u1ed3i nhanh ch\u00f3ng, chuy\u00ean nghi\u1ec7p v\u00e0 h\u01b0\u1edbng d\u1eabn chuy\u00ean m\u00f4n c\u1ee7a ch\u00fang t\u00f4i \u0111\u1ea3m b\u1ea3o r\u1eb1ng m\u1ecdi y\u00eau c\u1ea7u \u0111\u1ec1u \u0111\u01b0\u1ee3c x\u1eed l\u00fd v\u1edbi s\u1ef1 c\u1ea9n tr\u1ecdng v\u00e0 ch\u00ednh x\u00e1c t\u1ed1i \u0111a.<\/p>\n<p>T\u1ea1i FMP, ch\u00fang t\u00f4i \u0111\u1eb7c bi\u1ec7t ch\u00fa tr\u1ecdng \u0111\u1ebfn giao ti\u1ebfp v\u00e0 h\u1ee3p t\u00e1c minh b\u1ea1ch, \u0111\u1eb7c bi\u1ec7t l\u00e0 trong qu\u00e1 tr\u00ecnh thi\u1ebft k\u1ebf v\u00e0 ph\u00e1t tri\u1ec3n s\u1ea3n ph\u1ea9m m\u1edbi. Ch\u00fang t\u00f4i h\u1ee3p t\u00e1c ch\u1eb7t ch\u1ebd v\u1edbi kh\u00e1ch h\u00e0ng \u0111\u1ec3 th\u1ea5u hi\u1ec3u s\u00e2u s\u1eafc nh\u1eefng th\u00e1ch th\u1ee9c c\u1ee7a h\u1ecd, cung c\u1ea5p nh\u1eefng hi\u1ec3u bi\u1ebft s\u00e2u s\u1eafc d\u1eabn \u0111\u1ebfn c\u00e1c gi\u1ea3i ph\u00e1p t\u1ed1i \u01b0u v\u00e0 s\u00e1ng t\u1ea1o. Cam k\u1ebft cung c\u1ea5p c\u00e1c s\u1ea3n ph\u1ea9m ch\u1ea5t l\u01b0\u1ee3ng cao, \u0111\u01b0\u1ee3c thi\u1ebft k\u1ebf ch\u00ednh x\u00e1c, \u0111\u00fang th\u1eddi h\u1ea1n v\u00e0 \u0111\u00e1p \u1ee9ng k\u1ef3 v\u1ecdng c\u1ee7a kh\u00e1ch h\u00e0ng l\u00e0 tr\u1ecdng t\u00e2m trong m\u1ecdi ho\u1ea1t \u0111\u1ed9ng c\u1ee7a ch\u00fang t\u00f4i.<\/p>\n<p>Ch\u1ea5t l\u01b0\u1ee3ng l\u00e0 n\u1ec1n t\u1ea3ng cho ho\u1ea1t \u0111\u1ed9ng c\u1ee7a FMP. Quy tr\u00ecnh s\u1ea3n xu\u1ea5t c\u1ee7a ch\u00fang t\u00f4i \u0111\u01b0\u1ee3c qu\u1ea3n l\u00fd theo ti\u00eau chu\u1ea9n cao nh\u1ea5t, \u0111\u1ea3m b\u1ea3o th\u1ef1c hi\u1ec7n ho\u00e0n h\u1ea3o v\u00e0 kh\u00f4ng c\u00f3 sai s\u00f3t. H\u1ec7 th\u1ed1ng ki\u1ec3m so\u00e1t ch\u1ea5t l\u01b0\u1ee3ng nghi\u00eam ng\u1eb7t \u0111\u1ea3m b\u1ea3o m\u1ecdi s\u1ea3n ph\u1ea9m \u0111\u1ec1u \u0111\u00e1p \u1ee9ng ho\u1eb7c v\u01b0\u1ee3t qua c\u00e1c ti\u00eau chu\u1ea9n c\u1ee7a ng\u00e0nh. S\u1ef1 t\u1eadn t\u00e2m kh\u00f4ng ng\u1eebng ngh\u1ec9 cho ch\u1ea5t l\u01b0\u1ee3ng, c\u00f9ng v\u1edbi c\u00e1c gi\u00e1 tr\u1ecb c\u1ed1t l\u00f5i c\u1ee7a ch\u00fang t\u00f4i l\u00e0 ch\u00ednh tr\u1ef1c, tinh th\u1ea7n \u0111\u1ed3ng \u0111\u1ed9i v\u00e0 s\u1ef1 ki\u00ean tr\u00ec, \u0111\u00e3 gi\u00fap ch\u00fang t\u00f4i x\u00e2y d\u1ef1ng m\u1ed1i quan h\u1ec7 b\u1ec1n v\u1eefng v\u1edbi kh\u00e1ch h\u00e0ng t\u1ea1i h\u01a1n 30 qu\u1ed1c gia.<\/p>\n<p>FMP lu\u00f4n s\u1eb5n s\u00e0ng h\u00ecnh th\u00e0nh quan h\u1ec7 \u0111\u1ed1i t\u00e1c to\u00e0n c\u1ea7u, cung c\u1ea5p t\u01b0 v\u1ea5n chuy\u00ean m\u00f4n v\u00e0 gi\u1ea3i ph\u00e1p c\u00e1 nh\u00e2n h\u00f3a. Ph\u01b0\u01a1ng ch\u00e2m c\u1ee7a ch\u00fang t\u00f4i kh\u00f4ng ch\u1ec9 l\u00e0 cung c\u1ea5p s\u1ea3n ph\u1ea9m, m\u00e0 c\u00f2n l\u00e0 x\u00e2y d\u1ef1ng m\u1ed1i quan h\u1ec7 \u0111\u1ed1i t\u00e1c l\u00e2u d\u00e0i, h\u01b0\u1edbng \u0111\u1ebfn th\u00e0nh c\u00f4ng chung. Cho d\u00f9 b\u1ea1n \u0111ang t\u00ecm ki\u1ebfm c\u00e1c gi\u1ea3i ph\u00e1p s\u00e1ng t\u1ea1o hay h\u1ed7 tr\u1ee3 li\u00ean t\u1ee5c cho c\u00e1c h\u1ec7 th\u1ed1ng hi\u1ec7n c\u00f3, FMP cam k\u1ebft gi\u1ea3i quy\u1ebft c\u00e1c th\u00e1ch th\u1ee9c k\u1ef9 thu\u1eadt c\u1ee7a b\u1ea1n v\u00e0 \u0111\u1ea3m b\u1ea3o th\u00e0nh c\u00f4ng b\u1ec1n v\u1eefng.<\/p>\n<p><img loading=\"lazy\" decoding=\"async\" class=\"alignnone size-full wp-image-1861\" src=\"https:\/\/fmp-components.com\/wp-content\/uploads\/2024\/12\/Other-Agricultural-Gearboxes.webp\" sizes=\"(min-width: 0px) and (max-width: 480px) 480px, (min-width: 481px) and (max-width: 980px) 980px, (min-width: 981px) 1200px, 100vw\" srcset=\"https:\/\/fmp-components.com\/wp-content\/uploads\/2024\/12\/Other-Agricultural-Gearboxes.webp 1200w, https:\/\/fmp-components.com\/wp-content\/uploads\/2024\/12\/Other-Agricultural-Gearboxes-980x1143.webp 980w, https:\/\/fmp-components.com\/wp-content\/uploads\/2024\/12\/Other-Agricultural-Gearboxes-480x560.webp 480w\" alt=\"Altri-cambi-agricoli\" width=\"1200\" height=\"1400\" title=\"\"><\/p>\n<p>T\u00e1c gi\u1ea3: CX<\/p>","protected":false},"excerpt":{"rendered":"<p>Agricultural Lawn Mower Gearbox FMP-RC61 Specification ITEM FMP-RC61 Ratio 1:1.46\/1:1.93 Teeth 19\/13 27\/14 Module \u00a07.0\u00a0\/5.5 Power(HP) 60 Rated Input 540rpm Input\/Output Description 1-3\/8 Z6 Taper spline Weight(N.W) 36.5KG Features of Agricultural Lawn Mower Gearbox FMP-RC61 The FMP-RC61 Agricultural Lawn Mower Gearbox is engineered to provide outstanding performance, durability, and reliability in demanding agricultural environments. Designed [&hellip;]<\/p>","protected":false},"featured_media":2030,"comment_status":"open","ping_status":"closed","template":"","meta":{"_et_pb_use_builder":"","_et_pb_old_content":"","_et_gb_content_width":""},"product_brand":[],"product_cat":[52],"product_tag":[],"class_list":{"0":"post-2028","1":"product","2":"type-product","3":"status-publish","4":"has-post-thumbnail","6":"product_cat-lawn-mower-gearbox","8":"first","9":"instock","10":"shipping-taxable","11":"product-type-simple"},"_links":{"self":[{"href":"https:\/\/fmp-components.com\/vi\/wp-json\/wp\/v2\/product\/2028","targetHints":{"allow":["GET"]}}],"collection":[{"href":"https:\/\/fmp-components.com\/vi\/wp-json\/wp\/v2\/product"}],"about":[{"href":"https:\/\/fmp-components.com\/vi\/wp-json\/wp\/v2\/types\/product"}],"replies":[{"embeddable":true,"href":"https:\/\/fmp-components.com\/vi\/wp-json\/wp\/v2\/comments?post=2028"}],"wp:featuredmedia":[{"embeddable":true,"href":"https:\/\/fmp-components.com\/vi\/wp-json\/wp\/v2\/media\/2030"}],"wp:attachment":[{"href":"https:\/\/fmp-components.com\/vi\/wp-json\/wp\/v2\/media?parent=2028"}],"wp:term":[{"taxonomy":"product_brand","embeddable":true,"href":"https:\/\/fmp-components.com\/vi\/wp-json\/wp\/v2\/product_brand?post=2028"},{"taxonomy":"product_cat","embeddable":true,"href":"https:\/\/fmp-components.com\/vi\/wp-json\/wp\/v2\/product_cat?post=2028"},{"taxonomy":"product_tag","embeddable":true,"href":"https:\/\/fmp-components.com\/vi\/wp-json\/wp\/v2\/product_tag?post=2028"}],"curies":[{"name":"wp","href":"https:\/\/api.w.org\/{rel}","templated":true}]}}