{"id":2020,"date":"2024-12-27T01:24:26","date_gmt":"2024-12-27T01:24:26","guid":{"rendered":"https:\/\/fmp-components.com\/?page_id=8"},"modified":"2024-12-27T01:37:57","modified_gmt":"2024-12-27T01:37:57","slug":"agricultural-lawn-mower-gearbox-fmp-rc31-193-fmp-rc31-147","status":"publish","type":"product","link":"https:\/\/fmp-components.com\/vi\/product\/agricultural-lawn-mower-gearbox-fmp-rc31-193-fmp-rc31-147\/","title":{"rendered":"H\u1ed9p s\u1ed1 m\u00e1y c\u1eaft c\u1ecf n\u00f4ng nghi\u1ec7p FMP-RC31-193 FMP-RC31-147"},"content":{"rendered":"<h2>\u0110\u1eb7c \u0111i\u1ec3m k\u1ef9 thu\u1eadt<\/h2>\n<table style=\"width: 96.2203%; height: 596px;\" border=\"1\" width=\"100%\" cellspacing=\"0\" cellpadding=\"0\">\n<tbody>\n<tr>\n<td width=\"110\">\u00a0<img loading=\"lazy\" decoding=\"async\" class=\"alignnone size-full wp-image-2024\" src=\"https:\/\/fmp-components.com\/wp-content\/uploads\/2024\/12\/fmp_agricultural-gearbox-HC-RC31-2.webp\" alt=\"fmp_agricultural-gearbox-HC-RC31\" width=\"460\" height=\"559\" title=\"\" srcset=\"https:\/\/fmp-components.com\/wp-content\/uploads\/2024\/12\/fmp_agricultural-gearbox-HC-RC31-2.webp 460w, https:\/\/fmp-components.com\/wp-content\/uploads\/2024\/12\/fmp_agricultural-gearbox-HC-RC31-2-247x300.webp 247w, https:\/\/fmp-components.com\/wp-content\/uploads\/2024\/12\/fmp_agricultural-gearbox-HC-RC31-2-10x12.webp 10w\" sizes=\"(max-width: 460px) 100vw, 460px\" \/><\/td>\n<td width=\"98\"><img loading=\"lazy\" decoding=\"async\" class=\"alignnone size-full wp-image-2023\" src=\"https:\/\/fmp-components.com\/wp-content\/uploads\/2024\/12\/fmp_agricultural-gearbox-HC-RC31.webp\" alt=\"fmp_agricultural-gearbox-HC-RC31\" width=\"400\" height=\"400\" title=\"\" srcset=\"https:\/\/fmp-components.com\/wp-content\/uploads\/2024\/12\/fmp_agricultural-gearbox-HC-RC31.webp 400w, https:\/\/fmp-components.com\/wp-content\/uploads\/2024\/12\/fmp_agricultural-gearbox-HC-RC31-300x300.webp 300w, https:\/\/fmp-components.com\/wp-content\/uploads\/2024\/12\/fmp_agricultural-gearbox-HC-RC31-150x150.webp 150w, https:\/\/fmp-components.com\/wp-content\/uploads\/2024\/12\/fmp_agricultural-gearbox-HC-RC31-12x12.webp 12w, https:\/\/fmp-components.com\/wp-content\/uploads\/2024\/12\/fmp_agricultural-gearbox-HC-RC31-100x100.webp 100w\" sizes=\"(max-width: 400px) 100vw, 400px\" \/><\/td>\n<\/tr>\n<\/tbody>\n<\/table>\n<p>&nbsp;<\/p>\n<table style=\"width: 99.0815%; height: 208px;\" border=\"1\" cellspacing=\"0\" cellpadding=\"0\">\n<tbody>\n<tr>\n<td><strong>M\u1ee4C<\/strong><\/td>\n<td>H\u1ed9p s\u1ed1 m\u00e1y c\u1eaft c\u1ecf FMP-RC30-193<\/td>\n<\/tr>\n<tr>\n<td><strong>T\u1ef7 l\u1ec7<\/strong><\/td>\n<td>1:1.93<\/td>\n<\/tr>\n<tr>\n<td><strong>R\u0103ng<\/strong><\/td>\n<td>15\/29<\/td>\n<\/tr>\n<tr>\n<td><strong>M\u00f4-\u0111un<\/strong><\/td>\n<td>4.0<\/td>\n<\/tr>\n<tr>\n<td><strong>C\u00f4ng su\u1ea5t (HP)<\/strong><\/td>\n<td>30<\/td>\n<\/tr>\n<tr>\n<td><strong>\u0110\u1ea7u v\u00e0o \u0111\u1ecbnh m\u1ee9c<\/strong><\/td>\n<td>540 v\u00f2ng\/ph\u00fat<\/td>\n<\/tr>\n<tr>\n<td><strong>M\u00f4 t\u1ea3 \u0111\u1ea7u v\u00e0o\/\u0111\u1ea7u ra<\/strong><\/td>\n<td>Tr\u1ee5c quang 1-3\/8 Z6\u03c631.75<\/td>\n<\/tr>\n<tr>\n<td><strong>Tr\u1ecdng l\u01b0\u1ee3ng (T\u00e2y B\u1eafc)<\/strong><\/td>\n<td>24,5 kg<\/td>\n<\/tr>\n<\/tbody>\n<\/table>\n<h2>H\u1ed9p s\u1ed1 m\u00e1y c\u1eaft c\u1ecf n\u00f4ng nghi\u1ec7p FMP-RC31-193 &amp; FMP-RC31-147<\/h2>\n<p>FMP cung c\u1ea5p m\u1ed9t lo\u1ea1t h\u1ed9p s\u1ed1 m\u00e1y c\u1eaft c\u1ecf n\u00f4ng nghi\u1ec7p hi\u1ec7u su\u1ea5t cao \u0111\u01b0\u1ee3c thi\u1ebft k\u1ebf \u0111\u1ec3 \u0111\u00e1p \u1ee9ng nhu c\u1ea7u c\u1ee7a nhi\u1ec1u \u1ee9ng d\u1ee5ng b\u1ea3o d\u01b0\u1ee1ng s\u00e2n c\u1ecf kh\u00e1c nhau. Trong s\u1ed1 c\u00e1c m\u1eabu n\u1ed5i b\u1eadt c\u1ee7a ch\u00fang t\u00f4i c\u00f3 FMP-RC31-193 v\u00e0 FMP-RC31-147, mang l\u1ea1i \u0111\u1ed9 tin c\u1eady, \u0111\u1ed9 b\u1ec1n v\u00e0 hi\u1ec7u qu\u1ea3 v\u01b0\u1ee3t tr\u1ed9i. C\u1ea3 hai m\u1eabu \u0111\u1ec1u \u0111\u01b0\u1ee3c thi\u1ebft k\u1ebf \u0111\u1ec3 cung c\u1ea5p hi\u1ec7u su\u1ea5t t\u1ed1i \u01b0u cho nhi\u1ec1u lo\u1ea1i m\u00e1y m\u00f3c n\u00f4ng nghi\u1ec7p v\u00e0 c\u00f4ng nghi\u1ec7p, \u0111\u1ea3m b\u1ea3o ho\u1ea1t \u0111\u1ed9ng tr\u01a1n tru v\u00e0 n\u0103ng su\u1ea5t cao.<\/p>\n<h3>C\u00e1c t\u00ednh n\u0103ng ch\u00ednh c\u1ee7a FMP-RC31-193 &amp; FMP-RC31-147:<\/h3>\n<ol>\n<li><strong>Hi\u1ec7u su\u1ea5t cao v\u00e0 kh\u1ea3 n\u0103ng truy\u1ec1n m\u00f4-men xo\u1eafn m\u1ea1nh m\u1ebd<\/strong>:\n<ul>\n<li>C\u1ea3 hai h\u1ed9p s\u1ed1 \u0111\u1ec1u \u0111\u01b0\u1ee3c thi\u1ebft k\u1ebf \u0111\u1ec3 cung c\u1ea5p m\u00f4-men xo\u1eafn m\u1ea1nh m\u1ebd v\u00e0 hi\u1ec7u su\u1ea5t cao, \u0111\u1ea3m b\u1ea3o m\u00e1y c\u1eaft c\u1ecf ho\u1eb7c m\u00e1y m\u00f3c n\u00f4ng nghi\u1ec7p c\u1ee7a b\u1ea1n ho\u1ea1t \u0111\u1ed9ng \u1edf hi\u1ec7u su\u1ea5t t\u1ed1i \u0111a.<\/li>\n<\/ul>\n<\/li>\n<li><strong>\u0110\u1ed9 b\u1ec1n<\/strong>:\n<ul>\n<li>\u0110\u01b0\u1ee3c ch\u1ebf t\u1ea1o b\u1eb1ng v\u1eadt li\u1ec7u ch\u1ea5t l\u01b0\u1ee3ng cao v\u00e0 k\u1ef9 thu\u1eadt ti\u00ean ti\u1ebfn, FMP-RC31-193 v\u00e0 FMP-RC31-147 \u0111\u01b0\u1ee3c thi\u1ebft k\u1ebf \u0111\u1ec3 ch\u1ecbu \u0111\u01b0\u1ee3c \u0111i\u1ec1u ki\u1ec7n l\u00e0m vi\u1ec7c kh\u1eafc nghi\u1ec7t v\u00e0 s\u1eed d\u1ee5ng l\u00e2u d\u00e0i, mang l\u1ea1i tu\u1ed5i th\u1ecd cao.<\/li>\n<\/ul>\n<\/li>\n<li><strong>K\u1ef9 thu\u1eadt ch\u00ednh x\u00e1c<\/strong>:\n<ul>\n<li>C\u00e1c m\u1eabu n\u00e0y \u0111\u01b0\u1ee3c s\u1ea3n xu\u1ea5t v\u1edbi \u0111\u1ed9 ch\u00ednh x\u00e1c cao \u0111\u1ec3 \u0111\u1ea3m b\u1ea3o \u0111\u1ed9 r\u01a1 v\u00e0 ti\u1ebfng \u1ed3n t\u1ed1i thi\u1ec3u, mang l\u1ea1i ho\u1ea1t \u0111\u1ed9ng tr\u01a1n tru cho m\u00e1y c\u1eaft c\u1ecf ho\u1eb7c c\u00e1c thi\u1ebft b\u1ecb n\u00f4ng nghi\u1ec7p kh\u00e1c c\u1ee7a b\u1ea1n.<\/li>\n<\/ul>\n<\/li>\n<li><strong>T\u00ednh linh ho\u1ea1t<\/strong>:\n<ul>\n<li>H\u1ed9p s\u1ed1 FMP-RC31-193 v\u00e0 FMP-RC31-147 c\u00f3 th\u1ec3 d\u1ec5 d\u00e0ng t\u00edch h\u1ee3p v\u1edbi nhi\u1ec1u lo\u1ea1i m\u00e1y m\u00f3c n\u00f4ng nghi\u1ec7p, mang l\u1ea1i s\u1ef1 linh ho\u1ea1t trong l\u1eafp \u0111\u1eb7t v\u00e0 s\u1eed d\u1ee5ng. C\u1ea3 hai m\u1eabu \u0111\u1ec1u c\u00f3 th\u1ec3 th\u00edch \u1ee9ng v\u1edbi c\u00e1c y\u00eau c\u1ea7u v\u1ec1 c\u00f4ng su\u1ea5t \u0111\u1ea7u v\u00e0o v\u00e0 \u0111\u1ea7u ra kh\u00e1c nhau.<\/li>\n<\/ul>\n<\/li>\n<li><strong>B\u1ea3o tr\u00ec th\u1ea5p<\/strong>:\n<ul>\n<li>\u0110\u01b0\u1ee3c thi\u1ebft k\u1ebf \u0111\u1ec3 gi\u1ea3m thi\u1ec3u hao m\u00f2n, c\u1ea3 hai h\u1ed9p s\u1ed1 \u0111\u1ec1u y\u00eau c\u1ea7u b\u1ea3o tr\u00ec \u00edt th\u01b0\u1eddng xuy\u00ean h\u01a1n, gi\u1ea3m th\u1eddi gian ng\u1eebng ho\u1ea1t \u0111\u1ed9ng v\u00e0 n\u00e2ng cao hi\u1ec7u qu\u1ea3 v\u1eadn h\u00e0nh.<\/li>\n<\/ul>\n<\/li>\n<li><strong>Ho\u1ea1t \u0111\u1ed9ng y\u00ean t\u0129nh<\/strong>:\n<ul>\n<li>Nh\u1edd c\u00f4ng ngh\u1ec7 s\u1ea3n xu\u1ea5t ti\u00ean ti\u1ebfn v\u00e0 v\u1eadt li\u1ec7u ch\u1ea5t l\u01b0\u1ee3ng cao, c\u1ea3 h\u1ed9p s\u1ed1 FMP-RC31-193 v\u00e0 FMP-RC31-147 \u0111\u1ec1u \u0111\u01b0\u1ee3c thi\u1ebft k\u1ebf \u0111\u1ec3 ho\u1ea1t \u0111\u1ed9ng \u00eam \u00e1i, tr\u01a1n tru, gi\u1ea3m ti\u1ebfng \u1ed3n trong qu\u00e1 tr\u00ecnh s\u1eed d\u1ee5ng.<\/li>\n<\/ul>\n<\/li>\n<\/ol>\n<p><img loading=\"lazy\" decoding=\"async\" class=\"alignnone size-full wp-image-2009\" src=\"https:\/\/fmp-components.com\/wp-content\/uploads\/2024\/12\/Lawn-Mower-Gearbox-Suppliers-6.webp\" alt=\"H\u1ed9p s\u1ed1 m\u00e1y c\u1eaft c\u1ecf\" width=\"1000\" height=\"445\" title=\"\" srcset=\"https:\/\/fmp-components.com\/wp-content\/uploads\/2024\/12\/Lawn-Mower-Gearbox-Suppliers-6.webp 1000w, https:\/\/fmp-components.com\/wp-content\/uploads\/2024\/12\/Lawn-Mower-Gearbox-Suppliers-6-980x436.webp 980w, https:\/\/fmp-components.com\/wp-content\/uploads\/2024\/12\/Lawn-Mower-Gearbox-Suppliers-6-480x214.webp 480w\" sizes=\"(min-width: 0px) and (max-width: 480px) 480px, (min-width: 481px) and (max-width: 980px) 980px, (min-width: 981px) 1000px, 100vw\" \/><\/p>\n<h3>\u1ee8ng d\u1ee5ng:<\/h3>\n<p>FMP-RC31-193 v\u00e0 FMP-RC31-147 l\u00fd t\u01b0\u1edfng \u0111\u1ec3 s\u1eed d\u1ee5ng trong:<\/p>\n<ul>\n<li><strong>M\u00e1y c\u1eaft c\u1ecf xoay<\/strong><\/li>\n<li><strong>Thi\u1ebft b\u1ecb b\u1ea3o d\u01b0\u1ee1ng s\u00e2n c\u1ecf<\/strong><\/li>\n<li><strong>M\u00e1y m\u00f3c n\u00f4ng nghi\u1ec7p<\/strong><\/li>\n<li><strong>M\u00e1y c\u1eaft v\u00e0 x\u00e9n xoay<\/strong><\/li>\n<li><strong>H\u1ec7 th\u1ed1ng c\u1eaft c\u1ecf tr\u00ean \u0111\u1ed3ng ru\u1ed9ng<\/strong><\/li>\n<\/ul>\n<h3>T\u1ea1i sao n\u00ean ch\u1ecdn FMP-RC31-193 &amp; FMP-RC31-147?<\/h3>\n<p>H\u1ed9p s\u1ed1 c\u1ee7a FMP \u0111\u01b0\u1ee3c thi\u1ebft k\u1ebf \u0111\u1ec3 \u0111\u00e1p \u1ee9ng c\u00e1c nhu c\u1ea7u c\u1ee5 th\u1ec3 c\u1ee7a m\u00e1y m\u00f3c n\u00f4ng nghi\u1ec7p, k\u1ebft h\u1ee3p s\u1ee9c m\u1ea1nh, \u0111\u1ed9 ch\u00ednh x\u00e1c v\u00e0 \u0111\u1ed9 tin c\u1eady. Cho d\u00f9 b\u1ea1n c\u1ea7n thay th\u1ebf hay \u0111ang thi\u1ebft k\u1ebf m\u1ed9t h\u1ec7 th\u1ed1ng m\u1edbi, c\u00e1c m\u1eabu n\u00e0y \u0111\u1ec1u cung c\u1ea5p gi\u1ea3i ph\u00e1p hi\u1ec7u qu\u1ea3 v\u00e0 b\u1ec1n b\u1ec9 cho nhu c\u1ea7u n\u00f4ng nghi\u1ec7p c\u1ee7a b\u1ea1n.<\/p>\n<p>FMP hi\u1ec3u r\u1eb1ng m\u1ed7i \u1ee9ng d\u1ee5ng \u0111\u1ec1u \u0111\u1ed9c \u0111\u00e1o. Do \u0111\u00f3, ch\u00fang t\u00f4i cung c\u1ea5p c\u00e1c t\u00f9y ch\u1ecdn t\u00f9y ch\u1ec9nh \u0111\u1ec3 \u0111\u00e1p \u1ee9ng c\u00e1c y\u00eau c\u1ea7u v\u1eadn h\u00e0nh c\u1ee5 th\u1ec3. Cho d\u00f9 b\u1ea1n c\u1ea7n t\u1ef7 l\u1ec7 c\u00f4ng su\u1ea5t \u0111\u1ea7u v\u00e0o\/\u0111\u1ea7u ra \u0111\u01b0\u1ee3c \u0111i\u1ec1u ch\u1ec9nh ri\u00eang hay c\u1ea5u h\u00ecnh l\u1eafp \u0111\u1eb7t c\u1ee5 th\u1ec3, ch\u00fang t\u00f4i \u0111\u1ec1u c\u00f3 th\u1ec3 gi\u00fap thi\u1ebft k\u1ebf gi\u1ea3i ph\u00e1p ho\u00e0n h\u1ea3o cho nhu c\u1ea7u c\u1ee7a b\u1ea1n.<\/p>\n<p>\u0110\u1ec3 bi\u1ebft th\u00eam th\u00f4ng tin ho\u1eb7c y\u00eau c\u1ea7u b\u00e1o gi\u00e1, vui l\u00f2ng li\u00ean h\u1ec7 v\u1edbi \u0111\u1ed9i ng\u0169 c\u1ee7a ch\u00fang t\u00f4i t\u1ea1i FMP. Ch\u00fang t\u00f4i cam k\u1ebft cung c\u1ea5p h\u1ed9p s\u1ed1 ch\u1ea5t l\u01b0\u1ee3ng cao nh\u1ea5t v\u00e0 d\u1ecbch v\u1ee5 xu\u1ea5t s\u1eafc \u0111\u1ec3 \u0111\u00e1p \u1ee9ng m\u1ecdi nhu c\u1ea7u v\u1ec1 m\u00e1y m\u00f3c n\u00f4ng nghi\u1ec7p c\u1ee7a b\u1ea1n.<\/p>\n<p><img loading=\"lazy\" decoding=\"async\" class=\"alignnone size-full wp-image-1994\" src=\"https:\/\/fmp-components.com\/wp-content\/uploads\/2024\/12\/Lawn-Mower-Gearbox-7.webp\" alt=\"H\u1ed9p s\u1ed1 m\u00e1y c\u1eaft c\u1ecf\" width=\"1502\" height=\"805\" title=\"\" srcset=\"https:\/\/fmp-components.com\/wp-content\/uploads\/2024\/12\/Lawn-Mower-Gearbox-7.webp 1502w, https:\/\/fmp-components.com\/wp-content\/uploads\/2024\/12\/Lawn-Mower-Gearbox-7-1280x686.webp 1280w, https:\/\/fmp-components.com\/wp-content\/uploads\/2024\/12\/Lawn-Mower-Gearbox-7-980x525.webp 980w, https:\/\/fmp-components.com\/wp-content\/uploads\/2024\/12\/Lawn-Mower-Gearbox-7-480x257.webp 480w\" sizes=\"(min-width: 0px) and (max-width: 480px) 480px, (min-width: 481px) and (max-width: 980px) 980px, (min-width: 981px) and (max-width: 1280px) 1280px, (min-width: 1281px) 1502px, 100vw\" \/><\/p>\n<h3>Gi\u1edbi thi\u1ec7u v\u1ec1 FMP<\/h3>\n<p>C\u00f3 tr\u1ee5 s\u1edf t\u1ea1i \u00dd, FMP l\u00e0 nh\u00e0 s\u1ea3n xu\u1ea5t h\u00e0ng \u0111\u1ea7u \u0111\u01b0\u1ee3c c\u00f4ng nh\u1eadn v\u1ec1 chuy\u00ean m\u00f4n trong thi\u1ebft k\u1ebf, ph\u00e1t tri\u1ec3n v\u00e0 s\u1ea3n xu\u1ea5t h\u1ed9p s\u1ed1 hi\u1ec7u su\u1ea5t cao cho m\u00e1y m\u00f3c n\u00f4ng nghi\u1ec7p. Ch\u00fang t\u00f4i cam k\u1ebft v\u1ec1 k\u1ef9 thu\u1eadt ch\u00ednh x\u00e1c, \u0111\u1ed5i m\u1edbi v\u00e0 \u0111\u1ed9 tin c\u1eady. D\u00f2ng s\u1ea3n ph\u1ea9m c\u1ee7a ch\u00fang t\u00f4i bao g\u1ed3m h\u1ed9p s\u1ed1 m\u00e1y c\u1eaft c\u1ecf v\u00e0 c\u00e1c b\u1ed9 ph\u1eadn quan tr\u1ecdng nh\u01b0 tr\u1ee5c PTO, nh\u1eb1m cung c\u1ea5p c\u00e1c gi\u1ea3i ph\u00e1p t\u00f9y ch\u1ec9nh cho ng\u00e0nh n\u00f4ng nghi\u1ec7p v\u00e0 c\u00f4ng nghi\u1ec7p. Cho d\u00f9 \u0111\u00f3 l\u00e0 c\u00e1c b\u1ed9 ph\u1eadn ri\u00eang l\u1ebb hay h\u1ec7 th\u1ed1ng t\u00edch h\u1ee3p ho\u00e0n ch\u1ec9nh, ch\u00fang t\u00f4i \u0111\u1ec1u t\u1eadp trung v\u00e0o vi\u1ec7c \u0111\u00e1p \u1ee9ng nhu c\u1ea7u ri\u00eang bi\u1ec7t c\u1ee7a kh\u00e1ch h\u00e0ng.<\/p>\n<p>T\u1ea1i FMP, ch\u00fang t\u00f4i hi\u1ec3u r\u1eb1ng m\u1ed7i kh\u00e1ch h\u00e0ng \u0111\u1ec1u c\u00f3 nh\u1eefng y\u00eau c\u1ea7u ri\u00eang bi\u1ec7t, \u0111\u00f3 l\u00e0 l\u00fd do t\u1ea1i sao ch\u00fang t\u00f4i chuy\u00ean cung c\u1ea5p c\u00e1c gi\u1ea3i ph\u00e1p \u0111\u01b0\u1ee3c thi\u1ebft k\u1ebf ri\u00eang. T\u1eeb h\u1ed9p s\u1ed1 chuy\u00ean d\u1ee5ng \u0111\u1ebfn c\u00e1c h\u1ec7 th\u1ed1ng ho\u00e0n ch\u1ec9nh, ch\u00fang t\u00f4i h\u1ee3p t\u00e1c ch\u1eb7t ch\u1ebd v\u1edbi kh\u00e1ch h\u00e0ng \u0111\u1ec3 \u0111\u1ea3m b\u1ea3o c\u00e1c gi\u1ea3i ph\u00e1p hi\u1ec7u qu\u1ea3 v\u00e0 t\u1ed1i \u01b0u nh\u1ea5t. Ph\u1ea3n h\u1ed3i nhanh ch\u00f3ng v\u00e0 chuy\u00ean nghi\u1ec7p, k\u1ebft h\u1ee3p v\u1edbi t\u01b0 v\u1ea5n chuy\u00ean gia, \u0111\u1ea3m b\u1ea3o r\u1eb1ng m\u1ed7i y\u00eau c\u1ea7u \u0111\u1ec1u \u0111\u01b0\u1ee3c x\u1eed l\u00fd c\u1ea9n th\u1eadn v\u00e0 ch\u00ednh x\u00e1c.<\/p>\n<p>Ch\u00fang t\u00f4i \u01b0u ti\u00ean vi\u1ec7c giao ti\u1ebfp c\u1edfi m\u1edf v\u00e0 li\u00ean t\u1ee5c v\u1edbi kh\u00e1ch h\u00e0ng, \u0111\u1eb7c bi\u1ec7t l\u00e0 trong qu\u00e1 tr\u00ecnh ph\u00e1t tri\u1ec3n s\u1ea3n ph\u1ea9m m\u1edbi. \u0110\u1ed9i ng\u0169 c\u1ee7a ch\u00fang t\u00f4i l\u00e0m vi\u1ec7c tr\u1ef1c ti\u1ebfp v\u1edbi kh\u00e1ch h\u00e0ng \u0111\u1ec3 hi\u1ec3u r\u00f5 nh\u1eefng th\u00e1ch th\u1ee9c c\u1ee7a h\u1ecd v\u00e0 \u0111\u01b0a ra nh\u1eefng l\u1eddi khuy\u00ean gi\u00fap t\u00ecm ra gi\u1ea3i ph\u00e1p t\u1ed1i \u01b0u. Cho d\u00f9 l\u00e0 thi\u1ebft k\u1ebf s\u1ea3n ph\u1ea9m m\u1edbi hay th\u1ef1c hi\u1ec7n c\u00e1c \u0111\u01a1n \u0111\u1eb7t h\u00e0ng hi\u1ec7n c\u00f3, ch\u00fang t\u00f4i cam k\u1ebft cung c\u1ea5p c\u00e1c s\u1ea3n ph\u1ea9m ch\u1ea5t l\u01b0\u1ee3ng cao, \u0111\u01b0\u1ee3c thi\u1ebft k\u1ebf ch\u00ednh x\u00e1c v\u00e0 \u0111\u00fang th\u1eddi h\u1ea1n.<\/p>\n<p>Ch\u1ea5t l\u01b0\u1ee3ng l\u00e0 n\u1ec1n t\u1ea3ng c\u1ee7a m\u1ecdi ho\u1ea1t \u0111\u1ed9ng t\u1ea1i FMP. Quy tr\u00ecnh s\u1ea3n xu\u1ea5t c\u1ee7a ch\u00fang t\u00f4i tu\u00e2n th\u1ee7 c\u00e1c ti\u00eau chu\u1ea9n cao nh\u1ea5t v\u1ec1 \u0111\u1ed9 ch\u00ednh x\u00e1c v\u00e0 kh\u00f4ng c\u00f3 l\u1ed7i. Ch\u00fang t\u00f4i th\u1ef1c hi\u1ec7n c\u00e1c quy tr\u00ecnh ki\u1ec3m so\u00e1t ch\u1ea5t l\u01b0\u1ee3ng nghi\u00eam ng\u1eb7t \u0111\u1ec3 \u0111\u1ea3m b\u1ea3o m\u1ecdi s\u1ea3n ph\u1ea9m \u0111\u1ec1u \u0111\u00e1p \u1ee9ng ho\u1eb7c v\u01b0\u1ee3t qu\u00e1 ti\u00eau chu\u1ea9n ng\u00e0nh. S\u1ef1 t\u1eadn t\u00e2m v\u1edbi ch\u1ea5t l\u01b0\u1ee3ng n\u00e0y, c\u00f9ng v\u1edbi c\u00e1c gi\u00e1 tr\u1ecb c\u1ed1t l\u00f5i v\u1ec1 t\u00ednh ch\u00ednh tr\u1ef1c, tinh th\u1ea7n \u0111\u1ed3ng \u0111\u1ed9i v\u00e0 s\u1ef1 ki\u00ean tr\u00ec, \u0111\u00e3 gi\u00fap ch\u00fang t\u00f4i x\u00e2y d\u1ef1ng m\u1ed1i quan h\u1ec7 b\u1ec1n ch\u1eb7t v\u00e0 l\u00e2u d\u00e0i v\u1edbi kh\u00e1ch h\u00e0ng t\u1ea1i g\u1ea7n 30 qu\u1ed1c gia.<\/p>\n<p>FMP lu\u00f4n s\u1eb5n s\u00e0ng h\u1ee3p t\u00e1c to\u00e0n c\u1ea7u v\u00e0 cam k\u1ebft cung c\u1ea5p t\u01b0 v\u1ea5n chuy\u00ean m\u00f4n c\u00f9ng c\u00e1c gi\u1ea3i ph\u00e1p t\u00f9y ch\u1ec9nh. C\u00e1ch ti\u1ebfp c\u1eadn c\u1ee7a ch\u00fang t\u00f4i kh\u00f4ng ch\u1ec9 \u0111\u01a1n thu\u1ea7n l\u00e0 cung c\u1ea5p s\u1ea3n ph\u1ea9m \u2013 ch\u00fang t\u00f4i t\u1eadp trung v\u00e0o vi\u1ec7c x\u00e2y d\u1ef1ng m\u1ed1i quan h\u1ec7 l\u00e2u d\u00e0i v\u1edbi kh\u00e1ch h\u00e0ng, \u0111\u1ea3m b\u1ea3o s\u1ef1 th\u00e0nh c\u00f4ng c\u1ee7a h\u1ecd trong m\u1ecdi d\u1ef1 \u00e1n. Cho d\u00f9 b\u1ea1n c\u1ea7n c\u00e1c gi\u1ea3i ph\u00e1p \u0111\u1ed9t ph\u00e1 cho m\u1ed9t d\u1ef1 \u00e1n m\u1edbi hay h\u1ed7 tr\u1ee3 cho m\u1ed9t h\u1ec7 th\u1ed1ng hi\u1ec7n c\u00f3, FMP lu\u00f4n t\u1eadn t\u00e2m gi\u1ea3i quy\u1ebft c\u00e1c th\u00e1ch th\u1ee9c k\u1ef9 thu\u1eadt c\u1ee7a b\u1ea1n v\u00e0 \u0111\u1ea3m b\u1ea3o s\u1ef1 th\u00e0nh c\u00f4ng b\u1ec1n v\u1eefng.<\/p>\n<p><img loading=\"lazy\" decoding=\"async\" class=\"alignnone size-full wp-image-1861\" src=\"https:\/\/fmp-components.com\/wp-content\/uploads\/2024\/12\/Other-Agricultural-Gearboxes.webp\" sizes=\"(min-width: 0px) and (max-width: 480px) 480px, (min-width: 481px) and (max-width: 980px) 980px, (min-width: 981px) 1200px, 100vw\" srcset=\"https:\/\/fmp-components.com\/wp-content\/uploads\/2024\/12\/Other-Agricultural-Gearboxes.webp 1200w, https:\/\/fmp-components.com\/wp-content\/uploads\/2024\/12\/Other-Agricultural-Gearboxes-980x1143.webp 980w, https:\/\/fmp-components.com\/wp-content\/uploads\/2024\/12\/Other-Agricultural-Gearboxes-480x560.webp 480w\" alt=\"Altri-cambi-agricoli\" width=\"1200\" height=\"1400\" title=\"\"><\/p>\n<p>T\u00e1c gi\u1ea3: CX<\/p>","protected":false},"excerpt":{"rendered":"<p>Specification \u00a0 &nbsp; ITEM Lawnmower Gearbox FMP-RC30-193 Ratio 1:1.93 Teeth 15\/29 Module 4.0 Power(HP) 30 Rated Input 540rpm Input\/Output Description 1-3\/8 Z6\u03c631.75 Optic axis Weight(N.W) 24.5KG Agricultural Lawn Mower Gearbox FMP-RC31-193 &amp; FMP-RC31-147 FMP offers a range of high-performance agricultural lawn mower gearboxes designed to meet the demands of various lawn maintenance applications. Among our [&hellip;]<\/p>","protected":false},"featured_media":2023,"comment_status":"open","ping_status":"closed","template":"","meta":{"_et_pb_use_builder":"","_et_pb_old_content":"","_et_gb_content_width":""},"product_brand":[],"product_cat":[52],"product_tag":[],"class_list":{"0":"post-2020","1":"product","2":"type-product","3":"status-publish","4":"has-post-thumbnail","6":"product_cat-lawn-mower-gearbox","8":"first","9":"instock","10":"shipping-taxable","11":"product-type-simple"},"_links":{"self":[{"href":"https:\/\/fmp-components.com\/vi\/wp-json\/wp\/v2\/product\/2020","targetHints":{"allow":["GET"]}}],"collection":[{"href":"https:\/\/fmp-components.com\/vi\/wp-json\/wp\/v2\/product"}],"about":[{"href":"https:\/\/fmp-components.com\/vi\/wp-json\/wp\/v2\/types\/product"}],"replies":[{"embeddable":true,"href":"https:\/\/fmp-components.com\/vi\/wp-json\/wp\/v2\/comments?post=2020"}],"wp:featuredmedia":[{"embeddable":true,"href":"https:\/\/fmp-components.com\/vi\/wp-json\/wp\/v2\/media\/2023"}],"wp:attachment":[{"href":"https:\/\/fmp-components.com\/vi\/wp-json\/wp\/v2\/media?parent=2020"}],"wp:term":[{"taxonomy":"product_brand","embeddable":true,"href":"https:\/\/fmp-components.com\/vi\/wp-json\/wp\/v2\/product_brand?post=2020"},{"taxonomy":"product_cat","embeddable":true,"href":"https:\/\/fmp-components.com\/vi\/wp-json\/wp\/v2\/product_cat?post=2020"},{"taxonomy":"product_tag","embeddable":true,"href":"https:\/\/fmp-components.com\/vi\/wp-json\/wp\/v2\/product_tag?post=2020"}],"curies":[{"name":"wp","href":"https:\/\/api.w.org\/{rel}","templated":true}]}}