{"id":1999,"date":"2024-12-26T08:44:59","date_gmt":"2024-12-26T08:44:59","guid":{"rendered":"https:\/\/fmp-components.com\/?page_id=8"},"modified":"2024-12-27T00:36:22","modified_gmt":"2024-12-27T00:36:22","slug":"fmp-1zs-380-lawn-mower-gearbox","status":"publish","type":"product","link":"https:\/\/fmp-components.com\/vi\/product\/fmp-1zs-380-lawn-mower-gearbox\/","title":{"rendered":"H\u1ed9p s\u1ed1 m\u00e1y c\u1eaft c\u1ecf FMP-1ZS-380"},"content":{"rendered":"<p><img loading=\"lazy\" decoding=\"async\" class=\"size-full wp-image-2005 aligncenter\" src=\"https:\/\/fmp-components.com\/wp-content\/uploads\/2024\/12\/FMP_agricultural-gearbox-HC-1ZS-380.webp\" alt=\"FMP_h\u1ed9p-s\u1ed1-n\u00f4ng-nghi\u1ec7p-HC-1ZS-380\" width=\"400\" height=\"400\" title=\"\" srcset=\"https:\/\/fmp-components.com\/wp-content\/uploads\/2024\/12\/FMP_agricultural-gearbox-HC-1ZS-380.webp 400w, https:\/\/fmp-components.com\/wp-content\/uploads\/2024\/12\/FMP_agricultural-gearbox-HC-1ZS-380-300x300.webp 300w, https:\/\/fmp-components.com\/wp-content\/uploads\/2024\/12\/FMP_agricultural-gearbox-HC-1ZS-380-150x150.webp 150w, https:\/\/fmp-components.com\/wp-content\/uploads\/2024\/12\/FMP_agricultural-gearbox-HC-1ZS-380-12x12.webp 12w, https:\/\/fmp-components.com\/wp-content\/uploads\/2024\/12\/FMP_agricultural-gearbox-HC-1ZS-380-100x100.webp 100w\" sizes=\"(max-width: 400px) 100vw, 400px\" \/><\/p>\n<h2>Th\u00f4ng s\u1ed1 k\u1ef9 thu\u1eadt h\u1ed9p s\u1ed1 m\u00e1y c\u1eaft c\u1ecf FMP-1ZS-380<\/h2>\n<p><img loading=\"lazy\" decoding=\"async\" class=\"alignnone wp-image-2000\" src=\"https:\/\/fmp-components.com\/wp-content\/uploads\/2024\/12\/fmp_agricultural-gearbox-HC-1ZS-380-1.webp\" alt=\"fmp_agricultural-gearbox-HC-1ZS-380-1\" width=\"806\" height=\"307\" title=\"\" srcset=\"https:\/\/fmp-components.com\/wp-content\/uploads\/2024\/12\/fmp_agricultural-gearbox-HC-1ZS-380-1.webp 806w, https:\/\/fmp-components.com\/wp-content\/uploads\/2024\/12\/fmp_agricultural-gearbox-HC-1ZS-380-1-480x183.webp 480w\" sizes=\"(min-width: 0px) and (max-width: 480px) 480px, (min-width: 481px) 806px, 100vw\" \/><\/p>\n<table style=\"width: 85.3964%; height: 238px;\" border=\"1\">\n<tbody>\n<tr>\n<td style=\"width: 37.4684%;\">M\u1ee4C<\/td>\n<td style=\"width: 61.7722%;\">H\u1ed9p s\u1ed1 m\u00e1y c\u1eaft c\u1ecf FMP-1ZS-380<\/td>\n<\/tr>\n<tr>\n<td style=\"width: 37.4684%;\">T\u1ef7 l\u1ec7<\/td>\n<td style=\"width: 61.7722%;\">1:1.24<\/td>\n<\/tr>\n<tr>\n<td style=\"width: 37.4684%;\">R\u0103ng<\/td>\n<td style=\"width: 61.7722%;\">21\/17\/17\/17<\/td>\n<\/tr>\n<tr>\n<td style=\"width: 37.4684%;\">M\u00f4-\u0111un<\/td>\n<td style=\"width: 61.7722%;\">7.0<\/td>\n<\/tr>\n<tr>\n<td style=\"width: 37.4684%;\">C\u00f4ng su\u1ea5t (HP)<\/td>\n<td style=\"width: 61.7722%;\">100<\/td>\n<\/tr>\n<tr>\n<td style=\"width: 37.4684%;\">\u0110\u1ea7u v\u00e0o \u0111\u1ecbnh m\u1ee9c<\/td>\n<td style=\"width: 61.7722%;\">540 v\u00f2ng\/ph\u00fat<\/td>\n<\/tr>\n<tr>\n<td style=\"width: 37.4684%;\">M\u00f4 t\u1ea3 \u0111\u1ea7u v\u00e0o\/\u0111\u1ea7u ra<\/td>\n<td style=\"width: 61.7722%;\">\u00a0Spline<\/td>\n<\/tr>\n<tr>\n<td style=\"width: 37.4684%;\">Tr\u1ecdng l\u01b0\u1ee3ng (T\u00e2y B\u1eafc)<\/td>\n<td style=\"width: 61.7722%;\">42,5kg<\/td>\n<\/tr>\n<\/tbody>\n<\/table>\n<h3>\u01afu \u0111i\u1ec3m c\u1ee7a h\u1ed9p s\u1ed1 m\u00e1y c\u1eaft c\u1ecf FMP-1ZS-380<\/h3>\n<ol>\n<li><strong>Hi\u1ec7u su\u1ea5t v\u00e0 hi\u1ec7u qu\u1ea3 cao<\/strong><br \/>\nH\u1ed9p s\u1ed1 m\u00e1y c\u1eaft c\u1ecf FMP-1ZS-380 \u0111\u01b0\u1ee3c thi\u1ebft k\u1ebf \u0111\u1ec3 truy\u1ec1n t\u1ea3i c\u00f4ng su\u1ea5t t\u1ed1i \u01b0u, \u0111\u1ea3m b\u1ea3o m\u00e1y c\u1eaft c\u1ecf ho\u1ea1t \u0111\u1ed9ng \u1edf hi\u1ec7u su\u1ea5t cao nh\u1ea5t. H\u1ed9p s\u1ed1 mang l\u1ea1i hi\u1ec7u su\u1ea5t \u0111\u00e1ng tin c\u1eady v\u00e0 \u1ed5n \u0111\u1ecbnh, ph\u00f9 h\u1ee3p cho nhi\u1ec1u \u1ee9ng d\u1ee5ng ch\u0103m s\u00f3c c\u1ecf kh\u00e1c nhau, t\u1eeb v\u01b0\u1eddn nh\u00e0 nh\u1ecf \u0111\u1ebfn c\u00e1c c\u00f4ng vi\u1ec7c c\u1eaft c\u1ecf th\u01b0\u01a1ng m\u1ea1i quy m\u00f4 l\u1edbn.<\/li>\n<li><strong>\u0110\u1ed9 b\u1ec1n v\u00e0 tu\u1ed5i th\u1ecd<\/strong><br \/>\n\u0110\u01b0\u1ee3c ch\u1ebf t\u1ea1o b\u1eb1ng v\u1eadt li\u1ec7u ch\u1ea5t l\u01b0\u1ee3ng cao v\u00e0 k\u1ef9 thu\u1eadt ch\u00ednh x\u00e1c, FMP-1ZS-380 \u0111\u01b0\u1ee3c thi\u1ebft k\u1ebf \u0111\u1ec3 ch\u1ecbu \u0111\u01b0\u1ee3c s\u1ef1 hao m\u00f2n khi s\u1eed d\u1ee5ng \u1edf c\u01b0\u1eddng \u0111\u1ed9 cao. Thi\u1ebft k\u1ebf ch\u1eafc ch\u1eafn \u0111\u1ea3m b\u1ea3o \u0111\u1ed9 b\u1ec1n, mang l\u1ea1i tu\u1ed5i th\u1ecd cao ngay c\u1ea3 trong \u0111i\u1ec1u ki\u1ec7n v\u1eadn h\u00e0nh kh\u1eafc nghi\u1ec7t.<\/li>\n<li><strong>T\u00f9y ch\u1ecdn t\u00f9y ch\u1ec9nh<\/strong><br \/>\nFMP cung c\u1ea5p kh\u1ea3 n\u0103ng t\u00f9y ch\u1ec9nh \u0111\u1ec3 \u0111\u00e1p \u1ee9ng c\u00e1c y\u00eau c\u1ea7u \u1ee9ng d\u1ee5ng c\u1ee5 th\u1ec3. Cho d\u00f9 b\u1ea1n c\u1ea7n \u0111i\u1ec1u ch\u1ec9nh t\u1ef7 s\u1ed1 truy\u1ec1n, c\u1ea5u h\u00ecnh l\u1eafp \u0111\u1eb7t hay c\u00e1c th\u00f4ng s\u1ed1 k\u1ef9 thu\u1eadt kh\u00e1c, FMP-1ZS-380 \u0111\u1ec1u c\u00f3 th\u1ec3 \u0111\u01b0\u1ee3c t\u00f9y ch\u1ec9nh \u0111\u1ec3 ph\u00f9 h\u1ee3p v\u1edbi nhu c\u1ea7u ri\u00eang c\u1ee7a b\u1ea1n.<\/li>\n<li><strong>B\u1ea3o tr\u00ec d\u1ec5 d\u00e0ng<\/strong><br \/>\nH\u1ed9p s\u1ed1 \u0111\u01b0\u1ee3c thi\u1ebft k\u1ebf \u0111\u1ec3 d\u1ec5 b\u1ea3o tr\u00ec. C\u1ea5u tr\u00fac th\u00e2n thi\u1ec7n v\u1edbi ng\u01b0\u1eddi d\u00f9ng \u0111\u1ea3m b\u1ea3o vi\u1ec7c b\u1ea3o tr\u00ec nhanh ch\u00f3ng v\u00e0 \u0111\u01a1n gi\u1ea3n, gi\u1ea3m th\u1eddi gian ng\u1eebng ho\u1ea1t \u0111\u1ed9ng v\u00e0 cho ph\u00e9p ng\u01b0\u1eddi v\u1eadn h\u00e0nh duy tr\u00ec hi\u1ec7u su\u1ea5t t\u1ed1i \u01b0u v\u1edbi n\u1ed7 l\u1ef1c t\u1ed1i thi\u1ec3u.<\/li>\n<li><strong>Ti\u1ebfng \u1ed3n v\u00e0 \u0111\u1ed9 rung th\u1ea5p<\/strong><br \/>\nFMP-1ZS-380 \u0111\u01b0\u1ee3c thi\u1ebft k\u1ebf v\u1edbi c\u00e1c t\u00ednh n\u0103ng gi\u1ea3m ti\u1ebfng \u1ed3n \u0111\u1ec3 \u0111\u1ea3m b\u1ea3o ho\u1ea1t \u0111\u1ed9ng \u00eam \u00e1i h\u01a1n. \u0110i\u1ec1u n\u00e0y l\u00fd t\u01b0\u1edfng cho c\u00e1c m\u00f4i tr\u01b0\u1eddng c\u1ea7n gi\u1ea3m thi\u1ec3u ti\u1ebfng \u1ed3n, \u0111\u1ed3ng th\u1eddi v\u1eabn truy\u1ec1n l\u1ef1c hi\u1ec7u qu\u1ea3 \u0111\u1ebfn l\u01b0\u1ee1i c\u1eaft.<\/li>\n<li><strong>Thi\u1ebft k\u1ebf nh\u1ecf g\u1ecdn v\u00e0 nh\u1eb9<\/strong><br \/>\nM\u1eb7c d\u00f9 s\u1edf h\u1eefu hi\u1ec7u su\u1ea5t m\u1ea1nh m\u1ebd, FMP-1ZS-380 v\u1eabn s\u1edf h\u1eefu thi\u1ebft k\u1ebf nh\u1ecf g\u1ecdn v\u00e0 nh\u1eb9. \u0110i\u1ec1u n\u00e0y \u0111\u1ea3m b\u1ea3o m\u00e1y c\u00f3 th\u1ec3 d\u1ec5 d\u00e0ng t\u00edch h\u1ee3p v\u00e0o nhi\u1ec1u m\u1eabu m\u00e1y c\u1eaft c\u1ecf kh\u00e1c nhau m\u00e0 kh\u00f4ng l\u00e0m t\u0103ng th\u00eam tr\u1ecdng l\u01b0\u1ee3ng kh\u00f4ng c\u1ea7n thi\u1ebft, c\u1ea3i thi\u1ec7n kh\u1ea3 n\u0103ng c\u01a1 \u0111\u1ed9ng v\u00e0 d\u1ec5 s\u1eed d\u1ee5ng.<\/li>\n<li><strong>K\u1ef9 thu\u1eadt ch\u00ednh x\u00e1c<\/strong><br \/>\n\u0110\u01b0\u1ee3c s\u1ea3n xu\u1ea5t theo ti\u00eau chu\u1ea9n ki\u1ec3m so\u00e1t ch\u1ea5t l\u01b0\u1ee3ng nghi\u00eam ng\u1eb7t, FMP-1ZS-380 s\u1edf h\u1eefu h\u1ec7 th\u1ed1ng b\u00e1nh r\u0103ng \u0111\u01b0\u1ee3c thi\u1ebft k\u1ebf ch\u00ednh x\u00e1c gi\u00fap gi\u1ea3m \u0111\u1ed9 r\u01a1 v\u00e0 n\u00e2ng cao hi\u1ec7u su\u1ea5t t\u1ed5ng th\u1ec3. \u0110i\u1ec1u n\u00e0y \u0111\u1ea3m b\u1ea3o v\u1eadn h\u00e0nh m\u01b0\u1ee3t m\u00e0 h\u01a1n, c\u1ea3i thi\u1ec7n ch\u1ea5t l\u01b0\u1ee3ng c\u1eaft c\u1ecf.<\/li>\n<\/ol>\n<p>T\u00f3m l\u1ea1i, h\u1ed9p s\u1ed1 m\u00e1y c\u1eaft c\u1ecf FMP-1ZS-380 k\u1ebft h\u1ee3p hi\u1ec7u su\u1ea5t cao, \u0111\u1ed9 b\u1ec1n, d\u1ec5 b\u1ea3o tr\u00ec v\u00e0 c\u00e1c t\u00f9y ch\u1ecdn t\u00f9y ch\u1ec9nh, khi\u1ebfn n\u00f3 tr\u1edf th\u00e0nh l\u1ef1a ch\u1ecdn h\u00e0ng \u0111\u1ea7u cho c\u1ea3 \u1ee9ng d\u1ee5ng c\u1eaft c\u1ecf d\u00e2n d\u1ee5ng v\u00e0 th\u01b0\u01a1ng m\u1ea1i.<\/p>\n<p><img loading=\"lazy\" decoding=\"async\" class=\"alignnone size-full wp-image-1994\" src=\"https:\/\/fmp-components.com\/wp-content\/uploads\/2024\/12\/Lawn-Mower-Gearbox-7.webp\" alt=\"H\u1ed9p s\u1ed1 m\u00e1y c\u1eaft c\u1ecf\" width=\"1502\" height=\"805\" title=\"\" srcset=\"https:\/\/fmp-components.com\/wp-content\/uploads\/2024\/12\/Lawn-Mower-Gearbox-7.webp 1502w, https:\/\/fmp-components.com\/wp-content\/uploads\/2024\/12\/Lawn-Mower-Gearbox-7-1280x686.webp 1280w, https:\/\/fmp-components.com\/wp-content\/uploads\/2024\/12\/Lawn-Mower-Gearbox-7-980x525.webp 980w, https:\/\/fmp-components.com\/wp-content\/uploads\/2024\/12\/Lawn-Mower-Gearbox-7-480x257.webp 480w\" sizes=\"(min-width: 0px) and (max-width: 480px) 480px, (min-width: 481px) and (max-width: 980px) 980px, (min-width: 981px) and (max-width: 1280px) 1280px, (min-width: 1281px) 1502px, 100vw\" \/><\/p>\n<h3>Gi\u1edbi thi\u1ec7u v\u1ec1 FMP<\/h3>\n<p>FMP, c\u00f3 tr\u1ee5 s\u1edf ch\u00ednh t\u1ea1i \u00dd, l\u00e0 nh\u00e0 s\u1ea3n xu\u1ea5t h\u00e0ng \u0111\u1ea7u chuy\u00ean v\u1ec1 h\u1ed9p s\u1ed1 hi\u1ec7u su\u1ea5t cao cho m\u00e1y m\u00f3c n\u00f4ng nghi\u1ec7p. N\u1ed5i ti\u1ebfng v\u1edbi k\u1ef9 thu\u1eadt ch\u00ednh x\u00e1c, \u0111\u1ed5i m\u1edbi v\u00e0 \u0111\u1ed9 tin c\u1eady, ch\u00fang t\u00f4i cung c\u1ea5p \u0111a d\u1ea1ng c\u00e1c lo\u1ea1i h\u1ed9p s\u1ed1, bao g\u1ed3m h\u1ed9p s\u1ed1 m\u00e1y c\u1eaft c\u1ecf v\u00e0 c\u00e1c linh ki\u1ec7n thi\u1ebft y\u1ebfu nh\u01b0 tr\u1ee5c PTO. S\u1ee9 m\u1ec7nh c\u1ee7a ch\u00fang t\u00f4i l\u00e0 cung c\u1ea5p c\u00e1c gi\u1ea3i ph\u00e1p ph\u00f9 h\u1ee3p, \u0111\u00e1p \u1ee9ng nhu c\u1ea7u c\u1ee5 th\u1ec3 c\u1ee7a ng\u00e0nh n\u00f4ng nghi\u1ec7p v\u00e0 c\u00f4ng nghi\u1ec7p, d\u00f9 l\u00e0 th\u00f4ng qua c\u00e1c s\u1ea3n ph\u1ea9m ri\u00eang l\u1ebb hay h\u1ec7 th\u1ed1ng t\u00edch h\u1ee3p.<\/p>\n<p>Ch\u00fang t\u00f4i hi\u1ec3u r\u1eb1ng m\u1ed7i kh\u00e1ch h\u00e0ng \u0111\u1ec1u c\u00f3 nh\u1eefng y\u00eau c\u1ea7u ri\u00eang, \u0111\u00f3 l\u00e0 l\u00fd do t\u1ea1i sao ch\u00fang t\u00f4i lu\u00f4n n\u1ed7 l\u1ef1c t\u00f9y ch\u1ec9nh s\u1ea3n ph\u1ea9m \u0111\u1ec3 \u0111\u00e1p \u1ee9ng nh\u1eefng nhu c\u1ea7u \u0111\u00f3. Cho d\u00f9 b\u1ea1n c\u1ea7n h\u1ed9p s\u1ed1 chuy\u00ean d\u1ee5ng hay m\u1ed9t h\u1ec7 th\u1ed1ng ho\u00e0n ch\u1ec9nh, ch\u00fang t\u00f4i \u0111\u1ec1u h\u1ee3p t\u00e1c ch\u1eb7t ch\u1ebd v\u1edbi b\u1ea1n \u0111\u1ec3 mang \u0111\u1ebfn nh\u1eefng gi\u1ea3i ph\u00e1p hi\u1ec7u qu\u1ea3 v\u00e0 t\u1ed1i \u01b0u nh\u1ea5t. Ph\u1ea3n h\u1ed3i nhanh ch\u00f3ng v\u00e0 chuy\u00ean nghi\u1ec7p, k\u1ebft h\u1ee3p v\u1edbi t\u01b0 v\u1ea5n chuy\u00ean m\u00f4n, \u0111\u1ea3m b\u1ea3o m\u1ecdi y\u00eau c\u1ea7u c\u1ee7a b\u1ea1n \u0111\u1ec1u \u0111\u01b0\u1ee3c x\u1eed l\u00fd c\u1ea9n th\u1eadn v\u00e0 ch\u00ednh x\u00e1c.<\/p>\n<p>T\u1ea1i FMP, ch\u00fang t\u00f4i \u01b0u ti\u00ean giao ti\u1ebfp c\u1edfi m\u1edf v\u00e0 h\u1ee3p t\u00e1c, \u0111\u1eb7c bi\u1ec7t l\u00e0 khi ph\u00e1t tri\u1ec3n s\u1ea3n ph\u1ea9m m\u1edbi. \u0110\u1ed9i ng\u0169 c\u1ee7a ch\u00fang t\u00f4i l\u00e0m vi\u1ec7c c\u00f9ng kh\u00e1ch h\u00e0ng \u0111\u1ec3 th\u1ea5u hi\u1ec3u nh\u1eefng th\u00e1ch th\u1ee9c c\u1ee7a h\u1ecd v\u00e0 cung c\u1ea5p nh\u1eefng hi\u1ec3u bi\u1ebft s\u00e2u s\u1eafc d\u1eabn \u0111\u1ebfn c\u00e1c gi\u1ea3i ph\u00e1p t\u1ed1i \u01b0u. Ch\u00fang t\u00f4i cam k\u1ebft cung c\u1ea5p c\u00e1c s\u1ea3n ph\u1ea9m ch\u1ea5t l\u01b0\u1ee3ng cao, \u0111\u01b0\u1ee3c thi\u1ebft k\u1ebf ch\u00ednh x\u00e1c v\u00e0 \u0111\u00fang h\u1ea1n, d\u00f9 l\u00e0 cho c\u00e1c d\u1ef1 \u00e1n ph\u00e1t tri\u1ec3n m\u1edbi hay c\u00e1c \u0111\u01a1n h\u00e0ng hi\u1ec7n c\u00f3.<\/p>\n<p>Ch\u1ea5t l\u01b0\u1ee3ng l\u00e0 tr\u1ecdng t\u00e2m trong ho\u1ea1t \u0111\u1ed9ng c\u1ee7a FMP. Quy tr\u00ecnh s\u1ea3n xu\u1ea5t c\u1ee7a ch\u00fang t\u00f4i tu\u00e2n th\u1ee7 c\u00e1c ti\u00eau chu\u1ea9n cao nh\u1ea5t, \u0111\u1ea3m b\u1ea3o \u0111\u1ed9 ch\u00ednh x\u00e1c v\u00e0 kh\u00f4ng c\u00f3 sai s\u00f3t. Quy tr\u00ecnh ki\u1ec3m so\u00e1t ch\u1ea5t l\u01b0\u1ee3ng nghi\u00eam ng\u1eb7t \u0111\u1ea3m b\u1ea3o m\u1ecdi s\u1ea3n ph\u1ea9m \u0111\u1ec1u \u0111\u00e1p \u1ee9ng ho\u1eb7c v\u01b0\u1ee3t ti\u00eau chu\u1ea9n ng\u00e0nh. Cam k\u1ebft v\u1ec1 ch\u1ea5t l\u01b0\u1ee3ng n\u00e0y, c\u00f9ng v\u1edbi c\u00e1c gi\u00e1 tr\u1ecb c\u1ed1t l\u00f5i c\u1ee7a ch\u00fang t\u00f4i l\u00e0 ch\u00ednh tr\u1ef1c, tinh th\u1ea7n \u0111\u1ed3ng \u0111\u1ed9i v\u00e0 s\u1ef1 ki\u00ean tr\u00ec, \u0111\u00e3 gi\u00fap ch\u00fang t\u00f4i x\u00e2y d\u1ef1ng m\u1ed1i quan h\u1ec7 b\u1ec1n ch\u1eb7t v\u1edbi kh\u00e1ch h\u00e0ng t\u1ea1i g\u1ea7n 30 qu\u1ed1c gia.<\/p>\n<p>FMP lu\u00f4n s\u1eb5n s\u00e0ng h\u1ee3p t\u00e1c to\u00e0n c\u1ea7u, cung c\u1ea5p t\u01b0 v\u1ea5n chuy\u00ean m\u00f4n v\u00e0 gi\u1ea3i ph\u00e1p t\u00f9y ch\u1ec9nh. Ph\u01b0\u01a1ng ch\u00e2m c\u1ee7a ch\u00fang t\u00f4i kh\u00f4ng ch\u1ec9 \u0111\u01a1n thu\u1ea7n l\u00e0 cung c\u1ea5p s\u1ea3n ph\u1ea9m; ch\u00fang t\u00f4i h\u01b0\u1edbng \u0111\u1ebfn vi\u1ec7c x\u00e2y d\u1ef1ng m\u1ed1i quan h\u1ec7 l\u00e2u d\u00e0i, th\u00fac \u0111\u1ea9y th\u00e0nh c\u00f4ng chung. Cho d\u00f9 b\u1ea1n c\u1ea7n gi\u1ea3i ph\u00e1p m\u1edbi hay h\u1ed7 tr\u1ee3 cho c\u00e1c h\u1ec7 th\u1ed1ng hi\u1ec7n c\u00f3, FMP lu\u00f4n t\u1eadn t\u00e2m gi\u1ea3i quy\u1ebft c\u00e1c th\u00e1ch th\u1ee9c k\u1ef9 thu\u1eadt c\u1ee7a b\u1ea1n v\u00e0 \u0111\u1ea3m b\u1ea3o th\u00e0nh c\u00f4ng li\u00ean t\u1ee5c.<\/p>\n<p><img loading=\"lazy\" decoding=\"async\" class=\"alignnone size-full wp-image-1861\" src=\"https:\/\/fmp-components.com\/wp-content\/uploads\/2024\/12\/Other-Agricultural-Gearboxes.webp\" sizes=\"(min-width: 0px) and (max-width: 480px) 480px, (min-width: 481px) and (max-width: 980px) 980px, (min-width: 981px) 1200px, 100vw\" srcset=\"https:\/\/fmp-components.com\/wp-content\/uploads\/2024\/12\/Other-Agricultural-Gearboxes.webp 1200w, https:\/\/fmp-components.com\/wp-content\/uploads\/2024\/12\/Other-Agricultural-Gearboxes-980x1143.webp 980w, https:\/\/fmp-components.com\/wp-content\/uploads\/2024\/12\/Other-Agricultural-Gearboxes-480x560.webp 480w\" alt=\"Altri-cambi-agricoli\" width=\"1200\" height=\"1400\" title=\"\"><\/p>\n<p>T\u00e1c gi\u1ea3: CX<\/p>","protected":false},"excerpt":{"rendered":"<p>FMP-1ZS-380 Lawn Mower Gearbox Specification ITEM FMP-1ZS-380 Lawn Mower Gearbox Ratio 1:1.24 Teeth 21\/17\/17\/17 Module 7.0 Power\uff08HP\uff09 100 Rated Input 540rpm Input\/Output description \u00a0Spline Weight\uff08N.W\uff09 42.5Kg Advantages of FMP-1ZS-380 Lawn Mower Gearbox High Performance &amp; Efficiency The FMP-1ZS-380 lawn mower gearbox is designed for optimal power transmission, ensuring that the mower operates at peak efficiency. [&hellip;]<\/p>","protected":false},"featured_media":2005,"comment_status":"open","ping_status":"closed","template":"","meta":{"_et_pb_use_builder":"","_et_pb_old_content":"","_et_gb_content_width":""},"product_brand":[],"product_cat":[52],"product_tag":[],"class_list":{"0":"post-1999","1":"product","2":"type-product","3":"status-publish","4":"has-post-thumbnail","6":"product_cat-lawn-mower-gearbox","8":"first","9":"instock","10":"shipping-taxable","11":"product-type-simple"},"_links":{"self":[{"href":"https:\/\/fmp-components.com\/vi\/wp-json\/wp\/v2\/product\/1999","targetHints":{"allow":["GET"]}}],"collection":[{"href":"https:\/\/fmp-components.com\/vi\/wp-json\/wp\/v2\/product"}],"about":[{"href":"https:\/\/fmp-components.com\/vi\/wp-json\/wp\/v2\/types\/product"}],"replies":[{"embeddable":true,"href":"https:\/\/fmp-components.com\/vi\/wp-json\/wp\/v2\/comments?post=1999"}],"wp:featuredmedia":[{"embeddable":true,"href":"https:\/\/fmp-components.com\/vi\/wp-json\/wp\/v2\/media\/2005"}],"wp:attachment":[{"href":"https:\/\/fmp-components.com\/vi\/wp-json\/wp\/v2\/media?parent=1999"}],"wp:term":[{"taxonomy":"product_brand","embeddable":true,"href":"https:\/\/fmp-components.com\/vi\/wp-json\/wp\/v2\/product_brand?post=1999"},{"taxonomy":"product_cat","embeddable":true,"href":"https:\/\/fmp-components.com\/vi\/wp-json\/wp\/v2\/product_cat?post=1999"},{"taxonomy":"product_tag","embeddable":true,"href":"https:\/\/fmp-components.com\/vi\/wp-json\/wp\/v2\/product_tag?post=1999"}],"curies":[{"name":"wp","href":"https:\/\/api.w.org\/{rel}","templated":true}]}}