{"id":1993,"date":"2024-12-26T08:39:30","date_gmt":"2024-12-26T08:39:30","guid":{"rendered":"https:\/\/fmp-components.com\/?page_id=8"},"modified":"2024-12-26T08:43:04","modified_gmt":"2024-12-26T08:43:04","slug":"agricultural-lawn-mower-gearbox-fmp-966109","status":"publish","type":"product","link":"https:\/\/fmp-components.com\/vi\/product\/agricultural-lawn-mower-gearbox-fmp-966109\/","title":{"rendered":"H\u1ed9p s\u1ed1 m\u00e1y c\u1eaft c\u1ecf n\u00f4ng nghi\u1ec7p FMP-966109"},"content":{"rendered":"<h2>Th\u00f4ng s\u1ed1 k\u1ef9 thu\u1eadt h\u1ed9p s\u1ed1 m\u00e1y c\u1eaft c\u1ecf n\u00f4ng nghi\u1ec7p FMP-966109<\/h2>\n<p><img loading=\"lazy\" decoding=\"async\" class=\"size-full wp-image-1997 alignleft\" src=\"https:\/\/fmp-components.com\/wp-content\/uploads\/2024\/12\/fmp_agricultural-gearbox-HC-GS4RC-2-1.webp\" alt=\"fmp_agricultural-gearbox-HC-GS4RC-2-1\" width=\"506\" height=\"640\" title=\"\" srcset=\"https:\/\/fmp-components.com\/wp-content\/uploads\/2024\/12\/fmp_agricultural-gearbox-HC-GS4RC-2-1.webp 506w, https:\/\/fmp-components.com\/wp-content\/uploads\/2024\/12\/fmp_agricultural-gearbox-HC-GS4RC-2-1-480x607.webp 480w\" sizes=\"(min-width: 0px) and (max-width: 480px) 480px, (min-width: 481px) 506px, 100vw\" \/><img loading=\"lazy\" decoding=\"async\" class=\"wp-image-1996 aligncenter\" src=\"https:\/\/fmp-components.com\/wp-content\/uploads\/2024\/12\/FMP_agricultural-gearbox-HC-966109.webp\" alt=\"FMP_h\u1ed9p-s\u1ed1-n\u00f4ng-nghi\u1ec7p-HC-966109\" width=\"383\" height=\"383\" title=\"\" srcset=\"https:\/\/fmp-components.com\/wp-content\/uploads\/2024\/12\/FMP_agricultural-gearbox-HC-966109.webp 400w, https:\/\/fmp-components.com\/wp-content\/uploads\/2024\/12\/FMP_agricultural-gearbox-HC-966109-300x300.webp 300w, https:\/\/fmp-components.com\/wp-content\/uploads\/2024\/12\/FMP_agricultural-gearbox-HC-966109-150x150.webp 150w, https:\/\/fmp-components.com\/wp-content\/uploads\/2024\/12\/FMP_agricultural-gearbox-HC-966109-12x12.webp 12w, https:\/\/fmp-components.com\/wp-content\/uploads\/2024\/12\/FMP_agricultural-gearbox-HC-966109-100x100.webp 100w\" sizes=\"(max-width: 383px) 100vw, 383px\" \/><\/p>\n<table style=\"width: 92.3941%; height: 221px;\" border=\"1\">\n<tbody>\n<tr>\n<td style=\"width: 31.5789%;\"><strong>M\u1ee4C<\/strong><\/td>\n<td style=\"width: 67.7193%;\">FMP-966109<\/td>\n<\/tr>\n<tr>\n<td style=\"width: 31.5789%;\"><strong>T\u1ef7 l\u1ec7<\/strong><\/td>\n<td style=\"width: 67.7193%;\">1:1.47\/1:1.93<\/td>\n<\/tr>\n<tr>\n<td style=\"width: 31.5789%;\"><strong>R\u0103ng<\/strong><\/td>\n<td style=\"width: 67.7193%;\">13\/19 14\/27<\/td>\n<\/tr>\n<tr>\n<td style=\"width: 31.5789%;\"><strong>M\u00f4-\u0111un<\/strong><\/td>\n<td style=\"width: 67.7193%;\">\u00a07.0 \/5.5<\/td>\n<\/tr>\n<tr>\n<td style=\"width: 31.5789%;\"><strong>C\u00f4ng su\u1ea5t (HP)<\/strong><\/td>\n<td style=\"width: 67.7193%;\">60<\/td>\n<\/tr>\n<tr>\n<td style=\"width: 31.5789%;\"><strong>\u0110\u1ea7u v\u00e0o \u0111\u1ecbnh m\u1ee9c<\/strong><\/td>\n<td style=\"width: 67.7193%;\">540 v\u00f2ng\/ph\u00fat<\/td>\n<\/tr>\n<tr>\n<td style=\"width: 31.5789%;\"><strong>M\u00f4 t\u1ea3 \u0111\u1ea7u v\u00e0o\/\u0111\u1ea7u ra<\/strong><\/td>\n<td style=\"width: 67.7193%;\">\u00a01 3\/8 Z6\/1 3\/4 Z20 Tr\u1ee5c quang h\u1ecdc 1 R\u00e3nh c\u00f4n<\/td>\n<\/tr>\n<tr>\n<td style=\"width: 31.5789%;\"><strong>Tr\u1ecdng l\u01b0\u1ee3ng (T\u00e2y B\u1eafc)<\/strong><\/td>\n<td style=\"width: 67.7193%;\">29KG<\/td>\n<\/tr>\n<\/tbody>\n<\/table>\n<h2>Thi\u1ebft k\u1ebf b\u1ed9 ph\u1eadn h\u1ed9p s\u1ed1 m\u00e1y c\u1eaft c\u1ecf<\/h2>\n<p><img loading=\"lazy\" decoding=\"async\" class=\"alignnone size-full wp-image-1995\" src=\"https:\/\/fmp-components.com\/wp-content\/uploads\/2024\/12\/Lawn-Mower-Gearbox-Parts-Design.webp\" alt=\"H\u1ed9p s\u1ed1 m\u00e1y c\u1eaft c\u1ecf\" width=\"1000\" height=\"614\" title=\"\" srcset=\"https:\/\/fmp-components.com\/wp-content\/uploads\/2024\/12\/Lawn-Mower-Gearbox-Parts-Design.webp 1000w, https:\/\/fmp-components.com\/wp-content\/uploads\/2024\/12\/Lawn-Mower-Gearbox-Parts-Design-980x602.webp 980w, https:\/\/fmp-components.com\/wp-content\/uploads\/2024\/12\/Lawn-Mower-Gearbox-Parts-Design-480x295.webp 480w\" sizes=\"(min-width: 0px) and (max-width: 480px) 480px, (min-width: 481px) and (max-width: 980px) 980px, (min-width: 981px) 1000px, 100vw\" \/><\/p>\n<h3>T\u00ednh n\u0103ng h\u1ed9p s\u1ed1 m\u00e1y c\u1eaft c\u1ecf n\u00f4ng nghi\u1ec7p<\/h3>\n<ol>\n<li><strong>T\u1ef7 s\u1ed1 truy\u1ec1n c\u00f3 th\u1ec3 t\u00f9y ch\u1ec9nh<\/strong>:Ch\u00fang t\u00f4i cung c\u1ea5p nhi\u1ec1u t\u1ef7 s\u1ed1 truy\u1ec1n kh\u00e1c nhau \u0111\u1ec3 \u0111\u00e1p \u1ee9ng nhu c\u1ea7u c\u1ee5 th\u1ec3 c\u1ee7a b\u1ea1n.<\/li>\n<li><strong>Ki\u1ec3m so\u00e1t ch\u1ea5t l\u01b0\u1ee3ng chuy\u00ean nghi\u1ec7p<\/strong>:B\u1ed9 ph\u1eadn QC chuy\u00ean d\u1ee5ng c\u1ee7a ch\u00fang t\u00f4i s\u1eed d\u1ee5ng thi\u1ebft b\u1ecb ki\u1ec3m tra ti\u00ean ti\u1ebfn \u0111\u1ec3 \u0111\u1ea3m b\u1ea3o k\u00edch th\u01b0\u1edbc ch\u00ednh x\u00e1c, \u0111\u1ed9 r\u01a1 t\u1ed1i thi\u1ec3u v\u00e0 m\u1ee9c \u0111\u1ed9 ti\u1ebfng \u1ed3n th\u1ea5p trong m\u1ecdi h\u1ed9p s\u1ed1.<\/li>\n<li><strong>Kh\u1ea3 n\u0103ng ODM &amp; OEM<\/strong>:B\u1ed9 ph\u1eadn c\u00f4ng ngh\u1ec7 c\u1ee7a ch\u00fang t\u00f4i \u0111\u01b0\u1ee3c trang b\u1ecb \u0111\u1ec3 thi\u1ebft k\u1ebf v\u00e0 ph\u00e1t tri\u1ec3n h\u1ed9p s\u1ed1 t\u00f9y ch\u1ec9nh d\u1ef1a tr\u00ean c\u00e1c y\u00eau c\u1ea7u ri\u00eang c\u1ee7a b\u1ea1n, cung c\u1ea5p c\u1ea3 d\u1ecbch v\u1ee5 Nh\u00e0 s\u1ea3n xu\u1ea5t thi\u1ebft k\u1ebf g\u1ed1c (ODM) v\u00e0 Nh\u00e0 s\u1ea3n xu\u1ea5t thi\u1ebft b\u1ecb g\u1ed1c (OEM).<\/li>\n<li><strong>Th\u1eddi h\u1ea1n b\u1ea3o h\u00e0nh<\/strong>:Ch\u00fang t\u00f4i cung c\u1ea5p th\u1eddi gian b\u1ea3o h\u00e0nh t\u1eeb 1,5 \u0111\u1ebfn 2 n\u0103m \u0111\u1ec3 \u0111\u1ea3m b\u1ea3o \u0111\u1ed9 b\u1ec1n v\u00e0 \u0111\u1ed9 tin c\u1eady c\u1ee7a s\u1ea3n ph\u1ea9m.<\/li>\n<li><strong>Kinh nghi\u1ec7m s\u00e2u r\u1ed9ng<\/strong>:V\u1edbi h\u01a1n 20 n\u0103m kinh nghi\u1ec7m trong ng\u00e0nh, h\u1ed9p s\u1ed1 c\u1ee7a ch\u00fang t\u00f4i \u0111\u01b0\u1ee3c bi\u1ebft \u0111\u1ebfn v\u1edbi t\u00ednh an to\u00e0n, \u0111\u1ed9 tin c\u1eady, hi\u1ec7u qu\u1ea3 v\u1ec1 chi ph\u00ed v\u00e0 \u0111\u1ed9 b\u1ec1n.<\/li>\n<li><strong>Ki\u1ec3m so\u00e1t \u0111\u00f3ng g\u00f3i v\u00e0 giao h\u00e0ng nghi\u00eam ng\u1eb7t<\/strong>: T\u1ea5t c\u1ea3 c\u00f4ng nh\u00e2n c\u1ee7a ch\u00fang t\u00f4i \u0111\u1ec1u \u0111\u01b0\u1ee3c \u0111\u00e0o t\u1ea1o b\u00e0i b\u1ea3n \u0111\u1ec3 \u0111\u1ea3m b\u1ea3o \u0111\u00e1p \u1ee9ng c\u00e1c ti\u00eau chu\u1ea9n ch\u1ea5t l\u01b0\u1ee3ng cao nh\u1ea5t. M\u1ed7i h\u1ed9p s\u1ed1 \u0111\u1ec1u \u0111\u01b0\u1ee3c ki\u1ec3m tra 100% tr\u01b0\u1edbc khi xu\u1ea5t x\u01b0\u1edfng \u0111\u1ec3 \u0111\u1ea3m b\u1ea3o hi\u1ec7u su\u1ea5t ho\u00e0n h\u1ea3o.<\/li>\n<\/ol>\n<p>Ch\u00fang t\u00f4i cam k\u1ebft cung c\u1ea5p nh\u1eefng thi\u1ebft k\u1ebf \u0111\u1eb7c bi\u1ec7t, ki\u1ec3m so\u00e1t ch\u1ea5t l\u01b0\u1ee3ng chuy\u00ean nghi\u1ec7p, gi\u00e1 c\u1ea3 c\u1ea1nh tranh v\u00e0 d\u1ecbch v\u1ee5 kh\u00e1ch h\u00e0ng xu\u1ea5t s\u1eafc \u0111\u1ec3 \u0111\u00e1p \u1ee9ng nhu c\u1ea7u c\u1ee7a b\u1ea1n.<\/p>\n<p><img loading=\"lazy\" decoding=\"async\" class=\"alignnone size-full wp-image-1994\" src=\"https:\/\/fmp-components.com\/wp-content\/uploads\/2024\/12\/Lawn-Mower-Gearbox-7.webp\" alt=\"H\u1ed9p s\u1ed1 m\u00e1y c\u1eaft c\u1ecf\" width=\"1502\" height=\"805\" title=\"\" srcset=\"https:\/\/fmp-components.com\/wp-content\/uploads\/2024\/12\/Lawn-Mower-Gearbox-7.webp 1502w, https:\/\/fmp-components.com\/wp-content\/uploads\/2024\/12\/Lawn-Mower-Gearbox-7-1280x686.webp 1280w, https:\/\/fmp-components.com\/wp-content\/uploads\/2024\/12\/Lawn-Mower-Gearbox-7-980x525.webp 980w, https:\/\/fmp-components.com\/wp-content\/uploads\/2024\/12\/Lawn-Mower-Gearbox-7-480x257.webp 480w\" sizes=\"(min-width: 0px) and (max-width: 480px) 480px, (min-width: 481px) and (max-width: 980px) 980px, (min-width: 981px) and (max-width: 1280px) 1280px, (min-width: 1281px) 1502px, 100vw\" \/><\/p>\n<h3>Gi\u1edbi thi\u1ec7u v\u1ec1 FMP<\/h3>\n<p>FMP, c\u00f3 tr\u1ee5 s\u1edf ch\u00ednh t\u1ea1i \u00dd, l\u00e0 nh\u00e0 s\u1ea3n xu\u1ea5t h\u00e0ng \u0111\u1ea7u chuy\u00ean v\u1ec1 h\u1ed9p s\u1ed1 hi\u1ec7u su\u1ea5t cao cho m\u00e1y m\u00f3c n\u00f4ng nghi\u1ec7p. N\u1ed5i ti\u1ebfng v\u1edbi k\u1ef9 thu\u1eadt ch\u00ednh x\u00e1c, \u0111\u1ed5i m\u1edbi v\u00e0 \u0111\u1ed9 tin c\u1eady, ch\u00fang t\u00f4i cung c\u1ea5p \u0111a d\u1ea1ng c\u00e1c lo\u1ea1i h\u1ed9p s\u1ed1, bao g\u1ed3m h\u1ed9p s\u1ed1 m\u00e1y c\u1eaft c\u1ecf v\u00e0 c\u00e1c linh ki\u1ec7n thi\u1ebft y\u1ebfu nh\u01b0 tr\u1ee5c PTO. S\u1ee9 m\u1ec7nh c\u1ee7a ch\u00fang t\u00f4i l\u00e0 cung c\u1ea5p c\u00e1c gi\u1ea3i ph\u00e1p ph\u00f9 h\u1ee3p, \u0111\u00e1p \u1ee9ng nhu c\u1ea7u c\u1ee5 th\u1ec3 c\u1ee7a ng\u00e0nh n\u00f4ng nghi\u1ec7p v\u00e0 c\u00f4ng nghi\u1ec7p, d\u00f9 l\u00e0 th\u00f4ng qua c\u00e1c s\u1ea3n ph\u1ea9m ri\u00eang l\u1ebb hay h\u1ec7 th\u1ed1ng t\u00edch h\u1ee3p.<\/p>\n<p>Ch\u00fang t\u00f4i hi\u1ec3u r\u1eb1ng m\u1ed7i kh\u00e1ch h\u00e0ng \u0111\u1ec1u c\u00f3 nh\u1eefng y\u00eau c\u1ea7u ri\u00eang, \u0111\u00f3 l\u00e0 l\u00fd do t\u1ea1i sao ch\u00fang t\u00f4i lu\u00f4n n\u1ed7 l\u1ef1c t\u00f9y ch\u1ec9nh s\u1ea3n ph\u1ea9m \u0111\u1ec3 \u0111\u00e1p \u1ee9ng nh\u1eefng nhu c\u1ea7u \u0111\u00f3. Cho d\u00f9 b\u1ea1n c\u1ea7n h\u1ed9p s\u1ed1 chuy\u00ean d\u1ee5ng hay m\u1ed9t h\u1ec7 th\u1ed1ng ho\u00e0n ch\u1ec9nh, ch\u00fang t\u00f4i \u0111\u1ec1u h\u1ee3p t\u00e1c ch\u1eb7t ch\u1ebd v\u1edbi b\u1ea1n \u0111\u1ec3 mang \u0111\u1ebfn nh\u1eefng gi\u1ea3i ph\u00e1p hi\u1ec7u qu\u1ea3 v\u00e0 t\u1ed1i \u01b0u nh\u1ea5t. Ph\u1ea3n h\u1ed3i nhanh ch\u00f3ng v\u00e0 chuy\u00ean nghi\u1ec7p, k\u1ebft h\u1ee3p v\u1edbi t\u01b0 v\u1ea5n chuy\u00ean m\u00f4n, \u0111\u1ea3m b\u1ea3o m\u1ecdi y\u00eau c\u1ea7u c\u1ee7a b\u1ea1n \u0111\u1ec1u \u0111\u01b0\u1ee3c x\u1eed l\u00fd c\u1ea9n th\u1eadn v\u00e0 ch\u00ednh x\u00e1c.<\/p>\n<p>T\u1ea1i FMP, ch\u00fang t\u00f4i \u01b0u ti\u00ean giao ti\u1ebfp c\u1edfi m\u1edf v\u00e0 h\u1ee3p t\u00e1c, \u0111\u1eb7c bi\u1ec7t l\u00e0 khi ph\u00e1t tri\u1ec3n s\u1ea3n ph\u1ea9m m\u1edbi. \u0110\u1ed9i ng\u0169 c\u1ee7a ch\u00fang t\u00f4i l\u00e0m vi\u1ec7c c\u00f9ng kh\u00e1ch h\u00e0ng \u0111\u1ec3 th\u1ea5u hi\u1ec3u nh\u1eefng th\u00e1ch th\u1ee9c c\u1ee7a h\u1ecd v\u00e0 cung c\u1ea5p nh\u1eefng hi\u1ec3u bi\u1ebft s\u00e2u s\u1eafc d\u1eabn \u0111\u1ebfn c\u00e1c gi\u1ea3i ph\u00e1p t\u1ed1i \u01b0u. Ch\u00fang t\u00f4i cam k\u1ebft cung c\u1ea5p c\u00e1c s\u1ea3n ph\u1ea9m ch\u1ea5t l\u01b0\u1ee3ng cao, \u0111\u01b0\u1ee3c thi\u1ebft k\u1ebf ch\u00ednh x\u00e1c v\u00e0 \u0111\u00fang h\u1ea1n, d\u00f9 l\u00e0 cho c\u00e1c d\u1ef1 \u00e1n ph\u00e1t tri\u1ec3n m\u1edbi hay c\u00e1c \u0111\u01a1n h\u00e0ng hi\u1ec7n c\u00f3.<\/p>\n<p>Ch\u1ea5t l\u01b0\u1ee3ng l\u00e0 tr\u1ecdng t\u00e2m trong ho\u1ea1t \u0111\u1ed9ng c\u1ee7a FMP. Quy tr\u00ecnh s\u1ea3n xu\u1ea5t c\u1ee7a ch\u00fang t\u00f4i tu\u00e2n th\u1ee7 c\u00e1c ti\u00eau chu\u1ea9n cao nh\u1ea5t, \u0111\u1ea3m b\u1ea3o \u0111\u1ed9 ch\u00ednh x\u00e1c v\u00e0 kh\u00f4ng c\u00f3 sai s\u00f3t. Quy tr\u00ecnh ki\u1ec3m so\u00e1t ch\u1ea5t l\u01b0\u1ee3ng nghi\u00eam ng\u1eb7t \u0111\u1ea3m b\u1ea3o m\u1ecdi s\u1ea3n ph\u1ea9m \u0111\u1ec1u \u0111\u00e1p \u1ee9ng ho\u1eb7c v\u01b0\u1ee3t ti\u00eau chu\u1ea9n ng\u00e0nh. Cam k\u1ebft v\u1ec1 ch\u1ea5t l\u01b0\u1ee3ng n\u00e0y, c\u00f9ng v\u1edbi c\u00e1c gi\u00e1 tr\u1ecb c\u1ed1t l\u00f5i c\u1ee7a ch\u00fang t\u00f4i l\u00e0 ch\u00ednh tr\u1ef1c, tinh th\u1ea7n \u0111\u1ed3ng \u0111\u1ed9i v\u00e0 s\u1ef1 ki\u00ean tr\u00ec, \u0111\u00e3 gi\u00fap ch\u00fang t\u00f4i x\u00e2y d\u1ef1ng m\u1ed1i quan h\u1ec7 b\u1ec1n ch\u1eb7t v\u1edbi kh\u00e1ch h\u00e0ng t\u1ea1i g\u1ea7n 30 qu\u1ed1c gia.<\/p>\n<p>FMP lu\u00f4n s\u1eb5n s\u00e0ng h\u1ee3p t\u00e1c to\u00e0n c\u1ea7u, cung c\u1ea5p t\u01b0 v\u1ea5n chuy\u00ean m\u00f4n v\u00e0 gi\u1ea3i ph\u00e1p t\u00f9y ch\u1ec9nh. Ph\u01b0\u01a1ng ch\u00e2m c\u1ee7a ch\u00fang t\u00f4i kh\u00f4ng ch\u1ec9 \u0111\u01a1n thu\u1ea7n l\u00e0 cung c\u1ea5p s\u1ea3n ph\u1ea9m; ch\u00fang t\u00f4i h\u01b0\u1edbng \u0111\u1ebfn vi\u1ec7c x\u00e2y d\u1ef1ng m\u1ed1i quan h\u1ec7 l\u00e2u d\u00e0i, th\u00fac \u0111\u1ea9y th\u00e0nh c\u00f4ng chung. Cho d\u00f9 b\u1ea1n c\u1ea7n gi\u1ea3i ph\u00e1p m\u1edbi hay h\u1ed7 tr\u1ee3 cho c\u00e1c h\u1ec7 th\u1ed1ng hi\u1ec7n c\u00f3, FMP lu\u00f4n t\u1eadn t\u00e2m gi\u1ea3i quy\u1ebft c\u00e1c th\u00e1ch th\u1ee9c k\u1ef9 thu\u1eadt c\u1ee7a b\u1ea1n v\u00e0 \u0111\u1ea3m b\u1ea3o th\u00e0nh c\u00f4ng li\u00ean t\u1ee5c.<\/p>\n<p><img loading=\"lazy\" decoding=\"async\" class=\"alignnone size-full wp-image-1861\" src=\"https:\/\/fmp-components.com\/wp-content\/uploads\/2024\/12\/Other-Agricultural-Gearboxes.webp\" sizes=\"(min-width: 0px) and (max-width: 480px) 480px, (min-width: 481px) and (max-width: 980px) 980px, (min-width: 981px) 1200px, 100vw\" srcset=\"https:\/\/fmp-components.com\/wp-content\/uploads\/2024\/12\/Other-Agricultural-Gearboxes.webp 1200w, https:\/\/fmp-components.com\/wp-content\/uploads\/2024\/12\/Other-Agricultural-Gearboxes-980x1143.webp 980w, https:\/\/fmp-components.com\/wp-content\/uploads\/2024\/12\/Other-Agricultural-Gearboxes-480x560.webp 480w\" alt=\"Altri-cambi-agricoli\" width=\"1200\" height=\"1400\" title=\"\"><\/p>\n<p>T\u00e1c gi\u1ea3: CX<\/p>","protected":false},"excerpt":{"rendered":"<p>Agricultural Lawn Mower Gearbox FMP-966109 Specification ITEM FMP-966109 Ratio 1:1.47\/1:1.93 Teeth 13\/19 14\/27 Module \u00a07.0 \/5.5 Power(HP) 60 Rated Input 540rpm Input\/Output Description \u00a01 3\/8 Z6\/1 3\/4 Z20 Optic ax1 Taper spline Weight(N.W) 29KG Lawn Mower Gearbox Parts Design Agricultural Lawnmower Gearbox Features Customizable Transmission Ratios: We offer a variety of transmission ratios tailored to [&hellip;]<\/p>","protected":false},"featured_media":1996,"comment_status":"open","ping_status":"closed","template":"","meta":{"_et_pb_use_builder":"","_et_pb_old_content":"","_et_gb_content_width":""},"product_brand":[],"product_cat":[52],"product_tag":[],"class_list":{"0":"post-1993","1":"product","2":"type-product","3":"status-publish","4":"has-post-thumbnail","6":"product_cat-lawn-mower-gearbox","8":"first","9":"instock","10":"shipping-taxable","11":"product-type-simple"},"_links":{"self":[{"href":"https:\/\/fmp-components.com\/vi\/wp-json\/wp\/v2\/product\/1993","targetHints":{"allow":["GET"]}}],"collection":[{"href":"https:\/\/fmp-components.com\/vi\/wp-json\/wp\/v2\/product"}],"about":[{"href":"https:\/\/fmp-components.com\/vi\/wp-json\/wp\/v2\/types\/product"}],"replies":[{"embeddable":true,"href":"https:\/\/fmp-components.com\/vi\/wp-json\/wp\/v2\/comments?post=1993"}],"wp:featuredmedia":[{"embeddable":true,"href":"https:\/\/fmp-components.com\/vi\/wp-json\/wp\/v2\/media\/1996"}],"wp:attachment":[{"href":"https:\/\/fmp-components.com\/vi\/wp-json\/wp\/v2\/media?parent=1993"}],"wp:term":[{"taxonomy":"product_brand","embeddable":true,"href":"https:\/\/fmp-components.com\/vi\/wp-json\/wp\/v2\/product_brand?post=1993"},{"taxonomy":"product_cat","embeddable":true,"href":"https:\/\/fmp-components.com\/vi\/wp-json\/wp\/v2\/product_cat?post=1993"},{"taxonomy":"product_tag","embeddable":true,"href":"https:\/\/fmp-components.com\/vi\/wp-json\/wp\/v2\/product_tag?post=1993"}],"curies":[{"name":"wp","href":"https:\/\/api.w.org\/{rel}","templated":true}]}}