{"id":1989,"date":"2024-12-26T08:28:11","date_gmt":"2024-12-26T08:28:11","guid":{"rendered":"https:\/\/fmp-components.com\/?page_id=8"},"modified":"2024-12-26T08:28:11","modified_gmt":"2024-12-26T08:28:11","slug":"fmp-40002-lawn-mower-gearbox","status":"publish","type":"product","link":"https:\/\/fmp-components.com\/vi\/product\/fmp-40002-lawn-mower-gearbox\/","title":{"rendered":"H\u1ed9p s\u1ed1 m\u00e1y c\u1eaft c\u1ecf FMP-40002"},"content":{"rendered":"<p><img loading=\"lazy\" decoding=\"async\" class=\"size-full wp-image-1991 aligncenter\" src=\"https:\/\/fmp-components.com\/wp-content\/uploads\/2024\/12\/fmp_agricultural-gearbox-HC-40002.webp\" alt=\"fmp_agricultural-gearbox-HC-40002\" width=\"400\" height=\"400\" title=\"\" srcset=\"https:\/\/fmp-components.com\/wp-content\/uploads\/2024\/12\/fmp_agricultural-gearbox-HC-40002.webp 400w, https:\/\/fmp-components.com\/wp-content\/uploads\/2024\/12\/fmp_agricultural-gearbox-HC-40002-300x300.webp 300w, https:\/\/fmp-components.com\/wp-content\/uploads\/2024\/12\/fmp_agricultural-gearbox-HC-40002-150x150.webp 150w, https:\/\/fmp-components.com\/wp-content\/uploads\/2024\/12\/fmp_agricultural-gearbox-HC-40002-12x12.webp 12w, https:\/\/fmp-components.com\/wp-content\/uploads\/2024\/12\/fmp_agricultural-gearbox-HC-40002-100x100.webp 100w\" sizes=\"(max-width: 400px) 100vw, 400px\" \/><\/p>\n<h2>Th\u00f4ng s\u1ed1 k\u1ef9 thu\u1eadt h\u1ed9p s\u1ed1 m\u00e1y c\u1eaft c\u1ecf FMP-40002<\/h2>\n<p><img loading=\"lazy\" decoding=\"async\" class=\"alignnone  wp-image-1990\" src=\"https:\/\/fmp-components.com\/wp-content\/uploads\/2024\/12\/fmp_agricultural-gearbox-HC-40002-1.webp\" alt=\"fmp_agricultural-gearbox-HC-40002\" width=\"849\" height=\"572\" title=\"\" srcset=\"https:\/\/fmp-components.com\/wp-content\/uploads\/2024\/12\/fmp_agricultural-gearbox-HC-40002-1.webp 849w, https:\/\/fmp-components.com\/wp-content\/uploads\/2024\/12\/fmp_agricultural-gearbox-HC-40002-1-480x323.webp 480w\" sizes=\"(min-width: 0px) and (max-width: 480px) 480px, (min-width: 481px) 849px, 100vw\" \/><\/p>\n<table style=\"width: 97.3284%; height: 220px;\" border=\"1\">\n<tbody>\n<tr>\n<td style=\"width: 27.852%;\">M\u1ee4C<\/td>\n<td style=\"width: 71.5313%;\">H\u1ed9p s\u1ed1 m\u00e1y c\u1eaft c\u1ecf 40002<\/td>\n<\/tr>\n<tr>\n<td style=\"width: 27.852%;\">T\u1ef7 l\u1ec7<\/td>\n<td style=\"width: 71.5313%;\">3.2:1\/3.77:1\/4.17:1<\/td>\n<\/tr>\n<tr>\n<td style=\"width: 27.852%;\">R\u0103ng<\/td>\n<td style=\"width: 71.5313%;\">15\/48 13\/49 12\/50<\/td>\n<\/tr>\n<tr>\n<td style=\"width: 27.852%;\">M\u00f4-\u0111un<\/td>\n<td style=\"width: 71.5313%;\">15\/48 13\/49 12\/50<\/td>\n<\/tr>\n<tr>\n<td style=\"width: 27.852%;\">C\u00f4ng su\u1ea5t (HP)<\/td>\n<td style=\"width: 71.5313%;\">85\/85\/85<\/td>\n<\/tr>\n<tr>\n<td style=\"width: 27.852%;\">\u0110\u1ea7u v\u00e0o \u0111\u1ecbnh m\u1ee9c<\/td>\n<td style=\"width: 71.5313%;\">540 v\u00f2ng\/ph\u00fat<\/td>\n<\/tr>\n<tr>\n<td style=\"width: 27.852%;\">M\u00f4 t\u1ea3 \u0111\u1ea7u v\u00e0o\/\u0111\u1ea7u ra<\/td>\n<td style=\"width: 71.5313%;\">\u00a01 3\/4 Z6<\/td>\n<\/tr>\n<tr>\n<td style=\"width: 27.852%;\">Tr\u1ecdng l\u01b0\u1ee3ng (T\u00e2y B\u1eafc)<\/td>\n<td style=\"width: 71.5313%;\">111Kg<\/td>\n<\/tr>\n<\/tbody>\n<\/table>\n<h2>\u01afu \u0111i\u1ec3m c\u1ee7a h\u1ed9p s\u1ed1 m\u00e1y c\u1eaft c\u1ecf FMP-40002<\/h2>\n<p>H\u1ed9p s\u1ed1 m\u00e1y c\u1eaft c\u1ecf FMP-40002 l\u00e0 m\u1ed9t b\u1ed9 ph\u1eadn hi\u1ec7u su\u1ea5t cao, \u0111\u01b0\u1ee3c thi\u1ebft k\u1ebf ch\u00ednh x\u00e1c, \u0111\u01b0\u1ee3c thi\u1ebft k\u1ebf \u0111\u1ec3 t\u1ed1i \u01b0u h\u00f3a ho\u1ea1t \u0111\u1ed9ng c\u1ee7a m\u00e1y c\u1eaft c\u1ecf n\u00f4ng nghi\u1ec7p v\u00e0 c\u00f4ng nghi\u1ec7p. D\u01b0\u1edbi \u0111\u00e2y l\u00e0 m\u1ed9t s\u1ed1 \u01b0u \u0111i\u1ec3m ch\u00ednh c\u1ee7a h\u1ed9p s\u1ed1 FMP-40002:<\/p>\n<h3>\u0110\u1ed9 b\u1ec1n v\u00e0 tu\u1ed5i th\u1ecd<\/h3>\n<ul>\n<li>K\u1ebft c\u1ea5u ch\u1eafc ch\u1eafn: \u0110\u01b0\u1ee3c ch\u1ebf t\u1ea1o b\u1eb1ng v\u1eadt li\u1ec7u c\u00f3 \u0111\u1ed9 b\u1ec1n cao, FMP-40002 \u0111\u01b0\u1ee3c thi\u1ebft k\u1ebf \u0111\u1ec3 ch\u1ecbu \u0111\u01b0\u1ee3c \u0111i\u1ec1u ki\u1ec7n kh\u1eafc nghi\u1ec7t v\u00e0 s\u1eed d\u1ee5ng n\u1eb7ng nh\u1ecdc, \u0111\u1ea3m b\u1ea3o tu\u1ed5i th\u1ecd l\u00e2u d\u00e0i.<\/li>\n<li>Ch\u1ed1ng \u0103n m\u00f2n: H\u1ed9p s\u1ed1 \u0111\u01b0\u1ee3c thi\u1ebft k\u1ebf \u0111\u1ec3 ch\u1ed1ng m\u00e0i m\u00f2n v\u00e0 \u0103n m\u00f2n, l\u00fd t\u01b0\u1edfng \u0111\u1ec3 s\u1eed d\u1ee5ng ngo\u00e0i tr\u1eddi trong th\u1eddi gian d\u00e0i trong \u0111i\u1ec1u ki\u1ec7n th\u1eddi ti\u1ebft kh\u00e1c nhau.<\/li>\n<\/ul>\n<h3>Hi\u1ec7u su\u1ea5t cao v\u00e0 truy\u1ec1n t\u1ea3i \u0111i\u1ec7n<\/h3>\n<ul>\n<li>Truy\u1ec1n l\u1ef1c t\u1ed1i \u01b0u: FMP-40002 \u0111\u1ea3m b\u1ea3o truy\u1ec1n l\u1ef1c hi\u1ec7u qu\u1ea3 t\u1eeb \u0111\u1ed9ng c\u01a1 \u0111\u1ebfn l\u01b0\u1ee1i c\u1eaft c\u1ecf, mang l\u1ea1i hi\u1ec7u su\u1ea5t \u1ed5n \u0111\u1ecbnh v\u00e0 \u0111\u00e1ng tin c\u1eady trong qu\u00e1 tr\u00ecnh v\u1eadn h\u00e0nh.<\/li>\n<li>Ki\u1ec3m so\u00e1t t\u1ed1c \u0111\u1ed9 ch\u00ednh x\u00e1c: Cung c\u1ea5p m\u00f4-men xo\u1eafn v\u00e0 t\u1ed1c \u0111\u1ed9 c\u1ea7n thi\u1ebft \u0111\u1ec3 \u0111\u1ea1t \u0111\u01b0\u1ee3c k\u1ebft qu\u1ea3 c\u1eaft t\u1ed1t nh\u1ea5t, ngay c\u1ea3 trong \u0111i\u1ec1u ki\u1ec7n l\u00e0m vi\u1ec7c \u0111\u1ea7y th\u00e1ch th\u1ee9c.<\/li>\n<\/ul>\n<h3>T\u00f9y ch\u1ecdn t\u00f9y ch\u1ec9nh<\/h3>\n<ul>\n<li>Gi\u1ea3i ph\u00e1p ph\u00f9 h\u1ee3p: T\u1ea1i FMP, ch\u00fang t\u00f4i hi\u1ec3u r\u1eb1ng m\u1ed7i lo\u1ea1i m\u00e1y c\u1eaft c\u1ecf \u0111\u1ec1u y\u00eau c\u1ea7u nh\u1eefng \u0111\u1eb7c t\u00ednh hi\u1ec7u su\u1ea5t ri\u00eang. FMP-40002 c\u00f3 th\u1ec3 \u0111\u01b0\u1ee3c t\u00f9y ch\u1ec9nh \u0111\u1ec3 \u0111\u00e1p \u1ee9ng c\u00e1c y\u00eau c\u1ea7u ri\u00eang c\u1ee7a b\u1ea1n, bao g\u1ed3m \u0111i\u1ec1u ch\u1ec9nh tr\u1ee5c \u0111\u1ea7u ra, t\u1ef7 s\u1ed1 truy\u1ec1n v\u00e0 c\u1ea5u h\u00ecnh l\u1eafp \u0111\u1eb7t.<\/li>\n<li>Thi\u1ebft k\u1ebf th\u00edch \u1ee9ng: H\u1ed9p s\u1ed1 c\u00f3 th\u1ec3 \u0111\u01b0\u1ee3c \u0111i\u1ec1u ch\u1ec9nh cho nhi\u1ec1u m\u1eabu m\u00e1y c\u1eaft c\u1ecf kh\u00e1c nhau, \u0111\u1ea3m b\u1ea3o kh\u1ea3 n\u0103ng t\u01b0\u01a1ng th\u00edch li\u1ec1n m\u1ea1ch v\u00e0 hi\u1ec7u su\u1ea5t cao nh\u1ea5t.<\/li>\n<\/ul>\n<h3>B\u1ea3o tr\u00ec d\u1ec5 d\u00e0ng<\/h3>\n<ul>\n<li>Nhu c\u1ea7u b\u1ea3o tr\u00ec th\u1ea5p: \u0110\u01b0\u1ee3c thi\u1ebft k\u1ebf \u0111\u1ec3 \u0111\u1ea3m b\u1ea3o \u0111\u1ed9 tin c\u1eady, FMP-40002 y\u00eau c\u1ea7u b\u1ea3o tr\u00ec t\u1ed1i thi\u1ec3u, gi\u00fap gi\u1ea3m th\u1eddi gian ng\u1eebng ho\u1ea1t \u0111\u1ed9ng v\u00e0 chi ph\u00ed v\u1eadn h\u00e0nh.<\/li>\n<li>Th\u00e2n thi\u1ec7n v\u1edbi ng\u01b0\u1eddi d\u00f9ng: Thi\u1ebft k\u1ebf \u0111\u01a1n gi\u1ea3n v\u00e0 d\u1ec5 l\u1eafp \u0111\u1eb7t c\u1ee7a h\u1ed9p s\u1ed1 \u0111\u1ea3m b\u1ea3o ng\u01b0\u1eddi v\u1eadn h\u00e0nh c\u00f3 th\u1ec3 nhanh ch\u00f3ng thi\u1ebft l\u1eadp v\u00e0 b\u1ea3o tr\u00ec v\u1edbi chuy\u00ean m\u00f4n k\u1ef9 thu\u1eadt t\u1ed1i thi\u1ec3u.<\/li>\n<\/ul>\n<h3>Hi\u1ec7u qu\u1ea3 v\u1ec1 chi ph\u00ed<\/h3>\n<ul>\n<li>Ti\u1ebft ki\u1ec7m d\u00e0i h\u1ea1n: V\u1edbi \u0111\u1ed9 b\u1ec1n v\u00e0 \u0111\u1ed9 tin c\u1eady cao, FMP-40002 gi\u00fap gi\u1ea3m nhu c\u1ea7u s\u1eeda ch\u1eefa v\u00e0 thay th\u1ebf th\u01b0\u1eddng xuy\u00ean, mang l\u1ea1i gi\u00e1 tr\u1ecb l\u00e2u d\u00e0i cho kho\u1ea3n \u0111\u1ea7u t\u01b0 c\u1ee7a b\u1ea1n.<\/li>\n<li>Hi\u1ec7u qu\u1ea3 n\u0103ng l\u01b0\u1ee3ng: Vi\u1ec7c truy\u1ec1n t\u1ea3i n\u0103ng l\u01b0\u1ee3ng hi\u1ec7u qu\u1ea3 \u0111\u1ea3m b\u1ea3o m\u1ee9c ti\u00eau th\u1ee5 n\u0103ng l\u01b0\u1ee3ng th\u1ea5p h\u01a1n, gi\u00fap gi\u1ea3m chi ph\u00ed v\u1eadn h\u00e0nh m\u00e1y c\u1eaft c\u1ecf c\u1ee7a b\u1ea1n.<\/li>\n<\/ul>\n<p>T\u00f3m l\u1ea1i, H\u1ed9p s\u1ed1 m\u00e1y c\u1eaft c\u1ecf FMP-40002 n\u1ed5i b\u1eadt v\u1edbi \u0111\u1ed9 b\u1ec1n, hi\u1ec7u qu\u1ea3 v\u00e0 t\u00ednh linh ho\u1ea1t. V\u1edbi kh\u1ea3 n\u0103ng t\u00f9y ch\u1ec9nh h\u1ed9p s\u1ed1 theo nhu c\u1ea7u c\u1ee5 th\u1ec3, \u0111\u00e2y l\u00e0 l\u1ef1a ch\u1ecdn l\u00fd t\u01b0\u1edfng \u0111\u1ec3 n\u00e2ng cao hi\u1ec7u su\u1ea5t c\u1ee7a m\u00e1y c\u1eaft c\u1ecf trong c\u1ea3 \u1ee9ng d\u1ee5ng n\u00f4ng nghi\u1ec7p v\u00e0 c\u00f4ng nghi\u1ec7p.<\/p>\n<p><img loading=\"lazy\" decoding=\"async\" class=\"alignnone  wp-image-1992\" src=\"https:\/\/fmp-components.com\/wp-content\/uploads\/2024\/12\/Lawn-Mower-Gearbox-6.webp\" alt=\"H\u1ed9p s\u1ed1 m\u00e1y c\u1eaft c\u1ecf\" width=\"879\" height=\"646\" title=\"\" srcset=\"https:\/\/fmp-components.com\/wp-content\/uploads\/2024\/12\/Lawn-Mower-Gearbox-6.webp 879w, https:\/\/fmp-components.com\/wp-content\/uploads\/2024\/12\/Lawn-Mower-Gearbox-6-480x353.webp 480w\" sizes=\"(min-width: 0px) and (max-width: 480px) 480px, (min-width: 481px) 879px, 100vw\" \/><\/p>\n<h3>Gi\u1edbi thi\u1ec7u v\u1ec1 FMP<\/h3>\n<p>FMP, c\u00f3 tr\u1ee5 s\u1edf t\u1ea1i \u00dd, l\u00e0 nh\u00e0 s\u1ea3n xu\u1ea5t h\u00e0ng \u0111\u1ea7u chuy\u00ean thi\u1ebft k\u1ebf, ph\u00e1t tri\u1ec3n v\u00e0 s\u1ea3n xu\u1ea5t h\u1ed9p s\u1ed1 hi\u1ec7u su\u1ea5t cao cho m\u00e1y m\u00f3c n\u00f4ng nghi\u1ec7p. V\u1edbi tr\u1ecdng t\u00e2m l\u00e0 k\u1ef9 thu\u1eadt ch\u00ednh x\u00e1c, \u0111\u1ed5i m\u1edbi v\u00e0 \u0111\u1ed9 tin c\u1eady, ch\u00fang t\u00f4i cung c\u1ea5p \u0111a d\u1ea1ng c\u00e1c lo\u1ea1i h\u1ed9p s\u1ed1, bao g\u1ed3m c\u1ea3 h\u1ed9p s\u1ed1 cho m\u00e1y c\u1eaft c\u1ecf, c\u0169ng nh\u01b0 c\u00e1c linh ki\u1ec7n quan tr\u1ecdng nh\u01b0 tr\u1ee5c PTO. S\u1ee9 m\u1ec7nh c\u1ee7a ch\u00fang t\u00f4i l\u00e0 cung c\u1ea5p c\u00e1c gi\u1ea3i ph\u00e1p t\u00f9y ch\u1ec9nh \u0111\u00e1p \u1ee9ng nhu c\u1ea7u c\u1ee5 th\u1ec3 c\u1ee7a ng\u00e0nh n\u00f4ng nghi\u1ec7p v\u00e0 c\u00f4ng nghi\u1ec7p, cung c\u1ea5p c\u1ea3 s\u1ea3n ph\u1ea9m \u0111\u1ed9c l\u1eadp v\u00e0 h\u1ec7 th\u1ed1ng t\u00edch h\u1ee3p ho\u00e0n ch\u1ec9nh.<\/p>\n<p>T\u1ea1i FMP, ch\u00fang t\u00f4i hi\u1ec3u r\u1eb1ng m\u1ed7i kh\u00e1ch h\u00e0ng \u0111\u1ec1u c\u00f3 nh\u1eefng y\u00eau c\u1ea7u ri\u00eang, \u0111\u00f3 l\u00e0 l\u00fd do t\u1ea1i sao ch\u00fang t\u00f4i lu\u00f4n n\u1ed7 l\u1ef1c t\u1ed1i \u01b0u h\u00f3a s\u1ea3n ph\u1ea9m \u0111\u1ec3 \u0111\u00e1p \u1ee9ng ho\u00e0n h\u1ea3o nh\u1eefng nhu c\u1ea7u \u0111\u00f3. Cho d\u00f9 b\u1ea1n c\u1ea7n h\u1ed9p s\u1ed1 chuy\u00ean d\u1ee5ng hay m\u1ed9t h\u1ec7 th\u1ed1ng ho\u00e0n ch\u1ec9nh, ch\u00fang t\u00f4i \u0111\u1ec1u h\u1ee3p t\u00e1c ch\u1eb7t ch\u1ebd v\u1edbi b\u1ea1n \u0111\u1ec3 ph\u00e1t tri\u1ec3n gi\u1ea3i ph\u00e1p hi\u1ec7u qu\u1ea3 v\u00e0 t\u1ed1i \u01b0u nh\u1ea5t. Cam k\u1ebft c\u1ee7a ch\u00fang t\u00f4i v\u1ec1 s\u1ef1 h\u00e0i l\u00f2ng c\u1ee7a kh\u00e1ch h\u00e0ng \u0111\u01b0\u1ee3c th\u1ec3 hi\u1ec7n r\u00f5 qua ph\u1ea3n h\u1ed3i nhanh ch\u00f3ng, chuy\u00ean nghi\u1ec7p v\u00e0 t\u01b0 v\u1ea5n chuy\u00ean m\u00f4n, \u0111\u1ea3m b\u1ea3o m\u1ecdi th\u1eafc m\u1eafc \u0111\u1ec1u \u0111\u01b0\u1ee3c x\u1eed l\u00fd ch\u00ednh x\u00e1c v\u00e0 chu \u0111\u00e1o.<\/p>\n<p>Ch\u00fang t\u00f4i tin t\u01b0\u1edfng v\u00e0o vi\u1ec7c duy tr\u00ec giao ti\u1ebfp c\u1edfi m\u1edf v\u00e0 li\u00ean t\u1ee5c v\u1edbi kh\u00e1ch h\u00e0ng, \u0111\u1eb7c bi\u1ec7t l\u00e0 trong qu\u00e1 tr\u00ecnh ph\u00e1t tri\u1ec3n s\u1ea3n ph\u1ea9m m\u1edbi. \u0110\u1ed9i ng\u0169 t\u1eadn t\u00e2m c\u1ee7a ch\u00fang t\u00f4i h\u1ee3p t\u00e1c ch\u1eb7t ch\u1ebd v\u1edbi kh\u00e1ch h\u00e0ng \u0111\u1ec3 hi\u1ec3u r\u00f5 nh\u1eefng th\u00e1ch th\u1ee9c c\u1ee5 th\u1ec3 c\u1ee7a h\u1ecd v\u00e0 cung c\u1ea5p nh\u1eefng hi\u1ec3u bi\u1ebft gi\u00e1 tr\u1ecb, t\u1eeb \u0111\u00f3 \u0111\u01b0a ra c\u00e1c gi\u1ea3i ph\u00e1p t\u1ed1i \u01b0u. D\u00f9 \u0111ang ph\u00e1t tri\u1ec3n s\u1ea3n ph\u1ea9m m\u1edbi hay ho\u00e0n th\u00e0nh c\u00e1c \u0111\u01a1n h\u00e0ng hi\u1ec7n c\u00f3, ch\u00fang t\u00f4i cam k\u1ebft cung c\u1ea5p c\u00e1c s\u1ea3n ph\u1ea9m ch\u1ea5t l\u01b0\u1ee3ng cao, \u0111\u01b0\u1ee3c thi\u1ebft k\u1ebf ch\u00ednh x\u00e1c m\u1ed9t c\u00e1ch nhanh ch\u00f3ng v\u00e0 hi\u1ec7u qu\u1ea3.<\/p>\n<p>T\u1ea1i FMP, ch\u1ea5t l\u01b0\u1ee3ng l\u00e0 n\u1ec1n t\u1ea3ng cho m\u1ecdi ho\u1ea1t \u0111\u1ed9ng c\u1ee7a ch\u00fang t\u00f4i. Quy tr\u00ecnh s\u1ea3n xu\u1ea5t c\u1ee7a ch\u00fang t\u00f4i tu\u00e2n th\u1ee7 c\u00e1c ti\u00eau chu\u1ea9n cao nh\u1ea5t, \u0111\u1ea3m b\u1ea3o \u0111\u1ed9 ch\u00ednh x\u00e1c v\u00e0 kh\u00f4ng c\u00f3 sai s\u00f3t. Ch\u00fang t\u00f4i \u00e1p d\u1ee5ng c\u00e1c bi\u1ec7n ph\u00e1p ki\u1ec3m so\u00e1t ch\u1ea5t l\u01b0\u1ee3ng nghi\u00eam ng\u1eb7t \u0111\u1ec3 \u0111\u1ea3m b\u1ea3o m\u1ecdi s\u1ea3n ph\u1ea9m \u0111\u1ec1u \u0111\u00e1p \u1ee9ng ho\u1eb7c v\u01b0\u1ee3t ti\u00eau chu\u1ea9n ng\u00e0nh. S\u1ef1 t\u1eadp trung kh\u00f4ng ng\u1eebng v\u00e0o ch\u1ea5t l\u01b0\u1ee3ng, k\u1ebft h\u1ee3p v\u1edbi c\u00e1c gi\u00e1 tr\u1ecb c\u1ed1t l\u00f5i c\u1ee7a ch\u00fang t\u00f4i l\u00e0 ch\u00ednh tr\u1ef1c, tinh th\u1ea7n \u0111\u1ed3ng \u0111\u1ed9i v\u00e0 s\u1ef1 ki\u00ean tr\u00ec, \u0111\u00e3 cho ph\u00e9p ch\u00fang t\u00f4i x\u00e2y d\u1ef1ng m\u1ed1i quan h\u1ec7 b\u1ec1n ch\u1eb7t v\u00e0 l\u00e2u d\u00e0i v\u1edbi kh\u00e1ch h\u00e0ng t\u1ea1i g\u1ea7n 30 qu\u1ed1c gia tr\u00ean to\u00e0n th\u1ebf gi\u1edbi.<\/p>\n<p>FMP lu\u00f4n s\u1eb5n s\u00e0ng thi\u1ebft l\u1eadp quan h\u1ec7 \u0111\u1ed1i t\u00e1c to\u00e0n c\u1ea7u v\u00e0 cam k\u1ebft cung c\u1ea5p t\u01b0 v\u1ea5n chuy\u00ean m\u00f4n c\u00f9ng c\u00e1c gi\u1ea3i ph\u00e1p t\u00f9y ch\u1ec9nh. Ph\u01b0\u01a1ng ch\u00e2m c\u1ee7a ch\u00fang t\u00f4i kh\u00f4ng ch\u1ec9 d\u1eebng l\u1ea1i \u1edf vi\u1ec7c cung c\u1ea5p s\u1ea3n ph\u1ea9m \u2014 ch\u00fang t\u00f4i h\u01b0\u1edbng \u0111\u1ebfn vi\u1ec7c x\u00e2y d\u1ef1ng m\u1ed1i quan h\u1ec7 l\u00e2u d\u00e0i v\u1edbi kh\u00e1ch h\u00e0ng, \u0111\u1ea3m b\u1ea3o th\u00e0nh c\u00f4ng c\u1ee7a h\u1ecd trong m\u1ecdi d\u1ef1 \u00e1n. Cho d\u00f9 b\u1ea1n c\u1ea7n gi\u1ea3i ph\u00e1p cho m\u1ed9t s\u00e1ng ki\u1ebfn \u200b\u200bm\u1edbi hay h\u1ed7 tr\u1ee3 cho m\u1ed9t h\u1ec7 th\u1ed1ng hi\u1ec7n c\u00f3, FMP lu\u00f4n t\u1eadn t\u00e2m gi\u1ea3i quy\u1ebft c\u00e1c th\u00e1ch th\u1ee9c k\u1ef9 thu\u1eadt v\u00e0 gi\u00fap b\u1ea1n \u0111\u1ea1t \u0111\u01b0\u1ee3c th\u00e0nh c\u00f4ng b\u1ec1n v\u1eefng.<\/p>\n<p><img loading=\"lazy\" decoding=\"async\" class=\"alignnone size-full wp-image-1861\" src=\"https:\/\/fmp-components.com\/wp-content\/uploads\/2024\/12\/Other-Agricultural-Gearboxes.webp\" sizes=\"(min-width: 0px) and (max-width: 480px) 480px, (min-width: 481px) and (max-width: 980px) 980px, (min-width: 981px) 1200px, 100vw\" srcset=\"https:\/\/fmp-components.com\/wp-content\/uploads\/2024\/12\/Other-Agricultural-Gearboxes.webp 1200w, https:\/\/fmp-components.com\/wp-content\/uploads\/2024\/12\/Other-Agricultural-Gearboxes-980x1143.webp 980w, https:\/\/fmp-components.com\/wp-content\/uploads\/2024\/12\/Other-Agricultural-Gearboxes-480x560.webp 480w\" alt=\"Altri-cambi-agricoli\" width=\"1200\" height=\"1400\" title=\"\"><\/p>\n<p>T\u00e1c gi\u1ea3: CX<\/p>\n<p>&nbsp;<\/p>","protected":false},"excerpt":{"rendered":"<p>FMP-40002 Lawn Mower Gearbox Specification ITEM 40002 Lawn mower gearbox Ratio 3.2:1\/3.77:1\/4.17:1 Teeth 15\/48 13\/49 12\/50 Module 15\/48 13\/49 12\/50 Power\uff08HP\uff09 85\/85\/85 Rated Input 540rpm Input\/Output description \u00a01 3\/4 Z6 Weight\uff08N.W\uff09 111Kg Advantages of FMP-40002 Lawn Mower Gearbox The FMP-40002 Lawn Mower Gearbox is a high-performance, precision-engineered component designed to optimize the operation of agricultural [&hellip;]<\/p>","protected":false},"featured_media":1991,"comment_status":"open","ping_status":"closed","template":"","meta":{"_et_pb_use_builder":"","_et_pb_old_content":"","_et_gb_content_width":""},"product_brand":[],"product_cat":[52],"product_tag":[],"class_list":{"0":"post-1989","1":"product","2":"type-product","3":"status-publish","4":"has-post-thumbnail","6":"product_cat-lawn-mower-gearbox","8":"first","9":"instock","10":"shipping-taxable","11":"product-type-simple"},"_links":{"self":[{"href":"https:\/\/fmp-components.com\/vi\/wp-json\/wp\/v2\/product\/1989","targetHints":{"allow":["GET"]}}],"collection":[{"href":"https:\/\/fmp-components.com\/vi\/wp-json\/wp\/v2\/product"}],"about":[{"href":"https:\/\/fmp-components.com\/vi\/wp-json\/wp\/v2\/types\/product"}],"replies":[{"embeddable":true,"href":"https:\/\/fmp-components.com\/vi\/wp-json\/wp\/v2\/comments?post=1989"}],"wp:featuredmedia":[{"embeddable":true,"href":"https:\/\/fmp-components.com\/vi\/wp-json\/wp\/v2\/media\/1991"}],"wp:attachment":[{"href":"https:\/\/fmp-components.com\/vi\/wp-json\/wp\/v2\/media?parent=1989"}],"wp:term":[{"taxonomy":"product_brand","embeddable":true,"href":"https:\/\/fmp-components.com\/vi\/wp-json\/wp\/v2\/product_brand?post=1989"},{"taxonomy":"product_cat","embeddable":true,"href":"https:\/\/fmp-components.com\/vi\/wp-json\/wp\/v2\/product_cat?post=1989"},{"taxonomy":"product_tag","embeddable":true,"href":"https:\/\/fmp-components.com\/vi\/wp-json\/wp\/v2\/product_tag?post=1989"}],"curies":[{"name":"wp","href":"https:\/\/api.w.org\/{rel}","templated":true}]}}