{"id":1983,"date":"2024-12-26T07:51:14","date_gmt":"2024-12-26T07:51:14","guid":{"rendered":"https:\/\/fmp-components.com\/?page_id=8"},"modified":"2024-12-30T02:49:27","modified_gmt":"2024-12-30T02:49:27","slug":"fmp-ag135-lawnmower-135-deg-gearbox-11-for-agricultural","status":"publish","type":"product","link":"https:\/\/fmp-components.com\/vi\/product\/fmp-ag135-lawnmower-135-deg-gearbox-11-for-agricultural\/","title":{"rendered":"M\u00e1y c\u1eaft c\u1ecf FMP-AG135 H\u1ed9p s\u1ed1 135 \u0111\u1ed9 1:1 cho N\u00f4ng nghi\u1ec7p"},"content":{"rendered":"<h2>M\u00e1y c\u1eaft c\u1ecf FMP-AG135 H\u1ed9p s\u1ed1 135 \u0111\u1ed9 1:1 cho Th\u00f4ng s\u1ed1 k\u1ef9 thu\u1eadt N\u00f4ng nghi\u1ec7p<\/h2>\n<p><img loading=\"lazy\" decoding=\"async\" class=\"alignnone wp-image-1984\" src=\"https:\/\/fmp-components.com\/wp-content\/uploads\/2024\/12\/fmp_agricultural-gearbox-HC-AG135-1.webp\" alt=\"fmp_agricultural-gearbox-HC-AG135\" width=\"919\" height=\"548\" title=\"\" srcset=\"https:\/\/fmp-components.com\/wp-content\/uploads\/2024\/12\/fmp_agricultural-gearbox-HC-AG135-1.webp 919w, https:\/\/fmp-components.com\/wp-content\/uploads\/2024\/12\/fmp_agricultural-gearbox-HC-AG135-1-480x286.webp 480w\" sizes=\"(min-width: 0px) and (max-width: 480px) 480px, (min-width: 481px) 919px, 100vw\" \/><\/p>\n<table style=\"width: 99.0594%; height: 184px;\" border=\"1\">\n<tbody>\n<tr style=\"height: 23px;\">\n<td style=\"height: 23px;\">M\u1ee4C<\/td>\n<td style=\"height: 23px;\">H\u1ed9p s\u1ed1 FMP-AG135 135 \u0111\u1ed9<\/td>\n<\/tr>\n<tr style=\"height: 23px;\">\n<td style=\"height: 23px;\">T\u1ef7 l\u1ec7<\/td>\n<td style=\"height: 23px;\">1:1<\/td>\n<\/tr>\n<tr style=\"height: 23px;\">\n<td style=\"height: 23px;\">R\u0103ng<\/td>\n<td style=\"height: 23px;\">20\/20<\/td>\n<\/tr>\n<tr style=\"height: 23px;\">\n<td style=\"height: 23px;\">M\u00f4-\u0111un<\/td>\n<td style=\"height: 23px;\">6.0<\/td>\n<\/tr>\n<tr style=\"height: 23px;\">\n<td style=\"height: 23px;\">C\u00f4ng su\u1ea5t (HP)<\/td>\n<td style=\"height: 23px;\">50<\/td>\n<\/tr>\n<tr style=\"height: 23px;\">\n<td style=\"height: 23px;\">\u0110\u1ea7u v\u00e0o \u0111\u1ecbnh m\u1ee9c<\/td>\n<td style=\"height: 23px;\">540 v\u00f2ng\/ph\u00fat<\/td>\n<\/tr>\n<tr style=\"height: 23px;\">\n<td style=\"height: 23px;\">M\u00f4 t\u1ea3 \u0111\u1ea7u v\u00e0o\/\u0111\u1ea7u ra<\/td>\n<td style=\"height: 23px;\">\u00a0Tr\u1ee5c Spline \u0111\u1ebf h\u00ecnh n\u00f3n c\u00e2n b\u1eb1ng 1 3\/8 Z6<\/td>\n<\/tr>\n<tr style=\"height: 23px;\">\n<td style=\"height: 23px;\">Tr\u1ecdng l\u01b0\u1ee3ng (T\u00e2y B\u1eafc)<\/td>\n<td style=\"height: 23px;\">16,5kg<\/td>\n<\/tr>\n<\/tbody>\n<\/table>\n<h3>\u0110\u1eb7c \u0111i\u1ec3m c\u1ee7a h\u1ed9p s\u1ed1 m\u00e1y c\u1eaft c\u1ecf<\/h3>\n<p>H\u1ed9p s\u1ed1 m\u00e1y c\u1eaft c\u1ecf l\u00e0 b\u1ed9 ph\u1eadn thi\u1ebft y\u1ebfu gi\u00fap truy\u1ec1n \u0111\u1ed9ng l\u01b0\u1ee1i c\u1eaft, \u0111\u1ea3m b\u1ea3o m\u00e1y c\u1eaft c\u1ecf ho\u1ea1t \u0111\u1ed9ng hi\u1ec7u qu\u1ea3 v\u00e0 \u1ed5n \u0111\u1ecbnh. D\u01b0\u1edbi \u0111\u00e2y l\u00e0 nh\u1eefng t\u00ednh n\u0103ng ch\u00ednh gi\u00fap h\u1ed9p s\u1ed1 n\u00e0y ho\u1ea1t \u0111\u1ed9ng hi\u1ec7u qu\u1ea3 v\u00e0 \u0111\u00e1ng tin c\u1eady trong nhi\u1ec1u \u1ee9ng d\u1ee5ng c\u1eaft c\u1ecf kh\u00e1c nhau:<\/p>\n<h4>\u0110\u1ed9 b\u1ec1n v\u00e0 \u0111\u1ed9 ch\u1eafc ch\u1eafn<\/h4>\n<p>H\u1ed9p s\u1ed1 m\u00e1y c\u1eaft c\u1ecf \u0111\u01b0\u1ee3c thi\u1ebft k\u1ebf \u0111\u1ec3 ch\u1ecbu \u0111\u01b0\u1ee3c t\u1ea3i tr\u1ecdng n\u1eb7ng v\u00e0 ho\u1ea1t \u0111\u1ed9ng li\u00ean t\u1ee5c trong m\u00f4i tr\u01b0\u1eddng ngo\u00e0i tr\u1eddi. \u0110\u01b0\u1ee3c ch\u1ebf t\u1ea1o t\u1eeb v\u1eadt li\u1ec7u ch\u1ea5t l\u01b0\u1ee3ng cao, ch\u1eb3ng h\u1ea1n nh\u01b0 th\u00e9p c\u1ee9ng, h\u1ed9p s\u1ed1 c\u00f3 \u0111\u1ed9 b\u1ec1n cao v\u00e0 ch\u1ed1ng m\u00e0i m\u00f2n, \u0111\u1ea3m b\u1ea3o \u0111\u1ed9 tin c\u1eady l\u00e2u d\u00e0i ngay c\u1ea3 trong \u0111i\u1ec1u ki\u1ec7n kh\u1eafc nghi\u1ec7t.<\/p>\n<h4>Thi\u1ebft k\u1ebf b\u00e1nh r\u0103ng ch\u00ednh x\u00e1c<\/h4>\n<p>C\u00e1c h\u1ed9p s\u1ed1 n\u00e0y \u0111\u01b0\u1ee3c thi\u1ebft k\u1ebf tinh x\u1ea3o v\u1edbi c\u00e1c b\u00e1nh r\u0103ng \u0111\u01b0\u1ee3c ch\u1ebf t\u1ea1o t\u1ec9 m\u1ec9, gi\u00fap truy\u1ec1n l\u1ef1c m\u01b0\u1ee3t m\u00e0 v\u00e0 hi\u1ec7u qu\u1ea3 \u0111\u1ebfn l\u01b0\u1ee1i c\u1eaft. Thi\u1ebft k\u1ebf ch\u00ednh x\u00e1c \u0111\u1ea3m b\u1ea3o ma s\u00e1t t\u1ed1i thi\u1ec3u, gi\u1ea3m t\u1ed5n th\u1ea5t n\u0103ng l\u01b0\u1ee3ng v\u00e0 c\u1ea3i thi\u1ec7n hi\u1ec7u su\u1ea5t c\u1ee7a h\u1ec7 th\u1ed1ng c\u1eaft, mang l\u1ea1i \u0111\u01b0\u1eddng c\u1eaft s\u1ea1ch h\u01a1n v\u00e0 gi\u1ea3m m\u1ee9c ti\u00eau th\u1ee5 nhi\u00ean li\u1ec7u.<\/p>\n<h4>Kh\u1ea3 n\u0103ng m\u00f4-men xo\u1eafn cao<\/h4>\n<p>H\u1ed9p s\u1ed1 m\u00e1y c\u1eaft c\u1ecf \u0111\u01b0\u1ee3c thi\u1ebft k\u1ebf \u0111\u1ec3 x\u1eed l\u00fd m\u00f4-men xo\u1eafn cao c\u1ea7n thi\u1ebft \u0111\u1ec3 v\u1eadn h\u00e0nh l\u01b0\u1ee1i c\u1eaft hi\u1ec7u qu\u1ea3. D\u00f9 l\u00e0 m\u00e1y c\u1eaft c\u1ecf quay hay m\u00e1y c\u1eaft c\u1ecf c\u00f4ng nghi\u1ec7p, h\u1ed9p s\u1ed1 n\u00e0y \u0111\u1ec1u c\u00f3 th\u1ec3 truy\u1ec1n t\u1ea3i c\u00f4ng su\u1ea5t c\u1ea7n thi\u1ebft m\u1ed9t c\u00e1ch hi\u1ec7u qu\u1ea3, cho ph\u00e9p l\u01b0\u1ee1i c\u1eaft xuy\u00ean qua c\u1ecf d\u00e0y, c\u1ecf d\u1ea1i v\u00e0 c\u00e1c lo\u1ea1i th\u1ea3m th\u1ef1c v\u1eadt c\u1ee9ng kh\u00e1c.<\/p>\n<h4>Nh\u1ecf g\u1ecdn v\u00e0 nh\u1eb9<\/h4>\n<p>M\u1eb7c d\u00f9 c\u00f3 \u0111\u1ed9 b\u1ec1n v\u00e0 ch\u1eafc ch\u1eafn cao, h\u1ed9p s\u1ed1 m\u00e1y c\u1eaft c\u1ecf \u0111\u01b0\u1ee3c thi\u1ebft k\u1ebf nh\u1ecf g\u1ecdn v\u00e0 nh\u1eb9. \u0110i\u1ec1u n\u00e0y gi\u00fap vi\u1ec7c l\u1eafp \u0111\u1eb7t, b\u1ea3o tr\u00ec v\u00e0 v\u1eadn h\u00e0nh d\u1ec5 d\u00e0ng h\u01a1n m\u00e0 kh\u00f4ng l\u00e0m t\u0103ng th\u00eam tr\u1ecdng l\u01b0\u1ee3ng kh\u00f4ng c\u1ea7n thi\u1ebft cho thi\u1ebft b\u1ecb, gi\u00fap c\u1ea3i thi\u1ec7n kh\u1ea3 n\u0103ng c\u01a1 \u0111\u1ed9ng v\u00e0 ti\u1ebft ki\u1ec7m nhi\u00ean li\u1ec7u.<\/p>\n<h4>Ch\u1ed1ng \u0103n m\u00f2n v\u00e0 th\u1eddi ti\u1ebft<\/h4>\n<p>Do m\u00e1y c\u1eaft c\u1ecf th\u01b0\u1eddng \u0111\u01b0\u1ee3c s\u1eed d\u1ee5ng ngo\u00e0i tr\u1eddi, h\u1ed9p s\u1ed1 \u0111\u01b0\u1ee3c trang b\u1ecb c\u00e1c t\u00ednh n\u0103ng ch\u1ed1ng g\u1ec9 s\u00e9t v\u00e0 \u0103n m\u00f2n. Nhi\u1ec1u h\u1ed9p s\u1ed1 m\u00e1y c\u1eaft c\u1ecf \u0111\u01b0\u1ee3c ph\u1ee7 l\u1edbp b\u1ea3o v\u1ec7 ho\u1eb7c l\u00e0m t\u1eeb v\u1eadt li\u1ec7u ch\u1ed1ng \u0103n m\u00f2n \u0111\u1ec3 \u0111\u1ea3m b\u1ea3o hi\u1ec7u su\u1ea5t t\u1ed1i \u01b0u trong c\u00e1c \u0111i\u1ec1u ki\u1ec7n th\u1eddi ti\u1ebft kh\u00e1c nhau, ch\u1eb3ng h\u1ea1n nh\u01b0 m\u01b0a, \u0111\u1ed9 \u1ea9m v\u00e0 nhi\u1ec7t \u0111\u1ed9 kh\u1eafc nghi\u1ec7t.<\/p>\n<p>H\u1ed9p s\u1ed1 m\u00e1y c\u1eaft c\u1ecf k\u1ebft h\u1ee3p s\u1ee9c m\u1ea1nh, \u0111\u1ed9 ch\u00ednh x\u00e1c v\u00e0 hi\u1ec7u su\u1ea5t \u0111\u1ec3 cung c\u1ea5p n\u0103ng l\u01b0\u1ee3ng cho h\u1ec7 th\u1ed1ng c\u1eaft c\u1ecf m\u1ed9t c\u00e1ch hi\u1ec7u qu\u1ea3. Ch\u00fang \u0111\u01b0\u1ee3c thi\u1ebft k\u1ebf \u0111\u1ec3 c\u00f3 \u0111\u1ed9 b\u1ec1n cao, \u00edt b\u1ea3o tr\u00ec v\u00e0 hi\u1ec7u su\u1ea5t cao, tr\u1edf th\u00e0nh m\u1ed9t ph\u1ea7n thi\u1ebft y\u1ebfu c\u1ee7a thi\u1ebft b\u1ecb c\u1eaft c\u1ecf hi\u1ec7n \u0111\u1ea1i. D\u00f9 s\u1eed d\u1ee5ng cho m\u1ee5c \u0111\u00edch d\u00e2n d\u1ee5ng hay th\u01b0\u01a1ng m\u1ea1i, h\u1ed9p s\u1ed1 ph\u00f9 h\u1ee3p s\u1ebd \u0111\u1ea3m b\u1ea3o hi\u1ec7u su\u1ea5t c\u1eaft c\u1ecf t\u1ed1i \u01b0u v\u00e0 tu\u1ed5i th\u1ecd cao cho thi\u1ebft b\u1ecb.<\/p>\n<p><img loading=\"lazy\" decoding=\"async\" class=\"alignnone wp-image-1985\" src=\"https:\/\/fmp-components.com\/wp-content\/uploads\/2024\/12\/Lawn-Mower-Gearbox-1-1.webp\" alt=\"H\u1ed9p s\u1ed1 m\u00e1y c\u1eaft c\u1ecf\" width=\"943\" height=\"630\" title=\"\" srcset=\"https:\/\/fmp-components.com\/wp-content\/uploads\/2024\/12\/Lawn-Mower-Gearbox-1-1.webp 943w, https:\/\/fmp-components.com\/wp-content\/uploads\/2024\/12\/Lawn-Mower-Gearbox-1-1-480x321.webp 480w\" sizes=\"(min-width: 0px) and (max-width: 480px) 480px, (min-width: 481px) 943px, 100vw\" \/><\/p>\n<h3>Gi\u1edbi thi\u1ec7u v\u1ec1 FMP<\/h3>\n<p>FMP, c\u00f3 tr\u1ee5 s\u1edf t\u1ea1i \u00dd, l\u00e0 nh\u00e0 s\u1ea3n xu\u1ea5t h\u00e0ng \u0111\u1ea7u chuy\u00ean thi\u1ebft k\u1ebf, ph\u00e1t tri\u1ec3n v\u00e0 s\u1ea3n xu\u1ea5t h\u1ed9p s\u1ed1 hi\u1ec7u su\u1ea5t cao cho m\u00e1y m\u00f3c n\u00f4ng nghi\u1ec7p. N\u1ed5i ti\u1ebfng v\u1edbi k\u1ef9 thu\u1eadt ch\u00ednh x\u00e1c, \u0111\u1ed5i m\u1edbi v\u00e0 \u0111\u1ed9 tin c\u1eady cao, ch\u00fang t\u00f4i cung c\u1ea5p \u0111a d\u1ea1ng c\u00e1c lo\u1ea1i h\u1ed9p s\u1ed1, bao g\u1ed3m c\u1ea3 h\u1ed9p s\u1ed1 cho m\u00e1y c\u1eaft c\u1ecf, c\u00f9ng v\u1edbi c\u00e1c linh ki\u1ec7n thi\u1ebft y\u1ebfu nh\u01b0 tr\u1ee5c PTO. S\u1ee9 m\u1ec7nh c\u1ee7a ch\u00fang t\u00f4i l\u00e0 cung c\u1ea5p c\u00e1c gi\u1ea3i ph\u00e1p t\u00f9y ch\u1ec9nh \u0111\u00e1p \u1ee9ng nhu c\u1ea7u c\u1ee5 th\u1ec3 c\u1ee7a c\u1ea3 l\u0129nh v\u1ef1c n\u00f4ng nghi\u1ec7p v\u00e0 c\u00f4ng nghi\u1ec7p, d\u00f9 l\u00e0 th\u00f4ng qua c\u00e1c s\u1ea3n ph\u1ea9m ri\u00eang l\u1ebb hay c\u00e1c h\u1ec7 th\u1ed1ng t\u00edch h\u1ee3p ho\u00e0n ch\u1ec9nh.<\/p>\n<p>T\u1ea1i FMP, ch\u00fang t\u00f4i hi\u1ec3u r\u1eb1ng m\u1ed7i kh\u00e1ch h\u00e0ng \u0111\u1ec1u c\u00f3 nh\u1eefng y\u00eau c\u1ea7u ri\u00eang, v\u00e0 \u0111i\u1ec1u n\u00e0y th\u00fac \u0111\u1ea9y ch\u00fang t\u00f4i t\u1eadn t\u00e2m \u0111i\u1ec1u ch\u1ec9nh s\u1ea3n ph\u1ea9m sao cho ph\u00f9 h\u1ee3p. Cho d\u00f9 b\u1ea1n c\u1ea7n h\u1ed9p s\u1ed1 chuy\u00ean d\u1ee5ng hay m\u1ed9t h\u1ec7 th\u1ed1ng ho\u00e0n ch\u1ec9nh, ch\u00fang t\u00f4i \u0111\u1ec1u h\u1ee3p t\u00e1c ch\u1eb7t ch\u1ebd v\u1edbi b\u1ea1n \u0111\u1ec3 cung c\u1ea5p gi\u1ea3i ph\u00e1p hi\u1ec7u qu\u1ea3 v\u00e0 t\u1ed1i \u01b0u nh\u1ea5t. Ch\u00fang t\u00f4i t\u1ef1 h\u00e0o mang \u0111\u1ebfn nh\u1eefng ph\u1ea3n h\u1ed3i nhanh ch\u00f3ng v\u00e0 chuy\u00ean nghi\u1ec7p, \u0111\u1ea3m b\u1ea3o m\u1ecdi th\u1eafc m\u1eafc \u0111\u1ec1u \u0111\u01b0\u1ee3c gi\u1ea3i quy\u1ebft v\u1edbi chuy\u00ean m\u00f4n cao nh\u1ea5t v\u00e0 s\u1ef1 t\u1ec9 m\u1ec9 \u0111\u1ebfn t\u1eebng chi ti\u1ebft.<\/p>\n<p>Giao ti\u1ebfp c\u1edfi m\u1edf v\u00e0 h\u1ee3p t\u00e1c l\u00e0 n\u1ec1n t\u1ea3ng trong ph\u01b0\u01a1ng ph\u00e1p ti\u1ebfp c\u1eadn c\u1ee7a ch\u00fang t\u00f4i, \u0111\u1eb7c bi\u1ec7t l\u00e0 trong vi\u1ec7c ph\u00e1t tri\u1ec3n s\u1ea3n ph\u1ea9m m\u1edbi. \u0110\u1ed9i ng\u0169 c\u1ee7a ch\u00fang t\u00f4i lu\u00f4n s\u00e1t c\u00e1nh c\u00f9ng kh\u00e1ch h\u00e0ng \u0111\u1ec3 th\u1ea5u hi\u1ec3u nh\u1eefng th\u00e1ch th\u1ee9c c\u1ee7a h\u1ecd v\u00e0 cung c\u1ea5p nh\u1eefng hi\u1ec3u bi\u1ebft gi\u00e1 tr\u1ecb, t\u1eeb \u0111\u00f3 \u0111\u01b0a ra c\u00e1c gi\u1ea3i ph\u00e1p t\u1ed1i \u01b0u. T\u1eeb vi\u1ec7c ph\u00e1t tri\u1ec3n s\u1ea3n ph\u1ea9m m\u1edbi \u0111\u1ebfn vi\u1ec7c ho\u00e0n th\u00e0nh c\u00e1c \u0111\u01a1n h\u00e0ng hi\u1ec7n c\u00f3, ch\u00fang t\u00f4i cam k\u1ebft cung c\u1ea5p c\u00e1c s\u1ea3n ph\u1ea9m ch\u1ea5t l\u01b0\u1ee3ng cao, \u0111\u01b0\u1ee3c thi\u1ebft k\u1ebf ch\u00ednh x\u00e1c v\u1edbi t\u1ed1c \u0111\u1ed9 v\u00e0 \u0111\u1ed9 ch\u00ednh x\u00e1c cao.<\/p>\n<p>Ch\u1ea5t l\u01b0\u1ee3ng l\u00e0 tr\u1ecdng t\u00e2m trong m\u1ecdi ho\u1ea1t \u0111\u1ed9ng c\u1ee7a ch\u00fang t\u00f4i. Quy tr\u00ecnh s\u1ea3n xu\u1ea5t c\u1ee7a ch\u00fang t\u00f4i \u0111\u01b0\u1ee3c x\u00e2y d\u1ef1ng d\u1ef1a tr\u00ean c\u00e1c nguy\u00ean t\u1eafc ti\u00eau chu\u1ea9n cao, \u0111\u1ed9 ch\u00ednh x\u00e1c v\u00e0 kh\u00f4ng khuy\u1ebft t\u1eadt. Ch\u00fang t\u00f4i \u00e1p d\u1ee5ng c\u00e1c bi\u1ec7n ph\u00e1p ki\u1ec3m so\u00e1t ch\u1ea5t l\u01b0\u1ee3ng nghi\u00eam ng\u1eb7t \u0111\u1ec3 \u0111\u1ea3m b\u1ea3o m\u1ecdi s\u1ea3n ph\u1ea9m \u0111\u1ec1u v\u01b0\u1ee3t qua c\u00e1c ti\u00eau chu\u1ea9n c\u1ee7a ng\u00e0nh. S\u1ef1 t\u1eadp trung ki\u00ean \u0111\u1ecbnh v\u00e0o ch\u1ea5t l\u01b0\u1ee3ng, c\u00f9ng v\u1edbi c\u00e1c gi\u00e1 tr\u1ecb ch\u00ednh tr\u1ef1c, tinh th\u1ea7n \u0111\u1ed3ng \u0111\u1ed9i v\u00e0 s\u1ef1 ki\u00ean tr\u00ec, \u0111\u00e3 cho ph\u00e9p ch\u00fang t\u00f4i x\u00e2y d\u1ef1ng m\u1ed1i quan h\u1ec7 l\u00e2u d\u00e0i v\u1edbi kh\u00e1ch h\u00e0ng t\u1ea1i g\u1ea7n 30 qu\u1ed1c gia tr\u00ean to\u00e0n th\u1ebf gi\u1edbi.<\/p>\n<p>FMP lu\u00f4n s\u1eb5n s\u00e0ng h\u1ee3p t\u00e1c to\u00e0n c\u1ea7u v\u00e0 cam k\u1ebft cung c\u1ea5p t\u01b0 v\u1ea5n chuy\u00ean m\u00f4n c\u00f9ng c\u00e1c gi\u1ea3i ph\u00e1p ph\u00f9 h\u1ee3p. Tri\u1ebft l\u00fd c\u1ee7a ch\u00fang t\u00f4i kh\u00f4ng ch\u1ec9 \u0111\u01a1n thu\u1ea7n l\u00e0 cung c\u1ea5p s\u1ea3n ph\u1ea9m, m\u00e0 c\u00f2n l\u00e0 x\u00e2y d\u1ef1ng m\u1ed1i quan h\u1ec7 l\u00e2u d\u00e0i, \u0111\u1ea3m b\u1ea3o th\u00e0nh c\u00f4ng chung. Cho d\u00f9 b\u1ea1n c\u1ea7n gi\u1ea3i ph\u00e1p cho m\u1ed9t d\u1ef1 \u00e1n m\u1edbi hay h\u1ed7 tr\u1ee3 cho m\u1ed9t h\u1ec7 th\u1ed1ng hi\u1ec7n c\u00f3, FMP lu\u00f4n t\u1eadn t\u00e2m gi\u1ea3i quy\u1ebft c\u00e1c th\u00e1ch th\u1ee9c k\u1ef9 thu\u1eadt v\u00e0 \u0111\u1ea3m b\u1ea3o th\u00e0nh c\u00f4ng b\u1ec1n v\u1eefng c\u1ee7a b\u1ea1n.<\/p>\n<p><img loading=\"lazy\" decoding=\"async\" class=\"alignnone size-full wp-image-1861\" src=\"https:\/\/fmp-components.com\/wp-content\/uploads\/2024\/12\/Other-Agricultural-Gearboxes.webp\" sizes=\"(min-width: 0px) and (max-width: 480px) 480px, (min-width: 481px) and (max-width: 980px) 980px, (min-width: 981px) 1200px, 100vw\" srcset=\"https:\/\/fmp-components.com\/wp-content\/uploads\/2024\/12\/Other-Agricultural-Gearboxes.webp 1200w, https:\/\/fmp-components.com\/wp-content\/uploads\/2024\/12\/Other-Agricultural-Gearboxes-980x1143.webp 980w, https:\/\/fmp-components.com\/wp-content\/uploads\/2024\/12\/Other-Agricultural-Gearboxes-480x560.webp 480w\" alt=\"Altri-cambi-agricoli\" width=\"1200\" height=\"1400\" title=\"\"><\/p>\n<p>T\u00e1c gi\u1ea3: CX<\/p>","protected":false},"excerpt":{"rendered":"<p>FMP-AG135 Lawnmower 135 deg gearbox 1:1 for Agricultural Specification ITEM FMP-AG135 135 deg gearbox Ratio 1:1 Teeth 20\/20 Module 6.0 Power\uff08HP\uff09 50 Rated Input 540rpm Input\/Output description \u00a01 3\/8 Z6 Cone base aequilate Spline Shaft Weight\uff08N.W\uff09 16.5Kg Features of Lawn Mower Gearbox Lawn mower gearboxes are essential components that drive the cutting blades, ensuring efficient [&hellip;]<\/p>","protected":false},"featured_media":2078,"comment_status":"open","ping_status":"closed","template":"","meta":{"_et_pb_use_builder":"","_et_pb_old_content":"","_et_gb_content_width":""},"product_brand":[],"product_cat":[52],"product_tag":[],"class_list":{"0":"post-1983","1":"product","2":"type-product","3":"status-publish","4":"has-post-thumbnail","6":"product_cat-lawn-mower-gearbox","8":"first","9":"instock","10":"shipping-taxable","11":"product-type-simple"},"_links":{"self":[{"href":"https:\/\/fmp-components.com\/vi\/wp-json\/wp\/v2\/product\/1983","targetHints":{"allow":["GET"]}}],"collection":[{"href":"https:\/\/fmp-components.com\/vi\/wp-json\/wp\/v2\/product"}],"about":[{"href":"https:\/\/fmp-components.com\/vi\/wp-json\/wp\/v2\/types\/product"}],"replies":[{"embeddable":true,"href":"https:\/\/fmp-components.com\/vi\/wp-json\/wp\/v2\/comments?post=1983"}],"wp:featuredmedia":[{"embeddable":true,"href":"https:\/\/fmp-components.com\/vi\/wp-json\/wp\/v2\/media\/2078"}],"wp:attachment":[{"href":"https:\/\/fmp-components.com\/vi\/wp-json\/wp\/v2\/media?parent=1983"}],"wp:term":[{"taxonomy":"product_brand","embeddable":true,"href":"https:\/\/fmp-components.com\/vi\/wp-json\/wp\/v2\/product_brand?post=1983"},{"taxonomy":"product_cat","embeddable":true,"href":"https:\/\/fmp-components.com\/vi\/wp-json\/wp\/v2\/product_cat?post=1983"},{"taxonomy":"product_tag","embeddable":true,"href":"https:\/\/fmp-components.com\/vi\/wp-json\/wp\/v2\/product_tag?post=1983"}],"curies":[{"name":"wp","href":"https:\/\/api.w.org\/{rel}","templated":true}]}}