{"id":1978,"date":"2024-12-26T07:41:22","date_gmt":"2024-12-26T07:41:22","guid":{"rendered":"https:\/\/fmp-components.com\/?page_id=8"},"modified":"2024-12-26T07:41:22","modified_gmt":"2024-12-26T07:41:22","slug":"fmp-bgb9-lawn-mower-gearbox-for-agricultural-lawn-mower","status":"publish","type":"product","link":"https:\/\/fmp-components.com\/vi\/product\/fmp-bgb9-lawn-mower-gearbox-for-agricultural-lawn-mower\/","title":{"rendered":"H\u1ed9p s\u1ed1 m\u00e1y c\u1eaft c\u1ecf FMP-BGB9 cho m\u00e1y c\u1eaft c\u1ecf n\u00f4ng nghi\u1ec7p"},"content":{"rendered":"<p><img loading=\"lazy\" decoding=\"async\" class=\"alignnone size-full wp-image-1981\" src=\"https:\/\/fmp-components.com\/wp-content\/uploads\/2024\/12\/FMP_agricultural-gearbox-HC-LF211-1.webp\" alt=\"FMP_agricultural-gearbox-HC-LF211-1\" width=\"1000\" height=\"500\" title=\"\" srcset=\"https:\/\/fmp-components.com\/wp-content\/uploads\/2024\/12\/FMP_agricultural-gearbox-HC-LF211-1.webp 1000w, https:\/\/fmp-components.com\/wp-content\/uploads\/2024\/12\/FMP_agricultural-gearbox-HC-LF211-1-980x490.webp 980w, https:\/\/fmp-components.com\/wp-content\/uploads\/2024\/12\/FMP_agricultural-gearbox-HC-LF211-1-480x240.webp 480w\" sizes=\"(min-width: 0px) and (max-width: 480px) 480px, (min-width: 481px) and (max-width: 980px) 980px, (min-width: 981px) 1000px, 100vw\" \/><\/p>\n<h2>Th\u00f4ng s\u1ed1 k\u1ef9 thu\u1eadt h\u1ed9p s\u1ed1 m\u00e1y c\u1eaft c\u1ecf n\u00f4ng nghi\u1ec7p<\/h2>\n<table style=\"width: 92.9372%; height: 200px;\" border=\"1\" cellspacing=\"0\" cellpadding=\"0\">\n<tbody>\n<tr style=\"height: 27px;\">\n<td style=\"width: 32.0166%; height: 27px;\">M\u1ee4C<\/td>\n<td style=\"width: 67.8794%; height: 27px;\">H\u1ed9p s\u1ed1 m\u00e1y c\u1eaft c\u1ecf FMP-BGB9<\/td>\n<\/tr>\n<tr style=\"height: 27px;\">\n<td style=\"width: 32.0166%; height: 27px;\">T\u1ef7 l\u1ec7<\/td>\n<td style=\"width: 67.8794%; height: 27px;\">1:1 \/ 1:1.35 \/ 1:1.46 \/ 1:2<\/td>\n<\/tr>\n<tr style=\"height: 27px;\">\n<td style=\"width: 32.0166%; height: 27px;\">R\u0103ng<\/td>\n<td style=\"width: 67.8794%; height: 27px;\">16\/16\u00a0 23\/17\u00a0 22\/15 15\/30<\/td>\n<\/tr>\n<tr style=\"height: 27px;\">\n<td style=\"width: 32.0166%; height: 27px;\">M\u00f4-\u0111un<\/td>\n<td style=\"width: 67.8794%; height: 27px;\">6.35 \/\u00a0 5.0 \/ 5.0 \/ 3.5<\/td>\n<\/tr>\n<tr style=\"height: 27px;\">\n<td style=\"width: 32.0166%; height: 27px;\">C\u00f4ng su\u1ea5t (HP)<\/td>\n<td style=\"width: 67.8794%; height: 27px;\">30<\/td>\n<\/tr>\n<tr style=\"height: 27px;\">\n<td style=\"width: 32.0166%; height: 27px;\">\u0110\u1ea7u v\u00e0o \u0111\u1ecbnh m\u1ee9c<\/td>\n<td style=\"width: 67.8794%; height: 27px;\">540 v\u00f2ng\/ph\u00fat<\/td>\n<\/tr>\n<tr style=\"height: 27px;\">\n<td style=\"width: 32.0166%; height: 27px;\">M\u00f4 t\u1ea3 \u0111\u1ea7u v\u00e0o\/\u0111\u1ea7u ra<\/td>\n<td style=\"width: 67.8794%; height: 27px;\">1 3\/8 Z6 13\/8 Z6 Tr\u1ee5c quang h\u1ecdc<\/td>\n<\/tr>\n<tr style=\"height: 27px;\">\n<td style=\"width: 32.0166%; height: 27px;\">Tr\u1ecdng l\u01b0\u1ee3ng (T\u00e2y B\u1eafc)<\/td>\n<td style=\"width: 67.8794%; height: 27px;\">23kg<\/td>\n<\/tr>\n<\/tbody>\n<\/table>\n<h3>H\u1ed9p s\u1ed1 m\u00e1y c\u1eaft c\u1ecf d\u00f9ng trong n\u00f4ng nghi\u1ec7p<\/h3>\n<p>H\u1ed9p s\u1ed1 m\u00e1y c\u1eaft c\u1ecf l\u00e0 thi\u1ebft b\u1ecb thi\u1ebft y\u1ebfu \u0111\u1ec3 truy\u1ec1n l\u1ef1c t\u1eeb \u0111\u1ed9ng c\u01a1 \u0111\u1ebfn l\u01b0\u1ee1i c\u1eaft c\u1ee7a m\u00e1y c\u1eaft c\u1ecf n\u00f4ng nghi\u1ec7p. N\u00f3 \u0111\u1ea3m b\u1ea3o v\u1eadn h\u00e0nh hi\u1ec7u qu\u1ea3, gi\u00fap c\u00f4ng vi\u1ec7c c\u1eaft c\u1ecf nhanh h\u01a1n v\u00e0 m\u01b0\u1ee3t m\u00e0 h\u01a1n. D\u01b0\u1edbi \u0111\u00e2y l\u00e0 t\u1ed5ng quan v\u1ec1 c\u00e1c t\u00ednh n\u0103ng v\u00e0 l\u1ee3i \u00edch ch\u00ednh:<\/p>\n<h3>C\u00e1c t\u00ednh n\u0103ng ch\u00ednh:<\/h3>\n<ul>\n<li><strong>Truy\u1ec1n t\u1ea3i \u0111i\u1ec7n:<\/strong> Truy\u1ec1n c\u00f4ng su\u1ea5t \u0111\u1ed9ng c\u01a1 \u0111\u1ebfn l\u01b0\u1ee1i c\u1eaft c\u1ecf, cho ph\u00e9p c\u1eaft c\u1ecf hi\u1ec7u qu\u1ea3.<\/li>\n<li><strong>\u0110\u1ed9 b\u1ec1n:<\/strong> \u0110\u01b0\u1ee3c l\u00e0m t\u1eeb v\u1eadt li\u1ec7u c\u00f3 \u0111\u1ed9 b\u1ec1n cao nh\u01b0 th\u00e9p, c\u00e1c h\u1ed9p s\u1ed1 n\u00e0y c\u00f3 th\u1ec3 ch\u1ecbu \u0111\u01b0\u1ee3c \u0111i\u1ec1u ki\u1ec7n n\u00f4ng nghi\u1ec7p kh\u1eafc nghi\u1ec7t.<\/li>\n<li><strong>Ki\u1ec3m so\u00e1t t\u1ed1c \u0111\u1ed9 v\u00e0 m\u00f4-men xo\u1eafn:<\/strong> Cung c\u1ea5p nhi\u1ec1u t\u1ef7 s\u1ed1 truy\u1ec1n kh\u00e1c nhau \u0111\u1ec3 c\u00f3 hi\u1ec7u su\u1ea5t c\u1eaft t\u1ed1i \u01b0u tr\u00ean nhi\u1ec1u \u0111\u1ecba h\u00ecnh kh\u00e1c nhau.<\/li>\n<li><strong>T\u00ednh n\u0103ng an to\u00e0n:<\/strong> \u0110\u01b0\u1ee3c trang b\u1ecb b\u1ed9 ly h\u1ee3p ch\u1ed1ng qu\u00e1 t\u1ea3i v\u00e0 b\u1ea3o v\u1ec7 qu\u00e1 t\u1ea3i \u0111\u1ec3 ng\u0103n ng\u1eeba h\u01b0 h\u1ecfng v\u00e0 \u0111\u1ea3m b\u1ea3o an to\u00e0n.<\/li>\n<li><strong>T\u00f9y ch\u1ec9nh:<\/strong> C\u00f3 th\u1ec3 t\u00f9y ch\u1ec9nh chi\u1ec1u d\u00e0i, m\u00f4-men xo\u1eafn v\u00e0 kh\u1edbp n\u1ed1i \u0111\u1ec3 \u0111\u00e1p \u1ee9ng c\u00e1c y\u00eau c\u1ea7u c\u1ee5 th\u1ec3 c\u1ee7a m\u00e1y c\u1eaft c\u1ecf.<\/li>\n<li><strong>T\u00ednh linh ho\u1ea1t:<\/strong> Th\u00edch h\u1ee3p cho m\u00e1y c\u1eaft c\u1ecf quay, m\u00e1y c\u1eaft c\u1ecf \u0111\u1eadp v\u00e0 c\u00e1c thi\u1ebft b\u1ecb n\u00f4ng nghi\u1ec7p kh\u00e1c.<\/li>\n<li><strong>Ti\u1ebft ki\u1ec7m chi ph\u00ed:<\/strong> Gi\u1ea3m th\u1eddi gian ng\u1eebng ho\u1ea1t \u0111\u1ed9ng v\u00e0 chi ph\u00ed s\u1eeda ch\u1eefa, \u0111\u1ea3m b\u1ea3o ho\u1ea1t \u0111\u1ed9ng tr\u01a1n tru.<\/li>\n<\/ul>\n<h3>\u1ee8ng d\u1ee5ng:<\/h3>\n<ul>\n<li><strong>M\u00e1y c\u1eaft c\u1ecf quay:<\/strong> \u0110\u1ec3 c\u1eaft c\u1ecf hi\u1ec7u qu\u1ea3, \u0111\u01b0\u1ee3c k\u1ebft n\u1ed1i th\u00f4ng qua tr\u1ee5c PTO.<\/li>\n<li><strong>M\u00e1y c\u1eaft c\u1ecf \u0111\u1eadp:<\/strong> Cung c\u1ea5p kh\u1ea3 n\u0103ng quay tr\u01a1n tru \u0111\u1ec3 c\u1eaft nh\u1ecf v\u00e0 c\u1eaft c\u1ecf nhi\u1ec1u lo\u1ea1i th\u1ef1c v\u1eadt kh\u00e1c nhau.<\/li>\n<li><strong>M\u00e1y c\u1eaft c\u1ecf ng\u1ed3i l\u00e1i v\u00e0 m\u00e1y c\u1eaft c\u1ecf kh\u00f4ng c\u1ea7n quay \u0111\u1ea7u:<\/strong> \u0110\u1ea3m b\u1ea3o truy\u1ec1n t\u1ea3i l\u1ef1c \u1ed5n \u0111\u1ecbnh khi c\u1eaft c\u1ecf tr\u00ean di\u1ec7n t\u00edch l\u1edbn.<\/li>\n<li><strong>M\u00e1y c\u1eaft c\u1ecf \u0111\u1ea9y:<\/strong> T\u1ed1i \u01b0u h\u00f3a t\u1ed1c \u0111\u1ed9 l\u01b0\u1ee1i c\u1eaft \u0111\u1ec3 c\u1eaft s\u1ea1ch, ngay c\u1ea3 tr\u00ean m\u1eb7t \u0111\u1ea5t kh\u00f4ng b\u1eb1ng ph\u1eb3ng.<\/li>\n<\/ul>\n<h3>Nh\u1eefng l\u1ee3i \u00edch:<\/h3>\n<ul>\n<li><strong>C\u1eaft n\u00e2ng cao:<\/strong> T\u1ed1c \u0111\u1ed9 l\u01b0\u1ee1i dao \u1ed5n \u0111\u1ecbnh cho \u0111\u01b0\u1eddng c\u1eaft s\u1ea1ch v\u00e0 \u0111\u1ec1u.<\/li>\n<li><strong>Hi\u1ec7u su\u1ea5t nhi\u00ean li\u1ec7u:<\/strong> T\u1ed1i \u01b0u h\u00f3a vi\u1ec7c s\u1eed d\u1ee5ng n\u0103ng l\u01b0\u1ee3ng, c\u1ea3i thi\u1ec7n hi\u1ec7u qu\u1ea3 s\u1eed d\u1ee5ng nhi\u00ean li\u1ec7u.<\/li>\n<li><strong>Tu\u1ed5i th\u1ecd thi\u1ebft b\u1ecb d\u00e0i h\u01a1n:<\/strong> Thi\u1ebft k\u1ebf b\u1ec1n b\u1ec9 gi\u00fap k\u00e9o d\u00e0i tu\u1ed5i th\u1ecd c\u1ee7a m\u00e1y c\u1eaft c\u1ecf.<\/li>\n<li><strong>B\u1ea3o tr\u00ec th\u1ea5p:<\/strong> Y\u00eau c\u1ea7u b\u1ea3o tr\u00ec t\u1ed1i thi\u1ec3u, gi\u1ea3m th\u1eddi gian ch\u1ebft.<\/li>\n<li><strong>T\u0103ng c\u01b0\u1eddng an to\u00e0n:<\/strong> Ng\u0103n ng\u1eeba h\u01b0 h\u1ecfng b\u1eb1ng c\u00e1c t\u00ednh n\u0103ng an to\u00e0n, gi\u1ea3m thi\u1ec3u r\u1ee7i ro cho ng\u01b0\u1eddi v\u1eadn h\u00e0nh.<\/li>\n<\/ul>\n<h3>T\u1ea1i sao n\u00ean ch\u1ecdn FMP:<\/h3>\n<p>FMP s\u1ea3n xu\u1ea5t h\u1ed9p s\u1ed1 m\u00e1y c\u1eaft c\u1ecf ch\u1ea5t l\u01b0\u1ee3ng cao, \u0111\u01b0\u1ee3c thi\u1ebft k\u1ebf \u0111\u1ec3 \u0111\u1ea3m b\u1ea3o \u0111\u1ed9 b\u1ec1n, \u0111\u1ed9 tin c\u1eady v\u00e0 hi\u1ec7u su\u1ea5t. Cho d\u00f9 b\u1ea1n c\u1ea7n gi\u1ea3i ph\u00e1p ti\u00eau chu\u1ea9n hay t\u00f9y ch\u1ec9nh, FMP \u0111\u1ec1u cung c\u1ea5p h\u1ed9p s\u1ed1 ho\u00e0n h\u1ea3o cho m\u00e1y c\u1eaft c\u1ecf n\u00f4ng nghi\u1ec7p, \u0111\u1ea3m b\u1ea3o v\u1eadn h\u00e0nh hi\u1ec7u qu\u1ea3 v\u00e0 hi\u1ec7u su\u1ea5t l\u00e2u d\u00e0i.<\/p>\n<p>H\u1ed9p s\u1ed1 m\u00e1y c\u1eaft c\u1ecf c\u1ee7a FMP c\u00f3 \u0111\u1ed9 b\u1ec1n, \u0111\u1ed9 ch\u00ednh x\u00e1c v\u00e0 hi\u1ec7u su\u1ea5t cao, l\u00fd t\u01b0\u1edfng cho c\u00e1c ho\u1ea1t \u0111\u1ed9ng c\u1eaft c\u1ecf n\u00f4ng nghi\u1ec7p. H\u00e3y tin t\u01b0\u1edfng FMP \u0111\u1ec3 c\u00f3 h\u1ed9p s\u1ed1 hi\u1ec7u su\u1ea5t cao, \u0111\u01b0\u1ee3c t\u00f9y ch\u1ec9nh theo nhu c\u1ea7u c\u1ee7a b\u1ea1n.<\/p>\n<p><img loading=\"lazy\" decoding=\"async\" class=\"alignnone size-full wp-image-1871\" src=\"https:\/\/fmp-components.com\/wp-content\/uploads\/2024\/12\/Differences-Between-Rotary-Mower-Gearbox-and-Flail-Mower-Gearbox-2.webp\" alt=\"S\u1ef1 kh\u00e1c bi\u1ec7t gi\u1eefa h\u1ed9p s\u1ed1 m\u00e1y c\u1eaft c\u1ecf quay v\u00e0 h\u1ed9p s\u1ed1 m\u00e1y c\u1eaft c\u1ecf \u0111\u1eadp 2\" width=\"1000\" height=\"600\" title=\"\" srcset=\"https:\/\/fmp-components.com\/wp-content\/uploads\/2024\/12\/Differences-Between-Rotary-Mower-Gearbox-and-Flail-Mower-Gearbox-2.webp 1000w, https:\/\/fmp-components.com\/wp-content\/uploads\/2024\/12\/Differences-Between-Rotary-Mower-Gearbox-and-Flail-Mower-Gearbox-2-980x588.webp 980w, https:\/\/fmp-components.com\/wp-content\/uploads\/2024\/12\/Differences-Between-Rotary-Mower-Gearbox-and-Flail-Mower-Gearbox-2-480x288.webp 480w\" sizes=\"(min-width: 0px) and (max-width: 480px) 480px, (min-width: 481px) and (max-width: 980px) 980px, (min-width: 981px) 1000px, 100vw\" \/><\/p>\n<h3>Gi\u1edbi thi\u1ec7u v\u1ec1 FMP<\/h3>\n<p>FMP, c\u00f3 tr\u1ee5 s\u1edf ch\u00ednh t\u1ea1i \u00dd, l\u00e0 nh\u00e0 s\u1ea3n xu\u1ea5t h\u00e0ng \u0111\u1ea7u chuy\u00ean thi\u1ebft k\u1ebf, ph\u00e1t tri\u1ec3n v\u00e0 s\u1ea3n xu\u1ea5t h\u1ed9p s\u1ed1 hi\u1ec7u su\u1ea5t cao cho m\u00e1y m\u00f3c n\u00f4ng nghi\u1ec7p. N\u1ed5i ti\u1ebfng v\u1edbi k\u1ef9 thu\u1eadt ch\u00ednh x\u00e1c, \u0111\u1ed5i m\u1edbi v\u00e0 \u0111\u1ed9 tin c\u1eady cao, ch\u00fang t\u00f4i cung c\u1ea5p \u0111a d\u1ea1ng c\u00e1c lo\u1ea1i h\u1ed9p s\u1ed1, bao g\u1ed3m c\u1ea3 h\u1ed9p s\u1ed1 cho m\u00e1y c\u1eaft c\u1ecf, c\u0169ng nh\u01b0 c\u00e1c linh ki\u1ec7n thi\u1ebft y\u1ebfu nh\u01b0 tr\u1ee5c PTO. M\u1ee5c ti\u00eau c\u1ee7a ch\u00fang t\u00f4i l\u00e0 cung c\u1ea5p c\u00e1c gi\u1ea3i ph\u00e1p \u0111\u01b0\u1ee3c thi\u1ebft k\u1ebf ri\u00eang, \u0111\u00e1p \u1ee9ng nhu c\u1ea7u c\u1ee5 th\u1ec3 c\u1ee7a ng\u00e0nh n\u00f4ng nghi\u1ec7p v\u00e0 c\u00f4ng nghi\u1ec7p, d\u00f9 l\u00e0 th\u00f4ng qua c\u00e1c s\u1ea3n ph\u1ea9m ri\u00eang l\u1ebb hay c\u00e1c h\u1ec7 th\u1ed1ng t\u00edch h\u1ee3p ho\u00e0n ch\u1ec9nh.<\/p>\n<p>T\u1ea1i FMP, ch\u00fang t\u00f4i hi\u1ec3u r\u1eb1ng m\u1ed7i kh\u00e1ch h\u00e0ng \u0111\u1ec1u c\u00f3 nh\u1eefng y\u00eau c\u1ea7u ri\u00eang. \u0110i\u1ec1u n\u00e0y th\u00fac \u0111\u1ea9y ch\u00fang t\u00f4i cam k\u1ebft t\u00f9y ch\u1ec9nh s\u1ea3n ph\u1ea9m \u0111\u1ec3 \u0111\u00e1p \u1ee9ng nh\u1eefng nhu c\u1ea7u c\u1ee5 th\u1ec3 \u0111\u00f3. Cho d\u00f9 b\u1ea1n c\u1ea7n h\u1ed9p s\u1ed1 chuy\u00ean d\u1ee5ng hay to\u00e0n b\u1ed9 h\u1ec7 th\u1ed1ng, ch\u00fang t\u00f4i \u0111\u1ec1u h\u1ee3p t\u00e1c ch\u1eb7t ch\u1ebd v\u1edbi b\u1ea1n \u0111\u1ec3 ph\u00e1t tri\u1ec3n gi\u1ea3i ph\u00e1p hi\u1ec7u qu\u1ea3 v\u00e0 t\u1ed1i \u01b0u nh\u1ea5t. Ch\u00fang t\u00f4i t\u1ef1 h\u00e0o cung c\u1ea5p ph\u1ea3n h\u1ed3i nhanh ch\u00f3ng, chuy\u00ean nghi\u1ec7p, \u0111\u1ea3m b\u1ea3o m\u1ecdi y\u00eau c\u1ea7u \u0111\u1ec1u \u0111\u01b0\u1ee3c x\u1eed l\u00fd m\u1ed9t c\u00e1ch chuy\u00ean nghi\u1ec7p v\u00e0 ch\u00ednh x\u00e1c.<\/p>\n<p>Ch\u00fang t\u00f4i r\u1ea5t coi tr\u1ecdng vi\u1ec7c giao ti\u1ebfp c\u1edfi m\u1edf v\u00e0 li\u00ean t\u1ee5c v\u1edbi kh\u00e1ch h\u00e0ng, \u0111\u1eb7c bi\u1ec7t l\u00e0 trong qu\u00e1 tr\u00ecnh ph\u00e1t tri\u1ec3n s\u1ea3n ph\u1ea9m m\u1edbi. \u0110\u1ed9i ng\u0169 t\u1eadn t\u00e2m c\u1ee7a ch\u00fang t\u00f4i lu\u00f4n s\u00e1t c\u00e1nh c\u00f9ng kh\u00e1ch h\u00e0ng \u0111\u1ec3 th\u1ea5u hi\u1ec3u nh\u1eefng th\u00e1ch th\u1ee9c c\u1ee7a h\u1ecd v\u00e0 cung c\u1ea5p nh\u1eefng hi\u1ec3u bi\u1ebft gi\u00e1 tr\u1ecb, t\u1eeb \u0111\u00f3 \u0111\u01b0a ra c\u00e1c gi\u1ea3i ph\u00e1p t\u1ed1i \u01b0u. T\u1eeb ph\u00e1t tri\u1ec3n s\u1ea3n ph\u1ea9m m\u1edbi \u0111\u1ebfn ho\u00e0n th\u00e0nh c\u00e1c \u0111\u01a1n h\u00e0ng hi\u1ec7n c\u00f3, ch\u00fang t\u00f4i cam k\u1ebft cung c\u1ea5p c\u00e1c s\u1ea3n ph\u1ea9m ch\u1ea5t l\u01b0\u1ee3ng cao, \u0111\u01b0\u1ee3c thi\u1ebft k\u1ebf ch\u00ednh x\u00e1c, nhanh ch\u00f3ng v\u00e0 ch\u00ednh x\u00e1c.<\/p>\n<p>Ch\u1ea5t l\u01b0\u1ee3ng l\u00e0 n\u1ec1n t\u1ea3ng cho m\u1ecdi ho\u1ea1t \u0111\u1ed9ng c\u1ee7a ch\u00fang t\u00f4i t\u1ea1i FMP. Quy tr\u00ecnh s\u1ea3n xu\u1ea5t c\u1ee7a ch\u00fang t\u00f4i \u0111\u01b0\u1ee3c x\u00e2y d\u1ef1ng d\u1ef1a tr\u00ean c\u00e1c nguy\u00ean t\u1eafc ti\u00eau chu\u1ea9n cao, \u0111\u1ed9 ch\u00ednh x\u00e1c v\u00e0 kh\u00f4ng c\u00f3 khuy\u1ebft t\u1eadt. Ch\u00fang t\u00f4i \u00e1p d\u1ee5ng c\u00e1c quy tr\u00ecnh ki\u1ec3m so\u00e1t ch\u1ea5t l\u01b0\u1ee3ng nghi\u00eam ng\u1eb7t \u0111\u1ec3 \u0111\u1ea3m b\u1ea3o m\u1ecdi s\u1ea3n ph\u1ea9m \u0111\u1ec1u v\u01b0\u1ee3t qua c\u00e1c ti\u00eau chu\u1ea9n c\u1ee7a ng\u00e0nh. Cam k\u1ebft ch\u1ea5t l\u01b0\u1ee3ng ki\u00ean \u0111\u1ecbnh n\u00e0y, c\u00f9ng v\u1edbi c\u00e1c gi\u00e1 tr\u1ecb ch\u00ednh tr\u1ef1c, tinh th\u1ea7n \u0111\u1ed3ng \u0111\u1ed9i v\u00e0 s\u1ef1 b\u1ec1n b\u1ec9, \u0111\u00e3 gi\u00fap ch\u00fang t\u00f4i x\u00e2y d\u1ef1ng m\u1ed1i quan h\u1ec7 l\u00e2u d\u00e0i v\u1edbi kh\u00e1ch h\u00e0ng t\u1ea1i g\u1ea7n 30 qu\u1ed1c gia tr\u00ean to\u00e0n th\u1ebf gi\u1edbi.<\/p>\n<p>FMP lu\u00f4n s\u1eb5n s\u00e0ng thi\u1ebft l\u1eadp quan h\u1ec7 \u0111\u1ed1i t\u00e1c to\u00e0n c\u1ea7u v\u00e0 mong mu\u1ed1n cung c\u1ea5p t\u01b0 v\u1ea5n chuy\u00ean m\u00f4n c\u0169ng nh\u01b0 c\u00e1c gi\u1ea3i ph\u00e1p t\u00f9y ch\u1ec9nh. Ph\u01b0\u01a1ng ch\u00e2m c\u1ee7a ch\u00fang t\u00f4i kh\u00f4ng ch\u1ec9 d\u1eebng l\u1ea1i \u1edf vi\u1ec7c cung c\u1ea5p s\u1ea3n ph\u1ea9m \u2014 ch\u00fang t\u00f4i cam k\u1ebft x\u00e2y d\u1ef1ng m\u1ed1i quan h\u1ec7 l\u00e2u d\u00e0i v\u1edbi kh\u00e1ch h\u00e0ng, \u0111\u1ea3m b\u1ea3o th\u00e0nh c\u00f4ng c\u1ee7a h\u1ecd trong m\u1ecdi d\u1ef1 \u00e1n. Cho d\u00f9 b\u1ea1n \u0111ang t\u00ecm ki\u1ebfm gi\u1ea3i ph\u00e1p cho m\u1ed9t s\u00e1ng ki\u1ebfn \u200b\u200bm\u1edbi hay c\u1ea7n h\u1ed7 tr\u1ee3 cho m\u1ed9t h\u1ec7 th\u1ed1ng hi\u1ec7n c\u00f3, FMP lu\u00f4n s\u1eb5n s\u00e0ng gi\u1ea3i quy\u1ebft c\u00e1c th\u00e1ch th\u1ee9c k\u1ef9 thu\u1eadt v\u00e0 gi\u00fap b\u1ea1n ti\u1ebfp t\u1ee5c th\u00e0nh c\u00f4ng.<\/p>\n<p><img loading=\"lazy\" decoding=\"async\" class=\"alignnone size-full wp-image-1861\" src=\"https:\/\/fmp-components.com\/wp-content\/uploads\/2024\/12\/Other-Agricultural-Gearboxes.webp\" sizes=\"(min-width: 0px) and (max-width: 480px) 480px, (min-width: 481px) and (max-width: 980px) 980px, (min-width: 981px) 1200px, 100vw\" srcset=\"https:\/\/fmp-components.com\/wp-content\/uploads\/2024\/12\/Other-Agricultural-Gearboxes.webp 1200w, https:\/\/fmp-components.com\/wp-content\/uploads\/2024\/12\/Other-Agricultural-Gearboxes-980x1143.webp 980w, https:\/\/fmp-components.com\/wp-content\/uploads\/2024\/12\/Other-Agricultural-Gearboxes-480x560.webp 480w\" alt=\"Altri-cambi-agricoli\" width=\"1200\" height=\"1400\" title=\"\"><\/p>\n<p>T\u00e1c gi\u1ea3: CX<\/p>","protected":false},"excerpt":{"rendered":"<p>Agricultural Lawnmower Gearbox Specification ITEM FMP-BGB9 Lawn mower gearbox Ratio 1:1 \/ 1:1.35 \/ 1:1.46 \/ 1:2 Teeth 16\/16\u00a0 23\/17\u00a0 22\/15 15\/30 Module 6.35 \/\u00a0 5.0 \/ 5.0 \/ 3.5 Power\uff08HP\uff09 30 Rated Input 540rpm Input\/Output description 1 3\/8 Z6 13\/8 Z6 OPtic axis Weight\uff08N.W\uff09 23Kg Lawn Mower Gearbox for Agricultural Use A lawn mower [&hellip;]<\/p>","protected":false},"featured_media":1982,"comment_status":"open","ping_status":"closed","template":"","meta":{"_et_pb_use_builder":"","_et_pb_old_content":"","_et_gb_content_width":""},"product_brand":[],"product_cat":[52],"product_tag":[],"class_list":{"0":"post-1978","1":"product","2":"type-product","3":"status-publish","4":"has-post-thumbnail","6":"product_cat-lawn-mower-gearbox","8":"first","9":"instock","10":"shipping-taxable","11":"product-type-simple"},"_links":{"self":[{"href":"https:\/\/fmp-components.com\/vi\/wp-json\/wp\/v2\/product\/1978","targetHints":{"allow":["GET"]}}],"collection":[{"href":"https:\/\/fmp-components.com\/vi\/wp-json\/wp\/v2\/product"}],"about":[{"href":"https:\/\/fmp-components.com\/vi\/wp-json\/wp\/v2\/types\/product"}],"replies":[{"embeddable":true,"href":"https:\/\/fmp-components.com\/vi\/wp-json\/wp\/v2\/comments?post=1978"}],"wp:featuredmedia":[{"embeddable":true,"href":"https:\/\/fmp-components.com\/vi\/wp-json\/wp\/v2\/media\/1982"}],"wp:attachment":[{"href":"https:\/\/fmp-components.com\/vi\/wp-json\/wp\/v2\/media?parent=1978"}],"wp:term":[{"taxonomy":"product_brand","embeddable":true,"href":"https:\/\/fmp-components.com\/vi\/wp-json\/wp\/v2\/product_brand?post=1978"},{"taxonomy":"product_cat","embeddable":true,"href":"https:\/\/fmp-components.com\/vi\/wp-json\/wp\/v2\/product_cat?post=1978"},{"taxonomy":"product_tag","embeddable":true,"href":"https:\/\/fmp-components.com\/vi\/wp-json\/wp\/v2\/product_tag?post=1978"}],"curies":[{"name":"wp","href":"https:\/\/api.w.org\/{rel}","templated":true}]}}