{"id":1973,"date":"2024-12-26T05:53:04","date_gmt":"2024-12-26T05:53:04","guid":{"rendered":"https:\/\/fmp-components.com\/?page_id=8"},"modified":"2024-12-26T07:47:18","modified_gmt":"2024-12-26T07:47:18","slug":"mower-gearboxes-replacement-of-comer-code-tl-312d","status":"publish","type":"product","link":"https:\/\/fmp-components.com\/vi\/product\/mower-gearboxes-replacement-of-comer-code-tl-312d\/","title":{"rendered":"H\u1ed9p s\u1ed1 m\u00e1y c\u1eaft c\u1ecf \u2013 Thay th\u1ebf m\u00e3 g\u00f3c TL-312D"},"content":{"rendered":"<p><img loading=\"lazy\" decoding=\"async\" class=\"size-full wp-image-1974 aligncenter\" src=\"https:\/\/fmp-components.com\/wp-content\/uploads\/2024\/12\/Mower-Gearboxes-\u2013-Replacement-of-Comer-Code-TL-312D.webp\" alt=\"H\u1ed9p s\u1ed1 m\u00e1y c\u1eaft c\u1ecf \u2013 Thay th\u1ebf m\u00e3 g\u00f3c TL-312D\" width=\"500\" height=\"500\" title=\"\" srcset=\"https:\/\/fmp-components.com\/wp-content\/uploads\/2024\/12\/Mower-Gearboxes-\u2013-Replacement-of-Comer-Code-TL-312D.webp 500w, https:\/\/fmp-components.com\/wp-content\/uploads\/2024\/12\/Mower-Gearboxes-\u2013-Replacement-of-Comer-Code-TL-312D-300x300.webp 300w, https:\/\/fmp-components.com\/wp-content\/uploads\/2024\/12\/Mower-Gearboxes-\u2013-Replacement-of-Comer-Code-TL-312D-150x150.webp 150w, https:\/\/fmp-components.com\/wp-content\/uploads\/2024\/12\/Mower-Gearboxes-\u2013-Replacement-of-Comer-Code-TL-312D-12x12.webp 12w, https:\/\/fmp-components.com\/wp-content\/uploads\/2024\/12\/Mower-Gearboxes-\u2013-Replacement-of-Comer-Code-TL-312D-480x480.webp 480w, https:\/\/fmp-components.com\/wp-content\/uploads\/2024\/12\/Mower-Gearboxes-\u2013-Replacement-of-Comer-Code-TL-312D-100x100.webp 100w\" sizes=\"(max-width: 500px) 100vw, 500px\" \/><\/p>\n<h2>H\u1ed9p s\u1ed1 m\u00e1y c\u1eaft c\u1ecf \u2013 Thay th\u1ebf m\u00e3 g\u00f3c TL-312D<\/h2>\n<table style=\"width: 100%;\" border=\"1\" width=\"100%\" cellspacing=\"0\" cellpadding=\"0\">\n<tbody>\n<tr>\n<th>S\u1ef1 mi\u00eau t\u1ea3<\/th>\n<td>H\u1ed9p s\u1ed1 m\u00e1y c\u1eaft c\u1ecf \u2013 Thay th\u1ebf m\u00e3 g\u00f3c TL-312D<\/td>\n<\/tr>\n<tr>\n<th>\u1ee8ng d\u1ee5ng<\/th>\n<td>M\u00e1y c\u1eaft c\u1ecf<\/td>\n<\/tr>\n<tr>\n<th>Bao g\u1ed3m<\/th>\n<td>H\u1ed9p s\u1ed1<\/td>\n<\/tr>\n<tr>\n<th>Kh\u00f4ng c\u00f3 d\u1ea7u<\/th>\n<td>Th\u00f4ng tin k\u1ef9 thu\u1eadt<\/td>\n<\/tr>\n<tr>\n<th><\/th>\n<td>N\u1ebfu b\u1ea1n c\u00f3 b\u1ea5t k\u1ef3 c\u00e2u h\u1ecfi n\u00e0o v\u1ec1 hi\u1ec7u su\u1ea5t \u1edf c\u00e1c t\u1ed1c \u0111\u1ed9 kh\u00e1c nhau, vui l\u00f2ng li\u00ean h\u1ec7 v\u1edbi ch\u00fang t\u00f4i.<\/td>\n<\/tr>\n<tr>\n<th><\/th>\n<td>Khi s\u1eed d\u1ee5ng l\u1ea7n \u0111\u1ea7u, h\u00e3y thay d\u1ea7u sau 50 gi\u1edd ho\u1ea1t \u0111\u1ed9ng.<\/td>\n<\/tr>\n<tr>\n<th>Ch\u1ee9a d\u1ea7u<\/th>\n<td>KH\u00d4NG<\/td>\n<\/tr>\n<tr>\n<th>C\u00f4ng su\u1ea5t d\u1ea7u t\u1ed1i \u0111a<\/th>\n<td>1,5 l\u00edt<\/td>\n<\/tr>\n<tr>\n<th>Kho\u1ea3ng th\u1eddi gian thay d\u1ea7u t\u1ed1i \u0111a<\/th>\n<td>500 gi\u1edd<\/td>\n<\/tr>\n<tr>\n<th>C\u1ea5p \u0111\u1ed9 nh\u1edbt SAE c\u1ee7a d\u1ea7u<\/th>\n<td>80W-90<\/td>\n<\/tr>\n<tr>\n<th>V\u1eadt li\u1ec7u nh\u00e0 \u1edf<\/th>\n<td>Gang GG25<\/td>\n<\/tr>\n<tr>\n<th>C\u00e2n n\u1eb7ng<\/th>\n<td>27 kg<\/td>\n<\/tr>\n<tr>\n<th>S\u1eafp x\u1ebfp b\u00e1nh r\u0103ng t\u0103ng d\u1ea7n<\/th>\n<td>21-22<\/td>\n<\/tr>\n<tr>\n<th>C\u00f4ng su\u1ea5t \u0111\u1ea7u v\u00e0o kW \/ HP t\u0103ng<\/th>\n<td>76,5 \/ 104 kW\/M\u00e3 l\u1ef1c<\/td>\n<\/tr>\n<tr>\n<th>Tr\u1ee5c \u0111\u1ea7u v\u00e0o t\u0103ng<\/th>\n<td>X<\/td>\n<\/tr>\n<tr>\n<th>M\u00f4-men xo\u1eafn \u0111\u1ea7u ra DaNm t\u0103ng<\/th>\n<td>42,7 daNm<\/td>\n<\/tr>\n<tr>\n<th>T\u1ef7 l\u1ec7 t\u0103ng<\/th>\n<td>1 : 1.6<\/td>\n<\/tr>\n<tr>\n<th>Gi\u1ea3m t\u1ef7 l\u1ec7<\/th>\n<td>1.6 : 1<\/td>\n<\/tr>\n<tr>\n<th>Tr\u1ee5c X<\/th>\n<td>1 3\/8\u2033 (6) (A)<\/td>\n<\/tr>\n<tr>\n<th>Tr\u1ee5c Z<\/th>\n<td>33 gi\u1edd 7 ph\u00fat (B)<\/td>\n<\/tr>\n<\/tbody>\n<\/table>\n<h3>\u01afu \u0111i\u1ec3m c\u1ee7a h\u1ed9p s\u1ed1 m\u00e1y c\u1eaft c\u1ecf<\/h3>\n<p>H\u1ed9p s\u1ed1 m\u00e1y c\u1eaft c\u1ecf l\u00e0 b\u1ed9 ph\u1eadn thi\u1ebft y\u1ebfu trong m\u00e1y c\u1eaft c\u1ecf, truy\u1ec1n l\u1ef1c t\u1eeb m\u00e1y k\u00e9o ho\u1eb7c \u0111\u1ed9ng c\u01a1 \u0111\u1ebfn l\u01b0\u1ee1i c\u1eaft. C\u00e1c h\u1ed9p s\u1ed1 n\u00e0y \u0111\u00f3ng vai tr\u00f2 quan tr\u1ecdng trong vi\u1ec7c \u0111\u1ea3m b\u1ea3o m\u00e1y c\u1eaft c\u1ecf ho\u1ea1t \u0111\u1ed9ng hi\u1ec7u qu\u1ea3, n\u0103ng su\u1ea5t v\u00e0 \u0111\u00e1ng tin c\u1eady. D\u01b0\u1edbi \u0111\u00e2y l\u00e0 m\u1ed9t s\u1ed1 l\u1ee3i \u00edch ch\u00ednh c\u1ee7a vi\u1ec7c s\u1eed d\u1ee5ng h\u1ed9p s\u1ed1 m\u00e1y c\u1eaft c\u1ecf ch\u1ea5t l\u01b0\u1ee3ng cao:<\/p>\n<h4>Truy\u1ec1n t\u1ea3i \u0111i\u1ec7n hi\u1ec7u qu\u1ea3<\/h4>\n<p>H\u1ed9p s\u1ed1 m\u00e1y c\u1eaft c\u1ecf \u0111\u01b0\u1ee3c thi\u1ebft k\u1ebf \u0111\u1ec3 \u0111\u1ea3m b\u1ea3o c\u00f4ng su\u1ea5t t\u1eeb \u200b\u200b\u0111\u1ed9ng c\u01a1 m\u00e1y k\u00e9o \u0111\u01b0\u1ee3c truy\u1ec1n t\u1ea3i hi\u1ec7u qu\u1ea3 \u0111\u1ebfn l\u01b0\u1ee1i c\u1eaft. Vi\u1ec7c truy\u1ec1n t\u1ea3i c\u00f4ng su\u1ea5t hi\u1ec7u qu\u1ea3 n\u00e0y gi\u00fap duy tr\u00ec t\u1ed1c \u0111\u1ed9 v\u00e0 m\u00f4-men xo\u1eafn ch\u00ednh x\u00e1c cho l\u01b0\u1ee1i c\u1eaft, \u0111\u1ea3m b\u1ea3o hi\u1ec7u su\u1ea5t c\u1eaft t\u1ed1i \u01b0u. D\u00f9 l\u00e0 m\u00e1y c\u1eaft c\u1ecf quay hay m\u00e1y c\u1eaft c\u1ecf t\u1ef1 h\u00e0nh, h\u1ec7 th\u1ed1ng truy\u1ec1n \u0111\u1ed9ng hi\u1ec7u qu\u1ea3 \u0111\u1ea3m b\u1ea3o l\u01b0\u1ee1i c\u1eaft c\u1ecf \u0111\u1ed3ng \u0111\u1ec1u, mang l\u1ea1i b\u1ec1 m\u1eb7t c\u1eaft s\u1ea1ch v\u00e0 \u0111\u1ec1u.<\/p>\n<h4>\u0110\u1ed9 b\u1ec1n v\u00e0 tu\u1ed5i th\u1ecd<\/h4>\n<p>H\u1ed9p s\u1ed1 m\u00e1y c\u1eaft c\u1ecf ch\u1ea5t l\u01b0\u1ee3ng cao \u0111\u01b0\u1ee3c ch\u1ebf t\u1ea1o \u0111\u1ec3 ch\u1ecbu \u0111\u01b0\u1ee3c \u0111i\u1ec1u ki\u1ec7n v\u1eadn h\u00e0nh kh\u1eafc nghi\u1ec7t v\u00e0 c\u01b0\u1eddng \u0111\u1ed9 s\u1eed d\u1ee5ng cao. \u0110\u01b0\u1ee3c l\u00e0m t\u1eeb v\u1eadt li\u1ec7u b\u1ec1n b\u1ec9 nh\u01b0 th\u00e9p cao c\u1ea5p v\u00e0 h\u1ee3p kim nh\u00f4m, h\u1ed9p s\u1ed1 c\u00f3 kh\u1ea3 n\u0103ng ch\u1ed1ng m\u00e0i m\u00f2n, \u0103n m\u00f2n v\u00e0 ch\u1ecbu nhi\u1ec7t. \u0110i\u1ec1u n\u00e0y \u0111\u1ea3m b\u1ea3o h\u1ed9p s\u1ed1 m\u00e1y c\u1eaft c\u1ecf ho\u1ea1t \u0111\u1ed9ng tr\u01a1n tru v\u00e0 \u0111\u00e1ng tin c\u1eady trong th\u1eddi gian d\u00e0i, gi\u1ea3m thi\u1ec3u nhu c\u1ea7u s\u1eeda ch\u1eefa ho\u1eb7c thay th\u1ebf th\u01b0\u1eddng xuy\u00ean. \u0110\u1ed9 b\u1ec1n c\u1ee7a h\u1ed9p s\u1ed1 l\u00e0 y\u1ebfu t\u1ed1 quan tr\u1ecdng \u0111\u1ec3 duy tr\u00ec hi\u1ec7u su\u1ea5t t\u1ed1i \u01b0u trong c\u00e1c \u1ee9ng d\u1ee5ng n\u00f4ng nghi\u1ec7p, c\u1ea3nh quan v\u00e0 c\u00f4ng nghi\u1ec7p \u0111\u00f2i h\u1ecfi kh\u1eaft khe.<\/p>\n<h4>Gi\u1ea3m y\u00eau c\u1ea7u b\u1ea3o tr\u00ec<\/h4>\n<p>H\u1ed9p s\u1ed1 m\u00e1y c\u1eaft c\u1ecf \u0111\u01b0\u1ee3c thi\u1ebft k\u1ebf \u0111\u1ec3 v\u1eadn h\u00e0nh \u00edt b\u1ea3o tr\u00ec. Nh\u1edd kh\u1ea3 n\u0103ng b\u00f4i tr\u01a1n ph\u00f9 h\u1ee3p v\u00e0 k\u1ebft c\u1ea5u b\u1ec1n b\u1ec9, ch\u00fang \u00edt b\u1ecb hao m\u00f2n h\u01a1n so v\u1edbi c\u00e1c b\u1ed9 ph\u1eadn c\u01a1 kh\u00ed kh\u00e1c. \u0110i\u1ec1u n\u00e0y gi\u00fap gi\u1ea3m thi\u1ec3u s\u1ef1 c\u1ed1 h\u1ecfng h\u00f3c v\u00e0 gi\u1ea3m t\u1ed5ng chi ph\u00ed b\u1ea3o tr\u00ec. V\u1edbi chi ph\u00ed b\u1ea3o tr\u00ec t\u1ed1i thi\u1ec3u, c\u00e1c h\u1ed9p s\u1ed1 n\u00e0y gi\u00fap m\u00e1y c\u1eaft c\u1ecf ho\u1ea1t \u0111\u1ed9ng tr\u01a1n tru, \u0111\u1ea3m b\u1ea3o th\u1eddi gian ho\u1ea1t \u0111\u1ed9ng v\u00e0 n\u0103ng su\u1ea5t cao h\u01a1n.<\/p>\n<h4>Hi\u1ec7u su\u1ea5t c\u1eaft \u0111\u01b0\u1ee3c c\u1ea3i thi\u1ec7n<\/h4>\n<p>H\u1ed9p s\u1ed1 \u0111\u00f3ng vai tr\u00f2 quan tr\u1ecdng trong vi\u1ec7c \u0111\u1ea3m b\u1ea3o l\u01b0\u1ee1i c\u1eaft quay v\u1edbi t\u1ed1c \u0111\u1ed9 v\u00e0 m\u00f4-men xo\u1eafn ch\u00ednh x\u00e1c, y\u1ebfu t\u1ed1 thi\u1ebft y\u1ebfu cho vi\u1ec7c c\u1eaft c\u1ecf hi\u1ec7u qu\u1ea3. Cho d\u00f9 b\u1ea1n \u0111ang c\u1eaft c\u1ecf d\u00e0y, c\u1ecf d\u1ea1i hay \u0111\u1ecba h\u00ecnh kh\u00f4ng b\u1eb1ng ph\u1eb3ng, h\u1ed9p s\u1ed1 m\u00e1y c\u1eaft c\u1ecf \u0111\u01b0\u1ee3c thi\u1ebft k\u1ebf t\u1ed1t s\u1ebd \u0111\u1ea3m b\u1ea3o hi\u1ec7u su\u1ea5t c\u1eaft \u1ed5n \u0111\u1ecbnh. \u0110i\u1ec1u n\u00e0y mang l\u1ea1i \u0111\u01b0\u1eddng c\u1eaft s\u1ea1ch h\u01a1n, \u0111\u1ed3ng \u0111\u1ec1u h\u01a1n, c\u1ea3i thi\u1ec7n t\u00ednh th\u1ea9m m\u1ef9 c\u1ee7a b\u00e3i c\u1ecf ho\u1eb7c s\u00e2n v\u01b0\u1eddn, \u0111\u1ed3ng th\u1eddi ng\u0103n ng\u1eeba h\u01b0 h\u1ecfng thi\u1ebft b\u1ecb.<\/p>\n<h4>T\u00ednh linh ho\u1ea1t v\u00e0 kh\u1ea3 n\u0103ng t\u00f9y ch\u1ec9nh<\/h4>\n<p>H\u1ed9p s\u1ed1 m\u00e1y c\u1eaft c\u1ecf r\u1ea5t linh ho\u1ea1t v\u00e0 c\u00f3 th\u1ec3 \u0111\u01b0\u1ee3c \u0111i\u1ec1u ch\u1ec9nh cho nhi\u1ec1u m\u1eabu m\u00e1y c\u1eaft c\u1ecf v\u00e0 \u1ee9ng d\u1ee5ng kh\u00e1c nhau. Cho d\u00f9 b\u1ea1n c\u1ea7n h\u1ed9p s\u1ed1 m\u1ed9t t\u1ed1c \u0111\u1ed9 hay nhi\u1ec1u t\u1ed1c \u0111\u1ed9, hay m\u1ed9t gi\u1ea3i ph\u00e1p t\u00f9y ch\u1ec9nh cho nhu c\u1ea7u c\u1eaft c\u1ecf c\u1ee5 th\u1ec3, h\u1ed9p s\u1ed1 m\u00e1y c\u1eaft c\u1ecf \u0111\u1ec1u mang l\u1ea1i s\u1ef1 linh ho\u1ea1t. Nhi\u1ec1u nh\u00e0 s\u1ea3n xu\u1ea5t, bao g\u1ed3m FMP, cung c\u1ea5p c\u00e1c t\u00f9y ch\u1ecdn h\u1ed9p s\u1ed1 \u0111\u01b0\u1ee3c thi\u1ebft k\u1ebf ri\u00eang \u0111\u1ec3 \u0111\u00e1p \u1ee9ng c\u00e1c y\u00eau c\u1ea7u hi\u1ec7u su\u1ea5t c\u1ee7a c\u00e1c c\u00f4ng vi\u1ec7c c\u1eaft c\u1ecf kh\u00e1c nhau, t\u1eeb c\u00f4ng vi\u1ec7c ch\u0103m s\u00f3c c\u1ecf nh\u1ecf \u0111\u1ebfn c\u00e1c ho\u1ea1t \u0111\u1ed9ng n\u00f4ng nghi\u1ec7p quy m\u00f4 l\u1edbn.<\/p>\n<h4>An to\u00e0n v\u00e0 \u0110\u1ed9 tin c\u1eady<\/h4>\n<p>H\u1ed9p s\u1ed1 m\u00e1y c\u1eaft c\u1ecf hi\u1ec7n \u0111\u1ea1i \u0111\u01b0\u1ee3c trang b\u1ecb c\u00e1c t\u00ednh n\u0103ng an to\u00e0n nh\u01b0 ly h\u1ee3p ch\u1ed1ng qu\u00e1 t\u1ea3i ho\u1eb7c c\u01a1 c\u1ea5u ng\u1eaft k\u1ebft n\u1ed1i, gi\u00fap b\u1ea3o v\u1ec7 c\u1ea3 m\u00e1y c\u1eaft c\u1ecf v\u00e0 ng\u01b0\u1eddi v\u1eadn h\u00e0nh. Nh\u1eefng t\u00ednh n\u0103ng n\u00e0y ng\u0103n ng\u1eeba h\u01b0 h\u1ecfng cho h\u1ed9p s\u1ed1 v\u00e0 l\u01b0\u1ee1i c\u1eaft n\u1ebfu m\u00e1y c\u1eaft c\u1ecf \u0111\u1ed9t ng\u1ed9t t\u1eaft ho\u1eb7c ng\u1eaft k\u1ebft n\u1ed1i. Ch\u00fang c\u0169ng gi\u00fap ng\u0103n ng\u1eeba tai n\u1ea1n, \u0111\u1ea3m b\u1ea3o an to\u00e0n cho ng\u01b0\u1eddi v\u1eadn h\u00e0nh v\u00e0 gi\u1ea3m nguy c\u01a1 h\u1ecfng h\u00f3c c\u01a1 h\u1ecdc trong qu\u00e1 tr\u00ecnh v\u1eadn h\u00e0nh.<\/p>\n<p>H\u1ed9p s\u1ed1 m\u00e1y c\u1eaft c\u1ecf l\u00e0 b\u1ed9 ph\u1eadn thi\u1ebft y\u1ebfu gi\u00fap n\u00e2ng cao hi\u1ec7u su\u1ea5t, \u0111\u1ed9 b\u1ec1n v\u00e0 hi\u1ec7u su\u1ea5t c\u1ee7a m\u00e1y c\u1eaft c\u1ecf v\u00e0 m\u00e1y c\u1eaft n\u00f4ng nghi\u1ec7p. Kh\u1ea3 n\u0103ng truy\u1ec1n l\u1ef1c hi\u1ec7u qu\u1ea3, c\u1ea3i thi\u1ec7n hi\u1ec7u su\u1ea5t c\u1eaft v\u00e0 gi\u1ea3m nhu c\u1ea7u b\u1ea3o tr\u00ec khi\u1ebfn ch\u00fang tr\u1edf th\u00e0nh thi\u1ebft b\u1ecb kh\u00f4ng th\u1ec3 thi\u1ebfu trong vi\u1ec7c b\u1ea3o tr\u00ec thi\u1ebft b\u1ecb c\u1eaft c\u1ecf ch\u1ea5t l\u01b0\u1ee3ng cao. V\u1edbi nhi\u1ec1u t\u00f9y ch\u1ecdn t\u00f9y ch\u1ec9nh, c\u1ea5u tr\u00fac ch\u1eafc ch\u1eafn v\u00e0 c\u00e1c t\u00ednh n\u0103ng ti\u1ebft ki\u1ec7m chi ph\u00ed, h\u1ed9p s\u1ed1 m\u00e1y c\u1eaft c\u1ecf mang l\u1ea1i gi\u00e1 tr\u1ecb l\u00e2u d\u00e0i cho c\u1ea3 \u1ee9ng d\u1ee5ng c\u00e1 nh\u00e2n v\u00e0 chuy\u00ean nghi\u1ec7p.<\/p>\n<p><img loading=\"lazy\" decoding=\"async\" class=\"alignnone wp-image-1951\" src=\"https:\/\/fmp-components.com\/wp-content\/uploads\/2024\/12\/Rotary-Mower-Gearbox-211.webp\" alt=\"H\u1ed9p s\u1ed1 m\u00e1y c\u1eaft c\u1ecf quay\" width=\"929\" height=\"697\" title=\"\" srcset=\"https:\/\/fmp-components.com\/wp-content\/uploads\/2024\/12\/Rotary-Mower-Gearbox-211.webp 929w, https:\/\/fmp-components.com\/wp-content\/uploads\/2024\/12\/Rotary-Mower-Gearbox-211-480x360.webp 480w\" sizes=\"(min-width: 0px) and (max-width: 480px) 480px, (min-width: 481px) 929px, 100vw\" \/><\/p>\n<h3>Gi\u1edbi thi\u1ec7u v\u1ec1 FMP<\/h3>\n<p>FMP, c\u00f3 tr\u1ee5 s\u1edf t\u1ea1i \u00dd, l\u00e0 nh\u00e0 s\u1ea3n xu\u1ea5t h\u00e0ng \u0111\u1ea7u, n\u1ed5i ti\u1ebfng v\u1ec1 thi\u1ebft k\u1ebf, ph\u00e1t tri\u1ec3n v\u00e0 s\u1ea3n xu\u1ea5t h\u1ed9p s\u1ed1 hi\u1ec7u su\u1ea5t cao cho m\u00e1y m\u00f3c n\u00f4ng nghi\u1ec7p. V\u1edbi tr\u1ecdng t\u00e2m l\u00e0 k\u1ef9 thu\u1eadt ch\u00ednh x\u00e1c, \u0111\u1ed5i m\u1edbi v\u00e0 \u0111\u1ed9 tin c\u1eady v\u1eefng ch\u1eafc, ch\u00fang t\u00f4i cung c\u1ea5p \u0111a d\u1ea1ng c\u00e1c lo\u1ea1i h\u1ed9p s\u1ed1, bao g\u1ed3m h\u1ed9p s\u1ed1 m\u00e1y c\u1eaft c\u1ecf, c\u00f9ng v\u1edbi c\u00e1c linh ki\u1ec7n quan tr\u1ecdng nh\u01b0 tr\u1ee5c PTO. S\u1ee9 m\u1ec7nh c\u1ee7a ch\u00fang t\u00f4i l\u00e0 cung c\u1ea5p c\u00e1c gi\u1ea3i ph\u00e1p ph\u00f9 h\u1ee3p cho l\u0129nh v\u1ef1c n\u00f4ng nghi\u1ec7p v\u00e0 c\u00f4ng nghi\u1ec7p, cung c\u1ea5p c\u1ea3 c\u00e1c s\u1ea3n ph\u1ea9m ri\u00eang l\u1ebb v\u00e0 c\u00e1c h\u1ec7 th\u1ed1ng t\u00edch h\u1ee3p ho\u00e0n ch\u1ec9nh \u0111\u00e1p \u1ee9ng nhu c\u1ea7u c\u1ee5 th\u1ec3 c\u1ee7a kh\u00e1ch h\u00e0ng.<\/p>\n<p>T\u1ea1i FMP, ch\u00fang t\u00f4i th\u1ea5u hi\u1ec3u r\u1eb1ng m\u1ed7i kh\u00e1ch h\u00e0ng \u0111\u1ec1u c\u00f3 nh\u1eefng y\u00eau c\u1ea7u ri\u00eang bi\u1ec7t. \u0110\u00f3 l\u00e0 l\u00fd do t\u1ea1i sao ch\u00fang t\u00f4i lu\u00f4n n\u1ed7 l\u1ef1c t\u1ed1i \u0111a trong vi\u1ec7c t\u00f9y ch\u1ec9nh s\u1ea3n ph\u1ea9m \u0111\u1ec3 \u0111\u00e1p \u1ee9ng ho\u00e0n h\u1ea3o nh\u1eefng nhu c\u1ea7u n\u00e0y. Cho d\u00f9 b\u1ea1n \u0111ang t\u00ecm ki\u1ebfm m\u1ed9t h\u1ed9p s\u1ed1 chuy\u00ean d\u1ee5ng hay m\u1ed9t h\u1ec7 th\u1ed1ng to\u00e0n di\u1ec7n, ch\u00fang t\u00f4i \u0111\u1ec1u h\u1ee3p t\u00e1c ch\u1eb7t ch\u1ebd v\u1edbi b\u1ea1n \u0111\u1ec3 ph\u00e1t tri\u1ec3n gi\u1ea3i ph\u00e1p hi\u1ec7u qu\u1ea3 v\u00e0 t\u1ed1i \u01b0u nh\u1ea5t. Cam k\u1ebft c\u1ee7a ch\u00fang t\u00f4i v\u1ec1 s\u1ef1 h\u00e0i l\u00f2ng c\u1ee7a kh\u00e1ch h\u00e0ng \u0111\u01b0\u1ee3c th\u1ec3 hi\u1ec7n qua ph\u1ea3n h\u1ed3i nhanh ch\u00f3ng, chuy\u00ean nghi\u1ec7p v\u00e0 t\u01b0 v\u1ea5n chuy\u00ean m\u00f4n, \u0111\u1ea3m b\u1ea3o m\u1ecdi th\u1eafc m\u1eafc \u0111\u1ec1u \u0111\u01b0\u1ee3c x\u1eed l\u00fd v\u1edbi s\u1ef1 t\u1eadn t\u00e2m v\u00e0 ch\u00ednh x\u00e1c cao nh\u1ea5t.<\/p>\n<p>Giao ti\u1ebfp c\u1edfi m\u1edf v\u00e0 li\u00ean t\u1ee5c v\u1edbi kh\u00e1ch h\u00e0ng l\u00e0 ch\u00eca kh\u00f3a, \u0111\u1eb7c bi\u1ec7t l\u00e0 trong qu\u00e1 tr\u00ecnh ph\u00e1t tri\u1ec3n s\u1ea3n ph\u1ea9m m\u1edbi. \u0110\u1ed9i ng\u0169 t\u1eadn t\u00e2m c\u1ee7a ch\u00fang t\u00f4i lu\u00f4n s\u00e1t c\u00e1nh c\u00f9ng kh\u00e1ch h\u00e0ng \u0111\u1ec3 th\u1ea5u hi\u1ec3u nh\u1eefng th\u00e1ch th\u1ee9c c\u1ee7a h\u1ecd v\u00e0 cung c\u1ea5p nh\u1eefng hi\u1ec3u bi\u1ebft gi\u00e1 tr\u1ecb, gi\u00fap \u0111\u01b0a ra c\u00e1c gi\u1ea3i ph\u00e1p t\u1ed1i \u01b0u. D\u00f9 ph\u00e1t tri\u1ec3n s\u1ea3n ph\u1ea9m m\u1edbi hay ho\u00e0n th\u00e0nh c\u00e1c \u0111\u01a1n h\u00e0ng hi\u1ec7n c\u00f3, ch\u00fang t\u00f4i lu\u00f4n cam k\u1ebft cung c\u1ea5p c\u00e1c s\u1ea3n ph\u1ea9m ch\u1ea5t l\u01b0\u1ee3ng cao, \u0111\u01b0\u1ee3c thi\u1ebft k\u1ebf ch\u00ednh x\u00e1c v\u1edbi t\u1ed1c \u0111\u1ed9 v\u00e0 hi\u1ec7u qu\u1ea3 cao.<\/p>\n<p>Ch\u1ea5t l\u01b0\u1ee3ng l\u00e0 n\u1ec1n t\u1ea3ng cho m\u1ecdi ho\u1ea1t \u0111\u1ed9ng c\u1ee7a ch\u00fang t\u00f4i. T\u1ea1i FMP, quy tr\u00ecnh s\u1ea3n xu\u1ea5t c\u1ee7a ch\u00fang t\u00f4i \u0111\u01b0\u1ee3c x\u00e2y d\u1ef1ng d\u1ef1a tr\u00ean c\u00e1c nguy\u00ean t\u1eafc ti\u00eau chu\u1ea9n cao, \u0111\u1ed9 ch\u00ednh x\u00e1c v\u00e0 kh\u00f4ng khuy\u1ebft t\u1eadt. Ch\u00fang t\u00f4i \u00e1p d\u1ee5ng c\u00e1c bi\u1ec7n ph\u00e1p ki\u1ec3m so\u00e1t ch\u1ea5t l\u01b0\u1ee3ng nghi\u00eam ng\u1eb7t \u0111\u1ec3 \u0111\u1ea3m b\u1ea3o m\u1ecdi s\u1ea3n ph\u1ea9m \u0111\u1ec1u \u0111\u00e1p \u1ee9ng ho\u1eb7c v\u01b0\u1ee3t ti\u00eau chu\u1ea9n ng\u00e0nh. S\u1ef1 t\u1eadp trung kh\u00f4ng ng\u1eebng v\u00e0o ch\u1ea5t l\u01b0\u1ee3ng, k\u1ebft h\u1ee3p v\u1edbi c\u00e1c gi\u00e1 tr\u1ecb c\u1ed1t l\u00f5i c\u1ee7a ch\u00fang t\u00f4i l\u00e0 ch\u00ednh tr\u1ef1c, tinh th\u1ea7n \u0111\u1ed3ng \u0111\u1ed9i v\u00e0 s\u1ef1 ki\u00ean tr\u00ec, \u0111\u00e3 gi\u00fap ch\u00fang t\u00f4i thi\u1ebft l\u1eadp m\u1ed1i quan h\u1ec7 b\u1ec1n ch\u1eb7t v\u00e0 l\u00e2u d\u00e0i v\u1edbi kh\u00e1ch h\u00e0ng t\u1ea1i g\u1ea7n 30 qu\u1ed1c gia tr\u00ean to\u00e0n th\u1ebf gi\u1edbi.<\/p>\n<p>FMP lu\u00f4n s\u1eb5n s\u00e0ng x\u00e2y d\u1ef1ng quan h\u1ec7 \u0111\u1ed1i t\u00e1c to\u00e0n c\u1ea7u v\u00e0 mong mu\u1ed1n cung c\u1ea5p t\u01b0 v\u1ea5n chuy\u00ean m\u00f4n c\u00f9ng c\u00e1c gi\u1ea3i ph\u00e1p t\u00f9y ch\u1ec9nh. Ph\u01b0\u01a1ng ch\u00e2m c\u1ee7a ch\u00fang t\u00f4i kh\u00f4ng ch\u1ec9 \u0111\u01a1n thu\u1ea7n l\u00e0 cung c\u1ea5p s\u1ea3n ph\u1ea9m\u2014m\u00e0 c\u00f2n t\u1eadn t\u00e2m vun \u0111\u1eafp m\u1ed1i quan h\u1ec7 l\u00e2u d\u00e0i v\u1edbi kh\u00e1ch h\u00e0ng, \u0111\u1ea3m b\u1ea3o th\u00e0nh c\u00f4ng c\u1ee7a h\u1ecd trong m\u1ecdi d\u1ef1 \u00e1n. Cho d\u00f9 b\u1ea1n c\u1ea7n gi\u1ea3i ph\u00e1p cho m\u1ed9t s\u00e1ng ki\u1ebfn \u200b\u200bm\u1edbi hay h\u1ed7 tr\u1ee3 cho m\u1ed9t h\u1ec7 th\u1ed1ng hi\u1ec7n c\u00f3, FMP lu\u00f4n s\u1eb5n s\u00e0ng gi\u1ea3i quy\u1ebft c\u00e1c th\u00e1ch th\u1ee9c k\u1ef9 thu\u1eadt v\u00e0 gi\u00fap b\u1ea1n ti\u1ebfp t\u1ee5c th\u00e0nh c\u00f4ng.<\/p>\n<p><img loading=\"lazy\" decoding=\"async\" class=\"alignnone size-full wp-image-1861\" src=\"https:\/\/fmp-components.com\/wp-content\/uploads\/2024\/12\/Other-Agricultural-Gearboxes.webp\" sizes=\"(min-width: 0px) and (max-width: 480px) 480px, (min-width: 481px) and (max-width: 980px) 980px, (min-width: 981px) 1200px, 100vw\" srcset=\"https:\/\/fmp-components.com\/wp-content\/uploads\/2024\/12\/Other-Agricultural-Gearboxes.webp 1200w, https:\/\/fmp-components.com\/wp-content\/uploads\/2024\/12\/Other-Agricultural-Gearboxes-980x1143.webp 980w, https:\/\/fmp-components.com\/wp-content\/uploads\/2024\/12\/Other-Agricultural-Gearboxes-480x560.webp 480w\" alt=\"Altri-cambi-agricoli\" width=\"1200\" height=\"1400\" title=\"\"><\/p>\n<p>T\u00e1c gi\u1ea3: CX<\/p>","protected":false},"excerpt":{"rendered":"<p>Mower Gearboxes \u2013 Replacement of Comer Code TL-312D Specification Description Mower Gearboxes &#8211; Replacement of Comer Code TL-312D Application Mowers Consists of Gearbox Without Oil Technical Information If you have any questions regarding performance at different speeds, please do not hesitate to contact us. When using for the first time, replace the oil after 50 [&hellip;]<\/p>","protected":false},"featured_media":1974,"comment_status":"open","ping_status":"closed","template":"","meta":{"_et_pb_use_builder":"","_et_pb_old_content":"","_et_gb_content_width":""},"product_brand":[],"product_cat":[52],"product_tag":[],"class_list":{"0":"post-1973","1":"product","2":"type-product","3":"status-publish","4":"has-post-thumbnail","6":"product_cat-lawn-mower-gearbox","8":"first","9":"instock","10":"shipping-taxable","11":"product-type-simple"},"_links":{"self":[{"href":"https:\/\/fmp-components.com\/vi\/wp-json\/wp\/v2\/product\/1973","targetHints":{"allow":["GET"]}}],"collection":[{"href":"https:\/\/fmp-components.com\/vi\/wp-json\/wp\/v2\/product"}],"about":[{"href":"https:\/\/fmp-components.com\/vi\/wp-json\/wp\/v2\/types\/product"}],"replies":[{"embeddable":true,"href":"https:\/\/fmp-components.com\/vi\/wp-json\/wp\/v2\/comments?post=1973"}],"wp:featuredmedia":[{"embeddable":true,"href":"https:\/\/fmp-components.com\/vi\/wp-json\/wp\/v2\/media\/1974"}],"wp:attachment":[{"href":"https:\/\/fmp-components.com\/vi\/wp-json\/wp\/v2\/media?parent=1973"}],"wp:term":[{"taxonomy":"product_brand","embeddable":true,"href":"https:\/\/fmp-components.com\/vi\/wp-json\/wp\/v2\/product_brand?post=1973"},{"taxonomy":"product_cat","embeddable":true,"href":"https:\/\/fmp-components.com\/vi\/wp-json\/wp\/v2\/product_cat?post=1973"},{"taxonomy":"product_tag","embeddable":true,"href":"https:\/\/fmp-components.com\/vi\/wp-json\/wp\/v2\/product_tag?post=1973"}],"curies":[{"name":"wp","href":"https:\/\/api.w.org\/{rel}","templated":true}]}}