{"id":1969,"date":"2024-12-26T05:22:40","date_gmt":"2024-12-26T05:22:40","guid":{"rendered":"https:\/\/fmp-components.com\/?page_id=8"},"modified":"2024-12-26T05:33:45","modified_gmt":"2024-12-26T05:33:45","slug":"mowers-gearboxes-replacement-of-comer-code-tl-311d","status":"publish","type":"product","link":"https:\/\/fmp-components.com\/vi\/product\/mowers-gearboxes-replacement-of-comer-code-tl-311d\/","title":{"rendered":"H\u1ed9p s\u1ed1 m\u00e1y c\u1eaft c\u1ecf \u2013 Thay th\u1ebf m\u00e3 g\u00f3c TL-311D"},"content":{"rendered":"<p><img loading=\"lazy\" decoding=\"async\" class=\"alignnone size-full wp-image-1971\" src=\"https:\/\/fmp-components.com\/wp-content\/uploads\/2024\/12\/Mowers-Gearboxes-\u2013-Replacement-of-Comer-Code-TL-311D.webp\" alt=\"H\u1ed9p s\u1ed1 m\u00e1y c\u1eaft c\u1ecf \u2013 Thay th\u1ebf m\u00e3 g\u00f3c TL-311D\" width=\"1000\" height=\"500\" title=\"\" srcset=\"https:\/\/fmp-components.com\/wp-content\/uploads\/2024\/12\/Mowers-Gearboxes-\u2013-Replacement-of-Comer-Code-TL-311D.webp 1000w, https:\/\/fmp-components.com\/wp-content\/uploads\/2024\/12\/Mowers-Gearboxes-\u2013-Replacement-of-Comer-Code-TL-311D-300x150.webp 300w, https:\/\/fmp-components.com\/wp-content\/uploads\/2024\/12\/Mowers-Gearboxes-\u2013-Replacement-of-Comer-Code-TL-311D-768x384.webp 768w, https:\/\/fmp-components.com\/wp-content\/uploads\/2024\/12\/Mowers-Gearboxes-\u2013-Replacement-of-Comer-Code-TL-311D-18x9.webp 18w, https:\/\/fmp-components.com\/wp-content\/uploads\/2024\/12\/Mowers-Gearboxes-\u2013-Replacement-of-Comer-Code-TL-311D-980x490.webp 980w, https:\/\/fmp-components.com\/wp-content\/uploads\/2024\/12\/Mowers-Gearboxes-\u2013-Replacement-of-Comer-Code-TL-311D-480x240.webp 480w, https:\/\/fmp-components.com\/wp-content\/uploads\/2024\/12\/Mowers-Gearboxes-\u2013-Replacement-of-Comer-Code-TL-311D-600x300.webp 600w\" sizes=\"(max-width: 1000px) 100vw, 1000px\" \/><\/p>\n<h2>H\u1ed9p s\u1ed1 m\u00e1y c\u1eaft c\u1ecf \u2013 Thay th\u1ebf h\u1ed9p s\u1ed1 theo ti\u00eau chu\u1ea9n Comer Code TL-311D.<\/h2>\n<table style=\"width: 100%;\" border=\"1\" width=\"100%\" cellspacing=\"0\" cellpadding=\"0\">\n<tbody>\n<tr>\n<th>S\u1ef1 mi\u00eau t\u1ea3<\/th>\n<td>H\u1ed9p s\u1ed1 m\u00e1y c\u1eaft c\u1ecf \u2013 Thay th\u1ebf cho h\u1ed9p s\u1ed1 Comer m\u00e3 TL-311D<\/td>\n<\/tr>\n<tr>\n<th>\u1ee8ng d\u1ee5ng<\/th>\n<td>M\u00e1y c\u1eaft c\u1ecf<\/td>\n<\/tr>\n<tr>\n<th>Bao g\u1ed3m<\/th>\n<td>H\u1ed9p s\u1ed1<\/td>\n<\/tr>\n<tr>\n<th>\u0110\u1eb7t h\u00e0ng d\u1ea7u ri\u00eang<\/th>\n<td>Th\u00f4ng tin k\u1ef9 thu\u1eadt<\/td>\n<\/tr>\n<tr>\n<th><\/th>\n<td>T\u1ea5t c\u1ea3 d\u1eef li\u1ec7u k\u1ef9 thu\u1eadt \u0111\u1ec1u t\u01b0\u01a1ng \u1ee9ng v\u1edbi ISO 6335 v\u00e0 ISO 281.<\/td>\n<\/tr>\n<tr>\n<th>Ch\u1ee9a d\u1ea7u<\/th>\n<td>KH\u00d4NG<\/td>\n<\/tr>\n<tr>\n<th>C\u00f4ng su\u1ea5t d\u1ea7u t\u1ed1i \u0111a<\/th>\n<td>1,2 l\u00edt<\/td>\n<\/tr>\n<tr>\n<th>C\u1ea5p \u0111\u1ed9 nh\u1edbt SAE c\u1ee7a d\u1ea7u<\/th>\n<td>80W-90<\/td>\n<\/tr>\n<tr>\n<th>C\u00e2n n\u1eb7ng<\/th>\n<td>23,5 kg<\/td>\n<\/tr>\n<tr>\n<th>S\u1eafp x\u1ebfp b\u00e1nh r\u0103ng t\u0103ng d\u1ea7n<\/th>\n<td>27-28<\/td>\n<\/tr>\n<tr>\n<th>C\u00f4ng su\u1ea5t \u0111\u1ea7u v\u00e0o kW \/ HP t\u0103ng<\/th>\n<td>36,8 \/ 50 kW\/HP<\/td>\n<\/tr>\n<tr>\n<th>Tr\u1ee5c \u0111\u1ea7u v\u00e0o t\u0103ng<\/th>\n<td>X<\/td>\n<\/tr>\n<tr>\n<th>M\u00f4-men xo\u1eafn \u0111\u1ea7u ra DaNm t\u0103ng<\/th>\n<td>21 daNm<\/td>\n<\/tr>\n<tr>\n<th>T\u1ef7 l\u1ec7 t\u0103ng<\/th>\n<td>1 : 3<\/td>\n<\/tr>\n<tr>\n<th>Gi\u1ea3m t\u1ef7 l\u1ec7<\/th>\n<td>3 : 1<\/td>\n<\/tr>\n<tr>\n<th>Tr\u1ee5c X<\/th>\n<td>1 3\/8\u2033 (6) (A)<\/td>\n<\/tr>\n<tr>\n<th>Tr\u1ee5c Y<\/th>\n<td>1 3\/8\u2033 (6) (A)<\/td>\n<\/tr>\n<tr>\n<th>Tr\u1ee5c Z<\/th>\n<td>33 (B)<\/td>\n<\/tr>\n<\/tbody>\n<\/table>\n<h2>Tr\u1ee5c PTO cho h\u1ed9p s\u1ed1 m\u00e1y c\u1eaft c\u1ecf n\u00f4ng nghi\u1ec7p<\/h2>\n<p>Tr\u1ee5c PTO (Tr\u1ee5c truy\u1ec1n \u0111\u1ed9ng) l\u00e0 m\u1ed9t li\u00ean k\u1ebft thi\u1ebft y\u1ebfu k\u1ebft n\u1ed1i \u0111\u1ed9ng c\u01a1 m\u00e1y k\u00e9o ho\u1eb7c c\u00e1c ngu\u1ed3n n\u0103ng l\u01b0\u1ee3ng kh\u00e1c v\u1edbi h\u1ed9p s\u1ed1 m\u00e1y c\u1eaft c\u1ecf n\u00f4ng nghi\u1ec7p. B\u1ed9 ph\u1eadn n\u00e0y \u0111\u00f3ng vai tr\u00f2 then ch\u1ed1t trong vi\u1ec7c truy\u1ec1n l\u1ef1c c\u01a1 h\u1ecdc \u0111\u1ebfn l\u01b0\u1ee1i c\u1eaft c\u1ee7a m\u00e1y c\u1eaft c\u1ecf, \u0111\u1ea3m b\u1ea3o ho\u1ea1t \u0111\u1ed9ng hi\u1ec7u qu\u1ea3 v\u00e0 tr\u01a1n tru. T\u1ea1i FMP, ch\u00fang t\u00f4i chuy\u00ean cung c\u1ea5p nhi\u1ec1u lo\u1ea1i tr\u1ee5c PTO ch\u1ea5t l\u01b0\u1ee3ng cao \u0111\u01b0\u1ee3c thi\u1ebft k\u1ebf \u0111\u1ec3 ho\u1ea1t \u0111\u1ed9ng li\u1ec1n m\u1ea1ch v\u1edbi h\u1ed9p s\u1ed1 m\u00e1y c\u1eaft c\u1ecf, t\u1ed1i \u0111a h\u00f3a hi\u1ec7u su\u1ea5t, \u0111\u1ed9 tin c\u1eady v\u00e0 tu\u1ed5i th\u1ecd.<\/p>\n<h3>C\u00e1c t\u00ednh n\u0103ng ch\u00ednh c\u1ee7a tr\u1ee5c PTO FMP d\u00e0nh cho h\u1ed9p s\u1ed1 m\u00e1y c\u1eaft c\u1ecf:<\/h3>\n<h4>\u0110\u1ed9 b\u1ec1n v\u00e0 s\u1ee9c m\u1ea1nh<\/h4>\n<p>Tr\u1ee5c PTO c\u1ee7a FMP \u0111\u01b0\u1ee3c ch\u1ebf t\u1ea1o \u0111\u1ec3 ch\u1ecbu \u0111\u01b0\u1ee3c s\u1ef1 kh\u1eafc nghi\u1ec7t c\u1ee7a c\u00f4ng vi\u1ec7c n\u00f4ng nghi\u1ec7p h\u1ea1ng n\u1eb7ng. \u0110\u01b0\u1ee3c s\u1ea3n xu\u1ea5t t\u1eeb \u200b\u200bc\u00e1c v\u1eadt li\u1ec7u ch\u1ea5t l\u01b0\u1ee3ng cao, bao g\u1ed3m th\u00e9p, c\u00e1c tr\u1ee5c n\u00e0y \u0111\u01b0\u1ee3c thi\u1ebft k\u1ebf \u0111\u1ec3 ho\u1ea1t \u0111\u1ed9ng b\u1ec1n b\u1ec9 l\u00e2u d\u00e0i. Cho d\u00f9 b\u1ea1n \u0111ang s\u1eed d\u1ee5ng m\u00e1y c\u1eaft c\u1ecf xoay, m\u00e1y c\u1eaft c\u1ecf th\u00f4ng th\u01b0\u1eddng hay c\u00e1c lo\u1ea1i m\u00e1y m\u00f3c n\u00f4ng nghi\u1ec7p kh\u00e1c, tr\u1ee5c PTO c\u1ee7a ch\u00fang t\u00f4i \u0111\u1ec1u mang l\u1ea1i \u0111\u1ed9 m\u00e0i m\u00f2n t\u1ed1i thi\u1ec3u v\u00e0 \u0111\u1ed9 b\u1ec1n v\u01b0\u1ee3t tr\u1ed9i, ngay c\u1ea3 trong \u0111i\u1ec1u ki\u1ec7n kh\u1eafc nghi\u1ec7t.<\/p>\n<h4>Hi\u1ec7u su\u1ea5t cao<\/h4>\n<p>Tr\u1ee5c PTO c\u1ee7a FMP \u0111\u01b0\u1ee3c thi\u1ebft k\u1ebf \u0111\u1ec3 \u0111\u1ea3m b\u1ea3o truy\u1ec1n t\u1ea3i c\u00f4ng su\u1ea5t t\u1ed1i \u01b0u, cho ph\u00e9p l\u01b0\u1ee1i c\u1eaft c\u1ecf quay v\u1edbi t\u1ed1c \u0111\u1ed9 v\u00e0 m\u00f4-men xo\u1eafn l\u00fd t\u01b0\u1edfng \u0111\u1ec3 c\u1eaft hi\u1ec7u qu\u1ea3. \u0110i\u1ec1u n\u00e0y \u0111\u1ea3m b\u1ea3o hi\u1ec7u su\u1ea5t \u1ed5n \u0111\u1ecbnh v\u00e0 hi\u1ec7u qu\u1ea3 c\u1eaft c\u1ecf cao, ngay c\u1ea3 trong m\u00f4i tr\u01b0\u1eddng kh\u00f3 kh\u0103n. Cho d\u00f9 c\u1eaft qua c\u1ecf d\u00e0y hay \u0111\u1ecba h\u00ecnh g\u1ed3 gh\u1ec1, tr\u1ee5c PTO c\u1ee7a FMP \u0111\u1ec1u gi\u00fap duy tr\u00ec k\u1ebft qu\u1ea3 c\u1eaft v\u01b0\u1ee3t tr\u1ed9i.<\/p>\n<h4>T\u00f9y ch\u1ecdn t\u00f9y ch\u1ec9nh<\/h4>\n<p>Ch\u00fang t\u00f4i hi\u1ec3u r\u1eb1ng m\u1ed7i ho\u1ea1t \u0111\u1ed9ng \u0111\u1ec1u \u0111\u1ed9c \u0111\u00e1o, v\u00ec v\u1eady ch\u00fang t\u00f4i cung c\u1ea5p c\u00e1c tr\u1ee5c PTO c\u00f3 th\u1ec3 \u0111\u01b0\u1ee3c t\u00f9y ch\u1ec9nh theo nhu c\u1ea7u c\u1ee5 th\u1ec3 c\u1ee7a b\u1ea1n. Cho d\u00f9 c\u1ea7n \u0111i\u1ec1u ch\u1ec9nh v\u1ec1 chi\u1ec1u d\u00e0i, kh\u1ea3 n\u0103ng ch\u1ecbu m\u00f4-men xo\u1eafn hay lo\u1ea1i kh\u1edbp n\u1ed1i, FMP lu\u00f4n h\u1ee3p t\u00e1c ch\u1eb7t ch\u1ebd v\u1edbi kh\u00e1ch h\u00e0ng \u0111\u1ec3 \u0111\u1ea3m b\u1ea3o tr\u1ee5c PTO ph\u00f9 h\u1ee3p ho\u00e0n h\u1ea3o v\u1edbi m\u00e1y m\u00f3c c\u1ee7a b\u1ea1n, mang l\u1ea1i hi\u1ec7u su\u1ea5t v\u00e0 \u0111\u1ed9 tin c\u1eady h\u00e0ng \u0111\u1ea7u.<\/p>\n<h4>An to\u00e0n v\u00e0 d\u1ec5 s\u1eed d\u1ee5ng<\/h4>\n<p>An to\u00e0n l\u00e0 \u01b0u ti\u00ean h\u00e0ng \u0111\u1ea7u \u0111\u1ed1i v\u1edbi thi\u1ebft b\u1ecb n\u00f4ng nghi\u1ec7p, v\u00e0 tr\u1ee5c PTO c\u1ee7a FMP \u0111\u01b0\u1ee3c thi\u1ebft k\u1ebf v\u1edbi c\u00e1c t\u00ednh n\u0103ng an to\u00e0n t\u00edch h\u1ee3p. Ch\u00fang bao g\u1ed3m b\u1ed9 ly h\u1ee3p qu\u00e1 t\u1ea3i v\u00e0 c\u01a1 ch\u1ebf ng\u1eaft k\u1ebft n\u1ed1i gi\u00fap ng\u0103n ng\u1eeba h\u01b0 h\u1ecfng khi tr\u1ee5c b\u1ecb ng\u1eaft k\u1ebft n\u1ed1i. Ngo\u00e0i ra, tr\u1ee5c PTO c\u1ee7a ch\u00fang t\u00f4i d\u1ec5 d\u00e0ng l\u1eafp \u0111\u1eb7t v\u00e0 b\u1ea3o tr\u00ec, mang l\u1ea1i s\u1ef1 ti\u1ec7n l\u1ee3i v\u00e0 an t\u00e2m cho ng\u01b0\u1eddi v\u1eadn h\u00e0nh.<\/p>\n<h4>T\u00ednh linh ho\u1ea1t<\/h4>\n<p>Tr\u1ee5c PTO FMP r\u1ea5t \u0111a n\u0103ng v\u00e0 t\u01b0\u01a1ng th\u00edch v\u1edbi nhi\u1ec1u lo\u1ea1i h\u1ed9p s\u1ed1 m\u00e1y c\u1eaft c\u1ecf v\u00e0 c\u00e1c lo\u1ea1i m\u00e1y m\u00f3c n\u00f4ng nghi\u1ec7p kh\u00e1c. Cho d\u00f9 b\u1ea1n c\u1ea7n tr\u1ee5c PTO ti\u00eau chu\u1ea9n hay gi\u1ea3i ph\u00e1p thi\u1ebft k\u1ebf ri\u00eang, ch\u00fang t\u00f4i \u0111\u1ec1u cung c\u1ea5p c\u00e1c s\u1ea3n ph\u1ea9m ph\u00f9 h\u1ee3p v\u1edbi m\u1ecdi quy m\u00f4 ho\u1ea1t \u0111\u1ed9ng, t\u1eeb c\u00e1c trang tr\u1ea1i nh\u1ecf \u0111\u1ebfn c\u00e1c c\u01a1 s\u1edf c\u00f4ng nghi\u1ec7p l\u1edbn.<\/p>\n<h4>Hi\u1ec7u qu\u1ea3 v\u1ec1 chi ph\u00ed<\/h4>\n<p>B\u1eb1ng c\u00e1ch cung c\u1ea5p c\u00e1c tr\u1ee5c PTO b\u1ec1n b\u1ec9, hi\u1ec7u su\u1ea5t cao, FMP gi\u00fap gi\u1ea3m chi ph\u00ed b\u1ea3o tr\u00ec v\u00e0 th\u1eddi gian ng\u1eebng ho\u1ea1t \u0111\u1ed9ng. C\u00e1c tr\u1ee5c PTO c\u1ee7a ch\u00fang t\u00f4i \u0111\u01b0\u1ee3c thi\u1ebft k\u1ebf \u0111\u1ec3 ho\u1ea1t \u0111\u1ed9ng l\u00e2u d\u00e0i, \u0111\u1ea3m b\u1ea3o thi\u1ebft b\u1ecb c\u1ee7a b\u1ea1n v\u1eadn h\u00e0nh tr\u01a1n tru v\u00e0 hi\u1ec7u qu\u1ea3, t\u1eeb \u0111\u00f3 ti\u1ebft ki\u1ec7m chi ph\u00ed s\u1eeda ch\u1eefa v\u00e0 thay th\u1ebf. Th\u00eam v\u00e0o \u0111\u00f3, gi\u00e1 c\u1ea3 c\u1ea1nh tranh c\u1ee7a ch\u00fang t\u00f4i mang l\u1ea1i gi\u00e1 tr\u1ecb tuy\u1ec7t v\u1eddi cho kho\u1ea3n \u0111\u1ea7u t\u01b0 c\u1ee7a b\u1ea1n.<\/p>\n<h3>T\u1ea1i sao n\u00ean ch\u1ecdn tr\u1ee5c PTO FMP cho h\u1ed9p s\u1ed1 m\u00e1y c\u1eaft c\u1ecf c\u1ee7a b\u1ea1n?<\/h3>\n<ul>\n<li><strong>\u0110\u1ea3m b\u1ea3o ch\u1ea5t l\u01b0\u1ee3ng:<\/strong> T\u1ea1i FMP, ch\u00fang t\u00f4i lu\u00f4n duy tr\u00ec c\u00e1c ti\u00eau chu\u1ea9n ch\u1ea5t l\u01b0\u1ee3ng cao nh\u1ea5t trong m\u1ecdi s\u1ea3n ph\u1ea9m m\u00ecnh s\u1ea3n xu\u1ea5t, \u0111\u1ea3m b\u1ea3o tr\u1ee5c PTO c\u1ee7a b\u1ea1n ho\u1ea1t \u0111\u1ed9ng t\u1ed1i \u01b0u v\u00e0 b\u1ec1n l\u00e2u.<\/li>\n<li><strong>T\u00f9y ch\u1ec9nh v\u00e0 h\u1ed7 tr\u1ee3:<\/strong> Ch\u00fang t\u00f4i cung c\u1ea5p d\u1ecbch v\u1ee5 t\u01b0 v\u1ea5n chuy\u00ean nghi\u1ec7p v\u00e0 c\u00e1c gi\u1ea3i ph\u00e1p \u0111\u01b0\u1ee3c thi\u1ebft k\u1ebf ri\u00eang \u0111\u1ec3 \u0111\u00e1p \u1ee9ng nhu c\u1ea7u c\u1ee5 th\u1ec3 c\u1ee7a m\u00e1y m\u00f3c v\u00e0 ho\u1ea1t \u0111\u1ed9ng c\u1ee7a b\u1ea1n, \u0111\u1ea3m b\u1ea3o b\u1ea1n nh\u1eadn \u0111\u01b0\u1ee3c ch\u00ednh x\u00e1c nh\u1eefng g\u00ec m\u00ecnh c\u1ea7n.<\/li>\n<li><strong>Ph\u1ea1m vi to\u00e0n c\u1ea7u:<\/strong> V\u1edbi kh\u00e1ch h\u00e0ng t\u1ea1i g\u1ea7n 30 qu\u1ed1c gia, FMP \u0111\u00e3 x\u00e2y d\u1ef1ng \u0111\u01b0\u1ee3c danh ti\u1ebfng v\u1eefng ch\u1eafc trong vi\u1ec7c cung c\u1ea5p c\u00e1c linh ki\u1ec7n hi\u1ec7u su\u1ea5t cao, \u0111\u00e1ng tin c\u1eady cho ng\u00e0nh n\u00f4ng nghi\u1ec7p.<\/li>\n<\/ul>\n<p>\u0110\u1ec3 bi\u1ebft th\u00eam th\u00f4ng tin ho\u1eb7c \u0111\u1ec3 h\u1ecfi v\u1ec1 tr\u1ee5c PTO t\u00f9y ch\u1ec9nh cho h\u1ed9p s\u1ed1 m\u00e1y c\u1eaft c\u1ecf n\u00f4ng nghi\u1ec7p c\u1ee7a b\u1ea1n, h\u00e3y li\u00ean h\u1ec7 v\u1edbi FMP ngay h\u00f4m nay. Ch\u00fang t\u00f4i cam k\u1ebft cung c\u1ea5p c\u00e1c gi\u1ea3i ph\u00e1p t\u1ed1t nh\u1ea5t cho m\u00e1y m\u00f3c c\u1ee7a b\u1ea1n, \u0111\u1ea3m b\u1ea3o hi\u1ec7u qu\u1ea3 v\u00e0 \u0111\u1ed9 tin c\u1eady trong ho\u1ea1t \u0111\u1ed9ng c\u1ee7a b\u1ea1n.<\/p>\n<p><img loading=\"lazy\" decoding=\"async\" class=\"alignnone size-full wp-image-1873\" src=\"https:\/\/fmp-components.com\/wp-content\/uploads\/2024\/12\/PTO-Shaft-for-Rotary-Mower-Gearboxes-15.webp\" sizes=\"(min-width: 0px) and (max-width: 480px) 480px, (min-width: 481px) and (max-width: 980px) 980px, (min-width: 981px) 1000px, 100vw\" srcset=\"https:\/\/fmp-components.com\/wp-content\/uploads\/2024\/12\/PTO-Shaft-for-Rotary-Mower-Gearboxes-15.webp 1000w, https:\/\/fmp-components.com\/wp-content\/uploads\/2024\/12\/PTO-Shaft-for-Rotary-Mower-Gearboxes-15-980x980.webp 980w, https:\/\/fmp-components.com\/wp-content\/uploads\/2024\/12\/PTO-Shaft-for-Rotary-Mower-Gearboxes-15-480x480.webp 480w\" alt=\"H\u1ed9p s\u1ed1 tr\u1ee5c PTO cho m\u00e1y c\u1eaft c\u1ecf quay 15\" width=\"1000\" height=\"1000\" title=\"\"><\/p>\n<h3>Gi\u1edbi thi\u1ec7u v\u1ec1 FMP<\/h3>\n<p>FMP, c\u00f3 tr\u1ee5 s\u1edf t\u1ea1i \u00dd, l\u00e0 nh\u00e0 s\u1ea3n xu\u1ea5t h\u00e0ng \u0111\u1ea7u chuy\u00ean v\u1ec1 thi\u1ebft k\u1ebf, ph\u00e1t tri\u1ec3n v\u00e0 s\u1ea3n xu\u1ea5t h\u1ed9p s\u1ed1 hi\u1ec7u su\u1ea5t cao cho m\u00e1y m\u00f3c n\u00f4ng nghi\u1ec7p. Ch\u00fang t\u00f4i cam k\u1ebft cung c\u1ea5p c\u00e1c gi\u1ea3i ph\u00e1p k\u1ef9 thu\u1eadt ch\u00ednh x\u00e1c, v\u1edbi s\u1ef1 ch\u00fa tr\u1ecdng m\u1ea1nh m\u1ebd v\u00e0o ch\u1ea5t l\u01b0\u1ee3ng, s\u1ef1 \u0111\u1ed5i m\u1edbi v\u00e0 \u0111\u1ed9 tin c\u1eady. Danh m\u1ee5c s\u1ea3n ph\u1ea9m r\u1ed9ng l\u1edbn c\u1ee7a ch\u00fang t\u00f4i bao g\u1ed3m nhi\u1ec1u lo\u1ea1i h\u1ed9p s\u1ed1, ch\u1eb3ng h\u1ea1n nh\u01b0 h\u1ed9p s\u1ed1 m\u00e1y c\u1eaft c\u1ecf, v\u00e0 c\u00e1c b\u1ed9 ph\u1eadn thi\u1ebft y\u1ebfu nh\u01b0 tr\u1ee5c PTO. S\u1ee9 m\u1ec7nh c\u1ee7a FMP l\u00e0 cung c\u1ea5p c\u00e1c gi\u1ea3i ph\u00e1p t\u00f9y ch\u1ec9nh \u0111\u00e1p \u1ee9ng nhu c\u1ea7u c\u1ee5 th\u1ec3 c\u1ee7a ng\u00e0nh n\u00f4ng nghi\u1ec7p v\u00e0 c\u00f4ng nghi\u1ec7p, cung c\u1ea5p c\u1ea3 c\u00e1c s\u1ea3n ph\u1ea9m ri\u00eang l\u1ebb v\u00e0 c\u00e1c h\u1ec7 th\u1ed1ng t\u00edch h\u1ee3p ho\u00e0n ch\u1ec9nh.<\/p>\n<p>T\u1ea1i FMP, ch\u00fang t\u00f4i hi\u1ec3u r\u1eb1ng m\u1ed7i kh\u00e1ch h\u00e0ng \u0111\u1ec1u c\u00f3 nh\u1eefng y\u00eau c\u1ea7u ri\u00eang bi\u1ec7t. \u0110\u00f3 l\u00e0 l\u00fd do t\u1ea1i sao th\u1ebf m\u1ea1nh c\u1ee7a ch\u00fang t\u00f4i n\u1eb1m \u1edf kh\u1ea3 n\u0103ng cung c\u1ea5p c\u00e1c s\u1ea3n ph\u1ea9m \u0111\u01b0\u1ee3c thi\u1ebft k\u1ebf ri\u00eang, \u0111\u00e1p \u1ee9ng ho\u00e0n h\u1ea3o nh\u1eefng nhu c\u1ea7u \u0111\u00f3. Cho d\u00f9 b\u1ea1n c\u1ea7n m\u1ed9t h\u1ed9p s\u1ed1 chuy\u00ean d\u1ee5ng hay m\u1ed9t h\u1ec7 th\u1ed1ng ho\u00e0n ch\u1ec9nh, ch\u00fang t\u00f4i s\u1ebd h\u1ee3p t\u00e1c ch\u1eb7t ch\u1ebd v\u1edbi b\u1ea1n \u0111\u1ec3 \u0111\u1ea3m b\u1ea3o gi\u1ea3i ph\u00e1p hi\u1ec7u qu\u1ea3 v\u00e0 t\u1ed1i \u01b0u nh\u1ea5t. Cam k\u1ebft c\u1ee7a ch\u00fang t\u00f4i \u0111\u1ed1i v\u1edbi s\u1ef1 h\u00e0i l\u00f2ng c\u1ee7a kh\u00e1ch h\u00e0ng \u0111\u01b0\u1ee3c th\u1ec3 hi\u1ec7n qua ph\u1ea3n h\u1ed3i nhanh ch\u00f3ng, chuy\u00ean nghi\u1ec7p v\u00e0 t\u01b0 v\u1ea5n chuy\u00ean m\u00f4n, \u0111\u1ea3m b\u1ea3o m\u1ecdi y\u00eau c\u1ea7u \u0111\u1ec1u \u0111\u01b0\u1ee3c gi\u1ea3i \u0111\u00e1p c\u1ea9n th\u1eadn v\u00e0 ch\u00ednh x\u00e1c.<\/p>\n<p>Ch\u00fang t\u00f4i tin t\u01b0\u1edfng v\u00e0o s\u1ef1 giao ti\u1ebfp c\u1edfi m\u1edf v\u00e0 li\u00ean t\u1ee5c v\u1edbi kh\u00e1ch h\u00e0ng, \u0111\u1eb7c bi\u1ec7t l\u00e0 trong qu\u00e1 tr\u00ecnh ph\u00e1t tri\u1ec3n s\u1ea3n ph\u1ea9m m\u1edbi. \u0110\u1ed9i ng\u0169 t\u1eadn t\u00e2m c\u1ee7a ch\u00fang t\u00f4i h\u1ee3p t\u00e1c ch\u1eb7t ch\u1ebd v\u1edbi kh\u00e1ch h\u00e0ng \u0111\u1ec3 hi\u1ec3u r\u00f5 nh\u1eefng th\u00e1ch th\u1ee9c c\u1ee5 th\u1ec3 c\u1ee7a h\u1ecd, cung c\u1ea5p nh\u1eefng hi\u1ec3u bi\u1ebft v\u00e0 l\u1eddi khuy\u00ean gi\u00e1 tr\u1ecb nh\u1eb1m t\u1ea1o ra c\u00e1c gi\u1ea3i ph\u00e1p t\u1ed1i \u01b0u. T\u1eeb ph\u00e1t tri\u1ec3n s\u1ea3n ph\u1ea9m m\u1edbi \u0111\u1ebfn ho\u00e0n th\u00e0nh c\u00e1c \u0111\u01a1n \u0111\u1eb7t h\u00e0ng hi\u1ec7n c\u00f3, ch\u00fang t\u00f4i cam k\u1ebft cung c\u1ea5p c\u00e1c s\u1ea3n ph\u1ea9m ch\u1ea5t l\u01b0\u1ee3ng cao v\u1edbi t\u1ed1c \u0111\u1ed9 v\u00e0 \u0111\u1ed9 ch\u00ednh x\u00e1c.<\/p>\n<p>C\u1ed1t l\u00f5i trong ho\u1ea1t \u0111\u1ed9ng c\u1ee7a FMP l\u00e0 s\u1ef1 t\u1eadp trung kh\u00f4ng ng\u1eebng ngh\u1ec9 v\u00e0o ch\u1ea5t l\u01b0\u1ee3ng. Quy tr\u00ecnh s\u1ea3n xu\u1ea5t c\u1ee7a ch\u00fang t\u00f4i tu\u00e2n th\u1ee7 c\u00e1c nguy\u00ean t\u1eafc nghi\u00eam ng\u1eb7t v\u1ec1 ti\u00eau chu\u1ea9n cao, \u0111\u1ed9 ch\u00ednh x\u00e1c v\u00e0 kh\u00f4ng c\u00f3 l\u1ed7i. Ch\u00fang t\u00f4i th\u1ef1c hi\u1ec7n c\u00e1c bi\u1ec7n ph\u00e1p ki\u1ec3m so\u00e1t ch\u1ea5t l\u01b0\u1ee3ng ch\u1eb7t ch\u1ebd \u0111\u1ec3 \u0111\u1ea3m b\u1ea3o r\u1eb1ng m\u1ecdi s\u1ea3n ph\u1ea9m \u0111\u1ec1u v\u01b0\u1ee3t tr\u1ed9i so v\u1edbi ti\u00eau chu\u1ea9n ng\u00e0nh. Cam k\u1ebft ki\u00ean \u0111\u1ecbnh n\u00e0y \u0111\u1ed1i v\u1edbi ch\u1ea5t l\u01b0\u1ee3ng, c\u00f9ng v\u1edbi c\u00e1c gi\u00e1 tr\u1ecb v\u1ec1 t\u00ednh ch\u00ednh tr\u1ef1c, tinh th\u1ea7n \u0111\u1ed3ng \u0111\u1ed9i v\u00e0 s\u1ef1 ki\u00ean tr\u00ec, \u0111\u00e3 cho ph\u00e9p ch\u00fang t\u00f4i x\u00e2y d\u1ef1ng c\u00e1c m\u1ed1i quan h\u1ec7 \u0111\u1ed1i t\u00e1c l\u00e2u d\u00e0i v\u00e0 c\u00f3 \u00fd ngh\u0129a v\u1edbi kh\u00e1ch h\u00e0ng t\u1ea1i g\u1ea7n 30 qu\u1ed1c gia tr\u00ean to\u00e0n th\u1ebf gi\u1edbi.<\/p>\n<p>FMP lu\u00f4n s\u1eb5n s\u00e0ng h\u1ee3p t\u00e1c to\u00e0n c\u1ea7u v\u00e0 cung c\u1ea5p t\u01b0 v\u1ea5n chuy\u00ean m\u00f4n c\u0169ng nh\u01b0 c\u00e1c gi\u1ea3i ph\u00e1p t\u00f9y ch\u1ec9nh. Ch\u00fang t\u00f4i tin t\u01b0\u1edfng v\u00e0o vi\u1ec7c x\u00e2y d\u1ef1ng m\u1ed1i quan h\u1ec7 l\u00e2u d\u00e0i v\u1edbi kh\u00e1ch h\u00e0ng, \u0111\u1ea3m b\u1ea3o s\u1ef1 th\u00e0nh c\u00f4ng v\u00e0 h\u00e0i l\u00f2ng c\u1ee7a h\u1ecd trong m\u1ecdi d\u1ef1 \u00e1n. Cho d\u00f9 b\u1ea1n c\u1ea7n gi\u1ea3i ph\u00e1p cho m\u1ed9t d\u1ef1 \u00e1n m\u1edbi hay c\u1ea7n h\u1ed7 tr\u1ee3 cho m\u1ed9t h\u1ec7 th\u1ed1ng hi\u1ec7n c\u00f3, FMP cam k\u1ebft gi\u1ea3i quy\u1ebft c\u00e1c th\u00e1ch th\u1ee9c k\u1ef9 thu\u1eadt c\u1ee7a b\u1ea1n v\u00e0 \u0111\u1ea3m b\u1ea3o s\u1ef1 th\u00e0nh c\u00f4ng b\u1ec1n v\u1eefng c\u1ee7a b\u1ea1n.<\/p>\n<p><img loading=\"lazy\" decoding=\"async\" class=\"alignnone size-full wp-image-1861\" src=\"https:\/\/fmp-components.com\/wp-content\/uploads\/2024\/12\/Other-Agricultural-Gearboxes.webp\" sizes=\"(min-width: 0px) and (max-width: 480px) 480px, (min-width: 481px) and (max-width: 980px) 980px, (min-width: 981px) 1200px, 100vw\" srcset=\"https:\/\/fmp-components.com\/wp-content\/uploads\/2024\/12\/Other-Agricultural-Gearboxes.webp 1200w, https:\/\/fmp-components.com\/wp-content\/uploads\/2024\/12\/Other-Agricultural-Gearboxes-980x1143.webp 980w, https:\/\/fmp-components.com\/wp-content\/uploads\/2024\/12\/Other-Agricultural-Gearboxes-480x560.webp 480w\" alt=\"Altri-cambi-agricoli\" width=\"1200\" height=\"1400\" title=\"\"><\/p>\n<p>T\u00e1c gi\u1ea3: CX<\/p>","protected":false},"excerpt":{"rendered":"<p>Mowers Gearboxes \u2013 Replacement of Comer Code TL-311D Specification Description Mowers Gearboxes &#8211; Replacement of Comer Code TL-311D Application Mowers Consists of Gearbox Order Oil Separately Technical Information All technical data corresponds to ISO 6335 and ISO 281. Contains Oil No Max. Oil Capacity 1.2 l Oil SAE Viscosity Grade 80W-90 Weight 23.5 kg Gear [&hellip;]<\/p>","protected":false},"featured_media":1972,"comment_status":"open","ping_status":"closed","template":"","meta":{"_et_pb_use_builder":"","_et_pb_old_content":"","_et_gb_content_width":""},"product_brand":[],"product_cat":[52],"product_tag":[],"class_list":{"0":"post-1969","1":"product","2":"type-product","3":"status-publish","4":"has-post-thumbnail","6":"product_cat-lawn-mower-gearbox","8":"first","9":"instock","10":"shipping-taxable","11":"product-type-simple"},"_links":{"self":[{"href":"https:\/\/fmp-components.com\/vi\/wp-json\/wp\/v2\/product\/1969","targetHints":{"allow":["GET"]}}],"collection":[{"href":"https:\/\/fmp-components.com\/vi\/wp-json\/wp\/v2\/product"}],"about":[{"href":"https:\/\/fmp-components.com\/vi\/wp-json\/wp\/v2\/types\/product"}],"replies":[{"embeddable":true,"href":"https:\/\/fmp-components.com\/vi\/wp-json\/wp\/v2\/comments?post=1969"}],"wp:featuredmedia":[{"embeddable":true,"href":"https:\/\/fmp-components.com\/vi\/wp-json\/wp\/v2\/media\/1972"}],"wp:attachment":[{"href":"https:\/\/fmp-components.com\/vi\/wp-json\/wp\/v2\/media?parent=1969"}],"wp:term":[{"taxonomy":"product_brand","embeddable":true,"href":"https:\/\/fmp-components.com\/vi\/wp-json\/wp\/v2\/product_brand?post=1969"},{"taxonomy":"product_cat","embeddable":true,"href":"https:\/\/fmp-components.com\/vi\/wp-json\/wp\/v2\/product_cat?post=1969"},{"taxonomy":"product_tag","embeddable":true,"href":"https:\/\/fmp-components.com\/vi\/wp-json\/wp\/v2\/product_tag?post=1969"}],"curies":[{"name":"wp","href":"https:\/\/api.w.org\/{rel}","templated":true}]}}