{"id":1962,"date":"2024-12-26T03:46:41","date_gmt":"2024-12-26T03:46:41","guid":{"rendered":"https:\/\/fmp-components.com\/?page_id=8"},"modified":"2024-12-26T03:48:03","modified_gmt":"2024-12-26T03:48:03","slug":"agricultural-lawn-mower-gearbox-fmp-lf211","status":"publish","type":"product","link":"https:\/\/fmp-components.com\/vi\/product\/agricultural-lawn-mower-gearbox-fmp-lf211\/","title":{"rendered":"H\u1ed9p s\u1ed1 m\u00e1y c\u1eaft c\u1ecf n\u00f4ng nghi\u1ec7p FMP-LF211"},"content":{"rendered":"<h2>Th\u00f4ng s\u1ed1 k\u1ef9 thu\u1eadt h\u1ed9p s\u1ed1 m\u00e1y c\u1eaft c\u1ecf n\u00f4ng nghi\u1ec7p FMP-LF211:<\/h2>\n<p>&nbsp;<\/p>\n<p><img loading=\"lazy\" decoding=\"async\" class=\"alignnone size-full wp-image-1963\" src=\"https:\/\/fmp-components.com\/wp-content\/uploads\/2024\/12\/Lawn-Mower-Gearbox-2.webp\" alt=\"H\u1ed9p s\u1ed1 m\u00e1y c\u1eaft c\u1ecf\" width=\"1000\" height=\"500\" title=\"\" srcset=\"https:\/\/fmp-components.com\/wp-content\/uploads\/2024\/12\/Lawn-Mower-Gearbox-2.webp 1000w, https:\/\/fmp-components.com\/wp-content\/uploads\/2024\/12\/Lawn-Mower-Gearbox-2-980x490.webp 980w, https:\/\/fmp-components.com\/wp-content\/uploads\/2024\/12\/Lawn-Mower-Gearbox-2-480x240.webp 480w\" sizes=\"(min-width: 0px) and (max-width: 480px) 480px, (min-width: 481px) and (max-width: 980px) 980px, (min-width: 981px) 1000px, 100vw\" \/><\/p>\n<table style=\"width: 102.595%; height: 206px;\" border=\"1\">\n<tbody>\n<tr>\n<td style=\"width: 32.2105%;\"><strong>M\u1ee4C<\/strong><\/td>\n<td style=\"width: 67.0526%;\">FMP-LF211<\/td>\n<\/tr>\n<tr>\n<td style=\"width: 32.2105%;\"><strong>T\u1ef7 l\u1ec7<\/strong><\/td>\n<td style=\"width: 67.0526%;\">1:2.83<\/td>\n<\/tr>\n<tr>\n<td style=\"width: 32.2105%;\"><strong>R\u0103ng<\/strong><\/td>\n<td style=\"width: 67.0526%;\">34\/12<\/td>\n<\/tr>\n<tr>\n<td style=\"width: 32.2105%;\"><strong>M\u00f4-\u0111un<\/strong><\/td>\n<td style=\"width: 67.0526%;\">3.36<\/td>\n<\/tr>\n<tr>\n<td style=\"width: 32.2105%;\"><strong>C\u00f4ng su\u1ea5t (HP)<\/strong><\/td>\n<td style=\"width: 67.0526%;\">20<\/td>\n<\/tr>\n<tr>\n<td style=\"width: 32.2105%;\"><strong>\u0110\u1ea7u v\u00e0o \u0111\u1ecbnh m\u1ee9c<\/strong><\/td>\n<td style=\"width: 67.0526%;\">540 v\u00f2ng\/ph\u00fat<\/td>\n<\/tr>\n<tr>\n<td style=\"width: 32.2105%;\"><strong>M\u00f4 t\u1ea3 \u0111\u1ea7u v\u00e0o\/\u0111\u1ea7u ra<\/strong><\/td>\n<td style=\"width: 67.0526%;\">Tr\u1ee5c quang Z6 1-3\/8 inch<\/td>\n<\/tr>\n<tr>\n<td style=\"width: 32.2105%;\"><strong>Tr\u1ecdng l\u01b0\u1ee3ng (T\u00e2y B\u1eafc)<\/strong><\/td>\n<td style=\"width: 67.0526%;\">14,5 kg<\/td>\n<\/tr>\n<\/tbody>\n<\/table>\n<h2>Tr\u1ee5c PTO cho h\u1ed9p s\u1ed1 m\u00e1y c\u1eaft c\u1ecf n\u00f4ng nghi\u1ec7p<\/h2>\n<p>Tr\u1ee5c PTO (Tr\u1ee5c truy\u1ec1n \u0111\u1ed9ng) l\u00e0 m\u1ed9t b\u1ed9 ph\u1eadn quan tr\u1ecdng trong vi\u1ec7c k\u1ebft n\u1ed1i m\u00e1y k\u00e9o ho\u1eb7c ngu\u1ed3n \u0111i\u1ec7n kh\u00e1c v\u1edbi h\u1ed9p s\u1ed1 m\u00e1y c\u1eaft c\u1ecf n\u00f4ng nghi\u1ec7p. N\u00f3 \u0111\u00f3ng vai tr\u00f2 thi\u1ebft y\u1ebfu trong vi\u1ec7c truy\u1ec1n c\u00f4ng su\u1ea5t c\u01a1 h\u1ecdc t\u1eeb \u0111\u1ed9ng c\u01a1 m\u00e1y k\u00e9o \u0111\u1ebfn l\u01b0\u1ee1i c\u1eaft c\u1ee7a m\u00e1y c\u1eaft c\u1ecf, cho ph\u00e9p ho\u1ea1t \u0111\u1ed9ng hi\u1ec7u qu\u1ea3. T\u1ea1i FMP, ch\u00fang t\u00f4i cung c\u1ea5p nhi\u1ec1u l\u1ef1a ch\u1ecdn tr\u1ee5c PTO ch\u1ea5t l\u01b0\u1ee3ng cao \u0111\u01b0\u1ee3c thi\u1ebft k\u1ebf \u0111\u1ec3 ho\u1ea1t \u0111\u1ed9ng li\u1ec1n m\u1ea1ch v\u1edbi h\u1ed9p s\u1ed1 m\u00e1y c\u1eaft c\u1ecf n\u00f4ng nghi\u1ec7p, \u0111\u1ea3m b\u1ea3o hi\u1ec7u su\u1ea5t v\u00e0 \u0111\u1ed9 tin c\u1eady t\u1ed1i \u01b0u.<\/p>\n<h3>C\u00e1c t\u00ednh n\u0103ng ch\u00ednh c\u1ee7a tr\u1ee5c PTO FMP d\u00e0nh cho h\u1ed9p s\u1ed1 m\u00e1y c\u1eaft c\u1ecf:<\/h3>\n<ol>\n<li><strong>\u0110\u1ed9 b\u1ec1n v\u00e0 s\u1ee9c m\u1ea1nh<\/strong><br \/>\nTr\u1ee5c PTO c\u1ee7a FMP \u0111\u01b0\u1ee3c ch\u1ebf t\u1ea1o \u0111\u1ec3 c\u00f3 \u0111\u1ed9 b\u1ec1n cao, \u0111\u01b0\u1ee3c l\u00e0m t\u1eeb c\u00e1c v\u1eadt li\u1ec7u cao c\u1ea5p nh\u01b0 th\u00e9p \u0111\u1ec3 ch\u1ecbu \u0111\u01b0\u1ee3c \u00e1p l\u1ef1c c\u1ee7a c\u00e1c ho\u1ea1t \u0111\u1ed9ng n\u00f4ng nghi\u1ec7p n\u1eb7ng nh\u1ecdc. Cho d\u00f9 \u0111\u01b0\u1ee3c s\u1eed d\u1ee5ng trong m\u00e1y c\u1eaft c\u1ecf xoay, m\u00e1y c\u1eaft c\u1ecf th\u00f4ng th\u01b0\u1eddng hay c\u00e1c thi\u1ebft b\u1ecb n\u00f4ng nghi\u1ec7p kh\u00e1c, tr\u1ee5c PTO c\u1ee7a ch\u00fang t\u00f4i \u0111\u1ec1u mang l\u1ea1i \u0111\u1ed9 tin c\u1eady l\u00e2u d\u00e0i v\u00e0 \u0111\u1ed9 m\u00e0i m\u00f2n t\u1ed1i thi\u1ec3u.<\/li>\n<li><strong>Hi\u1ec7u su\u1ea5t cao<\/strong><br \/>\nTr\u1ee5c PTO c\u1ee7a ch\u00fang t\u00f4i \u0111\u01b0\u1ee3c thi\u1ebft k\u1ebf \u0111\u1ec3 truy\u1ec1n t\u1ea3i n\u0103ng l\u01b0\u1ee3ng hi\u1ec7u qu\u1ea3, \u0111\u1ea3m b\u1ea3o l\u01b0\u1ee1i c\u1eaft c\u1ecf quay v\u1edbi t\u1ed1c \u0111\u1ed9 v\u00e0 m\u00f4-men xo\u1eafn ph\u00f9 h\u1ee3p \u0111\u1ec3 c\u1eaft hi\u1ec7u qu\u1ea3. Hi\u1ec7u su\u1ea5t \u1ed5n \u0111\u1ecbnh n\u00e0y r\u1ea5t quan tr\u1ecdng \u0111\u1ec3 \u0111\u1ea1t \u0111\u01b0\u1ee3c k\u1ebft qu\u1ea3 c\u1eaft c\u1ecf t\u1ed1i \u01b0u, ngay c\u1ea3 trong \u0111i\u1ec1u ki\u1ec7n kh\u00f3 kh\u0103n.<\/li>\n<li><strong>T\u00f9y ch\u1ecdn t\u00f9y ch\u1ec9nh<\/strong><br \/>\nT\u1ea1i FMP, ch\u00fang t\u00f4i hi\u1ec3u r\u1eb1ng c\u00e1c \u1ee9ng d\u1ee5ng kh\u00e1c nhau \u0111\u00f2i h\u1ecfi c\u00e1c gi\u1ea3i ph\u00e1p kh\u00e1c nhau. Ch\u00fang t\u00f4i cung c\u1ea5p c\u00e1c tr\u1ee5c PTO t\u00f9y ch\u1ec9nh \u0111\u1ec3 \u0111\u00e1p \u1ee9ng c\u00e1c nhu c\u1ea7u c\u1ee5 th\u1ec3, bao g\u1ed3m \u0111i\u1ec1u ch\u1ec9nh chi\u1ec1u d\u00e0i, kh\u1ea3 n\u0103ng ch\u1ecbu m\u00f4-men xo\u1eafn v\u00e0 lo\u1ea1i kh\u1edbp n\u1ed1i. \u0110\u1ed9i ng\u0169 c\u1ee7a ch\u00fang t\u00f4i h\u1ee3p t\u00e1c ch\u1eb7t ch\u1ebd v\u1edbi kh\u00e1ch h\u00e0ng \u0111\u1ec3 \u0111\u1ea3m b\u1ea3o tr\u1ee5c PTO ph\u00f9 h\u1ee3p ho\u00e0n h\u1ea3o v\u1edbi thi\u1ebft b\u1ecb c\u1ee7a h\u1ecd, mang l\u1ea1i hi\u1ec7u su\u1ea5t t\u1ed1i \u01b0u.<\/li>\n<li><strong>An to\u00e0n v\u00e0 d\u1ec5 s\u1eed d\u1ee5ng<\/strong><br \/>\nAn to\u00e0n l\u00e0 \u01b0u ti\u00ean h\u00e0ng \u0111\u1ea7u trong thi\u1ebft b\u1ecb n\u00f4ng nghi\u1ec7p. Tr\u1ee5c PTO c\u1ee7a FMP \u0111\u01b0\u1ee3c thi\u1ebft k\u1ebf v\u1edbi c\u00e1c t\u00ednh n\u0103ng an to\u00e0n, bao g\u1ed3m b\u1ed9 ly h\u1ee3p qu\u00e1 t\u1ea3i v\u00e0 c\u00e1c c\u01a1 ch\u1ebf kh\u00e1c gi\u00fap ng\u0103n ng\u1eeba h\u01b0 h\u1ecfng khi tr\u1ee5c PTO b\u1ecb ng\u1eaft k\u1ebft n\u1ed1i. Ch\u00fang c\u0169ng d\u1ec5 d\u00e0ng l\u1eafp \u0111\u1eb7t v\u00e0 b\u1ea3o tr\u00ec, mang l\u1ea1i s\u1ef1 ti\u1ec7n l\u1ee3i cho ng\u01b0\u1eddi v\u1eadn h\u00e0nh.<\/li>\n<li><strong>T\u00ednh linh ho\u1ea1t<\/strong><br \/>\nTr\u1ee5c PTO c\u1ee7a ch\u00fang t\u00f4i t\u01b0\u01a1ng th\u00edch v\u1edbi nhi\u1ec1u lo\u1ea1i h\u1ed9p s\u1ed1 m\u00e1y c\u1eaft c\u1ecf v\u00e0 m\u00e1y m\u00f3c n\u00f4ng nghi\u1ec7p. Cho d\u00f9 b\u1ea1n \u0111ang t\u00ecm ki\u1ebfm tr\u1ee5c PTO ti\u00eau chu\u1ea9n hay gi\u1ea3i ph\u00e1p t\u00f9y ch\u1ec9nh, FMP \u0111\u1ec1u cung c\u1ea5p c\u00e1c s\u1ea3n ph\u1ea9m ph\u00f9 h\u1ee3p v\u1edbi nhi\u1ec1u m\u1eabu m\u00e1y c\u1eaft c\u1ecf, t\u1eeb c\u00e1c ho\u1ea1t \u0111\u1ed9ng quy m\u00f4 nh\u1ecf \u0111\u1ebfn c\u00e1c \u1ee9ng d\u1ee5ng c\u00f4ng nghi\u1ec7p l\u1edbn.<\/li>\n<li><strong>Hi\u1ec7u qu\u1ea3 v\u1ec1 chi ph\u00ed<\/strong><br \/>\nB\u1eb1ng c\u00e1ch cung c\u1ea5p c\u00e1c tr\u1ee5c PTO b\u1ec1n b\u1ec9, hi\u1ec7u su\u1ea5t cao, FMP gi\u00fap gi\u1ea3m th\u1eddi gian ng\u1eebng ho\u1ea1t \u0111\u1ed9ng v\u00e0 chi ph\u00ed s\u1eeda ch\u1eefa, \u0111\u1ea3m b\u1ea3o thi\u1ebft b\u1ecb n\u00f4ng nghi\u1ec7p c\u1ee7a b\u1ea1n v\u1eadn h\u00e0nh tr\u01a1n tru v\u00e0 hi\u1ec7u qu\u1ea3. Gi\u00e1 c\u1ea3 c\u1ea1nh tranh c\u1ee7a ch\u00fang t\u00f4i \u0111\u1ea3m b\u1ea3o b\u1ea1n nh\u1eadn \u0111\u01b0\u1ee3c gi\u00e1 tr\u1ecb t\u1ed1t nh\u1ea5t cho kho\u1ea3n \u0111\u1ea7u t\u01b0 c\u1ee7a m\u00ecnh.<\/li>\n<\/ol>\n<h3>T\u1ea1i sao n\u00ean ch\u1ecdn tr\u1ee5c PTO FMP cho h\u1ed9p s\u1ed1 m\u00e1y c\u1eaft c\u1ecf c\u1ee7a b\u1ea1n?<\/h3>\n<ul>\n<li><strong>\u0110\u1ea3m b\u1ea3o ch\u1ea5t l\u01b0\u1ee3ng:<\/strong> FMP cam k\u1ebft duy tr\u00ec c\u00e1c ti\u00eau chu\u1ea9n ch\u1ea5t l\u01b0\u1ee3ng cao nh\u1ea5t trong m\u1ecdi s\u1ea3n ph\u1ea9m m\u00e0 ch\u00fang t\u00f4i s\u1ea3n xu\u1ea5t, \u0111\u1ea3m b\u1ea3o tr\u1ee5c PTO c\u1ee7a b\u1ea1n ho\u1ea1t \u0111\u1ed9ng t\u1ed1i \u01b0u theo th\u1eddi gian.<\/li>\n<li><strong>T\u00f9y ch\u1ec9nh v\u00e0 h\u1ed7 tr\u1ee3:<\/strong> Ch\u00fang t\u00f4i cung c\u1ea5p t\u01b0 v\u1ea5n chuy\u00ean nghi\u1ec7p v\u00e0 c\u00e1c gi\u1ea3i ph\u00e1p t\u00f9y ch\u1ec9nh \u0111\u1ec3 \u0111\u00e1p \u1ee9ng nhu c\u1ea7u c\u1ee5 th\u1ec3 c\u1ee7a m\u00e1y m\u00f3c v\u00e0 ho\u1ea1t \u0111\u1ed9ng c\u1ee7a b\u1ea1n.<\/li>\n<li><strong>Ph\u1ea1m vi to\u00e0n c\u1ea7u:<\/strong> V\u1edbi kh\u00e1ch h\u00e0ng t\u1ea1i g\u1ea7n 30 qu\u1ed1c gia, FMP \u0111\u00e3 t\u1ea1o d\u1ef1ng \u0111\u01b0\u1ee3c danh ti\u1ebfng trong vi\u1ec7c cung c\u1ea5p c\u00e1c linh ki\u1ec7n \u0111\u00e1ng tin c\u1eady, hi\u1ec7u su\u1ea5t cao cho ng\u00e0nh n\u00f4ng nghi\u1ec7p.<\/li>\n<\/ul>\n<p>\u0110\u1ec3 bi\u1ebft th\u00eam th\u00f4ng tin ho\u1eb7c \u0111\u1ec3 h\u1ecfi v\u1ec1 tr\u1ee5c PTO t\u00f9y ch\u1ec9nh cho h\u1ed9p s\u1ed1 m\u00e1y c\u1eaft c\u1ecf n\u00f4ng nghi\u1ec7p c\u1ee7a b\u1ea1n, h\u00e3y li\u00ean h\u1ec7 v\u1edbi FMP ngay h\u00f4m nay. Ch\u00fang t\u00f4i cam k\u1ebft cung c\u1ea5p cho b\u1ea1n nh\u1eefng gi\u1ea3i ph\u00e1p t\u1ed1t nh\u1ea5t cho m\u00e1y m\u00f3c c\u1ee7a b\u1ea1n, \u0111\u1ea3m b\u1ea3o \u0111\u1ed9 tin c\u1eady v\u00e0 hi\u1ec7u qu\u1ea3 trong ho\u1ea1t \u0111\u1ed9ng c\u1ee7a b\u1ea1n.<\/p>\n<table style=\"width: 100%;\" border=\"1\" width=\"100%\" cellspacing=\"0\" cellpadding=\"0\">\n<tbody>\n<tr>\n<td width=\"110\"><img loading=\"lazy\" decoding=\"async\" class=\"alignnone size-full wp-image-1872\" src=\"https:\/\/fmp-components.com\/wp-content\/uploads\/2024\/12\/PTO-Shaft-for-Rotary-Mower-Gearboxes-16.webp\" alt=\"H\u1ed9p s\u1ed1 tr\u1ee5c PTO cho m\u00e1y c\u1eaft c\u1ecf quay 16\" width=\"1000\" height=\"1000\" title=\"\" srcset=\"https:\/\/fmp-components.com\/wp-content\/uploads\/2024\/12\/PTO-Shaft-for-Rotary-Mower-Gearboxes-16.webp 1000w, https:\/\/fmp-components.com\/wp-content\/uploads\/2024\/12\/PTO-Shaft-for-Rotary-Mower-Gearboxes-16-980x980.webp 980w, https:\/\/fmp-components.com\/wp-content\/uploads\/2024\/12\/PTO-Shaft-for-Rotary-Mower-Gearboxes-16-480x480.webp 480w\" sizes=\"(min-width: 0px) and (max-width: 480px) 480px, (min-width: 481px) and (max-width: 980px) 980px, (min-width: 981px) 1000px, 100vw\" \/><\/td>\n<td width=\"98\"><img loading=\"lazy\" decoding=\"async\" class=\"alignnone size-full wp-image-1873\" src=\"https:\/\/fmp-components.com\/wp-content\/uploads\/2024\/12\/PTO-Shaft-for-Rotary-Mower-Gearboxes-15.webp\" alt=\"H\u1ed9p s\u1ed1 tr\u1ee5c PTO cho m\u00e1y c\u1eaft c\u1ecf quay 15\" width=\"1000\" height=\"1000\" title=\"\" srcset=\"https:\/\/fmp-components.com\/wp-content\/uploads\/2024\/12\/PTO-Shaft-for-Rotary-Mower-Gearboxes-15.webp 1000w, https:\/\/fmp-components.com\/wp-content\/uploads\/2024\/12\/PTO-Shaft-for-Rotary-Mower-Gearboxes-15-980x980.webp 980w, https:\/\/fmp-components.com\/wp-content\/uploads\/2024\/12\/PTO-Shaft-for-Rotary-Mower-Gearboxes-15-480x480.webp 480w\" sizes=\"(min-width: 0px) and (max-width: 480px) 480px, (min-width: 481px) and (max-width: 980px) 980px, (min-width: 981px) 1000px, 100vw\" \/><\/td>\n<\/tr>\n<\/tbody>\n<\/table>\n<h3>Gi\u1edbi thi\u1ec7u v\u1ec1 FMP<\/h3>\n<p>FMP l\u00e0 nh\u00e0 s\u1ea3n xu\u1ea5t h\u1ed9p s\u1ed1 h\u00e0ng \u0111\u1ea7u c\u00f3 tr\u1ee5 s\u1edf t\u1ea1i \u00dd, chuy\u00ean thi\u1ebft k\u1ebf, ph\u00e1t tri\u1ec3n v\u00e0 s\u1ea3n xu\u1ea5t h\u1ed9p s\u1ed1 hi\u1ec7u su\u1ea5t cao cho m\u00e1y m\u00f3c n\u00f4ng nghi\u1ec7p. V\u1edbi s\u1ef1 ch\u00fa tr\u1ecdng m\u1ea1nh m\u1ebd v\u00e0o ch\u1ea5t l\u01b0\u1ee3ng, \u0111\u1ed9 ch\u00ednh x\u00e1c v\u00e0 s\u1ef1 \u0111\u1ed5i m\u1edbi, ch\u00fang t\u00f4i cung c\u1ea5p m\u1ed9t lo\u1ea1t c\u00e1c h\u1ed9p s\u1ed1 to\u00e0n di\u1ec7n, bao g\u1ed3m h\u1ed9p s\u1ed1 m\u00e1y c\u1eaft c\u1ecf, c\u00f9ng v\u1edbi c\u00e1c b\u1ed9 ph\u1eadn thi\u1ebft y\u1ebfu nh\u01b0 tr\u1ee5c PTO. S\u1ee9 m\u1ec7nh c\u1ee7a ch\u00fang t\u00f4i l\u00e0 cung c\u1ea5p c\u00e1c gi\u1ea3i ph\u00e1p t\u00f9y ch\u1ec9nh cho c\u00e1c ng\u00e0nh n\u00f4ng nghi\u1ec7p v\u00e0 c\u00f4ng nghi\u1ec7p, \u0111\u00e1p \u1ee9ng nhu c\u1ea7u ri\u00eang bi\u1ec7t c\u1ee7a kh\u00e1ch h\u00e0ng th\u00f4ng qua c\u1ea3 c\u00e1c s\u1ea3n ph\u1ea9m ri\u00eang l\u1ebb v\u00e0 c\u00e1c h\u1ec7 th\u1ed1ng t\u00edch h\u1ee3p ho\u00e0n ch\u1ec9nh.<\/p>\n<p>T\u1ea1i FMP, ch\u00fang t\u00f4i hi\u1ec3u r\u1eb1ng m\u1ed7i kh\u00e1ch h\u00e0ng \u0111\u1ec1u c\u00f3 nh\u1eefng y\u00eau c\u1ea7u ri\u00eang bi\u1ec7t. Th\u1ebf m\u1ea1nh c\u1ee7a ch\u00fang t\u00f4i n\u1eb1m \u1edf kh\u1ea3 n\u0103ng t\u00f9y ch\u1ec9nh c\u00e1c gi\u1ea3i ph\u00e1p \u0111\u00e1p \u1ee9ng nh\u1eefng nhu c\u1ea7u \u0111a d\u1ea1ng n\u00e0y. Cho d\u00f9 b\u1ea1n c\u1ea7n m\u1ed9t lo\u1ea1i h\u1ed9p s\u1ed1 c\u1ee5 th\u1ec3 hay m\u1ed9t h\u1ec7 th\u1ed1ng ho\u00e0n ch\u1ec9nh, ch\u00fang t\u00f4i s\u1ebd h\u1ee3p t\u00e1c ch\u1eb7t ch\u1ebd v\u1edbi b\u1ea1n \u0111\u1ec3 \u0111\u1ea3m b\u1ea3o s\u1ea3n ph\u1ea9m hi\u1ec7u qu\u1ea3 v\u00e0 t\u1ed1i \u01b0u nh\u1ea5t. Cam k\u1ebft c\u1ee7a ch\u00fang t\u00f4i \u0111\u1ed1i v\u1edbi s\u1ef1 h\u00e0i l\u00f2ng c\u1ee7a kh\u00e1ch h\u00e0ng \u0111\u01b0\u1ee3c th\u1ec3 hi\u1ec7n qua c\u00e1ch ti\u1ebfp c\u1eadn chuy\u00ean nghi\u1ec7p v\u00e0 t\u1eadn t\u00e2m, \u0111\u1ea3m b\u1ea3o m\u1ecdi y\u00eau c\u1ea7u \u0111\u1ec1u \u0111\u01b0\u1ee3c gi\u1ea3i \u0111\u00e1p b\u1eb1ng s\u1ef1 h\u01b0\u1edbng d\u1eabn v\u00e0 h\u1ed7 tr\u1ee3 chuy\u00ean nghi\u1ec7p.<\/p>\n<p>Ch\u00fang t\u00f4i \u01b0u ti\u00ean vi\u1ec7c duy tr\u00ec giao ti\u1ebfp c\u1edfi m\u1edf v\u00e0 li\u00ean t\u1ee5c v\u1edbi kh\u00e1ch h\u00e0ng, \u0111\u1eb7c bi\u1ec7t l\u00e0 trong qu\u00e1 tr\u00ecnh ph\u00e1t tri\u1ec3n s\u1ea3n ph\u1ea9m m\u1edbi. \u0110\u1ed9i ng\u0169 c\u1ee7a ch\u00fang t\u00f4i h\u1ee3p t\u00e1c ch\u1eb7t ch\u1ebd v\u1edbi kh\u00e1ch h\u00e0ng \u0111\u1ec3 hi\u1ec3u r\u00f5 nh\u1eefng th\u00e1ch th\u1ee9c c\u1ee7a h\u1ecd, cung c\u1ea5p nh\u1eefng hi\u1ec3u bi\u1ebft v\u00e0 l\u1eddi khuy\u00ean gi\u00e1 tr\u1ecb nh\u1eb1m t\u1ea1o ra c\u00e1c gi\u1ea3i ph\u00e1p t\u1ed1i \u01b0u. Cho d\u00f9 l\u00e0 ph\u00e1t tri\u1ec3n s\u1ea3n ph\u1ea9m m\u1edbi hay ho\u00e0n th\u00e0nh c\u00e1c \u0111\u01a1n \u0111\u1eb7t h\u00e0ng hi\u1ec7n c\u00f3, ch\u00fang t\u00f4i lu\u00f4n cam k\u1ebft cung c\u1ea5p c\u00e1c s\u1ea3n ph\u1ea9m ch\u1ea5t l\u01b0\u1ee3ng cao nh\u1ea5t v\u1edbi t\u1ed1c \u0111\u1ed9 v\u00e0 \u0111\u1ed9 ch\u00ednh x\u00e1c t\u1ed1i \u01b0u.<\/p>\n<p>Ch\u1ea5t l\u01b0\u1ee3ng l\u00e0 c\u1ed1t l\u00f5i c\u1ee7a m\u1ecdi ho\u1ea1t \u0111\u1ed9ng ch\u00fang t\u00f4i. Quy tr\u00ecnh s\u1ea3n xu\u1ea5t c\u1ee7a ch\u00fang t\u00f4i tu\u00e2n th\u1ee7 c\u00e1c nguy\u00ean t\u1eafc \u201cti\u00eau chu\u1ea9n cao, \u0111\u1ed9 ch\u00ednh x\u00e1c cao v\u00e0 kh\u00f4ng c\u00f3 l\u1ed7i\u201d. Ch\u00fang t\u00f4i th\u1ef1c hi\u1ec7n c\u00e1c quy tr\u00ecnh ki\u1ec3m so\u00e1t ch\u1ea5t l\u01b0\u1ee3ng nghi\u00eam ng\u1eb7t \u0111\u1ec3 \u0111\u1ea3m b\u1ea3o r\u1eb1ng m\u1ecdi s\u1ea3n ph\u1ea9m ch\u00fang t\u00f4i s\u1ea3n xu\u1ea5t \u0111\u1ec1u v\u01b0\u1ee3t tr\u1ed9i so v\u1edbi ti\u00eau chu\u1ea9n ng\u00e0nh. S\u1ef1 t\u1eadp trung kh\u00f4ng ng\u1eebng v\u00e0o ch\u1ea5t l\u01b0\u1ee3ng n\u00e0y, k\u1ebft h\u1ee3p v\u1edbi c\u00e1c gi\u00e1 tr\u1ecb v\u1ec1 tinh th\u1ea7n \u0111\u1ed3ng \u0111\u1ed9i, t\u00ednh ch\u00ednh tr\u1ef1c v\u00e0 s\u1ef1 ki\u00ean tr\u00ec, \u0111\u00e3 gi\u00fap ch\u00fang t\u00f4i x\u00e2y d\u1ef1ng m\u1ed1i quan h\u1ec7 b\u1ec1n ch\u1eb7t v\u00e0 l\u00e2u d\u00e0i v\u1edbi kh\u00e1ch h\u00e0ng t\u1ea1i g\u1ea7n 30 qu\u1ed1c gia tr\u00ean to\u00e0n th\u1ebf gi\u1edbi.<\/p>\n<p>FMP hoan ngh\u00eanh s\u1ef1 h\u1ee3p t\u00e1c to\u00e0n c\u1ea7u v\u00e0 lu\u00f4n s\u1eb5n s\u00e0ng cung c\u1ea5p t\u01b0 v\u1ea5n chuy\u00ean m\u00f4n v\u00e0 c\u00e1c gi\u1ea3i ph\u00e1p c\u00e1 nh\u00e2n h\u00f3a. C\u00e1ch ti\u1ebfp c\u1eadn c\u1ee7a ch\u00fang t\u00f4i kh\u00f4ng ch\u1ec9 d\u1eebng l\u1ea1i \u1edf vi\u1ec7c cung c\u1ea5p s\u1ea3n ph\u1ea9m; m\u00e0 c\u00f2n h\u01b0\u1edbng \u0111\u1ebfn vi\u1ec7c x\u00e2y d\u1ef1ng c\u00e1c m\u1ed1i quan h\u1ec7 \u0111\u1ed1i t\u00e1c l\u00e2u d\u00e0i, c\u00f9ng g\u00f3p ph\u1ea7n v\u00e0o th\u00e0nh c\u00f4ng chung. Cho d\u00f9 b\u1ea1n \u0111ang t\u00ecm ki\u1ebfm gi\u1ea3i ph\u00e1p cho c\u00e1c d\u1ef1 \u00e1n m\u1edbi hay nh\u1eefng nhu c\u1ea7u hi\u1ec7n c\u00f3, FMP cam k\u1ebft h\u1ed7 tr\u1ee3 b\u1ea1n gi\u1ea3i quy\u1ebft c\u00e1c th\u00e1ch th\u1ee9c k\u1ef9 thu\u1eadt v\u00e0 \u0111\u1ea3m b\u1ea3o s\u1ef1 th\u00e0nh c\u00f4ng b\u1ec1n v\u1eefng c\u1ee7a b\u1ea1n.<\/p>\n<p><img loading=\"lazy\" decoding=\"async\" class=\"alignnone size-full wp-image-1861\" src=\"https:\/\/fmp-components.com\/wp-content\/uploads\/2024\/12\/Other-Agricultural-Gearboxes.webp\" sizes=\"(min-width: 0px) and (max-width: 480px) 480px, (min-width: 481px) and (max-width: 980px) 980px, (min-width: 981px) 1200px, 100vw\" srcset=\"https:\/\/fmp-components.com\/wp-content\/uploads\/2024\/12\/Other-Agricultural-Gearboxes.webp 1200w, https:\/\/fmp-components.com\/wp-content\/uploads\/2024\/12\/Other-Agricultural-Gearboxes-980x1143.webp 980w, https:\/\/fmp-components.com\/wp-content\/uploads\/2024\/12\/Other-Agricultural-Gearboxes-480x560.webp 480w\" alt=\"Altri-cambi-agricoli\" width=\"1200\" height=\"1400\" title=\"\"><\/p>\n<p>T\u00e1c gi\u1ea3: CX<\/p>","protected":false},"excerpt":{"rendered":"<p>Agricultural Lawn Mower Gearbox FMP-LF211 Specifications: &nbsp; ITEM FMP-LF211 Ratio 1:2.83 Teeth 34\/12 Module 3.36 Power(HP) 20 Rated Input 540rpm Input\/Output Description 1-3\/8 Z6 Optic axis Weight(N.W) 14.5KG PTO Shaft for Agricultural Lawn Mower Gearbox A PTO (Power Take-Off) shaft is a crucial component in connecting a tractor or other power source to an agricultural [&hellip;]<\/p>","protected":false},"featured_media":1965,"comment_status":"open","ping_status":"closed","template":"","meta":{"_et_pb_use_builder":"","_et_pb_old_content":"","_et_gb_content_width":""},"product_brand":[],"product_cat":[52],"product_tag":[],"class_list":{"0":"post-1962","1":"product","2":"type-product","3":"status-publish","4":"has-post-thumbnail","6":"product_cat-lawn-mower-gearbox","8":"first","9":"instock","10":"shipping-taxable","11":"product-type-simple"},"_links":{"self":[{"href":"https:\/\/fmp-components.com\/vi\/wp-json\/wp\/v2\/product\/1962","targetHints":{"allow":["GET"]}}],"collection":[{"href":"https:\/\/fmp-components.com\/vi\/wp-json\/wp\/v2\/product"}],"about":[{"href":"https:\/\/fmp-components.com\/vi\/wp-json\/wp\/v2\/types\/product"}],"replies":[{"embeddable":true,"href":"https:\/\/fmp-components.com\/vi\/wp-json\/wp\/v2\/comments?post=1962"}],"wp:featuredmedia":[{"embeddable":true,"href":"https:\/\/fmp-components.com\/vi\/wp-json\/wp\/v2\/media\/1965"}],"wp:attachment":[{"href":"https:\/\/fmp-components.com\/vi\/wp-json\/wp\/v2\/media?parent=1962"}],"wp:term":[{"taxonomy":"product_brand","embeddable":true,"href":"https:\/\/fmp-components.com\/vi\/wp-json\/wp\/v2\/product_brand?post=1962"},{"taxonomy":"product_cat","embeddable":true,"href":"https:\/\/fmp-components.com\/vi\/wp-json\/wp\/v2\/product_cat?post=1962"},{"taxonomy":"product_tag","embeddable":true,"href":"https:\/\/fmp-components.com\/vi\/wp-json\/wp\/v2\/product_tag?post=1962"}],"curies":[{"name":"wp","href":"https:\/\/api.w.org\/{rel}","templated":true}]}}