{"id":1952,"date":"2024-12-26T02:38:39","date_gmt":"2024-12-26T02:38:39","guid":{"rendered":"https:\/\/fmp-components.com\/?page_id=8"},"modified":"2024-12-26T02:54:44","modified_gmt":"2024-12-26T02:54:44","slug":"rotary-mower-gearbox-replacement-of-comer-code-t-305j","status":"publish","type":"product","link":"https:\/\/fmp-components.com\/vi\/product\/rotary-mower-gearbox-replacement-of-comer-code-t-305j\/","title":{"rendered":"H\u1ed9p s\u1ed1 m\u00e1y c\u1eaft c\u1ecf quay \u2013 Thay th\u1ebf m\u00e3 g\u00f3c T-305J"},"content":{"rendered":"<p><img loading=\"lazy\" decoding=\"async\" class=\"size-full wp-image-1955 aligncenter\" src=\"https:\/\/fmp-components.com\/wp-content\/uploads\/2024\/12\/rotary-mower-gearbox-t305j.webp\" alt=\"h\u1ed9p s\u1ed1 m\u00e1y c\u1eaft c\u1ecf quay t305j\" width=\"300\" height=\"300\" title=\"\" srcset=\"https:\/\/fmp-components.com\/wp-content\/uploads\/2024\/12\/rotary-mower-gearbox-t305j.webp 300w, https:\/\/fmp-components.com\/wp-content\/uploads\/2024\/12\/rotary-mower-gearbox-t305j-150x150.webp 150w, https:\/\/fmp-components.com\/wp-content\/uploads\/2024\/12\/rotary-mower-gearbox-t305j-12x12.webp 12w, https:\/\/fmp-components.com\/wp-content\/uploads\/2024\/12\/rotary-mower-gearbox-t305j-100x100.webp 100w\" sizes=\"(max-width: 300px) 100vw, 300px\" \/><\/p>\n<h2>Th\u00f4ng s\u1ed1 k\u1ef9 thu\u1eadt c\u1ee7a h\u1ed9p s\u1ed1 m\u00e1y c\u1eaft c\u1ecf quay T-305J<\/h2>\n<p><img loading=\"lazy\" decoding=\"async\" class=\"alignnone wp-image-1954\" src=\"https:\/\/fmp-components.com\/wp-content\/uploads\/2024\/12\/rotary-mower-gearbox-specifications-t305j.webp\" alt=\"th\u00f4ng s\u1ed1 k\u1ef9 thu\u1eadt h\u1ed9p s\u1ed1 m\u00e1y c\u1eaft c\u1ecf quay t305j\" width=\"932\" height=\"785\" title=\"\" srcset=\"https:\/\/fmp-components.com\/wp-content\/uploads\/2024\/12\/rotary-mower-gearbox-specifications-t305j.webp 932w, https:\/\/fmp-components.com\/wp-content\/uploads\/2024\/12\/rotary-mower-gearbox-specifications-t305j-480x404.webp 480w\" sizes=\"(min-width: 0px) and (max-width: 480px) 480px, (min-width: 481px) 932px, 100vw\" \/><\/p>\n<table style=\"width: 101.273%; height: 159px;\" border=\"1\">\n<tbody>\n<tr>\n<td rowspan=\"2\"><strong>T\u00f4i<\/strong><\/td>\n<td rowspan=\"2\"><strong>N<sub>1<\/sub>[v\u00f2ng\/ph\u00fat]<\/strong><\/td>\n<td rowspan=\"2\"><strong>P<sub>1<\/sub>[kW]<\/strong><\/td>\n<td rowspan=\"2\"><strong>M<sub>2<\/sub>[Nm]<\/strong><\/td>\n<td colspan=\"3\"><strong>Lo\u1ea1i tr\u1ee5c<\/strong><\/td>\n<td rowspan=\"2\"><strong>\u0110\u1ea7u v\u00e0o<\/strong><\/td>\n<\/tr>\n<tr>\n<td><strong>X<\/strong><\/td>\n<td><strong>C\u00f3<\/strong><\/td>\n<td><strong>Z<\/strong><\/td>\n<\/tr>\n<tr>\n<td>1.35<\/td>\n<td>540<\/td>\n<td>183.8<\/td>\n<td>2335<\/td>\n<td>\u201d 3\/4 Z20<\/td>\n<td>1\u201d 3\/4 Z20<\/td>\n<td>\u201d 3\/4 Z20<\/td>\n<td>X<\/td>\n<\/tr>\n<tr>\n<td>1.20<\/td>\n<td>1000<\/td>\n<td>183.8<\/td>\n<td>2043<\/td>\n<td>\u201d 3\/4 Z20<\/td>\n<td>\u201d 3\/4 Z20<\/td>\n<td>\u201d 3\/4 Z20<\/td>\n<td>X<\/td>\n<\/tr>\n<tr>\n<td>1.35<\/td>\n<td>1000<\/td>\n<td>183.8<\/td>\n<td>2298<\/td>\n<td>\u201d 3\/4 Z20<\/td>\n<td>\u201d 3\/4 Z20<\/td>\n<td>\u201d 3\/4 Z20<\/td>\n<td>X<\/td>\n<\/tr>\n<\/tbody>\n<\/table>\n<h3>\u0110\u1eb7c \u0111i\u1ec3m c\u1ee7a h\u1ed9p s\u1ed1 m\u00e1y c\u1eaft c\u1ecf quay<\/h3>\n<h4>1. Truy\u1ec1n t\u1ea3i \u0111i\u1ec7n hi\u1ec7u qu\u1ea3<\/h4>\n<p>H\u1ed9p s\u1ed1 \u0111\u00f3ng vai tr\u00f2 trung t\u00e2m trong vi\u1ec7c truy\u1ec1n l\u1ef1c t\u1eeb \u0111\u1ed9ng c\u01a1 m\u00e1y k\u00e9o \u0111\u1ebfn l\u01b0\u1ee1i c\u1eaft. H\u1ec7 th\u1ed1ng truy\u1ec1n \u0111\u1ed9ng hi\u1ec7u qu\u1ea3 n\u00e0y \u0111\u1ea3m b\u1ea3o l\u01b0\u1ee1i c\u1eaft quay v\u1edbi t\u1ed1c \u0111\u1ed9 v\u00e0 m\u00f4-men xo\u1eafn t\u1ed1i \u01b0u, cho ph\u00e9p m\u00e1y c\u1eaft c\u1ecf c\u1eaft c\u1ecf v\u00e0 c\u00e1c lo\u1ea1i th\u1ef1c v\u1eadt kh\u00e1c m\u1ed9t c\u00e1ch tr\u01a1n tru. Kh\u1ea3 n\u0103ng duy tr\u00ec truy\u1ec1n l\u1ef1c \u1ed5n \u0111\u1ecbnh c\u1ee7a h\u1ed9p s\u1ed1 \u0111\u1ea3m b\u1ea3o hi\u1ec7u qu\u1ea3 c\u1eaft c\u1ecf ngay c\u1ea3 trong \u0111i\u1ec1u ki\u1ec7n kh\u1eafc nghi\u1ec7t, ch\u1eb3ng h\u1ea1n nh\u01b0 c\u1ecf r\u1eadm r\u1ea1p ho\u1eb7c \u0111\u1ecba h\u00ecnh kh\u00f4ng b\u1eb1ng ph\u1eb3ng.<\/p>\n<h4>2. \u0110\u1ed9 b\u1ec1n v\u00e0 tu\u1ed5i th\u1ecd<\/h4>\n<p>H\u1ed9p s\u1ed1 m\u00e1y c\u1eaft c\u1ecf quay \u0111\u01b0\u1ee3c thi\u1ebft k\u1ebf \u0111\u1ec3 ch\u1ecbu \u0111\u01b0\u1ee3c t\u1ea3i tr\u1ecdng n\u1eb7ng v\u00e0 \u0111i\u1ec1u ki\u1ec7n kh\u1eafc nghi\u1ec7t. \u0110\u01b0\u1ee3c l\u00e0m t\u1eeb v\u1eadt li\u1ec7u ch\u1ea5t l\u01b0\u1ee3ng cao nh\u01b0 gang, th\u00e9p ho\u1eb7c h\u1ee3p kim nh\u00f4m, h\u1ed9p s\u1ed1 c\u00f3 kh\u1ea3 n\u0103ng ch\u1ed1ng m\u00e0i m\u00f2n, \u0103n m\u00f2n v\u00e0 m\u1ecfi. K\u1ebft c\u1ea5u ch\u1eafc ch\u1eafn n\u00e0y gi\u00fap h\u1ed9p s\u1ed1 ho\u1ea1t \u0111\u1ed9ng hi\u1ec7u qu\u1ea3 trong th\u1eddi gian d\u00e0i, gi\u1ea3m nhu c\u1ea7u s\u1eeda ch\u1eefa ho\u1eb7c thay th\u1ebf th\u01b0\u1eddng xuy\u00ean, \u0111\u1ed3ng th\u1eddi ph\u00f9 h\u1ee3p \u0111\u1ec3 s\u1eed d\u1ee5ng l\u00e2u d\u00e0i v\u00e0 \u0111\u00e1ng tin c\u1eady.<\/p>\n<h4>3. Gi\u1ea3m y\u00eau c\u1ea7u b\u1ea3o tr\u00ec<\/h4>\n<p>Nh\u1edd thi\u1ebft k\u1ebf b\u1ec1n b\u1ec9 v\u00e0 c\u00e1c linh ki\u1ec7n b\u00ean trong hi\u1ec7u qu\u1ea3, h\u1ed9p s\u1ed1 m\u00e1y c\u1eaft c\u1ecf quay \u00edt c\u1ea7n b\u1ea3o tr\u00ec h\u01a1n so v\u1edbi c\u00e1c b\u1ed9 truy\u1ec1n \u0111\u1ed9ng m\u00e1y c\u1eaft c\u1ecf kh\u00e1c. Vi\u1ec7c s\u1eed d\u1ee5ng v\u1eadt li\u1ec7u v\u00e0 ch\u1ea5t b\u00f4i tr\u01a1n ch\u1ea5t l\u01b0\u1ee3ng cao gi\u00fap gi\u1ea3m thi\u1ec3u ma s\u00e1t v\u00e0 hao m\u00f2n, t\u1eeb \u0111\u00f3 gi\u1ea3m t\u1ea7n su\u1ea5t s\u1eeda ch\u1eefa v\u00e0 thay th\u1ebf. \u0110i\u1ec1u n\u00e0y gi\u00fap gi\u1ea3m chi ph\u00ed v\u1eadn h\u00e0nh v\u00e0 t\u0103ng th\u1eddi gian ho\u1ea1t \u0111\u1ed9ng c\u1ee7a m\u00e1y c\u1eaft c\u1ecf, khi\u1ebfn n\u00f3 tr\u1edf th\u00e0nh m\u1ed9t l\u1ef1a ch\u1ecdn kinh t\u1ebf h\u01a1n cho c\u1ea3 ho\u1ea1t \u0111\u1ed9ng quy m\u00f4 nh\u1ecf v\u00e0 l\u1edbn.<\/p>\n<h4>4. C\u1ea3i thi\u1ec7n hi\u1ec7u su\u1ea5t c\u1eaft<\/h4>\n<p>H\u1ed9p s\u1ed1 \u0111\u01b0\u1ee3c thi\u1ebft k\u1ebf ch\u00ednh x\u00e1c \u0111\u1ea3m b\u1ea3o l\u01b0\u1ee1i c\u1eaft ho\u1ea1t \u0111\u1ed9ng v\u1edbi t\u1ed1c \u0111\u1ed9 v\u00e0 m\u00f4-men xo\u1eafn ph\u00f9 h\u1ee3p, mang l\u1ea1i \u0111\u01b0\u1eddng c\u1eaft s\u1ea1ch s\u1ebd v\u00e0 \u0111\u1ec1u \u0111\u1eb7n m\u1ed7i l\u1ea7n c\u1eaft. D\u00f9 l\u00e0 c\u1ecf, c\u1ecf d\u1ea1i hay b\u1ee5i r\u1eadm nh\u1ecf, h\u1ed9p s\u1ed1 cho ph\u00e9p m\u00e1y c\u1eaft c\u1ecf x\u1eed l\u00fd th\u1ea3m th\u1ef1c v\u1eadt d\u00e0y v\u00e0 m\u1eb7t \u0111\u1ea5t kh\u00f4ng b\u1eb1ng ph\u1eb3ng hi\u1ec7u qu\u1ea3 h\u01a1n. Hi\u1ec7u su\u1ea5t c\u1eaft \u1ed5n \u0111\u1ecbnh n\u00e0y \u0111\u1eb7c bi\u1ec7t h\u1eefu \u00edch cho c\u00f4ng vi\u1ec7c c\u1ea3nh quan v\u00e0 n\u00f4ng nghi\u1ec7p, n\u01a1i ch\u1ea5t l\u01b0\u1ee3ng c\u1eaft c\u1ecf \u0111\u01b0\u1ee3c \u01b0u ti\u00ean h\u00e0ng \u0111\u1ea7u.<\/p>\n<h4>5. T\u00ednh linh ho\u1ea1t v\u00e0 kh\u1ea3 n\u0103ng t\u00f9y ch\u1ec9nh<\/h4>\n<p>H\u1ed9p s\u1ed1 m\u00e1y c\u1eaft c\u1ecf quay c\u00f3 nhi\u1ec1u c\u1ea5u h\u00ecnh kh\u00e1c nhau, ch\u1eb3ng h\u1ea1n nh\u01b0 ki\u1ec3u \u0111\u01a1n t\u1ed1c \u0111\u1ed9 ho\u1eb7c \u0111a t\u1ed1c \u0111\u1ed9, \u0111\u1ec3 ph\u00f9 h\u1ee3p v\u1edbi c\u00e1c \u1ee9ng d\u1ee5ng kh\u00e1c nhau. Nhi\u1ec1u nh\u00e0 s\u1ea3n xu\u1ea5t, bao g\u1ed3m FMP, cung c\u1ea5p c\u00e1c t\u00f9y ch\u1ecdn t\u00f9y ch\u1ec9nh, cho ph\u00e9p \u0111i\u1ec1u ch\u1ec9nh h\u1ed9p s\u1ed1 cho c\u00e1c nhi\u1ec7m v\u1ee5 c\u1ee5 th\u1ec3, ch\u1eb3ng h\u1ea1n nh\u01b0 \u0111i\u1ec1u ch\u1ec9nh chi\u1ec1u cao c\u1eaft ho\u1eb7c cung c\u1ea5p th\u00eam m\u00f4-men xo\u1eafn cho c\u00e1c \u0111i\u1ec1u ki\u1ec7n c\u1eaft c\u1ecf kh\u00f3 kh\u0103n. T\u00ednh linh ho\u1ea1t n\u00e0y gi\u00fap h\u1ed9p s\u1ed1 ph\u00f9 h\u1ee3p v\u1edbi nhi\u1ec1u ng\u00e0nh c\u00f4ng nghi\u1ec7p, t\u1eeb n\u00f4ng nghi\u1ec7p \u0111\u1ebfn c\u1ea3nh quan \u0111\u00f4 th\u1ecb.<\/p>\n<p>H\u1ed9p s\u1ed1 m\u00e1y c\u1eaft c\u1ecf quay l\u00e0 m\u1ed9t b\u1ed9 ph\u1eadn thi\u1ebft y\u1ebfu gi\u00fap n\u00e2ng cao \u0111\u00e1ng k\u1ec3 hi\u1ec7u su\u1ea5t, \u0111\u1ed9 tin c\u1eady v\u00e0 hi\u1ec7u qu\u1ea3 chi ph\u00ed c\u1ee7a thi\u1ebft b\u1ecb c\u1eaft c\u1ecf. B\u1eb1ng c\u00e1ch truy\u1ec1n l\u1ef1c hi\u1ec7u qu\u1ea3, gi\u1ea3m nhu c\u1ea7u b\u1ea3o tr\u00ec v\u00e0 c\u1ea3i thi\u1ec7n hi\u1ec7u su\u1ea5t c\u1eaft, c\u00e1c h\u1ed9p s\u1ed1 n\u00e0y \u0111\u1ea3m b\u1ea3o ho\u1ea1t \u0111\u1ed9ng t\u1ed1i \u01b0u trong c\u00e1c \u1ee9ng d\u1ee5ng n\u00f4ng nghi\u1ec7p, c\u00f4ng nghi\u1ec7p v\u00e0 c\u1ea3nh quan. Cho d\u00f9 \u0111\u01b0\u1ee3c s\u1eed d\u1ee5ng cho vi\u1ec7c ch\u0103m s\u00f3c c\u1ecf th\u01b0\u1eddng xuy\u00ean hay c\u00e1c c\u00f4ng vi\u1ec7c n\u00f4ng nghi\u1ec7p \u0111\u00f2i h\u1ecfi kh\u1eaft khe, h\u1ed9p s\u1ed1 m\u00e1y c\u1eaft c\u1ecf quay ch\u1ea5t l\u01b0\u1ee3ng cao l\u00e0 y\u1ebfu t\u1ed1 quan tr\u1ecdng \u0111\u1ec3 \u0111\u1ea3m b\u1ea3o m\u00e1y c\u1eaft c\u1ecf v\u1eadn h\u00e0nh tr\u01a1n tru v\u00e0 hi\u1ec7u qu\u1ea3.<\/p>\n<p><img loading=\"lazy\" decoding=\"async\" class=\"alignnone  wp-image-1951\" src=\"https:\/\/fmp-components.com\/wp-content\/uploads\/2024\/12\/Rotary-Mower-Gearbox-211.webp\" alt=\"H\u1ed9p s\u1ed1 m\u00e1y c\u1eaft c\u1ecf quay\" width=\"923\" height=\"692\" title=\"\" srcset=\"https:\/\/fmp-components.com\/wp-content\/uploads\/2024\/12\/Rotary-Mower-Gearbox-211.webp 923w, https:\/\/fmp-components.com\/wp-content\/uploads\/2024\/12\/Rotary-Mower-Gearbox-211-480x360.webp 480w\" sizes=\"(min-width: 0px) and (max-width: 480px) 480px, (min-width: 481px) 923px, 100vw\" \/><\/p>\n<h3>Gi\u1edbi thi\u1ec7u v\u1ec1 FMP<\/h3>\n<p>FMP, c\u00f3 tr\u1ee5 s\u1edf t\u1ea1i \u00dd, l\u00e0 nh\u00e0 ti\u00ean phong h\u00e0ng \u0111\u1ea7u trong thi\u1ebft k\u1ebf, ph\u00e1t tri\u1ec3n v\u00e0 s\u1ea3n xu\u1ea5t h\u1ed9p s\u1ed1, b\u1ed9 gi\u1ea3m t\u1ed1c v\u00e0 m\u00e1y m\u00f3c k\u1ef9 thu\u1eadt ch\u1ea5t l\u01b0\u1ee3ng cao. V\u1edbi tr\u1ecdng t\u00e2m ph\u00e1t tri\u1ec3n nh\u00e2n t\u00e0i, \u0111\u1ed5i m\u1edbi li\u00ean t\u1ee5c v\u00e0 mang \u0111\u1ebfn s\u1ef1 xu\u1ea5t s\u1eafc, FMP \u0111\u00e3 kh\u1eb3ng \u0111\u1ecbnh v\u1ecb th\u1ebf l\u00e0 m\u1ed9t t\u00ean tu\u1ed5i n\u1ed5i b\u1eadt trong ng\u00e0nh c\u01a1 kh\u00ed, \u0111\u01b0\u1ee3c c\u00f4ng nh\u1eadn c\u1ea3 trong n\u01b0\u1edbc v\u00e0 qu\u1ed1c t\u1ebf.<\/p>\n<p><strong>Ph\u1ea1m vi s\u1ea3n ph\u1ea9m m\u1edf r\u1ed9ng<\/strong><\/p>\n<p>FMP cung c\u1ea5p danh m\u1ee5c s\u1ea3n ph\u1ea9m \u0111a d\u1ea1ng \u0111\u01b0\u1ee3c thi\u1ebft k\u1ebf ch\u00ednh x\u00e1c, bao g\u1ed3m:<\/p>\n<ul>\n<li>H\u1ed9p s\u1ed1 c\u00f4n xo\u1eafn \u1ed1c<\/li>\n<li>H\u1ed9p s\u1ed1 Spur<\/li>\n<li>H\u1ed9p s\u1ed1 tr\u1ee5c v\u00edt<\/li>\n<li>H\u1ed9p s\u1ed1 h\u00ecnh tr\u1ee5<\/li>\n<li>Th\u00e2n van v\u00e0 v\u1ecf van \u0111\u00fac \u00e1p su\u1ea5t cao<\/li>\n<\/ul>\n<p>M\u1ed7i s\u1ea3n ph\u1ea9m n\u00e0y \u0111\u1ec1u \u0111\u01b0\u1ee3c thi\u1ebft k\u1ebf t\u1ec9 m\u1ec9 \u0111\u1ec3 \u0111\u00e1p \u1ee9ng c\u00e1c ti\u00eau chu\u1ea9n cao nh\u1ea5t v\u1ec1 hi\u1ec7u su\u1ea5t v\u00e0 \u0111\u1ed9 tin c\u1eady trong nhi\u1ec1u \u1ee9ng d\u1ee5ng c\u00f4ng nghi\u1ec7p.<\/p>\n<p><strong>\u1ee8ng d\u1ee5ng r\u1ed9ng r\u00e3i trong nhi\u1ec1u ng\u00e0nh c\u00f4ng nghi\u1ec7p<\/strong><\/p>\n<p>S\u1ea3n ph\u1ea9m c\u1ee7a FMP ph\u1ee5c v\u1ee5 nhi\u1ec1u ng\u00e0nh c\u00f4ng nghi\u1ec7p kh\u00e1c nhau, cung c\u1ea5p c\u00e1c gi\u1ea3i ph\u00e1p \u0111a n\u0103ng cho c\u1ea3 nhu c\u1ea7u c\u00f4ng nghi\u1ec7p v\u00e0 n\u00f4ng nghi\u1ec7p. C\u00e1c \u1ee9ng d\u1ee5ng ch\u00ednh bao g\u1ed3m:<\/p>\n<ul>\n<li><strong>N\u00f4ng nghi\u1ec7p:<\/strong> H\u1ed9p s\u1ed1 FMP \u0111\u01b0\u1ee3c s\u1eed d\u1ee5ng trong c\u00e1c m\u00e1y m\u00f3c nh\u01b0 m\u00e1y c\u1eaft c\u1ecf quay, m\u00e1y qu\u00e9t tuy\u1ebft, m\u00e1y r\u1ea3i ph\u00e2n b\u00f3n v\u00e0 b\u0103ng t\u1ea3i ng\u0169 c\u1ed1c.<\/li>\n<li><strong>Thi\u1ebft b\u1ecb c\u00f4ng nghi\u1ec7p:<\/strong> H\u1ed9p s\u1ed1 v\u00e0 linh ki\u1ec7n c\u1ee7a FMP c\u0169ng h\u1ed7 tr\u1ee3 m\u00e1y m\u00f3c trong c\u00e1c l\u0129nh v\u1ef1c nh\u01b0 khai th\u00e1c d\u1ea7u m\u1ecf, \u1ee9ng d\u1ee5ng h\u00e0ng h\u1ea3i v\u00e0 c\u00e1c d\u1ef1 \u00e1n k\u1ef9 thu\u1eadt th\u1ee7y l\u1ef1c.<\/li>\n<\/ul>\n<p>Ph\u1ea1m vi \u1ee9ng d\u1ee5ng r\u1ed9ng r\u00e3i n\u00e0y ch\u1ee9ng minh kh\u1ea3 n\u0103ng c\u1ee7a FMP trong vi\u1ec7c cung c\u1ea5p c\u00e1c gi\u1ea3i ph\u00e1p ph\u00f9 h\u1ee3p gi\u00fap c\u1ea3i thi\u1ec7n hi\u1ec7u qu\u1ea3 v\u00e0 n\u0103ng su\u1ea5t tr\u00ean nhi\u1ec1u l\u0129nh v\u1ef1c kh\u00e1c nhau.<\/p>\n<p><strong>Kh\u1ea3 n\u0103ng s\u1ea3n xu\u1ea5t ti\u00ean ti\u1ebfn<\/strong><\/p>\n<p>Quy tr\u00ecnh s\u1ea3n xu\u1ea5t c\u1ee7a FMP k\u1ebft h\u1ee3p c\u00f4ng ngh\u1ec7 ti\u00ean ti\u1ebfn v\u00e0 tay ngh\u1ec1 th\u1ee7 c\u00f4ng ch\u00ednh x\u00e1c. M\u1ed7i s\u1ea3n ph\u1ea9m \u0111\u1ec1u \u0111\u01b0\u1ee3c ch\u1ebf t\u1ea1o qua m\u1ed9t lo\u1ea1t c\u00e1c b\u01b0\u1edbc nghi\u00eam ng\u1eb7t:<\/p>\n<ul>\n<li><strong>Thi\u1ebft k\u1ebf s\u1ea3n ph\u1ea9m:<\/strong> C\u00e1c th\u00f4ng s\u1ed1 k\u1ef9 thu\u1eadt t\u00f9y ch\u1ec9nh \u0111\u01b0\u1ee3c ph\u00e1t tri\u1ec3n, bao g\u1ed3m vi\u1ec7c l\u1ef1a ch\u1ecdn lo\u1ea1i h\u1ed9p s\u1ed1, v\u1eadt li\u1ec7u v\u00e0 k\u00edch th\u01b0\u1edbc.<\/li>\n<li><strong>L\u1ef1a ch\u1ecdn v\u1eadt li\u1ec7u:<\/strong> FMP s\u1eed d\u1ee5ng v\u1eadt li\u1ec7u cao c\u1ea5p nh\u01b0 gang v\u00e0 h\u1ee3p kim nh\u00f4m \u0111\u1ec3 \u0111\u1ea3m b\u1ea3o \u0111\u1ed9 b\u1ec1n v\u00e0 hi\u1ec7u su\u1ea5t t\u1ed1i \u01b0u.<\/li>\n<li><strong>Gia c\u00f4ng ch\u00ednh x\u00e1c:<\/strong> C\u00e1c k\u1ef9 thu\u1eadt ti\u00ean ti\u1ebfn nh\u01b0 ti\u1ec7n v\u00e0 phay \u0111\u01b0\u1ee3c s\u1eed d\u1ee5ng \u0111\u1ec3 ch\u1ebf t\u1ea1o c\u00e1c b\u1ed9 ph\u1eadn c\u00f3 \u0111\u1ed9 ch\u00ednh x\u00e1c cao.<\/li>\n<li><strong>Cu\u1ed9c h\u1ecdp:<\/strong> C\u00e1c b\u1ed9 ph\u1eadn nh\u01b0 b\u00e1nh r\u0103ng, \u1ed5 tr\u1ee5c v\u00e0 tr\u1ee5c \u0111\u01b0\u1ee3c l\u1eafp r\u00e1p t\u1ec9 m\u1ec9 v\u00e0o v\u1ecf \u0111\u1ec3 \u0111\u1ea3m b\u1ea3o c\u0103n ch\u1ec9nh v\u00e0 b\u00f4i tr\u01a1n th\u00edch h\u1ee3p.<\/li>\n<li><strong>X\u1eed l\u00fd nhi\u1ec7t:<\/strong> H\u1ed9p s\u1ed1 \u0111\u01b0\u1ee3c x\u1eed l\u00fd nhi\u1ec7t \u0111\u1ec3 t\u0103ng c\u01b0\u1eddng \u0111\u1ed9 b\u1ec1n v\u00e0 kh\u1ea3 n\u0103ng ch\u1ed1ng m\u00e0i m\u00f2n, \u0111\u1ea3m b\u1ea3o \u0111\u1ed9 b\u1ec1n l\u00e2u d\u00e0i.<\/li>\n<li><strong>X\u1eed l\u00fd b\u1ec1 m\u1eb7t:<\/strong> C\u00e1c quy tr\u00ecnh nh\u01b0 \u0111\u00e1nh b\u00f3ng v\u00e0 s\u01a1n t\u0129nh \u0111i\u1ec7n \u0111\u01b0\u1ee3c s\u1eed d\u1ee5ng \u0111\u1ec3 c\u1ea3i thi\u1ec7n t\u00ednh th\u1ea9m m\u1ef9 v\u00e0 kh\u1ea3 n\u0103ng ch\u1ed1ng \u0103n m\u00f2n c\u1ee7a h\u1ed9p s\u1ed1.<\/li>\n<li><strong>Ki\u1ec3m so\u00e1t ch\u1ea5t l\u01b0\u1ee3ng:<\/strong> FMP tu\u00e2n th\u1ee7 c\u00e1c ti\u00eau chu\u1ea9n ki\u1ec3m so\u00e1t ch\u1ea5t l\u01b0\u1ee3ng nghi\u00eam ng\u1eb7t, ti\u1ebfn h\u00e0nh ki\u1ec3m tra v\u00e0 th\u1eed nghi\u1ec7m k\u1ef9 l\u01b0\u1ee1ng \u0111\u1ec3 \u0111\u1ea3m b\u1ea3o m\u1ed7i s\u1ea3n ph\u1ea9m \u0111\u00e1p \u1ee9ng c\u00e1c ti\u00eau chu\u1ea9n hi\u1ec7u su\u1ea5t c\u1ea7n thi\u1ebft.<\/li>\n<\/ul>\n<p><strong>Uy t\u00edn trong ng\u00e0nh<\/strong><\/p>\n<p>Cam k\u1ebft c\u1ee7a FMP v\u1ec1 ch\u1ea5t l\u01b0\u1ee3ng, \u0111\u1ed5i m\u1edbi v\u00e0 s\u1ef1 h\u00e0i l\u00f2ng c\u1ee7a kh\u00e1ch h\u00e0ng \u0111\u00e3 mang l\u1ea1i cho c\u00f4ng ty danh ti\u1ebfng v\u1eefng ch\u1eafc l\u00e0 \u0111\u1ed1i t\u00e1c \u0111\u00e1ng tin c\u1eady trong ng\u00e0nh s\u1ea3n xu\u1ea5t. Ph\u01b0\u01a1ng ph\u00e1p ti\u1ebfp c\u1eadn c\u1ee7a c\u00f4ng ty k\u1ebft h\u1ee3p c\u00f4ng ngh\u1ec7 ti\u00ean ti\u1ebfn v\u1edbi tay ngh\u1ec1 th\u1ee7 c\u00f4ng l\u00e0nh ngh\u1ec1 \u0111\u1ec3 mang l\u1ea1i gi\u00e1 tr\u1ecb l\u00e2u d\u00e0i cho kh\u00e1ch h\u00e0ng. FMP ti\u1ebfp t\u1ee5c v\u01b0\u1ee3t qua gi\u1edbi h\u1ea1n c\u1ee7a s\u1ef1 \u0111\u1ed5i m\u1edbi \u0111\u1ed3ng th\u1eddi duy tr\u00ec tr\u1ecdng t\u00e2m l\u00e0 \u0111\u1ed9 tin c\u1eady v\u00e0 s\u1ef1 xu\u1ea5t s\u1eafc.<\/p>\n<p><strong>H\u1ee3p t\u00e1c v\u1edbi ch\u00fang t\u00f4i<\/strong><\/p>\n<p>FMP lu\u00f4n s\u1eb5n s\u00e0ng h\u1ee3p t\u00e1c v\u1edbi c\u00e1c kh\u00e1ch h\u00e0ng v\u00e0 \u0111\u1ed1i t\u00e1c to\u00e0n c\u1ea7u. D\u00f9 b\u1ea1n \u0111ang t\u00ecm ki\u1ebfm s\u1ea3n ph\u1ea9m ch\u1ea5t l\u01b0\u1ee3ng cao hay gi\u1ea3i ph\u00e1p t\u00f9y ch\u1ec9nh, ch\u00fang t\u00f4i cam k\u1ebft cung c\u1ea5p chuy\u00ean m\u00f4n v\u00e0 d\u1ecbch v\u1ee5 c\u1ea7n thi\u1ebft \u0111\u1ec3 \u0111\u00e1p \u1ee9ng c\u00e1c y\u00eau c\u1ea7u c\u1ee5 th\u1ec3 c\u1ee7a b\u1ea1n. \u0110\u1ec3 bi\u1ebft th\u00eam th\u00f4ng tin ho\u1eb7c t\u00ecm hi\u1ec3u v\u1ec1 c\u00e1c \u0111\u1ed1i t\u00e1c ti\u1ec1m n\u0103ng, vui l\u00f2ng li\u00ean h\u1ec7 v\u1edbi ch\u00fang t\u00f4i qua \u0111i\u1ec7n tho\u1ea1i ho\u1eb7c email. Ch\u00fang t\u00f4i mong mu\u1ed1n \u0111\u01b0\u1ee3c h\u1ee3p t\u00e1c v\u1edbi b\u1ea1n \u0111\u1ec3 cung c\u1ea5p c\u00e1c gi\u1ea3i ph\u00e1p hi\u1ec7u su\u1ea5t cao ph\u00f9 h\u1ee3p v\u1edbi nhu c\u1ea7u c\u1ee7a b\u1ea1n.<\/p>\n<p><img loading=\"lazy\" decoding=\"async\" class=\"alignnone size-full wp-image-1861\" src=\"https:\/\/fmp-components.com\/wp-content\/uploads\/2024\/12\/Other-Agricultural-Gearboxes.webp\" alt=\"H\u1ed9p s\u1ed1 n\u00f4ng nghi\u1ec7p kh\u00e1c\" width=\"1200\" height=\"1400\" title=\"\" srcset=\"https:\/\/fmp-components.com\/wp-content\/uploads\/2024\/12\/Other-Agricultural-Gearboxes.webp 1200w, https:\/\/fmp-components.com\/wp-content\/uploads\/2024\/12\/Other-Agricultural-Gearboxes-980x1143.webp 980w, https:\/\/fmp-components.com\/wp-content\/uploads\/2024\/12\/Other-Agricultural-Gearboxes-480x560.webp 480w\" sizes=\"(min-width: 0px) and (max-width: 480px) 480px, (min-width: 481px) and (max-width: 980px) 980px, (min-width: 981px) 1200px, 100vw\" \/><\/p>\n<p>T\u00e1c gi\u1ea3: CX<\/p>","protected":false},"excerpt":{"rendered":"<p>Specifications of\u00a0Rotary Mower Gearbox\u00a0T-305J i N1[rpm] P1[kW] M2[Nm] Shaft Type Input X Y Z 1.35 540 183.8 2335 &#8221; 3\/4 Z20 1&#8221; 3\/4 Z20 &#8221; 3\/4 Z20 X 1.20 1000 183.8 2043 &#8221; 3\/4 Z20 &#8221; 3\/4 Z20 &#8221; 3\/4 Z20 X 1.35 1000 183.8 2298 &#8221; 3\/4 Z20 &#8221; 3\/4 Z20 &#8221; 3\/4 Z20 [&hellip;]<\/p>","protected":false},"featured_media":1955,"comment_status":"open","ping_status":"closed","template":"","meta":{"_et_pb_use_builder":"","_et_pb_old_content":"","_et_gb_content_width":""},"product_brand":[],"product_cat":[51],"product_tag":[],"class_list":{"0":"post-1952","1":"product","2":"type-product","3":"status-publish","4":"has-post-thumbnail","6":"product_cat-rotary-mower-gearbox","8":"first","9":"instock","10":"shipping-taxable","11":"product-type-simple"},"_links":{"self":[{"href":"https:\/\/fmp-components.com\/vi\/wp-json\/wp\/v2\/product\/1952","targetHints":{"allow":["GET"]}}],"collection":[{"href":"https:\/\/fmp-components.com\/vi\/wp-json\/wp\/v2\/product"}],"about":[{"href":"https:\/\/fmp-components.com\/vi\/wp-json\/wp\/v2\/types\/product"}],"replies":[{"embeddable":true,"href":"https:\/\/fmp-components.com\/vi\/wp-json\/wp\/v2\/comments?post=1952"}],"wp:featuredmedia":[{"embeddable":true,"href":"https:\/\/fmp-components.com\/vi\/wp-json\/wp\/v2\/media\/1955"}],"wp:attachment":[{"href":"https:\/\/fmp-components.com\/vi\/wp-json\/wp\/v2\/media?parent=1952"}],"wp:term":[{"taxonomy":"product_brand","embeddable":true,"href":"https:\/\/fmp-components.com\/vi\/wp-json\/wp\/v2\/product_brand?post=1952"},{"taxonomy":"product_cat","embeddable":true,"href":"https:\/\/fmp-components.com\/vi\/wp-json\/wp\/v2\/product_cat?post=1952"},{"taxonomy":"product_tag","embeddable":true,"href":"https:\/\/fmp-components.com\/vi\/wp-json\/wp\/v2\/product_tag?post=1952"}],"curies":[{"name":"wp","href":"https:\/\/api.w.org\/{rel}","templated":true}]}}