{"id":1948,"date":"2024-12-26T02:24:20","date_gmt":"2024-12-26T02:24:20","guid":{"rendered":"https:\/\/fmp-components.com\/?page_id=8"},"modified":"2024-12-26T02:37:43","modified_gmt":"2024-12-26T02:37:43","slug":"rotary-mowers-gearboxes-replacement-of-comer-code-t-25j","status":"publish","type":"product","link":"https:\/\/fmp-components.com\/vi\/product\/rotary-mowers-gearboxes-replacement-of-comer-code-t-25j\/","title":{"rendered":"H\u1ed9p s\u1ed1 m\u00e1y c\u1eaft c\u1ecf quay \u2013 Thay th\u1ebf m\u00e3 g\u00f3c T-25J"},"content":{"rendered":"<p><img loading=\"lazy\" decoding=\"async\" class=\"size-full wp-image-1949 aligncenter\" src=\"https:\/\/fmp-components.com\/wp-content\/uploads\/2024\/12\/Rotary-Mower-Gearbox24.webp\" alt=\"H\u1ed9p s\u1ed1 m\u00e1y c\u1eaft c\u1ecf quay\" width=\"500\" height=\"500\" title=\"\" srcset=\"https:\/\/fmp-components.com\/wp-content\/uploads\/2024\/12\/Rotary-Mower-Gearbox24.webp 500w, https:\/\/fmp-components.com\/wp-content\/uploads\/2024\/12\/Rotary-Mower-Gearbox24-480x480.webp 480w\" sizes=\"(min-width: 0px) and (max-width: 480px) 480px, (min-width: 481px) 500px, 100vw\" \/><\/p>\n<h2>H\u1ed9p s\u1ed1 m\u00e1y c\u1eaft c\u1ecf quay \u2013 Thay th\u1ebf m\u00e3 g\u00f3c T-25J<\/h2>\n<table style=\"width: 100%;\" border=\"1\" width=\"100%\" cellspacing=\"0\" cellpadding=\"0\">\n<tbody>\n<tr>\n<th>S\u1ef1 mi\u00eau t\u1ea3<\/th>\n<td>H\u1ed9p s\u1ed1 m\u00e1y c\u1eaft c\u1ecf quay \u2013 Thay th\u1ebf h\u1ed9p s\u1ed1 Comer T-25J gi\u00fap t\u0103ng t\u1ed1c \u0111\u1ed9<\/td>\n<\/tr>\n<tr>\n<th>\u1ee8ng d\u1ee5ng<\/th>\n<td>Nhi\u1ec1u \u1ee9ng d\u1ee5ng (n\u00f4ng nghi\u1ec7p), M\u00e1y c\u1eaft c\u1ecf, M\u00e1y r\u1ea3i ph\u00e2n b\u00f3n h\u00f3a h\u1ecdc, M\u00e1y c\u01b0a l\u1ecdng<\/td>\n<\/tr>\n<tr>\n<th>Bao g\u1ed3m<\/th>\n<td>H\u1ed9p s\u1ed1<\/td>\n<\/tr>\n<tr>\n<th>Kh\u00f4ng c\u00f3 d\u1ea7u<\/th>\n<td>Th\u00f4ng tin k\u1ef9 thu\u1eadt<\/td>\n<\/tr>\n<tr>\n<th>M\u00f4-men xo\u1eafn \u0111\u1ea7u ra t\u1ed1i \u0111a<\/th>\n<td>22,7 daNm<\/td>\n<\/tr>\n<tr>\n<th>Ch\u1ee9a d\u1ea7u<\/th>\n<td>KH\u00d4NG<\/td>\n<\/tr>\n<tr>\n<th>C\u00f4ng su\u1ea5t d\u1ea7u t\u1ed1i \u0111a<\/th>\n<td>0,35 l\u00edt<\/td>\n<\/tr>\n<tr>\n<th>Kho\u1ea3ng th\u1eddi gian thay d\u1ea7u t\u1ed1i \u0111a<\/th>\n<td>500 gi\u1edd<\/td>\n<\/tr>\n<tr>\n<th>C\u1ea5p \u0111\u1ed9 nh\u1edbt SAE c\u1ee7a d\u1ea7u<\/th>\n<td>80W-90<\/td>\n<\/tr>\n<tr>\n<th>V\u1eadt li\u1ec7u nh\u00e0 \u1edf<\/th>\n<td>Nh\u00f4m<\/td>\n<\/tr>\n<tr>\n<th>C\u00e2n n\u1eb7ng<\/th>\n<td>4,1 kg<\/td>\n<\/tr>\n<tr>\n<th>S\u1eafp x\u1ebfp b\u00e1nh r\u0103ng gi\u1ea3m<\/th>\n<td>3 &#8211; 4<\/td>\n<\/tr>\n<tr>\n<th>C\u00f4ng su\u1ea5t \u0111\u1ea7u v\u00e0o kW \/ HP t\u0103ng<\/th>\n<td>11 \/ 15 kW\/M\u00e3 l\u1ef1c<\/td>\n<\/tr>\n<tr>\n<th>Tr\u1ee5c \u0111\u1ea7u v\u00e0o t\u0103ng<\/th>\n<td>X<\/td>\n<\/tr>\n<tr>\n<th>Gi\u1ea3m tr\u1ee5c \u0111\u1ea7u v\u00e0o<\/th>\n<td>Z<\/td>\n<\/tr>\n<tr>\n<th>C\u00f4ng su\u1ea5t \u0111\u1ea7u v\u00e0o KW \/ HP Gi\u1ea3m<\/th>\n<td>7 \/ 9,5 kW\/HP<\/td>\n<\/tr>\n<tr>\n<th>M\u00f4-men xo\u1eafn \u0111\u1ea7u ra DaNm t\u0103ng<\/th>\n<td>9,9 daNm<\/td>\n<\/tr>\n<tr>\n<th>T\u1ef7 l\u1ec7 t\u0103ng<\/th>\n<td>1 : 1.9<\/td>\n<\/tr>\n<tr>\n<th>Gi\u1ea3m t\u1ef7 l\u1ec7<\/th>\n<td>1.9 : 1<\/td>\n<\/tr>\n<tr>\n<th>Tr\u1ee5c X<\/th>\n<td>1 3\/8\u2033 (6) (A)<\/td>\n<\/tr>\n<tr>\n<th>Tr\u1ee5c Z<\/th>\n<td>22 (D)<\/td>\n<\/tr>\n<\/tbody>\n<\/table>\n<h2>\u01afu \u0111i\u1ec3m c\u1ee7a h\u1ed9p s\u1ed1 m\u00e1y c\u1eaft c\u1ecf quay<\/h2>\n<p>H\u1ed9p s\u1ed1 m\u00e1y c\u1eaft c\u1ecf quay l\u00e0 b\u1ed9 ph\u1eadn thi\u1ebft y\u1ebfu gi\u00fap n\u00e2ng cao \u0111\u00e1ng k\u1ec3 hi\u1ec7u su\u1ea5t v\u00e0 \u0111\u1ed9 tin c\u1eady c\u1ee7a thi\u1ebft b\u1ecb c\u1eaft c\u1ecf \u0111\u01b0\u1ee3c s\u1eed d\u1ee5ng trong c\u1ea3nh quan, n\u00f4ng nghi\u1ec7p v\u00e0 b\u1ea3o d\u01b0\u1ee1ng m\u1eb7t b\u1eb1ng. B\u1eb1ng c\u00e1ch truy\u1ec1n l\u1ef1c hi\u1ec7u qu\u1ea3, c\u1ea3i thi\u1ec7n \u0111\u1ed9 b\u1ec1n v\u00e0 gi\u1ea3m thi\u1ec3u b\u1ea3o tr\u00ec, h\u1ed9p s\u1ed1 n\u00e0y mang l\u1ea1i nhi\u1ec1u l\u1ee3i th\u1ebf quan tr\u1ecdng khi\u1ebfn ch\u00fang tr\u1edf n\u00ean kh\u00f4ng th\u1ec3 thi\u1ebfu cho nhi\u1ec1u \u1ee9ng d\u1ee5ng c\u1eaft c\u1ecf kh\u00e1c nhau.<\/p>\n<p><strong>Truy\u1ec1n t\u1ea3i \u0111i\u1ec7n hi\u1ec7u qu\u1ea3<\/strong><\/p>\n<p>H\u1ed9p s\u1ed1 m\u00e1y c\u1eaft c\u1ecf quay \u0111\u00f3ng vai tr\u00f2 quan tr\u1ecdng trong vi\u1ec7c chuy\u1ec3n \u0111\u1ed5i c\u00f4ng su\u1ea5t t\u1eeb \u200b\u200b\u0111\u1ed9ng c\u01a1 m\u00e1y k\u00e9o sang l\u01b0\u1ee1i c\u1eaft. \u0110i\u1ec1u n\u00e0y \u0111\u1ea3m b\u1ea3o l\u01b0\u1ee1i c\u1eaft quay v\u1edbi t\u1ed1c \u0111\u1ed9 v\u00e0 m\u00f4-men xo\u1eafn t\u1ed1i \u01b0u, mang l\u1ea1i kh\u1ea3 n\u0103ng c\u1eaft c\u1ecf \u0111\u1ed3ng \u0111\u1ec1u v\u00e0 hi\u1ec7u qu\u1ea3, ngay c\u1ea3 trong \u0111i\u1ec1u ki\u1ec7n kh\u00f3 kh\u0103n. Cho d\u00f9 \u0111\u01b0\u1ee3c s\u1eed d\u1ee5ng trong c\u00e1c ho\u1ea1t \u0111\u1ed9ng n\u00f4ng nghi\u1ec7p quy m\u00f4 l\u1edbn hay c\u00e1c c\u00f4ng vi\u1ec7c c\u1ea3nh quan, vi\u1ec7c truy\u1ec1n \u0111\u1ed9ng hi\u1ec7u qu\u1ea3 l\u00e0 r\u1ea5t quan tr\u1ecdng \u0111\u1ec3 duy tr\u00ec hi\u1ec7u su\u1ea5t v\u00e0 n\u0103ng su\u1ea5t.<\/p>\n<p><strong>\u0110\u1ed9 b\u1ec1n v\u00e0 tu\u1ed5i th\u1ecd<\/strong><\/p>\n<p>\u0110\u01b0\u1ee3c thi\u1ebft k\u1ebf \u0111\u1ec3 ch\u1ecbu \u0111\u01b0\u1ee3c t\u1ea3i tr\u1ecdng n\u1eb7ng v\u00e0 m\u00f4i tr\u01b0\u1eddng kh\u1eafc nghi\u1ec7t, h\u1ed9p s\u1ed1 m\u00e1y c\u1eaft c\u1ecf quay th\u01b0\u1eddng \u0111\u01b0\u1ee3c l\u00e0m t\u1eeb v\u1eadt li\u1ec7u ch\u1ea5t l\u01b0\u1ee3ng cao nh\u01b0 gang ho\u1eb7c h\u1ee3p kim nh\u00f4m. K\u1ebft c\u1ea5u ch\u1eafc ch\u1eafn c\u1ee7a ch\u00fang gi\u00fap ch\u1ed1ng m\u00e0i m\u00f2n, \u0103n m\u00f2n v\u00e0 \u1ee9ng su\u1ea5t, \u0111\u1ea3m b\u1ea3o ho\u1ea1t \u0111\u1ed9ng l\u00e2u d\u00e0i v\u1edbi t\u1ef7 l\u1ec7 h\u1ecfng h\u00f3c t\u1ed1i thi\u1ec3u. \u0110\u1ed9 b\u1ec1n c\u1ee7a h\u1ed9p s\u1ed1 n\u00e0y gi\u00fap gi\u1ea3m thi\u1ec3u nhu c\u1ea7u s\u1eeda ch\u1eefa ho\u1eb7c thay th\u1ebf th\u01b0\u1eddng xuy\u00ean, g\u00f3p ph\u1ea7n gi\u1ea3m chi ph\u00ed d\u00e0i h\u1ea1n v\u00e0 t\u0103ng hi\u1ec7u qu\u1ea3 v\u1eadn h\u00e0nh.<\/p>\n<p><strong>Gi\u1ea3m chi ph\u00ed b\u1ea3o tr\u00ec v\u00e0 v\u1eadn h\u00e0nh<\/strong><\/p>\n<p>H\u1ed9p s\u1ed1 m\u00e1y c\u1eaft c\u1ecf quay \u0111\u01b0\u1ee3c thi\u1ebft k\u1ebf \u0111\u1ec3 \u0111\u1ea1t hi\u1ec7u su\u1ea5t cao, gi\u1ea3m t\u1ea7n su\u1ea5t b\u1ea3o tr\u00ec c\u1ea7n thi\u1ebft. Thi\u1ebft k\u1ebf ch\u1eafc ch\u1eafn, c\u00f9ng v\u1edbi vi\u1ec7c b\u00f4i tr\u01a1n th\u00edch h\u1ee3p c\u00e1c b\u1ed9 ph\u1eadn b\u00ean trong nh\u01b0 b\u00e1nh r\u0103ng v\u00e0 \u1ed5 tr\u1ee5c, gi\u00fap gi\u1ea3m ma s\u00e1t, m\u00e0i m\u00f2n v\u00e0 qu\u00e1 nhi\u1ec7t. \u0110i\u1ec1u n\u00e0y gi\u00fap gi\u1ea3m thi\u1ec3u h\u01b0 h\u1ecfng c\u01a1 h\u1ecdc, gi\u1ea3m chi ph\u00ed s\u1eeda ch\u1eefa v\u00e0 gi\u1ea3m th\u1eddi gian ng\u1eebng ho\u1ea1t \u0111\u1ed9ng c\u1ee7a m\u00e1y c\u1eaft c\u1ecf. Nh\u1edd \u0111\u00f3, doanh nghi\u1ec7p c\u00f3 th\u1ec3 ti\u1ebft ki\u1ec7m chi ph\u00ed b\u1ea3o tr\u00ec v\u00e0 c\u1ea3i thi\u1ec7n tu\u1ed5i th\u1ecd t\u1ed5ng th\u1ec3 c\u1ee7a thi\u1ebft b\u1ecb.<\/p>\n<p><strong>Hi\u1ec7u su\u1ea5t c\u1eaft \u0111\u01b0\u1ee3c c\u1ea3i thi\u1ec7n<\/strong><\/p>\n<p>H\u1ed9p s\u1ed1 \u0111\u1ea3m b\u1ea3o l\u01b0\u1ee1i c\u1eaft nh\u1eadn \u0111\u01b0\u1ee3c t\u1ed1c \u0111\u1ed9 v\u00e0 m\u00f4-men xo\u1eafn ch\u00ednh x\u00e1c, cho ph\u00e9p c\u1eaft s\u1ea1ch v\u00e0 \u0111\u1ed3ng \u0111\u1ec1u. B\u1ea5t k\u1ec3 lo\u1ea1i c\u1ecf hay \u0111\u1ecba h\u00ecnh n\u00e0o, h\u1ed9p s\u1ed1 \u0111\u01b0\u1ee3c thi\u1ebft k\u1ebf t\u1ed1t \u0111\u1ec1u n\u00e2ng cao hi\u1ec7u qu\u1ea3 c\u1eaft. \u0110i\u1ec1u n\u00e0y cho ph\u00e9p m\u00e1y c\u1eaft c\u1ecf quay x\u1eed l\u00fd th\u1ea3m th\u1ef1c v\u1eadt d\u00e0y \u0111\u1eb7c v\u00e0 \u0111\u1ecba h\u00ecnh kh\u00f4ng b\u1eb1ng ph\u1eb3ng hi\u1ec7u qu\u1ea3 h\u01a1n, khi\u1ebfn ch\u00fang tr\u1edf n\u00ean l\u00fd t\u01b0\u1edfng cho nhi\u1ec1u c\u00f4ng vi\u1ec7c c\u1eaft c\u1ecf kh\u00e1c nhau, t\u1eeb ch\u0103m s\u00f3c c\u1ecf th\u00f4ng th\u01b0\u1eddng \u0111\u1ebfn x\u1eed l\u00fd c\u00e1c khu v\u1ef1c c\u1ecf m\u1ecdc um t\u00f9m, r\u1eadm r\u1ea1p.<\/p>\n<p><strong>T\u00ednh linh ho\u1ea1t v\u00e0 kh\u1ea3 n\u0103ng t\u00f9y ch\u1ec9nh<\/strong><\/p>\n<p>H\u1ed9p s\u1ed1 m\u00e1y c\u1eaft c\u1ecf quay c\u00f3 nhi\u1ec1u c\u1ea5u h\u00ecnh kh\u00e1c nhau, bao g\u1ed3m c\u00e1c m\u1eabu \u0111\u01a1n t\u1ed1c \u0111\u1ed9 v\u00e0 \u0111a t\u1ed1c \u0111\u1ed9, mang l\u1ea1i s\u1ef1 linh ho\u1ea1t cho nhi\u1ec1u \u1ee9ng d\u1ee5ng. Nhi\u1ec1u nh\u00e0 s\u1ea3n xu\u1ea5t, bao g\u1ed3m FMP, cung c\u1ea5p c\u00e1c gi\u1ea3i ph\u00e1p t\u00f9y ch\u1ec9nh \u0111\u1ec3 \u0111\u00e1p \u1ee9ng c\u00e1c nhu c\u1ea7u v\u1eadn h\u00e0nh c\u1ee5 th\u1ec3, ch\u1eb3ng h\u1ea1n nh\u01b0 \u0111i\u1ec1u ch\u1ec9nh chi\u1ec1u cao c\u1eaft ho\u1eb7c t\u0103ng th\u00eam m\u00f4-men xo\u1eafn cho c\u00e1c \u0111i\u1ec1u ki\u1ec7n c\u1eaft c\u1ecf kh\u1eafc nghi\u1ec7t h\u01a1n. T\u00ednh linh ho\u1ea1t n\u00e0y cho ph\u00e9p h\u1ed9p s\u1ed1 m\u00e1y c\u1eaft c\u1ecf quay ph\u1ee5c v\u1ee5 c\u00e1c ng\u00e0nh c\u00f4ng nghi\u1ec7p t\u1eeb n\u00f4ng nghi\u1ec7p \u0111\u1ebfn c\u1ea3nh quan \u0111\u00f4 th\u1ecb, \u0111\u1ea3m b\u1ea3o m\u1ed7i \u1ee9ng d\u1ee5ng \u0111\u1ec1u \u0111\u1ea1t hi\u1ec7u su\u1ea5t ph\u00f9 h\u1ee3p.<\/p>\n<p><strong>T\u00ednh n\u0103ng an to\u00e0n<\/strong><\/p>\n<p>An to\u00e0n l\u00e0 y\u1ebfu t\u1ed1 quan tr\u1ecdng c\u1ea7n c\u00e2n nh\u1eafc khi s\u1eed d\u1ee5ng thi\u1ebft b\u1ecb c\u1eaft c\u1ecf, v\u00e0 nhi\u1ec1u h\u1ed9p s\u1ed1 m\u00e1y c\u1eaft c\u1ecf quay \u0111\u01b0\u1ee3c trang b\u1ecb c\u00e1c t\u00ednh n\u0103ng an to\u00e0n ti\u00ean ti\u1ebfn. Ch\u00fang bao g\u1ed3m b\u1ed9 ly h\u1ee3p ch\u1ed1ng qu\u00e1 t\u1ea3i v\u00e0 c\u01a1 c\u1ea5u ng\u1eaft k\u1ebft n\u1ed1i, gi\u00fap b\u1ea3o v\u1ec7 h\u1ed9p s\u1ed1 v\u00e0 l\u01b0\u1ee1i c\u1eaft kh\u1ecfi h\u01b0 h\u1ecfng khi \u0111\u1ed9ng c\u01a1 t\u1eaft. C\u00e1c t\u00ednh n\u0103ng n\u00e0y c\u0169ng n\u00e2ng cao s\u1ef1 an to\u00e0n cho ng\u01b0\u1eddi v\u1eadn h\u00e0nh b\u1eb1ng c\u00e1ch gi\u1ea3m nguy c\u01a1 h\u1ecfng h\u00f3c c\u01a1 h\u1ecdc v\u00e0 tai n\u1ea1n trong qu\u00e1 tr\u00ecnh v\u1eadn h\u00e0nh.<\/p>\n<p><strong>Nh\u1ecf g\u1ecdn v\u00e0 d\u1ec5 l\u1eafp \u0111\u1eb7t<\/strong><\/p>\n<p>Thi\u1ebft k\u1ebf nh\u1ecf g\u1ecdn c\u1ee7a h\u1ed9p s\u1ed1 m\u00e1y c\u1eaft c\u1ecf quay \u0111\u1ea3m b\u1ea3o d\u1ec5 d\u00e0ng l\u1eafp \u0111\u1eb7t tr\u00ean nhi\u1ec1u lo\u1ea1i m\u00e1y c\u1eaft c\u1ecf v\u00e0 m\u00e1y m\u00f3c kh\u00e1c nhau. Vi\u1ec7c t\u00edch h\u1ee3p d\u1ec5 d\u00e0ng v\u00e0o c\u00e1c h\u1ec7 th\u1ed1ng kh\u00e1c nhau khi\u1ebfn ch\u00fang tr\u1edf th\u00e0nh l\u1ef1a ch\u1ecdn tuy\u1ec7t v\u1eddi cho c\u1ea3 nh\u00e0 s\u1ea3n xu\u1ea5t OEM v\u00e0 ng\u01b0\u1eddi d\u00f9ng cu\u1ed1i. Thi\u1ebft k\u1ebf hi\u1ec7u qu\u1ea3 gi\u00fap t\u1ed1i \u0111a h\u00f3a kh\u1ea3 n\u0103ng truy\u1ec1n t\u1ea3i c\u00f4ng su\u1ea5t \u0111\u1ed3ng th\u1eddi gi\u1ea3m thi\u1ec3u y\u00eau c\u1ea7u v\u1ec1 kh\u00f4ng gian, \u0111\u1ea3m b\u1ea3o h\u1ed9p s\u1ed1 n\u00e0y linh ho\u1ea1t v\u00e0 ti\u1ec7n l\u1ee3i cho nhi\u1ec1u lo\u1ea1i thi\u1ebft b\u1ecb kh\u00e1c nhau.<\/p>\n<p>T\u00f3m l\u1ea1i, h\u1ed9p s\u1ed1 m\u00e1y c\u1eaft c\u1ecf quay \u0111\u00f3ng vai tr\u00f2 quan tr\u1ecdng trong vi\u1ec7c n\u00e2ng cao hi\u1ec7u su\u1ea5t, \u0111\u1ed9 b\u1ec1n v\u00e0 hi\u1ec7u qu\u1ea3 chi ph\u00ed c\u1ee7a thi\u1ebft b\u1ecb c\u1eaft c\u1ecf. Kh\u1ea3 n\u0103ng truy\u1ec1n l\u1ef1c hi\u1ec7u qu\u1ea3, gi\u1ea3m nhu c\u1ea7u b\u1ea3o tr\u00ec v\u00e0 c\u1ea3i thi\u1ec7n hi\u1ec7u su\u1ea5t c\u1eaft khi\u1ebfn ch\u00fang tr\u1edf th\u00e0nh m\u1ed9t b\u1ed9 ph\u1eadn kh\u00f4ng th\u1ec3 thi\u1ebfu trong m\u00e1y c\u1eaft c\u1ecf quay hi\u1ec7n \u0111\u1ea1i \u0111\u01b0\u1ee3c s\u1eed d\u1ee5ng trong c\u00e1c \u1ee9ng d\u1ee5ng n\u00f4ng nghi\u1ec7p, c\u00f4ng nghi\u1ec7p v\u00e0 c\u1ea3nh quan. Cho d\u00f9 b\u1ea1n \u0111ang b\u1ea3o d\u01b0\u1ee1ng nh\u1eefng c\u00e1nh \u0111\u1ed3ng r\u1ed9ng l\u1edbn hay c\u1ea3nh quan \u0111\u00f4 th\u1ecb, h\u1ed9p s\u1ed1 ph\u00f9 h\u1ee3p s\u1ebd \u0111\u1ea3m b\u1ea3o m\u00e1y c\u1eaft c\u1ecf c\u1ee7a b\u1ea1n ho\u1ea1t \u0111\u1ed9ng t\u1ed1i \u01b0u, gi\u1ea3m th\u1eddi gian ch\u1ebft v\u00e0 t\u0103ng n\u0103ng su\u1ea5t.<\/p>\n<p><img loading=\"lazy\" decoding=\"async\" class=\"alignnone size-full wp-image-1951\" src=\"https:\/\/fmp-components.com\/wp-content\/uploads\/2024\/12\/Rotary-Mower-Gearbox-211.webp\" alt=\"H\u1ed9p s\u1ed1 m\u00e1y c\u1eaft c\u1ecf quay\" width=\"800\" height=\"600\" title=\"\" srcset=\"https:\/\/fmp-components.com\/wp-content\/uploads\/2024\/12\/Rotary-Mower-Gearbox-211.webp 800w, https:\/\/fmp-components.com\/wp-content\/uploads\/2024\/12\/Rotary-Mower-Gearbox-211-480x360.webp 480w\" sizes=\"(min-width: 0px) and (max-width: 480px) 480px, (min-width: 481px) 800px, 100vw\" \/><\/p>\n<h3>Gi\u1edbi thi\u1ec7u v\u1ec1 FMP<\/h3>\n<p>FMP, c\u00f3 tr\u1ee5 s\u1edf t\u1ea1i \u00dd, l\u00e0 m\u1ed9t c\u00f4ng ty h\u00e0ng \u0111\u1ea7u trong l\u0129nh v\u1ef1c nghi\u00ean c\u1ee9u, ph\u00e1t tri\u1ec3n v\u00e0 s\u1ea3n xu\u1ea5t h\u1ed9p s\u1ed1, b\u1ed9 gi\u1ea3m t\u1ed1c v\u00e0 m\u00e1y m\u00f3c k\u1ef9 thu\u1eadt. V\u1edbi tr\u1ecdng t\u00e2m m\u1ea1nh m\u1ebd v\u00e0o ch\u1ea5t l\u01b0\u1ee3ng, \u0111\u1ed5i m\u1edbi v\u00e0 c\u1ea3i ti\u1ebfn li\u00ean t\u1ee5c, FMP \u0111\u00e3 t\u1ea1o d\u1ef1ng \u0111\u01b0\u1ee3c danh ti\u1ebfng xu\u1ea5t s\u1eafc trong ng\u00e0nh c\u01a1 kh\u00ed. Cam k\u1ebft ph\u00e1t tri\u1ec3n nh\u00e2n t\u00e0i v\u00e0 ti\u1ebfn b\u1ed9 c\u00f4ng ngh\u1ec7 c\u1ee7a c\u00f4ng ty \u0111\u00e3 mang l\u1ea1i s\u1ef1 c\u00f4ng nh\u1eadn c\u1ea3 trong n\u01b0\u1edbc v\u00e0 qu\u1ed1c t\u1ebf, gi\u00fap c\u00f4ng ty tr\u1edf th\u00e0nh \u0111\u1ed1i t\u00e1c \u0111\u00e1ng tin c\u1eady trong nhi\u1ec1u l\u0129nh v\u1ef1c kh\u00e1c nhau.<\/p>\n<p>Danh m\u1ee5c s\u1ea3n ph\u1ea9m c\u1ee7a FMP bao g\u1ed3m nhi\u1ec1u lo\u1ea1i h\u1ed9p s\u1ed1 hi\u1ec7u su\u1ea5t cao, ch\u1eb3ng h\u1ea1n nh\u01b0 h\u1ed9p s\u1ed1 c\u00f4n xo\u1eafn, h\u1ed9p s\u1ed1 th\u1eb3ng, h\u1ed9p s\u1ed1 tr\u1ee5c v\u00edt, h\u1ed9p s\u1ed1 tr\u1ee5, th\u00e2n v\u00e0 v\u1ecf van \u0111\u00fac \u00e1p su\u1ea5t cao. M\u1ed7i s\u1ea3n ph\u1ea9m \u0111\u1ec1u \u0111\u01b0\u1ee3c thi\u1ebft k\u1ebf t\u1ec9 m\u1ec9 \u0111\u1ec3 \u0111\u00e1p \u1ee9ng nhu c\u1ea7u c\u1ee7a c\u1ea3 \u1ee9ng d\u1ee5ng c\u00f4ng nghi\u1ec7p v\u00e0 n\u00f4ng nghi\u1ec7p, \u0111\u1ea3m b\u1ea3o \u0111\u1ed9 tin c\u1eady l\u00e2u d\u00e0i v\u00e0 hi\u1ec7u su\u1ea5t v\u01b0\u1ee3t tr\u1ed9i.<\/p>\n<p>H\u1ed9p s\u1ed1 v\u00e0 linh ki\u1ec7n c\u1ee7a FMP \u0111\u01b0\u1ee3c \u1ee9ng d\u1ee5ng trong nhi\u1ec1u ng\u00e0nh c\u00f4ng nghi\u1ec7p, bao g\u1ed3m n\u00f4ng nghi\u1ec7p, khai th\u00e1c d\u1ea7u kh\u00ed, h\u1ec7 th\u1ed1ng h\u00e0ng h\u1ea3i v\u00e0 k\u1ef9 thu\u1eadt th\u1ee7y l\u1ef1c. Trong n\u00f4ng nghi\u1ec7p, FMP cung c\u1ea5p n\u0103ng l\u01b0\u1ee3ng cho c\u00e1c thi\u1ebft b\u1ecb quan tr\u1ecdng nh\u01b0 m\u00e1y c\u1eaft c\u1ecf quay, m\u00e1y qu\u00e9t tuy\u1ebft, m\u00e1y r\u1ea3i ph\u00e2n b\u00f3n v\u00e0 b\u0103ng t\u1ea3i ng\u0169 c\u1ed1c. T\u00ednh linh ho\u1ea1t n\u00e0y nh\u1ea5n m\u1ea1nh kh\u1ea3 n\u0103ng c\u1ee7a FMP trong vi\u1ec7c cung c\u1ea5p c\u00e1c gi\u1ea3i ph\u00e1p ph\u00f9 h\u1ee3p, t\u1ed1i \u01b0u h\u00f3a hi\u1ec7u qu\u1ea3 tr\u00ean nhi\u1ec1u l\u0129nh v\u1ef1c kh\u00e1c nhau.<\/p>\n<p>Quy tr\u00ecnh s\u1ea3n xu\u1ea5t c\u1ee7a c\u00f4ng ty \u0111\u01b0\u1ee3c x\u00e2y d\u1ef1ng tr\u00ean c\u00f4ng ngh\u1ec7 ti\u00ean ti\u1ebfn v\u00e0 ti\u00eau chu\u1ea9n ki\u1ec3m so\u00e1t ch\u1ea5t l\u01b0\u1ee3ng nghi\u00eam ng\u1eb7t. T\u1eeb thi\u1ebft k\u1ebf ban \u0111\u1ea7u \u0111\u1ebfn l\u1eafp r\u00e1p cu\u1ed1i c\u00f9ng, FMP \u0111\u1ea3m b\u1ea3o m\u1ed7i s\u1ea3n ph\u1ea9m \u0111\u1ec1u \u0111\u01b0\u1ee3c ch\u1ebf t\u00e1c t\u1eeb v\u1eadt li\u1ec7u cao c\u1ea5p nh\u01b0 gang v\u00e0 h\u1ee3p kim nh\u00f4m. K\u1ef9 thu\u1eadt gia c\u00f4ng ti\u00ean ti\u1ebfn v\u00e0 quy tr\u00ecnh ki\u1ec3m tra k\u1ef9 l\u01b0\u1ee1ng \u0111\u1ea3m b\u1ea3o \u0111\u1ed9 ch\u00ednh x\u00e1c, \u0111\u1ed9 b\u1ec1n v\u00e0 hi\u1ec7u su\u1ea5t \u1ed5n \u0111\u1ecbnh. Cam k\u1ebft c\u1ee7a FMP v\u1ec1 s\u1ef1 xu\u1ea5t s\u1eafc trong t\u1eebng giai \u0111o\u1ea1n s\u1ea3n xu\u1ea5t \u0111\u1ea3m b\u1ea3o s\u1ea3n ph\u1ea9m c\u1ee7a c\u00f4ng ty lu\u00f4n \u0111\u00e1p \u1ee9ng c\u00e1c ti\u00eau chu\u1ea9n cao nh\u1ea5t c\u1ee7a ng\u00e0nh.<\/p>\n<p>FMP ho\u1ea1t \u0111\u1ed9ng d\u1ef1a tr\u00ean ph\u01b0\u01a1ng ch\u00e2m kinh doanh h\u01b0\u1edbng \u0111\u1ebfn s\u1ef1 h\u00e0i l\u00f2ng c\u1ee7a kh\u00e1ch h\u00e0ng v\u00e0 h\u01b0\u1edbng \u0111\u1ebfn t\u01b0\u01a1ng lai. C\u00f4ng ty t\u00edch c\u1ef1c t\u00ecm ki\u1ebfm c\u00e1c \u0111\u1ed1i t\u00e1c to\u00e0n c\u1ea7u, cung c\u1ea5p c\u00e1c gi\u1ea3i ph\u00e1p \u0111\u01b0\u1ee3c thi\u1ebft k\u1ebf ri\u00eang \u0111\u1ec3 \u0111\u00e1p \u1ee9ng nhu c\u1ea7u ri\u00eang bi\u1ec7t c\u1ee7a kh\u00e1ch h\u00e0ng. \u0110\u1ec3 t\u00ecm hi\u1ec3u th\u00eam v\u1ec1 c\u00e1c s\u1ea3n ph\u1ea9m c\u1ee7a FMP ho\u1eb7c kh\u00e1m ph\u00e1 c\u01a1 h\u1ed9i h\u1ee3p t\u00e1c, c\u00e1c \u0111\u1ed1i t\u00e1c quan t\u00e2m c\u00f3 th\u1ec3 li\u00ean h\u1ec7 tr\u1ef1c ti\u1ebfp v\u1edbi c\u00f4ng ty qua \u0111i\u1ec7n tho\u1ea1i ho\u1eb7c email, kh\u1eb3ng \u0111\u1ecbnh cam k\u1ebft c\u1ee7a FMP trong vi\u1ec7c cung c\u1ea5p d\u1ecbch v\u1ee5 xu\u1ea5t s\u1eafc v\u00e0 c\u00e1c gi\u1ea3i ph\u00e1p ch\u1ea5t l\u01b0\u1ee3ng cao.<\/p>\n<p><img loading=\"lazy\" decoding=\"async\" class=\"alignnone size-full wp-image-1861\" src=\"https:\/\/fmp-components.com\/wp-content\/uploads\/2024\/12\/Other-Agricultural-Gearboxes.webp\" alt=\"H\u1ed9p s\u1ed1 n\u00f4ng nghi\u1ec7p kh\u00e1c\" width=\"1200\" height=\"1400\" title=\"\" srcset=\"https:\/\/fmp-components.com\/wp-content\/uploads\/2024\/12\/Other-Agricultural-Gearboxes.webp 1200w, https:\/\/fmp-components.com\/wp-content\/uploads\/2024\/12\/Other-Agricultural-Gearboxes-980x1143.webp 980w, https:\/\/fmp-components.com\/wp-content\/uploads\/2024\/12\/Other-Agricultural-Gearboxes-480x560.webp 480w\" sizes=\"(min-width: 0px) and (max-width: 480px) 480px, (min-width: 481px) and (max-width: 980px) 980px, (min-width: 981px) 1200px, 100vw\" \/><\/p>\n<p>T\u00e1c gi\u1ea3: CX<\/p>","protected":false},"excerpt":{"rendered":"<p>H\u1ed9p s\u1ed1 m\u00e1y c\u1eaft c\u1ecf xoay \u2013 Thay th\u1ebf h\u1ed9p s\u1ed1 Comer m\u00e3 T-25J Th\u00f4ng s\u1ed1 k\u1ef9 thu\u1eadt M\u00f4 t\u1ea3 H\u1ed9p s\u1ed1 m\u00e1y c\u1eaft c\u1ecf xoay \u2013 Thay th\u1ebf h\u1ed9p s\u1ed1 Comer T-25J t\u0103ng t\u1ed1c \u1ee8ng d\u1ee5ng Nhi\u1ec1u \u1ee9ng d\u1ee5ng (n\u00f4ng nghi\u1ec7p), M\u00e1y c\u1eaft c\u1ecf, M\u00e1y r\u1ea3i ph\u00e2n b\u00f3n h\u00f3a h\u1ecdc, M\u00e1y c\u01b0a v\u00f2ng Bao g\u1ed3m H\u1ed9p s\u1ed1 Kh\u00f4ng c\u00f3 d\u1ea7u Th\u00f4ng tin k\u1ef9 thu\u1eadt M\u00f4-men xo\u1eafn \u0111\u1ea7u ra t\u1ed1i \u0111a 22,7 daNm C\u00f3 d\u1ea7u Kh\u00f4ng Dung t\u00edch d\u1ea7u t\u1ed1i \u0111a 0,35 l Chu k\u1ef3 thay d\u1ea7u t\u1ed1i \u0111a [\u2026]<\/p>","protected":false},"featured_media":1949,"comment_status":"open","ping_status":"closed","template":"","meta":{"_et_pb_use_builder":"","_et_pb_old_content":"","_et_gb_content_width":""},"product_brand":[],"product_cat":[51],"product_tag":[],"class_list":{"0":"post-1948","1":"product","2":"type-product","3":"status-publish","4":"has-post-thumbnail","6":"product_cat-rotary-mower-gearbox","8":"first","9":"instock","10":"shipping-taxable","11":"product-type-simple"},"_links":{"self":[{"href":"https:\/\/fmp-components.com\/vi\/wp-json\/wp\/v2\/product\/1948","targetHints":{"allow":["GET"]}}],"collection":[{"href":"https:\/\/fmp-components.com\/vi\/wp-json\/wp\/v2\/product"}],"about":[{"href":"https:\/\/fmp-components.com\/vi\/wp-json\/wp\/v2\/types\/product"}],"replies":[{"embeddable":true,"href":"https:\/\/fmp-components.com\/vi\/wp-json\/wp\/v2\/comments?post=1948"}],"wp:featuredmedia":[{"embeddable":true,"href":"https:\/\/fmp-components.com\/vi\/wp-json\/wp\/v2\/media\/1949"}],"wp:attachment":[{"href":"https:\/\/fmp-components.com\/vi\/wp-json\/wp\/v2\/media?parent=1948"}],"wp:term":[{"taxonomy":"product_brand","embeddable":true,"href":"https:\/\/fmp-components.com\/vi\/wp-json\/wp\/v2\/product_brand?post=1948"},{"taxonomy":"product_cat","embeddable":true,"href":"https:\/\/fmp-components.com\/vi\/wp-json\/wp\/v2\/product_cat?post=1948"},{"taxonomy":"product_tag","embeddable":true,"href":"https:\/\/fmp-components.com\/vi\/wp-json\/wp\/v2\/product_tag?post=1948"}],"curies":[{"name":"wp","href":"https:\/\/api.w.org\/{rel}","templated":true}]}}