{"id":1938,"date":"2024-12-26T02:05:01","date_gmt":"2024-12-26T02:05:01","guid":{"rendered":"https:\/\/fmp-components.com\/?page_id=8"},"modified":"2024-12-26T02:18:02","modified_gmt":"2024-12-26T02:18:02","slug":"rotary-mower-gearbox-replacement-of-comer-code-tf-26a","status":"publish","type":"product","link":"https:\/\/fmp-components.com\/vi\/product\/rotary-mower-gearbox-replacement-of-comer-code-tf-26a\/","title":{"rendered":"H\u1ed9p s\u1ed1 m\u00e1y c\u1eaft c\u1ecf quay \u2013 Thay th\u1ebf m\u00e3 g\u00f3c TF-26A"},"content":{"rendered":"<p><img loading=\"lazy\" decoding=\"async\" class=\"size-full wp-image-1942 aligncenter\" src=\"https:\/\/fmp-components.com\/wp-content\/uploads\/2024\/12\/rotary-mower-gearbox-tf26a-1.webp\" alt=\"h\u1ed9p s\u1ed1 m\u00e1y c\u1eaft c\u1ecf quay tf26a-1\" width=\"300\" height=\"300\" title=\"\" srcset=\"https:\/\/fmp-components.com\/wp-content\/uploads\/2024\/12\/rotary-mower-gearbox-tf26a-1.webp 300w, https:\/\/fmp-components.com\/wp-content\/uploads\/2024\/12\/rotary-mower-gearbox-tf26a-1-150x150.webp 150w, https:\/\/fmp-components.com\/wp-content\/uploads\/2024\/12\/rotary-mower-gearbox-tf26a-1-12x12.webp 12w, https:\/\/fmp-components.com\/wp-content\/uploads\/2024\/12\/rotary-mower-gearbox-tf26a-1-100x100.webp 100w\" sizes=\"(max-width: 300px) 100vw, 300px\" \/><\/p>\n<h2>Th\u00f4ng s\u1ed1 k\u1ef9 thu\u1eadt h\u1ed9p s\u1ed1 m\u00e1y c\u1eaft c\u1ecf quay TF-26A<\/h2>\n<p><img loading=\"lazy\" decoding=\"async\" class=\"alignnone size-full wp-image-1939\" src=\"https:\/\/fmp-components.com\/wp-content\/uploads\/2024\/12\/rotary-mower-gearbox-specifications-tf26a.webp\" alt=\"th\u00f4ng s\u1ed1 k\u1ef9 thu\u1eadt h\u1ed9p s\u1ed1 m\u00e1y c\u1eaft c\u1ecf quay tf26a\" width=\"867\" height=\"449\" title=\"\" srcset=\"https:\/\/fmp-components.com\/wp-content\/uploads\/2024\/12\/rotary-mower-gearbox-specifications-tf26a.webp 867w, https:\/\/fmp-components.com\/wp-content\/uploads\/2024\/12\/rotary-mower-gearbox-specifications-tf26a-480x249.webp 480w\" sizes=\"(min-width: 0px) and (max-width: 480px) 480px, (min-width: 481px) 867px, 100vw\" \/><\/p>\n<table style=\"width: 100%;\" border=\"1\" width=\"100%\" cellspacing=\"0\" cellpadding=\"0\">\n<tbody>\n<tr>\n<td rowspan=\"2\"><strong>T\u00f4i<\/strong><\/td>\n<td rowspan=\"2\"><strong>N<sub>1<\/sub>[v\u00f2ng\/ph\u00fat]<\/strong><\/td>\n<td rowspan=\"2\"><strong>P<sub>1<\/sub>[kW]<\/strong><\/td>\n<td rowspan=\"2\"><strong>M<sub>2<\/sub>[Nm]<\/strong><\/td>\n<td colspan=\"3\"><strong>Lo\u1ea1i tr\u1ee5c<\/strong><\/td>\n<td rowspan=\"2\"><strong>\u0110\u1ea7u v\u00e0o<\/strong><\/td>\n<\/tr>\n<tr>\n<td><strong>X<\/strong><\/td>\n<td><strong>C\u00f3<\/strong><\/td>\n<td><strong>Z<\/strong><\/td>\n<\/tr>\n<tr>\n<td>1.84<\/td>\n<td>540<\/td>\n<td>66.0<\/td>\n<td>615<\/td>\n<td>1\u201d 3\/8 Z6<\/td>\n<td>1\u201d 3\/8 Z6<\/td>\n<td>K\u1ebft n\u1ed1i trung t\u00e2m<\/td>\n<td>C\u00f3<\/td>\n<\/tr>\n<tr>\n<td>1.47<\/td>\n<td>540<\/td>\n<td>66.0<\/td>\n<td>770<\/td>\n<td>1\u201d 3\/8 Z6<\/td>\n<td>1\u201d 3\/8 Z6<\/td>\n<td>K\u1ebft n\u1ed1i trung t\u00e2m<\/td>\n<td>C\u00f3<\/td>\n<\/tr>\n<\/tbody>\n<\/table>\n<h3>\u0110\u1eb7c \u0111i\u1ec3m c\u1ee7a h\u1ed9p s\u1ed1 m\u00e1y c\u1eaft c\u1ecf quay<\/h3>\n<p>H\u1ed9p s\u1ed1 l\u00e0 m\u1ed9t b\u1ed9 ph\u1eadn quan tr\u1ecdng c\u1ee7a m\u00e1y c\u1eaft c\u1ecf quay, \u0111\u1ea3m b\u1ea3o m\u00e1y ho\u1ea1t \u0111\u1ed9ng hi\u1ec7u qu\u1ea3 v\u00e0 n\u0103ng su\u1ea5t. M\u00e1y c\u1eaft c\u1ecf quay \u0111\u01b0\u1ee3c s\u1eed d\u1ee5ng r\u1ed9ng r\u00e3i b\u1edfi c\u00e1c nh\u00e0 thi\u1ebft k\u1ebf c\u1ea3nh quan, ng\u01b0\u1eddi l\u00e0m v\u01b0\u1eddn v\u00e0 trong c\u00e1c m\u00f4i tr\u01b0\u1eddng n\u00f4ng nghi\u1ec7p nh\u1edd kh\u1ea3 n\u0103ng c\u1eaft c\u1ecf, c\u1ecf d\u1ea1i v\u00e0 b\u1ee5i r\u1eadm m\u1ed9t c\u00e1ch d\u1ec5 d\u00e0ng. H\u1ed9p s\u1ed1 m\u00e1y c\u1eaft c\u1ecf quay ch\u1ea5t l\u01b0\u1ee3ng cao gi\u00fap n\u00e2ng cao hi\u1ec7u su\u1ea5t, \u0111\u1ed9 b\u1ec1n v\u00e0 tu\u1ed5i th\u1ecd t\u1ed5ng th\u1ec3 c\u1ee7a m\u00e1y, gi\u00fap m\u00e1y v\u1eadn h\u00e0nh tr\u01a1n tru trong nhi\u1ec1u \u0111i\u1ec1u ki\u1ec7n kh\u00e1c nhau.<\/p>\n<p>M\u1ed9t trong nh\u1eefng t\u00ednh n\u0103ng ch\u00ednh c\u1ee7a h\u1ed9p s\u1ed1 m\u00e1y c\u1eaft c\u1ecf quay l\u00e0 <strong>nh\u00e0 \u1edf b\u1ec1n<\/strong>, th\u01b0\u1eddng \u0111\u01b0\u1ee3c l\u00e0m t\u1eeb v\u1eadt li\u1ec7u b\u1ec1n ch\u1eafc nh\u01b0 gang ho\u1eb7c h\u1ee3p kim nh\u00f4m. V\u1ecf h\u1ed9p s\u1ed1 c\u00f3 t\u00e1c d\u1ee5ng b\u1ea3o v\u1ec7 c\u00e1c b\u1ed9 ph\u1eadn b\u00ean trong kh\u1ecfi c\u00e1c y\u1ebfu t\u1ed1 m\u00f4i tr\u01b0\u1eddng kh\u1eafc nghi\u1ec7t nh\u01b0 b\u1ee5i b\u1ea9n, \u0111\u1ed9 \u1ea9m v\u00e0 m\u1ea3nh v\u1ee5n. K\u1ebft c\u1ea5u ch\u1eafc ch\u1eafn n\u00e0y \u0111\u1ea3m b\u1ea3o h\u1ed9p s\u1ed1 lu\u00f4n nguy\u00ean v\u1eb9n v\u00e0 ho\u1ea1t \u0111\u1ed9ng \u0111\u00e1ng tin c\u1eady trong c\u00e1c \u0111i\u1ec1u ki\u1ec7n kh\u1eafc nghi\u1ec7t, bao g\u1ed3m c\u1ea3 vi\u1ec7c c\u1eaft c\u1ecf n\u1eb7ng nh\u1ecdc tr\u00ean \u0111\u1ed3ng ru\u1ed9ng ho\u1eb7c \u0111\u1ecba h\u00ecnh g\u1ed3 gh\u1ec1.<\/p>\n<p>M\u1ed9t t\u00ednh n\u0103ng quan tr\u1ecdng kh\u00e1c l\u00e0 <strong>v\u00f2ng bi<\/strong> \u1ed4 tr\u1ee5c gi\u00fap h\u1ed7 tr\u1ee3 tr\u1ee5c quay v\u00e0 b\u00e1nh r\u0103ng b\u00ean trong h\u1ed9p s\u1ed1. \u1ed4 tr\u1ee5c gi\u00fap gi\u1ea3m ma s\u00e1t, cho ph\u00e9p c\u00e1c b\u1ed9 ph\u1eadn b\u00ean trong quay tr\u01a1n tru v\u00e0 hi\u1ec7u qu\u1ea3. Ch\u00fang c\u0169ng gi\u00fap gi\u1ea3m thi\u1ec3u hao m\u00f2n, \u0111\u1ea3m b\u1ea3o h\u1ed9p s\u1ed1 c\u00f3 th\u1ec3 ho\u1ea1t \u0111\u1ed9ng trong th\u1eddi gian d\u00e0i m\u00e0 kh\u00f4ng c\u1ea7n s\u1eeda ch\u1eefa th\u01b0\u1eddng xuy\u00ean. Vi\u1ec7c b\u00f4i tr\u01a1n \u1ed5 tr\u1ee5c \u0111\u00fang c\u00e1ch l\u00e0 r\u1ea5t quan tr\u1ecdng \u0111\u1ec3 ng\u0103n ng\u1eeba qu\u00e1 nhi\u1ec7t v\u00e0 duy tr\u00ec hi\u1ec7u su\u1ea5t t\u1ed1i \u01b0u, \u0111\u00f3 l\u00e0 l\u00fd do t\u1ea1i sao nhi\u1ec1u h\u1ed9p s\u1ed1 \u0111\u01b0\u1ee3c trang b\u1ecb h\u1ec7 th\u1ed1ng b\u00f4i tr\u01a1n t\u00edch h\u1ee3p, \u0111\u1ea3m b\u1ea3o t\u1ea5t c\u1ea3 c\u00e1c b\u1ed9 ph\u1eadn chuy\u1ec3n \u0111\u1ed9ng \u0111\u1ec1u \u0111\u01b0\u1ee3c b\u00f4i tr\u01a1n \u0111\u1ea7y \u0111\u1ee7.<\/p>\n<p>C\u00e1c <strong>h\u1ea3i c\u1ea9u<\/strong> Trong h\u1ed9p s\u1ed1, c\u00e1c gio\u0103ng ph\u1edbt \u0111\u00f3ng vai tr\u00f2 quan tr\u1ecdng trong vi\u1ec7c ng\u0103n ch\u1eb7n s\u1ef1 x\u00e2m nh\u1eadp c\u1ee7a c\u00e1c ch\u1ea5t g\u00e2y \u00f4 nhi\u1ec5m nh\u01b0 b\u1ee5i b\u1ea9n, c\u1ecf c\u1eaft v\u00e0 n\u01b0\u1edbc. C\u00e1c gio\u0103ng ph\u1edbt n\u00e0y gi\u00fap duy tr\u00ec t\u00ednh to\u00e0n v\u1eb9n c\u1ee7a ch\u1ea5t b\u00f4i tr\u01a1n b\u00ean trong h\u1ed9p s\u1ed1 v\u00e0 b\u1ea3o v\u1ec7 c\u00e1c b\u00e1nh r\u0103ng b\u00ean trong kh\u1ecfi b\u1ecb h\u01b0 h\u1ecfng. N\u1ebfu kh\u00f4ng \u0111\u01b0\u1ee3c b\u1ecbt k\u00edn \u0111\u00fang c\u00e1ch, c\u00e1c m\u1ea3nh v\u1ee5n c\u00f3 th\u1ec3 x\u00e2m nh\u1eadp v\u00e0o h\u1ed9p s\u1ed1 v\u00e0 g\u00e2y h\u01b0 h\u1ecfng \u0111\u00e1ng k\u1ec3 cho c\u00e1c b\u1ed9 ph\u1eadn, d\u1eabn \u0111\u1ebfn chi ph\u00ed s\u1eeda ch\u1eefa v\u00e0 th\u1eddi gian ng\u1eebng ho\u1ea1t \u0111\u1ed9ng cao. Do \u0111\u00f3, gio\u0103ng ph\u1edbt \u0111\u1ea3m b\u1ea3o h\u1ed9p s\u1ed1 lu\u00f4n ho\u1ea1t \u0111\u1ed9ng hi\u1ec7u qu\u1ea3 v\u00e0 k\u00e9o d\u00e0i tu\u1ed5i th\u1ecd t\u1ed5ng th\u1ec3 c\u1ee7a m\u00e1y c\u1eaft c\u1ecf.<\/p>\n<p>M\u1ed9t s\u1ed1 h\u1ed9p s\u1ed1 m\u00e1y c\u1eaft c\u1ecf quay ti\u00ean ti\u1ebfn \u0111i k\u00e8m v\u1edbi c\u00e1c t\u00ednh n\u0103ng b\u1ed5 sung <strong>c\u00e1c t\u00ednh n\u0103ng nh\u01b0 b\u00e1nh r\u0103ng c\u00f3 th\u1ec3 \u0111i\u1ec1u ch\u1ec9nh<\/strong> cho ph\u00e9p ng\u01b0\u1eddi v\u1eadn h\u00e0nh \u0111i\u1ec1u ch\u1ec9nh chi\u1ec1u cao c\u1eaft. T\u00ednh n\u0103ng n\u00e0y \u0111\u1eb7c bi\u1ec7t h\u1eefu \u00edch trong c\u00e1c \u0111i\u1ec1u ki\u1ec7n c\u1eaft c\u1ecf kh\u00e1c nhau, ch\u1eb3ng h\u1ea1n nh\u01b0 khi chuy\u1ec3n t\u1eeb c\u1eaft c\u1ecf sang c\u1eaft qua th\u1ea3m th\u1ef1c v\u1eadt d\u00e0y h\u01a1n. Kh\u1ea3 n\u0103ng \u0111i\u1ec1u ch\u1ec9nh chi\u1ec1u cao \u0111\u1ea3m b\u1ea3o \u0111\u01b0\u1eddng c\u1eaft s\u1ea1ch h\u01a1n v\u00e0 hi\u1ec7u qu\u1ea3 h\u01a1n, gi\u00fap ng\u01b0\u1eddi v\u1eadn h\u00e0nh ki\u1ec3m so\u00e1t t\u1ed1t h\u01a1n qu\u00e1 tr\u00ecnh c\u1eaft c\u1ecf. H\u01a1n n\u1eefa, m\u1ed9t s\u1ed1 h\u1ed9p s\u1ed1 c\u00f2n \u0111\u01b0\u1ee3c trang b\u1ecb <strong>c\u01a1 c\u1ea5u ly h\u1ee3p<\/strong> gi\u00fap ng\u1eaft l\u01b0\u1ee1i c\u1eaft khi m\u00e1y c\u1eaft kh\u00f4ng ho\u1ea1t \u0111\u1ed9ng. \u0110i\u1ec1u n\u00e0y gi\u00fap ng\u0103n ng\u1eeba t\u00ecnh tr\u1ea1ng m\u00e0i m\u00f2n kh\u00f4ng c\u1ea7n thi\u1ebft tr\u00ean l\u01b0\u1ee1i c\u1eaft v\u00e0 gi\u1ea3m nguy c\u01a1 h\u01b0 h\u1ecfng khi m\u00e1y c\u1eaft kh\u00f4ng ho\u1ea1t \u0111\u1ed9ng.<\/p>\n<p>Ngo\u00e0i h\u1ed9p s\u1ed1 m\u00e1y c\u1eaft c\u1ecf quay TF-26A, ch\u00fang t\u00f4i c\u00f2n cung c\u1ea5p nhi\u1ec1u lo\u1ea1i h\u1ed9p s\u1ed1 n\u00f4ng nghi\u1ec7p kh\u00e1c \u0111\u01b0\u1ee3c thi\u1ebft k\u1ebf cho c\u00e1c \u1ee9ng d\u1ee5ng c\u1ee5 th\u1ec3. D\u00f9 s\u1eed d\u1ee5ng trong c\u00f4ng nghi\u1ec7p n\u1eb7ng hay c\u00e1c c\u00f4ng vi\u1ec7c nh\u1eb9 h\u01a1n, d\u00f2ng h\u1ed9p s\u1ed1 c\u1ee7a ch\u00fang t\u00f4i \u0111\u1ea3m b\u1ea3o m\u1ecdi ng\u01b0\u1eddi d\u00f9ng \u0111\u1ec1u c\u00f3 th\u1ec3 t\u00ecm th\u1ea5y h\u1ed9p s\u1ed1 ph\u00f9 h\u1ee3p v\u1edbi m\u00e1y c\u1eaft c\u1ecf v\u00e0 nhu c\u1ea7u v\u1eadn h\u00e0nh c\u1ee7a m\u00ecnh.<\/p>\n<p>T\u00f3m l\u1ea1i, h\u1ed9p s\u1ed1 m\u00e1y c\u1eaft c\u1ecf quay ch\u1ea5t l\u01b0\u1ee3ng cao l\u00e0 y\u1ebfu t\u1ed1 thi\u1ebft y\u1ebfu \u0111\u1ec3 \u0111\u1ea3m b\u1ea3o v\u1eadn h\u00e0nh hi\u1ec7u qu\u1ea3, gi\u1ea3m thi\u1ec3u hao m\u00f2n v\u00e0 k\u00e9o d\u00e0i tu\u1ed5i th\u1ecd c\u1ee7a m\u00e1y c\u1eaft. V\u1edbi c\u00e1c t\u00ednh n\u0103ng nh\u01b0 v\u1ecf m\u00e1y b\u1ec1n b\u1ec9, \u1ed5 tr\u1ee5c hi\u1ec7u qu\u1ea3, ph\u1edbt b\u1ea3o v\u1ec7, b\u00e1nh r\u0103ng \u0111i\u1ec1u ch\u1ec9nh v\u00e0 c\u01a1 c\u1ea5u ly h\u1ee3p, nh\u1eefng h\u1ed9p s\u1ed1 n\u00e0y g\u00f3p ph\u1ea7n mang l\u1ea1i hi\u1ec7u su\u1ea5t v\u1eadn h\u00e0nh m\u01b0\u1ee3t m\u00e0 v\u00e0 \u0111\u00e1ng tin c\u1eady cho m\u00e1y c\u1eaft c\u1ecf quay trong nhi\u1ec1u m\u00f4i tr\u01b0\u1eddng kh\u00e1c nhau.<\/p>\n<p><img loading=\"lazy\" decoding=\"async\" class=\"alignnone size-full wp-image-1940\" src=\"https:\/\/fmp-components.com\/wp-content\/uploads\/2024\/12\/Rotary-Mower-Gearbox23.webp\" alt=\"H\u1ed9p s\u1ed1 m\u00e1y c\u1eaft c\u1ecf quay\" width=\"1000\" height=\"1000\" title=\"\" srcset=\"https:\/\/fmp-components.com\/wp-content\/uploads\/2024\/12\/Rotary-Mower-Gearbox23.webp 1000w, https:\/\/fmp-components.com\/wp-content\/uploads\/2024\/12\/Rotary-Mower-Gearbox23-980x980.webp 980w, https:\/\/fmp-components.com\/wp-content\/uploads\/2024\/12\/Rotary-Mower-Gearbox23-480x480.webp 480w\" sizes=\"(min-width: 0px) and (max-width: 480px) 480px, (min-width: 481px) and (max-width: 980px) 980px, (min-width: 981px) 1000px, 100vw\" \/><\/p>\n<h3>Tr\u1ee5c PTO \u0111\u1ec3 b\u00e1n<\/h3>\n<p>T\u1ea1i FMP, ch\u00fang t\u00f4i cung c\u1ea5p \u0111a d\u1ea1ng c\u00e1c lo\u1ea1i tr\u1ee5c PTO (Tr\u1ee5c Truy\u1ec1n L\u1ef1c) ch\u1ea5t l\u01b0\u1ee3ng cao, \u0111\u01b0\u1ee3c thi\u1ebft k\u1ebf chuy\u00ean d\u1ee5ng cho h\u1ed9p s\u1ed1 n\u00f4ng nghi\u1ec7p, bao g\u1ed3m h\u1ed9p s\u1ed1 m\u00e1y c\u1eaft c\u1ecf quay. Tr\u1ee5c PTO \u0111\u00f3ng vai tr\u00f2 quan tr\u1ecdng trong vi\u1ec7c truy\u1ec1n c\u00f4ng su\u1ea5t c\u01a1 h\u1ecdc t\u1eeb \u0111\u1ed9ng c\u01a1 m\u00e1y k\u00e9o \u0111\u1ebfn m\u00e1y m\u00f3c n\u00f4ng nghi\u1ec7p. Tr\u1ee5c PTO ho\u1ea1t \u0111\u1ed9ng \u1edf t\u1ed1c \u0111\u1ed9 t\u1eeb 540 \u0111\u1ebfn 1.000 v\u00f2ng\/ph\u00fat, t\u00f9y thu\u1ed9c v\u00e0o y\u00eau c\u1ea7u c\u1ee5 th\u1ec3 c\u1ee7a \u1ee9ng d\u1ee5ng.<\/p>\n<p>Tr\u1ee5c PTO c\u1ee7a ch\u00fang t\u00f4i \u0111\u01b0\u1ee3c thi\u1ebft k\u1ebf ch\u00fa tr\u1ecdng \u0111\u1ebfn \u0111\u1ed9 b\u1ec1n v\u00e0 hi\u1ec7u su\u1ea5t, v\u1edbi k\u1ebft c\u1ea5u ch\u1eafc ch\u1eafn v\u00e0 c\u00e1c kh\u1edbp n\u1ed1i \u1edf c\u1ea3 hai \u0111\u1ea7u \u0111\u1ec3 k\u1ebft n\u1ed1i li\u1ec1n m\u1ea1ch v\u1edbi h\u1ed9p s\u1ed1. C\u00e1c tr\u1ee5c n\u00e0y c\u00f3 nhi\u1ec1u m\u1ee9c m\u00f4-men xo\u1eafn kh\u00e1c nhau, cho ph\u00e9p b\u1ea1n l\u1ef1a ch\u1ecdn t\u00f9y ch\u1ecdn ph\u00f9 h\u1ee3p d\u1ef1a tr\u00ean nhu c\u1ea7u c\u00f4ng su\u1ea5t c\u1ee7a m\u00e1y. Cho d\u00f9 b\u1ea1n \u0111ang l\u00e0m vi\u1ec7c v\u1edbi thi\u1ebft b\u1ecb h\u1ea1ng nh\u1eb9 hay h\u1ea1ng n\u1eb7ng, ch\u00fang t\u00f4i \u0111\u1ec1u cung c\u1ea5p tr\u1ee5c PTO \u0111\u01b0\u1ee3c thi\u1ebft k\u1ebf ri\u00eang \u0111\u1ec3 mang l\u1ea1i hi\u1ec7u su\u1ea5t t\u1ed1i \u01b0u.<\/p>\n<p>Ngo\u00e0i c\u00e1c lo\u1ea1i tr\u1ee5c PTO ti\u00eau chu\u1ea9n \u0111a d\u1ea1ng, FMP c\u00f2n cung c\u1ea5p c\u00e1c gi\u1ea3i ph\u00e1p t\u00f9y ch\u1ec9nh \u0111\u1ec3 \u0111\u00e1p \u1ee9ng c\u00e1c y\u00eau c\u1ea7u c\u1ee5 th\u1ec3 c\u1ee7a m\u00e1y m\u00f3c b\u1ea1n. Cho d\u00f9 b\u1ea1n c\u1ea7n \u0111i\u1ec1u ch\u1ec9nh chi\u1ec1u d\u00e0i, m\u00f4-men xo\u1eafn hay c\u00e1c th\u00f4ng s\u1ed1 k\u1ef9 thu\u1eadt kh\u00e1c, ch\u00fang t\u00f4i \u0111\u1ec1u c\u00f3 th\u1ec3 thi\u1ebft k\u1ebf v\u00e0 s\u1ea3n xu\u1ea5t tr\u1ee5c PTO ph\u00f9 h\u1ee3p v\u1edbi nhu c\u1ea7u ch\u00ednh x\u00e1c c\u1ee7a b\u1ea1n.<\/p>\n<p>N\u1ebfu b\u1ea1n \u0111ang t\u00ecm ki\u1ebfm tr\u1ee5c PTO hi\u1ec7u su\u1ea5t cao, \u0111\u1ea3m b\u1ea3o truy\u1ec1n l\u1ef1c m\u01b0\u1ee3t m\u00e0 v\u00e0 v\u1eadn h\u00e0nh b\u1ec1n b\u1ec9, \u0111\u1eebng ng\u1ea7n ng\u1ea1i li\u00ean h\u1ec7 v\u1edbi ch\u00fang t\u00f4i. H\u00e3y li\u00ean h\u1ec7 ngay h\u00f4m nay \u0111\u1ec3 bi\u1ebft th\u00eam th\u00f4ng tin ho\u1eb7c th\u1ea3o lu\u1eadn v\u1ec1 c\u00e1c y\u00eau c\u1ea7u tr\u1ee5c PTO t\u00f9y ch\u1ec9nh c\u1ee7a b\u1ea1n!<\/p>\n<p><img loading=\"lazy\" decoding=\"async\" class=\"alignnone wp-image-1941\" src=\"https:\/\/fmp-components.com\/wp-content\/uploads\/2024\/12\/rotary-mower-gearbox-and-pto-drive-shaft.webp\" alt=\"H\u1ed9p s\u1ed1 m\u00e1y c\u1eaft c\u1ecf quay\" width=\"873\" height=\"641\" title=\"\" srcset=\"https:\/\/fmp-components.com\/wp-content\/uploads\/2024\/12\/rotary-mower-gearbox-and-pto-drive-shaft.webp 873w, https:\/\/fmp-components.com\/wp-content\/uploads\/2024\/12\/rotary-mower-gearbox-and-pto-drive-shaft-480x353.webp 480w\" sizes=\"(min-width: 0px) and (max-width: 480px) 480px, (min-width: 481px) 873px, 100vw\" \/><\/p>\n<h3>Gi\u1edbi thi\u1ec7u v\u1ec1 FMP<\/h3>\n<p>FMP, c\u00f3 tr\u1ee5 s\u1edf t\u1ea1i \u00dd, l\u00e0 m\u1ed9t c\u00f4ng ty h\u00e0ng \u0111\u1ea7u \u0111\u01b0\u1ee3c \u0111\u00e1nh gi\u00e1 cao trong l\u0129nh v\u1ef1c nghi\u00ean c\u1ee9u, ph\u00e1t tri\u1ec3n v\u00e0 s\u1ea3n xu\u1ea5t h\u1ed9p s\u1ed1, b\u1ed9 gi\u1ea3m t\u1ed1c v\u00e0 m\u00e1y m\u00f3c k\u1ef9 thu\u1eadt. N\u1ed5i ti\u1ebfng v\u1edbi s\u1ef1 t\u1eadp trung v\u00e0o \u0111\u1ed5i m\u1edbi, ch\u1ea5t l\u01b0\u1ee3ng v\u00e0 ph\u00e1t tri\u1ec3n nh\u00e2n t\u00e0i, FMP \u0111\u00e3 kh\u1eb3ng \u0111\u1ecbnh v\u1ecb th\u1ebf l\u00e0 m\u1ed9t c\u00f4ng ty h\u00e0ng \u0111\u1ea7u trong l\u0129nh v\u1ef1c c\u01a1 kh\u00ed. C\u00f4ng ty \u0111\u00e3 \u0111\u01b0\u1ee3c c\u00f4ng nh\u1eadn c\u1ea3 trong n\u01b0\u1edbc v\u00e0 qu\u1ed1c t\u1ebf nh\u1edd s\u1ef1 t\u1eadn t\u00e2m kh\u00f4ng ng\u1eebng c\u1ea3i ti\u1ebfn v\u00e0 xu\u1ea5t s\u1eafc, tr\u1edf th\u00e0nh \u0111\u1ed1i t\u00e1c \u0111\u00e1ng tin c\u1eady trong nhi\u1ec1u ng\u00e0nh c\u00f4ng nghi\u1ec7p.<\/p>\n<p>FMP cung c\u1ea5p \u0111a d\u1ea1ng c\u00e1c s\u1ea3n ph\u1ea9m hi\u1ec7u su\u1ea5t cao, bao g\u1ed3m h\u1ed9p s\u1ed1 c\u00f4n xo\u1eafn, h\u1ed9p s\u1ed1 th\u1eb3ng, h\u1ed9p s\u1ed1 tr\u1ee5c v\u00edt, h\u1ed9p s\u1ed1 tr\u1ee5, th\u00e2n v\u00e0 v\u1ecf van \u0111\u00fac \u00e1p su\u1ea5t cao. C\u00e1c s\u1ea3n ph\u1ea9m n\u00e0y \u0111\u01b0\u1ee3c thi\u1ebft k\u1ebf ch\u00ednh x\u00e1c \u0111\u1ec3 \u0111\u00e1p \u1ee9ng nhu c\u1ea7u ri\u00eang bi\u1ec7t c\u1ee7a nhi\u1ec1u \u1ee9ng d\u1ee5ng kh\u00e1c nhau. D\u00f9 l\u00e0 m\u00e1y m\u00f3c c\u00f4ng nghi\u1ec7p h\u1ea1ng n\u1eb7ng hay thi\u1ebft b\u1ecb n\u00f4ng nghi\u1ec7p chuy\u00ean d\u1ee5ng, h\u1ed9p s\u1ed1 c\u1ee7a FMP \u0111\u1ec1u mang l\u1ea1i hi\u1ec7u su\u1ea5t v\u00e0 \u0111\u1ed9 b\u1ec1n \u0111\u00e1ng tin c\u1eady.<\/p>\n<p>H\u1ed9p s\u1ed1 v\u00e0 linh ki\u1ec7n c\u1ee7a c\u00f4ng ty \u0111\u01b0\u1ee3c s\u1eed d\u1ee5ng r\u1ed9ng r\u00e3i trong nhi\u1ec1u ng\u00e0nh c\u00f4ng nghi\u1ec7p, bao g\u1ed3m n\u00f4ng nghi\u1ec7p, khai th\u00e1c d\u1ea7u kh\u00ed, h\u1ec7 th\u1ed1ng h\u00e0ng h\u1ea3i v\u00e0 k\u1ef9 thu\u1eadt th\u1ee7y l\u1ef1c. Trong n\u00f4ng nghi\u1ec7p, s\u1ea3n ph\u1ea9m FMP cung c\u1ea5p n\u0103ng l\u01b0\u1ee3ng cho c\u00e1c m\u00e1y m\u00f3c thi\u1ebft y\u1ebfu nh\u01b0 m\u00e1y c\u1eaft c\u1ecf quay, m\u00e1y qu\u00e9t tuy\u1ebft, m\u00e1y r\u1ea3i ph\u00e2n b\u00f3n v\u00e0 b\u0103ng t\u1ea3i ng\u0169 c\u1ed1c. T\u00ednh linh ho\u1ea1t n\u00e0y ch\u1ee9ng minh kh\u1ea3 n\u0103ng c\u1ee7a FMP trong vi\u1ec7c ph\u1ee5c v\u1ee5 c\u00e1c ng\u00e0nh c\u00f4ng nghi\u1ec7p \u0111a d\u1ea1ng v\u1edbi c\u00e1c gi\u1ea3i ph\u00e1p ch\u1ea5t l\u01b0\u1ee3ng cao gi\u00fap n\u00e2ng cao hi\u1ec7u qu\u1ea3 v\u00e0 n\u0103ng su\u1ea5t.<\/p>\n<p>Cam k\u1ebft c\u1ee7a FMP v\u1ec1 ch\u1ea5t l\u01b0\u1ee3ng s\u1ea3n xu\u1ea5t ti\u00ean ti\u1ebfn \u0111\u01b0\u1ee3c th\u1ec3 hi\u1ec7n qua quy tr\u00ecnh s\u1ea3n xu\u1ea5t nghi\u00eam ng\u1eb7t. T\u1eeb kh\u00e2u thi\u1ebft k\u1ebf ban \u0111\u1ea7u \u0111\u1ebfn kh\u00e2u l\u1eafp r\u00e1p cu\u1ed1i c\u00f9ng, m\u1ed7i s\u1ea3n ph\u1ea9m \u0111\u1ec1u \u0111\u01b0\u1ee3c ch\u1ebf t\u1ea1o \u0111\u1ec3 \u0111\u00e1p \u1ee9ng c\u00e1c ti\u00eau chu\u1ea9n ch\u1ea5t l\u01b0\u1ee3ng cao nh\u1ea5t. C\u00f4ng ty ch\u1ec9 s\u1eed d\u1ee5ng v\u1eadt li\u1ec7u cao c\u1ea5p, ch\u1eb3ng h\u1ea1n nh\u01b0 gang v\u00e0 h\u1ee3p kim nh\u00f4m, \u0111\u1ea3m b\u1ea3o \u0111\u1ed9 b\u1ec1n v\u00e0 hi\u1ec7u su\u1ea5t t\u1ed1i \u01b0u. C\u00e1c k\u1ef9 thu\u1eadt gia c\u00f4ng ch\u00ednh x\u00e1c, bao g\u1ed3m ti\u1ec7n v\u00e0 phay, \u0111\u01b0\u1ee3c \u00e1p d\u1ee5ng \u0111\u1ec3 ch\u1ebf t\u1ea1o t\u1eebng chi ti\u1ebft m\u1ed9t c\u00e1ch ch\u00ednh x\u00e1c. Quy tr\u00ecnh ki\u1ec3m so\u00e1t ch\u1ea5t l\u01b0\u1ee3ng c\u1ee7a FMP \u0111\u1ea3m b\u1ea3o m\u1ecdi s\u1ea3n ph\u1ea9m ho\u1ea1t \u0111\u1ed9ng \u0111\u00e1ng tin c\u1eady, ch\u00fa tr\u1ecdng \u0111\u1ebfn vi\u1ec7c c\u0103n ch\u1ec9nh, b\u00f4i tr\u01a1n v\u00e0 kh\u1ea3 n\u0103ng ch\u1ed1ng m\u00e0i m\u00f2n l\u00e2u d\u00e0i.<\/p>\n<p>L\u00e0 m\u1ed9t c\u00f4ng ty coi tr\u1ecdng s\u1ef1 h\u00e0i l\u00f2ng v\u00e0 \u0111\u1ed5i m\u1edbi c\u1ee7a kh\u00e1ch h\u00e0ng, FMP ti\u1ebfp t\u1ee5c x\u00e2y d\u1ef1ng danh ti\u1ebfng v\u1eefng ch\u1eafc trong vi\u1ec7c cung c\u1ea5p c\u00e1c s\u1ea3n ph\u1ea9m hi\u1ec7u su\u1ea5t cao. C\u00f4ng ty lu\u00f4n s\u1eb5n s\u00e0ng h\u1ee3p t\u00e1c v\u00e0 li\u00ean k\u1ebft to\u00e0n c\u1ea7u, cung c\u1ea5p c\u00e1c gi\u1ea3i ph\u00e1p t\u00f9y ch\u1ec9nh \u0111\u1ec3 \u0111\u00e1p \u1ee9ng nhu c\u1ea7u c\u1ee5 th\u1ec3 c\u1ee7a kh\u00e1ch h\u00e0ng. \u0110\u1ec3 bi\u1ebft th\u00eam th\u00f4ng tin ho\u1eb7c th\u1ea3o lu\u1eadn v\u1ec1 c\u00e1c c\u01a1 h\u1ed9i h\u1ee3p t\u00e1c ti\u1ec1m n\u0103ng, kh\u00e1ch h\u00e0ng c\u00f3 th\u1ec3 d\u1ec5 d\u00e0ng li\u00ean h\u1ec7 v\u1edbi FMP qua \u0111i\u1ec7n tho\u1ea1i ho\u1eb7c email, kh\u1eb3ng \u0111\u1ecbnh cam k\u1ebft c\u1ee7a c\u00f4ng ty v\u1ec1 d\u1ecbch v\u1ee5 xu\u1ea5t s\u1eafc v\u00e0 c\u00e1c gi\u1ea3i ph\u00e1p ch\u1ea5t l\u01b0\u1ee3ng cao.<\/p>\n<p><img loading=\"lazy\" decoding=\"async\" class=\"alignnone size-full wp-image-1861\" src=\"https:\/\/fmp-components.com\/wp-content\/uploads\/2024\/12\/Other-Agricultural-Gearboxes.webp\" alt=\"H\u1ed9p s\u1ed1 n\u00f4ng nghi\u1ec7p kh\u00e1c\" width=\"1200\" height=\"1400\" title=\"\" srcset=\"https:\/\/fmp-components.com\/wp-content\/uploads\/2024\/12\/Other-Agricultural-Gearboxes.webp 1200w, https:\/\/fmp-components.com\/wp-content\/uploads\/2024\/12\/Other-Agricultural-Gearboxes-980x1143.webp 980w, https:\/\/fmp-components.com\/wp-content\/uploads\/2024\/12\/Other-Agricultural-Gearboxes-480x560.webp 480w\" sizes=\"(min-width: 0px) and (max-width: 480px) 480px, (min-width: 481px) and (max-width: 980px) 980px, (min-width: 981px) 1200px, 100vw\" \/><\/p>\n<p>T\u00e1c gi\u1ea3: CX<\/p>","protected":false},"excerpt":{"rendered":"<p>Rotary Mower Gearbox TF-26A\u00a0Specifications i N1[rpm] P1[kW] M2[Nm] Shaft Type Input X Y Z 1.84 540 66.0 615 1&#8221; 3\/8 Z6 1&#8221; 3\/8 Z6 Hub connection Y 1.47 540 66.0 770 1&#8221; 3\/8 Z6 1&#8221; 3\/8 Z6 Hub connection Y Features of Rotary Mower Gearbox The gearbox is a vital component of a rotary mower, [&hellip;]<\/p>","protected":false},"featured_media":1942,"comment_status":"open","ping_status":"closed","template":"","meta":{"_et_pb_use_builder":"","_et_pb_old_content":"","_et_gb_content_width":""},"product_brand":[],"product_cat":[51],"product_tag":[],"class_list":{"0":"post-1938","1":"product","2":"type-product","3":"status-publish","4":"has-post-thumbnail","6":"product_cat-rotary-mower-gearbox","8":"first","9":"instock","10":"shipping-taxable","11":"product-type-simple"},"_links":{"self":[{"href":"https:\/\/fmp-components.com\/vi\/wp-json\/wp\/v2\/product\/1938","targetHints":{"allow":["GET"]}}],"collection":[{"href":"https:\/\/fmp-components.com\/vi\/wp-json\/wp\/v2\/product"}],"about":[{"href":"https:\/\/fmp-components.com\/vi\/wp-json\/wp\/v2\/types\/product"}],"replies":[{"embeddable":true,"href":"https:\/\/fmp-components.com\/vi\/wp-json\/wp\/v2\/comments?post=1938"}],"wp:featuredmedia":[{"embeddable":true,"href":"https:\/\/fmp-components.com\/vi\/wp-json\/wp\/v2\/media\/1942"}],"wp:attachment":[{"href":"https:\/\/fmp-components.com\/vi\/wp-json\/wp\/v2\/media?parent=1938"}],"wp:term":[{"taxonomy":"product_brand","embeddable":true,"href":"https:\/\/fmp-components.com\/vi\/wp-json\/wp\/v2\/product_brand?post=1938"},{"taxonomy":"product_cat","embeddable":true,"href":"https:\/\/fmp-components.com\/vi\/wp-json\/wp\/v2\/product_cat?post=1938"},{"taxonomy":"product_tag","embeddable":true,"href":"https:\/\/fmp-components.com\/vi\/wp-json\/wp\/v2\/product_tag?post=1938"}],"curies":[{"name":"wp","href":"https:\/\/api.w.org\/{rel}","templated":true}]}}