{"id":1910,"date":"2024-12-26T00:29:38","date_gmt":"2024-12-26T00:29:38","guid":{"rendered":"https:\/\/fmp-components.com\/?page_id=8"},"modified":"2024-12-26T00:48:00","modified_gmt":"2024-12-26T00:48:00","slug":"rotary-mower-gearboxes-replacement-of-comer-code-lf-149b-11","status":"publish","type":"product","link":"https:\/\/fmp-components.com\/vi\/product\/rotary-mower-gearboxes-replacement-of-comer-code-lf-149b-11\/","title":{"rendered":"H\u1ed9p s\u1ed1 m\u00e1y c\u1eaft c\u1ecf quay \u2013 Thay th\u1ebf m\u00e3 g\u00f3c LF-149B 1:1"},"content":{"rendered":"<p><img loading=\"lazy\" decoding=\"async\" class=\"alignnone size-full wp-image-1918\" src=\"https:\/\/fmp-components.com\/wp-content\/uploads\/2024\/12\/Rotary-Mower-Gearbox19.webp\" alt=\"H\u1ed9p s\u1ed1 m\u00e1y c\u1eaft c\u1ecf quay\" width=\"773\" height=\"766\" title=\"\" srcset=\"https:\/\/fmp-components.com\/wp-content\/uploads\/2024\/12\/Rotary-Mower-Gearbox19.webp 773w, https:\/\/fmp-components.com\/wp-content\/uploads\/2024\/12\/Rotary-Mower-Gearbox19-480x476.webp 480w\" sizes=\"(min-width: 0px) and (max-width: 480px) 480px, (min-width: 481px) 773px, 100vw\" \/><\/p>\n<h2>Th\u00f4ng s\u1ed1 k\u1ef9 thu\u1eadt c\u1ee7a H\u1ed9p s\u1ed1 m\u00e1y c\u1eaft c\u1ecf quay LF-149B (1:1)<\/h2>\n<p><img loading=\"lazy\" decoding=\"async\" class=\"alignnone size-full wp-image-1917\" src=\"https:\/\/fmp-components.com\/wp-content\/uploads\/2024\/12\/Rotary-Mower-Gearbox-LF-149B-Specifications.webp\" alt=\"H\u1ed9p s\u1ed1 m\u00e1y c\u1eaft c\u1ecf quay LF-149B - Th\u00f4ng s\u1ed1 k\u1ef9 thu\u1eadt\" width=\"1307\" height=\"872\" title=\"\" srcset=\"https:\/\/fmp-components.com\/wp-content\/uploads\/2024\/12\/Rotary-Mower-Gearbox-LF-149B-Specifications.webp 1307w, https:\/\/fmp-components.com\/wp-content\/uploads\/2024\/12\/Rotary-Mower-Gearbox-LF-149B-Specifications-1280x854.webp 1280w, https:\/\/fmp-components.com\/wp-content\/uploads\/2024\/12\/Rotary-Mower-Gearbox-LF-149B-Specifications-980x654.webp 980w, https:\/\/fmp-components.com\/wp-content\/uploads\/2024\/12\/Rotary-Mower-Gearbox-LF-149B-Specifications-480x320.webp 480w\" sizes=\"(min-width: 0px) and (max-width: 480px) 480px, (min-width: 481px) and (max-width: 980px) 980px, (min-width: 981px) and (max-width: 1280px) 1280px, (min-width: 1281px) 1307px, 100vw\" \/><\/p>\n<p><img loading=\"lazy\" decoding=\"async\" class=\"alignnone size-full wp-image-1916\" src=\"https:\/\/fmp-components.com\/wp-content\/uploads\/2024\/12\/Rotary-Mower-Gearbox-LF-149B-Specifications-1.webp\" alt=\"H\u1ed9p s\u1ed1 m\u00e1y c\u1eaft c\u1ecf quay LF-149B - Th\u00f4ng s\u1ed1 k\u1ef9 thu\u1eadt\" width=\"1331\" height=\"316\" title=\"\" srcset=\"https:\/\/fmp-components.com\/wp-content\/uploads\/2024\/12\/Rotary-Mower-Gearbox-LF-149B-Specifications-1.webp 1331w, https:\/\/fmp-components.com\/wp-content\/uploads\/2024\/12\/Rotary-Mower-Gearbox-LF-149B-Specifications-1-1280x304.webp 1280w, https:\/\/fmp-components.com\/wp-content\/uploads\/2024\/12\/Rotary-Mower-Gearbox-LF-149B-Specifications-1-980x233.webp 980w, https:\/\/fmp-components.com\/wp-content\/uploads\/2024\/12\/Rotary-Mower-Gearbox-LF-149B-Specifications-1-480x114.webp 480w\" sizes=\"(min-width: 0px) and (max-width: 480px) 480px, (min-width: 481px) and (max-width: 980px) 980px, (min-width: 981px) and (max-width: 1280px) 1280px, (min-width: 1281px) 1331px, 100vw\" \/><\/p>\n<table class=\"kh-1xzm1su\" border=\"1\" cellspacing=\"0\" cellpadding=\"0\" data-intent=\"lists-product-attributes\" data-test-id=\"attributes-list\">\n<tbody class=\"kh-1ago99h\">\n<tr id=\"alexis#custom#item-id\" class=\"kh-bwvum6\" data-test-id=\"attribute-row\">\n<th class=\"kh-10oizfy\">M\u00f4 t\u1ea3 s\u1ea3n ph\u1ea9m<\/th>\n<td class=\"kh-1f5nhat\">\n<div class=\"kh-pkx4zo\">H\u1ed9p s\u1ed1 m\u00e1y c\u1eaft c\u1ecf quay \u2013 Thay th\u1ebf h\u1ed9p s\u1ed1 g\u00f3c LF-149B 1:1<\/div>\n<\/td>\n<\/tr>\n<tr id=\"attProductDetails\" class=\"kh-bwvum6\" data-test-id=\"attribute-row\">\n<th class=\"kh-10oizfy\">Chi ti\u1ebft s\u1ea3n ph\u1ea9m<\/th>\n<td class=\"kh-1f5nhat\">\n<ul>\n<li class=\"kh-16zd49f\">T\u1ea5t c\u1ea3 c\u00e1c h\u1ed9p s\u1ed1 \u0111\u1ec1u \u0111\u01b0\u1ee3c cung c\u1ea5p m\u00e0 kh\u00f4ng c\u00f3 d\u1ea7u.<\/li>\n<li class=\"kh-16zd49f\">L\u1ea7n thay d\u1ea7u \u0111\u1ea7u ti\u00ean sau 50-70 gi\u1edd ho\u1ea1t \u0111\u1ed9ng, sau \u0111\u00f3 sau 500-700 gi\u1edd ho\u1ea1t \u0111\u1ed9ng ho\u1eb7c \u00edt nh\u1ea5t m\u1ed7i n\u0103m m\u1ed9t l\u1ea7n.<\/li>\n<li class=\"kh-16zd49f\">Li\u00ean h\u1ec7 v\u1edbi ch\u00fang t\u00f4i \u0111\u1ec3 bi\u1ebft th\u00eam th\u00f4ng tin v\u1ec1 c\u00f4ng su\u1ea5t \u1edf m\u1ee9c RPM kh\u00e1c nhau.<\/li>\n<\/ul>\n<\/td>\n<\/tr>\n<tr id=\"taMaxInputPowerKw\" class=\"kh-bwvum6\" data-test-id=\"attribute-row\">\n<th class=\"kh-10oizfy\">C\u00f4ng su\u1ea5t \u0111\u1ea7u v\u00e0o t\u1ed1i \u0111a<\/th>\n<td class=\"kh-1f5nhat\">\n<div class=\"kh-pkx4zo\">47 kW<\/div>\n<\/td>\n<\/tr>\n<tr id=\"taContainsOil\" class=\"kh-bwvum6\" data-test-id=\"attribute-row\">\n<th class=\"kh-10oizfy\">Ch\u1ee9a d\u1ea7u<\/th>\n<td class=\"kh-1f5nhat\">\n<div class=\"kh-pkx4zo\">KH\u00d4NG<\/div>\n<\/td>\n<\/tr>\n<tr id=\"taMaxOilCapacityL\" class=\"kh-bwvum6\" data-test-id=\"attribute-row\">\n<th class=\"kh-10oizfy\">C\u00f4ng su\u1ea5t d\u1ea7u t\u1ed1i \u0111a<\/th>\n<td class=\"kh-1f5nhat\">\n<div class=\"kh-pkx4zo\">0,8 l\u00edt<\/div>\n<\/td>\n<\/tr>\n<tr id=\"taMaxOilChangeIntervalH\" class=\"kh-bwvum6\" data-test-id=\"attribute-row\">\n<th class=\"kh-10oizfy\">Kho\u1ea3ng th\u1eddi gian thay d\u1ea7u t\u1ed1i \u0111a<\/th>\n<td class=\"kh-1f5nhat\">\n<div class=\"kh-pkx4zo\">500 gi\u1edd<\/div>\n<\/td>\n<\/tr>\n<tr id=\"taOilSAEViscosityGrade\" class=\"kh-bwvum6\" data-test-id=\"attribute-row\">\n<th class=\"kh-10oizfy\">C\u1ea5p \u0111\u1ed9 nh\u1edbt c\u1ee7a d\u1ea7u SAE<\/th>\n<td class=\"kh-1f5nhat\">\n<div class=\"kh-pkx4zo\">80W-90<\/div>\n<\/td>\n<\/tr>\n<tr id=\"taHousingMaterial_16\" class=\"kh-bwvum6\" data-test-id=\"attribute-row\">\n<th class=\"kh-10oizfy\">V\u1eadt li\u1ec7u nh\u00e0 \u1edf<\/th>\n<td class=\"kh-1f5nhat\">\n<div class=\"kh-pkx4zo\">Gang GGG40<\/div>\n<\/td>\n<\/tr>\n<tr id=\"taWeightKg_75\" class=\"kh-bwvum6\" data-test-id=\"attribute-row\">\n<th class=\"kh-10oizfy\">C\u00e2n n\u1eb7ng<\/th>\n<td class=\"kh-1f5nhat\">\n<div class=\"kh-pkx4zo\">33,4 kg<\/div>\n<\/td>\n<\/tr>\n<tr id=\"taGearArrangementInc\" class=\"kh-bwvum6\" data-test-id=\"attribute-row\">\n<th class=\"kh-10oizfy\">B\u1ed1 tr\u00ed b\u00e1nh r\u0103ng t\u0103ng d\u1ea7n<\/th>\n<td class=\"kh-1f5nhat\">\n<div class=\"kh-pkx4zo\">3<\/div>\n<\/td>\n<\/tr>\n<tr id=\"taGearRatio\" class=\"kh-bwvum6\" data-test-id=\"attribute-row\">\n<th class=\"kh-10oizfy\">T\u1ef7 s\u1ed1 truy\u1ec1n<\/th>\n<td class=\"kh-1f5nhat\">\n<div class=\"kh-pkx4zo\">1:1<\/div>\n<\/td>\n<\/tr>\n<tr id=\"taInputPowerKwHpInc\" class=\"kh-bwvum6\" data-test-id=\"attribute-row\">\n<th class=\"kh-10oizfy\">C\u00f4ng su\u1ea5t \u0111\u1ea7u v\u00e0o kW \/ HP T\u0103ng d\u1ea7n<\/th>\n<td class=\"kh-1f5nhat\">\n<div class=\"kh-pkx4zo\">47 \/ 55 kW\/M\u00e3 l\u1ef1c<\/div>\n<\/td>\n<\/tr>\n<tr id=\"taInputShaftIncreasi\" class=\"kh-bwvum6\" data-test-id=\"attribute-row\">\n<th class=\"kh-10oizfy\">Tr\u1ee5c \u0111\u1ea7u v\u00e0o t\u0103ng<\/th>\n<td class=\"kh-1f5nhat\">\n<div class=\"kh-pkx4zo\">Z<\/div>\n<\/td>\n<\/tr>\n<tr id=\"taNSOutputTorqueDaNm_1\" class=\"kh-bwvum6\" data-test-id=\"attribute-row\">\n<th class=\"kh-10oizfy\">M\u00f4-men xo\u1eafn \u0111\u1ea7u ra DaNm t\u0103ng<\/th>\n<td class=\"kh-1f5nhat\">\n<div class=\"kh-pkx4zo\">81 daNm<\/div>\n<\/td>\n<\/tr>\n<tr id=\"taRatioIncreasing\" class=\"kh-bwvum6\" data-test-id=\"attribute-row\">\n<th class=\"kh-10oizfy\">T\u1ef7 l\u1ec7 t\u0103ng<\/th>\n<td class=\"kh-1f5nhat\">\n<div class=\"kh-pkx4zo\">1: 1<\/div>\n<\/td>\n<\/tr>\n<tr id=\"taRatioReducing\" class=\"kh-bwvum6\" data-test-id=\"attribute-row\">\n<th class=\"kh-10oizfy\">Gi\u1ea3m t\u1ef7 l\u1ec7<\/th>\n<td class=\"kh-1f5nhat\">\n<div class=\"kh-pkx4zo\">1: 1<\/div>\n<\/td>\n<\/tr>\n<tr id=\"taShaftX\" class=\"kh-bwvum6\" data-test-id=\"attribute-row\">\n<th class=\"kh-10oizfy\">Tr\u1ee5c Z<\/th>\n<td class=\"kh-1f5nhat\">\n<div class=\"kh-pkx4zo\">1 3\/8&#8243; (21)<\/div>\n<\/td>\n<\/tr>\n<\/tbody>\n<\/table>\n<h3>Tr\u1ee5c PTO n\u00f4ng nghi\u1ec7p v\u00e0 h\u1ed9p s\u1ed1 m\u00e1y c\u1eaft c\u1ecf quay<\/h3>\n<p>Tr\u1ee5c PTO (Tr\u1ee5c d\u1eabn \u0111\u1ed9ng) n\u00f4ng nghi\u1ec7p l\u00e0 m\u1ed9t b\u1ed9 ph\u1eadn c\u01a1 kh\u00ed thi\u1ebft y\u1ebfu \u0111\u01b0\u1ee3c s\u1eed d\u1ee5ng \u0111\u1ec3 truy\u1ec1n c\u00f4ng su\u1ea5t t\u1eeb \u200b\u200b\u0111\u1ed9ng c\u01a1 m\u00e1y k\u00e9o \u0111\u1ebfn c\u00e1c thi\u1ebft b\u1ecb \u0111i k\u00e8m, ch\u1eb3ng h\u1ea1n nh\u01b0 h\u1ed9p s\u1ed1 m\u00e1y c\u1eaft c\u1ecf quay. Tr\u1ee5c PTO k\u1ebft n\u1ed1i tr\u1ef1c ti\u1ebfp v\u1edbi \u0111\u1ea7u ra \u0111\u1ed9ng c\u01a1 m\u00e1y k\u00e9o, truy\u1ec1n c\u1ea3 c\u00f4ng su\u1ea5t v\u00e0 m\u00f4-men xo\u1eafn \u0111\u1ebfn thi\u1ebft b\u1ecb \u0111\u01b0\u1ee3c k\u1ebft n\u1ed1i. \u0110i\u1ec1u n\u00e0y cho ph\u00e9p v\u1eadn h\u00e0nh hi\u1ec7u qu\u1ea3 c\u00e1c m\u00e1y m\u00f3c h\u1ea1ng n\u1eb7ng, ch\u1eb3ng h\u1ea1n nh\u01b0 m\u00e1y c\u1eaft c\u1ecf, m\u00e1y l\u00e0m \u0111\u1ea5t v\u00e0 c\u00e1c d\u1ee5ng c\u1ee5 n\u00f4ng nghi\u1ec7p kh\u00e1c.<\/p>\n<p>H\u1ed9p s\u1ed1 m\u00e1y c\u1eaft c\u1ecf quay \u0111\u00f3ng vai tr\u00f2 quan tr\u1ecdng trong qu\u00e1 tr\u00ecnh c\u1eaft c\u1ecf b\u1eb1ng c\u00e1ch chuy\u1ec3n \u0111\u1ed5i chuy\u1ec3n \u0111\u1ed9ng quay t\u1ed1c \u0111\u1ed9 cao c\u1ee7a tr\u1ee5c PTO th\u00e0nh chuy\u1ec3n \u0111\u1ed9ng quay ch\u1eadm h\u01a1n, m\u00f4-men xo\u1eafn cao c\u1ea7n thi\u1ebft \u0111\u1ec3 v\u1eadn h\u00e0nh l\u01b0\u1ee1i c\u1eaft. S\u1ef1 chuy\u1ec3n \u0111\u1ed5i n\u00e0y \u0111\u1ea3m b\u1ea3o l\u01b0\u1ee1i c\u1eaft c\u00f3 th\u1ec3 t\u1ea1o ra \u0111\u1ee7 l\u1ef1c \u0111\u1ec3 c\u1eaft c\u1ecf v\u00e0 th\u1ea3m th\u1ef1c v\u1eadt r\u1eadm r\u1ea1p m\u1ed9t c\u00e1ch hi\u1ec7u qu\u1ea3. B\u1eb1ng c\u00e1ch t\u0103ng m\u00f4-men xo\u1eafn v\u00e0 gi\u1ea3m t\u1ed1c \u0111\u1ed9, h\u1ed9p s\u1ed1 t\u1ed1i \u01b0u h\u00f3a c\u00f4ng su\u1ea5t truy\u1ec1n t\u1eeb \u0111\u1ed9ng c\u01a1, \u0111\u1ea3m b\u1ea3o ho\u1ea1t \u0111\u1ed9ng c\u1eaft c\u1ecf m\u01b0\u1ee3t m\u00e0 v\u00e0 hi\u1ec7u qu\u1ea3.<\/p>\n<p>S\u1ef1 k\u1ebft h\u1ee3p gi\u1eefa tr\u1ee5c PTO n\u00f4ng nghi\u1ec7p v\u00e0 h\u1ed9p s\u1ed1 m\u00e1y c\u1eaft c\u1ecf quay l\u00e0 m\u1ed9t ph\u01b0\u01a1ng ph\u00e1p \u0111\u01b0\u1ee3c \u00e1p d\u1ee5ng r\u1ed9ng r\u00e3i \u0111\u1ec3 duy tr\u00ec di\u1ec7n t\u00edch \u0111\u1ea5t r\u1ed9ng, ch\u1eb3ng h\u1ea1n nh\u01b0 trang tr\u1ea1i, \u0111\u1ed3ng c\u1ecf v\u00e0 c\u00e1nh \u0111\u1ed3ng. H\u1ec7 th\u1ed1ng n\u00e0y cung c\u1ea5p m\u1ed9t gi\u1ea3i ph\u00e1p m\u1ea1nh m\u1ebd v\u00e0 hi\u1ec7u qu\u1ea3 \u0111\u1ec3 c\u1eaft c\u1ecf tr\u00ean di\u1ec7n t\u00edch \u0111\u1ea5t r\u1ed9ng, gi\u00fap n\u00f4ng d\u00e2n, ng\u01b0\u1eddi l\u00e0m v\u01b0\u1eddn v\u00e0 ch\u1ee7 \u0111\u1ea5t qu\u1ea3n l\u00fd t\u00e0i s\u1ea3n c\u1ee7a h\u1ecd m\u1ed9t c\u00e1ch d\u1ec5 d\u00e0ng.<\/p>\n<h3>C\u00e1ch th\u1ee9c ho\u1ea1t \u0111\u1ed9ng:<\/h3>\n<p>\u0110\u1ec3 v\u1eadn h\u00e0nh h\u1ec7 th\u1ed1ng tr\u1ee5c PTO v\u00e0 h\u1ed9p s\u1ed1 m\u00e1y c\u1eaft c\u1ecf quay, tr\u1ee5c PTO tr\u01b0\u1edbc ti\u00ean \u0111\u01b0\u1ee3c k\u1ebft n\u1ed1i v\u1edbi \u0111\u1ea7u ra PTO c\u1ee7a m\u00e1y k\u00e9o. \u0110\u1ea7u c\u00f2n l\u1ea1i c\u1ee7a tr\u1ee5c \u0111\u01b0\u1ee3c n\u1ed1i v\u1edbi \u0111\u1ea7u v\u00e0o c\u1ee7a h\u1ed9p s\u1ed1 m\u00e1y c\u1eaft c\u1ecf quay. Khi \u0111\u01b0\u1ee3c k\u00edch ho\u1ea1t, tr\u1ee5c PTO truy\u1ec1n l\u1ef1c quay \u0111\u1ebfn h\u1ed9p s\u1ed1. Sau \u0111\u00f3, h\u1ed9p s\u1ed1 t\u0103ng m\u00f4-men xo\u1eafn \u0111\u1ed3ng th\u1eddi gi\u1ea3m t\u1ed1c \u0111\u1ed9 quay, \u0111i\u1ec1u n\u00e0y gi\u00fap l\u01b0\u1ee1i c\u1eaft c\u1ee7a m\u00e1y c\u1eaft c\u1ecf quay \u1edf t\u1ed1c \u0111\u1ed9 t\u1ed1i \u01b0u \u0111\u1ec3 c\u1eaft. L\u01b0\u1ee1i c\u1eaft quay nhanh s\u1ebd c\u1eaft xuy\u00ean qua c\u1ecf, v\u00e0 to\u00e0n b\u1ed9 h\u1ec7 th\u1ed1ng ti\u1ebfp t\u1ee5c ho\u1ea1t \u0111\u1ed9ng tr\u00ean kh\u1eafp c\u00e1nh \u0111\u1ed3ng, \u0111\u1ea3m b\u1ea3o \u0111\u01b0\u1eddng c\u1eaft s\u1ea1ch s\u1ebd v\u00e0 hi\u1ec7u qu\u1ea3.<\/p>\n<h3>L\u1ee3i \u00edch ch\u00ednh:<\/h3>\n<ol>\n<li><strong>B\u1ea3o tr\u00ec \u0111\u1ea5t \u0111ai hi\u1ec7u qu\u1ea3<\/strong>:H\u1ec7 th\u1ed1ng n\u00e0y cho ph\u00e9p c\u1eaft c\u1ecf nhanh ch\u00f3ng v\u00e0 hi\u1ec7u qu\u1ea3 tr\u00ean nh\u1eefng c\u00e1nh \u0111\u1ed3ng l\u1edbn, khi\u1ebfn n\u00f3 tr\u1edf th\u00e0nh c\u00f4ng c\u1ee5 thi\u1ebft y\u1ebfu cho vi\u1ec7c b\u1ea3o d\u01b0\u1ee1ng n\u00f4ng nghi\u1ec7p.<\/li>\n<li><strong>Hi\u1ec7u su\u1ea5t m\u1ea1nh m\u1ebd<\/strong>:S\u1ef1 k\u1ebft h\u1ee3p gi\u1eefa c\u00f4ng su\u1ea5t PTO v\u00e0 h\u1ed9p s\u1ed1 t\u0103ng c\u01b0\u1eddng m\u00f4-men xo\u1eafn \u0111\u1ea3m b\u1ea3o r\u1eb1ng ngay c\u1ea3 c\u1ecf d\u00e0y, c\u1ee9ng c\u0169ng c\u00f3 th\u1ec3 \u0111\u01b0\u1ee3c c\u1eaft d\u1ec5 d\u00e0ng, mang l\u1ea1i hi\u1ec7u su\u1ea5t nh\u1ea5t qu\u00e1n trong nhi\u1ec1u \u0111i\u1ec1u ki\u1ec7n kh\u00e1c nhau.<\/li>\n<li><strong>\u0110\u1ed9 b\u1ec1n v\u00e0 \u0111\u1ed9 tin c\u1eady<\/strong>:C\u1ea3 tr\u1ee5c PTO v\u00e0 h\u1ed9p s\u1ed1 m\u00e1y c\u1eaft c\u1ecf quay \u0111\u1ec1u \u0111\u01b0\u1ee3c ch\u1ebf t\u1ea1o \u0111\u1ec3 ch\u1ecbu \u0111\u01b0\u1ee3c m\u00f4i tr\u01b0\u1eddng l\u00e0m vi\u1ec7c kh\u1eafc nghi\u1ec7t, \u0111\u1ea3m b\u1ea3o \u0111\u1ed9 b\u1ec1n l\u00e2u d\u00e0i v\u00e0 hi\u1ec7u su\u1ea5t \u0111\u00e1ng tin c\u1eady.<\/li>\n<li><strong>Ti\u1ebft ki\u1ec7m th\u1eddi gian<\/strong>:S\u1eed d\u1ee5ng tr\u1ee5c PTO v\u00e0 h\u1ed9p s\u1ed1 m\u00e1y c\u1eaft c\u1ecf quay cho ph\u00e9p c\u1eaft c\u1ecf nhanh h\u01a1n so v\u1edbi c\u00e1c ph\u01b0\u01a1ng ph\u00e1p truy\u1ec1n th\u1ed1ng, gi\u1ea3m th\u1eddi gian d\u00e0nh cho vi\u1ec7c b\u1ea3o d\u01b0\u1ee1ng \u0111\u1ea5t.<\/li>\n<\/ol>\n<p>Nh\u00ecn chung, tr\u1ee5c PTO n\u00f4ng nghi\u1ec7p v\u00e0 h\u1ed9p s\u1ed1 m\u00e1y c\u1eaft c\u1ecf quay l\u00e0 nh\u1eefng c\u00f4ng c\u1ee5 thi\u1ebft y\u1ebfu cho vi\u1ec7c qu\u1ea3n l\u00fd \u0111\u1ea5t \u0111ai hi\u1ec7u qu\u1ea3. Ch\u00fang cung c\u1ea5p c\u00f4ng su\u1ea5t c\u1ea7n thi\u1ebft \u0111\u1ec3 x\u1eed l\u00fd c\u00e1c c\u00f4ng vi\u1ec7c c\u1eaft c\u1ecf quy m\u00f4 l\u1edbn, \u0111\u1ea3m b\u1ea3o n\u00f4ng d\u00e2n v\u00e0 ch\u1ee7 \u0111\u1ea5t c\u00f3 th\u1ec3 duy tr\u00ec t\u00e0i s\u1ea3n c\u1ee7a m\u00ecnh \u1edf t\u00ecnh tr\u1ea1ng t\u1ed1t nh\u1ea5t v\u1edbi \u00edt c\u00f4ng s\u1ee9c v\u00e0 th\u1eddi gian nh\u1ea5t. H\u1ec7 th\u1ed1ng m\u1ea1nh m\u1ebd n\u00e0y gi\u00fap t\u0103ng \u0111\u00e1ng k\u1ec3 n\u0103ng su\u1ea5t, gi\u1ea3m chi ph\u00ed v\u1eadn h\u00e0nh v\u00e0 cho ph\u00e9p b\u1ea3o d\u01b0\u1ee1ng \u0111\u1ea5t th\u01b0\u1eddng xuy\u00ean, \u0111\u1eb7c bi\u1ec7t l\u00e0 \u1edf nh\u1eefng khu v\u1ef1c c\u00f3 th\u1ea3m th\u1ef1c v\u1eadt d\u00e0y \u0111\u1eb7c.<\/p>\n<table style=\"width: 100%; height: 284px;\" border=\"1\" width=\"100%\" cellspacing=\"0\" cellpadding=\"0\">\n<tbody>\n<tr style=\"height: 284px;\">\n<td style=\"width: 49.784%; height: 284px;\" width=\"110\"><img loading=\"lazy\" decoding=\"async\" class=\"alignnone wp-image-1914\" src=\"https:\/\/fmp-components.com\/wp-content\/uploads\/2024\/12\/Agricultural-PTO-Shaft-and-Rotary-Mower-Gearbox-32.webp\" alt=\"H\u1ed9p s\u1ed1 m\u00e1y c\u1eaft c\u1ecf quay v\u00e0 tr\u1ee5c PTO n\u00f4ng nghi\u1ec7p\" width=\"462\" height=\"286\" title=\"\"><\/td>\n<td style=\"width: 50%; height: 284px;\" width=\"98\"><img loading=\"lazy\" decoding=\"async\" class=\"alignnone wp-image-1913\" src=\"https:\/\/fmp-components.com\/wp-content\/uploads\/2024\/12\/Agricultural-PTO-Shaft-and-Rotary-Mower-Gearbox-31.webp\" alt=\"H\u1ed9p s\u1ed1 m\u00e1y c\u1eaft c\u1ecf quay v\u00e0 tr\u1ee5c PTO n\u00f4ng nghi\u1ec7p\" width=\"463\" height=\"287\" title=\"\"><\/td>\n<\/tr>\n<\/tbody>\n<\/table>\n<h3>Gi\u1edbi thi\u1ec7u v\u1ec1 FMP<\/h3>\n<p>FMP, c\u00f3 tr\u1ee5 s\u1edf t\u1ea1i \u00dd, l\u00e0 m\u1ed9t c\u00f4ng ty n\u1ed5i ti\u1ebfng chuy\u00ean nghi\u00ean c\u1ee9u, ph\u00e1t tri\u1ec3n v\u00e0 s\u1ea3n xu\u1ea5t h\u1ed9p s\u1ed1, b\u1ed9 gi\u1ea3m t\u1ed1c v\u00e0 m\u00e1y m\u00f3c k\u1ef9 thu\u1eadt. \u0110\u01b0\u1ee3c th\u00e0nh l\u1eadp nh\u01b0 m\u1ed9t c\u00f4ng ty h\u00e0ng \u0111\u1ea7u trong ng\u00e0nh, FMP \u0111\u00e3 x\u00e2y d\u1ef1ng danh ti\u1ebfng b\u1eb1ng c\u00e1ch t\u1eadp trung v\u00e0o \u0111\u1ed5i m\u1edbi, ch\u1ea5t l\u01b0\u1ee3ng v\u00e0 cam k\u1ebft m\u1ea1nh m\u1ebd trong vi\u1ec7c b\u1ed3i d\u01b0\u1ee1ng nh\u00e2n t\u00e0i, \u0111\u1ecbnh v\u1ecb m\u00ecnh l\u00e0 m\u1ed9t c\u00f4ng ty ch\u1ee7 ch\u1ed1t trong l\u0129nh v\u1ef1c c\u01a1 kh\u00ed.<\/p>\n<p><strong>Danh m\u1ee5c s\u1ea3n ph\u1ea9m to\u00e0n di\u1ec7n<\/strong><\/p>\n<p>FMP cung c\u1ea5p \u0111a d\u1ea1ng c\u00e1c s\u1ea3n ph\u1ea9m hi\u1ec7u su\u1ea5t cao \u0111\u01b0\u1ee3c thi\u1ebft k\u1ebf \u0111\u1ec3 \u0111\u00e1p \u1ee9ng c\u00e1c nhu c\u1ea7u \u0111a d\u1ea1ng c\u1ee7a ng\u00e0nh. Danh m\u1ee5c s\u1ea3n ph\u1ea9m c\u1ee7a ch\u00fang t\u00f4i bao g\u1ed3m h\u1ed9p s\u1ed1 c\u00f4n xo\u1eafn, h\u1ed9p s\u1ed1 th\u1eb3ng, h\u1ed9p s\u1ed1 tr\u1ee5c v\u00edt, h\u1ed9p s\u1ed1 tr\u1ee5, th\u00e2n van v\u00e0 v\u1ecf van \u0111\u00fac \u00e1p su\u1ea5t cao. M\u1ed7i s\u1ea3n ph\u1ea9m \u0111\u1ec1u \u0111\u01b0\u1ee3c ch\u1ebf t\u1ea1o ch\u00ednh x\u00e1c \u0111\u1ec3 mang l\u1ea1i hi\u1ec7u su\u1ea5t \u0111\u00e1ng tin c\u1eady v\u00e0 hi\u1ec7u qu\u1ea3 trong nhi\u1ec1u \u1ee9ng d\u1ee5ng kh\u00e1c nhau.<\/p>\n<p><strong>\u1ee8ng d\u1ee5ng r\u1ed9ng r\u00e3i trong nhi\u1ec1u ng\u00e0nh c\u00f4ng nghi\u1ec7p<\/strong><\/p>\n<p>S\u1ea3n ph\u1ea9m c\u1ee7a FMP r\u1ea5t \u0111a d\u1ea1ng v\u00e0 ph\u1ee5c v\u1ee5 nhi\u1ec1u ng\u00e0nh c\u00f4ng nghi\u1ec7p, bao g\u1ed3m n\u00f4ng nghi\u1ec7p, n\u01a1i ch\u00fang cung c\u1ea5p n\u0103ng l\u01b0\u1ee3ng cho c\u00e1c thi\u1ebft b\u1ecb nh\u01b0 m\u00e1y c\u1eaft c\u1ecf quay, m\u00e1y qu\u00e9t tuy\u1ebft, m\u00e1y r\u1ea3i ph\u00e2n b\u00f3n v\u00e0 b\u0103ng t\u1ea3i ng\u0169 c\u1ed1c. Ngo\u00e0i ra, FMP c\u00f2n cung c\u1ea5p m\u00e1y m\u00f3c c\u00f4ng nghi\u1ec7p cho khai th\u00e1c d\u1ea7u kh\u00ed, \u1ee9ng d\u1ee5ng h\u00e0ng h\u1ea3i v\u00e0 c\u00e1c b\u1ed9 ph\u1eadn th\u1ee7y l\u1ef1c, ch\u1ee9ng minh kh\u1ea3 n\u0103ng th\u00edch \u1ee9ng v\u00e0 ph\u1ea1m vi ph\u1ee7 s\u00f3ng c\u1ee7a c\u00e1c s\u1ea3n ph\u1ea9m c\u1ee7a h\u1ecd.<\/p>\n<p><strong>S\u1ea3n xu\u1ea5t ti\u00ean ti\u1ebfn xu\u1ea5t s\u1eafc<\/strong><\/p>\n<p>Quy tr\u00ecnh s\u1ea3n xu\u1ea5t c\u1ee7a FMP l\u00e0 minh ch\u1ee9ng cho cam k\u1ebft v\u1ec1 ch\u1ea5t l\u01b0\u1ee3ng v\u00e0 \u0111\u1ed9 ch\u00ednh x\u00e1c. T\u1eeb thi\u1ebft k\u1ebf s\u1ea3n ph\u1ea9m \u0111\u1ebfn l\u1ef1a ch\u1ecdn v\u1eadt li\u1ec7u, c\u00f4ng ty \u0111\u1ea3m b\u1ea3o m\u1ecdi b\u01b0\u1edbc \u0111\u1ec1u \u0111\u01b0\u1ee3c \u0111i\u1ec1u ch\u1ec9nh \u0111\u1ec3 \u0111\u00e1p \u1ee9ng nhu c\u1ea7u c\u1ee5 th\u1ec3 c\u1ee7a kh\u00e1ch h\u00e0ng. V\u1eadt li\u1ec7u cao c\u1ea5p nh\u01b0 gang v\u00e0 h\u1ee3p kim nh\u00f4m \u0111\u01b0\u1ee3c l\u1ef1a ch\u1ecdn \u0111\u1ec3 \u0111\u1ea3m b\u1ea3o \u0111\u1ed9 b\u1ec1n, trong khi c\u00e1c k\u1ef9 thu\u1eadt gia c\u00f4ng ti\u00ean ti\u1ebfn, bao g\u1ed3m ti\u1ec7n v\u00e0 phay, \u0111\u1ea3m b\u1ea3o \u0111\u1ed9 ch\u00ednh x\u00e1c c\u1ee7a t\u1eebng chi ti\u1ebft. Quy tr\u00ecnh l\u1eafp r\u00e1p \u0111\u01b0\u1ee3c th\u1ef1c hi\u1ec7n t\u1ec9 m\u1ec9, t\u1eadp trung v\u00e0o c\u0103n ch\u1ec9nh v\u00e0 b\u00f4i tr\u01a1n, trong khi x\u1eed l\u00fd nhi\u1ec7t v\u00e0 b\u1ec1 m\u1eb7t gi\u00fap c\u1ea3i thi\u1ec7n \u0111\u1ed9 b\u1ec1n, kh\u1ea3 n\u0103ng ch\u1ed1ng m\u00e0i m\u00f2n v\u00e0 v\u1ebb ngo\u00e0i. C\u00e1c bi\u1ec7n ph\u00e1p ki\u1ec3m so\u00e1t ch\u1ea5t l\u01b0\u1ee3ng nghi\u00eam ng\u1eb7t \u0111\u1ea3m b\u1ea3o m\u1ed7i s\u1ea3n ph\u1ea9m \u0111\u00e1p \u1ee9ng c\u00e1c ti\u00eau chu\u1ea9n hi\u1ec7u su\u1ea5t v\u1ec1 \u0111\u1ed9 \u1ed5n \u0111\u1ecbnh v\u00e0 \u0111\u1ed9 tin c\u1eady.<\/p>\n<p><strong>Danh ti\u1ebfng trong ng\u00e0nh v\u00e0 quan h\u1ec7 \u0111\u1ed1i t\u00e1c to\u00e0n c\u1ea7u<\/strong><\/p>\n<p>S\u1ef1 t\u1eadn t\u00e2m c\u1ee7a FMP \u0111\u1ed1i v\u1edbi ch\u1ea5t l\u01b0\u1ee3ng, \u0111\u1ed5i m\u1edbi v\u00e0 s\u1ef1 h\u00e0i l\u00f2ng c\u1ee7a kh\u00e1ch h\u00e0ng \u0111\u00e3 mang l\u1ea1i cho c\u00f4ng ty danh ti\u1ebfng xu\u1ea5t s\u1eafc trong ng\u00e0nh s\u1ea3n xu\u1ea5t. C\u00f4ng ty ti\u1ebfp t\u1ee5c ph\u00e1t huy di s\u1ea3n c\u1ee7a m\u00ecnh b\u1eb1ng c\u00e1ch t\u1eadn d\u1ee5ng c\u00f4ng ngh\u1ec7 ti\u00ean ti\u1ebfn v\u00e0 tay ngh\u1ec1 th\u1ee7 c\u00f4ng. FMP hoan ngh\u00eanh c\u00e1c m\u1ed1i quan h\u1ec7 \u0111\u1ed1i t\u00e1c v\u00e0 h\u1ee3p t\u00e1c to\u00e0n c\u1ea7u, cam k\u1ebft cung c\u1ea5p c\u00e1c gi\u1ea3i ph\u00e1p ph\u00f9 h\u1ee3p, \u0111\u00e1p \u1ee9ng nhu c\u1ea7u ri\u00eang bi\u1ec7t c\u1ee7a kh\u00e1ch h\u00e0ng tr\u00ean to\u00e0n th\u1ebf gi\u1edbi. \u0110\u1ec3 bi\u1ebft th\u00eam th\u00f4ng tin v\u1ec1 s\u1ea3n ph\u1ea9m v\u00e0 d\u1ecbch v\u1ee5, c\u00e1c \u0111\u1ed1i t\u00e1c ti\u1ec1m n\u0103ng c\u00f3 th\u1ec3 d\u1ec5 d\u00e0ng li\u00ean h\u1ec7 qua \u0111i\u1ec7n tho\u1ea1i ho\u1eb7c email, c\u1ee7ng c\u1ed1 cam k\u1ebft c\u1ee7a FMP v\u1ec1 s\u1ef1 xu\u1ea5t s\u1eafc h\u01b0\u1edbng \u0111\u1ebfn kh\u00e1ch h\u00e0ng.<\/p>\n<p><img loading=\"lazy\" decoding=\"async\" class=\"alignnone size-full wp-image-1861\" src=\"https:\/\/fmp-components.com\/wp-content\/uploads\/2024\/12\/Other-Agricultural-Gearboxes.webp\" alt=\"H\u1ed9p s\u1ed1 n\u00f4ng nghi\u1ec7p kh\u00e1c\" width=\"1200\" height=\"1400\" title=\"\" srcset=\"https:\/\/fmp-components.com\/wp-content\/uploads\/2024\/12\/Other-Agricultural-Gearboxes.webp 1200w, https:\/\/fmp-components.com\/wp-content\/uploads\/2024\/12\/Other-Agricultural-Gearboxes-980x1143.webp 980w, https:\/\/fmp-components.com\/wp-content\/uploads\/2024\/12\/Other-Agricultural-Gearboxes-480x560.webp 480w\" sizes=\"(min-width: 0px) and (max-width: 480px) 480px, (min-width: 481px) and (max-width: 980px) 980px, (min-width: 981px) 1200px, 100vw\" \/><\/p>\n<p>T\u00e1c gi\u1ea3: CX<\/p>\n<p>&nbsp;<\/p>","protected":false},"excerpt":{"rendered":"<p>Specifications of Rotary Mower Gearbox LF-149B (1:1) Product Description Rotary Mower Gearboxes &#8211; Replacement of Comer Gearbox LF-149B 1:1 Product details All gearboxes are supplied without oil. First oil change after 50-70 operating hours, then after 500-700 operating hours or at least once a year. Contact us for power at a different RPM. Max. input [&hellip;]<\/p>","protected":false},"featured_media":1918,"comment_status":"open","ping_status":"closed","template":"","meta":{"_et_pb_use_builder":"","_et_pb_old_content":"","_et_gb_content_width":""},"product_brand":[],"product_cat":[51],"product_tag":[],"class_list":{"0":"post-1910","1":"product","2":"type-product","3":"status-publish","4":"has-post-thumbnail","6":"product_cat-rotary-mower-gearbox","8":"first","9":"instock","10":"shipping-taxable","11":"product-type-simple"},"_links":{"self":[{"href":"https:\/\/fmp-components.com\/vi\/wp-json\/wp\/v2\/product\/1910","targetHints":{"allow":["GET"]}}],"collection":[{"href":"https:\/\/fmp-components.com\/vi\/wp-json\/wp\/v2\/product"}],"about":[{"href":"https:\/\/fmp-components.com\/vi\/wp-json\/wp\/v2\/types\/product"}],"replies":[{"embeddable":true,"href":"https:\/\/fmp-components.com\/vi\/wp-json\/wp\/v2\/comments?post=1910"}],"wp:featuredmedia":[{"embeddable":true,"href":"https:\/\/fmp-components.com\/vi\/wp-json\/wp\/v2\/media\/1918"}],"wp:attachment":[{"href":"https:\/\/fmp-components.com\/vi\/wp-json\/wp\/v2\/media?parent=1910"}],"wp:term":[{"taxonomy":"product_brand","embeddable":true,"href":"https:\/\/fmp-components.com\/vi\/wp-json\/wp\/v2\/product_brand?post=1910"},{"taxonomy":"product_cat","embeddable":true,"href":"https:\/\/fmp-components.com\/vi\/wp-json\/wp\/v2\/product_cat?post=1910"},{"taxonomy":"product_tag","embeddable":true,"href":"https:\/\/fmp-components.com\/vi\/wp-json\/wp\/v2\/product_tag?post=1910"}],"curies":[{"name":"wp","href":"https:\/\/api.w.org\/{rel}","templated":true}]}}