{"id":1895,"date":"2024-12-24T08:55:37","date_gmt":"2024-12-24T08:55:37","guid":{"rendered":"https:\/\/fmp-components.com\/?page_id=8"},"modified":"2024-12-24T08:55:37","modified_gmt":"2024-12-24T08:55:37","slug":"rotary-mower-gearbox-replacement-of-comer-code-lf-32j","status":"publish","type":"product","link":"https:\/\/fmp-components.com\/vi\/product\/rotary-mower-gearbox-replacement-of-comer-code-lf-32j\/","title":{"rendered":"H\u1ed9p s\u1ed1 m\u00e1y c\u1eaft c\u1ecf quay \u2013 Thay th\u1ebf m\u00e3 g\u00f3c LF-32J"},"content":{"rendered":"<h2>Th\u00f4ng s\u1ed1 k\u1ef9 thu\u1eadt h\u1ed9p s\u1ed1 m\u00e1y c\u1eaft c\u1ecf xoay LF-32J<\/h2>\n<p><img loading=\"lazy\" decoding=\"async\" class=\"alignnone size-full wp-image-1899\" src=\"https:\/\/fmp-components.com\/wp-content\/uploads\/2024\/12\/rotary-mower-gearbox-specification-lf32a.webp\" alt=\"h\u1ed9p s\u1ed1 m\u00e1y c\u1eaft c\u1ecf quay\" width=\"964\" height=\"434\" title=\"\" srcset=\"https:\/\/fmp-components.com\/wp-content\/uploads\/2024\/12\/rotary-mower-gearbox-specification-lf32a.webp 964w, https:\/\/fmp-components.com\/wp-content\/uploads\/2024\/12\/rotary-mower-gearbox-specification-lf32a-480x216.webp 480w\" sizes=\"(min-width: 0px) and (max-width: 480px) 480px, (min-width: 481px) 964px, 100vw\" \/><\/p>\n<table style=\"width: 98.6462%; height: 209px;\" border=\"1\">\n<tbody>\n<tr>\n<td><strong>T\u00f4i<\/strong><\/td>\n<td>1.93<\/td>\n<\/tr>\n<tr>\n<td><strong>N<sub>1<\/sub>[v\u00f2ng\/ph\u00fat]<\/strong><\/td>\n<td>540<\/td>\n<\/tr>\n<tr>\n<td><strong>P<sub>1<\/sub>[kW]<\/strong><\/td>\n<td>44.1<\/td>\n<\/tr>\n<tr>\n<td><strong>M<sub>2<\/sub>[Nm]<\/strong><\/td>\n<td>393<\/td>\n<\/tr>\n<tr>\n<td><strong>Lo\u1ea1i tr\u1ee5c X<\/strong><\/td>\n<td>1\u201d 3\/8 Z6<\/td>\n<\/tr>\n<tr>\n<td><strong>Tr\u1ee5c lo\u1ea1i Z<\/strong><\/td>\n<td>K\u1ebft n\u1ed1i trung t\u00e2m<\/td>\n<\/tr>\n<tr>\n<td><strong>\u0110\u1ea7u v\u00e0o<\/strong><\/td>\n<td>X<\/td>\n<\/tr>\n<\/tbody>\n<\/table>\n<h3>Tr\u1ee5c PTO cho h\u1ed9p s\u1ed1 m\u00e1y c\u1eaft c\u1ecf quay<\/h3>\n<p>Khi l\u1ef1a ch\u1ecdn tr\u1ee5c PTO (Tr\u1ee5c truy\u1ec1n \u0111\u1ed9ng) cho h\u1ed9p s\u1ed1 m\u00e1y c\u1eaft c\u1ecf quay, vi\u1ec7c ch\u1ecdn \u0111\u00fang th\u00f4ng s\u1ed1 k\u1ef9 thu\u1eadt l\u00e0 r\u1ea5t quan tr\u1ecdng \u0111\u1ec3 \u0111\u1ea3m b\u1ea3o hi\u1ec7u su\u1ea5t t\u1ed1i \u01b0u v\u00e0 an to\u00e0n. Tr\u1ee5c PTO \u0111\u00f3ng vai tr\u00f2 l\u00e0 c\u1ea7u n\u1ed1i gi\u1eefa \u0111\u1ed9ng c\u01a1 m\u00e1y k\u00e9o v\u00e0 h\u1ed9p s\u1ed1, truy\u1ec1n t\u1ea3i n\u0103ng l\u01b0\u1ee3ng c\u1ea7n thi\u1ebft \u0111\u1ec3 v\u1eadn h\u00e0nh l\u01b0\u1ee1i c\u1eaft c\u1ecf m\u1ed9t c\u00e1ch hi\u1ec7u qu\u1ea3.<\/p>\n<h4>Nh\u1eefng y\u1ebfu t\u1ed1 quan tr\u1ecdng c\u1ea7n xem x\u00e9t khi l\u1ef1a ch\u1ecdn tr\u1ee5c PTO ph\u00f9 h\u1ee3p<\/h4>\n<ol>\n<li><strong>Chi\u1ec1u d\u00e0i v\u00e0 \u0111\u01b0\u1eddng k\u00ednh ch\u00ednh x\u00e1c:<\/strong> C\u1ea7n \u0111o c\u1ea9n th\u1eadn chi\u1ec1u d\u00e0i tr\u1ee5c PTO \u0111\u1ec3 ph\u00f9 h\u1ee3p v\u1edbi \u1ee9ng d\u1ee5ng c\u1ee5 th\u1ec3 c\u1ee7a b\u1ea1n. \u0110o t\u1eeb t\u00e2m c\u1ee7a kh\u1edbp n\u1ed1i PTO tr\u00ean m\u00e1y k\u00e9o \u0111\u1ebfn t\u00e2m c\u1ee7a kh\u1edbp n\u1ed1i \u0111\u1ea7u v\u00e0o tr\u00ean h\u1ed9p s\u1ed1. \u0110\u1ea3m b\u1ea3o chi\u1ec1u d\u00e0i ch\u00ednh x\u00e1c l\u00e0 r\u1ea5t quan tr\u1ecdng \u0111\u1ec3 c\u0103n ch\u1ec9nh \u0111\u00fang c\u00e1ch, tr\u00e1nh g\u00e2y qu\u00e1 t\u1ea3i cho h\u1ec7 th\u1ed1ng truy\u1ec1n \u0111\u1ed9ng v\u00e0 cho ph\u00e9p truy\u1ec1n t\u1ea3i c\u00f4ng su\u1ea5t tr\u01a1n tru. \u0110\u01b0\u1eddng k\u00ednh c\u1ee7a tr\u1ee5c PTO th\u01b0\u1eddng \u0111\u01b0\u1ee3c x\u00e1c \u0111\u1ecbnh b\u1edfi c\u00f4ng su\u1ea5t c\u1ee7a m\u00e1y k\u00e9o v\u00e0 k\u00edch th\u01b0\u1edbc c\u1ee7a h\u1ed9p s\u1ed1. Tr\u1ee5c qu\u00e1 nh\u1ecf so v\u1edbi c\u00f4ng su\u1ea5t y\u00eau c\u1ea7u c\u00f3 th\u1ec3 d\u1eabn \u0111\u1ebfn qu\u00e1 nhi\u1ec7t ho\u1eb7c g\u00e3y v\u1ee1, trong khi tr\u1ee5c qu\u00e1 l\u1edbn c\u00f3 th\u1ec3 d\u1eabn \u0111\u1ebfn ho\u1ea1t \u0111\u1ed9ng kh\u00f4ng hi\u1ec7u qu\u1ea3.<\/li>\n<li><strong>Th\u00f4ng s\u1ed1 m\u00e3 l\u1ef1c v\u00e0 m\u00f4-men xo\u1eafn:<\/strong> Vi\u1ec7c l\u1ef1a ch\u1ecdn tr\u1ee5c PTO c\u00f3 c\u00f4ng su\u1ea5t v\u00e0 m\u00f4-men xo\u1eafn ph\u00f9 h\u1ee3p l\u00e0 r\u1ea5t quan tr\u1ecdng \u0111\u1ec3 \u0111\u1ea3m b\u1ea3o ho\u1ea1t \u0111\u1ed9ng an to\u00e0n v\u00e0 hi\u1ec7u qu\u1ea3 c\u1ee7a h\u1ed9p s\u1ed1 m\u00e1y c\u1eaft c\u1ecf. M\u1ed7i h\u1ed9p s\u1ed1 \u0111\u1ec1u c\u00f3 c\u00e1c y\u00eau c\u1ea7u c\u1ee5 th\u1ec3 v\u1ec1 m\u00f4-men xo\u1eafn v\u00e0 c\u00f4ng su\u1ea5t, th\u01b0\u1eddng \u0111\u01b0\u1ee3c ghi trong th\u00f4ng s\u1ed1 k\u1ef9 thu\u1eadt c\u1ee7a nh\u00e0 s\u1ea3n xu\u1ea5t. \u0110i\u1ec1u c\u1ea7n thi\u1ebft l\u00e0 ph\u1ea3i \u0111\u1ea3m b\u1ea3o tr\u1ee5c PTO \u0111\u00e1p \u1ee9ng c\u00e1c y\u00eau c\u1ea7u n\u00e0y \u0111\u1ec3 tr\u00e1nh qu\u00e1 t\u1ea3i h\u1ed9p s\u1ed1 ho\u1eb7c ch\u00ednh tr\u1ee5c PTO.<\/li>\n<li><strong>Kh\u1ea3 n\u0103ng t\u01b0\u01a1ng th\u00edch v\u1edbi thi\u1ebft b\u1ecb:<\/strong> \u0110i\u1ec1u quan tr\u1ecdng l\u00e0 ph\u1ea3i \u0111\u1ea3m b\u1ea3o tr\u1ee5c PTO t\u01b0\u01a1ng th\u00edch v\u1edbi c\u1ea3 m\u00e1y k\u00e9o v\u00e0 h\u1ed9p s\u1ed1 m\u00e1y c\u1eaft c\u1ecf. Tr\u1ee5c PTO c\u00f3 nhi\u1ec1u k\u00edch c\u1ee1 kh\u00e1c nhau, bao g\u1ed3m c\u00e1c lo\u1ea1i v\u00e0 c\u1ea5u h\u00ecnh r\u00e3nh then kh\u00e1c nhau. H\u00e3y \u0111\u1ea3m b\u1ea3o tr\u1ee5c PTO kh\u1edbp v\u1edbi lo\u1ea1i r\u00e3nh then tr\u00ean c\u1ea3 \u0111\u1ea7u ra PTO c\u1ee7a m\u00e1y k\u00e9o v\u00e0 tr\u1ee5c \u0111\u1ea7u v\u00e0o c\u1ee7a h\u1ed9p s\u1ed1.<\/li>\n<li><strong>T\u00ednh n\u0103ng an to\u00e0n:<\/strong> Nhi\u1ec1u tr\u1ee5c truy\u1ec1n \u0111\u1ed9ng PTO \u0111\u01b0\u1ee3c trang b\u1ecb c\u00e1c t\u00ednh n\u0103ng an to\u00e0n, ch\u1eb3ng h\u1ea1n nh\u01b0 ch\u1ed1t an to\u00e0n ho\u1eb7c kh\u1edbp ly h\u1ee3p tr\u01b0\u1ee3t, \u0111\u01b0\u1ee3c thi\u1ebft k\u1ebf \u0111\u1ec3 b\u1ea3o v\u1ec7 c\u1ea3 thi\u1ebft b\u1ecb v\u00e0 ng\u01b0\u1eddi v\u1eadn h\u00e0nh trong tr\u01b0\u1eddng h\u1ee3p qu\u00e1 t\u1ea3i ho\u1eb7c t\u1eafc ngh\u1ebdn. Nh\u1eefng t\u00ednh n\u0103ng n\u00e0y gi\u00fap ng\u0103n ng\u1eeba h\u01b0 h\u1ecfng t\u1ed1n k\u00e9m cho h\u1ed9p s\u1ed1 ho\u1eb7c c\u00e1c b\u1ed9 ph\u1eadn kh\u00e1c c\u1ee7a m\u00e1y m\u00f3c, \u0111\u1ed3ng th\u1eddi t\u0103ng c\u01b0\u1eddng an to\u00e0n trong qu\u00e1 tr\u00ecnh v\u1eadn h\u00e0nh. Lu\u00f4n ch\u1ecdn tr\u1ee5c truy\u1ec1n \u0111\u1ed9ng PTO c\u00f3 c\u00e1c t\u00ednh n\u0103ng an to\u00e0n n\u00e0y \u0111\u1ec3 gi\u1ea3m nguy c\u01a1 tai n\u1ea1n ho\u1eb7c h\u1ecfng h\u00f3c thi\u1ebft b\u1ecb.<\/li>\n<\/ol>\n<h4>B\u1ea3o tr\u00ec \u0111\u1ecbnh k\u1ef3 \u0111\u1ec3 \u0111\u1ea3m b\u1ea3o tu\u1ed5i th\u1ecd v\u00e0 hi\u1ec7u qu\u1ea3.<\/h4>\n<p>\u0110\u1ec3 \u0111\u1ea3m b\u1ea3o tu\u1ed5i th\u1ecd v\u00e0 hi\u1ec7u su\u1ea5t t\u1ed1i \u01b0u c\u1ee7a tr\u1ee5c PTO, vi\u1ec7c b\u1ea3o tr\u00ec th\u01b0\u1eddng xuy\u00ean l\u00e0 c\u1ea7n thi\u1ebft. \u0110i\u1ec1u n\u00e0y bao g\u1ed3m:<\/p>\n<ul>\n<li><strong>B\u00f4i tr\u01a1n:<\/strong> H\u00e3y \u0111\u1ea3m b\u1ea3o tr\u1ee5c PTO v\u00e0 c\u00e1c kh\u1edbp n\u1ed1i c\u1ee7a n\u00f3 \u0111\u01b0\u1ee3c b\u00f4i tr\u01a1n \u0111\u00fang c\u00e1ch. Vi\u1ec7c b\u00f4i tr\u01a1n th\u01b0\u1eddng xuy\u00ean gi\u00fap gi\u1ea3m ma s\u00e1t, t\u1eeb \u0111\u00f3 gi\u1ea3m hao m\u00f2n c\u00e1c b\u1ed9 ph\u1eadn, gi\u00fap k\u00e9o d\u00e0i tu\u1ed5i th\u1ecd c\u1ee7a ch\u00fang.<\/li>\n<li><strong>Ki\u1ec3m tra hao m\u00f2n v\u00e0 h\u01b0 h\u1ecfng:<\/strong> Ki\u1ec3m tra \u0111\u1ecbnh k\u1ef3 tr\u1ee5c PTO xem c\u00f3 d\u1ea5u hi\u1ec7u hao m\u00f2n n\u00e0o kh\u00f4ng, ch\u1eb3ng h\u1ea1n nh\u01b0 tr\u1ee5c b\u1ecb cong, c\u00e1c r\u0103ng then b\u1ecb h\u1ecfng ho\u1eb7c \u0111\u1ed9 r\u01a1 qu\u00e1 m\u1ee9c. B\u1ea5t k\u1ef3 b\u1ed9 ph\u1eadn n\u00e0o b\u1ecb h\u01b0 h\u1ecfng c\u1ea7n \u0111\u01b0\u1ee3c thay th\u1ebf ngay l\u1eadp t\u1ee9c \u0111\u1ec3 ng\u0103n ng\u1eeba h\u01b0 h\u1ecfng th\u00eam cho thi\u1ebft b\u1ecb ho\u1eb7c c\u00e1c s\u1ef1 c\u1ed1 nguy hi\u1ec3m trong qu\u00e1 tr\u00ecnh v\u1eadn h\u00e0nh.<\/li>\n<li><strong>B\u1ea3o qu\u1ea3n \u0111\u00fang c\u00e1ch:<\/strong> Khi kh\u00f4ng s\u1eed d\u1ee5ng, h\u00e3y b\u1ea3o qu\u1ea3n tr\u1ee5c PTO \u1edf n\u01a1i kh\u00f4 r\u00e1o, s\u1ea1ch s\u1ebd \u0111\u1ec3 b\u1ea3o v\u1ec7 n\u00f3 kh\u1ecfi c\u00e1c t\u00e1c \u0111\u1ed9ng c\u1ee7a m\u00f4i tr\u01b0\u1eddng. \u0110i\u1ec1u n\u00e0y gi\u00fap ng\u0103n ng\u1eeba g\u1ec9 s\u00e9t ho\u1eb7c \u0103n m\u00f2n, c\u00f3 th\u1ec3 \u1ea3nh h\u01b0\u1edfng \u0111\u1ebfn ch\u1ee9c n\u0103ng v\u00e0 tu\u1ed5i th\u1ecd c\u1ee7a tr\u1ee5c.<\/li>\n<\/ul>\n<p>B\u1eb1ng c\u00e1ch l\u1ef1a ch\u1ecdn tr\u1ee5c PTO ph\u00f9 h\u1ee3p v\u00e0 b\u1ea3o d\u01b0\u1ee1ng \u0111\u00fang c\u00e1ch, b\u1ea1n c\u00f3 th\u1ec3 \u0111\u1ea3m b\u1ea3o truy\u1ec1n t\u1ea3i n\u0103ng l\u01b0\u1ee3ng hi\u1ec7u qu\u1ea3, k\u00e9o d\u00e0i tu\u1ed5i th\u1ecd c\u1ee7a c\u1ea3 tr\u1ee5c PTO v\u00e0 h\u1ed9p s\u1ed1 m\u00e1y c\u1eaft c\u1ecf, \u0111\u1ed3ng th\u1eddi c\u1ea3i thi\u1ec7n hi\u1ec7u su\u1ea5t v\u00e0 \u0111\u1ed9 an to\u00e0n t\u1ed5ng th\u1ec3 c\u1ee7a thi\u1ebft b\u1ecb.<\/p>\n<h4>Tr\u1ee5c PTO v\u00e0 h\u1ed9p s\u1ed1 m\u00e1y c\u1eaft c\u1ecf xoay \u2013 C\u00f3 s\u1eb5n \u0111\u1ec3 mua<\/h4>\n<p>Ch\u00fang t\u00f4i cung c\u1ea5p c\u00e1c tr\u1ee5c PTO ch\u1ea5t l\u01b0\u1ee3ng cao \u0111\u01b0\u1ee3c thi\u1ebft k\u1ebf \u0111\u1ec3 ph\u00f9 h\u1ee3p v\u1edbi nhi\u1ec1u lo\u1ea1i h\u1ed9p s\u1ed1 m\u00e1y c\u1eaft c\u1ecf. C\u00e1c tr\u1ee5c PTO c\u1ee7a ch\u00fang t\u00f4i \u0111\u01b0\u1ee3c ch\u1ebf t\u1ea1o \u0111\u1ec3 \u0111\u00e1p \u1ee9ng c\u00e1c y\u00eau c\u1ea7u kh\u1eaft khe c\u1ee7a c\u00e1c \u1ee9ng d\u1ee5ng n\u00f4ng nghi\u1ec7p v\u00e0 c\u00f4ng nghi\u1ec7p. Cho d\u00f9 b\u1ea1n \u0111ang thay th\u1ebf tr\u1ee5c PTO hi\u1ec7n c\u00f3 hay trang b\u1ecb cho thi\u1ebft b\u1ecb m\u1edbi, ch\u00fang t\u00f4i \u0111\u1ec1u cung c\u1ea5p c\u00e1c gi\u1ea3i ph\u00e1p \u0111\u00e1ng tin c\u1eady v\u00e0 b\u1ec1n b\u1ec9. Li\u00ean h\u1ec7 v\u1edbi ch\u00fang t\u00f4i \u0111\u1ec3 bi\u1ebft th\u00eam th\u00f4ng tin v\u1ec1 c\u00e1c s\u1ea3n ph\u1ea9m tr\u1ee5c PTO c\u1ee7a ch\u00fang t\u00f4i ho\u1eb7c \u0111\u1ec3 \u0111\u1eb7t h\u00e0ng.<\/p>\n<p><img loading=\"lazy\" decoding=\"async\" class=\"alignnone size-full wp-image-1898\" src=\"https:\/\/fmp-components.com\/wp-content\/uploads\/2024\/12\/pto-and-rotary-mower-gearbox.webp\" alt=\"h\u1ed9p s\u1ed1 m\u00e1y c\u1eaft c\u1ecf quay\" width=\"920\" height=\"690\" title=\"\" srcset=\"https:\/\/fmp-components.com\/wp-content\/uploads\/2024\/12\/pto-and-rotary-mower-gearbox.webp 920w, https:\/\/fmp-components.com\/wp-content\/uploads\/2024\/12\/pto-and-rotary-mower-gearbox-480x360.webp 480w\" sizes=\"(min-width: 0px) and (max-width: 480px) 480px, (min-width: 481px) 920px, 100vw\" \/><\/p>\n<h3>Gi\u1edbi thi\u1ec7u v\u1ec1 FMP<\/h3>\n<p>FMP, c\u00f3 tr\u1ee5 s\u1edf t\u1ea1i \u00dd, l\u00e0 m\u1ed9t c\u00f4ng ty n\u1ed5i ti\u1ebfng chuy\u00ean nghi\u00ean c\u1ee9u, ph\u00e1t tri\u1ec3n v\u00e0 s\u1ea3n xu\u1ea5t h\u1ed9p s\u1ed1, b\u1ed9 gi\u1ea3m t\u1ed1c v\u00e0 m\u00e1y m\u00f3c k\u1ef9 thu\u1eadt. V\u1edbi cam k\u1ebft m\u1ea1nh m\u1ebd trong vi\u1ec7c nu\u00f4i d\u01b0\u1ee1ng t\u00e0i n\u0103ng v\u00e0 th\u00fac \u0111\u1ea9y \u0111\u1ed5i m\u1edbi, FMP \u0111\u00e3 tr\u1edf th\u00e0nh c\u00f4ng ty h\u00e0ng \u0111\u1ea7u trong l\u0129nh v\u1ef1c c\u1ee7a m\u00ecnh.<\/p>\n<h3>Danh m\u1ee5c s\u1ea3n ph\u1ea9m \u0111a d\u1ea1ng<\/h3>\n<p>D\u00f2ng s\u1ea3n ph\u1ea9m c\u1ee7a c\u00f4ng ty bao g\u1ed3m:<\/p>\n<ul>\n<li><strong>H\u1ed9p s\u1ed1 c\u00f4n xo\u1eafn \u1ed1c<\/strong><\/li>\n<li><strong>H\u1ed9p s\u1ed1 Spur<\/strong><\/li>\n<li><strong>H\u1ed9p s\u1ed1 tr\u1ee5c v\u00edt<\/strong><\/li>\n<li><strong>H\u1ed9p s\u1ed1 h\u00ecnh tr\u1ee5<\/strong><\/li>\n<li><strong>Th\u00e2n van v\u00e0 v\u1ecf van \u0111\u00fac \u00e1p su\u1ea5t cao<\/strong><\/li>\n<\/ul>\n<h3>\u1ee8ng d\u1ee5ng r\u1ed9ng r\u00e3i<\/h3>\n<p>C\u00e1c s\u1ea3n ph\u1ea9m FMP r\u1ea5t \u0111a n\u0103ng v\u00e0 ph\u1ee5c v\u1ee5 nhi\u1ec1u ng\u00e0nh c\u00f4ng nghi\u1ec7p, bao g\u1ed3m:<\/p>\n<ul>\n<li><strong>N\u00f4ng nghi\u1ec7p<\/strong>: \u0110\u01b0\u1ee3c s\u1eed d\u1ee5ng trong m\u00e1y c\u1eaft c\u1ecf quay, m\u00e1y qu\u00e9t tuy\u1ebft, m\u00e1y r\u1ea3i ph\u00e2n b\u00f3n v\u00e0 b\u0103ng t\u1ea3i ng\u0169 c\u1ed1c.<\/li>\n<li><strong>Thi\u1ebft b\u1ecb c\u00f4ng nghi\u1ec7p<\/strong>: M\u00e1y m\u00f3c h\u1ed7 tr\u1ee3 khai th\u00e1c d\u1ea7u, \u1ee9ng d\u1ee5ng h\u00e0ng h\u1ea3i v\u00e0 c\u00e1c th\u00e0nh ph\u1ea7n th\u1ee7y l\u1ef1c cho c\u00e1c d\u1ef1 \u00e1n k\u1ef9 thu\u1eadt.<\/li>\n<\/ul>\n<h3>Quy tr\u00ecnh s\u1ea3n xu\u1ea5t ti\u00ean ti\u1ebfn<\/h3>\n<p>FMP t\u1ef1 h\u00e0o v\u1ec1 n\u0103ng l\u1ef1c k\u1ef9 thu\u1eadt v\u00e0 R&amp;D m\u1ea1nh m\u1ebd c\u1ee7a m\u00ecnh, s\u1ea3n xu\u1ea5t ra nh\u1eefng s\u1ea3n ph\u1ea9m \u0111\u00e1ng tin c\u1eady, ch\u1ea5t l\u01b0\u1ee3ng cao th\u00f4ng qua quy tr\u00ecnh s\u1ea3n xu\u1ea5t t\u1ec9 m\u1ec9:<\/p>\n<ol>\n<li><strong>Thi\u1ebft k\u1ebf s\u1ea3n ph\u1ea9m<\/strong>: C\u00e1c th\u00f4ng s\u1ed1 k\u1ef9 thu\u1eadt t\u00f9y ch\u1ec9nh \u0111\u01b0\u1ee3c ph\u00e1t tri\u1ec3n, bao g\u1ed3m lo\u1ea1i h\u1ed9p s\u1ed1, v\u1eadt li\u1ec7u v\u00e0 k\u00edch th\u01b0\u1edbc.<\/li>\n<li><strong>Chu\u1ea9n b\u1ecb v\u1eadt li\u1ec7u<\/strong>: C\u00e1c v\u1eadt li\u1ec7u cao c\u1ea5p nh\u01b0 gang v\u00e0 h\u1ee3p kim nh\u00f4m \u0111\u01b0\u1ee3c l\u1ef1a ch\u1ecdn v\u00e0 chu\u1ea9n b\u1ecb.<\/li>\n<li><strong>Gia c\u00f4ng ch\u00ednh x\u00e1c<\/strong>:C\u00e1c th\u00e0nh ph\u1ea7n nh\u01b0 tr\u1ee5c b\u00e1nh r\u0103ng v\u00e0 v\u1ecf h\u1ed9p s\u1ed1 \u0111\u01b0\u1ee3c gia c\u00f4ng b\u1eb1ng c\u00e1c k\u1ef9 thu\u1eadt ti\u00ean ti\u1ebfn nh\u01b0 ti\u1ec7n v\u00e0 phay.<\/li>\n<li><strong>Cu\u1ed9c h\u1ecdp<\/strong>:B\u00e1nh r\u0103ng, \u1ed5 tr\u1ee5c v\u00e0 tr\u1ee5c \u0111\u01b0\u1ee3c l\u1eafp r\u00e1p v\u00e0o v\u1ecf, \u0111\u1ea3m b\u1ea3o c\u0103n ch\u1ec9nh ch\u00ednh x\u00e1c v\u00e0 b\u00f4i tr\u01a1n th\u00edch h\u1ee3p.<\/li>\n<li><strong>X\u1eed l\u00fd nhi\u1ec7t<\/strong>:H\u1ed9p s\u1ed1 \u0111\u01b0\u1ee3c x\u1eed l\u00fd nhi\u1ec7t \u0111\u1ec3 t\u0103ng c\u01b0\u1eddng \u0111\u1ed9 b\u1ec1n v\u00e0 kh\u1ea3 n\u0103ng ch\u1ed1ng m\u00e0i m\u00f2n.<\/li>\n<li><strong>X\u1eed l\u00fd b\u1ec1 m\u1eb7t<\/strong>:C\u00e1c quy tr\u00ecnh nh\u01b0 \u0111\u00e1nh b\u00f3ng v\u00e0 s\u01a1n t\u0129nh \u0111i\u1ec7n gi\u00fap c\u1ea3i thi\u1ec7n v\u1ebb ngo\u00e0i v\u00e0 kh\u1ea3 n\u0103ng ch\u1ed1ng \u0103n m\u00f2n.<\/li>\n<li><strong>Ki\u1ec3m so\u00e1t ch\u1ea5t l\u01b0\u1ee3ng<\/strong>:C\u00e1c cu\u1ed9c ki\u1ec3m tra v\u00e0 th\u1eed nghi\u1ec7m nghi\u00eam ng\u1eb7t \u0111\u1ea3m b\u1ea3o t\u00ednh \u1ed5n \u0111\u1ecbnh, \u0111\u1ed9 ch\u00ednh x\u00e1c v\u00e0 tu\u00e2n th\u1ee7 c\u00e1c ti\u00eau chu\u1ea9n hi\u1ec7u su\u1ea5t.<\/li>\n<\/ol>\n<h3>Uy t\u00edn trong ng\u00e0nh<\/h3>\n<p>S\u1ef1 t\u1eadn t\u00e2m c\u1ee7a FMP \u0111\u1ed1i v\u1edbi ch\u1ea5t l\u01b0\u1ee3ng, \u0111\u1ed5i m\u1edbi v\u00e0 s\u1ef1 h\u00e0i l\u00f2ng c\u1ee7a kh\u00e1ch h\u00e0ng \u0111\u00e3 mang l\u1ea1i cho c\u00f4ng ty danh ti\u1ebfng xu\u1ea5t s\u1eafc trong l\u0129nh v\u1ef1c s\u1ea3n xu\u1ea5t. C\u00f4ng ty tu\u00e2n th\u1ee7 tri\u1ebft l\u00fd t\u1eadp trung v\u00e0o tay ngh\u1ec1 th\u1ee7 c\u00f4ng, c\u00f4ng ngh\u1ec7 ti\u00ean ti\u1ebfn v\u00e0 mang l\u1ea1i gi\u00e1 tr\u1ecb l\u00e2u d\u00e0i.<\/p>\n<h3>H\u1ee3p t\u00e1c v\u1edbi ch\u00fang t\u00f4i<\/h3>\n<p>FMP hoan ngh\u00eanh c\u00e1c c\u01a1 h\u1ed9i h\u1ee3p t\u00e1c v\u1edbi kh\u00e1ch h\u00e0ng v\u00e0 \u0111\u1ed1i t\u00e1c to\u00e0n c\u1ea7u. Vui l\u00f2ng li\u00ean h\u1ec7 v\u1edbi ch\u00fang t\u00f4i qua \u0111i\u1ec7n tho\u1ea1i ho\u1eb7c email \u0111\u1ec3 \u0111\u01b0\u1ee3c t\u01b0 v\u1ea5n v\u1ec1 s\u1ea3n ph\u1ea9m v\u00e0 d\u1ecbch v\u1ee5. Ch\u00fang t\u00f4i cam k\u1ebft cung c\u1ea5p c\u00e1c gi\u1ea3i ph\u00e1p ph\u00f9 h\u1ee3p v\u1edbi nhu c\u1ea7u c\u1ee7a b\u1ea1n.<\/p>\n<p><img loading=\"lazy\" decoding=\"async\" class=\"alignnone size-full wp-image-1861\" src=\"https:\/\/fmp-components.com\/wp-content\/uploads\/2024\/12\/Other-Agricultural-Gearboxes.webp\" alt=\"H\u1ed9p s\u1ed1 n\u00f4ng nghi\u1ec7p kh\u00e1c\" width=\"1200\" height=\"1400\" title=\"\" srcset=\"https:\/\/fmp-components.com\/wp-content\/uploads\/2024\/12\/Other-Agricultural-Gearboxes.webp 1200w, https:\/\/fmp-components.com\/wp-content\/uploads\/2024\/12\/Other-Agricultural-Gearboxes-980x1143.webp 980w, https:\/\/fmp-components.com\/wp-content\/uploads\/2024\/12\/Other-Agricultural-Gearboxes-480x560.webp 480w\" sizes=\"(min-width: 0px) and (max-width: 480px) 480px, (min-width: 481px) and (max-width: 980px) 980px, (min-width: 981px) 1200px, 100vw\" \/><\/p>\n<p>T\u00e1c gi\u1ea3: CX<\/p>","protected":false},"excerpt":{"rendered":"<p>Specifications of Rotary Mower Gearbox LF-32J i 1.93 N1[rpm] 540 P1[kW] 44.1 M2[Nm] 393 Shaft Type X 1&#8221; 3\/8 Z6 Shaft Type Z Hub connection Input X PTO Shafts for Rotary Mower Gearboxes When choosing a PTO (Power Take-Off) shaft for a rotary mower gearbox, it&#8217;s crucial to select the correct specifications to ensure optimal [&hellip;]<\/p>","protected":false},"featured_media":1901,"comment_status":"open","ping_status":"closed","template":"","meta":{"_et_pb_use_builder":"","_et_pb_old_content":"","_et_gb_content_width":""},"product_brand":[],"product_cat":[51],"product_tag":[],"class_list":{"0":"post-1895","1":"product","2":"type-product","3":"status-publish","4":"has-post-thumbnail","6":"product_cat-rotary-mower-gearbox","8":"first","9":"instock","10":"shipping-taxable","11":"product-type-simple"},"_links":{"self":[{"href":"https:\/\/fmp-components.com\/vi\/wp-json\/wp\/v2\/product\/1895","targetHints":{"allow":["GET"]}}],"collection":[{"href":"https:\/\/fmp-components.com\/vi\/wp-json\/wp\/v2\/product"}],"about":[{"href":"https:\/\/fmp-components.com\/vi\/wp-json\/wp\/v2\/types\/product"}],"replies":[{"embeddable":true,"href":"https:\/\/fmp-components.com\/vi\/wp-json\/wp\/v2\/comments?post=1895"}],"wp:featuredmedia":[{"embeddable":true,"href":"https:\/\/fmp-components.com\/vi\/wp-json\/wp\/v2\/media\/1901"}],"wp:attachment":[{"href":"https:\/\/fmp-components.com\/vi\/wp-json\/wp\/v2\/media?parent=1895"}],"wp:term":[{"taxonomy":"product_brand","embeddable":true,"href":"https:\/\/fmp-components.com\/vi\/wp-json\/wp\/v2\/product_brand?post=1895"},{"taxonomy":"product_cat","embeddable":true,"href":"https:\/\/fmp-components.com\/vi\/wp-json\/wp\/v2\/product_cat?post=1895"},{"taxonomy":"product_tag","embeddable":true,"href":"https:\/\/fmp-components.com\/vi\/wp-json\/wp\/v2\/product_tag?post=1895"}],"curies":[{"name":"wp","href":"https:\/\/api.w.org\/{rel}","templated":true}]}}