{"id":1859,"date":"2024-12-24T07:46:32","date_gmt":"2024-12-24T07:46:32","guid":{"rendered":"https:\/\/fmp-components.com\/?page_id=8"},"modified":"2024-12-24T07:59:12","modified_gmt":"2024-12-24T07:59:12","slug":"rotary-mower-gearboxes-replacement-of-comer-code-lf-151a-13","status":"publish","type":"product","link":"https:\/\/fmp-components.com\/vi\/product\/rotary-mower-gearboxes-replacement-of-comer-code-lf-151a-13\/","title":{"rendered":"H\u1ed9p s\u1ed1 m\u00e1y c\u1eaft c\u1ecf quay \u2013 Thay th\u1ebf m\u00e3 g\u00f3c LF-151A 1:3"},"content":{"rendered":"<p><img loading=\"lazy\" decoding=\"async\" class=\"size-full wp-image-1865 aligncenter\" src=\"https:\/\/fmp-components.com\/wp-content\/uploads\/2024\/12\/Rotary-Mower-Gearboxes-Replacement-of-Comer-Gearbox-LF-151A.webp\" alt=\"H\u1ed9p s\u1ed1 m\u00e1y c\u1eaft c\u1ecf quay 3\" width=\"600\" height=\"600\" title=\"\" srcset=\"https:\/\/fmp-components.com\/wp-content\/uploads\/2024\/12\/Rotary-Mower-Gearboxes-Replacement-of-Comer-Gearbox-LF-151A.webp 600w, https:\/\/fmp-components.com\/wp-content\/uploads\/2024\/12\/Rotary-Mower-Gearboxes-Replacement-of-Comer-Gearbox-LF-151A-480x480.webp 480w\" sizes=\"(min-width: 0px) and (max-width: 480px) 480px, (min-width: 481px) 600px, 100vw\" \/><\/p>\n<h2>Th\u00f4ng s\u1ed1 k\u1ef9 thu\u1eadt c\u1ee7a H\u1ed9p s\u1ed1 m\u00e1y c\u1eaft c\u1ecf quay LF-151A (1:3)<\/h2>\n<p><img loading=\"lazy\" decoding=\"async\" class=\"alignnone size-full wp-image-1863\" src=\"https:\/\/fmp-components.com\/wp-content\/uploads\/2024\/12\/Rotary-Mower-Gearboxes-\u2013-Replacement-of-Comer-Code-LF-151A.webp\" alt=\"H\u1ed9p s\u1ed1 m\u00e1y c\u1eaft c\u1ecf quay \u2013 Thay th\u1ebf m\u00e3 g\u00f3c LF-151A\" width=\"1291\" height=\"356\" title=\"\" srcset=\"https:\/\/fmp-components.com\/wp-content\/uploads\/2024\/12\/Rotary-Mower-Gearboxes-\u2013-Replacement-of-Comer-Code-LF-151A.webp 1291w, https:\/\/fmp-components.com\/wp-content\/uploads\/2024\/12\/Rotary-Mower-Gearboxes-\u2013-Replacement-of-Comer-Code-LF-151A-300x83.webp 300w, https:\/\/fmp-components.com\/wp-content\/uploads\/2024\/12\/Rotary-Mower-Gearboxes-\u2013-Replacement-of-Comer-Code-LF-151A-1024x282.webp 1024w, https:\/\/fmp-components.com\/wp-content\/uploads\/2024\/12\/Rotary-Mower-Gearboxes-\u2013-Replacement-of-Comer-Code-LF-151A-768x212.webp 768w, https:\/\/fmp-components.com\/wp-content\/uploads\/2024\/12\/Rotary-Mower-Gearboxes-\u2013-Replacement-of-Comer-Code-LF-151A-18x5.webp 18w, https:\/\/fmp-components.com\/wp-content\/uploads\/2024\/12\/Rotary-Mower-Gearboxes-\u2013-Replacement-of-Comer-Code-LF-151A-1080x298.webp 1080w, https:\/\/fmp-components.com\/wp-content\/uploads\/2024\/12\/Rotary-Mower-Gearboxes-\u2013-Replacement-of-Comer-Code-LF-151A-1280x353.webp 1280w, https:\/\/fmp-components.com\/wp-content\/uploads\/2024\/12\/Rotary-Mower-Gearboxes-\u2013-Replacement-of-Comer-Code-LF-151A-980x270.webp 980w, https:\/\/fmp-components.com\/wp-content\/uploads\/2024\/12\/Rotary-Mower-Gearboxes-\u2013-Replacement-of-Comer-Code-LF-151A-480x132.webp 480w, https:\/\/fmp-components.com\/wp-content\/uploads\/2024\/12\/Rotary-Mower-Gearboxes-\u2013-Replacement-of-Comer-Code-LF-151A-600x165.webp 600w\" sizes=\"(max-width: 1291px) 100vw, 1291px\" \/><\/p>\n<table class=\"kh-1xzm1su\" border=\"1\" cellspacing=\"0\" cellpadding=\"0\" data-intent=\"lists-product-attributes\" data-test-id=\"attributes-list\">\n<tbody class=\"kh-1ago99h\">\n<tr id=\"alexis#custom#item-id\" class=\"kh-bwvum6\" data-test-id=\"attribute-row\">\n<th class=\"kh-10oizfy\">M\u00f4 t\u1ea3 s\u1ea3n ph\u1ea9m<\/th>\n<td class=\"kh-1f5nhat\">\n<div class=\"kh-pkx4zo\">H\u1ed9p s\u1ed1 m\u00e1y c\u1eaft c\u1ecf quay \u2013 Thay th\u1ebf h\u1ed9p s\u1ed1 g\u00f3c LF-151A 1:3<\/div>\n<\/td>\n<\/tr>\n<tr id=\"attProductDetails\" class=\"kh-bwvum6\" data-test-id=\"attribute-row\">\n<th class=\"kh-10oizfy\">Chi ti\u1ebft s\u1ea3n ph\u1ea9m<\/th>\n<td class=\"kh-1f5nhat\">\n<ul>\n<li class=\"kh-16zd49f\">T\u1ea5t c\u1ea3 c\u00e1c h\u1ed9p s\u1ed1 \u0111\u1ec1u \u0111\u01b0\u1ee3c cung c\u1ea5p m\u00e0 kh\u00f4ng c\u00f3 d\u1ea7u.<\/li>\n<li class=\"kh-16zd49f\">\u0110\u1ea7u ti\u00ean, thay d\u1ea7u sau 50-70 gi\u1edd ho\u1ea1t \u0111\u1ed9ng, sau \u0111\u00f3 l\u00e0 sau 500-700 gi\u1edd ho\u1ea1t \u0111\u1ed9ng ho\u1eb7c \u00edt nh\u1ea5t m\u1ed7i n\u0103m m\u1ed9t l\u1ea7n.<\/li>\n<li class=\"kh-16zd49f\">Li\u00ean h\u1ec7 v\u1edbi ch\u00fang t\u00f4i \u0111\u1ec3 bi\u1ebft th\u00eam th\u00f4ng tin v\u1ec1 c\u00f4ng su\u1ea5t \u1edf m\u1ee9c RPM kh\u00e1c nhau.<\/li>\n<\/ul>\n<\/td>\n<\/tr>\n<tr id=\"attApplicationRange\" class=\"kh-bwvum6\" data-test-id=\"attribute-row\">\n<th class=\"kh-10oizfy\">Ph\u1ea1m vi \u1ee9ng d\u1ee5ng<\/th>\n<td class=\"kh-1f5nhat\">\n<div class=\"kh-pkx4zo\">M\u00e1y c\u1eaft c\u1ecf<\/div>\n<\/td>\n<\/tr>\n<tr id=\"attConsistsOf\" class=\"kh-bwvum6\" data-test-id=\"attribute-row\">\n<th class=\"kh-10oizfy\">Bao g\u1ed3m<\/th>\n<td class=\"kh-1f5nhat\">\n<ul>\n<li class=\"kh-16zd49f\">H\u1ed9p s\u1ed1<\/li>\n<li class=\"kh-16zd49f\">Kh\u00f4ng c\u00f3 d\u1ea7u<\/li>\n<\/ul>\n<\/td>\n<\/tr>\n<tr id=\"taContainsOil\" class=\"kh-bwvum6\" data-test-id=\"attribute-row\">\n<th class=\"kh-10oizfy\">Ch\u1ee9a d\u1ea7u<\/th>\n<td class=\"kh-1f5nhat\">\n<div class=\"kh-pkx4zo\">KH\u00d4NG<\/div>\n<\/td>\n<\/tr>\n<tr id=\"taMaxOilCapacityL\" class=\"kh-bwvum6\" data-test-id=\"attribute-row\">\n<th class=\"kh-10oizfy\">C\u00f4ng su\u1ea5t d\u1ea7u t\u1ed1i \u0111a<\/th>\n<td class=\"kh-1f5nhat\">\n<div class=\"kh-pkx4zo\">1,3 l\u00edt<\/div>\n<\/td>\n<\/tr>\n<tr id=\"taMaxOilChangeIntervalH\" class=\"kh-bwvum6\" data-test-id=\"attribute-row\">\n<th class=\"kh-10oizfy\">Kho\u1ea3ng th\u1eddi gian thay d\u1ea7u t\u1ed1i \u0111a<\/th>\n<td class=\"kh-1f5nhat\">\n<div class=\"kh-pkx4zo\">500 gi\u1edd<\/div>\n<\/td>\n<\/tr>\n<tr id=\"taOilSAEViscosityGrade\" class=\"kh-bwvum6\" data-test-id=\"attribute-row\">\n<th class=\"kh-10oizfy\">C\u1ea5p \u0111\u1ed9 nh\u1edbt c\u1ee7a d\u1ea7u SAE<\/th>\n<td class=\"kh-1f5nhat\">\n<div class=\"kh-pkx4zo\">80W-90<\/div>\n<\/td>\n<\/tr>\n<tr id=\"taHousingMaterial_16\" class=\"kh-bwvum6\" data-test-id=\"attribute-row\">\n<th class=\"kh-10oizfy\">V\u1eadt li\u1ec7u nh\u00e0 \u1edf<\/th>\n<td class=\"kh-1f5nhat\">\n<div class=\"kh-pkx4zo\">Gang GG25<\/div>\n<\/td>\n<\/tr>\n<tr id=\"taWeightKg_75\" class=\"kh-bwvum6\" data-test-id=\"attribute-row\">\n<th class=\"kh-10oizfy\">C\u00e2n n\u1eb7ng<\/th>\n<td class=\"kh-1f5nhat\">\n<div class=\"kh-pkx4zo\">21,5 kg<\/div>\n<\/td>\n<\/tr>\n<tr id=\"taGearArrangementInc\" class=\"kh-bwvum6\" data-test-id=\"attribute-row\">\n<th class=\"kh-10oizfy\">B\u1ed1 tr\u00ed b\u00e1nh r\u0103ng t\u0103ng d\u1ea7n<\/th>\n<td class=\"kh-1f5nhat\">\n<div class=\"kh-pkx4zo\">21 &#8211; 22<\/div>\n<\/td>\n<\/tr>\n<tr id=\"taInputPowerKwHpInc\" class=\"kh-bwvum6\" data-test-id=\"attribute-row\">\n<th class=\"kh-10oizfy\">C\u00f4ng su\u1ea5t \u0111\u1ea7u v\u00e0o kW \/ HP T\u0103ng d\u1ea7n<\/th>\n<td class=\"kh-1f5nhat\">\n<div class=\"kh-pkx4zo\">33,1 \/ 45 kW\/M\u00e3 l\u1ef1c<\/div>\n<\/td>\n<\/tr>\n<tr id=\"taInputShaftIncreasi\" class=\"kh-bwvum6\" data-test-id=\"attribute-row\">\n<th class=\"kh-10oizfy\">Tr\u1ee5c \u0111\u1ea7u v\u00e0o t\u0103ng<\/th>\n<td class=\"kh-1f5nhat\">\n<div class=\"kh-pkx4zo\">C\u00f3<\/div>\n<\/td>\n<\/tr>\n<tr id=\"taNSOutputTorqueDaNm_1\" class=\"kh-bwvum6\" data-test-id=\"attribute-row\">\n<th class=\"kh-10oizfy\">M\u00f4-men xo\u1eafn \u0111\u1ea7u ra DaNm t\u0103ng<\/th>\n<td class=\"kh-1f5nhat\">\n<div class=\"kh-pkx4zo\">18,9 daNm<\/div>\n<\/td>\n<\/tr>\n<tr id=\"taRatioIncreasing\" class=\"kh-bwvum6\" data-test-id=\"attribute-row\">\n<th class=\"kh-10oizfy\">T\u1ef7 l\u1ec7 t\u0103ng<\/th>\n<td class=\"kh-1f5nhat\">\n<div class=\"kh-pkx4zo\">1: 3<\/div>\n<\/td>\n<\/tr>\n<tr id=\"taRatioReducing\" class=\"kh-bwvum6\" data-test-id=\"attribute-row\">\n<th class=\"kh-10oizfy\">Gi\u1ea3m t\u1ef7 l\u1ec7<\/th>\n<td class=\"kh-1f5nhat\">\n<div class=\"kh-pkx4zo\">3: 1<\/div>\n<\/td>\n<\/tr>\n<tr id=\"taShaftY\" class=\"kh-bwvum6\" data-test-id=\"attribute-row\">\n<th class=\"kh-10oizfy\">Tr\u1ee5c Y<\/th>\n<td class=\"kh-1f5nhat\">\n<div class=\"kh-pkx4zo\">1 3\/8\u2033 (6) (A)<\/div>\n<\/td>\n<\/tr>\n<tr id=\"taShaftZ\" class=\"kh-bwvum6\" data-test-id=\"attribute-row\">\n<th class=\"kh-10oizfy\">Tr\u1ee5c Z<\/th>\n<td class=\"kh-1f5nhat\">\n<div class=\"kh-pkx4zo\">35 (B)<\/div>\n<\/td>\n<\/tr>\n<\/tbody>\n<\/table>\n<h3>\u01afu \u0111i\u1ec3m c\u1ee7a h\u1ed9p s\u1ed1 m\u00e1y c\u1eaft c\u1ecf quay LF-151A (1:3)<\/h3>\n<p>H\u1ed9p s\u1ed1 m\u00e1y c\u1eaft c\u1ecf quay LF-151A mang l\u1ea1i nhi\u1ec1u l\u1ee3i \u00edch, khi\u1ebfn n\u00f3 tr\u1edf th\u00e0nh l\u1ef1a ch\u1ecdn \u01b0u ti\u00ean cho m\u00e1y c\u1eaft c\u1ecf quay trong nhi\u1ec1u \u1ee9ng d\u1ee5ng kh\u00e1c nhau. D\u01b0\u1edbi \u0111\u00e2y l\u00e0 nh\u1eefng \u01b0u \u0111i\u1ec3m ch\u00ednh c\u1ee7a n\u00f3:<\/p>\n<h4>1. Hi\u1ec7u qu\u1ea3 cao<\/h4>\n<p>H\u1ed9p s\u1ed1 LF-151A truy\u1ec1n \u0111\u1ed9ng hi\u1ec7u qu\u1ea3 t\u1eeb m\u00e1y k\u00e9o \u0111\u1ebfn m\u00e1y c\u1eaft c\u1ecf, \u0111\u1ea3m b\u1ea3o hi\u1ec7u su\u1ea5t cao. Hi\u1ec7u su\u1ea5t n\u00e0y gi\u00fap gi\u1ea3m th\u1eddi gian v\u00e0 n\u0103ng l\u01b0\u1ee3ng c\u1ea7n thi\u1ebft \u0111\u1ec3 x\u1eed l\u00fd c\u00e1c khu v\u1ef1c r\u1ed9ng l\u1edbn, t\u1eeb \u0111\u00f3 t\u0103ng n\u0103ng su\u1ea5t.<\/p>\n<h4>2. Ho\u1ea1t \u0111\u1ed9ng tr\u01a1n tru<\/h4>\n<p>\u0110\u01b0\u1ee3c thi\u1ebft k\u1ebf \u0111\u1ec3 \u0111\u1ea3m b\u1ea3o s\u1ef1 \u1ed5n \u0111\u1ecbnh, LF-151A \u0111\u1ea3m b\u1ea3o m\u00e1y c\u1eaft c\u1ecf v\u1eadn h\u00e0nh \u00eam \u00e1i v\u1edbi \u0111\u1ed9 rung t\u1ed1i thi\u1ec3u. \u0110i\u1ec1u n\u00e0y gi\u00fap t\u0103ng c\u01b0\u1eddng s\u1ef1 tho\u1ea3i m\u00e1i cho ng\u01b0\u1eddi v\u1eadn h\u00e0nh v\u00e0 mang l\u1ea1i tr\u1ea3i nghi\u1ec7m c\u1eaft c\u1ecf \u0111\u1ed3ng \u0111\u1ec1u.<\/p>\n<h4>3. \u0110\u1ed9 b\u1ec1n \u0111\u01b0\u1ee3c c\u1ea3i thi\u1ec7n<\/h4>\n<p>\u0110\u01b0\u1ee3c ch\u1ebf t\u1ea1o b\u1eb1ng v\u1eadt li\u1ec7u ch\u1ea5t l\u01b0\u1ee3ng cao v\u00e0 k\u1ef9 thu\u1eadt ch\u00ednh x\u00e1c, LF-151A c\u00f3 \u0111\u1ed9 b\u1ec1n v\u01b0\u1ee3t tr\u1ed9i. Thi\u1ebft k\u1ebf ch\u1eafc ch\u1eafn cho ph\u00e9p m\u00e1y ch\u1ecbu \u0111\u01b0\u1ee3c c\u00e1c \u0111i\u1ec1u ki\u1ec7n kh\u1eafc nghi\u1ec7t t\u1ea1i hi\u1ec7n tr\u01b0\u1eddng, gi\u1ea3m nhu c\u1ea7u thay th\u1ebf ho\u1eb7c s\u1eeda ch\u1eefa th\u01b0\u1eddng xuy\u00ean.<\/p>\n<h4>4. Y\u00eau c\u1ea7u b\u1ea3o tr\u00ec th\u1ea5p<\/h4>\n<p>LF-151A d\u1ec5 b\u1ea3o tr\u00ec, ch\u1ec9 c\u1ea7n b\u00f4i tr\u01a1n t\u1ed1i thi\u1ec3u v\u00e0 d\u1ec5 d\u00e0ng ti\u1ebfp c\u1eadn c\u00e1c b\u1ed9 ph\u1eadn ch\u00ednh. S\u1ef1 \u0111\u01a1n gi\u1ea3n n\u00e0y gi\u00fap gi\u1ea3m th\u1eddi gian ng\u1eebng ho\u1ea1t \u0111\u1ed9ng v\u00e0 \u0111\u1ea3m b\u1ea3o vi\u1ec7c b\u1ea3o tr\u00ec kh\u00f4ng g\u1eb7p r\u1eafc r\u1ed1i.<\/p>\n<h4>5. Hi\u1ec7u su\u1ea5t y\u00ean t\u0129nh<\/h4>\n<p>Ho\u1ea1t \u0111\u1ed9ng v\u1edbi m\u1ee9c \u0111\u1ed9 ti\u1ebfng \u1ed3n th\u1ea5p, LF-151A l\u00fd t\u01b0\u1edfng cho c\u00e1c m\u00f4i tr\u01b0\u1eddng nh\u1ea1y c\u1ea3m v\u1edbi ti\u1ebfng \u1ed3n nh\u01b0 khu d\u00e2n c\u01b0, tr\u01b0\u1eddng h\u1ecdc v\u00e0 b\u1ec7nh vi\u1ec7n, \u0111\u1ea3m b\u1ea3o tr\u1ea3i nghi\u1ec7m d\u1ec5 ch\u1ecbu h\u01a1n.<\/p>\n<h4>6. T\u00ednh linh ho\u1ea1t<\/h4>\n<p>H\u1ed9p s\u1ed1 n\u00e0y \u0111a n\u0103ng v\u00e0 t\u01b0\u01a1ng th\u00edch v\u1edbi nhi\u1ec1u lo\u1ea1i m\u00e1y c\u1eaft c\u1ecf. N\u00f3 th\u00edch \u1ee9ng t\u1ed1t v\u1edbi nhi\u1ec1u \u0111\u1ecba h\u00ecnh v\u00e0 k\u00edch th\u01b0\u1edbc c\u00e1nh \u0111\u1ed3ng kh\u00e1c nhau, ph\u00f9 h\u1ee3p v\u1edbi nhi\u1ec1u \u1ee9ng d\u1ee5ng kh\u00e1c nhau.<\/p>\n<h4>7. Gi\u1ea3m thi\u1ec3u hao m\u00f2n<\/h4>\n<p>LF-151A gi\u1ea3m thi\u1ec3u hao m\u00f2n c\u00e1c b\u1ed9 ph\u1eadn c\u1ee7a m\u00e1y c\u1eaft c\u1ecf, ch\u1eb3ng h\u1ea1n nh\u01b0 l\u01b0\u1ee1i c\u1eaft v\u00e0 c\u1ea1nh c\u1eaft, k\u00e9o d\u00e0i tu\u1ed5i th\u1ecd v\u00e0 duy tr\u00ec ch\u1ea5t l\u01b0\u1ee3ng c\u1eaft \u0111\u1ed3ng \u0111\u1ec1u.<\/p>\n<p>H\u1ed9p s\u1ed1 m\u00e1y c\u1eaft c\u1ecf quay LF-151A l\u00e0 m\u1ed9t b\u1ed9 ph\u1eadn thi\u1ebft y\u1ebfu gi\u00fap n\u00e2ng cao hi\u1ec7u su\u1ea5t, \u0111\u1ed9 tin c\u1eady v\u00e0 tu\u1ed5i th\u1ecd c\u1ee7a m\u00e1y c\u1eaft c\u1ecf quay. Hi\u1ec7u su\u1ea5t, \u0111\u1ed9 b\u1ec1n v\u00e0 kh\u1ea3 n\u0103ng b\u1ea3o tr\u00ec d\u1ec5 d\u00e0ng khi\u1ebfn \u0111\u00e2y l\u00e0 m\u1ed9t kho\u1ea3n \u0111\u1ea7u t\u01b0 \u0111\u00e1ng gi\u00e1 \u0111\u1ec3 \u0111\u1ea1t \u0111\u01b0\u1ee3c k\u1ebft qu\u1ea3 c\u1eaft c\u1ecf t\u1ed1i \u01b0u trong nhi\u1ec1u \u0111i\u1ec1u ki\u1ec7n kh\u00e1c nhau.<\/p>\n<p><img loading=\"lazy\" decoding=\"async\" class=\"alignnone size-full wp-image-1868\" src=\"https:\/\/fmp-components.com\/wp-content\/uploads\/2024\/12\/Rotary-Mower-Gearbox4.webp\" alt=\"H\u1ed9p s\u1ed1 m\u00e1y c\u1eaft c\u1ecf quay4\" width=\"1278\" height=\"483\" title=\"\" srcset=\"https:\/\/fmp-components.com\/wp-content\/uploads\/2024\/12\/Rotary-Mower-Gearbox4.webp 1278w, https:\/\/fmp-components.com\/wp-content\/uploads\/2024\/12\/Rotary-Mower-Gearbox4-980x370.webp 980w, https:\/\/fmp-components.com\/wp-content\/uploads\/2024\/12\/Rotary-Mower-Gearbox4-480x181.webp 480w\" sizes=\"(min-width: 0px) and (max-width: 480px) 480px, (min-width: 481px) and (max-width: 980px) 980px, (min-width: 981px) 1278px, 100vw\" \/><\/p>\n<h3>\u1ee8ng d\u1ee5ng c\u1ee7a h\u1ed9p s\u1ed1 m\u00e1y c\u1eaft c\u1ecf quay LF-151A (1:3)<\/h3>\n<p>H\u1ed9p s\u1ed1 m\u00e1y c\u1eaft c\u1ecf quay LF-151A l\u00e0 m\u1ed9t b\u1ed9 ph\u1eadn linh ho\u1ea1t v\u00e0 \u0111\u00e1ng tin c\u1eady \u0111\u01b0\u1ee3c thi\u1ebft k\u1ebf cho nhi\u1ec1u \u1ee9ng d\u1ee5ng kh\u00e1c nhau. D\u01b0\u1edbi \u0111\u00e2y l\u00e0 m\u1ed9t s\u1ed1 c\u00f4ng d\u1ee5ng ch\u00ednh c\u1ee7a n\u00f3:<\/p>\n<h4>1. M\u00e1y c\u1eaft c\u1ecf<\/h4>\n<p>L\u00fd t\u01b0\u1edfng cho c\u1ea3 m\u00e1y c\u1eaft c\u1ecf d\u00e2n d\u1ee5ng v\u00e0 th\u01b0\u01a1ng m\u1ea1i, LF-151A mang l\u1ea1i \u0111\u1ed9 ch\u00ednh x\u00e1c v\u00e0 hi\u1ec7u qu\u1ea3, ho\u00e0n h\u1ea3o cho vi\u1ec7c duy tr\u00ec c\u00e1c c\u00e1nh \u0111\u1ed3ng l\u1edbn ho\u1eb7c kh\u00f4ng gian xanh.<\/p>\n<h4>2. M\u00e1y c\u1eaft c\u1ecf g\u1eafn tr\u00ean m\u00e1y k\u00e9o<\/h4>\n<p>LF-151A r\u1ea5t ph\u00f9 h\u1ee3p \u0111\u1ec3 l\u1eafp tr\u00ean m\u00e1y k\u00e9o, l\u00e0 l\u1ef1a ch\u1ecdn tuy\u1ec7t v\u1eddi \u0111\u1ec3 c\u1eaft c\u1ecf tr\u00ean c\u00e1c khu v\u1ef1c r\u1ed9ng l\u1edbn nh\u01b0 c\u00e1nh \u0111\u1ed3ng, v\u01b0\u1eddn c\u00e2y \u0103n qu\u1ea3 v\u00e0 v\u01b0\u1eddn nho m\u1ed9t c\u00e1ch d\u1ec5 d\u00e0ng.<\/p>\n<h4>3. B\u1ea3o tr\u00ec n\u00f4ng nghi\u1ec7p<\/h4>\n<p>H\u1ed9p s\u1ed1 n\u00e0y t\u01b0\u01a1ng th\u00edch v\u1edbi m\u00e1y c\u1eaft c\u1ecf th\u00f4 v\u00e0 m\u00e1y c\u1eaft quay, l\u00fd t\u01b0\u1edfng cho vi\u1ec7c duy tr\u00ec c\u00e1c c\u00e1nh \u0111\u1ed3ng n\u00f4ng nghi\u1ec7p, \u0111\u1ed3ng c\u1ecf v\u00e0 c\u00e1c c\u1ea3nh quan n\u00f4ng nghi\u1ec7p quy m\u00f4 l\u1edbn kh\u00e1c.<\/p>\n<h4>4. Kh\u00f4ng gian c\u00f4ng c\u1ed9ng<\/h4>\n<p>V\u1edbi kh\u1ea3 n\u0103ng gi\u1ea3m ti\u1ebfng \u1ed3n, LF-151A ho\u00e0n h\u1ea3o \u0111\u1ec3 s\u1eed d\u1ee5ng \u1edf nh\u1eefng n\u01a1i c\u00f4ng c\u1ed9ng nh\u01b0 tr\u01b0\u1eddng h\u1ecdc, b\u1ec7nh vi\u1ec7n v\u00e0 c\u00f4ng vi\u00ean, n\u01a1i ho\u1ea1t \u0111\u1ed9ng y\u00ean t\u0129nh l\u00e0 \u0111i\u1ec1u quan tr\u1ecdng.<\/p>\n<h4>5. Nhi\u1ec7m v\u1ee5 c\u1ea3nh quan<\/h4>\n<p>LF-151A l\u00e0 s\u1ef1 l\u1ef1a ch\u1ecdn linh ho\u1ea1t cho nhi\u1ec1u nhu c\u1ea7u c\u1ea3nh quan kh\u00e1c nhau, bao g\u1ed3m c\u1eaft t\u1ec9a h\u00e0ng r\u00e0o, ph\u00e1t quang b\u1ee5i r\u1eadm v\u00e0 c\u1eaft c\u00e0nh c\u00e2y, mang l\u1ea1i hi\u1ec7u su\u1ea5t \u0111\u00e1ng tin c\u1eady tr\u00ean nhi\u1ec1u \u0111\u1ecba h\u00ecnh kh\u00e1c nhau.<\/p>\n<p>H\u1ed9p s\u1ed1 m\u00e1y c\u1eaft c\u1ecf quay LF-151A l\u00e0 m\u1ed9t b\u1ed9 ph\u1eadn \u0111\u00e1ng tin c\u1eady v\u00e0 \u0111a n\u0103ng, ph\u00f9 h\u1ee3p \u0111\u1ec3 n\u00e2ng cao hi\u1ec7u su\u1ea5t, \u0111\u1ed9 tin c\u1eady v\u00e0 \u0111\u1ed9 b\u1ec1n c\u1ee7a m\u00e1y c\u1eaft c\u1ecf trong nhi\u1ec1u \u1ee9ng d\u1ee5ng kh\u00e1c nhau. D\u00f9 s\u1eed d\u1ee5ng cho m\u1ee5c \u0111\u00edch d\u00e2n d\u1ee5ng, n\u00f4ng nghi\u1ec7p hay c\u00f4ng c\u1ed9ng, h\u1ed9p s\u1ed1 n\u00e0y \u0111\u1ec1u \u0111\u1ea3m b\u1ea3o hi\u1ec7u su\u1ea5t tuy\u1ec7t v\u1eddi v\u00e0 k\u1ebft qu\u1ea3 l\u00e2u d\u00e0i.<\/p>\n<p><img loading=\"lazy\" decoding=\"async\" class=\"alignnone size-full wp-image-1869\" src=\"https:\/\/fmp-components.com\/wp-content\/uploads\/2024\/12\/Rotary-Mower-Gearbox-LF-151A-Applications-1.webp\" alt=\"H\u1ed9p s\u1ed1 m\u00e1y c\u1eaft c\u1ecf quay LF-151A-\u1ee8ng d\u1ee5ng-1\" width=\"2560\" height=\"1472\" title=\"\" srcset=\"https:\/\/fmp-components.com\/wp-content\/uploads\/2024\/12\/Rotary-Mower-Gearbox-LF-151A-Applications-1.webp 2560w, https:\/\/fmp-components.com\/wp-content\/uploads\/2024\/12\/Rotary-Mower-Gearbox-LF-151A-Applications-1-1280x736.webp 1280w, https:\/\/fmp-components.com\/wp-content\/uploads\/2024\/12\/Rotary-Mower-Gearbox-LF-151A-Applications-1-980x564.webp 980w, https:\/\/fmp-components.com\/wp-content\/uploads\/2024\/12\/Rotary-Mower-Gearbox-LF-151A-Applications-1-480x276.webp 480w\" sizes=\"(min-width: 0px) and (max-width: 480px) 480px, (min-width: 481px) and (max-width: 980px) 980px, (min-width: 981px) and (max-width: 1280px) 1280px, (min-width: 1281px) 2560px, 100vw\" \/><\/p>\n<h3>Gi\u1edbi thi\u1ec7u v\u1ec1 FMP<\/h3>\n<p>FMP, c\u00f3 tr\u1ee5 s\u1edf t\u1ea1i \u00dd, l\u00e0 m\u1ed9t c\u00f4ng ty n\u1ed5i ti\u1ebfng chuy\u00ean nghi\u00ean c\u1ee9u, ph\u00e1t tri\u1ec3n v\u00e0 s\u1ea3n xu\u1ea5t h\u1ed9p s\u1ed1, b\u1ed9 gi\u1ea3m t\u1ed1c v\u00e0 m\u00e1y m\u00f3c k\u1ef9 thu\u1eadt. V\u1edbi cam k\u1ebft m\u1ea1nh m\u1ebd trong vi\u1ec7c nu\u00f4i d\u01b0\u1ee1ng t\u00e0i n\u0103ng v\u00e0 th\u00fac \u0111\u1ea9y \u0111\u1ed5i m\u1edbi, FMP \u0111\u00e3 tr\u1edf th\u00e0nh c\u00f4ng ty h\u00e0ng \u0111\u1ea7u trong l\u0129nh v\u1ef1c c\u1ee7a m\u00ecnh.<\/p>\n<h3>Danh m\u1ee5c s\u1ea3n ph\u1ea9m \u0111a d\u1ea1ng<\/h3>\n<p>D\u00f2ng s\u1ea3n ph\u1ea9m c\u1ee7a c\u00f4ng ty bao g\u1ed3m:<\/p>\n<ul>\n<li><strong>H\u1ed9p s\u1ed1 c\u00f4n xo\u1eafn \u1ed1c<\/strong><\/li>\n<li><strong>H\u1ed9p s\u1ed1 Spur<\/strong><\/li>\n<li><strong>H\u1ed9p s\u1ed1 tr\u1ee5c v\u00edt<\/strong><\/li>\n<li><strong>H\u1ed9p s\u1ed1 h\u00ecnh tr\u1ee5<\/strong><\/li>\n<li><strong>Th\u00e2n van v\u00e0 v\u1ecf van \u0111\u00fac \u00e1p su\u1ea5t cao<\/strong><\/li>\n<\/ul>\n<h3>\u1ee8ng d\u1ee5ng r\u1ed9ng r\u00e3i<\/h3>\n<p>C\u00e1c s\u1ea3n ph\u1ea9m FMP r\u1ea5t \u0111a n\u0103ng v\u00e0 ph\u1ee5c v\u1ee5 nhi\u1ec1u ng\u00e0nh c\u00f4ng nghi\u1ec7p, bao g\u1ed3m:<\/p>\n<ul>\n<li><strong>N\u00f4ng nghi\u1ec7p<\/strong>: \u0110\u01b0\u1ee3c s\u1eed d\u1ee5ng trong m\u00e1y c\u1eaft c\u1ecf quay, m\u00e1y qu\u00e9t tuy\u1ebft, m\u00e1y r\u1ea3i ph\u00e2n b\u00f3n v\u00e0 b\u0103ng t\u1ea3i ng\u0169 c\u1ed1c.<\/li>\n<li><strong>Thi\u1ebft b\u1ecb c\u00f4ng nghi\u1ec7p<\/strong>: M\u00e1y m\u00f3c h\u1ed7 tr\u1ee3 khai th\u00e1c d\u1ea7u, \u1ee9ng d\u1ee5ng h\u00e0ng h\u1ea3i v\u00e0 c\u00e1c th\u00e0nh ph\u1ea7n th\u1ee7y l\u1ef1c cho c\u00e1c d\u1ef1 \u00e1n k\u1ef9 thu\u1eadt.<\/li>\n<\/ul>\n<h3>Quy tr\u00ecnh s\u1ea3n xu\u1ea5t ti\u00ean ti\u1ebfn<\/h3>\n<p>FMP t\u1ef1 h\u00e0o v\u1ec1 n\u0103ng l\u1ef1c k\u1ef9 thu\u1eadt v\u00e0 R&amp;D m\u1ea1nh m\u1ebd c\u1ee7a m\u00ecnh, s\u1ea3n xu\u1ea5t ra nh\u1eefng s\u1ea3n ph\u1ea9m \u0111\u00e1ng tin c\u1eady, ch\u1ea5t l\u01b0\u1ee3ng cao th\u00f4ng qua quy tr\u00ecnh s\u1ea3n xu\u1ea5t t\u1ec9 m\u1ec9:<\/p>\n<ol>\n<li><strong>Thi\u1ebft k\u1ebf s\u1ea3n ph\u1ea9m<\/strong>: C\u00e1c th\u00f4ng s\u1ed1 k\u1ef9 thu\u1eadt t\u00f9y ch\u1ec9nh \u0111\u01b0\u1ee3c ph\u00e1t tri\u1ec3n, bao g\u1ed3m lo\u1ea1i h\u1ed9p s\u1ed1, v\u1eadt li\u1ec7u v\u00e0 k\u00edch th\u01b0\u1edbc.<\/li>\n<li><strong>Chu\u1ea9n b\u1ecb v\u1eadt li\u1ec7u<\/strong>: C\u00e1c v\u1eadt li\u1ec7u cao c\u1ea5p nh\u01b0 gang v\u00e0 h\u1ee3p kim nh\u00f4m \u0111\u01b0\u1ee3c l\u1ef1a ch\u1ecdn v\u00e0 chu\u1ea9n b\u1ecb.<\/li>\n<li><strong>Gia c\u00f4ng ch\u00ednh x\u00e1c<\/strong>:C\u00e1c th\u00e0nh ph\u1ea7n nh\u01b0 tr\u1ee5c b\u00e1nh r\u0103ng v\u00e0 v\u1ecf h\u1ed9p s\u1ed1 \u0111\u01b0\u1ee3c gia c\u00f4ng b\u1eb1ng c\u00e1c k\u1ef9 thu\u1eadt ti\u00ean ti\u1ebfn nh\u01b0 ti\u1ec7n v\u00e0 phay.<\/li>\n<li><strong>Cu\u1ed9c h\u1ecdp<\/strong>:B\u00e1nh r\u0103ng, \u1ed5 tr\u1ee5c v\u00e0 tr\u1ee5c \u0111\u01b0\u1ee3c l\u1eafp r\u00e1p v\u00e0o v\u1ecf, \u0111\u1ea3m b\u1ea3o c\u0103n ch\u1ec9nh ch\u00ednh x\u00e1c v\u00e0 b\u00f4i tr\u01a1n th\u00edch h\u1ee3p.<\/li>\n<li><strong>X\u1eed l\u00fd nhi\u1ec7t<\/strong>:H\u1ed9p s\u1ed1 \u0111\u01b0\u1ee3c x\u1eed l\u00fd nhi\u1ec7t \u0111\u1ec3 t\u0103ng c\u01b0\u1eddng \u0111\u1ed9 b\u1ec1n v\u00e0 kh\u1ea3 n\u0103ng ch\u1ed1ng m\u00e0i m\u00f2n.<\/li>\n<li><strong>X\u1eed l\u00fd b\u1ec1 m\u1eb7t<\/strong>:C\u00e1c quy tr\u00ecnh nh\u01b0 \u0111\u00e1nh b\u00f3ng v\u00e0 s\u01a1n t\u0129nh \u0111i\u1ec7n gi\u00fap c\u1ea3i thi\u1ec7n v\u1ebb ngo\u00e0i v\u00e0 kh\u1ea3 n\u0103ng ch\u1ed1ng \u0103n m\u00f2n.<\/li>\n<li><strong>Ki\u1ec3m so\u00e1t ch\u1ea5t l\u01b0\u1ee3ng<\/strong>:C\u00e1c cu\u1ed9c ki\u1ec3m tra v\u00e0 th\u1eed nghi\u1ec7m nghi\u00eam ng\u1eb7t \u0111\u1ea3m b\u1ea3o t\u00ednh \u1ed5n \u0111\u1ecbnh, \u0111\u1ed9 ch\u00ednh x\u00e1c v\u00e0 tu\u00e2n th\u1ee7 c\u00e1c ti\u00eau chu\u1ea9n hi\u1ec7u su\u1ea5t.<\/li>\n<\/ol>\n<h3>Uy t\u00edn trong ng\u00e0nh<\/h3>\n<p>S\u1ef1 t\u1eadn t\u00e2m c\u1ee7a FMP \u0111\u1ed1i v\u1edbi ch\u1ea5t l\u01b0\u1ee3ng, \u0111\u1ed5i m\u1edbi v\u00e0 s\u1ef1 h\u00e0i l\u00f2ng c\u1ee7a kh\u00e1ch h\u00e0ng \u0111\u00e3 mang l\u1ea1i cho c\u00f4ng ty danh ti\u1ebfng xu\u1ea5t s\u1eafc trong l\u0129nh v\u1ef1c s\u1ea3n xu\u1ea5t. C\u00f4ng ty tu\u00e2n th\u1ee7 tri\u1ebft l\u00fd t\u1eadp trung v\u00e0o tay ngh\u1ec1 th\u1ee7 c\u00f4ng, c\u00f4ng ngh\u1ec7 ti\u00ean ti\u1ebfn v\u00e0 mang l\u1ea1i gi\u00e1 tr\u1ecb l\u00e2u d\u00e0i.<\/p>\n<h3>H\u1ee3p t\u00e1c v\u1edbi ch\u00fang t\u00f4i<\/h3>\n<p>FMP hoan ngh\u00eanh c\u00e1c c\u01a1 h\u1ed9i h\u1ee3p t\u00e1c v\u1edbi kh\u00e1ch h\u00e0ng v\u00e0 \u0111\u1ed1i t\u00e1c to\u00e0n c\u1ea7u. Vui l\u00f2ng li\u00ean h\u1ec7 v\u1edbi ch\u00fang t\u00f4i qua \u0111i\u1ec7n tho\u1ea1i ho\u1eb7c email \u0111\u1ec3 \u0111\u01b0\u1ee3c t\u01b0 v\u1ea5n v\u1ec1 s\u1ea3n ph\u1ea9m v\u00e0 d\u1ecbch v\u1ee5. Ch\u00fang t\u00f4i cam k\u1ebft cung c\u1ea5p c\u00e1c gi\u1ea3i ph\u00e1p ph\u00f9 h\u1ee3p v\u1edbi nhu c\u1ea7u c\u1ee7a b\u1ea1n.<\/p>\n<p><img loading=\"lazy\" decoding=\"async\" class=\"alignnone size-full wp-image-1861\" src=\"https:\/\/fmp-components.com\/wp-content\/uploads\/2024\/12\/Other-Agricultural-Gearboxes.webp\" alt=\"H\u1ed9p s\u1ed1 n\u00f4ng nghi\u1ec7p kh\u00e1c\" width=\"1200\" height=\"1400\" title=\"\" srcset=\"https:\/\/fmp-components.com\/wp-content\/uploads\/2024\/12\/Other-Agricultural-Gearboxes.webp 1200w, https:\/\/fmp-components.com\/wp-content\/uploads\/2024\/12\/Other-Agricultural-Gearboxes-980x1143.webp 980w, https:\/\/fmp-components.com\/wp-content\/uploads\/2024\/12\/Other-Agricultural-Gearboxes-480x560.webp 480w\" sizes=\"(min-width: 0px) and (max-width: 480px) 480px, (min-width: 481px) and (max-width: 980px) 980px, (min-width: 981px) 1200px, 100vw\" \/><\/p>\n<p>T\u00e1c gi\u1ea3: CX<\/p>","protected":false},"excerpt":{"rendered":"<p>Specifications of Rotary Mower Gearbox LF-151A (1:3) Product Description Rotary Mower Gearboxes &#8211; Replacement of Comer Gearbox LF-151A 1:3 Product details All gearboxes are supplied without oil. First, the oil change after 50-70 operating hours, then after 500-700 operating hours or at least once a year. Contact us for power at a different RPM. Application [&hellip;]<\/p>","protected":false},"featured_media":1864,"comment_status":"open","ping_status":"closed","template":"","meta":{"_et_pb_use_builder":"","_et_pb_old_content":"","_et_gb_content_width":""},"product_brand":[],"product_cat":[51],"product_tag":[],"class_list":{"0":"post-1859","1":"product","2":"type-product","3":"status-publish","4":"has-post-thumbnail","6":"product_cat-rotary-mower-gearbox","8":"first","9":"instock","10":"shipping-taxable","11":"product-type-simple"},"_links":{"self":[{"href":"https:\/\/fmp-components.com\/vi\/wp-json\/wp\/v2\/product\/1859","targetHints":{"allow":["GET"]}}],"collection":[{"href":"https:\/\/fmp-components.com\/vi\/wp-json\/wp\/v2\/product"}],"about":[{"href":"https:\/\/fmp-components.com\/vi\/wp-json\/wp\/v2\/types\/product"}],"replies":[{"embeddable":true,"href":"https:\/\/fmp-components.com\/vi\/wp-json\/wp\/v2\/comments?post=1859"}],"wp:featuredmedia":[{"embeddable":true,"href":"https:\/\/fmp-components.com\/vi\/wp-json\/wp\/v2\/media\/1864"}],"wp:attachment":[{"href":"https:\/\/fmp-components.com\/vi\/wp-json\/wp\/v2\/media?parent=1859"}],"wp:term":[{"taxonomy":"product_brand","embeddable":true,"href":"https:\/\/fmp-components.com\/vi\/wp-json\/wp\/v2\/product_brand?post=1859"},{"taxonomy":"product_cat","embeddable":true,"href":"https:\/\/fmp-components.com\/vi\/wp-json\/wp\/v2\/product_cat?post=1859"},{"taxonomy":"product_tag","embeddable":true,"href":"https:\/\/fmp-components.com\/vi\/wp-json\/wp\/v2\/product_tag?post=1859"}],"curies":[{"name":"wp","href":"https:\/\/api.w.org\/{rel}","templated":true}]}}