{"id":1845,"date":"2024-12-24T06:38:50","date_gmt":"2024-12-24T06:38:50","guid":{"rendered":"https:\/\/fmp-components.com\/?page_id=8"},"modified":"2024-12-24T06:52:40","modified_gmt":"2024-12-24T06:52:40","slug":"post-hole-digger-gearbox-replacement-of-comer-code-t-22f","status":"publish","type":"product","link":"https:\/\/fmp-components.com\/vi\/product\/post-hole-digger-gearbox-replacement-of-comer-code-t-22f\/","title":{"rendered":"H\u1ed9p s\u1ed1 m\u00e1y \u0111\u00e0o l\u1ed7 tr\u1ee5 \u2013 Thay th\u1ebf m\u00e3 g\u00f3c T-22F"},"content":{"rendered":"<p>H\u1ed9p s\u1ed1 m\u00e1y \u0111\u00e0o l\u1ed7 tr\u1ee5 c\u1ee7a ch\u00fang t\u00f4i \u0111\u01b0\u1ee3c thi\u1ebft k\u1ebf \u0111\u1eb7c bi\u1ec7t \u0111\u1ec3 thay th\u1ebf cho h\u1ed9p s\u1ed1 Comer Code T-22F. H\u1ed9p s\u1ed1 hi\u1ec7u su\u1ea5t cao n\u00e0y \u0111\u01b0\u1ee3c thi\u1ebft k\u1ebf \u0111\u1ec3 \u0111\u00e1p \u1ee9ng nhu c\u1ea7u c\u1ee7a nhi\u1ec1u \u1ee9ng d\u1ee5ng khoan kh\u00e1c nhau, \u0111\u1ea3m b\u1ea3o hi\u1ec7u qu\u1ea3 v\u00e0 \u0111\u1ed9 tin c\u1eady.<\/p>\n<h3>C\u00e1c t\u00ednh n\u0103ng ch\u00ednh:<\/h3>\n<ul>\n<li><strong>Kh\u1ea3 n\u0103ng m\u00f4-men xo\u1eafn cao<\/strong>:H\u1ed9p s\u1ed1 n\u00e0y \u0111\u01b0\u1ee3c ch\u1ebf t\u1ea1o \u0111\u1ec3 x\u1eed l\u00fd m\u00f4-men xo\u1eafn cao, truy\u1ec1n l\u1ef1c hi\u1ec7u qu\u1ea3 t\u1eeb m\u00e1y k\u00e9o \u0111\u1ebfn tr\u1ee5c v\u00edt \u0111\u1ec3 c\u00f3 hi\u1ec7u su\u1ea5t khoan t\u1ed1i \u01b0u trong \u0111i\u1ec1u ki\u1ec7n \u0111\u1ea5t c\u1ee9ng.<\/li>\n<li><strong>K\u1ebft c\u1ea5u b\u1ec1n b\u1ec9<\/strong>:\u0110\u01b0\u1ee3c s\u1ea3n xu\u1ea5t t\u1eeb \u200b\u200bv\u1eadt li\u1ec7u cao c\u1ea5p, h\u1ed9p s\u1ed1 c\u1ee7a ch\u00fang t\u00f4i c\u00f3 \u0111\u1ed9 b\u1ec1n v\u00e0 kh\u1ea3 n\u0103ng ch\u1ed1ng m\u00e0i m\u00f2n v\u01b0\u1ee3t tr\u1ed9i, \u0111\u1ea3m b\u1ea3o tu\u1ed5i th\u1ecd cao ngay c\u1ea3 khi s\u1eed d\u1ee5ng th\u01b0\u1eddng xuy\u00ean.<\/li>\n<li><strong>K\u1ef9 thu\u1eadt ch\u00ednh x\u00e1c<\/strong>:M\u1ed7i b\u1ed9 ph\u1eadn \u0111\u1ec1u \u0111\u01b0\u1ee3c gia c\u00f4ng t\u1ec9 m\u1ec9 \u0111\u1ec3 \u0111\u1ea3m b\u1ea3o ho\u1ea1t \u0111\u1ed9ng tr\u01a1n tru v\u00e0 hi\u1ec7u su\u1ea5t ch\u00ednh x\u00e1c, gi\u1ea3m thi\u1ec3u th\u1ea5t tho\u00e1t n\u0103ng l\u01b0\u1ee3ng v\u00e0 n\u00e2ng cao hi\u1ec7u qu\u1ea3 t\u1ed5ng th\u1ec3.<\/li>\n<li><strong>Thi\u1ebft k\u1ebf nh\u1ecf g\u1ecdn<\/strong>: K\u00edch th\u01b0\u1edbc nh\u1ecf g\u1ecdn cho ph\u00e9p l\u1eafp \u0111\u1eb7t d\u1ec5 d\u00e0ng v\u00e0 t\u01b0\u01a1ng th\u00edch v\u1edbi nhi\u1ec1u thi\u1ebft l\u1eadp m\u00e1y \u0111\u00e0o l\u1ed7 tr\u1ee5 kh\u00e1c nhau, khi\u1ebfn s\u1ea3n ph\u1ea9m tr\u1edf th\u00e0nh l\u1ef1a ch\u1ecdn linh ho\u1ea1t cho nhi\u1ec1u \u1ee9ng d\u1ee5ng kh\u00e1c nhau.<\/li>\n<li><strong>Kh\u1ea3 n\u0103ng t\u01b0\u01a1ng th\u00edch \u0111a n\u0103ng<\/strong>:\u0110\u01b0\u1ee3c thi\u1ebft k\u1ebf \u0111\u1ec3 ph\u00f9 h\u1ee3p v\u1edbi nhi\u1ec1u lo\u1ea1i m\u00e1y k\u00e9o v\u00e0 d\u1ee5ng c\u1ee5 \u0111\u00e0o \u0111\u1ea5t, h\u1ed9p s\u1ed1 n\u00e0y ph\u00f9 h\u1ee3p cho c\u00e1c d\u1ef1 \u00e1n n\u00f4ng nghi\u1ec7p, c\u1ea3nh quan v\u00e0 x\u00e2y d\u1ef1ng.<\/li>\n<li><strong>H\u1ec7 th\u1ed1ng ni\u00eam phong hi\u1ec7u qu\u1ea3<\/strong>: Ph\u1edbt t\u00edch h\u1ee3p ng\u0103n b\u1ee5i b\u1ea9n v\u00e0 h\u01a1i \u1ea9m x\u00e2m nh\u1eadp v\u00e0o h\u1ed9p s\u1ed1, duy tr\u00ec kh\u1ea3 n\u0103ng b\u00f4i tr\u01a1n v\u00e0 k\u00e9o d\u00e0i tu\u1ed5i th\u1ecd c\u1ee7a c\u00e1c b\u1ed9 ph\u1eadn b\u00ean trong.<\/li>\n<li><strong>Nhu c\u1ea7u b\u1ea3o tr\u00ec th\u1ea5p<\/strong>:\u0110\u01b0\u1ee3c thi\u1ebft k\u1ebf \u0111\u1ec3 c\u00f3 \u0111\u1ed9 b\u1ec1n cao, h\u1ed9p s\u1ed1 n\u00e0y c\u1ea7n b\u1ea3o tr\u00ec t\u1ed1i thi\u1ec3u, cho ph\u00e9p ng\u01b0\u1eddi d\u00f9ng t\u1eadp trung v\u00e0o c\u00f4ng vi\u1ec7c m\u00e0 kh\u00f4ng b\u1ecb gi\u00e1n \u0111o\u1ea1n th\u01b0\u1eddng xuy\u00ean.<\/li>\n<\/ul>\n<p>H\u1ed9p s\u1ed1 m\u00e1y \u0111\u00e0o l\u1ed7 tr\u1ee5 c\u1ee7a ch\u00fang t\u00f4i, \u0111\u01b0\u1ee3c thi\u1ebft k\u1ebf \u0111\u1ec3 thay th\u1ebf cho Comer Code T-22F, k\u1ebft h\u1ee3p c\u1ea5u tr\u00fac ch\u1eafc ch\u1eafn v\u1edbi k\u1ef9 thu\u1eadt ch\u00ednh x\u00e1c, tr\u1edf th\u00e0nh gi\u1ea3i ph\u00e1p ho\u00e0n h\u1ea3o cho m\u1ecdi nhu c\u1ea7u khoan c\u1ee7a b\u1ea1n. \u0110\u1ec3 bi\u1ebft th\u00eam th\u00f4ng tin ho\u1eb7c \u0111\u1eb7t h\u00e0ng, vui l\u00f2ng li\u00ean h\u1ec7 v\u1edbi ch\u00fang t\u00f4i ngay h\u00f4m nay!<\/p>\n<h2>Th\u00f4ng s\u1ed1 k\u1ef9 thu\u1eadt s\u1ea3n ph\u1ea9m:<\/h2>\n<table style=\"width: 100%;\" border=\"1\" width=\"100%\" cellspacing=\"0\" cellpadding=\"0\">\n<tbody>\n<tr>\n<th>S\u1ef1 mi\u00eau t\u1ea3<\/th>\n<td>H\u1ed9p s\u1ed1 m\u00e1y \u0111\u00e0o l\u1ed7 tr\u1ee5 \u2013 Thay th\u1ebf b\u1ed9 gi\u1ea3m t\u1ed1c \u0111\u1ed9 Corner Code T-22F<\/td>\n<\/tr>\n<tr>\n<th>\u1ee8ng d\u1ee5ng<\/th>\n<td>Nhi\u1ec1u \u1ee9ng d\u1ee5ng (n\u00f4ng nghi\u1ec7p), M\u00e1y l\u00e0m \u0111\u1ea5t nhi\u1ec1u h\u00e0ng, M\u00e1y khoan l\u1ed7<\/td>\n<\/tr>\n<tr>\n<th>Bao g\u1ed3m<\/th>\n<td>H\u1ed9p s\u1ed1<\/td>\n<\/tr>\n<tr>\n<th>Kh\u00f4ng c\u00f3 d\u1ea7u<\/th>\n<td>Th\u00f4ng tin k\u1ef9 thu\u1eadt<\/td>\n<\/tr>\n<tr>\n<th>Ch\u1ee9a d\u1ea7u<\/th>\n<td>KH\u00d4NG<\/td>\n<\/tr>\n<tr>\n<th>C\u00f4ng su\u1ea5t v\u00e0 lo\u1ea1i d\u1ea7u<\/th>\n<td>3.3 GL-5 80W-90 l\u00edt<\/td>\n<\/tr>\n<tr>\n<th>S\u1eafp x\u1ebfp b\u00e1nh r\u0103ng t\u0103ng d\u1ea7n<\/th>\n<td>23 &#8211; 24<\/td>\n<\/tr>\n<tr>\n<th>S\u1eafp x\u1ebfp b\u00e1nh r\u0103ng gi\u1ea3m<\/th>\n<td>3 &#8211; 4<\/td>\n<\/tr>\n<tr>\n<th>C\u00f4ng su\u1ea5t \u0111\u1ea7u v\u00e0o kW \/ HP t\u0103ng<\/th>\n<td>72,1 \/ 98 kW\/M\u00e3 l\u1ef1c<\/td>\n<\/tr>\n<tr>\n<th>\u0110\u1ea7u v\u00e0o<\/th>\n<td>540 v\u00f2ng\/ph\u00fat<\/td>\n<\/tr>\n<tr>\n<th>Tr\u1ee5c \u0111\u1ea7u v\u00e0o t\u0103ng<\/th>\n<td>C\u00f3<\/td>\n<\/tr>\n<tr>\n<th>Gi\u1ea3m tr\u1ee5c \u0111\u1ea7u v\u00e0o<\/th>\n<td>Z<\/td>\n<\/tr>\n<tr>\n<th>V\u1eadt li\u1ec7u v\u1ecf<\/th>\n<td>Gang GG25<\/td>\n<\/tr>\n<tr>\n<th>C\u00f4ng su\u1ea5t \u0111\u1ea7u v\u00e0o KW \/ HP Gi\u1ea3m<\/th>\n<td>60,4 \/ 82 kW\/M\u00e3 l\u1ef1c<\/td>\n<\/tr>\n<tr>\n<th>M\u00f4-men xo\u1eafn \u0111\u1ea7u ra DaNm<\/th>\n<td>199,5 daNm<\/td>\n<\/tr>\n<tr>\n<th>M\u00f4-men xo\u1eafn \u0111\u1ea7u ra DaNm t\u0103ng<\/th>\n<td>64 daNm<\/td>\n<\/tr>\n<tr>\n<th>Kho\u1ea3ng th\u1eddi gian thay d\u1ea7u<\/th>\n<td>500 gi\u1edd<\/td>\n<\/tr>\n<tr>\n<th>T\u1ef7 l\u1ec7 t\u0103ng<\/th>\n<td>1 : 1.93<\/td>\n<\/tr>\n<tr>\n<th>Gi\u1ea3m t\u1ef7 l\u1ec7<\/th>\n<td>1.93 : 1<\/td>\n<\/tr>\n<tr>\n<th>Tr\u1ee5c Y<\/th>\n<td>1 3\/8\u2033 (6) (B)<\/td>\n<\/tr>\n<tr>\n<th>Tr\u1ee5c Z<\/th>\n<td>1 3\/8\u2033 (6) (D)<\/td>\n<\/tr>\n<tr>\n<th>C\u00e2n n\u1eb7ng<\/th>\n<td>29 kg<\/td>\n<\/tr>\n<\/tbody>\n<\/table>\n<h2>Gi\u1edbi thi\u1ec7u v\u1ec1 FMP<\/h2>\n<p>FMP, c\u00f3 tr\u1ee5 s\u1edf ch\u00ednh t\u1ea1i \u00dd, l\u00e0 \u0111\u01a1n v\u1ecb ti\u00ean phong trong nghi\u00ean c\u1ee9u, ph\u00e1t tri\u1ec3n v\u00e0 s\u1ea3n xu\u1ea5t \u0111a d\u1ea1ng c\u00e1c lo\u1ea1i h\u1ed9p s\u1ed1, b\u1ed9 gi\u1ea3m t\u1ed1c v\u00e0 m\u00e1y m\u00f3c k\u1ef9 thu\u1eadt. Cam k\u1ebft v\u1ec1 s\u1ef1 xu\u1ea5t s\u1eafc v\u00e0 \u0111\u1ed5i m\u1edbi \u0111\u00e3 gi\u00fap ch\u00fang t\u00f4i t\u1ea1o ra m\u1ed9t danh m\u1ee5c s\u1ea3n ph\u1ea9m phong ph\u00fa, bao g\u1ed3m:<\/p>\n<ul>\n<li><strong>H\u1ed9p s\u1ed1 c\u00f4n xo\u1eafn \u1ed1c<\/strong><\/li>\n<li><strong>H\u1ed9p s\u1ed1 th\u1eb3ng<\/strong><\/li>\n<li><strong>H\u1ed9p s\u1ed1 tr\u1ee5c v\u00edt<\/strong><\/li>\n<li><strong>H\u1ed9p s\u1ed1 h\u00ecnh tr\u1ee5<\/strong><\/li>\n<li><strong>Th\u00e2n van v\u00e0 v\u1ecf van \u0111\u00fac \u00e1p su\u1ea5t cao<\/strong><\/li>\n<\/ul>\n<p>S\u1ea3n ph\u1ea9m c\u1ee7a ch\u00fang t\u00f4i \u0111\u01b0\u1ee3c thi\u1ebft k\u1ebf cho nhi\u1ec1u \u1ee9ng d\u1ee5ng trong nhi\u1ec1u ng\u00e0nh c\u00f4ng nghi\u1ec7p, bao g\u1ed3m n\u00f4ng nghi\u1ec7p, x\u00e2y d\u1ef1ng v\u00e0 h\u00e0ng h\u1ea3i. Ch\u00fang th\u01b0\u1eddng \u0111\u01b0\u1ee3c s\u1eed d\u1ee5ng trong m\u00e1y c\u1eaft c\u1ecf n\u00f4ng nghi\u1ec7p, m\u00e1y c\u00e0y tuy\u1ebft, m\u00e1y r\u1ea3i ph\u00e2n b\u00f3n, b\u0103ng t\u1ea3i ng\u0169 c\u1ed1c, m\u00e1y m\u00f3c c\u00f4ng nghi\u1ec7p, thi\u1ebft b\u1ecb khai th\u00e1c d\u1ea7u v\u00e0 h\u1ec7 th\u1ed1ng th\u1ee7y l\u1ef1c.<\/p>\n<p>T\u1ea1i FMP, ch\u00fang t\u00f4i t\u1ef1 h\u00e0o v\u1ec1 chuy\u00ean m\u00f4n k\u1ef9 thu\u1eadt v\u00e0 n\u0103ng l\u1ef1c nghi\u00ean c\u1ee9u m\u1ea1nh m\u1ebd. Cam k\u1ebft s\u1ea3n xu\u1ea5t c\u00e1c s\u1ea3n ph\u1ea9m \u0111\u00e1ng tin c\u1eady, ch\u1ea5t l\u01b0\u1ee3ng cao \u0111\u00e3 kh\u1eb3ng \u0111\u1ecbnh v\u1ecb th\u1ebf c\u1ee7a ch\u00fang t\u00f4i trong ng\u00e0nh s\u1ea3n xu\u1ea5t. Ch\u00fang t\u00f4i theo \u0111u\u1ed5i tri\u1ebft l\u00fd kinh doanh \u0111\u1eb7c tr\u01b0ng, \u200b\u200bnh\u1ea5n m\u1ea1nh s\u1ef1 \u0111\u1ed5i m\u1edbi, ch\u1ea5t l\u01b0\u1ee3ng v\u00e0 s\u1ef1 h\u00e0i l\u00f2ng c\u1ee7a kh\u00e1ch h\u00e0ng, cho ph\u00e9p ch\u00fang t\u00f4i \u0111\u00e1p \u1ee9ng hi\u1ec7u qu\u1ea3 nhu c\u1ea7u ng\u00e0y c\u00e0ng cao c\u1ee7a kh\u00e1ch h\u00e0ng.<\/p>\n<p><img loading=\"lazy\" decoding=\"async\" class=\"alignnone wp-image-1840\" src=\"https:\/\/fmp-components.com\/wp-content\/uploads\/2024\/12\/Post-Hole-Digger-Gearbox-6.webp\" alt=\"H\u1ed9p s\u1ed1 \u0111\u00e0o l\u1ed7\" width=\"884\" height=\"582\" title=\"\" srcset=\"https:\/\/fmp-components.com\/wp-content\/uploads\/2024\/12\/Post-Hole-Digger-Gearbox-6.webp 884w, https:\/\/fmp-components.com\/wp-content\/uploads\/2024\/12\/Post-Hole-Digger-Gearbox-6-480x316.webp 480w\" sizes=\"(min-width: 0px) and (max-width: 480px) 480px, (min-width: 481px) 884px, 100vw\" \/><\/p>\n<h3>Quy tr\u00ecnh s\u1ea3n xu\u1ea5t h\u1ed9p s\u1ed1 n\u00f4ng nghi\u1ec7p<\/h3>\n<p>Qu\u00e1 tr\u00ecnh s\u1ea3n xu\u1ea5t h\u1ed9p s\u1ed1 n\u00f4ng nghi\u1ec7p l\u00e0 m\u1ed9t quy tr\u00ecnh chi ti\u1ebft bao g\u1ed3m nhi\u1ec1u b\u01b0\u1edbc ch\u00ednh, m\u1ed7i b\u01b0\u1edbc \u0111\u1ec1u nh\u1eb1m \u0111\u1ea3m b\u1ea3o ch\u1ea5t l\u01b0\u1ee3ng v\u00e0 hi\u1ec7u su\u1ea5t cao nh\u1ea5t:<\/p>\n<p><strong>Thi\u1ebft k\u1ebf s\u1ea3n ph\u1ea9m<\/strong><br \/>\nTrong giai \u0111o\u1ea1n \u0111\u1ea7u, ch\u00fang t\u00f4i t\u1eadp trung v\u00e0o vi\u1ec7c x\u00e1c \u0111\u1ecbnh th\u00f4ng s\u1ed1 k\u1ef9 thu\u1eadt, l\u1ef1a ch\u1ecdn v\u1eadt li\u1ec7u v\u00e0 x\u00e1c \u0111\u1ecbnh k\u00edch th\u01b0\u1edbc ph\u00f9 h\u1ee3p v\u1edbi nhu c\u1ea7u \u1ee9ng d\u1ee5ng c\u1ee5 th\u1ec3. \u0110\u1ed9i ng\u0169 thi\u1ebft k\u1ebf c\u1ee7a ch\u00fang t\u00f4i h\u1ee3p t\u00e1c ch\u1eb7t ch\u1ebd v\u1edbi kh\u00e1ch h\u00e0ng \u0111\u1ec3 hi\u1ec3u r\u00f5 y\u00eau c\u1ea7u c\u1ee7a h\u1ecd v\u00e0 t\u00edch h\u1ee3p nh\u1eefng ti\u1ebfn b\u1ed9 c\u00f4ng ngh\u1ec7 m\u1edbi nh\u1ea5t.<\/p>\n<p><strong>Chu\u1ea9n b\u1ecb nguy\u00ean li\u1ec7u th\u00f4<\/strong><br \/>\nCh\u00fang t\u00f4i t\u1ec9 m\u1ec9 l\u1ef1a ch\u1ecdn c\u00e1c v\u1eadt li\u1ec7u thi\u1ebft y\u1ebfu, ch\u1ee7 y\u1ebfu l\u00e0 gang v\u00e0 h\u1ee3p kim nh\u00f4m, \u0111\u1ea3m b\u1ea3o \u0111\u00e1p \u1ee9ng c\u00e1c ti\u00eau chu\u1ea9n ch\u1ea5t l\u01b0\u1ee3ng nghi\u00eam ng\u1eb7t c\u1ee7a ch\u00fang t\u00f4i. M\u1ed7i l\u00f4 h\u00e0ng \u0111\u1ec1u \u0111\u01b0\u1ee3c ki\u1ec3m tra k\u1ef9 l\u01b0\u1ee1ng \u0111\u1ec3 \u0111\u1ea3m b\u1ea3o hi\u1ec7u su\u1ea5t t\u1ed1i \u01b0u cho s\u1ea3n ph\u1ea9m.<\/p>\n<p><strong>Gia c\u00f4ng ch\u00ednh x\u00e1c<\/strong><br \/>\nNguy\u00ean li\u1ec7u th\u00f4 \u0111\u01b0\u1ee3c gia c\u00f4ng ch\u00ednh x\u00e1c, bao g\u1ed3m ti\u1ec7n v\u00e0 phay, \u0111\u1ec3 t\u1ea1o ra b\u00e1nh r\u0103ng, tr\u1ee5c v\u00e0 v\u1ecf v\u1edbi \u0111\u1ed9 ch\u00ednh x\u00e1c v\u01b0\u1ee3t tr\u1ed9i. M\u00e1y m\u00f3c ti\u00ean ti\u1ebfn v\u00e0 \u0111\u1ed9i ng\u0169 k\u1ef9 thu\u1eadt vi\u00ean l\u00e0nh ngh\u1ec1 c\u1ee7a ch\u00fang t\u00f4i \u0111\u1ea3m b\u1ea3o m\u1ed7i linh ki\u1ec7n \u0111\u1ec1u \u0111\u01b0\u1ee3c ch\u1ebf t\u1ea1o theo ti\u00eau chu\u1ea9n cao nh\u1ea5t.<\/p>\n<p><strong>Cu\u1ed9c h\u1ecdp<\/strong><br \/>\nTrong giai \u0111o\u1ea1n l\u1eafp r\u00e1p, c\u00e1c b\u1ed9 ph\u1eadn nh\u01b0 b\u00e1nh r\u0103ng, \u1ed5 tr\u1ee5c v\u00e0 tr\u1ee5c \u0111\u01b0\u1ee3c l\u1eafp r\u00e1p c\u1ea9n th\u1eadn b\u00ean trong v\u1ecf m\u00e1y. Qu\u00e1 tr\u00ecnh n\u00e0y bao g\u1ed3m c\u00e1c b\u01b0\u1edbc ki\u1ec3m tra v\u00e0 hi\u1ec7u chu\u1ea9n \u0111\u1ed9 ch\u00ednh x\u00e1c nghi\u00eam ng\u1eb7t, c\u00f9ng v\u1edbi vi\u1ec7c s\u1eed d\u1ee5ng ch\u1ea5t b\u00f4i tr\u01a1n ph\u00f9 h\u1ee3p \u0111\u1ec3 \u0111\u1ea3m b\u1ea3o ho\u1ea1t \u0111\u1ed9ng tr\u01a1n tru v\u00e0 hi\u1ec7u qu\u1ea3.<\/p>\n<p><strong>X\u1eed l\u00fd quy tr\u00ecnh<\/strong><br \/>\n\u0110\u1ec3 t\u0103ng c\u01b0\u1eddng \u0111\u1ed9 b\u1ec1n v\u00e0 kh\u1ea3 n\u0103ng ch\u1ed1ng m\u00e0i m\u00f2n, h\u1ed9p s\u1ed1 c\u1ee7a ch\u00fang t\u00f4i tr\u1ea3i qua quy tr\u00ecnh x\u1eed l\u00fd nhi\u1ec7t ti\u00ean ti\u1ebfn. B\u01b0\u1edbc quan tr\u1ecdng n\u00e0y \u0111\u1ea3m b\u1ea3o s\u1ea3n ph\u1ea9m c\u1ee7a ch\u00fang t\u00f4i c\u00f3 th\u1ec3 ch\u1ecbu \u0111\u01b0\u1ee3c y\u00eau c\u1ea7u c\u1ee7a c\u00e1c \u1ee9ng d\u1ee5ng \u0111\u1ea7y th\u00e1ch th\u1ee9c.<\/p>\n<p><strong>X\u1eed l\u00fd b\u1ec1 m\u1eb7t<\/strong><br \/>\nCh\u00fang t\u00f4i \u00e1p d\u1ee5ng c\u00e1c ph\u01b0\u01a1ng ph\u00e1p x\u1eed l\u00fd b\u1ec1 m\u1eb7t nh\u01b0 \u0111\u00e1nh b\u00f3ng v\u00e0 s\u01a1n t\u0129nh \u0111i\u1ec7n \u0111\u1ec3 c\u1ea3i thi\u1ec7n c\u1ea3 t\u00ednh th\u1ea9m m\u1ef9 l\u1eabn kh\u1ea3 n\u0103ng ch\u1ed1ng \u0103n m\u00f2n c\u1ee7a h\u1ed9p s\u1ed1. Nh\u1eefng ph\u01b0\u01a1ng ph\u00e1p x\u1eed l\u00fd n\u00e0y kh\u00f4ng ch\u1ec9 n\u00e2ng cao \u0111\u1ed9 b\u1ec1n m\u00e0 c\u00f2n k\u00e9o d\u00e0i tu\u1ed5i th\u1ecd s\u1ea3n ph\u1ea9m trong nhi\u1ec1u m\u00f4i tr\u01b0\u1eddng kh\u00e1c nhau.<\/p>\n<p><strong>Ki\u1ec3m so\u00e1t ch\u1ea5t l\u01b0\u1ee3ng<\/strong><br \/>\nC\u00e1c cu\u1ed9c ki\u1ec3m tra to\u00e0n di\u1ec7n \u0111\u01b0\u1ee3c th\u1ef1c hi\u1ec7n \u1edf m\u1ecdi giai \u0111o\u1ea1n s\u1ea3n xu\u1ea5t, \u0111o k\u00edch th\u01b0\u1edbc, \u0111\u1ed9 ch\u00ednh x\u00e1c, \u0111\u1ed9 \u1ed3n v\u00e0 \u0111\u1ed9 rung. Quy tr\u00ecnh ki\u1ec3m so\u00e1t ch\u1ea5t l\u01b0\u1ee3ng nghi\u00eam ng\u1eb7t n\u00e0y \u0111\u1ea3m b\u1ea3o h\u1ed9p s\u1ed1 c\u1ee7a ch\u00fang t\u00f4i \u0111\u00e1p \u1ee9ng c\u00e1c ti\u00eau chu\u1ea9n an to\u00e0n v\u00e0 hi\u1ec7u su\u1ea5t nghi\u00eam ng\u1eb7t.<\/p>\n<p>Nh\u00ecn chung, vi\u1ec7c s\u1ea3n xu\u1ea5t h\u1ed9p s\u1ed1 n\u00f4ng nghi\u1ec7p t\u1ea1i FMP l\u00e0 m\u1ed9t qu\u00e1 tr\u00ecnh ph\u1ee9c t\u1ea1p, \u0111\u00f2i h\u1ecfi tay ngh\u1ec1 th\u1ee7 c\u00f4ng l\u00e0nh ngh\u1ec1, c\u00f4ng ngh\u1ec7 s\u1ea3n xu\u1ea5t ti\u00ean ti\u1ebfn v\u00e0 h\u1ec7 th\u1ed1ng ki\u1ec3m so\u00e1t ch\u1ea5t l\u01b0\u1ee3ng to\u00e0n di\u1ec7n. Ph\u01b0\u01a1ng ph\u00e1p t\u1ec9 m\u1ec9 c\u1ee7a ch\u00fang t\u00f4i \u0111\u1ea3m b\u1ea3o cung c\u1ea5p h\u1ed9p s\u1ed1 c\u00f3 hi\u1ec7u su\u1ea5t v\u00e0 \u0111\u1ed9 tin c\u1eady v\u01b0\u1ee3t tr\u1ed9i, lu\u00f4n \u0111\u00e1p \u1ee9ng c\u00e1c ti\u00eau chu\u1ea9n cao m\u00e0 kh\u00e1ch h\u00e0ng mong \u0111\u1ee3i.<\/p>\n<p>T\u00e1c gi\u1ea3: CX<\/p>","protected":false},"excerpt":{"rendered":"<p>Our Post Hole Digger Gearbox, specifically designed as a replacement for the Comer Code T-22F. This high-performance gearbox is engineered to meet the demands of various drilling applications, ensuring efficiency and reliability. Key Features: High Torque Capability: This gearbox is built to handle high torque outputs, effectively transferring power from the tractor to the auger [&hellip;]<\/p>","protected":false},"featured_media":1846,"comment_status":"open","ping_status":"closed","template":"","meta":{"_et_pb_use_builder":"","_et_pb_old_content":"","_et_gb_content_width":""},"product_brand":[],"product_cat":[50],"product_tag":[],"class_list":{"0":"post-1845","1":"product","2":"type-product","3":"status-publish","4":"has-post-thumbnail","6":"product_cat-post-hole-digger-gearbox","8":"first","9":"instock","10":"shipping-taxable","11":"product-type-simple"},"_links":{"self":[{"href":"https:\/\/fmp-components.com\/vi\/wp-json\/wp\/v2\/product\/1845","targetHints":{"allow":["GET"]}}],"collection":[{"href":"https:\/\/fmp-components.com\/vi\/wp-json\/wp\/v2\/product"}],"about":[{"href":"https:\/\/fmp-components.com\/vi\/wp-json\/wp\/v2\/types\/product"}],"replies":[{"embeddable":true,"href":"https:\/\/fmp-components.com\/vi\/wp-json\/wp\/v2\/comments?post=1845"}],"wp:featuredmedia":[{"embeddable":true,"href":"https:\/\/fmp-components.com\/vi\/wp-json\/wp\/v2\/media\/1846"}],"wp:attachment":[{"href":"https:\/\/fmp-components.com\/vi\/wp-json\/wp\/v2\/media?parent=1845"}],"wp:term":[{"taxonomy":"product_brand","embeddable":true,"href":"https:\/\/fmp-components.com\/vi\/wp-json\/wp\/v2\/product_brand?post=1845"},{"taxonomy":"product_cat","embeddable":true,"href":"https:\/\/fmp-components.com\/vi\/wp-json\/wp\/v2\/product_cat?post=1845"},{"taxonomy":"product_tag","embeddable":true,"href":"https:\/\/fmp-components.com\/vi\/wp-json\/wp\/v2\/product_tag?post=1845"}],"curies":[{"name":"wp","href":"https:\/\/api.w.org\/{rel}","templated":true}]}}