{"id":1841,"date":"2024-12-24T06:24:49","date_gmt":"2024-12-24T06:24:49","guid":{"rendered":"https:\/\/fmp-components.com\/?page_id=8"},"modified":"2024-12-24T06:51:07","modified_gmt":"2024-12-24T06:51:07","slug":"post-hole-diggers-gearboxes-replacement-of-comer-code-t-278a-11","status":"publish","type":"product","link":"https:\/\/fmp-components.com\/vi\/product\/post-hole-diggers-gearboxes-replacement-of-comer-code-t-278a-11\/","title":{"rendered":"H\u1ed9p s\u1ed1 m\u00e1y \u0111\u00e0o l\u1ed7 tr\u1ee5 \u2013 Thay th\u1ebf m\u00e3 g\u00f3c T-278A 1:1"},"content":{"rendered":"<p>H\u1ed9p s\u1ed1 m\u00e1y \u0111\u00e0o l\u1ed7 tr\u1ee5 c\u1ee7a ch\u00fang t\u00f4i \u0111\u01b0\u1ee3c thi\u1ebft k\u1ebf \u0111\u1ec3 thay th\u1ebf tr\u1ef1c ti\u1ebfp cho h\u1ed9p s\u1ed1 Comer Code T-278A 1:1. H\u1ed9p s\u1ed1 n\u00e0y \u0111\u01b0\u1ee3c thi\u1ebft k\u1ebf \u0111\u1ec3 mang l\u1ea1i hi\u1ec7u su\u1ea5t v\u00e0 \u0111\u1ed9 tin c\u1eady v\u01b0\u1ee3t tr\u1ed9i trong nhi\u1ec1u \u1ee9ng d\u1ee5ng khoan kh\u00e1c nhau.<\/p>\n<h3>C\u00e1c t\u00ednh n\u0103ng ch\u00ednh:<\/h3>\n<ul>\n<li><strong>Kh\u1ea3 n\u0103ng m\u00f4-men xo\u1eafn cao<\/strong>: C\u00f3 kh\u1ea3 n\u0103ng x\u1eed l\u00fd c\u00e1c nhi\u1ec7m v\u1ee5 khoan \u0111\u00f2i h\u1ecfi kh\u1eaft khe, \u0111\u1ea3m b\u1ea3o truy\u1ec1n l\u1ef1c hi\u1ec7u qu\u1ea3 t\u1eeb m\u00e1y k\u00e9o \u0111\u1ebfn tr\u1ee5c v\u00edt.<\/li>\n<li><strong>K\u1ebft c\u1ea5u b\u1ec1n b\u1ec9<\/strong>:\u0110\u01b0\u1ee3c l\u00e0m t\u1eeb v\u1eadt li\u1ec7u ch\u1ea5t l\u01b0\u1ee3ng cao, h\u1ed9p s\u1ed1 c\u1ee7a ch\u00fang t\u00f4i c\u00f3 \u0111\u1ed9 b\u1ec1n v\u00e0 kh\u1ea3 n\u0103ng ch\u1ed1ng m\u00e0i m\u00f2n v\u01b0\u1ee3t tr\u1ed9i, \u0111\u1ea3m b\u1ea3o tu\u1ed5i th\u1ecd l\u00e2u d\u00e0i.<\/li>\n<li><strong>K\u1ef9 thu\u1eadt ch\u00ednh x\u00e1c<\/strong>:M\u1ed7i h\u1ed9p s\u1ed1 \u0111\u01b0\u1ee3c gia c\u00f4ng ch\u00ednh x\u00e1c \u0111\u1ec3 \u0111\u1ea3m b\u1ea3o ho\u1ea1t \u0111\u1ed9ng tr\u01a1n tru v\u00e0 hi\u1ec7u su\u1ea5t t\u1ed1i \u01b0u, gi\u1ea3m thi\u1ec3u th\u1ea5t tho\u00e1t n\u0103ng l\u01b0\u1ee3ng trong qu\u00e1 tr\u00ecnh s\u1eed d\u1ee5ng.<\/li>\n<li><strong>Thi\u1ebft k\u1ebf nh\u1ecf g\u1ecdn<\/strong>: H\u00ecnh th\u1ee9c nh\u1ecf g\u1ecdn cho ph\u00e9p l\u1eafp \u0111\u1eb7t v\u00e0 t\u00edch h\u1ee3p d\u1ec5 d\u00e0ng v\u1edbi c\u00e1c thi\u1ebft l\u1eadp m\u00e1y \u0111\u00e0o l\u1ed7 tr\u1ee5 hi\u1ec7n c\u00f3 m\u00e0 kh\u00f4ng l\u00e0m t\u0103ng th\u00eam k\u00edch th\u01b0\u1edbc.<\/li>\n<li><strong>Kh\u1ea3 n\u0103ng t\u01b0\u01a1ng th\u00edch \u0111a n\u0103ng<\/strong>: \u0110\u01b0\u1ee3c thi\u1ebft k\u1ebf \u0111\u1ec3 ph\u00f9 h\u1ee3p v\u1edbi nhi\u1ec1u lo\u1ea1i m\u00e1y k\u00e9o v\u00e0 d\u1ee5ng c\u1ee5 \u0111\u00e0o \u0111\u1ea5t, ph\u00f9 h\u1ee3p v\u1edbi nhi\u1ec1u \u1ee9ng d\u1ee5ng n\u00f4ng nghi\u1ec7p v\u00e0 x\u00e2y d\u1ef1ng.<\/li>\n<li><strong>Ni\u00eam phong hi\u1ec7u qu\u1ea3<\/strong>: Ph\u1edbt t\u00edch h\u1ee3p ng\u0103n ch\u1eb7n b\u1ee5i b\u1ea9n v\u00e0 h\u01a1i \u1ea9m x\u00e2m nh\u1eadp v\u00e0o h\u1ed9p s\u1ed1, duy tr\u00ec kh\u1ea3 n\u0103ng b\u00f4i tr\u01a1n v\u00e0 k\u00e9o d\u00e0i tu\u1ed5i th\u1ecd c\u1ee7a c\u00e1c b\u1ed9 ph\u1eadn b\u00ean trong.<\/li>\n<li><strong>B\u1ea3o tr\u00ec th\u1ea5p<\/strong>:\u0110\u01b0\u1ee3c thi\u1ebft k\u1ebf \u0111\u1ec3 c\u00f3 \u0111\u1ed9 b\u1ec1n cao, h\u1ed9p s\u1ed1 n\u00e0y c\u1ea7n b\u1ea3o tr\u00ec t\u1ed1i thi\u1ec3u, cho ph\u00e9p ng\u01b0\u1eddi d\u00f9ng t\u1eadp trung v\u00e0o c\u00f4ng vi\u1ec7c m\u00e0 kh\u00f4ng b\u1ecb gi\u00e1n \u0111o\u1ea1n th\u01b0\u1eddng xuy\u00ean.<\/li>\n<\/ul>\n<h2>Th\u00f4ng s\u1ed1 k\u1ef9 thu\u1eadt s\u1ea3n ph\u1ea9m:<\/h2>\n<table style=\"width: 100%;\" border=\"1\" width=\"100%\" cellspacing=\"0\" cellpadding=\"0\">\n<tbody>\n<tr>\n<th>S\u1ef1 mi\u00eau t\u1ea3<\/th>\n<td>H\u1ed9p s\u1ed1 m\u00e1y \u0111\u00e0o l\u1ed7 tr\u1ee5 \u2013 Thay th\u1ebf m\u00e3 g\u00f3c T-278A 1:1<\/td>\n<\/tr>\n<tr>\n<th>\u1ee8ng d\u1ee5ng<\/th>\n<td>Nhi\u1ec1u \u1ee9ng d\u1ee5ng (n\u00f4ng nghi\u1ec7p) kh\u00e1c nhau<\/td>\n<\/tr>\n<tr>\n<th>Bao g\u1ed3m<\/th>\n<td>H\u1ed9p s\u1ed1<\/td>\n<\/tr>\n<tr>\n<th>Kh\u00f4ng c\u00f3 d\u1ea7u<\/th>\n<td>Th\u00f4ng tin k\u1ef9 thu\u1eadt<\/td>\n<\/tr>\n<tr>\n<th>C\u00f4ng su\u1ea5t \u0111\u1ea7u v\u00e0o t\u1ed1i \u0111a<\/th>\n<td>40,5 kW<\/td>\n<\/tr>\n<tr>\n<th>M\u00f4-men xo\u1eafn \u0111\u1ea7u ra t\u1ed1i \u0111a<\/th>\n<td>693 nm<\/td>\n<\/tr>\n<tr>\n<th>Ch\u1ee9a d\u1ea7u<\/th>\n<td>KH\u00d4NG<\/td>\n<\/tr>\n<tr>\n<th>C\u00f4ng su\u1ea5t d\u1ea7u t\u1ed1i \u0111a<\/th>\n<td>1,7 l\u00edt<\/td>\n<\/tr>\n<tr>\n<th>Kho\u1ea3ng th\u1eddi gian thay d\u1ea7u t\u1ed1i \u0111a<\/th>\n<td>500 gi\u1edd<\/td>\n<\/tr>\n<tr>\n<th>C\u1ea5p \u0111\u1ed9 nh\u1edbt SAE c\u1ee7a d\u1ea7u<\/th>\n<td>80W-90<\/td>\n<\/tr>\n<tr>\n<th>V\u1eadt li\u1ec7u nh\u00e0 \u1edf<\/th>\n<td>Gang GG25<\/td>\n<\/tr>\n<tr>\n<th>C\u00e2n n\u1eb7ng<\/th>\n<td>23,5 kg<\/td>\n<\/tr>\n<tr>\n<th>S\u1eafp x\u1ebfp b\u00e1nh r\u0103ng<\/th>\n<td>1 &#8211; 2<\/td>\n<\/tr>\n<tr>\n<th>T\u1ef7 l\u1ec7<\/th>\n<td>1 : 1<\/td>\n<\/tr>\n<tr>\n<th>Tr\u1ee5c \u0111\u1ea7u v\u00e0o<\/th>\n<td>Z<\/td>\n<\/tr>\n<tr>\n<th>Tr\u1ee5c X<\/th>\n<td>1 3\/8\u2033 (6) (A)<\/td>\n<\/tr>\n<tr>\n<th>Tr\u1ee5c Z<\/th>\n<td>1 3\/8\u2033 (6) (B)<\/td>\n<\/tr>\n<\/tbody>\n<\/table>\n<h2>Gi\u1edbi thi\u1ec7u v\u1ec1 FMP<\/h2>\n<p>FMP, c\u00f3 tr\u1ee5 s\u1edf t\u1ea1i \u00dd, chuy\u00ean nghi\u00ean c\u1ee9u, ph\u00e1t tri\u1ec3n v\u00e0 s\u1ea3n xu\u1ea5t \u0111a d\u1ea1ng c\u00e1c lo\u1ea1i h\u1ed9p s\u1ed1, b\u1ed9 gi\u1ea3m t\u1ed1c v\u00e0 m\u00e1y m\u00f3c k\u1ef9 thu\u1eadt. Danh m\u1ee5c s\u1ea3n ph\u1ea9m phong ph\u00fa c\u1ee7a ch\u00fang t\u00f4i bao g\u1ed3m:<\/p>\n<ul>\n<li><strong>H\u1ed9p s\u1ed1 c\u00f4n xo\u1eafn \u1ed1c<\/strong><\/li>\n<li><strong>H\u1ed9p s\u1ed1 th\u1eb3ng<\/strong><\/li>\n<li><strong>H\u1ed9p s\u1ed1 tr\u1ee5c v\u00edt<\/strong><\/li>\n<li><strong>H\u1ed9p s\u1ed1 h\u00ecnh tr\u1ee5<\/strong><\/li>\n<li><strong>Th\u00e2n van v\u00e0 v\u1ecf van \u0111\u00fac \u00e1p su\u1ea5t cao<\/strong><\/li>\n<\/ul>\n<p>C\u00e1c s\u1ea3n ph\u1ea9m n\u00e0y \u0111\u01b0\u1ee3c thi\u1ebft k\u1ebf cho nhi\u1ec1u \u1ee9ng d\u1ee5ng kh\u00e1c nhau, bao g\u1ed3m m\u00e1y c\u1eaft c\u1ecf n\u00f4ng nghi\u1ec7p, m\u00e1y c\u00e0y tuy\u1ebft, m\u00e1y r\u1ea3i ph\u00e2n b\u00f3n, b\u0103ng t\u1ea3i ng\u0169 c\u1ed1c, m\u00e1y m\u00f3c c\u00f4ng nghi\u1ec7p, thi\u1ebft b\u1ecb khai th\u00e1c d\u1ea7u, linh ki\u1ec7n ng\u00e0nh c\u00f4ng nghi\u1ec7p h\u00e0ng h\u1ea3i v\u00e0 h\u1ec7 th\u1ed1ng th\u1ee7y l\u1ef1c cho k\u1ef9 thu\u1eadt.<\/p>\n<p>T\u1ea1i FMP, ch\u00fang t\u00f4i t\u1ef1 h\u00e0o v\u1ec1 n\u0103ng l\u1ef1c k\u1ef9 thu\u1eadt v\u00e0 nghi\u00ean c\u1ee9u m\u1ea1nh m\u1ebd c\u1ee7a m\u00ecnh. S\u1ef1 t\u1eadn t\u00e2m trong vi\u1ec7c s\u1ea3n xu\u1ea5t c\u00e1c s\u1ea3n ph\u1ea9m \u0111\u00e1ng tin c\u1eady v\u00e0 ch\u1ea5t l\u01b0\u1ee3ng cao \u0111\u00e3 kh\u1eb3ng \u0111\u1ecbnh v\u1ecb th\u1ebf d\u1eabn \u0111\u1ea7u \u0111\u00e1ng k\u00ednh trong ng\u00e0nh s\u1ea3n xu\u1ea5t. Ch\u00fang t\u00f4i tu\u00e2n th\u1ee7 tri\u1ebft l\u00fd kinh doanh \u0111\u1ed9c \u0111\u00e1o, \u01b0u ti\u00ean \u0111\u1ed5i m\u1edbi, ch\u1ea5t l\u01b0\u1ee3ng v\u00e0 s\u1ef1 h\u00e0i l\u00f2ng c\u1ee7a kh\u00e1ch h\u00e0ng, \u0111\u1ea3m b\u1ea3o \u0111\u00e1p \u1ee9ng hi\u1ec7u qu\u1ea3 nhu c\u1ea7u ng\u00e0y c\u00e0ng cao c\u1ee7a kh\u00e1ch h\u00e0ng.<\/p>\n<p><img loading=\"lazy\" decoding=\"async\" class=\"alignnone wp-image-1840\" src=\"https:\/\/fmp-components.com\/wp-content\/uploads\/2024\/12\/Post-Hole-Digger-Gearbox-6.webp\" alt=\"H\u1ed9p s\u1ed1 \u0111\u00e0o l\u1ed7\" width=\"884\" height=\"582\" title=\"\" srcset=\"https:\/\/fmp-components.com\/wp-content\/uploads\/2024\/12\/Post-Hole-Digger-Gearbox-6.webp 884w, https:\/\/fmp-components.com\/wp-content\/uploads\/2024\/12\/Post-Hole-Digger-Gearbox-6-480x316.webp 480w\" sizes=\"(min-width: 0px) and (max-width: 480px) 480px, (min-width: 481px) 884px, 100vw\" \/><\/p>\n<h3>Quy tr\u00ecnh s\u1ea3n xu\u1ea5t h\u1ed9p s\u1ed1 n\u00f4ng nghi\u1ec7p<\/h3>\n<p>Qu\u00e1 tr\u00ecnh s\u1ea3n xu\u1ea5t h\u1ed9p s\u1ed1 n\u00f4ng nghi\u1ec7p l\u00e0 m\u1ed9t qu\u00e1 tr\u00ecnh chi ti\u1ebft bao g\u1ed3m m\u1ed9t s\u1ed1 b\u01b0\u1edbc quan tr\u1ecdng:<\/p>\n<p><strong>Thi\u1ebft k\u1ebf s\u1ea3n ph\u1ea9m<\/strong><br \/>\nGiai \u0111o\u1ea1n \u0111\u1ea7u t\u1eadp trung v\u00e0o vi\u1ec7c l\u1ef1a ch\u1ecdn th\u00f4ng s\u1ed1 k\u1ef9 thu\u1eadt, v\u1eadt li\u1ec7u v\u00e0 k\u00edch th\u01b0\u1edbc ph\u00f9 h\u1ee3p v\u1edbi nhu c\u1ea7u \u1ee9ng d\u1ee5ng c\u1ee5 th\u1ec3.<\/p>\n<p><strong>Chu\u1ea9n b\u1ecb nguy\u00ean li\u1ec7u th\u00f4<\/strong><br \/>\nCh\u00fang t\u00f4i cung c\u1ea5p c\u00e1c v\u1eadt li\u1ec7u thi\u1ebft y\u1ebfu, ch\u1ee7 y\u1ebfu l\u00e0 gang v\u00e0 h\u1ee3p kim nh\u00f4m, \u0111\u1ea3m b\u1ea3o \u0111\u00e1p \u1ee9ng c\u00e1c ti\u00eau chu\u1ea9n ch\u1ea5t l\u01b0\u1ee3ng nghi\u00eam ng\u1eb7t c\u1ee7a ch\u00fang t\u00f4i.<\/p>\n<p><strong>Gia c\u00f4ng ch\u00ednh x\u00e1c<\/strong><br \/>\nNguy\u00ean li\u1ec7u th\u00f4 tr\u1ea3i qua c\u00e1c ho\u1ea1t \u0111\u1ed9ng gia c\u00f4ng ch\u00ednh x\u00e1c, bao g\u1ed3m ti\u1ec7n v\u00e0 phay, \u0111\u1ec3 t\u1ea1o ra b\u00e1nh r\u0103ng, tr\u1ee5c v\u00e0 v\u1ecf v\u1edbi \u0111\u1ed9 ch\u00ednh x\u00e1c \u0111\u1eb7c bi\u1ec7t.<\/p>\n<p><strong>Cu\u1ed9c h\u1ecdp<\/strong><br \/>\nC\u00e1c b\u1ed9 ph\u1eadn nh\u01b0 b\u00e1nh r\u0103ng, \u1ed5 tr\u1ee5c v\u00e0 tr\u1ee5c \u0111\u01b0\u1ee3c l\u1eafp r\u00e1p c\u1ea9n th\u1eadn b\u00ean trong v\u1ecf m\u00e1y. Trong giai \u0111o\u1ea1n n\u00e0y, c\u00e1c b\u01b0\u1edbc ki\u1ec3m tra v\u00e0 hi\u1ec7u chu\u1ea9n \u0111\u1ed9 ch\u00ednh x\u00e1c \u0111\u01b0\u1ee3c th\u1ef1c hi\u1ec7n, c\u00f9ng v\u1edbi vi\u1ec7c s\u1eed d\u1ee5ng ch\u1ea5t b\u00f4i tr\u01a1n ph\u00f9 h\u1ee3p \u0111\u1ec3 t\u1ed1i \u01b0u h\u00f3a ho\u1ea1t \u0111\u1ed9ng.<\/p>\n<p><strong>X\u1eed l\u00fd quy tr\u00ecnh<\/strong><br \/>\nH\u1ed9p s\u1ed1 \u0111\u01b0\u1ee3c x\u1eed l\u00fd nhi\u1ec7t \u0111\u1ec3 t\u0103ng c\u01b0\u1eddng \u0111\u1ed9 b\u1ec1n v\u00e0 kh\u1ea3 n\u0103ng ch\u1ed1ng m\u00e0i m\u00f2n, \u0111\u1ea3m b\u1ea3o hi\u1ec7u su\u1ea5t l\u00e2u d\u00e0i.<\/p>\n<p><strong>X\u1eed l\u00fd b\u1ec1 m\u1eb7t<\/strong><br \/>\nCh\u00fang t\u00f4i s\u1eed d\u1ee5ng c\u00e1c ph\u01b0\u01a1ng ph\u00e1p x\u1eed l\u00fd b\u1ec1 m\u1eb7t nh\u01b0 \u0111\u00e1nh b\u00f3ng v\u00e0 s\u01a1n t\u0129nh \u0111i\u1ec7n \u0111\u1ec3 t\u0103ng t\u00ednh th\u1ea9m m\u1ef9 v\u00e0 kh\u1ea3 n\u0103ng ch\u1ed1ng \u0103n m\u00f2n c\u1ee7a h\u1ed9p s\u1ed1.<\/p>\n<p><strong>Ki\u1ec3m so\u00e1t ch\u1ea5t l\u01b0\u1ee3ng<\/strong><br \/>\nC\u00e1c cu\u1ed9c ki\u1ec3m tra to\u00e0n di\u1ec7n \u0111\u01b0\u1ee3c ti\u1ebfn h\u00e0nh \u0111\u1ec3 \u0111o k\u00edch th\u01b0\u1edbc, \u0111\u1ed9 ch\u00ednh x\u00e1c, ti\u1ebfng \u1ed3n v\u00e0 \u0111\u1ed9 rung, \u0111\u1ea3m b\u1ea3o h\u1ed9p s\u1ed1 c\u1ee7a ch\u00fang t\u00f4i \u0111\u00e1p \u1ee9ng c\u00e1c ti\u00eau chu\u1ea9n nghi\u00eam ng\u1eb7t v\u1ec1 an to\u00e0n v\u00e0 hi\u1ec7u su\u1ea5t.<\/p>\n<p>Nh\u00ecn chung, vi\u1ec7c s\u1ea3n xu\u1ea5t h\u1ed9p s\u1ed1 n\u00f4ng nghi\u1ec7p l\u00e0 m\u1ed9t qu\u00e1 tr\u00ecnh ph\u1ee9c t\u1ea1p, \u0111\u00f2i h\u1ecfi tay ngh\u1ec1 th\u1ee7 c\u00f4ng l\u00e0nh ngh\u1ec1, c\u00f4ng ngh\u1ec7 s\u1ea3n xu\u1ea5t ti\u00ean ti\u1ebfn v\u00e0 h\u1ec7 th\u1ed1ng ki\u1ec3m so\u00e1t ch\u1ea5t l\u01b0\u1ee3ng to\u00e0n di\u1ec7n. Ph\u01b0\u01a1ng ph\u00e1p t\u1ec9 m\u1ec9 n\u00e0y \u0111\u1ea3m b\u1ea3o h\u1ed9p s\u1ed1 c\u1ee7a ch\u00fang t\u00f4i mang l\u1ea1i hi\u1ec7u su\u1ea5t v\u00e0 \u0111\u1ed9 tin c\u1eady v\u01b0\u1ee3t tr\u1ed9i.<\/p>\n<p>T\u00e1c gi\u1ea3: CX<\/p>","protected":false},"excerpt":{"rendered":"<p>Our Post Hole Diggers Gearbox, designed as a direct replacement for the Comer Code T-278A 1:1. This gearbox is engineered to deliver exceptional performance and reliability in various drilling applications. Key Features: High Torque Capacity: Capable of handling demanding drilling tasks, ensuring efficient power transfer from the tractor to the auger. Durable Construction: Made from [&hellip;]<\/p>","protected":false},"featured_media":1842,"comment_status":"open","ping_status":"closed","template":"","meta":{"_et_pb_use_builder":"","_et_pb_old_content":"","_et_gb_content_width":""},"product_brand":[],"product_cat":[50],"product_tag":[],"class_list":{"0":"post-1841","1":"product","2":"type-product","3":"status-publish","4":"has-post-thumbnail","6":"product_cat-post-hole-digger-gearbox","8":"first","9":"instock","10":"shipping-taxable","11":"product-type-simple"},"_links":{"self":[{"href":"https:\/\/fmp-components.com\/vi\/wp-json\/wp\/v2\/product\/1841","targetHints":{"allow":["GET"]}}],"collection":[{"href":"https:\/\/fmp-components.com\/vi\/wp-json\/wp\/v2\/product"}],"about":[{"href":"https:\/\/fmp-components.com\/vi\/wp-json\/wp\/v2\/types\/product"}],"replies":[{"embeddable":true,"href":"https:\/\/fmp-components.com\/vi\/wp-json\/wp\/v2\/comments?post=1841"}],"wp:featuredmedia":[{"embeddable":true,"href":"https:\/\/fmp-components.com\/vi\/wp-json\/wp\/v2\/media\/1842"}],"wp:attachment":[{"href":"https:\/\/fmp-components.com\/vi\/wp-json\/wp\/v2\/media?parent=1841"}],"wp:term":[{"taxonomy":"product_brand","embeddable":true,"href":"https:\/\/fmp-components.com\/vi\/wp-json\/wp\/v2\/product_brand?post=1841"},{"taxonomy":"product_cat","embeddable":true,"href":"https:\/\/fmp-components.com\/vi\/wp-json\/wp\/v2\/product_cat?post=1841"},{"taxonomy":"product_tag","embeddable":true,"href":"https:\/\/fmp-components.com\/vi\/wp-json\/wp\/v2\/product_tag?post=1841"}],"curies":[{"name":"wp","href":"https:\/\/api.w.org\/{rel}","templated":true}]}}