{"id":1831,"date":"2024-12-24T05:44:59","date_gmt":"2024-12-24T05:44:59","guid":{"rendered":"https:\/\/fmp-components.com\/?page_id=8"},"modified":"2024-12-24T06:47:52","modified_gmt":"2024-12-24T06:47:52","slug":"75-hp-heavy-duty-post-hole-digger-gearbox-for-3-point-post-hole-digger","status":"publish","type":"product","link":"https:\/\/fmp-components.com\/vi\/product\/75-hp-heavy-duty-post-hole-digger-gearbox-for-3-point-post-hole-digger\/","title":{"rendered":"H\u1ed9p s\u1ed1 \u0111\u00e0o l\u1ed7 tr\u1ee5 ch\u1ecbu l\u1ef1c n\u1eb7ng 75 HP cho m\u00e1y \u0111\u00e0o l\u1ed7 tr\u1ee5 3 \u0111i\u1ec3m"},"content":{"rendered":"<p><img loading=\"lazy\" decoding=\"async\" class=\"size-full wp-image-1838 aligncenter\" src=\"https:\/\/fmp-components.com\/wp-content\/uploads\/2024\/12\/Heavy-Duty-Post-Hole-Digger-Gearbox-Parts-2.webp\" alt=\"B\u1ed9 ph\u1eadn h\u1ed9p s\u1ed1 m\u00e1y \u0111\u00e0o l\u1ed7 tr\u1ee5 h\u1ea1ng n\u1eb7ng\" width=\"600\" height=\"600\" title=\"\" srcset=\"https:\/\/fmp-components.com\/wp-content\/uploads\/2024\/12\/Heavy-Duty-Post-Hole-Digger-Gearbox-Parts-2.webp 600w, https:\/\/fmp-components.com\/wp-content\/uploads\/2024\/12\/Heavy-Duty-Post-Hole-Digger-Gearbox-Parts-2-480x480.webp 480w\" sizes=\"(min-width: 0px) and (max-width: 480px) 480px, (min-width: 481px) 600px, 100vw\" \/><\/p>\n<h2>K\u00edch th\u01b0\u1edbc h\u1ed9p s\u1ed1 m\u00e1y \u0111\u00e0o l\u1ed7 tr\u1ee5 h\u1ea1ng n\u1eb7ng 75 HP<\/h2>\n<p><img loading=\"lazy\" decoding=\"async\" class=\"alignnone size-full wp-image-1832\" src=\"https:\/\/fmp-components.com\/wp-content\/uploads\/2024\/12\/Post-Hole-Digger-Gearbox-1.webp\" alt=\"H\u1ed9p s\u1ed1 \u0111\u00e0o l\u1ed7\" width=\"1012\" height=\"872\" title=\"\" srcset=\"https:\/\/fmp-components.com\/wp-content\/uploads\/2024\/12\/Post-Hole-Digger-Gearbox-1.webp 1012w, https:\/\/fmp-components.com\/wp-content\/uploads\/2024\/12\/Post-Hole-Digger-Gearbox-1-980x844.webp 980w, https:\/\/fmp-components.com\/wp-content\/uploads\/2024\/12\/Post-Hole-Digger-Gearbox-1-480x414.webp 480w\" sizes=\"(min-width: 0px) and (max-width: 480px) 480px, (min-width: 481px) and (max-width: 980px) 980px, (min-width: 981px) 1012px, 100vw\" \/><\/p>\n<h2>Th\u00f4ng s\u1ed1 k\u1ef9 thu\u1eadt s\u1ea3n ph\u1ea9m:<\/h2>\n<div><span class=\"Apple-style-span\">H\u1ed9p s\u1ed1 m\u00e1y \u0111\u00e0o l\u1ed7 tr\u1ee5 n\u00e0y l\u00e0 h\u1ed9p s\u1ed1 g\u00f3c vu\u00f4ng 75 m\u00e3 l\u1ef1c \u0111\u01b0\u1ee3c s\u1eed d\u1ee5ng tr\u00ean nhi\u1ec1u ph\u1ee5 ki\u1ec7n m\u00e1y \u0111\u00e0o l\u1ed7 tr\u1ee5. H\u1ed9p s\u1ed1 m\u00e1y \u0111\u00e0o l\u1ed7 tr\u1ee5 h\u1ea1ng n\u1eb7ng n\u00e0y l\u00e0 s\u1ea3n ph\u1ea9m thay th\u1ebf tr\u1ef1c ti\u1ebfp cho nhi\u1ec1u nh\u00e0 s\u1ea3n xu\u1ea5t. Ch\u1ec9 c\u1ea7n ki\u1ec3m tra s\u1ed1 \u0111o tr\u00ean m\u00e1y c\u1ee7a b\u1ea1n \u0111\u1ec3 \u0111\u1ea3m b\u1ea3o n\u00f3 v\u1eeba kh\u00edt.<\/span><\/div>\n<p>\u2013 C\u00f4ng su\u1ea5t \u0111\u1ecbnh m\u1ee9c 75 m\u00e3 l\u1ef1c<\/p>\n<p>\u2013 Bao g\u1ed3m c\u1ea3 ng\u01b0\u1eddi b\u1ea3o v\u1ec7<\/p>\n<p>\u2013 T\u1ef7 l\u1ec7 3:1<\/p>\n<p>\u2013 Tr\u1ee5c \u0111\u1ea7u v\u00e0o tr\u00f2n 1-1\/4\u2033 c\u00f3 l\u1ed7 l\u1eafp 3\/8\u2033<\/p>\n<p>\u2013 Tr\u1ee5c \u0111\u1ea7u ra tr\u00f2n 2\u2033 c\u00f3 hai l\u1ed7 1\/2\u2033 \u0111\u1ec3 l\u1eafp v\u00edt t\u1ea3i<\/p>\n<p>\u2013 Ch\u1ed1t g\u1eafn 7\/8\u2033, d\u00e0i 7-1\/2\u2033<\/p>\n<p>\u2013 L\u1eafp tai c\u00e1ch m\u1eb7t trong 5-3\/8\u2033 v\u00e0 c\u00e1ch m\u1eb7t ngo\u00e0i 6-5\/8\u2033.<\/p>\n<p>\u2013 S\u01a1n \u0111en b\u1ec1n b\u1ec9<\/p>\n<p>\u2013 75 pound<\/p>\n<p>\u2013 Giao h\u00e0ng kh\u00f4ng k\u00e8m d\u1ea7u (D\u1ea7u h\u1ed9p s\u1ed1 80W-90)<\/p>\n<p><img loading=\"lazy\" decoding=\"async\" class=\"alignnone size-full wp-image-1836\" src=\"https:\/\/fmp-components.com\/wp-content\/uploads\/2024\/12\/Post-Hole-Digger-Gearbox-3.webp\" alt=\"H\u1ed9p s\u1ed1 \u0111\u00e0o l\u1ed7\" width=\"1278\" height=\"752\" title=\"\" srcset=\"https:\/\/fmp-components.com\/wp-content\/uploads\/2024\/12\/Post-Hole-Digger-Gearbox-3.webp 1278w, https:\/\/fmp-components.com\/wp-content\/uploads\/2024\/12\/Post-Hole-Digger-Gearbox-3-980x577.webp 980w, https:\/\/fmp-components.com\/wp-content\/uploads\/2024\/12\/Post-Hole-Digger-Gearbox-3-480x282.webp 480w\" sizes=\"(min-width: 0px) and (max-width: 480px) 480px, (min-width: 481px) and (max-width: 980px) 980px, (min-width: 981px) 1278px, 100vw\" \/><\/p>\n<h2>Ph\u1ee5 t\u00f9ng h\u1ed9p s\u1ed1 m\u00e1y \u0111\u00e0o l\u1ed7 tr\u1ee5 h\u1ea1ng n\u1eb7ng 75 HP<\/h2>\n<p>H\u1ed9p s\u1ed1 m\u00e1y \u0111\u00e0o l\u1ed7 tr\u1ee5 ch\u1ecbu t\u1ea3i n\u1eb7ng 75 m\u00e3 l\u1ef1c l\u00e0 m\u1ed9t b\u1ed9 ph\u1eadn ch\u1eafc ch\u1eafn \u0111\u01b0\u1ee3c thi\u1ebft k\u1ebf \u0111\u1ec3 \u0111\u00e1p \u1ee9ng y\u00eau c\u1ea7u m\u00f4-men xo\u1eafn cao khi khoan trong \u0111i\u1ec1u ki\u1ec7n \u0111\u1ea5t c\u1ee9ng. D\u01b0\u1edbi \u0111\u00e2y l\u00e0 c\u00e1c b\u1ed9 ph\u1eadn ch\u00ednh c\u1ee7a h\u1ed9p s\u1ed1 n\u00e0y:<\/p>\n<p>V\u1ecf h\u1ed9p s\u1ed1: V\u1ecf h\u1ed9p s\u1ed1 b\u1ea3o v\u1ec7 v\u00e0 h\u1ed7 tr\u1ee3 k\u1ebft c\u1ea5u cho c\u00e1c b\u1ed9 ph\u1eadn b\u00ean trong. Th\u01b0\u1eddng \u0111\u01b0\u1ee3c ch\u1ebf t\u1ea1o t\u1eeb v\u1eadt li\u1ec7u b\u1ec1n nh\u01b0 gang ho\u1eb7c th\u00e9p, v\u1ecf h\u1ed9p s\u1ed1 \u0111\u01b0\u1ee3c thi\u1ebft k\u1ebf \u0111\u1ec3 ch\u1ecbu \u0111\u01b0\u1ee3c s\u1ef1 kh\u1eafc nghi\u1ec7t c\u1ee7a c\u00e1c ho\u1ea1t \u0111\u1ed9ng khoan h\u1ea1ng n\u1eb7ng.<\/p>\n<p>Tr\u1ee5c \u0111\u1ea7u v\u00e0o: K\u1ebft n\u1ed1i v\u1edbi tr\u1ee5c PTO (Tr\u1ee5c d\u1eabn \u0111\u1ed9ng) c\u1ee7a m\u00e1y k\u00e9o, tr\u1ee5c \u0111\u1ea7u v\u00e0o truy\u1ec1n l\u1ef1c quay t\u1eeb \u0111\u1ed9ng c\u01a1 m\u00e1y k\u00e9o \u0111\u1ebfn h\u1ed9p s\u1ed1. N\u00f3 \u0111\u00f3ng vai tr\u00f2 l\u00e0 b\u1ed9 truy\u1ec1n \u0111\u1ed9ng ch\u00ednh cho h\u1ed9p s\u1ed1, kh\u1edfi \u0111\u1ed9ng qu\u00e1 tr\u00ecnh khoan.<\/p>\n<p>B\u00e1nh r\u0103ng: B\u00ean trong h\u1ed9p s\u1ed1, m\u1ed9t lo\u1ea1t b\u00e1nh r\u0103ng truy\u1ec1n l\u1ef1c t\u1eeb tr\u1ee5c \u0111\u1ea7u v\u00e0o \u0111\u1ebfn tr\u1ee5c \u0111\u1ea7u ra, \u0111\u1ed3ng th\u1eddi \u0111i\u1ec1u ch\u1ec9nh m\u00f4-men xo\u1eafn v\u00e0 t\u1ed1c \u0111\u1ed9. C\u00e1c b\u00e1nh r\u0103ng n\u00e0y \u0111\u01b0\u1ee3c thi\u1ebft k\u1ebf t\u1ec9 m\u1ec9 \u0111\u1ec3 cung c\u1ea5p kh\u1ea3 n\u0103ng khu\u1ebfch \u0111\u1ea1i m\u00f4-men xo\u1eafn c\u1ea7n thi\u1ebft cho vi\u1ec7c khoan hi\u1ec7u qu\u1ea3 tr\u00ean nhi\u1ec1u lo\u1ea1i \u0111\u1ea5t kh\u00e1c nhau.<\/p>\n<p>Tr\u1ee5c ra: Tr\u1ee5c ra nh\u1eadn n\u0103ng l\u01b0\u1ee3ng t\u1eeb b\u00e1nh r\u0103ng v\u00e0 truy\u1ec1n \u0111\u1ebfn m\u0169i khoan. B\u1eb1ng c\u00e1ch xoay m\u0169i khoan, tr\u1ee5c n\u00e0y t\u1ea1o \u0111i\u1ec1u ki\u1ec7n thu\u1eadn l\u1ee3i cho vi\u1ec7c t\u1ea1o l\u1ed7 tr\u1ed3ng c\u00e2y \u1edf \u0111\u1ed9 s\u00e2u v\u00e0 \u0111\u01b0\u1eddng k\u00ednh mong mu\u1ed1n.<\/p>\n<p>V\u00f2ng bi: V\u00f2ng bi h\u1ed7 tr\u1ee3 tr\u1ee5c v\u00e0 b\u00e1nh r\u0103ng b\u00ean trong h\u1ed9p s\u1ed1, \u0111\u1ea3m b\u1ea3o chuy\u1ec3n \u0111\u1ed9ng quay tr\u01a1n tru v\u1edbi ma s\u00e1t t\u1ed1i thi\u1ec3u. V\u00f2ng bi ch\u1ea5t l\u01b0\u1ee3ng cao \u0111\u00f3ng vai tr\u00f2 quan tr\u1ecdng trong vi\u1ec7c duy tr\u00ec hi\u1ec7u su\u1ea5t v\u00e0 tu\u1ed5i th\u1ecd c\u1ee7a h\u1ed9p s\u1ed1, \u0111\u1eb7c bi\u1ec7t l\u00e0 khi ch\u1ecbu t\u1ea3i n\u1eb7ng trong qu\u00e1 tr\u00ecnh v\u1eadn h\u00e0nh li\u00ean t\u1ee5c.<\/p>\n<p>Ph\u1edbt: Ph\u1edbt r\u1ea5t c\u1ea7n thi\u1ebft \u0111\u1ec3 ng\u0103n b\u1ee5i b\u1ea9n, h\u01a1i \u1ea9m v\u00e0 c\u00e1c ch\u1ea5t g\u00e2y \u00f4 nhi\u1ec5m kh\u00e1c x\u00e2m nh\u1eadp v\u00e0o v\u1ecf h\u1ed9p s\u1ed1 v\u00e0 h\u1ec7 th\u1ed1ng b\u00f4i tr\u01a1n. B\u1eb1ng c\u00e1ch duy tr\u00ec t\u00ednh to\u00e0n v\u1eb9n c\u1ee7a h\u1ed9p s\u1ed1, c\u00e1c ph\u1edbt n\u00e0y gi\u00fap ng\u0103n ng\u1eeba hao m\u00f2n s\u1edbm ho\u1eb7c h\u01b0 h\u1ecfng c\u00e1c b\u1ed9 ph\u1eadn b\u00ean trong.<\/p>\n<p><img loading=\"lazy\" decoding=\"async\" class=\"alignnone size-full wp-image-1837\" src=\"https:\/\/fmp-components.com\/wp-content\/uploads\/2024\/12\/Post-Hole-Digger-Gearbox-48.webp\" alt=\"H\u1ed9p s\u1ed1 \u0111\u00e0o l\u1ed7\" width=\"2560\" height=\"1920\" title=\"\" srcset=\"https:\/\/fmp-components.com\/wp-content\/uploads\/2024\/12\/Post-Hole-Digger-Gearbox-48.webp 2560w, https:\/\/fmp-components.com\/wp-content\/uploads\/2024\/12\/Post-Hole-Digger-Gearbox-48-1280x960.webp 1280w, https:\/\/fmp-components.com\/wp-content\/uploads\/2024\/12\/Post-Hole-Digger-Gearbox-48-980x735.webp 980w, https:\/\/fmp-components.com\/wp-content\/uploads\/2024\/12\/Post-Hole-Digger-Gearbox-48-480x360.webp 480w\" sizes=\"(min-width: 0px) and (max-width: 480px) 480px, (min-width: 481px) and (max-width: 980px) 980px, (min-width: 981px) and (max-width: 1280px) 1280px, (min-width: 1281px) 2560px, 100vw\" \/><\/p>\n<h2>C\u00e1c t\u00ednh n\u0103ng c\u1ee7a h\u1ed9p s\u1ed1 m\u00e1y \u0111\u00e0o l\u1ed7 tr\u1ee5 ch\u1ecbu t\u1ea3i n\u1eb7ng 75 HP<\/h2>\n<p>H\u1ed9p s\u1ed1 m\u00e1y \u0111\u00e0o l\u1ed7 tr\u1ee5 ch\u1ecbu t\u1ea3i n\u1eb7ng 75 HP \u0111\u01b0\u1ee3c thi\u1ebft k\u1ebf \u0111\u1ec3 \u0111\u1ea1t hi\u1ec7u su\u1ea5t v\u00e0 \u0111\u1ed9 b\u1ec1n t\u1ed1i \u01b0u trong c\u00e1c \u1ee9ng d\u1ee5ng khoan \u0111\u00f2i h\u1ecfi kh\u1eaft khe. D\u01b0\u1edbi \u0111\u00e2y l\u00e0 c\u00e1c t\u00ednh n\u0103ng ch\u00ednh c\u1ee7a m\u00e1y:<\/p>\n<h3>1. Kh\u1ea3 n\u0103ng m\u00f4-men xo\u1eafn cao<\/h3>\n<p>\u0110\u01b0\u1ee3c thi\u1ebft k\u1ebf \u0111\u1ec3 x\u1eed l\u00fd nhu c\u1ea7u m\u00f4-men xo\u1eafn cao, h\u1ed9p s\u1ed1 n\u00e0y truy\u1ec1n l\u1ef1c hi\u1ec7u qu\u1ea3 \u0111\u1ec3 khoan trong \u0111i\u1ec1u ki\u1ec7n \u0111\u1ea5t c\u1ee9ng, \u0111\u1ea3m b\u1ea3o ho\u1ea1t \u0111\u1ed9ng hi\u1ec7u qu\u1ea3.<\/p>\n<h3>2. K\u1ebft c\u1ea5u ch\u1eafc ch\u1eafn<\/h3>\n<p>\u0110\u01b0\u1ee3c ch\u1ebf t\u1ea1o t\u1eeb nh\u1eefng v\u1eadt li\u1ec7u b\u1ec1n nh\u01b0 gang ho\u1eb7c th\u00e9p, v\u1ecf h\u1ed9p s\u1ed1 c\u00f3 c\u1ea5u tr\u00fac to\u00e0n v\u1eb9n tuy\u1ec7t v\u1eddi v\u00e0 kh\u1ea3 n\u0103ng ch\u1ed1ng m\u00e0i m\u00f2n.<\/p>\n<h3>3. B\u00e1nh r\u0103ng ch\u00ednh x\u00e1c<\/h3>\n<p>H\u1ed9p s\u1ed1 c\u00f3 c\u00e1c b\u00e1nh r\u0103ng \u0111\u01b0\u1ee3c thi\u1ebft k\u1ebf ch\u00ednh x\u00e1c gi\u00fap t\u1ed1i \u01b0u h\u00f3a m\u00f4-men xo\u1eafn v\u00e0 t\u1ed1c \u0111\u1ed9, cho ph\u00e9p khoan hi\u1ec7u qu\u1ea3 \u0111\u1ed3ng th\u1eddi th\u00edch \u1ee9ng v\u1edbi nhi\u1ec1u lo\u1ea1i \u0111\u1ea5t kh\u00e1c nhau.<\/p>\n<h3>4. Truy\u1ec1n t\u1ea3i \u0111i\u1ec7n n\u0103ng hi\u1ec7u qu\u1ea3<\/h3>\n<p>V\u1edbi tr\u1ee5c \u0111\u1ea7u v\u00e0o \u0111\u00e1ng tin c\u1eady k\u1ebft n\u1ed1i v\u1edbi PTO c\u1ee7a m\u00e1y k\u00e9o, h\u1ed9p s\u1ed1 gi\u00fap truy\u1ec1n l\u1ef1c tr\u01a1n tru t\u1eeb \u0111\u1ed9ng c\u01a1 m\u00e1y k\u00e9o, n\u00e2ng cao hi\u1ec7u su\u1ea5t t\u1ed5ng th\u1ec3.<\/p>\n<h3>5. Tu\u1ed5i th\u1ecd \u0111\u01b0\u1ee3c c\u1ea3i thi\u1ec7n<\/h3>\n<p>V\u00f2ng bi ch\u1ea5t l\u01b0\u1ee3ng cao gi\u00fap gi\u1ea3m thi\u1ec3u ma s\u00e1t v\u00e0 m\u00e0i m\u00f2n, g\u00f3p ph\u1ea7n k\u00e9o d\u00e0i tu\u1ed5i th\u1ecd c\u1ee7a h\u1ed9p s\u1ed1, ngay c\u1ea3 khi ch\u1ecbu t\u1ea3i tr\u1ecdng n\u1eb7ng li\u00ean t\u1ee5c.<\/p>\n<h3>6. H\u1ec7 th\u1ed1ng ni\u00eam phong hi\u1ec7u qu\u1ea3<\/h3>\n<p>C\u00e1c ph\u1edbt \u0111\u01b0\u1ee3c t\u00edch h\u1ee3p \u0111\u1ec3 b\u1ea3o v\u1ec7 c\u00e1c b\u1ed9 ph\u1eadn b\u00ean trong kh\u1ecfi b\u1ee5i b\u1ea9n v\u00e0 \u0111\u1ed9 \u1ea9m, gi\u00fap duy tr\u00ec kh\u1ea3 n\u0103ng b\u00f4i tr\u01a1n v\u00e0 ng\u0103n ng\u1eeba h\u01b0 h\u1ecfng s\u1edbm.<\/p>\n<h3>7. \u1ee8ng d\u1ee5ng \u0111a n\u0103ng<\/h3>\n<p>Ph\u00f9 h\u1ee3p v\u1edbi nhi\u1ec1u \u0111i\u1ec1u ki\u1ec7n \u0111\u1ea5t kh\u00e1c nhau, h\u1ed9p s\u1ed1 n\u00e0y l\u00fd t\u01b0\u1edfng cho c\u00e1c \u1ee9ng d\u1ee5ng n\u00f4ng nghi\u1ec7p, c\u1ea3nh quan v\u00e0 x\u00e2y d\u1ef1ng, khi\u1ebfn n\u00f3 tr\u1edf th\u00e0nh l\u1ef1a ch\u1ecdn linh ho\u1ea1t cho vi\u1ec7c \u0111\u00e0o l\u1ed7 tr\u1ee5.<\/p>\n<h3>8. D\u1ec5 d\u00e0ng b\u1ea3o tr\u00ec<\/h3>\n<p>Thi\u1ebft k\u1ebf cho ph\u00e9p b\u1ea3o tr\u00ec d\u1ec5 d\u00e0ng, \u0111\u1ea3m b\u1ea3o ng\u01b0\u1eddi d\u00f9ng c\u00f3 th\u1ec3 d\u1ec5 d\u00e0ng ti\u1ebfp c\u1eadn c\u00e1c b\u1ed9 ph\u1eadn \u0111\u1ec3 ki\u1ec3m tra v\u00e0 b\u1ea3o d\u01b0\u1ee1ng.<\/p>\n<p>Nh\u1eefng t\u00ednh n\u0103ng n\u00e0y l\u00e0m cho H\u1ed9p s\u1ed1 \u0111\u00e0o l\u1ed7 tr\u1ee5 ch\u1ecbu l\u1ef1c 75 HP tr\u1edf th\u00e0nh s\u1ef1 l\u1ef1a ch\u1ecdn \u0111\u00e1ng tin c\u1eady cho c\u00e1c chuy\u00ean gia c\u1ea7n gi\u1ea3i ph\u00e1p khoan hi\u1ec7u qu\u1ea3 v\u00e0 b\u1ec1n b\u1ec9.<\/p>\n<p><img loading=\"lazy\" decoding=\"async\" class=\"alignnone size-full wp-image-1839\" src=\"https:\/\/fmp-components.com\/wp-content\/uploads\/2024\/12\/Post-Hole-Digger-Gearbox-5.webp\" alt=\"B\u1ed9 ph\u1eadn h\u1ed9p s\u1ed1 m\u00e1y \u0111\u00e0o l\u1ed7 tr\u1ee5 h\u1ea1ng n\u1eb7ng\" width=\"1282\" height=\"642\" title=\"\" srcset=\"https:\/\/fmp-components.com\/wp-content\/uploads\/2024\/12\/Post-Hole-Digger-Gearbox-5.webp 1282w, https:\/\/fmp-components.com\/wp-content\/uploads\/2024\/12\/Post-Hole-Digger-Gearbox-5-1280x641.webp 1280w, https:\/\/fmp-components.com\/wp-content\/uploads\/2024\/12\/Post-Hole-Digger-Gearbox-5-980x491.webp 980w, https:\/\/fmp-components.com\/wp-content\/uploads\/2024\/12\/Post-Hole-Digger-Gearbox-5-480x240.webp 480w\" sizes=\"(min-width: 0px) and (max-width: 480px) 480px, (min-width: 481px) and (max-width: 980px) 980px, (min-width: 981px) and (max-width: 1280px) 1280px, (min-width: 1281px) 1282px, 100vw\" \/><\/p>\n<h2>Gi\u1edbi thi\u1ec7u v\u1ec1 FMP<\/h2>\n<p>FMP, c\u00f3 tr\u1ee5 s\u1edf t\u1ea1i \u00dd, chuy\u00ean nghi\u00ean c\u1ee9u, ph\u00e1t tri\u1ec3n v\u00e0 s\u1ea3n xu\u1ea5t nhi\u1ec1u lo\u1ea1i h\u1ed9p s\u1ed1, b\u1ed9 gi\u1ea3m t\u1ed1c v\u00e0 m\u00e1y m\u00f3c k\u1ef9 thu\u1eadt. Danh m\u1ee5c s\u1ea3n ph\u1ea9m c\u1ee7a ch\u00fang t\u00f4i bao g\u1ed3m:<\/p>\n<ul>\n<li><strong>H\u1ed9p s\u1ed1 c\u00f4n xo\u1eafn \u1ed1c<\/strong><\/li>\n<li><strong>H\u1ed9p s\u1ed1 th\u1eb3ng<\/strong><\/li>\n<li><strong>H\u1ed9p s\u1ed1 tr\u1ee5c v\u00edt<\/strong><\/li>\n<li><strong>H\u1ed9p s\u1ed1 h\u00ecnh tr\u1ee5<\/strong><\/li>\n<li><strong>Th\u00e2n van v\u00e0 v\u1ecf van \u0111\u00fac \u00e1p su\u1ea5t cao<\/strong><\/li>\n<\/ul>\n<p>C\u00e1c s\u1ea3n ph\u1ea9m n\u00e0y ph\u1ee5c v\u1ee5 cho nhi\u1ec1u \u1ee9ng d\u1ee5ng kh\u00e1c nhau, bao g\u1ed3m m\u00e1y c\u1eaft c\u1ecf n\u00f4ng nghi\u1ec7p, m\u00e1y c\u00e0y tuy\u1ebft, m\u00e1y r\u1ea3i ph\u00e2n b\u00f3n, b\u0103ng t\u1ea3i ng\u0169 c\u1ed1c, thi\u1ebft b\u1ecb c\u00f4ng nghi\u1ec7p, m\u00e1y m\u00f3c khai th\u00e1c d\u1ea7u, thi\u1ebft b\u1ecb c\u00f4ng nghi\u1ec7p h\u00e0ng h\u1ea3i v\u00e0 c\u00e1c b\u1ed9 ph\u1eadn th\u1ee7y l\u1ef1c cho k\u1ef9 thu\u1eadt.<\/p>\n<p>T\u1ea1i FMP, ch\u00fang t\u00f4i t\u1ef1 h\u00e0o v\u1ec1 n\u0103ng l\u1ef1c k\u1ef9 thu\u1eadt v\u00e0 nghi\u00ean c\u1ee9u m\u1ea1nh m\u1ebd c\u1ee7a m\u00ecnh. Cam k\u1ebft s\u1ea3n xu\u1ea5t c\u00e1c s\u1ea3n ph\u1ea9m \u0111\u00e1ng tin c\u1eady v\u00e0 ch\u1ea5t l\u01b0\u1ee3ng cao \u0111\u00e3 mang l\u1ea1i cho ch\u00fang t\u00f4i danh ti\u1ebfng xu\u1ea5t s\u1eafc trong l\u0129nh v\u1ef1c s\u1ea3n xu\u1ea5t. Ch\u00fang t\u00f4i \u00e1p d\u1ee5ng tri\u1ebft l\u00fd kinh doanh \u0111\u1ed9c \u0111\u00e1o, nh\u1ea5n m\u1ea1nh s\u1ef1 \u0111\u1ed5i m\u1edbi, ch\u1ea5t l\u01b0\u1ee3ng v\u00e0 s\u1ef1 h\u00e0i l\u00f2ng c\u1ee7a kh\u00e1ch h\u00e0ng, \u0111\u1ea3m b\u1ea3o \u0111\u00e1p \u1ee9ng nhu c\u1ea7u ng\u00e0y c\u00e0ng cao c\u1ee7a kh\u00e1ch h\u00e0ng.<\/p>\n<p><img loading=\"lazy\" decoding=\"async\" class=\"alignnone wp-image-1840\" src=\"https:\/\/fmp-components.com\/wp-content\/uploads\/2024\/12\/Post-Hole-Digger-Gearbox-6.webp\" alt=\"H\u1ed9p s\u1ed1 \u0111\u00e0o l\u1ed7\" width=\"884\" height=\"582\" title=\"\" srcset=\"https:\/\/fmp-components.com\/wp-content\/uploads\/2024\/12\/Post-Hole-Digger-Gearbox-6.webp 884w, https:\/\/fmp-components.com\/wp-content\/uploads\/2024\/12\/Post-Hole-Digger-Gearbox-6-480x316.webp 480w\" sizes=\"(min-width: 0px) and (max-width: 480px) 480px, (min-width: 481px) 884px, 100vw\" \/><\/p>\n<h3>Quy tr\u00ecnh s\u1ea3n xu\u1ea5t h\u1ed9p s\u1ed1 n\u00f4ng nghi\u1ec7p<\/h3>\n<p>Quy tr\u00ecnh s\u1ea3n xu\u1ea5t h\u1ed9p s\u1ed1 n\u00f4ng nghi\u1ec7p r\u1ea5t ph\u1ee9c t\u1ea1p v\u00e0 bao g\u1ed3m m\u1ed9t s\u1ed1 b\u01b0\u1edbc ch\u00ednh:<\/p>\n<ol>\n<li><strong>Thi\u1ebft k\u1ebf s\u1ea3n ph\u1ea9m<\/strong>:Giai \u0111o\u1ea1n \u0111\u1ea7u ti\u00ean n\u00e0y bao g\u1ed3m vi\u1ec7c l\u1ef1a ch\u1ecdn th\u00f4ng s\u1ed1 k\u1ef9 thu\u1eadt, v\u1eadt li\u1ec7u v\u00e0 k\u00edch th\u01b0\u1edbc cho h\u1ed9p s\u1ed1 \u0111\u1ec3 \u0111\u00e1p \u1ee9ng c\u00e1c y\u00eau c\u1ea7u \u1ee9ng d\u1ee5ng c\u1ee5 th\u1ec3.<\/li>\n<li><strong>Chu\u1ea9n b\u1ecb nguy\u00ean li\u1ec7u th\u00f4<\/strong>:Ch\u00fang t\u00f4i chu\u1ea9n b\u1ecb c\u00e1c v\u1eadt li\u1ec7u thi\u1ebft y\u1ebfu, ch\u1ee7 y\u1ebfu l\u00e0 gang ho\u1eb7c h\u1ee3p kim nh\u00f4m, \u0111\u1ea3m b\u1ea3o \u0111\u00e1p \u1ee9ng c\u00e1c ti\u00eau chu\u1ea9n ch\u1ea5t l\u01b0\u1ee3ng nghi\u00eam ng\u1eb7t c\u1ee7a ch\u00fang t\u00f4i.<\/li>\n<li><strong>Gia c\u00f4ng ch\u00ednh x\u00e1c<\/strong>:Nguy\u00ean li\u1ec7u th\u00f4 tr\u1ea3i qua qu\u00e1 tr\u00ecnh gia c\u00f4ng ch\u00ednh x\u00e1c, bao g\u1ed3m ti\u1ec7n, phay v\u00e0 c\u00e1c ho\u1ea1t \u0111\u1ed9ng kh\u00e1c, \u0111\u1ec3 ch\u1ebf t\u1ea1o b\u00e1nh r\u0103ng, tr\u1ee5c v\u00e0 v\u1ecf v\u1edbi \u0111\u1ed9 ch\u00ednh x\u00e1c cao.<\/li>\n<li><strong>Cu\u1ed9c h\u1ecdp<\/strong>: C\u00e1c b\u1ed9 ph\u1eadn nh\u01b0 b\u00e1nh r\u0103ng, \u1ed5 tr\u1ee5c v\u00e0 tr\u1ee5c \u0111\u01b0\u1ee3c l\u1eafp r\u00e1p t\u1ec9 m\u1ec9 b\u00ean trong v\u1ecf m\u00e1y. Trong giai \u0111o\u1ea1n n\u00e0y, ch\u00fang t\u00f4i ki\u1ec3m tra v\u00e0 hi\u1ec7u chu\u1ea9n \u0111\u1ed9 ch\u00ednh x\u00e1c, \u0111\u1ed3ng th\u1eddi s\u1eed d\u1ee5ng ch\u1ea5t b\u00f4i tr\u01a1n ph\u00f9 h\u1ee3p \u0111\u1ec3 \u0111\u1ea3m b\u1ea3o ho\u1ea1t \u0111\u1ed9ng tr\u01a1n tru.<\/li>\n<li><strong>X\u1eed l\u00fd quy tr\u00ecnh<\/strong>:H\u1ed9p s\u1ed1 \u0111\u01b0\u1ee3c x\u1eed l\u00fd nhi\u1ec7t \u0111\u1ec3 t\u0103ng c\u01b0\u1eddng \u0111\u1ed9 b\u1ec1n v\u00e0 kh\u1ea3 n\u0103ng ch\u1ed1ng m\u00e0i m\u00f2n, gi\u00fap ho\u1ea1t \u0111\u1ed9ng l\u00e2u d\u00e0i.<\/li>\n<li><strong>X\u1eed l\u00fd b\u1ec1 m\u1eb7t<\/strong>:Ch\u00fang t\u00f4i th\u1ef1c hi\u1ec7n c\u00e1c ph\u01b0\u01a1ng ph\u00e1p x\u1eed l\u00fd b\u1ec1 m\u1eb7t nh\u01b0 \u0111\u00e1nh b\u00f3ng v\u00e0 s\u01a1n t\u0129nh \u0111i\u1ec7n \u0111\u1ec3 c\u1ea3i thi\u1ec7n c\u1ea3 t\u00ednh th\u1ea9m m\u1ef9 v\u00e0 kh\u1ea3 n\u0103ng ch\u1ed1ng \u0103n m\u00f2n c\u1ee7a h\u1ed9p s\u1ed1.<\/li>\n<li><strong>Ki\u1ec3m so\u00e1t ch\u1ea5t l\u01b0\u1ee3ng<\/strong>:C\u00e1c cu\u1ed9c ki\u1ec3m tra ch\u1ea5t l\u01b0\u1ee3ng nghi\u00eam ng\u1eb7t \u0111\u01b0\u1ee3c ti\u1ebfn h\u00e0nh, \u0111o k\u00edch th\u01b0\u1edbc, \u0111\u1ed9 ch\u00ednh x\u00e1c, ti\u1ebfng \u1ed3n v\u00e0 \u0111\u1ed9 rung \u0111\u1ec3 \u0111\u1ea3m b\u1ea3o h\u1ed9p s\u1ed1 c\u1ee7a ch\u00fang t\u00f4i \u0111\u00e1p \u1ee9ng c\u00e1c ti\u00eau chu\u1ea9n v\u1ec1 an to\u00e0n v\u00e0 hi\u1ec7u su\u1ea5t.<\/li>\n<\/ol>\n<p>Nh\u00ecn chung, vi\u1ec7c s\u1ea3n xu\u1ea5t h\u1ed9p s\u1ed1 n\u00f4ng nghi\u1ec7p l\u00e0 m\u1ed9t quy tr\u00ecnh ph\u1ee9c t\u1ea1p, \u0111\u00f2i h\u1ecfi th\u1ee3 th\u1ee7 c\u00f4ng l\u00e0nh ngh\u1ec1, thi\u1ebft b\u1ecb s\u1ea3n xu\u1ea5t ti\u00ean ti\u1ebfn v\u00e0 h\u1ec7 th\u1ed1ng ki\u1ec3m so\u00e1t ch\u1ea5t l\u01b0\u1ee3ng to\u00e0n di\u1ec7n. Ph\u01b0\u01a1ng ph\u00e1p t\u1ec9 m\u1ec9 n\u00e0y \u0111\u1ea3m b\u1ea3o h\u1ed9p s\u1ed1 c\u1ee7a ch\u00fang t\u00f4i mang l\u1ea1i hi\u1ec7u su\u1ea5t v\u00e0 \u0111\u1ed9 tin c\u1eady v\u01b0\u1ee3t tr\u1ed9i.<\/p>\n<p>T\u00e1c gi\u1ea3: CX<\/p>","protected":false},"excerpt":{"rendered":"<p>75 HP Heavy Duty Post Hole Digger Gearbox Dimensions Product Specifications: This post hole digger gearbox is a 75 horsepower, right angle gearbox used on many post hole digger attachments. This heavy duty post hole digger gearbox is a direct replacement for a number of manufacturers. Just check the measurements on yours to make sure [&hellip;]<\/p>","protected":false},"featured_media":1833,"comment_status":"open","ping_status":"closed","template":"","meta":{"_et_pb_use_builder":"","_et_pb_old_content":"","_et_gb_content_width":""},"product_brand":[],"product_cat":[50],"product_tag":[],"class_list":{"0":"post-1831","1":"product","2":"type-product","3":"status-publish","4":"has-post-thumbnail","6":"product_cat-post-hole-digger-gearbox","8":"first","9":"instock","10":"shipping-taxable","11":"product-type-simple"},"_links":{"self":[{"href":"https:\/\/fmp-components.com\/vi\/wp-json\/wp\/v2\/product\/1831","targetHints":{"allow":["GET"]}}],"collection":[{"href":"https:\/\/fmp-components.com\/vi\/wp-json\/wp\/v2\/product"}],"about":[{"href":"https:\/\/fmp-components.com\/vi\/wp-json\/wp\/v2\/types\/product"}],"replies":[{"embeddable":true,"href":"https:\/\/fmp-components.com\/vi\/wp-json\/wp\/v2\/comments?post=1831"}],"wp:featuredmedia":[{"embeddable":true,"href":"https:\/\/fmp-components.com\/vi\/wp-json\/wp\/v2\/media\/1833"}],"wp:attachment":[{"href":"https:\/\/fmp-components.com\/vi\/wp-json\/wp\/v2\/media?parent=1831"}],"wp:term":[{"taxonomy":"product_brand","embeddable":true,"href":"https:\/\/fmp-components.com\/vi\/wp-json\/wp\/v2\/product_brand?post=1831"},{"taxonomy":"product_cat","embeddable":true,"href":"https:\/\/fmp-components.com\/vi\/wp-json\/wp\/v2\/product_cat?post=1831"},{"taxonomy":"product_tag","embeddable":true,"href":"https:\/\/fmp-components.com\/vi\/wp-json\/wp\/v2\/product_tag?post=1831"}],"curies":[{"name":"wp","href":"https:\/\/api.w.org\/{rel}","templated":true}]}}