{"id":1717,"date":"2024-12-23T07:03:08","date_gmt":"2024-12-23T07:03:08","guid":{"rendered":"https:\/\/fmp-components.com\/product\/factory-price-long-stroke-hydraulic-cylinder-for-dump-trailer\/"},"modified":"2025-03-18T01:47:42","modified_gmt":"2025-03-18T01:47:42","slug":"factory-price-long-stroke-hydraulic-cylinder-for-dump-trailer","status":"publish","type":"product","link":"https:\/\/fmp-components.com\/vi\/product\/factory-price-long-stroke-hydraulic-cylinder-for-dump-trailer\/","title":{"rendered":"Gi\u00e1 xu\u1ea5t x\u01b0\u1edfng Xi lanh th\u1ee7y l\u1ef1c h\u00e0nh tr\u00ecnh d\u00e0i cho xe mo\u00f3c \u0111\u1ed5"},"content":{"rendered":"<p>Xi lanh th\u1ee7y l\u1ef1c h\u00e0nh tr\u00ecnh d\u00e0i gi\u00e1 g\u1ed1c cho r\u01a1 mo\u00f3c ben l\u00e0 s\u1ea3n ph\u1ea9m ch\u1ea5t l\u01b0\u1ee3ng cao, \u0111\u01b0\u1ee3c thi\u1ebft k\u1ebf \u0111\u1ec3 mang l\u1ea1i hi\u1ec7u su\u1ea5t v\u00e0 \u0111\u1ed9 b\u1ec1n v\u01b0\u1ee3t tr\u1ed9i. Xi lanh th\u1ee7y l\u1ef1c n\u00e0y \u0111\u01b0\u1ee3c thi\u1ebft k\u1ebf chuy\u00ean d\u1ee5ng cho r\u01a1 mo\u00f3c ben, l\u00e0 m\u1ed9t b\u1ed9 ph\u1eadn thi\u1ebft y\u1ebfu cho ho\u1ea1t \u0111\u1ed9ng r\u01a1 mo\u00f3c hi\u1ec7u qu\u1ea3 v\u00e0 \u0111\u00e1ng tin c\u1eady.<\/p>\n<p>M\u1ed9t trong nh\u1eefng t\u00ednh n\u0103ng ch\u00ednh c\u1ee7a xi lanh th\u1ee7y l\u1ef1c n\u00e0y l\u00e0 kh\u1ea3 n\u0103ng h\u00e0nh tr\u00ecnh d\u00e0i. V\u1edbi h\u00e0nh tr\u00ecnh d\u00e0i h\u01a1n, xi lanh cho ph\u00e9p ph\u1ea1m vi chuy\u1ec3n \u0111\u1ed9ng r\u1ed9ng h\u01a1n, gi\u00fap xe k\u00e9o ben n\u00e2ng v\u00e0 h\u1ea1 h\u00e0ng h\u00f3a d\u1ec5 d\u00e0ng. \u0110i\u1ec1u n\u00e0y \u0111\u1ed3ng ngh\u0129a v\u1edbi vi\u1ec7c c\u1ea3i thi\u1ec7n n\u0103ng su\u1ea5t v\u00e0 hi\u1ec7u qu\u1ea3 trong nhi\u1ec1u \u1ee9ng d\u1ee5ng kh\u00e1c nhau, ch\u1eb3ng h\u1ea1n nh\u01b0 x\u00e2y d\u1ef1ng, n\u00f4ng nghi\u1ec7p v\u00e0 v\u1eadn t\u1ea3i.<\/p>\n<p><img decoding=\"async\" src=\"https:\/\/hzpt.com\/wp-content\/uploads\/2023\/11\/Inverted-Telescopic-Cylinder-15.webp\" alt=\"\" title=\"\"><\/p>\n<p>Xi lanh th\u1ee7y l\u1ef1c \u0111\u01b0\u1ee3c ch\u1ebf t\u1ea1o t\u1eeb v\u1eadt li\u1ec7u cao c\u1ea5p, \u0111\u1ea3m b\u1ea3o \u0111\u1ed9 b\u1ec1n v\u00e0 kh\u1ea3 n\u0103ng ch\u1ed1ng m\u00e0i m\u00f2n. S\u1ea3n ph\u1ea9m \u0111\u01b0\u1ee3c thi\u1ebft k\u1ebf \u0111\u1ec3 ch\u1ecbu \u0111\u01b0\u1ee3c c\u00e1c \u0111i\u1ec1u ki\u1ec7n kh\u1eafc nghi\u1ec7t th\u01b0\u1eddng g\u1eb7p trong c\u00e1c \u1ee9ng d\u1ee5ng h\u1ea1ng n\u1eb7ng. V\u1edbi c\u1ea5u tr\u00fac ch\u1eafc ch\u1eafn, xi lanh th\u1ee7y l\u1ef1c n\u00e0y mang l\u1ea1i \u0111\u1ed9 tin c\u1eady v\u00e0 hi\u1ec7u su\u1ea5t l\u00e2u d\u00e0i, gi\u1ea3m thi\u1ec3u th\u1eddi gian ng\u1eebng ho\u1ea1t \u0111\u1ed9ng v\u00e0 chi ph\u00ed b\u1ea3o tr\u00ec.<\/p>\n<p>Ngo\u00e0i ra, Xi lanh th\u1ee7y l\u1ef1c h\u00e0nh tr\u00ecnh d\u00e0i gi\u00e1 g\u1ed1c cho r\u01a1 mo\u00f3c ben c\u00f2n \u0111\u01b0\u1ee3c trang b\u1ecb c\u00f4ng ngh\u1ec7 th\u1ee7y l\u1ef1c ti\u00ean ti\u1ebfn. S\u1ea3n ph\u1ea9m s\u1edf h\u1eefu h\u1ec7 th\u1ed1ng th\u1ee7y l\u1ef1c ch\u1ea5t l\u01b0\u1ee3ng cao, v\u1eadn h\u00e0nh m\u01b0\u1ee3t m\u00e0 v\u00e0 ch\u00ednh x\u00e1c, cho ph\u00e9p ki\u1ec3m so\u00e1t ch\u00ednh x\u00e1c trong qu\u00e1 tr\u00ecnh n\u00e2ng h\u1ea1. \u0110i\u1ec1u n\u00e0y \u0111\u1ea3m b\u1ea3o vi\u1ec7c x\u1eed l\u00fd t\u1ea3i tr\u1ecdng an to\u00e0n v\u00e0 hi\u1ec7u qu\u1ea3, n\u00e2ng cao n\u0103ng su\u1ea5t t\u1ed5ng th\u1ec3.<\/p>\n<p>H\u01a1n n\u1eefa, xi lanh th\u1ee7y l\u1ef1c n\u00e0y \u0111\u01b0\u1ee3c thi\u1ebft k\u1ebf \u0111\u1ec3 d\u1ec5 d\u00e0ng l\u1eafp \u0111\u1eb7t v\u00e0 t\u01b0\u01a1ng th\u00edch v\u1edbi nhi\u1ec1u m\u1eabu xe mo\u00f3c ben kh\u00e1c nhau. S\u1ea3n ph\u1ea9m \u0111i k\u00e8m t\u1ea5t c\u1ea3 c\u00e1c ph\u1ee5 ki\u1ec7n v\u00e0 ph\u1ea7n c\u1ee9ng l\u1eafp \u0111\u1eb7t c\u1ea7n thi\u1ebft, gi\u00fap qu\u00e1 tr\u00ecnh l\u1eafp \u0111\u1eb7t nhanh ch\u00f3ng v\u00e0 d\u1ec5 d\u00e0ng.<\/p>\n<p>T\u00f3m l\u1ea1i, Xi lanh th\u1ee7y l\u1ef1c h\u00e0nh tr\u00ecnh d\u00e0i gi\u00e1 xu\u1ea5t x\u01b0\u1edfng cho xe mo\u00f3c ben l\u00e0 s\u1ea3n ph\u1ea9m \u0111\u00e1ng tin c\u1eady v\u00e0 hi\u1ec7u su\u1ea5t cao, mang l\u1ea1i gi\u00e1 tr\u1ecb tuy\u1ec7t v\u1eddi cho s\u1ed1 ti\u1ec1n b\u1ecf ra. Kh\u1ea3 n\u0103ng h\u00e0nh tr\u00ecnh d\u00e0i, k\u1ebft c\u1ea5u b\u1ec1n b\u1ec9, c\u00f4ng ngh\u1ec7 th\u1ee7y l\u1ef1c ti\u00ean ti\u1ebfn v\u00e0 l\u1eafp \u0111\u1eb7t d\u1ec5 d\u00e0ng khi\u1ebfn s\u1ea3n ph\u1ea9m tr\u1edf th\u00e0nh l\u1ef1a ch\u1ecdn l\u00fd t\u01b0\u1edfng cho c\u00e1c \u1ee9ng d\u1ee5ng xe mo\u00f3c ben. Cho d\u00f9 b\u1ea1n \u0111ang l\u00e0m vi\u1ec7c trong ng\u00e0nh x\u00e2y d\u1ef1ng, n\u00f4ng nghi\u1ec7p hay v\u1eadn t\u1ea3i, xi lanh th\u1ee7y l\u1ef1c n\u00e0y ch\u1eafc ch\u1eafn s\u1ebd n\u00e2ng cao hi\u1ec7u su\u1ea5t v\u00e0 hi\u1ec7u qu\u1ea3 c\u1ee7a xe mo\u00f3c ben c\u1ee7a b\u1ea1n. Kh\u00e1m ph\u00e1 c\u00f4ng ngh\u1ec7 ti\u00ean ti\u1ebfn v\u00e0 ch\u1ea5t l\u01b0\u1ee3ng v\u01b0\u1ee3t tr\u1ed9i c\u1ee7a Xi lanh th\u1ee7y l\u1ef1c h\u00e0nh tr\u00ecnh d\u00e0i ho\u00e0n to\u00e0n m\u1edbi, gi\u00e1 xu\u1ea5t x\u01b0\u1edfng c\u1ee7a ch\u00fang t\u00f4i \u0111\u01b0\u1ee3c thi\u1ebft k\u1ebf d\u00e0nh ri\u00eang cho xe mo\u00f3c ben. Xi lanh th\u1ee7y l\u1ef1c n\u00e0y \u0111\u01b0\u1ee3c b\u1ea3o h\u00e0nh 1 n\u0103m, \u0111\u1ea3m b\u1ea3o \u0111\u1ed9 tin c\u1eady v\u00e0 s\u1ef1 an t\u00e2m. S\u1ea3n ph\u1ea9m ph\u00f9 h\u1ee3p v\u1edbi nhi\u1ec1u ng\u00e0nh c\u00f4ng nghi\u1ec7p, bao g\u1ed3m nh\u00e0 m\u00e1y s\u1ea3n xu\u1ea5t, x\u01b0\u1edfng s\u1eeda ch\u1eefa m\u00e1y m\u00f3c, trang tr\u1ea1i, n\u0103ng l\u01b0\u1ee3ng &amp; khai th\u00e1c m\u1ecf, v\u00e0 nh\u00e0 m\u00e1y m\u00e1y m\u00f3c. V\u1edbi tr\u1ecdng l\u01b0\u1ee3ng 40KG, s\u1ea3n ph\u1ea9m n\u00e0y \u0111i k\u00e8m v\u1edbi video ki\u1ec3m tra xu\u1ea5t x\u01b0\u1edfng v\u00e0 b\u00e1o c\u00e1o th\u1eed nghi\u1ec7m m\u00e1y m\u00f3c. L\u00e0 s\u1ea3n ph\u1ea9m m\u1edbi cho n\u0103m 2025, s\u1ea3n ph\u1ea9m \u0111\u01b0\u1ee3c b\u1ea3o h\u00e0nh 1 n\u0103m cho c\u00e1c b\u1ed9 ph\u1eadn c\u1ed1t l\u00f5i nh\u01b0 \u1ed5 tr\u1ee5c v\u00e0 xi lanh p\u00edt-t\u00f4ng. C\u1ea5u tr\u00fac xi lanh p\u00edt-t\u00f4ng ho\u1ea1t \u0111\u1ed9ng b\u1eb1ng l\u1ef1c th\u1ee7y l\u1ef1c v\u00e0 \u0111\u01b0\u1ee3c ch\u1ebf t\u1ea1o t\u1eeb th\u00e9p ch\u1eafc ch\u1eafn.<\/p>\n<p><img decoding=\"async\" src=\"https:\/\/hzpt.com\/wp-content\/uploads\/2023\/11\/Inverted-Telescopic-Cylinder-6.webp\" alt=\"\" title=\"\"><\/p>\n<h2>\u0110\u1eb7c \u0111i\u1ec3m c\u1ee7a xi lanh th\u1ee7y l\u1ef1c h\u00e0nh tr\u00ecnh d\u00e0i<\/h2>\n<p>Xi lanh th\u1ee7y l\u1ef1c h\u00e0nh tr\u00ecnh d\u00e0i l\u00e0 c\u1ea5u tr\u00fac xi lanh piston ti\u00eau chu\u1ea9n \u0111\u01b0\u1ee3c v\u1eadn h\u00e0nh b\u1eb1ng n\u0103ng l\u01b0\u1ee3ng th\u1ee7y l\u1ef1c. C\u00e1c t\u00ednh n\u0103ng ch\u00ednh c\u1ee7a s\u1ea3n ph\u1ea9m n\u00e0y bao g\u1ed3m:<\/p>\n<p>1. V\u1eadt li\u1ec7u th\u00e2n m\u00e1y: \u0110\u01b0\u1ee3c ch\u1ebf t\u1ea1o t\u1eeb th\u00e9p b\u1ec1n, \u0111\u1ea3m b\u1ea3o hi\u1ec7u su\u1ea5t l\u00e2u d\u00e0i.<\/p>\n<p>2. L\u1ef1c \u0111\u1ea9y t\u1ed1i \u0111a: C\u00f3 kh\u1ea3 n\u0103ng t\u1ea1o ra l\u1ef1c \u0111\u1ea9y t\u1ed1i \u0111a l\u00e0 3000.<\/p>\n<p>3. Lo\u1ea1i: \u0110\u00e2y l\u00e0 xi lanh \u1ed1ng l\u1ed3ng ng\u01b0\u1ee3c, mang l\u1ea1i hi\u1ec7u qu\u1ea3 ho\u1ea1t \u0111\u1ed9ng v\u01b0\u1ee3t tr\u1ed9i.<\/p>\n<p>4. C\u1ed5ng: \u0110\u01b0\u1ee3c trang b\u1ecb c\u1ed5ng G\/SAE\/NPT\/M \u0111\u1ec3 k\u1ebft n\u1ed1i \u0111a n\u0103ng.<\/p>\n<p>5. L\u1ef1c k\u00e9o t\u1ed1i \u0111a: C\u00f3 kh\u1ea3 n\u0103ng k\u00e9o t\u1ed1i \u0111a l\u00e0 20 t\u1ea5n.<\/p>\n<h2>\u1ee8ng d\u1ee5ng c\u1ee7a xi lanh th\u1ee7y l\u1ef1c h\u00e0nh tr\u00ecnh d\u00e0i<\/h2>\n<p>Xi lanh th\u1ee7y l\u1ef1c n\u00e0y c\u00f3 th\u1ec3 \u00e1p d\u1ee5ng trong nhi\u1ec1u ng\u00e0nh c\u00f4ng nghi\u1ec7p v\u00e0 \u1ee9ng d\u1ee5ng kh\u00e1c nhau, bao g\u1ed3m:<\/p>\n<p>1. Nh\u00e0 m\u00e1y s\u1ea3n xu\u1ea5t: C\u00f3 gi\u00e1 tr\u1ecb trong nhi\u1ec1u quy tr\u00ecnh s\u1ea3n xu\u1ea5t kh\u00e1c nhau.<\/p>\n<p>2. X\u01b0\u1edfng s\u1eeda ch\u1eefa m\u00e1y m\u00f3c: C\u1ea7n thi\u1ebft \u0111\u1ec3 s\u1eeda ch\u1eefa m\u00e1y m\u00f3c h\u1ea1ng n\u1eb7ng.<\/p>\n<p>3. Trang tr\u1ea1i: L\u00fd t\u01b0\u1edfng cho ho\u1ea1t \u0111\u1ed9ng m\u00e1y m\u00f3c n\u00f4ng nghi\u1ec7p.<\/p>\n<p>4. N\u0103ng l\u01b0\u1ee3ng &amp; Khai th\u00e1c: Ho\u00e0n h\u1ea3o cho c\u00e1c ho\u1ea1t \u0111\u1ed9ng khai th\u00e1c v\u00e0 n\u0103ng l\u01b0\u1ee3ng n\u1eb7ng.<\/p>\n<p>5. Nh\u00e0 m\u00e1y c\u01a1 kh\u00ed: M\u1ed9t th\u00e0nh ph\u1ea7n quan tr\u1ecdng trong s\u1ea3n xu\u1ea5t m\u00e1y m\u00f3c.<\/p>\n<p><img decoding=\"async\" src=\"https:\/\/hzpt.com\/wp-content\/uploads\/2023\/11\/Inverted-Telescopic-Cylinder-Applications.webp\" alt=\"\u1ee8ng d\u1ee5ng c\u1ee7a xi lanh \u1ed1ng l\u1ed3ng ng\u01b0\u1ee3c\" title=\"\"><\/p>\n<h2>Nguy\u00ean l\u00fd ho\u1ea1t \u0111\u1ed9ng v\u00e0 b\u1ea3o d\u01b0\u1ee1ng xi lanh th\u1ee7y l\u1ef1c h\u00e0nh tr\u00ecnh d\u00e0i<\/h2>\n<p>Xy lanh th\u1ee7y l\u1ef1c h\u00e0nh tr\u00ecnh d\u00e0i ho\u1ea1t \u0111\u1ed9ng d\u1ef1a tr\u00ean nguy\u00ean l\u00fd th\u1ee7y l\u1ef1c. D\u1ea7u th\u1ee7y l\u1ef1c \u0111\u01b0\u1ee3c \u0111\u01b0a v\u00e0o xy lanh, t\u1ea1o ra l\u1ef1c \u0111\u1ea9y. Vi\u1ec7c ki\u1ec3m tra, v\u1ec7 sinh, b\u00f4i tr\u01a1n v\u00e0 s\u1eeda ch\u1eefa th\u01b0\u1eddng xuy\u00ean l\u00e0 c\u1ea7n thi\u1ebft \u0111\u1ec3 \u0111\u1ea3m b\u1ea3o ho\u1ea1t \u0111\u1ed9ng t\u1ed1i \u01b0u. C\u00e1c \u0111i\u1ec3m b\u1ea3o tr\u00ec c\u1ee5 th\u1ec3 bao g\u1ed3m:<\/p>\n<p>1. Ki\u1ec3m tra th\u01b0\u1eddng xuy\u00ean: C\u1ea7n ki\u1ec3m tra th\u01b0\u1eddng xuy\u00ean \u0111\u1ec3 ng\u0103n ng\u1eeba h\u01b0 h\u1ecfng ti\u1ec1m \u1ea9n.<\/p>\n<p>2. V\u1ec7 sinh: V\u1ec7 sinh th\u01b0\u1eddng xuy\u00ean gi\u00fap ng\u0103n ng\u1eeba b\u1ee5i b\u1ea9n v\u00e0 m\u1ea3nh v\u1ee5n t\u00edch t\u1ee5.<\/p>\n<p>3. B\u00f4i tr\u01a1n: B\u00f4i tr\u01a1n th\u01b0\u1eddng xuy\u00ean \u0111\u1ea3m b\u1ea3o ho\u1ea1t \u0111\u1ed9ng tr\u01a1n tru.<\/p>\n<p>4. S\u1eeda ch\u1eefa: Nhanh ch\u00f3ng th\u1ef1c hi\u1ec7n b\u1ea5t k\u1ef3 s\u1eeda ch\u1eefa c\u1ea7n thi\u1ebft n\u00e0o \u0111\u1ec3 tr\u00e1nh thi\u1ec7t h\u1ea1i th\u00eam.<\/p>\n<p>5. Thay th\u1ebf gio\u0103ng: Vi\u1ec7c thay th\u1ebf gio\u0103ng th\u01b0\u1eddng xuy\u00ean r\u1ea5t quan tr\u1ecdng \u0111\u1ec3 ng\u0103n ng\u1eeba r\u00f2 r\u1ec9.<\/p>\n<p><img decoding=\"async\" src=\"https:\/\/hzpt.com\/wp-content\/uploads\/2023\/11\/Inverted-Telescopic-Cylinder-Manufacturers.webp\" alt=\"Nh\u00e0 m\u00e1y m\u00e1y th\u1ee7y l\u1ef1c HZPT\" title=\"\"><\/p>\n<h3>\u0110\u1eb7c tr\u01b0ng<\/h3>\n<ul>\n<li>Xi lanh \u1ed1ng l\u1ed3ng ng\u01b0\u1ee3c bao g\u1ed3m m\u1ed9t piston t\u00e1c \u0111\u1ed9ng \u0111\u01a1n ho\u1eb7c t\u00e1c \u0111\u1ed9ng k\u00e9p di chuy\u1ec3n qua l\u1ea1i b\u00ean trong n\u00f2ng xi lanh.<\/li>\n<li>Thanh piston \u0111\u01b0\u1ee3c g\u1eafn v\u00e0o piston v\u00e0 k\u00e9o d\u00e0i qua \u0111\u00e1y c\u1ee7a th\u00f9ng xi lanh.<\/li>\n<li>M\u1ed9t s\u1ed1 t\u1ea7ng c\u1ee7a xi lanh c\u00f3 \u0111\u01b0\u1eddng k\u00ednh nh\u1ecf h\u01a1n \u0111\u01b0\u1ee3c \u0111\u1ea3o ng\u01b0\u1ee3c v\u00e0 l\u1eafp v\u00e0o th\u00f9ng xi lanh c\u00f3 \u0111\u01b0\u1eddng k\u00ednh l\u1edbn h\u01a1n.<\/li>\n<li>C\u00e1c xi lanh c\u00f3 \u0111\u01b0\u1eddng k\u00ednh nh\u1ecf h\u01a1n \u0111\u01b0\u1ee3c l\u1ed3ng v\u00e0o b\u00ean trong th\u00f9ng xi lanh c\u00f3 \u0111\u01b0\u1eddng k\u00ednh l\u1edbn h\u01a1n khi piston \u0111\u01b0\u1ee3c r\u00fat l\u1ea1i ho\u00e0n to\u00e0n.<\/li>\n<li>Xi lanh c\u00f3 thi\u1ebft k\u1ebf nh\u1ecf g\u1ecdn v\u00e0 ph\u00f9 h\u1ee3p v\u1edbi nh\u1eefng \u1ee9ng d\u1ee5ng c\u00f3 kh\u00f4ng gian h\u1ea1n ch\u1ebf.<\/li>\n<\/ul>\n<h3>Thu\u1eadn l\u1ee3i<\/h3>\n<ul>\n<li>Xi lanh \u1ed1ng l\u1ed3ng ng\u01b0\u1ee3c c\u00f3 h\u00e0nh tr\u00ecnh d\u00e0i h\u01a1n so v\u1edbi c\u00e1c lo\u1ea1i xi lanh th\u1ee7y l\u1ef1c kh\u00e1c.<\/li>\n<li>Thi\u1ebft k\u1ebf l\u1ed3ng nhau c\u1ee7a c\u00e1c xi lanh c\u00f3 \u0111\u01b0\u1eddng k\u00ednh nh\u1ecf h\u01a1n l\u00e0m gi\u1ea3m chi\u1ec1u d\u00e0i t\u1ed5ng th\u1ec3 c\u1ee7a xi lanh khi n\u00f3 \u0111\u01b0\u1ee3c m\u1edf r\u1ed9ng ho\u00e0n to\u00e0n.<\/li>\n<li>Xi lanh c\u00f3 kh\u1ea3 n\u0103ng ch\u1ecbu t\u1ea3i cao v\u00e0 c\u00f3 th\u1ec3 t\u1ea1o ra l\u1ef1c \u0111\u1ea7u ra l\u1edbn.<\/li>\n<li>Thi\u1ebft k\u1ebf c\u1ee7a xi lanh l\u00e0m gi\u1ea3m nguy c\u01a1 h\u01b0 h\u1ecfng thanh piston v\u00e0 n\u00f2ng xi lanh.<\/li>\n<li>Lo\u1ea1i xi lanh n\u00e0y d\u1ec5 l\u1eafp \u0111\u1eb7t v\u00e0 b\u1ea3o tr\u00ec.<\/li>\n<\/ul>\n<h3>\u1ee8ng d\u1ee5ng<\/h3>\n<p>Xi lanh th\u1ee7y l\u1ef1c \u1ed1ng l\u1ed3ng ng\u01b0\u1ee3c c\u00f3 ph\u1ea1m vi \u1ee9ng d\u1ee5ng r\u1ed9ng r\u00e3i trong nhi\u1ec1u ng\u00e0nh c\u00f4ng nghi\u1ec7p kh\u00e1c nhau. N\u00f3 th\u01b0\u1eddng \u0111\u01b0\u1ee3c s\u1eed d\u1ee5ng trong xe mo\u00f3c ben, d\u00f9ng \u0111\u1ec3 n\u00e2ng v\u00e0 h\u1ea1 s\u00e0n xe mo\u00f3c. Xi lanh th\u1ee7y l\u1ef1c h\u00e0nh tr\u00ecnh d\u00e0i gi\u00e1 xu\u1ea5t x\u01b0\u1edfng cho xe mo\u00f3c ben l\u00e0 l\u1ef1a ch\u1ecdn ph\u1ed5 bi\u1ebfn c\u1ee7a c\u00e1c nh\u00e0 s\u1ea3n xu\u1ea5t nh\u1edd kh\u1ea3 n\u0103ng ch\u1ecbu t\u1ea3i cao v\u00e0 h\u00e0nh tr\u00ecnh d\u00e0i. Xi lanh \u1ed1ng l\u1ed3ng ng\u01b0\u1ee3c c\u0169ng \u0111\u01b0\u1ee3c s\u1eed d\u1ee5ng trong thi\u1ebft b\u1ecb n\u00f4ng nghi\u1ec7p, m\u00e1y m\u00f3c x\u00e2y d\u1ef1ng v\u00e0 thi\u1ebft b\u1ecb x\u1eed l\u00fd v\u1eadt li\u1ec7u. Ch\u00fang ph\u00f9 h\u1ee3p cho c\u00e1c \u1ee9ng d\u1ee5ng y\u00eau c\u1ea7u l\u1ef1c \u0111\u1ea7u ra l\u1edbn v\u00e0 h\u00e0nh tr\u00ecnh d\u00e0i trong thi\u1ebft k\u1ebf nh\u1ecf g\u1ecdn.<\/p>\n<h3>Gi\u1edbi thi\u1ec7u v\u1ec1 FMP \u2013 Xi lanh th\u1ee7y l\u1ef1c<\/h3>\n<p>T\u1ea1i FMP, ch\u00fang t\u00f4i chuy\u00ean b\u00e1n v\u00e0 b\u1ea3o d\u01b0\u1ee1ng c\u00e1c ph\u1ee5 t\u00f9ng m\u00e1y m\u00f3c x\u00e2y d\u1ef1ng v\u00e0 m\u00e1y m\u00f3c ho\u00e0n ch\u1ec9nh ch\u1ea5t l\u01b0\u1ee3ng cao. Xi lanh th\u1ee7y l\u1ef1c c\u1ee7a ch\u00fang t\u00f4i l\u00e0 m\u1ed9t trong nh\u1eefng s\u1ea3n ph\u1ea9m ph\u1ed5 bi\u1ebfn nh\u1ea5t c\u1ee7a ch\u00fang t\u00f4i, v\u00e0 \u0111i\u1ec1u n\u00e0y ho\u00e0n to\u00e0n c\u00f3 l\u00fd do. D\u01b0\u1edbi \u0111\u00e2y l\u00e0 n\u0103m l\u00fd do t\u1ea1i sao xi lanh th\u1ee7y l\u1ef1c c\u1ee7a FMP l\u00e0 l\u1ef1a ch\u1ecdn t\u1ed1t nh\u1ea5t cho nhu c\u1ea7u m\u00e1y m\u00f3c x\u00e2y d\u1ef1ng c\u1ee7a b\u1ea1n:<\/p>\n<p>1. <strong>V\u1eadt li\u1ec7u ch\u1ea5t l\u01b0\u1ee3ng h\u00e0ng \u0111\u1ea7u<\/strong>:Xi lanh th\u1ee7y l\u1ef1c c\u1ee7a ch\u00fang t\u00f4i \u0111\u01b0\u1ee3c l\u00e0m t\u1eeb v\u1eadt li\u1ec7u b\u1ec1n v\u00e0 \u0111\u00e1ng tin c\u1eady, \u0111\u1ea3m b\u1ea3o hi\u1ec7u su\u1ea5t l\u00e2u d\u00e0i v\u00e0 y\u00eau c\u1ea7u b\u1ea3o tr\u00ec t\u1ed1i thi\u1ec3u.<\/p>\n<p>2. <strong>T\u00f9y ch\u1ecdn c\u00f3 th\u1ec3 t\u00f9y ch\u1ec9nh<\/strong>: Ch\u00fang t\u00f4i cung c\u1ea5p xi lanh lo\u1ea1i ch\u1ed1t c\u00f3 th\u1ec3 \u0111i\u1ec1u ch\u1ec9nh, c\u0169ng nh\u01b0 c\u00e1c t\u00f9y ch\u1ecdn t\u00f9y ch\u1ec9nh kh\u00e1c \u0111\u1ec3 \u0111\u00e1p \u1ee9ng nhu c\u1ea7u c\u1ee5 th\u1ec3 c\u1ee7a b\u1ea1n. V\u1edbi chuy\u00ean m\u00f4n v\u1ec1 ph\u1ee5 t\u00f9ng m\u00e1y m\u00f3c x\u00e2y d\u1ef1ng, ch\u00fang t\u00f4i c\u00f3 th\u1ec3 h\u1ee3p t\u00e1c v\u1edbi b\u1ea1n \u0111\u1ec3 t\u00ecm ra gi\u1ea3i ph\u00e1p t\u1ed1t nh\u1ea5t cho thi\u1ebft b\u1ecb c\u1ee7a b\u1ea1n.<\/p>\n<p>3. <strong>\u0110\u1ed9i ng\u0169 chuy\u00ean gia<\/strong>: \u0110\u1ed9i ng\u0169 b\u00e1n h\u00e0ng gi\u00e0u kinh nghi\u1ec7m v\u00e0 k\u1ef9 n\u0103ng c\u1ee7a ch\u00fang t\u00f4i am hi\u1ec3u c\u00e1c xu h\u01b0\u1edbng m\u1edbi nh\u1ea5t trong ng\u00e0nh v\u00e0 nhu c\u1ea7u c\u1ee7a kh\u00e1ch h\u00e0ng trong ng\u00e0nh m\u00e1y m\u00f3c x\u00e2y d\u1ef1ng. H\u1ecd c\u00f3 th\u1ec3 t\u01b0 v\u1ea5n s\u1ea3n ph\u1ea9m chuy\u00ean nghi\u1ec7p v\u00e0 \u0111\u01b0a ra nh\u1eefng g\u1ee3i \u00fd mua h\u00e0ng th\u00f4ng minh, gi\u00fap b\u1ea1n \u0111\u01b0a ra quy\u1ebft \u0111\u1ecbnh t\u1ed1t nh\u1ea5t cho doanh nghi\u1ec7p c\u1ee7a m\u00ecnh.<\/p>\n<p>4. <strong>H\u1eadu c\u1ea7n hi\u1ec7u qu\u1ea3<\/strong>: Ch\u00fang t\u00f4i c\u00f3 h\u1ec7 th\u1ed1ng ph\u00e2n ph\u1ed1i h\u1eadu c\u1ea7n hi\u1ec7u qu\u1ea3 \u0111\u1ec3 \u0111\u1ea3m b\u1ea3o kh\u00e1ch h\u00e0ng nh\u1eadn \u0111\u01b0\u1ee3c c\u00e1c ph\u1ee5 t\u00f9ng c\u1ea7n thi\u1ebft m\u1ed9t c\u00e1ch k\u1ecbp th\u1eddi v\u00e0 ch\u00ednh x\u00e1c. \u0110i\u1ec1u n\u00e0y \u0111\u1ed3ng ngh\u0129a v\u1edbi vi\u1ec7c gi\u1ea3m thi\u1ec3u th\u1eddi gian ng\u1eebng ho\u1ea1t \u0111\u1ed9ng c\u1ee7a m\u00e1y m\u00f3c x\u00e2y d\u1ef1ng v\u00e0 \u0111\u1ea3m b\u1ea3o ho\u1ea1t \u0111\u1ed9ng kinh doanh th\u00f4ng su\u1ed1t.<\/p>\n<p>5. <strong>Ki\u1ec3m so\u00e1t ch\u1ea5t l\u01b0\u1ee3ng nghi\u00eam ng\u1eb7t<\/strong>:Ch\u00fang t\u00f4i thi\u1ebft l\u1eadp m\u1ed1i quan h\u1ec7 h\u1ee3p t\u00e1c l\u00e2u d\u00e0i v\u00e0 \u1ed5n \u0111\u1ecbnh v\u1edbi nhi\u1ec1u nh\u00e0 cung c\u1ea5p ch\u1ea5t l\u01b0\u1ee3ng cao trong v\u00e0 ngo\u00e0i n\u01b0\u1edbc, \u0111\u1ea3m b\u1ea3o r\u1eb1ng t\u1ea5t c\u1ea3 c\u00e1c b\u1ed9 ph\u1eadn \u0111\u01b0\u1ee3c cung c\u1ea5p, bao g\u1ed3m c\u1ea3 Xi lanh th\u1ee7y l\u1ef1c c\u1ee7a ch\u00fang t\u00f4i, \u0111\u1ec1u \u0111\u00e1p \u1ee9ng c\u00e1c ti\u00eau chu\u1ea9n ch\u1ea5t l\u01b0\u1ee3ng nghi\u00eam ng\u1eb7t.<\/p>\n<p>V\u1edbi Xi lanh th\u1ee7y l\u1ef1c FMP, b\u1ea1n c\u00f3 th\u1ec3 ho\u00e0n to\u00e0n y\u00ean t\u00e2m v\u1ec1 ch\u1ea5t l\u01b0\u1ee3ng v\u00e0 \u0111\u1ed9 tin c\u1eady c\u1ee7a m\u00e1y m\u00f3c x\u00e2y d\u1ef1ng. H\u00e3y li\u00ean h\u1ec7 v\u1edbi ch\u00fang t\u00f4i ngay h\u00f4m nay \u0111\u1ec3 t\u00ecm hi\u1ec3u th\u00eam v\u1ec1 s\u1ea3n ph\u1ea9m v\u00e0 c\u00e1ch ch\u00fang t\u00f4i c\u00f3 th\u1ec3 gi\u00fap b\u1ea1n t\u00ecm ra gi\u1ea3i ph\u00e1p t\u1ed1t nh\u1ea5t cho nhu c\u1ea7u kinh doanh c\u1ee7a m\u00ecnh.<\/p>\n<p><img decoding=\"async\" src=\"https:\/\/fmp-components.com\/wp-content\/uploads\/2024\/12\/Adjustable-Clevis-Type-Cylinders-6.webp\" alt=\"Xi lanh lo\u1ea1i Clevis c\u00f3 th\u1ec3 \u0111i\u1ec1u ch\u1ec9nh\" width=\"853\" title=\"\"><br \/>\nT\u00e1c gi\u1ea3: CX<\/p>","protected":false},"excerpt":{"rendered":"<p>The Factory Price Long Stroke Hydraulic Cylinder For Dump Trailer is a high-quality product that is designed to provide superior performance and durability. This hydraulic cylinder is specifically engineered for dump trailers, making it an essential component for efficient and reliable trailer operation. One of the key features of this hydraulic cylinder is its long [&hellip;]<\/p>","protected":false},"featured_media":1718,"comment_status":"closed","ping_status":"closed","template":"","meta":{"_et_pb_use_builder":"","_et_pb_old_content":"","_et_gb_content_width":""},"product_brand":[],"product_cat":[45],"product_tag":[34,48],"class_list":{"0":"post-1717","1":"product","2":"type-product","3":"status-publish","4":"has-post-thumbnail","6":"product_cat-inverted-telescopic-cylinder","7":"product_tag-hydraulic-cylinder","8":"product_tag-inverted-telescopic-cylinder","10":"first","11":"instock","12":"product-type-simple"},"_links":{"self":[{"href":"https:\/\/fmp-components.com\/vi\/wp-json\/wp\/v2\/product\/1717","targetHints":{"allow":["GET"]}}],"collection":[{"href":"https:\/\/fmp-components.com\/vi\/wp-json\/wp\/v2\/product"}],"about":[{"href":"https:\/\/fmp-components.com\/vi\/wp-json\/wp\/v2\/types\/product"}],"replies":[{"embeddable":true,"href":"https:\/\/fmp-components.com\/vi\/wp-json\/wp\/v2\/comments?post=1717"}],"wp:featuredmedia":[{"embeddable":true,"href":"https:\/\/fmp-components.com\/vi\/wp-json\/wp\/v2\/media\/1718"}],"wp:attachment":[{"href":"https:\/\/fmp-components.com\/vi\/wp-json\/wp\/v2\/media?parent=1717"}],"wp:term":[{"taxonomy":"product_brand","embeddable":true,"href":"https:\/\/fmp-components.com\/vi\/wp-json\/wp\/v2\/product_brand?post=1717"},{"taxonomy":"product_cat","embeddable":true,"href":"https:\/\/fmp-components.com\/vi\/wp-json\/wp\/v2\/product_cat?post=1717"},{"taxonomy":"product_tag","embeddable":true,"href":"https:\/\/fmp-components.com\/vi\/wp-json\/wp\/v2\/product_tag?post=1717"}],"curies":[{"name":"wp","href":"https:\/\/api.w.org\/{rel}","templated":true}]}}