{"id":1715,"date":"2024-12-23T07:01:59","date_gmt":"2024-12-23T07:01:59","guid":{"rendered":"https:\/\/fmp-components.com\/product\/excellent-quality-trailer-long-stroke-cylinder-hydraulic-for-trailer\/"},"modified":"2025-03-11T05:49:43","modified_gmt":"2025-03-11T05:49:43","slug":"excellent-quality-trailer-long-stroke-cylinder-hydraulic-for-trailer","status":"publish","type":"product","link":"https:\/\/fmp-components.com\/vi\/product\/excellent-quality-trailer-long-stroke-cylinder-hydraulic-for-trailer\/","title":{"rendered":"Xi lanh th\u1ee7y l\u1ef1c h\u00e0nh tr\u00ecnh d\u00e0i ch\u1ea5t l\u01b0\u1ee3ng tuy\u1ec7t v\u1eddi cho xe k\u00e9o"},"content":{"rendered":"<p>Xi lanh th\u1ee7y l\u1ef1c h\u00e0nh tr\u00ecnh d\u00e0i ch\u1ea5t l\u01b0\u1ee3ng cao d\u00e0nh cho xe k\u00e9o l\u00e0 s\u1ea3n ph\u1ea9m kh\u00f4ng th\u1ec3 thi\u1ebfu cho b\u1ea5t k\u1ef3 ch\u1ee7 xe k\u00e9o n\u00e0o. Xi lanh th\u1ee7y l\u1ef1c n\u00e0y t\u1ef1 h\u00e0o c\u00f3 ch\u1ea5t l\u01b0\u1ee3ng v\u00e0 \u0111\u1ed9 b\u1ec1n v\u01b0\u1ee3t tr\u1ed9i, l\u00e0 l\u1ef1a ch\u1ecdn ho\u00e0n h\u1ea3o cho c\u00e1c \u1ee9ng d\u1ee5ng h\u1ea1ng n\u1eb7ng.<\/p>\n<p>\u0110\u01b0\u1ee3c ch\u1ebf t\u1ea1o t\u1eeb v\u1eadt li\u1ec7u ch\u1ea5t l\u01b0\u1ee3ng cao, xi lanh th\u1ee7y l\u1ef1c n\u00e0y \u0111\u01b0\u1ee3c thi\u1ebft k\u1ebf \u0111\u1ec3 ch\u1ecbu \u0111\u01b0\u1ee3c s\u1ef1 kh\u1eafc nghi\u1ec7t c\u1ee7a vi\u1ec7c s\u1eed d\u1ee5ng h\u00e0ng ng\u00e0y. Thi\u1ebft k\u1ebf h\u00e0nh tr\u00ecnh d\u00e0i mang l\u1ea1i hi\u1ec7u su\u1ea5t v\u01b0\u1ee3t tr\u1ed9i, trong khi k\u1ebft c\u1ea5u ch\u1eafc ch\u1eafn \u0111\u1ea3m b\u1ea3o \u0111\u1ed9 b\u1ec1n v\u00e0 \u0111\u1ed9 tin c\u1eady.<\/p>\n<p>V\u1edbi c\u00e1c t\u00ednh n\u0103ng ti\u00ean ti\u1ebfn, Xi lanh th\u1ee7y l\u1ef1c h\u00e0nh tr\u00ecnh d\u00e0i ch\u1ea5t l\u01b0\u1ee3ng cao cho xe k\u00e9o r\u01a1 mo\u00f3c mang l\u1ea1i hi\u1ec7u su\u1ea5t v\u00e0 hi\u1ec7u qu\u1ea3 v\u01b0\u1ee3t tr\u1ed9i. S\u1ea3n ph\u1ea9m d\u1ec5 l\u1eafp \u0111\u1eb7t v\u00e0 b\u1ea3o tr\u00ec, l\u00e0 l\u1ef1a ch\u1ecdn l\u00fd t\u01b0\u1edfng cho c\u1ea3 ng\u01b0\u1eddi m\u1edbi b\u1eaft \u0111\u1ea7u v\u00e0 ng\u01b0\u1eddi c\u00f3 kinh nghi\u1ec7m s\u1eed d\u1ee5ng r\u01a1 mo\u00f3c.<\/p>\n<p>Cho d\u00f9 b\u1ea1n \u0111ang v\u1eadn chuy\u1ec3n thi\u1ebft b\u1ecb h\u1ea1ng n\u1eb7ng, gia s\u00fac hay h\u00e0ng h\u00f3a kh\u00e1c, xi lanh th\u1ee7y l\u1ef1c n\u00e0y cung c\u1ea5p s\u1ee9c m\u1ea1nh v\u00e0 \u0111\u1ed9 tin c\u1eady b\u1ea1n c\u1ea7n \u0111\u1ec3 ho\u00e0n th\u00e0nh c\u00f4ng vi\u1ec7c m\u1ed9t c\u00e1ch ho\u00e0n h\u1ea3o. V\u1eady c\u00f2n ch\u1ea7n ch\u1eeb g\u00ec n\u1eefa? H\u00e3y \u0111\u1ea7u t\u01b0 ngay h\u00f4m nay v\u00e0o Xi lanh th\u1ee7y l\u1ef1c h\u00e0nh tr\u00ecnh d\u00e0i ch\u1ea5t l\u01b0\u1ee3ng tuy\u1ec7t h\u1ea3o cho R\u01a1 mo\u00f3c v\u00e0 tr\u1ea3i nghi\u1ec7m hi\u1ec7u su\u1ea5t v\u00e0 ch\u1ea5t l\u01b0\u1ee3ng t\u1ed1i \u01b0u! Gi\u1edbi thi\u1ec7u c\u00f4ng ngh\u1ec7 th\u1ee7y l\u1ef1c m\u1edbi nh\u1ea5t - xi lanh th\u1ee7y l\u1ef1c h\u00e0nh tr\u00ecnh d\u00e0i h\u00e0ng \u0111\u1ea7u c\u1ee7a ch\u00fang t\u00f4i d\u00e0nh cho r\u01a1 mo\u00f3c. S\u1ea3n ph\u1ea9m ho\u00e0n to\u00e0n m\u1edbi n\u00e0y, d\u1ef1 ki\u1ebfn \u200b\u200bra m\u1eaft th\u1ecb tr\u01b0\u1eddng v\u00e0o n\u0103m 2023, mang \u0111\u1ebfn \u0111\u1ed9 b\u1ec1n v\u00e0 hi\u1ec7u su\u1ea5t v\u01b0\u1ee3t tr\u1ed9i. L\u00fd t\u01b0\u1edfng \u0111\u1ec3 s\u1eed d\u1ee5ng trong c\u00e1c nh\u00e0 m\u00e1y s\u1ea3n xu\u1ea5t, x\u01b0\u1edfng s\u1eeda ch\u1eefa m\u00e1y m\u00f3c, trang tr\u1ea1i, ng\u00e0nh n\u0103ng l\u01b0\u1ee3ng v\u00e0 khai th\u00e1c m\u1ecf, xi lanh th\u1ee7y l\u1ef1c c\u1ee7a ch\u00fang t\u00f4i h\u1ee9a h\u1eb9n ho\u1ea1t \u0111\u1ed9ng tr\u01a1n tru v\u00e0 tu\u1ed5i th\u1ecd cao. S\u1ea3n ph\u1ea9m cao c\u1ea5p n\u00e0y \u0111i k\u00e8m v\u1edbi b\u1ea3o h\u00e0nh 1 n\u0103m cho c\u00e1c b\u1ed9 ph\u1eadn c\u1ed1t l\u00f5i, bao g\u1ed3m \u1ed5 tr\u1ee5c v\u00e0 xi lanh p\u00edt-t\u00f4ng.<\/p>\n<p><img decoding=\"async\" src=\"https:\/\/hzpt.com\/wp-content\/uploads\/2023\/11\/Inverted-Telescopic-Cylinder-22.webp\" alt=\"\" title=\"\"><\/p>\n<h2>\u0110\u1eb7c \u0111i\u1ec3m c\u1ee7a xi lanh th\u1ee7y l\u1ef1c h\u00e0nh tr\u00ecnh d\u00e0i c\u1ee7a ch\u00fang t\u00f4i d\u00e0nh cho r\u01a1 mo\u00f3c<\/h2>\n<p>H\u1ec7 th\u1ed1ng th\u1ee7y l\u1ef1c xi lanh h\u00e0nh tr\u00ecnh d\u00e0i cho r\u01a1 mo\u00f3c l\u00e0 h\u1ec7 th\u1ed1ng th\u1ee7y l\u1ef1c lo\u1ea1i xi lanh piston ti\u00eau chu\u1ea9n \u0111\u01b0\u1ee3c thi\u1ebft k\u1ebf v\u1edbi c\u00e1c t\u00ednh n\u0103ng ch\u00ednh sau:<\/p>\n<ol>\n<li>V\u1eadt li\u1ec7u th\u00e2n th\u00e9p ch\u1eafc ch\u1eafn cho \u0111\u1ed9 b\u1ec1n v\u00e0 s\u1ee9c m\u1ea1nh t\u1ed1i \u0111a<\/li>\n<li>S\u1eed d\u1ee5ng n\u0103ng l\u01b0\u1ee3ng th\u1ee7y l\u1ef1c \u0111\u1ec3 v\u1eadn h\u00e0nh hi\u1ec7u qu\u1ea3<\/li>\n<li>C\u00f3 l\u1ef1c \u0111\u1ea9y t\u1ed1i \u0111a l\u00e0 3000 v\u00e0 l\u1ef1c k\u00e9o t\u1ed1i \u0111a l\u00e0 20 t\u1ea5n<\/li>\n<li>K\u00edch th\u01b0\u1edbc l\u1ed7 khoan \u0111a d\u1ea1ng t\u1eeb 2-6 inch v\u00e0 k\u00edch th\u01b0\u1edbc thanh t\u1eeb 1,125-4 inch<\/li>\n<li>K\u00edch th\u01b0\u1edbc n\u00e9t v\u1ebd t\u1eeb 6-48 inch v\u00e0 k\u00edch th\u01b0\u1edbc ch\u1ed1t t\u1eeb 0,5-2 inch<\/li>\n<\/ol>\n<h2>\u1ee8ng d\u1ee5ng c\u1ee7a xi lanh th\u1ee7y l\u1ef1c h\u00e0nh tr\u00ecnh d\u00e0i c\u1ee7a ch\u00fang t\u00f4i cho r\u01a1 mo\u00f3c<\/h2>\n<p>Xi lanh th\u1ee7y l\u1ef1c h\u00e0nh tr\u00ecnh d\u00e0i c\u1ee7a ch\u00fang t\u00f4i ph\u00f9 h\u1ee3p v\u1edbi nhi\u1ec1u \u1ee9ng d\u1ee5ng kh\u00e1c nhau nh\u01b0:<\/p>\n<ol>\n<li>Nh\u00e0 m\u00e1y s\u1ea3n xu\u1ea5t, n\u01a1i n\u00f3 c\u00f3 th\u1ec3 \u0111\u01b0\u1ee3c s\u1eed d\u1ee5ng trong nhi\u1ec1u m\u00e1y m\u00f3c kh\u00e1c nhau cho c\u00e1c quy tr\u00ecnh kh\u00e1c nhau<\/li>\n<li>C\u1eeda h\u00e0ng s\u1eeda ch\u1eefa m\u00e1y m\u00f3c, \u0111\u1ec3 s\u1eeda ch\u1eefa v\u00e0 b\u1ea3o tr\u00ec m\u00e1y m\u00f3c h\u1ea1ng n\u1eb7ng<\/li>\n<li>Trang tr\u1ea1i, n\u01a1i n\u00f3 c\u00f3 th\u1ec3 \u0111\u01b0\u1ee3c s\u1eed d\u1ee5ng trong thi\u1ebft b\u1ecb n\u00f4ng nghi\u1ec7p h\u1ea1ng n\u1eb7ng<\/li>\n<li>Ng\u00e0nh n\u0103ng l\u01b0\u1ee3ng v\u00e0 khai th\u00e1c m\u1ecf, n\u01a1i c\u00f3 th\u1ec3 ch\u1ecbu \u0111\u01b0\u1ee3c t\u1ea3i tr\u1ecdng n\u1eb7ng v\u00e0 ch\u1ecbu \u0111\u01b0\u1ee3c \u0111i\u1ec1u ki\u1ec7n kh\u1eafc nghi\u1ec7t<\/li>\n<li>S\u1ea3n xu\u1ea5t m\u00e1y m\u00f3c v\u00e0 nh\u00e0 m\u00e1y, n\u01a1i n\u00f3 c\u00f3 th\u1ec3 \u0111\u01b0\u1ee3c s\u1eed d\u1ee5ng trong s\u1ea3n xu\u1ea5t m\u00e1y m\u00f3c kh\u00e1c<\/li>\n<\/ol>\n<p><img decoding=\"async\" src=\"https:\/\/hzpt.com\/wp-content\/uploads\/2023\/11\/Inverted-Telescopic-Cylinder-Applications.webp\" alt=\"\u1ee8ng d\u1ee5ng th\u1ee7y l\u1ef1c c\u1ee7a xi lanh h\u00e0nh tr\u00ecnh d\u00e0i\" title=\"\"><\/p>\n<h2>Nguy\u00ean l\u00fd ho\u1ea1t \u0111\u1ed9ng v\u00e0 b\u1ea3o d\u01b0\u1ee1ng xi lanh th\u1ee7y l\u1ef1c h\u00e0nh tr\u00ecnh d\u00e0i cho r\u01a1 mo\u00f3c<\/h2>\n<p>H\u1ec7 th\u1ed1ng th\u1ee7y l\u1ef1c xi lanh h\u00e0nh tr\u00ecnh d\u00e0i d\u00e0nh cho r\u01a1 mo\u00f3c ho\u1ea1t \u0111\u1ed9ng b\u1eb1ng c\u00e1ch chuy\u1ec3n \u0111\u1ed5i \u00e1p su\u1ea5t ch\u1ea5t l\u1ecfng th\u1ee7y l\u1ef1c th\u00e0nh l\u1ef1c \u0111\u1ec3 di chuy\u1ec3n t\u1ea3i tr\u1ecdng. Ch\u1ea5t l\u1ecfng th\u1ee7y l\u1ef1c \u0111\u01b0\u1ee3c b\u01a1m v\u00e0o xi lanh, l\u00e0m gi\u00e3n c\u1ea7n piston, t\u1ea1o ra l\u1ef1c. L\u1ef1c n\u00e0y c\u00f3 th\u1ec3 \u0111\u01b0\u1ee3c s\u1eed d\u1ee5ng \u0111\u1ec3 n\u00e2ng, \u0111\u1ea9y ho\u1eb7c k\u00e9o t\u1ea3i tr\u1ecdng.<\/p>\n<p>Vi\u1ec7c b\u1ea3o tr\u00ec xi lanh th\u1ee7y l\u1ef1c bao g\u1ed3m:<\/p>\n<ol>\n<li>Ki\u1ec3m tra th\u01b0\u1eddng xuy\u00ean \u0111\u1ec3 xem c\u00f3 b\u1ea5t k\u1ef3 d\u1ea5u hi\u1ec7u hao m\u00f2n ho\u1eb7c h\u01b0 h\u1ecfng n\u00e0o kh\u00f4ng<\/li>\n<li>V\u1ec7 sinh xi lanh \u0111\u1ec3 lo\u1ea1i b\u1ecf b\u1ee5i b\u1ea9n ho\u1eb7c m\u1ea3nh v\u1ee5n c\u00f3 th\u1ec3 \u1ea3nh h\u01b0\u1edfng \u0111\u1ebfn ho\u1ea1t \u0111\u1ed9ng c\u1ee7a xi lanh<\/li>\n<li>B\u00f4i tr\u01a1n c\u00e1c b\u1ed9 ph\u1eadn chuy\u1ec3n \u0111\u1ed9ng \u0111\u1ec3 gi\u1ea3m ma s\u00e1t v\u00e0 ng\u0103n ng\u1eeba hao m\u00f2n<\/li>\n<li>Ki\u1ec3m tra v\u00e0 s\u1eeda ch\u1eefa th\u01b0\u1eddng xuy\u00ean \u0111\u1ec3 gi\u1eef xi lanh \u1edf t\u00ecnh tr\u1ea1ng t\u1ed1t nh\u1ea5t<\/li>\n<li>Thay th\u1ebf c\u00e1c mi\u1ebfng \u0111\u1ec7m khi c\u1ea7n thi\u1ebft \u0111\u1ec3 ng\u0103n ng\u1eeba r\u00f2 r\u1ec9<\/li>\n<\/ol>\n<h2>H\u00ecnh tr\u1ee5 \u1ed1ng l\u1ed3ng ng\u01b0\u1ee3c<\/h2>\n<p>Xi lanh \u1ed1ng l\u1ed3ng ng\u01b0\u1ee3c l\u00e0 m\u1ed9t lo\u1ea1i xi lanh th\u1ee7y l\u1ef1c th\u01b0\u1eddng \u0111\u01b0\u1ee3c s\u1eed d\u1ee5ng trong nhi\u1ec1u \u1ee9ng d\u1ee5ng kh\u00e1c nhau, bao g\u1ed3m c\u1ea3 r\u01a1 mo\u00f3c. N\u00f3 \u0111\u01b0\u1ee3c thi\u1ebft k\u1ebf \u0111\u1ec3 mang l\u1ea1i ch\u1ea5t l\u01b0\u1ee3ng v\u00e0 hi\u1ec7u su\u1ea5t tuy\u1ec7t v\u1eddi, \u0111\u1eb7c bi\u1ec7t l\u00e0 v\u1ec1 kh\u1ea3 n\u0103ng h\u00e0nh tr\u00ecnh d\u00e0i. Lo\u1ea1i xi lanh n\u00e0y s\u1eed d\u1ee5ng c\u1ea5u tr\u00fac \u0111\u1ed9c \u0111\u00e1o v\u00e0 ho\u1ea1t \u0111\u1ed9ng d\u1ef1a tr\u00ean nguy\u00ean l\u00fd \u00e1p su\u1ea5t th\u1ee7y l\u1ef1c \u0111\u1ec3 t\u1ea1o ra l\u1ef1c v\u00e0 chuy\u1ec3n \u0111\u1ed9ng tuy\u1ebfn t\u00ednh.<\/p>\n<p>Sau \u0111\u00e2y l\u00e0 m\u1ed9t s\u1ed1 t\u00ednh n\u0103ng v\u00e0 l\u1ee3i \u00edch ch\u00ednh c\u1ee7a Xi lanh th\u1ee7y l\u1ef1c h\u00e0nh tr\u00ecnh d\u00e0i ch\u1ea5t l\u01b0\u1ee3ng tuy\u1ec7t v\u1eddi cho xe k\u00e9o:<\/p>\n<ol>\n<li><strong>Thi\u1ebft k\u1ebf ti\u00ean ti\u1ebfn:<\/strong> Xi lanh \u1ed1ng l\u1ed3ng ng\u01b0\u1ee3c \u0111\u01b0\u1ee3c thi\u1ebft k\u1ebf tinh vi, mang l\u1ea1i hi\u1ec7u su\u1ea5t v\u01b0\u1ee3t tr\u1ed9i. C\u1ea5u tr\u00fac c\u1ee7a n\u00f3 bao g\u1ed3m nhi\u1ec1u t\u1ea7ng ho\u1eb7c ph\u1ea7n kh\u00e9p l\u1ea1i v\u1edbi nhau, gi\u00fap k\u00e9o d\u00e0i h\u00e0nh tr\u00ecnh.<\/li>\n<li><strong>Kh\u1ea3 n\u0103ng h\u00e0nh tr\u00ecnh d\u00e0i:<\/strong> Xy lanh n\u00e0y c\u00f3 h\u00e0nh tr\u00ecnh ho\u1ea1t \u0111\u1ed9ng \u1ea5n t\u01b0\u1ee3ng, r\u1ea5t quan tr\u1ecdng cho c\u00e1c \u1ee9ng d\u1ee5ng \u0111\u00f2i h\u1ecfi t\u1ea7m v\u1edbi ho\u1eb7c chuy\u1ec3n \u0111\u1ed9ng m\u1edf r\u1ed9ng. V\u1edbi kh\u1ea3 n\u0103ng h\u00e0nh tr\u00ecnh ho\u1ea1t \u0111\u1ed9ng d\u00e0i, n\u00f3 mang l\u1ea1i t\u00ednh linh ho\u1ea1t v\u00e0 ch\u1ee9c n\u0103ng v\u01b0\u1ee3t tr\u1ed9i, l\u00fd t\u01b0\u1edfng cho xe k\u00e9o v\u00e0 c\u00e1c thi\u1ebft b\u1ecb t\u01b0\u01a1ng t\u1ef1 kh\u00e1c.<\/li>\n<li><strong>C\u00f4ng su\u1ea5t th\u1ee7y l\u1ef1c:<\/strong> Xy lanh s\u1eed d\u1ee5ng n\u0103ng l\u01b0\u1ee3ng th\u1ee7y l\u1ef1c \u0111\u1ec3 t\u1ea1o ra l\u1ef1c v\u00e0 chuy\u1ec3n \u0111\u1ed9ng. N\u00f3 ho\u1ea1t \u0111\u1ed9ng b\u1eb1ng c\u00e1ch t\u1eadn d\u1ee5ng \u00e1p su\u1ea5t do ch\u1ea5t l\u1ecfng th\u1ee7y l\u1ef1c, th\u01b0\u1eddng l\u00e0 d\u1ea7u, t\u1ea1o ra \u0111\u1ec3 di chuy\u1ec3n c\u1ea7n piston theo h\u01b0\u1edbng tuy\u1ebfn t\u00ednh. C\u01a1 ch\u1ebf n\u00e0y \u0111\u1ea3m b\u1ea3o chuy\u1ec3n \u0111\u1ed9ng tr\u01a1n tru v\u00e0 c\u00f3 ki\u1ec3m so\u00e1t, cho ph\u00e9p v\u1eadn h\u00e0nh ch\u00ednh x\u00e1c v\u00e0 hi\u1ec7u qu\u1ea3.<\/li>\n<li><strong>Ch\u1ea5t l\u01b0\u1ee3ng tuy\u1ec7t v\u1eddi:<\/strong> Xy lanh th\u1ee7y l\u1ef1c h\u00e0nh tr\u00ecnh d\u00e0i ch\u1ea5t l\u01b0\u1ee3ng cao cho r\u01a1 mo\u00f3c \u0111\u01b0\u1ee3c s\u1ea3n xu\u1ea5t b\u1eb1ng v\u1eadt li\u1ec7u ch\u1ea5t l\u01b0\u1ee3ng cao v\u00e0 quy tr\u00ecnh s\u1ea3n xu\u1ea5t ch\u00ednh x\u00e1c. \u0110i\u1ec1u n\u00e0y \u0111\u1ea3m b\u1ea3o \u0111\u1ed9 b\u1ec1n, \u0111\u1ed9 tin c\u1eady v\u00e0 tu\u1ed5i th\u1ecd c\u1ee7a s\u1ea3n ph\u1ea9m, ngay c\u1ea3 trong \u0111i\u1ec1u ki\u1ec7n v\u1eadn h\u00e0nh kh\u1eafc nghi\u1ec7t. S\u1ea3n ph\u1ea9m \u0111\u01b0\u1ee3c thi\u1ebft k\u1ebf \u0111\u1ec3 ch\u1ecbu \u0111\u01b0\u1ee3c t\u1ea3i tr\u1ecdng n\u1eb7ng, rung \u0111\u1ed9ng v\u00e0 m\u00f4i tr\u01b0\u1eddng kh\u1eafc nghi\u1ec7t.<\/li>\n<li><strong>T\u00ednh linh ho\u1ea1t c\u1ee7a \u1ee9ng d\u1ee5ng:<\/strong> Lo\u1ea1i xi lanh n\u00e0y \u0111\u01b0\u1ee3c s\u1eed d\u1ee5ng r\u1ed9ng r\u00e3i trong nhi\u1ec1u \u1ee9ng d\u1ee5ng \u0111\u00f2i h\u1ecfi h\u00e0nh tr\u00ecnh piston d\u00e0i, ch\u1eb3ng h\u1ea1n nh\u01b0 xe k\u00e9o d\u00f9ng cho m\u1ee5c \u0111\u00edch v\u1eadn chuy\u1ec3n, x\u00e2y d\u1ef1ng ho\u1eb7c n\u00f4ng nghi\u1ec7p. N\u00f3 cung c\u1ea5p c\u00f4ng su\u1ea5t v\u00e0 hi\u1ec7u su\u1ea5t c\u1ea7n thi\u1ebft \u0111\u1ec3 x\u1eed l\u00fd c\u00e1c nhi\u1ec7m v\u1ee5 kh\u00e1c nhau m\u1ed9t c\u00e1ch hi\u1ec7u qu\u1ea3.<\/li>\n<\/ol>\n<p>T\u00f3m l\u1ea1i, xi lanh th\u1ee7y l\u1ef1c d\u1ea1ng \u1ed1ng l\u1ed3ng ng\u01b0\u1ee3c, \u0111\u1eb7c bi\u1ec7t l\u00e0 Xi lanh th\u1ee7y l\u1ef1c h\u00e0nh tr\u00ecnh d\u00e0i ch\u1ea5t l\u01b0\u1ee3ng cao cho r\u01a1 mo\u00f3c, mang l\u1ea1i hi\u1ec7u su\u1ea5t v\u00e0 t\u00ednh linh ho\u1ea1t v\u01b0\u1ee3t tr\u1ed9i. Thi\u1ebft k\u1ebf ti\u00ean ti\u1ebfn, kh\u1ea3 n\u0103ng h\u00e0nh tr\u00ecnh d\u00e0i, c\u00f4ng su\u1ea5t th\u1ee7y l\u1ef1c, ch\u1ea5t l\u01b0\u1ee3ng tuy\u1ec7t h\u1ea3o v\u00e0 t\u00ednh linh ho\u1ea1t trong \u1ee9ng d\u1ee5ng khi\u1ebfn n\u00f3 tr\u1edf th\u00e0nh l\u1ef1a ch\u1ecdn \u0111\u00e1ng tin c\u1eady v\u00e0 hi\u1ec7u qu\u1ea3 cho nhi\u1ec1u nhi\u1ec7m v\u1ee5 li\u00ean quan \u0111\u1ebfn r\u01a1 mo\u00f3c. D\u00f9 l\u00e0 v\u1eadn chuy\u1ec3n h\u00e0ng h\u00f3a, d\u1ef1 \u00e1n x\u00e2y d\u1ef1ng hay ho\u1ea1t \u0111\u1ed9ng n\u00f4ng nghi\u1ec7p, xi lanh n\u00e0y \u0111\u1ec1u cung c\u1ea5p l\u1ef1c v\u00e0 chuy\u1ec3n \u0111\u1ed9ng c\u1ea7n thi\u1ebft \u0111\u1ec3 \u0111\u1ea1t hi\u1ec7u su\u1ea5t t\u1ed1i \u01b0u.<\/p>\n<h3>Gi\u1edbi thi\u1ec7u v\u1ec1 FMP \u2013 Xi lanh th\u1ee7y l\u1ef1c<\/h3>\n<p>T\u1ea1i FMP, ch\u00fang t\u00f4i chuy\u00ean b\u00e1n v\u00e0 b\u1ea3o d\u01b0\u1ee1ng c\u00e1c ph\u1ee5 t\u00f9ng m\u00e1y m\u00f3c x\u00e2y d\u1ef1ng v\u00e0 m\u00e1y m\u00f3c ho\u00e0n ch\u1ec9nh ch\u1ea5t l\u01b0\u1ee3ng cao. Xi lanh th\u1ee7y l\u1ef1c c\u1ee7a ch\u00fang t\u00f4i l\u00e0 m\u1ed9t trong nh\u1eefng s\u1ea3n ph\u1ea9m ph\u1ed5 bi\u1ebfn nh\u1ea5t c\u1ee7a ch\u00fang t\u00f4i, v\u00e0 \u0111i\u1ec1u n\u00e0y ho\u00e0n to\u00e0n c\u00f3 l\u00fd do. D\u01b0\u1edbi \u0111\u00e2y l\u00e0 n\u0103m l\u00fd do t\u1ea1i sao xi lanh th\u1ee7y l\u1ef1c c\u1ee7a FMP l\u00e0 l\u1ef1a ch\u1ecdn t\u1ed1t nh\u1ea5t cho nhu c\u1ea7u m\u00e1y m\u00f3c x\u00e2y d\u1ef1ng c\u1ee7a b\u1ea1n:<\/p>\n<p>1. <strong>V\u1eadt li\u1ec7u ch\u1ea5t l\u01b0\u1ee3ng h\u00e0ng \u0111\u1ea7u<\/strong>:Xi lanh th\u1ee7y l\u1ef1c c\u1ee7a ch\u00fang t\u00f4i \u0111\u01b0\u1ee3c l\u00e0m t\u1eeb v\u1eadt li\u1ec7u b\u1ec1n v\u00e0 \u0111\u00e1ng tin c\u1eady, \u0111\u1ea3m b\u1ea3o hi\u1ec7u su\u1ea5t l\u00e2u d\u00e0i v\u00e0 y\u00eau c\u1ea7u b\u1ea3o tr\u00ec t\u1ed1i thi\u1ec3u.<\/p>\n<p>2. <strong>T\u00f9y ch\u1ecdn c\u00f3 th\u1ec3 t\u00f9y ch\u1ec9nh<\/strong>: Ch\u00fang t\u00f4i cung c\u1ea5p xi lanh lo\u1ea1i ch\u1ed1t c\u00f3 th\u1ec3 \u0111i\u1ec1u ch\u1ec9nh, c\u0169ng nh\u01b0 c\u00e1c t\u00f9y ch\u1ecdn t\u00f9y ch\u1ec9nh kh\u00e1c \u0111\u1ec3 \u0111\u00e1p \u1ee9ng nhu c\u1ea7u c\u1ee5 th\u1ec3 c\u1ee7a b\u1ea1n. V\u1edbi chuy\u00ean m\u00f4n v\u1ec1 ph\u1ee5 t\u00f9ng m\u00e1y m\u00f3c x\u00e2y d\u1ef1ng, ch\u00fang t\u00f4i c\u00f3 th\u1ec3 h\u1ee3p t\u00e1c v\u1edbi b\u1ea1n \u0111\u1ec3 t\u00ecm ra gi\u1ea3i ph\u00e1p t\u1ed1t nh\u1ea5t cho thi\u1ebft b\u1ecb c\u1ee7a b\u1ea1n.<\/p>\n<p>3. <strong>\u0110\u1ed9i ng\u0169 chuy\u00ean gia<\/strong>: \u0110\u1ed9i ng\u0169 b\u00e1n h\u00e0ng gi\u00e0u kinh nghi\u1ec7m v\u00e0 k\u1ef9 n\u0103ng c\u1ee7a ch\u00fang t\u00f4i am hi\u1ec3u c\u00e1c xu h\u01b0\u1edbng m\u1edbi nh\u1ea5t trong ng\u00e0nh v\u00e0 nhu c\u1ea7u c\u1ee7a kh\u00e1ch h\u00e0ng trong ng\u00e0nh m\u00e1y m\u00f3c x\u00e2y d\u1ef1ng. H\u1ecd c\u00f3 th\u1ec3 t\u01b0 v\u1ea5n s\u1ea3n ph\u1ea9m chuy\u00ean nghi\u1ec7p v\u00e0 \u0111\u01b0a ra nh\u1eefng g\u1ee3i \u00fd mua h\u00e0ng th\u00f4ng minh, gi\u00fap b\u1ea1n \u0111\u01b0a ra quy\u1ebft \u0111\u1ecbnh t\u1ed1t nh\u1ea5t cho doanh nghi\u1ec7p c\u1ee7a m\u00ecnh.<\/p>\n<p>4. <strong>H\u1eadu c\u1ea7n hi\u1ec7u qu\u1ea3<\/strong>: Ch\u00fang t\u00f4i c\u00f3 h\u1ec7 th\u1ed1ng ph\u00e2n ph\u1ed1i h\u1eadu c\u1ea7n hi\u1ec7u qu\u1ea3 \u0111\u1ec3 \u0111\u1ea3m b\u1ea3o kh\u00e1ch h\u00e0ng nh\u1eadn \u0111\u01b0\u1ee3c c\u00e1c ph\u1ee5 t\u00f9ng c\u1ea7n thi\u1ebft m\u1ed9t c\u00e1ch k\u1ecbp th\u1eddi v\u00e0 ch\u00ednh x\u00e1c. \u0110i\u1ec1u n\u00e0y \u0111\u1ed3ng ngh\u0129a v\u1edbi vi\u1ec7c gi\u1ea3m thi\u1ec3u th\u1eddi gian ng\u1eebng ho\u1ea1t \u0111\u1ed9ng c\u1ee7a m\u00e1y m\u00f3c x\u00e2y d\u1ef1ng v\u00e0 \u0111\u1ea3m b\u1ea3o ho\u1ea1t \u0111\u1ed9ng kinh doanh th\u00f4ng su\u1ed1t.<\/p>\n<p>5. <strong>Ki\u1ec3m so\u00e1t ch\u1ea5t l\u01b0\u1ee3ng nghi\u00eam ng\u1eb7t<\/strong>:Ch\u00fang t\u00f4i thi\u1ebft l\u1eadp m\u1ed1i quan h\u1ec7 h\u1ee3p t\u00e1c l\u00e2u d\u00e0i v\u00e0 \u1ed5n \u0111\u1ecbnh v\u1edbi nhi\u1ec1u nh\u00e0 cung c\u1ea5p ch\u1ea5t l\u01b0\u1ee3ng cao trong v\u00e0 ngo\u00e0i n\u01b0\u1edbc, \u0111\u1ea3m b\u1ea3o r\u1eb1ng t\u1ea5t c\u1ea3 c\u00e1c b\u1ed9 ph\u1eadn \u0111\u01b0\u1ee3c cung c\u1ea5p, bao g\u1ed3m c\u1ea3 Xi lanh th\u1ee7y l\u1ef1c c\u1ee7a ch\u00fang t\u00f4i, \u0111\u1ec1u \u0111\u00e1p \u1ee9ng c\u00e1c ti\u00eau chu\u1ea9n ch\u1ea5t l\u01b0\u1ee3ng nghi\u00eam ng\u1eb7t.<\/p>\n<p>V\u1edbi Xi lanh th\u1ee7y l\u1ef1c FMP, b\u1ea1n c\u00f3 th\u1ec3 ho\u00e0n to\u00e0n y\u00ean t\u00e2m v\u1ec1 ch\u1ea5t l\u01b0\u1ee3ng v\u00e0 \u0111\u1ed9 tin c\u1eady c\u1ee7a m\u00e1y m\u00f3c x\u00e2y d\u1ef1ng. H\u00e3y li\u00ean h\u1ec7 v\u1edbi ch\u00fang t\u00f4i ngay h\u00f4m nay \u0111\u1ec3 t\u00ecm hi\u1ec3u th\u00eam v\u1ec1 s\u1ea3n ph\u1ea9m v\u00e0 c\u00e1ch ch\u00fang t\u00f4i c\u00f3 th\u1ec3 gi\u00fap b\u1ea1n t\u00ecm ra gi\u1ea3i ph\u00e1p t\u1ed1t nh\u1ea5t cho nhu c\u1ea7u kinh doanh c\u1ee7a m\u00ecnh.<\/p>\n<p><img decoding=\"async\" src=\"https:\/\/fmp-components.com\/wp-content\/uploads\/2024\/12\/Adjustable-Clevis-Type-Cylinders-6.webp\" alt=\"Xi lanh lo\u1ea1i Clevis c\u00f3 th\u1ec3 \u0111i\u1ec1u ch\u1ec9nh\" width=\"853\" title=\"\"><br \/>\nT\u00e1c gi\u1ea3: CX<\/p>","protected":false},"excerpt":{"rendered":"<p>The Excellent Quality Trailer Long Stroke Cylinder Hydraulic for Trailer is a must-have for any trailer owner. This hydraulic cylinder boasts superior quality and durability, making it the perfect choice for heavy-duty applications. Crafted from high-quality materials, this hydraulic cylinder is designed to withstand the rigors of daily use. Its long stroke design provides exceptional [&hellip;]<\/p>","protected":false},"featured_media":1716,"comment_status":"closed","ping_status":"closed","template":"","meta":{"_et_pb_use_builder":"","_et_pb_old_content":"","_et_gb_content_width":""},"product_brand":[],"product_cat":[45],"product_tag":[34,48],"class_list":{"0":"post-1715","1":"product","2":"type-product","3":"status-publish","4":"has-post-thumbnail","6":"product_cat-inverted-telescopic-cylinder","7":"product_tag-hydraulic-cylinder","8":"product_tag-inverted-telescopic-cylinder","10":"first","11":"instock","12":"product-type-simple"},"_links":{"self":[{"href":"https:\/\/fmp-components.com\/vi\/wp-json\/wp\/v2\/product\/1715","targetHints":{"allow":["GET"]}}],"collection":[{"href":"https:\/\/fmp-components.com\/vi\/wp-json\/wp\/v2\/product"}],"about":[{"href":"https:\/\/fmp-components.com\/vi\/wp-json\/wp\/v2\/types\/product"}],"replies":[{"embeddable":true,"href":"https:\/\/fmp-components.com\/vi\/wp-json\/wp\/v2\/comments?post=1715"}],"wp:featuredmedia":[{"embeddable":true,"href":"https:\/\/fmp-components.com\/vi\/wp-json\/wp\/v2\/media\/1716"}],"wp:attachment":[{"href":"https:\/\/fmp-components.com\/vi\/wp-json\/wp\/v2\/media?parent=1715"}],"wp:term":[{"taxonomy":"product_brand","embeddable":true,"href":"https:\/\/fmp-components.com\/vi\/wp-json\/wp\/v2\/product_brand?post=1715"},{"taxonomy":"product_cat","embeddable":true,"href":"https:\/\/fmp-components.com\/vi\/wp-json\/wp\/v2\/product_cat?post=1715"},{"taxonomy":"product_tag","embeddable":true,"href":"https:\/\/fmp-components.com\/vi\/wp-json\/wp\/v2\/product_tag?post=1715"}],"curies":[{"name":"wp","href":"https:\/\/api.w.org\/{rel}","templated":true}]}}