{"id":1709,"date":"2024-12-23T07:01:59","date_gmt":"2024-12-23T07:01:59","guid":{"rendered":"https:\/\/fmp-components.com\/product\/professional-craftsmanship-customized-mini-hydraulic-cylinder-for-dump-truck\/"},"modified":"2025-05-10T13:00:55","modified_gmt":"2025-05-10T13:00:55","slug":"professional-craftsmanship-customized-mini-hydraulic-cylinder-for-dump-truck","status":"publish","type":"product","link":"https:\/\/fmp-components.com\/vi\/product\/professional-craftsmanship-customized-mini-hydraulic-cylinder-for-dump-truck\/","title":{"rendered":"Tay ngh\u1ec1 chuy\u00ean nghi\u1ec7p Xi lanh th\u1ee7y l\u1ef1c mini t\u00f9y ch\u1ec9nh cho xe ben"},"content":{"rendered":"<h2>Xi lanh th\u1ee7y l\u1ef1c mini ch\u1ebf t\u1ea1o th\u1ee7 c\u00f4ng chuy\u00ean nghi\u1ec7p, t\u00f9y ch\u1ec9nh cho xe ben.<\/h2>\n<p>Gi\u1edbi thi\u1ec7u xi lanh th\u1ee7y l\u1ef1c mini chuy\u00ean nghi\u1ec7p cao c\u1ea5p \u0111\u01b0\u1ee3c ch\u1ebf t\u1ea1o theo y\u00eau c\u1ea7u d\u00e0nh cho xe t\u1ea3i ben. Xi lanh th\u1ee7y l\u1ef1c \u0111\u01b0\u1ee3c thi\u1ebft k\u1ebf m\u1edbi v\u00e0 s\u00e1ng t\u1ea1o n\u00e0y l\u00fd t\u01b0\u1edfng cho nhi\u1ec1u ng\u00e0nh c\u00f4ng nghi\u1ec7p kh\u00e1c nhau, bao g\u1ed3m c\u00e1c nh\u00e0 m\u00e1y s\u1ea3n xu\u1ea5t, x\u01b0\u1edfng s\u1eeda ch\u1eefa m\u00e1y m\u00f3c, n\u00f4ng tr\u1ea1i, n\u0103ng l\u01b0\u1ee3ng v\u00e0 khai th\u00e1c m\u1ecf, s\u1ea3n xu\u1ea5t m\u00e1y m\u00f3c v\u00e0 c\u00e1c nh\u00e0 m\u00e1y ch\u1ebf t\u1ea1o m\u00e1y m\u00f3c. Thi\u1ebft b\u1ecb n\u1eb7ng kho\u1ea3ng 43 KG v\u00e0 \u0111\u01b0\u1ee3c b\u1ea3o h\u00e0nh 1 n\u0103m. C\u00e1c b\u1ed9 ph\u1eadn c\u1ed1t l\u00f5i c\u1ee7a n\u00f3 l\u00e0 \u1ed5 bi v\u00e0 xi lanh p\u00edt t\u00f4ng \u0111\u01b0\u1ee3c ch\u1ebf t\u1ea1o v\u1edbi ti\u00eau chu\u1ea9n chuy\u00ean nghi\u1ec7p cao nh\u1ea5t.<\/p>\n<h2>\u0110\u1eb7c \u0111i\u1ec3m c\u1ee7a xi lanh th\u1ee7y l\u1ef1c mini<\/h2>\n<p>Xi lanh th\u1ee7y l\u1ef1c mini c\u1ee7a ch\u00fang t\u00f4i c\u00f3 c\u1ea5u tr\u00fac xi lanh piston ti\u00eau chu\u1ea9n v\u1edbi m\u1ed9t s\u1ed1 t\u00ednh n\u0103ng n\u1ed5i b\u1eadt:<\/p>\n<p><img decoding=\"async\" class=\"aligncenter\" src=\"https:\/\/hzpt.com\/wp-content\/uploads\/2023\/11\/Inverted-Telescopic-Cylinder-18.webp\" alt=\"H\u00ecnh tr\u1ee5 \u1ed1ng l\u1ed3ng ng\u01b0\u1ee3c\" title=\"\"><\/p>\n<ol>\n<li>\n<ol>\n<li><b>Quy\u1ec1n l\u1ef1c:<\/b> N\u00f3 ho\u1ea1t \u0111\u1ed9ng b\u1eb1ng n\u0103ng l\u01b0\u1ee3ng th\u1ee7y l\u1ef1c, \u0111\u1ea3m b\u1ea3o hi\u1ec7u su\u1ea5t cao.<\/li>\n<li><b>V\u1eadt li\u1ec7u th\u00e2n m\u00e1y:<\/b> Th\u00e2n xi lanh \u0111\u01b0\u1ee3c l\u00e0m t\u1eeb th\u00e9p ch\u1ea5t l\u01b0\u1ee3ng cao, \u0111\u1ea3m b\u1ea3o \u0111\u1ed9 b\u1ec1n v\u00e0 s\u1eed d\u1ee5ng l\u00e2u d\u00e0i.<\/li>\n<li><b>L\u1ef1c \u0111\u1ea9y t\u1ed1i \u0111a:<\/b> N\u00f3 s\u1edf h\u1eefu l\u1ef1c \u0111\u1ea9y t\u1ed1i \u0111a 3000, cung c\u1ea5p \u0111\u1ee7 l\u1ef1c cho c\u00e1c c\u00f4ng vi\u1ec7c n\u1eb7ng nh\u1ecdc.<\/li>\n<li><b>Ki\u1ec3u:<\/b> \u0110\u00e2y l\u00e0 m\u1ed9t lo\u1ea1i xi lanh l\u1ed3ng ng\u01b0\u1ee3c, n\u1ed5i ti\u1ebfng v\u1edbi thi\u1ebft k\u1ebf nh\u1ecf g\u1ecdn v\u00e0 hi\u1ec7u su\u1ea5t cao.<\/li>\n<li><b>C\u1ed5ng:<\/b> Xi lanh c\u1ee7a ch\u00fang t\u00f4i c\u00f3 nhi\u1ec1u t\u00f9y ch\u1ecdn c\u1ed5ng \u2013 G, SAE, NPT, M.<\/li>\n<\/ol>\n<\/li>\n<\/ol>\n<h2>\u1ee8ng d\u1ee5ng c\u1ee7a xi lanh th\u1ee7y l\u1ef1c mini<\/h2>\n<p>Xi lanh th\u1ee7y l\u1ef1c mini r\u1ea5t \u0111a n\u0103ng v\u00e0 c\u00f3 th\u1ec3 \u0111\u01b0\u1ee3c s\u1eed d\u1ee5ng trong nhi\u1ec1u \u1ee9ng d\u1ee5ng kh\u00e1c nhau:<\/p>\n<ol>\n<li>Nh\u00e0 m\u00e1y s\u1ea3n xu\u1ea5t: D\u00e0nh cho c\u00e1c ho\u1ea1t \u0111\u1ed9ng v\u1eadn h\u00e0nh m\u00e1y m\u00f3c h\u1ea1ng n\u1eb7ng v\u00e0 d\u00e2y chuy\u1ec1n s\u1ea3n xu\u1ea5t.<\/li>\n<li>X\u01b0\u1edfng s\u1eeda ch\u1eefa m\u00e1y m\u00f3c: Chuy\u00ean s\u1eeda ch\u1eefa v\u00e0 t\u00e2n trang c\u00e1c lo\u1ea1i m\u00e1y m\u00f3c h\u1ea1ng n\u1eb7ng.<\/li>\n<li>Trang tr\u1ea1i: \u0110\u1ec3 v\u1eadn h\u00e0nh m\u00e1y m\u00f3c v\u00e0 thi\u1ebft b\u1ecb n\u00f4ng nghi\u1ec7p.<\/li>\n<li>N\u0103ng l\u01b0\u1ee3ng &amp; Khai th\u00e1c m\u1ecf: D\u00e0nh cho c\u00e1c quy tr\u00ecnh khai th\u00e1c v\u00e0 s\u1ea3n xu\u1ea5t n\u0103ng l\u01b0\u1ee3ng.<\/li>\n<li>S\u1ea3n xu\u1ea5t v\u00e0 l\u1eafp r\u00e1p m\u00e1y m\u00f3c: Chuy\u00ean s\u1ea3n xu\u1ea5t v\u00e0 l\u1eafp r\u00e1p c\u00e1c b\u1ed9 ph\u1eadn m\u00e1y m\u00f3c.<\/li>\n<\/ol>\n<p><img decoding=\"async\" src=\"https:\/\/hzpt.com\/wp-content\/uploads\/2023\/11\/Inverted-Telescopic-Cylinder-Applications.webp\" alt=\"\u1ee8ng d\u1ee5ng c\u1ee7a xi lanh \u1ed1ng l\u1ed3ng ng\u01b0\u1ee3c\" title=\"\"><\/p>\n<h2>Nguy\u00ean l\u00fd ho\u1ea1t \u0111\u1ed9ng v\u00e0 b\u1ea3o d\u01b0\u1ee1ng xi lanh th\u1ee7y l\u1ef1c mini<\/h2>\n<p>Xi lanh th\u1ee7y l\u1ef1c mini ho\u1ea1t \u0111\u1ed9ng d\u1ef1a tr\u00ean nguy\u00ean l\u00fd c\u01a1 h\u1ecdc ch\u1ea5t l\u1ecfng. N\u00f3 s\u1eed d\u1ee5ng ch\u1ea5t l\u1ecfng th\u1ee7y l\u1ef1c \u0111\u1ea7u v\u00e0o \u0111\u1ec3 t\u1ea1o ra l\u1ef1c \u0111\u1ea7u ra th\u00f4ng qua piston. L\u1ef1c n\u00e0y sau \u0111\u00f3 \u0111\u01b0\u1ee3c s\u1eed d\u1ee5ng \u0111\u1ec3 th\u1ef1c hi\u1ec7n c\u00f4ng vi\u1ec7c trong nhi\u1ec1u \u1ee9ng d\u1ee5ng kh\u00e1c nhau. B\u1ea3o tr\u00ec th\u01b0\u1eddng xuy\u00ean r\u1ea5t quan tr\u1ecdng \u0111\u1ed1i v\u1edbi tu\u1ed5i th\u1ecd v\u00e0 hi\u1ec7u su\u1ea5t t\u1ed1i \u01b0u c\u1ee7a xi lanh th\u1ee7y l\u1ef1c mini. \u0110i\u1ec1u n\u00e0y bao g\u1ed3m ki\u1ec3m tra, l\u00e0m s\u1ea1ch, b\u00f4i tr\u01a1n th\u01b0\u1eddng xuy\u00ean, ki\u1ec3m tra v\u00e0 s\u1eeda ch\u1eefa \u0111\u1ecbnh k\u1ef3, thay th\u1ebf gio\u0103ng v\u00e0 tu\u00e2n th\u1ee7 c\u00e1c h\u01b0\u1edbng d\u1eabn trong s\u00e1ch h\u01b0\u1edbng d\u1eabn s\u1eed d\u1ee5ng.<\/p>\n<p><img decoding=\"async\" class=\"aligncenter\" src=\"https:\/\/hzpt.com\/wp-content\/uploads\/2023\/11\/Inverted-Telescopic-Cylinder-15.webp\" alt=\"H\u00ecnh tr\u1ee5 \u1ed1ng l\u1ed3ng ng\u01b0\u1ee3c\" title=\"\"><\/p>\n<h2>H\u00ecnh tr\u1ee5 \u1ed1ng l\u1ed3ng ng\u01b0\u1ee3c<\/h2>\n<p>Xi lanh th\u1ee7y l\u1ef1c mini ch\u1ebf t\u1ea1o th\u1ee7 c\u00f4ng chuy\u00ean nghi\u1ec7p d\u00e0nh cho xe t\u1ea3i t\u1ef1 \u0111\u1ed5, xi lanh d\u1ea1ng \u1ed1ng l\u1ed3ng ng\u01b0\u1ee3c l\u00e0 m\u1ed9t b\u1ed9 ph\u1eadn h\u1ec7 th\u1ed1ng th\u1ee7y l\u1ef1c c\u1ea3i ti\u1ebfn \u0111\u00f3ng vai tr\u00f2 quan tr\u1ecdng trong ho\u1ea1t \u0111\u1ed9ng hi\u1ec7u qu\u1ea3 c\u1ee7a xe t\u1ea3i t\u1ef1 \u0111\u1ed5. V\u1edbi thi\u1ebft k\u1ebf v\u00e0 ch\u1ee9c n\u0103ng \u0111\u1ed9c \u0111\u00e1o, xi lanh n\u00e0y mang l\u1ea1i hi\u1ec7u su\u1ea5t v\u00e0 \u0111\u1ed9 b\u1ec1n cao, tr\u1edf th\u00e0nh l\u1ef1a ch\u1ecdn \u01b0u ti\u00ean cho nhi\u1ec1u \u1ee9ng d\u1ee5ng t\u1ea3i n\u1eb7ng.<\/p>\n<h3>1. Gi\u1edbi thi\u1ec7u v\u1ec1 \u1ed1ng tr\u1ee5 l\u1ed3ng ng\u01b0\u1ee3c<\/h3>\n<p>Xi lanh th\u1ee7y l\u1ef1c d\u1ea1ng \u1ed1ng l\u1ed3ng ng\u01b0\u1ee3c, c\u00f2n \u0111\u01b0\u1ee3c g\u1ecdi l\u00e0 xi lanh th\u1ee7y l\u1ef1c nhi\u1ec1u t\u1ea7ng ho\u1eb7c xi lanh th\u1ee7y l\u1ef1c d\u1ea1ng \u1ed1ng l\u1ed3ng t\u00e1c \u0111\u1ed9ng k\u00e9p, \u0111\u01b0\u1ee3c thi\u1ebft k\u1ebf \u0111\u1eb7c bi\u1ec7t \u0111\u1ec3 cung c\u1ea5p gi\u1ea3i ph\u00e1p nh\u1ecf g\u1ecdn v\u00e0 \u0111\u00e1ng tin c\u1eady cho ho\u1ea1t \u0111\u1ed9ng c\u1ee7a xe t\u1ea3i t\u1ef1 \u0111\u1ed5. Kh\u00f4ng gi\u1ed1ng nh\u01b0 c\u00e1c xi lanh m\u1ed9t t\u1ea7ng truy\u1ec1n th\u1ed1ng, xi lanh n\u00e0y bao g\u1ed3m nhi\u1ec1u t\u1ea7ng l\u1ed3ng v\u00e0o nhau, cho ph\u00e9p chi\u1ec1u d\u00e0i h\u00e0nh tr\u00ecnh l\u1edbn h\u01a1n m\u00e0 kh\u00f4ng l\u00e0m t\u0103ng di\u1ec7n t\u00edch chi\u1ebfm d\u1ee5ng.<\/p>\n<p>Lo\u1ea1i xi lanh n\u00e0y th\u01b0\u1eddng \u0111\u01b0\u1ee3c s\u1eed d\u1ee5ng trong xe t\u1ea3i t\u1ef1 \u0111\u1ed5 \u0111\u1ec3 n\u00e2ng h\u1ea1 th\u00f9ng xe ho\u1eb7c container. N\u00f3 c\u00f3 kh\u1ea3 n\u0103ng t\u1ea1o ra l\u1ef1c m\u1ea1nh trong khi v\u1eabn gi\u1eef \u0111\u01b0\u1ee3c k\u00edch th\u01b0\u1edbc nh\u1ecf g\u1ecdn, l\u00fd t\u01b0\u1edfng cho c\u00e1c \u1ee9ng d\u1ee5ng n\u00e2ng v\u00e0 \u0111\u1ed5 t\u1ea3i n\u1eb7ng.<\/p>\n<h3>2. Thi\u1ebft k\u1ebf v\u00e0 ch\u1ee9c n\u0103ng<\/h3>\n<p>Xi lanh l\u1ed3ng ng\u01b0\u1ee3c bao g\u1ed3m m\u1ed9t lo\u1ea1t c\u00e1c t\u1ea7ng, m\u1ed7i t\u1ea7ng tr\u01b0\u1ee3t v\u00e0o b\u00ean trong t\u1ea7ng tr\u01b0\u1edbc \u0111\u00f3. C\u00e1c t\u1ea7ng \u0111\u01b0\u1ee3c n\u1ed1i v\u1edbi nhau b\u1eb1ng m\u1ed9t thanh piston, thanh n\u00e0y k\u00e9o d\u00e0i v\u00e0 thu ng\u1eafn l\u1ea1i \u0111\u1ec3 \u0111i\u1ec1u khi\u1ec3n chuy\u1ec3n \u0111\u1ed9ng c\u1ee7a xi lanh. T\u1ea7ng ngo\u00e0i c\u00f9ng th\u01b0\u1eddng c\u00f3 \u0111\u01b0\u1eddng k\u00ednh l\u1edbn nh\u1ea5t, trong khi c\u00e1c t\u1ea7ng b\u00ean trong gi\u1ea3m d\u1ea7n k\u00edch th\u01b0\u1edbc.<\/p>\n<p>Khi xi lanh \u0111\u01b0\u1ee3c k\u00e9o d\u00e0i, ch\u1ea5t l\u1ecfng th\u1ee7y l\u1ef1c \u0111i v\u00e0o xi lanh qua c\u1eeda n\u1ea1p, t\u1ea1o \u00e1p su\u1ea5t l\u00ean p\u00edt-t\u00f4ng. \u00c1p su\u1ea5t n\u00e0y l\u00e0m cho p\u00edt-t\u00f4ng v\u00e0 c\u00e1c t\u1ea7ng n\u1ed1i li\u1ec1n di chuy\u1ec3n ra ngo\u00e0i, k\u00e9o d\u00e0i chi\u1ec1u d\u00e0i t\u1ed5ng th\u1ec3 c\u1ee7a xi lanh. Ng\u01b0\u1ee3c l\u1ea1i, khi xi lanh \u0111\u01b0\u1ee3c thu l\u1ea1i, ch\u1ea5t l\u1ecfng th\u1ee7y l\u1ef1c \u0111\u01b0\u1ee3c gi\u1ea3i ph\u00f3ng kh\u1ecfi xi lanh qua c\u1eeda x\u1ea3, cho ph\u00e9p p\u00edt-t\u00f4ng thu l\u1ea1i v\u00e0 c\u00e1c t\u1ea7ng thu g\u1ecdn v\u00e0o nhau.<\/p>\n<p>Thi\u1ebft k\u1ebf \u0111\u1ed9c \u0111\u00e1o n\u00e0y cho ph\u00e9p xi lanh l\u1ed3ng ng\u01b0\u1ee3c c\u00f3 h\u00e0nh tr\u00ecnh d\u00e0i h\u01a1n so v\u1edbi c\u00e1c xi lanh m\u1ed9t t\u1ea7ng truy\u1ec1n th\u1ed1ng, \u0111\u1ed3ng th\u1eddi v\u1eabn duy tr\u00ec k\u00edch th\u01b0\u1edbc nh\u1ecf g\u1ecdn. Ngo\u00e0i ra, c\u00e1ch b\u1ed1 tr\u00ed c\u00e1c t\u1ea7ng d\u1ea1ng l\u1ed3ng gi\u00fap c\u1ea3i thi\u1ec7n \u0111\u1ed9 \u1ed5n \u0111\u1ecbnh v\u00e0 kh\u1ea3 n\u0103ng ch\u1ed1ng ch\u1ecbu t\u1ea3i tr\u1ecdng ngang, \u0111\u1ea3m b\u1ea3o ho\u1ea1t \u0111\u1ed9ng tr\u01a1n tru v\u00e0 hi\u1ec7u qu\u1ea3 ngay c\u1ea3 trong \u0111i\u1ec1u ki\u1ec7n kh\u1eafc nghi\u1ec7t.<\/p>\n<h3>3. L\u1ee3i \u00edch v\u00e0 \u1ee9ng d\u1ee5ng<\/h3>\n<p>Xi lanh l\u1ed3ng ng\u01b0\u1ee3c mang l\u1ea1i m\u1ed9t s\u1ed1 l\u1ee3i \u00edch khi\u1ebfn n\u00f3 tr\u1edf th\u00e0nh l\u1ef1a ch\u1ecdn \u01b0u ti\u00ean cho c\u00e1c \u1ee9ng d\u1ee5ng xe ben:<\/p>\n<ul>\n<li><strong>C\u00f4ng su\u1ea5t \u0111\u1ea7u ra cao:<\/strong> Nh\u1edd thi\u1ebft k\u1ebf nhi\u1ec1u t\u1ea7ng, xi lanh n\u00e0y c\u00f3 th\u1ec3 t\u1ea1o ra l\u1ef1c m\u1ea1nh, th\u00edch h\u1ee3p cho c\u00e1c c\u00f4ng vi\u1ec7c n\u00e2ng v\u00e0 \u0111\u1ed5 v\u1eadt n\u1eb7ng.<\/li>\n<li><strong>K\u00edch th\u01b0\u1edbc nh\u1ecf g\u1ecdn:<\/strong> C\u1ea5u tr\u00fac l\u1ed3ng nhau c\u1ee7a c\u00e1c t\u1ea7ng cho ph\u00e9p xi lanh c\u00f3 h\u00e0nh tr\u00ecnh d\u00e0i h\u01a1n m\u00e0 kh\u00f4ng chi\u1ebfm qu\u00e1 nhi\u1ec1u kh\u00f4ng gian, l\u00fd t\u01b0\u1edfng cho c\u00e1c lo\u1ea1i xe c\u00f3 kh\u00f4ng gian l\u1eafp \u0111\u1eb7t h\u1ea1n ch\u1ebf.<\/li>\n<li><strong>C\u1ea3i thi\u1ec7n \u0111\u1ed9 \u1ed5n \u0111\u1ecbnh:<\/strong> Thi\u1ebft k\u1ebf d\u1ea1ng \u1ed1ng l\u1ed3ng mang l\u1ea1i s\u1ef1 \u1ed5n \u0111\u1ecbnh v\u00e0 kh\u1ea3 n\u0103ng ch\u1ed1ng ch\u1ecbu t\u1ea3i tr\u1ecdng ngang t\u1ed1t h\u01a1n, \u0111\u1ea3m b\u1ea3o ho\u1ea1t \u0111\u1ed9ng tr\u01a1n tru v\u00e0 ch\u00ednh x\u00e1c.<\/li>\n<li><strong>B\u1ec1n b\u1ec9 v\u00e0 \u0111\u00e1ng tin c\u1eady:<\/strong> \u0110\u01b0\u1ee3c ch\u1ebf t\u1ea1o v\u1edbi tay ngh\u1ec1 chuy\u00ean nghi\u1ec7p, xi lanh n\u00e0y \u0111\u01b0\u1ee3c thi\u1ebft k\u1ebf \u0111\u1ec3 ch\u1ecbu \u0111\u01b0\u1ee3c c\u00e1c \u0111i\u1ec1u ki\u1ec7n kh\u1eafc nghi\u1ec7t v\u00e0 s\u1eed d\u1ee5ng nhi\u1ec1u, mang l\u1ea1i hi\u1ec7u su\u1ea5t l\u00e2u d\u00e0i.<\/li>\n<\/ul>\n<p>Ngo\u00e0i xe t\u1ea3i t\u1ef1 \u0111\u1ed5, xi lanh l\u1ed3ng ng\u01b0\u1ee3c c\u00f2n \u0111\u01b0\u1ee3c s\u1eed d\u1ee5ng trong nhi\u1ec1u \u1ee9ng d\u1ee5ng c\u00f4ng nghi\u1ec7p kh\u00e1c, bao g\u1ed3m thi\u1ebft b\u1ecb x\u1eed l\u00fd v\u1eadt li\u1ec7u, m\u00e1y m\u00f3c n\u00f4ng nghi\u1ec7p v\u00e0 thi\u1ebft b\u1ecb x\u00e2y d\u1ef1ng.<\/p>\n<p>T\u00f3m l\u1ea1i, xi lanh th\u1ee7y l\u1ef1c d\u1ea1ng \u1ed1ng l\u1ed3ng ng\u01b0\u1ee3c l\u00e0 m\u1ed9t b\u1ed9 ph\u1eadn h\u1ec7 th\u1ed1ng th\u1ee7y l\u1ef1c \u0111a n\u0103ng v\u00e0 hi\u1ec7u qu\u1ea3, mang l\u1ea1i hi\u1ec7u su\u1ea5t v\u00e0 \u0111\u1ed9 b\u1ec1n cao. Thi\u1ebft k\u1ebf v\u00e0 ch\u1ee9c n\u0103ng \u0111\u1ed9c \u0111\u00e1o c\u1ee7a n\u00f3 l\u00e0m cho n\u00f3 tr\u1edf th\u00e0nh l\u1ef1a ch\u1ecdn tuy\u1ec7t v\u1eddi cho ho\u1ea1t \u0111\u1ed9ng xe ben v\u00e0 c\u00e1c \u1ee9ng d\u1ee5ng h\u1ea1ng n\u1eb7ng kh\u00e1c. V\u1edbi tay ngh\u1ec1 chuy\u00ean nghi\u1ec7p v\u00e0 ph\u01b0\u01a1ng ph\u00e1p ti\u1ebfp c\u1eadn t\u00f9y ch\u1ec9nh, xi lanh n\u00e0y \u0111\u1ea3m b\u1ea3o hi\u1ec7u su\u1ea5t v\u00e0 \u0111\u1ed9 tin c\u1eady t\u1ed1i \u01b0u trong m\u00f4i tr\u01b0\u1eddng kh\u1eafc nghi\u1ec7t.<\/p>\n<h3>Gi\u1edbi thi\u1ec7u v\u1ec1 FMP \u2013 Xi lanh th\u1ee7y l\u1ef1c<\/h3>\n<p>T\u1ea1i FMP, ch\u00fang t\u00f4i chuy\u00ean b\u00e1n v\u00e0 b\u1ea3o d\u01b0\u1ee1ng c\u00e1c ph\u1ee5 t\u00f9ng m\u00e1y m\u00f3c x\u00e2y d\u1ef1ng v\u00e0 m\u00e1y m\u00f3c ho\u00e0n ch\u1ec9nh ch\u1ea5t l\u01b0\u1ee3ng cao. Xi lanh th\u1ee7y l\u1ef1c c\u1ee7a ch\u00fang t\u00f4i l\u00e0 m\u1ed9t trong nh\u1eefng s\u1ea3n ph\u1ea9m ph\u1ed5 bi\u1ebfn nh\u1ea5t c\u1ee7a ch\u00fang t\u00f4i, v\u00e0 \u0111i\u1ec1u n\u00e0y ho\u00e0n to\u00e0n c\u00f3 l\u00fd do. D\u01b0\u1edbi \u0111\u00e2y l\u00e0 n\u0103m l\u00fd do t\u1ea1i sao xi lanh th\u1ee7y l\u1ef1c c\u1ee7a FMP l\u00e0 l\u1ef1a ch\u1ecdn t\u1ed1t nh\u1ea5t cho nhu c\u1ea7u m\u00e1y m\u00f3c x\u00e2y d\u1ef1ng c\u1ee7a b\u1ea1n:<\/p>\n<p>1. <strong>V\u1eadt li\u1ec7u ch\u1ea5t l\u01b0\u1ee3ng h\u00e0ng \u0111\u1ea7u<\/strong>:Xi lanh th\u1ee7y l\u1ef1c c\u1ee7a ch\u00fang t\u00f4i \u0111\u01b0\u1ee3c l\u00e0m t\u1eeb v\u1eadt li\u1ec7u b\u1ec1n v\u00e0 \u0111\u00e1ng tin c\u1eady, \u0111\u1ea3m b\u1ea3o hi\u1ec7u su\u1ea5t l\u00e2u d\u00e0i v\u00e0 y\u00eau c\u1ea7u b\u1ea3o tr\u00ec t\u1ed1i thi\u1ec3u.<\/p>\n<p>2. <strong>T\u00f9y ch\u1ecdn c\u00f3 th\u1ec3 t\u00f9y ch\u1ec9nh<\/strong>: Ch\u00fang t\u00f4i cung c\u1ea5p xi lanh lo\u1ea1i ch\u1ed1t c\u00f3 th\u1ec3 \u0111i\u1ec1u ch\u1ec9nh, c\u0169ng nh\u01b0 c\u00e1c t\u00f9y ch\u1ecdn t\u00f9y ch\u1ec9nh kh\u00e1c \u0111\u1ec3 \u0111\u00e1p \u1ee9ng nhu c\u1ea7u c\u1ee5 th\u1ec3 c\u1ee7a b\u1ea1n. V\u1edbi chuy\u00ean m\u00f4n v\u1ec1 ph\u1ee5 t\u00f9ng m\u00e1y m\u00f3c x\u00e2y d\u1ef1ng, ch\u00fang t\u00f4i c\u00f3 th\u1ec3 h\u1ee3p t\u00e1c v\u1edbi b\u1ea1n \u0111\u1ec3 t\u00ecm ra gi\u1ea3i ph\u00e1p t\u1ed1t nh\u1ea5t cho thi\u1ebft b\u1ecb c\u1ee7a b\u1ea1n.<\/p>\n<p>3. <strong>\u0110\u1ed9i ng\u0169 chuy\u00ean gia<\/strong>: \u0110\u1ed9i ng\u0169 b\u00e1n h\u00e0ng gi\u00e0u kinh nghi\u1ec7m v\u00e0 k\u1ef9 n\u0103ng c\u1ee7a ch\u00fang t\u00f4i am hi\u1ec3u c\u00e1c xu h\u01b0\u1edbng m\u1edbi nh\u1ea5t trong ng\u00e0nh v\u00e0 nhu c\u1ea7u c\u1ee7a kh\u00e1ch h\u00e0ng trong ng\u00e0nh m\u00e1y m\u00f3c x\u00e2y d\u1ef1ng. H\u1ecd c\u00f3 th\u1ec3 t\u01b0 v\u1ea5n s\u1ea3n ph\u1ea9m chuy\u00ean nghi\u1ec7p v\u00e0 \u0111\u01b0a ra nh\u1eefng g\u1ee3i \u00fd mua h\u00e0ng th\u00f4ng minh, gi\u00fap b\u1ea1n \u0111\u01b0a ra quy\u1ebft \u0111\u1ecbnh t\u1ed1t nh\u1ea5t cho doanh nghi\u1ec7p c\u1ee7a m\u00ecnh.<\/p>\n<p>4. <strong>H\u1eadu c\u1ea7n hi\u1ec7u qu\u1ea3<\/strong>: Ch\u00fang t\u00f4i c\u00f3 h\u1ec7 th\u1ed1ng ph\u00e2n ph\u1ed1i h\u1eadu c\u1ea7n hi\u1ec7u qu\u1ea3 \u0111\u1ec3 \u0111\u1ea3m b\u1ea3o kh\u00e1ch h\u00e0ng nh\u1eadn \u0111\u01b0\u1ee3c c\u00e1c ph\u1ee5 t\u00f9ng c\u1ea7n thi\u1ebft m\u1ed9t c\u00e1ch k\u1ecbp th\u1eddi v\u00e0 ch\u00ednh x\u00e1c. \u0110i\u1ec1u n\u00e0y \u0111\u1ed3ng ngh\u0129a v\u1edbi vi\u1ec7c gi\u1ea3m thi\u1ec3u th\u1eddi gian ng\u1eebng ho\u1ea1t \u0111\u1ed9ng c\u1ee7a m\u00e1y m\u00f3c x\u00e2y d\u1ef1ng v\u00e0 \u0111\u1ea3m b\u1ea3o ho\u1ea1t \u0111\u1ed9ng kinh doanh th\u00f4ng su\u1ed1t.<\/p>\n<p>5. <strong>Ki\u1ec3m so\u00e1t ch\u1ea5t l\u01b0\u1ee3ng nghi\u00eam ng\u1eb7t<\/strong>:Ch\u00fang t\u00f4i thi\u1ebft l\u1eadp m\u1ed1i quan h\u1ec7 h\u1ee3p t\u00e1c l\u00e2u d\u00e0i v\u00e0 \u1ed5n \u0111\u1ecbnh v\u1edbi nhi\u1ec1u nh\u00e0 cung c\u1ea5p ch\u1ea5t l\u01b0\u1ee3ng cao trong v\u00e0 ngo\u00e0i n\u01b0\u1edbc, \u0111\u1ea3m b\u1ea3o r\u1eb1ng t\u1ea5t c\u1ea3 c\u00e1c b\u1ed9 ph\u1eadn \u0111\u01b0\u1ee3c cung c\u1ea5p, bao g\u1ed3m c\u1ea3 Xi lanh th\u1ee7y l\u1ef1c c\u1ee7a ch\u00fang t\u00f4i, \u0111\u1ec1u \u0111\u00e1p \u1ee9ng c\u00e1c ti\u00eau chu\u1ea9n ch\u1ea5t l\u01b0\u1ee3ng nghi\u00eam ng\u1eb7t.<\/p>\n<p>V\u1edbi Xi lanh th\u1ee7y l\u1ef1c FMP, b\u1ea1n c\u00f3 th\u1ec3 ho\u00e0n to\u00e0n y\u00ean t\u00e2m v\u1ec1 ch\u1ea5t l\u01b0\u1ee3ng v\u00e0 \u0111\u1ed9 tin c\u1eady c\u1ee7a m\u00e1y m\u00f3c x\u00e2y d\u1ef1ng. H\u00e3y li\u00ean h\u1ec7 v\u1edbi ch\u00fang t\u00f4i ngay h\u00f4m nay \u0111\u1ec3 t\u00ecm hi\u1ec3u th\u00eam v\u1ec1 s\u1ea3n ph\u1ea9m v\u00e0 c\u00e1ch ch\u00fang t\u00f4i c\u00f3 th\u1ec3 gi\u00fap b\u1ea1n t\u00ecm ra gi\u1ea3i ph\u00e1p t\u1ed1t nh\u1ea5t cho nhu c\u1ea7u kinh doanh c\u1ee7a m\u00ecnh.<\/p>\n<p><img decoding=\"async\" class=\"aligncenter\" src=\"https:\/\/fmp-components.com\/wp-content\/uploads\/2024\/12\/Adjustable-Clevis-Type-Cylinders-6.webp\" alt=\"Xi lanh lo\u1ea1i Clevis c\u00f3 th\u1ec3 \u0111i\u1ec1u ch\u1ec9nh\" width=\"853\" title=\"\"><br \/>\nT\u00e1c gi\u1ea3: CX<\/p>","protected":false},"excerpt":{"rendered":"<p>Professional Craftsmanship Customized Mini Hydraulic Cylinder for Dump Trucks Introducing our top-of-the-line Professional Craftsmanship Customized Mini Hydraulic Cylinder for Dump Trucks. This new and innovatively designed hydraulic cylinder is ideal for various industries including manufacturing plants, machinery repair shops, farms, energy and mining, machinery manufacturing, and machinery factories. The equipment weighs approximately 43 KG and [&hellip;]<\/p>","protected":false},"featured_media":1710,"comment_status":"closed","ping_status":"closed","template":"","meta":{"_et_pb_use_builder":"","_et_pb_old_content":"","_et_gb_content_width":""},"product_brand":[],"product_cat":[45],"product_tag":[34,48],"class_list":{"0":"post-1709","1":"product","2":"type-product","3":"status-publish","4":"has-post-thumbnail","6":"product_cat-inverted-telescopic-cylinder","7":"product_tag-hydraulic-cylinder","8":"product_tag-inverted-telescopic-cylinder","10":"first","11":"instock","12":"product-type-simple"},"_links":{"self":[{"href":"https:\/\/fmp-components.com\/vi\/wp-json\/wp\/v2\/product\/1709","targetHints":{"allow":["GET"]}}],"collection":[{"href":"https:\/\/fmp-components.com\/vi\/wp-json\/wp\/v2\/product"}],"about":[{"href":"https:\/\/fmp-components.com\/vi\/wp-json\/wp\/v2\/types\/product"}],"replies":[{"embeddable":true,"href":"https:\/\/fmp-components.com\/vi\/wp-json\/wp\/v2\/comments?post=1709"}],"wp:featuredmedia":[{"embeddable":true,"href":"https:\/\/fmp-components.com\/vi\/wp-json\/wp\/v2\/media\/1710"}],"wp:attachment":[{"href":"https:\/\/fmp-components.com\/vi\/wp-json\/wp\/v2\/media?parent=1709"}],"wp:term":[{"taxonomy":"product_brand","embeddable":true,"href":"https:\/\/fmp-components.com\/vi\/wp-json\/wp\/v2\/product_brand?post=1709"},{"taxonomy":"product_cat","embeddable":true,"href":"https:\/\/fmp-components.com\/vi\/wp-json\/wp\/v2\/product_cat?post=1709"},{"taxonomy":"product_tag","embeddable":true,"href":"https:\/\/fmp-components.com\/vi\/wp-json\/wp\/v2\/product_tag?post=1709"}],"curies":[{"name":"wp","href":"https:\/\/api.w.org\/{rel}","templated":true}]}}