{"id":1707,"date":"2024-12-23T07:01:59","date_gmt":"2024-12-23T07:01:59","guid":{"rendered":"https:\/\/fmp-components.com\/product\/professional-small-telescopic-double-acting-dump-truck-hydraulic-ram-cylinder\/"},"modified":"2025-03-11T06:02:23","modified_gmt":"2025-03-11T06:02:23","slug":"professional-small-telescopic-double-acting-dump-truck-hydraulic-ram-cylinder","status":"publish","type":"product","link":"https:\/\/fmp-components.com\/vi\/product\/professional-small-telescopic-double-acting-dump-truck-hydraulic-ram-cylinder\/","title":{"rendered":"Xi lanh th\u1ee7y l\u1ef1c xe ben t\u00e1c \u0111\u1ed9ng k\u00e9p d\u1ea1ng \u1ed1ng l\u1ed3ng nh\u1ecf chuy\u00ean nghi\u1ec7p"},"content":{"rendered":"<p>Xi lanh th\u1ee7y l\u1ef1c chuy\u00ean d\u1ee5ng cho xe ben c\u1ee1 nh\u1ecf, t\u00e1c \u0111\u1ed9ng k\u00e9p l\u00e0 s\u1ea3n ph\u1ea9m ch\u1ea5t l\u01b0\u1ee3ng cao, \u0111\u01b0\u1ee3c thi\u1ebft k\u1ebf \u0111\u1ec3 mang l\u1ea1i hi\u1ec7u su\u1ea5t l\u00e0m vi\u1ec7c hi\u1ec7u qu\u1ea3 v\u00e0 \u0111\u00e1ng tin c\u1eady. Xi lanh th\u1ee7y l\u1ef1c n\u00e0y \u0111\u01b0\u1ee3c thi\u1ebft k\u1ebf \u0111\u1eb7c bi\u1ec7t cho xe ben v\u00e0 c\u00f3 thi\u1ebft k\u1ebf t\u00e1c \u0111\u1ed9ng k\u00e9p, \u0111\u1ea3m b\u1ea3o v\u1eadn h\u00e0nh tr\u01a1n tru v\u00e0 \u1ed5n \u0111\u1ecbnh.<\/p>\n<p>\u0110\u01b0\u1ee3c ch\u1ebf t\u1ea1o t\u1eeb v\u1eadt li\u1ec7u b\u1ec1n b\u1ec9, xi lanh th\u1ee7y l\u1ef1c n\u00e0y \u0111\u01b0\u1ee3c thi\u1ebft k\u1ebf \u0111\u1ec3 ch\u1ecbu \u0111\u01b0\u1ee3c nhu c\u1ea7u s\u1eed d\u1ee5ng n\u1eb7ng nh\u1ecdc. Thi\u1ebft k\u1ebf d\u1ea1ng \u1ed1ng l\u1ed3ng cho ph\u00e9p xi lanh k\u00e9o d\u00e0i v\u00e0 thu v\u00e0o m\u1ed9t c\u00e1ch tr\u01a1n tru, trong khi t\u00ednh n\u0103ng t\u00e1c \u0111\u1ed9ng k\u00e9p \u0111\u1ea3m b\u1ea3o xi lanh ho\u1ea1t \u0111\u1ed9ng hi\u1ec7u qu\u1ea3 theo c\u1ea3 hai h\u01b0\u1edbng.<\/p>\n<table style=\"width: 100%;\" border=\"1\" width=\"100%\" cellspacing=\"0\" cellpadding=\"0\">\n<tbody>\n<tr>\n<th>T\u00ean s\u1ea3n ph\u1ea9m<\/th>\n<td>Xi lanh th\u1ee7y l\u1ef1c xe ben t\u00e1c \u0111\u1ed9ng k\u00e9p d\u1ea1ng \u1ed1ng l\u1ed3ng nh\u1ecf chuy\u00ean nghi\u1ec7p<\/td>\n<\/tr>\n<tr>\n<th>T\u00ecnh tr\u1ea1ng<\/th>\n<td>M\u1edbi<\/td>\n<\/tr>\n<tr>\n<th>B\u1ea3o h\u00e0nh<\/th>\n<td>1 n\u0103m<\/td>\n<\/tr>\n<tr>\n<th>C\u00e2n n\u1eb7ng (KG)<\/th>\n<td>48<\/td>\n<\/tr>\n<tr>\n<th>Ki\u1ec3u<\/th>\n<td>T\u00e1c \u0111\u1ed9ng k\u00e9p d\u1ea1ng \u1ed1ng l\u1ed3ng<\/td>\n<\/tr>\n<tr>\n<th>Ngu\u1ed3n \u0111i\u1ec7n<\/th>\n<td>Th\u1ee7y l\u1ef1c<\/td>\n<\/tr>\n<tr>\n<th>V\u1eadt li\u1ec7u<\/th>\n<td>Th\u00e9p<\/td>\n<\/tr>\n<tr>\n<th>Thi\u1ebft k\u1ebf<\/th>\n<td>Th\u00f4ng s\u1ed1 k\u1ef9 thu\u1eadt ti\u00eau chu\u1ea9n v\u1edbi c\u1ea5u tr\u00fac xi lanh piston<\/td>\n<\/tr>\n<tr>\n<th>\u0110\u1ed9 b\u1ec1n<\/th>\n<td>\u0110\u1ed9 b\u1ec1n v\u00e0 \u0111\u1ed9 tin c\u1eady tuy\u1ec7t v\u1eddi<\/td>\n<\/tr>\n<tr>\n<th>C\u00e1c ng\u00e0nh c\u00f4ng nghi\u1ec7p \u00e1p d\u1ee5ng<\/th>\n<td>Nh\u00e0 m\u00e1y s\u1ea3n xu\u1ea5t, X\u01b0\u1edfng s\u1eeda ch\u1eefa m\u00e1y m\u00f3c, Trang tr\u1ea1i, N\u0103ng l\u01b0\u1ee3ng &amp; Khai th\u00e1c, S\u1ea3n xu\u1ea5t m\u00e1y m\u00f3c<\/td>\n<\/tr>\n<tr>\n<th>Hi\u1ec7u su\u1ea5t<\/th>\n<td>Hi\u1ec7u su\u1ea5t cao cho ho\u1ea1t \u0111\u1ed9ng tr\u01a1n tru<\/td>\n<\/tr>\n<\/tbody>\n<\/table>\n<h2>C\u00e1c t\u00ednh n\u0103ng c\u1ee7a xi lanh th\u1ee7y l\u1ef1c xe ben t\u00e1c \u0111\u1ed9ng k\u00e9p chuy\u00ean nghi\u1ec7p c\u1ee1 nh\u1ecf<\/h2>\n<p>Xi lanh th\u1ee7y l\u1ef1c xe ben t\u00e1c \u0111\u1ed9ng k\u00e9p chuy\u00ean nghi\u1ec7p lo\u1ea1i nh\u1ecf c\u00f3 th\u1ec3 thu g\u1ecdn c\u00f3 m\u1ed9t s\u1ed1 t\u00ednh n\u0103ng \u0111\u1eb7c bi\u1ec7t:<\/p>\n<p><img decoding=\"async\" src=\"https:\/\/hzpt.com\/wp-content\/uploads\/2023\/11\/Inverted-Telescopic-Cylinder-7.webp\" alt=\"\" title=\"\"><\/p>\n<ul>\n<li>N\u00f3 c\u00f3 l\u1ef1c \u0111\u1ea9y t\u1ed1i \u0111a l\u00e0 3000 v\u00e0 l\u1ef1c k\u00e9o t\u1ed1i \u0111a l\u00e0 20 t\u1ea5n.<\/li>\n<li>Lo\u1ea1i xi lanh l\u00e0 xi lanh \u1ed1ng l\u1ed3ng ng\u01b0\u1ee3c.<\/li>\n<li>K\u00edch th\u01b0\u1edbc l\u1ed7 khoan t\u1eeb 2-6 inch, k\u00edch th\u01b0\u1edbc thanh t\u1eeb 1,125-4 inch, k\u00edch th\u01b0\u1edbc h\u00e0nh tr\u00ecnh t\u1eeb 6-48 inch v\u00e0 k\u00edch th\u01b0\u1edbc ch\u1ed1t t\u1eeb 0,5-2 inch.<\/li>\n<li>Th\u00e2n m\u00e1y \u0111\u01b0\u1ee3c l\u00e0m b\u1eb1ng th\u00e9p ch\u1eafc ch\u1eafn, \u0111\u1ea3m b\u1ea3o \u0111\u1ed9 b\u1ec1n v\u00e0 c\u00f3 m\u00e0u \u0111en b\u00f3ng b\u1ea9y.<\/li>\n<li>S\u1ea3n ph\u1ea9m \u0111\u00e3 \u0111\u01b0\u1ee3c ch\u1ee9ng nh\u1eadn ISO9001:2000, kh\u1eb3ng \u0111\u1ecbnh ch\u1ea5t l\u01b0\u1ee3ng v\u00e0 \u0111\u1ed9 tin c\u1eady.<\/li>\n<\/ul>\n<h2>\u1ee8ng d\u1ee5ng c\u1ee7a xi lanh th\u1ee7y l\u1ef1c xe ben t\u00e1c \u0111\u1ed9ng k\u00e9p d\u1ea1ng \u1ed1ng l\u1ed3ng nh\u1ecf chuy\u00ean nghi\u1ec7p<\/h2>\n<p>Xi lanh th\u1ee7y l\u1ef1c xe ben t\u00e1c \u0111\u1ed9ng k\u00e9p chuy\u00ean nghi\u1ec7p c\u1ee1 nh\u1ecf c\u00f3 nhi\u1ec1u \u1ee9ng d\u1ee5ng:<\/p>\n<ul>\n<li>Nh\u00e0 m\u00e1y s\u1ea3n xu\u1ea5t: C\u00f3 th\u1ec3 \u00e1p d\u1ee5ng trong nhi\u1ec1u quy tr\u00ecnh s\u1ea3n xu\u1ea5t \u0111\u00f2i h\u1ecfi \u0111\u1ed9 ch\u00ednh x\u00e1c v\u00e0 c\u00f4ng su\u1ea5t cao.<\/li>\n<li>X\u01b0\u1edfng s\u1eeda ch\u1eefa m\u00e1y m\u00f3c: R\u1ea5t h\u1eefu \u00edch trong vi\u1ec7c s\u1eeda ch\u1eefa v\u00e0 b\u1ea3o tr\u00ec m\u00e1y m\u00f3c h\u1ea1ng n\u1eb7ng.<\/li>\n<li>Trang tr\u1ea1i: C\u00f3 th\u1ec3 s\u1eed d\u1ee5ng trong m\u00e1y m\u00f3c n\u00f4ng nghi\u1ec7p h\u1ea1ng n\u1eb7ng cho nhi\u1ec1u quy tr\u00ecnh n\u00f4ng nghi\u1ec7p kh\u00e1c nhau.<\/li>\n<li>N\u0103ng l\u01b0\u1ee3ng v\u00e0 khai th\u00e1c m\u1ecf: \u0110\u01b0\u1ee3c \u00e1p d\u1ee5ng trong m\u00e1y m\u00f3c \u0111\u01b0\u1ee3c s\u1eed d\u1ee5ng trong ng\u00e0nh n\u0103ng l\u01b0\u1ee3ng v\u00e0 khai th\u00e1c m\u1ecf.<\/li>\n<li>S\u1ea3n xu\u1ea5t m\u00e1y m\u00f3c: \u0110\u01b0\u1ee3c s\u1eed d\u1ee5ng r\u1ed9ng r\u00e3i trong s\u1ea3n xu\u1ea5t nhi\u1ec1u lo\u1ea1i m\u00e1y m\u00f3c kh\u00e1c nhau.<\/li>\n<\/ul>\n<p><img decoding=\"async\" src=\"https:\/\/hzpt.com\/wp-content\/uploads\/2023\/11\/Inverted-Telescopic-Cylinder-Applications.webp\" alt=\"\u1ee8ng d\u1ee5ng c\u1ee7a xi lanh \u1ed1ng l\u1ed3ng ng\u01b0\u1ee3c\" title=\"\"><\/p>\n<h2>Nguy\u00ean l\u00fd ho\u1ea1t \u0111\u1ed9ng v\u00e0 b\u1ea3o d\u01b0\u1ee1ng c\u1ee7a xi lanh th\u1ee7y l\u1ef1c xe ben t\u00e1c \u0111\u1ed9ng k\u00e9p d\u1ea1ng \u1ed1ng l\u1ed3ng nh\u1ecf chuy\u00ean nghi\u1ec7p<\/h2>\n<p>Xy lanh th\u1ee7y l\u1ef1c t\u00e1c \u0111\u1ed9ng k\u00e9p chuy\u00ean nghi\u1ec7p d\u00e0nh cho xe ben c\u1ee1 nh\u1ecf d\u1ea1ng \u1ed1ng l\u1ed3ng ho\u1ea1t \u0111\u1ed9ng d\u1ef1a tr\u00ean nguy\u00ean l\u00fd th\u1ee7y l\u1ef1c. Ch\u1ea5t l\u1ecfng th\u1ee7y l\u1ef1c \u0111\u01b0\u1ee3c b\u01a1m v\u00e0o xi lanh, \u0111\u1ea9y piston ra ngo\u00e0i, l\u00e0m thanh truy\u1ec1n gi\u00e3n ra. Ch\u1ea5t l\u1ecfng sau \u0111\u00f3 \u0111\u01b0\u1ee3c gi\u1ea3i ph\u00f3ng kh\u1ecfi xi lanh, khi\u1ebfn thanh truy\u1ec1n th\u1ee5t v\u00e0o xi lanh. Ph\u01b0\u01a1ng ph\u00e1p ho\u1ea1t \u0111\u1ed9ng n\u00e0y mang l\u1ea1i c\u00f4ng su\u1ea5t cao v\u00e0 kh\u1ea3 n\u0103ng \u0111i\u1ec1u khi\u1ec3n ch\u00ednh x\u00e1c.<\/p>\n<p>Vi\u1ec7c b\u1ea3o tr\u00ec xi lanh th\u1ee7y l\u1ef1c n\u00e0y bao g\u1ed3m m\u1ed9t s\u1ed1 b\u01b0\u1edbc sau:<\/p>\n<ul>\n<li>\n<ul>\n<li>Ki\u1ec3m tra th\u01b0\u1eddng xuy\u00ean: B\u00ecnh ph\u1ea3i \u0111\u01b0\u1ee3c ki\u1ec3m tra th\u01b0\u1eddng xuy\u00ean \u0111\u1ec3 ph\u00e1t hi\u1ec7n b\u1ea5t k\u1ef3 d\u1ea5u hi\u1ec7u hao m\u00f2n, r\u00f2 r\u1ec9 ho\u1eb7c h\u01b0 h\u1ecfng n\u00e0o.<\/li>\n<li>V\u1ec7 sinh: B\u00ean ngo\u00e0i xi lanh c\u1ea7n \u0111\u01b0\u1ee3c v\u1ec7 sinh th\u01b0\u1eddng xuy\u00ean \u0111\u1ec3 tr\u00e1nh b\u1ee5i b\u1ea9n v\u00e0 m\u1ea3nh v\u1ee5n t\u00edch t\u1ee5 c\u00f3 th\u1ec3 \u1ea3nh h\u01b0\u1edfng \u0111\u1ebfn ho\u1ea1t \u0111\u1ed9ng c\u1ee7a xi lanh.<\/li>\n<\/ul>\n<\/li>\n<\/ul>\n<ul>\n<li>B\u00f4i tr\u01a1n: C\u00e1c b\u1ed9 ph\u1eadn chuy\u1ec3n \u0111\u1ed9ng c\u1ee7a xi lanh c\u1ea7n \u0111\u01b0\u1ee3c b\u00f4i tr\u01a1n th\u01b0\u1eddng xuy\u00ean \u0111\u1ec3 \u0111\u1ea3m b\u1ea3o ho\u1ea1t \u0111\u1ed9ng tr\u01a1n tru v\u00e0 tr\u00e1nh m\u00e0i m\u00f2n.<\/li>\n<li>Ki\u1ec3m tra v\u00e0 s\u1eeda ch\u1eefa th\u01b0\u1eddng xuy\u00ean: B\u1ea5t k\u1ef3 v\u1ea5n \u0111\u1ec1 n\u00e0o \u0111\u01b0\u1ee3c ph\u00e1t hi\u1ec7n trong qu\u00e1 tr\u00ecnh ki\u1ec3m tra \u0111\u1ec1u ph\u1ea3i \u0111\u01b0\u1ee3c s\u1eeda ch\u1eefa ngay l\u1eadp t\u1ee9c \u0111\u1ec3 tr\u00e1nh h\u01b0 h\u1ecfng th\u00eam.<\/li>\n<li>Thay th\u1ebf ph\u1edbt: Ph\u1edbt c\u1ee7a xi lanh c\u1ea7n \u0111\u01b0\u1ee3c thay th\u1ebf \u0111\u1ecbnh k\u1ef3 \u0111\u1ec3 \u0111\u1ea3m b\u1ea3o ho\u1ea1t \u0111\u1ed9ng b\u00ecnh th\u01b0\u1eddng v\u00e0 ng\u0103n ng\u1eeba r\u00f2 r\u1ec9.<\/li>\n<\/ul>\n<p><img decoding=\"async\" src=\"https:\/\/hzpt.com\/wp-content\/uploads\/2023\/11\/Inverted-Telescopic-Cylinder-11.webp\" alt=\"\" title=\"\"><\/p>\n<h2>H\u00ecnh tr\u1ee5 \u1ed1ng l\u1ed3ng ng\u01b0\u1ee3c<\/h2>\n<p>Xi lanh th\u1ee7y l\u1ef1c xe ben t\u00e1c \u0111\u1ed9ng k\u00e9p d\u1ea1ng \u1ed1ng l\u1ed3ng nh\u1ecf chuy\u00ean nghi\u1ec7p<\/p>\n<p>Xy lanh \u1ed1ng l\u1ed3ng ng\u01b0\u1ee3c, c\u00f2n \u0111\u01b0\u1ee3c g\u1ecdi l\u00e0 xi lanh th\u1ee7y l\u1ef1c t\u00e1c \u0111\u1ed9ng k\u00e9p nh\u1ecf g\u1ecdn d\u00e0nh cho xe ben, l\u00e0 m\u1ed9t b\u1ed9 ph\u1eadn th\u1ee7y l\u1ef1c \u0111\u01b0\u1ee3c s\u1eed d\u1ee5ng trong nhi\u1ec1u ng\u00e0nh c\u00f4ng nghi\u1ec7p, \u0111\u1eb7c bi\u1ec7t l\u00e0 xe ben. Xy lanh chuy\u00ean d\u1ee5ng n\u00e0y \u0111\u01b0\u1ee3c thi\u1ebft k\u1ebf \u0111\u1ec3 cung c\u1ea5p kh\u1ea3 n\u0103ng n\u00e2ng v\u00e0 \u0111\u1ed5 \u0111\u00e1ng tin c\u1eady v\u00e0 hi\u1ec7u qu\u1ea3, \u0111\u1ea3m b\u1ea3o v\u1eadn h\u00e0nh tr\u01a1n tru v\u00e0 t\u0103ng n\u0103ng su\u1ea5t. Trong b\u00e0i vi\u1ebft n\u00e0y, ch\u00fang ta s\u1ebd t\u00ecm hi\u1ec3u chi ti\u1ebft v\u1ec1 c\u00e1c t\u00ednh n\u0103ng, l\u1ee3i \u00edch v\u00e0 \u1ee9ng d\u1ee5ng c\u1ee7a xi lanh \u1ed1ng l\u1ed3ng ng\u01b0\u1ee3c.<\/p>\n<h3>\u0110\u1eb7c tr\u01b0ng:<\/h3>\n<p>1. Nhi\u1ec1u t\u1ea7ng: Xi lanh \u1ed1ng l\u1ed3ng ng\u01b0\u1ee3c bao g\u1ed3m nhi\u1ec1u t\u1ea7ng l\u1ed3ng v\u00e0o nhau. Thi\u1ebft k\u1ebf n\u00e0y cho ph\u00e9p thu g\u1ecdn chi\u1ec1u d\u00e0i trong khi v\u1eabn m\u1edf r\u1ed9ng h\u00e0nh tr\u00ecnh, t\u1ed1i \u0111a h\u00f3a kh\u1ea3 n\u0103ng n\u00e2ng c\u1ee7a xi lanh.<\/p>\n<p>2. T\u00e1c \u0111\u1ed9ng k\u00e9p: Xy lanh t\u00e1c \u0111\u1ed9ng k\u00e9p, ngh\u0129a l\u00e0 n\u00f3 c\u00f3 th\u1ec3 t\u1ea1o l\u1ef1c theo c\u1ea3 hai h\u01b0\u1edbng. T\u00ednh n\u0103ng n\u00e0y cho ph\u00e9p xi lanh n\u00e2ng v\u00e0 h\u1ea1 t\u1ea3i n\u1eb7ng m\u1ed9t c\u00e1ch d\u1ec5 d\u00e0ng, n\u00e2ng cao hi\u1ec7u qu\u1ea3 ho\u1ea1t \u0111\u1ed9ng c\u1ee7a xe ben.<\/p>\n<p>3. \u0110i\u1ec1u khi\u1ec3n th\u1ee7y l\u1ef1c: Xy lanh \u1ed1ng l\u1ed3ng ng\u01b0\u1ee3c \u0111\u01b0\u1ee3c d\u1eabn \u0111\u1ed9ng b\u1eb1ng ch\u1ea5t l\u1ecfng th\u1ee7y l\u1ef1c, \u0111\u01b0\u1ee3c n\u00e9n \u0111\u1ec3 t\u1ea1o ra l\u1ef1c c\u1ea7n thi\u1ebft cho vi\u1ec7c n\u00e2ng v\u00e0 h\u1ea1. H\u1ec7 th\u1ed1ng \u0111i\u1ec1u khi\u1ec3n th\u1ee7y l\u1ef1c \u0111\u1ea3m b\u1ea3o chuy\u1ec3n \u0111\u1ed9ng ch\u00ednh x\u00e1c v\u00e0 c\u00f3 ki\u1ec3m so\u00e1t, n\u00e2ng cao \u0111\u1ed9 an to\u00e0n v\u00e0 gi\u1ea3m thi\u1ec3u nguy c\u01a1 tai n\u1ea1n.<\/p>\n<p>4. K\u1ebft c\u1ea5u b\u1ec1n b\u1ec9: C\u00e1c xi lanh n\u00e0y \u0111\u01b0\u1ee3c ch\u1ebf t\u1ea1o \u0111\u1ec3 ch\u1ecbu \u0111\u01b0\u1ee3c m\u00f4i tr\u01b0\u1eddng \u00e1p su\u1ea5t cao v\u00e0 t\u1ea3i tr\u1ecdng n\u1eb7ng. Ch\u00fang th\u01b0\u1eddng \u0111\u01b0\u1ee3c l\u00e0m t\u1eeb v\u1eadt li\u1ec7u ch\u1ea5t l\u01b0\u1ee3ng cao nh\u01b0 th\u00e9p, \u0111\u1ea3m b\u1ea3o hi\u1ec7u su\u1ea5t l\u00e2u d\u00e0i v\u00e0 kh\u1ea3 n\u0103ng ch\u1ed1ng m\u00e0i m\u00f2n.<\/p>\n<h3>Nh\u1eefng l\u1ee3i \u00edch:<\/h3>\n<p>1. T\u0103ng kh\u1ea3 n\u0103ng n\u00e2ng: C\u00e1c t\u1ea7ng l\u1ed3ng nhau c\u1ee7a xi lanh \u1ed1ng l\u1ed3ng ng\u01b0\u1ee3c cho ph\u00e9p n\u00e2ng cao kh\u1ea3 n\u0103ng n\u00e2ng so v\u1edbi xi lanh truy\u1ec1n th\u1ed1ng. \u0110i\u1ec1u n\u00e0y c\u00f3 ngh\u0129a l\u00e0 xe ben \u0111\u01b0\u1ee3c trang b\u1ecb lo\u1ea1i xi lanh n\u00e0y c\u00f3 th\u1ec3 x\u1eed l\u00fd t\u1ea3i tr\u1ecdng l\u1edbn h\u01a1n, c\u1ea3i thi\u1ec7n n\u0103ng su\u1ea5t v\u00e0 gi\u1ea3m s\u1ed1 l\u1ea7n di chuy\u1ec3n c\u1ea7n thi\u1ebft.<\/p>\n<p>2. \u0110\u1ed9 \u1ed5n \u0111\u1ecbnh \u0111\u01b0\u1ee3c c\u1ea3i thi\u1ec7n: Thi\u1ebft k\u1ebf xi lanh \u1ed1ng l\u1ed3ng ng\u01b0\u1ee3c mang l\u1ea1i \u0111\u1ed9 \u1ed5n \u0111\u1ecbnh cao h\u01a1n trong qu\u00e1 tr\u00ecnh n\u00e2ng v\u00e0 \u0111\u1ed5. C\u00e1c t\u1ea7ng l\u1ed3ng v\u00e0o nhau gi\u00fap n\u00e2ng \u0111\u1ee1 v\u00e0 ng\u0103n ng\u1eeba l\u1eafc l\u01b0 ho\u1eb7c nghi\u00eang qu\u00e1 m\u1ee9c, \u0111\u1ea3m b\u1ea3o vi\u1ec7c x\u1eed l\u00fd t\u1ea3i tr\u1ecdng an to\u00e0n v\u00e0 ch\u1eafc ch\u1eafn.<\/p>\n<p>3. Ti\u1ebft ki\u1ec7m kh\u00f4ng gian: Chi\u1ec1u d\u00e0i thu g\u1ecdn c\u1ee7a xi lanh l\u00fd t\u01b0\u1edfng cho c\u00e1c \u1ee9ng d\u1ee5ng c\u00f3 kh\u00f4ng gian h\u1ea1n ch\u1ebf. T\u00ednh n\u0103ng n\u00e0y cho ph\u00e9p thi\u1ebft k\u1ebf xe linh ho\u1ea1t h\u01a1n v\u00e0 gi\u1ea3m di\u1ec7n t\u00edch chi\u1ebfm d\u1ee5ng t\u1ed5ng th\u1ec3 c\u1ee7a xe ben.<\/p>\n<p>4. \u1ee8ng d\u1ee5ng \u0111a n\u0103ng: Ngo\u00e0i xe ben, xi lanh \u1ed1ng l\u1ed3ng ng\u01b0\u1ee3c c\u00f3 th\u1ec3 \u0111\u01b0\u1ee3c s\u1eed d\u1ee5ng trong nhi\u1ec1u \u1ee9ng d\u1ee5ng kh\u00e1c, ch\u1eb3ng h\u1ea1n nh\u01b0 thi\u1ebft b\u1ecb x\u1eed l\u00fd v\u1eadt li\u1ec7u, m\u00e1y m\u00f3c n\u00f4ng nghi\u1ec7p v\u00e0 xe x\u00e2y d\u1ef1ng. T\u00ednh linh ho\u1ea1t c\u1ee7a n\u00f3 khi\u1ebfn n\u00f3 tr\u1edf th\u00e0nh m\u1ed9t th\u00e0nh ph\u1ea7n c\u00f3 gi\u00e1 tr\u1ecb trong nhi\u1ec1u ng\u00e0nh c\u00f4ng nghi\u1ec7p kh\u00e1c nhau.<\/p>\n<h3>\u1ee8ng d\u1ee5ng:<\/h3>\n<p>1. Xe ben: Xy lanh \u1ed1ng l\u1ed3ng ng\u01b0\u1ee3c th\u01b0\u1eddng \u0111\u01b0\u1ee3c s\u1eed d\u1ee5ng trong xe ben \u0111\u1ec3 n\u00e2ng v\u00e0 \u0111\u1ed5 nhi\u1ec1u lo\u1ea1i v\u1eadt li\u1ec7u kh\u00e1c nhau, ch\u1eb3ng h\u1ea1n nh\u01b0 c\u00e1t, s\u1ecfi v\u00e0 m\u1ea3nh v\u1ee5n x\u00e2y d\u1ef1ng. Hi\u1ec7u su\u1ea5t \u0111\u00e1ng tin c\u1eady v\u00e0 ho\u1ea1t \u0111\u1ed9ng hi\u1ec7u qu\u1ea3 khi\u1ebfn n\u00f3 tr\u1edf th\u00e0nh m\u1ed9t th\u00e0nh ph\u1ea7n thi\u1ebft y\u1ebfu trong ng\u00e0nh x\u00e2y d\u1ef1ng v\u00e0 khai th\u00e1c m\u1ecf.<\/p>\n<p>2. Thi\u1ebft b\u1ecb x\u1eed l\u00fd v\u1eadt li\u1ec7u: Lo\u1ea1i xi lanh n\u00e0y c\u0169ng \u0111\u01b0\u1ee3c s\u1eed d\u1ee5ng trong c\u00e1c thi\u1ebft b\u1ecb x\u1eed l\u00fd v\u1eadt li\u1ec7u, ch\u1eb3ng h\u1ea1n nh\u01b0 xe n\u00e2ng v\u00e0 c\u1ea7n c\u1ea9u, \u0111\u1ec3 n\u00e2ng t\u1ea3i tr\u1ecdng n\u1eb7ng. T\u00ednh n\u0103ng t\u00e1c \u0111\u1ed9ng k\u00e9p v\u00e0 thi\u1ebft k\u1ebf nh\u1ecf g\u1ecdn gi\u00fap n\u00f3 ph\u00f9 h\u1ee3p cho c\u00e1c \u1ee9ng d\u1ee5ng c\u00f3 kh\u00f4ng gian h\u1ea1n ch\u1ebf.<\/p>\n<p>3. M\u00e1y m\u00f3c n\u00f4ng nghi\u1ec7p: Trong l\u0129nh v\u1ef1c n\u00f4ng nghi\u1ec7p, xi lanh l\u1ed3ng ng\u01b0\u1ee3c c\u00f3 th\u1ec3 \u0111\u01b0\u1ee3c t\u00ecm th\u1ea5y trong c\u00e1c thi\u1ebft b\u1ecb nh\u01b0 xe k\u00e9o ng\u0169 c\u1ed1c v\u00e0 m\u00e1y x\u00fac. Kh\u1ea3 n\u0103ng ch\u1ecbu t\u1ea3i tr\u1ecdng n\u1eb7ng v\u00e0 ch\u1ecbu \u0111\u01b0\u1ee3c \u0111i\u1ec1u ki\u1ec7n v\u1eadn h\u00e0nh kh\u1eafc nghi\u1ec7t khi\u1ebfn n\u00f3 tr\u1edf th\u00e0nh thi\u1ebft b\u1ecb kh\u00f4ng th\u1ec3 thi\u1ebfu trong ho\u1ea1t \u0111\u1ed9ng n\u00f4ng nghi\u1ec7p.<\/p>\n<p>4. Xe x\u00e2y d\u1ef1ng: T\u1eeb m\u00e1y tr\u1ed9n b\u00ea t\u00f4ng \u0111\u1ebfn xe n\u00e2ng ng\u01b0\u1eddi, xi lanh \u1ed1ng l\u1ed3ng ng\u01b0\u1ee3c \u0111\u01b0\u1ee3c s\u1eed d\u1ee5ng r\u1ed9ng r\u00e3i trong nhi\u1ec1u lo\u1ea1i xe x\u00e2y d\u1ef1ng. K\u1ebft c\u1ea5u ch\u1eafc ch\u1eafn v\u00e0 hi\u1ec7u su\u1ea5t n\u00e2ng hi\u1ec7u qu\u1ea3 c\u1ee7a n\u00f3 g\u00f3p ph\u1ea7n gi\u00fap c\u00e1c d\u1ef1 \u00e1n x\u00e2y d\u1ef1ng \u0111\u01b0\u1ee3c th\u1ef1c hi\u1ec7n su\u00f4n s\u1ebb.<\/p>\n<p>T\u00f3m l\u1ea1i, xi lanh th\u1ee7y l\u1ef1c d\u1ea1ng \u1ed1ng l\u1ed3ng ng\u01b0\u1ee3c, c\u00f2n \u0111\u01b0\u1ee3c g\u1ecdi l\u00e0 xi lanh th\u1ee7y l\u1ef1c t\u00e1c \u0111\u1ed9ng k\u00e9p d\u1ea1ng \u1ed1ng l\u1ed3ng nh\u1ecf d\u00e0nh cho xe ben, l\u00e0 m\u1ed9t th\u00e0nh ph\u1ea7n thi\u1ebft y\u1ebfu trong xe ben v\u00e0 nhi\u1ec1u ng\u00e0nh c\u00f4ng nghi\u1ec7p kh\u00e1c. Thi\u1ebft k\u1ebf \u0111\u1ed9c \u0111\u00e1o, v\u1eadn h\u00e0nh hi\u1ec7u qu\u1ea3 v\u00e0 \u1ee9ng d\u1ee5ng \u0111a d\u1ea1ng khi\u1ebfn n\u00f3 tr\u1edf th\u00e0nh m\u1ed9t c\u00f4ng c\u1ee5 thi\u1ebft y\u1ebfu \u0111\u1ec3 n\u00e2ng v\u00e0 \u0111\u1ed5 t\u1ea3i tr\u1ecdng n\u1eb7ng. D\u00f9 trong x\u00e2y d\u1ef1ng, khai th\u00e1c m\u1ecf hay v\u1eadn chuy\u1ec3n v\u1eadt li\u1ec7u, xi lanh n\u00e0y \u0111\u00f3ng vai tr\u00f2 quan tr\u1ecdng trong vi\u1ec7c n\u00e2ng cao n\u0103ng su\u1ea5t v\u00e0 \u0111\u1ea3m b\u1ea3o v\u1eadn h\u00e0nh an to\u00e0n, \u0111\u00e1ng tin c\u1eady.<\/p>\n<h3>Gi\u1edbi thi\u1ec7u v\u1ec1 FMP \u2013 Xi lanh th\u1ee7y l\u1ef1c<\/h3>\n<p>T\u1ea1i FMP, ch\u00fang t\u00f4i chuy\u00ean b\u00e1n v\u00e0 b\u1ea3o d\u01b0\u1ee1ng c\u00e1c ph\u1ee5 t\u00f9ng m\u00e1y m\u00f3c x\u00e2y d\u1ef1ng v\u00e0 m\u00e1y m\u00f3c ho\u00e0n ch\u1ec9nh ch\u1ea5t l\u01b0\u1ee3ng cao. Xi lanh th\u1ee7y l\u1ef1c c\u1ee7a ch\u00fang t\u00f4i l\u00e0 m\u1ed9t trong nh\u1eefng s\u1ea3n ph\u1ea9m ph\u1ed5 bi\u1ebfn nh\u1ea5t c\u1ee7a ch\u00fang t\u00f4i, v\u00e0 \u0111i\u1ec1u n\u00e0y ho\u00e0n to\u00e0n c\u00f3 l\u00fd do. D\u01b0\u1edbi \u0111\u00e2y l\u00e0 n\u0103m l\u00fd do t\u1ea1i sao xi lanh th\u1ee7y l\u1ef1c c\u1ee7a FMP l\u00e0 l\u1ef1a ch\u1ecdn t\u1ed1t nh\u1ea5t cho nhu c\u1ea7u m\u00e1y m\u00f3c x\u00e2y d\u1ef1ng c\u1ee7a b\u1ea1n:<\/p>\n<p>1. <strong>V\u1eadt li\u1ec7u ch\u1ea5t l\u01b0\u1ee3ng h\u00e0ng \u0111\u1ea7u<\/strong>:Xi lanh th\u1ee7y l\u1ef1c c\u1ee7a ch\u00fang t\u00f4i \u0111\u01b0\u1ee3c l\u00e0m t\u1eeb v\u1eadt li\u1ec7u b\u1ec1n v\u00e0 \u0111\u00e1ng tin c\u1eady, \u0111\u1ea3m b\u1ea3o hi\u1ec7u su\u1ea5t l\u00e2u d\u00e0i v\u00e0 y\u00eau c\u1ea7u b\u1ea3o tr\u00ec t\u1ed1i thi\u1ec3u.<\/p>\n<p>2. <strong>T\u00f9y ch\u1ecdn c\u00f3 th\u1ec3 t\u00f9y ch\u1ec9nh<\/strong>: Ch\u00fang t\u00f4i cung c\u1ea5p xi lanh lo\u1ea1i ch\u1ed1t c\u00f3 th\u1ec3 \u0111i\u1ec1u ch\u1ec9nh, c\u0169ng nh\u01b0 c\u00e1c t\u00f9y ch\u1ecdn t\u00f9y ch\u1ec9nh kh\u00e1c \u0111\u1ec3 \u0111\u00e1p \u1ee9ng nhu c\u1ea7u c\u1ee5 th\u1ec3 c\u1ee7a b\u1ea1n. V\u1edbi chuy\u00ean m\u00f4n v\u1ec1 ph\u1ee5 t\u00f9ng m\u00e1y m\u00f3c x\u00e2y d\u1ef1ng, ch\u00fang t\u00f4i c\u00f3 th\u1ec3 h\u1ee3p t\u00e1c v\u1edbi b\u1ea1n \u0111\u1ec3 t\u00ecm ra gi\u1ea3i ph\u00e1p t\u1ed1t nh\u1ea5t cho thi\u1ebft b\u1ecb c\u1ee7a b\u1ea1n.<\/p>\n<p>3. <strong>\u0110\u1ed9i ng\u0169 chuy\u00ean gia<\/strong>: \u0110\u1ed9i ng\u0169 b\u00e1n h\u00e0ng gi\u00e0u kinh nghi\u1ec7m v\u00e0 k\u1ef9 n\u0103ng c\u1ee7a ch\u00fang t\u00f4i am hi\u1ec3u c\u00e1c xu h\u01b0\u1edbng m\u1edbi nh\u1ea5t trong ng\u00e0nh v\u00e0 nhu c\u1ea7u c\u1ee7a kh\u00e1ch h\u00e0ng trong ng\u00e0nh m\u00e1y m\u00f3c x\u00e2y d\u1ef1ng. H\u1ecd c\u00f3 th\u1ec3 t\u01b0 v\u1ea5n s\u1ea3n ph\u1ea9m chuy\u00ean nghi\u1ec7p v\u00e0 \u0111\u01b0a ra nh\u1eefng g\u1ee3i \u00fd mua h\u00e0ng th\u00f4ng minh, gi\u00fap b\u1ea1n \u0111\u01b0a ra quy\u1ebft \u0111\u1ecbnh t\u1ed1t nh\u1ea5t cho doanh nghi\u1ec7p c\u1ee7a m\u00ecnh.<\/p>\n<p>4. <strong>H\u1eadu c\u1ea7n hi\u1ec7u qu\u1ea3<\/strong>: Ch\u00fang t\u00f4i c\u00f3 h\u1ec7 th\u1ed1ng ph\u00e2n ph\u1ed1i h\u1eadu c\u1ea7n hi\u1ec7u qu\u1ea3 \u0111\u1ec3 \u0111\u1ea3m b\u1ea3o kh\u00e1ch h\u00e0ng nh\u1eadn \u0111\u01b0\u1ee3c c\u00e1c ph\u1ee5 t\u00f9ng c\u1ea7n thi\u1ebft m\u1ed9t c\u00e1ch k\u1ecbp th\u1eddi v\u00e0 ch\u00ednh x\u00e1c. \u0110i\u1ec1u n\u00e0y \u0111\u1ed3ng ngh\u0129a v\u1edbi vi\u1ec7c gi\u1ea3m thi\u1ec3u th\u1eddi gian ng\u1eebng ho\u1ea1t \u0111\u1ed9ng c\u1ee7a m\u00e1y m\u00f3c x\u00e2y d\u1ef1ng v\u00e0 \u0111\u1ea3m b\u1ea3o ho\u1ea1t \u0111\u1ed9ng kinh doanh th\u00f4ng su\u1ed1t.<\/p>\n<p>5. <strong>Ki\u1ec3m so\u00e1t ch\u1ea5t l\u01b0\u1ee3ng nghi\u00eam ng\u1eb7t<\/strong>:Ch\u00fang t\u00f4i thi\u1ebft l\u1eadp m\u1ed1i quan h\u1ec7 h\u1ee3p t\u00e1c l\u00e2u d\u00e0i v\u00e0 \u1ed5n \u0111\u1ecbnh v\u1edbi nhi\u1ec1u nh\u00e0 cung c\u1ea5p ch\u1ea5t l\u01b0\u1ee3ng cao trong v\u00e0 ngo\u00e0i n\u01b0\u1edbc, \u0111\u1ea3m b\u1ea3o r\u1eb1ng t\u1ea5t c\u1ea3 c\u00e1c b\u1ed9 ph\u1eadn \u0111\u01b0\u1ee3c cung c\u1ea5p, bao g\u1ed3m c\u1ea3 Xi lanh th\u1ee7y l\u1ef1c c\u1ee7a ch\u00fang t\u00f4i, \u0111\u1ec1u \u0111\u00e1p \u1ee9ng c\u00e1c ti\u00eau chu\u1ea9n ch\u1ea5t l\u01b0\u1ee3ng nghi\u00eam ng\u1eb7t.<\/p>\n<p>V\u1edbi Xi lanh th\u1ee7y l\u1ef1c FMP, b\u1ea1n c\u00f3 th\u1ec3 ho\u00e0n to\u00e0n y\u00ean t\u00e2m v\u1ec1 ch\u1ea5t l\u01b0\u1ee3ng v\u00e0 \u0111\u1ed9 tin c\u1eady c\u1ee7a m\u00e1y m\u00f3c x\u00e2y d\u1ef1ng. H\u00e3y li\u00ean h\u1ec7 v\u1edbi ch\u00fang t\u00f4i ngay h\u00f4m nay \u0111\u1ec3 t\u00ecm hi\u1ec3u th\u00eam v\u1ec1 s\u1ea3n ph\u1ea9m v\u00e0 c\u00e1ch ch\u00fang t\u00f4i c\u00f3 th\u1ec3 gi\u00fap b\u1ea1n t\u00ecm ra gi\u1ea3i ph\u00e1p t\u1ed1t nh\u1ea5t cho nhu c\u1ea7u kinh doanh c\u1ee7a m\u00ecnh.<\/p>\n<p><img decoding=\"async\" src=\"https:\/\/fmp-components.com\/wp-content\/uploads\/2024\/12\/Adjustable-Clevis-Type-Cylinders-6.webp\" alt=\"Xi lanh lo\u1ea1i Clevis c\u00f3 th\u1ec3 \u0111i\u1ec1u ch\u1ec9nh\" width=\"853\" title=\"\"><br \/>\nT\u00e1c gi\u1ea3: CX<\/p>","protected":false},"excerpt":{"rendered":"<p>The Professional Small Telescopic Double Acting Dump Truck Hydraulic Ram Cylinder is a high-quality product designed for efficient and reliable performance. This hydraulic cylinder is specifically designed for dump trucks and features a double-acting design that ensures smooth and consistent operation. Constructed from durable materials, this hydraulic ram cylinder is built to withstand the demands [&hellip;]<\/p>","protected":false},"featured_media":1708,"comment_status":"closed","ping_status":"closed","template":"","meta":{"_et_pb_use_builder":"","_et_pb_old_content":"","_et_gb_content_width":""},"product_brand":[],"product_cat":[45],"product_tag":[34,48],"class_list":{"0":"post-1707","1":"product","2":"type-product","3":"status-publish","4":"has-post-thumbnail","6":"product_cat-inverted-telescopic-cylinder","7":"product_tag-hydraulic-cylinder","8":"product_tag-inverted-telescopic-cylinder","10":"first","11":"instock","12":"product-type-simple"},"_links":{"self":[{"href":"https:\/\/fmp-components.com\/vi\/wp-json\/wp\/v2\/product\/1707","targetHints":{"allow":["GET"]}}],"collection":[{"href":"https:\/\/fmp-components.com\/vi\/wp-json\/wp\/v2\/product"}],"about":[{"href":"https:\/\/fmp-components.com\/vi\/wp-json\/wp\/v2\/types\/product"}],"replies":[{"embeddable":true,"href":"https:\/\/fmp-components.com\/vi\/wp-json\/wp\/v2\/comments?post=1707"}],"wp:featuredmedia":[{"embeddable":true,"href":"https:\/\/fmp-components.com\/vi\/wp-json\/wp\/v2\/media\/1708"}],"wp:attachment":[{"href":"https:\/\/fmp-components.com\/vi\/wp-json\/wp\/v2\/media?parent=1707"}],"wp:term":[{"taxonomy":"product_brand","embeddable":true,"href":"https:\/\/fmp-components.com\/vi\/wp-json\/wp\/v2\/product_brand?post=1707"},{"taxonomy":"product_cat","embeddable":true,"href":"https:\/\/fmp-components.com\/vi\/wp-json\/wp\/v2\/product_cat?post=1707"},{"taxonomy":"product_tag","embeddable":true,"href":"https:\/\/fmp-components.com\/vi\/wp-json\/wp\/v2\/product_tag?post=1707"}],"curies":[{"name":"wp","href":"https:\/\/api.w.org\/{rel}","templated":true}]}}