{"id":1705,"date":"2024-12-23T07:01:59","date_gmt":"2024-12-23T07:01:59","guid":{"rendered":"https:\/\/fmp-components.com\/product\/hot-sale-10-ton-dump-truck-telescope-hydraulic-cylinder\/"},"modified":"2024-12-23T07:53:10","modified_gmt":"2024-12-23T07:53:10","slug":"hot-sale-10-ton-dump-truck-telescope-hydraulic-cylinder","status":"publish","type":"product","link":"https:\/\/fmp-components.com\/vi\/product\/hot-sale-10-ton-dump-truck-telescope-hydraulic-cylinder\/","title":{"rendered":"B\u00e1n ch\u1ea1y Xi lanh th\u1ee7y l\u1ef1c \u1ed1ng l\u1ed3ng cho xe ben 10 t\u1ea5n"},"content":{"rendered":"<p>Xi lanh th\u1ee7y l\u1ef1c Telescope cho xe ben 10 t\u1ea5n \u0111ang b\u00e1n ch\u1ea1y l\u00e0 s\u1ea3n ph\u1ea9m ch\u1ea5t l\u01b0\u1ee3ng cao v\u00e0 \u0111\u00e1ng tin c\u1eady, thi\u1ebft y\u1ebfu cho xe ben. V\u1edbi thi\u1ebft k\u1ebf v\u01b0\u1ee3t tr\u1ed9i v\u00e0 c\u00f4ng ngh\u1ec7 ti\u00ean ti\u1ebfn, xi lanh th\u1ee7y l\u1ef1c n\u00e0y mang l\u1ea1i hi\u1ec7u su\u1ea5t v\u00e0 \u0111\u1ed9 b\u1ec1n v\u01b0\u1ee3t tr\u1ed9i.<\/p>\n<p>\u0110\u01b0\u1ee3c thi\u1ebft k\u1ebf \u0111\u1eb7c bi\u1ec7t cho xe ben, xi lanh th\u1ee7y l\u1ef1c d\u1ea1ng \u1ed1ng l\u1ed3ng n\u00e0y c\u00f3 kh\u1ea3 n\u0103ng n\u00e2ng t\u1ea3i tr\u1ecdng l\u00ean \u0111\u1ebfn 10 t\u1ea5n. C\u1ea5u tr\u00fac ch\u1eafc ch\u1eafn \u0111\u1ea3m b\u1ea3o ho\u1ea1t \u0111\u1ed9ng l\u00e2u d\u00e0i, ngay c\u1ea3 trong nh\u1eefng \u0111i\u1ec1u ki\u1ec7n l\u00e0m vi\u1ec7c kh\u1eafc nghi\u1ec7t nh\u1ea5t. Xi lanh \u0111\u01b0\u1ee3c l\u00e0m t\u1eeb v\u1eadt li\u1ec7u cao c\u1ea5p, c\u00f3 kh\u1ea3 n\u0103ng ch\u1ed1ng \u0103n m\u00f2n v\u00e0 m\u00e0i m\u00f2n tuy\u1ec7t v\u1eddi, \u0111\u1ea3m b\u1ea3o xi lanh lu\u00f4n \u1edf trong t\u00ecnh tr\u1ea1ng t\u1ed1i \u01b0u trong th\u1eddi gian d\u00e0i.<\/p>\n<p>M\u1ed9t trong nh\u1eefng \u0111\u1eb7c \u0111i\u1ec3m n\u1ed5i b\u1eadt c\u1ee7a xi lanh th\u1ee7y l\u1ef1c n\u00e0y l\u00e0 thi\u1ebft k\u1ebf d\u1ea1ng \u1ed1ng l\u1ed3ng, cho ph\u00e9p n\u00e2ng v\u00e0 \u0111\u1ed5 v\u1eadt li\u1ec7u d\u1ec5 d\u00e0ng v\u00e0 hi\u1ec7u qu\u1ea3. Xi lanh bao g\u1ed3m nhi\u1ec1u t\u1ea7ng c\u00f3 th\u1ec3 k\u00e9o d\u00e0i v\u00e0 thu v\u00e0o khi c\u1ea7n thi\u1ebft, cung c\u1ea5p l\u1ef1c c\u1ea7n thi\u1ebft \u0111\u1ec3 n\u00e2ng v\u00e0 h\u1ea1 th\u00f9ng xe ben m\u1ed9t c\u00e1ch tr\u01a1n tru v\u00e0 an to\u00e0n.<\/p>\n<p>Xy lanh th\u1ee7y l\u1ef1c d\u1ea1ng \u1ed1ng l\u1ed3ng cho xe ben 10 t\u1ea5n Hot Sale c\u0169ng \u0111\u01b0\u1ee3c trang b\u1ecb h\u1ec7 th\u1ed1ng th\u1ee7y l\u1ef1c \u0111\u00e1ng tin c\u1eady, cho ph\u00e9p v\u1eadn h\u00e0nh tr\u01a1n tru v\u00e0 \u0111i\u1ec1u khi\u1ec3n ch\u00ednh x\u00e1c. H\u1ec7 th\u1ed1ng th\u1ee7y l\u1ef1c \u0111\u1ea3m b\u1ea3o chuy\u1ec3n \u0111\u1ed9ng li\u1ec1n m\u1ea1ch c\u1ee7a xi lanh, cho ph\u00e9p \u0111\u1ecbnh v\u1ecb ch\u00ednh x\u00e1c v\u00e0 \u0111\u1ed5 v\u1eadt li\u1ec7u hi\u1ec7u qu\u1ea3.<\/p>\n<p>Ngo\u00e0i hi\u1ec7u su\u1ea5t v\u01b0\u1ee3t tr\u1ed9i, xi lanh th\u1ee7y l\u1ef1c n\u00e0y c\u00f2n d\u1ec5 l\u1eafp \u0111\u1eb7t v\u00e0 b\u1ea3o tr\u00ec. S\u1ea3n ph\u1ea9m \u0111i k\u00e8m v\u1edbi t\u1ea5t c\u1ea3 c\u00e1c linh ki\u1ec7n v\u00e0 h\u01b0\u1edbng d\u1eabn c\u1ea7n thi\u1ebft, gi\u00fap qu\u00e1 tr\u00ecnh l\u1eafp \u0111\u1eb7t di\u1ec5n ra nhanh ch\u00f3ng v\u00e0 d\u1ec5 d\u00e0ng. Vi\u1ec7c b\u1ea3o tr\u00ec xi lanh th\u01b0\u1eddng xuy\u00ean s\u1ebd \u0111\u1ea3m b\u1ea3o tu\u1ed5i th\u1ecd v\u00e0 hi\u1ec7u su\u1ea5t t\u1ed1i \u01b0u c\u1ee7a xi lanh.<\/p>\n<table style=\"width: 100%;\" border=\"1\" width=\"100%\" cellspacing=\"0\" cellpadding=\"0\">\n<tbody>\n<tr>\n<th>T\u00ean s\u1ea3n ph\u1ea9m<\/th>\n<td>B\u00e1n ch\u1ea1y Xi lanh th\u1ee7y l\u1ef1c \u1ed1ng l\u1ed3ng cho xe ben 10 t\u1ea5n<\/td>\n<\/tr>\n<tr>\n<th>T\u00ecnh tr\u1ea1ng<\/th>\n<td>H\u00e0ng m\u1edbi<\/td>\n<\/tr>\n<tr>\n<th>B\u1ea3o h\u00e0nh<\/th>\n<td>1 n\u0103m<\/td>\n<\/tr>\n<tr>\n<th>S\u1ee9c n\u00e2ng<\/th>\n<td>10 t\u1ea5n<\/td>\n<\/tr>\n<tr>\n<th>Thi\u1ebft k\u1ebf<\/th>\n<td>K\u00ednh thi\u00ean v\u0103n<\/td>\n<\/tr>\n<tr>\n<th>\u0110\u1ed9 b\u1ec1n<\/th>\n<td>K\u1ebft c\u1ea5u ch\u1eafc ch\u1eafn<\/td>\n<\/tr>\n<tr>\n<th>C\u00e1c ng\u00e0nh c\u00f4ng nghi\u1ec7p \u00e1p d\u1ee5ng<\/th>\n<td>X\u00e2y d\u1ef1ng, Khai th\u00e1c, V\u1eadn t\u1ea3i, Nh\u00e0 m\u00e1y s\u1ea3n xu\u1ea5t, X\u01b0\u1edfng s\u1eeda ch\u1eefa m\u00e1y m\u00f3c, Trang tr\u1ea1i, N\u0103ng l\u01b0\u1ee3ng &amp; Khai th\u00e1c<\/td>\n<\/tr>\n<tr>\n<th>\u0110\u1ea3m b\u1ea3o ch\u1ea5t l\u01b0\u1ee3ng<\/th>\n<td>Video B\u00e1o c\u00e1o ki\u1ec3m tra \u0111\u1ea7u ra v\u00e0 th\u1eed nghi\u1ec7m m\u00e1y m\u00f3c<\/td>\n<\/tr>\n<tr>\n<th>Hi\u1ec7u su\u1ea5t<\/th>\n<td>Hi\u1ec7u su\u1ea5t v\u01b0\u1ee3t tr\u1ed9i v\u00e0 n\u0103ng su\u1ea5t t\u0103ng cao<\/td>\n<\/tr>\n<\/tbody>\n<\/table>\n<h2>C\u00e1c t\u00ednh n\u0103ng c\u1ee7a xi lanh th\u1ee7y l\u1ef1c \u1ed1ng l\u1ed3ng xe ben 10 t\u1ea5n<\/h2>\n<p><img decoding=\"async\" src=\"https:\/\/hzpt.com\/wp-content\/uploads\/2023\/11\/Inverted-Telescopic-Cylinder-9.webp\" alt=\"\" title=\"\"><\/p>\n<ol>\n<li>Ti\u00eau chu\u1ea9n v\u00e0 Kh\u00f4ng ti\u00eau chu\u1ea9n: C\u00f3 c\u1ea5u tr\u00fac ti\u00eau chu\u1ea9n, t\u01b0\u01a1ng th\u00edch v\u1edbi nhi\u1ec1u lo\u1ea1i m\u00e1y m\u00f3c kh\u00e1c nhau.<\/li>\n<li>Hi\u1ec7u su\u1ea5t m\u1ea1nh m\u1ebd: Xi lanh th\u1ee7y l\u1ef1c ho\u1ea1t \u0111\u1ed9ng b\u1eb1ng n\u0103ng l\u01b0\u1ee3ng th\u1ee7y l\u1ef1c, \u0111\u1ea3m b\u1ea3o hi\u1ec7u su\u1ea5t m\u1ea1nh m\u1ebd v\u00e0 hi\u1ec7u qu\u1ea3.<\/li>\n<li>V\u1eadt li\u1ec7u th\u00e2n b\u1ec1n: Xi lanh \u0111\u01b0\u1ee3c l\u00e0m b\u1eb1ng th\u00e9p, \u0111\u1ea3m b\u1ea3o \u0111\u1ed9 b\u1ec1n v\u00e0 kh\u1ea3 n\u0103ng ch\u1ed1ng m\u00e0i m\u00f2n.<\/li>\n<li>C\u00f3 th\u1ec3 t\u00f9y ch\u1ec9nh: Xi lanh c\u00f3 nhi\u1ec1u k\u00edch th\u01b0\u1edbc l\u1ed7, k\u00edch th\u01b0\u1edbc thanh, k\u00edch th\u01b0\u1edbc h\u00e0nh tr\u00ecnh v\u00e0 k\u00edch th\u01b0\u1edbc ch\u1ed1t kh\u00e1c nhau, cho ph\u00e9p ng\u01b0\u1eddi d\u00f9ng t\u00f9y ch\u1ec9nh theo y\u00eau c\u1ea7u c\u1ee7a h\u1ecd.<\/li>\n<li>\u0110\u01b0\u1ee3c ch\u1ee9ng nh\u1eadn: Xi lanh th\u1ee7y l\u1ef1c \u0111\u01b0\u1ee3c ch\u1ee9ng nh\u1eadn ISO9001:2000, \u0111\u1ea3m b\u1ea3o ch\u1ea5t l\u01b0\u1ee3ng v\u00e0 \u0111\u1ed9 tin c\u1eady.<\/li>\n<\/ol>\n<h2>\u1ee8ng d\u1ee5ng c\u1ee7a xi lanh th\u1ee7y l\u1ef1c k\u00ednh thi\u00ean v\u0103n xe ben 10 t\u1ea5n<\/h2>\n<ol>\n<li>Nh\u00e0 m\u00e1y s\u1ea3n xu\u1ea5t: \u0110\u01b0\u1ee3c s\u1eed d\u1ee5ng cho nhi\u1ec1u ho\u1ea1t \u0111\u1ed9ng v\u00e0 nhi\u1ec7m v\u1ee5 kh\u00e1c nhau trong nh\u00e0 m\u00e1y s\u1ea3n xu\u1ea5t.<\/li>\n<li>X\u01b0\u1edfng s\u1eeda ch\u1eefa m\u00e1y m\u00f3c: C\u1ea7n thi\u1ebft cho vi\u1ec7c s\u1eeda ch\u1eefa v\u00e0 thay th\u1ebf m\u00e1y m\u00f3c.<\/li>\n<li>Trang tr\u1ea1i: \u0110\u01b0\u1ee3c s\u1eed d\u1ee5ng trong m\u00e1y m\u00f3c n\u00f4ng nghi\u1ec7p h\u1ea1ng n\u1eb7ng cho nhi\u1ec1u nhi\u1ec7m v\u1ee5 n\u00f4ng nghi\u1ec7p kh\u00e1c nhau.<\/li>\n<li>N\u0103ng l\u01b0\u1ee3ng v\u00e0 khai th\u00e1c: \u0110\u01b0\u1ee3c s\u1eed d\u1ee5ng trong thi\u1ebft b\u1ecb khai th\u00e1c v\u00e0 m\u00e1y m\u00f3c s\u1ea3n xu\u1ea5t n\u0103ng l\u01b0\u1ee3ng.<\/li>\n<li>Ch\u1ebf t\u1ea1o m\u00e1y m\u00f3c: M\u1ed9t ph\u1ea7n kh\u00f4ng th\u1ec3 thi\u1ebfu c\u1ee7a nhi\u1ec1u quy tr\u00ecnh ch\u1ebf t\u1ea1o m\u00e1y m\u00f3c.<\/li>\n<\/ol>\n<p><img decoding=\"async\" src=\"https:\/\/hzpt.com\/wp-content\/uploads\/2023\/11\/Inverted-Telescopic-Cylinder-Applications.webp\" alt=\"\u1ee8ng d\u1ee5ng c\u1ee7a xi lanh th\u1ee7y l\u1ef1c k\u00ednh thi\u00ean v\u0103n xe ben 10 t\u1ea5n\" title=\"\"><\/p>\n<h2>Nguy\u00ean l\u00fd ho\u1ea1t \u0111\u1ed9ng v\u00e0 b\u1ea3o d\u01b0\u1ee1ng xi lanh th\u1ee7y l\u1ef1c \u1ed1ng l\u1ed3ng xe ben 10 t\u1ea5n<\/h2>\n<ol>\n<li>C\u1ea5u h\u00ecnh: Xi lanh th\u1ee7y l\u1ef1c \u0111\u01b0\u1ee3c c\u1ea5u t\u1ea1o t\u1eeb c\u00e1c th\u00e0nh ph\u1ea7n c\u1ed1t l\u00f5i bao g\u1ed3m \u1ed5 tr\u1ee5c v\u00e0 xi lanh p\u00edt t\u00f4ng.<\/li>\n<li>\u0110\u1ea7u v\u00e0o ch\u1ea5t l\u1ecfng th\u1ee7y l\u1ef1c: Xi lanh ho\u1ea1t \u0111\u1ed9ng b\u1eb1ng n\u0103ng l\u01b0\u1ee3ng th\u1ee7y l\u1ef1c, trong \u0111\u00f3 ch\u1ea5t l\u1ecfng l\u00e0 y\u1ebfu t\u1ed1 ch\u00ednh th\u00fac \u0111\u1ea9y h\u1ec7 th\u1ed1ng.<\/li>\n<li>L\u1ef1c \u0111\u1ea7u ra: Xy lanh t\u1ea1o ra l\u1ef1c \u0111\u1ea9y t\u1ed1i \u0111a l\u00e0 3000 v\u00e0 l\u1ef1c k\u00e9o t\u1ed1i \u0111a l\u00e0 20 t\u1ea5n, khi\u1ebfn n\u00f3 tr\u1edf th\u00e0nh m\u1ed9t b\u1ed9 ph\u1eadn m\u1ea1nh m\u1ebd trong b\u1ea5t k\u1ef3 m\u00e1y m\u00f3c n\u00e0o.<\/li>\n<li>B\u1ea3o tr\u00ec: Ki\u1ec3m tra v\u00e0 v\u1ec7 sinh th\u01b0\u1eddng xuy\u00ean l\u00e0 r\u1ea5t quan tr\u1ecdng \u0111\u1ec3 xi lanh ho\u1ea1t \u0111\u1ed9ng hi\u1ec7u qu\u1ea3. Ngo\u00e0i ra, vi\u1ec7c b\u00f4i tr\u01a1n \u0111\u00fang c\u00e1ch c\u0169ng c\u1ea7n thi\u1ebft \u0111\u1ec3 c\u00e1c b\u1ed9 ph\u1eadn ho\u1ea1t \u0111\u1ed9ng tr\u01a1n tru.<\/li>\n<li>Thay th\u1ebf ph\u1edbt: Theo th\u1eddi gian, ph\u1edbt c\u1ee7a xi lanh c\u00f3 th\u1ec3 b\u1ecb m\u00f2n. Vi\u1ec7c thay th\u1ebf ph\u1edbt th\u01b0\u1eddng xuy\u00ean c\u00f3 th\u1ec3 \u0111\u1ea3m b\u1ea3o tu\u1ed5i th\u1ecd v\u00e0 hi\u1ec7u su\u1ea5t c\u1ee7a xi lanh t\u1ed1t h\u01a1n.<\/li>\n<\/ol>\n<h2>H\u00ecnh tr\u1ee5 \u1ed1ng l\u1ed3ng ng\u01b0\u1ee3c<\/h2>\n<p>Trong l\u0129nh v\u1ef1c h\u1ec7 th\u1ed1ng th\u1ee7y l\u1ef1c, xi lanh \u1ed1ng l\u1ed3ng ng\u01b0\u1ee3c l\u00e0 m\u1ed9t thi\u1ebft k\u1ebf \u0111\u1ed9c \u0111\u00e1o v\u00e0 s\u00e1ng t\u1ea1o, mang l\u1ea1i nhi\u1ec1u \u01b0u \u0111i\u1ec3m so v\u1edbi xi lanh th\u1ee7y l\u1ef1c truy\u1ec1n th\u1ed1ng. N\u00f3 \u0111\u01b0\u1ee3c s\u1eed d\u1ee5ng r\u1ed9ng r\u00e3i trong nhi\u1ec1u ng\u00e0nh c\u00f4ng nghi\u1ec7p, bao g\u1ed3m x\u00e2y d\u1ef1ng, khai th\u00e1c m\u1ecf v\u00e0 v\u1eadn t\u1ea3i. H\u00e3y c\u00f9ng kh\u00e1m ph\u00e1 c\u00e1c t\u00ednh n\u0103ng v\u00e0 l\u1ee3i \u00edch c\u1ee7a b\u1ed9 ph\u1eadn th\u1ee7y l\u1ef1c \u0111\u00e1ng ch\u00fa \u00fd n\u00e0y:<\/p>\n<h3>1. C\u1ea5u tr\u00fac v\u00e0 nguy\u00ean l\u00fd ho\u1ea1t \u0111\u1ed9ng<\/h3>\n<p>Xi lanh \u1ed1ng l\u1ed3ng ng\u01b0\u1ee3c bao g\u1ed3m m\u1ed9t lo\u1ea1t c\u00e1c \u1ed1ng h\u00ecnh tr\u1ee5 l\u1ed3ng v\u00e0o nhau, c\u00f3 th\u1ec3 k\u00e9o d\u00e0i v\u00e0 thu v\u00e0o. \u1ed0ng ngo\u00e0i c\u00f9ng l\u00e0 \u1ed1ng l\u1edbn nh\u1ea5t v\u00e0 ch\u1ee9a c\u00e1c \u1ed1ng nh\u1ecf h\u01a1n b\u00ean trong. Thi\u1ebft k\u1ebf n\u00e0y cho ph\u00e9p t\u1ea1o ra m\u1ed9t h\u1ec7 th\u1ed1ng th\u1ee7y l\u1ef1c nh\u1ecf g\u1ecdn v\u00e0 ti\u1ebft ki\u1ec7m kh\u00f4ng gian.<\/p>\n<p>Khi \u00e1p l\u1ef1c th\u1ee7y l\u1ef1c \u0111\u01b0\u1ee3c \u00e1p d\u1ee5ng, \u1ed1ng trong c\u00f9ng s\u1ebd gi\u00e3n ra, \u0111\u1ea9y \u1ed1ng li\u1ec1n k\u1ec1 ra ngo\u00e0i. Qu\u00e1 tr\u00ecnh n\u00e0y ti\u1ebfp t\u1ee5c cho \u0111\u1ebfn khi \u0111\u1ea1t \u0111\u01b0\u1ee3c \u0111\u1ed9 gi\u00e3n mong mu\u1ed1n. Qu\u00e1 tr\u00ecnh thu l\u1ea1i th\u00ec ng\u01b0\u1ee3c l\u1ea1i, m\u1ed7i \u1ed1ng s\u1ebd thu v\u00e0o \u1ed1ng l\u1edbn h\u01a1n ti\u1ebfp theo cho \u0111\u1ebfn khi thu l\u1ea1i ho\u00e0n to\u00e0n.<\/p>\n<p>Thi\u1ebft k\u1ebf d\u1ea1ng \u1ed1ng l\u1ed3ng \u0111\u1ed9c \u0111\u00e1o n\u00e0y cung c\u1ea5p chi\u1ec1u d\u00e0i h\u00e0nh tr\u00ecnh l\u1edbn h\u01a1n so v\u1edbi c\u00e1c xi lanh truy\u1ec1n th\u1ed1ng, khi\u1ebfn n\u00f3 tr\u1edf n\u00ean l\u00fd t\u01b0\u1edfng cho c\u00e1c \u1ee9ng d\u1ee5ng \u0111\u00f2i h\u1ecfi t\u1ea7m v\u1edbi v\u00e0 kh\u1ea3 n\u0103ng n\u00e2ng l\u1edbn.<\/p>\n<h3>2. Kh\u1ea3 n\u0103ng ch\u1ecbu t\u1ea3i \u0111\u01b0\u1ee3c c\u1ea3i thi\u1ec7n<\/h3>\n<p>Xi lanh \u1ed1ng l\u1ed3ng ng\u01b0\u1ee3c t\u1ef1 h\u00e0o c\u00f3 kh\u1ea3 n\u0103ng ch\u1ecbu t\u1ea3i v\u01b0\u1ee3t tr\u1ed9i, ph\u00f9 h\u1ee3p cho c\u00e1c \u1ee9ng d\u1ee5ng h\u1ea1ng n\u1eb7ng nh\u01b0 xe ben, c\u1ea7n c\u1ea9u v\u00e0 thi\u1ebft b\u1ecb x\u1eed l\u00fd v\u1eadt li\u1ec7u. Thi\u1ebft k\u1ebf c\u1ee7a n\u00f3 cho ph\u00e9p t\u0103ng c\u01b0\u1eddng \u0111\u1ed9 \u1ed5n \u0111\u1ecbnh v\u00e0 ph\u00e2n b\u1ed5 tr\u1ecdng l\u01b0\u1ee3ng, \u0111\u1ea3m b\u1ea3o hi\u1ec7u su\u1ea5t \u0111\u00e1ng tin c\u1eady v\u00e0 hi\u1ec7u qu\u1ea3 ngay c\u1ea3 d\u01b0\u1edbi t\u1ea3i tr\u1ecdng c\u1ef1c l\u1edbn.<\/p>\n<p>V\u00ed d\u1ee5, v\u1edbi xi lanh th\u1ee7y l\u1ef1c d\u1ea1ng \u1ed1ng l\u1ed3ng cho xe ben 10 t\u1ea5n \u0111ang b\u00e1n ch\u1ea1y, thi\u1ebft k\u1ebf d\u1ea1ng \u1ed1ng l\u1ed3ng ng\u01b0\u1ee3c cho ph\u00e9p xi lanh ch\u1ecbu \u0111\u01b0\u1ee3c \u00e1p su\u1ea5t v\u00e0 tr\u1ecdng l\u01b0\u1ee3ng r\u1ea5t l\u1edbn c\u1ee7a t\u1ea3i tr\u1ecdng, mang l\u1ea1i ho\u1ea1t \u0111\u1ed9ng n\u00e2ng v\u00e0 \u0111\u1ed5 tr\u01a1n tru v\u00e0 \u0111\u00e1ng tin c\u1eady.<\/p>\n<h3>3. \u0110\u1ed9 b\u1ec1n v\u00e0 t\u00ednh to\u00e0n v\u1eb9n c\u1ee7a ph\u1edbt \u0111\u01b0\u1ee3c c\u1ea3i thi\u1ec7n<\/h3>\n<p>M\u1ed9t trong nh\u1eefng \u01b0u \u0111i\u1ec3m ch\u00ednh c\u1ee7a xi lanh \u1ed1ng l\u1ed3ng ng\u01b0\u1ee3c l\u00e0 t\u00ednh to\u00e0n v\u1eb9n ph\u1edbt v\u01b0\u1ee3t tr\u1ed9i. C\u1ea5u tr\u00fac \u1ed1ng l\u1ed3ng nhau gi\u00fap gi\u1ea3m thi\u1ec3u s\u1ef1 ti\u1ebfp x\u00fac c\u1ee7a ph\u1edbt v\u1edbi c\u00e1c ch\u1ea5t g\u00e2y \u00f4 nhi\u1ec5m b\u00ean ngo\u00e0i nh\u01b0 b\u1ee5i, \u0111\u1ea5t v\u00e0 h\u01a1i \u1ea9m. \u0110i\u1ec1u n\u00e0y gi\u00fap t\u0103ng c\u01b0\u1eddng \u0111\u1ed9 b\u1ec1n v\u00e0 tu\u1ed5i th\u1ecd c\u1ee7a xi lanh, gi\u1ea3m nguy c\u01a1 h\u1ecfng ph\u1edbt v\u00e0 r\u00f2 r\u1ec9 ch\u1ea5t l\u1ecfng th\u1ee7y l\u1ef1c.<\/p>\n<p>\u0110\u1ed9 k\u00edn l\u00e2u d\u00e0i c\u1ee7a xi lanh \u1ed1ng l\u1ed3ng ng\u01b0\u1ee3c \u0111\u1ea3m b\u1ea3o nhu c\u1ea7u b\u1ea3o tr\u00ec t\u1ed1i thi\u1ec3u v\u00e0 gi\u1ea3m th\u1eddi gian ng\u1eebng ho\u1ea1t \u0111\u1ed9ng c\u0169ng nh\u01b0 c\u00e1c chi ph\u00ed li\u00ean quan.<\/p>\n<h3>4. Thi\u1ebft k\u1ebf nh\u1ecf g\u1ecdn v\u00e0 ti\u1ebft ki\u1ec7m kh\u00f4ng gian<\/h3>\n<p>Thi\u1ebft k\u1ebf nh\u1ecf g\u1ecdn c\u1ee7a xi lanh \u1ed1ng l\u1ed3ng ng\u01b0\u1ee3c gi\u00fap ti\u1ebft ki\u1ec7m kh\u00f4ng gian t\u1ed1i \u0111a. C\u1ea5u tr\u00fac \u1ed1ng l\u1ed3ng nhau cho ph\u00e9p r\u00fat ng\u1eafn chi\u1ec1u d\u00e0i khi thu v\u00e0o so v\u1edbi xi lanh truy\u1ec1n th\u1ed1ng, l\u00e0 l\u1ef1a ch\u1ecdn l\u00fd t\u01b0\u1edfng cho c\u00e1c \u1ee9ng d\u1ee5ng c\u00f3 kh\u00f4ng gian l\u1eafp \u0111\u1eb7t h\u1ea1n ch\u1ebf.<\/p>\n<p>V\u00ed d\u1ee5, trong c\u1ea7n c\u1ea9u ho\u1eb7c thi\u1ebft b\u1ecb n\u00e2ng c\u00f3 kh\u00f4ng gian h\u1ea1n ch\u1ebf, xi lanh \u1ed1ng l\u1ed3ng ng\u01b0\u1ee3c cho ph\u00e9p thi\u1ebft b\u1ecb ho\u1ea1t \u0111\u1ed9ng \u1edf nh\u1eefng khu v\u1ef1c h\u1ea1n ch\u1ebf m\u00e0 kh\u00f4ng \u1ea3nh h\u01b0\u1edfng \u0111\u1ebfn hi\u1ec7u su\u1ea5t ho\u1eb7c kh\u1ea3 n\u0103ng n\u00e2ng.<\/p>\n<h3>5. Ki\u1ec3m so\u00e1t v\u00e0 \u1ed5n \u0111\u1ecbnh n\u00e2ng cao<\/h3>\n<p>Xi lanh \u1ed1ng l\u1ed3ng ng\u01b0\u1ee3c mang l\u1ea1i kh\u1ea3 n\u0103ng ki\u1ec3m so\u00e1t v\u00e0 \u0111\u1ed9 \u1ed5n \u0111\u1ecbnh tuy\u1ec7t v\u1eddi trong qu\u00e1 tr\u00ecnh v\u1eadn h\u00e0nh. Thi\u1ebft k\u1ebf \u1ed1ng l\u1ed3ng nhau gi\u1ea3m thi\u1ec3u nguy c\u01a1 cong v\u00eanh, \u0111\u1ea3m b\u1ea3o chuy\u1ec3n \u0111\u1ed9ng m\u01b0\u1ee3t m\u00e0 v\u00e0 ch\u00ednh x\u00e1c ngay c\u1ea3 khi ch\u1ecbu t\u1ea3i n\u1eb7ng.<\/p>\n<p>Ngo\u00e0i ra, thi\u1ebft k\u1ebf \u0111\u1ed9c \u0111\u00e1o c\u1ee7a xi lanh \u1ed1ng l\u1ed3ng ng\u01b0\u1ee3c gi\u00fap gi\u1ea3m t\u00e1c \u0111\u1ed9ng c\u1ee7a t\u1ea3i tr\u1ecdng b\u00ean, g\u00f3p ph\u1ea7n c\u1ea3i thi\u1ec7n t\u00ednh \u1ed5n \u0111\u1ecbnh v\u00e0 an to\u00e0n trong qu\u00e1 tr\u00ecnh v\u1eadn h\u00e0nh.<\/p>\n<p>T\u00f3m l\u1ea1i, xi lanh th\u1ee7y l\u1ef1c d\u1ea1ng \u1ed1ng l\u1ed3ng ng\u01b0\u1ee3c l\u00e0 m\u1ed9t thi\u1ebft b\u1ecb th\u1ee7y l\u1ef1c mang t\u00ednh c\u00e1ch m\u1ea1ng, mang l\u1ea1i nhi\u1ec1u \u01b0u \u0111i\u1ec3m so v\u1edbi xi lanh truy\u1ec1n th\u1ed1ng. V\u1edbi thi\u1ebft k\u1ebf nh\u1ecf g\u1ecdn, kh\u1ea3 n\u0103ng ch\u1ecbu t\u1ea3i \u0111\u01b0\u1ee3c c\u1ea3i thi\u1ec7n, \u0111\u1ed9 b\u1ec1n cao, ti\u1ebft ki\u1ec7m kh\u00f4ng gian v\u00e0 kh\u1ea3 n\u0103ng \u0111i\u1ec1u khi\u1ec3n \u0111\u01b0\u1ee3c c\u1ea3i thi\u1ec7n, \u0111\u00e2y l\u00e0 l\u1ef1a ch\u1ecdn \u01b0u ti\u00ean cho nhi\u1ec1u ng\u00e0nh c\u00f4ng nghi\u1ec7p \u0111\u00f2i h\u1ecfi h\u1ec7 th\u1ed1ng th\u1ee7y l\u1ef1c hi\u1ec7u su\u1ea5t cao.<\/p>\n<h3>Gi\u1edbi thi\u1ec7u v\u1ec1 FMP \u2013 Xi lanh th\u1ee7y l\u1ef1c<\/h3>\n<p>T\u1ea1i FMP, ch\u00fang t\u00f4i chuy\u00ean b\u00e1n v\u00e0 b\u1ea3o d\u01b0\u1ee1ng c\u00e1c ph\u1ee5 t\u00f9ng m\u00e1y m\u00f3c x\u00e2y d\u1ef1ng v\u00e0 m\u00e1y m\u00f3c ho\u00e0n ch\u1ec9nh ch\u1ea5t l\u01b0\u1ee3ng cao. Xi lanh th\u1ee7y l\u1ef1c c\u1ee7a ch\u00fang t\u00f4i l\u00e0 m\u1ed9t trong nh\u1eefng s\u1ea3n ph\u1ea9m ph\u1ed5 bi\u1ebfn nh\u1ea5t c\u1ee7a ch\u00fang t\u00f4i, v\u00e0 \u0111i\u1ec1u n\u00e0y ho\u00e0n to\u00e0n c\u00f3 l\u00fd do. D\u01b0\u1edbi \u0111\u00e2y l\u00e0 n\u0103m l\u00fd do t\u1ea1i sao xi lanh th\u1ee7y l\u1ef1c c\u1ee7a FMP l\u00e0 l\u1ef1a ch\u1ecdn t\u1ed1t nh\u1ea5t cho nhu c\u1ea7u m\u00e1y m\u00f3c x\u00e2y d\u1ef1ng c\u1ee7a b\u1ea1n:<\/p>\n<p>1. <strong>V\u1eadt li\u1ec7u ch\u1ea5t l\u01b0\u1ee3ng h\u00e0ng \u0111\u1ea7u<\/strong>:Xi lanh th\u1ee7y l\u1ef1c c\u1ee7a ch\u00fang t\u00f4i \u0111\u01b0\u1ee3c l\u00e0m t\u1eeb v\u1eadt li\u1ec7u b\u1ec1n v\u00e0 \u0111\u00e1ng tin c\u1eady, \u0111\u1ea3m b\u1ea3o hi\u1ec7u su\u1ea5t l\u00e2u d\u00e0i v\u00e0 y\u00eau c\u1ea7u b\u1ea3o tr\u00ec t\u1ed1i thi\u1ec3u.<\/p>\n<p>2. <strong>T\u00f9y ch\u1ecdn c\u00f3 th\u1ec3 t\u00f9y ch\u1ec9nh<\/strong>: Ch\u00fang t\u00f4i cung c\u1ea5p xi lanh lo\u1ea1i ch\u1ed1t c\u00f3 th\u1ec3 \u0111i\u1ec1u ch\u1ec9nh, c\u0169ng nh\u01b0 c\u00e1c t\u00f9y ch\u1ecdn t\u00f9y ch\u1ec9nh kh\u00e1c \u0111\u1ec3 \u0111\u00e1p \u1ee9ng nhu c\u1ea7u c\u1ee5 th\u1ec3 c\u1ee7a b\u1ea1n. V\u1edbi chuy\u00ean m\u00f4n v\u1ec1 ph\u1ee5 t\u00f9ng m\u00e1y m\u00f3c x\u00e2y d\u1ef1ng, ch\u00fang t\u00f4i c\u00f3 th\u1ec3 h\u1ee3p t\u00e1c v\u1edbi b\u1ea1n \u0111\u1ec3 t\u00ecm ra gi\u1ea3i ph\u00e1p t\u1ed1t nh\u1ea5t cho thi\u1ebft b\u1ecb c\u1ee7a b\u1ea1n.<\/p>\n<p>3. <strong>\u0110\u1ed9i ng\u0169 chuy\u00ean gia<\/strong>: \u0110\u1ed9i ng\u0169 b\u00e1n h\u00e0ng gi\u00e0u kinh nghi\u1ec7m v\u00e0 k\u1ef9 n\u0103ng c\u1ee7a ch\u00fang t\u00f4i am hi\u1ec3u c\u00e1c xu h\u01b0\u1edbng m\u1edbi nh\u1ea5t trong ng\u00e0nh v\u00e0 nhu c\u1ea7u c\u1ee7a kh\u00e1ch h\u00e0ng trong ng\u00e0nh m\u00e1y m\u00f3c x\u00e2y d\u1ef1ng. H\u1ecd c\u00f3 th\u1ec3 t\u01b0 v\u1ea5n s\u1ea3n ph\u1ea9m chuy\u00ean nghi\u1ec7p v\u00e0 \u0111\u01b0a ra nh\u1eefng g\u1ee3i \u00fd mua h\u00e0ng th\u00f4ng minh, gi\u00fap b\u1ea1n \u0111\u01b0a ra quy\u1ebft \u0111\u1ecbnh t\u1ed1t nh\u1ea5t cho doanh nghi\u1ec7p c\u1ee7a m\u00ecnh.<\/p>\n<p>4. <strong>H\u1eadu c\u1ea7n hi\u1ec7u qu\u1ea3<\/strong>: Ch\u00fang t\u00f4i c\u00f3 h\u1ec7 th\u1ed1ng ph\u00e2n ph\u1ed1i h\u1eadu c\u1ea7n hi\u1ec7u qu\u1ea3 \u0111\u1ec3 \u0111\u1ea3m b\u1ea3o kh\u00e1ch h\u00e0ng nh\u1eadn \u0111\u01b0\u1ee3c c\u00e1c ph\u1ee5 t\u00f9ng c\u1ea7n thi\u1ebft m\u1ed9t c\u00e1ch k\u1ecbp th\u1eddi v\u00e0 ch\u00ednh x\u00e1c. \u0110i\u1ec1u n\u00e0y \u0111\u1ed3ng ngh\u0129a v\u1edbi vi\u1ec7c gi\u1ea3m thi\u1ec3u th\u1eddi gian ng\u1eebng ho\u1ea1t \u0111\u1ed9ng c\u1ee7a m\u00e1y m\u00f3c x\u00e2y d\u1ef1ng v\u00e0 \u0111\u1ea3m b\u1ea3o ho\u1ea1t \u0111\u1ed9ng kinh doanh th\u00f4ng su\u1ed1t.<\/p>\n<p>5. <strong>Ki\u1ec3m so\u00e1t ch\u1ea5t l\u01b0\u1ee3ng nghi\u00eam ng\u1eb7t<\/strong>:Ch\u00fang t\u00f4i thi\u1ebft l\u1eadp m\u1ed1i quan h\u1ec7 h\u1ee3p t\u00e1c l\u00e2u d\u00e0i v\u00e0 \u1ed5n \u0111\u1ecbnh v\u1edbi nhi\u1ec1u nh\u00e0 cung c\u1ea5p ch\u1ea5t l\u01b0\u1ee3ng cao trong v\u00e0 ngo\u00e0i n\u01b0\u1edbc, \u0111\u1ea3m b\u1ea3o r\u1eb1ng t\u1ea5t c\u1ea3 c\u00e1c b\u1ed9 ph\u1eadn \u0111\u01b0\u1ee3c cung c\u1ea5p, bao g\u1ed3m c\u1ea3 Xi lanh th\u1ee7y l\u1ef1c c\u1ee7a ch\u00fang t\u00f4i, \u0111\u1ec1u \u0111\u00e1p \u1ee9ng c\u00e1c ti\u00eau chu\u1ea9n ch\u1ea5t l\u01b0\u1ee3ng nghi\u00eam ng\u1eb7t.<\/p>\n<p>V\u1edbi Xi lanh th\u1ee7y l\u1ef1c FMP, b\u1ea1n c\u00f3 th\u1ec3 ho\u00e0n to\u00e0n y\u00ean t\u00e2m v\u1ec1 ch\u1ea5t l\u01b0\u1ee3ng v\u00e0 \u0111\u1ed9 tin c\u1eady c\u1ee7a m\u00e1y m\u00f3c x\u00e2y d\u1ef1ng. H\u00e3y li\u00ean h\u1ec7 v\u1edbi ch\u00fang t\u00f4i ngay h\u00f4m nay \u0111\u1ec3 t\u00ecm hi\u1ec3u th\u00eam v\u1ec1 s\u1ea3n ph\u1ea9m v\u00e0 c\u00e1ch ch\u00fang t\u00f4i c\u00f3 th\u1ec3 gi\u00fap b\u1ea1n t\u00ecm ra gi\u1ea3i ph\u00e1p t\u1ed1t nh\u1ea5t cho nhu c\u1ea7u kinh doanh c\u1ee7a m\u00ecnh.<\/p>\n<p><img decoding=\"async\" src=\"https:\/\/fmp-components.com\/wp-content\/uploads\/2024\/12\/Adjustable-Clevis-Type-Cylinders-6.webp\" alt=\"Xi lanh lo\u1ea1i Clevis c\u00f3 th\u1ec3 \u0111i\u1ec1u ch\u1ec9nh\" width=\"853\" title=\"\"><br \/>\nT\u00e1c gi\u1ea3: CX<\/p>","protected":false},"excerpt":{"rendered":"<p>The Hot Sale 10 Ton Dump Truck Telescope Hydraulic Cylinder is a high-quality and reliable product that is essential for dump trucks. With its superior design and advanced technology, this hydraulic cylinder offers exceptional performance and durability. Designed specifically for dump trucks, this telescopic hydraulic cylinder is capable of lifting heavy loads up to 10 [&hellip;]<\/p>","protected":false},"featured_media":1706,"comment_status":"closed","ping_status":"closed","template":"","meta":{"_et_pb_use_builder":"","_et_pb_old_content":"","_et_gb_content_width":""},"product_brand":[],"product_cat":[15],"product_tag":[34,48],"class_list":{"0":"post-1705","1":"product","2":"type-product","3":"status-publish","4":"has-post-thumbnail","6":"product_cat-uncategorized","7":"product_tag-hydraulic-cylinder","8":"product_tag-inverted-telescopic-cylinder","10":"first","11":"instock","12":"product-type-simple"},"_links":{"self":[{"href":"https:\/\/fmp-components.com\/vi\/wp-json\/wp\/v2\/product\/1705","targetHints":{"allow":["GET"]}}],"collection":[{"href":"https:\/\/fmp-components.com\/vi\/wp-json\/wp\/v2\/product"}],"about":[{"href":"https:\/\/fmp-components.com\/vi\/wp-json\/wp\/v2\/types\/product"}],"replies":[{"embeddable":true,"href":"https:\/\/fmp-components.com\/vi\/wp-json\/wp\/v2\/comments?post=1705"}],"wp:featuredmedia":[{"embeddable":true,"href":"https:\/\/fmp-components.com\/vi\/wp-json\/wp\/v2\/media\/1706"}],"wp:attachment":[{"href":"https:\/\/fmp-components.com\/vi\/wp-json\/wp\/v2\/media?parent=1705"}],"wp:term":[{"taxonomy":"product_brand","embeddable":true,"href":"https:\/\/fmp-components.com\/vi\/wp-json\/wp\/v2\/product_brand?post=1705"},{"taxonomy":"product_cat","embeddable":true,"href":"https:\/\/fmp-components.com\/vi\/wp-json\/wp\/v2\/product_cat?post=1705"},{"taxonomy":"product_tag","embeddable":true,"href":"https:\/\/fmp-components.com\/vi\/wp-json\/wp\/v2\/product_tag?post=1705"}],"curies":[{"name":"wp","href":"https:\/\/api.w.org\/{rel}","templated":true}]}}