{"id":1703,"date":"2024-12-23T07:01:59","date_gmt":"2024-12-23T07:01:59","guid":{"rendered":"https:\/\/fmp-components.com\/product\/superior-quality-dump-truck-4-stage-hydraulic-telescopic-cylinder\/"},"modified":"2025-03-18T01:50:46","modified_gmt":"2025-03-18T01:50:46","slug":"superior-quality-dump-truck-4-stage-hydraulic-telescopic-cylinder","status":"publish","type":"product","link":"https:\/\/fmp-components.com\/vi\/product\/superior-quality-dump-truck-4-stage-hydraulic-telescopic-cylinder\/","title":{"rendered":"Xe ben ch\u1ea5t l\u01b0\u1ee3ng cao 4 xi lanh th\u1ee7y l\u1ef1c d\u1ea1ng \u1ed1ng l\u1ed3ng"},"content":{"rendered":"<p>Xi lanh th\u1ee7y l\u1ef1c 4 c\u1ea5p ch\u1ea5t l\u01b0\u1ee3ng cao d\u00e0nh cho xe ben l\u00e0 gi\u1ea3i ph\u00e1p ho\u00e0n h\u1ea3o cho nh\u1eefng ai c\u1ea7n m\u1ed9t xi lanh th\u1ee7y l\u1ef1c m\u1ea1nh m\u1ebd v\u00e0 \u0111\u00e1ng tin c\u1eady. V\u1edbi thi\u1ebft k\u1ebf s\u00e1ng t\u1ea1o v\u00e0 v\u1eadt li\u1ec7u cao c\u1ea5p, xi lanh n\u00e0y c\u00f3 th\u1ec3 d\u1ec5 d\u00e0ng x\u1eed l\u00fd nh\u1eefng c\u00f4ng vi\u1ec7c kh\u00f3 kh\u0103n nh\u1ea5t.<\/p>\n<p>V\u1edbi thi\u1ebft k\u1ebf d\u1ea1ng \u1ed1ng l\u1ed3ng b\u1ed1n c\u1ea5p, xi lanh n\u00e0y cung c\u1ea5p c\u00f4ng su\u1ea5t v\u00e0 hi\u1ec7u su\u1ea5t t\u1ed1i \u0111a, \u0111\u1ed3ng th\u1eddi gi\u1ea3m thi\u1ec3u y\u00eau c\u1ea7u v\u1ec1 kh\u00f4ng gian. H\u1ec7 th\u1ed1ng th\u1ee7y l\u1ef1c \u0111\u01b0\u1ee3c thi\u1ebft k\u1ebf \u0111\u1ec3 v\u1eadn h\u00e0nh tr\u01a1n tru v\u00e0 \u1ed5n \u0111\u1ecbnh, \u0111\u1ea3m b\u1ea3o hi\u1ec7u su\u1ea5t \u0111\u00e1ng tin c\u1eady ngay c\u1ea3 trong nh\u1eefng \u0111i\u1ec1u ki\u1ec7n kh\u1eafc nghi\u1ec7t nh\u1ea5t.<\/p>\n<p>\u0110\u01b0\u1ee3c ch\u1ebf t\u1ea1o t\u1eeb v\u1eadt li\u1ec7u cao c\u1ea5p, xi lanh th\u1ee7y l\u1ef1c 4 c\u1ea5p Super Quality Dump Truck \u0111\u01b0\u1ee3c thi\u1ebft k\u1ebf \u0111\u1ec3 ch\u1ecbu \u0111\u01b0\u1ee3c nh\u1eefng m\u00f4i tr\u01b0\u1eddng v\u00e0 \u0111i\u1ec1u ki\u1ec7n l\u00e0m vi\u1ec7c kh\u1eafc nghi\u1ec7t nh\u1ea5t. V\u1edbi c\u00e1c t\u00ednh n\u0103ng ti\u00ean ti\u1ebfn v\u00e0 c\u1ea5u tr\u00fac ch\u1ea5t l\u01b0\u1ee3ng v\u01b0\u1ee3t tr\u1ed9i, xi lanh n\u00e0y l\u00e0 l\u1ef1a ch\u1ecdn l\u00fd t\u01b0\u1edfng cho nh\u1eefng ai c\u1ea7n m\u1ed9t gi\u1ea3i ph\u00e1p th\u1ee7y l\u1ef1c b\u1ec1n b\u1ec9 v\u00e0 \u0111\u00e1ng tin c\u1eady.<\/p>\n<p>V\u00ec v\u1eady, n\u1ebfu b\u1ea1n \u0111ang t\u00ecm ki\u1ebfm m\u1ed9t xi lanh th\u1ee7y l\u1ef1c xe ben ch\u1ea5t l\u01b0\u1ee3ng cao mang l\u1ea1i hi\u1ec7u su\u1ea5t v\u01b0\u1ee3t tr\u1ed9i, th\u00ec kh\u00f4ng \u0111\u00e2u kh\u00e1c ch\u00ednh l\u00e0 Xi lanh th\u1ee7y l\u1ef1c \u1ed1ng l\u1ed3ng 4 c\u1ea5p ch\u1ea5t l\u01b0\u1ee3ng cao d\u00e0nh cho xe ben.<\/p>\n<p><img decoding=\"async\" src=\"https:\/\/hzpt.com\/wp-content\/uploads\/2023\/11\/Inverted-Telescopic-Cylinder-15.webp\" alt=\"\" title=\"\"><\/p>\n<h2>V\u1edbi ch\u1ea5t l\u01b0\u1ee3ng v\u01b0\u1ee3t tr\u1ed9i, xi lanh th\u1ee7y l\u1ef1c 4 t\u1ea7ng n\u00e0y \u0111\u01b0\u1ee3c thi\u1ebft k\u1ebf d\u00e0nh cho xe ben.<\/h2>\n<p>S\u1ea3n ph\u1ea9m m\u1edbi c\u1ee7a n\u0103m 2025 c\u00f3 th\u1eddi h\u1ea1n b\u1ea3o h\u00e0nh m\u1ed9t n\u0103m v\u00e0 ph\u00f9 h\u1ee3p \u0111\u1ec3 s\u1eed d\u1ee5ng trong nhi\u1ec1u ng\u00e0nh c\u00f4ng nghi\u1ec7p kh\u00e1c nhau, bao g\u1ed3m nh\u00e0 m\u00e1y s\u1ea3n xu\u1ea5t, x\u01b0\u1edfng s\u1eeda ch\u1eefa m\u00e1y m\u00f3c, trang tr\u1ea1i, n\u0103ng l\u01b0\u1ee3ng &amp; khai th\u00e1c m\u1ecf, v\u00e0 nh\u00e0 m\u00e1y m\u00e1y m\u00f3c.<\/p>\n<p>V\u1edbi tr\u1ecdng l\u01b0\u1ee3ng 43kg, m\u00e1y \u0111\u01b0\u1ee3c thi\u1ebft k\u1ebf theo c\u1ea5u tr\u00fac ti\u00eau chu\u1ea9n v\u1edbi xi-lanh piston. H\u1ec7 th\u1ed1ng th\u1ee7y l\u1ef1c v\u00e0 th\u00e2n m\u00e1y b\u1eb1ng th\u00e9p \u0111\u1ea3m b\u1ea3o hi\u1ec7u su\u1ea5t m\u1ea1nh m\u1ebd. M\u00e1y c\u00f3 kh\u1ea3 n\u0103ng t\u1ea1o l\u1ef1c \u0111\u1ea9y t\u1ed1i \u0111a 3000 v\u00f2ng\/ph\u00fat v\u00e0 l\u00e0 lo\u1ea1i xi-lanh \u1ed1ng l\u1ed3ng ng\u01b0\u1ee3c.<\/p>\n<h2>C\u00e1c t\u00ednh n\u0103ng ch\u00ednh c\u1ee7a xi lanh th\u1ee7y l\u1ef1c 4 t\u1ea7ng d\u1ea1ng \u1ed1ng l\u1ed3ng<\/h2>\n<p><img decoding=\"async\" src=\"https:\/\/hzpt.com\/wp-content\/uploads\/2023\/11\/Inverted-Telescopic-Cylinder-13.webp\" alt=\"\" title=\"\"><\/p>\n<ol>\n<li><strong>Ch\u1ea5t l\u01b0\u1ee3ng v\u01b0\u1ee3t tr\u1ed9i:<\/strong> \u0110\u01b0\u1ee3c l\u00e0m b\u1eb1ng th\u00e9p, \u0111\u1ea3m b\u1ea3o \u0111\u1ed9 b\u1ec1n v\u00e0 hi\u1ec7u su\u1ea5t cao.<\/li>\n<li><strong>M\u1ea1nh m\u1ebd:<\/strong> V\u1edbi l\u1ef1c \u0111\u1ea9y t\u1ed1i \u0111a l\u00e0 3000 v\u00e0 l\u1ef1c k\u00e9o t\u1ed1i \u0111a l\u00e0 20 t\u1ea5n, m\u00e1y bay n\u00e0y c\u00f3 hi\u1ec7u su\u1ea5t m\u1ea1nh m\u1ebd.<\/li>\n<li><strong>C\u1ea5u tr\u00fac chu\u1ea9n:<\/strong> C\u00f3 c\u1ea5u tr\u00fac xi lanh piston ti\u00eau chu\u1ea9n gi\u00fap ho\u1ea1t \u0111\u1ed9ng hi\u1ec7u qu\u1ea3.<\/li>\n<li><strong>C\u00e1c th\u00e0nh ph\u1ea7n c\u1ed1t l\u00f5i:<\/strong> Bao g\u1ed3m v\u00f2ng bi v\u00e0 xi lanh p\u00edt-t\u00f4ng \u0111\u1ec3 ho\u1ea1t \u0111\u1ed9ng \u0111\u00e1ng tin c\u1eady.<\/li>\n<li><strong>Linh ho\u1ea1t:<\/strong> Ph\u00f9 h\u1ee3p v\u1edbi nhi\u1ec1u ng\u00e0nh c\u00f4ng nghi\u1ec7p kh\u00e1c nhau, t\u1eeb s\u1ea3n xu\u1ea5t \u0111\u1ebfn n\u0103ng l\u01b0\u1ee3ng v\u00e0 khai th\u00e1c m\u1ecf.<\/li>\n<\/ol>\n<h2>\u1ee8ng d\u1ee5ng c\u1ee7a xi lanh th\u1ee7y l\u1ef1c 4 t\u1ea7ng d\u1ea1ng \u1ed1ng l\u1ed3ng<\/h2>\n<ol>\n<li>Nh\u00e0 m\u00e1y s\u1ea3n xu\u1ea5t: H\u1eefu \u00edch trong vi\u1ec7c v\u1eadn h\u00e0nh m\u00e1y m\u00f3c v\u00e0 c\u00f4ng c\u1ee5 h\u1ea1ng n\u1eb7ng.<\/li>\n<li>X\u01b0\u1edfng s\u1eeda ch\u1eefa m\u00e1y m\u00f3c: C\u1ea7n thi\u1ebft cho c\u00f4ng vi\u1ec7c s\u1eeda ch\u1eefa v\u00e0 b\u1ea3o tr\u00ec.<\/li>\n<li>N\u00f4ng tr\u1ea1i: H\u1ed7 tr\u1ee3 v\u1eadn h\u00e0nh m\u00e1y m\u00f3c v\u00e0 thi\u1ebft b\u1ecb n\u00f4ng tr\u1ea1i.<\/li>\n<li>Ng\u00e0nh n\u0103ng l\u01b0\u1ee3ng v\u00e0 khai th\u00e1c m\u1ecf: C\u1ea7n thi\u1ebft cho vi\u1ec7c v\u1eadn h\u00e0nh thi\u1ebft b\u1ecb khai th\u00e1c m\u1ecf h\u1ea1ng n\u1eb7ng.<\/li>\n<li>Nh\u00e0 m\u00e1y c\u01a1 kh\u00ed: C\u1ea7n thi\u1ebft cho qu\u00e1 tr\u00ecnh s\u1ea3n xu\u1ea5t nhi\u1ec1u lo\u1ea1i m\u00e1y m\u00f3c kh\u00e1c nhau.<\/li>\n<\/ol>\n<p><img decoding=\"async\" src=\"https:\/\/hzpt.com\/wp-content\/uploads\/2023\/11\/Inverted-Telescopic-Cylinder-Applications.webp\" alt=\"\" title=\"\"><\/p>\n<h2>Nguy\u00ean l\u00fd ho\u1ea1t \u0111\u1ed9ng v\u00e0 b\u1ea3o d\u01b0\u1ee1ng c\u1ee7a xi lanh th\u1ee7y l\u1ef1c 4 t\u1ea7ng<\/h2>\n<p>Xy lanh th\u1ee7y l\u1ef1c d\u1ea1ng \u1ed1ng l\u1ed3ng ho\u1ea1t \u0111\u1ed9ng b\u1eb1ng c\u00e1ch chuy\u1ec3n \u0111\u1ed5i n\u0103ng l\u01b0\u1ee3ng th\u1ee7y l\u1ef1c th\u00e0nh l\u1ef1c. Ch\u1ea5t l\u1ecfng th\u1ee7y l\u1ef1c \u0111\u01b0\u1ee3c b\u01a1m v\u00e0o xi lanh \u1edf \u00e1p su\u1ea5t cao, khi\u1ebfn piston chuy\u1ec3n \u0111\u1ed9ng v\u00e0 t\u1ea1o ra l\u1ef1c \u0111\u1ea9y. L\u1ef1c n\u00e0y \u0111\u01b0\u1ee3c s\u1eed d\u1ee5ng \u0111\u1ec3 th\u1ef1c hi\u1ec7n nhi\u1ec1u nhi\u1ec7m v\u1ee5 kh\u00e1c nhau.<\/p>\n<p>Sau \u0111\u00e2y l\u00e0 m\u1ed9t s\u1ed1 m\u1eb9o b\u1ea3o d\u01b0\u1ee1ng xi lanh:<\/p>\n<ol>\n<li><strong>Ki\u1ec3m tra th\u01b0\u1eddng xuy\u00ean:<\/strong> Ki\u1ec3m tra xi lanh th\u01b0\u1eddng xuy\u00ean \u0111\u1ec3 ph\u00e1t hi\u1ec7n d\u1ea5u hi\u1ec7u hao m\u00f2n v\u00e0 h\u01b0 h\u1ecfng.<\/li>\n<li><strong>V\u1ec7 sinh:<\/strong> Gi\u1eef xi lanh s\u1ea1ch s\u1ebd \u0111\u1ec3 \u0111\u1ea3m b\u1ea3o ho\u1ea1t \u0111\u1ed9ng hi\u1ec7u qu\u1ea3.<\/li>\n<li><strong>B\u00f4i tr\u01a1n:<\/strong> Th\u01b0\u1eddng xuy\u00ean b\u00f4i tr\u01a1n xi lanh \u0111\u1ec3 gi\u1ea3m ma s\u00e1t v\u00e0 m\u00e0i m\u00f2n.<\/li>\n<li><strong>Thay th\u1ebf ph\u1edbt:<\/strong> Thay th\u1ebf mi\u1ebfng \u0111\u1ec7m khi c\u1ea7n thi\u1ebft \u0111\u1ec3 tr\u00e1nh r\u00f2 r\u1ec9.<\/li>\n<li><strong>Th\u1ef1c hi\u1ec7n theo H\u01b0\u1edbng d\u1eabn s\u1eed d\u1ee5ng:<\/strong> Lu\u00f4n tu\u00e2n theo h\u01b0\u1edbng d\u1eabn s\u1eed d\u1ee5ng \u0111\u1ec3 v\u1eadn h\u00e0nh an to\u00e0n v\u00e0 hi\u1ec7u qu\u1ea3.<\/li>\n<\/ol>\n<h2>H\u00ecnh tr\u1ee5 \u1ed1ng l\u1ed3ng ng\u01b0\u1ee3c<\/h2>\n<p>Xi lanh \u1ed1ng l\u1ed3ng ng\u01b0\u1ee3c, c\u00f2n \u0111\u01b0\u1ee3c g\u1ecdi l\u00e0 xi lanh \u1ed1ng l\u1ed3ng t\u00e1c \u0111\u1ed9ng \u0111\u01a1n, l\u00e0 m\u1ed9t xi lanh th\u1ee7y l\u1ef1c v\u1edbi thi\u1ebft k\u1ebf \u0111\u1ed9c \u0111\u00e1o mang l\u1ea1i nhi\u1ec1u l\u1ee3i \u00edch trong c\u00e1c \u1ee9ng d\u1ee5ng c\u00f4ng nghi\u1ec7p. Lo\u1ea1i xi lanh n\u00e0y bao g\u1ed3m nhi\u1ec1u t\u1ea7ng \u0111\u01b0\u1ee3c x\u1ebfp ch\u1ed3ng l\u00ean nhau, mang \u0111\u1ebfn m\u1ed9t gi\u1ea3i ph\u00e1p nh\u1ecf g\u1ecdn v\u00e0 hi\u1ec7u qu\u1ea3 cho vi\u1ec7c k\u00e9o gi\u00e3n v\u00e0 thu h\u1ed3i l\u1ef1c. Trong b\u00e0i vi\u1ebft n\u00e0y, ch\u00fang ta s\u1ebd t\u00ecm hi\u1ec3u c\u00e1c t\u00ednh n\u0103ng, \u01b0u \u0111i\u1ec3m v\u00e0 \u1ee9ng d\u1ee5ng c\u1ee7a xi lanh \u1ed1ng l\u1ed3ng ng\u01b0\u1ee3c, t\u1eadp trung v\u00e0o vai tr\u00f2 c\u1ee7a n\u00f3 trong l\u0129nh v\u1ef1c xe ben v\u00e0 xi lanh \u1ed1ng l\u1ed3ng th\u1ee7y l\u1ef1c 4 t\u1ea7ng ch\u1ea5t l\u01b0\u1ee3ng cao d\u00e0nh cho xe ben.<\/p>\n<h3>1. \u0110\u1eb7c \u0111i\u1ec3m c\u1ee7a xi lanh \u1ed1ng l\u1ed3ng ng\u01b0\u1ee3c<\/h3>\n<p>H\u00ecnh tr\u1ee5 \u1ed1ng l\u1ed3ng ng\u01b0\u1ee3c \u0111\u01b0\u1ee3c \u0111\u1eb7c tr\u01b0ng b\u1edfi thi\u1ebft k\u1ebf \u0111\u1eb7c bi\u1ec7t, bao g\u1ed3m:<\/p>\n<ul>\n<li><strong>Nhi\u1ec1u giai \u0111o\u1ea1n:<\/strong> Xi lanh n\u00e0y bao g\u1ed3m nhi\u1ec1u t\u1ea7ng, th\u01b0\u1eddng l\u00e0 b\u1ed1n t\u1ea7ng, l\u1ed3ng v\u00e0o nhau khi thu v\u00e0o, gi\u00fap gi\u1ea3m chi\u1ec1u d\u00e0i t\u1ed5ng th\u1ec3 khi so s\u00e1nh v\u1edbi xi lanh th\u00f4ng th\u01b0\u1eddng.<\/li>\n<li><strong>T\u00e1c d\u1ee5ng \u0111\u01a1n:<\/strong> Xi lanh \u1ed1ng l\u1ed3ng ng\u01b0\u1ee3c ho\u1ea1t \u0111\u1ed9ng theo m\u1ed9t h\u01b0\u1edbng duy nh\u1ea5t, ngh\u0129a l\u00e0 n\u00f3 c\u00f3 kh\u1ea3 n\u0103ng t\u00e1c d\u1ee5ng l\u1ef1c theo m\u1ed9t h\u01b0\u1edbng, th\u01b0\u1eddng l\u00e0 k\u00e9o d\u00e0i. L\u1ef1c thu l\u1ea1i th\u01b0\u1eddng \u0111\u01b0\u1ee3c th\u1ef1c hi\u1ec7n b\u1eb1ng c\u00e1c l\u1ef1c b\u00ean ngo\u00e0i, ch\u1eb3ng h\u1ea1n nh\u01b0 tr\u1ecdng l\u1ef1c ho\u1eb7c \u00e1p su\u1ea5t t\u1ea3i.<\/li>\n<li><strong>T\u00ednh g\u1ecdn nh\u1eb9:<\/strong> Nh\u1edd thi\u1ebft k\u1ebf l\u1ed3ng v\u00e0o nhau, xi lanh d\u1ea1ng \u1ed1ng l\u1ed3ng ng\u01b0\u1ee3c c\u00f3 kh\u1ea3 n\u0103ng ti\u1ebft ki\u1ec7m kh\u00f4ng gian tuy\u1ec7t v\u1eddi, l\u00fd t\u01b0\u1edfng cho c\u00e1c \u1ee9ng d\u1ee5ng c\u00f3 kh\u00f4ng gian l\u1eafp \u0111\u1eb7t h\u1ea1n ch\u1ebf.<\/li>\n<li><strong>\u0110\u1ed9 b\u1ec1n cao:<\/strong> C\u00e1c xi lanh n\u00e0y \u0111\u01b0\u1ee3c ch\u1ebf t\u1ea1o t\u1eeb v\u1eadt li\u1ec7u b\u1ec1n, \u0111\u1ea3m b\u1ea3o \u0111\u1ed9 b\u1ec1n v\u01b0\u1ee3t tr\u1ed9i v\u00e0 kh\u1ea3 n\u0103ng ch\u1ed1ng ch\u1ecbu t\u1ea3i tr\u1ecdng n\u1eb7ng c\u0169ng nh\u01b0 \u0111i\u1ec1u ki\u1ec7n v\u1eadn h\u00e0nh kh\u1eafc nghi\u1ec7t.<\/li>\n<\/ul>\n<h3>2. \u01afu \u0111i\u1ec3m c\u1ee7a xi lanh \u1ed1ng l\u1ed3ng ng\u01b0\u1ee3c<\/h3>\n<p>Xi lanh \u1ed1ng l\u1ed3ng ng\u01b0\u1ee3c mang l\u1ea1i nhi\u1ec1u l\u1ee3i th\u1ebf trong nhi\u1ec1u \u1ee9ng d\u1ee5ng c\u00f4ng nghi\u1ec7p kh\u00e1c nhau:<\/p>\n<ul>\n<li><strong>Chi\u1ec1u d\u00e0i t\u1ed5ng th\u1ec3 gi\u1ea3m:<\/strong> Thi\u1ebft k\u1ebf l\u1ed3ng nhau c\u1ee7a xi lanh \u1ed1ng l\u1ed3ng ng\u01b0\u1ee3c cho ph\u00e9p gi\u1ea3m \u0111\u00e1ng k\u1ec3 chi\u1ec1u d\u00e0i t\u1ed5ng th\u1ec3 khi thu v\u00e0o, gi\u00fap s\u1eed d\u1ee5ng kh\u00f4ng gian hi\u1ec7u qu\u1ea3 trong c\u00e1c c\u00f4ng tr\u00ecnh l\u1eafp \u0111\u1eb7t ch\u1eadt h\u1eb9p.<\/li>\n<li><strong>T\u0103ng chi\u1ec1u d\u00e0i n\u00e9t v\u1ebd:<\/strong> V\u1edbi nhi\u1ec1u giai \u0111o\u1ea1n, lo\u1ea1i xi lanh n\u00e0y cung c\u1ea5p chi\u1ec1u d\u00e0i h\u00e0nh tr\u00ecnh m\u1edf r\u1ed9ng, mang l\u1ea1i s\u1ef1 linh ho\u1ea1t h\u01a1n trong vi\u1ec7c \u0111\u1ecbnh v\u1ecb v\u00e0 di chuy\u1ec3n.<\/li>\n<li><strong>\u0110\u1ed9 \u1ed5n \u0111\u1ecbnh \u0111\u01b0\u1ee3c c\u1ea3i thi\u1ec7n:<\/strong> C\u00e1c t\u1ea7ng l\u1ed3ng nhau c\u1ee7a xi lanh mang l\u1ea1i s\u1ef1 \u1ed5n \u0111\u1ecbnh v\u00e0 kh\u1ea3 n\u0103ng ch\u1ed1ng l\u1ea1i l\u1ef1c b\u00ean t\u1ed1t h\u01a1n, \u0111\u1ea3m b\u1ea3o ho\u1ea1t \u0111\u1ed9ng tr\u01a1n tru v\u00e0 \u0111\u00e1ng tin c\u1eady.<\/li>\n<li><strong>Ph\u00e2n b\u1ed5 tr\u1ecdng l\u01b0\u1ee3ng \u0111\u01b0\u1ee3c c\u1ea3i thi\u1ec7n:<\/strong> Thi\u1ebft k\u1ebf nh\u1ecf g\u1ecdn c\u1ee7a xi lanh \u1ed1ng l\u1ed3ng ng\u01b0\u1ee3c cho ph\u00e9p ph\u00e2n b\u1ed5 tr\u1ecdng l\u01b0\u1ee3ng t\u1ed1t h\u01a1n, d\u1eabn \u0111\u1ebfn kh\u1ea3 n\u0103ng x\u1eed l\u00fd t\u1ea3i tr\u1ecdng v\u00e0 hi\u1ec7u su\u1ea5t t\u1ed5ng th\u1ec3 c\u1ee7a xe \u0111\u01b0\u1ee3c c\u1ea3i thi\u1ec7n.<\/li>\n<\/ul>\n<h3>3. \u1ee8ng d\u1ee5ng c\u1ee7a xi lanh \u1ed1ng l\u1ed3ng ng\u01b0\u1ee3c trong xe ben<\/h3>\n<p>Xi lanh \u1ed1ng l\u1ed3ng ng\u01b0\u1ee3c \u0111\u01b0\u1ee3c s\u1eed d\u1ee5ng r\u1ed9ng r\u00e3i trong xe ben, \u0111\u1eb7c bi\u1ec7t l\u00e0 trong h\u1ec7 th\u1ed1ng th\u1ee7y l\u1ef1c ch\u1ecbu tr\u00e1ch nhi\u1ec7m n\u00e2ng h\u1ea1 th\u00f9ng xe. Xi lanh \u1ed1ng l\u1ed3ng th\u1ee7y l\u1ef1c 4 c\u1ea5p ch\u1ea5t l\u01b0\u1ee3ng cao d\u00e0nh cho xe ben mang l\u1ea1i nh\u1eefng \u01b0u \u0111i\u1ec3m sau:<\/p>\n<ul>\n<li><strong>S\u1ee9c n\u00e2ng \u0111\u01b0\u1ee3c t\u1ed1i \u01b0u h\u00f3a:<\/strong> Thi\u1ebft k\u1ebf nhi\u1ec1u t\u1ea7ng c\u1ee7a xi lanh th\u1ee7y l\u1ef1c d\u1ea1ng \u1ed1ng l\u1ed3ng gi\u00fap t\u0103ng c\u01b0\u1eddng s\u1ee9c n\u00e2ng c\u1ee7a xe ben, cho ph\u00e9p t\u1ea3i v\u00e0 d\u1ee1 v\u1eadt li\u1ec7u n\u1eb7ng m\u1ed9t c\u00e1ch hi\u1ec7u qu\u1ea3.<\/li>\n<li><strong>T\u0103ng c\u01b0\u1eddng t\u00ednh \u1ed5n \u0111\u1ecbnh:<\/strong> V\u1edbi c\u00e1c giai \u0111o\u1ea1n l\u1ed3ng v\u00e0o nhau, xi lanh mang l\u1ea1i s\u1ef1 \u1ed5n \u0111\u1ecbnh tuy\u1ec7t v\u1eddi trong qu\u00e1 tr\u00ecnh \u0111\u1ed5, gi\u1ea3m thi\u1ec3u nguy c\u01a1 \u0111\u1ed5 v\u00e0 \u0111\u1ea3m b\u1ea3o ho\u1ea1t \u0111\u1ed9ng an to\u00e0n.<\/li>\n<li><strong>M\u1edf r\u1ed9ng ph\u1ea1m vi ti\u1ebfp c\u1eadn:<\/strong> Chi\u1ec1u d\u00e0i h\u00e0nh tr\u00ecnh m\u1edf r\u1ed9ng c\u1ee7a xi lanh th\u1ee7y l\u1ef1c 4 t\u1ea7ng cho ph\u00e9p xe ben \u0111\u1ea1t \u0111\u01b0\u1ee3c g\u00f3c \u0111\u1ed5 cao h\u01a1n, t\u1ea1o \u0111i\u1ec1u ki\u1ec7n x\u1ea3 to\u00e0n b\u1ed9 v\u1eadt li\u1ec7u.<\/li>\n<li><strong>Hi\u1ec7u su\u1ea5t \u0111\u00e1ng tin c\u1eady:<\/strong> \u0110\u01b0\u1ee3c ch\u1ebf t\u1ea1o b\u1eb1ng v\u1eadt li\u1ec7u ch\u1ea5t l\u01b0\u1ee3ng cao v\u00e0 k\u1ef9 thu\u1eadt ch\u00ednh x\u00e1c, xi lanh th\u1ee7y l\u1ef1c d\u1ea1ng \u1ed1ng l\u1ed3ng mang l\u1ea1i hi\u1ec7u su\u1ea5t \u0111\u00e1ng tin c\u1eady v\u00e0 b\u1ec1n b\u1ec9, ngay c\u1ea3 trong \u0111i\u1ec1u ki\u1ec7n l\u00e0m vi\u1ec7c kh\u1eafc nghi\u1ec7t.<\/li>\n<\/ul>\n<p>T\u00f3m l\u1ea1i, xi lanh th\u1ee7y l\u1ef1c \u1ed1ng l\u1ed3ng ng\u01b0\u1ee3c l\u00e0 m\u1ed9t lo\u1ea1i xi lanh th\u1ee7y l\u1ef1c chuy\u00ean d\u1ee5ng mang l\u1ea1i nh\u1eefng l\u1ee3i \u00edch \u0111\u1ed9c \u0111\u00e1o trong c\u00e1c \u1ee9ng d\u1ee5ng c\u00f4ng nghi\u1ec7p. V\u1edbi nhi\u1ec1u t\u1ea7ng, thi\u1ebft k\u1ebf nh\u1ecf g\u1ecdn v\u00e0 hi\u1ec7u su\u1ea5t v\u01b0\u1ee3t tr\u1ed9i, n\u00f3 \u0111\u00f3ng vai tr\u00f2 quan tr\u1ecdng trong vi\u1ec7c n\u00e2ng cao ch\u1ee9c n\u0103ng v\u00e0 hi\u1ec7u su\u1ea5t c\u1ee7a xe ben. Xi lanh th\u1ee7y l\u1ef1c \u1ed1ng l\u1ed3ng 4 t\u1ea7ng ch\u1ea5t l\u01b0\u1ee3ng cao d\u00e0nh cho xe ben \u0111\u1ea3m b\u1ea3o l\u1ef1c n\u00e2ng t\u1ed1i \u01b0u, \u0111\u1ed9 \u1ed5n \u0111\u1ecbnh cao h\u01a1n, t\u1ea7m v\u1edbi xa h\u01a1n v\u00e0 hi\u1ec7u su\u1ea5t \u0111\u00e1ng tin c\u1eady, l\u00e0 l\u1ef1a ch\u1ecdn l\u00fd t\u01b0\u1edfng cho c\u00e1c nh\u00e0 s\u1ea3n xu\u1ea5t v\u00e0 v\u1eadn h\u00e0nh xe ben.<\/p>\n<h3>Gi\u1edbi thi\u1ec7u v\u1ec1 FMP \u2013 Xi lanh th\u1ee7y l\u1ef1c<\/h3>\n<p>T\u1ea1i FMP, ch\u00fang t\u00f4i chuy\u00ean b\u00e1n v\u00e0 b\u1ea3o d\u01b0\u1ee1ng c\u00e1c ph\u1ee5 t\u00f9ng m\u00e1y m\u00f3c x\u00e2y d\u1ef1ng v\u00e0 m\u00e1y m\u00f3c ho\u00e0n ch\u1ec9nh ch\u1ea5t l\u01b0\u1ee3ng cao. Xi lanh th\u1ee7y l\u1ef1c c\u1ee7a ch\u00fang t\u00f4i l\u00e0 m\u1ed9t trong nh\u1eefng s\u1ea3n ph\u1ea9m ph\u1ed5 bi\u1ebfn nh\u1ea5t c\u1ee7a ch\u00fang t\u00f4i, v\u00e0 \u0111i\u1ec1u n\u00e0y ho\u00e0n to\u00e0n c\u00f3 l\u00fd do. D\u01b0\u1edbi \u0111\u00e2y l\u00e0 n\u0103m l\u00fd do t\u1ea1i sao xi lanh th\u1ee7y l\u1ef1c c\u1ee7a FMP l\u00e0 l\u1ef1a ch\u1ecdn t\u1ed1t nh\u1ea5t cho nhu c\u1ea7u m\u00e1y m\u00f3c x\u00e2y d\u1ef1ng c\u1ee7a b\u1ea1n:<\/p>\n<p>1. <strong>V\u1eadt li\u1ec7u ch\u1ea5t l\u01b0\u1ee3ng h\u00e0ng \u0111\u1ea7u<\/strong>:Xi lanh th\u1ee7y l\u1ef1c c\u1ee7a ch\u00fang t\u00f4i \u0111\u01b0\u1ee3c l\u00e0m t\u1eeb v\u1eadt li\u1ec7u b\u1ec1n v\u00e0 \u0111\u00e1ng tin c\u1eady, \u0111\u1ea3m b\u1ea3o hi\u1ec7u su\u1ea5t l\u00e2u d\u00e0i v\u00e0 y\u00eau c\u1ea7u b\u1ea3o tr\u00ec t\u1ed1i thi\u1ec3u.<\/p>\n<p>2. <strong>T\u00f9y ch\u1ecdn c\u00f3 th\u1ec3 t\u00f9y ch\u1ec9nh<\/strong>: Ch\u00fang t\u00f4i cung c\u1ea5p xi lanh lo\u1ea1i ch\u1ed1t c\u00f3 th\u1ec3 \u0111i\u1ec1u ch\u1ec9nh, c\u0169ng nh\u01b0 c\u00e1c t\u00f9y ch\u1ecdn t\u00f9y ch\u1ec9nh kh\u00e1c \u0111\u1ec3 \u0111\u00e1p \u1ee9ng nhu c\u1ea7u c\u1ee5 th\u1ec3 c\u1ee7a b\u1ea1n. V\u1edbi chuy\u00ean m\u00f4n v\u1ec1 ph\u1ee5 t\u00f9ng m\u00e1y m\u00f3c x\u00e2y d\u1ef1ng, ch\u00fang t\u00f4i c\u00f3 th\u1ec3 h\u1ee3p t\u00e1c v\u1edbi b\u1ea1n \u0111\u1ec3 t\u00ecm ra gi\u1ea3i ph\u00e1p t\u1ed1t nh\u1ea5t cho thi\u1ebft b\u1ecb c\u1ee7a b\u1ea1n.<\/p>\n<p>3. <strong>\u0110\u1ed9i ng\u0169 chuy\u00ean gia<\/strong>: \u0110\u1ed9i ng\u0169 b\u00e1n h\u00e0ng gi\u00e0u kinh nghi\u1ec7m v\u00e0 k\u1ef9 n\u0103ng c\u1ee7a ch\u00fang t\u00f4i am hi\u1ec3u c\u00e1c xu h\u01b0\u1edbng m\u1edbi nh\u1ea5t trong ng\u00e0nh v\u00e0 nhu c\u1ea7u c\u1ee7a kh\u00e1ch h\u00e0ng trong ng\u00e0nh m\u00e1y m\u00f3c x\u00e2y d\u1ef1ng. H\u1ecd c\u00f3 th\u1ec3 t\u01b0 v\u1ea5n s\u1ea3n ph\u1ea9m chuy\u00ean nghi\u1ec7p v\u00e0 \u0111\u01b0a ra nh\u1eefng g\u1ee3i \u00fd mua h\u00e0ng th\u00f4ng minh, gi\u00fap b\u1ea1n \u0111\u01b0a ra quy\u1ebft \u0111\u1ecbnh t\u1ed1t nh\u1ea5t cho doanh nghi\u1ec7p c\u1ee7a m\u00ecnh.<\/p>\n<p>4. <strong>H\u1eadu c\u1ea7n hi\u1ec7u qu\u1ea3<\/strong>: Ch\u00fang t\u00f4i c\u00f3 h\u1ec7 th\u1ed1ng ph\u00e2n ph\u1ed1i h\u1eadu c\u1ea7n hi\u1ec7u qu\u1ea3 \u0111\u1ec3 \u0111\u1ea3m b\u1ea3o kh\u00e1ch h\u00e0ng nh\u1eadn \u0111\u01b0\u1ee3c c\u00e1c ph\u1ee5 t\u00f9ng c\u1ea7n thi\u1ebft m\u1ed9t c\u00e1ch k\u1ecbp th\u1eddi v\u00e0 ch\u00ednh x\u00e1c. \u0110i\u1ec1u n\u00e0y \u0111\u1ed3ng ngh\u0129a v\u1edbi vi\u1ec7c gi\u1ea3m thi\u1ec3u th\u1eddi gian ng\u1eebng ho\u1ea1t \u0111\u1ed9ng c\u1ee7a m\u00e1y m\u00f3c x\u00e2y d\u1ef1ng v\u00e0 \u0111\u1ea3m b\u1ea3o ho\u1ea1t \u0111\u1ed9ng kinh doanh th\u00f4ng su\u1ed1t.<\/p>\n<p>5. <strong>Ki\u1ec3m so\u00e1t ch\u1ea5t l\u01b0\u1ee3ng nghi\u00eam ng\u1eb7t<\/strong>:Ch\u00fang t\u00f4i thi\u1ebft l\u1eadp m\u1ed1i quan h\u1ec7 h\u1ee3p t\u00e1c l\u00e2u d\u00e0i v\u00e0 \u1ed5n \u0111\u1ecbnh v\u1edbi nhi\u1ec1u nh\u00e0 cung c\u1ea5p ch\u1ea5t l\u01b0\u1ee3ng cao trong v\u00e0 ngo\u00e0i n\u01b0\u1edbc, \u0111\u1ea3m b\u1ea3o r\u1eb1ng t\u1ea5t c\u1ea3 c\u00e1c b\u1ed9 ph\u1eadn \u0111\u01b0\u1ee3c cung c\u1ea5p, bao g\u1ed3m c\u1ea3 Xi lanh th\u1ee7y l\u1ef1c c\u1ee7a ch\u00fang t\u00f4i, \u0111\u1ec1u \u0111\u00e1p \u1ee9ng c\u00e1c ti\u00eau chu\u1ea9n ch\u1ea5t l\u01b0\u1ee3ng nghi\u00eam ng\u1eb7t.<\/p>\n<p>V\u1edbi Xi lanh th\u1ee7y l\u1ef1c FMP, b\u1ea1n c\u00f3 th\u1ec3 ho\u00e0n to\u00e0n y\u00ean t\u00e2m v\u1ec1 ch\u1ea5t l\u01b0\u1ee3ng v\u00e0 \u0111\u1ed9 tin c\u1eady c\u1ee7a m\u00e1y m\u00f3c x\u00e2y d\u1ef1ng. H\u00e3y li\u00ean h\u1ec7 v\u1edbi ch\u00fang t\u00f4i ngay h\u00f4m nay \u0111\u1ec3 t\u00ecm hi\u1ec3u th\u00eam v\u1ec1 s\u1ea3n ph\u1ea9m v\u00e0 c\u00e1ch ch\u00fang t\u00f4i c\u00f3 th\u1ec3 gi\u00fap b\u1ea1n t\u00ecm ra gi\u1ea3i ph\u00e1p t\u1ed1t nh\u1ea5t cho nhu c\u1ea7u kinh doanh c\u1ee7a m\u00ecnh.<\/p>\n<p><img decoding=\"async\" src=\"https:\/\/fmp-components.com\/wp-content\/uploads\/2024\/12\/Adjustable-Clevis-Type-Cylinders-6.webp\" alt=\"Xi lanh lo\u1ea1i Clevis c\u00f3 th\u1ec3 \u0111i\u1ec1u ch\u1ec9nh\" width=\"853\" title=\"\"><br \/>\nT\u00e1c gi\u1ea3: CX<\/p>","protected":false},"excerpt":{"rendered":"<p>The Superior Quality Dump Truck 4 Stage Hydraulic Telescopic Cylinder is the perfect solution for those in need of a powerful and reliable hydraulic cylinder. With its innovative design and top-of-the-line materials, this cylinder can handle the toughest jobs with ease. Featuring a four-stage telescopic design, this cylinder provides maximum power and efficiency while minimizing [&hellip;]<\/p>","protected":false},"featured_media":1704,"comment_status":"closed","ping_status":"closed","template":"","meta":{"_et_pb_use_builder":"","_et_pb_old_content":"","_et_gb_content_width":""},"product_brand":[],"product_cat":[45],"product_tag":[34,48],"class_list":{"0":"post-1703","1":"product","2":"type-product","3":"status-publish","4":"has-post-thumbnail","6":"product_cat-inverted-telescopic-cylinder","7":"product_tag-hydraulic-cylinder","8":"product_tag-inverted-telescopic-cylinder","10":"first","11":"instock","12":"product-type-simple"},"_links":{"self":[{"href":"https:\/\/fmp-components.com\/vi\/wp-json\/wp\/v2\/product\/1703","targetHints":{"allow":["GET"]}}],"collection":[{"href":"https:\/\/fmp-components.com\/vi\/wp-json\/wp\/v2\/product"}],"about":[{"href":"https:\/\/fmp-components.com\/vi\/wp-json\/wp\/v2\/types\/product"}],"replies":[{"embeddable":true,"href":"https:\/\/fmp-components.com\/vi\/wp-json\/wp\/v2\/comments?post=1703"}],"wp:featuredmedia":[{"embeddable":true,"href":"https:\/\/fmp-components.com\/vi\/wp-json\/wp\/v2\/media\/1704"}],"wp:attachment":[{"href":"https:\/\/fmp-components.com\/vi\/wp-json\/wp\/v2\/media?parent=1703"}],"wp:term":[{"taxonomy":"product_brand","embeddable":true,"href":"https:\/\/fmp-components.com\/vi\/wp-json\/wp\/v2\/product_brand?post=1703"},{"taxonomy":"product_cat","embeddable":true,"href":"https:\/\/fmp-components.com\/vi\/wp-json\/wp\/v2\/product_cat?post=1703"},{"taxonomy":"product_tag","embeddable":true,"href":"https:\/\/fmp-components.com\/vi\/wp-json\/wp\/v2\/product_tag?post=1703"}],"curies":[{"name":"wp","href":"https:\/\/api.w.org\/{rel}","templated":true}]}}