{"id":1701,"date":"2024-12-23T07:01:59","date_gmt":"2024-12-23T07:01:59","guid":{"rendered":"https:\/\/fmp-components.com\/product\/factory-customized-trailer-hydraulic-cylinder-for-dump-truck\/"},"modified":"2025-03-11T06:06:40","modified_gmt":"2025-03-11T06:06:40","slug":"factory-customized-trailer-hydraulic-cylinder-for-dump-truck","status":"publish","type":"product","link":"https:\/\/fmp-components.com\/vi\/product\/factory-customized-trailer-hydraulic-cylinder-for-dump-truck\/","title":{"rendered":"Xi lanh th\u1ee7y l\u1ef1c xe k\u00e9o t\u00f9y ch\u1ec9nh t\u1ea1i nh\u00e0 m\u00e1y cho xe ben"},"content":{"rendered":"<h2>Gi\u1edbi thi\u1ec7u Xi lanh th\u1ee7y l\u1ef1c xe k\u00e9o t\u00f9y ch\u1ec9nh t\u1ea1i nh\u00e0 m\u00e1y d\u00e0nh cho xe ben:<\/h2>\n<p>Xi lanh th\u1ee7y l\u1ef1c r\u01a1 mo\u00f3c t\u00f9y ch\u1ec9nh t\u1ea1i nh\u00e0 m\u00e1y cho xe ben l\u00e0 m\u1ed9t b\u1ed9 ph\u1eadn th\u1ee7y l\u1ef1c ch\u1ea5t l\u01b0\u1ee3ng cao v\u00e0 hi\u1ec7u qu\u1ea3 \u0111\u01b0\u1ee3c thi\u1ebft k\u1ebf \u0111\u1eb7c bi\u1ec7t cho xe ben. V\u1edbi c\u00e1c t\u00ednh n\u0103ng ti\u00ean ti\u1ebfn v\u00e0 c\u1ea5u tr\u00fac ch\u1eafc ch\u1eafn, xi lanh th\u1ee7y l\u1ef1c n\u00e0y \u0111\u00f3ng vai tr\u00f2 quan tr\u1ecdng trong vi\u1ec7c v\u1eadn h\u00e0nh tr\u01a1n tru c\u1ee7a xe ben trong qu\u00e1 tr\u00ecnh d\u1ee1 h\u00e0ng.<\/p>\n<p>C\u00e1c t\u00ednh n\u0103ng ch\u00ednh:<br \/>\n1. T\u00f9y ch\u1ec9nh: Xi lanh th\u1ee7y l\u1ef1c r\u01a1 mo\u00f3c t\u00f9y ch\u1ec9nh t\u1ea1i nh\u00e0 m\u00e1y c\u00f3 th\u1ec3 \u0111\u01b0\u1ee3c thi\u1ebft k\u1ebf ri\u00eang \u0111\u1ec3 \u0111\u00e1p \u1ee9ng c\u00e1c y\u00eau c\u1ea7u c\u1ee5 th\u1ec3 c\u1ee7a c\u00e1c m\u1eabu xe ben v\u00e0 k\u00edch c\u1ee1 kh\u00e1c nhau. \u0110i\u1ec1u n\u00e0y \u0111\u1ea3m b\u1ea3o s\u1ef1 v\u1eeba v\u1eb7n ho\u00e0n h\u1ea3o v\u00e0 hi\u1ec7u su\u1ea5t t\u1ed1i \u01b0u.<br \/>\n2. \u0110\u1ed9 b\u1ec1n: \u0110\u01b0\u1ee3c ch\u1ebf t\u1ea1o b\u1eb1ng k\u1ef9 thu\u1eadt ch\u00ednh x\u00e1c v\u00e0 v\u1eadt li\u1ec7u ch\u1ea5t l\u01b0\u1ee3ng cao, xi lanh th\u1ee7y l\u1ef1c n\u00e0y c\u00f3 th\u1ec3 ch\u1ecbu \u0111\u01b0\u1ee3c t\u1ea3i tr\u1ecdng l\u1edbn, m\u00f4i tr\u01b0\u1eddng kh\u1eafc nghi\u1ec7t v\u00e0 th\u1eddi gian s\u1eed d\u1ee5ng l\u00e2u d\u00e0i.<br \/>\n3. C\u00f4ng su\u1ea5t v\u00e0 Hi\u1ec7u su\u1ea5t: Xi lanh th\u1ee7y l\u1ef1c cung c\u1ea5p l\u1ef1c n\u00e2ng v\u01b0\u1ee3t tr\u1ed9i, cho ph\u00e9p xe ben n\u00e2ng v\u00e0 nghi\u00eang c\u00e1c t\u1ea3i tr\u1ecdng n\u1eb7ng m\u1ed9t c\u00e1ch d\u1ec5 d\u00e0ng \u0111\u1ec3 d\u1ee1 h\u00e0ng hi\u1ec7u qu\u1ea3. \u0110i\u1ec1u n\u00e0y gi\u00fap c\u1ea3i thi\u1ec7n n\u0103ng su\u1ea5t v\u00e0 gi\u1ea3m th\u1eddi gian ch\u1ebft.<br \/>\n4. An to\u00e0n: \u0110\u01b0\u1ee3c trang b\u1ecb c\u00e1c c\u01a1 ch\u1ebf an to\u00e0n \u0111\u00e1ng tin c\u1eady, ch\u1eb3ng h\u1ea1n nh\u01b0 van gi\u1ea3m \u00e1p v\u00e0 b\u1ea3o v\u1ec7 qu\u00e1 t\u1ea3i, xi lanh th\u1ee7y l\u1ef1c \u0111\u1ea3m b\u1ea3o an to\u00e0n cho c\u1ea3 ng\u01b0\u1eddi v\u1eadn h\u00e0nh v\u00e0 m\u00f4i tr\u01b0\u1eddng xung quanh trong qu\u00e1 tr\u00ecnh v\u1eadn h\u00e0nh.<br \/>\n5. B\u1ea3o tr\u00ec d\u1ec5 d\u00e0ng: Xi lanh th\u1ee7y l\u1ef1c r\u01a1 mo\u00f3c t\u00f9y ch\u1ec9nh t\u1ea1i nh\u00e0 m\u00e1y \u0111\u01b0\u1ee3c thi\u1ebft k\u1ebf \u0111\u1ec3 b\u1ea3o tr\u00ec v\u00e0 b\u1ea3o d\u01b0\u1ee1ng d\u1ec5 d\u00e0ng, gi\u1ea3m thi\u1ec3u th\u1eddi gian ch\u1ebft v\u00e0 gi\u1ea3m chi ph\u00ed v\u1eadn h\u00e0nh.<\/p>\n<p>Cho d\u00f9 \u0111\u01b0\u1ee3c s\u1eed d\u1ee5ng trong x\u00e2y d\u1ef1ng, khai th\u00e1c m\u1ecf hay c\u00e1c ng\u00e0nh c\u00f4ng nghi\u1ec7p kh\u00e1c \u0111\u00f2i h\u1ecfi ph\u1ea3i d\u1ee1 v\u1eadt li\u1ec7u th\u01b0\u1eddng xuy\u00ean, Xi lanh th\u1ee7y l\u1ef1c r\u01a1 mo\u00f3c t\u00f9y ch\u1ec9nh t\u1ea1i nh\u00e0 m\u00e1y cho xe ben l\u00e0 m\u1ed9t b\u1ed9 ph\u1eadn \u0111\u00e1ng tin c\u1eady v\u00e0 kh\u00f4ng th\u1ec3 thi\u1ebfu. N\u00f3 n\u00e2ng cao hi\u1ec7u su\u1ea5t v\u00e0 n\u0103ng su\u1ea5t c\u1ee7a xe ben, bi\u1ebfn ch\u00fang th\u00e0nh m\u1ed9t c\u00f4ng c\u1ee5 thi\u1ebft y\u1ebfu cho b\u1ea5t k\u1ef3 ho\u1ea1t \u0111\u1ed9ng h\u1ea1ng n\u1eb7ng n\u00e0o.<\/p>\n<p>H\u00e3y ch\u1ecdn Xi lanh th\u1ee7y l\u1ef1c r\u01a1 mo\u00f3c t\u00f9y ch\u1ec9nh t\u1ea1i nh\u00e0 m\u00e1y cho xe ben v\u00e0 tr\u1ea3i nghi\u1ec7m nh\u1eefng l\u1ee3i \u00edch v\u1ec1 hi\u1ec7u su\u1ea5t li\u1ec1n m\u1ea1ch, \u0111\u1ed9 b\u1ec1n v\u00e0 hi\u1ec7u qu\u1ea3 c\u1ee7a n\u00f3.<\/p>\n<h2>Xi lanh th\u1ee7y l\u1ef1c xe k\u00e9o t\u00f9y ch\u1ec9nh t\u1ea1i nh\u00e0 m\u00e1y cho xe ben<\/h2>\n<p>Xin gi\u1edbi thi\u1ec7u Xi lanh th\u1ee7y l\u1ef1c r\u01a1 mo\u00f3c t\u00f9y ch\u1ec9nh t\u1ea1i nh\u00e0 m\u00e1y d\u00e0nh cho xe ben. S\u1ea3n ph\u1ea9m ho\u00e0n to\u00e0n m\u1edbi n\u00e0y \u0111\u01b0\u1ee3c s\u1ea3n xu\u1ea5t chuy\u00ean bi\u1ec7t cho nhu c\u1ea7u m\u00e1y m\u00f3c s\u1ea3n xu\u1ea5t, s\u1eeda ch\u1eefa, n\u00f4ng nghi\u1ec7p, n\u0103ng l\u01b0\u1ee3ng v\u00e0 khai th\u00e1c m\u1ecf c\u1ee7a b\u1ea1n. V\u1edbi ch\u1ebf \u0111\u1ed9 b\u1ea3o h\u00e0nh 1 n\u0103m, b\u1ea1n c\u00f3 th\u1ec3 ho\u00e0n to\u00e0n y\u00ean t\u00e2m r\u1eb1ng xi lanh th\u1ee7y l\u1ef1c n\u00e0y s\u1ebd mang l\u1ea1i hi\u1ec7u su\u1ea5t v\u01b0\u1ee3t tr\u1ed9i. C\u00e1c b\u1ed9 ph\u1eadn ch\u00ednh c\u1ee7a s\u1ea3n ph\u1ea9m, ch\u1eb3ng h\u1ea1n nh\u01b0 \u1ed5 tr\u1ee5c v\u00e0 xi lanh p\u00edt-t\u00f4ng, c\u0169ng \u0111\u01b0\u1ee3c b\u1ea3o h\u00e0nh 1 n\u0103m. Xi lanh th\u1ee7y l\u1ef1c m\u1ea1nh m\u1ebd n\u00e0y, \u0111\u01b0\u1ee3c l\u00e0m b\u1eb1ng th\u00e9p, \u0111\u01b0\u1ee3c thi\u1ebft k\u1ebf theo ki\u1ec3u xi lanh piston ti\u00eau chu\u1ea9n v\u00e0 s\u1eed d\u1ee5ng n\u0103ng l\u01b0\u1ee3ng th\u1ee7y l\u1ef1c. Xi lanh \u0111\u01b0\u1ee3c trang b\u1ecb xi lanh \u1ed1ng l\u1ed3ng ng\u01b0\u1ee3c, c\u00f3 th\u1ec3 t\u1ea1o l\u1ef1c \u0111\u1ea9y t\u1ed1i \u0111a 3000 v\u00e0 l\u1ef1c k\u00e9o t\u1ed1i \u0111a 20 t\u1ea5n. \u0110\u01b0\u1ee3c ch\u1ee9ng nh\u1eadn theo ti\u00eau chu\u1ea9n ISO9001:2000, xi lanh th\u1ee7y l\u1ef1c n\u00e0y c\u00f3 th\u1ec3 t\u00f9y ch\u1ec9nh k\u00edch th\u01b0\u1edbc \u0111\u01b0\u1eddng k\u00ednh, k\u00edch th\u01b0\u1edbc thanh truy\u1ec1n, k\u00edch th\u01b0\u1edbc h\u00e0nh tr\u00ecnh, k\u00edch th\u01b0\u1edbc ch\u1ed1t v\u00e0 m\u00e0u s\u1eafc.<\/p>\n<h2>C\u00e1c t\u00ednh n\u0103ng c\u1ee7a Xi lanh th\u1ee7y l\u1ef1c r\u01a1 mo\u00f3c t\u00f9y ch\u1ec9nh<\/h2>\n<p><img decoding=\"async\" src=\"https:\/\/hzpt.com\/wp-content\/uploads\/2023\/11\/Inverted-Telescopic-Cylinder-4.webp\" alt=\"\" title=\"\"><\/p>\n<ol>\n<li>Ngu\u1ed3n th\u1ee7y l\u1ef1c: Xi lanh th\u1ee7y l\u1ef1c n\u00e0y s\u1eed d\u1ee5ng ngu\u1ed3n th\u1ee7y l\u1ef1c, mang l\u1ea1i hi\u1ec7u su\u1ea5t \u0111\u00e1ng tin c\u1eady v\u00e0 t\u00ednh nh\u1ea5t qu\u00e1n.<\/li>\n<li>V\u1eadt li\u1ec7u th\u00e2n m\u00e1y b\u1eb1ng th\u00e9p: V\u1eadt li\u1ec7u th\u00e2n m\u00e1y l\u00e0 th\u00e9p, \u0111\u1ea3m b\u1ea3o \u0111\u1ed9 b\u1ec1n v\u00e0 ch\u1eafc ch\u1eafn.<\/li>\n<li>L\u1ef1c \u0111\u1ea9y v\u00e0 l\u1ef1c k\u00e9o t\u1ed1i \u0111a: C\u00f3 th\u1ec3 t\u1ea1o ra l\u1ef1c \u0111\u1ea9y t\u1ed1i \u0111a l\u00e0 3000 v\u00e0 l\u1ef1c k\u00e9o t\u1ed1i \u0111a l\u00e0 20 t\u1ea5n, cung c\u1ea5p \u0111\u1ee7 l\u1ef1c cho c\u00e1c ho\u1ea1t \u0111\u1ed9ng.<\/li>\n<li>Ch\u1ee9ng nh\u1eadn ISO9001:2000: S\u1ea3n ph\u1ea9m n\u00e0y \u0111\u01b0\u1ee3c ch\u1ee9ng nh\u1eadn theo ti\u00eau chu\u1ea9n ISO9001:2000, \u0111\u1ea3m b\u1ea3o cho kh\u00e1ch h\u00e0ng v\u1ec1 ch\u1ea5t l\u01b0\u1ee3ng v\u00e0 \u0111\u1ed9 tin c\u1eady.<\/li>\n<li>C\u00f3 th\u1ec3 t\u00f9y ch\u1ec9nh: Xi lanh th\u1ee7y l\u1ef1c n\u00e0y c\u00f3 th\u1ec3 t\u00f9y ch\u1ec9nh v\u1ec1 k\u00edch th\u01b0\u1edbc l\u1ed7, k\u00edch th\u01b0\u1edbc thanh, k\u00edch th\u01b0\u1edbc h\u00e0nh tr\u00ecnh, k\u00edch th\u01b0\u1edbc ch\u1ed1t v\u00e0 m\u00e0u s\u1eafc \u0111\u1ec3 \u0111\u00e1p \u1ee9ng c\u00e1c y\u00eau c\u1ea7u c\u1ee5 th\u1ec3.<\/li>\n<\/ol>\n<h2>\u1ee8ng d\u1ee5ng c\u1ee7a Xi lanh th\u1ee7y l\u1ef1c r\u01a1 mo\u00f3c t\u00f9y ch\u1ec9nh<\/h2>\n<ol>\n<li>Nh\u00e0 m\u00e1y s\u1ea3n xu\u1ea5t: Xi lanh th\u1ee7y l\u1ef1c n\u00e0y ph\u00f9 h\u1ee3p \u0111\u1ec3 s\u1eed d\u1ee5ng trong c\u00e1c nh\u00e0 m\u00e1y s\u1ea3n xu\u1ea5t.<\/li>\n<li>X\u01b0\u1edfng s\u1eeda ch\u1eefa m\u00e1y m\u00f3c: C\u00f3 th\u1ec3 s\u1eed d\u1ee5ng trong c\u00e1c x\u01b0\u1edfng s\u1eeda ch\u1eefa m\u00e1y m\u00f3c cho nhi\u1ec1u ho\u1ea1t \u0111\u1ed9ng s\u1eeda ch\u1eefa v\u00e0 b\u1ea3o tr\u00ec kh\u00e1c nhau.<\/li>\n<li>Trang tr\u1ea1i: Xi lanh th\u1ee7y l\u1ef1c n\u00e0y c\u00f3 th\u1ec3 \u0111\u01b0\u1ee3c s\u1eed d\u1ee5ng trong c\u00e1c trang tr\u1ea1i cho nhi\u1ec1u ho\u1ea1t \u0111\u1ed9ng canh t\u00e1c kh\u00e1c nhau.<\/li>\n<li>N\u0103ng l\u01b0\u1ee3ng v\u00e0 khai th\u00e1c m\u1ecf: C\u00f3 th\u1ec3 s\u1eed d\u1ee5ng trong ng\u00e0nh n\u0103ng l\u01b0\u1ee3ng v\u00e0 khai th\u00e1c m\u1ecf cho nhi\u1ec1u ho\u1ea1t \u0111\u1ed9ng n\u1eb7ng nh\u1ecdc kh\u00e1c nhau.<\/li>\n<li>S\u1ea3n xu\u1ea5t m\u00e1y m\u00f3c: Xi lanh th\u1ee7y l\u1ef1c n\u00e0y c\u0169ng l\u00fd t\u01b0\u1edfng \u0111\u1ec3 s\u1eed d\u1ee5ng trong s\u1ea3n xu\u1ea5t m\u00e1y m\u00f3c.<\/li>\n<\/ol>\n<p><img decoding=\"async\" src=\"https:\/\/hzpt.com\/wp-content\/uploads\/2023\/11\/Inverted-Telescopic-Cylinder-Applications.webp\" alt=\"\u1ee8ng d\u1ee5ng xi lanh th\u1ee7y l\u1ef1c\" title=\"\"><\/p>\n<h2>Nguy\u00ean l\u00fd ho\u1ea1t \u0111\u1ed9ng c\u1ee7a xi lanh th\u1ee7y l\u1ef1c r\u01a1 mo\u00f3c t\u00f9y ch\u1ec9nh<\/h2>\n<ol>\n<li>C\u1ea5u h\u00ecnh: Xi lanh th\u1ee7y l\u1ef1c \u0111\u01b0\u1ee3c c\u1ea5u h\u00ecnh v\u1edbi piston v\u00e0 xi lanh ch\u1ee9a \u0111\u1ea7y ch\u1ea5t l\u1ecfng th\u1ee7y l\u1ef1c.<\/li>\n<li>\u0110\u1ea7u v\u00e0o ch\u1ea5t l\u1ecfng th\u1ee7y l\u1ef1c: Ch\u1ea5t l\u1ecfng th\u1ee7y l\u1ef1c \u0111\u01b0\u1ee3c b\u01a1m \u0111\u01b0a v\u00e0o xi lanh, t\u1ea1o ra \u00e1p su\u1ea5t v\u00e0 \u0111\u1ea9y piston di chuy\u1ec3n.<\/li>\n<li>L\u1ef1c \u0111\u1ea7u ra: Chuy\u1ec3n \u0111\u1ed9ng n\u00e0y c\u1ee7a piston t\u1ea1o ra l\u1ef1c \u0111\u1ea7u ra \u0111\u01b0\u1ee3c s\u1eed d\u1ee5ng \u0111\u1ec3 th\u1ef1c hi\u1ec7n thao t\u00e1c mong mu\u1ed1n.<\/li>\n<li>Ph\u01b0\u01a1ng ph\u00e1p b\u1ea3o tr\u00ec: Ki\u1ec3m tra th\u01b0\u1eddng xuy\u00ean, v\u1ec7 sinh, b\u00f4i tr\u01a1n, ki\u1ec3m tra v\u00e0 s\u1eeda ch\u1eefa th\u01b0\u1eddng xuy\u00ean, thay th\u1ebf ph\u1edbt, tu\u00e2n th\u1ee7 h\u01b0\u1edbng d\u1eabn s\u1eed d\u1ee5ng l\u00e0 nh\u1eefng ph\u01b0\u01a1ng ph\u00e1p b\u1ea3o tr\u00ec ch\u00ednh cho xi lanh th\u1ee7y l\u1ef1c n\u00e0y.<\/li>\n<\/ol>\n<p><img decoding=\"async\" src=\"https:\/\/hzpt.com\/wp-content\/uploads\/2023\/11\/Inverted-Telescopic-Cylinder-22.webp\" alt=\"\" title=\"\"><\/p>\n<h2>H\u00ecnh tr\u1ee5 \u1ed1ng l\u1ed3ng ng\u01b0\u1ee3c<\/h2>\n<p>Xi lanh th\u1ee7y l\u1ef1c r\u01a1 mo\u00f3c t\u00f9y ch\u1ec9nh t\u1ea1i nh\u00e0 m\u00e1y cho xe ben l\u00e0 m\u1ed9t lo\u1ea1i xi lanh \u1ed1ng l\u1ed3ng ng\u01b0\u1ee3c \u0111\u01b0\u1ee3c thi\u1ebft k\u1ebf \u0111\u1eb7c bi\u1ec7t \u0111\u1ec3 s\u1eed d\u1ee5ng cho xe ben. Xi lanh th\u1ee7y l\u1ef1c c\u1ea3i ti\u1ebfn n\u00e0y \u0111\u01b0\u1ee3c s\u1eed d\u1ee5ng r\u1ed9ng r\u00e3i trong ng\u00e0nh x\u00e2y d\u1ef1ng, mang l\u1ea1i s\u1ee9c n\u00e2ng v\u00e0 \u0111\u1ed9 \u1ed5n \u0111\u1ecbnh v\u01b0\u1ee3t tr\u1ed9i cho t\u1ea3i tr\u1ecdng n\u1eb7ng. Trong b\u00e0i vi\u1ebft n\u00e0y, ch\u00fang ta s\u1ebd t\u00ecm hi\u1ec3u c\u00e1c t\u00ednh n\u0103ng v\u00e0 nguy\u00ean l\u00fd ho\u1ea1t \u0111\u1ed9ng c\u1ee7a xi lanh th\u1ee7y l\u1ef1c \u0111\u00e1ng ch\u00fa \u00fd n\u00e0y.<\/p>\n<h3>\u0110\u1eb7c tr\u01b0ng:<\/h3>\n<p>1. Thi\u1ebft k\u1ebf nhi\u1ec1u giai \u0111o\u1ea1n:<\/p>\n<p>Xi lanh th\u1ee7y l\u1ef1c r\u01a1 mo\u00f3c t\u00f9y ch\u1ec9nh t\u1ea1i nh\u00e0 m\u00e1y d\u00e0nh cho xe ben c\u00f3 thi\u1ebft k\u1ebf nhi\u1ec1u t\u1ea7ng, cho ph\u00e9p t\u0103ng kh\u1ea3 n\u0103ng n\u00e2ng v\u00e0 chi\u1ec1u d\u00e0i h\u00e0nh tr\u00ecnh. Xi lanh n\u00e0y bao g\u1ed3m nhi\u1ec1u t\u1ea7ng c\u00f3 th\u1ec3 k\u00e9o d\u00e0i v\u00e0 thu v\u00e0o \u0111\u1ec3 mang l\u1ea1i hi\u1ec7u su\u1ea5t n\u00e2ng t\u1ed1i \u01b0u. M\u1ed7i t\u1ea7ng \u0111\u01b0\u1ee3c thi\u1ebft k\u1ebf c\u1ea9n th\u1eadn \u0111\u1ec3 ch\u1ecbu \u0111\u01b0\u1ee3c t\u1ea3i tr\u1ecdng n\u1eb7ng v\u00e0 \u0111\u1ea3m b\u1ea3o v\u1eadn h\u00e0nh tr\u01a1n tru.<\/p>\n<p>2. C\u1ea5u h\u00ecnh \u0111\u1ea3o ng\u01b0\u1ee3c:<\/p>\n<p>Kh\u00f4ng gi\u1ed1ng nh\u01b0 xi lanh th\u1ee7y l\u1ef1c truy\u1ec1n th\u1ed1ng, xi lanh \u1ed1ng l\u1ed3ng ng\u01b0\u1ee3c \u0111\u01b0\u1ee3c thi\u1ebft k\u1ebf v\u1edbi c\u1ea7n piston h\u01b0\u1edbng xu\u1ed1ng d\u01b0\u1edbi. C\u1ea5u h\u00ecnh \u0111\u1ea3o ng\u01b0\u1ee3c n\u00e0y mang l\u1ea1i nhi\u1ec1u l\u1ee3i th\u1ebf, bao g\u1ed3m c\u1ea3i thi\u1ec7n \u0111\u1ed9 \u1ed5n \u0111\u1ecbnh, gi\u1ea3m nhu c\u1ea7u b\u1ea3o tr\u00ec v\u00e0 t\u0103ng c\u01b0\u1eddng an to\u00e0n. B\u1eb1ng c\u00e1ch \u0111\u1eb7t c\u1ea7n piston \u1edf ph\u00eda d\u01b0\u1edbi, xi lanh c\u00f3 th\u1ec3 ch\u1ecbu \u0111\u01b0\u1ee3c t\u1ea3i tr\u1ecdng b\u00ean v\u00e0 l\u1ef1c t\u00e1c \u0111\u1ed9ng trong qu\u00e1 tr\u00ecnh x\u1ea3 t\u1ed1t h\u01a1n.<\/p>\n<p>3. T\u00f9y ch\u1ec9nh t\u1ea1i nh\u00e0 m\u00e1y:<\/p>\n<p>Xi lanh th\u1ee7y l\u1ef1c r\u01a1 mo\u00f3c t\u00f9y ch\u1ec9nh t\u1ea1i nh\u00e0 m\u00e1y d\u00e0nh cho xe ben \u0111\u01b0\u1ee3c thi\u1ebft k\u1ebf ri\u00eang \u0111\u1ec3 \u0111\u00e1p \u1ee9ng c\u00e1c y\u00eau c\u1ea7u c\u1ee5 th\u1ec3 c\u1ee7a \u1ee9ng d\u1ee5ng xe ben. Xi lanh c\u00f3 th\u1ec3 \u0111\u01b0\u1ee3c t\u00f9y ch\u1ec9nh v\u1ec1 k\u00edch th\u01b0\u1edbc, t\u00f9y ch\u1ecdn l\u1eafp \u0111\u1eb7t v\u00e0 v\u1eadt li\u1ec7u \u0111\u1ec3 \u0111\u1ea3m b\u1ea3o t\u00edch h\u1ee3p li\u1ec1n m\u1ea1ch v\u1edbi h\u1ec7 th\u1ed1ng th\u1ee7y l\u1ef1c c\u1ee7a xe. Kh\u1ea3 n\u0103ng t\u00f9y ch\u1ec9nh n\u00e0y cho ph\u00e9p xi lanh \u0111\u1ea1t hi\u1ec7u su\u1ea5t v\u00e0 tu\u1ed5i th\u1ecd t\u1ed1i \u01b0u trong \u0111i\u1ec1u ki\u1ec7n v\u1eadn h\u00e0nh kh\u1eafc nghi\u1ec7t c\u1ee7a xe ben.<\/p>\n<h3>Nguy\u00ean l\u00fd ho\u1ea1t \u0111\u1ed9ng:<\/h3>\n<p>Khi xe ben c\u1ea7n d\u1ee1 h\u00e0ng, h\u1ec7 th\u1ed1ng th\u1ee7y l\u1ef1c s\u1ebd k\u00edch ho\u1ea1t Xi lanh th\u1ee7y l\u1ef1c r\u01a1 mo\u00f3c t\u00f9y ch\u1ec9nh c\u1ee7a Nh\u00e0 m\u00e1y. D\u01b0\u1edbi \u0111\u00e2y l\u00e0 s\u01a1 \u0111\u1ed3 ho\u1ea1t \u0111\u1ed9ng t\u1eebng b\u01b0\u1edbc c\u1ee7a xi lanh:<\/p>\n<p>1. Giai \u0111o\u1ea1n m\u1edf r\u1ed9ng:<\/p>\n<p>Khi ch\u1ea5t l\u1ecfng th\u1ee7y l\u1ef1c \u0111\u01b0\u1ee3c b\u01a1m v\u00e0o xi lanh, n\u00f3 s\u1ebd \u0111i v\u00e0o bu\u1ed3ng c\u1ee7a t\u1ea7ng nh\u1ecf nh\u1ea5t tr\u01b0\u1edbc. \u00c1p su\u1ea5t t\u0103ng l\u00ean, khi\u1ebfn piston di chuy\u1ec3n ra ngo\u00e0i. T\u1ea7ng m\u1edf r\u1ed9ng n\u00e0y cho ph\u00e9p xi lanh t\u0103ng d\u1ea7n chi\u1ec1u d\u00e0i, t\u1ea1o ra l\u1ef1c n\u00e2ng ban \u0111\u1ea7u.<\/p>\n<p>2. C\u00e1c giai \u0111o\u1ea1n tu\u1ea7n t\u1ef1:<\/p>\n<p>Khi t\u1ea7ng nh\u1ecf nh\u1ea5t \u0111\u01b0\u1ee3c m\u1edf r\u1ed9ng ho\u00e0n to\u00e0n, ch\u1ea5t l\u1ecfng th\u1ee7y l\u1ef1c ti\u1ebfp t\u1ee5c ch\u1ea3y v\u00e0o t\u1ea7ng l\u1edbn h\u01a1n ti\u1ebfp theo. Qu\u00e1 tr\u00ecnh tu\u1ea7n t\u1ef1 n\u00e0y l\u1eb7p l\u1ea1i cho t\u1eebng t\u1ea7ng c\u1ee7a xi lanh, v\u1edbi ch\u1ea5t l\u1ecfng d\u1ea7n d\u1ea7n l\u1ea5p \u0111\u1ea7y m\u1ed7i bu\u1ed3ng v\u00e0 \u0111\u1ea9y piston ra xa h\u01a1n. C\u00e1c t\u1ea7ng tu\u1ea7n t\u1ef1 c\u1ee7a xi lanh \u1ed1ng l\u1ed3ng ng\u01b0\u1ee3c cho ph\u00e9p t\u0103ng \u0111\u00e1ng k\u1ec3 kh\u1ea3 n\u0103ng n\u00e2ng trong khi v\u1eabn duy tr\u00ec thi\u1ebft k\u1ebf nh\u1ecf g\u1ecdn.<\/p>\n<p>3. Giai \u0111o\u1ea1n r\u00fat l\u1ea1i:<\/p>\n<p>Khi \u0111\u1ebfn l\u00fac thu xi-lanh, h\u1ec7 th\u1ed1ng th\u1ee7y l\u1ef1c s\u1ebd \u0111\u1ea3o ng\u01b0\u1ee3c d\u00f2ng ch\u1ea3y c\u1ee7a ch\u1ea5t l\u1ecfng. N\u00f3 b\u1eaft \u0111\u1ea7u thu t\u1eeb t\u1ea7ng l\u1edbn nh\u1ea5t, d\u1ea7n d\u1ea7n l\u00e0m r\u1ed7ng c\u00e1c bu\u1ed3ng v\u00e0 cho ph\u00e9p piston thu l\u1ea1i. Vi\u1ec7c thu tu\u1ea7n t\u1ef1 c\u00e1c t\u1ea7ng \u0111\u1ea3m b\u1ea3o vi\u1ec7c h\u1ea1 th\u00f9ng xe ben m\u1ed9t c\u00e1ch c\u00f3 ki\u1ec3m so\u00e1t v\u00e0 \u00eam \u00e1i.<\/p>\n<p>Xi lanh th\u1ee7y l\u1ef1c r\u01a1 mo\u00f3c t\u00f9y ch\u1ec9nh t\u1ea1i nh\u00e0 m\u00e1y d\u00e0nh cho xe ben l\u00e0 m\u1ed9t b\u1ed9 ph\u1eadn quan tr\u1ecdng cho ph\u00e9p v\u1eadn h\u00e0nh \u0111\u1ed5 b\u00ea t\u00f4ng hi\u1ec7u qu\u1ea3 tr\u00ean xe t\u1ea3i h\u1ea1ng n\u1eb7ng. Thi\u1ebft k\u1ebf s\u00e1ng t\u1ea1o, k\u1ebft h\u1ee3p v\u1edbi t\u00f9y ch\u1ec9nh t\u1ea1i nh\u00e0 m\u00e1y, \u0111\u1ea3m b\u1ea3o hi\u1ec7u su\u1ea5t v\u00e0 \u0111\u1ed9 b\u1ec1n t\u1ed1i \u01b0u. D\u00f9 l\u00e0 c\u00f4ng tr\u01b0\u1eddng x\u00e2y d\u1ef1ng nh\u1ecf hay ho\u1ea1t \u0111\u1ed9ng khai th\u00e1c quy m\u00f4 l\u1edbn, xi lanh th\u1ee7y l\u1ef1c n\u00e0y \u0111\u1ec1u cung c\u1ea5p s\u1ee9c m\u1ea1nh v\u00e0 \u0111\u1ed9 tin c\u1eady c\u1ea7n thi\u1ebft \u0111\u1ec3 x\u1eed l\u00fd t\u1ea3i tr\u1ecdng n\u1eb7ng.<\/p>\n<h3>Gi\u1edbi thi\u1ec7u v\u1ec1 FMP<\/h3>\n<p>FMP l\u00e0 m\u1ed9t c\u00f4ng ty chuy\u00ean s\u1ea3n xu\u1ea5t v\u00e0 kinh doanh Xi lanh th\u1ee7y l\u1ef1c. V\u1edbi tr\u1ee5 s\u1edf ch\u00ednh \u0111\u1eb7t t\u1ea1i \u00dd, ch\u00fang t\u00f4i c\u00f3 nhi\u1ec1u n\u0103m kinh nghi\u1ec7m trong ng\u00e0nh m\u00e1y m\u00f3c x\u00e2y d\u1ef1ng v\u00e0 \u0111\u1ed9i ng\u0169 chuy\u00ean gia t\u1eadn t\u00e2m. Ch\u00fang t\u00f4i cung c\u1ea5p Xi lanh th\u1ee7y l\u1ef1c ch\u1ea5t l\u01b0\u1ee3ng cao v\u00e0 \u0111\u00e1ng tin c\u1eady, c\u00f9ng v\u1edbi \u0111a d\u1ea1ng c\u00e1c lo\u1ea1i ph\u1ee5 t\u00f9ng m\u00e1y m\u00f3c x\u00e2y d\u1ef1ng v\u00e0 c\u00e1c gi\u1ea3i ph\u00e1p m\u00e1y m\u00f3c ho\u00e0n ch\u1ec9nh.<\/p>\n<p>D\u01b0\u1edbi \u0111\u00e2y l\u00e0 5 l\u00fd do t\u1ea1i sao b\u1ea1n n\u00ean ch\u1ecdn FMP:<\/p>\n<ol>\n<li>Ph\u1ea1m vi s\u1ea3n ph\u1ea9m \u0111a d\u1ea1ng: Ch\u00fang t\u00f4i cung c\u1ea5p nhi\u1ec1u lo\u1ea1i xi lanh th\u1ee7y l\u1ef1c, bao g\u1ed3m xi lanh ki\u1ec3u ch\u1ed1t \u0111i\u1ec1u ch\u1ec9nh, xi lanh \u1ed1ng l\u1ed3ng, xi lanh h\u00e0n, v.v. D\u00f2ng s\u1ea3n ph\u1ea9m \u0111a d\u1ea1ng c\u1ee7a ch\u00fang t\u00f4i \u0111\u1ea3m b\u1ea3o \u0111\u00e1p \u1ee9ng nhu c\u1ea7u c\u1ee5 th\u1ec3 c\u1ee7a kh\u00e1ch h\u00e0ng.<\/li>\n<li>Linh ki\u1ec7n ch\u1ea5t l\u01b0\u1ee3ng cao: T\u1ea5t c\u1ea3 xi lanh th\u1ee7y l\u1ef1c c\u1ee7a ch\u00fang t\u00f4i \u0111\u1ec1u \u0111\u01b0\u1ee3c ch\u1ebf t\u1ea1o t\u1eeb c\u00e1c linh ki\u1ec7n ch\u1ea5t l\u01b0\u1ee3ng cao \u0111\u1ec3 \u0111\u1ea3m b\u1ea3o \u0111\u1ed9 b\u1ec1n v\u00e0 hi\u1ec7u su\u1ea5t. Ch\u00fang t\u00f4i h\u1ee3p t\u00e1c ch\u1eb7t ch\u1ebd v\u1edbi c\u00e1c nh\u00e0 cung c\u1ea5p ch\u1ea5t l\u01b0\u1ee3ng cao \u0111\u1ec3 duy tr\u00ec c\u00e1c ti\u00eau chu\u1ea9n ch\u1ea5t l\u01b0\u1ee3ng nghi\u00eam ng\u1eb7t.<\/li>\n<li>\u0110\u1ed9i ng\u0169 b\u00e1n h\u00e0ng chuy\u00ean nghi\u1ec7p: \u0110\u1ed9i ng\u0169 b\u00e1n h\u00e0ng gi\u00e0u kinh nghi\u1ec7m c\u1ee7a ch\u00fang t\u00f4i am hi\u1ec3u s\u00e2u s\u1eafc v\u1ec1 ng\u00e0nh m\u00e1y m\u00f3c x\u00e2y d\u1ef1ng v\u00e0 th\u1ea5u hi\u1ec3u nhu c\u1ea7u ng\u00e0y c\u00e0ng cao c\u1ee7a kh\u00e1ch h\u00e0ng. H\u1ecd c\u00f3 th\u1ec3 t\u01b0 v\u1ea5n s\u1ea3n ph\u1ea9m chuy\u00ean nghi\u1ec7p v\u00e0 \u0111\u01b0a ra nh\u1eefng g\u1ee3i \u00fd mua h\u00e0ng th\u00f4ng minh.<\/li>\n<li>H\u1eadu c\u1ea7n hi\u1ec7u qu\u1ea3: Ch\u00fang t\u00f4i c\u00f3 h\u1ec7 th\u1ed1ng ph\u00e2n ph\u1ed1i h\u1eadu c\u1ea7n hi\u1ec7u qu\u1ea3 \u0111\u1ec3 \u0111\u1ea3m b\u1ea3o giao h\u00e0ng \u0111\u00fang h\u1ea1n v\u00e0 ch\u00ednh x\u00e1c c\u00e1c linh ki\u1ec7n c\u1ea7n thi\u1ebft cho kh\u00e1ch h\u00e0ng. B\u1ea1n c\u00f3 th\u1ec3 tin t\u01b0\u1edfng ch\u00fang t\u00f4i s\u1ebd \u0111\u00e1p \u1ee9ng ti\u1ebfn \u0111\u1ed9 d\u1ef1 \u00e1n c\u1ee7a b\u1ea1n.<\/li>\n<li>Cam k\u1ebft s\u1ef1 h\u00e0i l\u00f2ng c\u1ee7a kh\u00e1ch h\u00e0ng: T\u1ea1i FMP, s\u1ef1 h\u00e0i l\u00f2ng c\u1ee7a kh\u00e1ch h\u00e0ng l\u00e0 \u01b0u ti\u00ean h\u00e0ng \u0111\u1ea7u c\u1ee7a ch\u00fang t\u00f4i. Ch\u00fang t\u00f4i n\u1ed7 l\u1ef1c cung c\u1ea5p d\u1ecbch v\u1ee5 xu\u1ea5t s\u1eafc \u1edf m\u1ecdi kh\u00e2u, t\u1eeb l\u1ef1a ch\u1ecdn s\u1ea3n ph\u1ea9m \u0111\u1ebfn h\u1ed7 tr\u1ee3 sau b\u00e1n h\u00e0ng. Th\u00e0nh c\u00f4ng c\u1ee7a b\u1ea1n c\u0169ng ch\u00ednh l\u00e0 th\u00e0nh c\u00f4ng c\u1ee7a ch\u00fang t\u00f4i.<\/li>\n<\/ol>\n<p><img decoding=\"async\" src=\"https:\/\/fmp-components.com\/wp-content\/uploads\/2024\/12\/Adjustable-Clevis-Type-Cylinders-6.webp\" alt=\"Xi lanh lo\u1ea1i Clevis c\u00f3 th\u1ec3 \u0111i\u1ec1u ch\u1ec9nh\" width=\"852\" title=\"\"><\/p>\n<p>T\u00e1c gi\u1ea3: CX<\/p>","protected":false},"excerpt":{"rendered":"<p>Introducing the Factory Customized Trailer Hydraulic Cylinder for Dump Truck: The Factory Customized Trailer Hydraulic Cylinder for Dump Truck is a high-quality and efficient hydraulic component specially designed for dump trucks. With its advanced features and robust construction, this hydraulic cylinder plays a vital role in the smooth operation of dump trucks during the unloading [&hellip;]<\/p>","protected":false},"featured_media":1702,"comment_status":"closed","ping_status":"closed","template":"","meta":{"_et_pb_use_builder":"","_et_pb_old_content":"","_et_gb_content_width":""},"product_brand":[],"product_cat":[45],"product_tag":[34,48],"class_list":{"0":"post-1701","1":"product","2":"type-product","3":"status-publish","4":"has-post-thumbnail","6":"product_cat-inverted-telescopic-cylinder","7":"product_tag-hydraulic-cylinder","8":"product_tag-inverted-telescopic-cylinder","10":"first","11":"instock","12":"product-type-simple"},"_links":{"self":[{"href":"https:\/\/fmp-components.com\/vi\/wp-json\/wp\/v2\/product\/1701","targetHints":{"allow":["GET"]}}],"collection":[{"href":"https:\/\/fmp-components.com\/vi\/wp-json\/wp\/v2\/product"}],"about":[{"href":"https:\/\/fmp-components.com\/vi\/wp-json\/wp\/v2\/types\/product"}],"replies":[{"embeddable":true,"href":"https:\/\/fmp-components.com\/vi\/wp-json\/wp\/v2\/comments?post=1701"}],"wp:featuredmedia":[{"embeddable":true,"href":"https:\/\/fmp-components.com\/vi\/wp-json\/wp\/v2\/media\/1702"}],"wp:attachment":[{"href":"https:\/\/fmp-components.com\/vi\/wp-json\/wp\/v2\/media?parent=1701"}],"wp:term":[{"taxonomy":"product_brand","embeddable":true,"href":"https:\/\/fmp-components.com\/vi\/wp-json\/wp\/v2\/product_brand?post=1701"},{"taxonomy":"product_cat","embeddable":true,"href":"https:\/\/fmp-components.com\/vi\/wp-json\/wp\/v2\/product_cat?post=1701"},{"taxonomy":"product_tag","embeddable":true,"href":"https:\/\/fmp-components.com\/vi\/wp-json\/wp\/v2\/product_tag?post=1701"}],"curies":[{"name":"wp","href":"https:\/\/api.w.org\/{rel}","templated":true}]}}