{"id":1699,"date":"2024-12-23T07:01:59","date_gmt":"2024-12-23T07:01:59","guid":{"rendered":"https:\/\/fmp-components.com\/product\/durable-5-ton-hydraulic-telescopic-cylinder-for-dump-truck\/"},"modified":"2025-03-11T05:47:41","modified_gmt":"2025-03-11T05:47:41","slug":"durable-5-ton-hydraulic-telescopic-cylinder-for-dump-truck","status":"publish","type":"product","link":"https:\/\/fmp-components.com\/vi\/product\/durable-5-ton-hydraulic-telescopic-cylinder-for-dump-truck\/","title":{"rendered":"Xi lanh th\u1ee7y l\u1ef1c \u1ed1ng l\u1ed3ng 5 t\u1ea5n b\u1ec1n b\u1ec9 cho xe ben"},"content":{"rendered":"<h2>Gi\u1edbi thi\u1ec7u s\u1ea3n ph\u1ea9m:<\/h2>\n<p>Xi lanh th\u1ee7y l\u1ef1c d\u1ea1ng \u1ed1ng l\u1ed3ng 5 t\u1ea5n b\u1ec1n b\u1ec9 d\u00e0nh cho xe ben l\u00e0 m\u1ed9t c\u00f4ng c\u1ee5 m\u1ea1nh m\u1ebd v\u00e0 \u0111\u00e1ng tin c\u1eady, \u0111\u01b0\u1ee3c thi\u1ebft k\u1ebf \u0111\u1ec3 mang l\u1ea1i hi\u1ec7u su\u1ea5t v\u01b0\u1ee3t tr\u1ed9i cho c\u00e1c \u1ee9ng d\u1ee5ng xe ben. Xi lanh th\u1ee7y l\u1ef1c n\u00e0y \u0111\u01b0\u1ee3c ch\u1ebf t\u1ea1o \u0111\u1ec3 s\u1eed d\u1ee5ng l\u00e2u d\u00e0i v\u00e0 \u0111\u01b0\u1ee3c l\u00e0m t\u1eeb v\u1eadt li\u1ec7u ch\u1ea5t l\u01b0\u1ee3ng cao, \u0111\u1ea3m b\u1ea3o \u0111\u1ed9 b\u1ec1n v\u00e0 hi\u1ec7u su\u1ea5t l\u00e2u d\u00e0i.<\/p>\n<p>Xi lanh th\u1ee7y l\u1ef1c d\u1ea1ng \u1ed1ng l\u1ed3ng 5 t\u1ea5n b\u1ec1n b\u1ec9 \u0111\u01b0\u1ee3c thi\u1ebft k\u1ebf \u0111\u1ec3 mang l\u1ea1i s\u1ee9c m\u1ea1nh v\u00e0 c\u00f4ng su\u1ea5t v\u01b0\u1ee3t tr\u1ed9i, v\u1edbi kh\u1ea3 n\u0103ng n\u00e2ng t\u1ed1i \u0111a 5 t\u1ea5n. \u0110i\u1ec1u n\u00e0y khi\u1ebfn n\u00f3 tr\u1edf th\u00e0nh l\u1ef1a ch\u1ecdn l\u00fd t\u01b0\u1edfng cho c\u00e1c \u1ee9ng d\u1ee5ng h\u1ea1ng n\u1eb7ng nh\u01b0 v\u1eadn chuy\u1ec3n v\u1eadt li\u1ec7u x\u00e2y d\u1ef1ng, c\u00f4ng tr\u00ecnh \u0111\u1ea5t v\u00e0 c\u00e1c t\u1ea3i tr\u1ecdng n\u1eb7ng kh\u00e1c.<\/p>\n<p><img decoding=\"async\" src=\"https:\/\/hzpt.com\/wp-content\/uploads\/2023\/11\/Inverted-Telescopic-Cylinder-2.webp\" alt=\"\" title=\"\"><\/p>\n<p>M\u1ed9t trong nh\u1eefng \u0111\u1eb7c \u0111i\u1ec3m n\u1ed5i b\u1eadt c\u1ee7a xi lanh th\u1ee7y l\u1ef1c n\u00e0y l\u00e0 thi\u1ebft k\u1ebf d\u1ea1ng \u1ed1ng l\u1ed3ng. Xi lanh \u0111\u01b0\u1ee3c c\u1ea5u t\u1ea1o t\u1eeb nhi\u1ec1u t\u1ea7ng c\u00f3 th\u1ec3 m\u1edf r\u1ed9ng \u0111\u1ec3 n\u00e2ng cao chi\u1ec1u cao v\u00e0 t\u1ea7m v\u1edbi. \u0110i\u1ec1u n\u00e0y khi\u1ebfn n\u00f3 tr\u1edf th\u00e0nh m\u1ed9t c\u00f4ng c\u1ee5 c\u1ef1c k\u1ef3 linh ho\u1ea1t, c\u00f3 th\u1ec3 \u0111\u01b0\u1ee3c s\u1eed d\u1ee5ng trong nhi\u1ec1u \u1ee9ng d\u1ee5ng kh\u00e1c nhau.<\/p>\n<p>Xi lanh th\u1ee7y l\u1ef1c d\u1ea1ng \u1ed1ng l\u1ed3ng 5 t\u1ea5n b\u1ec1n b\u1ec9 d\u00e0nh cho xe ben c\u0169ng c\u1ef1c k\u1ef3 d\u1ec5 l\u1eafp \u0111\u1eb7t v\u00e0 s\u1eed d\u1ee5ng. S\u1ea3n ph\u1ea9m \u0111\u01b0\u1ee3c trang b\u1ecb \u0111\u1ea7y \u0111\u1ee7 ph\u1ee5 ki\u1ec7n l\u1eafp \u0111\u1eb7t c\u1ea7n thi\u1ebft v\u00e0 c\u00f3 th\u1ec3 d\u1ec5 d\u00e0ng g\u1eafn v\u00e0o h\u1ec7 th\u1ed1ng th\u1ee7y l\u1ef1c c\u1ee7a xe ben.<\/p>\n<table style=\"width: 100%;\" border=\"1\" width=\"100%\" cellspacing=\"0\" cellpadding=\"0\">\n<tbody>\n<tr>\n<th>T\u00ean s\u1ea3n ph\u1ea9m<\/th>\n<td>Xi lanh th\u1ee7y l\u1ef1c \u1ed1ng l\u1ed3ng 5 t\u1ea5n b\u1ec1n b\u1ec9<\/td>\n<\/tr>\n<tr>\n<th>T\u00ecnh tr\u1ea1ng<\/th>\n<td>M\u1edbi<\/td>\n<\/tr>\n<tr>\n<th>Ki\u1ec3u<\/th>\n<td>Xi lanh th\u1ee7y l\u1ef1c d\u1ea1ng \u1ed1ng l\u1ed3ng<\/td>\n<\/tr>\n<tr>\n<th>C\u00e2n n\u1eb7ng (KG)<\/th>\n<td>43<\/td>\n<\/tr>\n<tr>\n<th>T\u1ea3i tr\u1ecdng t\u1ed1i \u0111a<\/th>\n<td>5 t\u1ea5n<\/td>\n<\/tr>\n<tr>\n<th>B\u1ea3o h\u00e0nh<\/th>\n<td>1 n\u0103m<\/td>\n<\/tr>\n<tr>\n<th>C\u00e1c ng\u00e0nh c\u00f4ng nghi\u1ec7p \u00e1p d\u1ee5ng<\/th>\n<td>Nh\u00e0 m\u00e1y s\u1ea3n xu\u1ea5t, X\u01b0\u1edfng s\u1eeda ch\u1eefa m\u00e1y m\u00f3c, Trang tr\u1ea1i, N\u0103ng l\u01b0\u1ee3ng &amp; Khai th\u00e1c, S\u1ea3n xu\u1ea5t m\u00e1y m\u00f3c, Nh\u00e0 m\u00e1y m\u00e1y m\u00f3c<\/td>\n<\/tr>\n<tr>\n<th>Thi\u1ebft k\u1ebf<\/th>\n<td>K\u00ednh thi\u00ean v\u0103n<\/td>\n<\/tr>\n<tr>\n<th>Hi\u1ec7u su\u1ea5t<\/th>\n<td>S\u1ee9c m\u1ea1nh v\u00e0 \u0111\u1ed9 b\u1ec1n v\u01b0\u1ee3t tr\u1ed9i<\/td>\n<\/tr>\n<tr>\n<th>C\u00e0i \u0111\u1eb7t<\/th>\n<td>C\u00e0i \u0111\u1eb7t d\u1ec5 d\u00e0ng<\/td>\n<\/tr>\n<\/tbody>\n<\/table>\n<h2>\u0110\u1eb7c \u0111i\u1ec3m c\u1ee7a xi lanh th\u1ee7y l\u1ef1c d\u1ea1ng \u1ed1ng l\u1ed3ng<\/h2>\n<ul>\n<li style=\"list-style-type: none;\">\n<ul>\n<li>\u0110\u1ed9 b\u1ec1n cao: \u0110\u01b0\u1ee3c ch\u1ebf t\u1ea1o b\u1eb1ng th\u00e9p \u0111\u1ec3 c\u00f3 \u0111\u1ed9 b\u1ec1n v\u00e0 s\u1ee9c ch\u1ecbu \u0111\u1ef1ng t\u1ed1i \u0111a.<\/li>\n<li>Ch\u1ee9c n\u0103ng hi\u1ec7u qu\u1ea3: Xi lanh n\u00e0y ho\u1ea1t \u0111\u1ed9ng b\u1eb1ng s\u1ee9c m\u1ea1nh th\u1ee7y l\u1ef1c, \u0111\u1ea3m b\u1ea3o ho\u1ea1t \u0111\u1ed9ng tr\u01a1n tru v\u00e0 hi\u1ec7u qu\u1ea3.<\/li>\n<\/ul>\n<\/li>\n<\/ul>\n<ul>\n<li>C\u00f4ng su\u1ea5t cao: V\u1edbi l\u1ef1c \u0111\u1ea9y t\u1ed1i \u0111a l\u00e0 3000 v\u00e0 l\u1ef1c k\u00e9o t\u1ed1i \u0111a l\u00e0 20 t\u1ea5n, m\u00e1y n\u00e0y c\u00f3 th\u1ec3 x\u1eed l\u00fd c\u00e1c ho\u1ea1t \u0111\u1ed9ng n\u1eb7ng.<\/li>\n<li>Thi\u1ebft k\u1ebf ti\u00eau chu\u1ea9n: Xi lanh piston n\u00e0y tu\u00e2n th\u1ee7 c\u00e1c th\u00f4ng s\u1ed1 k\u1ef9 thu\u1eadt ti\u00eau chu\u1ea9n, khi\u1ebfn n\u00f3 tr\u1edf th\u00e0nh m\u1ed9t ph\u1ee5 ki\u1ec7n \u0111a n\u0103ng cho b\u1ea5t k\u1ef3 m\u00e1y m\u00f3c n\u00e0o.<\/li>\n<li>Ch\u1ea5t l\u01b0\u1ee3ng \u0111\u01b0\u1ee3c ch\u1ee9ng nh\u1eadn: \u0110\u1ea1t ch\u1ee9ng nh\u1eadn ISO9001:2000, \u0111\u1ea3m b\u1ea3o ch\u1ea5t l\u01b0\u1ee3ng v\u00e0 \u0111\u1ed9 an to\u00e0n c\u1ee7a s\u1ea3n ph\u1ea9m.<\/li>\n<\/ul>\n<h2>\u1ee8ng d\u1ee5ng c\u1ee7a xi lanh th\u1ee7y l\u1ef1c d\u1ea1ng \u1ed1ng l\u1ed3ng<\/h2>\n<ul>\n<li>Nh\u00e0 m\u00e1y s\u1ea3n xu\u1ea5t: Xi lanh n\u00e0y c\u00f3 th\u1ec3 \u0111\u01b0\u1ee3c s\u1eed d\u1ee5ng trong nhi\u1ec1u quy tr\u00ecnh s\u1ea3n xu\u1ea5t kh\u00e1c nhau, n\u00e2ng cao hi\u1ec7u qu\u1ea3 v\u00e0 n\u0103ng su\u1ea5t.<\/li>\n<li>X\u01b0\u1edfng s\u1eeda ch\u1eefa m\u00e1y m\u00f3c: \u0110\u00e2y l\u00e0 th\u00e0nh ph\u1ea7n quan tr\u1ecdng trong vi\u1ec7c s\u1eeda ch\u1eefa m\u00e1y m\u00f3c h\u1ea1ng n\u1eb7ng.<\/li>\n<li>Trang tr\u1ea1i: Xi lanh th\u1ee7y l\u1ef1c d\u1ea1ng \u1ed1ng l\u1ed3ng c\u00f3 th\u1ec3 \u0111\u01b0\u1ee3c s\u1eed d\u1ee5ng trong nhi\u1ec1u lo\u1ea1i m\u00e1y m\u00f3c trang tr\u1ea1i kh\u00e1c nhau.<\/li>\n<li>N\u0103ng l\u01b0\u1ee3ng v\u00e0 khai th\u00e1c: \u0110\u00f3ng vai tr\u00f2 quan tr\u1ecdng trong ho\u1ea1t \u0111\u1ed9ng c\u1ee7a thi\u1ebft b\u1ecb khai th\u00e1c h\u1ea1ng n\u1eb7ng.<\/li>\n<li>Ch\u1ebf t\u1ea1o m\u00e1y m\u00f3c: \u0110\u00e2y l\u00e0 m\u1ed9t ph\u1ea7n kh\u00f4ng th\u1ec3 thi\u1ebfu c\u1ee7a qu\u00e1 tr\u00ecnh ch\u1ebf t\u1ea1o m\u00e1y m\u00f3c.<\/li>\n<\/ul>\n<p><img decoding=\"async\" src=\"https:\/\/hzpt.com\/wp-content\/uploads\/2023\/11\/Inverted-Telescopic-Cylinder-Applications.webp\" alt=\"\u1ee8ng d\u1ee5ng c\u1ee7a xi lanh th\u1ee7y l\u1ef1c d\u1ea1ng \u1ed1ng l\u1ed3ng\" title=\"\"><\/p>\n<h2>Nguy\u00ean l\u00fd ho\u1ea1t \u0111\u1ed9ng v\u00e0 b\u1ea3o d\u01b0\u1ee1ng xi lanh th\u1ee7y l\u1ef1c d\u1ea1ng \u1ed1ng l\u1ed3ng<\/h2>\n<p>V\u1edbi c\u1ea5u h\u00ecnh, \u0111\u1ea7u v\u00e0o ch\u1ea5t l\u1ecfng th\u1ee7y l\u1ef1c v\u00e0 l\u1ef1c \u0111\u1ea7u ra, xi lanh th\u1ee7y l\u1ef1c d\u1ea1ng \u1ed1ng l\u1ed3ng ho\u1ea1t \u0111\u1ed9ng hi\u1ec7u qu\u1ea3. D\u01b0\u1edbi \u0111\u00e2y l\u00e0 m\u00f4 t\u1ea3 chi ti\u1ebft v\u1ec1 nguy\u00ean l\u00fd ho\u1ea1t \u0111\u1ed9ng c\u1ee7a n\u00f3:<\/p>\n<ul>\n<li>C\u1ea5u h\u00ecnh: Xi lanh bao g\u1ed3m th\u00e2n th\u00e9p, \u1ed5 tr\u1ee5c v\u00e0 xi lanh p\u00edt t\u00f4ng l\u00e0 c\u00e1c th\u00e0nh ph\u1ea7n c\u1ed1t l\u00f5i.<\/li>\n<li>\u0110\u1ea7u v\u00e0o ch\u1ea5t l\u1ecfng th\u1ee7y l\u1ef1c: Ch\u1ea5t l\u1ecfng th\u1ee7y l\u1ef1c \u0111\u01b0\u1ee3c \u0111\u01b0a v\u00e0o xi lanh, l\u00e0m piston di chuy\u1ec3n v\u00e0 t\u1ea1o ra l\u1ef1c.<\/li>\n<li>L\u1ef1c \u0111\u1ea7u ra: L\u1ef1c t\u1ea1o ra \u0111\u01b0\u1ee3c d\u00f9ng \u0111\u1ec3 v\u1eadn h\u00e0nh m\u00e1y m\u00f3c.<\/li>\n<\/ul>\n<p>B\u1ea3o tr\u00ec th\u01b0\u1eddng xuy\u00ean bao g\u1ed3m:<\/p>\n<ul>\n<li>Ki\u1ec3m tra th\u01b0\u1eddng xuy\u00ean: Ki\u1ec3m tra b\u00ecnh th\u01b0\u1eddng xuy\u00ean \u0111\u1ec3 \u0111\u1ea3m b\u1ea3o b\u00ecnh ho\u1ea1t \u0111\u1ed9ng t\u1ed1t.<\/li>\n<li>V\u1ec7 sinh: V\u1ec7 sinh xi lanh th\u01b0\u1eddng xuy\u00ean \u0111\u1ec3 tr\u00e1nh b\u1ee5i b\u1ea9n v\u00e0 m\u1ea3nh v\u1ee5n \u1ea3nh h\u01b0\u1edfng \u0111\u1ebfn hi\u1ec7u su\u1ea5t c\u1ee7a xi lanh.<\/li>\n<li>B\u00f4i tr\u01a1n: Th\u01b0\u1eddng xuy\u00ean b\u00f4i tr\u01a1n c\u00e1c b\u1ed9 ph\u1eadn chuy\u1ec3n \u0111\u1ed9ng \u0111\u1ec3 gi\u1ea3m ma s\u00e1t v\u00e0 \u0111\u1ea3m b\u1ea3o ho\u1ea1t \u0111\u1ed9ng tr\u01a1n tru.<\/li>\n<li>Thay th\u1ebf ph\u1edbt: Thay th\u1ebf ph\u1edbt khi c\u1ea7n thi\u1ebft \u0111\u1ec3 tr\u00e1nh r\u00f2 r\u1ec9.<\/li>\n<li>Th\u1ef1c hi\u1ec7n theo H\u01b0\u1edbng d\u1eabn s\u1eed d\u1ee5ng: Lu\u00f4n tu\u00e2n theo h\u01b0\u1edbng d\u1eabn s\u1eed d\u1ee5ng \u0111\u1ec3 bi\u1ebft h\u01b0\u1edbng d\u1eabn v\u1eadn h\u00e0nh v\u00e0 b\u1ea3o tr\u00ec.<\/li>\n<\/ul>\n<p><img decoding=\"async\" src=\"https:\/\/hzpt.com\/wp-content\/uploads\/2023\/11\/Inverted-Telescopic-Cylinder-18.webp\" alt=\"\" title=\"\"><\/p>\n<h2>H\u00ecnh tr\u1ee5 \u1ed1ng l\u1ed3ng ng\u01b0\u1ee3c<\/h2>\n<p>Xi lanh th\u1ee7y l\u1ef1c l\u00e0 m\u1ed9t thi\u1ebft b\u1ecb c\u01a1 kh\u00ed \u0111\u01b0\u1ee3c s\u1eed d\u1ee5ng r\u1ed9ng r\u00e3i trong k\u1ef9 thu\u1eadt v\u00e0 c\u00f4ng nghi\u1ec7p. N\u00f3 l\u00e0 m\u1ed9t b\u1ed9 truy\u1ec1n \u0111\u1ed9ng tuy\u1ebfn t\u00ednh t\u1ea1o ra l\u1ef1c th\u00f4ng qua vi\u1ec7c s\u1eed d\u1ee5ng ch\u1ea5t l\u1ecfng th\u1ee7y l\u1ef1c \u0111\u01b0\u1ee3c n\u00e9n. Xi lanh \u1ed1ng l\u1ed3ng ng\u01b0\u1ee3c l\u00e0 m\u1ed9t lo\u1ea1i xi lanh th\u1ee7y l\u1ef1c c\u00f3 thi\u1ebft k\u1ebf \u0111\u1ed9c \u0111\u00e1o, mang l\u1ea1i \u0111\u1ed9 b\u1ec1n v\u00e0 s\u1ee9c m\u1ea1nh cao h\u01a1n. Lo\u1ea1i xi lanh n\u00e0y th\u01b0\u1eddng \u0111\u01b0\u1ee3c s\u1eed d\u1ee5ng trong xe ben v\u00e0 c\u00e1c thi\u1ebft b\u1ecb h\u1ea1ng n\u1eb7ng kh\u00e1c, n\u01a1i th\u01b0\u1eddng xuy\u00ean ph\u1ea3i ch\u1ecbu t\u1ea3i tr\u1ecdng cao v\u00e0 \u0111i\u1ec1u ki\u1ec7n l\u00e0m vi\u1ec7c kh\u1eafc nghi\u1ec7t.<\/p>\n<h3>Thi\u1ebft k\u1ebf v\u00e0 X\u00e2y d\u1ef1ng<\/h3>\n<p>M\u1ed9t xi lanh \u1ed1ng l\u1ed3ng ng\u01b0\u1ee3c \u0111\u01b0\u1ee3c t\u1ea1o th\u00e0nh t\u1eeb nhi\u1ec1u t\u1ea7ng \u0111\u01b0\u1ee3c l\u1ed3ng v\u00e0o nhau theo c\u1ea5u h\u00ecnh \u1ed1ng l\u1ed3ng. T\u1ea7ng ngo\u00e0i l\u00e0 t\u1ea7ng l\u1edbn nh\u1ea5t v\u00e0 t\u1ea7ng trong l\u00e0 t\u1ea7ng nh\u1ecf nh\u1ea5t. C\u00e1c t\u1ea7ng \u0111\u01b0\u1ee3c k\u1ebft n\u1ed1i th\u00f4ng qua m\u1ed9t lo\u1ea1t c\u00e1c \u1ed1ng th\u1ee7y l\u1ef1c cho ph\u00e9p ch\u1ea5t l\u1ecfng \u0111\u01b0\u1ee3c n\u00e9n ch\u1ea3y t\u1eeb t\u1ea7ng n\u00e0y sang t\u1ea7ng kh\u00e1c. Xi lanh th\u01b0\u1eddng \u0111\u01b0\u1ee3c l\u1eafp ng\u01b0\u1ee3c, v\u1edbi ch\u1ea5t l\u1ecfng th\u1ee7y l\u1ef1c \u0111i v\u00e0o t\u1eeb \u0111\u00e1y xi lanh.<\/p>\n<p>\u0110\u1ed9 b\u1ec1n c\u1ee7a xi lanh n\u1eb1m \u1edf thi\u1ebft k\u1ebf v\u00e0 c\u1ea5u t\u1ea1o. Th\u00e0nh xi lanh \u0111\u01b0\u1ee3c l\u00e0m b\u1eb1ng th\u00e9p c\u01b0\u1eddng \u0111\u1ed9 cao, c\u00f3 kh\u1ea3 n\u0103ng ch\u1ecbu t\u1ea3i tr\u1ecdng n\u1eb7ng v\u00e0 \u0111i\u1ec1u ki\u1ec7n l\u00e0m vi\u1ec7c kh\u1eafc nghi\u1ec7t. C\u00e1c b\u1ed9 ph\u1eadn b\u00ean trong c\u0169ng \u0111\u01b0\u1ee3c l\u00e0m b\u1eb1ng v\u1eadt li\u1ec7u ch\u1ea5t l\u01b0\u1ee3ng cao, \u0111\u01b0\u1ee3c thi\u1ebft k\u1ebf \u0111\u1ec3 ch\u1ecbu \u0111\u01b0\u1ee3c \u00e1p su\u1ea5t cao v\u00e0 hao m\u00f2n theo th\u1eddi gian.<\/p>\n<h3>\u01afu \u0111i\u1ec3m c\u1ee7a xi lanh \u1ed1ng l\u1ed3ng ng\u01b0\u1ee3c<\/h3>\n<p>M\u1ed9t trong nh\u1eefng \u01b0u \u0111i\u1ec3m ch\u00ednh c\u1ee7a xi lanh \u1ed1ng l\u1ed3ng ng\u01b0\u1ee3c l\u00e0 \u0111\u1ed9 b\u1ec1n. Xi lanh \u0111\u01b0\u1ee3c thi\u1ebft k\u1ebf \u0111\u1ec3 ch\u1ecbu \u0111\u01b0\u1ee3c t\u1ea3i tr\u1ecdng n\u1eb7ng v\u00e0 \u0111i\u1ec1u ki\u1ec7n l\u00e0m vi\u1ec7c kh\u1eafc nghi\u1ec7t, l\u00fd t\u01b0\u1edfng \u0111\u1ec3 s\u1eed d\u1ee5ng tr\u00ean xe ben v\u00e0 c\u00e1c thi\u1ebft b\u1ecb h\u1ea1ng n\u1eb7ng kh\u00e1c. Vi\u1ec7c s\u1eed d\u1ee5ng v\u1eadt li\u1ec7u v\u00e0 k\u1ef9 thu\u1eadt ch\u1ebf t\u1ea1o ch\u1ea5t l\u01b0\u1ee3ng cao \u0111\u1ea3m b\u1ea3o xi lanh c\u00f3 th\u1ec3 s\u1eed d\u1ee5ng trong nhi\u1ec1u n\u0103m m\u00e0 kh\u00f4ng c\u1ea7n thay th\u1ebf ho\u1eb7c s\u1eeda ch\u1eefa.<\/p>\n<p>M\u1ed9t \u01b0u \u0111i\u1ec3m kh\u00e1c c\u1ee7a xi lanh \u1ed1ng l\u1ed3ng ng\u01b0\u1ee3c l\u00e0 hi\u1ec7u su\u1ea5t c\u1ee7a n\u00f3. Xi lanh \u0111\u01b0\u1ee3c thi\u1ebft k\u1ebf \u0111\u1ec3 ho\u1ea1t \u0111\u1ed9ng v\u1edbi ma s\u00e1t t\u1ed1i thi\u1ec3u, ngh\u0129a l\u00e0 n\u00f3 c\u1ea7n \u00edt n\u0103ng l\u01b0\u1ee3ng h\u01a1n so v\u1edbi c\u00e1c lo\u1ea1i xi lanh kh\u00e1c. \u0110i\u1ec1u n\u00e0y gi\u00fap gi\u1ea3m chi ph\u00ed v\u1eadn h\u00e0nh v\u00e0 t\u0103ng n\u0103ng su\u1ea5t.<\/p>\n<p>Xi lanh \u1ed1ng l\u1ed3ng ng\u01b0\u1ee3c c\u0169ng r\u1ea5t linh ho\u1ea1t, ph\u00f9 h\u1ee3p \u0111\u1ec3 s\u1eed d\u1ee5ng trong nhi\u1ec1u \u1ee9ng d\u1ee5ng kh\u00e1c nhau. Xi lanh c\u00f3 th\u1ec3 \u0111\u01b0\u1ee3c t\u00f9y ch\u1ec9nh \u0111\u1ec3 \u0111\u00e1p \u1ee9ng nhu c\u1ea7u c\u1ee5 th\u1ec3 c\u1ee7a c\u00e1c ng\u00e0nh c\u00f4ng nghi\u1ec7p v\u00e0 \u1ee9ng d\u1ee5ng kh\u00e1c nhau, khi\u1ebfn n\u00f3 tr\u1edf th\u00e0nh m\u1ed9t thi\u1ebft b\u1ecb c\u00f3 kh\u1ea3 n\u0103ng th\u00edch \u1ee9ng cao v\u00e0 h\u1eefu \u00edch.<\/p>\n<h3>Xi lanh th\u1ee7y l\u1ef1c \u1ed1ng l\u1ed3ng 5 t\u1ea5n b\u1ec1n b\u1ec9 cho xe ben<\/h3>\n<p>Xi lanh th\u1ee7y l\u1ef1c d\u1ea1ng \u1ed1ng l\u1ed3ng 5 t\u1ea5n b\u1ec1n b\u1ec9 l\u00e0 lo\u1ea1i xi lanh \u1ed1ng l\u1ed3ng ng\u01b0\u1ee3c chuy\u00ean d\u1ee5ng \u0111\u01b0\u1ee3c thi\u1ebft k\u1ebf ri\u00eang cho xe ben. Xi lanh n\u00e0y c\u00f3 kh\u1ea3 n\u0103ng n\u00e2ng t\u1ea3i tr\u1ecdng n\u1eb7ng v\u00e0 \u0111\u1ed9 b\u1ec1n cao, l\u00fd t\u01b0\u1edfng \u0111\u1ec3 s\u1eed d\u1ee5ng trong \u0111i\u1ec1u ki\u1ec7n l\u00e0m vi\u1ec7c kh\u1eafc nghi\u1ec7t.<\/p>\n<p>Xi lanh \u0111\u01b0\u1ee3c l\u00e0m b\u1eb1ng th\u00e9p c\u01b0\u1eddng \u0111\u1ed9 cao v\u00e0 c\u00f3 thi\u1ebft k\u1ebf nhi\u1ec1u t\u1ea7ng, cho ph\u00e9p n\u00e2ng v\u1eadt n\u1eb7ng m\u1ed9t c\u00e1ch d\u1ec5 d\u00e0ng. Ch\u1ea5t l\u1ecfng th\u1ee7y l\u1ef1c \u0111\u01b0\u1ee3c n\u00e9n \u0111\u1ec3 cung c\u1ea5p l\u1ef1c c\u1ea7n thi\u1ebft, v\u00e0 xi lanh \u0111\u01b0\u1ee3c thi\u1ebft k\u1ebf \u0111\u1ec3 ho\u1ea1t \u0111\u1ed9ng hi\u1ec7u qu\u1ea3 v\u1edbi m\u1ee9c t\u1ed5n th\u1ea5t n\u0103ng l\u01b0\u1ee3ng t\u1ed1i thi\u1ec3u.<\/p>\n<p>Xi lanh th\u1ee7y l\u1ef1c \u1ed1ng l\u1ed3ng 5 t\u1ea5n b\u1ec1n b\u1ec9 d\u00e0nh cho xe ben l\u00e0 m\u1ed9t thi\u1ebft b\u1ecb \u0111\u00e1ng tin c\u1eady v\u00e0 hi\u1ec7u qu\u1ea3, gi\u00fap t\u0103ng n\u0103ng su\u1ea5t v\u00e0 gi\u1ea3m chi ph\u00ed v\u1eadn h\u00e0nh. \u0110\u1ed9 b\u1ec1n, hi\u1ec7u qu\u1ea3 v\u00e0 t\u00ednh linh ho\u1ea1t c\u1ee7a n\u00f3 khi\u1ebfn n\u00f3 tr\u1edf th\u00e0nh l\u1ef1a ch\u1ecdn l\u00fd t\u01b0\u1edfng cho nhi\u1ec1u ng\u00e0nh c\u00f4ng nghi\u1ec7p v\u00e0 \u1ee9ng d\u1ee5ng.<\/p>\n<h3>Gi\u1edbi thi\u1ec7u v\u1ec1 xi lanh th\u1ee7y l\u1ef1c FMP<\/h3>\n<p><img decoding=\"async\" src=\"https:\/\/fmp-components.com\/wp-content\/uploads\/2024\/12\/Adjustable-Clevis-Type-Cylinders-6.webp\" alt=\"Xi lanh lo\u1ea1i Clevis c\u00f3 th\u1ec3 \u0111i\u1ec1u ch\u1ec9nh\" width=\"851\" title=\"\"><\/p>\n<p>FMP l\u00e0 nh\u00e0 cung c\u1ea5p h\u00e0ng \u0111\u1ea7u c\u00e1c lo\u1ea1i xi lanh th\u1ee7y l\u1ef1c ch\u1ea5t l\u01b0\u1ee3ng cao cho m\u00e1y m\u00f3c x\u00e2y d\u1ef1ng. V\u1edbi kinh nghi\u1ec7m d\u00e0y d\u1eb7n trong ng\u00e0nh v\u00e0 \u0111\u1ed9i ng\u0169 t\u1eadn t\u00e2m, ch\u00fang t\u00f4i cung c\u1ea5p \u0111a d\u1ea1ng c\u00e1c lo\u1ea1i xi lanh th\u1ee7y l\u1ef1c \u0111\u01b0\u1ee3c thi\u1ebft k\u1ebf \u0111\u1ec3 \u0111\u00e1p \u1ee9ng nhu c\u1ea7u \u0111a d\u1ea1ng c\u1ee7a kh\u00e1ch h\u00e0ng.<\/p>\n<p>Sau \u0111\u00e2y l\u00e0 n\u0103m l\u1ee3i th\u1ebf ch\u00ednh khi l\u1ef1a ch\u1ecdn Xi lanh th\u1ee7y l\u1ef1c FMP:<\/p>\n<ol>\n<li>Ch\u1ea5t l\u01b0\u1ee3ng v\u01b0\u1ee3t tr\u1ed9i: Xi lanh th\u1ee7y l\u1ef1c c\u1ee7a ch\u00fang t\u00f4i \u0111\u01b0\u1ee3c s\u1ea3n xu\u1ea5t b\u1eb1ng v\u1eadt li\u1ec7u t\u1ed1t nh\u1ea5t v\u00e0 tr\u1ea3i qua c\u00e1c bi\u1ec7n ph\u00e1p ki\u1ec3m so\u00e1t ch\u1ea5t l\u01b0\u1ee3ng nghi\u00eam ng\u1eb7t \u0111\u1ec3 \u0111\u1ea3m b\u1ea3o \u0111\u1ed9 b\u1ec1n v\u00e0 \u0111\u1ed9 tin c\u1eady trong m\u00f4i tr\u01b0\u1eddng x\u00e2y d\u1ef1ng kh\u1eaft khe nh\u1ea5t.<\/li>\n<li>L\u1ef1a ch\u1ecdn \u0111a d\u1ea1ng: Ch\u00fang t\u00f4i cung c\u1ea5p \u0111\u1ea7y \u0111\u1ee7 c\u00e1c lo\u1ea1i xi lanh th\u1ee7y l\u1ef1c, bao g\u1ed3m xi lanh ki\u1ec3u ch\u1ed1t \u0111i\u1ec1u ch\u1ec9nh, xi lanh thanh gi\u1eb1ng, xi lanh h\u00e0n, xi lanh \u1ed1ng l\u1ed3ng, v.v. \u0110i\u1ec1u n\u00e0y cho ph\u00e9p b\u1ea1n t\u00ecm th\u1ea5y gi\u1ea3i ph\u00e1p ho\u00e0n h\u1ea3o ph\u00f9 h\u1ee3p v\u1edbi y\u00eau c\u1ea7u c\u1ee5 th\u1ec3 c\u1ee7a m\u00ecnh.<\/li>\n<li>T\u01b0 v\u1ea5n chuy\u00ean m\u00f4n: \u0110\u1ed9i ng\u0169 b\u00e1n h\u00e0ng gi\u00e0u kinh nghi\u1ec7m c\u1ee7a ch\u00fang t\u00f4i am hi\u1ec3u nh\u1eefng ph\u00e1t tri\u1ec3n m\u1edbi nh\u1ea5t v\u00e0 nhu c\u1ea7u c\u1ee7a kh\u00e1ch h\u00e0ng trong ng\u00e0nh m\u00e1y m\u00f3c x\u00e2y d\u1ef1ng. H\u1ecd c\u00f3 th\u1ec3 cung c\u1ea5p t\u01b0 v\u1ea5n s\u1ea3n ph\u1ea9m chuy\u00ean nghi\u1ec7p \u0111\u1ec3 gi\u00fap b\u1ea1n \u0111\u01b0a ra quy\u1ebft \u0111\u1ecbnh s\u00e1ng su\u1ed1t.<\/li>\n<li>G\u1ee3i \u00fd mua h\u00e0ng th\u00f4ng minh: Ch\u00fang t\u00f4i hi\u1ec3u r\u1eb1ng m\u1ed7i d\u1ef1 \u00e1n \u0111\u1ec1u c\u00f3 \u0111\u1eb7c th\u00f9 ri\u00eang, v\u00e0 \u0111\u1ed9i ng\u0169 c\u1ee7a ch\u00fang t\u00f4i c\u00f3 th\u1ec3 \u0111\u01b0a ra c\u00e1c khuy\u1ebfn ngh\u1ecb ph\u00f9 h\u1ee3p \u0111\u1ec3 \u0111\u1ea3m b\u1ea3o b\u1ea1n ch\u1ecdn \u0111\u00fang xi lanh th\u1ee7y l\u1ef1c cho \u1ee9ng d\u1ee5ng c\u1ee7a m\u00ecnh. \u0110i\u1ec1u n\u00e0y gi\u00fap t\u1ed1i \u01b0u h\u00f3a hi\u1ec7u qu\u1ea3 v\u00e0 gi\u1ea3m thi\u1ec3u th\u1eddi gian ng\u1eebng ho\u1ea1t \u0111\u1ed9ng.<\/li>\n<li>H\u1eadu c\u1ea7n hi\u1ec7u qu\u1ea3: T\u1ea1i FMP, ch\u00fang t\u00f4i \u01b0u ti\u00ean giao h\u00e0ng \u0111\u00fang h\u1ea1n v\u00e0 ch\u00ednh x\u00e1c. H\u1ec7 th\u1ed1ng ph\u00e2n ph\u1ed1i h\u1eadu c\u1ea7n hi\u1ec7u qu\u1ea3 c\u1ee7a ch\u00fang t\u00f4i \u0111\u1ea3m b\u1ea3o b\u1ea1n nh\u1eadn \u0111\u01b0\u1ee3c xi lanh th\u1ee7y l\u1ef1c c\u1ea7n thi\u1ebft m\u1ed9t c\u00e1ch nhanh ch\u00f3ng, cho ph\u00e9p b\u1ea1n lu\u00f4n \u0111\u00fang ti\u1ebfn \u0111\u1ed9 v\u00e0 \u0111\u00e1p \u1ee9ng th\u1eddi h\u1ea1n d\u1ef1 \u00e1n.<\/li>\n<\/ol>\n<p>H\u00e3y ch\u1ecdn Xi lanh th\u1ee7y l\u1ef1c FMP \u0111\u1ec3 c\u00f3 hi\u1ec7u su\u1ea5t \u0111\u00e1ng tin c\u1eady, ch\u1ea5t l\u01b0\u1ee3ng v\u01b0\u1ee3t tr\u1ed9i v\u00e0 d\u1ecbch v\u1ee5 kh\u00e1ch h\u00e0ng tuy\u1ec7t v\u1eddi. Li\u00ean h\u1ec7 v\u1edbi ch\u00fang t\u00f4i ngay h\u00f4m nay \u0111\u1ec3 th\u1ea3o lu\u1eadn v\u1ec1 nhu c\u1ea7u xi lanh th\u1ee7y l\u1ef1c c\u1ee7a b\u1ea1n v\u00e0 tr\u1ea3i nghi\u1ec7m s\u1ef1 kh\u00e1c bi\u1ec7t c\u1ee7a FMP.<\/p>\n<p>T\u00e1c gi\u1ea3: CX<\/p>","protected":false},"excerpt":{"rendered":"<p>Product Introduction: The Durable 5 Ton Hydraulic Telescopic Cylinder For Dump Truck is a powerful and reliable tool that is designed to provide exceptional performance for dump truck applications. This hydraulic cylinder is built to last and is made from high-quality materials that ensure durability and long-lasting performance. The Durable 5 Ton Hydraulic Telescopic Cylinder [&hellip;]<\/p>","protected":false},"featured_media":1700,"comment_status":"closed","ping_status":"closed","template":"","meta":{"_et_pb_use_builder":"","_et_pb_old_content":"","_et_gb_content_width":""},"product_brand":[],"product_cat":[45],"product_tag":[34,48],"class_list":{"0":"post-1699","1":"product","2":"type-product","3":"status-publish","4":"has-post-thumbnail","6":"product_cat-inverted-telescopic-cylinder","7":"product_tag-hydraulic-cylinder","8":"product_tag-inverted-telescopic-cylinder","10":"first","11":"instock","12":"product-type-simple"},"_links":{"self":[{"href":"https:\/\/fmp-components.com\/vi\/wp-json\/wp\/v2\/product\/1699","targetHints":{"allow":["GET"]}}],"collection":[{"href":"https:\/\/fmp-components.com\/vi\/wp-json\/wp\/v2\/product"}],"about":[{"href":"https:\/\/fmp-components.com\/vi\/wp-json\/wp\/v2\/types\/product"}],"replies":[{"embeddable":true,"href":"https:\/\/fmp-components.com\/vi\/wp-json\/wp\/v2\/comments?post=1699"}],"wp:featuredmedia":[{"embeddable":true,"href":"https:\/\/fmp-components.com\/vi\/wp-json\/wp\/v2\/media\/1700"}],"wp:attachment":[{"href":"https:\/\/fmp-components.com\/vi\/wp-json\/wp\/v2\/media?parent=1699"}],"wp:term":[{"taxonomy":"product_brand","embeddable":true,"href":"https:\/\/fmp-components.com\/vi\/wp-json\/wp\/v2\/product_brand?post=1699"},{"taxonomy":"product_cat","embeddable":true,"href":"https:\/\/fmp-components.com\/vi\/wp-json\/wp\/v2\/product_cat?post=1699"},{"taxonomy":"product_tag","embeddable":true,"href":"https:\/\/fmp-components.com\/vi\/wp-json\/wp\/v2\/product_tag?post=1699"}],"curies":[{"name":"wp","href":"https:\/\/api.w.org\/{rel}","templated":true}]}}