{"id":1697,"date":"2024-12-23T07:01:59","date_gmt":"2024-12-23T07:01:59","guid":{"rendered":"https:\/\/fmp-components.com\/product\/cost-effective-small-double-acting-hydraulic-cylinder-telescopic-hydraulic-cylinder\/"},"modified":"2025-03-11T05:47:18","modified_gmt":"2025-03-11T05:47:18","slug":"cost-effective-small-double-acting-hydraulic-cylinder-telescopic-hydraulic-cylinder","status":"publish","type":"product","link":"https:\/\/fmp-components.com\/vi\/product\/cost-effective-small-double-acting-hydraulic-cylinder-telescopic-hydraulic-cylinder\/","title":{"rendered":"Xi lanh th\u1ee7y l\u1ef1c t\u00e1c \u0111\u1ed9ng k\u00e9p nh\u1ecf ti\u1ebft ki\u1ec7m chi ph\u00ed Xi lanh th\u1ee7y l\u1ef1c d\u1ea1ng \u1ed1ng l\u1ed3ng"},"content":{"rendered":"<h2>Gi\u1edbi thi\u1ec7u Xi lanh th\u1ee7y l\u1ef1c t\u00e1c \u0111\u1ed9ng k\u00e9p nh\u1ecf ti\u1ebft ki\u1ec7m chi ph\u00ed Xi lanh th\u1ee7y l\u1ef1c d\u1ea1ng \u1ed1ng l\u1ed3ng:<\/h2>\n<p>Xi lanh th\u1ee7y l\u1ef1c t\u00e1c \u0111\u1ed9ng k\u00e9p nh\u1ecf g\u1ecdn, ti\u1ebft ki\u1ec7m chi ph\u00ed l\u00e0 lo\u1ea1i xi lanh th\u1ee7y l\u1ef1c \u0111a n\u0103ng v\u00e0 \u0111\u00e1ng tin c\u1eady \u0111\u01b0\u1ee3c thi\u1ebft k\u1ebf \u0111\u1ec3 \u0111\u00e1p \u1ee9ng nhu c\u1ea7u c\u1ee7a nhi\u1ec1u ng\u00e0nh c\u00f4ng nghi\u1ec7p kh\u00e1c nhau.<\/p>\n<p>Xi lanh th\u1ee7y l\u1ef1c n\u00e0y c\u00f3 k\u00edch th\u01b0\u1edbc nh\u1ecf g\u1ecdn, ph\u00f9 h\u1ee3p cho c\u00e1c \u1ee9ng d\u1ee5ng c\u00f3 kh\u00f4ng gian h\u1ea1n ch\u1ebf. N\u00f3 c\u00f3 kh\u1ea3 n\u0103ng v\u1eeba \u0111\u1ea9y v\u1eeba k\u00e9o, cho ph\u00e9p v\u1eadn h\u00e0nh hi\u1ec7u qu\u1ea3 v\u00e0 ti\u1ebft ki\u1ec7m.<\/p>\n<p>V\u1edbi thi\u1ebft k\u1ebf d\u1ea1ng \u1ed1ng l\u1ed3ng, xi lanh th\u1ee7y l\u1ef1c n\u00e0y c\u00f3 ph\u1ea1m vi ti\u1ebfp c\u1eadn r\u1ed9ng h\u01a1n v\u00e0 chi\u1ec1u d\u00e0i h\u00e0nh tr\u00ecnh t\u0103ng l\u00ean, khi\u1ebfn n\u00f3 tr\u1edf n\u00ean l\u00fd t\u01b0\u1edfng cho c\u00e1c \u1ee9ng d\u1ee5ng \u0111\u00f2i h\u1ecfi ph\u1ea1m vi chuy\u1ec3n \u0111\u1ed9ng l\u1edbn h\u01a1n.<\/p>\n<p>Xi lanh th\u1ee7y l\u1ef1c t\u00e1c \u0111\u1ed9ng k\u00e9p nh\u1ecf g\u1ecdn ti\u1ebft ki\u1ec7m chi ph\u00ed \u0111\u01b0\u1ee3c ch\u1ebf t\u1ea1o \u0111\u1ec3 ch\u1ecbu \u0111\u01b0\u1ee3c \u00e1p su\u1ea5t cao v\u00e0 t\u1ea3i tr\u1ecdng n\u1eb7ng, \u0111\u1ea3m b\u1ea3o \u0111\u1ed9 b\u1ec1n v\u00e0 tu\u1ed5i th\u1ecd l\u00e2u d\u00e0i.<\/p>\n<p>\u0110\u01b0\u1ee3c trang b\u1ecb c\u00f4ng ngh\u1ec7 b\u1ecbt k\u00edn ti\u00ean ti\u1ebfn, xi lanh th\u1ee7y l\u1ef1c n\u00e0y cung c\u1ea5p kh\u1ea3 n\u0103ng b\u1ecbt k\u00edn ch\u1eb7t ch\u1ebd v\u00e0 \u0111\u00e1ng tin c\u1eady, gi\u1ea3m thi\u1ec3u nguy c\u01a1 r\u00f2 r\u1ec9 v\u00e0 \u0111\u1ea3m b\u1ea3o hi\u1ec7u su\u1ea5t t\u1ed1i \u01b0u.<\/p>\n<p>Ngo\u00e0i ra, xi lanh th\u1ee7y l\u1ef1c n\u00e0y \u0111\u01b0\u1ee3c thi\u1ebft k\u1ebf \u0111\u1ec3 ti\u1ebft ki\u1ec7m chi ph\u00ed, cung c\u1ea5p ch\u1ee9c n\u0103ng cao v\u1edbi m\u1ee9c gi\u00e1 ph\u1ea3i ch\u0103ng.<\/p>\n<table style=\"width: 100%;\" border=\"1\" width=\"100%\" cellspacing=\"0\" cellpadding=\"0\">\n<tbody>\n<tr>\n<th>T\u00ean s\u1ea3n ph\u1ea9m<\/th>\n<td>Xi lanh th\u1ee7y l\u1ef1c d\u1ea1ng \u1ed1ng l\u1ed3ng t\u00e1c \u0111\u1ed9ng k\u00e9p nh\u1ecf g\u1ecdn, ti\u1ebft ki\u1ec7m chi ph\u00ed<\/td>\n<\/tr>\n<tr>\n<th>T\u00ecnh tr\u1ea1ng<\/th>\n<td>\u00a0M\u1edbi<\/td>\n<\/tr>\n<tr>\n<th>B\u1ea3o h\u00e0nh<\/th>\n<td>1 n\u0103m<\/td>\n<\/tr>\n<tr>\n<th>L\u1ef1c \u0111\u1ea9y t\u1ed1i \u0111a<\/th>\n<td>3000<\/td>\n<\/tr>\n<tr>\n<th>Ki\u1ec3u<\/th>\n<td>\u1ed0ng k\u00ednh thi\u00ean v\u0103n t\u00e1c \u0111\u1ed9ng k\u00e9p<\/td>\n<\/tr>\n<tr>\n<th>Ngu\u1ed3n \u0111i\u1ec7n<\/th>\n<td>Th\u1ee7y l\u1ef1c<\/td>\n<\/tr>\n<tr>\n<th>V\u1eadt li\u1ec7u<\/th>\n<td>Th\u00e9p<\/td>\n<\/tr>\n<tr>\n<th>C\u00e1c th\u00e0nh ph\u1ea7n c\u1ed1t l\u00f5i<\/th>\n<td>V\u00f2ng bi, xi lanh pitt\u00f4ng<\/td>\n<\/tr>\n<tr>\n<th>C\u00e1c ng\u00e0nh c\u00f4ng nghi\u1ec7p \u00e1p d\u1ee5ng<\/th>\n<td>X\u00e2y d\u1ef1ng, N\u00f4ng nghi\u1ec7p, Nh\u00e0 m\u00e1y s\u1ea3n xu\u1ea5t, X\u01b0\u1edfng s\u1eeda ch\u1eefa m\u00e1y m\u00f3c, Trang tr\u1ea1i, N\u0103ng l\u01b0\u1ee3ng &amp; Khai th\u00e1c, S\u1ea3n xu\u1ea5t m\u00e1y m\u00f3c, Nh\u00e0 m\u00e1y m\u00e1y m\u00f3c<\/td>\n<\/tr>\n<tr>\n<th>Thi\u1ebft k\u1ebf<\/th>\n<td>Xi lanh \u1ed1ng l\u1ed3ng ng\u01b0\u1ee3c ti\u00eau chu\u1ea9n<\/td>\n<\/tr>\n<tr>\n<th>Hi\u1ec7u su\u1ea5t<\/th>\n<td>\u0110\u00e1ng tin c\u1eady v\u00e0 hi\u1ec7u qu\u1ea3<\/td>\n<\/tr>\n<\/tbody>\n<\/table>\n<h2>\u0110\u1eb7c \u0111i\u1ec3m c\u1ee7a Xi lanh th\u1ee7y l\u1ef1c t\u00e1c \u0111\u1ed9ng k\u00e9p Xi lanh th\u1ee7y l\u1ef1c d\u1ea1ng \u1ed1ng l\u1ed3ng<\/h2>\n<p><img decoding=\"async\" src=\"https:\/\/hzpt.com\/wp-content\/uploads\/2023\/11\/Inverted-Telescopic-Cylinder-24.webp\" alt=\"\" title=\"\"><\/p>\n<p>S\u1ea3n ph\u1ea9m n\u00e0y c\u00f3 nhi\u1ec1u t\u00ednh n\u0103ng quan tr\u1ecdng gi\u00fap n\u00f3 tr\u1edf n\u00ean n\u1ed5i b\u1eadt tr\u00ean th\u1ecb tr\u01b0\u1eddng xi lanh th\u1ee7y l\u1ef1c.<\/p>\n<ul>\n<li>Linh ki\u1ec7n c\u1ed1t l\u00f5i hi\u1ec7n \u0111\u1ea1i: V\u1edbi \u1ed5 tr\u1ee5c v\u00e0 xi lanh p\u00edt-t\u00f4ng, \u0111\u1ed9 b\u1ec1n v\u00e0 hi\u1ec7u su\u1ea5t \u0111\u01b0\u1ee3c \u0111\u1ea3m b\u1ea3o.<\/li>\n<li>H\u1ec7 th\u1ed1ng th\u1ee7y l\u1ef1c: H\u1ec7 th\u1ed1ng th\u1ee7y l\u1ef1c \u0111\u1ea3m b\u1ea3o ho\u1ea1t \u0111\u1ed9ng tr\u01a1n tru v\u00e0 hi\u1ec7u qu\u1ea3.<\/li>\n<li>V\u1eadt li\u1ec7u th\u00e2n th\u00e9p: Th\u00e2n th\u00e9p ch\u1eafc ch\u1eafn \u0111\u1ea3m b\u1ea3o \u0111\u1ed9 b\u1ec1n v\u00e0 kh\u1ea3 n\u0103ng ch\u1ed1ng m\u00e0i m\u00f2n.<\/li>\n<li>L\u1ef1c \u0111\u1ea9y t\u1ed1i \u0111a cao: V\u1edbi l\u1ef1c \u0111\u1ea9y t\u1ed1i \u0111a l\u00e0 3000, xi lanh n\u00e0y mang l\u1ea1i hi\u1ec7u su\u1ea5t m\u1ea1nh m\u1ebd.<\/li>\n<li>Xi lanh \u1ed1ng l\u1ed3ng ng\u01b0\u1ee3c ti\u00eau chu\u1ea9n: Thi\u1ebft k\u1ebf \u0111\u1ea3o ng\u01b0\u1ee3c ti\u00eau chu\u1ea9n mang l\u1ea1i s\u1ef1 linh ho\u1ea1t v\u00e0 \u0111a n\u0103ng trong nhi\u1ec1u \u1ee9ng d\u1ee5ng kh\u00e1c nhau.<\/li>\n<\/ul>\n<h2>\u1ee8ng d\u1ee5ng c\u1ee7a xi lanh th\u1ee7y l\u1ef1c t\u00e1c \u0111\u1ed9ng k\u00e9p Xi lanh th\u1ee7y l\u1ef1c d\u1ea1ng \u1ed1ng l\u1ed3ng<\/h2>\n<p>Xi lanh th\u1ee7y l\u1ef1c n\u00e0y \u0111\u01b0\u1ee3c s\u1eed d\u1ee5ng trong r\u1ea5t nhi\u1ec1u ng\u00e0nh c\u00f4ng nghi\u1ec7p v\u00e0 \u1ee9ng d\u1ee5ng.<\/p>\n<ul>\n<li style=\"list-style-type: none;\">\n<ul>\n<li>Nh\u00e0 m\u00e1y s\u1ea3n xu\u1ea5t: Xi lanh n\u00e0y ho\u00e0n h\u1ea3o \u0111\u1ec3 s\u1eed d\u1ee5ng trong nhi\u1ec1u quy tr\u00ecnh s\u1ea3n xu\u1ea5t kh\u00e1c nhau.<\/li>\n<li>X\u01b0\u1edfng s\u1eeda ch\u1eefa m\u00e1y m\u00f3c: C\u00f3 th\u1ec3 s\u1eed d\u1ee5ng trong x\u01b0\u1edfng s\u1eeda ch\u1eefa m\u00e1y m\u00f3c \u0111\u1ec3 s\u1eeda ch\u1eefa nhi\u1ec1u lo\u1ea1i m\u00e1y m\u00f3c kh\u00e1c nhau.<\/li>\n<li>Trang tr\u1ea1i: Xi lanh th\u1ee7y l\u1ef1c n\u00e0y c\u00f3 th\u1ec3 \u0111\u01b0\u1ee3c s\u1eed d\u1ee5ng trong c\u00e1c thi\u1ebft b\u1ecb n\u00f4ng nghi\u1ec7p cho nhi\u1ec1u quy tr\u00ecnh n\u00f4ng nghi\u1ec7p kh\u00e1c nhau.<\/li>\n<li>N\u0103ng l\u01b0\u1ee3ng v\u00e0 khai th\u00e1c m\u1ecf: C\u00f3 th\u1ec3 s\u1eed d\u1ee5ng trong ng\u00e0nh n\u0103ng l\u01b0\u1ee3ng v\u00e0 khai th\u00e1c m\u1ecf cho nhi\u1ec1u \u1ee9ng d\u1ee5ng h\u1ea1ng n\u1eb7ng.<\/li>\n<\/ul>\n<\/li>\n<\/ul>\n<ul>\n<li>S\u1ea3n xu\u1ea5t m\u00e1y m\u00f3c: Xi lanh th\u1ee7y l\u1ef1c n\u00e0y c\u00f3 th\u1ec3 \u0111\u01b0\u1ee3c s\u1eed d\u1ee5ng trong s\u1ea3n xu\u1ea5t nhi\u1ec1u lo\u1ea1i m\u00e1y m\u00f3c kh\u00e1c nhau.<\/li>\n<\/ul>\n<p><img decoding=\"async\" src=\"https:\/\/hzpt.com\/wp-content\/uploads\/2023\/11\/Inverted-Telescopic-Cylinder-Applications.webp\" alt=\"\u1ee8ng d\u1ee5ng c\u1ee7a xi lanh \u1ed1ng l\u1ed3ng ng\u01b0\u1ee3c\" title=\"\"><\/p>\n<h2>Nguy\u00ean l\u00fd ho\u1ea1t \u0111\u1ed9ng v\u00e0 b\u1ea3o d\u01b0\u1ee1ng c\u1ee7a xi lanh th\u1ee7y l\u1ef1c t\u00e1c \u0111\u1ed9ng k\u00e9p Xi lanh th\u1ee7y l\u1ef1c d\u1ea1ng \u1ed1ng l\u1ed3ng<\/h2>\n<p>Nguy\u00ean l\u00fd ho\u1ea1t \u0111\u1ed9ng c\u1ee7a xi lanh th\u1ee7y l\u1ef1c n\u00e0y li\u00ean quan \u0111\u1ebfn c\u1ea5u h\u00ecnh, l\u01b0\u1ee3ng ch\u1ea5t l\u1ecfng th\u1ee7y l\u1ef1c \u0111\u1ea7u v\u00e0o v\u00e0 l\u1ef1c \u0111\u1ea7u ra. C\u00e1c ph\u01b0\u01a1ng ph\u00e1p b\u1ea3o d\u01b0\u1ee1ng th\u01b0\u1eddng xuy\u00ean bao g\u1ed3m ki\u1ec3m tra, v\u1ec7 sinh, b\u00f4i tr\u01a1n, ki\u1ec3m tra v\u00e0 s\u1eeda ch\u1eefa \u0111\u1ecbnh k\u1ef3, thay ph\u1edbt v\u00e0 tu\u00e2n th\u1ee7 h\u01b0\u1edbng d\u1eabn s\u1eed d\u1ee5ng.<\/p>\n<ul>\n<li>C\u1ea5u t\u1ea1o: Xy lanh th\u1ee7y l\u1ef1c bao g\u1ed3m th\u00e2n xy lanh, piston v\u00e0 c\u1ea7n piston. Th\u00e2n xy lanh ch\u1ee9a ch\u1ea5t l\u1ecfng th\u1ee7y l\u1ef1c.<\/li>\n<li>\u0110\u1ea7u v\u00e0o ch\u1ea5t l\u1ecfng th\u1ee7y l\u1ef1c: Ch\u1ea5t l\u1ecfng th\u1ee7y l\u1ef1c \u0111\u01b0\u1ee3c b\u01a1m v\u00e0o n\u00f2ng xi lanh, \u0111\u1ea9y piston, t\u1ea1o ra l\u1ef1c t\u00e1c \u0111\u1ed9ng l\u00ean thanh piston.<\/li>\n<li>L\u1ef1c \u0111\u1ea7u ra: L\u1ef1c n\u00e0y \u0111\u01b0\u1ee3c truy\u1ec1n \u0111\u1ebfn b\u1ed9 ph\u1eadn m\u00e1y th\u1ef1c hi\u1ec7n c\u00f4ng vi\u1ec7c.<\/li>\n<li>Ki\u1ec3m tra: C\u1ea7n ph\u1ea3i ki\u1ec3m tra th\u01b0\u1eddng xuy\u00ean \u0111\u1ec3 \u0111\u1ea3m b\u1ea3o xi lanh ho\u1ea1t \u0111\u1ed9ng b\u00ecnh th\u01b0\u1eddng.<\/li>\n<li>V\u1ec7 sinh: Xi lanh th\u1ee7y l\u1ef1c c\u1ea7n \u0111\u01b0\u1ee3c v\u1ec7 sinh th\u01b0\u1eddng xuy\u00ean \u0111\u1ec3 tr\u00e1nh t\u00edch t\u1ee5 b\u1ee5i b\u1ea9n v\u00e0 m\u1ea3nh v\u1ee5n.<\/li>\n<li>B\u00f4i tr\u01a1n: C\u1ea7n b\u00f4i tr\u01a1n th\u01b0\u1eddng xuy\u00ean \u0111\u1ec3 \u0111\u1ea3m b\u1ea3o ho\u1ea1t \u0111\u1ed9ng tr\u01a1n tru v\u00e0 ng\u0103n ng\u1eeba hao m\u00f2n.<\/li>\n<li>Thay th\u1ebf ph\u1edbt: Ph\u1edbt c\u1ea7n \u0111\u01b0\u1ee3c thay th\u1ebf th\u01b0\u1eddng xuy\u00ean \u0111\u1ec3 tr\u00e1nh r\u00f2 r\u1ec9 ch\u1ea5t l\u1ecfng th\u1ee7y l\u1ef1c.<\/li>\n<li>Th\u1ef1c hi\u1ec7n theo H\u01b0\u1edbng d\u1eabn s\u1eed d\u1ee5ng: Lu\u00f4n tu\u00e2n theo h\u01b0\u1edbng d\u1eabn s\u1eed d\u1ee5ng \u0111\u1ec3 bi\u1ebft c\u00e1c quy tr\u00ecnh b\u1ea3o tr\u00ec v\u00e0 h\u01b0\u1edbng d\u1eabn an to\u00e0n.<img decoding=\"async\" src=\"https:\/\/hzpt.com\/wp-content\/uploads\/2023\/11\/Inverted-Telescopic-Cylinder-12.webp\" alt=\"\" title=\"\"><\/li>\n<\/ul>\n<h2>H\u00ecnh tr\u1ee5 \u1ed1ng l\u1ed3ng ng\u01b0\u1ee3c<\/h2>\n<p>L\u00e0 m\u1ed9t th\u00e0nh ph\u1ea7n hi\u1ec7u qu\u1ea3 v\u00e0 ti\u1ebft ki\u1ec7m chi ph\u00ed cao c\u1ee7a h\u1ec7 th\u1ed1ng th\u1ee7y l\u1ef1c, Xi lanh th\u1ee7y l\u1ef1c \u1ed1ng l\u1ed3ng ng\u01b0\u1ee3c, c\u00f2n \u0111\u01b0\u1ee3c g\u1ecdi l\u00e0 Xi lanh th\u1ee7y l\u1ef1c t\u00e1c \u0111\u1ed9ng k\u00e9p nh\u1ecf ho\u1eb7c Xi lanh th\u1ee7y l\u1ef1c \u1ed1ng l\u1ed3ng, \u0111\u00f3ng vai tr\u00f2 quan tr\u1ecdng trong nhi\u1ec1u ng\u00e0nh c\u00f4ng nghi\u1ec7p. B\u00e0i vi\u1ebft n\u00e0y nh\u1eb1m m\u1ee5c \u0111\u00edch \u0111i s\u00e2u v\u00e0o nh\u1eefng chi ti\u1ebft ph\u1ee9c t\u1ea1p c\u1ee7a thi\u1ebft b\u1ecb n\u00e0y, \u0111\u1ed3ng th\u1eddi l\u00e0m n\u1ed5i b\u1eadt c\u00e1c t\u00ednh n\u0103ng v\u00e0 l\u1ee3i \u00edch \u0111\u1ed9c \u0111\u00e1o c\u1ee7a n\u00f3.<\/p>\n<h3>1. \u0110\u1ecbnh ngh\u0129a v\u00e0 ch\u1ee9c n\u0103ng<\/h3>\n<p>Xy lanh \u1ed1ng l\u1ed3ng ng\u01b0\u1ee3c l\u00e0 m\u1ed9t b\u1ed9 truy\u1ec1n \u0111\u1ed9ng th\u1ee7y l\u1ef1c ho\u1ea1t \u0111\u1ed9ng theo c\u1ea3 hai h\u01b0\u1edbng, cho ph\u00e9p th\u1ef1c hi\u1ec7n c\u00e1c t\u00e1c \u0111\u1ed9ng \u0111\u1ea9y v\u00e0 k\u00e9o. Ch\u1ee9c n\u0103ng ch\u00ednh c\u1ee7a n\u00f3 l\u00e0 chuy\u1ec3n \u0111\u1ed5i n\u0103ng l\u01b0\u1ee3ng ch\u1ea5t l\u1ecfng th\u00e0nh l\u1ef1c c\u01a1 h\u1ecdc tuy\u1ebfn t\u00ednh, \u0111\u01b0\u1ee3c s\u1eed d\u1ee5ng \u0111\u1ec3 di chuy\u1ec3n ho\u1eb7c \u0111i\u1ec1u khi\u1ec3n m\u00e1y m\u00f3c, thi\u1ebft b\u1ecb v\u00e0 t\u1ea3i tr\u1ecdng n\u1eb7ng. Xy lanh \u0111a n\u0103ng n\u00e0y \u0111\u01b0\u1ee3c thi\u1ebft k\u1ebf v\u1edbi nhi\u1ec1u giai \u0111o\u1ea1n ho\u1eb7c \u0111o\u1ea1n c\u00f3 th\u1ec3 k\u00e9o d\u00e0i v\u00e0 thu l\u1ea1i, cho ph\u00e9p t\u1ea1o ra nhi\u1ec1u h\u00e0nh tr\u00ecnh kh\u00e1c nhau.<\/p>\n<h3>2. C\u1ea5u tr\u00fac v\u00e0 thi\u1ebft k\u1ebf<\/h3>\n<p>Xy lanh \u1ed1ng l\u1ed3ng ng\u01b0\u1ee3c bao g\u1ed3m m\u1ed9t lo\u1ea1t c\u00e1c \u1ed1ng h\u00ecnh tr\u1ee5 l\u1ed3ng v\u00e0o nhau, m\u1ed7i \u1ed1ng c\u00f3 \u0111\u01b0\u1eddng k\u00ednh nh\u1ecf d\u1ea7n. C\u00e1c \u1ed1ng n\u00e0y, \u0111\u01b0\u1ee3c g\u1ecdi l\u00e0 c\u00e1c t\u1ea7ng, \u0111\u01b0\u1ee3c k\u1ebft n\u1ed1i v\u1edbi nhau th\u00f4ng qua c\u00e1c thanh piston v\u00e0 ph\u1edbt, t\u1ea1o th\u00e0nh m\u1ed9t c\u1ea5u tr\u00fac \u1ed1ng l\u1ed3ng. T\u1ea7ng ngo\u00e0i c\u00f9ng \u0111\u01b0\u1ee3c g\u1eafn v\u00e0o m\u00e1y ho\u1eb7c t\u1ea3i, trong khi t\u1ea7ng trong c\u00f9ng ch\u1ee9a piston v\u00e0 \u0111\u01b0\u1ee3c k\u1ebft n\u1ed1i v\u1edbi h\u1ec7 th\u1ed1ng th\u1ee7y l\u1ef1c.<\/p>\n<p>Thi\u1ebft k\u1ebf \u0111\u1ea3o ng\u01b0\u1ee3c \u0111\u1ed9c \u0111\u00e1o c\u1ee7a xi lanh n\u00e0y \u0111\u1eb7t \u0111\u01b0\u1eddng k\u00ednh l\u1edbn h\u01a1n \u1edf ph\u00eda d\u01b0\u1edbi, mang l\u1ea1i s\u1ef1 \u1ed5n \u0111\u1ecbnh v\u00e0 kh\u1ea3 n\u0103ng ch\u1ed1ng l\u1ea1i l\u1ef1c u\u1ed1n cong. C\u00e1c t\u1ea7ng nh\u1ecf h\u01a1n n\u1eb1m g\u1ecdn b\u00ean trong c\u00e1c t\u1ea7ng l\u1edbn h\u01a1n, t\u1ea1o n\u00ean k\u1ebft c\u1ea5u nh\u1ecf g\u1ecdn v\u00e0 ti\u1ebft ki\u1ec7m kh\u00f4ng gian. Ngo\u00e0i ra, c\u00e1c gio\u0103ng gi\u1eefa c\u00e1c t\u1ea7ng gi\u00fap ng\u0103n ng\u1eeba r\u00f2 r\u1ec9 v\u00e0 \u0111\u1ea3m b\u1ea3o hi\u1ec7u su\u1ea5t t\u1ed1i \u01b0u.<\/p>\n<h3>3. L\u1ee3i \u00edch v\u00e0 \u1ee9ng d\u1ee5ng<\/h3>\n<p>Xi lanh \u1ed1ng l\u1ed3ng ng\u01b0\u1ee3c c\u00f3 nhi\u1ec1u \u01b0u \u0111i\u1ec3m ph\u00f9 h\u1ee3p v\u1edbi nhi\u1ec1u \u1ee9ng d\u1ee5ng kh\u00e1c nhau:<\/p>\n<ul>\n<li>1. <strong>Hi\u1ec7u qu\u1ea3 v\u1ec1 chi ph\u00ed:<\/strong> Nh\u1edd thi\u1ebft k\u1ebf hi\u1ec7u qu\u1ea3, xi lanh n\u00e0y ti\u00eau t\u1ed1n \u00edt v\u1eadt li\u1ec7u v\u00e0 chi ph\u00ed s\u1ea3n xu\u1ea5t h\u01a1n so v\u1edbi c\u00e1c b\u1ed9 truy\u1ec1n \u0111\u1ed9ng th\u1ee7y l\u1ef1c kh\u00e1c. N\u00f3 c\u00f3 t\u1ef7 l\u1ec7 l\u1ef1c tr\u00ean k\u00edch th\u01b0\u1edbc cao, tr\u1edf th\u00e0nh l\u1ef1a ch\u1ecdn kinh t\u1ebf cho c\u00e1c \u1ee9ng d\u1ee5ng c\u00f3 kh\u00f4ng gian h\u1ea1n ch\u1ebf v\u00e0 ng\u00e2n s\u00e1ch eo h\u1eb9p.<\/li>\n<li>2. <strong>T\u00e1c \u0111\u1ed9ng k\u00e9p nh\u1ecf:<\/strong> Xi lanh n\u00e0y t\u00e1c \u0111\u1ed9ng k\u00e9p, ngh\u0129a l\u00e0 n\u00f3 c\u00f3 th\u1ec3 t\u1ea1o l\u1ef1c theo c\u1ea3 hai h\u01b0\u1edbng. N\u00f3 cung c\u1ea5p l\u1ef1c c\u00e2n b\u1eb1ng \u0111\u1ec3 k\u00e9o gi\u00e3n v\u00e0 thu h\u1ed3i c\u00e1c t\u1ea7ng, \u0111\u1ea3m b\u1ea3o chuy\u1ec3n \u0111\u1ed9ng c\u00e2n b\u1eb1ng v\u00e0 \u0111i\u1ec1u khi\u1ec3n ch\u00ednh x\u00e1c. K\u00edch th\u01b0\u1edbc nh\u1ecf g\u1ecdn c\u1ee7a xi lanh cho ph\u00e9p n\u00f3 ph\u00f9 h\u1ee3p v\u1edbi nh\u1eefng kh\u00f4ng gian ch\u1eadt h\u1eb9p m\u00e0 c\u00e1c b\u1ed9 truy\u1ec1n \u0111\u1ed9ng l\u1edbn h\u01a1n c\u00f3 th\u1ec3 kh\u00f4ng kh\u1ea3 thi.<\/li>\n<li>3. <strong>Ch\u1ee9c n\u0103ng k\u00ednh thi\u00ean v\u0103n:<\/strong> V\u1edbi thi\u1ebft k\u1ebf d\u1ea1ng \u1ed1ng l\u1ed3ng, xi lanh n\u00e0y c\u00f3 th\u1ec3 \u0111\u1ea1t \u0111\u01b0\u1ee3c chi\u1ec1u d\u00e0i h\u00e0nh tr\u00ecnh m\u1edf r\u1ed9ng trong khi v\u1eabn duy tr\u00ec chi\u1ec1u d\u00e0i thu g\u1ecdn nh\u1ecf g\u1ecdn. T\u00ednh n\u0103ng n\u00e0y \u0111\u1eb7c bi\u1ec7t h\u1eefu \u00edch trong c\u00e1c \u1ee9ng d\u1ee5ng \u0111\u00f2i h\u1ecfi t\u1ea7m v\u1edbi xa ho\u1eb7c v\u1ecb tr\u00ed thay \u0111\u1ed5i, ch\u1eb3ng h\u1ea1n nh\u01b0 c\u1ea7n c\u1ea9u, xe n\u00e2ng v\u00e0 th\u00f9ng xe ben.<\/li>\n<\/ul>\n<p>Xi lanh \u1ed1ng l\u1ed3ng ng\u01b0\u1ee3c \u0111\u01b0\u1ee3c s\u1eed d\u1ee5ng r\u1ed9ng r\u00e3i trong c\u00e1c ng\u00e0nh c\u00f4ng nghi\u1ec7p nh\u01b0 x\u00e2y d\u1ef1ng, v\u1eadn chuy\u1ec3n v\u1eadt li\u1ec7u, n\u00f4ng nghi\u1ec7p v\u00e0 v\u1eadn t\u1ea3i. N\u00f3 th\u01b0\u1eddng \u0111\u01b0\u1ee3c s\u1eed d\u1ee5ng trong c\u00e1c h\u1ec7 th\u1ed1ng th\u1ee7y l\u1ef1c c\u1ee7a thang n\u00e2ng ng\u01b0\u1eddi, c\u1ea7n tr\u1ee5c \u1ed1ng l\u1ed3ng, thang n\u00e2ng c\u1eaft k\u00e9o, xe k\u00e9o t\u1ef1 \u0111\u1ed5 v\u00e0 nhi\u1ec1u \u1ee9ng d\u1ee5ng kh\u00e1c \u0111\u00f2i h\u1ecfi kh\u1ea3 n\u0103ng \u0111i\u1ec1u khi\u1ec3n chuy\u1ec3n \u0111\u1ed9ng tuy\u1ebfn t\u00ednh \u0111\u00e1ng tin c\u1eady v\u00e0 hi\u1ec7u qu\u1ea3.<\/p>\n<p>T\u00f3m l\u1ea1i, Xi lanh th\u1ee7y l\u1ef1c d\u1ea1ng \u1ed1ng l\u1ed3ng ng\u01b0\u1ee3c, c\u00f2n \u0111\u01b0\u1ee3c g\u1ecdi l\u00e0 Xi lanh th\u1ee7y l\u1ef1c t\u00e1c \u0111\u1ed9ng k\u00e9p nh\u1ecf ho\u1eb7c Xi lanh th\u1ee7y l\u1ef1c d\u1ea1ng \u1ed1ng l\u1ed3ng, l\u00e0 m\u1ed9t thi\u1ebft b\u1ecb ti\u1ebft ki\u1ec7m chi ph\u00ed v\u00e0 \u0111a n\u0103ng \u0111\u01b0\u1ee3c s\u1eed d\u1ee5ng trong nhi\u1ec1u ng\u00e0nh c\u00f4ng nghi\u1ec7p. Thi\u1ebft k\u1ebf \u0111\u1ea3o ng\u01b0\u1ee3c \u0111\u1ed9c \u0111\u00e1o, k\u00edch th\u01b0\u1edbc nh\u1ecf g\u1ecdn v\u00e0 ch\u1ee9c n\u0103ng d\u1ea1ng \u1ed1ng l\u1ed3ng khi\u1ebfn n\u00f3 tr\u1edf th\u00e0nh l\u1ef1a ch\u1ecdn l\u00fd t\u01b0\u1edfng cho c\u00e1c \u1ee9ng d\u1ee5ng \u0111\u00f2i h\u1ecfi kh\u00f4ng gian, ng\u00e2n s\u00e1ch v\u00e0 kh\u1ea3 n\u0103ng ki\u1ec3m so\u00e1t ch\u00ednh x\u00e1c. B\u1eb1ng c\u00e1ch khai th\u00e1c s\u1ee9c m\u1ea1nh c\u1ee7a ch\u1ea5t l\u1ecfng th\u1ee7y l\u1ef1c, xi lanh n\u00e0y gi\u00fap m\u00e1y m\u00f3c v\u00e0 thi\u1ebft b\u1ecb h\u1ea1ng n\u1eb7ng v\u1eadn h\u00e0nh tr\u01a1n tru v\u00e0 hi\u1ec7u qu\u1ea3.<\/p>\n<h3>Gi\u1edbi thi\u1ec7u v\u1ec1 FMP<\/h3>\n<p>FMP l\u00e0 m\u1ed9t c\u00f4ng ty uy t\u00edn chuy\u00ean s\u1ea3n xu\u1ea5t v\u00e0 kinh doanh xi lanh th\u1ee7y l\u1ef1c. Ch\u00fang t\u00f4i cam k\u1ebft cung c\u1ea5p cho kh\u00e1ch h\u00e0ng nh\u1eefng xi lanh th\u1ee7y l\u1ef1c ch\u1ea5t l\u01b0\u1ee3ng cao v\u00e0 \u0111\u00e1ng tin c\u1eady cho m\u00e1y m\u00f3c x\u00e2y d\u1ef1ng. V\u1edbi nhi\u1ec1u n\u0103m kinh nghi\u1ec7m trong ng\u00e0nh v\u00e0 \u0111\u1ed9i ng\u0169 chuy\u00ean nghi\u1ec7p, FMP l\u00e0 \u0111\u1ed1i t\u00e1c \u0111\u00e1ng tin c\u1eady cho m\u1ecdi nhu c\u1ea7u v\u1ec1 xi lanh th\u1ee7y l\u1ef1c c\u1ee7a b\u1ea1n.<\/p>\n<p><img decoding=\"async\" src=\"https:\/\/fmp-components.com\/wp-content\/uploads\/2024\/12\/Adjustable-Clevis-Type-Cylinders-6.webp\" alt=\"Xi lanh lo\u1ea1i Clevis c\u00f3 th\u1ec3 \u0111i\u1ec1u ch\u1ec9nh\" width=\"850\" title=\"\"><\/p>\n<p>Sau \u0111\u00e2y l\u00e0 5 l\u00fd do t\u1ea1i sao b\u1ea1n n\u00ean ch\u1ecdn FMP cho nhu c\u1ea7u v\u1ec1 xi lanh th\u1ee7y l\u1ef1c c\u1ee7a m\u00ecnh:<\/p>\n<p>1. \u0110a d\u1ea1ng s\u1ea3n ph\u1ea9m: FMP cung c\u1ea5p \u0111a d\u1ea1ng c\u00e1c lo\u1ea1i xi lanh th\u1ee7y l\u1ef1c \u0111\u00e1p \u1ee9ng m\u1ecdi nhu c\u1ea7u c\u1ee7a m\u00e1y m\u00f3c x\u00e2y d\u1ef1ng. T\u1eeb xi lanh ti\u00eau chu\u1ea9n \u0111\u1ebfn c\u00e1c gi\u1ea3i ph\u00e1p \u0111\u01b0\u1ee3c thi\u1ebft k\u1ebf ri\u00eang, ch\u00fang t\u00f4i c\u00f3 s\u1ea3n ph\u1ea9m ph\u00f9 h\u1ee3p \u0111\u1ec3 \u0111\u00e1p \u1ee9ng c\u00e1c y\u00eau c\u1ea7u c\u1ee5 th\u1ec3 c\u1ee7a b\u1ea1n.<\/p>\n<p>2. Ch\u1ea5t l\u01b0\u1ee3ng v\u01b0\u1ee3t tr\u1ed9i: Ch\u00fang t\u00f4i \u01b0u ti\u00ean ch\u1ea5t l\u01b0\u1ee3ng trong m\u1ecdi ho\u1ea1t \u0111\u1ed9ng. T\u1ea5t c\u1ea3 xi lanh th\u1ee7y l\u1ef1c c\u1ee7a ch\u00fang t\u00f4i \u0111\u1ec1u \u0111\u01b0\u1ee3c s\u1ea3n xu\u1ea5t b\u1eb1ng v\u1eadt li\u1ec7u cao c\u1ea5p v\u00e0 tu\u00e2n th\u1ee7 c\u00e1c ti\u00eau chu\u1ea9n ch\u1ea5t l\u01b0\u1ee3ng nghi\u00eam ng\u1eb7t. \u0110i\u1ec1u n\u00e0y \u0111\u1ea3m b\u1ea3o s\u1ea3n ph\u1ea9m c\u1ee7a ch\u00fang t\u00f4i b\u1ec1n b\u1ec9, \u0111\u00e1ng tin c\u1eady v\u00e0 ho\u1ea1t \u0111\u1ed9ng t\u1ed1i \u01b0u trong \u0111i\u1ec1u ki\u1ec7n kh\u1eafc nghi\u1ec7t.<\/p>\n<p>3. Chuy\u00ean m\u00f4n v\u00e0 Kinh nghi\u1ec7m: V\u1edbi ki\u1ebfn \u200b\u200bth\u1ee9c v\u00e0 kinh nghi\u1ec7m s\u00e2u r\u1ed9ng trong ng\u00e0nh, ch\u00fang t\u00f4i th\u1ea5u hi\u1ec3u nh\u1eefng th\u00e1ch th\u1ee9c v\u00e0 nhu c\u1ea7u \u0111\u1eb7c th\u00f9 c\u1ee7a ng\u00e0nh m\u00e1y m\u00f3c x\u00e2y d\u1ef1ng. \u0110\u1ed9i ng\u0169 chuy\u00ean gia c\u1ee7a ch\u00fang t\u00f4i \u0111\u01b0\u1ee3c trang b\u1ecb \u0111\u1ea7y \u0111\u1ee7 \u0111\u1ec3 cung c\u1ea5p h\u01b0\u1edbng d\u1eabn chuy\u00ean nghi\u1ec7p v\u00e0 c\u00e1c gi\u1ea3i ph\u00e1p ph\u00f9 h\u1ee3p, \u0111\u00e1p \u1ee9ng nhu c\u1ea7u c\u1ee5 th\u1ec3 c\u1ee7a b\u1ea1n.<\/p>\n<p>4. M\u1ed1i quan h\u1ec7 ch\u1eb7t ch\u1ebd v\u1edbi nh\u00e0 cung c\u1ea5p: FMP \u0111\u00e3 thi\u1ebft l\u1eadp m\u1ed1i quan h\u1ec7 \u0111\u1ed1i t\u00e1c l\u00e2u d\u00e0i v\u00e0 \u1ed5n \u0111\u1ecbnh v\u1edbi c\u00e1c nh\u00e0 cung c\u1ea5p uy t\u00edn trong v\u00e0 ngo\u00e0i n\u01b0\u1edbc. \u0110i\u1ec1u n\u00e0y cho ph\u00e9p ch\u00fang t\u00f4i t\u00ecm ngu\u1ed3n cung \u1ee9ng linh ki\u1ec7n v\u00e0 v\u1eadt li\u1ec7u ch\u1ea5t l\u01b0\u1ee3ng cao, \u0111\u1ea3m b\u1ea3o \u0111\u1ed9 tin c\u1eady v\u00e0 hi\u1ec7u su\u1ea5t c\u1ee7a xi lanh th\u1ee7y l\u1ef1c.<\/p>\n<p>5. H\u1eadu c\u1ea7n hi\u1ec7u qu\u1ea3 v\u00e0 giao h\u00e0ng \u0111\u00fang h\u1ea1n: Ch\u00fang t\u00f4i hi\u1ec3u r\u00f5 t\u1ea7m quan tr\u1ecdng c\u1ee7a vi\u1ec7c giao h\u00e0ng \u0111\u00fang h\u1ea1n \u0111\u1ec3 \u0111\u1ea3m b\u1ea3o d\u1ef1 \u00e1n c\u1ee7a b\u1ea1n di\u1ec5n ra su\u00f4n s\u1ebb. FMP c\u00f3 h\u1ec7 th\u1ed1ng ph\u00e2n ph\u1ed1i h\u1eadu c\u1ea7n hi\u1ec7u qu\u1ea3 \u0111\u1ec3 \u0111\u1ea3m b\u1ea3o b\u1ea1n nh\u1eadn \u0111\u01b0\u1ee3c xi lanh th\u1ee7y l\u1ef1c theo y\u00eau c\u1ea7u m\u1ed9t c\u00e1ch k\u1ecbp th\u1eddi v\u00e0 ch\u00ednh x\u00e1c, gi\u1ea3m thi\u1ec3u th\u1eddi gian ng\u1eebng ho\u1ea1t \u0111\u1ed9ng v\u00e0 t\u1ed1i \u0111a h\u00f3a n\u0103ng su\u1ea5t.<\/p>\n<p>H\u00e3y ch\u1ecdn FMP cho nhu c\u1ea7u xi lanh th\u1ee7y l\u1ef1c c\u1ee7a b\u1ea1n v\u00e0 tr\u1ea3i nghi\u1ec7m s\u1ef1 kh\u00e1c bi\u1ec7t v\u1ec1 ch\u1ea5t l\u01b0\u1ee3ng, \u0111\u1ed9 tin c\u1eady v\u00e0 s\u1ef1 h\u00e0i l\u00f2ng c\u1ee7a kh\u00e1ch h\u00e0ng. H\u00e3y h\u1ee3p t\u00e1c v\u1edbi ch\u00fang t\u00f4i ngay h\u00f4m nay \u0111\u1ec3 c\u00f3 tr\u1ea3i nghi\u1ec7m m\u00e1y m\u00f3c x\u00e2y d\u1ef1ng li\u1ec1n m\u1ea1ch.<\/p>\n<p>T\u00e1c gi\u1ea3: CX<\/p>","protected":false},"excerpt":{"rendered":"<p>Introducing Cost Effective Small Double Acting Hydraulic Cylinder Telescopic Hydraulic Cylinder: The Cost Effective Small Double Acting Hydraulic Cylinder Telescopic Hydraulic Cylinder is a versatile and reliable hydraulic cylinder designed to meet the needs of various industries. This hydraulic cylinder features a compact size, making it suitable for applications where space is limited. It is [&hellip;]<\/p>","protected":false},"featured_media":1698,"comment_status":"closed","ping_status":"closed","template":"","meta":{"_et_pb_use_builder":"","_et_pb_old_content":"","_et_gb_content_width":""},"product_brand":[],"product_cat":[45],"product_tag":[34,48],"class_list":{"0":"post-1697","1":"product","2":"type-product","3":"status-publish","4":"has-post-thumbnail","6":"product_cat-inverted-telescopic-cylinder","7":"product_tag-hydraulic-cylinder","8":"product_tag-inverted-telescopic-cylinder","10":"first","11":"instock","12":"product-type-simple"},"_links":{"self":[{"href":"https:\/\/fmp-components.com\/vi\/wp-json\/wp\/v2\/product\/1697","targetHints":{"allow":["GET"]}}],"collection":[{"href":"https:\/\/fmp-components.com\/vi\/wp-json\/wp\/v2\/product"}],"about":[{"href":"https:\/\/fmp-components.com\/vi\/wp-json\/wp\/v2\/types\/product"}],"replies":[{"embeddable":true,"href":"https:\/\/fmp-components.com\/vi\/wp-json\/wp\/v2\/comments?post=1697"}],"wp:featuredmedia":[{"embeddable":true,"href":"https:\/\/fmp-components.com\/vi\/wp-json\/wp\/v2\/media\/1698"}],"wp:attachment":[{"href":"https:\/\/fmp-components.com\/vi\/wp-json\/wp\/v2\/media?parent=1697"}],"wp:term":[{"taxonomy":"product_brand","embeddable":true,"href":"https:\/\/fmp-components.com\/vi\/wp-json\/wp\/v2\/product_brand?post=1697"},{"taxonomy":"product_cat","embeddable":true,"href":"https:\/\/fmp-components.com\/vi\/wp-json\/wp\/v2\/product_cat?post=1697"},{"taxonomy":"product_tag","embeddable":true,"href":"https:\/\/fmp-components.com\/vi\/wp-json\/wp\/v2\/product_tag?post=1697"}],"curies":[{"name":"wp","href":"https:\/\/api.w.org\/{rel}","templated":true}]}}