{"id":1695,"date":"2024-12-23T07:01:59","date_gmt":"2024-12-23T07:01:59","guid":{"rendered":"https:\/\/fmp-components.com\/product\/factory-direct-sale-10-ton-dump-truck-hydraulic-cylinder-double-acting-hydraulic-cylinder\/"},"modified":"2025-03-11T06:06:28","modified_gmt":"2025-03-11T06:06:28","slug":"factory-direct-sale-10-ton-dump-truck-hydraulic-cylinder-double-acting-hydraulic-cylinder","status":"publish","type":"product","link":"https:\/\/fmp-components.com\/vi\/product\/factory-direct-sale-10-ton-dump-truck-hydraulic-cylinder-double-acting-hydraulic-cylinder\/","title":{"rendered":"B\u00e1n tr\u1ef1c ti\u1ebfp t\u1eeb nh\u00e0 m\u00e1y Xi lanh th\u1ee7y l\u1ef1c xe ben 10 t\u1ea5n Xi lanh th\u1ee7y l\u1ef1c t\u00e1c \u0111\u1ed9ng k\u00e9p"},"content":{"rendered":"<p>Xi lanh th\u1ee7y l\u1ef1c t\u00e1c \u0111\u1ed9ng k\u00e9p d\u00e0nh cho xe ben 10 t\u1ea5n b\u00e1n tr\u1ef1c ti\u1ebfp t\u1eeb nh\u00e0 m\u00e1y l\u00e0 lo\u1ea1i xi lanh th\u1ee7y l\u1ef1c h\u00e0ng \u0111\u1ea7u \u0111\u01b0\u1ee3c thi\u1ebft k\u1ebf \u0111\u1ec3 s\u1eed d\u1ee5ng cho xe ben. V\u1edbi thi\u1ebft k\u1ebf t\u00e1c \u0111\u1ed9ng k\u00e9p, xi lanh n\u00e0y c\u00f3 th\u1ec3 \u0111\u01b0\u1ee3c s\u1eed d\u1ee5ng trong nhi\u1ec1u \u1ee9ng d\u1ee5ng kh\u00e1c nhau, bao g\u1ed3m n\u00e2ng v\u00e0 h\u1ea1 t\u1ea3i tr\u1ecdng n\u1eb7ng, mang l\u1ea1i kh\u1ea3 n\u0103ng \u0111i\u1ec1u khi\u1ec3n m\u01b0\u1ee3t m\u00e0 v\u00e0 ch\u00ednh x\u00e1c theo c\u1ea3 hai h\u01b0\u1edbng.<\/p>\n<p><img decoding=\"async\" src=\"https:\/\/hzpt.com\/wp-content\/uploads\/2023\/11\/Inverted-Telescopic-Cylinder-4.webp\" alt=\"\" title=\"\"><\/p>\n<p>\u0110\u01b0\u1ee3c ch\u1ebf t\u1ea1o t\u1ec9 m\u1ec9 v\u00e0 c\u1ea9n th\u1eadn, xi lanh th\u1ee7y l\u1ef1c n\u00e0y t\u1ef1 h\u00e0o c\u00f3 \u0111\u1ed9 b\u1ec1n v\u00e0 s\u1ee9c m\u1ea1nh v\u01b0\u1ee3t tr\u1ed9i, l\u00e0 l\u1ef1a ch\u1ecdn \u0111\u00e1ng tin c\u1eady cho c\u00e1c \u1ee9ng d\u1ee5ng h\u1ea1ng n\u1eb7ng. Xi lanh \u0111\u01b0\u1ee3c ch\u1ebf t\u1ea1o b\u1eb1ng th\u00e9p c\u01b0\u1eddng \u0111\u1ed9 cao v\u00e0 \u0111\u01b0\u1ee3c thi\u1ebft k\u1ebf \u0111\u1ec3 ch\u1ecbu \u0111\u01b0\u1ee3c nhi\u1ec7t \u0111\u1ed9 kh\u1eafc nghi\u1ec7t v\u00e0 \u0111i\u1ec1u ki\u1ec7n l\u00e0m vi\u1ec7c kh\u1eafc nghi\u1ec7t, \u0111\u1ea3m b\u1ea3o hi\u1ec7u su\u1ea5t v\u00e0 tu\u1ed5i th\u1ecd t\u1ed1i \u01b0u.<\/p>\n<p>Thi\u1ebft k\u1ebf ti\u00ean ti\u1ebfn c\u1ee7a xi lanh c\u0169ng bao g\u1ed3m m\u1ed9t lo\u1ea1t c\u00e1c t\u00ednh n\u0103ng c\u1ea3i ti\u1ebfn, ch\u1eb3ng h\u1ea1n nh\u01b0 thanh piston gia c\u00f4ng ch\u00ednh x\u00e1c, ph\u1edbt ch\u1ea5t l\u01b0\u1ee3ng cao v\u00e0 h\u1ec7 th\u1ed1ng th\u1ee7y l\u1ef1c ti\u00ean ti\u1ebfn, t\u1ea5t c\u1ea3 \u0111\u1ec1u ho\u1ea1t \u0111\u1ed9ng c\u00f9ng nhau \u0111\u1ec3 mang l\u1ea1i hi\u1ec7u su\u1ea5t, hi\u1ec7u qu\u1ea3 v\u00e0 \u0111\u1ed9 tin c\u1eady v\u01b0\u1ee3t tr\u1ed9i.<\/p>\n<table style=\"width: 100%;\" border=\"1\" width=\"100%\" cellspacing=\"0\" cellpadding=\"0\">\n<tbody>\n<tr>\n<th>T\u00ean s\u1ea3n ph\u1ea9m<\/th>\n<td>Xi lanh th\u1ee7y l\u1ef1c xe ben 10 t\u1ea5n<\/td>\n<\/tr>\n<tr>\n<th>T\u00ecnh tr\u1ea1ng<\/th>\n<td>M\u1edbi<\/td>\n<\/tr>\n<tr>\n<th>Ki\u1ec3u<\/th>\n<td>Xi lanh th\u1ee7y l\u1ef1c t\u00e1c \u0111\u1ed9ng k\u00e9p<\/td>\n<\/tr>\n<tr>\n<th>K\u1ebft c\u1ea5u<\/th>\n<td>Xi lanh piston ti\u00eau chu\u1ea9n<\/td>\n<\/tr>\n<tr>\n<th>Ngu\u1ed3n \u0111i\u1ec7n<\/th>\n<td>Ch\u1ea5t l\u1ecfng th\u1ee7y l\u1ef1c<\/td>\n<\/tr>\n<tr>\n<th>Thi\u1ebft k\u1ebf<\/th>\n<td>K\u00ednh thi\u00ean v\u0103n ng\u01b0\u1ee3c<\/td>\n<\/tr>\n<tr>\n<th>V\u1eadt li\u1ec7u<\/th>\n<td>Th\u00e9p b\u1ec1n<\/td>\n<\/tr>\n<tr>\n<th>L\u1ef1c \u0111\u1ea9y t\u1ed1i \u0111a<\/th>\n<td>3000<\/td>\n<\/tr>\n<tr>\n<th>L\u1ef1c k\u00e9o t\u1ed1i \u0111a<\/th>\n<td>20 t\u1ea5n<\/td>\n<\/tr>\n<tr>\n<th>K\u00edch th\u01b0\u1edbc l\u1ed7 khoan<\/th>\n<td>2 \u2013 6 inch<\/td>\n<\/tr>\n<tr>\n<th>K\u00edch th\u01b0\u1edbc thanh<\/th>\n<td>1,125 \u2013 4 inch<\/td>\n<\/tr>\n<tr>\n<th>K\u00edch th\u01b0\u1edbc n\u00e9t v\u1ebd<\/th>\n<td>6 \u2013 48 inch<\/td>\n<\/tr>\n<tr>\n<th>K\u00edch th\u01b0\u1edbc ch\u00e2n c\u1eafm<\/th>\n<td>0,5 \u2013 2 inch<\/td>\n<\/tr>\n<tr>\n<th>Ch\u1ee9ng nh\u1eadn<\/th>\n<td>Ti\u00eau chu\u1ea9n ISO 9001:2000<\/td>\n<\/tr>\n<tr>\n<th>M\u00e0u s\u1eafc<\/th>\n<td>M\u00e0u \u0111en b\u00f3ng b\u1ea9y<\/td>\n<\/tr>\n<tr>\n<th>B\u1ea3o h\u00e0nh<\/th>\n<td>1 n\u0103m<\/td>\n<\/tr>\n<tr>\n<th>C\u00e1c th\u00e0nh ph\u1ea7n c\u1ed1t l\u00f5i<\/th>\n<td>V\u00f2ng bi, xi lanh pitt\u00f4ng<\/td>\n<\/tr>\n<\/tbody>\n<\/table>\n<h2>\u0110\u1eb7c \u0111i\u1ec3m c\u1ee7a xi lanh th\u1ee7y l\u1ef1c xe ben 10 t\u1ea5n<\/h2>\n<p>Xi lanh th\u1ee7y l\u1ef1c n\u00e0y c\u00f3 m\u1ed9t s\u1ed1 t\u00ednh n\u0103ng \u1ea5n t\u01b0\u1ee3ng:<\/p>\n<ol>\n<li>T\u00e1c \u0111\u1ed9ng k\u00e9p: \u0110i\u1ec1u n\u00e0y c\u00f3 ngh\u0129a l\u00e0 n\u00f3 c\u00f3 th\u1ec3 th\u1ef1c hi\u1ec7n c\u00e1c ho\u1ea1t \u0111\u1ed9ng th\u1ee7y l\u1ef1c theo hai h\u01b0\u1edbng, mang l\u1ea1i t\u00ednh linh ho\u1ea1t v\u00e0 hi\u1ec7u qu\u1ea3 cao h\u01a1n.<\/li>\n<li>Thi\u1ebft k\u1ebf d\u1ea1ng \u1ed1ng l\u1ed3ng ng\u01b0\u1ee3c: Thi\u1ebft k\u1ebf n\u00e0y cho ph\u00e9p k\u00e9o d\u00e0i h\u00e0nh tr\u00ecnh, gi\u00fap t\u0103ng hi\u1ec7u qu\u1ea3 v\u00e0 t\u00ednh linh ho\u1ea1t t\u1ed5ng th\u1ec3 c\u1ee7a xi lanh.<\/li>\n<li>L\u1ef1c \u0111\u1ea9y v\u00e0 l\u1ef1c k\u00e9o t\u1ed1i \u0111a cao: V\u1edbi l\u1ef1c \u0111\u1ea9y t\u1ed1i \u0111a l\u00e0 3000 v\u00e0 l\u1ef1c k\u00e9o t\u1ed1i \u0111a l\u00e0 20 t\u1ea5n, xi lanh n\u00e0y c\u00f3 kh\u1ea3 n\u0103ng x\u1eed l\u00fd t\u1ea3i tr\u1ecdng n\u1eb7ng m\u1ed9t c\u00e1ch d\u1ec5 d\u00e0ng.<\/li>\n<li>V\u1eadt li\u1ec7u b\u1ec1n: \u0110\u01b0\u1ee3c l\u00e0m t\u1eeb th\u00e9p, xi lanh n\u00e0y ch\u1eafc ch\u1eafn v\u00e0 b\u1ec1n l\u00e2u, \u0111\u1ea3m b\u1ea3o \u0111\u1ed9 tin c\u1eady v\u00e0 hi\u1ec7u su\u1ea5t l\u00e2u d\u00e0i.<\/li>\n<li>B\u1ea3o h\u00e0nh m\u1ed9t n\u0103m: S\u1ea3n ph\u1ea9m n\u00e0y \u0111\u01b0\u1ee3c b\u1ea3o h\u00e0nh m\u1ed9t n\u0103m, mang l\u1ea1i s\u1ef1 an t\u00e2m v\u00e0 b\u1ea3o v\u1ec7 cho kho\u1ea3n \u0111\u1ea7u t\u01b0 c\u1ee7a b\u1ea1n.<\/li>\n<\/ol>\n<h2>\u1ee8ng d\u1ee5ng c\u1ee7a xi lanh th\u1ee7y l\u1ef1c xe ben 10 t\u1ea5n<\/h2>\n<p>Nh\u1edd thi\u1ebft k\u1ebf m\u1ea1nh m\u1ebd v\u00e0 t\u00ednh linh ho\u1ea1t, xi lanh th\u1ee7y l\u1ef1c n\u00e0y ph\u00f9 h\u1ee3p v\u1edbi nhi\u1ec1u \u1ee9ng d\u1ee5ng kh\u00e1c nhau:<\/p>\n<ol>\n<li>Nh\u00e0 m\u00e1y s\u1ea3n xu\u1ea5t: \u0110\u01b0\u1ee3c s\u1eed d\u1ee5ng cho m\u1ee5c \u0111\u00edch v\u1eadn h\u00e0nh m\u00e1y m\u00f3c h\u1ea1ng n\u1eb7ng v\u00e0 di chuy\u1ec3n v\u1eadt li\u1ec7u.<\/li>\n<li>X\u01b0\u1edfng s\u1eeda ch\u1eefa m\u00e1y m\u00f3c: C\u1ea7n thi\u1ebft cho c\u00e1c c\u00f4ng vi\u1ec7c s\u1eeda ch\u1eefa v\u00e0 b\u1ea3o tr\u00ec \u0111\u00f2i h\u1ecfi ph\u1ea3i n\u00e2ng ho\u1eb7c di chuy\u1ec3n c\u00e1c b\u1ed9 ph\u1eadn m\u00e1y m\u00f3c h\u1ea1ng n\u1eb7ng.<\/li>\n<li>Trang tr\u1ea1i: \u0110\u01b0\u1ee3c s\u1eed d\u1ee5ng trong nhi\u1ec1u lo\u1ea1i m\u00e1y m\u00f3c n\u00f4ng nghi\u1ec7p \u0111\u1ec3 th\u1ef1c hi\u1ec7n c\u00e1c nhi\u1ec7m v\u1ee5 nh\u01b0 n\u00e2ng, \u0111\u1ea9y v\u00e0 k\u00e9o.<\/li>\n<li>N\u0103ng l\u01b0\u1ee3ng v\u00e0 khai th\u00e1c: \u0110\u01b0\u1ee3c s\u1eed d\u1ee5ng trong c\u00e1c thi\u1ebft b\u1ecb \u0111\u00e0o, khoan v\u00e0 khai th\u00e1c t\u00e0i nguy\u00ean.<\/li>\n<li>Ch\u1ebf t\u1ea1o m\u00e1y m\u00f3c: Kh\u00f4ng th\u1ec3 thi\u1ebfu trong qu\u00e1 tr\u00ecnh l\u1eafp r\u00e1p v\u00e0 th\u00e1o r\u1eddi c\u00e1c m\u00e1y m\u00f3c v\u00e0 thi\u1ebft b\u1ecb l\u1edbn.<\/li>\n<\/ol>\n<p><img decoding=\"async\" src=\"https:\/\/hzpt.com\/wp-content\/uploads\/2023\/11\/Inverted-Telescopic-Cylinder-Applications.webp\" alt=\"\u1ee8ng d\u1ee5ng c\u1ee7a xi lanh \u1ed1ng l\u1ed3ng ng\u01b0\u1ee3c\" title=\"\"><\/p>\n<h2>Nguy\u00ean l\u00fd ho\u1ea1t \u0111\u1ed9ng v\u00e0 ph\u01b0\u01a1ng ph\u00e1p b\u1ea3o tr\u00ec<\/h2>\n<p>Xi lanh th\u1ee7y l\u1ef1c ho\u1ea1t \u0111\u1ed9ng theo nguy\u00ean l\u00fd \u0111\u01a1n gi\u1ea3n nh\u01b0ng hi\u1ec7u qu\u1ea3. Ch\u1ea5t l\u1ecfng th\u1ee7y l\u1ef1c \u0111\u01b0\u1ee3c b\u01a1m v\u00e0o xi lanh, t\u1ea1o ra \u00e1p su\u1ea5t. \u00c1p su\u1ea5t n\u00e0y t\u00e1c \u0111\u1ed9ng l\u00ean piston, khi\u1ebfn piston di chuy\u1ec3n v\u00e0 t\u1ea1o ra l\u1ef1c \u0111\u1ea9y. Thi\u1ebft k\u1ebf t\u00e1c \u0111\u1ed9ng k\u00e9p cho ph\u00e9p ch\u1ea5t l\u1ecfng \u0111\u01b0\u1ee3c b\u01a1m theo c\u1ea3 hai h\u01b0\u1edbng, cho ph\u00e9p piston di chuy\u1ec3n qua l\u1ea1i.<\/p>\n<p>V\u1ec1 v\u1ea5n \u0111\u1ec1 b\u1ea3o tr\u00ec, \u0111i\u1ec1u quan tr\u1ecdng l\u00e0:<\/p>\n<ol>\n<li style=\"list-style-type: none;\">\n<ol>\n<li>Ki\u1ec3m tra b\u00ecnh th\u01b0\u1eddng xuy\u00ean \u0111\u1ec3 ph\u00e1t hi\u1ec7n b\u1ea5t k\u1ef3 d\u1ea5u hi\u1ec7u hao m\u00f2n, h\u01b0 h\u1ecfng ho\u1eb7c r\u00f2 r\u1ec9 n\u00e0o.<\/li>\n<li>V\u1ec7 sinh xi lanh th\u01b0\u1eddng xuy\u00ean \u0111\u1ec3 tr\u00e1nh b\u1ee5i b\u1ea9n v\u00e0 m\u1ea3nh v\u1ee5n t\u00edch t\u1ee5.<\/li>\n<li>B\u00f4i tr\u01a1n c\u00e1c b\u1ed9 ph\u1eadn chuy\u1ec3n \u0111\u1ed9ng \u0111\u1ec3 gi\u1ea3m ma s\u00e1t v\u00e0 m\u00e0i m\u00f2n.<\/li>\n<li>Th\u1ef1c hi\u1ec7n ki\u1ec3m tra v\u00e0 s\u1eeda ch\u1eefa th\u01b0\u1eddng xuy\u00ean \u0111\u1ec3 ph\u00e1t hi\u1ec7n v\u00e0 kh\u1eafc ph\u1ee5c s\u1ef1 c\u1ed1 s\u1edbm.<\/li>\n<li>Thay th\u1ebf ph\u1edbt khi c\u1ea7n thi\u1ebft \u0111\u1ec3 tr\u00e1nh r\u00f2 r\u1ec9 v\u00e0 duy tr\u00ec hi\u1ec7u su\u1ea5t t\u1ed1i \u01b0u.<\/li>\n<li>Th\u1ef1c hi\u1ec7n theo h\u01b0\u1edbng d\u1eabn s\u1eed d\u1ee5ng \u0111\u1ec3 bi\u1ebft h\u01b0\u1edbng d\u1eabn v\u00e0 l\u1ecbch tr\u00ecnh b\u1ea3o tr\u00ec c\u1ee5 th\u1ec3.<\/li>\n<\/ol>\n<\/li>\n<\/ol>\n<p><img decoding=\"async\" src=\"https:\/\/hzpt.com\/wp-content\/uploads\/2023\/11\/Inverted-Telescopic-Cylinder-8.webp\" alt=\"\" title=\"\"><\/p>\n<h2>H\u00ecnh tr\u1ee5 \u1ed1ng l\u1ed3ng ng\u01b0\u1ee3c<\/h2>\n<p>Xy lanh \u1ed1ng l\u1ed3ng ng\u01b0\u1ee3c, c\u00f2n \u0111\u01b0\u1ee3c g\u1ecdi l\u00e0 xi lanh \u1ed1ng l\u1ed3ng t\u00e1c \u0111\u1ed9ng \u0111\u01a1n, l\u00e0 m\u1ed9t b\u1ed9 truy\u1ec1n \u0111\u1ed9ng th\u1ee7y l\u1ef1c bao g\u1ed3m nhi\u1ec1u t\u1ea7ng l\u1ed3ng nhau, m\u1ed7i t\u1ea7ng \u0111\u01b0\u1ee3c thu v\u00e0o t\u1ea7ng l\u1edbn h\u01a1n. Lo\u1ea1i xi lanh n\u00e0y th\u01b0\u1eddng \u0111\u01b0\u1ee3c s\u1eed d\u1ee5ng trong nhi\u1ec1u \u1ee9ng d\u1ee5ng h\u1ea1ng n\u1eb7ng, ch\u1eb3ng h\u1ea1n nh\u01b0 xe ben, c\u1ea7n c\u1ea9u v\u00e0 m\u00e1y \u0111\u00e0o.<\/p>\n<h3>\u0110\u1eb7c \u0111i\u1ec3m c\u1ee7a xi lanh \u1ed1ng l\u1ed3ng ng\u01b0\u1ee3c<\/h3>\n<p>Sau \u0111\u00e2y l\u00e0 m\u1ed9t s\u1ed1 t\u00ednh n\u0103ng ch\u00ednh c\u1ee7a xi lanh \u1ed1ng l\u1ed3ng ng\u01b0\u1ee3c:<\/p>\n<ul>\n<li>C\u00e1c n\u00e9t l\u1edbn c\u00f3 chi\u1ec1u d\u00e0i r\u00fat l\u1ea1i nh\u1ecf h\u01a1n<\/li>\n<li>S\u1eed d\u1ee5ng kh\u00f4ng gian hi\u1ec7u qu\u1ea3 cao, l\u00fd t\u01b0\u1edfng cho m\u00e1y m\u00f3c c\u00f3 kh\u00f4ng gian h\u1ea1n ch\u1ebf<\/li>\n<li>\u0110\u1ed9 b\u1ec1n v\u00e0 \u0111\u1ed9 ch\u1eafc ch\u1eafn cao do s\u1eed d\u1ee5ng v\u1eadt li\u1ec7u ch\u1ea5t l\u01b0\u1ee3ng cao nh\u01b0 th\u00e9p m\u1ea1 cr\u00f4m<\/li>\n<li>C\u00f3 th\u1ec3 x\u1eed l\u00fd t\u1ea3i tr\u1ecdng cao v\u00e0 cung c\u1ea5p hi\u1ec7u su\u1ea5t \u1ed5n \u0111\u1ecbnh, ngay c\u1ea3 trong \u0111i\u1ec1u ki\u1ec7n kh\u1eafc nghi\u1ec7t<\/li>\n<\/ul>\n<h3>Nguy\u00ean l\u00fd ho\u1ea1t \u0111\u1ed9ng c\u1ee7a xi lanh \u1ed1ng l\u1ed3ng ng\u01b0\u1ee3c<\/h3>\n<p>Khi \u00e1p su\u1ea5t t\u00e1c \u0111\u1ed9ng l\u00ean c\u1ea7n piston, n\u00f3 s\u1ebd k\u00e9o d\u00e0i ra kh\u1ecfi xi-lanh, khi\u1ebfn c\u00e1c t\u1ea7ng l\u1ed3ng nhau c\u0169ng k\u00e9o d\u00e0i theo. S\u1ef1 k\u00e9o d\u00e0i n\u00e0y ti\u1ebfp t\u1ee5c cho \u0111\u1ebfn khi c\u1ea7n piston \u0111\u1ea1t \u0111\u1ebfn \u0111i\u1ec3m cu\u1ed1i c\u1ee7a h\u00e0nh tr\u00ecnh. Xi-lanh s\u1ebd thu l\u1ea1i khi \u00e1p su\u1ea5t \u0111\u01b0\u1ee3c gi\u1ea3i ph\u00f3ng, v\u00e0 c\u00e1c t\u1ea7ng l\u1ed3ng nhau s\u1ebd thu l\u1ea1i v\u00e0o trong xi-lanh l\u1edbn h\u01a1n.<\/p>\n<p>Thanh piston c\u1ee7a xi lanh \u1ed1ng l\u1ed3ng ng\u01b0\u1ee3c th\u01b0\u1eddng \u0111\u01b0\u1ee3c g\u1eafn v\u00e0o \u0111\u1ea7u c\u1ee7a t\u1ea7ng nh\u1ecf nh\u1ea5t. Piston n\u1eb1m b\u00ean trong t\u1ea7ng l\u1edbn nh\u1ea5t, v\u00e0 ch\u1ea5t l\u1ecfng th\u1ee7y l\u1ef1c th\u01b0\u1eddng \u0111\u01b0\u1ee3c \u0111\u01b0a v\u00e0o qua m\u1ed9t c\u1ed5ng \u1edf \u0111\u00e1y xi lanh.<\/p>\n<h3>\u1ee8ng d\u1ee5ng c\u1ee7a xi lanh \u1ed1ng l\u1ed3ng ng\u01b0\u1ee3c<\/h3>\n<p>Xi lanh \u1ed1ng l\u1ed3ng ng\u01b0\u1ee3c th\u01b0\u1eddng \u0111\u01b0\u1ee3c s\u1eed d\u1ee5ng trong xe ben, lo\u1ea1i xe c\u1ea7n xi lanh th\u1ee7y l\u1ef1c \u0111\u1ec3 n\u00e2ng v\u00e0 nghi\u00eang th\u00f9ng xe khi d\u1ee1 h\u00e0ng. Nh\u1eefng xi lanh n\u00e0y c\u0169ng \u0111\u01b0\u1ee3c s\u1eed d\u1ee5ng trong c\u00e1c thi\u1ebft b\u1ecb x\u00e2y d\u1ef1ng, ch\u1eb3ng h\u1ea1n nh\u01b0 m\u00e1y \u0111\u00e0o, \u0111\u1ec3 \u0111i\u1ec1u khi\u1ec3n chuy\u1ec3n \u0111\u1ed9ng c\u1ee7a c\u1ea7n tr\u1ee5c v\u00e0 tay c\u1ea7n.<\/p>\n<p>Xi lanh th\u1ee7y l\u1ef1c t\u00e1c \u0111\u1ed9ng k\u00e9p l\u00e0 m\u1ed9t lo\u1ea1i xi lanh th\u1ee7y l\u1ef1c kh\u00e1c c\u00f3 th\u1ec3 \u0111\u01b0\u1ee3c s\u1eed d\u1ee5ng trong nhi\u1ec1u \u1ee9ng d\u1ee5ng h\u1ea1ng n\u1eb7ng. Xi lanh th\u1ee7y l\u1ef1c cho xe ben 10 t\u1ea5n b\u00e1n tr\u1ef1c ti\u1ebfp t\u1ea1i nh\u00e0 m\u00e1y. Xi lanh th\u1ee7y l\u1ef1c t\u00e1c \u0111\u1ed9ng k\u00e9p l\u00e0 gi\u1ea3i ph\u00e1p l\u00fd t\u01b0\u1edfng khi b\u1ed9 truy\u1ec1n \u0111\u1ed9ng c\u1ea7n di chuy\u1ec3n qua l\u1ea1i, ch\u1eb3ng h\u1ea1n nh\u01b0 trong tr\u01b0\u1eddng h\u1ee3p m\u00e1y \u00e9p th\u1ee7y l\u1ef1c ho\u1eb7c thang m\u00e1y. C\u00e1c xi lanh n\u00e0y bao g\u1ed3m m\u1ed9t piston c\u00f3 th\u1ec3 di chuy\u1ec3n theo c\u1ea3 hai h\u01b0\u1edbng, v\u1edbi ch\u1ea5t l\u1ecfng th\u1ee7y l\u1ef1c \u0111\u01b0\u1ee3c cung c\u1ea5p cho c\u1ea3 hai b\u00ean c\u1ee7a piston \u0111\u1ec3 \u0111i\u1ec1u khi\u1ec3n chuy\u1ec3n \u0111\u1ed9ng c\u1ee7a n\u00f3.<\/p>\n<p>Xy lanh \u1ed1ng l\u1ed3ng ng\u01b0\u1ee3c l\u00e0 m\u1ed9t th\u00e0nh ph\u1ea7n thi\u1ebft y\u1ebfu trong nhi\u1ec1u \u1ee9ng d\u1ee5ng h\u1ea1ng n\u1eb7ng, bao g\u1ed3m xe ben v\u00e0 thi\u1ebft b\u1ecb x\u00e2y d\u1ef1ng. Nh\u1eefng xi lanh n\u00e0y mang \u0111\u1ebfn m\u1ed9t ph\u01b0\u01a1ng th\u1ee9c \u0111\u00e1ng tin c\u1eady v\u00e0 hi\u1ec7u qu\u1ea3 \u0111\u1ec3 ki\u1ec3m so\u00e1t chuy\u1ec3n \u0111\u1ed9ng c\u1ee7a m\u00e1y m\u00f3c h\u1ea1ng n\u1eb7ng, \u0111\u1ea3m b\u1ea3o hi\u1ec7u su\u1ea5t \u1ed5n \u0111\u1ecbnh ngay c\u1ea3 trong \u0111i\u1ec1u ki\u1ec7n kh\u1eafc nghi\u1ec7t. B\u1eb1ng c\u00e1ch hi\u1ec3u r\u00f5 c\u00e1ch th\u1ee9c ho\u1ea1t \u0111\u1ed9ng v\u00e0 \u1ee9ng d\u1ee5ng c\u1ee7a c\u00e1c xi lanh n\u00e0y, c\u00e1c nh\u00e0 s\u1ea3n xu\u1ea5t c\u00f3 th\u1ec3 \u0111\u01b0a ra quy\u1ebft \u0111\u1ecbnh s\u00e1ng su\u1ed1t v\u1ec1 lo\u1ea1i b\u1ed9 truy\u1ec1n \u0111\u1ed9ng th\u1ee7y l\u1ef1c n\u00e0o ph\u00f9 h\u1ee3p v\u1edbi nhu c\u1ea7u c\u1ee5 th\u1ec3 c\u1ee7a m\u00ecnh.<\/p>\n<p><img decoding=\"async\" src=\"https:\/\/hzpt.com\/wp-content\/uploads\/2023\/11\/Inverted-Telescopic-Cylinder-Manufacturers.webp\" alt=\"Nh\u00e0 m\u00e1y s\u1ea3n xu\u1ea5t m\u00e1y th\u1ee7y l\u1ef1c HZPT\" title=\"\"><\/p>\n<h3>Gi\u1edbi thi\u1ec7u v\u1ec1 FMP<\/h3>\n<p>FMP l\u00e0 m\u1ed9t c\u00f4ng ty chuy\u00ean s\u1ea3n xu\u1ea5t v\u00e0 kinh doanh Xi lanh th\u1ee7y l\u1ef1c. V\u1edbi tr\u1ecdng t\u00e2m cung c\u1ea5p ph\u1ee5 t\u00f9ng m\u00e1y m\u00f3c x\u00e2y d\u1ef1ng ch\u1ea5t l\u01b0\u1ee3ng cao v\u00e0 gi\u1ea3i ph\u00e1p m\u00e1y m\u00f3c to\u00e0n di\u1ec7n, ch\u00fang t\u00f4i \u0111\u00e3 kh\u1eb3ng \u0111\u1ecbnh v\u1ecb th\u1ebf l\u00e0 \u0111\u1ed1i t\u00e1c \u0111\u00e1ng tin c\u1eady trong ng\u00e0nh. T\u1ecda l\u1ea1c t\u1ea1i \u00dd, v\u1edbi nhi\u1ec1u n\u0103m kinh nghi\u1ec7m v\u00e0 \u0111\u1ed9i ng\u0169 chuy\u00ean nghi\u1ec7p, ch\u00fang t\u00f4i \u0111\u1ea3m b\u1ea3o mang \u0111\u1ebfn cho kh\u00e1ch h\u00e0ng nh\u1eefng s\u1ea3n ph\u1ea9m v\u00e0 d\u1ecbch v\u1ee5 h\u00e0ng \u0111\u1ea7u.<\/p>\n<p><strong>D\u00f2ng s\u1ea3n ph\u1ea9m c\u1ee7a ch\u00fang t\u00f4i:<\/strong><\/p>\n<ol>\n<li><strong>H\u1ed9p s\u1ed1 m\u00e1y n\u00f4ng nghi\u1ec7p:<\/strong> Ch\u00fang t\u00f4i cung c\u1ea5p nhi\u1ec1u lo\u1ea1i h\u1ed9p s\u1ed1 \u0111\u01b0\u1ee3c thi\u1ebft k\u1ebf chuy\u00ean bi\u1ec7t cho m\u00e1y m\u00f3c n\u00f4ng nghi\u1ec7p. C\u00e1c h\u1ed9p s\u1ed1 n\u00e0y b\u1ec1n b\u1ec9 v\u00e0 hi\u1ec7u qu\u1ea3, cho ph\u00e9p v\u1eadn h\u00e0nh tr\u01a1n tru v\u00e0 \u0111\u00e1ng tin c\u1eady.<\/li>\n<li><strong>Xi lanh th\u1ee7y l\u1ef1c:<\/strong> Xi lanh th\u1ee7y l\u1ef1c c\u1ee7a ch\u00fang t\u00f4i \u0111\u01b0\u1ee3c s\u1ea3n xu\u1ea5t theo ti\u00eau chu\u1ea9n cao nh\u1ea5t \u0111\u1ec3 mang l\u1ea1i hi\u1ec7u su\u1ea5t v\u00e0 \u0111\u1ed9 b\u1ec1n v\u01b0\u1ee3t tr\u1ed9i. Ch\u00fang \u0111\u01b0\u1ee3c thi\u1ebft k\u1ebf \u0111\u1ec3 ch\u1ecbu \u0111\u01b0\u1ee3c t\u1ea3i tr\u1ecdng n\u1eb7ng v\u00e0 \u0111i\u1ec1u ki\u1ec7n v\u1eadn h\u00e0nh kh\u1eafc nghi\u1ec7t, \u0111\u1ea3m b\u1ea3o hi\u1ec7u su\u1ea5t v\u00e0 \u0111\u1ed9 tin c\u1eady t\u1ed1i \u01b0u.<\/li>\n<li><strong>H\u1ed9p s\u1ed1 h\u00e0nh tinh:<\/strong> Ch\u00fang t\u00f4i cung c\u1ea5p h\u1ed9p s\u1ed1 h\u00e0nh tinh \u0111\u01b0\u1ee3c thi\u1ebft k\u1ebf \u0111\u1ec3 \u0111\u1ea1t \u0111\u1ed9 ch\u00ednh x\u00e1c v\u00e0 \u0111\u1ed9 b\u1ec1n cao. Nh\u1eefng h\u1ed9p s\u1ed1 n\u00e0y c\u00f3 m\u00f4-men xo\u1eafn cao v\u00e0 v\u1eadn h\u00e0nh \u00eam \u00e1i, l\u00fd t\u01b0\u1edfng cho nhi\u1ec1u \u1ee9ng d\u1ee5ng kh\u00e1c nhau trong ng\u00e0nh m\u00e1y m\u00f3c x\u00e2y d\u1ef1ng.<\/li>\n<li><strong>H\u1ed9p s\u1ed1 c\u00f4ng nghi\u1ec7p:<\/strong> D\u00f2ng h\u1ed9p s\u1ed1 c\u00f4ng nghi\u1ec7p c\u1ee7a ch\u00fang t\u00f4i \u0111\u01b0\u1ee3c thi\u1ebft k\u1ebf \u0111\u1ec3 \u0111\u00e1p \u1ee9ng nhu c\u1ea7u \u0111a d\u1ea1ng c\u1ee7a nhi\u1ec1u ng\u00e0nh c\u00f4ng nghi\u1ec7p kh\u00e1c nhau. C\u00e1c h\u1ed9p s\u1ed1 n\u00e0y n\u1ed5i ti\u1ebfng v\u1edbi \u0111\u1ed9 tin c\u1eady, hi\u1ec7u qu\u1ea3 v\u00e0 tu\u1ed5i th\u1ecd cao.<\/li>\n<li><strong>Ph\u1ee5 t\u00f9ng v\u00e0 ph\u1ee5 ki\u1ec7n m\u00e1y m\u00f3c n\u00f4ng nghi\u1ec7p:<\/strong> Ngo\u00e0i h\u1ed9p s\u1ed1 v\u00e0 xi lanh th\u1ee7y l\u1ef1c, ch\u00fang t\u00f4i c\u00f2n cung c\u1ea5p \u0111a d\u1ea1ng c\u00e1c lo\u1ea1i ph\u1ee5 t\u00f9ng v\u00e0 ph\u1ee5 ki\u1ec7n m\u00e1y m\u00f3c n\u00f4ng nghi\u1ec7p. C\u00e1c linh ki\u1ec7n n\u00e0y \u0111\u01b0\u1ee3c l\u1ef1a ch\u1ecdn c\u1ea9n th\u1eadn \u0111\u1ec3 \u0111\u1ea3m b\u1ea3o kh\u1ea3 n\u0103ng t\u01b0\u01a1ng th\u00edch v\u00e0 hi\u1ec7u su\u1ea5t t\u1ed1i \u01b0u.<\/li>\n<\/ol>\n<p><strong>\u01afu \u0111i\u1ec3m c\u1ee7a c\u00f4ng ty ch\u00fang t\u00f4i:<\/strong><\/p>\n<ol>\n<li><strong>Ti\u00eau chu\u1ea9n ch\u1ea5t l\u01b0\u1ee3ng nghi\u00eam ng\u1eb7t:<\/strong> Ch\u00fang t\u00f4i \u0111\u00e3 thi\u1ebft l\u1eadp m\u1ed1i quan h\u1ec7 l\u00e2u d\u00e0i v\u00e0 \u1ed5n \u0111\u1ecbnh v\u1edbi c\u00e1c nh\u00e0 cung c\u1ea5p ch\u1ea5t l\u01b0\u1ee3ng cao trong v\u00e0 ngo\u00e0i n\u01b0\u1edbc. \u0110i\u1ec1u n\u00e0y cho ph\u00e9p ch\u00fang t\u00f4i \u0111\u1ea3m b\u1ea3o t\u1ea5t c\u1ea3 c\u00e1c linh ki\u1ec7n ch\u00fang t\u00f4i cung c\u1ea5p \u0111\u1ec1u \u0111\u00e1p \u1ee9ng c\u00e1c ti\u00eau chu\u1ea9n ch\u1ea5t l\u01b0\u1ee3ng nghi\u00eam ng\u1eb7t.<\/li>\n<li><strong>\u0110\u1ed9i ng\u0169 b\u00e1n h\u00e0ng gi\u00e0u kinh nghi\u1ec7m:<\/strong> \u0110\u1ed9i ng\u0169 b\u00e1n h\u00e0ng c\u1ee7a ch\u00fang t\u00f4i am hi\u1ec3u s\u00e2u s\u1eafc v\u1ec1 xu h\u01b0\u1edbng ph\u00e1t tri\u1ec3n v\u00e0 nhu c\u1ea7u c\u1ee7a kh\u00e1ch h\u00e0ng trong ng\u00e0nh m\u00e1y m\u00f3c x\u00e2y d\u1ef1ng. H\u1ecd cung c\u1ea5p d\u1ecbch v\u1ee5 t\u01b0 v\u1ea5n s\u1ea3n ph\u1ea9m chuy\u00ean nghi\u1ec7p v\u00e0 c\u00e1c \u0111\u1ec1 xu\u1ea5t mua h\u00e0ng th\u00f4ng minh, gi\u00fap kh\u00e1ch h\u00e0ng \u0111\u01b0a ra quy\u1ebft \u0111\u1ecbnh s\u00e1ng su\u1ed1t.<\/li>\n<li><strong>Ph\u00e2n ph\u1ed1i h\u1eadu c\u1ea7n hi\u1ec7u qu\u1ea3:<\/strong> Ch\u00fang t\u00f4i c\u00f3 h\u1ec7 th\u1ed1ng ph\u00e2n ph\u1ed1i h\u1eadu c\u1ea7n hi\u1ec7u qu\u1ea3, \u0111\u1ea3m b\u1ea3o kh\u00e1ch h\u00e0ng nh\u1eadn \u0111\u01b0\u1ee3c c\u00e1c ph\u1ee5 t\u00f9ng c\u1ea7n thi\u1ebft m\u1ed9t c\u00e1ch k\u1ecbp th\u1eddi v\u00e0 ch\u00ednh x\u00e1c. \u0110i\u1ec1u n\u00e0y cho ph\u00e9p gi\u1ea3m thi\u1ec3u th\u1eddi gian ng\u1eebng ho\u1ea1t \u0111\u1ed9ng v\u00e0 t\u1ed1i \u0111a h\u00f3a n\u0103ng su\u1ea5t.<\/li>\n<li><strong>D\u1ecbch v\u1ee5 \u0111\u00e1ng tin c\u1eady:<\/strong> Ch\u00fang t\u00f4i lu\u00f4n \u0111\u1eb7t s\u1ef1 h\u00e0i l\u00f2ng c\u1ee7a kh\u00e1ch h\u00e0ng l\u00ean h\u00e0ng \u0111\u1ea7u v\u00e0 n\u1ed7 l\u1ef1c cung c\u1ea5p d\u1ecbch v\u1ee5 xu\u1ea5t s\u1eafc. \u0110\u1ed9i ng\u0169 t\u1eadn t\u00e2m c\u1ee7a ch\u00fang t\u00f4i lu\u00f4n s\u1eb5n s\u00e0ng gi\u1ea3i \u0111\u00e1p m\u1ecdi th\u1eafc m\u1eafc ho\u1eb7c lo l\u1eafng, \u0111\u1ea3m b\u1ea3o tr\u1ea3i nghi\u1ec7m mua s\u1eafm su\u00f4n s\u1ebb v\u00e0 thu\u1eadn ti\u1ec7n cho kh\u00e1ch h\u00e0ng.<\/li>\n<li><strong>C\u1ea3i ti\u1ebfn li\u00ean t\u1ee5c:<\/strong> Ch\u00fang t\u00f4i cam k\u1ebft c\u1ea3i ti\u1ebfn li\u00ean t\u1ee5c v\u00e0 c\u1eadp nh\u1eadt nh\u1eefng ti\u1ebfn b\u1ed9 m\u1edbi nh\u1ea5t trong ng\u00e0nh. \u0110i\u1ec1u n\u00e0y cho ph\u00e9p ch\u00fang t\u00f4i cung c\u1ea5p c\u00e1c gi\u1ea3i ph\u00e1p s\u00e1ng t\u1ea1o v\u00e0 duy tr\u00ec v\u1ecb th\u1ebf l\u00e0 nh\u00e0 cung c\u1ea5p ph\u1ee5 t\u00f9ng m\u00e1y m\u00f3c x\u00e2y d\u1ef1ng v\u00e0 m\u00e1y m\u00f3c ho\u00e0n ch\u1ec9nh \u0111\u00e1ng tin c\u1eady.<\/li>\n<\/ol>\n<p><img decoding=\"async\" src=\"https:\/\/fmp-components.com\/wp-content\/uploads\/2024\/12\/Adjustable-Clevis-Type-Cylinders-6.webp\" alt=\"Xi lanh lo\u1ea1i Clevis c\u00f3 th\u1ec3 \u0111i\u1ec1u ch\u1ec9nh\" width=\"849\" title=\"\"><br \/>\nT\u00e1c gi\u1ea3: CX<\/p>","protected":false},"excerpt":{"rendered":"<p>Factory Direct Sale 10 Ton Dump Truck Hydraulic Cylinder Double Acting Hydraulic Cylinder is a top-of-the-line hydraulic cylinder designed for use in dump trucks. With its double-acting design, this cylinder can be used in a variety of applications, including lifting and lowering heavy loads, providing smooth and precise control in both directions. Crafted with precision [&hellip;]<\/p>","protected":false},"featured_media":1696,"comment_status":"closed","ping_status":"closed","template":"","meta":{"_et_pb_use_builder":"","_et_pb_old_content":"","_et_gb_content_width":""},"product_brand":[],"product_cat":[45],"product_tag":[34,48],"class_list":{"0":"post-1695","1":"product","2":"type-product","3":"status-publish","4":"has-post-thumbnail","6":"product_cat-inverted-telescopic-cylinder","7":"product_tag-hydraulic-cylinder","8":"product_tag-inverted-telescopic-cylinder","10":"first","11":"instock","12":"product-type-simple"},"_links":{"self":[{"href":"https:\/\/fmp-components.com\/vi\/wp-json\/wp\/v2\/product\/1695","targetHints":{"allow":["GET"]}}],"collection":[{"href":"https:\/\/fmp-components.com\/vi\/wp-json\/wp\/v2\/product"}],"about":[{"href":"https:\/\/fmp-components.com\/vi\/wp-json\/wp\/v2\/types\/product"}],"replies":[{"embeddable":true,"href":"https:\/\/fmp-components.com\/vi\/wp-json\/wp\/v2\/comments?post=1695"}],"wp:featuredmedia":[{"embeddable":true,"href":"https:\/\/fmp-components.com\/vi\/wp-json\/wp\/v2\/media\/1696"}],"wp:attachment":[{"href":"https:\/\/fmp-components.com\/vi\/wp-json\/wp\/v2\/media?parent=1695"}],"wp:term":[{"taxonomy":"product_brand","embeddable":true,"href":"https:\/\/fmp-components.com\/vi\/wp-json\/wp\/v2\/product_brand?post=1695"},{"taxonomy":"product_cat","embeddable":true,"href":"https:\/\/fmp-components.com\/vi\/wp-json\/wp\/v2\/product_cat?post=1695"},{"taxonomy":"product_tag","embeddable":true,"href":"https:\/\/fmp-components.com\/vi\/wp-json\/wp\/v2\/product_tag?post=1695"}],"curies":[{"name":"wp","href":"https:\/\/api.w.org\/{rel}","templated":true}]}}