{"id":1687,"date":"2024-12-23T07:01:59","date_gmt":"2024-12-23T07:01:59","guid":{"rendered":"https:\/\/fmp-components.com\/product\/high-quality-long-stroke-customized-hydraulic-cylinder-for-dump-truck\/"},"modified":"2025-03-18T01:49:37","modified_gmt":"2025-03-18T01:49:37","slug":"high-quality-long-stroke-customized-hydraulic-cylinder-for-dump-truck","status":"publish","type":"product","link":"https:\/\/fmp-components.com\/vi\/product\/high-quality-long-stroke-customized-hydraulic-cylinder-for-dump-truck\/","title":{"rendered":"Xi lanh th\u1ee7y l\u1ef1c t\u00f9y ch\u1ec9nh h\u00e0nh tr\u00ecnh d\u00e0i ch\u1ea5t l\u01b0\u1ee3ng cao cho xe ben"},"content":{"rendered":"<h2>Gi\u1edbi thi\u1ec7u Xi lanh th\u1ee7y l\u1ef1c t\u00f9y ch\u1ec9nh h\u00e0nh tr\u00ecnh d\u00e0i ch\u1ea5t l\u01b0\u1ee3ng cao d\u00e0nh cho xe ben:<\/h2>\n<p>Xi lanh th\u1ee7y l\u1ef1c t\u00f9y ch\u1ec9nh h\u00e0nh tr\u00ecnh d\u00e0i ch\u1ea5t l\u01b0\u1ee3ng cao \u0111\u01b0\u1ee3c thi\u1ebft k\u1ebf \u0111\u1eb7c bi\u1ec7t \u0111\u1ec3 \u0111\u00e1p \u1ee9ng nhu c\u1ea7u c\u1ee7a xe ben. Xi lanh th\u1ee7y l\u1ef1c n\u00e0y t\u1ef1 h\u00e0o c\u00f3 ch\u1ea5t l\u01b0\u1ee3ng v\u01b0\u1ee3t tr\u1ed9i v\u00e0 hi\u1ec7u su\u1ea5t v\u01b0\u1ee3t tr\u1ed9i, l\u00e0 l\u1ef1a ch\u1ecdn l\u00fd t\u01b0\u1edfng cho nhi\u1ec1u \u1ee9ng d\u1ee5ng h\u1ea1ng n\u1eb7ng.<\/p>\n<p>V\u1edbi thi\u1ebft k\u1ebf h\u00e0nh tr\u00ecnh d\u00e0i, xi lanh th\u1ee7y l\u1ef1c n\u00e0y cung c\u1ea5p ph\u1ea1m vi ho\u1ea1t \u0111\u1ed9ng r\u1ed9ng h\u01a1n v\u00e0 kh\u1ea3 n\u0103ng n\u00e2ng cao h\u01a1n, \u0111\u1ea3m b\u1ea3o ho\u1ea1t \u0111\u1ed9ng hi\u1ec7u qu\u1ea3 v\u00e0 \u0111\u00e1ng tin c\u1eady. N\u00f3 \u0111\u01b0\u1ee3c thi\u1ebft k\u1ebf \u0111\u1ec3 ch\u1ecbu \u0111\u01b0\u1ee3c \u00e1p su\u1ea5t cao v\u00e0 t\u1ea3i tr\u1ecdng n\u1eb7ng, mang l\u1ea1i \u0111\u1ed9 b\u1ec1n v\u00e0 tu\u1ed5i th\u1ecd cao trong \u0111i\u1ec1u ki\u1ec7n l\u00e0m vi\u1ec7c kh\u1eafc nghi\u1ec7t.<\/p>\n<p><img decoding=\"async\" src=\"https:\/\/hzpt.com\/wp-content\/uploads\/2023\/11\/Inverted-Telescopic-Cylinder-10.webp\" alt=\"\" title=\"\"><\/p>\n<p>C\u00e1c t\u00f9y ch\u1ecdn t\u00f9y ch\u1ec9nh c\u00f3 s\u1eb5n cho xi lanh th\u1ee7y l\u1ef1c n\u00e0y cho ph\u00e9p t\u1ea1o ra m\u1ed9t gi\u1ea3i ph\u00e1p ph\u00f9 h\u1ee3p v\u1edbi c\u00e1c y\u00eau c\u1ea7u c\u1ee5 th\u1ec3. T\u1eeb k\u00edch th\u01b0\u1edbc v\u00e0 chi\u1ec1u d\u00e0i h\u00e0nh tr\u00ecnh \u0111\u1ebfn ki\u1ec3u l\u1eafp \u0111\u1eb7t v\u00e0 kh\u1ea3 n\u0103ng ch\u1ecbu t\u1ea3i, m\u1ecdi kh\u00eda c\u1ea1nh \u0111\u1ec1u c\u00f3 th\u1ec3 \u0111\u01b0\u1ee3c t\u00f9y ch\u1ec9nh \u0111\u1ec3 \u0111\u1ea3m b\u1ea3o hi\u1ec7u su\u1ea5t t\u1ed1i \u01b0u v\u00e0 kh\u1ea3 n\u0103ng t\u01b0\u01a1ng th\u00edch v\u1edbi xe ben.<\/p>\n<p>\u0110\u01b0\u1ee3c ch\u1ebf t\u1ea1o v\u1edbi \u0111\u1ed9 ch\u00ednh x\u00e1c v\u00e0 chuy\u00ean m\u00f4n cao, xi lanh th\u1ee7y l\u1ef1c n\u00e0y \u0111\u1ea3m b\u1ea3o chuy\u1ec3n \u0111\u1ed9ng tr\u01a1n tru v\u00e0 ch\u00ednh x\u00e1c, g\u00f3p ph\u1ea7n n\u00e2ng cao n\u0103ng su\u1ea5t v\u00e0 hi\u1ec7u qu\u1ea3. C\u00f4ng ngh\u1ec7 l\u00e0m k\u00edn ti\u00ean ti\u1ebfn gi\u00fap gi\u1ea3m thi\u1ec3u r\u00f2 r\u1ec9 v\u00e0 \u0111\u1ea3m b\u1ea3o hi\u1ec7u su\u1ea5t t\u1ed1i \u0111a, ngay c\u1ea3 trong m\u00f4i tr\u01b0\u1eddng kh\u1eafc nghi\u1ec7t v\u00e0 \u0111\u1ea7y th\u1eed th\u00e1ch.<\/p>\n<p>Xi lanh th\u1ee7y l\u1ef1c t\u00f9y ch\u1ec9nh h\u00e0nh tr\u00ecnh d\u00e0i ch\u1ea5t l\u01b0\u1ee3ng cao d\u00e0nh cho xe ben l\u00e0 m\u1ed9t b\u1ed9 ph\u1eadn thi\u1ebft y\u1ebfu cho ho\u1ea1t \u0111\u1ed9ng tr\u01a1n tru v\u00e0 hi\u1ec7u qu\u1ea3 c\u1ee7a xe ben. V\u1edbi s\u1ee9c m\u1ea1nh, \u0111\u1ed9 b\u1ec1n v\u01b0\u1ee3t tr\u1ed9i v\u00e0 c\u00e1c t\u00f9y ch\u1ecdn t\u00f9y ch\u1ec9nh, s\u1ea3n ph\u1ea9m mang l\u1ea1i \u0111\u1ed9 tin c\u1eady v\u00e0 hi\u1ec7u su\u1ea5t v\u01b0\u1ee3t tr\u1ed9i so v\u1edbi c\u00e1c ti\u00eau chu\u1ea9n c\u00f4ng nghi\u1ec7p.<\/p>\n<p>Ch\u1ecdn Xi lanh th\u1ee7y l\u1ef1c t\u00f9y ch\u1ec9nh h\u00e0nh tr\u00ecnh d\u00e0i ch\u1ea5t l\u01b0\u1ee3ng cao cho xe ben v\u00e0 tr\u1ea3i nghi\u1ec7m n\u0103ng su\u1ea5t \u0111\u01b0\u1ee3c n\u00e2ng cao, hi\u1ec7u su\u1ea5t v\u01b0\u1ee3t tr\u1ed9i v\u00e0 \u0111\u1ed9 tin c\u1eady l\u00e2u d\u00e0i trong ho\u1ea1t \u0111\u1ed9ng xe ben c\u1ee7a b\u1ea1n.<\/p>\n<table style=\"width: 100%;\" border=\"1\" width=\"100%\" cellspacing=\"0\" cellpadding=\"0\">\n<tbody>\n<tr>\n<th>T\u00ean s\u1ea3n ph\u1ea9m<\/th>\n<td>Xi lanh th\u1ee7y l\u1ef1c t\u00f9y ch\u1ec9nh h\u00e0nh tr\u00ecnh d\u00e0i ch\u1ea5t l\u01b0\u1ee3ng cao<\/td>\n<\/tr>\n<tr>\n<th>T\u00ecnh tr\u1ea1ng<\/th>\n<td>M\u1edbi (2025)<\/td>\n<\/tr>\n<tr>\n<th>Ki\u1ec3u<\/th>\n<td>Xi lanh piston ti\u00eau chu\u1ea9n<\/td>\n<\/tr>\n<tr>\n<th>Ngu\u1ed3n \u0111i\u1ec7n<\/th>\n<td>Th\u1ee7y l\u1ef1c<\/td>\n<\/tr>\n<tr>\n<th>V\u1eadt li\u1ec7u<\/th>\n<td>Th\u00e9p ch\u1eafc ch\u1eafn<\/td>\n<\/tr>\n<tr>\n<th>L\u1ef1c \u0111\u1ea9y t\u1ed1i \u0111a<\/th>\n<td>3000<\/td>\n<\/tr>\n<tr>\n<th>L\u1ef1c k\u00e9o t\u1ed1i \u0111a<\/th>\n<td>20 t\u1ea5n<\/td>\n<\/tr>\n<tr>\n<th>C\u00e1c th\u00e0nh ph\u1ea7n c\u1ed1t l\u00f5i<\/th>\n<td>V\u00f2ng bi, xi lanh pitt\u00f4ng<\/td>\n<\/tr>\n<tr>\n<th>B\u1ea3o h\u00e0nh<\/th>\n<td>1 n\u0103m<\/td>\n<\/tr>\n<tr>\n<th>Thi\u1ebft k\u1ebf<\/th>\n<td>H\u00e0nh tr\u00ecnh d\u00e0i, t\u00f9y ch\u1ec9nh cho xe ben<\/td>\n<\/tr>\n<tr>\n<th>Hi\u1ec7u su\u1ea5t<\/th>\n<td>\u0110\u01b0\u1ee3c thi\u1ebft k\u1ebf cho kh\u1ed1i l\u01b0\u1ee3ng c\u00f4ng vi\u1ec7c n\u1eb7ng<\/td>\n<\/tr>\n<\/tbody>\n<\/table>\n<h2>\u0110\u1eb7c \u0111i\u1ec3m c\u1ee7a xi lanh th\u1ee7y l\u1ef1c h\u00e0nh tr\u00ecnh d\u00e0i<\/h2>\n<p><img decoding=\"async\" src=\"https:\/\/hzpt.com\/wp-content\/uploads\/2023\/11\/Inverted-Telescopic-Cylinder-13.webp\" alt=\"\" title=\"\"><\/p>\n<ol>\n<li><strong>C\u1ea5u tr\u00fac chu\u1ea9n:<\/strong> Xi lanh th\u1ee7y l\u1ef1c c\u00f3 c\u1ea5u tr\u00fac xi lanh piston ti\u00eau chu\u1ea9n, mang l\u1ea1i hi\u1ec7u su\u1ea5t hi\u1ec7u qu\u1ea3.<\/li>\n<li><strong>C\u00f4ng su\u1ea5t cao:<\/strong> M\u00e1y c\u00f3 l\u1ef1c \u0111\u1ea9y t\u1ed1i \u0111a l\u00e0 3000 v\u00e0 l\u1ef1c k\u00e9o t\u1ed1i \u0111a l\u00e0 20 t\u1ea5n, \u0111\u1ea3m b\u1ea3o hi\u1ec7u su\u1ea5t t\u1ed1i \u01b0u cho c\u00e1c nhi\u1ec7m v\u1ee5 n\u1eb7ng nh\u1ecdc.<\/li>\n<li><strong>Ch\u1ea5t li\u1ec7u ch\u1ea5t l\u01b0\u1ee3ng:<\/strong> \u0110\u01b0\u1ee3c l\u00e0m b\u1eb1ng th\u00e9p b\u1ec1n, xi lanh th\u1ee7y l\u1ef1c \u0111\u1ea3m b\u1ea3o \u0111\u1ed9 b\u1ec1n v\u00e0 ch\u1eafc ch\u1eafn l\u00e2u d\u00e0i.<\/li>\n<li><strong>C\u00e1c th\u00e0nh ph\u1ea7n c\u1ed1t l\u00f5i:<\/strong> C\u00e1c th\u00e0nh ph\u1ea7n c\u1ed1t l\u00f5i, \u1ed5 tr\u1ee5c v\u00e0 xi lanh p\u00edt-t\u00f4ng \u0111\u01b0\u1ee3c b\u1ea3o h\u00e0nh m\u1ed9t n\u0103m.<\/li>\n<li><strong>Kh\u1ea3 n\u0103ng t\u00f9y ch\u1ec9nh:<\/strong> Xi lanh c\u00f3 th\u1ec3 t\u00f9y ch\u1ec9nh v\u1ec1 k\u00edch th\u01b0\u1edbc l\u1ed7, k\u00edch th\u01b0\u1edbc thanh, k\u00edch th\u01b0\u1edbc h\u00e0nh tr\u00ecnh, k\u00edch th\u01b0\u1edbc ch\u1ed1t, c\u1ed5ng v\u00e0 m\u00e0u s\u1eafc.<\/li>\n<\/ol>\n<h2>\u1ee8ng d\u1ee5ng c\u1ee7a xi lanh th\u1ee7y l\u1ef1c h\u00e0nh tr\u00ecnh d\u00e0i<\/h2>\n<p>Xi lanh th\u1ee7y l\u1ef1c n\u00e0y ho\u00e0n to\u00e0n ph\u00f9 h\u1ee3p v\u1edbi c\u00e1c ng\u00e0nh c\u00f4ng nghi\u1ec7p nh\u01b0:<\/p>\n<ol>\n<li><strong>Nh\u00e0 m\u00e1y s\u1ea3n xu\u1ea5t:<\/strong> L\u00fd t\u01b0\u1edfng cho nhi\u1ec1u lo\u1ea1i m\u00e1y m\u00f3c v\u00e0 thi\u1ebft b\u1ecb trong nh\u00e0 m\u00e1y s\u1ea3n xu\u1ea5t.<\/li>\n<li><strong>C\u1eeda h\u00e0ng s\u1eeda ch\u1eefa m\u00e1y m\u00f3c:<\/strong> C\u00f3 th\u1ec3 d\u00f9ng l\u00e0m ph\u1ee5 t\u00f9ng thay th\u1ebf \u0111\u00e1ng tin c\u1eady trong c\u00e1c x\u01b0\u1edfng s\u1eeda ch\u1eefa m\u00e1y m\u00f3c.<\/li>\n<li><strong>Trang tr\u1ea1i:<\/strong> Ph\u00f9 h\u1ee3p v\u1edbi m\u00e1y m\u00f3c v\u00e0 thi\u1ebft b\u1ecb n\u00f4ng nghi\u1ec7p h\u1ea1ng n\u1eb7ng.<\/li>\n<li><strong>N\u0103ng l\u01b0\u1ee3ng v\u00e0 Khai kho\u00e1ng:<\/strong> \u00c1p d\u1ee5ng cho m\u00e1y m\u00f3c s\u1eed d\u1ee5ng trong ng\u00e0nh n\u0103ng l\u01b0\u1ee3ng v\u00e0 khai th\u00e1c m\u1ecf.<\/li>\n<li><strong>S\u1ea3n xu\u1ea5t m\u00e1y m\u00f3c:<\/strong> C\u00f3 th\u1ec3 s\u1eed d\u1ee5ng trong nhi\u1ec1u quy tr\u00ecnh s\u1ea3n xu\u1ea5t m\u00e1y m\u00f3c kh\u00e1c nhau.<\/li>\n<\/ol>\n<p><img decoding=\"async\" src=\"https:\/\/hzpt.com\/wp-content\/uploads\/2023\/11\/Inverted-Telescopic-Cylinder-Applications.webp\" alt=\"\u1ee8ng d\u1ee5ng c\u1ee7a xi lanh \u1ed1ng l\u1ed3ng ng\u01b0\u1ee3c\" title=\"\"><\/p>\n<h2>Nguy\u00ean l\u00fd ho\u1ea1t \u0111\u1ed9ng v\u00e0 b\u1ea3o d\u01b0\u1ee1ng xi lanh th\u1ee7y l\u1ef1c<\/h2>\n<p>Nguy\u00ean l\u00fd ho\u1ea1t \u0111\u1ed9ng c\u1ee7a xi lanh th\u1ee7y l\u1ef1c bao g\u1ed3m ba y\u1ebfu t\u1ed1 ch\u00ednh: C\u1ea5u h\u00ecnh, L\u01b0u l\u01b0\u1ee3ng th\u1ee7y l\u1ef1c \u0111\u1ea7u v\u00e0o v\u00e0 L\u1ef1c \u0111\u1ea7u ra. V\u1ec1 m\u1eb7t b\u1ea3o tr\u00ec, vi\u1ec7c ki\u1ec3m tra, v\u1ec7 sinh, b\u00f4i tr\u01a1n v\u00e0 s\u1eeda ch\u1eefa th\u01b0\u1eddng xuy\u00ean l\u00e0 r\u1ea5t quan tr\u1ecdng. Vi\u1ec7c thay th\u1ebf ph\u1edbt n\u00ean \u0111\u01b0\u1ee3c th\u1ef1c hi\u1ec7n theo h\u01b0\u1edbng d\u1eabn trong s\u00e1ch h\u01b0\u1edbng d\u1eabn s\u1eed d\u1ee5ng.<\/p>\n<h2>H\u00ecnh tr\u1ee5 \u1ed1ng l\u1ed3ng ng\u01b0\u1ee3c<\/h2>\n<p>Xi lanh th\u1ee7y l\u1ef1c d\u1ea1ng \u1ed1ng l\u1ed3ng ng\u01b0\u1ee3c, ch\u1ea5t l\u01b0\u1ee3ng cao, t\u00f9y ch\u1ec9nh h\u00e0nh tr\u00ecnh d\u00e0i d\u00e0nh cho xe ben, l\u00e0 m\u1ed9t xi lanh th\u1ee7y l\u1ef1c ti\u00ean ti\u1ebfn \u0111\u01b0\u1ee3c thi\u1ebft k\u1ebf cho xe ben hi\u1ec7n \u0111\u1ea1i. Lo\u1ea1i xi lanh th\u1ee7y l\u1ef1c n\u00e0y bao g\u1ed3m nhi\u1ec1u t\u1ea7ng l\u1ed3ng nhau, c\u00f3 th\u1ec3 k\u00e9o d\u00e0i ra ngo\u00e0i khi xi lanh \u0111\u01b0\u1ee3c k\u00e9o d\u00e0i ra. Vi\u1ec7c \u0111\u1ea3o ng\u01b0\u1ee3c c\u00e1c t\u1ea7ng cho ph\u00e9p h\u00e0nh tr\u00ecnh d\u00e0i h\u01a1n v\u00e0 chi\u1ec1u d\u00e0i thu v\u00e0o nh\u1ecf h\u01a1n, gi\u00fap thi\u1ebft k\u1ebf xi lanh th\u1ee7y l\u1ef1c hi\u1ec7u qu\u1ea3 h\u01a1n.<\/p>\n<h3>\u01afu \u0111i\u1ec3m c\u1ee7a xi lanh \u1ed1ng l\u1ed3ng ng\u01b0\u1ee3c<\/h3>\n<ul>\n<li><strong>\u0110\u01b0\u1eddng bay d\u00e0i h\u01a1n:<\/strong> Xi lanh \u1ed1ng l\u1ed3ng ng\u01b0\u1ee3c cung c\u1ea5p h\u00e0nh tr\u00ecnh d\u00e0i h\u01a1n so v\u1edbi xi lanh th\u1ee7y l\u1ef1c th\u00f4ng th\u01b0\u1eddng do c\u00e1c t\u1ea7ng l\u1ed3ng nhau c\u00f3 th\u1ec3 k\u00e9o d\u00e0i ra ngo\u00e0i.<\/li>\n<li><strong>Chi\u1ec1u d\u00e0i thu l\u1ea1i nh\u1ecf h\u01a1n:<\/strong> Thi\u1ebft k\u1ebf c\u1ee7a xi lanh \u1ed1ng l\u1ed3ng ng\u01b0\u1ee3c cho ph\u00e9p thu v\u00e0o chi\u1ec1u d\u00e0i nh\u1ecf h\u01a1n, l\u00fd t\u01b0\u1edfng cho c\u00e1c xe t\u1ea3i \u0111\u1ed5 hi\u1ec7n \u0111\u1ea1i c\u1ea7n thi\u1ebft k\u1ebf nh\u1ecf g\u1ecdn.<\/li>\n<li><strong>Hi\u1ec7u qu\u1ea3 \u0111\u01b0\u1ee3c c\u1ea3i thi\u1ec7n:<\/strong> C\u00e1c t\u1ea7ng l\u1ed3ng nhau c\u1ee7a xi lanh \u1ed1ng l\u1ed3ng ng\u01b0\u1ee3c t\u1ea1o ra thi\u1ebft k\u1ebf hi\u1ec7u qu\u1ea3 h\u01a1n v\u00ec xi lanh c\u00f3 th\u1ec3 m\u1edf r\u1ed9ng h\u01a1n m\u00e0 kh\u00f4ng l\u00e0m gi\u1ea3m \u0111\u1ed9 b\u1ec1n ho\u1eb7c \u0111\u1ed9 \u1ed5n \u0111\u1ecbnh.<\/li>\n<li><strong>Kh\u1ea3 n\u0103ng ch\u1ecbu t\u1ea3i cao h\u01a1n:<\/strong> Xi lanh \u1ed1ng l\u1ed3ng ng\u01b0\u1ee3c c\u00f3 th\u1ec3 ch\u1ecbu \u0111\u01b0\u1ee3c t\u1ea3i tr\u1ecdng cao h\u01a1n nh\u1edd thi\u1ebft k\u1ebf ti\u00ean ti\u1ebfn, r\u1ea5t l\u00fd t\u01b0\u1edfng cho xe t\u1ea3i ben h\u1ea1ng n\u1eb7ng c\u1ea7n t\u1ea3i tr\u1ecdng cao h\u01a1n.<\/li>\n<li><strong>C\u00f3 th\u1ec3 t\u00f9y ch\u1ec9nh:<\/strong> Xi lanh \u1ed1ng l\u1ed3ng ng\u01b0\u1ee3c c\u00f3 th\u1ec3 \u0111\u01b0\u1ee3c t\u00f9y ch\u1ec9nh \u0111\u1ec3 \u0111\u00e1p \u1ee9ng nhu c\u1ea7u c\u1ee5 th\u1ec3 c\u1ee7a xe ben, khi\u1ebfn n\u00f3 tr\u1edf th\u00e0nh gi\u1ea3i ph\u00e1p xi lanh th\u1ee7y l\u1ef1c linh ho\u1ea1t v\u00e0 thi\u1ebft th\u1ef1c.<\/li>\n<\/ul>\n<h3>\u1ee8ng d\u1ee5ng c\u1ee7a xi lanh \u1ed1ng l\u1ed3ng ng\u01b0\u1ee3c<\/h3>\n<p>Xy lanh \u1ed1ng l\u1ed3ng ng\u01b0\u1ee3c th\u01b0\u1eddng \u0111\u01b0\u1ee3c s\u1eed d\u1ee5ng trong xe ben y\u00eau c\u1ea7u xi lanh th\u1ee7y l\u1ef1c h\u00e0nh tr\u00ecnh d\u00e0i v\u1edbi chi\u1ec1u d\u00e0i thu v\u00e0o nh\u1ecf h\u01a1n. Xi lanh n\u00e0y c\u00f3 th\u1ec3 \u0111\u01b0\u1ee3c t\u00ecm th\u1ea5y trong nhi\u1ec1u m\u1eabu xe ben kh\u00e1c nhau, bao g\u1ed3m xe ben \u0111\u1ed5 sau, \u0111\u1ed5 b\u00ean h\u00f4ng v\u00e0 \u0111\u1ed5 \u0111\u00e1y. Ngo\u00e0i ra, xi lanh \u1ed1ng l\u1ed3ng ng\u01b0\u1ee3c c\u00f3 th\u1ec3 \u0111\u01b0\u1ee3c s\u1eed d\u1ee5ng trong c\u00e1c \u1ee9ng d\u1ee5ng h\u1ea1ng n\u1eb7ng kh\u00e1c y\u00eau c\u1ea7u t\u1ea3i tr\u1ecdng cao v\u00e0 xi lanh th\u1ee7y l\u1ef1c h\u00e0nh tr\u00ecnh d\u00e0i.<\/p>\n<p>Xi lanh th\u1ee7y l\u1ef1c d\u1ea1ng \u1ed1ng l\u1ed3ng ng\u01b0\u1ee3c l\u00e0 thi\u1ebft k\u1ebf xi lanh th\u1ee7y l\u1ef1c ti\u00ean ti\u1ebfn, cung c\u1ea5p h\u00e0nh tr\u00ecnh d\u00e0i h\u01a1n v\u00e0 chi\u1ec1u d\u00e0i thu l\u1ea1i nh\u1ecf h\u01a1n so v\u1edbi xi lanh th\u1ee7y l\u1ef1c truy\u1ec1n th\u1ed1ng. Thi\u1ebft k\u1ebf ti\u00ean ti\u1ebfn n\u00e0y c\u0169ng cho ph\u00e9p t\u1ea3i tr\u1ecdng cao h\u01a1n v\u00e0 hi\u1ec7u su\u1ea5t \u0111\u01b0\u1ee3c c\u1ea3i thi\u1ec7n, bi\u1ebfn n\u00f3 th\u00e0nh gi\u1ea3i ph\u00e1p xi lanh th\u1ee7y l\u1ef1c ho\u00e0n h\u1ea3o cho xe ben hi\u1ec7n \u0111\u1ea1i v\u00e0 c\u00e1c \u1ee9ng d\u1ee5ng h\u1ea1ng n\u1eb7ng kh\u00e1c. V\u1edbi c\u00e1c t\u00f9y ch\u1ecdn t\u00f9y ch\u1ec9nh, xi lanh th\u1ee7y l\u1ef1c d\u1ea1ng \u1ed1ng l\u1ed3ng ng\u01b0\u1ee3c l\u00e0 m\u1ed9t l\u1ef1a ch\u1ecdn linh ho\u1ea1t v\u00e0 thi\u1ebft th\u1ef1c cho b\u1ea5t k\u1ef3 ai \u0111ang t\u00ecm ki\u1ebfm m\u1ed9t gi\u1ea3i ph\u00e1p xi lanh th\u1ee7y l\u1ef1c ch\u1ea5t l\u01b0\u1ee3ng cao.<\/p>\n<h3>Gi\u1edbi thi\u1ec7u v\u1ec1 FMP<\/h3>\n<p>T\u1ea1i FMP, ch\u00fang t\u00f4i chuy\u00ean b\u00e1n v\u00e0 b\u1ea3o d\u01b0\u1ee1ng ph\u1ee5 t\u00f9ng m\u00e1y m\u00f3c x\u00e2y d\u1ef1ng v\u00e0 m\u00e1y m\u00f3c ho\u00e0n ch\u1ec9nh. Danh m\u1ee5c s\u1ea3n ph\u1ea9m c\u1ee7a ch\u00fang t\u00f4i r\u1ea5t \u0111a d\u1ea1ng, bao g\u1ed3m nhi\u1ec1u lo\u1ea1i m\u00e1y m\u00f3c x\u00e2y d\u1ef1ng nh\u01b0 h\u1ed9p s\u1ed1 m\u00e1y n\u00f4ng nghi\u1ec7p, xi lanh th\u1ee7y l\u1ef1c, h\u1ed9p s\u1ed1 h\u00e0nh tinh, h\u1ed9p s\u1ed1 c\u00f4ng nghi\u1ec7p, ph\u1ee5 t\u00f9ng m\u00e1y n\u00f4ng nghi\u1ec7p, c\u00f9ng h\u00e0ng lo\u1ea1t ph\u1ee5 ki\u1ec7n cao c\u1ea5p \u0111i k\u00e8m. M\u1ed9t trong nh\u1eefng s\u1ea3n ph\u1ea9m ph\u1ed5 bi\u1ebfn nh\u1ea5t c\u1ee7a ch\u00fang t\u00f4i l\u00e0 xi lanh th\u1ee7y l\u1ef1c.<\/p>\n<p>Sau \u0111\u00e2y l\u00e0 n\u0103m l\u00fd do t\u1ea1i sao Xi lanh th\u1ee7y l\u1ef1c c\u1ee7a FMP l\u00e0 l\u1ef1a ch\u1ecdn t\u1ed1t nh\u1ea5t cho m\u00e1y m\u00f3c c\u1ee7a b\u1ea1n:<\/p>\n<p>1. V\u1eadt li\u1ec7u ch\u1ea5t l\u01b0\u1ee3ng cao: Xi lanh th\u1ee7y l\u1ef1c c\u1ee7a ch\u00fang t\u00f4i \u0111\u01b0\u1ee3c s\u1ea3n xu\u1ea5t b\u1eb1ng v\u1eadt li\u1ec7u ch\u1ea5t l\u01b0\u1ee3ng cao, \u0111\u1ea3m b\u1ea3o \u0111\u1ed9 b\u1ec1n v\u00e0 \u0111\u1ed9 tin c\u1eady.<\/p>\n<p>2. Thi\u1ebft k\u1ebf c\u00f3 th\u1ec3 t\u00f9y ch\u1ec9nh: Ch\u00fang t\u00f4i cung c\u1ea5p c\u00e1c xi lanh lo\u1ea1i ch\u1ed1t c\u00f3 th\u1ec3 \u0111i\u1ec1u ch\u1ec9nh d\u1ec5 d\u00e0ng \u0111\u1ec3 \u0111\u00e1p \u1ee9ng nhu c\u1ea7u v\u00e0 y\u00eau c\u1ea7u c\u1ee5 th\u1ec3 c\u1ee7a b\u1ea1n.<\/p>\n<p>3. \u0110\u1ed9i ng\u0169 chuy\u00ean nghi\u1ec7p: \u0110\u1ed9i ng\u0169 b\u00e1n h\u00e0ng gi\u00e0u kinh nghi\u1ec7m v\u00e0 k\u1ef9 n\u0103ng c\u1ee7a ch\u00fang t\u00f4i c\u00f3 hi\u1ec3u bi\u1ebft v\u1ec1 ng\u00e0nh m\u00e1y m\u00f3c x\u00e2y d\u1ef1ng v\u00e0 c\u00f3 th\u1ec3 cung c\u1ea5p t\u01b0 v\u1ea5n s\u1ea3n ph\u1ea9m chuy\u00ean nghi\u1ec7p v\u00e0 \u0111\u1ec1 xu\u1ea5t mua h\u00e0ng th\u00f4ng minh.<\/p>\n<p>4. Ti\u00eau chu\u1ea9n ch\u1ea5t l\u01b0\u1ee3ng nghi\u00eam ng\u1eb7t: B\u1eb1ng c\u00e1ch thi\u1ebft l\u1eadp m\u1ed1i quan h\u1ec7 h\u1ee3p t\u00e1c l\u00e2u d\u00e0i v\u00e0 \u1ed5n \u0111\u1ecbnh v\u1edbi nhi\u1ec1u nh\u00e0 cung c\u1ea5p ch\u1ea5t l\u01b0\u1ee3ng cao trong v\u00e0 ngo\u00e0i n\u01b0\u1edbc, ch\u00fang t\u00f4i \u0111\u1ea3m b\u1ea3o r\u1eb1ng t\u1ea5t c\u1ea3 c\u00e1c b\u1ed9 ph\u1eadn \u0111\u01b0\u1ee3c cung c\u1ea5p \u0111\u1ec1u \u0111\u00e1p \u1ee9ng c\u00e1c ti\u00eau chu\u1ea9n ch\u1ea5t l\u01b0\u1ee3ng nghi\u00eam ng\u1eb7t.<\/p>\n<p>5. H\u1ec7 th\u1ed1ng ph\u00e2n ph\u1ed1i h\u1eadu c\u1ea7n hi\u1ec7u qu\u1ea3: Ch\u00fang t\u00f4i c\u00f3 h\u1ec7 th\u1ed1ng ph\u00e2n ph\u1ed1i h\u1eadu c\u1ea7n hi\u1ec7u qu\u1ea3 \u0111\u1ec3 \u0111\u1ea3m b\u1ea3o kh\u00e1ch h\u00e0ng nh\u1eadn \u0111\u01b0\u1ee3c c\u00e1c b\u1ed9 ph\u1eadn c\u1ea7n thi\u1ebft m\u1ed9t c\u00e1ch k\u1ecbp th\u1eddi v\u00e0 ch\u00ednh x\u00e1c.<\/p>\n<p>Xi lanh th\u1ee7y l\u1ef1c c\u1ee7a ch\u00fang t\u00f4i ho\u00e0n h\u1ea3o cho nhi\u1ec1u \u1ee9ng d\u1ee5ng, bao g\u1ed3m m\u00e1y m\u00f3c n\u00f4ng nghi\u1ec7p, m\u00e1y m\u00f3c x\u00e2y d\u1ef1ng v\u00e0 m\u00e1y m\u00f3c c\u00f4ng nghi\u1ec7p. V\u1edbi FMP, b\u1ea1n c\u00f3 th\u1ec3 tin t\u01b0\u1edfng r\u1eb1ng m\u00ecnh s\u1ebd nh\u1eadn \u0111\u01b0\u1ee3c nh\u1eefng s\u1ea3n ph\u1ea9m v\u00e0 d\u1ecbch v\u1ee5 ch\u1ea5t l\u01b0\u1ee3ng t\u1ed1t nh\u1ea5t, \u0111\u01b0\u1ee3c h\u1ed7 tr\u1ee3 b\u1edfi nhi\u1ec1u n\u0103m kinh nghi\u1ec7m trong ng\u00e0nh v\u00e0 \u0111\u1ed9i ng\u0169 chuy\u00ean nghi\u1ec7p. H\u00e3y t\u1ef1 m\u00ecnh kh\u00e1m ph\u00e1 l\u00fd do t\u1ea1i sao FMP l\u00e0 l\u1ef1a ch\u1ecdn h\u00e0ng \u0111\u1ea7u cho c\u00e1c ph\u1ee5 t\u00f9ng m\u00e1y m\u00f3c x\u00e2y d\u1ef1ng v\u00e0 gi\u1ea3i ph\u00e1p m\u00e1y m\u00f3c to\u00e0n di\u1ec7n.<\/p>\n<p><img decoding=\"async\" src=\"https:\/\/fmp-components.com\/wp-content\/uploads\/2024\/12\/Adjustable-Clevis-Type-Cylinders-6.webp\" alt=\"Xi lanh lo\u1ea1i Clevis c\u00f3 th\u1ec3 \u0111i\u1ec1u ch\u1ec9nh\" width=\"845\" title=\"\"><br \/>\nT\u00e1c gi\u1ea3: CX<\/p>","protected":false},"excerpt":{"rendered":"<p>Introducing High Quality Long Stroke Customized Hydraulic Cylinder for dump truck: The High Quality Long Stroke Customized Hydraulic Cylinder is specifically designed to meet the needs of dump trucks. This hydraulic cylinder boasts superior quality and exceptional performance, making it an ideal choice for various heavy-duty applications. With a long stroke design, this hydraulic cylinder [&hellip;]<\/p>","protected":false},"featured_media":1688,"comment_status":"closed","ping_status":"closed","template":"","meta":{"_et_pb_use_builder":"","_et_pb_old_content":"","_et_gb_content_width":""},"product_brand":[],"product_cat":[45],"product_tag":[34,48],"class_list":{"0":"post-1687","1":"product","2":"type-product","3":"status-publish","4":"has-post-thumbnail","6":"product_cat-inverted-telescopic-cylinder","7":"product_tag-hydraulic-cylinder","8":"product_tag-inverted-telescopic-cylinder","10":"first","11":"instock","12":"product-type-simple"},"_links":{"self":[{"href":"https:\/\/fmp-components.com\/vi\/wp-json\/wp\/v2\/product\/1687","targetHints":{"allow":["GET"]}}],"collection":[{"href":"https:\/\/fmp-components.com\/vi\/wp-json\/wp\/v2\/product"}],"about":[{"href":"https:\/\/fmp-components.com\/vi\/wp-json\/wp\/v2\/types\/product"}],"replies":[{"embeddable":true,"href":"https:\/\/fmp-components.com\/vi\/wp-json\/wp\/v2\/comments?post=1687"}],"wp:featuredmedia":[{"embeddable":true,"href":"https:\/\/fmp-components.com\/vi\/wp-json\/wp\/v2\/media\/1688"}],"wp:attachment":[{"href":"https:\/\/fmp-components.com\/vi\/wp-json\/wp\/v2\/media?parent=1687"}],"wp:term":[{"taxonomy":"product_brand","embeddable":true,"href":"https:\/\/fmp-components.com\/vi\/wp-json\/wp\/v2\/product_brand?post=1687"},{"taxonomy":"product_cat","embeddable":true,"href":"https:\/\/fmp-components.com\/vi\/wp-json\/wp\/v2\/product_cat?post=1687"},{"taxonomy":"product_tag","embeddable":true,"href":"https:\/\/fmp-components.com\/vi\/wp-json\/wp\/v2\/product_tag?post=1687"}],"curies":[{"name":"wp","href":"https:\/\/api.w.org\/{rel}","templated":true}]}}