{"id":1685,"date":"2024-12-23T07:01:59","date_gmt":"2024-12-23T07:01:59","guid":{"rendered":"https:\/\/fmp-components.com\/product\/hot-sale-dump-truck-hydraulic-cylinder-customized-hydraulic-cylinder\/"},"modified":"2025-03-11T06:05:38","modified_gmt":"2025-03-11T06:05:38","slug":"hot-sale-dump-truck-hydraulic-cylinder-customized-hydraulic-cylinder","status":"publish","type":"product","link":"https:\/\/fmp-components.com\/vi\/product\/hot-sale-dump-truck-hydraulic-cylinder-customized-hydraulic-cylinder\/","title":{"rendered":"Xi lanh th\u1ee7y l\u1ef1c xe ben b\u00e1n ch\u1ea1y Xi lanh th\u1ee7y l\u1ef1c t\u00f9y ch\u1ec9nh"},"content":{"rendered":"<h2>Gi\u1edbi thi\u1ec7u Xi lanh th\u1ee7y l\u1ef1c xe ben b\u00e1n ch\u1ea1y nh\u1ea5t, Xi lanh th\u1ee7y l\u1ef1c t\u00f9y ch\u1ec9nh:<\/h2>\n<p>Xi lanh th\u1ee7y l\u1ef1c xe ben b\u00e1n ch\u1ea1y l\u00e0 lo\u1ea1i xi lanh th\u1ee7y l\u1ef1c c\u00f3 \u0111\u1ed9 tin c\u1eady v\u00e0 hi\u1ec7u qu\u1ea3 cao, \u0111\u01b0\u1ee3c thi\u1ebft k\u1ebf \u0111\u1eb7c bi\u1ec7t cho xe ben. V\u1edbi c\u00e1c t\u00ednh n\u0103ng t\u00f9y ch\u1ec9nh v\u00e0 hi\u1ec7u su\u1ea5t v\u01b0\u1ee3t tr\u1ed9i, \u0111\u00e2y l\u00e0 gi\u1ea3i ph\u00e1p ho\u00e0n h\u1ea3o cho m\u1ecdi nhu c\u1ea7u th\u1ee7y l\u1ef1c c\u1ee7a b\u1ea1n.<\/p>\n<p>Xi lanh th\u1ee7y l\u1ef1c n\u00e0y \u0111\u01b0\u1ee3c ch\u1ebf t\u1ea1o t\u1ec9 m\u1ec9 b\u1eb1ng v\u1eadt li\u1ec7u ch\u1ea5t l\u01b0\u1ee3ng cao v\u00e0 c\u00f4ng ngh\u1ec7 ti\u00ean ti\u1ebfn, \u0111\u1ea3m b\u1ea3o \u0111\u1ed9 b\u1ec1n v\u00e0 tu\u1ed5i th\u1ecd cao. N\u00f3 \u0111\u01b0\u1ee3c thi\u1ebft k\u1ebf \u0111\u1ec3 ch\u1ecbu \u0111\u01b0\u1ee3c t\u1ea3i tr\u1ecdng n\u1eb7ng v\u00e0 \u0111i\u1ec1u ki\u1ec7n l\u00e0m vi\u1ec7c kh\u1eafc nghi\u1ec7t, tr\u1edf th\u00e0nh l\u1ef1a ch\u1ecdn l\u00fd t\u01b0\u1edfng cho xe t\u1ea3i t\u1ef1 \u0111\u1ed5 \u0111\u01b0\u1ee3c s\u1eed d\u1ee5ng trong ng\u00e0nh x\u00e2y d\u1ef1ng, khai th\u00e1c m\u1ecf v\u00e0 v\u1eadn t\u1ea3i.<\/p>\n<p>Xi lanh th\u1ee7y l\u1ef1c xe ben b\u00e1n ch\u1ea1y nh\u1ea5t mang l\u1ea1i kh\u1ea3 n\u0103ng n\u00e2ng t\u1ea3i v\u01b0\u1ee3t tr\u1ed9i, cho ph\u00e9p \u0111\u1ed5 v\u1eadt li\u1ec7u d\u1ec5 d\u00e0ng. H\u1ec7 th\u1ed1ng \u0111i\u1ec1u khi\u1ec3n ch\u00ednh x\u00e1c \u0111\u1ea3m b\u1ea3o chuy\u1ec3n \u0111\u1ed9ng m\u01b0\u1ee3t m\u00e0 v\u00e0 ch\u00ednh x\u00e1c, n\u00e2ng cao hi\u1ec7u qu\u1ea3 ho\u1ea1t \u0111\u1ed9ng t\u1ed5ng th\u1ec3 c\u1ee7a xe ben.<\/p>\n<p><img decoding=\"async\" src=\"https:\/\/hzpt.com\/wp-content\/uploads\/2023\/11\/Inverted-Telescopic-Cylinder-2.webp\" alt=\"\" title=\"\"><\/p>\n<p>M\u1ed9t trong nh\u1eefng t\u00ednh n\u0103ng n\u1ed5i b\u1eadt c\u1ee7a xi lanh th\u1ee7y l\u1ef1c n\u00e0y l\u00e0 c\u00e1c t\u00f9y ch\u1ecdn t\u00f9y ch\u1ec9nh. N\u00f3 c\u00f3 th\u1ec3 \u0111\u01b0\u1ee3c ch\u1ebf t\u1ea1o ri\u00eang \u0111\u1ec3 \u0111\u00e1p \u1ee9ng c\u00e1c y\u00eau c\u1ea7u c\u1ee5 th\u1ec3 c\u1ee7a xe t\u1ea3i t\u1ef1 \u0111\u1ed5 c\u1ee7a b\u1ea1n, \u0111\u1ea3m b\u1ea3o s\u1ef1 ph\u00f9 h\u1ee3p ho\u00e0n h\u1ea3o v\u00e0 hi\u1ec7u su\u1ea5t t\u1ed1i \u01b0u. Cho d\u00f9 b\u1ea1n c\u1ea7n chi\u1ec1u d\u00e0i h\u00e0nh tr\u00ecnh, ki\u1ec3u l\u1eafp \u0111\u1eb7t ho\u1eb7c \u0111\u1ecbnh m\u1ee9c \u00e1p su\u1ea5t c\u1ee5 th\u1ec3, xi lanh th\u1ee7y l\u1ef1c n\u00e0y \u0111\u1ec1u c\u00f3 th\u1ec3 \u0111\u01b0\u1ee3c t\u00f9y ch\u1ec9nh theo y\u00eau c\u1ea7u.<\/p>\n<p>H\u01a1n n\u1eefa, xi lanh th\u1ee7y l\u1ef1c xe ben b\u00e1n ch\u1ea1y n\u00e0y r\u1ea5t d\u1ec5 l\u1eafp \u0111\u1eb7t v\u00e0 b\u1ea3o tr\u00ec. N\u00f3 \u0111i k\u00e8m v\u1edbi h\u01b0\u1edbng d\u1eabn s\u1eed d\u1ee5ng d\u1ec5 hi\u1ec3u v\u00e0 y\u00eau c\u1ea7u th\u1eddi gian ng\u1eebng ho\u1ea1t \u0111\u1ed9ng t\u1ed1i thi\u1ec3u \u0111\u1ec3 b\u1ea3o tr\u00ec, g\u00f3p ph\u1ea7n t\u0103ng n\u0103ng su\u1ea5t v\u00e0 gi\u1ea3m chi ph\u00ed v\u1eadn h\u00e0nh.<\/p>\n<table style=\"width: 100%;\" border=\"1\" width=\"100%\" cellspacing=\"0\" cellpadding=\"0\">\n<tbody>\n<tr>\n<th>T\u00ean s\u1ea3n ph\u1ea9m<\/th>\n<td>Xi lanh th\u1ee7y l\u1ef1c xe ben b\u00e1n ch\u1ea1y<\/td>\n<\/tr>\n<tr>\n<th>T\u00ecnh tr\u1ea1ng<\/th>\n<td>M\u1edbi<\/td>\n<\/tr>\n<tr>\n<th>B\u1ea3o h\u00e0nh<\/th>\n<td>1 n\u0103m<\/td>\n<\/tr>\n<tr>\n<th>C\u00e2n n\u1eb7ng (KG)<\/th>\n<td>48<\/td>\n<\/tr>\n<tr>\n<th>L\u1ef1c \u0111\u1ea9y t\u1ed1i \u0111a<\/th>\n<td>3000<\/td>\n<\/tr>\n<tr>\n<th>L\u1ef1c k\u00e9o t\u1ed1i \u0111a<\/th>\n<td>20 t\u1ea5n<\/td>\n<\/tr>\n<tr>\n<th>K\u00edch th\u01b0\u1edbc l\u1ed7 khoan<\/th>\n<td>2 \u2013 6 inch<\/td>\n<\/tr>\n<tr>\n<th>K\u00edch th\u01b0\u1edbc thanh<\/th>\n<td>1,125 \u2013 4 inch<\/td>\n<\/tr>\n<tr>\n<th>K\u00edch th\u01b0\u1edbc n\u00e9t v\u1ebd<\/th>\n<td>6 \u2013 48 inch<\/td>\n<\/tr>\n<tr>\n<th>K\u00edch th\u01b0\u1edbc ch\u00e2n c\u1eafm<\/th>\n<td>0,5 \u2013 2 inch<\/td>\n<\/tr>\n<tr>\n<th>V\u1eadt li\u1ec7u<\/th>\n<td>Th\u00e9p<\/td>\n<\/tr>\n<tr>\n<th>Thi\u1ebft k\u1ebf<\/th>\n<td>C\u1ea5u tr\u00fac ti\u00eau chu\u1ea9n<\/td>\n<\/tr>\n<tr>\n<th>Ch\u1ee9ng nh\u1eadn<\/th>\n<td>Ti\u00eau chu\u1ea9n ISO 9001:2000<\/td>\n<\/tr>\n<tr>\n<th>M\u00e0u s\u1eafc<\/th>\n<td>M\u00e0u \u0111en b\u00f3ng b\u1ea9y<\/td>\n<\/tr>\n<tr>\n<th>C\u00e1c ng\u00e0nh c\u00f4ng nghi\u1ec7p \u00e1p d\u1ee5ng<\/th>\n<td>Nh\u00e0 m\u00e1y s\u1ea3n xu\u1ea5t, X\u01b0\u1edfng s\u1eeda ch\u1eefa m\u00e1y m\u00f3c, N\u00f4ng tr\u1ea1i, N\u0103ng l\u01b0\u1ee3ng &amp; Khai th\u00e1c m\u1ecf, S\u1ea3n xu\u1ea5t m\u00e1y m\u00f3c, X\u01b0\u1edfng ch\u1ebf t\u1ea1o m\u00e1y m\u00f3c<\/td>\n<\/tr>\n<\/tbody>\n<\/table>\n<h2>\u0110\u1eb7c \u0111i\u1ec3m c\u1ee7a xi lanh th\u1ee7y l\u1ef1c<\/h2>\n<p>Xi lanh th\u1ee7y l\u1ef1c n\u00e0y s\u1edf h\u1eefu m\u1ed9t s\u1ed1 t\u00ednh n\u0103ng n\u1ed5i b\u1eadt:<\/p>\n<ol>\n<li>C\u1ea5u tr\u00fac xi lanh piston ti\u00eau chu\u1ea9n: \u0110\u1ea3m b\u1ea3o ngu\u1ed3n n\u0103ng l\u01b0\u1ee3ng th\u1ee7y l\u1ef1c \u1ed5n \u0111\u1ecbnh v\u00e0 \u0111\u00e1ng tin c\u1eady.<\/li>\n<li>Ch\u1ea5t li\u1ec7u th\u00e2n m\u00e1y b\u1eb1ng th\u00e9p: Mang l\u1ea1i \u0111\u1ed9 b\u1ec1n v\u00e0 ch\u1eafc ch\u1eafn.<\/li>\n<li>\u1ed0ng tr\u1ee5 l\u1ed3ng ng\u01b0\u1ee3c: Mang l\u1ea1i t\u00ednh linh ho\u1ea1t v\u00e0 hi\u1ec7u qu\u1ea3 cao h\u01a1n.<\/li>\n<li>Ch\u1ee9ng nh\u1eadn ISO9001:2000: \u0110\u1ea3m b\u1ea3o ch\u1ea5t l\u01b0\u1ee3ng v\u00e0 \u0111\u1ed9 tin c\u1eady.<\/li>\n<li>C\u00e1c c\u1ed5ng k\u1ebft n\u1ed1i c\u00f3 th\u1ec3 t\u00f9y ch\u1ec9nh: C\u00f3 s\u1eb5n c\u00e1c c\u1ed5ng G\/SAE\/NPT\/M \u0111\u1ec3 t\u00f9y ch\u1ec9nh.<\/li>\n<\/ol>\n<h2>\u1ee8ng d\u1ee5ng c\u1ee7a xi lanh th\u1ee7y l\u1ef1c<\/h2>\n<p>Xi lanh th\u1ee7y l\u1ef1c n\u00e0y \u0111\u01b0\u1ee3c \u1ee9ng d\u1ee5ng r\u1ed9ng r\u00e3i trong:<\/p>\n<ol>\n<li>Nh\u00e0 m\u00e1y s\u1ea3n xu\u1ea5t: T\u1ea1o \u0111i\u1ec1u ki\u1ec7n thu\u1eadn l\u1ee3i cho ho\u1ea1t \u0111\u1ed9ng m\u00e1y m\u00f3c hi\u1ec7u qu\u1ea3.<\/li>\n<li>X\u01b0\u1edfng s\u1eeda ch\u1eefa m\u00e1y m\u00f3c: H\u1ed7 tr\u1ee3 s\u1eeda ch\u1eefa m\u00e1y m\u00f3c h\u1ea1ng n\u1eb7ng.<\/li>\n<li>N\u00f4ng tr\u1ea1i: \u0110\u01b0\u1ee3c s\u1eed d\u1ee5ng trong m\u00e1y m\u00f3c n\u00f4ng nghi\u1ec7p cho nhi\u1ec1u ho\u1ea1t \u0111\u1ed9ng kh\u00e1c nhau.<\/li>\n<li>N\u0103ng l\u01b0\u1ee3ng &amp; Khai th\u00e1c m\u1ecf: C\u1ea7n thi\u1ebft cho c\u00e1c thi\u1ebft b\u1ecb khai th\u00e1c m\u1ecf h\u1ea1ng n\u1eb7ng.<\/li>\n<li>Nh\u00e0 m\u00e1y s\u1ea3n xu\u1ea5t m\u00e1y m\u00f3c: H\u1ed7 tr\u1ee3 n\u00e2ng cao hi\u1ec7u qu\u1ea3 ho\u1ea1t \u0111\u1ed9ng trong s\u1ea3n xu\u1ea5t m\u00e1y m\u00f3c.<\/li>\n<\/ol>\n<p><img decoding=\"async\" src=\"https:\/\/hzpt.com\/wp-content\/uploads\/2023\/11\/Inverted-Telescopic-Cylinder-Applications.webp\" alt=\"\u1ee8ng d\u1ee5ng c\u1ee7a xi lanh \u1ed1ng l\u1ed3ng ng\u01b0\u1ee3c\" title=\"\"><\/p>\n<h2>Nguy\u00ean l\u00fd ho\u1ea1t \u0111\u1ed9ng v\u00e0 b\u1ea3o d\u01b0\u1ee1ng xi lanh th\u1ee7y l\u1ef1c<\/h2>\n<p>Xi lanh th\u1ee7y l\u1ef1c ho\u1ea1t \u0111\u1ed9ng d\u1ef1a tr\u00ean nguy\u00ean l\u00fd \u0111\u01a1n gi\u1ea3n: ch\u1ea5t l\u1ecfng th\u1ee7y l\u1ef1c \u0111\u01b0\u1ee3c \u0111\u01b0a v\u00e0o s\u1ebd t\u1ea1o ra l\u1ef1c \u0111\u1ea7u ra. B\u1ea3o d\u01b0\u1ee1ng \u0111\u1ecbnh k\u1ef3 bao g\u1ed3m ki\u1ec3m tra, l\u00e0m s\u1ea1ch, b\u00f4i tr\u01a1n v\u00e0 thay th\u1ebf c\u00e1c gio\u0103ng. Vi\u1ec7c ki\u1ec3m tra v\u00e0 s\u1eeda ch\u1eefa \u0111\u1ecbnh k\u1ef3 n\u00ean \u0111\u01b0\u1ee3c th\u1ef1c hi\u1ec7n theo h\u01b0\u1edbng d\u1eabn s\u1eed d\u1ee5ng c\u1ee7a nh\u00e0 s\u1ea3n xu\u1ea5t.<\/p>\n<p><img decoding=\"async\" src=\"https:\/\/hzpt.com\/wp-content\/uploads\/2023\/11\/Inverted-Telescopic-Cylinder-8.webp\" alt=\"\" title=\"\"><\/p>\n<h2>H\u00ecnh tr\u1ee5 \u1ed1ng l\u1ed3ng ng\u01b0\u1ee3c<\/h2>\n<p>Xi lanh th\u1ee7y l\u1ef1c d\u1ea1ng \u1ed1ng l\u1ed3ng ng\u01b0\u1ee3c l\u00e0 m\u1ed9t lo\u1ea1i xi lanh th\u1ee7y l\u1ef1c th\u01b0\u1eddng \u0111\u01b0\u1ee3c s\u1eed d\u1ee5ng trong xe t\u1ea3i t\u1ef1 \u0111\u1ed5 v\u00e0 c\u00e1c lo\u1ea1i m\u00e1y m\u00f3c h\u1ea1ng n\u1eb7ng kh\u00e1c. N\u00f3 \u0111\u01b0\u1ee3c thi\u1ebft k\u1ebf \u0111\u1ec3 cung c\u1ea5p l\u1ef1c n\u00e2ng v\u00e0 \u0111\u1ed9 \u1ed5n \u0111\u1ecbnh cao, l\u00fd t\u01b0\u1edfng cho vi\u1ec7c x\u1eed l\u00fd t\u1ea3i tr\u1ecdng n\u1eb7ng trong nhi\u1ec1u \u1ee9ng d\u1ee5ng kh\u00e1c nhau. Lo\u1ea1i xi lanh n\u00e0y bao g\u1ed3m nhi\u1ec1u \u0111o\u1ea1n c\u00f3 th\u1ec3 k\u00e9o d\u00e0i v\u00e0 thu ng\u1eafn l\u1ea1i \u0111\u1ec3 t\u1ea1o ra l\u1ef1c n\u00e2ng c\u1ea7n thi\u1ebft.<\/p>\n<p>D\u01b0\u1edbi \u0111\u00e2y l\u00e0 m\u1ed9t s\u1ed1 t\u00ednh n\u0103ng v\u00e0 l\u1ee3i \u00edch ch\u00ednh c\u1ee7a xi lanh l\u1ed3ng ng\u01b0\u1ee3c:<\/p>\n<ol>\n<li>Kh\u1ea3 n\u0103ng n\u00e2ng t\u1ea3i cao: Xi lanh th\u1ee7y l\u1ef1c d\u1ea1ng \u1ed1ng l\u1ed3ng ng\u01b0\u1ee3c n\u1ed5i ti\u1ebfng v\u1edbi kh\u1ea3 n\u0103ng n\u00e2ng t\u1ea3i v\u01b0\u1ee3t tr\u1ed9i. N\u00f3 \u0111\u01b0\u1ee3c thi\u1ebft k\u1ebf \u0111\u1ec3 x\u1eed l\u00fd c\u00e1c t\u1ea3i tr\u1ecdng n\u1eb7ng m\u00e0 kh\u00f4ng \u1ea3nh h\u01b0\u1edfng \u0111\u1ebfn hi\u1ec7u su\u1ea5t ho\u1eb7c \u0111\u1ed9 \u1ed5n \u0111\u1ecbnh.<\/li>\n<li>Thi\u1ebft k\u1ebf nh\u1ecf g\u1ecdn: M\u1eb7c d\u00f9 c\u00f3 kh\u1ea3 n\u0103ng n\u00e2ng t\u1ea3i cao, xi lanh th\u1ee7y l\u1ef1c d\u1ea1ng \u1ed1ng l\u1ed3ng ng\u01b0\u1ee3c c\u00f3 thi\u1ebft k\u1ebf nh\u1ecf g\u1ecdn, cho ph\u00e9p d\u1ec5 d\u00e0ng l\u1eafp \u0111\u1eb7t v\u00e0 t\u00edch h\u1ee3p v\u00e0o c\u00e1c lo\u1ea1i m\u00e1y m\u00f3c kh\u00e1c nhau.<\/li>\n<li>V\u1eadn h\u00e0nh \u00eam \u00e1i: Lo\u1ea1i xi lanh n\u00e0y mang l\u1ea1i ho\u1ea1t \u0111\u1ed9ng \u00eam \u00e1i v\u00e0 ch\u00ednh x\u00e1c, \u0111\u1ea3m b\u1ea3o n\u00e2ng h\u1ea1 t\u1ea3i tr\u1ecdng hi\u1ec7u qu\u1ea3. N\u00f3 \u0111\u01b0\u1ee3c thi\u1ebft k\u1ebf \u0111\u1ec3 gi\u1ea3m thi\u1ec3u rung \u0111\u1ed9ng v\u00e0 chuy\u1ec3n \u0111\u1ed9ng gi\u1eadt c\u1ee5c, mang l\u1ea1i kh\u1ea3 n\u0103ng \u0111i\u1ec1u khi\u1ec3n v\u00e0 an to\u00e0n \u0111\u01b0\u1ee3c n\u00e2ng cao.<\/li>\n<li>C\u1ea5u tr\u00fac b\u1ec1n b\u1ec9: Xi lanh th\u1ee7y l\u1ef1c d\u1ea1ng \u1ed1ng l\u1ed3ng ng\u01b0\u1ee3c \u0111\u01b0\u1ee3c ch\u1ebf t\u1ea1o \u0111\u1ec3 ch\u1ecbu \u0111\u01b0\u1ee3c c\u00e1c \u0111i\u1ec1u ki\u1ec7n l\u00e0m vi\u1ec7c kh\u1eafc nghi\u1ec7t. Ch\u00fang th\u01b0\u1eddng \u0111\u01b0\u1ee3c l\u00e0m t\u1eeb c\u00e1c v\u1eadt li\u1ec7u ch\u1ea5t l\u01b0\u1ee3ng cao nh\u01b0 th\u00e9p t\u00f4i c\u1ee9ng, \u0111\u1ea3m b\u1ea3o \u0111\u1ed9 b\u1ec1n v\u00e0 hi\u1ec7u su\u1ea5t l\u00e2u d\u00e0i.<\/li>\n<li>Kh\u1ea3 n\u0103ng t\u00f9y ch\u1ec9nh: Xi lanh k\u00ednh thi\u00ean v\u0103n ng\u01b0\u1ee3c c\u00f3 th\u1ec3 \u0111\u01b0\u1ee3c t\u00f9y ch\u1ec9nh \u0111\u1ec3 \u0111\u00e1p \u1ee9ng c\u00e1c y\u00eau c\u1ea7u c\u1ee5 th\u1ec3. N\u00f3 c\u00f3 th\u1ec3 \u0111\u01b0\u1ee3c \u0111i\u1ec1u ch\u1ec9nh v\u1ec1 chi\u1ec1u d\u00e0i h\u00e0nh tr\u00ecnh, c\u00e1c t\u00f9y ch\u1ecdn l\u1eafp \u0111\u1eb7t v\u00e0 c\u00e1c th\u00f4ng s\u1ed1 kh\u00e1c \u0111\u1ec3 ph\u00f9 h\u1ee3p v\u1edbi c\u00e1c \u1ee9ng d\u1ee5ng kh\u00e1c nhau.<\/li>\n<li>Xi lanh th\u1ee7y l\u1ef1c xe ben b\u00e1n ch\u1ea1y: C\u00f4ng ty ch\u00fang t\u00f4i chuy\u00ean s\u1ea3n xu\u1ea5t v\u00e0 cung c\u1ea5p xi lanh th\u1ee7y l\u1ef1c ch\u1ea5t l\u01b0\u1ee3ng cao cho xe ben, bao g\u1ed3m c\u1ea3 xi lanh d\u1ea1ng \u1ed1ng l\u1ed3ng ng\u01b0\u1ee3c. Xi lanh c\u1ee7a ch\u00fang t\u00f4i n\u1ed5i ti\u1ebfng v\u1ec1 \u0111\u1ed9 tin c\u1eady, hi\u1ec7u su\u1ea5t v\u00e0 gi\u00e1 c\u1ea3 c\u1ea1nh tranh. Ch\u00fang t\u00f4i cung c\u1ea5p nhi\u1ec1u l\u1ef1a ch\u1ecdn \u0111\u1ec3 \u0111\u00e1p \u1ee9ng nhu c\u1ea7u \u0111a d\u1ea1ng c\u1ee7a kh\u00e1ch h\u00e0ng.<\/li>\n<li>Xi lanh th\u1ee7y l\u1ef1c t\u00f9y ch\u1ec9nh: Ch\u00fang t\u00f4i hi\u1ec3u r\u1eb1ng c\u00e1c \u1ee9ng d\u1ee5ng kh\u00e1c nhau c\u00f3 th\u1ec3 y\u00eau c\u1ea7u c\u00e1c gi\u1ea3i ph\u00e1p xi lanh th\u1ee7y l\u1ef1c ri\u00eang bi\u1ec7t. \u0110\u00f3 l\u00e0 l\u00fd do t\u1ea1i sao ch\u00fang t\u00f4i cung c\u1ea5p c\u00e1c xi lanh th\u1ee7y l\u1ef1c t\u00f9y ch\u1ec9nh \u0111\u1ec3 \u0111\u00e1p \u1ee9ng c\u00e1c y\u00eau c\u1ea7u c\u1ee5 th\u1ec3. \u0110\u1ed9i ng\u0169 chuy\u00ean gia c\u1ee7a ch\u00fang t\u00f4i c\u00f3 th\u1ec3 h\u1ee3p t\u00e1c ch\u1eb7t ch\u1ebd v\u1edbi kh\u00e1ch h\u00e0ng \u0111\u1ec3 thi\u1ebft k\u1ebf v\u00e0 s\u1ea3n xu\u1ea5t c\u00e1c xi lanh ph\u00f9 h\u1ee3p ch\u00ednh x\u00e1c v\u1edbi nhu c\u1ea7u c\u1ee7a h\u1ecd.<\/li>\n<\/ol>\n<p>T\u00f3m l\u1ea1i, xi lanh th\u1ee7y l\u1ef1c d\u1ea1ng \u1ed1ng l\u1ed3ng ng\u01b0\u1ee3c l\u00e0 m\u1ed9t lo\u1ea1i xi lanh th\u1ee7y l\u1ef1c \u0111a n\u0103ng v\u00e0 \u0111\u00e1ng tin c\u1eady, cung c\u1ea5p kh\u1ea3 n\u0103ng n\u00e2ng t\u1ea3i v\u01b0\u1ee3t tr\u1ed9i, v\u1eadn h\u00e0nh \u00eam \u00e1i v\u00e0 \u0111\u1ed9 b\u1ec1n cao. Cho d\u00f9 b\u1ea1n c\u1ea7n xi lanh th\u1ee7y l\u1ef1c ti\u00eau chu\u1ea9n cho xe ben hay m\u1ed9t gi\u1ea3i ph\u00e1p t\u00f9y ch\u1ec9nh, ch\u00fang t\u00f4i \u0111\u1ec1u c\u00f3 chuy\u00ean m\u00f4n v\u00e0 ngu\u1ed3n l\u1ef1c \u0111\u1ec3 \u0111\u00e1p \u1ee9ng y\u00eau c\u1ea7u c\u1ee7a b\u1ea1n. Li\u00ean h\u1ec7 v\u1edbi ch\u00fang t\u00f4i ngay h\u00f4m nay \u0111\u1ec3 t\u00ecm hi\u1ec3u th\u00eam v\u1ec1 c\u00e1c s\u1ea3n ph\u1ea9m v\u00e0 d\u1ecbch v\u1ee5 c\u1ee7a ch\u00fang t\u00f4i.<\/p>\n<h3>Gi\u1edbi thi\u1ec7u v\u1ec1 FMP \u2013 Nh\u00e0 cung c\u1ea5p xi lanh th\u1ee7y l\u1ef1c chuy\u00ean nghi\u1ec7p c\u1ee7a b\u1ea1n<\/h3>\n<p>T\u1ea1i FMP, ch\u00fang t\u00f4i chuy\u00ean b\u00e1n v\u00e0 b\u1ea3o d\u01b0\u1ee1ng ph\u1ee5 t\u00f9ng m\u00e1y m\u00f3c x\u00e2y d\u1ef1ng v\u00e0 m\u00e1y m\u00f3c ho\u00e0n ch\u1ec9nh, v\u00e0 t\u1ef1 h\u00e0o l\u00e0 nh\u00e0 cung c\u1ea5p h\u00e0ng \u0111\u1ea7u c\u00e1c lo\u1ea1i xi lanh th\u1ee7y l\u1ef1c ch\u1ea5t l\u01b0\u1ee3ng cao v\u00e0 \u0111\u00e1ng tin c\u1eady. D\u01b0\u1edbi \u0111\u00e2y l\u00e0 m\u1ed9t v\u00e0i l\u00fd do t\u1ea1i sao ch\u00fang t\u00f4i tin r\u1eb1ng xi lanh th\u1ee7y l\u1ef1c c\u1ee7a ch\u00fang t\u00f4i l\u00e0 t\u1ed1t nh\u1ea5t tr\u00ean th\u1ecb tr\u01b0\u1eddng:<\/p>\n<p>1. K\u1ef9 thu\u1eadt ch\u00ednh x\u00e1c \u2013 Xi lanh th\u1ee7y l\u1ef1c c\u1ee7a ch\u00fang t\u00f4i \u0111\u01b0\u1ee3c thi\u1ebft k\u1ebf v\u1edbi k\u1ef9 thu\u1eadt ch\u00ednh x\u00e1c, \u0111\u1ea3m b\u1ea3o \u0111\u1ed9 b\u1ec1n v\u00e0 \u0111\u1ed9 tin c\u1eady ngay c\u1ea3 trong nh\u1eefng \u0111i\u1ec1u ki\u1ec7n kh\u1eafc nghi\u1ec7t nh\u1ea5t.<\/p>\n<p>2. \u1ee8ng d\u1ee5ng r\u1ed9ng r\u00e3i \u2013 Xi lanh th\u1ee7y l\u1ef1c c\u1ee7a ch\u00fang t\u00f4i c\u00f3 th\u1ec3 \u0111\u01b0\u1ee3c s\u1eed d\u1ee5ng trong nhi\u1ec1u \u1ee9ng d\u1ee5ng, bao g\u1ed3m m\u00e1y m\u00f3c n\u00f4ng nghi\u1ec7p, thi\u1ebft b\u1ecb c\u00f4ng nghi\u1ec7p v\u00e0 m\u00e1y m\u00f3c x\u00e2y d\u1ef1ng.<\/p>\n<p>3. Thi\u1ebft k\u1ebf t\u00f9y ch\u1ec9nh \u2013 Ch\u00fang t\u00f4i c\u00f3 th\u1ec3 t\u00f9y ch\u1ec9nh thi\u1ebft k\u1ebf xi lanh th\u1ee7y l\u1ef1c \u0111\u1ec3 \u0111\u00e1p \u1ee9ng nhu c\u1ea7u c\u1ee5 th\u1ec3 c\u1ee7a kh\u00e1ch h\u00e0ng, \u0111\u1ea3m b\u1ea3o r\u1eb1ng h\u1ecd c\u00f3 \u0111\u01b0\u1ee3c hi\u1ec7u su\u1ea5t t\u1ed1t nh\u1ea5t c\u00f3 th\u1ec3 t\u1eeb s\u1ea3n ph\u1ea9m c\u1ee7a ch\u00fang t\u00f4i.<\/p>\n<p>4. V\u1eadt li\u1ec7u ch\u1ea5t l\u01b0\u1ee3ng cao \u2013 Ch\u00fang t\u00f4i ch\u1ec9 s\u1eed d\u1ee5ng nh\u1eefng v\u1eadt li\u1ec7u ch\u1ea5t l\u01b0\u1ee3ng cao nh\u1ea5t trong qu\u00e1 tr\u00ecnh s\u1ea3n xu\u1ea5t xi lanh th\u1ee7y l\u1ef1c, \u0111\u1ea3m b\u1ea3o ch\u00fang c\u00f3 th\u1ec3 ch\u1ecbu \u0111\u01b0\u1ee3c s\u1ef1 hao m\u00f2n theo th\u1eddi gian.<\/p>\n<p>5. H\u1ed7 tr\u1ee3 kh\u00e1ch h\u00e0ng xu\u1ea5t s\u1eafc \u2013 T\u1ea1i FMP, ch\u00fang t\u00f4i t\u1ef1 h\u00e0o cung c\u1ea5p d\u1ecbch v\u1ee5 h\u1ed7 tr\u1ee3 kh\u00e1ch h\u00e0ng xu\u1ea5t s\u1eafc cho t\u1ea5t c\u1ea3 kh\u00e1ch h\u00e0ng. T\u1eeb t\u01b0 v\u1ea5n s\u1ea3n ph\u1ea9m \u0111\u1ebfn g\u1ee3i \u00fd mua h\u00e0ng th\u00f4ng minh, \u0111\u1ed9i ng\u0169 b\u00e1n h\u00e0ng gi\u00e0u kinh nghi\u1ec7m c\u1ee7a ch\u00fang t\u00f4i lu\u00f4n s\u1eb5n s\u00e0ng h\u1ed7 tr\u1ee3.<\/p>\n<p>V\u00ec v\u1eady, n\u1ebfu b\u1ea1n \u0111ang t\u00ecm ki\u1ebfm m\u1ed9t nh\u00e0 cung c\u1ea5p xi lanh th\u1ee7y l\u1ef1c \u0111\u00e1ng tin c\u1eady v\u00e0 b\u1ec1n b\u1ec9, h\u00e3y \u0111\u1ebfn v\u1edbi FMP. Li\u00ean h\u1ec7 v\u1edbi ch\u00fang t\u00f4i ngay h\u00f4m nay \u0111\u1ec3 t\u00ecm hi\u1ec3u th\u00eam v\u1ec1 c\u00e1c s\u1ea3n ph\u1ea9m v\u00e0 d\u1ecbch v\u1ee5 c\u1ee7a ch\u00fang t\u00f4i, c\u0169ng nh\u01b0 c\u00e1ch ch\u00fang t\u00f4i c\u00f3 th\u1ec3 gi\u00fap b\u1ea1n \u0111\u00e1p \u1ee9ng nhu c\u1ea7u v\u1ec1 m\u00e1y m\u00f3c x\u00e2y d\u1ef1ng!<\/p>\n<p><img decoding=\"async\" src=\"https:\/\/fmp-components.com\/wp-content\/uploads\/2024\/12\/Adjustable-Clevis-Type-Cylinders-6.webp\" alt=\"Xi lanh lo\u1ea1i Clevis c\u00f3 th\u1ec3 \u0111i\u1ec1u ch\u1ec9nh\" width=\"844\" title=\"\"><br \/>\nT\u00e1c gi\u1ea3: CX<\/p>","protected":false},"excerpt":{"rendered":"<p>Introducing Hot Sale Dump Truck Hydraulic Cylinder Customized Hydraulic Cylinder: Hot Sale Dump Truck Hydraulic Cylinder is a highly reliable and efficient hydraulic cylinder designed specifically for dump trucks. With its customized features and exceptional performance, it is the perfect solution for all your hydraulic needs. This hydraulic cylinder is meticulously crafted using top-quality materials [&hellip;]<\/p>","protected":false},"featured_media":1686,"comment_status":"closed","ping_status":"closed","template":"","meta":{"_et_pb_use_builder":"","_et_pb_old_content":"","_et_gb_content_width":""},"product_brand":[],"product_cat":[45],"product_tag":[34,48],"class_list":{"0":"post-1685","1":"product","2":"type-product","3":"status-publish","4":"has-post-thumbnail","6":"product_cat-inverted-telescopic-cylinder","7":"product_tag-hydraulic-cylinder","8":"product_tag-inverted-telescopic-cylinder","10":"first","11":"instock","12":"product-type-simple"},"_links":{"self":[{"href":"https:\/\/fmp-components.com\/vi\/wp-json\/wp\/v2\/product\/1685","targetHints":{"allow":["GET"]}}],"collection":[{"href":"https:\/\/fmp-components.com\/vi\/wp-json\/wp\/v2\/product"}],"about":[{"href":"https:\/\/fmp-components.com\/vi\/wp-json\/wp\/v2\/types\/product"}],"replies":[{"embeddable":true,"href":"https:\/\/fmp-components.com\/vi\/wp-json\/wp\/v2\/comments?post=1685"}],"wp:featuredmedia":[{"embeddable":true,"href":"https:\/\/fmp-components.com\/vi\/wp-json\/wp\/v2\/media\/1686"}],"wp:attachment":[{"href":"https:\/\/fmp-components.com\/vi\/wp-json\/wp\/v2\/media?parent=1685"}],"wp:term":[{"taxonomy":"product_brand","embeddable":true,"href":"https:\/\/fmp-components.com\/vi\/wp-json\/wp\/v2\/product_brand?post=1685"},{"taxonomy":"product_cat","embeddable":true,"href":"https:\/\/fmp-components.com\/vi\/wp-json\/wp\/v2\/product_cat?post=1685"},{"taxonomy":"product_tag","embeddable":true,"href":"https:\/\/fmp-components.com\/vi\/wp-json\/wp\/v2\/product_tag?post=1685"}],"curies":[{"name":"wp","href":"https:\/\/api.w.org\/{rel}","templated":true}]}}