{"id":1681,"date":"2024-12-23T07:01:59","date_gmt":"2024-12-23T07:01:59","guid":{"rendered":"https:\/\/fmp-components.com\/product\/high-quality-dump-trailer-long-stroke-hydraulic-cylinder-telescopic-hydraulic-cylinder\/"},"modified":"2025-03-11T06:03:24","modified_gmt":"2025-03-11T06:03:24","slug":"high-quality-dump-trailer-long-stroke-hydraulic-cylinder-telescopic-hydraulic-cylinder","status":"publish","type":"product","link":"https:\/\/fmp-components.com\/vi\/product\/high-quality-dump-trailer-long-stroke-hydraulic-cylinder-telescopic-hydraulic-cylinder\/","title":{"rendered":"R\u01a1 mo\u00f3c \u0111\u1ed5 ch\u1ea5t l\u01b0\u1ee3ng cao Xi lanh th\u1ee7y l\u1ef1c h\u00e0nh tr\u00ecnh d\u00e0i Xi lanh th\u1ee7y l\u1ef1c d\u1ea1ng \u1ed1ng l\u1ed3ng"},"content":{"rendered":"<h2>Gi\u1edbi thi\u1ec7u Xi lanh th\u1ee7y l\u1ef1c d\u1ea1ng \u1ed1ng l\u1ed3ng ch\u1ea5t l\u01b0\u1ee3ng cao cho xe mo\u00f3c ben h\u00e0nh tr\u00ecnh d\u00e0i:<\/h2>\n<p>Xi lanh th\u1ee7y l\u1ef1c d\u1ea1ng \u1ed1ng l\u1ed3ng ch\u1ea5t l\u01b0\u1ee3ng cao d\u00e0nh cho xe mo\u00f3c ben l\u00e0 s\u1ea3n ph\u1ea9m h\u00e0ng \u0111\u1ea7u \u0111\u01b0\u1ee3c thi\u1ebft k\u1ebf \u0111\u1ec3 \u0111\u1ea1t hi\u1ec7u su\u1ea5t v\u00e0 \u0111\u1ed9 b\u1ec1n t\u1ed1i \u01b0u. V\u1edbi c\u00e1c t\u00ednh n\u0103ng ti\u00ean ti\u1ebfn v\u00e0 k\u1ef9 thu\u1eadt v\u01b0\u1ee3t tr\u1ed9i, xi lanh th\u1ee7y l\u1ef1c n\u00e0y ho\u00e0n h\u1ea3o cho xe mo\u00f3c ben v\u00e0 c\u00e1c \u1ee9ng d\u1ee5ng h\u1ea1ng n\u1eb7ng kh\u00e1c.<\/p>\n<p>Xi lanh th\u1ee7y l\u1ef1c n\u00e0y mang l\u1ea1i s\u1ee9c m\u1ea1nh v\u00e0 \u0111\u1ed9 \u1ed5n \u0111\u1ecbnh v\u01b0\u1ee3t tr\u1ed9i, cho ph\u00e9p v\u1eadn h\u00e0nh tr\u01a1n tru v\u00e0 hi\u1ec7u qu\u1ea3. Thi\u1ebft k\u1ebf h\u00e0nh tr\u00ecnh d\u00e0i cho ph\u00e9p ph\u1ea1m vi chuy\u1ec3n \u0111\u1ed9ng r\u1ed9ng h\u01a1n, ph\u00f9 h\u1ee3p v\u1edbi nhi\u1ec1u nhi\u1ec7m v\u1ee5 n\u00e2ng h\u1ea1 kh\u00e1c nhau. Cho d\u00f9 b\u1ea1n c\u1ea7n d\u1ee1 v\u1eadt li\u1ec7u hay v\u1eadn chuy\u1ec3n h\u00e0ng h\u00f3a n\u1eb7ng, xi lanh n\u00e0y lu\u00f4n \u0111\u1ea3m b\u1ea3o hi\u1ec7u su\u1ea5t \u0111\u00e1ng tin c\u1eady.<\/p>\n<p><img decoding=\"async\" src=\"https:\/\/hzpt.com\/wp-content\/uploads\/2023\/11\/Inverted-Telescopic-Cylinder-24.webp\" alt=\"\" title=\"\"><\/p>\n<p>\u0110\u01b0\u1ee3c ch\u1ebf t\u1ea1o t\u1eeb v\u1eadt li\u1ec7u ch\u1ea5t l\u01b0\u1ee3ng cao, xi lanh th\u1ee7y l\u1ef1c n\u00e0y \u0111\u01b0\u1ee3c thi\u1ebft k\u1ebf \u0111\u1ec3 ch\u1ecbu \u0111\u01b0\u1ee3c \u0111i\u1ec1u ki\u1ec7n kh\u1eafc nghi\u1ec7t v\u00e0 c\u01b0\u1eddng \u0111\u1ed9 s\u1eed d\u1ee5ng cao. Thi\u1ebft k\u1ebf d\u1ea1ng \u1ed1ng l\u1ed3ng cho ph\u00e9p l\u1eafp \u0111\u1eb7t v\u00e0 b\u1ea3o tr\u00ec d\u1ec5 d\u00e0ng, gi\u1ea3m th\u1eddi gian ng\u1eebng ho\u1ea1t \u0111\u1ed9ng v\u00e0 t\u0103ng n\u0103ng su\u1ea5t. K\u1ef9 thu\u1eadt ch\u00ednh x\u00e1c \u0111\u1ea3m b\u1ea3o gi\u1ea3m thi\u1ec3u hao m\u00f2n, k\u00e9o d\u00e0i tu\u1ed5i th\u1ecd c\u1ee7a xi lanh.<\/p>\n<p>An to\u00e0n l\u00e0 \u01b0u ti\u00ean h\u00e0ng \u0111\u1ea7u c\u1ee7a xi lanh th\u1ee7y l\u1ef1c n\u00e0y. S\u1ea3n ph\u1ea9m \u0111\u01b0\u1ee3c trang b\u1ecb c\u00e1c t\u00ednh n\u0103ng an to\u00e0n m\u1ea1nh m\u1ebd \u0111\u1ec3 ng\u0103n ng\u1eeba tai n\u1ea1n v\u00e0 \u0111\u1ea3m b\u1ea3o an to\u00e0n cho ng\u01b0\u1eddi v\u1eadn h\u00e0nh. H\u1ec7 th\u1ed1ng th\u1ee7y l\u1ef1c ti\u00ean ti\u1ebfn c\u1ee7a xi lanh mang l\u1ea1i kh\u1ea3 n\u0103ng \u0111i\u1ec1u khi\u1ec3n m\u01b0\u1ee3t m\u00e0 v\u00e0 ch\u00ednh x\u00e1c, cho ph\u00e9p v\u1eadn h\u00e0nh an to\u00e0n v\u00e0 hi\u1ec7u qu\u1ea3.<\/p>\n<p>B\u00ean c\u1ea1nh hi\u1ec7u su\u1ea5t v\u01b0\u1ee3t tr\u1ed9i, xi lanh th\u1ee7y l\u1ef1c n\u00e0y c\u00f2n \u0111\u01b0\u1ee3c h\u1ed7 tr\u1ee3 b\u1edfi m\u1ed9t nh\u00e0 s\u1ea3n xu\u1ea5t uy t\u00edn. V\u1edbi b\u1ec1 d\u00e0y kinh nghi\u1ec7m trong vi\u1ec7c s\u1ea3n xu\u1ea5t c\u00e1c s\u1ea3n ph\u1ea9m \u0111\u00e1ng tin c\u1eady v\u00e0 ch\u1ea5t l\u01b0\u1ee3ng cao, b\u1ea1n c\u00f3 th\u1ec3 tin t\u01b0\u1edfng v\u00e0o \u0111\u1ed9 b\u1ec1n v\u00e0 tu\u1ed5i th\u1ecd c\u1ee7a xi lanh th\u1ee7y l\u1ef1c n\u00e0y.<\/p>\n<p>T\u00f3m l\u1ea1i, Xi lanh th\u1ee7y l\u1ef1c d\u1ea1ng \u1ed1ng l\u1ed3ng ch\u1ea5t l\u01b0\u1ee3ng cao cho xe ben t\u1ef1 \u0111\u1ed5 l\u00e0 gi\u1ea3i ph\u00e1p l\u00fd t\u01b0\u1edfng cho nhu c\u1ea7u n\u00e2ng h\u1ea1 v\u00e0 \u0111\u1ed5 t\u1ea3i n\u1eb7ng c\u1ee7a b\u1ea1n. V\u1edbi hi\u1ec7u su\u1ea5t v\u01b0\u1ee3t tr\u1ed9i, \u0111\u1ed9 b\u1ec1n v\u00e0 c\u00e1c t\u00ednh n\u0103ng an to\u00e0n, xi lanh th\u1ee7y l\u1ef1c n\u00e0y s\u1ebd v\u01b0\u1ee3t qu\u00e1 mong \u0111\u1ee3i c\u1ee7a b\u1ea1n v\u00e0 \u0111\u1ea3m b\u1ea3o ho\u1ea1t \u0111\u1ed9ng \u0111\u00e1ng tin c\u1eady trong nhi\u1ec1u n\u0103m t\u1edbi.<\/p>\n<table style=\"width: 100%;\" border=\"1\" width=\"100%\" cellspacing=\"0\" cellpadding=\"0\">\n<tbody>\n<tr>\n<th>T\u00ean s\u1ea3n ph\u1ea9m<\/th>\n<td>R\u01a1 mo\u00f3c \u0111\u1ed5 ch\u1ea5t l\u01b0\u1ee3ng cao Xi lanh th\u1ee7y l\u1ef1c h\u00e0nh tr\u00ecnh d\u00e0i<\/td>\n<\/tr>\n<tr>\n<th>T\u00ecnh tr\u1ea1ng<\/th>\n<td>M\u1edbi (2023)<\/td>\n<\/tr>\n<tr>\n<th>B\u1ea3o h\u00e0nh<\/th>\n<td>1 n\u0103m<\/td>\n<\/tr>\n<tr>\n<th>Ki\u1ec3u<\/th>\n<td>Xi lanh piston ti\u00eau chu\u1ea9n<\/td>\n<\/tr>\n<tr>\n<th>Ngu\u1ed3n \u0111i\u1ec7n<\/th>\n<td>Th\u1ee7y l\u1ef1c<\/td>\n<\/tr>\n<tr>\n<th>V\u1eadt li\u1ec7u th\u00e2n m\u00e1y<\/th>\n<td>Th\u00e9p<\/td>\n<\/tr>\n<tr>\n<th>L\u1ef1c \u0111\u1ea9y t\u1ed1i \u0111a<\/th>\n<td>3000<\/td>\n<\/tr>\n<tr>\n<th>L\u1ef1c k\u00e9o t\u1ed1i \u0111a<\/th>\n<td>20 t\u1ea5n<\/td>\n<\/tr>\n<tr>\n<th>K\u00edch th\u01b0\u1edbc l\u1ed7 khoan<\/th>\n<td>2 \u2013 6 inch<\/td>\n<\/tr>\n<tr>\n<th>K\u00edch th\u01b0\u1edbc thanh<\/th>\n<td>1,125 \u2013 4 inch<\/td>\n<\/tr>\n<tr>\n<th>K\u00edch th\u01b0\u1edbc n\u00e9t v\u1ebd<\/th>\n<td>6 \u2013 48 inch<\/td>\n<\/tr>\n<tr>\n<th>K\u00edch th\u01b0\u1edbc ch\u00e2n c\u1eafm<\/th>\n<td>0,5 \u2013 2 inch<\/td>\n<\/tr>\n<tr>\n<th>Ch\u1ee9ng nh\u1eadn<\/th>\n<td>Ti\u00eau chu\u1ea9n ISO 9001:2000<\/td>\n<\/tr>\n<tr>\n<th>M\u00e0u s\u1eafc<\/th>\n<td>\u0110en<\/td>\n<\/tr>\n<tr>\n<th>C\u1ed5ng<\/th>\n<td>G\/SAE\/NPT\/M<\/td>\n<\/tr>\n<tr>\n<th>C\u00e1c ng\u00e0nh c\u00f4ng nghi\u1ec7p \u00e1p d\u1ee5ng<\/th>\n<td>Nh\u00e0 m\u00e1y s\u1ea3n xu\u1ea5t, X\u01b0\u1edfng s\u1eeda ch\u1eefa m\u00e1y m\u00f3c, Trang tr\u1ea1i, N\u0103ng l\u01b0\u1ee3ng &amp; Khai th\u00e1c, S\u1ea3n xu\u1ea5t m\u00e1y m\u00f3c, Nh\u00e0 m\u00e1y m\u00e1y m\u00f3c<\/td>\n<\/tr>\n<\/tbody>\n<\/table>\n<h2>\u0110\u1eb7c \u0111i\u1ec3m c\u1ee7a xi lanh th\u1ee7y l\u1ef1c d\u1ea1ng \u1ed1ng l\u1ed3ng<\/h2>\n<ol>\n<li>\u0110\u00e2y l\u00e0 s\u1ea3n ph\u1ea9m m\u1edbi c\u1ee7a n\u0103m 2023, \u0111\u1ea3m b\u1ea3o s\u1ea3n ph\u1ea9m lu\u00f4n c\u1eadp nh\u1eadt nh\u1eefng ti\u1ebfn b\u1ed9 c\u00f4ng ngh\u1ec7 m\u1edbi nh\u1ea5t.<\/li>\n<li>S\u1ea3n ph\u1ea9m \u0111\u01b0\u1ee3c b\u1ea3o h\u00e0nh 1 n\u0103m, \u0111\u1ea3m b\u1ea3o ch\u1ea5t l\u01b0\u1ee3ng v\u00e0 \u0111\u1ed9 tin c\u1eady.<\/li>\n<li>S\u1ea3n ph\u1ea9m \u0111\u01b0\u1ee3c ch\u1ee9ng nh\u1eadn ISO9001:2000, ch\u1ee9ng t\u1ecf s\u1ea3n ph\u1ea9m \u0111\u00e1p \u1ee9ng c\u00e1c ti\u00eau chu\u1ea9n qu\u1ed1c t\u1ebf v\u1ec1 ch\u1ea5t l\u01b0\u1ee3ng v\u00e0 an to\u00e0n.<\/li>\n<li>M\u00e1y bay c\u00f3 l\u1ef1c \u0111\u1ea9y t\u1ed1i \u0111a l\u00e0 3000 v\u00e0 l\u1ef1c k\u00e9o t\u1ed1i \u0111a l\u00e0 20 t\u1ea5n, mang l\u1ea1i hi\u1ec7u su\u1ea5t m\u1ea1nh m\u1ebd.<\/li>\n<li>N\u00f3 c\u00f3 nhi\u1ec1u \u1ee9ng d\u1ee5ng kh\u00e1c nhau, bao g\u1ed3m nh\u00e0 m\u00e1y s\u1ea3n xu\u1ea5t, x\u01b0\u1edfng s\u1eeda ch\u1eefa m\u00e1y m\u00f3c, trang tr\u1ea1i, n\u0103ng l\u01b0\u1ee3ng &amp; khai th\u00e1c m\u1ecf, s\u1ea3n xu\u1ea5t m\u00e1y m\u00f3c v\u00e0 nh\u00e0 m\u00e1y s\u1ea3n xu\u1ea5t m\u00e1y m\u00f3c.<\/li>\n<\/ol>\n<h2>\u1ee8ng d\u1ee5ng c\u1ee7a xi lanh th\u1ee7y l\u1ef1c d\u1ea1ng \u1ed1ng l\u1ed3ng<\/h2>\n<ol>\n<li>\n<ol>\n<li>Nh\u00e0 m\u00e1y s\u1ea3n xu\u1ea5t: \u0110\u01b0\u1ee3c s\u1eed d\u1ee5ng trong m\u00e1y m\u00f3c h\u1ea1ng n\u1eb7ng ph\u1ee5c v\u1ee5 ho\u1ea1t \u0111\u1ed9ng s\u1ea3n xu\u1ea5t.<\/li>\n<li>X\u01b0\u1edfng s\u1eeda ch\u1eefa m\u00e1y m\u00f3c: C\u1ea7n thi\u1ebft \u0111\u1ec3 s\u1eeda ch\u1eefa v\u00e0 b\u1ea3o tr\u00ec thi\u1ebft b\u1ecb h\u1ea1ng n\u1eb7ng.<\/li>\n<li>Trang tr\u1ea1i: \u0110\u01b0\u1ee3c s\u1eed d\u1ee5ng trong m\u00e1y m\u00f3c n\u00f4ng nghi\u1ec7p h\u1ea1ng n\u1eb7ng \u0111\u1ec3 h\u1ed7 tr\u1ee3 nhi\u1ec1u ho\u1ea1t \u0111\u1ed9ng n\u00f4ng nghi\u1ec7p kh\u00e1c nhau.<\/li>\n<li>N\u0103ng l\u01b0\u1ee3ng v\u00e0 khai th\u00e1c: \u0110\u01b0\u1ee3c s\u1eed d\u1ee5ng trong m\u00e1y m\u00f3c h\u1ea1ng n\u1eb7ng cho qu\u00e1 tr\u00ecnh khai th\u00e1c v\u00e0 s\u1ea3n xu\u1ea5t.<\/li>\n<li>Ch\u1ebf t\u1ea1o m\u00e1y m\u00f3c: Th\u00e0nh ph\u1ea7n thi\u1ebft y\u1ebfu trong s\u1ea3n xu\u1ea5t nhi\u1ec1u lo\u1ea1i m\u00e1y m\u00f3c kh\u00e1c nhau.<\/li>\n<\/ol>\n<\/li>\n<\/ol>\n<p><img decoding=\"async\" src=\"https:\/\/hzpt.com\/wp-content\/uploads\/2023\/11\/Inverted-Telescopic-Cylinder-Applications.webp\" alt=\"\u1ee8ng d\u1ee5ng c\u1ee7a xi lanh \u1ed1ng l\u1ed3ng ng\u01b0\u1ee3c\" title=\"\"><\/p>\n<h2>Nguy\u00ean l\u00fd ho\u1ea1t \u0111\u1ed9ng v\u00e0 b\u1ea3o d\u01b0\u1ee1ng xi lanh th\u1ee7y l\u1ef1c<\/h2>\n<p>Xi lanh th\u1ee7y l\u1ef1c d\u1ea1ng \u1ed1ng l\u1ed3ng ch\u1ea5t l\u01b0\u1ee3ng cao cho xe mo\u00f3c ben ho\u1ea1t \u0111\u1ed9ng b\u1eb1ng c\u00e1ch chuy\u1ec3n \u0111\u1ed5i \u00e1p su\u1ea5t ch\u1ea5t l\u1ecfng th\u00e0nh l\u1ef1c. Ch\u1ea5t l\u1ecfng \u0111\u01b0\u1ee3c \u0111\u01b0a v\u00e0o xi lanh th\u00f4ng qua c\u00e1c c\u1ed5ng v\u00e0 t\u1ea1o \u00e1p l\u1ef1c l\u00ean piston, piston s\u1ebd di chuy\u1ec3n \u0111\u1ec3 t\u1ea1o l\u1ef1c l\u00ean t\u1ea3i. Vi\u1ec7c b\u1ea3o d\u01b0\u1ee1ng, ki\u1ec3m tra v\u00e0 v\u1ec7 sinh xi lanh th\u01b0\u1eddng xuy\u00ean l\u00e0 r\u1ea5t c\u1ea7n thi\u1ebft. B\u00f4i tr\u01a1n \u0111\u1ea3m b\u1ea3o ho\u1ea1t \u0111\u1ed9ng tr\u01a1n tru, trong khi vi\u1ec7c ki\u1ec3m tra v\u00e0 s\u1eeda ch\u1eefa th\u01b0\u1eddng xuy\u00ean gi\u00fap ph\u00e1t hi\u1ec7n v\u00e0 x\u1eed l\u00fd s\u1edbm c\u00e1c v\u1ea5n \u0111\u1ec1. Vi\u1ec7c thay th\u1ebf ph\u1edbt c\u0169ng r\u1ea5t quan tr\u1ecdng v\u00ec ph\u1edbt b\u1ecb m\u00f2n c\u00f3 th\u1ec3 d\u1eabn \u0111\u1ebfn r\u00f2 r\u1ec9. Cu\u1ed1i c\u00f9ng, h\u00e3y lu\u00f4n tu\u00e2n th\u1ee7 h\u01b0\u1edbng d\u1eabn s\u1eed d\u1ee5ng \u0111\u1ec3 bi\u1ebft c\u00e1c h\u01b0\u1edbng d\u1eabn b\u1ea3o d\u01b0\u1ee1ng v\u00e0 v\u1eadn h\u00e0nh.<img decoding=\"async\" src=\"https:\/\/hzpt.com\/wp-content\/uploads\/2023\/11\/Inverted-Telescopic-Cylinder-19.webp\" alt=\"\" title=\"\"><\/p>\n<h2>H\u00ecnh tr\u1ee5 \u1ed1ng l\u1ed3ng ng\u01b0\u1ee3c<\/h2>\n<p>Xi lanh \u1ed1ng l\u1ed3ng ng\u01b0\u1ee3c l\u00e0 m\u1ed9t lo\u1ea1i xi lanh th\u1ee7y l\u1ef1c c\u00f3 thi\u1ebft k\u1ebf \u0111\u1ed9c \u0111\u00e1o v\u00e0 mang l\u1ea1i nhi\u1ec1u l\u1ee3i \u00edch h\u01a1n so v\u1edbi c\u00e1c lo\u1ea1i xi lanh kh\u00e1c. N\u00f3 th\u01b0\u1eddng \u0111\u01b0\u1ee3c s\u1eed d\u1ee5ng trong c\u00e1c thi\u1ebft b\u1ecb h\u1ea1ng n\u1eb7ng nh\u01b0 xe k\u00e9o ben, c\u1ea7n c\u1ea9u v\u00e0 m\u00e1y \u0111\u00e0o. Trong b\u00e0i vi\u1ebft n\u00e0y, ch\u00fang t\u00f4i s\u1ebd th\u1ea3o lu\u1eadn chi ti\u1ebft v\u1ec1 c\u00e1c t\u00ednh n\u0103ng v\u00e0 \u01b0u \u0111i\u1ec3m c\u1ee7a xi lanh \u1ed1ng l\u1ed3ng ng\u01b0\u1ee3c.<\/p>\n<h3>\u0110\u1eb7c \u0111i\u1ec3m c\u1ee7a xi lanh \u1ed1ng l\u1ed3ng ng\u01b0\u1ee3c<\/h3>\n<ul>\n<li><strong>Ch\u1ea5t l\u01b0\u1ee3ng cao:<\/strong> Xi lanh \u1ed1ng l\u1ed3ng ng\u01b0\u1ee3c \u0111\u01b0\u1ee3c l\u00e0m t\u1eeb v\u1eadt li\u1ec7u ch\u1ea5t l\u01b0\u1ee3ng cao, b\u1ec1n b\u1ec9 v\u00e0 ch\u1ed1ng m\u00e0i m\u00f2n, \u0111\u1ea3m b\u1ea3o ch\u1ecbu \u0111\u01b0\u1ee3c t\u1ea3i tr\u1ecdng n\u1eb7ng v\u00e0 m\u00f4i tr\u01b0\u1eddng l\u00e0m vi\u1ec7c kh\u1eafc nghi\u1ec7t.<\/li>\n<li><strong>N\u00e9t d\u00e0i:<\/strong> H\u00e0nh tr\u00ecnh d\u00e0i c\u1ee7a xi lanh c\u00f3 ngh\u0129a l\u00e0 n\u00f3 c\u00f3 th\u1ec3 k\u00e9o d\u00e0i ho\u1eb7c thu l\u1ea1i \u1edf kho\u1ea3ng c\u00e1ch xa h\u01a1n, khi\u1ebfn n\u00f3 ph\u00f9 h\u1ee3p \u0111\u1ec3 s\u1eed d\u1ee5ng trong c\u00e1c thi\u1ebft b\u1ecb h\u1ea1ng n\u1eb7ng \u0111\u00f2i h\u1ecfi nhi\u1ec1u c\u00f4ng su\u1ea5t v\u00e0 kh\u1ea3 n\u0103ng n\u00e2ng.<\/li>\n<li><strong>Thi\u1ebft k\u1ebf d\u1ea1ng \u1ed1ng l\u1ed3ng:<\/strong> Thi\u1ebft k\u1ebf d\u1ea1ng \u1ed1ng l\u1ed3ng c\u1ee7a xi lanh c\u00f3 ngh\u0129a l\u00e0 n\u00f3 c\u00f3 th\u1ec3 \u0111\u01b0\u1ee3c k\u00e9o d\u00e0i ho\u1eb7c thu l\u1ea1i theo t\u1eebng ph\u1ea7n, cho ph\u00e9p linh ho\u1ea1t v\u00e0 ch\u00ednh x\u00e1c h\u01a1n khi n\u00e2ng v\u1eadt n\u1eb7ng ho\u1eb7c th\u1ef1c hi\u1ec7n c\u00e1c nhi\u1ec7m v\u1ee5 kh\u00e1c.<\/li>\n<\/ul>\n<h3>\u01afu \u0111i\u1ec3m c\u1ee7a xi lanh \u1ed1ng l\u1ed3ng ng\u01b0\u1ee3c<\/h3>\n<p>Xi lanh \u1ed1ng l\u1ed3ng ng\u01b0\u1ee3c c\u00f3 nhi\u1ec1u \u01b0u \u0111i\u1ec3m so v\u1edbi c\u00e1c lo\u1ea1i xi lanh th\u1ee7y l\u1ef1c kh\u00e1c. M\u1ed9t s\u1ed1 \u01b0u \u0111i\u1ec3m bao g\u1ed3m:<\/p>\n<ul>\n<li><strong>Kh\u1ea3 n\u0103ng n\u00e2ng l\u1edbn h\u01a1n:<\/strong> H\u00e0nh tr\u00ecnh d\u00e0i v\u00e0 thi\u1ebft k\u1ebf d\u1ea1ng \u1ed1ng l\u1ed3ng c\u1ee7a xi lanh c\u00f3 ngh\u0129a l\u00e0 n\u00f3 c\u00f3 th\u1ec3 cung c\u1ea5p kh\u1ea3 n\u0103ng n\u00e2ng l\u1edbn h\u01a1n, khi\u1ebfn n\u00f3 ph\u00f9 h\u1ee3p \u0111\u1ec3 s\u1eed d\u1ee5ng trong c\u00e1c thi\u1ebft b\u1ecb h\u1ea1ng n\u1eb7ng \u0111\u00f2i h\u1ecfi nhi\u1ec1u c\u00f4ng su\u1ea5t v\u00e0 kh\u1ea3 n\u0103ng n\u00e2ng.<\/li>\n<li><strong>Ki\u1ec3m so\u00e1t \u0111\u1ed9 ch\u00ednh x\u00e1c:<\/strong> Thi\u1ebft k\u1ebf d\u1ea1ng \u1ed1ng l\u1ed3ng c\u1ee7a xi lanh cho ph\u00e9p ki\u1ec3m so\u00e1t ch\u00ednh x\u00e1c h\u01a1n khi n\u00e2ng v\u1eadt n\u1eb7ng ho\u1eb7c th\u1ef1c hi\u1ec7n c\u00e1c nhi\u1ec7m v\u1ee5 kh\u00e1c, \u0111i\u1ec1u n\u00e0y r\u1ea5t quan tr\u1ecdng trong c\u00e1c ng\u00e0nh c\u00f4ng nghi\u1ec7p nh\u01b0 x\u00e2y d\u1ef1ng v\u00e0 khai th\u00e1c m\u1ecf, n\u01a1i an to\u00e0n l\u00e0 \u01b0u ti\u00ean h\u00e0ng \u0111\u1ea7u.<\/li>\n<li><strong>\u00cdt b\u1ea3o tr\u00ec h\u01a1n:<\/strong> V\u1eadt li\u1ec7u ch\u1ea5t l\u01b0\u1ee3ng cao \u0111\u01b0\u1ee3c s\u1eed d\u1ee5ng trong qu\u00e1 tr\u00ecnh ch\u1ebf t\u1ea1o xi lanh \u1ed1ng l\u1ed3ng ng\u01b0\u1ee3c gi\u00fap xi lanh n\u00e0y ch\u1ed1ng m\u00e0i m\u00f2n v\u00e0 h\u01b0 h\u1ecfng, ngh\u0129a l\u00e0 xi lanh n\u00e0y c\u1ea7n \u00edt b\u1ea3o tr\u00ec h\u01a1n so v\u1edbi c\u00e1c lo\u1ea1i xi lanh kh\u00e1c.<\/li>\n<li><strong>Hi\u1ec7u qu\u1ea3 \u0111\u01b0\u1ee3c c\u1ea3i thi\u1ec7n:<\/strong> Thi\u1ebft k\u1ebf c\u1ee7a xi lanh \u1ed1ng l\u1ed3ng ng\u01b0\u1ee3c cho ph\u00e9p c\u1ea3i thi\u1ec7n hi\u1ec7u qu\u1ea3 khi n\u00e2ng v\u1eadt n\u1eb7ng ho\u1eb7c th\u1ef1c hi\u1ec7n c\u00e1c nhi\u1ec7m v\u1ee5 kh\u00e1c, t\u1eeb \u0111\u00f3 c\u00f3 th\u1ec3 gi\u1ea3m chi ph\u00ed n\u0103ng l\u01b0\u1ee3ng v\u00e0 t\u0103ng n\u0103ng su\u1ea5t t\u1ed5ng th\u1ec3.<\/li>\n<\/ul>\n<p>Xi lanh th\u1ee7y l\u1ef1c d\u1ea1ng \u1ed1ng l\u1ed3ng ng\u01b0\u1ee3c l\u00e0 m\u1ed9t lo\u1ea1i xi lanh th\u1ee7y l\u1ef1c \u0111\u1ed9c \u0111\u00e1o, s\u1edf h\u1eefu nhi\u1ec1u \u01b0u \u0111i\u1ec3m v\u01b0\u1ee3t tr\u1ed9i so v\u1edbi c\u00e1c lo\u1ea1i xi lanh kh\u00e1c. C\u1ea5u tr\u00fac ch\u1ea5t l\u01b0\u1ee3ng cao, h\u00e0nh tr\u00ecnh d\u00e0i v\u00e0 thi\u1ebft k\u1ebf d\u1ea1ng \u1ed1ng l\u1ed3ng gi\u00fap xi lanh n\u00e0y ph\u00f9 h\u1ee3p \u0111\u1ec3 s\u1eed d\u1ee5ng trong c\u00e1c thi\u1ebft b\u1ecb h\u1ea1ng n\u1eb7ng nh\u01b0 xe mo\u00f3c ben, c\u1ea7n c\u1ea9u v\u00e0 m\u00e1y \u0111\u00e0o. Kh\u1ea3 n\u0103ng \u0111i\u1ec1u khi\u1ec3n ch\u00ednh x\u00e1c, kh\u1ea3 n\u0103ng n\u00e2ng l\u1edbn h\u01a1n v\u00e0 hi\u1ec7u su\u1ea5t \u0111\u01b0\u1ee3c c\u1ea3i thi\u1ec7n khi\u1ebfn xi lanh tr\u1edf th\u00e0nh m\u1ed9t th\u00e0nh ph\u1ea7n thi\u1ebft y\u1ebfu trong nhi\u1ec1u ng\u00e0nh c\u00f4ng nghi\u1ec7p \u0111\u00f2i h\u1ecfi ph\u1ea3i n\u00e2ng v\u1eadt n\u1eb7ng. N\u1ebfu b\u1ea1n \u0111ang t\u00ecm ki\u1ebfm m\u1ed9t xi lanh th\u1ee7y l\u1ef1c \u0111\u00e1ng tin c\u1eady v\u00e0 b\u1ec1n b\u1ec9 cho thi\u1ebft b\u1ecb h\u1ea1ng n\u1eb7ng c\u1ee7a m\u00ecnh, h\u00e3y c\u00e2n nh\u1eafc s\u1eed d\u1ee5ng xi lanh th\u1ee7y l\u1ef1c d\u1ea1ng \u1ed1ng l\u1ed3ng ng\u01b0\u1ee3c.<\/p>\n<h3>Gi\u1edbi thi\u1ec7u v\u1ec1 FMP<\/h3>\n<p>FMP l\u00e0 m\u1ed9t c\u00f4ng ty chuy\u00ean s\u1ea3n xu\u1ea5t v\u00e0 kinh doanh Xi lanh th\u1ee7y l\u1ef1c. V\u1edbi tr\u1ee5 s\u1edf ch\u00ednh \u0111\u1eb7t t\u1ea1i \u00dd, ch\u00fang t\u00f4i c\u00f3 kinh nghi\u1ec7m d\u00e0y d\u1eb7n trong ng\u00e0nh m\u00e1y m\u00f3c x\u00e2y d\u1ef1ng v\u00e0 \u0111\u1ed9i ng\u0169 chuy\u00ean gia t\u1eadn t\u00e2m. Ch\u00fang t\u00f4i cung c\u1ea5p Xi lanh th\u1ee7y l\u1ef1c ch\u1ea5t l\u01b0\u1ee3ng cao v\u00e0 \u0111\u00e1ng tin c\u1eady, c\u00f9ng v\u1edbi nhi\u1ec1u lo\u1ea1i ph\u1ee5 t\u00f9ng v\u00e0 gi\u1ea3i ph\u00e1p m\u00e1y m\u00f3c x\u00e2y d\u1ef1ng kh\u00e1c.<\/p>\n<p><strong>1. Nhi\u1ec1u lo\u1ea1i s\u1ea3n ph\u1ea9m:<\/strong> D\u00f2ng s\u1ea3n ph\u1ea9m c\u1ee7a ch\u00fang t\u00f4i bao g\u1ed3m nhi\u1ec1u lo\u1ea1i Xi lanh th\u1ee7y l\u1ef1c \u0111\u00e1p \u1ee9ng c\u00e1c nhu c\u1ea7u kh\u00e1c nhau trong ng\u00e0nh m\u00e1y m\u00f3c x\u00e2y d\u1ef1ng.<\/p>\n<p><strong>2. Ch\u1ea5t l\u01b0\u1ee3ng v\u01b0\u1ee3t tr\u1ed9i:<\/strong> Ch\u00fang t\u00f4i \u0111\u00e3 thi\u1ebft l\u1eadp m\u1ed1i quan h\u1ec7 \u0111\u1ed1i t\u00e1c l\u00e2u d\u00e0i v\u00e0 \u1ed5n \u0111\u1ecbnh v\u1edbi c\u00e1c nh\u00e0 cung c\u1ea5p ch\u1ea5t l\u01b0\u1ee3ng cao t\u1eeb c\u1ea3 th\u1ecb tr\u01b0\u1eddng trong n\u01b0\u1edbc v\u00e0 qu\u1ed1c t\u1ebf. \u0110i\u1ec1u n\u00e0y \u0111\u1ea3m b\u1ea3o t\u1ea5t c\u1ea3 xi lanh th\u1ee7y l\u1ef1c c\u1ee7a ch\u00fang t\u00f4i \u0111\u1ec1u \u0111\u00e1p \u1ee9ng c\u00e1c ti\u00eau chu\u1ea9n ch\u1ea5t l\u01b0\u1ee3ng nghi\u00eam ng\u1eb7t, mang \u0111\u1ebfn cho kh\u00e1ch h\u00e0ng nh\u1eefng s\u1ea3n ph\u1ea9m \u0111\u00e1ng tin c\u1eady v\u00e0 b\u1ec1n b\u1ec9.<\/p>\n<p><strong>3. \u0110\u1ed9i ng\u0169 b\u00e1n h\u00e0ng chuy\u00ean nghi\u1ec7p:<\/strong> \u0110\u1ed9i ng\u0169 b\u00e1n h\u00e0ng gi\u00e0u kinh nghi\u1ec7m c\u1ee7a ch\u00fang t\u00f4i am hi\u1ec3u c\u00e1c xu h\u01b0\u1edbng m\u1edbi nh\u1ea5t v\u00e0 nhu c\u1ea7u c\u1ee7a kh\u00e1ch h\u00e0ng trong ng\u00e0nh m\u00e1y m\u00f3c x\u00e2y d\u1ef1ng. H\u1ecd c\u00f3 th\u1ec3 t\u01b0 v\u1ea5n s\u1ea3n ph\u1ea9m chuy\u00ean nghi\u1ec7p v\u00e0 \u0111\u01b0a ra nh\u1eefng g\u1ee3i \u00fd mua h\u00e0ng th\u00f4ng minh, gi\u00fap kh\u00e1ch h\u00e0ng l\u1ef1a ch\u1ecdn xi lanh th\u1ee7y l\u1ef1c ph\u00f9 h\u1ee3p nh\u1ea5t v\u1edbi nhu c\u1ea7u c\u1ee5 th\u1ec3 c\u1ee7a m\u00ecnh.<\/p>\n<p><strong>4. Ph\u00e2n ph\u1ed1i h\u1eadu c\u1ea7n hi\u1ec7u qu\u1ea3:<\/strong> T\u1ea1i FMP, ch\u00fang t\u00f4i hi\u1ec3u r\u00f5 t\u1ea7m quan tr\u1ecdng c\u1ee7a vi\u1ec7c giao h\u00e0ng \u0111\u00fang h\u1ea1n v\u00e0 ch\u00ednh x\u00e1c. H\u1ec7 th\u1ed1ng ph\u00e2n ph\u1ed1i h\u1eadu c\u1ea7n hi\u1ec7u qu\u1ea3 c\u1ee7a ch\u00fang t\u00f4i \u0111\u1ea3m b\u1ea3o kh\u00e1ch h\u00e0ng nh\u1eadn \u0111\u01b0\u1ee3c c\u00e1c b\u1ed9 ph\u1eadn c\u1ea7n thi\u1ebft m\u1ed9t c\u00e1ch k\u1ecbp th\u1eddi, gi\u1ea3m thi\u1ec3u th\u1eddi gian ng\u1eebng ho\u1ea1t \u0111\u1ed9ng v\u00e0 t\u1ed1i \u0111a h\u00f3a n\u0103ng su\u1ea5t.<\/p>\n<p><strong>5. Cam k\u1ebft s\u1ef1 h\u00e0i l\u00f2ng c\u1ee7a kh\u00e1ch h\u00e0ng:<\/strong> Ch\u00fang t\u00f4i lu\u00f4n \u0111\u1eb7t s\u1ef1 h\u00e0i l\u00f2ng c\u1ee7a kh\u00e1ch h\u00e0ng l\u00ean h\u00e0ng \u0111\u1ea7u v\u00e0 n\u1ed7 l\u1ef1c cung c\u1ea5p d\u1ecbch v\u1ee5 xu\u1ea5t s\u1eafc. \u0110\u1ed9i ng\u0169 c\u1ee7a ch\u00fang t\u00f4i lu\u00f4n t\u1eadn t\u00e2m gi\u1ea3i quy\u1ebft m\u1ecdi th\u1eafc m\u1eafc ho\u1eb7c lo ng\u1ea1i m\u1ed9t c\u00e1ch nhanh ch\u00f3ng, \u0111\u1ea3m b\u1ea3o tr\u1ea3i nghi\u1ec7m m\u01b0\u1ee3t m\u00e0 v\u00e0 th\u00fa v\u1ecb cho qu\u00fd kh\u00e1ch.<\/p>\n<p><img decoding=\"async\" src=\"https:\/\/fmp-components.com\/wp-content\/uploads\/2024\/12\/Adjustable-Clevis-Type-Cylinders-6.webp\" alt=\"Xi lanh lo\u1ea1i Clevis c\u00f3 th\u1ec3 \u0111i\u1ec1u ch\u1ec9nh\" width=\"842\" title=\"\"><br \/>\nT\u00e1c gi\u1ea3: CX<\/p>","protected":false},"excerpt":{"rendered":"<p>Introducing High Quality Dump Trailer Long Stroke Hydraulic Cylinder Telescopic Hydraulic Cylinder: The High Quality Dump Trailer Long Stroke Hydraulic Cylinder Telescopic Hydraulic Cylinder is a top-notch product designed for optimum performance and durability. With its advanced features and superior engineering, this hydraulic cylinder is perfect for dump trailers and other heavy-duty applications. This hydraulic [&hellip;]<\/p>","protected":false},"featured_media":1682,"comment_status":"closed","ping_status":"closed","template":"","meta":{"_et_pb_use_builder":"","_et_pb_old_content":"","_et_gb_content_width":""},"product_brand":[],"product_cat":[45],"product_tag":[34,48],"class_list":{"0":"post-1681","1":"product","2":"type-product","3":"status-publish","4":"has-post-thumbnail","6":"product_cat-inverted-telescopic-cylinder","7":"product_tag-hydraulic-cylinder","8":"product_tag-inverted-telescopic-cylinder","10":"first","11":"instock","12":"product-type-simple"},"_links":{"self":[{"href":"https:\/\/fmp-components.com\/vi\/wp-json\/wp\/v2\/product\/1681","targetHints":{"allow":["GET"]}}],"collection":[{"href":"https:\/\/fmp-components.com\/vi\/wp-json\/wp\/v2\/product"}],"about":[{"href":"https:\/\/fmp-components.com\/vi\/wp-json\/wp\/v2\/types\/product"}],"replies":[{"embeddable":true,"href":"https:\/\/fmp-components.com\/vi\/wp-json\/wp\/v2\/comments?post=1681"}],"wp:featuredmedia":[{"embeddable":true,"href":"https:\/\/fmp-components.com\/vi\/wp-json\/wp\/v2\/media\/1682"}],"wp:attachment":[{"href":"https:\/\/fmp-components.com\/vi\/wp-json\/wp\/v2\/media?parent=1681"}],"wp:term":[{"taxonomy":"product_brand","embeddable":true,"href":"https:\/\/fmp-components.com\/vi\/wp-json\/wp\/v2\/product_brand?post=1681"},{"taxonomy":"product_cat","embeddable":true,"href":"https:\/\/fmp-components.com\/vi\/wp-json\/wp\/v2\/product_cat?post=1681"},{"taxonomy":"product_tag","embeddable":true,"href":"https:\/\/fmp-components.com\/vi\/wp-json\/wp\/v2\/product_tag?post=1681"}],"curies":[{"name":"wp","href":"https:\/\/api.w.org\/{rel}","templated":true}]}}