{"id":1677,"date":"2024-12-23T07:01:59","date_gmt":"2024-12-23T07:01:59","guid":{"rendered":"https:\/\/fmp-components.com\/product\/factory-serving-long-stroke-dump-trailer-hydraulic-cylinder-for-dump-truck\/"},"modified":"2025-03-11T05:50:33","modified_gmt":"2025-03-11T05:50:33","slug":"factory-serving-long-stroke-dump-trailer-hydraulic-cylinder-for-dump-truck","status":"publish","type":"product","link":"https:\/\/fmp-components.com\/vi\/product\/factory-serving-long-stroke-dump-trailer-hydraulic-cylinder-for-dump-truck\/","title":{"rendered":"Nh\u00e0 m\u00e1y cung c\u1ea5p xi lanh th\u1ee7y l\u1ef1c cho xe ben h\u00e0nh tr\u00ecnh d\u00e0i"},"content":{"rendered":"<p>Xi lanh th\u1ee7y l\u1ef1c cho xe ben h\u00e0nh tr\u00ecnh d\u00e0i Factory Serving l\u00e0 s\u1ea3n ph\u1ea9m ti\u00ean ti\u1ebfn, ch\u1ea5t l\u01b0\u1ee3ng cao, \u0111\u01b0\u1ee3c thi\u1ebft k\u1ebf \u0111\u1ec3 \u0111\u00e1p \u1ee9ng nhu c\u1ea7u c\u1ee7a ng\u00e0nh c\u00f4ng nghi\u1ec7p xe ben hi\u1ec7n \u0111\u1ea1i. V\u1edbi c\u1ea5u tr\u00fac b\u1ec1n b\u1ec9 v\u00e0 thi\u1ebft k\u1ebf \u0111a n\u0103ng, xi lanh th\u1ee7y l\u1ef1c n\u00e0y l\u00e0 gi\u1ea3i ph\u00e1p l\u00fd t\u01b0\u1edfng cho nh\u1eefng ng\u01b0\u1eddi v\u1eadn h\u00e0nh xe ben \u0111\u00f2i h\u1ecfi ch\u1ea5t l\u01b0\u1ee3ng t\u1ed1t nh\u1ea5t.<\/p>\n<p>V\u1edbi thi\u1ebft k\u1ebf h\u00e0nh tr\u00ecnh d\u00e0i, xi lanh th\u1ee7y l\u1ef1c n\u00e0y c\u00f3 kh\u1ea3 n\u0103ng mang l\u1ea1i hi\u1ec7u su\u1ea5t v\u00e0 hi\u1ec7u qu\u1ea3 v\u01b0\u1ee3t tr\u1ed9i ngay c\u1ea3 trong nh\u1eefng \u1ee9ng d\u1ee5ng kh\u1eaft khe nh\u1ea5t. Xi lanh \u0111\u01b0\u1ee3c ch\u1ebf t\u1ea1o t\u1eeb v\u1eadt li\u1ec7u cao c\u1ea5p, \u0111\u1ea3m b\u1ea3o \u0111\u1ee7 ch\u1eafc ch\u1eafn \u0111\u1ec3 ch\u1ecbu \u0111\u01b0\u1ee3c c\u01b0\u1eddng \u0111\u1ed9 s\u1eed d\u1ee5ng cao v\u00e0 \u0111i\u1ec1u ki\u1ec7n l\u00e0m vi\u1ec7c kh\u1eafc nghi\u1ec7t.<\/p>\n<p>M\u1ed9t trong nh\u1eefng l\u1ee3i \u00edch ch\u00ednh c\u1ee7a xi lanh th\u1ee7y l\u1ef1c n\u00e0y l\u00e0 d\u1ec5 l\u1eafp \u0111\u1eb7t. Xi lanh \u0111i k\u00e8m v\u1edbi t\u1ea5t c\u1ea3 c\u00e1c ph\u1ea7n c\u1ee9ng v\u00e0 ph\u1ee5 ki\u1ec7n l\u1eafp \u0111\u1eb7t c\u1ea7n thi\u1ebft, gi\u00fap vi\u1ec7c l\u1eafp \u0111\u1eb7t nhanh ch\u00f3ng v\u00e0 d\u1ec5 d\u00e0ng. Sau khi l\u1eafp \u0111\u1eb7t, n\u00f3 c\u1ef1c k\u1ef3 d\u1ec5 v\u1eadn h\u00e0nh, v\u1edbi c\u00e1c n\u00fat \u0111i\u1ec1u khi\u1ec3n \u0111\u01a1n gi\u1ea3n v\u00e0 thao t\u00e1c tr\u1ef1c quan.<\/p>\n<p><img decoding=\"async\" src=\"https:\/\/hzpt.com\/wp-content\/uploads\/2023\/11\/Inverted-Telescopic-Cylinder-11.webp\" alt=\"\" title=\"\"><\/p>\n<p>V\u1ec1 hi\u1ec7u su\u1ea5t, Xi lanh th\u1ee7y l\u1ef1c r\u01a1 mo\u00f3c \u0111\u1ed5 d\u00e0i Factory Serving mang l\u1ea1i k\u1ebft qu\u1ea3 v\u01b0\u1ee3t tr\u1ed9i. Thi\u1ebft k\u1ebf ch\u00ednh x\u00e1c \u0111\u1ea3m b\u1ea3o ho\u1ea1t \u0111\u1ed9ng tr\u01a1n tru v\u00e0 hi\u1ec7u qu\u1ea3, v\u1edbi ma s\u00e1t t\u1ed1i thi\u1ec3u v\u00e0 c\u00f4ng su\u1ea5t t\u1ed1i \u0111a. \u0110i\u1ec1u n\u00e0y cho ph\u00e9p xe d\u1ec5 d\u00e0ng x\u1eed l\u00fd t\u1ea3i tr\u1ecdng n\u1eb7ng, \u0111\u1ed3ng th\u1eddi mang l\u1ea1i hi\u1ec7u su\u1ea5t \u1ed5n \u0111\u1ecbnh v\u00e0 \u0111\u00e1ng tin c\u1eady trong th\u1eddi gian d\u00e0i.<\/p>\n<p>Nh\u00ecn chung, Xi lanh th\u1ee7y l\u1ef1c r\u01a1 mo\u00f3c \u0111\u1ed5 d\u00e0i Factory Serving d\u00e0nh cho xe ben l\u00e0 m\u1ed9t s\u1ea3n ph\u1ea9m xu\u1ea5t s\u1eafc, \u0111\u1ea1i di\u1ec7n cho nh\u1eefng tinh hoa k\u1ef9 thu\u1eadt hi\u1ec7n \u0111\u1ea1i. N\u1ebfu b\u1ea1n \u0111ang t\u00ecm ki\u1ebfm m\u1ed9t xi lanh th\u1ee7y l\u1ef1c ch\u1ea5t l\u01b0\u1ee3ng cao, mang l\u1ea1i hi\u1ec7u su\u1ea5t v\u00e0 \u0111\u1ed9 tin c\u1eady v\u01b0\u1ee3t tr\u1ed9i, th\u00ec \u0111\u00e2y ch\u00ednh l\u00e0 s\u1ea3n ph\u1ea9m d\u00e0nh cho b\u1ea1n.<\/p>\n<table style=\"width: 100%;\" border=\"1\" width=\"100%\" cellspacing=\"0\" cellpadding=\"0\">\n<tbody>\n<tr>\n<th>T\u00ean s\u1ea3n ph\u1ea9m<\/th>\n<td>Xi lanh th\u1ee7y l\u1ef1c r\u01a1 mo\u00f3c \u0111\u1ed5 h\u00e0nh tr\u00ecnh d\u00e0i<\/td>\n<\/tr>\n<tr>\n<th>T\u00ecnh tr\u1ea1ng<\/th>\n<td>M\u1edbi<\/td>\n<\/tr>\n<tr>\n<th>B\u1ea3o h\u00e0nh<\/th>\n<td>1 n\u0103m<\/td>\n<\/tr>\n<tr>\n<th>C\u00e2n n\u1eb7ng (KG)<\/th>\n<td>48<\/td>\n<\/tr>\n<tr>\n<th>L\u1ef1c \u0111\u1ea9y t\u1ed1i \u0111a<\/th>\n<td>3000<\/td>\n<\/tr>\n<tr>\n<th>L\u1ef1c k\u00e9o t\u1ed1i \u0111a<\/th>\n<td>20 t\u1ea5n<\/td>\n<\/tr>\n<tr>\n<th>C\u00e1c ng\u00e0nh c\u00f4ng nghi\u1ec7p \u00e1p d\u1ee5ng<\/th>\n<td>Nh\u00e0 m\u00e1y s\u1ea3n xu\u1ea5t, X\u01b0\u1edfng s\u1eeda ch\u1eefa m\u00e1y m\u00f3c, Trang tr\u1ea1i, N\u0103ng l\u01b0\u1ee3ng &amp; Khai th\u00e1c, S\u1ea3n xu\u1ea5t m\u00e1y m\u00f3c, Nh\u00e0 m\u00e1y m\u00e1y m\u00f3c<\/td>\n<\/tr>\n<tr>\n<th>Thi\u1ebft k\u1ebf<\/th>\n<td>C\u00f4ng ngh\u1ec7 ti\u00ean ti\u1ebfn, \u0111\u1eb7c bi\u1ec7t d\u00e0nh cho xe t\u1ea3i ben<\/td>\n<\/tr>\n<tr>\n<th>Hi\u1ec7u su\u1ea5t<\/th>\n<td>M\u1ea1nh m\u1ebd v\u00e0 \u0111\u00e1ng tin c\u1eady<\/td>\n<\/tr>\n<\/tbody>\n<\/table>\n<h2>\u0110\u1eb7c \u0111i\u1ec3m c\u1ee7a xi lanh th\u1ee7y l\u1ef1c r\u01a1 mo\u00f3c \u0111\u1ed5 h\u00e0nh tr\u00ecnh d\u00e0i<\/h2>\n<p>Xi lanh th\u1ee7y l\u1ef1c n\u00e0y c\u00f3 nhi\u1ec1u t\u00ednh n\u0103ng khi\u1ebfn n\u00f3 tr\u1edf th\u00e0nh l\u1ef1a ch\u1ecdn tuy\u1ec7t v\u1eddi cho xe ben c\u1ee7a b\u1ea1n. Bao g\u1ed3m:<\/p>\n<ul>\n<li>C\u1ea5u tr\u00fac ti\u00eau chu\u1ea9n c\u1ee7a xi lanh piston \u2013 mang l\u1ea1i kh\u1ea3 n\u0103ng ho\u1ea1t \u0111\u1ed9ng \u0111\u00e1ng tin c\u1eady v\u00e0 t\u01b0\u01a1ng th\u00edch.<\/li>\n<li>H\u1ec7 th\u1ed1ng th\u1ee7y l\u1ef1c \u2013 cung c\u1ea5p kh\u1ea3 n\u0103ng v\u1eadn h\u00e0nh m\u1ea1nh m\u1ebd, hi\u1ec7u qu\u1ea3 cho c\u00e1c nhi\u1ec7m v\u1ee5 n\u1eb7ng nh\u1ecdc.<\/li>\n<li>V\u1eadt li\u1ec7u th\u00e2n th\u00e9p \u2013 \u0111\u1ea3m b\u1ea3o \u0111\u1ed9 b\u1ec1n v\u00e0 s\u1eed d\u1ee5ng l\u00e2u d\u00e0i.<\/li>\n<li>Lo\u1ea1i xi lanh \u1ed1ng l\u1ed3ng ng\u01b0\u1ee3c \u2013 cung c\u1ea5p ph\u1ea1m vi ti\u1ebfp c\u1eadn r\u1ed9ng h\u01a1n v\u00e0 t\u00ednh linh ho\u1ea1t cao h\u01a1n.<\/li>\n<li>Ch\u1ee9ng nh\u1eadn ISO9001:2000 \u2013 \u0111\u1ea3m b\u1ea3o ti\u00eau chu\u1ea9n ch\u1ea5t l\u01b0\u1ee3ng v\u00e0 hi\u1ec7u su\u1ea5t.<\/li>\n<\/ul>\n<h2>\u1ee8ng d\u1ee5ng c\u1ee7a xi lanh th\u1ee7y l\u1ef1c r\u01a1 mo\u00f3c \u0111\u1ed5 h\u00e0nh tr\u00ecnh d\u00e0i<\/h2>\n<p>T\u00ednh linh ho\u1ea1t c\u1ee7a xi lanh th\u1ee7y l\u1ef1c n\u00e0y khi\u1ebfn n\u00f3 ph\u00f9 h\u1ee3p v\u1edbi nhi\u1ec1u \u1ee9ng d\u1ee5ng kh\u00e1c nhau. Bao g\u1ed3m:<\/p>\n<ul>\n<li>Nh\u00e0 m\u00e1y s\u1ea3n xu\u1ea5t \u2013 \u0111\u1ec3 v\u1eadn h\u00e0nh m\u00e1y m\u00f3c h\u1ea1ng n\u1eb7ng.<\/li>\n<li>X\u01b0\u1edfng s\u1eeda ch\u1eefa m\u00e1y m\u00f3c \u2013 \u0111\u1ec3 thay th\u1ebf ho\u1eb7c s\u1eeda ch\u1eefa.<\/li>\n<li>Trang tr\u1ea1i \u2013 \u0111\u1ec3 qu\u1ea3n l\u00fd m\u00e1y m\u00f3c v\u00e0 thi\u1ebft b\u1ecb n\u00f4ng nghi\u1ec7p.<\/li>\n<li>N\u0103ng l\u01b0\u1ee3ng &amp; Khai kho\u00e1ng \u2013 v\u1eadn h\u00e0nh gi\u00e0n khoan v\u00e0 c\u00e1c lo\u1ea1i m\u00e1y m\u00f3c h\u1ea1ng n\u1eb7ng kh\u00e1c.<\/li>\n<li>Ch\u1ebf t\u1ea1o m\u00e1y m\u00f3c v\u00e0 nh\u00e0 m\u00e1y s\u1ea3n xu\u1ea5t m\u00e1y m\u00f3c \u2013 l\u00e0 m\u1ed9t th\u00e0nh ph\u1ea7n trong nhi\u1ec1u lo\u1ea1i m\u00e1y m\u00f3c.<\/li>\n<\/ul>\n<p><img decoding=\"async\" src=\"https:\/\/hzpt.com\/wp-content\/uploads\/2023\/11\/Inverted-Telescopic-Cylinder-Applications.webp\" alt=\"\u1ee8ng d\u1ee5ng c\u1ee7a xi lanh \u1ed1ng l\u1ed3ng ng\u01b0\u1ee3c\" title=\"\"><\/p>\n<h2>Nguy\u00ean l\u00fd ho\u1ea1t \u0111\u1ed9ng v\u00e0 b\u1ea3o d\u01b0\u1ee1ng xi lanh th\u1ee7y l\u1ef1c r\u01a1 mo\u00f3c \u0111\u1ed5 d\u00e0i<\/h2>\n<p>Xi lanh th\u1ee7y l\u1ef1c n\u00e0y ho\u1ea1t \u0111\u1ed9ng theo nguy\u00ean l\u00fd \u0111\u01a1n gi\u1ea3n nh\u01b0ng hi\u1ec7u qu\u1ea3. N\u00f3 bao g\u1ed3m m\u1ed9t l\u1ed7 khoan v\u00e0 m\u1ed9t thanh truy\u1ec1n, v\u1edbi ch\u1ea5t l\u1ecfng th\u1ee7y l\u1ef1c \u0111\u01b0\u1ee3c b\u01a1m v\u00e0o xi lanh \u1edf \u00e1p su\u1ea5t cao. \u0110i\u1ec1u n\u00e0y t\u1ea1o ra m\u1ed9t l\u1ef1c tuy\u1ebfn t\u00ednh, l\u00e0m di chuy\u1ec3n thanh truy\u1ec1n, t\u1ea1o ra l\u1ef1c \u0111\u1ea9y ho\u1eb7c l\u1ef1c k\u00e9o c\u1ea7n thi\u1ebft cho \u1ee9ng d\u1ee5ng c\u1ee7a b\u1ea1n. Vi\u1ec7c b\u1ea3o d\u01b0\u1ee1ng xi lanh th\u1ee7y l\u1ef1c n\u00e0y bao g\u1ed3m ki\u1ec3m tra, v\u1ec7 sinh, b\u00f4i tr\u01a1n v\u00e0 thay th\u1ebf ph\u1edbt th\u01b0\u1eddng xuy\u00ean, c\u0169ng nh\u01b0 tu\u00e2n th\u1ee7 h\u01b0\u1edbng d\u1eabn s\u1eed d\u1ee5ng \u0111\u1ec3 \u0111\u1ea3m b\u1ea3o hi\u1ec7u su\u1ea5t v\u00e0 tu\u1ed5i th\u1ecd t\u1ed1i \u01b0u.<\/p>\n<p><img decoding=\"async\" src=\"https:\/\/hzpt.com\/wp-content\/uploads\/2023\/11\/Inverted-Telescopic-Cylinder-12.webp\" alt=\"\" title=\"\"><\/p>\n<h2>H\u00ecnh tr\u1ee5 \u1ed1ng l\u1ed3ng ng\u01b0\u1ee3c<\/h2>\n<ul>\n<li><strong>Gi\u1edbi thi\u1ec7u:<\/strong> Xi lanh th\u1ee7y l\u1ef1c d\u1ea1ng \u1ed1ng l\u1ed3ng ng\u01b0\u1ee3c l\u00e0 m\u1ed9t lo\u1ea1i xi lanh th\u1ee7y l\u1ef1c \u0111\u01b0\u1ee3c s\u1eed d\u1ee5ng r\u1ed9ng r\u00e3i trong nhi\u1ec1u \u1ee9ng d\u1ee5ng c\u00f4ng nghi\u1ec7p, \u0111\u1eb7c bi\u1ec7t l\u00e0 tr\u00ean xe ben v\u00e0 xe k\u00e9o. Lo\u1ea1i xi lanh n\u00e0y \u0111\u01b0\u1ee3c thi\u1ebft k\u1ebf \u0111\u1ec3 c\u00f3 h\u00e0nh tr\u00ecnh d\u00e0i v\u1edbi k\u1ebft c\u1ea5u nh\u1ecf g\u1ecdn v\u00e0 b\u1ec1n b\u1ec9, l\u00fd t\u01b0\u1edfng cho c\u00e1c ho\u1ea1t \u0111\u1ed9ng n\u1eb7ng.<\/li>\n<li><strong>\u0110\u1eb7c tr\u01b0ng:<\/strong> Xi lanh th\u1ee7y l\u1ef1c d\u1ea1ng \u1ed1ng l\u1ed3ng \u0111\u1ea3o ng\u01b0\u1ee3c cho xe ben h\u00e0nh tr\u00ecnh d\u00e0i c\u1ee7a Factory Serving \u0111\u01b0\u1ee3c bi\u1ebft \u0111\u1ebfn v\u1edbi nh\u1eefng t\u00ednh n\u0103ng v\u01b0\u1ee3t tr\u1ed9i, ch\u1eb3ng h\u1ea1n nh\u01b0 kh\u1ea3 n\u0103ng t\u1ea1o ra l\u1ef1c v\u00e0 m\u00f4-men xo\u1eafn cao nh\u1edd \u0111\u01b0\u1eddng k\u00ednh piston v\u00e0 h\u00e0nh tr\u00ecnh piston l\u1edbn. S\u1ea3n ph\u1ea9m c\u0169ng c\u00f3 thi\u1ebft k\u1ebf nh\u1ecf g\u1ecdn, d\u1ec5 d\u00e0ng l\u1eafp \u0111\u1eb7t v\u00e0 b\u1ea3o tr\u00ec. H\u01a1n n\u1eefa, lo\u1ea1i xi lanh n\u00e0y \u0111\u01b0\u1ee3c l\u00e0m t\u1eeb v\u1eadt li\u1ec7u ch\u1ea5t l\u01b0\u1ee3ng cao, ch\u1eb3ng h\u1ea1n nh\u01b0 th\u00e9p v\u00e0 nh\u00f4m, mang l\u1ea1i \u0111\u1ed9 b\u1ec1n v\u00e0 kh\u1ea3 n\u0103ng ch\u1ed1ng m\u00e0i m\u00f2n tuy\u1ec7t v\u1eddi.<\/li>\n<li><strong>Thi\u1ebft k\u1ebf:<\/strong> Xy lanh \u1ed1ng l\u1ed3ng ng\u01b0\u1ee3c \u0111\u01b0\u1ee3c thi\u1ebft k\u1ebf \u0111\u1ec3 ho\u1ea1t \u0111\u1ed9ng theo ph\u01b0\u01a1ng th\u1eb3ng \u0111\u1ee9ng, v\u1edbi c\u1ea7n piston k\u00e9o d\u00e0i xu\u1ed1ng d\u01b0\u1edbi th\u00e2n xi lanh. Xy lanh bao g\u1ed3m m\u1ed9t lo\u1ea1t c\u00e1c \u1ed1ng l\u1ed3ng v\u00e0o nhau, di chuy\u1ec3n v\u00e0o v\u00e0 ra kh\u1ecfi nhau \u0111\u1ec3 t\u1ea1o ra m\u1ed9t h\u00e0nh tr\u00ecnh d\u00e0i. Piston \u0111\u01b0\u1ee3c g\u1eafn v\u00e0o \u1ed1ng l\u1edbn nh\u1ea5t, v\u00e0 khi ch\u1ea5t l\u1ecfng th\u1ee7y l\u1ef1c \u0111\u01b0\u1ee3c b\u01a1m v\u00e0o xi lanh, c\u00e1c \u1ed1ng n\u00e0y s\u1ebd k\u00e9o d\u00e0i v\u00e0 thu l\u1ea1i \u0111\u1ec3 n\u00e2ng v\u00e0 h\u1ea1 t\u1ea3i.<\/li>\n<li><strong>\u1ee8ng d\u1ee5ng:<\/strong> Xi lanh \u1ed1ng l\u1ed3ng ng\u01b0\u1ee3c \u0111\u01b0\u1ee3c s\u1eed d\u1ee5ng r\u1ed9ng r\u00e3i trong nhi\u1ec1u \u1ee9ng d\u1ee5ng kh\u00e1c nhau, bao g\u1ed3m xe ben v\u00e0 r\u01a1 mo\u00f3c, thi\u1ebft b\u1ecb n\u00f4ng nghi\u1ec7p v\u00e0 m\u00e1y m\u00f3c x\u00e2y d\u1ef1ng. Trong xe ben, lo\u1ea1i xi lanh n\u00e0y th\u01b0\u1eddng \u0111\u01b0\u1ee3c s\u1eed d\u1ee5ng \u0111\u1ec3 n\u00e2ng v\u00e0 h\u1ea1 s\u00e0n xe \u0111\u1ec3 \u0111\u1ed5 v\u1eadt li\u1ec7u. Trong thi\u1ebft b\u1ecb n\u00f4ng nghi\u1ec7p, n\u00f3 c\u00f3 th\u1ec3 \u0111\u01b0\u1ee3c s\u1eed d\u1ee5ng \u0111\u1ec3 n\u00e2ng v\u00e0 di chuy\u1ec3n c\u00e1c v\u1eadt n\u1eb7ng, ch\u1eb3ng h\u1ea1n nh\u01b0 ki\u1ec7n c\u1ecf kh\u00f4. Trong m\u00e1y m\u00f3c x\u00e2y d\u1ef1ng, n\u00f3 th\u01b0\u1eddng \u0111\u01b0\u1ee3c s\u1eed d\u1ee5ng \u0111\u1ec3 \u0111\u00e0o v\u00e0 \u0111\u00e0o \u0111\u1ea5t.<\/li>\n<li><strong>B\u1ea2O TR\u00cc:<\/strong> \u0110\u1ec3 \u0111\u1ea3m b\u1ea3o hi\u1ec7u su\u1ea5t v\u00e0 tu\u1ed5i th\u1ecd t\u1ed1i \u01b0u, xi lanh \u1ed1ng l\u1ed3ng \u0111\u1ea3o ng\u01b0\u1ee3c c\u1ea7n \u0111\u01b0\u1ee3c b\u1ea3o d\u01b0\u1ee1ng th\u01b0\u1eddng xuy\u00ean. Vi\u1ec7c n\u00e0y bao g\u1ed3m ki\u1ec3m tra xem xi lanh c\u00f3 b\u1ecb r\u00f2 r\u1ec9 v\u00e0 h\u01b0 h\u1ecfng kh\u00f4ng, thay th\u1ebf ph\u1edbt b\u1ecb m\u00f2n ho\u1eb7c h\u01b0 h\u1ecfng, v\u00e0 b\u00f4i tr\u01a1n c\u00e1c b\u1ed9 ph\u1eadn chuy\u1ec3n \u0111\u1ed9ng. Vi\u1ec7c b\u1ea3o d\u01b0\u1ee1ng \u0111\u00fang c\u00e1ch c\u00f3 th\u1ec3 gi\u00fap ng\u0103n ng\u1eeba chi ph\u00ed s\u1eeda ch\u1eefa t\u1ed1n k\u00e9m v\u00e0 th\u1eddi gian ng\u1eebng ho\u1ea1t \u0111\u1ed9ng, c\u0169ng nh\u01b0 k\u00e9o d\u00e0i tu\u1ed5i th\u1ecd c\u1ee7a xi lanh.<\/li>\n<li><strong>Ph\u1ea7n k\u1ebft lu\u1eadn:<\/strong> Xi lanh th\u1ee7y l\u1ef1c d\u1ea1ng \u1ed1ng l\u1ed3ng ng\u01b0\u1ee3c l\u00e0 m\u1ed9t lo\u1ea1i xi lanh th\u1ee7y l\u1ef1c \u0111a n\u0103ng v\u00e0 \u0111\u00e1ng tin c\u1eady, \u0111\u01b0\u1ee3c s\u1eed d\u1ee5ng r\u1ed9ng r\u00e3i trong nhi\u1ec1u \u1ee9ng d\u1ee5ng c\u00f4ng nghi\u1ec7p. Thi\u1ebft k\u1ebf nh\u1ecf g\u1ecdn, h\u00e0nh tr\u00ecnh d\u00e0i v\u00e0 l\u1ef1c t\u00e1c \u0111\u1ed9ng l\u1edbn khi\u1ebfn n\u00f3 tr\u1edf n\u00ean l\u00fd t\u01b0\u1edfng cho c\u00e1c ho\u1ea1t \u0111\u1ed9ng n\u1eb7ng nh\u1ecdc, ch\u1eb3ng h\u1ea1n nh\u01b0 tr\u00ean xe ben v\u00e0 xe k\u00e9o. V\u1edbi vi\u1ec7c b\u1ea3o tr\u00ec \u0111\u00fang c\u00e1ch, lo\u1ea1i xi lanh n\u00e0y c\u00f3 th\u1ec3 mang l\u1ea1i hi\u1ec7u su\u1ea5t tuy\u1ec7t v\u1eddi v\u00e0 tu\u1ed5i th\u1ecd cao trong nhi\u1ec1u n\u0103m.<\/li>\n<\/ul>\n<h3>Gi\u1edbi thi\u1ec7u v\u1ec1 FMP<\/h3>\n<p>FMP l\u00e0 c\u00f4ng ty chuy\u00ean s\u1ea3n xu\u1ea5t v\u00e0 kinh doanh xi lanh th\u1ee7y l\u1ef1c. V\u1edbi kinh nghi\u1ec7m d\u00e0y d\u1eb7n trong ng\u00e0nh v\u00e0 \u0111\u1ed9i ng\u0169 chuy\u00ean nghi\u1ec7p, ch\u00fang t\u00f4i cam k\u1ebft cung c\u1ea5p cho kh\u00e1ch h\u00e0ng nh\u1eefng xi lanh th\u1ee7y l\u1ef1c ch\u1ea5t l\u01b0\u1ee3ng cao v\u00e0 \u0111\u00e1ng tin c\u1eady.<\/p>\n<p><img decoding=\"async\" src=\"https:\/\/fmp-components.com\/wp-content\/uploads\/2024\/12\/Adjustable-Clevis-Type-Cylinders-6.webp\" alt=\"Xi lanh lo\u1ea1i Clevis c\u00f3 th\u1ec3 \u0111i\u1ec1u ch\u1ec9nh\" width=\"840\" title=\"\"><\/p>\n<p>1. S\u1ea3n ph\u1ea9m ch\u1ea5t l\u01b0\u1ee3ng cao: T\u1ea1i FMP, ch\u00fang t\u00f4i t\u1ef1 h\u00e0o cung c\u1ea5p c\u00e1c xi lanh th\u1ee7y l\u1ef1c h\u00e0ng \u0111\u1ea7u, b\u1ec1n b\u1ec9 theo th\u1eddi gian. S\u1ea3n ph\u1ea9m c\u1ee7a ch\u00fang t\u00f4i tr\u1ea3i qua c\u00e1c bi\u1ec7n ph\u00e1p ki\u1ec3m so\u00e1t ch\u1ea5t l\u01b0\u1ee3ng nghi\u00eam ng\u1eb7t \u0111\u1ec3 \u0111\u1ea3m b\u1ea3o \u0111\u1ed9 b\u1ec1n v\u00e0 hi\u1ec7u su\u1ea5t.<\/p>\n<p>2. Nhi\u1ec1u l\u1ef1a ch\u1ecdn: Ch\u00fang t\u00f4i cung c\u1ea5p \u0111a d\u1ea1ng c\u00e1c lo\u1ea1i xi lanh th\u1ee7y l\u1ef1c \u0111\u1ec3 \u0111\u00e1p \u1ee9ng nhu c\u1ea7u c\u1ee5 th\u1ec3 c\u1ee7a kh\u00e1ch h\u00e0ng. Cho d\u00f9 b\u1ea1n c\u1ea7n xi lanh lo\u1ea1i ch\u1ed1t \u0111i\u1ec1u ch\u1ec9nh, xi lanh thanh gi\u1eb1ng hay xi lanh h\u00e0n, ch\u00fang t\u00f4i \u0111\u1ec1u c\u00f3 th\u1ec3 \u0111\u00e1p \u1ee9ng.<\/p>\n<p>3. Ti\u00eau chu\u1ea9n Ch\u1ea5t l\u01b0\u1ee3ng Nghi\u00eam ng\u1eb7t: Ch\u00fang t\u00f4i duy tr\u00ec m\u1ed1i quan h\u1ec7 \u0111\u1ed1i t\u00e1c l\u00e2u d\u00e0i v\u00e0 \u1ed5n \u0111\u1ecbnh v\u1edbi c\u00e1c nh\u00e0 cung c\u1ea5p uy t\u00edn \u0111\u1ec3 \u0111\u1ea3m b\u1ea3o t\u1ea5t c\u1ea3 xi lanh th\u1ee7y l\u1ef1c c\u1ee7a ch\u00fang t\u00f4i \u0111\u1ec1u \u0111\u00e1p \u1ee9ng c\u00e1c ti\u00eau chu\u1ea9n ch\u1ea5t l\u01b0\u1ee3ng nghi\u00eam ng\u1eb7t. M\u1ed7i s\u1ea3n ph\u1ea9m \u0111\u1ec1u \u0111\u01b0\u1ee3c ki\u1ec3m tra k\u1ef9 l\u01b0\u1ee1ng tr\u01b0\u1edbc khi giao \u0111\u1ebfn tay kh\u00e1ch h\u00e0ng.<\/p>\n<p>4. \u0110\u1ed9i ng\u0169 b\u00e1n h\u00e0ng chuy\u00ean nghi\u1ec7p: \u0110\u1ed9i ng\u0169 b\u00e1n h\u00e0ng gi\u00e0u kinh nghi\u1ec7m v\u00e0 am hi\u1ec3u c\u1ee7a ch\u00fang t\u00f4i lu\u00f4n s\u1eb5n s\u00e0ng t\u01b0 v\u1ea5n s\u1ea3n ph\u1ea9m chuy\u00ean nghi\u1ec7p v\u00e0 \u0111\u01b0a ra nh\u1eefng g\u1ee3i \u00fd mua h\u00e0ng th\u00f4ng minh \u0111\u1ec3 \u0111\u1ea3m b\u1ea3o s\u1ef1 h\u00e0i l\u00f2ng c\u1ee7a kh\u00e1ch h\u00e0ng.<\/p>\n<p>5. H\u1ec7 th\u1ed1ng h\u1eadu c\u1ea7n hi\u1ec7u qu\u1ea3: Ch\u00fang t\u00f4i hi\u1ec3u t\u1ea7m quan tr\u1ecdng c\u1ee7a vi\u1ec7c giao h\u00e0ng \u0111\u00fang h\u1ea1n. V\u1edbi h\u1ec7 th\u1ed1ng ph\u00e2n ph\u1ed1i h\u1eadu c\u1ea7n hi\u1ec7u qu\u1ea3, ch\u00fang t\u00f4i \u0111\u1ea3m b\u1ea3o kh\u00e1ch h\u00e0ng nh\u1eadn \u0111\u01b0\u1ee3c xi lanh th\u1ee7y l\u1ef1c theo y\u00eau c\u1ea7u m\u1ed9t c\u00e1ch nhanh ch\u00f3ng v\u00e0 ch\u00ednh x\u00e1c.<\/p>\n<p>H\u00e3y ch\u1ecdn FMP cho nhu c\u1ea7u xi lanh th\u1ee7y l\u1ef1c c\u1ee7a b\u1ea1n v\u00e0 tr\u1ea3i nghi\u1ec7m ch\u1ea5t l\u01b0\u1ee3ng v\u00e0 \u0111\u1ed9 tin c\u1eady gi\u00fap ch\u00fang t\u00f4i v\u01b0\u1ee3t tr\u1ed9i so v\u1edbi \u0111\u1ed1i th\u1ee7 c\u1ea1nh tranh. Li\u00ean h\u1ec7 v\u1edbi ch\u00fang t\u00f4i ngay h\u00f4m nay \u0111\u1ec3 b\u1eaft \u0111\u1ea7u m\u1ed9t m\u1ed1i quan h\u1ec7 h\u1ee3p t\u00e1c hi\u1ec7u qu\u1ea3.<\/p>\n<p>T\u00e1c gi\u1ea3: CX<\/p>","protected":false},"excerpt":{"rendered":"<p>The Factory Serving Long Stroke Dump Trailer Hydraulic Cylinder for Dump Truck is an innovative, high-quality product designed to meet the needs of the modern dump truck industry. With its durable construction and versatile design, this hydraulic cylinder is the ideal solution for dump truck operators who demand the very best. Featuring a long stroke [&hellip;]<\/p>","protected":false},"featured_media":1678,"comment_status":"closed","ping_status":"closed","template":"","meta":{"_et_pb_use_builder":"","_et_pb_old_content":"","_et_gb_content_width":""},"product_brand":[],"product_cat":[45],"product_tag":[34,48],"class_list":{"0":"post-1677","1":"product","2":"type-product","3":"status-publish","4":"has-post-thumbnail","6":"product_cat-inverted-telescopic-cylinder","7":"product_tag-hydraulic-cylinder","8":"product_tag-inverted-telescopic-cylinder","10":"first","11":"instock","12":"product-type-simple"},"_links":{"self":[{"href":"https:\/\/fmp-components.com\/vi\/wp-json\/wp\/v2\/product\/1677","targetHints":{"allow":["GET"]}}],"collection":[{"href":"https:\/\/fmp-components.com\/vi\/wp-json\/wp\/v2\/product"}],"about":[{"href":"https:\/\/fmp-components.com\/vi\/wp-json\/wp\/v2\/types\/product"}],"replies":[{"embeddable":true,"href":"https:\/\/fmp-components.com\/vi\/wp-json\/wp\/v2\/comments?post=1677"}],"wp:featuredmedia":[{"embeddable":true,"href":"https:\/\/fmp-components.com\/vi\/wp-json\/wp\/v2\/media\/1678"}],"wp:attachment":[{"href":"https:\/\/fmp-components.com\/vi\/wp-json\/wp\/v2\/media?parent=1677"}],"wp:term":[{"taxonomy":"product_brand","embeddable":true,"href":"https:\/\/fmp-components.com\/vi\/wp-json\/wp\/v2\/product_brand?post=1677"},{"taxonomy":"product_cat","embeddable":true,"href":"https:\/\/fmp-components.com\/vi\/wp-json\/wp\/v2\/product_cat?post=1677"},{"taxonomy":"product_tag","embeddable":true,"href":"https:\/\/fmp-components.com\/vi\/wp-json\/wp\/v2\/product_tag?post=1677"}],"curies":[{"name":"wp","href":"https:\/\/api.w.org\/{rel}","templated":true}]}}