{"id":1663,"date":"2024-12-23T07:00:44","date_gmt":"2024-12-23T07:00:44","guid":{"rendered":"https:\/\/fmp-components.com\/product\/hot-sale-hydraulic-telescopic-cylinder-dump-trailer-hydraulic-cylinder\/"},"modified":"2025-03-11T06:07:26","modified_gmt":"2025-03-11T06:07:26","slug":"hot-sale-hydraulic-telescopic-cylinder-dump-trailer-hydraulic-cylinder","status":"publish","type":"product","link":"https:\/\/fmp-components.com\/vi\/product\/hot-sale-hydraulic-telescopic-cylinder-dump-trailer-hydraulic-cylinder\/","title":{"rendered":"Xe mo\u00f3c \u0111\u1ed5 xi lanh th\u1ee7y l\u1ef1c \u1ed1ng l\u1ed3ng b\u00e1n ch\u1ea1y Xi lanh th\u1ee7y l\u1ef1c"},"content":{"rendered":"<p>Xi lanh th\u1ee7y l\u1ef1c d\u1ea1ng \u1ed1ng l\u1ed3ng b\u00e1n ch\u1ea1y nh\u1ea5t d\u00e0nh cho xe mo\u00f3c ben l\u00e0 lo\u1ea1i xi lanh th\u1ee7y l\u1ef1c ch\u1ea5t l\u01b0\u1ee3ng cao \u0111\u01b0\u1ee3c thi\u1ebft k\u1ebf cho xe mo\u00f3c ben. N\u00f3 \u0111\u01b0\u1ee3c l\u00e0m t\u1eeb v\u1eadt li\u1ec7u c\u00f3 \u0111\u1ed9 b\u1ec1n cao v\u00e0 c\u00f3 kh\u1ea3 n\u0103ng ch\u1ecbu \u0111\u01b0\u1ee3c t\u1ea3i tr\u1ecdng n\u1eb7ng v\u00e0 \u0111i\u1ec1u ki\u1ec7n l\u00e0m vi\u1ec7c kh\u1eafc nghi\u1ec7t. Xi lanh th\u1ee7y l\u1ef1c n\u00e0y \u0111\u01b0\u1ee3c ch\u1ebf t\u1ea1o b\u1eb1ng c\u00f4ng ngh\u1ec7 ti\u00ean ti\u1ebfn, \u0111\u1ea3m b\u1ea3o hi\u1ec7u su\u1ea5t \u0111\u00e1ng tin c\u1eady v\u00e0 tu\u1ed5i th\u1ecd cao.<\/p>\n<p>Xi lanh th\u1ee7y l\u1ef1c d\u1ea1ng \u1ed1ng l\u1ed3ng b\u00e1n ch\u1ea1y d\u00e0nh cho xe mo\u00f3c ben c\u00f3 thi\u1ebft k\u1ebf d\u1ea1ng \u1ed1ng l\u1ed3ng cho ph\u00e9p h\u00e0nh tr\u00ecnh d\u00e0i h\u01a1n v\u00e0 chi\u1ec1u d\u00e0i thu g\u1ecdn ng\u1eafn h\u01a1n, l\u00fd t\u01b0\u1edfng cho c\u00e1c xe mo\u00f3c ben c\u00f3 kh\u00f4ng gian h\u1ea1n ch\u1ebf. N\u00f3 c\u0169ng \u0111\u01b0\u1ee3c trang b\u1ecb gio\u0103ng k\u00edn \u00e1p su\u1ea5t cao gi\u00fap ng\u0103n ng\u1eeba r\u00f2 r\u1ec9 d\u1ea7u v\u00e0 \u0111\u1ea3m b\u1ea3o ho\u1ea1t \u0111\u1ed9ng tr\u01a1n tru.<\/p>\n<p>Xi lanh th\u1ee7y l\u1ef1c n\u00e0y d\u1ec5 l\u1eafp \u0111\u1eb7t v\u00e0 b\u1ea3o tr\u00ec, l\u00e0 gi\u1ea3i ph\u00e1p ti\u1ebft ki\u1ec7m chi ph\u00ed cho ch\u1ee7 s\u1edf h\u1eefu xe mo\u00f3c t\u1ef1 \u0111\u1ed5 mu\u1ed1n n\u00e2ng cao hi\u1ec7u su\u1ea5t thi\u1ebft b\u1ecb c\u1ee7a m\u00ecnh. S\u1ea3n ph\u1ea9m c\u00f3 nhi\u1ec1u k\u00edch c\u1ee1 kh\u00e1c nhau \u0111\u1ec3 \u0111\u00e1p \u1ee9ng c\u00e1c y\u00eau c\u1ea7u kh\u00e1c nhau v\u00e0 c\u00f3 th\u1ec3 \u0111\u01b0\u1ee3c t\u00f9y ch\u1ec9nh cho ph\u00f9 h\u1ee3p v\u1edbi nhu c\u1ea7u c\u1ee5 th\u1ec3.<\/p>\n<p>Nh\u00ecn chung, Xi lanh th\u1ee7y l\u1ef1c d\u1ea1ng \u1ed1ng l\u1ed3ng b\u00e1n ch\u1ea1y nh\u1ea5t d\u00e0nh cho xe mo\u00f3c ben l\u00e0 m\u1ed9t s\u1ea3n ph\u1ea9m \u0111\u00e1ng tin c\u1eady v\u00e0 hi\u1ec7u qu\u1ea3, gi\u00fap n\u00e2ng cao hi\u1ec7u su\u1ea5t ho\u1ea1t \u0111\u1ed9ng c\u1ee7a xe mo\u00f3c ben. \u0110\u00e2y l\u00e0 m\u1ed9t kho\u1ea3n \u0111\u1ea7u t\u01b0 tuy\u1ec7t v\u1eddi cho b\u1ea5t k\u1ef3 ai mu\u1ed1n c\u1ea3i thi\u1ec7n ch\u1ee9c n\u0103ng v\u00e0 n\u0103ng su\u1ea5t ho\u1ea1t \u0111\u1ed9ng c\u1ee7a xe mo\u00f3c ben.<\/p>\n<div>\n<h2>Xi lanh th\u1ee7y l\u1ef1c d\u1ea1ng \u1ed1ng l\u1ed3ng cao c\u1ea5p d\u00e0nh cho xe mo\u00f3c ben. Xi lanh th\u1ee7y l\u1ef1c cho xe mo\u00f3c ben.<\/h2>\n<table style=\"width: 100%;\" border=\"1\" width=\"100%\" cellspacing=\"0\" cellpadding=\"0\">\n<tbody>\n<tr>\n<th>T\u00ean s\u1ea3n ph\u1ea9m<\/th>\n<td>Xi lanh th\u1ee7y l\u1ef1c d\u1ea1ng \u1ed1ng l\u1ed3ng cho xe mo\u00f3c ben t\u1ef1 \u0111\u1ed5. Xi lanh th\u1ee7y l\u1ef1c<\/td>\n<\/tr>\n<tr>\n<th>T\u00ecnh tr\u1ea1ng<\/th>\n<td>M\u1edbi<\/td>\n<\/tr>\n<tr>\n<th>V\u1eadt li\u1ec7u<\/th>\n<td>Th\u00e9p ch\u1eafc ch\u1eafn<\/td>\n<\/tr>\n<tr>\n<th>L\u1ef1c \u0111\u1ea9y t\u1ed1i \u0111a<\/th>\n<td>3000<\/td>\n<\/tr>\n<tr>\n<th>L\u1ef1c k\u00e9o t\u1ed1i \u0111a<\/th>\n<td>20 t\u1ea5n<\/td>\n<\/tr>\n<tr>\n<th>Ch\u1ee9ng nh\u1eadn<\/th>\n<td>ISO9001:2000<\/td>\n<\/tr>\n<tr>\n<th>K\u00edch th\u01b0\u1edbc l\u1ed7 khoan<\/th>\n<td>2-6 inch<\/td>\n<\/tr>\n<tr>\n<th>K\u00edch th\u01b0\u1edbc thanh<\/th>\n<td>1,125-4 inch<\/td>\n<\/tr>\n<tr>\n<th>K\u00edch th\u01b0\u1edbc n\u00e9t v\u1ebd<\/th>\n<td>6-48 inch<\/td>\n<\/tr>\n<tr>\n<th>K\u00edch th\u01b0\u1edbc ch\u00e2n c\u1eafm<\/th>\n<td>0,5-2 inch<\/td>\n<\/tr>\n<tr>\n<th>M\u00e0u s\u1eafc<\/th>\n<td>M\u00e0u \u0111en b\u00f3ng b\u1ea9y<\/td>\n<\/tr>\n<tr>\n<th>C\u00e1c ng\u00e0nh c\u00f4ng nghi\u1ec7p \u00e1p d\u1ee5ng<\/th>\n<td>Nh\u00e0 m\u00e1y s\u1ea3n xu\u1ea5t, X\u01b0\u1edfng s\u1eeda ch\u1eefa m\u00e1y m\u00f3c, Trang tr\u1ea1i, N\u0103ng l\u01b0\u1ee3ng &amp; Khai th\u00e1c, Nh\u00e0 m\u00e1y m\u00e1y m\u00f3c<\/td>\n<\/tr>\n<\/tbody>\n<\/table>\n<h2>C\u00e1c t\u00ednh n\u0103ng ch\u00ednh c\u1ee7a xi lanh th\u1ee7y l\u1ef1c d\u1ea1ng \u1ed1ng l\u1ed3ng c\u1ee7a ch\u00fang t\u00f4i<\/h2>\n<ul>\n<li>\u0110a n\u0103ng v\u00e0 c\u00f3 th\u1ec3 \u1ee9ng d\u1ee5ng trong nhi\u1ec1u ng\u00e0nh c\u00f4ng nghi\u1ec7p.<\/li>\n<li>Kh\u1ea3 n\u0103ng ch\u1ecbu t\u1ea3i v\u01b0\u1ee3t tr\u1ed9i v\u1edbi l\u1ef1c \u0111\u1ea9y t\u1ed1i \u0111a 3000 v\u00e0 l\u1ef1c k\u00e9o t\u1ed1i \u0111a 20 t\u1ea5n.<\/li>\n<li>C\u1ea5u tr\u00fac ti\u00eau chu\u1ea9n v\u00e0 h\u1ec7 th\u1ed1ng th\u1ee7y l\u1ef1c cho hi\u1ec7u su\u1ea5t t\u1ed1i \u01b0u<\/li>\n<li>\u0110\u01b0\u1ee3c ch\u1ebf t\u1ea1o t\u1eeb th\u00e9p ch\u1eafc ch\u1eafn, \u0111\u1ea3m b\u1ea3o \u0111\u1ed9 b\u1ec1n v\u00e0 tu\u1ed5i th\u1ecd cao.<\/li>\n<li>\u0110\u1ea1t ch\u1ee9ng nh\u1eadn ISO9001:2000, \u0111\u1ea3m b\u1ea3o ch\u1ea5t l\u01b0\u1ee3ng v\u00e0 tu\u00e2n th\u1ee7 c\u00e1c ti\u00eau chu\u1ea9n qu\u1ed1c t\u1ebf.<\/li>\n<\/ul>\n<p><img decoding=\"async\" src=\"https:\/\/hzpt.com\/wp-content\/uploads\/2023\/11\/Inverted-Telescopic-Cylinder-15.webp\" alt=\"\" title=\"\"><\/p>\n<h2>\u1ee8ng d\u1ee5ng c\u1ee7a xi lanh th\u1ee7y l\u1ef1c d\u1ea1ng \u1ed1ng l\u1ed3ng trong xe mo\u00f3c ben t\u1ef1 \u0111\u1ed5. Xi lanh th\u1ee7y l\u1ef1c<\/h2>\n<ul>\n<li>Nh\u00e0 m\u00e1y s\u1ea3n xu\u1ea5t v\u00e0 l\u1eafp r\u00e1p m\u00e1y m\u00f3c.<\/li>\n<li>X\u01b0\u1edfng s\u1eeda ch\u1eefa m\u00e1y m\u00f3c chuy\u00ean b\u1ea3o tr\u00ec v\u00e0 \u0111\u1ea1i tu thi\u1ebft b\u1ecb.<\/li>\n<li>Trang tr\u1ea1i d\u00e0nh cho m\u00e1y m\u00f3c n\u00f4ng nghi\u1ec7p h\u1ea1ng n\u1eb7ng<\/li>\n<li>Ng\u00e0nh c\u00f4ng nghi\u1ec7p n\u0103ng l\u01b0\u1ee3ng v\u00e0 khai th\u00e1c m\u1ecf cung c\u1ea5p thi\u1ebft b\u1ecb \u0111\u00e0o v\u00e0 khoan.<\/li>\n<li>Nh\u00e0 m\u00e1y s\u1ea3n xu\u1ea5t m\u00e1y m\u00f3c thi\u1ebft b\u1ecb c\u00f4ng nghi\u1ec7p cao c\u1ea5p.<\/li>\n<\/ul>\n<p><img decoding=\"async\" src=\"https:\/\/hzpt.com\/wp-content\/uploads\/2023\/11\/Inverted-Telescopic-Cylinder-Applications.webp\" alt=\"\u1ee8ng d\u1ee5ng c\u1ee7a xi lanh \u1ed1ng l\u1ed3ng ng\u01b0\u1ee3c\" title=\"\"><\/p>\n<h2>Nguy\u00ean l\u00fd ho\u1ea1t \u0111\u1ed9ng v\u00e0 b\u1ea3o tr\u00ec<\/h2>\n<p>Xi lanh th\u1ee7y l\u1ef1c d\u1ea1ng \u1ed1ng l\u1ed3ng ho\u1ea1t \u0111\u1ed9ng d\u1ef1a tr\u00ean nguy\u00ean l\u00fd \u0111\u01a1n gi\u1ea3n c\u1ee7a s\u1ef1 n\u00e9n ch\u1ea5t l\u1ecfng. Khi ch\u1ea5t l\u1ecfng th\u1ee7y l\u1ef1c \u0111\u01b0\u1ee3c \u0111\u01b0a v\u00e0o xi lanh qua m\u1ed9t c\u1eeda n\u1ea1p, \u00e1p su\u1ea5t \u0111\u01b0\u1ee3c t\u1ea1o ra s\u1ebd \u0111\u1ea9y c\u1ea7n piston ra ngo\u00e0i v\u00e0 t\u1ea1o ra l\u1ef1c \u0111\u1ea7u ra. L\u1ef1c m\u1ea1nh m\u1ebd n\u00e0y c\u00f3 th\u1ec3 \u0111\u01b0\u1ee3c t\u1eadn d\u1ee5ng cho nhi\u1ec1u \u1ee9ng d\u1ee5ng kh\u00e1c nhau, t\u1eeb n\u00e2ng v\u1eadt n\u1eb7ng \u0111\u1ebfn v\u1eadn h\u00e0nh m\u00e1y m\u00f3c ph\u1ee9c t\u1ea1p.<\/p>\n<p>B\u1ea3o tr\u00ec \u0111\u1ecbnh k\u1ef3 r\u1ea5t quan tr\u1ecdng \u0111\u1ec3 \u0111\u1ea3m b\u1ea3o hi\u1ec7u su\u1ea5t t\u1ed1i \u01b0u v\u00e0 tu\u1ed5i th\u1ecd c\u1ee7a thi\u1ebft b\u1ecb. \u0110i\u1ec1u n\u00e0y bao g\u1ed3m ki\u1ec3m tra th\u01b0\u1eddng xuy\u00ean \u0111\u1ec3 ph\u00e1t hi\u1ec7n b\u1ea5t k\u1ef3 d\u1ea5u hi\u1ec7u hao m\u00f2n ho\u1eb7c h\u01b0 h\u1ecfng n\u00e0o, v\u1ec7 sinh \u0111\u1ec3 lo\u1ea1i b\u1ecf b\u1ee5i b\u1ea9n v\u00e0 m\u1ea3nh v\u1ee5n, b\u00f4i tr\u01a1n \u0111\u1ec3 gi\u1ea3m ma s\u00e1t v\u00e0 ng\u0103n ng\u1eeba m\u00e0i m\u00f2n, c\u0169ng nh\u01b0 thay th\u1ebf gio\u0103ng ph\u1edbt \u0111\u1ecbnh k\u1ef3. Lu\u00f4n tham kh\u1ea3o h\u01b0\u1edbng d\u1eabn s\u1eed d\u1ee5ng c\u1ee7a nh\u00e0 s\u1ea3n xu\u1ea5t \u0111\u1ec3 bi\u1ebft h\u01b0\u1edbng d\u1eabn b\u1ea3o tr\u00ec c\u1ee5 th\u1ec3.<\/p>\n<p><img decoding=\"async\" src=\"https:\/\/hzpt.com\/wp-content\/uploads\/2023\/11\/Inverted-Telescopic-Cylinder-3.webp\" alt=\"\" title=\"\"><\/p>\n<\/div>\n<h2>H\u00ecnh tr\u1ee5 \u1ed1ng l\u1ed3ng ng\u01b0\u1ee3c<\/h2>\n<p>Xi lanh th\u1ee7y l\u1ef1c d\u1ea1ng \u1ed1ng l\u1ed3ng ng\u01b0\u1ee3c, c\u00f2n \u0111\u01b0\u1ee3c g\u1ecdi l\u00e0 xi lanh th\u1ee7y l\u1ef1c d\u1ea1ng \u1ed1ng l\u1ed3ng, l\u00e0 m\u1ed9t lo\u1ea1i thi\u1ebft b\u1ecb truy\u1ec1n \u0111\u1ed9ng th\u1ee7y l\u1ef1c th\u01b0\u1eddng \u0111\u01b0\u1ee3c s\u1eed d\u1ee5ng trong nhi\u1ec1u ng\u00e0nh c\u00f4ng nghi\u1ec7p. N\u00f3 bao g\u1ed3m m\u1ed9t lo\u1ea1t c\u00e1c \u0111o\u1ea1n h\u00ecnh tr\u1ee5 l\u1ed3ng v\u00e0o nhau, c\u00f3 th\u1ec3 k\u00e9o d\u00e0i v\u00e0 thu ng\u1eafn l\u1ea1i \u0111\u1ec3 t\u1ea1o ra chuy\u1ec3n \u0111\u1ed9ng tuy\u1ebfn t\u00ednh. C\u00e1c xi lanh n\u00e0y \u0111\u01b0\u1ee3c s\u1eed d\u1ee5ng r\u1ed9ng r\u00e3i trong c\u00e1c \u1ee9ng d\u1ee5ng c\u1ea7n m\u1ed9t h\u1ec7 th\u1ed1ng th\u1ee7y l\u1ef1c nh\u1ecf g\u1ecdn v\u00e0 hi\u1ec7u qu\u1ea3.<\/p>\n<p>Vi\u1ec7c s\u1eed d\u1ee5ng c\u00e1c \u1ed1ng tr\u1ee5 l\u1ed3ng ng\u01b0\u1ee3c c\u00f3 m\u1ed9t s\u1ed1 \u0111\u1eb7c \u0111i\u1ec3m v\u00e0 \u01b0u \u0111i\u1ec3m ch\u00ednh:<\/p>\n<ol>\n<li style=\"list-style-type: none;\">\n<ol>\n<li>Thi\u1ebft k\u1ebf hi\u1ec7u qu\u1ea3: Thi\u1ebft k\u1ebf xi lanh l\u1ed3ng nhau cho ph\u00e9p chi\u1ec1u d\u00e0i khi thu g\u1ecdn nh\u1ecf h\u01a1n so v\u1edbi c\u00e1c lo\u1ea1i xi lanh th\u1ee7y l\u1ef1c kh\u00e1c. Thi\u1ebft k\u1ebf nh\u1ecf g\u1ecdn n\u00e0y \u0111\u1eb7c bi\u1ec7t c\u00f3 l\u1ee3i trong c\u00e1c \u1ee9ng d\u1ee5ng h\u1ea1n ch\u1ebf v\u1ec1 kh\u00f4ng gian.<\/li>\n<\/ol>\n<\/li>\n<\/ol>\n<p>Xi lanh th\u1ee7y l\u1ef1c d\u1ea1ng \u1ed1ng l\u1ed3ng b\u00e1n ch\u1ea1y<\/p>\n<ol>\n<li style=\"list-style-type: none;\">\n<ol>\n<li>\u0110\u1ed9 b\u1ec1n v\u01b0\u1ee3t tr\u1ed9i: Xi lanh l\u1ed3ng ng\u01b0\u1ee3c \u0111\u01b0\u1ee3c thi\u1ebft k\u1ebf \u0111\u1ec3 ch\u1ecbu \u0111\u01b0\u1ee3c t\u1ea3i tr\u1ecdng n\u1eb7ng v\u00e0 \u00e1p su\u1ea5t cao. Vi\u1ec7c s\u1eed d\u1ee5ng v\u1eadt li\u1ec7u ch\u1ea5t l\u01b0\u1ee3ng cao v\u00e0 k\u1ef9 thu\u1eadt s\u1ea3n xu\u1ea5t ch\u00ednh x\u00e1c \u0111\u1ea3m b\u1ea3o \u0111\u1ed9 b\u1ec1n v\u00e0 \u0111\u1ed9 tin c\u1eady c\u1ee7a ch\u00fang.<\/li>\n<li>\u0110\u1ed9 \u1ed5n \u0111\u1ecbnh \u0111\u01b0\u1ee3c n\u00e2ng cao: C\u00e1c ph\u1ea7n l\u1ed3ng v\u00e0o nhau c\u1ee7a xi lanh gi\u00fap t\u0103ng c\u01b0\u1eddng \u0111\u1ed9 \u1ed5n \u0111\u1ecbnh trong qu\u00e1 tr\u00ecnh ho\u1ea1t \u0111\u1ed9ng. T\u00ednh n\u0103ng n\u00e0y r\u1ea5t quan tr\u1ecdng \u0111\u1ed1i v\u1edbi c\u00e1c \u1ee9ng d\u1ee5ng y\u00eau c\u1ea7u chuy\u1ec3n \u0111\u1ed9ng ch\u00ednh x\u00e1c v\u00e0 \u0111\u01b0\u1ee3c ki\u1ec3m so\u00e1t.<\/li>\n<li>V\u1eadn h\u00e0nh tr\u01a1n tru: Xi lanh k\u00ednh thi\u00ean v\u0103n ng\u01b0\u1ee3c s\u1eed d\u1ee5ng ch\u1ea5t l\u1ecfng th\u1ee7y l\u1ef1c \u0111\u1ec3 k\u00e9o d\u00e0i v\u00e0 thu ng\u1eafn, t\u1ea1o ra chuy\u1ec3n \u0111\u1ed9ng tr\u01a1n tru v\u00e0 \u1ed5n \u0111\u1ecbnh. \u0110i\u1ec1u n\u00e0y cho ph\u00e9p \u0111\u1ecbnh v\u1ecb ch\u00ednh x\u00e1c v\u00e0 gi\u1ea3m hao m\u00f2n h\u1ec7 th\u1ed1ng.<\/li>\n<li>H\u00e0nh tr\u00ecnh piston thay \u0111\u1ed5i: C\u00e1c xi lanh n\u00e0y cho ph\u00e9p \u0111i\u1ec1u ch\u1ec9nh h\u00e0nh tr\u00ecnh piston theo y\u00eau c\u1ea7u \u1ee9ng d\u1ee5ng c\u1ee5 th\u1ec3. Kh\u1ea3 n\u0103ng \u0111i\u1ec1u ch\u1ec9nh n\u00e0y t\u1ea1o ra c\u00e1c gi\u1ea3i ph\u00e1p t\u00f9y ch\u1ec9nh v\u00e0 n\u00e2ng cao hi\u1ec7u qu\u1ea3.<\/li>\n<li>\u1ee8ng d\u1ee5ng \u0111a d\u1ea1ng: Xi lanh th\u1ee7y l\u1ef1c d\u1ea1ng \u1ed1ng l\u1ed3ng ng\u01b0\u1ee3c \u0111\u01b0\u1ee3c \u1ee9ng d\u1ee5ng trong nhi\u1ec1u ng\u00e0nh c\u00f4ng nghi\u1ec7p kh\u00e1c nhau, bao g\u1ed3m x\u00e2y d\u1ef1ng, n\u00f4ng nghi\u1ec7p, x\u1eed l\u00fd v\u1eadt li\u1ec7u v\u00e0 v\u1eadn t\u1ea3i. Ch\u00fang th\u01b0\u1eddng \u0111\u01b0\u1ee3c s\u1eed d\u1ee5ng trong xe mo\u00f3c t\u1ef1 \u0111\u1ed5, m\u00e1y \u00e9p th\u1ee7y l\u1ef1c v\u00e0 thi\u1ebft b\u1ecb n\u00e2ng h\u1ea1.<\/li>\n<\/ol>\n<\/li>\n<\/ol>\n<p>Xi lanh th\u1ee7y l\u1ef1c r\u01a1 mo\u00f3c t\u1ef1 \u0111\u1ed5<\/p>\n<ol>\n<li>D\u1ec5 b\u1ea3o tr\u00ec: Thi\u1ebft k\u1ebf xi lanh l\u1ed3ng ng\u01b0\u1ee3c gi\u00fap \u0111\u01a1n gi\u1ea3n h\u00f3a quy tr\u00ecnh b\u1ea3o tr\u00ec. C\u00e1c ph\u1ea7n l\u1ed3ng v\u00e0o nhau c\u00f3 th\u1ec3 d\u1ec5 d\u00e0ng th\u00e1o r\u1eddi \u0111\u1ec3 ki\u1ec3m tra, s\u1eeda ch\u1eefa ho\u1eb7c thay th\u1ebf c\u00e1c b\u1ed9 ph\u1eadn, gi\u1ea3m th\u1eddi gian ng\u1eebng ho\u1ea1t \u0111\u1ed9ng.<\/li>\n<\/ol>\n<p>Nh\u00ecn chung, xi lanh th\u1ee7y l\u1ef1c d\u1ea1ng \u1ed1ng l\u1ed3ng ng\u01b0\u1ee3c l\u00e0 m\u1ed9t thi\u1ebft b\u1ecb truy\u1ec1n \u0111\u1ed9ng th\u1ee7y l\u1ef1c \u0111a n\u0103ng v\u00e0 hi\u1ec7u qu\u1ea3, mang l\u1ea1i nhi\u1ec1u l\u1ee3i \u00edch trong c\u00e1c \u1ee9ng d\u1ee5ng kh\u00e1c nhau. Thi\u1ebft k\u1ebf nh\u1ecf g\u1ecdn, \u0111\u1ed9 b\u1ec1n v\u01b0\u1ee3t tr\u1ed9i v\u00e0 ho\u1ea1t \u0111\u1ed9ng tr\u01a1n tru khi\u1ebfn n\u00f3 tr\u1edf th\u00e0nh l\u1ef1a ch\u1ecdn ph\u1ed5 bi\u1ebfn trong c\u00e1c ng\u00e0nh c\u00f4ng nghi\u1ec7p y\u00eau c\u1ea7u chuy\u1ec3n \u0111\u1ed9ng tuy\u1ebfn t\u00ednh ch\u00ednh x\u00e1c. Cho d\u00f9 \u0111\u00f3 l\u00e0 xi lanh th\u1ee7y l\u1ef1c cho xe mo\u00f3c t\u1ef1 \u0111\u1ed5 hay b\u1ea5t k\u1ef3 \u1ee9ng d\u1ee5ng n\u00e0o kh\u00e1c, c\u00e1c xi lanh n\u00e0y \u0111\u1ec1u cung c\u1ea5p hi\u1ec7u su\u1ea5t \u0111\u00e1ng tin c\u1eady v\u00e0 g\u00f3p ph\u1ea7n v\u00e0o n\u0103ng su\u1ea5t t\u1ed5ng th\u1ec3 c\u1ee7a h\u1ec7 th\u1ed1ng th\u1ee7y l\u1ef1c.<\/p>\n<h3>Gi\u1edbi thi\u1ec7u v\u1ec1 FMP \u2013 Nh\u00e0 s\u1ea3n xu\u1ea5t v\u00e0 ph\u00e2n ph\u1ed1i xi lanh th\u1ee7y l\u1ef1c chuy\u00ean nghi\u1ec7p<\/h3>\n<p>B\u1ea1n \u0111ang t\u00ecm ki\u1ebfm m\u1ed9t lo\u1ea1i xi lanh th\u1ee7y l\u1ef1c \u0111\u00e1ng tin c\u1eady v\u00e0 ch\u1ea5t l\u01b0\u1ee3ng cao cho m\u00e1y m\u00f3c x\u00e2y d\u1ef1ng c\u1ee7a m\u00ecnh? H\u00e3y \u0111\u1ebfn v\u1edbi FMP! L\u00e0 nh\u00e0 s\u1ea3n xu\u1ea5t v\u00e0 ph\u00e2n ph\u1ed1i chuy\u00ean nghi\u1ec7p c\u00e1c lo\u1ea1i ph\u1ee5 t\u00f9ng v\u00e0 m\u00e1y m\u00f3c x\u00e2y d\u1ef1ng ho\u00e0n ch\u1ec9nh, ch\u00fang t\u00f4i cung c\u1ea5p \u0111a d\u1ea1ng c\u00e1c lo\u1ea1i xi lanh th\u1ee7y l\u1ef1c \u0111\u01b0\u1ee3c thi\u1ebft k\u1ebf \u0111\u1ec3 \u0111\u00e1p \u1ee9ng nhu c\u1ea7u c\u1ee7a nhi\u1ec1u \u1ee9ng d\u1ee5ng kh\u00e1c nhau.<\/p>\n<p>Sau \u0111\u00e2y l\u00e0 m\u1ed9t s\u1ed1 l\u00fd do t\u1ea1i sao b\u1ea1n n\u00ean ch\u1ecdn xi lanh th\u1ee7y l\u1ef1c c\u1ee7a FMP:<\/p>\n<p>1. V\u1eadt li\u1ec7u ch\u1ea5t l\u01b0\u1ee3ng cao \u2013 Xi lanh th\u1ee7y l\u1ef1c c\u1ee7a ch\u00fang t\u00f4i \u0111\u01b0\u1ee3c l\u00e0m t\u1eeb v\u1eadt li\u1ec7u ch\u1ea5t l\u01b0\u1ee3ng cao, \u0111\u1ea3m b\u1ea3o \u0111\u1ed9 b\u1ec1n, \u0111\u1ed9 tin c\u1eady v\u00e0 tu\u1ed5i th\u1ecd l\u00e2u d\u00e0i. Ch\u00fang t\u00f4i nh\u1eadp kh\u1ea9u v\u1eadt li\u1ec7u t\u1eeb c\u00e1c nh\u00e0 cung c\u1ea5p ch\u1ea5t l\u01b0\u1ee3ng cao trong v\u00e0 ngo\u00e0i n\u01b0\u1edbc, tu\u00e2n th\u1ee7 c\u00e1c ti\u00eau chu\u1ea9n ki\u1ec3m so\u00e1t ch\u1ea5t l\u01b0\u1ee3ng nghi\u00eam ng\u1eb7t.<\/p>\n<p>2. Thi\u1ebft k\u1ebf t\u00f9y ch\u1ec9nh \u2013 Ch\u00fang t\u00f4i cung c\u1ea5p \u0111a d\u1ea1ng c\u00e1c m\u1eabu xi lanh th\u1ee7y l\u1ef1c v\u00e0 c\u0169ng c\u00f3 th\u1ec3 t\u00f9y ch\u1ec9nh thi\u1ebft k\u1ebf theo nhu c\u1ea7u v\u00e0 th\u00f4ng s\u1ed1 k\u1ef9 thu\u1eadt c\u1ee7a kh\u00e1ch h\u00e0ng. Cho d\u00f9 b\u1ea1n c\u1ea7n xi lanh ti\u00eau chu\u1ea9n hay gi\u1ea3i ph\u00e1p t\u00f9y ch\u1ec9nh, ch\u00fang t\u00f4i \u0111\u1ec1u c\u00f3 th\u1ec3 gi\u00fap b\u1ea1n t\u00ecm \u0111\u01b0\u1ee3c s\u1ea3n ph\u1ea9m ph\u00f9 h\u1ee3p.<\/p>\n<p>3. Ph\u1ea1m vi \u1ee9ng d\u1ee5ng r\u1ed9ng r\u00e3i \u2013 Xi lanh th\u1ee7y l\u1ef1c c\u1ee7a ch\u00fang t\u00f4i ph\u00f9 h\u1ee3p v\u1edbi nhi\u1ec1u lo\u1ea1i m\u00e1y m\u00f3c x\u00e2y d\u1ef1ng, bao g\u1ed3m m\u00e1y m\u00f3c n\u00f4ng nghi\u1ec7p, thi\u1ebft b\u1ecb c\u00f4ng nghi\u1ec7p, v.v. T\u1eeb xi lanh m\u00e1y tr\u1ed3ng tr\u1ecdt \u0111\u1ebfn xi lanh m\u00e1y \u0111\u00e0o, ch\u00fang t\u00f4i c\u00f3 s\u1ea3n ph\u1ea9m ph\u00f9 h\u1ee3p v\u1edbi nhu c\u1ea7u c\u1ee7a b\u1ea1n.<\/p>\n<p>4. T\u01b0 v\u1ea5n chuy\u00ean nghi\u1ec7p \u2013 \u0110\u1ed9i ng\u0169 b\u00e1n h\u00e0ng gi\u00e0u kinh nghi\u1ec7m c\u1ee7a ch\u00fang t\u00f4i lu\u00f4n s\u1eb5n s\u00e0ng t\u01b0 v\u1ea5n s\u1ea3n ph\u1ea9m chuy\u00ean nghi\u1ec7p v\u00e0 \u0111\u01b0a ra nh\u1eefng g\u1ee3i \u00fd mua h\u00e0ng th\u00f4ng minh. Ch\u00fang t\u00f4i lu\u00f4n c\u1eadp nh\u1eadt nh\u1eefng xu h\u01b0\u1edbng m\u1edbi nh\u1ea5t v\u00e0 nhu c\u1ea7u c\u1ee7a kh\u00e1ch h\u00e0ng trong ng\u00e0nh m\u00e1y m\u00f3c x\u00e2y d\u1ef1ng \u0111\u1ec3 \u0111\u1ea3m b\u1ea3o cung c\u1ea5p d\u1ecbch v\u1ee5 t\u1ed1t nh\u1ea5t cho kh\u00e1ch h\u00e0ng.<\/p>\n<p>5. H\u1eadu c\u1ea7n hi\u1ec7u qu\u1ea3 \u2013 Ch\u00fang t\u00f4i c\u00f3 h\u1ec7 th\u1ed1ng ph\u00e2n ph\u1ed1i h\u1eadu c\u1ea7n hi\u1ec7u qu\u1ea3 \u0111\u1ec3 \u0111\u1ea3m b\u1ea3o kh\u00e1ch h\u00e0ng nh\u1eadn \u0111\u01b0\u1ee3c c\u00e1c ph\u1ee5 t\u00f9ng c\u1ea7n thi\u1ebft m\u1ed9t c\u00e1ch k\u1ecbp th\u1eddi v\u00e0 ch\u00ednh x\u00e1c. Ch\u00fang t\u00f4i hi\u1ec3u t\u1ea7m quan tr\u1ecdng c\u1ee7a vi\u1ec7c gi\u1ea3m thi\u1ec3u th\u1eddi gian ch\u1ebft v\u00e0 \u0111\u1ea3m b\u1ea3o m\u00e1y m\u00f3c c\u1ee7a b\u1ea1n ho\u1ea1t \u0111\u1ed9ng tr\u01a1n tru.<\/p>\n<p>V\u1edbi xi lanh th\u1ee7y l\u1ef1c FMP, b\u1ea1n c\u00f3 th\u1ec3 ho\u00e0n to\u00e0n y\u00ean t\u00e2m v\u1ec1 ch\u1ea5t l\u01b0\u1ee3ng v\u00e0 \u0111\u1ed9 tin c\u1eady c\u1ee7a m\u00e1y m\u00f3c x\u00e2y d\u1ef1ng. H\u00e3y li\u00ean h\u1ec7 v\u1edbi ch\u00fang t\u00f4i ngay h\u00f4m nay \u0111\u1ec3 t\u00ecm hi\u1ec3u th\u00eam v\u1ec1 s\u1ea3n ph\u1ea9m v\u00e0 c\u00e1ch ch\u00fang t\u00f4i c\u00f3 th\u1ec3 gi\u00fap b\u1ea1n t\u00ecm ra gi\u1ea3i ph\u00e1p ph\u00f9 h\u1ee3p v\u1edbi nhu c\u1ea7u c\u1ee7a m\u00ecnh.<\/p>\n<p><img decoding=\"async\" src=\"https:\/\/fmp-components.com\/wp-content\/uploads\/2024\/12\/Adjustable-Clevis-Type-Cylinders-6.webp\" alt=\"Xi lanh lo\u1ea1i Clevis c\u00f3 th\u1ec3 \u0111i\u1ec1u ch\u1ec9nh\" width=\"833\" title=\"\"><br \/>\nT\u00e1c gi\u1ea3: CX<\/p>","protected":false},"excerpt":{"rendered":"<p>Hot Sale Hydraulic Telescopic Cylinder Dump Trailer Hydraulic Cylinder is a high-quality hydraulic cylinder designed for dump trailers. It is made of high-strength materials and is capable of withstanding heavy loads and harsh working conditions. This hydraulic cylinder is engineered with advanced technology, ensuring a reliable performance and long service life. The Hot Sale Hydraulic [&hellip;]<\/p>","protected":false},"featured_media":1664,"comment_status":"closed","ping_status":"closed","template":"","meta":{"_et_pb_use_builder":"","_et_pb_old_content":"","_et_gb_content_width":""},"product_brand":[],"product_cat":[45],"product_tag":[34,48],"class_list":{"0":"post-1663","1":"product","2":"type-product","3":"status-publish","4":"has-post-thumbnail","6":"product_cat-inverted-telescopic-cylinder","7":"product_tag-hydraulic-cylinder","8":"product_tag-inverted-telescopic-cylinder","10":"first","11":"instock","12":"product-type-simple"},"_links":{"self":[{"href":"https:\/\/fmp-components.com\/vi\/wp-json\/wp\/v2\/product\/1663","targetHints":{"allow":["GET"]}}],"collection":[{"href":"https:\/\/fmp-components.com\/vi\/wp-json\/wp\/v2\/product"}],"about":[{"href":"https:\/\/fmp-components.com\/vi\/wp-json\/wp\/v2\/types\/product"}],"replies":[{"embeddable":true,"href":"https:\/\/fmp-components.com\/vi\/wp-json\/wp\/v2\/comments?post=1663"}],"wp:featuredmedia":[{"embeddable":true,"href":"https:\/\/fmp-components.com\/vi\/wp-json\/wp\/v2\/media\/1664"}],"wp:attachment":[{"href":"https:\/\/fmp-components.com\/vi\/wp-json\/wp\/v2\/media?parent=1663"}],"wp:term":[{"taxonomy":"product_brand","embeddable":true,"href":"https:\/\/fmp-components.com\/vi\/wp-json\/wp\/v2\/product_brand?post=1663"},{"taxonomy":"product_cat","embeddable":true,"href":"https:\/\/fmp-components.com\/vi\/wp-json\/wp\/v2\/product_cat?post=1663"},{"taxonomy":"product_tag","embeddable":true,"href":"https:\/\/fmp-components.com\/vi\/wp-json\/wp\/v2\/product_tag?post=1663"}],"curies":[{"name":"wp","href":"https:\/\/api.w.org\/{rel}","templated":true}]}}