{"id":1659,"date":"2024-12-23T07:00:44","date_gmt":"2024-12-23T07:00:44","guid":{"rendered":"https:\/\/fmp-components.com\/product\/professional-5-ton-dump-trailer-cylinders-hydraulic\/"},"modified":"2025-03-11T06:07:13","modified_gmt":"2025-03-11T06:07:13","slug":"professional-5-ton-dump-trailer-cylinders-hydraulic","status":"publish","type":"product","link":"https:\/\/fmp-components.com\/vi\/product\/professional-5-ton-dump-trailer-cylinders-hydraulic\/","title":{"rendered":"Xi lanh th\u1ee7y l\u1ef1c cho xe mo\u00f3c ben chuy\u00ean nghi\u1ec7p 5 t\u1ea5n"},"content":{"rendered":"<p>Xe mo\u00f3c t\u1ef1 \u0111\u1ed5 chuy\u00ean nghi\u1ec7p 5 t\u1ea5n v\u1edbi xi lanh th\u1ee7y l\u1ef1c l\u00e0 s\u1ea3n ph\u1ea9m h\u00e0ng \u0111\u1ea7u \u0111\u01b0\u1ee3c thi\u1ebft k\u1ebf cho nhu c\u1ea7u v\u1eadn chuy\u1ec3n v\u00e0 \u0111\u1ed5 h\u00e0ng n\u1eb7ng. Xe mo\u00f3c t\u1ef1 \u0111\u1ed5 n\u00e0y ho\u00e0n h\u1ea3o cho m\u1ee5c \u0111\u00edch th\u01b0\u01a1ng m\u1ea1i v\u00e0 cung c\u1ea5p ch\u1ee9c n\u0103ng v\u01b0\u1ee3t tr\u1ed9i m\u00e0 c\u00e1c xe mo\u00f3c kh\u00e1c c\u00f9ng lo\u1ea1i kh\u00f4ng th\u1ec3 s\u00e1nh k\u1ecbp.<\/p>\n<p>M\u1ed9t trong nh\u1eefng t\u00ednh n\u0103ng n\u1ed5i b\u1eadt c\u1ee7a r\u01a1 mo\u00f3c t\u1ef1 \u0111\u1ed5 n\u00e0y l\u00e0 h\u1ec7 th\u1ed1ng xi lanh th\u1ee7y l\u1ef1c, gi\u00fap n\u00e2ng v\u00e0 \u0111\u1ed5 h\u00e0ng m\u1ed9t c\u00e1ch \u00eam \u00e1i v\u00e0 \u0111\u00e1ng tin c\u1eady. H\u1ec7 th\u1ed1ng th\u1ee7y l\u1ef1c c\u1ee7a r\u01a1 mo\u00f3c \u0111\u01b0\u1ee3c v\u1eadn h\u00e0nh b\u1edfi m\u1ed9t b\u01a1m ch\u1ea5t l\u01b0\u1ee3ng cao v\u00e0 \u0111\u01b0\u1ee3c trang b\u1ecb m\u1ed9t b\u00ecnh \u1eafc quy \u0111\u00e1ng tin c\u1eady \u0111\u1ec3 d\u1ec5 d\u00e0ng v\u1eadn h\u00e0nh.<\/p>\n<p>\u0110\u01b0\u1ee3c ch\u1ebf t\u1ea1o b\u1eb1ng th\u00e9p ch\u1ecbu l\u1ef1c cao, r\u01a1 mo\u00f3c t\u1ef1 \u0111\u1ed5 n\u00e0y c\u00f3 \u0111\u1ed9 b\u1ec1n v\u01b0\u1ee3t tr\u1ed9i. N\u00f3 c\u00f3 th\u00f9ng xe r\u1ed9ng v\u1edbi th\u00e0nh cao, r\u1ea5t ph\u00f9 h\u1ee3p \u0111\u1ec3 v\u1eadn chuy\u1ec3n kh\u1ed1i l\u01b0\u1ee3ng l\u1edbn \u0111\u1ea5t, \u0111\u00e1 v\u00e0 c\u00e1c v\u1eadt li\u1ec7u n\u1eb7ng kh\u00e1c. R\u01a1 mo\u00f3c c\u0169ng \u0111\u01b0\u1ee3c trang b\u1ecb m\u00f3c k\u00e9o ch\u1eafc ch\u1eafn \u0111\u1ec3 g\u1eafn ch\u1eb7t v\u00e0o xe t\u1ea3i ho\u1eb7c c\u00e1c ph\u01b0\u01a1ng ti\u1ec7n kh\u00e1c c\u1ee7a b\u1ea1n.<\/p>\n<table style=\"width: 100%;\" border=\"1\" width=\"100%\" cellspacing=\"0\" cellpadding=\"0\">\n<tbody>\n<tr>\n<th>T\u00ean s\u1ea3n ph\u1ea9m<\/th>\n<td>R\u01a1 mo\u00f3c t\u1ef1 \u0111\u1ed5 chuy\u00ean nghi\u1ec7p 5 t\u1ea5n v\u1edbi xi lanh th\u1ee7y l\u1ef1c<\/td>\n<\/tr>\n<tr>\n<th>T\u00ecnh tr\u1ea1ng<\/th>\n<td>M\u1edbi<\/td>\n<\/tr>\n<tr>\n<th>B\u1ea3o h\u00e0nh<\/th>\n<td>1 n\u0103m<\/td>\n<\/tr>\n<tr>\n<th>C\u00e2n n\u1eb7ng (KG)<\/th>\n<td>63<\/td>\n<\/tr>\n<tr>\n<th>V\u1eadt li\u1ec7u th\u00e2n m\u00e1y<\/th>\n<td>Th\u00e9p ch\u1eafc ch\u1eafn<\/td>\n<\/tr>\n<tr>\n<th>L\u1ef1c \u0111\u1ea9y t\u1ed1i \u0111a<\/th>\n<td>3000<\/td>\n<\/tr>\n<tr>\n<th>M\u00e0u s\u1eafc<\/th>\n<td>M\u00e0u \u0111en thanh l\u1ecbch<\/td>\n<\/tr>\n<tr>\n<th>Thi\u1ebft k\u1ebf<\/th>\n<td>H\u1ec7 th\u1ed1ng th\u1ee7y l\u1ef1c c\u1ea5u tr\u00fac xi lanh piston<\/td>\n<\/tr>\n<tr>\n<th>Hi\u1ec7u su\u1ea5t<\/th>\n<td>B\u1ec1n b\u1ec9 v\u00e0 \u0111\u00e1ng tin c\u1eady cho vi\u1ec7c v\u1eadn chuy\u1ec3n v\u00e0 \u0111\u1ed5 h\u00e0ng n\u1eb7ng.<\/td>\n<\/tr>\n<tr>\n<th>C\u00e1c ng\u00e0nh c\u00f4ng nghi\u1ec7p \u00e1p d\u1ee5ng<\/th>\n<td>Nh\u00e0 m\u00e1y s\u1ea3n xu\u1ea5t, X\u01b0\u1edfng s\u1eeda ch\u1eefa m\u00e1y m\u00f3c, Trang tr\u1ea1i, N\u0103ng l\u01b0\u1ee3ng &amp; Khai th\u00e1c, S\u1ea3n xu\u1ea5t m\u00e1y m\u00f3c, Nh\u00e0 m\u00e1y m\u00e1y m\u00f3c<\/td>\n<\/tr>\n<\/tbody>\n<\/table>\n<h2>C\u00e1c t\u00ednh n\u0103ng v\u01b0\u1ee3t tr\u1ed9i c\u1ee7a xi lanh th\u1ee7y l\u1ef1c cho r\u01a1 mo\u00f3c ben 5 t\u1ea5n<\/h2>\n<p><img decoding=\"async\" src=\"https:\/\/hzpt.com\/wp-content\/uploads\/2023\/11\/Inverted-Telescopic-Cylinder-21.webp\" alt=\"\" title=\"\"><\/p>\n<ul>\n<li><strong>C\u1ea5u tr\u00fac chu\u1ea9n:<\/strong> \u0110\u01b0\u1ee3c thi\u1ebft k\u1ebf v\u1edbi c\u1ea5u tr\u00fac ti\u00eau chu\u1ea9n, xi lanh piston \u0111\u1ea3m b\u1ea3o ch\u1ee9c n\u0103ng v\u00e0 hi\u1ec7u qu\u1ea3 c\u1ee7a s\u1ea3n ph\u1ea9m.<\/li>\n<li><strong>C\u00f4ng su\u1ea5t cao:<\/strong> H\u1ec7 th\u1ed1ng th\u1ee7y l\u1ef1c c\u1ee7a s\u1ea3n ph\u1ea9m n\u00e0y \u0111\u1ea3m b\u1ea3o ho\u1ea1t \u0111\u1ed9ng tr\u01a1n tru v\u00e0 hi\u1ec7u su\u1ea5t cao.<\/li>\n<li><strong>V\u1eadt li\u1ec7u ch\u1eafc ch\u1eafn:<\/strong> \u0110\u01b0\u1ee3c l\u00e0m t\u1eeb th\u00e9p, s\u1ea3n ph\u1ea9m n\u00e0y \u0111\u1ea3m b\u1ea3o \u0111\u1ed9 b\u1ec1n v\u00e0 tu\u1ed5i th\u1ecd cao.<\/li>\n<li><strong>L\u1ef1c \u0111\u1ea9y v\u00e0 l\u1ef1c k\u00e9o cao:<\/strong> V\u1edbi l\u1ef1c \u0111\u1ea9y t\u1ed1i \u0111a 3000 v\u00e0 l\u1ef1c k\u00e9o t\u1ed1i \u0111a 20 t\u1ea5n, s\u1ea3n ph\u1ea9m n\u00e0y \u0111\u1ea3m b\u1ea3o hi\u1ec7u su\u1ea5t cao trong m\u1ecdi \u0111i\u1ec1u ki\u1ec7n.<\/li>\n<li><strong>\u0110\u01b0\u1ee3c ch\u1ee9ng nh\u1eadn ISO:<\/strong> S\u1ea3n ph\u1ea9m \u0111\u1ea1t ch\u1ee9ng nh\u1eadn ISO9001:2000, \u0111\u1ea3m b\u1ea3o ch\u1ea5t l\u01b0\u1ee3ng v\u00e0 \u0111\u1ed9 tin c\u1eady.<\/li>\n<\/ul>\n<h2>\u1ee8ng d\u1ee5ng c\u1ee7a xi lanh th\u1ee7y l\u1ef1c cho r\u01a1 mo\u00f3c ben 5 t\u1ea5n<\/h2>\n<ul>\n<li style=\"list-style-type: none;\">\n<ul>\n<li><strong>Nh\u00e0 m\u00e1y s\u1ea3n xu\u1ea5t:<\/strong> S\u1ea3n ph\u1ea9m n\u00e0y c\u00f3 th\u1ec3 \u0111\u01b0\u1ee3c s\u1eed d\u1ee5ng trong c\u00e1c nh\u00e0 m\u00e1y s\u1ea3n xu\u1ea5t cho c\u00e1c c\u00f4ng vi\u1ec7c n\u1eb7ng nh\u1ecdc.<\/li>\n<\/ul>\n<\/li>\n<\/ul>\n<ul>\n<li><strong>C\u1eeda h\u00e0ng s\u1eeda ch\u1eefa m\u00e1y m\u00f3c:<\/strong> N\u00f3 c\u00f3 th\u1ec3 \u0111\u01b0\u1ee3c s\u1eed d\u1ee5ng trong c\u00e1c x\u01b0\u1edfng s\u1eeda ch\u1eefa m\u00e1y m\u00f3c \u0111\u1ec3 s\u1eeda ch\u1eefa v\u00e0 b\u1ea3o d\u01b0\u1ee1ng.<\/li>\n<li><strong>Trang tr\u1ea1i:<\/strong> S\u1ea3n ph\u1ea9m n\u00e0y ph\u00f9 h\u1ee3p v\u1edbi nhi\u1ec1u c\u00f4ng vi\u1ec7c n\u00f4ng nghi\u1ec7p \u0111\u00f2i h\u1ecfi n\u00e2ng v\u00e0 \u0111\u1ed5 v\u1eadt n\u1eb7ng.<\/li>\n<li><strong>N\u0103ng l\u01b0\u1ee3ng v\u00e0 Khai kho\u00e1ng:<\/strong> S\u1ea3n ph\u1ea9m n\u00e0y c\u00f3 th\u1ec3 \u0111\u01b0\u1ee3c s\u1eed d\u1ee5ng trong ng\u00e0nh n\u0103ng l\u01b0\u1ee3ng v\u00e0 khai th\u00e1c m\u1ecf cho c\u00f4ng t\u00e1c \u0111\u00e0o b\u1edbi v\u00e0 c\u00e1c c\u00f4ng vi\u1ec7c n\u1eb7ng nh\u1ecdc kh\u00e1c.<\/li>\n<li><strong>S\u1ea3n xu\u1ea5t m\u00e1y m\u00f3c:<\/strong> S\u1ea3n ph\u1ea9m n\u00e0y c\u00f3 th\u1ec3 \u0111\u01b0\u1ee3c s\u1eed d\u1ee5ng trong s\u1ea3n xu\u1ea5t m\u00e1y m\u00f3c \u0111\u1ec3 ch\u1ebf t\u1ea1o c\u00e1c lo\u1ea1i m\u00e1y m\u00f3c h\u1ea1ng n\u1eb7ng.<\/li>\n<\/ul>\n<p><img decoding=\"async\" src=\"https:\/\/hzpt.com\/wp-content\/uploads\/2023\/11\/Inverted-Telescopic-Cylinder-Applications.webp\" alt=\"\u1ee8ng d\u1ee5ng c\u1ee7a xi lanh \u1ed1ng l\u1ed3ng ng\u01b0\u1ee3c\" title=\"\"><\/p>\n<h2>Nguy\u00ean l\u00fd ho\u1ea1t \u0111\u1ed9ng v\u00e0 b\u1ea3o d\u01b0\u1ee1ng xi lanh th\u1ee7y l\u1ef1c c\u1ee7a r\u01a1 mo\u00f3c ben 5 t\u1ea5n.<\/h2>\n<ul>\n<li><strong>C\u1ea5u h\u00ecnh:<\/strong> C\u1ea5u tr\u00fac xi lanh piston c\u1ee7a s\u1ea3n ph\u1ea9m \u0111\u1ea3m b\u1ea3o ho\u1ea1t \u0111\u1ed9ng tr\u01a1n tru.<\/li>\n<li><strong>\u0110\u1ea7u v\u00e0o ch\u1ea5t l\u1ecfng th\u1ee7y l\u1ef1c:<\/strong> H\u1ec7 th\u1ed1ng th\u1ee7y l\u1ef1c c\u1ee7a s\u1ea3n ph\u1ea9m \u0111\u1ea3m b\u1ea3o hi\u1ec7u su\u1ea5t v\u00e0 hi\u1ec7u qu\u1ea3 t\u1ed1i \u01b0u.<\/li>\n<li><strong>L\u1ef1c \u0111\u1ea7u ra:<\/strong> V\u1edbi l\u1ef1c \u0111\u1ea9y t\u1ed1i \u0111a 3000 v\u00e0 l\u1ef1c k\u00e9o t\u1ed1i \u0111a 20 t\u1ea5n, s\u1ea3n ph\u1ea9m n\u00e0y \u0111\u1ea3m b\u1ea3o hi\u1ec7u su\u1ea5t cao trong m\u1ecdi \u0111i\u1ec1u ki\u1ec7n.<\/li>\n<li><strong>Ki\u1ec3m tra th\u01b0\u1eddng xuy\u00ean:<\/strong> S\u1ea3n ph\u1ea9m c\u1ea7n \u0111\u01b0\u1ee3c ki\u1ec3m tra th\u01b0\u1eddng xuy\u00ean \u0111\u1ec3 \u0111\u1ea3m b\u1ea3o tu\u1ed5i th\u1ecd v\u00e0 hi\u1ec7u qu\u1ea3 ho\u1ea1t \u0111\u1ed9ng.<\/li>\n<li><strong>V\u1ec7 sinh v\u00e0 b\u00f4i tr\u01a1n:<\/strong> Vi\u1ec7c v\u1ec7 sinh v\u00e0 b\u00f4i tr\u01a1n th\u01b0\u1eddng xuy\u00ean l\u00e0 c\u1ea7n thi\u1ebft \u0111\u1ec3 duy tr\u00ec ho\u1ea1t \u0111\u1ed9ng tr\u01a1n tru c\u1ee7a s\u1ea3n ph\u1ea9m.<\/li>\n<\/ul>\n<p><img decoding=\"async\" src=\"https:\/\/hzpt.com\/wp-content\/uploads\/2023\/11\/Inverted-Telescopic-Cylinder-25.webp\" alt=\"\" title=\"\"><\/p>\n<h2>H\u00ecnh tr\u1ee5 \u1ed1ng l\u1ed3ng ng\u01b0\u1ee3c<\/h2>\n<p>Xi lanh th\u1ee7y l\u1ef1c chuy\u00ean nghi\u1ec7p cho xe mo\u00f3c ben 5 t\u1ea5n \u0111\u01b0\u1ee3c thi\u1ebft k\u1ebf \u0111\u1ec3 mang l\u1ea1i hi\u1ec7u su\u1ea5t v\u00e0 \u0111\u1ed9 tin c\u1eady cao cho nhi\u1ec1u \u1ee9ng d\u1ee5ng th\u1ee7y l\u1ef1c kh\u00e1c nhau. M\u1ed9t trong nh\u1eefng lo\u1ea1i xi lanh th\u1ee7y l\u1ef1c ph\u1ed5 bi\u1ebfn nh\u1ea5t l\u00e0 xi lanh d\u1ea1ng \u1ed1ng l\u1ed3ng ng\u01b0\u1ee3c, \u0111\u01b0\u1ee3c s\u1eed d\u1ee5ng r\u1ed9ng r\u00e3i trong ng\u00e0nh x\u00e2y d\u1ef1ng, v\u1eadn t\u1ea3i v\u00e0 n\u00f4ng nghi\u1ec7p.<\/p>\n<h3>Thi\u1ebft k\u1ebf v\u00e0 ch\u1ee9c n\u0103ng<\/h3>\n<p>Xi lanh th\u1ee7y l\u1ef1c d\u1ea1ng \u1ed1ng l\u1ed3ng ng\u01b0\u1ee3c l\u00e0 m\u1ed9t lo\u1ea1i xi lanh th\u1ee7y l\u1ef1c c\u00f3 thi\u1ebft k\u1ebf \u0111\u1ed9c \u0111\u00e1o, trong \u0111\u00f3 c\u1ea7n piston n\u1eb1m \u1edf \u0111\u00e1y xi lanh, trong khi th\u00e2n xi lanh n\u1eb1m \u1edf ph\u00eda tr\u00ean. Thi\u1ebft k\u1ebf n\u00e0y cho ph\u00e9p xi lanh c\u00f3 h\u00e0nh tr\u00ecnh d\u00e0i h\u01a1n trong khi chi\u1ebfm \u00edt kh\u00f4ng gian h\u01a1n, l\u00fd t\u01b0\u1edfng cho c\u00e1c \u1ee9ng d\u1ee5ng c\u00f3 kh\u00f4ng gian h\u1ea1n ch\u1ebf.<\/p>\n<p>Xi lanh g\u1ed3m hai t\u1ea7ng, m\u1ed7i t\u1ea7ng ch\u1ee9a m\u1ed9t c\u1ee5m piston v\u00e0 xi lanh. T\u1ea7ng c\u00f3 \u0111\u01b0\u1eddng k\u00ednh l\u1edbn h\u01a1n n\u1eb1m \u1edf ph\u00eda tr\u00ean, trong khi t\u1ea7ng c\u00f3 \u0111\u01b0\u1eddng k\u00ednh nh\u1ecf h\u01a1n n\u1eb1m \u1edf ph\u00eda d\u01b0\u1edbi. Khi c\u00f3 \u00e1p su\u1ea5t th\u1ee7y l\u1ef1c t\u00e1c d\u1ee5ng, piston \u1edf t\u1ea7ng nh\u1ecf h\u01a1n s\u1ebd gi\u00e3n ra, \u0111\u1ea9y piston \u1edf t\u1ea7ng l\u1edbn h\u01a1n l\u00ean tr\u00ean, l\u00e0m cho c\u1ea7n piston gi\u00e3n ra.<\/p>\n<h3>Thu\u1eadn l\u1ee3i<\/h3>\n<p>Xi lanh th\u1ee7y l\u1ef1c d\u1ea1ng \u1ed1ng l\u1ed3ng ng\u01b0\u1ee3c mang l\u1ea1i m\u1ed9t s\u1ed1 \u01b0u \u0111i\u1ec3m so v\u1edbi c\u00e1c lo\u1ea1i xi lanh th\u1ee7y l\u1ef1c kh\u00e1c, bao g\u1ed3m:<\/p>\n<ul>\n<li><strong>Thi\u1ebft k\u1ebf nh\u1ecf g\u1ecdn:<\/strong> Thi\u1ebft k\u1ebf \u0111\u1ed9c \u0111\u00e1o c\u1ee7a xi lanh k\u00ednh thi\u00ean v\u0103n \u0111\u1ea3o ng\u01b0\u1ee3c cho ph\u00e9p n\u00f3 chi\u1ebfm \u00edt kh\u00f4ng gian h\u01a1n trong khi v\u1eabn cung c\u1ea5p chi\u1ec1u d\u00e0i h\u00e0nh tr\u00ecnh l\u1edbn h\u01a1n, l\u00fd t\u01b0\u1edfng cho c\u00e1c \u1ee9ng d\u1ee5ng c\u00f3 kh\u00f4ng gian h\u1ea1n ch\u1ebf.<\/li>\n<li><strong>T\u0103ng hi\u1ec7u qu\u1ea3:<\/strong> Thi\u1ebft k\u1ebf hai giai \u0111o\u1ea1n c\u1ee7a xi lanh cho ph\u00e9p n\u00f3 ho\u1ea1t \u0111\u1ed9ng hi\u1ec7u qu\u1ea3 h\u01a1n so v\u1edbi c\u00e1c lo\u1ea1i xi lanh kh\u00e1c, v\u00ec n\u00f3 gi\u1ea3m l\u01b0\u1ee3ng ch\u1ea5t l\u1ecfng c\u1ea7n thi\u1ebft \u0111\u1ec3 \u0111\u1ea9y c\u1ea7n piston ra ngo\u00e0i.<\/li>\n<li><strong>\u0110\u1ed9 \u1ed5n \u0111\u1ecbnh \u0111\u01b0\u1ee3c c\u1ea3i thi\u1ec7n:<\/strong> Xi lanh l\u1ed3ng ng\u01b0\u1ee3c mang l\u1ea1i s\u1ef1 \u1ed5n \u0111\u1ecbnh v\u00e0 kh\u1ea3 n\u0103ng \u0111i\u1ec1u khi\u1ec3n t\u1ed1t h\u01a1n so v\u1edbi c\u00e1c lo\u1ea1i xi lanh kh\u00e1c nh\u1edd tr\u1ecdng t\u00e2m th\u1ea5p v\u00e0 s\u1ef1 ph\u00e2n b\u1ed1 tr\u1ecdng l\u01b0\u1ee3ng \u0111\u01b0\u1ee3c c\u1ea3i thi\u1ec7n.<\/li>\n<li><strong>Chi ph\u00ed b\u1ea3o tr\u00ec th\u1ea5p h\u01a1n:<\/strong> Thi\u1ebft k\u1ebf xi lanh gi\u00fap gi\u1ea3m s\u1ed1 l\u01b0\u1ee3ng c\u00e1c b\u1ed9 ph\u1eadn chuy\u1ec3n \u0111\u1ed9ng, t\u1eeb \u0111\u00f3 gi\u1ea3m kh\u1ea3 n\u0103ng h\u1ecfng h\u00f3c v\u00e0 chi ph\u00ed b\u1ea3o tr\u00ec.<\/li>\n<\/ul>\n<h3>\u1ee8ng d\u1ee5ng<\/h3>\n<p>\u1ed0ng tr\u1ee5 l\u1ed3ng ng\u01b0\u1ee3c \u0111\u01b0\u1ee3c s\u1eed d\u1ee5ng r\u1ed9ng r\u00e3i trong nhi\u1ec1u \u1ee9ng d\u1ee5ng kh\u00e1c nhau, bao g\u1ed3m:<\/p>\n<ul>\n<li><strong>S\u1ef1 thi c\u00f4ng:<\/strong> Xi lanh l\u1ed3ng ng\u01b0\u1ee3c \u0111\u01b0\u1ee3c s\u1eed d\u1ee5ng trong c\u00e1c thi\u1ebft b\u1ecb x\u00e2y d\u1ef1ng, ch\u1eb3ng h\u1ea1n nh\u01b0 m\u00e1y x\u00fac, m\u00e1y \u0111\u00e0o v\u00e0 c\u1ea7n c\u1ea9u, \u0111\u1ec3 \u0111i\u1ec1u khi\u1ec3n ch\u00ednh x\u00e1c c\u00e1c t\u1ea3i tr\u1ecdng v\u00e0 ph\u1ee5 ki\u1ec7n n\u1eb7ng.<\/li>\n<li><strong>V\u1eadn t\u1ea3i:<\/strong> Xi lanh th\u1ee7y l\u1ef1c \u0111\u01b0\u1ee3c s\u1eed d\u1ee5ng trong c\u00e1c thi\u1ebft b\u1ecb v\u1eadn t\u1ea3i, ch\u1eb3ng h\u1ea1n nh\u01b0 xe t\u1ea3i t\u1ef1 \u0111\u1ed5, xe mo\u00f3c v\u00e0 xe b\u00e1n r\u01a1 mo\u00f3c, \u0111\u1ec3 cung c\u1ea5p n\u0103ng l\u01b0\u1ee3ng c\u1ea7n thi\u1ebft \u0111\u1ec3 di chuy\u1ec3n c\u00e1c t\u1ea3i tr\u1ecdng n\u1eb7ng.<\/li>\n<li><strong>N\u00f4ng nghi\u1ec7p:<\/strong> Xi lanh th\u1ee7y l\u1ef1c d\u1ea1ng \u1ed1ng l\u1ed3ng ng\u01b0\u1ee3c \u0111\u01b0\u1ee3c s\u1eed d\u1ee5ng trong c\u00e1c thi\u1ebft b\u1ecb n\u00f4ng nghi\u1ec7p, ch\u1eb3ng h\u1ea1n nh\u01b0 m\u00e1y k\u00e9o, \u0111\u1ec3 cung c\u1ea5p n\u0103ng l\u01b0\u1ee3ng c\u1ea7n thi\u1ebft \u0111\u1ec3 di chuy\u1ec3n c\u00e1c v\u1eadt n\u1eb7ng v\u00e0 c\u00e1c ph\u1ee5 ki\u1ec7n k\u00e8m theo.<\/li>\n<\/ul>\n<p>Nh\u00ecn chung, xi lanh th\u1ee7y l\u1ef1c d\u1ea1ng \u1ed1ng l\u1ed3ng ng\u01b0\u1ee3c l\u00e0 m\u1ed9t lo\u1ea1i xi lanh th\u1ee7y l\u1ef1c hi\u1ec7u qu\u1ea3 cao v\u00e0 \u0111\u00e1ng tin c\u1eady, mang l\u1ea1i nhi\u1ec1u \u01b0u \u0111i\u1ec3m so v\u1edbi c\u00e1c lo\u1ea1i xi lanh kh\u00e1c. Thi\u1ebft k\u1ebf \u0111\u1ed9c \u0111\u00e1o, c\u00f9ng v\u1edbi hi\u1ec7u su\u1ea5t v\u00e0 \u0111\u1ed9 tin c\u1eady \u0111\u01b0\u1ee3c n\u00e2ng cao, khi\u1ebfn n\u00f3 tr\u1edf th\u00e0nh l\u1ef1a ch\u1ecdn l\u00fd t\u01b0\u1edfng cho nhi\u1ec1u \u1ee9ng d\u1ee5ng th\u1ee7y l\u1ef1c kh\u00e1c nhau.<\/p>\n<h3>Gi\u1edbi thi\u1ec7u v\u1ec1 Xi lanh th\u1ee7y l\u1ef1c c\u1ee7a FMP<\/h3>\n<p>FMP chuy\u00ean cung c\u1ea5p ph\u1ee5 t\u00f9ng m\u00e1y m\u00f3c x\u00e2y d\u1ef1ng ch\u1ea5t l\u01b0\u1ee3ng cao, \u0111\u00e1ng tin c\u1eady v\u00e0 c\u00e1c gi\u1ea3i ph\u00e1p m\u00e1y m\u00f3c to\u00e0n di\u1ec7n. Xi lanh th\u1ee7y l\u1ef1c c\u1ee7a ch\u00fang t\u00f4i l\u00e0 m\u1ed9t trong nh\u1eefng s\u1ea3n ph\u1ea9m ph\u1ed5 bi\u1ebfn nh\u1ea5t trong danh m\u1ee5c s\u1ea3n ph\u1ea9m c\u1ee7a ch\u00fang t\u00f4i. D\u01b0\u1edbi \u0111\u00e2y l\u00e0 n\u0103m l\u00fd do t\u1ea1i sao b\u1ea1n n\u00ean ch\u1ecdn xi lanh th\u1ee7y l\u1ef1c c\u1ee7a FMP:<\/p>\n<ol>\n<li><strong>Ch\u1ea5t l\u01b0\u1ee3ng v\u01b0\u1ee3t tr\u1ed9i:<\/strong> Xi lanh th\u1ee7y l\u1ef1c c\u1ee7a ch\u00fang t\u00f4i \u0111\u01b0\u1ee3c l\u00e0m t\u1eeb v\u1eadt li\u1ec7u ch\u1ea5t l\u01b0\u1ee3ng cao, \u0111\u1ea3m b\u1ea3o \u0111\u1ed9 b\u1ec1n v\u00e0 tu\u1ed5i th\u1ecd l\u00e2u d\u00e0i. S\u1ea3n ph\u1ea9m \u0111\u01b0\u1ee3c thi\u1ebft k\u1ebf v\u00e0 s\u1ea3n xu\u1ea5t ch\u00ednh x\u00e1c, \u0111\u00e1p \u1ee9ng c\u00e1c ti\u00eau chu\u1ea9n ch\u1ea5t l\u01b0\u1ee3ng nghi\u00eam ng\u1eb7t, \u0111\u1ea3m b\u1ea3o ch\u1ecbu \u0111\u01b0\u1ee3c \u0111i\u1ec1u ki\u1ec7n l\u00e0m vi\u1ec7c kh\u1eafc nghi\u1ec7t.<\/li>\n<li><strong>C\u00f3 th\u1ec3 t\u00f9y ch\u1ec9nh:<\/strong> Xi lanh th\u1ee7y l\u1ef1c c\u1ee7a ch\u00fang t\u00f4i c\u00f3 th\u1ec3 t\u00f9y ch\u1ec9nh \u0111\u1ec3 \u0111\u00e1p \u1ee9ng c\u00e1c y\u00eau c\u1ea7u c\u1ee5 th\u1ec3 c\u1ee7a b\u1ea1n. Ch\u00fang t\u00f4i cung c\u1ea5p nhi\u1ec1u l\u1ef1a ch\u1ecdn, bao g\u1ed3m k\u00edch th\u01b0\u1edbc l\u1ed7, chi\u1ec1u d\u00e0i h\u00e0nh tr\u00ecnh v\u00e0 ki\u1ec3u l\u1eafp \u0111\u1eb7t. \u0110\u1ed9i ng\u0169 chuy\u00ean gia c\u1ee7a ch\u00fang t\u00f4i c\u00f3 th\u1ec3 t\u01b0 v\u1ea5n s\u1ea3n ph\u1ea9m chuy\u00ean nghi\u1ec7p v\u00e0 \u0111\u01b0a ra nh\u1eefng g\u1ee3i \u00fd mua h\u00e0ng th\u00f4ng minh \u0111\u1ec3 gi\u00fap b\u1ea1n ch\u1ecdn \u0111\u01b0\u1ee3c xi lanh th\u1ee7y l\u1ef1c ph\u00f9 h\u1ee3p v\u1edbi nhu c\u1ea7u c\u1ee7a m\u00ecnh.<\/li>\n<li><strong>C\u00e0i \u0111\u1eb7t d\u1ec5 d\u00e0ng:<\/strong> Xi lanh th\u1ee7y l\u1ef1c c\u1ee7a ch\u00fang t\u00f4i \u0111\u01b0\u1ee3c thi\u1ebft k\u1ebf \u0111\u1ec3 d\u1ec5 d\u00e0ng l\u1eafp \u0111\u1eb7t, gi\u1ea3m th\u1eddi gian ng\u1eebng ho\u1ea1t \u0111\u1ed9ng v\u00e0 t\u0103ng n\u0103ng su\u1ea5t. S\u1ea3n ph\u1ea9m c\u00f3 nhi\u1ec1u t\u00f9y ch\u1ecdn l\u1eafp \u0111\u1eb7t, d\u1ec5 d\u00e0ng l\u1eafp \u0111\u1eb7t tr\u00ean thi\u1ebft b\u1ecb c\u1ee7a b\u1ea1n.<\/li>\n<li><strong>Gi\u00e1 c\u1ea3 c\u1ea1nh tranh:<\/strong> Ch\u00fang t\u00f4i cung c\u1ea5p gi\u00e1 c\u1ea3 c\u1ea1nh tranh m\u00e0 kh\u00f4ng \u1ea3nh h\u01b0\u1edfng \u0111\u1ebfn ch\u1ea5t l\u01b0\u1ee3ng. B\u1eb1ng c\u00e1ch thi\u1ebft l\u1eadp m\u1ed1i quan h\u1ec7 h\u1ee3p t\u00e1c l\u00e2u d\u00e0i v\u00e0 \u1ed5n \u0111\u1ecbnh v\u1edbi nhi\u1ec1u nh\u00e0 cung c\u1ea5p ch\u1ea5t l\u01b0\u1ee3ng cao trong v\u00e0 ngo\u00e0i n\u01b0\u1edbc, ch\u00fang t\u00f4i \u0111\u1ea3m b\u1ea3o t\u1ea5t c\u1ea3 c\u00e1c linh ki\u1ec7n \u0111\u01b0\u1ee3c cung c\u1ea5p \u0111\u1ec1u \u0111\u00e1p \u1ee9ng c\u00e1c ti\u00eau chu\u1ea9n ch\u1ea5t l\u01b0\u1ee3ng nghi\u00eam ng\u1eb7t.<\/li>\n<li><strong>H\u1ec7 th\u1ed1ng ph\u00e2n ph\u1ed1i h\u1eadu c\u1ea7n hi\u1ec7u qu\u1ea3:<\/strong> Ch\u00fang t\u00f4i c\u00f3 h\u1ec7 th\u1ed1ng ph\u00e2n ph\u1ed1i h\u1eadu c\u1ea7n hi\u1ec7u qu\u1ea3, \u0111\u1ea3m b\u1ea3o kh\u00e1ch h\u00e0ng nh\u1eadn \u0111\u01b0\u1ee3c c\u00e1c ph\u1ee5 t\u00f9ng c\u1ea7n thi\u1ebft m\u1ed9t c\u00e1ch k\u1ecbp th\u1eddi v\u00e0 ch\u00ednh x\u00e1c. Ch\u00fang t\u00f4i h\u1ee3p t\u00e1c ch\u1eb7t ch\u1ebd v\u1edbi c\u00e1c \u0111\u1ed1i t\u00e1c h\u1eadu c\u1ea7n \u0111\u1ec3 cung c\u1ea5p d\u1ecbch v\u1ee5 giao h\u00e0ng nhanh ch\u00f3ng v\u00e0 \u0111\u00e1ng tin c\u1eady cho kh\u00e1ch h\u00e0ng tr\u00ean to\u00e0n th\u1ebf gi\u1edbi.<\/li>\n<\/ol>\n<p><img decoding=\"async\" src=\"https:\/\/fmp-components.com\/wp-content\/uploads\/2024\/12\/Adjustable-Clevis-Type-Cylinders-6.webp\" alt=\"Xi lanh lo\u1ea1i Clevis c\u00f3 th\u1ec3 \u0111i\u1ec1u ch\u1ec9nh\" width=\"831\" title=\"\"><\/p>\n<p>V\u1edbi xi lanh th\u1ee7y l\u1ef1c c\u1ee7a FMP, b\u1ea1n c\u00f3 th\u1ec3 y\u00ean t\u00e2m v\u1ec1 ch\u1ea5t l\u01b0\u1ee3ng v\u01b0\u1ee3t tr\u1ed9i, kh\u1ea3 n\u0103ng t\u00f9y ch\u1ec9nh, l\u1eafp \u0111\u1eb7t d\u1ec5 d\u00e0ng, gi\u00e1 c\u1ea3 c\u1ea1nh tranh v\u00e0 d\u1ecbch v\u1ee5 h\u1eadu c\u1ea7n hi\u1ec7u qu\u1ea3. H\u00e3y li\u00ean h\u1ec7 v\u1edbi ch\u00fang t\u00f4i ngay h\u00f4m nay \u0111\u1ec3 t\u00ecm hi\u1ec3u th\u00eam v\u1ec1 s\u1ea3n ph\u1ea9m v\u00e0 d\u1ecbch v\u1ee5, v\u00e0 \u0111\u1ec3 ch\u00fang t\u00f4i gi\u00fap b\u1ea1n t\u00ecm \u0111\u01b0\u1ee3c xi lanh th\u1ee7y l\u1ef1c ph\u00f9 h\u1ee3p v\u1edbi nhu c\u1ea7u c\u1ee7a b\u1ea1n.<\/p>\n<p>T\u00e1c gi\u1ea3: CX<\/p>","protected":false},"excerpt":{"rendered":"<p>The Professional 5 Ton Dump Trailer with Hydraulic Cylinders is a top-of-the-line product designed for heavy-duty hauling and dumping needs. This dump trailer is perfect for commercial use and offers superior functionality that is unmatched by other trailers in its class. One of the standout features of this dump trailer is its hydraulic cylinders, which [&hellip;]<\/p>","protected":false},"featured_media":1660,"comment_status":"closed","ping_status":"closed","template":"","meta":{"_et_pb_use_builder":"","_et_pb_old_content":"","_et_gb_content_width":""},"product_brand":[],"product_cat":[45],"product_tag":[34,48],"class_list":{"0":"post-1659","1":"product","2":"type-product","3":"status-publish","4":"has-post-thumbnail","6":"product_cat-inverted-telescopic-cylinder","7":"product_tag-hydraulic-cylinder","8":"product_tag-inverted-telescopic-cylinder","10":"first","11":"instock","12":"product-type-simple"},"_links":{"self":[{"href":"https:\/\/fmp-components.com\/vi\/wp-json\/wp\/v2\/product\/1659","targetHints":{"allow":["GET"]}}],"collection":[{"href":"https:\/\/fmp-components.com\/vi\/wp-json\/wp\/v2\/product"}],"about":[{"href":"https:\/\/fmp-components.com\/vi\/wp-json\/wp\/v2\/types\/product"}],"replies":[{"embeddable":true,"href":"https:\/\/fmp-components.com\/vi\/wp-json\/wp\/v2\/comments?post=1659"}],"wp:featuredmedia":[{"embeddable":true,"href":"https:\/\/fmp-components.com\/vi\/wp-json\/wp\/v2\/media\/1660"}],"wp:attachment":[{"href":"https:\/\/fmp-components.com\/vi\/wp-json\/wp\/v2\/media?parent=1659"}],"wp:term":[{"taxonomy":"product_brand","embeddable":true,"href":"https:\/\/fmp-components.com\/vi\/wp-json\/wp\/v2\/product_brand?post=1659"},{"taxonomy":"product_cat","embeddable":true,"href":"https:\/\/fmp-components.com\/vi\/wp-json\/wp\/v2\/product_cat?post=1659"},{"taxonomy":"product_tag","embeddable":true,"href":"https:\/\/fmp-components.com\/vi\/wp-json\/wp\/v2\/product_tag?post=1659"}],"curies":[{"name":"wp","href":"https:\/\/api.w.org\/{rel}","templated":true}]}}